{"id":1931,"date":"2025-01-21T12:42:10","date_gmt":"2025-01-21T11:42:10","guid":{"rendered":"https:\/\/fdasrl.it\/prodotto\/%d8%a2%d9%84%d8%a9-%d8%ad%d9%84%d8%a8-%d9%85%d8%aa%d9%86%d9%82%d9%84%d8%a9-%d9%84%d9%84%d8%a3%d8%a8%d9%82%d8%a7%d8%b1-%d8%a8%d9%85%d8%ac%d9%85%d9%88%d8%b9%d8%aa%d9%8a%d9%86\/"},"modified":"2025-01-21T12:42:10","modified_gmt":"2025-01-21T11:42:10","slug":"%d8%a2%d9%84%d8%a9-%d8%ad%d9%84%d8%a8-%d9%85%d8%aa%d9%86%d9%82%d9%84%d8%a9-%d9%84%d9%84%d8%a3%d8%a8%d9%82%d8%a7%d8%b1-%d8%a8%d9%85%d8%ac%d9%85%d9%88%d8%b9%d8%aa%d9%8a%d9%86","status":"publish","type":"product","link":"https:\/\/fdasrl.it\/ar\/prodotto\/%d8%a2%d9%84%d8%a9-%d8%ad%d9%84%d8%a8-%d9%85%d8%aa%d9%86%d9%82%d9%84%d8%a9-%d9%84%d9%84%d8%a3%d8%a8%d9%82%d8%a7%d8%b1-%d8%a8%d9%85%d8%ac%d9%85%d9%88%d8%b9%d8%aa%d9%8a%d9%86\/","title":{"rendered":"\u0622\u0644\u0629 \u062d\u0644\u0628 \u0645\u062a\u0646\u0642\u0644\u0629 \u0644\u0644\u0623\u0628\u0642\u0627\u0631 \u0628\u0645\u062c\u0645\u0648\u0639\u062a\u064a\u0646"},"content":{"rendered":"<div>\n<h3 data-start=\"228\" data-end=\"331\"><strong data-start=\"228\" data-end=\"331\">\u0622\u0644\u0629 \u062d\u0644\u0628 \u0645\u062a\u0646\u0642\u0644\u0629 \u0644\u0644\u0623\u0628\u0642\u0627\u0631 \u0628\u0645\u062c\u0645\u0648\u0639\u062a\u064a\u0646 \u0645\u0639 \u0645\u0636\u062e\u0629 \u062c\u0627\u0641\u0629 \u0648\u0648\u0639\u0627\u0621\u064a\u0646 \u0645\u0646 \u0627\u0644\u0641\u0648\u0644\u0627\u0630 \u0627\u0644\u0645\u0642\u0627\u0648\u0645 \u0644\u0644\u0635\u062f\u0623 \u0633\u0639\u0629 30 \u0644\u062a\u0631\u064b\u0627<\/strong><\/h3>\n<h4 data-start=\"333\" data-end=\"609\">\u062a\u064f\u0639\u062f \u0622\u0644\u0629 \u0627\u0644\u062d\u0644\u0628 \u0627\u0644\u0645\u062a\u0646\u0642\u0644\u0629 \u0627\u0644\u0627\u062d\u062a\u0631\u0627\u0641\u064a\u0629 \u0647\u0630\u0647 \u0627\u0644\u062d\u0644 \u0627\u0644\u0645\u062b\u0627\u0644\u064a \u0644\u0644\u0645\u0632\u0627\u0631\u0639 \u0645\u062a\u0648\u0633\u0637\u0629 \u0627\u0644\u062d\u062c\u0645 \u0627\u0644\u062a\u064a \u062a\u0628\u062d\u062b \u0639\u0646 \u0627\u0644\u0643\u0641\u0627\u0621\u0629 \u0648\u0627\u0644\u0645\u0648\u062b\u0648\u0642\u064a\u0629 \u0648\u0633\u0647\u0648\u0644\u0629 \u0627\u0644\u0627\u0633\u062a\u062e\u062f\u0627\u0645. \u0648\u0628\u0641\u0636\u0644 \u0647\u064a\u0643\u0644\u0647\u0627 \u0627\u0644\u0642\u0648\u064a \u0648\u0645\u0643\u0648\u0646\u0627\u062a\u0647\u0627 \u0639\u0627\u0644\u064a\u0629 \u0627\u0644\u062c\u0648\u062f\u0629\u060c \u0641\u0625\u0646\u0647\u0627 \u062a\u0636\u0645\u0646 \u0639\u0645\u0644\u064a\u0629 \u062d\u0644\u0628 \u0644\u0637\u064a\u0641\u0629 \u0648\u0633\u0631\u064a\u0639\u0629 \u0648\u0635\u062d\u064a\u0629. <\/h4>\n<p class=\"\" data-start=\"611\" data-end=\"645\">\ud83d\udd27 <strong data-start=\"614\" data-end=\"645\">\u0627\u0644\u0645\u064a\u0632\u0627\u062a \u0627\u0644\u0631\u0626\u064a\u0633\u064a\u0629:<\/strong><\/p>\n<ul data-start=\"647\" data-end=\"1450\">\n<li class=\"\" data-start=\"647\" data-end=\"806\">\n<p class=\"\" data-start=\"649\" data-end=\"806\"><strong data-start=\"649\" data-end=\"702\">\u0645\u0636\u062e\u0629 \u0641\u0631\u0627\u063a \u062c\u0627\u0641\u0629 \u0628\u0633\u0639\u0629 280 \u0623\u0648 400 \u0644\u062a\u0631\/\u062f\u0642\u064a\u0642\u0629<\/strong>\u060c \u0645\u062b\u0627\u0644\u064a\u0629 \u0644\u0636\u0645\u0627\u0646 \u062a\u0634\u063a\u064a\u0644 \u0645\u0633\u062a\u0645\u0631 \u0648\u0645\u0648\u062b\u0648\u0642\u060c \u062f\u0648\u0646 \u0627\u0644\u062d\u0627\u062c\u0629 \u0644\u0635\u064a\u0627\u0646\u0629 \u0627\u0644\u0632\u064a\u062a.<\/p>\n<\/li>\n<li class=\"\" data-start=\"807\" data-end=\"933\">\n<p class=\"\" data-start=\"809\" data-end=\"933\"><strong data-start=\"809\" data-end=\"851\">\u0648\u0639\u0627\u0621\u0627\u0646 \u0645\u0646 \u0627\u0644\u0641\u0648\u0644\u0627\u0630 \u0627\u0644\u0645\u0642\u0627\u0648\u0645 \u0644\u0644\u0635\u062f\u0623 \u0633\u0639\u0629 30 \u0644\u062a\u0631\u064b\u0627<\/strong>\u060c \u0645\u062a\u064a\u0646\u0627\u0646 \u0648\u0633\u0647\u0644\u0627 \u0627\u0644\u062a\u0646\u0638\u064a\u0641 \u0648\u0645\u062a\u0648\u0627\u0641\u0642\u0627\u0646 \u0645\u0639 \u0627\u0644\u0645\u0639\u0627\u064a\u064a\u0631 \u0627\u0644\u0635\u062d\u064a\u0629 \u0644\u0644\u062d\u0644\u0628.<\/p>\n<\/li>\n<li class=\"\" data-start=\"934\" data-end=\"1059\">\n<p class=\"\" data-start=\"936\" data-end=\"1059\"><strong data-start=\"936\" data-end=\"969\">\u0645\u062d\u0631\u0643 \u0623\u062d\u0627\u062f\u064a \u0627\u0644\u0637\u0648\u0631 220 \u0641\u0648\u0644\u062a \/ 0.55 \u0643\u064a\u0644\u0648 \u0648\u0627\u0637<\/strong>\u060c \u0645\u062a\u0648\u0627\u0641\u0642 \u0645\u0639 \u0627\u0644\u0627\u0633\u062a\u062e\u062f\u0627\u0645 \u0627\u0644\u0645\u0646\u0632\u0644\u064a \u0623\u0648 \u0627\u0644\u062a\u062c\u0627\u0631\u064a\u060c \u0645\u0639 \u0636\u0645\u0627\u0646 \u0623\u062f\u0627\u0621 \u0639\u0627\u0644\u064d.<\/p>\n<\/li>\n<li class=\"\" data-start=\"1060\" data-end=\"1177\">\n<p class=\"\" data-start=\"1062\" data-end=\"1177\"><strong data-start=\"1062\" data-end=\"1083\">\u062e\u0631\u0627\u0637\u064a\u0645 \u0628\u0637\u0648\u0644 2.5 \u0645\u062a\u0631<\/strong> \u0644\u0643\u0644 \u0645\u062c\u0645\u0648\u0639\u0629 \u062d\u0644\u0628\u060c \u0645\u0635\u0645\u0645\u0629 \u0644\u062a\u0648\u0641\u064a\u0631 \u062d\u0631\u064a\u0629 \u062d\u0631\u0643\u0629 \u0648\u0627\u0633\u0639\u0629 \u0623\u062b\u0646\u0627\u0621 \u0627\u0644\u0627\u0633\u062a\u062e\u062f\u0627\u0645.<\/p>\n<\/li>\n<li class=\"\" data-start=\"1178\" data-end=\"1257\">\n<p class=\"\" data-start=\"1180\" data-end=\"1257\"><strong data-start=\"1180\" data-end=\"1203\">\u062e\u0632\u0627\u0646 \u0641\u0631\u0627\u063a<\/strong> \u0645\u062f\u0645\u062c \u0644\u0636\u0645\u0627\u0646 \u0627\u0633\u062a\u0642\u0631\u0627\u0631 \u0645\u062b\u0627\u0644\u064a \u0644\u0644\u0636\u063a\u0637.<\/p>\n<\/li>\n<li class=\"\" data-start=\"1258\" data-end=\"1346\">\n<p class=\"\" data-start=\"1260\" data-end=\"1346\"><strong data-start=\"1260\" data-end=\"1281\">\u0634\u0647\u0627\u062f\u0629 CE<\/strong>\u060c \u0636\u0645\u0627\u0646 \u0644\u0644\u062c\u0648\u062f\u0629 \u0648\u0627\u0644\u0633\u0644\u0627\u0645\u0629 \u0648\u0641\u0642\u0627\u064b \u0644\u0644\u0645\u0639\u0627\u064a\u064a\u0631 \u0627\u0644\u0623\u0648\u0631\u0648\u0628\u064a\u0629.<\/p>\n<\/li>\n<li class=\"\" data-start=\"1347\" data-end=\"1450\">\n<p class=\"\" data-start=\"1349\" data-end=\"1450\"><strong data-start=\"1349\" data-end=\"1382\">\u0637\u0642\u0645 \u0641\u064f\u0631\u0634 \u0644\u0644\u062a\u0646\u0638\u064a\u0641<\/strong> \u0645\u062a\u0636\u0645\u0646\u060c \u0644\u0644\u062d\u0641\u0627\u0638 \u0639\u0644\u0649 \u0646\u0638\u0627\u0641\u0629 \u0627\u0644\u0646\u0638\u0627\u0645 \u062a\u0645\u0627\u0645\u0627\u064b \u0641\u064a \u062c\u0645\u064a\u0639 \u0627\u0644\u0623\u0648\u0642\u0627\u062a.<\/p>\n<\/li>\n<\/ul>\n<p class=\"\" data-start=\"1452\" data-end=\"1477\">\ud83d\udd29 <strong data-start=\"1455\" data-end=\"1477\">\u0627\u0644\u0645\u0644\u062d\u0642\u0627\u062a \u0627\u0644\u0645\u0634\u0645\u0648\u0644\u0629:<\/strong><\/p>\n<ul data-start=\"1479\" data-end=\"1884\">\n<li class=\"\" data-start=\"1479\" data-end=\"1532\">\n<p class=\"\" data-start=\"1481\" data-end=\"1532\">\u063a\u0645\u062f \u0645\u0646 \u0627\u0644\u0641\u0648\u0644\u0627\u0630 \u0627\u0644\u0645\u0642\u0627\u0648\u0645 \u0644\u0644\u0635\u062f\u0623 (\u0627\u0644\u0637\u0648\u0644 155 \u0645\u0644\u0645\u060c \u0627\u0644\u0641\u062a\u062d\u0629 \u00d8 16.5 \u0645\u0644\u0645)<\/p>\n<\/li>\n<li class=\"\" data-start=\"1533\" data-end=\"1585\">\n<p class=\"\" data-start=\"1535\" data-end=\"1585\">\u0645\u062c\u0645\u0639 \u062d\u0644\u064a\u0628 \u0633\u0639\u0629 250 \u0633\u0645 \u0645\u0643\u0639\u0628 \u0645\u062e\u0635\u0635 \u0644\u0644\u0623\u0628\u0642\u0627\u0631 \u0627\u0644\u062d\u0644\u0648\u0628<\/p>\n<\/li>\n<li class=\"\" data-start=\"1586\" data-end=\"1648\">\n<p class=\"\" data-start=\"1588\" data-end=\"1648\">\u0646\u0627\u0628\u0636 \u0647\u0648\u0627\u0626\u064a \u0644\u0639\u0645\u0644\u064a\u0629 \u062d\u0644\u0628 \u0641\u0639\u0627\u0644\u0629 \u0648\u0644\u0637\u064a\u0641\u0629<\/p>\n<\/li>\n<li class=\"\" data-start=\"1649\" data-end=\"1688\">\n<p class=\"\" data-start=\"1651\" data-end=\"1688\">\u0631\u064a\u0634 \u062c\u0631\u0627\u0641\u064a\u062a \u0639\u0627\u0644\u064a\u0629 \u0627\u0644\u0645\u0642\u0627\u0648\u0645\u0629<\/p>\n<\/li>\n<li class=\"\" data-start=\"1689\" data-end=\"1767\">\n<p class=\"\" data-start=\"1691\" data-end=\"1767\">\u0645\u0642\u064a\u0627\u0633 \u0641\u0631\u0627\u063a \u0648\u0635\u0645\u0627\u0645 \u062a\u0646\u0638\u064a\u0645 \u0644\u0644\u062a\u062d\u0643\u0645 \u0627\u0644\u062f\u0642\u064a\u0642 \u0641\u064a \u0627\u0644\u0636\u063a\u0637<\/p>\n<\/li>\n<li class=\"\" data-start=\"1768\" data-end=\"1797\">\n<p class=\"\" data-start=\"1770\" data-end=\"1797\">\u0635\u0646\u0628\u0648\u0631 \u062a\u0641\u0631\u064a\u063a 1\/2&#8243;<\/p>\n<\/li>\n<li class=\"\" data-start=\"1798\" data-end=\"1836\">\n<p class=\"\" data-start=\"1800\" data-end=\"1836\">\u0628\u0637\u0627\u0646\u0629 \u062d\u0644\u0628 \u0645\u062a\u0648\u0627\u0641\u0642\u0629 \u0645\u0639 DeLaval<\/p>\n<\/li>\n<li class=\"\" data-start=\"1837\" data-end=\"1884\">\n<p class=\"\" data-start=\"1839\" data-end=\"1884\">\u0645\u062c\u0645\u0648\u0639\u0629 \u062d\u0644\u0628 \u0643\u0627\u0645\u0644\u0629 \u0644\u0644\u0623\u0628\u0642\u0627\u0631 \u0627\u0644\u062d\u0644\u0648\u0628<\/p>\n<\/li>\n<\/ul>\n<p class=\"\" data-start=\"1886\" data-end=\"1984\">\ud83d\udcbc \u0645\u062b\u0627\u0644\u064a\u0629 \u0644\u0645\u0631\u0628\u064a \u0627\u0644\u0645\u0648\u0627\u0634\u064a \u0627\u0644\u0635\u063a\u0627\u0631 \u0648\u0627\u0644\u0645\u062a\u0648\u0633\u0637\u064a\u0646 \u0627\u0644\u0630\u064a\u0646 \u064a\u0631\u063a\u0628\u0648\u0646 \u0641\u064a \u0645\u0639\u062f\u0627\u062a \u0627\u062d\u062a\u0631\u0627\u0641\u064a\u0629 \u0648\u0645\u0648\u062b\u0648\u0642\u0629.<\/p>\n<\/div>\n<div><\/div>\n<div>\u0627\u0634\u062a\u0631\u0647\u0627 \u0645\u0646 <a href=\"https:\/\/fda-shop.it\/shop\/mungitura\/mungitrici-carrellate\/mungitrice-bovini\/mungitrice-bovini-a-due-gruppi-e-bidoni#\/261-tipo-motore_standard_280_litri\" target=\"_blank\" rel=\"noopener\">\u0645\u062a\u062c\u0631\u0646\u0627 \u0627\u0644\u0625\u0644\u0643\u062a\u0631\u0648\u0646\u064a<\/a><\/div>\n","protected":false},"excerpt":{"rendered":"<p>\u0622\u0644\u0629 \u062d\u0644\u0628 \u0645\u062a\u0646\u0642\u0644\u0629 \u0644\u0644\u0623\u0628\u0642\u0627\u0631 \u0628\u0645\u062c\u0645\u0648\u0639\u062a\u064a \u062d\u0644\u0628\u060c \u0645\u0636\u062e\u0629 \u062c\u0627\u0641\u0629 280 \u0623\u0648 400 \u0644\u062a\u0631\/\u062f\u0642\u064a\u0642\u0629\u060c \u0648\u0639\u0627\u0621\u0627\u0646 \u0645\u0646 \u0627\u0644\u0641\u0648\u0644\u0627\u0630 \u0627\u0644\u0645\u0642\u0627\u0648\u0645 \u0644\u0644\u0635\u062f\u0623 \u0633\u0639\u0629 30 \u0644\u062a\u0631\u064b\u0627\u060c \u0645\u062d\u0631\u0643 220 \u0641\u0648\u0644\u062a. \u0643\u0627\u0645\u0644\u0629 \u0627\u0644\u0645\u0644\u062d\u0642\u0627\u062a \u0648\u062d\u0627\u0635\u0644\u0629 \u0639\u0644\u0649 \u0634\u0647\u0627\u062f\u0629 CE. \u0645\u062b\u0627\u0644\u064a\u0629 \u0644\u0644\u0645\u0632\u0627\u0631\u0639 \u0627\u0644\u0635\u063a\u064a\u0631\u0629 \u0648\u0627\u0644\u0645\u062a\u0648\u0633\u0637\u0629.  <\/p>\n","protected":false},"featured_media":454,"comment_status":"open","ping_status":"closed","template":"","meta":{"_et_pb_use_builder":"","_et_pb_old_content":"","_et_gb_content_width":""},"product_brand":[],"product_cat":[386],"product_tag":[437],"class_list":{"0":"post-1931","1":"product","2":"type-product","3":"status-publish","4":"has-post-thumbnail","6":"product_cat-386","7":"product_tag-m1600","9":"first","10":"instock","11":"shipping-taxable","12":"product-type-simple"},"yoast_head":"<!-- This site is optimized with the Yoast SEO Premium plugin v27.5 (Yoast SEO v27.5) - https:\/\/yoast.com\/product\/yoast-seo-premium-wordpress\/ -->\n<title>\u0622\u0644\u0629 \u062d\u0644\u0628 \u0645\u062a\u0646\u0642\u0644\u0629 \u0644\u0644\u0623\u0628\u0642\u0627\u0631 \u0628\u0645\u062c\u0645\u0648\u0639\u062a\u064a\u0646 - FDA srl<\/title>\n<meta name=\"description\" content=\"\u062a\u0648\u0641\u0631 \u0622\u0644\u0629 \u062d\u0644\u0628 \u0627\u0644\u0623\u0628\u0642\u0627\u0631 \u062a\u0634\u063a\u064a\u0644\u0627\u064b \u0645\u0633\u062a\u0645\u0631\u0627\u064b \u062f\u0648\u0646 \u0627\u0644\u062d\u0627\u062c\u0629 \u0644\u0635\u064a\u0627\u0646\u0629 \u0627\u0644\u0632\u064a\u062a. \u0627\u0634\u062a\u0631\u0650 \u0627\u0644\u0622\u0646 \u0648\u062d\u0633\u0651\u0646 \u0643\u0641\u0627\u0621\u0629 \u0645\u0632\u0631\u0639\u062a\u0643! \ud83d\udd27\" \/>\n<meta name=\"robots\" content=\"index, follow, max-snippet:-1, max-image-preview:large, max-video-preview:-1\" \/>\n<link rel=\"canonical\" href=\"https:\/\/fdasrl.it\/ar\/prodotto\/%d8%a2%d9%84%d8%a9-%d8%ad%d9%84%d8%a8-%d9%85%d8%aa%d9%86%d9%82%d9%84%d8%a9-%d9%84%d9%84%d8%a3%d8%a8%d9%82%d8%a7%d8%b1-%d8%a8%d9%85%d8%ac%d9%85%d9%88%d8%b9%d8%aa%d9%8a%d9%86\/\" \/>\n<meta property=\"og:locale\" content=\"ar_AR\" \/>\n<meta property=\"og:type\" content=\"article\" \/>\n<meta property=\"og:title\" content=\"\u0622\u0644\u0629 \u062d\u0644\u0628 \u0645\u062a\u0646\u0642\u0644\u0629 \u0644\u0644\u0623\u0628\u0642\u0627\u0631 \u0628\u0645\u062c\u0645\u0648\u0639\u062a\u064a\u0646\" \/>\n<meta property=\"og:description\" content=\"\u062a\u0648\u0641\u0631 \u0622\u0644\u0629 \u062d\u0644\u0628 \u0627\u0644\u0623\u0628\u0642\u0627\u0631 \u062a\u0634\u063a\u064a\u0644\u0627\u064b \u0645\u0633\u062a\u0645\u0631\u0627\u064b \u062f\u0648\u0646 \u0627\u0644\u062d\u0627\u062c\u0629 \u0644\u0635\u064a\u0627\u0646\u0629 \u0627\u0644\u0632\u064a\u062a. \u0627\u0634\u062a\u0631\u0650 \u0627\u0644\u0622\u0646 \u0648\u062d\u0633\u0651\u0646 \u0643\u0641\u0627\u0621\u0629 \u0645\u0632\u0631\u0639\u062a\u0643! \ud83d\udd27\" \/>\n<meta property=\"og:url\" content=\"https:\/\/fdasrl.it\/ar\/prodotto\/%d8%a2%d9%84%d8%a9-%d8%ad%d9%84%d8%a8-%d9%85%d8%aa%d9%86%d9%82%d9%84%d8%a9-%d9%84%d9%84%d8%a3%d8%a8%d9%82%d8%a7%d8%b1-%d8%a8%d9%85%d8%ac%d9%85%d9%88%d8%b9%d8%aa%d9%8a%d9%86\/\" \/>\n<meta property=\"og:site_name\" content=\"FDA srl\" \/>\n<meta property=\"article:publisher\" content=\"https:\/\/www.facebook.com\/share\/1MWhFWg1Tp\/?mibextid=LQQJ4d\" \/>\n<meta property=\"og:image\" content=\"https:\/\/fdasrl.it\/wp-content\/uploads\/2025\/01\/M1600_1.jpg\" \/>\n\t<meta property=\"og:image:width\" content=\"800\" \/>\n\t<meta property=\"og:image:height\" content=\"737\" \/>\n\t<meta property=\"og:image:type\" content=\"image\/jpeg\" \/>\n<meta name=\"twitter:card\" content=\"summary_large_image\" \/>\n<meta name=\"twitter:label1\" content=\"\u0627\u0644\u0633\u0639\u0631\" \/>\n\t<meta name=\"twitter:data1\" content=\"\" \/>\n\t<meta name=\"twitter:label2\" content=\"\u0627\u0644\u062a\u0648\u0641\u0631\" \/>\n\t<meta name=\"twitter:data2\" content=\"\u0645\u062a\u0648\u0641\u0631 \u0641\u064a \u0627\u0644\u0645\u062e\u0632\u0648\u0646\" \/>\n<meta property=\"product:price:currency\" content=\"EUR\" \/>\n<meta property=\"og:availability\" content=\"instock\" \/>\n<meta property=\"product:availability\" content=\"instock\" \/>\n<meta property=\"product:retailer_item_id\" content=\"M1600\" \/>\n<meta property=\"product:condition\" content=\"new\" \/>\n<!-- \/ Yoast SEO Premium plugin. -->","yoast_head_json":{"title":"\u0622\u0644\u0629 \u062d\u0644\u0628 \u0645\u062a\u0646\u0642\u0644\u0629 \u0644\u0644\u0623\u0628\u0642\u0627\u0631 \u0628\u0645\u062c\u0645\u0648\u0639\u062a\u064a\u0646 - FDA srl","description":"\u062a\u0648\u0641\u0631 \u0622\u0644\u0629 \u062d\u0644\u0628 \u0627\u0644\u0623\u0628\u0642\u0627\u0631 \u062a\u0634\u063a\u064a\u0644\u0627\u064b \u0645\u0633\u062a\u0645\u0631\u0627\u064b \u062f\u0648\u0646 \u0627\u0644\u062d\u0627\u062c\u0629 \u0644\u0635\u064a\u0627\u0646\u0629 \u0627\u0644\u0632\u064a\u062a. \u0627\u0634\u062a\u0631\u0650 \u0627\u0644\u0622\u0646 \u0648\u062d\u0633\u0651\u0646 \u0643\u0641\u0627\u0621\u0629 \u0645\u0632\u0631\u0639\u062a\u0643! \ud83d\udd27","robots":{"index":"index","follow":"follow","max-snippet":"max-snippet:-1","max-image-preview":"max-image-preview:large","max-video-preview":"max-video-preview:-1"},"canonical":"https:\/\/fdasrl.it\/ar\/prodotto\/%d8%a2%d9%84%d8%a9-%d8%ad%d9%84%d8%a8-%d9%85%d8%aa%d9%86%d9%82%d9%84%d8%a9-%d9%84%d9%84%d8%a3%d8%a8%d9%82%d8%a7%d8%b1-%d8%a8%d9%85%d8%ac%d9%85%d9%88%d8%b9%d8%aa%d9%8a%d9%86\/","og_locale":"ar_AR","og_type":"article","og_title":"\u0622\u0644\u0629 \u062d\u0644\u0628 \u0645\u062a\u0646\u0642\u0644\u0629 \u0644\u0644\u0623\u0628\u0642\u0627\u0631 \u0628\u0645\u062c\u0645\u0648\u0639\u062a\u064a\u0646","og_description":"\u062a\u0648\u0641\u0631 \u0622\u0644\u0629 \u062d\u0644\u0628 \u0627\u0644\u0623\u0628\u0642\u0627\u0631 \u062a\u0634\u063a\u064a\u0644\u0627\u064b \u0645\u0633\u062a\u0645\u0631\u0627\u064b \u062f\u0648\u0646 \u0627\u0644\u062d\u0627\u062c\u0629 \u0644\u0635\u064a\u0627\u0646\u0629 \u0627\u0644\u0632\u064a\u062a. \u0627\u0634\u062a\u0631\u0650 \u0627\u0644\u0622\u0646 \u0648\u062d\u0633\u0651\u0646 \u0643\u0641\u0627\u0621\u0629 \u0645\u0632\u0631\u0639\u062a\u0643! \ud83d\udd27","og_url":"https:\/\/fdasrl.it\/ar\/prodotto\/%d8%a2%d9%84%d8%a9-%d8%ad%d9%84%d8%a8-%d9%85%d8%aa%d9%86%d9%82%d9%84%d8%a9-%d9%84%d9%84%d8%a3%d8%a8%d9%82%d8%a7%d8%b1-%d8%a8%d9%85%d8%ac%d9%85%d9%88%d8%b9%d8%aa%d9%8a%d9%86\/","og_site_name":"FDA srl","article_publisher":"https:\/\/www.facebook.com\/share\/1MWhFWg1Tp\/?mibextid=LQQJ4d","og_image":[{"width":800,"height":737,"url":"https:\/\/fdasrl.it\/wp-content\/uploads\/2025\/01\/M1600_1.jpg","type":"image\/jpeg"}],"twitter_card":"summary_large_image","twitter_misc":{"\u0627\u0644\u0633\u0639\u0631":"","\u0627\u0644\u062a\u0648\u0641\u0631":"\u0645\u062a\u0648\u0641\u0631 \u0641\u064a \u0627\u0644\u0645\u062e\u0632\u0648\u0646"},"schema":{"@context":"https:\/\/schema.org","@graph":[{"@type":"WebPage","@id":"https:\/\/fdasrl.it\/ar\/prodotto\/%d8%a2%d9%84%d8%a9-%d8%ad%d9%84%d8%a8-%d9%85%d8%aa%d9%86%d9%82%d9%84%d8%a9-%d9%84%d9%84%d8%a3%d8%a8%d9%82%d8%a7%d8%b1-%d8%a8%d9%85%d8%ac%d9%85%d9%88%d8%b9%d8%aa%d9%8a%d9%86\/","url":"https:\/\/fdasrl.it\/ar\/prodotto\/%d8%a2%d9%84%d8%a9-%d8%ad%d9%84%d8%a8-%d9%85%d8%aa%d9%86%d9%82%d9%84%d8%a9-%d9%84%d9%84%d8%a3%d8%a8%d9%82%d8%a7%d8%b1-%d8%a8%d9%85%d8%ac%d9%85%d9%88%d8%b9%d8%aa%d9%8a%d9%86\/","name":"\u0622\u0644\u0629 \u062d\u0644\u0628 \u0645\u062a\u0646\u0642\u0644\u0629 \u0644\u0644\u0623\u0628\u0642\u0627\u0631 \u0628\u0645\u062c\u0645\u0648\u0639\u062a\u064a\u0646 - FDA srl","isPartOf":{"@id":"https:\/\/fdasrl.it\/ar\/#website"},"primaryImageOfPage":{"@id":"https:\/\/fdasrl.it\/ar\/prodotto\/%d8%a2%d9%84%d8%a9-%d8%ad%d9%84%d8%a8-%d9%85%d8%aa%d9%86%d9%82%d9%84%d8%a9-%d9%84%d9%84%d8%a3%d8%a8%d9%82%d8%a7%d8%b1-%d8%a8%d9%85%d8%ac%d9%85%d9%88%d8%b9%d8%aa%d9%8a%d9%86\/#primaryimage"},"image":{"@id":"https:\/\/fdasrl.it\/ar\/prodotto\/%d8%a2%d9%84%d8%a9-%d8%ad%d9%84%d8%a8-%d9%85%d8%aa%d9%86%d9%82%d9%84%d8%a9-%d9%84%d9%84%d8%a3%d8%a8%d9%82%d8%a7%d8%b1-%d8%a8%d9%85%d8%ac%d9%85%d9%88%d8%b9%d8%aa%d9%8a%d9%86\/#primaryimage"},"thumbnailUrl":"https:\/\/fdasrl.it\/wp-content\/uploads\/2025\/01\/M1600_1.jpg","datePublished":"2025-01-21T11:42:10+00:00","description":"\u062a\u0648\u0641\u0631 \u0622\u0644\u0629 \u062d\u0644\u0628 \u0627\u0644\u0623\u0628\u0642\u0627\u0631 \u062a\u0634\u063a\u064a\u0644\u0627\u064b \u0645\u0633\u062a\u0645\u0631\u0627\u064b \u062f\u0648\u0646 \u0627\u0644\u062d\u0627\u062c\u0629 \u0644\u0635\u064a\u0627\u0646\u0629 \u0627\u0644\u0632\u064a\u062a. \u0627\u0634\u062a\u0631\u0650 \u0627\u0644\u0622\u0646 \u0648\u062d\u0633\u0651\u0646 \u0643\u0641\u0627\u0621\u0629 \u0645\u0632\u0631\u0639\u062a\u0643! \ud83d\udd27","breadcrumb":{"@id":"https:\/\/fdasrl.it\/ar\/prodotto\/%d8%a2%d9%84%d8%a9-%d8%ad%d9%84%d8%a8-%d9%85%d8%aa%d9%86%d9%82%d9%84%d8%a9-%d9%84%d9%84%d8%a3%d8%a8%d9%82%d8%a7%d8%b1-%d8%a8%d9%85%d8%ac%d9%85%d9%88%d8%b9%d8%aa%d9%8a%d9%86\/#breadcrumb"},"inLanguage":"ar","potentialAction":[{"@type":"ReadAction","target":["https:\/\/fdasrl.it\/ar\/prodotto\/%d8%a2%d9%84%d8%a9-%d8%ad%d9%84%d8%a8-%d9%85%d8%aa%d9%86%d9%82%d9%84%d8%a9-%d9%84%d9%84%d8%a3%d8%a8%d9%82%d8%a7%d8%b1-%d8%a8%d9%85%d8%ac%d9%85%d9%88%d8%b9%d8%aa%d9%8a%d9%86\/"]}]},{"@type":"ImageObject","inLanguage":"ar","@id":"https:\/\/fdasrl.it\/ar\/prodotto\/%d8%a2%d9%84%d8%a9-%d8%ad%d9%84%d8%a8-%d9%85%d8%aa%d9%86%d9%82%d9%84%d8%a9-%d9%84%d9%84%d8%a3%d8%a8%d9%82%d8%a7%d8%b1-%d8%a8%d9%85%d8%ac%d9%85%d9%88%d8%b9%d8%aa%d9%8a%d9%86\/#primaryimage","url":"https:\/\/fdasrl.it\/wp-content\/uploads\/2025\/01\/M1600_1.jpg","contentUrl":"https:\/\/fdasrl.it\/wp-content\/uploads\/2025\/01\/M1600_1.jpg","width":800,"height":737,"caption":"\u062d\u0644\u0627\u0628\u0629 \u0645\u062a\u0646\u0642\u0644\u0629 \u0644\u0644\u0623\u0628\u0642\u0627\u0631 \u0628\u0645\u062c\u0645\u0648\u0639\u062a\u064a\u0646"},{"@type":"BreadcrumbList","@id":"https:\/\/fdasrl.it\/ar\/prodotto\/%d8%a2%d9%84%d8%a9-%d8%ad%d9%84%d8%a8-%d9%85%d8%aa%d9%86%d9%82%d9%84%d8%a9-%d9%84%d9%84%d8%a3%d8%a8%d9%82%d8%a7%d8%b1-%d8%a8%d9%85%d8%ac%d9%85%d9%88%d8%b9%d8%aa%d9%8a%d9%86\/#breadcrumb","itemListElement":[{"@type":"ListItem","position":1,"name":"Home","item":"https:\/\/fdasrl.it\/ar\/%d8%a7%d9%84%d8%b1%d8%a6%d9%8a%d8%b3%d9%8a%d8%a9\/"},{"@type":"ListItem","position":2,"name":"\u0627\u0644\u0645\u062a\u062c\u0631","item":"https:\/\/fdasrl.it\/ar\/%d8%a7%d9%84%d9%85%d8%aa%d8%ac%d8%b1\/"},{"@type":"ListItem","position":3,"name":"\u0622\u0644\u0629 \u062d\u0644\u0628 \u0645\u062a\u0646\u0642\u0644\u0629 \u0644\u0644\u0623\u0628\u0642\u0627\u0631 \u0628\u0645\u062c\u0645\u0648\u0639\u062a\u064a\u0646"}]},{"@type":"WebSite","@id":"https:\/\/fdasrl.it\/ar\/#website","url":"https:\/\/fdasrl.it\/ar\/","name":"FDA srl","description":"Equipment for animal husbandry","publisher":{"@id":"https:\/\/fdasrl.it\/ar\/#organization"},"potentialAction":[{"@type":"SearchAction","target":{"@type":"EntryPoint","urlTemplate":"https:\/\/fdasrl.it\/ar\/?s={search_term_string}"},"query-input":{"@type":"PropertyValueSpecification","valueRequired":true,"valueName":"search_term_string"}}],"inLanguage":"ar"},{"@type":"Organization","@id":"https:\/\/fdasrl.it\/ar\/#organization","name":"FDA srl","url":"https:\/\/fdasrl.it\/ar\/","logo":{"@type":"ImageObject","inLanguage":"ar","@id":"https:\/\/fdasrl.it\/ar\/#\/schema\/logo\/image\/","url":"https:\/\/fdasrl.it\/wp-content\/uploads\/2024\/12\/Logo-FDA.png","contentUrl":"https:\/\/fdasrl.it\/wp-content\/uploads\/2024\/12\/Logo-FDA.png","width":316,"height":119,"caption":"FDA srl"},"image":{"@id":"https:\/\/fdasrl.it\/ar\/#\/schema\/logo\/image\/"},"sameAs":["https:\/\/www.facebook.com\/share\/1MWhFWg1Tp\/?mibextid=LQQJ4d","https:\/\/www.instagram.com\/fda_srl\/profilecard\/?igsh=YW5lbzJ6MWg0d21u","https:\/\/www.youtube.com\/@FDASRL_ANIMALCARE"],"description":"FDA SRL \u2013 Equipment for animal husbandry nasce con l\u2019obiettivo di offrire soluzioni affidabili e innovative per l\u2019allevamento moderno. Con anni di esperienza nel settore zootecnico, progettiamo e realizziamo attrezzature destinate al benessere animale e alla gestione efficiente delle stalle: vasche, abbeveratoi, mangiatoie e sistemi di riscaldamento pensati per durare nel tempo e semplificare il lavoro quotidiano degli allevatori. Dalla progettazione alla produzione, ogni nostro prodotto \u00e8 studiato nei minimi dettagli, testato con cura e costruito per rispondere alle esigenze reali del settore. La nostra forza \u00e8 unire artigianalit\u00e0, tecnologia e competenza tecnica per trasformare ogni progetto in una soluzione concreta e funzionale. Oggi FDA SRL \u00e8 un punto di riferimento per privati e rivenditori che cercano qualit\u00e0, affidabilit\u00e0 e innovazione nelle attrezzature per l\u2019allevamento.","email":"info@fdasrl.it","telephone":"+390522826820","legalName":"F.D.A. SRL","foundingDate":"2024-10-13","vatID":"03075840359","taxID":"03075840359","numberOfEmployees":{"@type":"QuantitativeValue","minValue":"1","maxValue":"10"}}]},"product_price_currency":"EUR","og_availability":"instock","product_availability":"instock","product_retailer_item_id":"M1600","product_condition":"new"},"_links":{"self":[{"href":"https:\/\/fdasrl.it\/ar\/wp-json\/wp\/v2\/product\/1931","targetHints":{"allow":["GET"]}}],"collection":[{"href":"https:\/\/fdasrl.it\/ar\/wp-json\/wp\/v2\/product"}],"about":[{"href":"https:\/\/fdasrl.it\/ar\/wp-json\/wp\/v2\/types\/product"}],"replies":[{"embeddable":true,"href":"https:\/\/fdasrl.it\/ar\/wp-json\/wp\/v2\/comments?post=1931"}],"wp:featuredmedia":[{"embeddable":true,"href":"https:\/\/fdasrl.it\/ar\/wp-json\/wp\/v2\/media\/454"}],"wp:attachment":[{"href":"https:\/\/fdasrl.it\/ar\/wp-json\/wp\/v2\/media?parent=1931"}],"wp:term":[{"taxonomy":"product_brand","embeddable":true,"href":"https:\/\/fdasrl.it\/ar\/wp-json\/wp\/v2\/product_brand?post=1931"},{"taxonomy":"product_cat","embeddable":true,"href":"https:\/\/fdasrl.it\/ar\/wp-json\/wp\/v2\/product_cat?post=1931"},{"taxonomy":"product_tag","embeddable":true,"href":"https:\/\/fdasrl.it\/ar\/wp-json\/wp\/v2\/product_tag?post=1931"}],"curies":[{"name":"wp","href":"https:\/\/api.w.org\/{rel}","templated":true}]}}