{"id":2039,"date":"2025-01-21T12:48:09","date_gmt":"2025-01-21T11:48:09","guid":{"rendered":"https:\/\/fdasrl.it\/prodotto\/%d8%a2%d9%84%d8%a9-%d8%ad%d9%84%d8%a8-%d9%84%d9%84%d9%85%d8%a7%d8%b9%d8%b2-%d8%a7%d9%84%d8%a3%d8%ba%d9%86%d8%a7%d9%85-%d8%a8%d9%80-4-%d9%85%d8%ac%d9%85%d9%88%d8%b9%d8%a7%d8%aa-%d9%88%d8%af%d9%84%d9%88\/"},"modified":"2025-01-21T12:48:09","modified_gmt":"2025-01-21T11:48:09","slug":"%d8%a2%d9%84%d8%a9-%d8%ad%d9%84%d8%a8-%d9%84%d9%84%d9%85%d8%a7%d8%b9%d8%b2-%d8%a7%d9%84%d8%a3%d8%ba%d9%86%d8%a7%d9%85-%d8%a8%d9%80-4-%d9%85%d8%ac%d9%85%d9%88%d8%b9%d8%a7%d8%aa-%d9%88%d8%af%d9%84%d9%88","status":"publish","type":"product","link":"https:\/\/fdasrl.it\/ar\/prodotto\/%d8%a2%d9%84%d8%a9-%d8%ad%d9%84%d8%a8-%d9%84%d9%84%d9%85%d8%a7%d8%b9%d8%b2-%d8%a7%d9%84%d8%a3%d8%ba%d9%86%d8%a7%d9%85-%d8%a8%d9%80-4-%d9%85%d8%ac%d9%85%d9%88%d8%b9%d8%a7%d8%aa-%d9%88%d8%af%d9%84%d9%88\/","title":{"rendered":"\u0622\u0644\u0629 \u062d\u0644\u0628 \u0644\u0644\u0645\u0627\u0639\u0632\/\u0627\u0644\u0623\u063a\u0646\u0627\u0645 \u0628\u0640 4 \u0645\u062c\u0645\u0648\u0639\u0627\u062a \u0648\u062f\u0644\u0648\u064a\u0646"},"content":{"rendered":"<h3>\u0622\u0644\u0629 \u062d\u0644\u0628 \u0627\u062d\u062a\u0631\u0627\u0641\u064a\u0629 \u0645\u062a\u0646\u0642\u0644\u0629 \u0645\u0646 FDA \u0644\u0644\u0645\u0627\u0639\u0632 \u0648\u0627\u0644\u0623\u063a\u0646\u0627\u0645 \u0628\u0640 4 \u0645\u062c\u0645\u0648\u0639\u0627\u062a \u0645\u0639 \u0645\u0636\u062e\u0629 \u062c\u0627\u0641\u0629 \u0648\u062f\u0644\u0648\u064a\u0646 \u0645\u0646 \u0627\u0644\u0641\u0648\u0644\u0627\u0630 \u0627\u0644\u0645\u0642\u0627\u0648\u0645 \u0644\u0644\u0635\u062f\u0623 \u0633\u0639\u0629 30 \u0644\u062a\u0631\u064b\u0627.<\/h3>\n<p class=\"\" data-start=\"138\" data-end=\"515\">\u062a\u0645 \u062a\u062c\u0647\u064a\u0632 \u0622\u0644\u0629 \u0627\u0644\u062d\u0644\u0628 <strong data-start=\"152\" data-end=\"166\">FDA M6700P<\/strong> \u0644\u0644\u0645\u0627\u0639\u0632 \u0648\u0627\u0644\u0623\u063a\u0646\u0627\u0645 \u0628\u0640 <strong data-start=\"198\" data-end=\"220\">4 \u0645\u062c\u0645\u0648\u0639\u0627\u062a \u062d\u0644\u0628<\/strong>\u060c \u0648\u0647\u064a \u0645\u062b\u0627\u0644\u064a\u0629 \u0644\u0644\u0639\u0645\u0644 \u0639\u0644\u0649 \u0639\u062f\u0629 \u062d\u064a\u0648\u0627\u0646\u0627\u062a \u0641\u064a \u0648\u0642\u062a \u0648\u0627\u062d\u062f\u060c <strong data-start=\"279\" data-end=\"316\">\u0645\u0645\u0627 \u064a\u062d\u0633\u0646 \u0627\u0644\u0648\u0642\u062a \u0648\u0627\u0644\u0645\u0648\u0627\u0631\u062f<\/strong>. \u0628\u0627\u0644\u0625\u0636\u0627\u0641\u0629 \u0625\u0644\u0649 \u0630\u0644\u0643\u060c \u0641\u0647\u064a \u0645\u062b\u0628\u062a\u0629 \u0639\u0644\u0649 <strong data-start=\"344\" data-end=\"364\">\u0647\u064a\u0643\u0644 \u0645\u062a\u0646\u0642\u0644<\/strong> \u064a\u0633\u0645\u062d \u0628\u0646\u0642\u0644\u0647\u0627 \u0628\u0633\u0647\u0648\u0644\u0629 \u0628\u064a\u0646 \u0646\u0642\u0627\u0637 \u0627\u0644\u062a\u0631\u0628\u064a\u0629 \u0627\u0644\u0645\u062e\u062a\u0644\u0641\u0629\u060c <strong data-start=\"438\" data-end=\"475\">\u0645\u0645\u0627 \u064a\u062c\u0639\u0644\u0647\u0627 \u0645\u0646\u0627\u0633\u0628\u0629 \u0628\u0634\u0643\u0644 \u062e\u0627\u0635<\/strong> \u0644\u0644\u0627\u0633\u062a\u062e\u062f\u0627\u0645 \u0641\u064a \u0627\u0644\u062d\u0638\u064a\u0631\u0629 \u0648\u0627\u0644\u0645\u0631\u0627\u0639\u064a \u0639\u0644\u0649 \u062d\u062f \u0633\u0648\u0627\u0621. <\/p>\n<p class=\"\" data-start=\"138\" data-end=\"515\">\u064a\u0639\u0645\u0644 \u0627\u0644\u0646\u0638\u0627\u0645 \u0628\u0627\u0644\u0643\u0627\u0645\u0644 \u0628\u0640 <strong data-start=\"557\" data-end=\"588\">\u0645\u0636\u062e\u0629 \u0641\u0631\u0627\u063a \u062c\u0627\u0641\u0629<\/strong>\u060c \u0645\u062a\u0648\u0641\u0631\u0629 \u0628\u062a\u0643\u0648\u064a\u0646\u064a\u0646 (280 \u0623\u0648 400 \u0644\u062a\u0631\/\u062f\u0642\u064a\u0642\u0629)\u060c <strong data-start=\"647\" data-end=\"682\">\u0644\u0644\u062a\u0643\u064a\u0641 \u0628\u0633\u0647\u0648\u0644\u0629<\/strong> \u0645\u0639 \u0627\u062d\u062a\u064a\u0627\u062c\u0627\u062a \u0627\u0644\u0625\u0646\u062a\u0627\u062c \u0627\u0644\u0645\u062e\u062a\u0644\u0641\u0629. <strong data-start=\"717\" data-end=\"732\">\u0628\u0627\u0644\u0625\u0636\u0627\u0641\u0629 \u0625\u0644\u0649 \u0630\u0644\u0643<\/strong>\u060c \u064a\u0636\u0645\u0646 \u0627\u0644\u0645\u062d\u0631\u0643 \u0627\u0644\u0643\u0647\u0631\u0628\u0627\u0626\u064a \u0623\u062d\u0627\u062f\u064a \u0627\u0644\u0637\u0648\u0631 \u0628\u0642\u062f\u0631\u0629 0.55 \u0643\u064a\u0644\u0648\u0648\u0627\u0637 &#8211; 220 \u0641\u0648\u0644\u062a <strong data-start=\"792\" data-end=\"813\">\u0627\u0633\u062a\u0647\u0644\u0627\u0643\u064b\u0627 \u0645\u0646\u062e\u0641\u0636\u064b\u0627<\/strong> \u0648 <strong data-start=\"816\" data-end=\"848\">\u0623\u0642\u0635\u0649 \u0643\u0641\u0627\u0621\u0629 \u062a\u0634\u063a\u064a\u0644\u064a\u0629<\/strong>.<\/p>\n<h5 data-start=\"138\" data-end=\"515\">\u0627\u0644\u0645\u0648\u0627\u0635\u0641\u0627\u062a \u0627\u0644\u0641\u0646\u064a\u0629 \u0627\u0644\u0631\u0626\u064a\u0633\u064a\u0629:<\/h5>\n<div>\n<ul>\n<li class=\"\" data-start=\"901\" data-end=\"955\">\n<p class=\"\" data-start=\"903\" data-end=\"955\"><strong data-start=\"903\" data-end=\"930\">\u0645\u0636\u062e\u0629 \u0641\u0631\u0627\u063a \u062c\u0627\u0641\u0629<\/strong> \u0633\u0639\u0629 280 \u0623\u0648 400 \u0644\u062a\u0631\/\u062f\u0642\u064a\u0642\u0629<\/p>\n<\/li>\n<li class=\"\" data-start=\"956\" data-end=\"1010\">\n<p class=\"\" data-start=\"958\" data-end=\"1010\"><strong data-start=\"958\" data-end=\"979\">\u0623\u0646\u0627\u0628\u064a\u0628 \u062d\u0644\u0628<\/strong> \u0628\u0637\u0648\u0644 2.5 \u0645 \u0644\u0643\u0644 \u0645\u062c\u0645\u0648\u0639\u0629<\/p>\n<\/li>\n<li class=\"\" data-start=\"1011\" data-end=\"1048\">\n<p class=\"\" data-start=\"1013\" data-end=\"1048\"><strong data-start=\"1013\" data-end=\"1036\">\u062e\u0632\u0627\u0646 \u0641\u0631\u0627\u063a<\/strong> \u0645\u062f\u0645\u062c<\/p>\n<\/li>\n<li class=\"\" data-start=\"1049\" data-end=\"1104\">\n<p class=\"\" data-start=\"1051\" data-end=\"1104\"><strong data-start=\"1051\" data-end=\"1081\">\u062f\u0644\u0648\u0627\u0646 \u0645\u0646 \u0627\u0644\u0641\u0648\u0644\u0627\u0630 \u0627\u0644\u0645\u0642\u0627\u0648\u0645 \u0644\u0644\u0635\u062f\u0623<\/strong> \u0633\u0639\u0629 30 \u0644\u062a\u0631\u064b\u0627 \u0644\u0643\u0644 \u0645\u0646\u0647\u0645\u0627<\/p>\n<\/li>\n<li class=\"\" data-start=\"1105\" data-end=\"1147\">\n<p class=\"\" data-start=\"1107\" data-end=\"1147\"><strong data-start=\"1107\" data-end=\"1126\">\u0645\u062d\u0631\u0643 \u0623\u062d\u0627\u062f\u064a \u0627\u0644\u0637\u0648\u0631<\/strong> 220 \u0641\u0648\u0644\u062a \/ 0.55 \u0643\u064a\u0644\u0648\u0648\u0627\u0637<\/p>\n<\/li>\n<li class=\"\" data-start=\"1148\" data-end=\"1210\">\n<p class=\"\" data-start=\"1150\" data-end=\"1210\"><strong data-start=\"1150\" data-end=\"1171\">\u0634\u0647\u0627\u062f\u0629 CE<\/strong>\u060c \u0645\u0637\u0627\u0628\u0642\u0629 \u0644\u0645\u0639\u0627\u064a\u064a\u0631 \u0627\u0644\u0633\u0644\u0627\u0645\u0629<\/p>\n<\/li>\n<li class=\"\" data-start=\"1211\" data-end=\"1276\">\n<p class=\"\" data-start=\"1213\" data-end=\"1276\"><strong data-start=\"1213\" data-end=\"1239\">\u0637\u0642\u0645 \u0641\u064f\u0631\u0634 \u062a\u0646\u0638\u064a\u0641 \u0645\u062a\u0636\u0645\u0646<\/strong>\u060c \u0644\u062a\u0646\u0638\u064a\u0641 \u0633\u0631\u064a\u0639 \u0648\u062f\u0642\u064a\u0642<\/p>\n<\/li>\n<\/ul>\n<div>\n<h3>\u0627\u0644\u0645\u0644\u062d\u0642\u0627\u062a:<\/h3>\n<div>&#8211; \u0645\u062c\u0645\u0648\u0639\u0629 \u062d\u0644\u0628 \u0644\u0644\u0623\u063a\u0646\u0627\u0645 \u0623\u0648 \u0627\u0644\u0645\u0627\u0639\u0632\u061b<\/div>\n<div>&#8211; \u0635\u0645\u0627\u0645 \u0646\u0635\u0641 \u0623\u0648\u062a\u0648\u0645\u0627\u062a\u064a\u0643\u064a \u0644\u0645\u062c\u0645\u0648\u0639\u0629 \u0627\u0644\u062d\u0644\u0628\u061b<\/div>\n<div>&#8211; \u0645\u062c\u0645\u0639 \u0644\u0644\u0645\u0627\u0639\u0632 \u0623\u0648 \u0627\u0644\u0623\u063a\u0646\u0627\u0645\u061b<\/div>\n<div>&#8211; \u0646\u0627\u0628\u0636 \u0647\u0648\u0627\u0626\u064a\u061b<\/div>\n<div>&#8211; \u0631\u064a\u0634 \u062c\u0631\u0627\u0641\u064a\u062a\u061b<\/div>\n<div>&#8211; \u0645\u0642\u064a\u0627\u0633 \u0641\u0631\u0627\u063a\u061b<\/div>\n<div>&#8211; \u0645\u0636\u062e\u0629 \u0641\u0631\u0627\u063a \u062c\u0627\u0641\u0629 280 \u0644\u062a\u0631\/\u062f\u0642\u064a\u0642\u0629 \u0645\u0639 \u0645\u062d\u0631\u0643 \u0643\u0647\u0631\u0628\u0627\u0626\u064a<\/div>\n<div>\u0623\u0648<\/div>\n<div>&#8211; \u0645\u0636\u062e\u0629 \u0641\u0631\u0627\u063a \u062c\u0627\u0641\u0629 400 \u0644\u062a\u0631\/\u062f\u0642\u064a\u0642\u0629 \u0645\u0639 \u0645\u062d\u0631\u0643 \u0643\u0647\u0631\u0628\u0627\u0626\u064a\u061b<\/div>\n<div>&#8211; \u0635\u0646\u0628\u0648\u0631 \u0641\u0631\u0627\u063a 1\/2 \u0628\u0648\u0635\u0629\u061b<\/div>\n<div>&#8211; \u063a\u0644\u0627\u0641 \u0633\u064a\u0644\u064a\u0643\u0648\u0646 \u0644\u0644\u0623\u063a\u0646\u0627\u0645 \u0623\u0648 \u0627\u0644\u0645\u0627\u0639\u0632\u061b<\/div>\n<div>&#8211; \u063a\u0637\u0627\u0621 \u0645\u0639\u062f\u0646\u064a\u061b<\/div>\n<div>&#8211; \u0635\u0645\u0627\u0645 \u062a\u0646\u0638\u064a\u0645 \u0627\u0644\u0641\u0631\u0627\u063a.<\/div>\n<\/div>\n<\/div>\n<div><\/div>\n<div>\u0627\u0634\u062a\u0631\u0650 \u0646\u0633\u062e\u0629 \u0627\u0644\u0645\u0627\u0639\u0632 \u0645\u0646 <a href=\"https:\/\/fda-shop.it\/shop\/mungitura\/mungitrici-carrellate\/mungitrice-capra\/mungitrice-capre-due-bidoni-latte-e-gruppi-mungitura#\/261-tipo-motore_standard_280_litri\" target=\"_blank\" rel=\"noopener\">\u0645\u062a\u062c\u0631\u0646\u0627 \u0627\u0644\u0625\u0644\u0643\u062a\u0631\u0648\u0646\u064a<\/a><\/div>\n<div>\u0627\u0634\u062a\u0631\u0650 \u0646\u0633\u062e\u0629 \u0627\u0644\u0645\u0627\u0639\u0632 \u0645\u0646 <a href=\"https:\/\/fda-shop.it\/shop\/mungitura\/mungitrici-carrellate\/mungitrice-pecore\/mungitrice-pecore-due-bidoni-e-gruppi-mungitura#\/261-tipo-motore_standard_280_litri\" target=\"_blank\" rel=\"noopener\">\u0645\u062a\u062c\u0631\u0646\u0627 \u0627\u0644\u0625\u0644\u0643\u062a\u0631\u0648\u0646\u064a<\/a><\/div>\n","protected":false},"excerpt":{"rendered":"<p>\u0622\u0644\u0629 \u062d\u0644\u0628 \u0627\u062d\u062a\u0631\u0627\u0641\u064a\u0629 \u0628\u0640 4 \u0645\u062c\u0645\u0648\u0639\u0627\u062a \u0644\u0644\u0645\u0627\u0639\u0632 \u0623\u0648 \u0627\u0644\u0623\u063a\u0646\u0627\u0645\u060c \u0645\u062b\u0627\u0644\u064a\u0629 \u0644\u0644\u0645\u0632\u0627\u0631\u0639 \u0627\u0644\u0645\u062a\u0646\u0642\u0644\u0629 \u0623\u0648 \u0627\u0644\u062d\u0638\u0627\u0626\u0631. \u0645\u0632\u0648\u062f\u0629 \u0628\u0645\u0636\u062e\u0629 \u0641\u0631\u0627\u063a \u062c\u0627\u0641\u0629 (280 \u0623\u0648 400 \u0644\u062a\u0631\/\u062f\u0642\u064a\u0642\u0629)\u060c \u0648\u062f\u0644\u0648\u064a\u0646 \u0645\u0646 \u0627\u0644\u0641\u0648\u0644\u0627\u0630 \u0627\u0644\u0645\u0642\u0627\u0648\u0645 \u0644\u0644\u0635\u062f\u0623 \u0633\u0639\u0629 30 \u0644\u062a\u0631\u064b\u0627 \u0648\u0645\u062d\u0631\u0643 \u0643\u0647\u0631\u0628\u0627\u0626\u064a \u0623\u062d\u0627\u062f\u064a \u0627\u0644\u0637\u0648\u0631 \u0628\u0642\u062f\u0631\u0629 0.55 \u0643\u064a\u0644\u0648\u0648\u0627\u0637. \u0633\u0647\u0644\u0629 \u0627\u0644\u0646\u0642\u0644 \u0648\u0645\u062b\u0627\u0644\u064a\u0629 \u0644\u062d\u0644\u0628 \u0641\u0639\u0627\u0644 \u0648\u0633\u0631\u064a\u0639 \u0648\u0635\u062d\u064a.  <\/p>\n","protected":false},"featured_media":465,"comment_status":"open","ping_status":"closed","template":"","meta":{"_et_pb_use_builder":"","_et_pb_old_content":"","_et_gb_content_width":""},"product_brand":[],"product_cat":[387,386],"product_tag":[456],"class_list":{"0":"post-2039","1":"product","2":"type-product","3":"status-publish","4":"has-post-thumbnail","6":"product_cat-387","7":"product_cat-386","8":"product_tag-m6700p","10":"first","11":"instock","12":"shipping-taxable","13":"product-type-simple"},"yoast_head":"<!-- This site is optimized with the Yoast SEO Premium plugin v27.5 (Yoast SEO v27.5) - https:\/\/yoast.com\/product\/yoast-seo-premium-wordpress\/ -->\n<title>\u0622\u0644\u0629 \u062d\u0644\u0628 \u0627\u062d\u062a\u0631\u0627\u0641\u064a\u0629 \u0645\u062a\u0646\u0642\u0644\u0629 \u0644\u0644\u0645\u0627\u0639\u0632 \u0648\u0627\u0644\u0623\u063a\u0646\u0627\u0645: \u0645\u062d\u0631\u0643 \u0642\u0648\u064a<\/title>\n<meta name=\"description\" content=\"\u0633\u0647\u0651\u0644 \u0639\u0645\u0644\u064a\u0629 \u0627\u0644\u062d\u0644\u0628 \u0645\u0639 \u0622\u0644\u0629 \u0627\u0644\u062d\u0644\u0628 \u0627\u0644\u0627\u062d\u062a\u0631\u0627\u0641\u064a\u0629 \u0627\u0644\u0645\u062a\u0646\u0642\u0644\u0629 \u0644\u0644\u0645\u0627\u0639\u0632 \u0648\u0627\u0644\u0623\u063a\u0646\u0627\u0645. \u062a\u062a\u0636\u0645\u0646 \u0643\u0644 \u0645\u0627 \u064a\u0644\u0632\u0645 \u0644\u062d\u0644\u0628 \u0641\u0639\u0627\u0644! \ud83d\udcaa\" \/>\n<meta name=\"robots\" content=\"index, follow, max-snippet:-1, max-image-preview:large, max-video-preview:-1\" \/>\n<link rel=\"canonical\" href=\"https:\/\/fdasrl.it\/ar\/prodotto\/%d8%a2%d9%84%d8%a9-%d8%ad%d9%84%d8%a8-%d9%84%d9%84%d9%85%d8%a7%d8%b9%d8%b2-%d8%a7%d9%84%d8%a3%d8%ba%d9%86%d8%a7%d9%85-%d8%a8%d9%80-4-%d9%85%d8%ac%d9%85%d9%88%d8%b9%d8%a7%d8%aa-%d9%88%d8%af%d9%84%d9%88\/\" \/>\n<meta property=\"og:locale\" content=\"ar_AR\" \/>\n<meta property=\"og:type\" content=\"article\" \/>\n<meta property=\"og:title\" content=\"\u0622\u0644\u0629 \u062d\u0644\u0628 \u0644\u0644\u0645\u0627\u0639\u0632\/\u0627\u0644\u0623\u063a\u0646\u0627\u0645 \u0628\u0640 4 \u0645\u062c\u0645\u0648\u0639\u0627\u062a \u0648\u062f\u0644\u0648\u064a\u0646\" \/>\n<meta property=\"og:description\" content=\"\u0633\u0647\u0651\u0644 \u0639\u0645\u0644\u064a\u0629 \u0627\u0644\u062d\u0644\u0628 \u0645\u0639 \u0622\u0644\u0629 \u0627\u0644\u062d\u0644\u0628 \u0627\u0644\u0627\u062d\u062a\u0631\u0627\u0641\u064a\u0629 \u0627\u0644\u0645\u062a\u0646\u0642\u0644\u0629 \u0644\u0644\u0645\u0627\u0639\u0632 \u0648\u0627\u0644\u0623\u063a\u0646\u0627\u0645. \u062a\u062a\u0636\u0645\u0646 \u0643\u0644 \u0645\u0627 \u064a\u0644\u0632\u0645 \u0644\u062d\u0644\u0628 \u0641\u0639\u0627\u0644! \ud83d\udcaa\" \/>\n<meta property=\"og:url\" content=\"https:\/\/fdasrl.it\/ar\/prodotto\/%d8%a2%d9%84%d8%a9-%d8%ad%d9%84%d8%a8-%d9%84%d9%84%d9%85%d8%a7%d8%b9%d8%b2-%d8%a7%d9%84%d8%a3%d8%ba%d9%86%d8%a7%d9%85-%d8%a8%d9%80-4-%d9%85%d8%ac%d9%85%d9%88%d8%b9%d8%a7%d8%aa-%d9%88%d8%af%d9%84%d9%88\/\" \/>\n<meta property=\"og:site_name\" content=\"FDA srl\" \/>\n<meta property=\"article:publisher\" content=\"https:\/\/www.facebook.com\/share\/1MWhFWg1Tp\/?mibextid=LQQJ4d\" \/>\n<meta property=\"og:image\" content=\"https:\/\/fdasrl.it\/wp-content\/uploads\/2025\/01\/M6700P_1.jpg\" \/>\n\t<meta property=\"og:image:width\" content=\"800\" \/>\n\t<meta property=\"og:image:height\" content=\"737\" \/>\n\t<meta property=\"og:image:type\" content=\"image\/jpeg\" \/>\n<meta name=\"twitter:card\" content=\"summary_large_image\" \/>\n<meta name=\"twitter:label1\" content=\"\u0627\u0644\u0633\u0639\u0631\" \/>\n\t<meta name=\"twitter:data1\" content=\"\" \/>\n\t<meta name=\"twitter:label2\" content=\"\u0627\u0644\u062a\u0648\u0641\u0631\" \/>\n\t<meta name=\"twitter:data2\" content=\"\u0645\u062a\u0648\u0641\u0631 \u0641\u064a \u0627\u0644\u0645\u062e\u0632\u0648\u0646\" \/>\n<meta property=\"product:price:currency\" content=\"EUR\" \/>\n<meta property=\"og:availability\" content=\"instock\" \/>\n<meta property=\"product:availability\" content=\"instock\" \/>\n<meta property=\"product:retailer_item_id\" content=\"M6700P\" \/>\n<meta property=\"product:condition\" content=\"new\" \/>\n<!-- \/ Yoast SEO Premium plugin. -->","yoast_head_json":{"title":"\u0622\u0644\u0629 \u062d\u0644\u0628 \u0627\u062d\u062a\u0631\u0627\u0641\u064a\u0629 \u0645\u062a\u0646\u0642\u0644\u0629 \u0644\u0644\u0645\u0627\u0639\u0632 \u0648\u0627\u0644\u0623\u063a\u0646\u0627\u0645: \u0645\u062d\u0631\u0643 \u0642\u0648\u064a","description":"\u0633\u0647\u0651\u0644 \u0639\u0645\u0644\u064a\u0629 \u0627\u0644\u062d\u0644\u0628 \u0645\u0639 \u0622\u0644\u0629 \u0627\u0644\u062d\u0644\u0628 \u0627\u0644\u0627\u062d\u062a\u0631\u0627\u0641\u064a\u0629 \u0627\u0644\u0645\u062a\u0646\u0642\u0644\u0629 \u0644\u0644\u0645\u0627\u0639\u0632 \u0648\u0627\u0644\u0623\u063a\u0646\u0627\u0645. \u062a\u062a\u0636\u0645\u0646 \u0643\u0644 \u0645\u0627 \u064a\u0644\u0632\u0645 \u0644\u062d\u0644\u0628 \u0641\u0639\u0627\u0644! \ud83d\udcaa","robots":{"index":"index","follow":"follow","max-snippet":"max-snippet:-1","max-image-preview":"max-image-preview:large","max-video-preview":"max-video-preview:-1"},"canonical":"https:\/\/fdasrl.it\/ar\/prodotto\/%d8%a2%d9%84%d8%a9-%d8%ad%d9%84%d8%a8-%d9%84%d9%84%d9%85%d8%a7%d8%b9%d8%b2-%d8%a7%d9%84%d8%a3%d8%ba%d9%86%d8%a7%d9%85-%d8%a8%d9%80-4-%d9%85%d8%ac%d9%85%d9%88%d8%b9%d8%a7%d8%aa-%d9%88%d8%af%d9%84%d9%88\/","og_locale":"ar_AR","og_type":"article","og_title":"\u0622\u0644\u0629 \u062d\u0644\u0628 \u0644\u0644\u0645\u0627\u0639\u0632\/\u0627\u0644\u0623\u063a\u0646\u0627\u0645 \u0628\u0640 4 \u0645\u062c\u0645\u0648\u0639\u0627\u062a \u0648\u062f\u0644\u0648\u064a\u0646","og_description":"\u0633\u0647\u0651\u0644 \u0639\u0645\u0644\u064a\u0629 \u0627\u0644\u062d\u0644\u0628 \u0645\u0639 \u0622\u0644\u0629 \u0627\u0644\u062d\u0644\u0628 \u0627\u0644\u0627\u062d\u062a\u0631\u0627\u0641\u064a\u0629 \u0627\u0644\u0645\u062a\u0646\u0642\u0644\u0629 \u0644\u0644\u0645\u0627\u0639\u0632 \u0648\u0627\u0644\u0623\u063a\u0646\u0627\u0645. \u062a\u062a\u0636\u0645\u0646 \u0643\u0644 \u0645\u0627 \u064a\u0644\u0632\u0645 \u0644\u062d\u0644\u0628 \u0641\u0639\u0627\u0644! \ud83d\udcaa","og_url":"https:\/\/fdasrl.it\/ar\/prodotto\/%d8%a2%d9%84%d8%a9-%d8%ad%d9%84%d8%a8-%d9%84%d9%84%d9%85%d8%a7%d8%b9%d8%b2-%d8%a7%d9%84%d8%a3%d8%ba%d9%86%d8%a7%d9%85-%d8%a8%d9%80-4-%d9%85%d8%ac%d9%85%d9%88%d8%b9%d8%a7%d8%aa-%d9%88%d8%af%d9%84%d9%88\/","og_site_name":"FDA srl","article_publisher":"https:\/\/www.facebook.com\/share\/1MWhFWg1Tp\/?mibextid=LQQJ4d","og_image":[{"width":800,"height":737,"url":"https:\/\/fdasrl.it\/wp-content\/uploads\/2025\/01\/M6700P_1.jpg","type":"image\/jpeg"}],"twitter_card":"summary_large_image","twitter_misc":{"\u0627\u0644\u0633\u0639\u0631":"","\u0627\u0644\u062a\u0648\u0641\u0631":"\u0645\u062a\u0648\u0641\u0631 \u0641\u064a \u0627\u0644\u0645\u062e\u0632\u0648\u0646"},"schema":{"@context":"https:\/\/schema.org","@graph":[{"@type":"WebPage","@id":"https:\/\/fdasrl.it\/ar\/prodotto\/%d8%a2%d9%84%d8%a9-%d8%ad%d9%84%d8%a8-%d9%84%d9%84%d9%85%d8%a7%d8%b9%d8%b2-%d8%a7%d9%84%d8%a3%d8%ba%d9%86%d8%a7%d9%85-%d8%a8%d9%80-4-%d9%85%d8%ac%d9%85%d9%88%d8%b9%d8%a7%d8%aa-%d9%88%d8%af%d9%84%d9%88\/","url":"https:\/\/fdasrl.it\/ar\/prodotto\/%d8%a2%d9%84%d8%a9-%d8%ad%d9%84%d8%a8-%d9%84%d9%84%d9%85%d8%a7%d8%b9%d8%b2-%d8%a7%d9%84%d8%a3%d8%ba%d9%86%d8%a7%d9%85-%d8%a8%d9%80-4-%d9%85%d8%ac%d9%85%d9%88%d8%b9%d8%a7%d8%aa-%d9%88%d8%af%d9%84%d9%88\/","name":"\u0622\u0644\u0629 \u062d\u0644\u0628 \u0627\u062d\u062a\u0631\u0627\u0641\u064a\u0629 \u0645\u062a\u0646\u0642\u0644\u0629 \u0644\u0644\u0645\u0627\u0639\u0632 \u0648\u0627\u0644\u0623\u063a\u0646\u0627\u0645: \u0645\u062d\u0631\u0643 \u0642\u0648\u064a","isPartOf":{"@id":"https:\/\/fdasrl.it\/ar\/#website"},"primaryImageOfPage":{"@id":"https:\/\/fdasrl.it\/ar\/prodotto\/%d8%a2%d9%84%d8%a9-%d8%ad%d9%84%d8%a8-%d9%84%d9%84%d9%85%d8%a7%d8%b9%d8%b2-%d8%a7%d9%84%d8%a3%d8%ba%d9%86%d8%a7%d9%85-%d8%a8%d9%80-4-%d9%85%d8%ac%d9%85%d9%88%d8%b9%d8%a7%d8%aa-%d9%88%d8%af%d9%84%d9%88\/#primaryimage"},"image":{"@id":"https:\/\/fdasrl.it\/ar\/prodotto\/%d8%a2%d9%84%d8%a9-%d8%ad%d9%84%d8%a8-%d9%84%d9%84%d9%85%d8%a7%d8%b9%d8%b2-%d8%a7%d9%84%d8%a3%d8%ba%d9%86%d8%a7%d9%85-%d8%a8%d9%80-4-%d9%85%d8%ac%d9%85%d9%88%d8%b9%d8%a7%d8%aa-%d9%88%d8%af%d9%84%d9%88\/#primaryimage"},"thumbnailUrl":"https:\/\/fdasrl.it\/wp-content\/uploads\/2025\/01\/M6700P_1.jpg","datePublished":"2025-01-21T11:48:09+00:00","description":"\u0633\u0647\u0651\u0644 \u0639\u0645\u0644\u064a\u0629 \u0627\u0644\u062d\u0644\u0628 \u0645\u0639 \u0622\u0644\u0629 \u0627\u0644\u062d\u0644\u0628 \u0627\u0644\u0627\u062d\u062a\u0631\u0627\u0641\u064a\u0629 \u0627\u0644\u0645\u062a\u0646\u0642\u0644\u0629 \u0644\u0644\u0645\u0627\u0639\u0632 \u0648\u0627\u0644\u0623\u063a\u0646\u0627\u0645. \u062a\u062a\u0636\u0645\u0646 \u0643\u0644 \u0645\u0627 \u064a\u0644\u0632\u0645 \u0644\u062d\u0644\u0628 \u0641\u0639\u0627\u0644! \ud83d\udcaa","breadcrumb":{"@id":"https:\/\/fdasrl.it\/ar\/prodotto\/%d8%a2%d9%84%d8%a9-%d8%ad%d9%84%d8%a8-%d9%84%d9%84%d9%85%d8%a7%d8%b9%d8%b2-%d8%a7%d9%84%d8%a3%d8%ba%d9%86%d8%a7%d9%85-%d8%a8%d9%80-4-%d9%85%d8%ac%d9%85%d9%88%d8%b9%d8%a7%d8%aa-%d9%88%d8%af%d9%84%d9%88\/#breadcrumb"},"inLanguage":"ar","potentialAction":[{"@type":"ReadAction","target":["https:\/\/fdasrl.it\/ar\/prodotto\/%d8%a2%d9%84%d8%a9-%d8%ad%d9%84%d8%a8-%d9%84%d9%84%d9%85%d8%a7%d8%b9%d8%b2-%d8%a7%d9%84%d8%a3%d8%ba%d9%86%d8%a7%d9%85-%d8%a8%d9%80-4-%d9%85%d8%ac%d9%85%d9%88%d8%b9%d8%a7%d8%aa-%d9%88%d8%af%d9%84%d9%88\/"]}]},{"@type":"ImageObject","inLanguage":"ar","@id":"https:\/\/fdasrl.it\/ar\/prodotto\/%d8%a2%d9%84%d8%a9-%d8%ad%d9%84%d8%a8-%d9%84%d9%84%d9%85%d8%a7%d8%b9%d8%b2-%d8%a7%d9%84%d8%a3%d8%ba%d9%86%d8%a7%d9%85-%d8%a8%d9%80-4-%d9%85%d8%ac%d9%85%d9%88%d8%b9%d8%a7%d8%aa-%d9%88%d8%af%d9%84%d9%88\/#primaryimage","url":"https:\/\/fdasrl.it\/wp-content\/uploads\/2025\/01\/M6700P_1.jpg","contentUrl":"https:\/\/fdasrl.it\/wp-content\/uploads\/2025\/01\/M6700P_1.jpg","width":800,"height":737,"caption":"\u0622\u0644\u0629 \u062d\u0644\u0628 \u0644\u0644\u0645\u0627\u0639\u0632\/\u0627\u0644\u0623\u063a\u0646\u0627\u0645 \u0628\u0640 4 \u0645\u062c\u0645\u0648\u0639\u0627\u062a \u0645\u0646 FDA SRL"},{"@type":"BreadcrumbList","@id":"https:\/\/fdasrl.it\/ar\/prodotto\/%d8%a2%d9%84%d8%a9-%d8%ad%d9%84%d8%a8-%d9%84%d9%84%d9%85%d8%a7%d8%b9%d8%b2-%d8%a7%d9%84%d8%a3%d8%ba%d9%86%d8%a7%d9%85-%d8%a8%d9%80-4-%d9%85%d8%ac%d9%85%d9%88%d8%b9%d8%a7%d8%aa-%d9%88%d8%af%d9%84%d9%88\/#breadcrumb","itemListElement":[{"@type":"ListItem","position":1,"name":"Home","item":"https:\/\/fdasrl.it\/ar\/%d8%a7%d9%84%d8%b1%d8%a6%d9%8a%d8%b3%d9%8a%d8%a9\/"},{"@type":"ListItem","position":2,"name":"\u0627\u0644\u0645\u062a\u062c\u0631","item":"https:\/\/fdasrl.it\/ar\/%d8%a7%d9%84%d9%85%d8%aa%d8%ac%d8%b1\/"},{"@type":"ListItem","position":3,"name":"\u0622\u0644\u0629 \u062d\u0644\u0628 \u0644\u0644\u0645\u0627\u0639\u0632\/\u0627\u0644\u0623\u063a\u0646\u0627\u0645 \u0628\u0640 4 \u0645\u062c\u0645\u0648\u0639\u0627\u062a \u0648\u062f\u0644\u0648\u064a\u0646"}]},{"@type":"WebSite","@id":"https:\/\/fdasrl.it\/ar\/#website","url":"https:\/\/fdasrl.it\/ar\/","name":"FDA srl","description":"Equipment for animal husbandry","publisher":{"@id":"https:\/\/fdasrl.it\/ar\/#organization"},"potentialAction":[{"@type":"SearchAction","target":{"@type":"EntryPoint","urlTemplate":"https:\/\/fdasrl.it\/ar\/?s={search_term_string}"},"query-input":{"@type":"PropertyValueSpecification","valueRequired":true,"valueName":"search_term_string"}}],"inLanguage":"ar"},{"@type":"Organization","@id":"https:\/\/fdasrl.it\/ar\/#organization","name":"FDA srl","url":"https:\/\/fdasrl.it\/ar\/","logo":{"@type":"ImageObject","inLanguage":"ar","@id":"https:\/\/fdasrl.it\/ar\/#\/schema\/logo\/image\/","url":"https:\/\/fdasrl.it\/wp-content\/uploads\/2024\/12\/Logo-FDA.png","contentUrl":"https:\/\/fdasrl.it\/wp-content\/uploads\/2024\/12\/Logo-FDA.png","width":316,"height":119,"caption":"FDA srl"},"image":{"@id":"https:\/\/fdasrl.it\/ar\/#\/schema\/logo\/image\/"},"sameAs":["https:\/\/www.facebook.com\/share\/1MWhFWg1Tp\/?mibextid=LQQJ4d","https:\/\/www.instagram.com\/fda_srl\/profilecard\/?igsh=YW5lbzJ6MWg0d21u","https:\/\/www.youtube.com\/@FDASRL_ANIMALCARE"],"description":"FDA SRL \u2013 Equipment for animal husbandry nasce con l\u2019obiettivo di offrire soluzioni affidabili e innovative per l\u2019allevamento moderno. Con anni di esperienza nel settore zootecnico, progettiamo e realizziamo attrezzature destinate al benessere animale e alla gestione efficiente delle stalle: vasche, abbeveratoi, mangiatoie e sistemi di riscaldamento pensati per durare nel tempo e semplificare il lavoro quotidiano degli allevatori. Dalla progettazione alla produzione, ogni nostro prodotto \u00e8 studiato nei minimi dettagli, testato con cura e costruito per rispondere alle esigenze reali del settore. La nostra forza \u00e8 unire artigianalit\u00e0, tecnologia e competenza tecnica per trasformare ogni progetto in una soluzione concreta e funzionale. Oggi FDA SRL \u00e8 un punto di riferimento per privati e rivenditori che cercano qualit\u00e0, affidabilit\u00e0 e innovazione nelle attrezzature per l\u2019allevamento.","email":"info@fdasrl.it","telephone":"+390522826820","legalName":"F.D.A. SRL","foundingDate":"2024-10-13","vatID":"03075840359","taxID":"03075840359","numberOfEmployees":{"@type":"QuantitativeValue","minValue":"1","maxValue":"10"}}]},"product_price_currency":"EUR","og_availability":"instock","product_availability":"instock","product_retailer_item_id":"M6700P","product_condition":"new"},"_links":{"self":[{"href":"https:\/\/fdasrl.it\/ar\/wp-json\/wp\/v2\/product\/2039","targetHints":{"allow":["GET"]}}],"collection":[{"href":"https:\/\/fdasrl.it\/ar\/wp-json\/wp\/v2\/product"}],"about":[{"href":"https:\/\/fdasrl.it\/ar\/wp-json\/wp\/v2\/types\/product"}],"replies":[{"embeddable":true,"href":"https:\/\/fdasrl.it\/ar\/wp-json\/wp\/v2\/comments?post=2039"}],"wp:featuredmedia":[{"embeddable":true,"href":"https:\/\/fdasrl.it\/ar\/wp-json\/wp\/v2\/media\/465"}],"wp:attachment":[{"href":"https:\/\/fdasrl.it\/ar\/wp-json\/wp\/v2\/media?parent=2039"}],"wp:term":[{"taxonomy":"product_brand","embeddable":true,"href":"https:\/\/fdasrl.it\/ar\/wp-json\/wp\/v2\/product_brand?post=2039"},{"taxonomy":"product_cat","embeddable":true,"href":"https:\/\/fdasrl.it\/ar\/wp-json\/wp\/v2\/product_cat?post=2039"},{"taxonomy":"product_tag","embeddable":true,"href":"https:\/\/fdasrl.it\/ar\/wp-json\/wp\/v2\/product_tag?post=2039"}],"curies":[{"name":"wp","href":"https:\/\/api.w.org\/{rel}","templated":true}]}}