{"id":2162,"date":"2026-03-04T10:14:16","date_gmt":"2026-03-04T09:14:16","guid":{"rendered":"https:\/\/fdasrl.it\/prodotto\/%d9%85%d8%a7%d9%83%d9%8a%d9%86%d8%a9-%d8%ad%d9%84%d8%a8-%d9%85%d8%aa%d9%86%d9%82%d9%84%d8%a9-fa07149-%d9%84%d9%84%d9%85%d8%a7%d8%b9%d8%b2-%d9%88%d8%a7%d9%84%d8%a3%d8%ba%d9%86%d8%a7%d9%85-%d8%a8%d9%85\/"},"modified":"2026-03-04T10:14:16","modified_gmt":"2026-03-04T09:14:16","slug":"%d9%85%d8%a7%d9%83%d9%8a%d9%86%d8%a9-%d8%ad%d9%84%d8%a8-%d9%85%d8%aa%d9%86%d9%82%d9%84%d8%a9-fa07149-%d9%84%d9%84%d9%85%d8%a7%d8%b9%d8%b2-%d9%88%d8%a7%d9%84%d8%a3%d8%ba%d9%86%d8%a7%d9%85-%d8%a8%d9%85","status":"publish","type":"product","link":"https:\/\/fdasrl.it\/ar\/prodotto\/%d9%85%d8%a7%d9%83%d9%8a%d9%86%d8%a9-%d8%ad%d9%84%d8%a8-%d9%85%d8%aa%d9%86%d9%82%d9%84%d8%a9-fa07149-%d9%84%d9%84%d9%85%d8%a7%d8%b9%d8%b2-%d9%88%d8%a7%d9%84%d8%a3%d8%ba%d9%86%d8%a7%d9%85-%d8%a8%d9%85\/","title":{"rendered":"\u0645\u0627\u0643\u064a\u0646\u0629 \u062d\u0644\u0628 \u0645\u062a\u0646\u0642\u0644\u0629 FA07149 \u0644\u0644\u0645\u0627\u0639\u0632 \u0648\u0627\u0644\u0623\u063a\u0646\u0627\u0645 \u0628\u0645\u062c\u0645\u0648\u0639\u062a\u064a\u0646 \u0645\u0639 \u0645\u0636\u062e\u0629 \u062a\u0641\u0631\u064a\u063a \u0628\u062d\u0645\u0627\u0645 \u0632\u064a\u062a"},"content":{"rendered":"<div>\n<h3 data-start=\"306\" data-end=\"418\">\u0645\u0627\u0643\u064a\u0646\u0629 \u062d\u0644\u0628 \u0645\u062a\u0646\u0642\u0644\u0629 FA07149 \u0644\u0644\u0645\u0627\u0639\u0632 \u0648\u0627\u0644\u0623\u063a\u0646\u0627\u0645 \u0628\u0645\u062c\u0645\u0648\u0639\u062a\u064a\u0646 \u0645\u0639 \u0645\u0636\u062e\u0629 \u062a\u0641\u0631\u064a\u063a \u0628\u062d\u0645\u0627\u0645 \u0632\u064a\u062a<\/h3>\n<p data-start=\"277\" data-end=\"443\"><strong data-start=\"280\" data-end=\"332\">\u0645\u0627\u0643\u064a\u0646\u0629 \u0627\u0644\u062d\u0644\u0628 \u0627\u0644\u0645\u062a\u0646\u0642\u0644\u0629 FA07149 \u0644\u0644\u0645\u0627\u0639\u0632 \u0648\u0627\u0644\u0623\u063a\u0646\u0627\u0645<\/strong> \u0645\u0635\u0645\u0645\u0629 \u0644\u0636\u0645\u0627\u0646 \u062d\u0644\u0628 <strong data-start=\"374\" data-end=\"442\">\u0641\u0639\u0627\u0644 \u0648\u0639\u0645\u0644\u064a \u0648\u0635\u062d\u064a \u0641\u064a \u0645\u0632\u0627\u0631\u0639 \u0627\u0644\u0623\u063a\u0646\u0627\u0645 \u0648\u0627\u0644\u0645\u0627\u0639\u0632<\/strong>.<\/p>\n<p data-start=\"445\" data-end=\"750\">\u0628\u0641\u0636\u0644 <strong data-start=\"457\" data-end=\"489\">\u0627\u0644\u0647\u064a\u0643\u0644 \u0627\u0644\u0645\u062a\u0646\u0642\u0644 \u0639\u0644\u0649 \u0639\u0631\u0628\u0629<\/strong> \u0648<strong data-start=\"497\" data-end=\"531\">\u0645\u0636\u062e\u0629 \u0627\u0644\u062a\u0641\u0631\u064a\u063a \u0628\u062d\u0645\u0627\u0645 \u0627\u0644\u0632\u064a\u062a<\/strong>\u060c \u062a\u0648\u0641\u0631 \u0623\u062f\u0627\u0621\u064b \u0645\u0648\u062b\u0648\u0642\u0627\u064b \u0648\u0645\u062a\u0627\u0646\u0629 \u0637\u0648\u064a\u0644\u0629 \u0627\u0644\u0623\u0645\u062f. \u064a\u062a\u064a\u062d \u0646\u0638\u0627\u0645 <strong data-start=\"601\" data-end=\"625\">\u0645\u062c\u0645\u0648\u0639\u062a\u064a \u0627\u0644\u062d\u0644\u0628<\/strong> \u062d\u0644\u0628 <strong data-start=\"646\" data-end=\"680\">\u062d\u064a\u0648\u0627\u0646\u064a\u0646 \u0641\u064a \u0648\u0642\u062a \u0648\u0627\u062d\u062f<\/strong>\u060c \u0645\u0645\u0627 \u064a\u062d\u0633\u0646 \u0627\u0644\u0625\u0646\u062a\u0627\u062c\u064a\u0629 \u0648\u064a\u0642\u0644\u0644 \u0623\u0648\u0642\u0627\u062a \u0627\u0644\u0639\u0645\u0644 \u0641\u064a \u0627\u0644\u062d\u0638\u064a\u0631\u0629. <\/p>\n<hr data-start=\"752\" data-end=\"755\">\n<h2 data-start=\"757\" data-end=\"786\">\u0627\u0644\u062e\u0635\u0627\u0626\u0635 \u0627\u0644\u0631\u0626\u064a\u0633\u064a\u0629<\/h2>\n<ul data-start=\"788\" data-end=\"1453\">\n<li data-start=\"788\" data-end=\"902\">\n<p data-start=\"790\" data-end=\"902\"><strong data-start=\"790\" data-end=\"837\">\u0645\u0636\u062e\u0629 \u062a\u0641\u0631\u064a\u063a \u0628\u062d\u0645\u0627\u0645 \u0632\u064a\u062a 250 \u0644\u062a\u0631\/\u062f\u0642\u064a\u0642\u0629<\/strong> \u0645\u0639 \u0645\u062d\u0631\u0643 \u0643\u0647\u0631\u0628\u0627\u0626\u064a <strong data-start=\"859\" data-end=\"879\">220 \u0641\u0648\u0644\u062a \u062a\u064a\u0627\u0631 \u0645\u062a\u0631\u062f\u062f \u2013 0.55 \u0643\u064a\u0644\u0648\u0648\u0627\u062a<\/strong> \u0628\u062e\u0632\u0627\u0646\u0627\u062a \u0645\u0646\u0641\u0635\u0644\u0629<\/p>\n<\/li>\n<li data-start=\"903\" data-end=\"949\">\n<p data-start=\"905\" data-end=\"949\"><strong data-start=\"905\" data-end=\"947\">\u0639\u062f\u062f 2 \u0645\u062c\u0645\u0648\u0639\u0629 \u062d\u0644\u0628 \u0644\u0644\u0645\u0627\u0639\u0632\/\u0627\u0644\u0623\u063a\u0646\u0627\u0645<\/strong><\/p>\n<\/li>\n<li data-start=\"950\" data-end=\"1006\">\n<p data-start=\"952\" data-end=\"1006\"><strong data-start=\"952\" data-end=\"1004\">\u0645\u0646\u0638\u0645 \u0646\u0628\u0636 \u0647\u0648\u0627\u0626\u064a \u0644\u0644\u0645\u0627\u0639\u0632\/\u0627\u0644\u0623\u063a\u0646\u0627\u0645 (90-120 \u0646\u0628\u0636\u0629\/\u062f\u0642\u064a\u0642\u0629)*<\/strong><\/p>\n<\/li>\n<li data-start=\"1007\" data-end=\"1058\">\n<p data-start=\"1009\" data-end=\"1058\"><strong data-start=\"1009\" data-end=\"1056\">\u0623\u0643\u0648\u0627\u0628 \u0645\u0646 \u0627\u0644\u0628\u0648\u0644\u064a \u0643\u0631\u0628\u0648\u0646\u0627\u062a \u0639\u0627\u0644\u064a\u0629 \u0627\u0644\u0645\u0642\u0627\u0648\u0645\u0629<\/strong><\/p>\n<\/li>\n<li data-start=\"1059\" data-end=\"1121\">\n<p data-start=\"1061\" data-end=\"1121\"><strong data-start=\"1061\" data-end=\"1119\">\u0639\u062f\u062f 2 \u0645\u062c\u0645\u0639 \u062d\u0644\u064a\u0628 \u0644\u0644\u0645\u0627\u0639\u0632\/\u0627\u0644\u0623\u063a\u0646\u0627\u0645 \u0645\u0648\u062f\u064a\u0644 13300<\/strong><\/p>\n<\/li>\n<li data-start=\"1122\" data-end=\"1165\">\n<p data-start=\"1124\" data-end=\"1165\"><strong data-start=\"1124\" data-end=\"1163\">\u0623\u063a\u0637\u064a\u0629 \u0633\u064a\u0644\u064a\u0643\u0648\u0646 \u0644\u0644\u062d\u0644\u0628<\/strong><\/p>\n<\/li>\n<li data-start=\"1166\" data-end=\"1232\">\n<p data-start=\"1168\" data-end=\"1232\"><strong data-start=\"1168\" data-end=\"1230\">\u062e\u0632\u0627\u0646 \u062a\u0641\u0631\u064a\u063a 18 \u0644\u062a\u0631 \u0645\u0639 \u0635\u0645\u0627\u0645 \u062a\u0646\u0638\u064a\u0645<\/strong><\/p>\n<\/li>\n<li data-start=\"1233\" data-end=\"1286\">\n<p data-start=\"1235\" data-end=\"1286\"><strong data-start=\"1235\" data-end=\"1284\">\u0645\u0642\u064a\u0627\u0633 \u062a\u0641\u0631\u064a\u063a \u0644\u0644\u062a\u062d\u0643\u0645 \u0641\u064a \u0645\u0633\u062a\u0648\u0649 \u0627\u0644\u0636\u063a\u0637 \u0627\u0644\u0633\u0627\u0644\u0628<\/strong><\/p>\n<\/li>\n<li data-start=\"1287\" data-end=\"1322\">\n<p data-start=\"1289\" data-end=\"1322\"><strong data-start=\"1289\" data-end=\"1320\">\u0635\u0646\u0628\u0648\u0631 \u062a\u0641\u0631\u064a\u063a 1\/2&#8243;<\/strong><\/p>\n<\/li>\n<li data-start=\"1323\" data-end=\"1372\">\n<p data-start=\"1325\" data-end=\"1372\"><strong data-start=\"1325\" data-end=\"1370\">\u062f\u0644\u0648 \u062d\u0644\u064a\u0628 \u0645\u0646 \u0627\u0644\u0641\u0648\u0644\u0627\u0630 \u0627\u0644\u0645\u0642\u0627\u0648\u0645 \u0644\u0644\u0635\u062f\u0623 \u0633\u0639\u0629 30 \u0644\u062a\u0631\u0627\u064b<\/strong><\/p>\n<\/li>\n<li data-start=\"1373\" data-end=\"1429\">\n<p data-start=\"1375\" data-end=\"1429\"><strong data-start=\"1375\" data-end=\"1427\">\u0623\u0646\u0627\u0628\u064a\u0628 \u062d\u0644\u0628 \u0628\u0637\u0648\u0644 2,5 \u0645\u062a\u0631 \u0644\u0643\u0644 \u0645\u062c\u0645\u0648\u0639\u0629<\/strong><\/p>\n<\/li>\n<li data-start=\"1430\" data-end=\"1453\">\n<p data-start=\"1432\" data-end=\"1453\"><strong data-start=\"1432\" data-end=\"1453\">\u0634\u0647\u0627\u062f\u0629 CE<\/strong><\/p>\n<\/li>\n<\/ul>\n<hr data-start=\"1455\" data-end=\"1458\">\n<h2 data-start=\"1460\" data-end=\"1480\">\u0627\u0644\u062a\u062c\u0647\u064a\u0632\u0627\u062a \u0627\u0644\u0645\u0634\u0645\u0648\u0644\u0629<\/h2>\n<p data-start=\"1482\" data-end=\"1583\">\u0644\u0636\u0645\u0627\u0646 \u0627\u0644\u0635\u064a\u0627\u0646\u0629 \u0648\u0627\u0644\u0646\u0638\u0627\u0641\u0629 \u0627\u0644\u0635\u062d\u064a\u062d\u0629 \u0644\u062f\u0627\u0626\u0631\u0629 \u0627\u0644\u062d\u0644\u064a\u0628\u060c \u064a\u062a\u0645 \u062a\u0648\u0641\u064a\u0631 \u0645\u0627\u0643\u064a\u0646\u0629 \u0627\u0644\u062d\u0644\u0628 \u0645\u0639:<\/p>\n<ul data-start=\"1585\" data-end=\"1657\">\n<li data-start=\"1585\" data-end=\"1620\">\n<p data-start=\"1587\" data-end=\"1620\"><strong data-start=\"1587\" data-end=\"1620\">\u0637\u0642\u0645 \u0641\u0631\u0634 \u0644\u0644\u062a\u0646\u0638\u064a\u0641<\/strong><\/p>\n<\/li>\n<li data-start=\"1621\" data-end=\"1657\">\n<p data-start=\"1623\" data-end=\"1657\"><strong data-start=\"1623\" data-end=\"1657\">\u0645\u0646\u0638\u0641 \u0642\u0644\u0648\u064a 1 \u0644\u062a\u0631<\/strong><\/p>\n<\/li>\n<\/ul>\n<hr data-start=\"1659\" data-end=\"1662\">\n<h2 data-start=\"1664\" data-end=\"1687\">\u0627\u0644\u062e\u064a\u0627\u0631\u0627\u062a \u0627\u0644\u0645\u062a\u0627\u062d\u0629<\/h2>\n<p data-start=\"1689\" data-end=\"1755\">* <strong data-start=\"1692\" data-end=\"1755\">\u0646\u0627\u0628\u0636 \u0625\u0644\u0643\u062a\u0631\u0648\u0646\u064a \u0645\u0639 \u0644\u0648\u062d\u0629 \u062f\u0627\u062e\u0644\u064a\u0629 24 \u0641\u0648\u0644\u062a \u062a\u064a\u0627\u0631 \u0645\u0633\u062a\u0645\u0631 + \u0648\u062d\u062f\u0629 \u062a\u062d\u0643\u0645<\/strong><\/p>\n<h4 data-start=\"1954\" data-end=\"1993\">\u0627\u0644\u0645\u0648\u0632\u0639\u0648\u0646 \u0648\u0627\u0644\u062a\u062c\u0627\u0631: \u0627\u0637\u0644\u0628 \u0627\u0644\u0645\u0639\u0644\u0648\u0645\u0627\u062a <a href=\"https:\/\/fdasrl.it\/ar\/%d8%a7%d8%aa%d8%b5%d9%84-%d8%a8%d9%86%d8%a7\/\">(\u0627\u0636\u063a\u0637 \u0647\u0646\u0627)<\/a><\/h4>\n<h4 data-start=\"1954\" data-end=\"1993\">\ud83d\uded2 \u0627\u0634\u062a\u0631\u0647\u0627 \u0639\u0628\u0631 \u0627\u0644\u0625\u0646\u062a\u0631\u0646\u062a <a href=\"https:\/\/fda-shop.it\/shop\/ovini-caprini\/ovini-caprini-mungitrici\/mungitrice-per-pecora-e-capra-due-gruppi-a-bagno-dolio#\/150-tipo-pecora\">(\u0627\u0636\u063a\u0637 \u0647\u0646\u0627)<\/a><\/h4>\n<\/div>\n","protected":false},"excerpt":{"rendered":"<p>\u0645\u0627\u0643\u064a\u0646\u0629 \u062d\u0644\u0628 \u0645\u062a\u0646\u0642\u0644\u0629 FA07149 \u0644\u0644\u0645\u0627\u0639\u0632 \u0648\u0627\u0644\u0623\u063a\u0646\u0627\u0645 \u0628\u0645\u062c\u0645\u0648\u0639\u062a\u064a \u062d\u0644\u0628 \u0648\u0645\u0636\u062e\u0629 \u062a\u0641\u0631\u064a\u063a \u0628\u062d\u0645\u0627\u0645 \u0632\u064a\u062a 250 \u0644\u062a\u0631\/\u062f\u0642\u064a\u0642\u0629. \u0645\u0632\u0648\u062f\u0629 \u0628\u062f\u0644\u0648 \u062d\u0644\u064a\u0628 \u0645\u0646 \u0627\u0644\u0641\u0648\u0644\u0627\u0630 \u0627\u0644\u0645\u0642\u0627\u0648\u0645 \u0644\u0644\u0635\u062f\u0623 \u0633\u0639\u0629 30 \u0644\u062a\u0631\u0627\u064b\u060c \u0648\u0623\u0643\u0648\u0627\u0628 \u0645\u0646 \u0627\u0644\u0628\u0648\u0644\u064a\u0643\u0631\u0628\u0648\u0646\u0627\u062a \u0648\u0623\u0646\u0627\u0628\u064a\u0628 \u0633\u064a\u0644\u064a\u0643\u0648\u0646. \u0646\u0638\u0627\u0645 \u0645\u062a\u0646\u0642\u0644 \u0648\u0645\u0648\u062b\u0648\u0642 \u0648\u0645\u0639\u062a\u0645\u062f CE\u060c \u0645\u062b\u0627\u0644\u064a \u0644\u062d\u0644\u0628 \u062d\u064a\u0648\u0627\u0646\u064a\u0646 \u0641\u064a \u0648\u0642\u062a \u0648\u0627\u062d\u062f.  <\/p>\n","protected":false},"featured_media":1140,"comment_status":"open","ping_status":"closed","template":"","meta":{"_et_pb_use_builder":"","_et_pb_old_content":"","_et_gb_content_width":""},"product_brand":[],"product_cat":[387,386],"product_tag":[480],"class_list":{"0":"post-2162","1":"product","2":"type-product","3":"status-publish","4":"has-post-thumbnail","6":"product_cat-387","7":"product_cat-386","8":"product_tag-480","10":"first","11":"instock","12":"shipping-taxable","13":"product-type-simple"},"yoast_head":"<!-- This site is optimized with the Yoast SEO Premium plugin v27.5 (Yoast SEO v27.5) - https:\/\/yoast.com\/product\/yoast-seo-premium-wordpress\/ -->\n<title>\u0645\u0627\u0643\u064a\u0646\u0629 \u062d\u0644\u0628 \u0645\u062a\u0646\u0642\u0644\u0629 \u0645\u0627\u0639\u0632 \u0623\u063a\u0646\u0627\u0645 \u0645\u062c\u0645\u0648\u0639\u062a\u064a\u0646 \u0645\u0636\u062e\u0629 \u0628\u062d\u0645\u0627\u0645 \u0632\u064a\u062a<\/title>\n<meta name=\"description\" content=\"\u0627\u0643\u062a\u0634\u0641 \u0645\u0627\u0643\u064a\u0646\u0629 \u062d\u0644\u0628 \u0627\u0644\u0645\u0627\u0639\u0632 \u0648\u0627\u0644\u0623\u063a\u0646\u0627\u0645 \u0628\u0645\u062c\u0645\u0648\u0639\u062a\u064a\u0646 \u0648\u0632\u064a\u062a\u060c \u0645\u062b\u0627\u0644\u064a\u0629 \u0644\u0644\u0645\u0632\u0627\u0631\u0639 \u0627\u0644\u0639\u0645\u0644\u064a\u0629 \u0648\u0627\u0644\u0635\u062d\u064a\u0629. \u0632\u062f \u0625\u0646\u062a\u0627\u062c\u064a\u062a\u0643 \u0645\u0639 \u0647\u0630\u0647 \u0627\u0644\u0645\u0627\u0643\u064a\u0646\u0629!\" \/>\n<meta name=\"robots\" content=\"index, follow, max-snippet:-1, max-image-preview:large, max-video-preview:-1\" \/>\n<link rel=\"canonical\" href=\"https:\/\/fdasrl.it\/ar\/prodotto\/%d9%85%d8%a7%d9%83%d9%8a%d9%86%d8%a9-%d8%ad%d9%84%d8%a8-%d9%85%d8%aa%d9%86%d9%82%d9%84%d8%a9-fa07149-%d9%84%d9%84%d9%85%d8%a7%d8%b9%d8%b2-%d9%88%d8%a7%d9%84%d8%a3%d8%ba%d9%86%d8%a7%d9%85-%d8%a8%d9%85\/\" \/>\n<meta property=\"og:locale\" content=\"ar_AR\" \/>\n<meta property=\"og:type\" content=\"article\" \/>\n<meta property=\"og:title\" content=\"\u0645\u0627\u0643\u064a\u0646\u0629 \u062d\u0644\u0628 \u0645\u062a\u0646\u0642\u0644\u0629 FA07149 \u0644\u0644\u0645\u0627\u0639\u0632 \u0648\u0627\u0644\u0623\u063a\u0646\u0627\u0645 \u0628\u0645\u062c\u0645\u0648\u0639\u062a\u064a\u0646 \u0645\u0639 \u0645\u0636\u062e\u0629 \u062a\u0641\u0631\u064a\u063a \u0628\u062d\u0645\u0627\u0645 \u0632\u064a\u062a\" \/>\n<meta property=\"og:description\" content=\"\u0627\u0643\u062a\u0634\u0641 \u0645\u0627\u0643\u064a\u0646\u0629 \u062d\u0644\u0628 \u0627\u0644\u0645\u0627\u0639\u0632 \u0648\u0627\u0644\u0623\u063a\u0646\u0627\u0645 \u0628\u0645\u062c\u0645\u0648\u0639\u062a\u064a\u0646 \u0648\u0632\u064a\u062a\u060c \u0645\u062b\u0627\u0644\u064a\u0629 \u0644\u0644\u0645\u0632\u0627\u0631\u0639 \u0627\u0644\u0639\u0645\u0644\u064a\u0629 \u0648\u0627\u0644\u0635\u062d\u064a\u0629. \u0632\u062f \u0625\u0646\u062a\u0627\u062c\u064a\u062a\u0643 \u0645\u0639 \u0647\u0630\u0647 \u0627\u0644\u0645\u0627\u0643\u064a\u0646\u0629!\" \/>\n<meta property=\"og:url\" content=\"https:\/\/fdasrl.it\/ar\/prodotto\/%d9%85%d8%a7%d9%83%d9%8a%d9%86%d8%a9-%d8%ad%d9%84%d8%a8-%d9%85%d8%aa%d9%86%d9%82%d9%84%d8%a9-fa07149-%d9%84%d9%84%d9%85%d8%a7%d8%b9%d8%b2-%d9%88%d8%a7%d9%84%d8%a3%d8%ba%d9%86%d8%a7%d9%85-%d8%a8%d9%85\/\" \/>\n<meta property=\"og:site_name\" content=\"FDA srl\" \/>\n<meta property=\"article:publisher\" content=\"https:\/\/www.facebook.com\/share\/1MWhFWg1Tp\/?mibextid=LQQJ4d\" \/>\n<meta property=\"og:image\" content=\"https:\/\/fdasrl.it\/wp-content\/uploads\/2026\/03\/mungitrice-per-pecora-e-capra-due-gruppi-a-bagno-dolio.jpg\" \/>\n\t<meta property=\"og:image:width\" content=\"1100\" \/>\n\t<meta property=\"og:image:height\" content=\"919\" \/>\n\t<meta property=\"og:image:type\" content=\"image\/jpeg\" \/>\n<meta name=\"twitter:card\" content=\"summary_large_image\" \/>\n<meta name=\"twitter:label1\" content=\"\u0627\u0644\u0633\u0639\u0631\" \/>\n\t<meta name=\"twitter:data1\" content=\"\" \/>\n\t<meta name=\"twitter:label2\" content=\"\u0627\u0644\u062a\u0648\u0641\u0631\" \/>\n\t<meta name=\"twitter:data2\" content=\"\u0645\u062a\u0648\u0641\u0631 \u0641\u064a \u0627\u0644\u0645\u062e\u0632\u0648\u0646\" \/>\n<meta property=\"product:price:currency\" content=\"EUR\" \/>\n<meta property=\"og:availability\" content=\"instock\" \/>\n<meta property=\"product:availability\" content=\"instock\" \/>\n<meta property=\"product:retailer_item_id\" content=\"07149\" \/>\n<meta property=\"product:condition\" content=\"new\" \/>\n<!-- \/ Yoast SEO Premium plugin. -->","yoast_head_json":{"title":"\u0645\u0627\u0643\u064a\u0646\u0629 \u062d\u0644\u0628 \u0645\u062a\u0646\u0642\u0644\u0629 \u0645\u0627\u0639\u0632 \u0623\u063a\u0646\u0627\u0645 \u0645\u062c\u0645\u0648\u0639\u062a\u064a\u0646 \u0645\u0636\u062e\u0629 \u0628\u062d\u0645\u0627\u0645 \u0632\u064a\u062a","description":"\u0627\u0643\u062a\u0634\u0641 \u0645\u0627\u0643\u064a\u0646\u0629 \u062d\u0644\u0628 \u0627\u0644\u0645\u0627\u0639\u0632 \u0648\u0627\u0644\u0623\u063a\u0646\u0627\u0645 \u0628\u0645\u062c\u0645\u0648\u0639\u062a\u064a\u0646 \u0648\u0632\u064a\u062a\u060c \u0645\u062b\u0627\u0644\u064a\u0629 \u0644\u0644\u0645\u0632\u0627\u0631\u0639 \u0627\u0644\u0639\u0645\u0644\u064a\u0629 \u0648\u0627\u0644\u0635\u062d\u064a\u0629. \u0632\u062f \u0625\u0646\u062a\u0627\u062c\u064a\u062a\u0643 \u0645\u0639 \u0647\u0630\u0647 \u0627\u0644\u0645\u0627\u0643\u064a\u0646\u0629!","robots":{"index":"index","follow":"follow","max-snippet":"max-snippet:-1","max-image-preview":"max-image-preview:large","max-video-preview":"max-video-preview:-1"},"canonical":"https:\/\/fdasrl.it\/ar\/prodotto\/%d9%85%d8%a7%d9%83%d9%8a%d9%86%d8%a9-%d8%ad%d9%84%d8%a8-%d9%85%d8%aa%d9%86%d9%82%d9%84%d8%a9-fa07149-%d9%84%d9%84%d9%85%d8%a7%d8%b9%d8%b2-%d9%88%d8%a7%d9%84%d8%a3%d8%ba%d9%86%d8%a7%d9%85-%d8%a8%d9%85\/","og_locale":"ar_AR","og_type":"article","og_title":"\u0645\u0627\u0643\u064a\u0646\u0629 \u062d\u0644\u0628 \u0645\u062a\u0646\u0642\u0644\u0629 FA07149 \u0644\u0644\u0645\u0627\u0639\u0632 \u0648\u0627\u0644\u0623\u063a\u0646\u0627\u0645 \u0628\u0645\u062c\u0645\u0648\u0639\u062a\u064a\u0646 \u0645\u0639 \u0645\u0636\u062e\u0629 \u062a\u0641\u0631\u064a\u063a \u0628\u062d\u0645\u0627\u0645 \u0632\u064a\u062a","og_description":"\u0627\u0643\u062a\u0634\u0641 \u0645\u0627\u0643\u064a\u0646\u0629 \u062d\u0644\u0628 \u0627\u0644\u0645\u0627\u0639\u0632 \u0648\u0627\u0644\u0623\u063a\u0646\u0627\u0645 \u0628\u0645\u062c\u0645\u0648\u0639\u062a\u064a\u0646 \u0648\u0632\u064a\u062a\u060c \u0645\u062b\u0627\u0644\u064a\u0629 \u0644\u0644\u0645\u0632\u0627\u0631\u0639 \u0627\u0644\u0639\u0645\u0644\u064a\u0629 \u0648\u0627\u0644\u0635\u062d\u064a\u0629. \u0632\u062f \u0625\u0646\u062a\u0627\u062c\u064a\u062a\u0643 \u0645\u0639 \u0647\u0630\u0647 \u0627\u0644\u0645\u0627\u0643\u064a\u0646\u0629!","og_url":"https:\/\/fdasrl.it\/ar\/prodotto\/%d9%85%d8%a7%d9%83%d9%8a%d9%86%d8%a9-%d8%ad%d9%84%d8%a8-%d9%85%d8%aa%d9%86%d9%82%d9%84%d8%a9-fa07149-%d9%84%d9%84%d9%85%d8%a7%d8%b9%d8%b2-%d9%88%d8%a7%d9%84%d8%a3%d8%ba%d9%86%d8%a7%d9%85-%d8%a8%d9%85\/","og_site_name":"FDA srl","article_publisher":"https:\/\/www.facebook.com\/share\/1MWhFWg1Tp\/?mibextid=LQQJ4d","og_image":[{"width":1100,"height":919,"url":"https:\/\/fdasrl.it\/wp-content\/uploads\/2026\/03\/mungitrice-per-pecora-e-capra-due-gruppi-a-bagno-dolio.jpg","type":"image\/jpeg"}],"twitter_card":"summary_large_image","twitter_misc":{"\u0627\u0644\u0633\u0639\u0631":"","\u0627\u0644\u062a\u0648\u0641\u0631":"\u0645\u062a\u0648\u0641\u0631 \u0641\u064a \u0627\u0644\u0645\u062e\u0632\u0648\u0646"},"schema":{"@context":"https:\/\/schema.org","@graph":[{"@type":"WebPage","@id":"https:\/\/fdasrl.it\/ar\/prodotto\/%d9%85%d8%a7%d9%83%d9%8a%d9%86%d8%a9-%d8%ad%d9%84%d8%a8-%d9%85%d8%aa%d9%86%d9%82%d9%84%d8%a9-fa07149-%d9%84%d9%84%d9%85%d8%a7%d8%b9%d8%b2-%d9%88%d8%a7%d9%84%d8%a3%d8%ba%d9%86%d8%a7%d9%85-%d8%a8%d9%85\/","url":"https:\/\/fdasrl.it\/ar\/prodotto\/%d9%85%d8%a7%d9%83%d9%8a%d9%86%d8%a9-%d8%ad%d9%84%d8%a8-%d9%85%d8%aa%d9%86%d9%82%d9%84%d8%a9-fa07149-%d9%84%d9%84%d9%85%d8%a7%d8%b9%d8%b2-%d9%88%d8%a7%d9%84%d8%a3%d8%ba%d9%86%d8%a7%d9%85-%d8%a8%d9%85\/","name":"\u0645\u0627\u0643\u064a\u0646\u0629 \u062d\u0644\u0628 \u0645\u062a\u0646\u0642\u0644\u0629 \u0645\u0627\u0639\u0632 \u0623\u063a\u0646\u0627\u0645 \u0645\u062c\u0645\u0648\u0639\u062a\u064a\u0646 \u0645\u0636\u062e\u0629 \u0628\u062d\u0645\u0627\u0645 \u0632\u064a\u062a","isPartOf":{"@id":"https:\/\/fdasrl.it\/ar\/#website"},"primaryImageOfPage":{"@id":"https:\/\/fdasrl.it\/ar\/prodotto\/%d9%85%d8%a7%d9%83%d9%8a%d9%86%d8%a9-%d8%ad%d9%84%d8%a8-%d9%85%d8%aa%d9%86%d9%82%d9%84%d8%a9-fa07149-%d9%84%d9%84%d9%85%d8%a7%d8%b9%d8%b2-%d9%88%d8%a7%d9%84%d8%a3%d8%ba%d9%86%d8%a7%d9%85-%d8%a8%d9%85\/#primaryimage"},"image":{"@id":"https:\/\/fdasrl.it\/ar\/prodotto\/%d9%85%d8%a7%d9%83%d9%8a%d9%86%d8%a9-%d8%ad%d9%84%d8%a8-%d9%85%d8%aa%d9%86%d9%82%d9%84%d8%a9-fa07149-%d9%84%d9%84%d9%85%d8%a7%d8%b9%d8%b2-%d9%88%d8%a7%d9%84%d8%a3%d8%ba%d9%86%d8%a7%d9%85-%d8%a8%d9%85\/#primaryimage"},"thumbnailUrl":"https:\/\/fdasrl.it\/wp-content\/uploads\/2026\/03\/mungitrice-per-pecora-e-capra-due-gruppi-a-bagno-dolio.jpg","datePublished":"2026-03-04T09:14:16+00:00","description":"\u0627\u0643\u062a\u0634\u0641 \u0645\u0627\u0643\u064a\u0646\u0629 \u062d\u0644\u0628 \u0627\u0644\u0645\u0627\u0639\u0632 \u0648\u0627\u0644\u0623\u063a\u0646\u0627\u0645 \u0628\u0645\u062c\u0645\u0648\u0639\u062a\u064a\u0646 \u0648\u0632\u064a\u062a\u060c \u0645\u062b\u0627\u0644\u064a\u0629 \u0644\u0644\u0645\u0632\u0627\u0631\u0639 \u0627\u0644\u0639\u0645\u0644\u064a\u0629 \u0648\u0627\u0644\u0635\u062d\u064a\u0629. \u0632\u062f \u0625\u0646\u062a\u0627\u062c\u064a\u062a\u0643 \u0645\u0639 \u0647\u0630\u0647 \u0627\u0644\u0645\u0627\u0643\u064a\u0646\u0629!","breadcrumb":{"@id":"https:\/\/fdasrl.it\/ar\/prodotto\/%d9%85%d8%a7%d9%83%d9%8a%d9%86%d8%a9-%d8%ad%d9%84%d8%a8-%d9%85%d8%aa%d9%86%d9%82%d9%84%d8%a9-fa07149-%d9%84%d9%84%d9%85%d8%a7%d8%b9%d8%b2-%d9%88%d8%a7%d9%84%d8%a3%d8%ba%d9%86%d8%a7%d9%85-%d8%a8%d9%85\/#breadcrumb"},"inLanguage":"ar","potentialAction":[{"@type":"ReadAction","target":["https:\/\/fdasrl.it\/ar\/prodotto\/%d9%85%d8%a7%d9%83%d9%8a%d9%86%d8%a9-%d8%ad%d9%84%d8%a8-%d9%85%d8%aa%d9%86%d9%82%d9%84%d8%a9-fa07149-%d9%84%d9%84%d9%85%d8%a7%d8%b9%d8%b2-%d9%88%d8%a7%d9%84%d8%a3%d8%ba%d9%86%d8%a7%d9%85-%d8%a8%d9%85\/"]}]},{"@type":"ImageObject","inLanguage":"ar","@id":"https:\/\/fdasrl.it\/ar\/prodotto\/%d9%85%d8%a7%d9%83%d9%8a%d9%86%d8%a9-%d8%ad%d9%84%d8%a8-%d9%85%d8%aa%d9%86%d9%82%d9%84%d8%a9-fa07149-%d9%84%d9%84%d9%85%d8%a7%d8%b9%d8%b2-%d9%88%d8%a7%d9%84%d8%a3%d8%ba%d9%86%d8%a7%d9%85-%d8%a8%d9%85\/#primaryimage","url":"https:\/\/fdasrl.it\/wp-content\/uploads\/2026\/03\/mungitrice-per-pecora-e-capra-due-gruppi-a-bagno-dolio.jpg","contentUrl":"https:\/\/fdasrl.it\/wp-content\/uploads\/2026\/03\/mungitrice-per-pecora-e-capra-due-gruppi-a-bagno-dolio.jpg","width":1100,"height":919,"caption":"\u0645\u0627\u0643\u064a\u0646\u0629 \u062d\u0644\u0628 \u0645\u062a\u0646\u0642\u0644\u0629 \u0644\u0644\u0645\u0627\u0639\u0632 \u0648\u0627\u0644\u0623\u063a\u0646\u0627\u0645 \u0628\u0645\u062c\u0645\u0648\u0639\u062a\u064a \u062d\u0644\u0628 \u0648\u062f\u0644\u0648 \u062d\u0644\u064a\u0628 \u0645\u0646 \u0627\u0644\u0641\u0648\u0644\u0627\u0630 \u0627\u0644\u0645\u0642\u0627\u0648\u0645 \u0644\u0644\u0635\u062f\u0623."},{"@type":"BreadcrumbList","@id":"https:\/\/fdasrl.it\/ar\/prodotto\/%d9%85%d8%a7%d9%83%d9%8a%d9%86%d8%a9-%d8%ad%d9%84%d8%a8-%d9%85%d8%aa%d9%86%d9%82%d9%84%d8%a9-fa07149-%d9%84%d9%84%d9%85%d8%a7%d8%b9%d8%b2-%d9%88%d8%a7%d9%84%d8%a3%d8%ba%d9%86%d8%a7%d9%85-%d8%a8%d9%85\/#breadcrumb","itemListElement":[{"@type":"ListItem","position":1,"name":"Home","item":"https:\/\/fdasrl.it\/ar\/%d8%a7%d9%84%d8%b1%d8%a6%d9%8a%d8%b3%d9%8a%d8%a9\/"},{"@type":"ListItem","position":2,"name":"\u0627\u0644\u0645\u062a\u062c\u0631","item":"https:\/\/fdasrl.it\/ar\/%d8%a7%d9%84%d9%85%d8%aa%d8%ac%d8%b1\/"},{"@type":"ListItem","position":3,"name":"\u0645\u0627\u0643\u064a\u0646\u0629 \u062d\u0644\u0628 \u0645\u062a\u0646\u0642\u0644\u0629 FA07149 \u0644\u0644\u0645\u0627\u0639\u0632 \u0648\u0627\u0644\u0623\u063a\u0646\u0627\u0645 \u0628\u0645\u062c\u0645\u0648\u0639\u062a\u064a\u0646 \u0645\u0639 \u0645\u0636\u062e\u0629 \u062a\u0641\u0631\u064a\u063a \u0628\u062d\u0645\u0627\u0645 \u0632\u064a\u062a"}]},{"@type":"WebSite","@id":"https:\/\/fdasrl.it\/ar\/#website","url":"https:\/\/fdasrl.it\/ar\/","name":"FDA srl","description":"Equipment for animal husbandry","publisher":{"@id":"https:\/\/fdasrl.it\/ar\/#organization"},"potentialAction":[{"@type":"SearchAction","target":{"@type":"EntryPoint","urlTemplate":"https:\/\/fdasrl.it\/ar\/?s={search_term_string}"},"query-input":{"@type":"PropertyValueSpecification","valueRequired":true,"valueName":"search_term_string"}}],"inLanguage":"ar"},{"@type":"Organization","@id":"https:\/\/fdasrl.it\/ar\/#organization","name":"FDA srl","url":"https:\/\/fdasrl.it\/ar\/","logo":{"@type":"ImageObject","inLanguage":"ar","@id":"https:\/\/fdasrl.it\/ar\/#\/schema\/logo\/image\/","url":"https:\/\/fdasrl.it\/wp-content\/uploads\/2024\/12\/Logo-FDA.png","contentUrl":"https:\/\/fdasrl.it\/wp-content\/uploads\/2024\/12\/Logo-FDA.png","width":316,"height":119,"caption":"FDA srl"},"image":{"@id":"https:\/\/fdasrl.it\/ar\/#\/schema\/logo\/image\/"},"sameAs":["https:\/\/www.facebook.com\/share\/1MWhFWg1Tp\/?mibextid=LQQJ4d","https:\/\/www.instagram.com\/fda_srl\/profilecard\/?igsh=YW5lbzJ6MWg0d21u","https:\/\/www.youtube.com\/@FDASRL_ANIMALCARE"],"description":"FDA SRL \u2013 Equipment for animal husbandry nasce con l\u2019obiettivo di offrire soluzioni affidabili e innovative per l\u2019allevamento moderno. Con anni di esperienza nel settore zootecnico, progettiamo e realizziamo attrezzature destinate al benessere animale e alla gestione efficiente delle stalle: vasche, abbeveratoi, mangiatoie e sistemi di riscaldamento pensati per durare nel tempo e semplificare il lavoro quotidiano degli allevatori. Dalla progettazione alla produzione, ogni nostro prodotto \u00e8 studiato nei minimi dettagli, testato con cura e costruito per rispondere alle esigenze reali del settore. La nostra forza \u00e8 unire artigianalit\u00e0, tecnologia e competenza tecnica per trasformare ogni progetto in una soluzione concreta e funzionale. Oggi FDA SRL \u00e8 un punto di riferimento per privati e rivenditori che cercano qualit\u00e0, affidabilit\u00e0 e innovazione nelle attrezzature per l\u2019allevamento.","email":"info@fdasrl.it","telephone":"+390522826820","legalName":"F.D.A. SRL","foundingDate":"2024-10-13","vatID":"03075840359","taxID":"03075840359","numberOfEmployees":{"@type":"QuantitativeValue","minValue":"1","maxValue":"10"}}]},"product_price_currency":"EUR","og_availability":"instock","product_availability":"instock","product_retailer_item_id":"07149","product_condition":"new"},"_links":{"self":[{"href":"https:\/\/fdasrl.it\/ar\/wp-json\/wp\/v2\/product\/2162","targetHints":{"allow":["GET"]}}],"collection":[{"href":"https:\/\/fdasrl.it\/ar\/wp-json\/wp\/v2\/product"}],"about":[{"href":"https:\/\/fdasrl.it\/ar\/wp-json\/wp\/v2\/types\/product"}],"replies":[{"embeddable":true,"href":"https:\/\/fdasrl.it\/ar\/wp-json\/wp\/v2\/comments?post=2162"}],"wp:featuredmedia":[{"embeddable":true,"href":"https:\/\/fdasrl.it\/ar\/wp-json\/wp\/v2\/media\/1140"}],"wp:attachment":[{"href":"https:\/\/fdasrl.it\/ar\/wp-json\/wp\/v2\/media?parent=2162"}],"wp:term":[{"taxonomy":"product_brand","embeddable":true,"href":"https:\/\/fdasrl.it\/ar\/wp-json\/wp\/v2\/product_brand?post=2162"},{"taxonomy":"product_cat","embeddable":true,"href":"https:\/\/fdasrl.it\/ar\/wp-json\/wp\/v2\/product_cat?post=2162"},{"taxonomy":"product_tag","embeddable":true,"href":"https:\/\/fdasrl.it\/ar\/wp-json\/wp\/v2\/product_tag?post=2162"}],"curies":[{"name":"wp","href":"https:\/\/api.w.org\/{rel}","templated":true}]}}