{"id":2192,"date":"2025-01-21T12:21:04","date_gmt":"2025-01-21T11:21:04","guid":{"rendered":"https:\/\/fdasrl.it\/prodotto\/fda-m6200p-%d8%ad%d9%84%d8%a7%d8%a8%d8%a9-%d9%84%d9%84%d9%85%d8%a7%d8%b9%d8%b2-%d8%a7%d9%84%d8%a3%d8%ba%d9%86%d8%a7%d9%85-4-%d9%85%d8%ac%d9%85%d9%88%d8%b9%d8%a7%d8%aa\/"},"modified":"2025-01-21T12:21:04","modified_gmt":"2025-01-21T11:21:04","slug":"fda-m6200p-%d8%ad%d9%84%d8%a7%d8%a8%d8%a9-%d9%84%d9%84%d9%85%d8%a7%d8%b9%d8%b2-%d8%a7%d9%84%d8%a3%d8%ba%d9%86%d8%a7%d9%85-4-%d9%85%d8%ac%d9%85%d9%88%d8%b9%d8%a7%d8%aa","status":"publish","type":"product","link":"https:\/\/fdasrl.it\/ar\/prodotto\/fda-m6200p-%d8%ad%d9%84%d8%a7%d8%a8%d8%a9-%d9%84%d9%84%d9%85%d8%a7%d8%b9%d8%b2-%d8%a7%d9%84%d8%a3%d8%ba%d9%86%d8%a7%d9%85-4-%d9%85%d8%ac%d9%85%d9%88%d8%b9%d8%a7%d8%aa\/","title":{"rendered":"FDA-M6200P &#8211; \u062d\u0644\u0627\u0628\u0629 \u0644\u0644\u0645\u0627\u0639\u0632 \/ \u0627\u0644\u0623\u063a\u0646\u0627\u0645 4 \u0645\u062c\u0645\u0648\u0639\u0627\u062a"},"content":{"rendered":"<div>\n<h3 data-start=\"306\" data-end=\"418\">\ud83d\udc10\ud83d\udc11 <strong data-start=\"315\" data-end=\"418\">\u062d\u0644\u0627\u0628\u0629 \u0643\u0647\u0631\u0628\u0627\u0626\u064a\u0629 \u0644\u0644\u0645\u0627\u0639\u0632 \u0623\u0648 \u0627\u0644\u0623\u063a\u0646\u0627\u0645 \u0628\u0640 4 \u0645\u062c\u0645\u0648\u0639\u0627\u062a \u2013 FDA-M6200P &#8211; \u0645\u0636\u062e\u0629 \u062c\u0627\u0641\u0629 280\/400 \u0644\u062a\u0631 \u2013 \u062f\u0644\u0648 \u0625\u064a\u0646\u0648\u0643\u0633 40 \u0644\u062a\u0631<\/strong><\/h3>\n<p data-start=\"420\" data-end=\"773\">\u062d\u0644\u0627\u0628\u0629 \u0627\u062d\u062a\u0631\u0627\u0641\u064a\u0629 \u0628\u0640 <strong data-start=\"447\" data-end=\"469\">4 \u0645\u062c\u0645\u0648\u0639\u0627\u062a \u062d\u0644\u0628 FDA<\/strong>\u060c \u0645\u0635\u0645\u0645\u0629 \u0644\u0644\u062d\u0644\u0628 \u0627\u0644\u0633\u0631\u064a\u0639 \u0648\u0627\u0644\u0645\u062a\u0632\u0627\u0645\u0646 \u0644\u0639\u062f\u0629 \u0631\u0624\u0648\u0633 \u0645\u0646 \u0627\u0644\u0645\u0627\u0639\u0632 \u0623\u0648 \u0627\u0644\u0623\u063a\u0646\u0627\u0645.<br data-start=\"549\" data-end=\"552\">\u0645\u0632\u0648\u062f\u0629 \u0628\u0640 <strong data-start=\"562\" data-end=\"607\">\u0645\u0636\u062e\u0629 \u062a\u0641\u0631\u064a\u063a \u062c\u0627\u0641\u0629 (280 \u0623\u0648 400 \u0644\u062a\u0631\/\u062f\u0642\u064a\u0642\u0629)<\/strong>\u060c <strong data-start=\"609\" data-end=\"632\">\u062e\u0632\u0627\u0646 \u0627\u0644\u062a\u0641\u0631\u064a\u063a<\/strong>\u060c <strong data-start=\"634\" data-end=\"658\">\u0645\u062d\u0631\u0643 \u0623\u062d\u0627\u062f\u064a \u0627\u0644\u0637\u0648\u0631 220 \u0641\u0648\u0644\u062a<\/strong>\u060c \u0648<strong data-start=\"662\" data-end=\"701\">\u062f\u0644\u0648 \u0645\u0646 \u0627\u0644\u0641\u0648\u0644\u0627\u0630 \u0627\u0644\u0645\u0642\u0627\u0648\u0645 \u0644\u0644\u0635\u062f\u0623 \u0633\u0639\u0629 40 \u0644\u062a\u0631\u0627\u064b<\/strong>\u060c \u062a\u0636\u0645\u0646 <strong data-start=\"714\" data-end=\"748\">\u0627\u0644\u0643\u0641\u0627\u0621\u0629 \u0648\u0627\u0644\u0646\u0638\u0627\u0641\u0629 \u0648\u0627\u0644\u0639\u0645\u0644\u064a\u0629<\/strong> \u0641\u064a \u0643\u0644 \u0645\u0631\u062d\u0644\u0629 \u0645\u0646 \u0645\u0631\u0627\u062d\u0644 \u0627\u0644\u0639\u0645\u0644.<\/p>\n<p data-start=\"775\" data-end=\"889\">\u0647\u0630\u0647 \u0627\u0644\u0622\u0644\u0629 \u0645\u062b\u0627\u0644\u064a\u0629 \u0644\u0644\u0645\u0632\u0627\u0631\u0639 \u0627\u0644\u0645\u0646\u0638\u0645\u0629 \u0627\u0644\u062a\u064a \u062a\u062d\u062a\u0627\u062c \u0625\u0644\u0649 \u0627\u0644\u0633\u0631\u0639\u0629 \u0648\u0627\u0644\u0642\u062f\u0631\u0629 \u0648\u0627\u0644\u0645\u0648\u062b\u0648\u0642\u064a\u0629 \u0627\u0644\u0642\u0635\u0648\u0649.<\/p>\n<hr data-start=\"891\" data-end=\"894\">\n<h3 data-start=\"896\" data-end=\"932\">\u2699\ufe0f <strong data-start=\"903\" data-end=\"932\">\u0627\u0644\u0645\u0648\u0627\u0635\u0641\u0627\u062a \u0627\u0644\u0641\u0646\u064a\u0629:<\/strong><\/h3>\n<ul data-start=\"933\" data-end=\"1280\">\n<li data-start=\"933\" data-end=\"990\">\n<p data-start=\"935\" data-end=\"990\"><strong data-start=\"935\" data-end=\"962\">\u0645\u0636\u062e\u0629 \u062a\u0641\u0631\u064a\u063a \u062c\u0627\u0641\u0629<\/strong> \u0628\u0633\u0639\u0629 280 \u0623\u0648 400 \u0644\u062a\u0631\/\u062f\u0642\u064a\u0642\u0629<\/p>\n<\/li>\n<li data-start=\"991\" data-end=\"1039\">\n<p data-start=\"993\" data-end=\"1039\"><strong data-start=\"993\" data-end=\"1022\">\u0645\u062d\u0631\u0643 \u0643\u0647\u0631\u0628\u0627\u0626\u064a \u0623\u062d\u0627\u062f\u064a \u0627\u0644\u0637\u0648\u0631<\/strong> 220 \u0641\u0648\u0644\u062a \u2013 0.55 \u0643\u064a\u0644\u0648\u0648\u0627\u062a<\/p>\n<\/li>\n<li data-start=\"1040\" data-end=\"1093\">\n<p data-start=\"1042\" data-end=\"1093\"><strong data-start=\"1042\" data-end=\"1065\">\u062e\u0632\u0627\u0646 \u0627\u0644\u062a\u0641\u0631\u064a\u063a<\/strong> \u0645\u062a\u0643\u0627\u0645\u0644 \u0648\u0642\u0627\u0628\u0644 \u0644\u0644\u0641\u062d\u0635<\/p>\n<\/li>\n<li data-start=\"1094\" data-end=\"1137\">\n<p data-start=\"1096\" data-end=\"1137\"><strong data-start=\"1096\" data-end=\"1123\">\u062f\u0644\u0648 \u0645\u0646 \u0627\u0644\u0641\u0648\u0644\u0627\u0630 \u0627\u0644\u0645\u0642\u0627\u0648\u0645 \u0644\u0644\u0635\u062f\u0623<\/strong> \u0633\u0639\u0629 40 \u0644\u062a\u0631\u0627\u064b<\/p>\n<\/li>\n<li data-start=\"1138\" data-end=\"1188\">\n<p data-start=\"1140\" data-end=\"1188\"><strong data-start=\"1140\" data-end=\"1158\">\u062e\u0631\u0627\u0637\u064a\u0645 \u0627\u0644\u062d\u0644\u0628<\/strong> \u0628\u0637\u0648\u0644 2.5 \u0645\u062a\u0631 \u0644\u0643\u0644 \u0645\u062c\u0645\u0648\u0639\u0629<\/p>\n<\/li>\n<li data-start=\"1189\" data-end=\"1234\">\n<p data-start=\"1191\" data-end=\"1234\"><strong data-start=\"1191\" data-end=\"1224\">\u0645\u062c\u0645\u0648\u0639\u0629 \u0641\u0631\u0634 \u0627\u0644\u062a\u0646\u0638\u064a\u0641<\/strong> \u0645\u0634\u0645\u0648\u0644\u0629<\/p>\n<\/li>\n<li data-start=\"1235\" data-end=\"1280\">\n<p data-start=\"1237\" data-end=\"1280\"><strong data-start=\"1237\" data-end=\"1258\">\u0634\u0647\u0627\u062f\u0629 CE<\/strong> \u0644\u0644\u0627\u0633\u062a\u062e\u062f\u0627\u0645 \u0627\u0644\u0627\u062d\u062a\u0631\u0627\u0641\u064a<\/p>\n<\/li>\n<\/ul>\n<hr data-start=\"1282\" data-end=\"1285\">\n<h3 data-start=\"1287\" data-end=\"1316\">\ud83e\uddf0 <strong data-start=\"1294\" data-end=\"1316\">\u0627\u0644\u0645\u0644\u062d\u0642\u0627\u062a \u0627\u0644\u0645\u0634\u0645\u0648\u0644\u0629:<\/strong><\/h3>\n<ul data-start=\"1317\" data-end=\"1745\">\n<li data-start=\"1317\" data-end=\"1386\">\n<p data-start=\"1319\" data-end=\"1386\">4 \u0645\u062c\u0645\u0648\u0639\u0627\u062a \u062d\u0644\u0628 \u0643\u0627\u0645\u0644\u0629 \u0644\u0640 <strong data-start=\"1351\" data-end=\"1360\">\u0627\u0644\u0645\u0627\u0639\u0632<\/strong> \u0623\u0648 <strong data-start=\"1363\" data-end=\"1373\">\u0627\u0644\u0623\u063a\u0646\u0627\u0645<\/strong> (\u062d\u0633\u0628 \u0627\u0644\u0627\u062e\u062a\u064a\u0627\u0631)<\/p>\n<\/li>\n<li data-start=\"1387\" data-end=\"1431\">\n<p data-start=\"1389\" data-end=\"1431\">\u0635\u0645\u0627\u0645\u0627\u062a \u0634\u0628\u0647 \u0623\u0648\u062a\u0648\u0645\u0627\u062a\u064a\u0643\u064a\u0629 \u0644\u0643\u0644 \u0645\u062c\u0645\u0648\u0639\u0629<\/p>\n<\/li>\n<li data-start=\"1432\" data-end=\"1475\">\n<p data-start=\"1434\" data-end=\"1475\">\u0645\u062c\u0645\u0639\u0627\u062a \u062d\u0644\u064a\u0628 \u0645\u062e\u0635\u0635\u0629 \u0644\u0644\u0645\u0627\u0639\u0632 \u0623\u0648 \u0627\u0644\u0623\u063a\u0646\u0627\u0645<\/p>\n<\/li>\n<li data-start=\"1476\" data-end=\"1500\">\n<p data-start=\"1478\" data-end=\"1500\">\u0646\u0627\u0628\u0636\u0627\u062a \u0647\u0648\u0627\u0626\u064a\u0629<\/p>\n<\/li>\n<li data-start=\"1501\" data-end=\"1540\">\n<p data-start=\"1503\" data-end=\"1540\">\u0631\u064a\u0634 \u0645\u0646 \u0627\u0644\u062c\u0631\u0627\u0641\u064a\u062a \u0630\u0627\u062a\u064a\u0629 \u0627\u0644\u062a\u0634\u062d\u064a\u0645<\/p>\n<\/li>\n<li data-start=\"1541\" data-end=\"1579\">\n<p data-start=\"1543\" data-end=\"1579\">\u0645\u0642\u064a\u0627\u0633 \u0627\u0644\u062a\u0641\u0631\u064a\u063a \u0644\u0644\u062a\u062d\u0643\u0645 \u0641\u064a \u0627\u0644\u0641\u0631\u0627\u063a<\/p>\n<\/li>\n<li data-start=\"1580\" data-end=\"1621\">\n<p data-start=\"1582\" data-end=\"1621\">\u0635\u0646\u0628\u0648\u0631 1\/2&#8243; \u0644\u0625\u062f\u0627\u0631\u0629 \u0627\u0644\u062a\u0641\u0631\u064a\u063a<\/p>\n<\/li>\n<li data-start=\"1622\" data-end=\"1653\">\n<p data-start=\"1624\" data-end=\"1653\">\u063a\u0644\u0627\u0641 \u0633\u064a\u0644\u064a\u0643\u0648\u0646 + \u0643\u0624\u0648\u0633<\/p>\n<\/li>\n<li data-start=\"1654\" data-end=\"1690\">\n<p data-start=\"1656\" data-end=\"1690\">\u0635\u0645\u0627\u0645 \u062a\u0646\u0638\u064a\u0645 \u0627\u0644\u0641\u0631\u0627\u063a<\/p>\n<\/li>\n<li data-start=\"1691\" data-end=\"1745\">\n<p data-start=\"1693\" data-end=\"1745\">\u0645\u0636\u062e\u0629 \u062a\u0641\u0631\u064a\u063a 280 \u0623\u0648 400 \u0644\u062a\u0631\/\u062f\u0642\u064a\u0642\u0629 \u0645\u0639 \u0645\u062d\u0631\u0643 \u0643\u0647\u0631\u0628\u0627\u0626\u064a<\/p>\n<\/li>\n<\/ul>\n<hr data-start=\"1747\" data-end=\"1750\">\n<h3 data-start=\"1752\" data-end=\"1774\">\ud83c\udfaf <strong data-start=\"1759\" data-end=\"1774\">\u0645\u062b\u0627\u0644\u064a\u0629 \u0644\u0640:<\/strong><\/h3>\n<ul data-start=\"1775\" data-end=\"1947\">\n<li data-start=\"1775\" data-end=\"1824\">\n<p data-start=\"1777\" data-end=\"1824\">\u062d\u0644\u0628 \u0633\u0631\u064a\u0639 \u0644\u0640 4 \u0631\u0624\u0648\u0633 \u0641\u064a \u0648\u0642\u062a \u0648\u0627\u062d\u062f<\/p>\n<\/li>\n<li data-start=\"1825\" data-end=\"1885\">\n<p data-start=\"1827\" data-end=\"1885\">\u0645\u0631\u0628\u0648 \u0627\u0644\u0645\u0627\u0639\u0632 \u0623\u0648 \u0627\u0644\u0623\u063a\u0646\u0627\u0645 \u0630\u0648\u0648 \u0627\u0644\u0623\u062d\u062c\u0627\u0645 \u0627\u0644\u0645\u062a\u0648\u0633\u0637\u0629\/\u0627\u0644\u0643\u0628\u064a\u0631\u0629<\/p>\n<\/li>\n<li data-start=\"1886\" data-end=\"1947\">\n<p data-start=\"1888\" data-end=\"1947\">\u0645\u0646 \u064a\u0628\u062d\u062b \u0639\u0646 \u062d\u0644\u0627\u0628\u0629 <strong data-start=\"1913\" data-end=\"1945\">\u0642\u0648\u064a\u0629 \u0648\u0643\u0627\u0645\u0644\u0629 \u0648\u0645\u062a\u064a\u0646\u0629<\/strong><\/p>\n<\/li>\n<\/ul>\n<hr data-start=\"1949\" data-end=\"1952\">\n<h3 data-start=\"1954\" data-end=\"1993\">\ud83d\uded2 <strong data-start=\"1961\" data-end=\"1993\">\u0645\u062a\u0648\u0641\u0631\u0629 \u0628\u0646\u0633\u062e\u062a\u064a\u0646:<\/strong><\/h3>\n<ul data-start=\"1994\" data-end=\"2080\">\n<li data-start=\"1994\" data-end=\"2037\">\n<p data-start=\"1996\" data-end=\"2037\">\u2705 [<strong data-start=\"1999\" data-end=\"2021\">\u0646\u0633\u062e\u0629 \u0644\u0644\u0645\u0627\u0639\u0632<\/strong> \u2013 <a href=\"https:\/\/fda-shop.it\/shop\/mungitura\/mungitrici-carrellate\/mungitrice-capra\/mungitrice-capre-quattro-gruppi-mungitura#\/261-tipo-motore_standard_280_litri\">\u0627\u0636\u063a\u0637 \u0647\u0646\u0627<\/a>]<\/p>\n<\/li>\n<li data-start=\"2038\" data-end=\"2080\">\n<p data-start=\"2040\" data-end=\"2080\">\u2705 [<strong data-start=\"2043\" data-end=\"2066\">\u0646\u0633\u062e\u0629 \u0644\u0644\u0623\u063a\u0646\u0627\u0645<\/strong> \u2013 <a href=\"https:\/\/fda-shop.it\/shop\/mungitura\/mungitrici-carrellate\/mungitrice-pecore\/mungitrice-pecora-quattro-gruppi-mungitura#\/261-tipo-motore_standard_280_litri\">\u0627\u0636\u063a\u0637 \u0647\u0646\u0627<\/a>]<\/p>\n<\/li>\n<\/ul>\n<\/div>\n","protected":false},"excerpt":{"rendered":"<p>\u062d\u0644\u0627\u0628\u0629 \u0643\u0647\u0631\u0628\u0627\u0626\u064a\u0629 4 \u0645\u062c\u0645\u0648\u0639\u0627\u062a \u0644\u0644\u0645\u0627\u0639\u0632 \u0623\u0648 \u0627\u0644\u0623\u063a\u0646\u0627\u0645\u060c \u0645\u0639 \u0645\u0636\u062e\u0629 \u062c\u0627\u0641\u0629 280 \u0623\u0648 400 \u0644\u062a\u0631\/\u062f\u0642\u064a\u0642\u0629\u060c \u062f\u0644\u0648 \u0625\u064a\u0646\u0648\u0643\u0633 40 \u0644\u062a\u0631 \u0648\u0645\u0644\u062d\u0642\u0627\u062a \u0645\u0634\u0645\u0648\u0644\u0629. \u0645\u062b\u0627\u0644\u064a\u0629 \u0644\u0644\u062d\u0644\u0628 \u0627\u0644\u0627\u062d\u062a\u0631\u0627\u0641\u064a. <\/p>\n","protected":false},"featured_media":425,"comment_status":"open","ping_status":"closed","template":"","meta":{"_et_pb_use_builder":"","_et_pb_old_content":"","_et_gb_content_width":""},"product_brand":[],"product_cat":[387,386],"product_tag":[485],"class_list":{"0":"post-2192","1":"product","2":"type-product","3":"status-publish","4":"has-post-thumbnail","6":"product_cat-387","7":"product_cat-386","8":"product_tag-m6200p","10":"first","11":"instock","12":"shipping-taxable","13":"product-type-simple"},"yoast_head":"<!-- This site is optimized with the Yoast SEO Premium plugin v27.5 (Yoast SEO v27.5) - https:\/\/yoast.com\/product\/yoast-seo-premium-wordpress\/ -->\n<title>\u062d\u0644\u0627\u0628\u0629 \u0643\u0647\u0631\u0628\u0627\u0626\u064a\u0629 4 \u0645\u062c\u0645\u0648\u0639\u0627\u062a \u0644\u0644\u0645\u0627\u0639\u0632 \u0648\u0627\u0644\u0623\u063a\u0646\u0627\u0645 \u0645\u062b\u0627\u0644\u064a\u0629 \u0644\u0644\u0645\u0632\u0627\u0631\u0639 - FDA srl<\/title>\n<meta name=\"description\" content=\"\u0627\u0643\u062a\u0634\u0641 \u062d\u0644\u0627\u0628\u0629 FDA \u0627\u0644\u0643\u0647\u0631\u0628\u0627\u0626\u064a\u0629 4 \u0645\u062c\u0645\u0648\u0639\u0627\u062a \u0644\u0644\u0645\u0627\u0639\u0632 \u0648\u0627\u0644\u0623\u063a\u0646\u0627\u0645\u060c \u0645\u0635\u0645\u0645\u0629 \u0644\u0644\u062d\u0644\u0628 \u0627\u0644\u0633\u0631\u064a\u0639 \u0648\u0627\u0644\u0635\u062d\u064a. \u0643\u0641\u0627\u0621\u0629 \u0648\u0639\u0645\u0644\u064a\u0629 \u0641\u064a \u0643\u0644 \u0645\u0631\u062d\u0644\u0629!\" \/>\n<meta name=\"robots\" content=\"index, follow, max-snippet:-1, max-image-preview:large, max-video-preview:-1\" \/>\n<link rel=\"canonical\" href=\"https:\/\/fdasrl.it\/ar\/prodotto\/fda-m6200p-%d8%ad%d9%84%d8%a7%d8%a8%d8%a9-%d9%84%d9%84%d9%85%d8%a7%d8%b9%d8%b2-%d8%a7%d9%84%d8%a3%d8%ba%d9%86%d8%a7%d9%85-4-%d9%85%d8%ac%d9%85%d9%88%d8%b9%d8%a7%d8%aa\/\" \/>\n<meta property=\"og:locale\" content=\"ar_AR\" \/>\n<meta property=\"og:type\" content=\"article\" \/>\n<meta property=\"og:title\" content=\"FDA-M6200P - \u062d\u0644\u0627\u0628\u0629 \u0644\u0644\u0645\u0627\u0639\u0632 \/ \u0627\u0644\u0623\u063a\u0646\u0627\u0645 4 \u0645\u062c\u0645\u0648\u0639\u0627\u062a\" \/>\n<meta property=\"og:description\" content=\"\u0627\u0643\u062a\u0634\u0641 \u062d\u0644\u0627\u0628\u0629 FDA \u0627\u0644\u0643\u0647\u0631\u0628\u0627\u0626\u064a\u0629 4 \u0645\u062c\u0645\u0648\u0639\u0627\u062a \u0644\u0644\u0645\u0627\u0639\u0632 \u0648\u0627\u0644\u0623\u063a\u0646\u0627\u0645\u060c \u0645\u0635\u0645\u0645\u0629 \u0644\u0644\u062d\u0644\u0628 \u0627\u0644\u0633\u0631\u064a\u0639 \u0648\u0627\u0644\u0635\u062d\u064a. \u0643\u0641\u0627\u0621\u0629 \u0648\u0639\u0645\u0644\u064a\u0629 \u0641\u064a \u0643\u0644 \u0645\u0631\u062d\u0644\u0629!\" \/>\n<meta property=\"og:url\" content=\"https:\/\/fdasrl.it\/ar\/prodotto\/fda-m6200p-%d8%ad%d9%84%d8%a7%d8%a8%d8%a9-%d9%84%d9%84%d9%85%d8%a7%d8%b9%d8%b2-%d8%a7%d9%84%d8%a3%d8%ba%d9%86%d8%a7%d9%85-4-%d9%85%d8%ac%d9%85%d9%88%d8%b9%d8%a7%d8%aa\/\" \/>\n<meta property=\"og:site_name\" content=\"FDA srl\" \/>\n<meta property=\"article:publisher\" content=\"https:\/\/www.facebook.com\/share\/1MWhFWg1Tp\/?mibextid=LQQJ4d\" \/>\n<meta property=\"og:image\" content=\"https:\/\/fdasrl.it\/wp-content\/uploads\/2025\/01\/m6200P_1.jpg\" \/>\n\t<meta property=\"og:image:width\" content=\"800\" \/>\n\t<meta property=\"og:image:height\" content=\"737\" \/>\n\t<meta property=\"og:image:type\" content=\"image\/jpeg\" \/>\n<meta name=\"twitter:card\" content=\"summary_large_image\" \/>\n<meta name=\"twitter:label1\" content=\"\u0627\u0644\u0633\u0639\u0631\" \/>\n\t<meta name=\"twitter:data1\" content=\"\" \/>\n\t<meta name=\"twitter:label2\" content=\"\u0627\u0644\u062a\u0648\u0641\u0631\" \/>\n\t<meta name=\"twitter:data2\" content=\"\u0645\u062a\u0648\u0641\u0631 \u0641\u064a \u0627\u0644\u0645\u062e\u0632\u0648\u0646\" \/>\n<meta property=\"product:price:currency\" content=\"EUR\" \/>\n<meta property=\"og:availability\" content=\"instock\" \/>\n<meta property=\"product:availability\" content=\"instock\" \/>\n<meta property=\"product:retailer_item_id\" content=\"FDA-M6200P\" \/>\n<meta property=\"product:condition\" content=\"new\" \/>\n<!-- \/ Yoast SEO Premium plugin. -->","yoast_head_json":{"title":"\u062d\u0644\u0627\u0628\u0629 \u0643\u0647\u0631\u0628\u0627\u0626\u064a\u0629 4 \u0645\u062c\u0645\u0648\u0639\u0627\u062a \u0644\u0644\u0645\u0627\u0639\u0632 \u0648\u0627\u0644\u0623\u063a\u0646\u0627\u0645 \u0645\u062b\u0627\u0644\u064a\u0629 \u0644\u0644\u0645\u0632\u0627\u0631\u0639 - FDA srl","description":"\u0627\u0643\u062a\u0634\u0641 \u062d\u0644\u0627\u0628\u0629 FDA \u0627\u0644\u0643\u0647\u0631\u0628\u0627\u0626\u064a\u0629 4 \u0645\u062c\u0645\u0648\u0639\u0627\u062a \u0644\u0644\u0645\u0627\u0639\u0632 \u0648\u0627\u0644\u0623\u063a\u0646\u0627\u0645\u060c \u0645\u0635\u0645\u0645\u0629 \u0644\u0644\u062d\u0644\u0628 \u0627\u0644\u0633\u0631\u064a\u0639 \u0648\u0627\u0644\u0635\u062d\u064a. \u0643\u0641\u0627\u0621\u0629 \u0648\u0639\u0645\u0644\u064a\u0629 \u0641\u064a \u0643\u0644 \u0645\u0631\u062d\u0644\u0629!","robots":{"index":"index","follow":"follow","max-snippet":"max-snippet:-1","max-image-preview":"max-image-preview:large","max-video-preview":"max-video-preview:-1"},"canonical":"https:\/\/fdasrl.it\/ar\/prodotto\/fda-m6200p-%d8%ad%d9%84%d8%a7%d8%a8%d8%a9-%d9%84%d9%84%d9%85%d8%a7%d8%b9%d8%b2-%d8%a7%d9%84%d8%a3%d8%ba%d9%86%d8%a7%d9%85-4-%d9%85%d8%ac%d9%85%d9%88%d8%b9%d8%a7%d8%aa\/","og_locale":"ar_AR","og_type":"article","og_title":"FDA-M6200P - \u062d\u0644\u0627\u0628\u0629 \u0644\u0644\u0645\u0627\u0639\u0632 \/ \u0627\u0644\u0623\u063a\u0646\u0627\u0645 4 \u0645\u062c\u0645\u0648\u0639\u0627\u062a","og_description":"\u0627\u0643\u062a\u0634\u0641 \u062d\u0644\u0627\u0628\u0629 FDA \u0627\u0644\u0643\u0647\u0631\u0628\u0627\u0626\u064a\u0629 4 \u0645\u062c\u0645\u0648\u0639\u0627\u062a \u0644\u0644\u0645\u0627\u0639\u0632 \u0648\u0627\u0644\u0623\u063a\u0646\u0627\u0645\u060c \u0645\u0635\u0645\u0645\u0629 \u0644\u0644\u062d\u0644\u0628 \u0627\u0644\u0633\u0631\u064a\u0639 \u0648\u0627\u0644\u0635\u062d\u064a. \u0643\u0641\u0627\u0621\u0629 \u0648\u0639\u0645\u0644\u064a\u0629 \u0641\u064a \u0643\u0644 \u0645\u0631\u062d\u0644\u0629!","og_url":"https:\/\/fdasrl.it\/ar\/prodotto\/fda-m6200p-%d8%ad%d9%84%d8%a7%d8%a8%d8%a9-%d9%84%d9%84%d9%85%d8%a7%d8%b9%d8%b2-%d8%a7%d9%84%d8%a3%d8%ba%d9%86%d8%a7%d9%85-4-%d9%85%d8%ac%d9%85%d9%88%d8%b9%d8%a7%d8%aa\/","og_site_name":"FDA srl","article_publisher":"https:\/\/www.facebook.com\/share\/1MWhFWg1Tp\/?mibextid=LQQJ4d","og_image":[{"width":800,"height":737,"url":"https:\/\/fdasrl.it\/wp-content\/uploads\/2025\/01\/m6200P_1.jpg","type":"image\/jpeg"}],"twitter_card":"summary_large_image","twitter_misc":{"\u0627\u0644\u0633\u0639\u0631":"","\u0627\u0644\u062a\u0648\u0641\u0631":"\u0645\u062a\u0648\u0641\u0631 \u0641\u064a \u0627\u0644\u0645\u062e\u0632\u0648\u0646"},"schema":{"@context":"https:\/\/schema.org","@graph":[{"@type":"WebPage","@id":"https:\/\/fdasrl.it\/ar\/prodotto\/fda-m6200p-%d8%ad%d9%84%d8%a7%d8%a8%d8%a9-%d9%84%d9%84%d9%85%d8%a7%d8%b9%d8%b2-%d8%a7%d9%84%d8%a3%d8%ba%d9%86%d8%a7%d9%85-4-%d9%85%d8%ac%d9%85%d9%88%d8%b9%d8%a7%d8%aa\/","url":"https:\/\/fdasrl.it\/ar\/prodotto\/fda-m6200p-%d8%ad%d9%84%d8%a7%d8%a8%d8%a9-%d9%84%d9%84%d9%85%d8%a7%d8%b9%d8%b2-%d8%a7%d9%84%d8%a3%d8%ba%d9%86%d8%a7%d9%85-4-%d9%85%d8%ac%d9%85%d9%88%d8%b9%d8%a7%d8%aa\/","name":"\u062d\u0644\u0627\u0628\u0629 \u0643\u0647\u0631\u0628\u0627\u0626\u064a\u0629 4 \u0645\u062c\u0645\u0648\u0639\u0627\u062a \u0644\u0644\u0645\u0627\u0639\u0632 \u0648\u0627\u0644\u0623\u063a\u0646\u0627\u0645 \u0645\u062b\u0627\u0644\u064a\u0629 \u0644\u0644\u0645\u0632\u0627\u0631\u0639 - FDA srl","isPartOf":{"@id":"https:\/\/fdasrl.it\/ar\/#website"},"primaryImageOfPage":{"@id":"https:\/\/fdasrl.it\/ar\/prodotto\/fda-m6200p-%d8%ad%d9%84%d8%a7%d8%a8%d8%a9-%d9%84%d9%84%d9%85%d8%a7%d8%b9%d8%b2-%d8%a7%d9%84%d8%a3%d8%ba%d9%86%d8%a7%d9%85-4-%d9%85%d8%ac%d9%85%d9%88%d8%b9%d8%a7%d8%aa\/#primaryimage"},"image":{"@id":"https:\/\/fdasrl.it\/ar\/prodotto\/fda-m6200p-%d8%ad%d9%84%d8%a7%d8%a8%d8%a9-%d9%84%d9%84%d9%85%d8%a7%d8%b9%d8%b2-%d8%a7%d9%84%d8%a3%d8%ba%d9%86%d8%a7%d9%85-4-%d9%85%d8%ac%d9%85%d9%88%d8%b9%d8%a7%d8%aa\/#primaryimage"},"thumbnailUrl":"https:\/\/fdasrl.it\/wp-content\/uploads\/2025\/01\/m6200P_1.jpg","datePublished":"2025-01-21T11:21:04+00:00","description":"\u0627\u0643\u062a\u0634\u0641 \u062d\u0644\u0627\u0628\u0629 FDA \u0627\u0644\u0643\u0647\u0631\u0628\u0627\u0626\u064a\u0629 4 \u0645\u062c\u0645\u0648\u0639\u0627\u062a \u0644\u0644\u0645\u0627\u0639\u0632 \u0648\u0627\u0644\u0623\u063a\u0646\u0627\u0645\u060c \u0645\u0635\u0645\u0645\u0629 \u0644\u0644\u062d\u0644\u0628 \u0627\u0644\u0633\u0631\u064a\u0639 \u0648\u0627\u0644\u0635\u062d\u064a. \u0643\u0641\u0627\u0621\u0629 \u0648\u0639\u0645\u0644\u064a\u0629 \u0641\u064a \u0643\u0644 \u0645\u0631\u062d\u0644\u0629!","breadcrumb":{"@id":"https:\/\/fdasrl.it\/ar\/prodotto\/fda-m6200p-%d8%ad%d9%84%d8%a7%d8%a8%d8%a9-%d9%84%d9%84%d9%85%d8%a7%d8%b9%d8%b2-%d8%a7%d9%84%d8%a3%d8%ba%d9%86%d8%a7%d9%85-4-%d9%85%d8%ac%d9%85%d9%88%d8%b9%d8%a7%d8%aa\/#breadcrumb"},"inLanguage":"ar","potentialAction":[{"@type":"ReadAction","target":["https:\/\/fdasrl.it\/ar\/prodotto\/fda-m6200p-%d8%ad%d9%84%d8%a7%d8%a8%d8%a9-%d9%84%d9%84%d9%85%d8%a7%d8%b9%d8%b2-%d8%a7%d9%84%d8%a3%d8%ba%d9%86%d8%a7%d9%85-4-%d9%85%d8%ac%d9%85%d9%88%d8%b9%d8%a7%d8%aa\/"]}]},{"@type":"ImageObject","inLanguage":"ar","@id":"https:\/\/fdasrl.it\/ar\/prodotto\/fda-m6200p-%d8%ad%d9%84%d8%a7%d8%a8%d8%a9-%d9%84%d9%84%d9%85%d8%a7%d8%b9%d8%b2-%d8%a7%d9%84%d8%a3%d8%ba%d9%86%d8%a7%d9%85-4-%d9%85%d8%ac%d9%85%d9%88%d8%b9%d8%a7%d8%aa\/#primaryimage","url":"https:\/\/fdasrl.it\/wp-content\/uploads\/2025\/01\/m6200P_1.jpg","contentUrl":"https:\/\/fdasrl.it\/wp-content\/uploads\/2025\/01\/m6200P_1.jpg","width":800,"height":737,"caption":"\u062d\u0644\u0627\u0628\u0629 \u0644\u0644\u0645\u0627\u0639\u0632 \/ \u0627\u0644\u0623\u063a\u0646\u0627\u0645 \u0628\u0640 4 \u0645\u062c\u0645\u0648\u0639\u0627\u062a FDA SRL"},{"@type":"BreadcrumbList","@id":"https:\/\/fdasrl.it\/ar\/prodotto\/fda-m6200p-%d8%ad%d9%84%d8%a7%d8%a8%d8%a9-%d9%84%d9%84%d9%85%d8%a7%d8%b9%d8%b2-%d8%a7%d9%84%d8%a3%d8%ba%d9%86%d8%a7%d9%85-4-%d9%85%d8%ac%d9%85%d9%88%d8%b9%d8%a7%d8%aa\/#breadcrumb","itemListElement":[{"@type":"ListItem","position":1,"name":"Home","item":"https:\/\/fdasrl.it\/ar\/%d8%a7%d9%84%d8%b1%d8%a6%d9%8a%d8%b3%d9%8a%d8%a9\/"},{"@type":"ListItem","position":2,"name":"\u0627\u0644\u0645\u062a\u062c\u0631","item":"https:\/\/fdasrl.it\/ar\/%d8%a7%d9%84%d9%85%d8%aa%d8%ac%d8%b1\/"},{"@type":"ListItem","position":3,"name":"FDA-M6200P &#8211; \u062d\u0644\u0627\u0628\u0629 \u0644\u0644\u0645\u0627\u0639\u0632 \/ \u0627\u0644\u0623\u063a\u0646\u0627\u0645 4 \u0645\u062c\u0645\u0648\u0639\u0627\u062a"}]},{"@type":"WebSite","@id":"https:\/\/fdasrl.it\/ar\/#website","url":"https:\/\/fdasrl.it\/ar\/","name":"FDA srl","description":"Equipment for animal husbandry","publisher":{"@id":"https:\/\/fdasrl.it\/ar\/#organization"},"potentialAction":[{"@type":"SearchAction","target":{"@type":"EntryPoint","urlTemplate":"https:\/\/fdasrl.it\/ar\/?s={search_term_string}"},"query-input":{"@type":"PropertyValueSpecification","valueRequired":true,"valueName":"search_term_string"}}],"inLanguage":"ar"},{"@type":"Organization","@id":"https:\/\/fdasrl.it\/ar\/#organization","name":"FDA srl","url":"https:\/\/fdasrl.it\/ar\/","logo":{"@type":"ImageObject","inLanguage":"ar","@id":"https:\/\/fdasrl.it\/ar\/#\/schema\/logo\/image\/","url":"https:\/\/fdasrl.it\/wp-content\/uploads\/2024\/12\/Logo-FDA.png","contentUrl":"https:\/\/fdasrl.it\/wp-content\/uploads\/2024\/12\/Logo-FDA.png","width":316,"height":119,"caption":"FDA srl"},"image":{"@id":"https:\/\/fdasrl.it\/ar\/#\/schema\/logo\/image\/"},"sameAs":["https:\/\/www.facebook.com\/share\/1MWhFWg1Tp\/?mibextid=LQQJ4d","https:\/\/www.instagram.com\/fda_srl\/profilecard\/?igsh=YW5lbzJ6MWg0d21u","https:\/\/www.youtube.com\/@FDASRL_ANIMALCARE"],"description":"FDA SRL \u2013 Equipment for animal husbandry nasce con l\u2019obiettivo di offrire soluzioni affidabili e innovative per l\u2019allevamento moderno. Con anni di esperienza nel settore zootecnico, progettiamo e realizziamo attrezzature destinate al benessere animale e alla gestione efficiente delle stalle: vasche, abbeveratoi, mangiatoie e sistemi di riscaldamento pensati per durare nel tempo e semplificare il lavoro quotidiano degli allevatori. Dalla progettazione alla produzione, ogni nostro prodotto \u00e8 studiato nei minimi dettagli, testato con cura e costruito per rispondere alle esigenze reali del settore. La nostra forza \u00e8 unire artigianalit\u00e0, tecnologia e competenza tecnica per trasformare ogni progetto in una soluzione concreta e funzionale. Oggi FDA SRL \u00e8 un punto di riferimento per privati e rivenditori che cercano qualit\u00e0, affidabilit\u00e0 e innovazione nelle attrezzature per l\u2019allevamento.","email":"info@fdasrl.it","telephone":"+390522826820","legalName":"F.D.A. SRL","foundingDate":"2024-10-13","vatID":"03075840359","taxID":"03075840359","numberOfEmployees":{"@type":"QuantitativeValue","minValue":"1","maxValue":"10"}}]},"product_price_currency":"EUR","og_availability":"instock","product_availability":"instock","product_retailer_item_id":"FDA-M6200P","product_condition":"new"},"_links":{"self":[{"href":"https:\/\/fdasrl.it\/ar\/wp-json\/wp\/v2\/product\/2192","targetHints":{"allow":["GET"]}}],"collection":[{"href":"https:\/\/fdasrl.it\/ar\/wp-json\/wp\/v2\/product"}],"about":[{"href":"https:\/\/fdasrl.it\/ar\/wp-json\/wp\/v2\/types\/product"}],"replies":[{"embeddable":true,"href":"https:\/\/fdasrl.it\/ar\/wp-json\/wp\/v2\/comments?post=2192"}],"wp:featuredmedia":[{"embeddable":true,"href":"https:\/\/fdasrl.it\/ar\/wp-json\/wp\/v2\/media\/425"}],"wp:attachment":[{"href":"https:\/\/fdasrl.it\/ar\/wp-json\/wp\/v2\/media?parent=2192"}],"wp:term":[{"taxonomy":"product_brand","embeddable":true,"href":"https:\/\/fdasrl.it\/ar\/wp-json\/wp\/v2\/product_brand?post=2192"},{"taxonomy":"product_cat","embeddable":true,"href":"https:\/\/fdasrl.it\/ar\/wp-json\/wp\/v2\/product_cat?post=2192"},{"taxonomy":"product_tag","embeddable":true,"href":"https:\/\/fdasrl.it\/ar\/wp-json\/wp\/v2\/product_tag?post=2192"}],"curies":[{"name":"wp","href":"https:\/\/api.w.org\/{rel}","templated":true}]}}