{"id":2326,"date":"2026-03-04T11:57:32","date_gmt":"2026-03-04T10:57:32","guid":{"rendered":"https:\/\/fdasrl.it\/prodotto\/%d9%85%d8%ad%d8%b1%d9%83-%d9%83%d9%87%d8%b1%d8%a8%d8%a7%d8%a6%d9%8a-%d9%85%d8%b9-%d9%85%d8%b6%d8%ae%d8%a9-%d9%81%d8%b1%d8%a7%d8%ba-%d8%b2%d9%8a%d8%aa%d9%8a%d8%a9-facm20612-%d8%b3%d8%b9%d8%a9-280\/"},"modified":"2026-03-04T11:57:32","modified_gmt":"2026-03-04T10:57:32","slug":"%d9%85%d8%ad%d8%b1%d9%83-%d9%83%d9%87%d8%b1%d8%a8%d8%a7%d8%a6%d9%8a-%d9%85%d8%b9-%d9%85%d8%b6%d8%ae%d8%a9-%d9%81%d8%b1%d8%a7%d8%ba-%d8%b2%d9%8a%d8%aa%d9%8a%d8%a9-facm20612-%d8%b3%d8%b9%d8%a9-280","status":"publish","type":"product","link":"https:\/\/fdasrl.it\/ar\/prodotto\/%d9%85%d8%ad%d8%b1%d9%83-%d9%83%d9%87%d8%b1%d8%a8%d8%a7%d8%a6%d9%8a-%d9%85%d8%b9-%d9%85%d8%b6%d8%ae%d8%a9-%d9%81%d8%b1%d8%a7%d8%ba-%d8%b2%d9%8a%d8%aa%d9%8a%d8%a9-facm20612-%d8%b3%d8%b9%d8%a9-280\/","title":{"rendered":"\u0645\u062d\u0631\u0643 \u0643\u0647\u0631\u0628\u0627\u0626\u064a \u0645\u0639 \u0645\u0636\u062e\u0629 \u0641\u0631\u0627\u063a \u0632\u064a\u062a\u064a\u0629 FACM20612 \u0633\u0639\u0629 280 \u0644\u062a\u0631\/\u062f\u0642\u064a\u0642\u0629 \u2013 220 \u0641\u0648\u0644\u062a 0.75 \u0643\u064a\u0644\u0648 \u0648\u0627\u0637"},"content":{"rendered":"<h1 data-start=\"119\" data-end=\"199\">\u0645\u062d\u0631\u0643 \u0643\u0647\u0631\u0628\u0627\u0626\u064a \u0645\u0639 \u0645\u0636\u062e\u0629 \u0641\u0631\u0627\u063a \u0632\u064a\u062a\u064a\u0629 FACM20612 \u0633\u0639\u0629 280 \u0644\u062a\u0631\/\u062f\u0642\u064a\u0642\u0629 \u2013 220 \u0641\u0648\u0644\u062a 0.75 \u0643\u064a\u0644\u0648 \u0648\u0627\u0637<\/h1>\n<p data-start=\"201\" data-end=\"398\">\u0625\u0646 <strong data-start=\"204\" data-end=\"217\">FACM20612<\/strong> \u0639\u0628\u0627\u0631\u0629 \u0639\u0646 <strong data-start=\"223\" data-end=\"288\">\u0645\u062d\u0631\u0643 \u0643\u0647\u0631\u0628\u0627\u0626\u064a \u0645\u0639 \u0645\u0636\u062e\u0629 \u0641\u0631\u0627\u063a \u0645\u062f\u0645\u062c\u0629 \u0628\u062d\u0645\u0627\u0645 \u0632\u064a\u062a\u064a<\/strong>\u060c \u0645\u0635\u0645\u0645 \u0644\u0644\u062a\u0637\u0628\u064a\u0642\u0627\u062a \u0627\u0644\u062d\u064a\u0648\u0627\u0646\u064a\u0629 \u0627\u0644\u062a\u064a \u062a\u062a\u0637\u0644\u0628 <strong data-start=\"351\" data-end=\"397\">\u062a\u0648\u0644\u064a\u062f \u0641\u0631\u0627\u063a \u0645\u0648\u062b\u0648\u0642 \u0648\u0645\u0633\u062a\u0645\u0631<\/strong>.<\/p>\n<p data-start=\"400\" data-end=\"593\">\u062a\u062a\u0643\u0648\u0646 \u0627\u0644\u0645\u062c\u0645\u0648\u0639\u0629 \u0645\u0646 <strong data-start=\"424\" data-end=\"476\">\u0645\u062d\u0631\u0643 \u0643\u0647\u0631\u0628\u0627\u0626\u064a \u0628\u0642\u062f\u0631\u0629 0.75 \u0643\u064a\u0644\u0648 \u0648\u0627\u0637 \u064a\u0639\u0645\u0644 \u0628\u062c\u0647\u062f 220 \u0641\u0648\u0644\u062a \u062a\u064a\u0627\u0631 \u0645\u062a\u0631\u062f\u062f<\/strong>\u060c \u0645\u062a\u0635\u0644 \u0628\u0640 <strong data-start=\"491\" data-end=\"530\">\u0645\u0636\u062e\u0629 \u0641\u0631\u0627\u063a \u0645\u0634\u062d\u0645\u0629 \u0628\u0627\u0644\u0632\u064a\u062a<\/strong>\u060c \u0642\u0627\u062f\u0631\u0629 \u0639\u0644\u0649 \u0636\u0645\u0627\u0646 <strong data-start=\"558\" data-end=\"592\">\u062a\u062f\u0641\u0642 \u064a\u0628\u0644\u063a 280 \u0644\u062a\u0631\u064b\u0627 \u0641\u064a \u0627\u0644\u062f\u0642\u064a\u0642\u0629<\/strong>.<\/p>\n<p data-start=\"595\" data-end=\"792\">\u064a\u0636\u0645\u0646 \u0647\u0630\u0627 \u0627\u0644\u062a\u0643\u0648\u064a\u0646 \u0623\u062f\u0627\u0621\u064b \u0645\u0633\u062a\u0642\u0631\u064b\u0627 \u0648\u0645\u0648\u062b\u0648\u0642\u064a\u0629 \u062a\u0634\u063a\u064a\u0644\u064a\u0629\u060c \u0645\u0645\u0627 \u064a\u062c\u0639\u0644 \u0627\u0644\u0646\u0638\u0627\u0645 \u0645\u0646\u0627\u0633\u0628\u064b\u0627 \u0628\u0634\u0643\u0644 \u062e\u0627\u0635 \u0644\u0640 <strong data-start=\"719\" data-end=\"791\">\u0623\u0646\u0638\u0645\u0629 \u0627\u0644\u062d\u0644\u0628 \u0648\u0645\u0639\u062f\u0627\u062a \u0642\u0637\u0627\u0639 \u062a\u0631\u0628\u064a\u0629 \u0627\u0644\u0645\u0627\u0634\u064a\u0629<\/strong>.<\/p>\n<hr data-start=\"794\" data-end=\"797\">\n<h2 data-start=\"799\" data-end=\"837\">\u0645\u0632\u0627\u064a\u0627 \u0646\u0638\u0627\u0645 \u0627\u0644\u062d\u0645\u0627\u0645 \u0627\u0644\u0632\u064a\u062a\u064a<\/h2>\n<p data-start=\"839\" data-end=\"935\">\u064a\u0633\u0645\u062d \u0627\u0644\u062a\u0634\u062d\u064a\u0645 \u0628\u0627\u0644\u0632\u064a\u062a \u0628\u062a\u062d\u0633\u064a\u0646 \u0643\u0641\u0627\u0621\u0629 \u0648\u0639\u0645\u0631 \u0627\u0644\u0646\u0638\u0627\u0645\u060c \u0645\u0645\u0627 \u064a\u0648\u0641\u0631:<\/p>\n<ul data-start=\"937\" data-end=\"1088\">\n<li data-start=\"937\" data-end=\"974\">\n<p data-start=\"939\" data-end=\"974\"><strong data-start=\"939\" data-end=\"974\">\u0645\u0648\u062b\u0648\u0642\u064a\u0629 \u062a\u0634\u063a\u064a\u0644\u064a\u0629 \u0623\u0643\u0628\u0631<\/strong><\/p>\n<\/li>\n<li data-start=\"975\" data-end=\"1011\">\n<p data-start=\"977\" data-end=\"1011\"><strong data-start=\"977\" data-end=\"1011\">\u062a\u0642\u0644\u064a\u0644 \u0627\u0644\u062a\u0622\u0643\u0644 \u0627\u0644\u0645\u064a\u0643\u0627\u0646\u064a\u0643\u064a<\/strong><\/p>\n<\/li>\n<li data-start=\"1012\" data-end=\"1051\">\n<p data-start=\"1014\" data-end=\"1051\"><strong data-start=\"1014\" data-end=\"1051\">\u062a\u0634\u063a\u064a\u0644 \u0645\u0646\u062a\u0638\u0645 \u0648\u0645\u0633\u062a\u0645\u0631<\/strong><\/p>\n<\/li>\n<li data-start=\"1052\" data-end=\"1088\">\n<p data-start=\"1054\" data-end=\"1088\"><strong data-start=\"1054\" data-end=\"1088\">\u0623\u062f\u0627\u0621 \u062b\u0627\u0628\u062a \u0628\u0645\u0631\u0648\u0631 \u0627\u0644\u0648\u0642\u062a<\/strong><\/p>\n<\/li>\n<\/ul>\n<p data-start=\"1090\" data-end=\"1270\">\u0628\u0641\u0636\u0644 \u0647\u064a\u0643\u0644\u0647 \u0627\u0644\u0645\u062f\u0645\u062c \u0648\u0627\u0644\u0642\u0648\u064a\u060c \u064a\u0645\u062b\u0644 <strong data-start=\"1139\" data-end=\"1152\">FACM20612<\/strong> \u062d\u0644\u0627\u064b \u0645\u062b\u0627\u0644\u064a\u064b\u0627 \u0644\u0644\u0623\u0646\u0638\u0645\u0629 \u0627\u0644\u062a\u064a \u062a\u062a\u0637\u0644\u0628 <strong data-start=\"1213\" data-end=\"1269\">\u0627\u0633\u062a\u0642\u0631\u0627\u0631\u064b\u0627 \u0641\u064a \u0627\u0644\u062a\u0634\u063a\u064a\u0644 \u0648\u0627\u0633\u062a\u0645\u0631\u0627\u0631\u064a\u0629 \u0641\u064a \u0627\u0644\u0639\u0645\u0644<\/strong>.<\/p>\n<hr data-start=\"1272\" data-end=\"1275\">\n<h2 data-start=\"1277\" data-end=\"1304\">\u0627\u0644\u0645\u0648\u0627\u0635\u0641\u0627\u062a \u0627\u0644\u0641\u0646\u064a\u0629<\/h2>\n<ul data-start=\"1306\" data-end=\"1496\">\n<li data-start=\"1306\" data-end=\"1332\">\n<p data-start=\"1308\" data-end=\"1332\"><strong data-start=\"1308\" data-end=\"1320\">\u0627\u0644\u0645\u0648\u062f\u064a\u0644:<\/strong> FACM20612<\/p>\n<\/li>\n<li data-start=\"1333\" data-end=\"1359\">\n<p data-start=\"1335\" data-end=\"1359\"><strong data-start=\"1335\" data-end=\"1347\">\u0645\u0639\u062f\u0644 \u0627\u0644\u062a\u062f\u0641\u0642:<\/strong> 280 \u0644\u062a\u0631\/\u062f\u0642\u064a\u0642\u0629<\/p>\n<\/li>\n<li data-start=\"1360\" data-end=\"1390\">\n<p data-start=\"1362\" data-end=\"1390\"><strong data-start=\"1362\" data-end=\"1380\">\u0645\u0635\u062f\u0631 \u0627\u0644\u0637\u0627\u0642\u0629:<\/strong> 220 \u0641\u0648\u0644\u062a \u062a\u064a\u0627\u0631 \u0645\u062a\u0631\u062f\u062f<\/p>\n<\/li>\n<li data-start=\"1391\" data-end=\"1422\">\n<p data-start=\"1393\" data-end=\"1422\"><strong data-start=\"1393\" data-end=\"1405\">\u0627\u0644\u0642\u062f\u0631\u0629:<\/strong> 0.75 \u0643\u064a\u0644\u0648 \u0648\u0627\u0637 (1 \u062d\u0635\u0627\u0646)<\/p>\n<\/li>\n<li data-start=\"1423\" data-end=\"1496\">\n<p data-start=\"1425\" data-end=\"1496\"><strong data-start=\"1425\" data-end=\"1444\">\u0627\u0644\u062a\u0643\u0648\u064a\u0646:<\/strong> \u0645\u062d\u0631\u0643 \u0643\u0647\u0631\u0628\u0627\u0626\u064a \u0645\u0639 \u0645\u0636\u062e\u0629 \u0641\u0631\u0627\u063a \u0628\u062d\u0645\u0627\u0645 \u0632\u064a\u062a\u064a<\/p>\n<\/li>\n<\/ul>\n<p data-start=\"1498\" data-end=\"1583\">\u0645\u0635\u0645\u0645 \u0644\u0636\u0645\u0627\u0646 <strong data-start=\"1523\" data-end=\"1582\">\u0639\u0645\u0631 \u062a\u0634\u063a\u064a\u0644\u064a \u0637\u0648\u064a\u0644 \u0648\u0623\u062f\u0627\u0621 \u062b\u0627\u0628\u062a \u0628\u0645\u0631\u0648\u0631 \u0627\u0644\u0648\u0642\u062a<\/strong>.<\/p>\n<h4 data-start=\"1954\" data-end=\"1993\">\u0627\u0644\u0645\u0648\u0632\u0639\u0648\u0646 \u0648\u0627\u0644\u062a\u062c\u0627\u0631: \u0627\u0637\u0644\u0628 \u0627\u0644\u0645\u0639\u0644\u0648\u0645\u0627\u062a <a href=\"https:\/\/fdasrl.it\/ar\/%d8%a7%d8%aa%d8%b5%d9%84-%d8%a8%d9%86%d8%a7\/\">(\u0627\u0636\u063a\u0637 \u0647\u0646\u0627)<\/a><\/h4>\n<h4 data-start=\"1954\" data-end=\"1993\">\ud83d\uded2 \u0627\u0634\u062a\u0631\u0647\u0627 \u0639\u0628\u0631 \u0627\u0644\u0625\u0646\u062a\u0631\u0646\u062a <a href=\"https:\/\/fda-shop.it\/shop\/mungitura\/accessori-mungitrici\/motore-elettrico-con-pompa-del-vuoto-ad-olio-facm20612-280-lmin-220v-075-kw\">(\u0627\u0636\u063a\u0637 \u0647\u0646\u0627)<\/a><\/h4>\n","protected":false},"excerpt":{"rendered":"<p>\u0645\u062d\u0631\u0643 \u0643\u0647\u0631\u0628\u0627\u0626\u064a \u0645\u0639 \u0645\u0636\u062e\u0629 \u0641\u0631\u0627\u063a \u0628\u062d\u0645\u0627\u0645 \u0632\u064a\u062a\u064a FACM20612 \u0633\u0639\u0629 280 \u0644\u062a\u0631\/\u062f\u0642\u064a\u0642\u0629\u060c \u0628\u062c\u0647\u062f 220 \u0641\u0648\u0644\u062a \u0648\u0642\u062f\u0631\u0629 0.75 \u0643\u064a\u0644\u0648 \u0648\u0627\u0637. \u062d\u0644 \u0645\u0648\u062b\u0648\u0642 \u0648\u0645\u062f\u0645\u062c \u0644\u0623\u0646\u0638\u0645\u0629 \u0627\u0644\u062d\u0644\u0628 \u0648\u0627\u0644\u062a\u0637\u0628\u064a\u0642\u0627\u062a \u0627\u0644\u062d\u064a\u0648\u0627\u0646\u064a\u0629 \u0627\u0644\u062a\u064a \u062a\u062a\u0637\u0644\u0628 \u062a\u0648\u0644\u064a\u062f \u0641\u0631\u0627\u063a \u0645\u0633\u062a\u0642\u0631 \u0648\u0645\u0633\u062a\u0645\u0631. <\/p>\n","protected":false},"featured_media":1160,"comment_status":"open","ping_status":"closed","template":"","meta":{"_et_pb_use_builder":"","_et_pb_old_content":"","_et_gb_content_width":""},"product_brand":[],"product_cat":[386,492],"product_tag":[532],"class_list":{"0":"post-2326","1":"product","2":"type-product","3":"status-publish","4":"has-post-thumbnail","6":"product_cat-386","7":"product_cat-492","8":"product_tag-facm20612","10":"first","11":"instock","12":"shipping-taxable","13":"product-type-simple"},"yoast_head":"<!-- This site is optimized with the Yoast SEO Premium plugin v27.5 (Yoast SEO v27.5) - https:\/\/yoast.com\/product\/yoast-seo-premium-wordpress\/ -->\n<title>\u0645\u0636\u062e\u0629 \u0641\u0631\u0627\u063a \u0628\u062d\u0645\u0627\u0645 \u0632\u064a\u062a\u064a 280 \u0644\u062a\u0631\/\u062f\u0642\u064a\u0642\u0629 \u0644\u0622\u0644\u0629 \u0627\u0644\u062d\u0644\u0628<\/title>\n<meta name=\"description\" content=\"\u0627\u0643\u062a\u0634\u0641 FACM20612\u060c \u0645\u0636\u062e\u0629 \u0627\u0644\u0641\u0631\u0627\u063a \u0628\u062d\u0645\u0627\u0645 \u0632\u064a\u062a\u064a 280 \u0644\u062a\u0631\/\u062f\u0642\u064a\u0642\u0629 \u0644\u0622\u0644\u0627\u062a \u0627\u0644\u062d\u0644\u0628 \u0648\u0627\u0644\u062a\u0637\u0628\u064a\u0642\u0627\u062a \u0627\u0644\u062d\u064a\u0648\u0627\u0646\u064a\u0629. \u062a\u0636\u0645\u0646 \u0623\u062f\u0627\u0621\u064b \u0645\u0648\u062b\u0648\u0642\u064b\u0627 \u0648\u0645\u0633\u062a\u0645\u0631\u064b\u0627.\" \/>\n<meta name=\"robots\" content=\"index, follow, max-snippet:-1, max-image-preview:large, max-video-preview:-1\" \/>\n<link rel=\"canonical\" href=\"https:\/\/fdasrl.it\/ar\/prodotto\/%d9%85%d8%ad%d8%b1%d9%83-%d9%83%d9%87%d8%b1%d8%a8%d8%a7%d8%a6%d9%8a-%d9%85%d8%b9-%d9%85%d8%b6%d8%ae%d8%a9-%d9%81%d8%b1%d8%a7%d8%ba-%d8%b2%d9%8a%d8%aa%d9%8a%d8%a9-facm20612-%d8%b3%d8%b9%d8%a9-280\/\" \/>\n<meta property=\"og:locale\" content=\"ar_AR\" \/>\n<meta property=\"og:type\" content=\"article\" \/>\n<meta property=\"og:title\" content=\"\u0645\u062d\u0631\u0643 \u0643\u0647\u0631\u0628\u0627\u0626\u064a \u0645\u0639 \u0645\u0636\u062e\u0629 \u0641\u0631\u0627\u063a \u0632\u064a\u062a\u064a\u0629 FACM20612 \u0633\u0639\u0629 280 \u0644\u062a\u0631\/\u062f\u0642\u064a\u0642\u0629 \u2013 220 \u0641\u0648\u0644\u062a 0.75 \u0643\u064a\u0644\u0648 \u0648\u0627\u0637\" \/>\n<meta property=\"og:description\" content=\"\u0627\u0643\u062a\u0634\u0641 FACM20612\u060c \u0645\u0636\u062e\u0629 \u0627\u0644\u0641\u0631\u0627\u063a \u0628\u062d\u0645\u0627\u0645 \u0632\u064a\u062a\u064a 280 \u0644\u062a\u0631\/\u062f\u0642\u064a\u0642\u0629 \u0644\u0622\u0644\u0627\u062a \u0627\u0644\u062d\u0644\u0628 \u0648\u0627\u0644\u062a\u0637\u0628\u064a\u0642\u0627\u062a \u0627\u0644\u062d\u064a\u0648\u0627\u0646\u064a\u0629. \u062a\u0636\u0645\u0646 \u0623\u062f\u0627\u0621\u064b \u0645\u0648\u062b\u0648\u0642\u064b\u0627 \u0648\u0645\u0633\u062a\u0645\u0631\u064b\u0627.\" \/>\n<meta property=\"og:url\" content=\"https:\/\/fdasrl.it\/ar\/prodotto\/%d9%85%d8%ad%d8%b1%d9%83-%d9%83%d9%87%d8%b1%d8%a8%d8%a7%d8%a6%d9%8a-%d9%85%d8%b9-%d9%85%d8%b6%d8%ae%d8%a9-%d9%81%d8%b1%d8%a7%d8%ba-%d8%b2%d9%8a%d8%aa%d9%8a%d8%a9-facm20612-%d8%b3%d8%b9%d8%a9-280\/\" \/>\n<meta property=\"og:site_name\" content=\"FDA srl\" \/>\n<meta property=\"article:publisher\" content=\"https:\/\/www.facebook.com\/share\/1MWhFWg1Tp\/?mibextid=LQQJ4d\" \/>\n<meta property=\"og:image\" content=\"https:\/\/fdasrl.it\/wp-content\/uploads\/2026\/03\/motore-elettrico-con-pompa-del-vuoto-ad-olio-facm20612-280-lmin-220v-075-kw-1-white.webp\" \/>\n\t<meta property=\"og:image:width\" content=\"1501\" \/>\n\t<meta property=\"og:image:height\" content=\"1860\" \/>\n\t<meta property=\"og:image:type\" content=\"image\/webp\" \/>\n<meta name=\"twitter:card\" content=\"summary_large_image\" \/>\n<meta name=\"twitter:label1\" content=\"\u0627\u0644\u0633\u0639\u0631\" \/>\n\t<meta name=\"twitter:data1\" content=\"\" \/>\n\t<meta name=\"twitter:label2\" content=\"\u0627\u0644\u062a\u0648\u0641\u0631\" \/>\n\t<meta name=\"twitter:data2\" content=\"\u0645\u062a\u0648\u0641\u0631 \u0641\u064a \u0627\u0644\u0645\u062e\u0632\u0648\u0646\" \/>\n<meta property=\"product:price:currency\" content=\"EUR\" \/>\n<meta property=\"og:availability\" content=\"instock\" \/>\n<meta property=\"product:availability\" content=\"instock\" \/>\n<meta property=\"product:retailer_item_id\" content=\"FACM20612\" \/>\n<meta property=\"product:condition\" content=\"new\" \/>\n<!-- \/ Yoast SEO Premium plugin. -->","yoast_head_json":{"title":"\u0645\u0636\u062e\u0629 \u0641\u0631\u0627\u063a \u0628\u062d\u0645\u0627\u0645 \u0632\u064a\u062a\u064a 280 \u0644\u062a\u0631\/\u062f\u0642\u064a\u0642\u0629 \u0644\u0622\u0644\u0629 \u0627\u0644\u062d\u0644\u0628","description":"\u0627\u0643\u062a\u0634\u0641 FACM20612\u060c \u0645\u0636\u062e\u0629 \u0627\u0644\u0641\u0631\u0627\u063a \u0628\u062d\u0645\u0627\u0645 \u0632\u064a\u062a\u064a 280 \u0644\u062a\u0631\/\u062f\u0642\u064a\u0642\u0629 \u0644\u0622\u0644\u0627\u062a \u0627\u0644\u062d\u0644\u0628 \u0648\u0627\u0644\u062a\u0637\u0628\u064a\u0642\u0627\u062a \u0627\u0644\u062d\u064a\u0648\u0627\u0646\u064a\u0629. \u062a\u0636\u0645\u0646 \u0623\u062f\u0627\u0621\u064b \u0645\u0648\u062b\u0648\u0642\u064b\u0627 \u0648\u0645\u0633\u062a\u0645\u0631\u064b\u0627.","robots":{"index":"index","follow":"follow","max-snippet":"max-snippet:-1","max-image-preview":"max-image-preview:large","max-video-preview":"max-video-preview:-1"},"canonical":"https:\/\/fdasrl.it\/ar\/prodotto\/%d9%85%d8%ad%d8%b1%d9%83-%d9%83%d9%87%d8%b1%d8%a8%d8%a7%d8%a6%d9%8a-%d9%85%d8%b9-%d9%85%d8%b6%d8%ae%d8%a9-%d9%81%d8%b1%d8%a7%d8%ba-%d8%b2%d9%8a%d8%aa%d9%8a%d8%a9-facm20612-%d8%b3%d8%b9%d8%a9-280\/","og_locale":"ar_AR","og_type":"article","og_title":"\u0645\u062d\u0631\u0643 \u0643\u0647\u0631\u0628\u0627\u0626\u064a \u0645\u0639 \u0645\u0636\u062e\u0629 \u0641\u0631\u0627\u063a \u0632\u064a\u062a\u064a\u0629 FACM20612 \u0633\u0639\u0629 280 \u0644\u062a\u0631\/\u062f\u0642\u064a\u0642\u0629 \u2013 220 \u0641\u0648\u0644\u062a 0.75 \u0643\u064a\u0644\u0648 \u0648\u0627\u0637","og_description":"\u0627\u0643\u062a\u0634\u0641 FACM20612\u060c \u0645\u0636\u062e\u0629 \u0627\u0644\u0641\u0631\u0627\u063a \u0628\u062d\u0645\u0627\u0645 \u0632\u064a\u062a\u064a 280 \u0644\u062a\u0631\/\u062f\u0642\u064a\u0642\u0629 \u0644\u0622\u0644\u0627\u062a \u0627\u0644\u062d\u0644\u0628 \u0648\u0627\u0644\u062a\u0637\u0628\u064a\u0642\u0627\u062a \u0627\u0644\u062d\u064a\u0648\u0627\u0646\u064a\u0629. \u062a\u0636\u0645\u0646 \u0623\u062f\u0627\u0621\u064b \u0645\u0648\u062b\u0648\u0642\u064b\u0627 \u0648\u0645\u0633\u062a\u0645\u0631\u064b\u0627.","og_url":"https:\/\/fdasrl.it\/ar\/prodotto\/%d9%85%d8%ad%d8%b1%d9%83-%d9%83%d9%87%d8%b1%d8%a8%d8%a7%d8%a6%d9%8a-%d9%85%d8%b9-%d9%85%d8%b6%d8%ae%d8%a9-%d9%81%d8%b1%d8%a7%d8%ba-%d8%b2%d9%8a%d8%aa%d9%8a%d8%a9-facm20612-%d8%b3%d8%b9%d8%a9-280\/","og_site_name":"FDA srl","article_publisher":"https:\/\/www.facebook.com\/share\/1MWhFWg1Tp\/?mibextid=LQQJ4d","og_image":[{"width":1501,"height":1860,"url":"https:\/\/fdasrl.it\/wp-content\/uploads\/2026\/03\/motore-elettrico-con-pompa-del-vuoto-ad-olio-facm20612-280-lmin-220v-075-kw-1-white.webp","type":"image\/webp"}],"twitter_card":"summary_large_image","twitter_misc":{"\u0627\u0644\u0633\u0639\u0631":"","\u0627\u0644\u062a\u0648\u0641\u0631":"\u0645\u062a\u0648\u0641\u0631 \u0641\u064a \u0627\u0644\u0645\u062e\u0632\u0648\u0646"},"schema":{"@context":"https:\/\/schema.org","@graph":[{"@type":"WebPage","@id":"https:\/\/fdasrl.it\/ar\/prodotto\/%d9%85%d8%ad%d8%b1%d9%83-%d9%83%d9%87%d8%b1%d8%a8%d8%a7%d8%a6%d9%8a-%d9%85%d8%b9-%d9%85%d8%b6%d8%ae%d8%a9-%d9%81%d8%b1%d8%a7%d8%ba-%d8%b2%d9%8a%d8%aa%d9%8a%d8%a9-facm20612-%d8%b3%d8%b9%d8%a9-280\/","url":"https:\/\/fdasrl.it\/ar\/prodotto\/%d9%85%d8%ad%d8%b1%d9%83-%d9%83%d9%87%d8%b1%d8%a8%d8%a7%d8%a6%d9%8a-%d9%85%d8%b9-%d9%85%d8%b6%d8%ae%d8%a9-%d9%81%d8%b1%d8%a7%d8%ba-%d8%b2%d9%8a%d8%aa%d9%8a%d8%a9-facm20612-%d8%b3%d8%b9%d8%a9-280\/","name":"\u0645\u0636\u062e\u0629 \u0641\u0631\u0627\u063a \u0628\u062d\u0645\u0627\u0645 \u0632\u064a\u062a\u064a 280 \u0644\u062a\u0631\/\u062f\u0642\u064a\u0642\u0629 \u0644\u0622\u0644\u0629 \u0627\u0644\u062d\u0644\u0628","isPartOf":{"@id":"https:\/\/fdasrl.it\/ar\/#website"},"primaryImageOfPage":{"@id":"https:\/\/fdasrl.it\/ar\/prodotto\/%d9%85%d8%ad%d8%b1%d9%83-%d9%83%d9%87%d8%b1%d8%a8%d8%a7%d8%a6%d9%8a-%d9%85%d8%b9-%d9%85%d8%b6%d8%ae%d8%a9-%d9%81%d8%b1%d8%a7%d8%ba-%d8%b2%d9%8a%d8%aa%d9%8a%d8%a9-facm20612-%d8%b3%d8%b9%d8%a9-280\/#primaryimage"},"image":{"@id":"https:\/\/fdasrl.it\/ar\/prodotto\/%d9%85%d8%ad%d8%b1%d9%83-%d9%83%d9%87%d8%b1%d8%a8%d8%a7%d8%a6%d9%8a-%d9%85%d8%b9-%d9%85%d8%b6%d8%ae%d8%a9-%d9%81%d8%b1%d8%a7%d8%ba-%d8%b2%d9%8a%d8%aa%d9%8a%d8%a9-facm20612-%d8%b3%d8%b9%d8%a9-280\/#primaryimage"},"thumbnailUrl":"https:\/\/fdasrl.it\/wp-content\/uploads\/2026\/03\/motore-elettrico-con-pompa-del-vuoto-ad-olio-facm20612-280-lmin-220v-075-kw-1-white.webp","datePublished":"2026-03-04T10:57:32+00:00","description":"\u0627\u0643\u062a\u0634\u0641 FACM20612\u060c \u0645\u0636\u062e\u0629 \u0627\u0644\u0641\u0631\u0627\u063a \u0628\u062d\u0645\u0627\u0645 \u0632\u064a\u062a\u064a 280 \u0644\u062a\u0631\/\u062f\u0642\u064a\u0642\u0629 \u0644\u0622\u0644\u0627\u062a \u0627\u0644\u062d\u0644\u0628 \u0648\u0627\u0644\u062a\u0637\u0628\u064a\u0642\u0627\u062a \u0627\u0644\u062d\u064a\u0648\u0627\u0646\u064a\u0629. \u062a\u0636\u0645\u0646 \u0623\u062f\u0627\u0621\u064b \u0645\u0648\u062b\u0648\u0642\u064b\u0627 \u0648\u0645\u0633\u062a\u0645\u0631\u064b\u0627.","breadcrumb":{"@id":"https:\/\/fdasrl.it\/ar\/prodotto\/%d9%85%d8%ad%d8%b1%d9%83-%d9%83%d9%87%d8%b1%d8%a8%d8%a7%d8%a6%d9%8a-%d9%85%d8%b9-%d9%85%d8%b6%d8%ae%d8%a9-%d9%81%d8%b1%d8%a7%d8%ba-%d8%b2%d9%8a%d8%aa%d9%8a%d8%a9-facm20612-%d8%b3%d8%b9%d8%a9-280\/#breadcrumb"},"inLanguage":"ar","potentialAction":[{"@type":"ReadAction","target":["https:\/\/fdasrl.it\/ar\/prodotto\/%d9%85%d8%ad%d8%b1%d9%83-%d9%83%d9%87%d8%b1%d8%a8%d8%a7%d8%a6%d9%8a-%d9%85%d8%b9-%d9%85%d8%b6%d8%ae%d8%a9-%d9%81%d8%b1%d8%a7%d8%ba-%d8%b2%d9%8a%d8%aa%d9%8a%d8%a9-facm20612-%d8%b3%d8%b9%d8%a9-280\/"]}]},{"@type":"ImageObject","inLanguage":"ar","@id":"https:\/\/fdasrl.it\/ar\/prodotto\/%d9%85%d8%ad%d8%b1%d9%83-%d9%83%d9%87%d8%b1%d8%a8%d8%a7%d8%a6%d9%8a-%d9%85%d8%b9-%d9%85%d8%b6%d8%ae%d8%a9-%d9%81%d8%b1%d8%a7%d8%ba-%d8%b2%d9%8a%d8%aa%d9%8a%d8%a9-facm20612-%d8%b3%d8%b9%d8%a9-280\/#primaryimage","url":"https:\/\/fdasrl.it\/wp-content\/uploads\/2026\/03\/motore-elettrico-con-pompa-del-vuoto-ad-olio-facm20612-280-lmin-220v-075-kw-1-white.webp","contentUrl":"https:\/\/fdasrl.it\/wp-content\/uploads\/2026\/03\/motore-elettrico-con-pompa-del-vuoto-ad-olio-facm20612-280-lmin-220v-075-kw-1-white.webp","width":1501,"height":1860,"caption":"\u0645\u062d\u0631\u0643 \u0643\u0647\u0631\u0628\u0627\u0626\u064a \u0645\u0639 \u0645\u0636\u062e\u0629 \u0641\u0631\u0627\u063a \u0628\u062d\u0645\u0627\u0645 \u0632\u064a\u062a\u064a \u0644\u0622\u0644\u0627\u062a \u0627\u0644\u062d\u0644\u0628 \u0628\u0645\u0639\u062f\u0644 \u062a\u062f\u0641\u0642 280 \u0644\u062a\u0631\/\u062f\u0642\u064a\u0642\u0629."},{"@type":"BreadcrumbList","@id":"https:\/\/fdasrl.it\/ar\/prodotto\/%d9%85%d8%ad%d8%b1%d9%83-%d9%83%d9%87%d8%b1%d8%a8%d8%a7%d8%a6%d9%8a-%d9%85%d8%b9-%d9%85%d8%b6%d8%ae%d8%a9-%d9%81%d8%b1%d8%a7%d8%ba-%d8%b2%d9%8a%d8%aa%d9%8a%d8%a9-facm20612-%d8%b3%d8%b9%d8%a9-280\/#breadcrumb","itemListElement":[{"@type":"ListItem","position":1,"name":"Home","item":"https:\/\/fdasrl.it\/ar\/%d8%a7%d9%84%d8%b1%d8%a6%d9%8a%d8%b3%d9%8a%d8%a9\/"},{"@type":"ListItem","position":2,"name":"\u0627\u0644\u0645\u062a\u062c\u0631","item":"https:\/\/fdasrl.it\/ar\/%d8%a7%d9%84%d9%85%d8%aa%d8%ac%d8%b1\/"},{"@type":"ListItem","position":3,"name":"\u0645\u062d\u0631\u0643 \u0643\u0647\u0631\u0628\u0627\u0626\u064a \u0645\u0639 \u0645\u0636\u062e\u0629 \u0641\u0631\u0627\u063a \u0632\u064a\u062a\u064a\u0629 FACM20612 \u0633\u0639\u0629 280 \u0644\u062a\u0631\/\u062f\u0642\u064a\u0642\u0629 \u2013 220 \u0641\u0648\u0644\u062a 0.75 \u0643\u064a\u0644\u0648 \u0648\u0627\u0637"}]},{"@type":"WebSite","@id":"https:\/\/fdasrl.it\/ar\/#website","url":"https:\/\/fdasrl.it\/ar\/","name":"FDA srl","description":"Equipment for animal husbandry","publisher":{"@id":"https:\/\/fdasrl.it\/ar\/#organization"},"potentialAction":[{"@type":"SearchAction","target":{"@type":"EntryPoint","urlTemplate":"https:\/\/fdasrl.it\/ar\/?s={search_term_string}"},"query-input":{"@type":"PropertyValueSpecification","valueRequired":true,"valueName":"search_term_string"}}],"inLanguage":"ar"},{"@type":"Organization","@id":"https:\/\/fdasrl.it\/ar\/#organization","name":"FDA srl","url":"https:\/\/fdasrl.it\/ar\/","logo":{"@type":"ImageObject","inLanguage":"ar","@id":"https:\/\/fdasrl.it\/ar\/#\/schema\/logo\/image\/","url":"https:\/\/fdasrl.it\/wp-content\/uploads\/2024\/12\/Logo-FDA.png","contentUrl":"https:\/\/fdasrl.it\/wp-content\/uploads\/2024\/12\/Logo-FDA.png","width":316,"height":119,"caption":"FDA srl"},"image":{"@id":"https:\/\/fdasrl.it\/ar\/#\/schema\/logo\/image\/"},"sameAs":["https:\/\/www.facebook.com\/share\/1MWhFWg1Tp\/?mibextid=LQQJ4d","https:\/\/www.instagram.com\/fda_srl\/profilecard\/?igsh=YW5lbzJ6MWg0d21u","https:\/\/www.youtube.com\/@FDASRL_ANIMALCARE"],"description":"FDA SRL \u2013 Equipment for animal husbandry nasce con l\u2019obiettivo di offrire soluzioni affidabili e innovative per l\u2019allevamento moderno. Con anni di esperienza nel settore zootecnico, progettiamo e realizziamo attrezzature destinate al benessere animale e alla gestione efficiente delle stalle: vasche, abbeveratoi, mangiatoie e sistemi di riscaldamento pensati per durare nel tempo e semplificare il lavoro quotidiano degli allevatori. Dalla progettazione alla produzione, ogni nostro prodotto \u00e8 studiato nei minimi dettagli, testato con cura e costruito per rispondere alle esigenze reali del settore. La nostra forza \u00e8 unire artigianalit\u00e0, tecnologia e competenza tecnica per trasformare ogni progetto in una soluzione concreta e funzionale. Oggi FDA SRL \u00e8 un punto di riferimento per privati e rivenditori che cercano qualit\u00e0, affidabilit\u00e0 e innovazione nelle attrezzature per l\u2019allevamento.","email":"info@fdasrl.it","telephone":"+390522826820","legalName":"F.D.A. SRL","foundingDate":"2024-10-13","vatID":"03075840359","taxID":"03075840359","numberOfEmployees":{"@type":"QuantitativeValue","minValue":"1","maxValue":"10"}}]},"product_price_currency":"EUR","og_availability":"instock","product_availability":"instock","product_retailer_item_id":"FACM20612","product_condition":"new"},"_links":{"self":[{"href":"https:\/\/fdasrl.it\/ar\/wp-json\/wp\/v2\/product\/2326","targetHints":{"allow":["GET"]}}],"collection":[{"href":"https:\/\/fdasrl.it\/ar\/wp-json\/wp\/v2\/product"}],"about":[{"href":"https:\/\/fdasrl.it\/ar\/wp-json\/wp\/v2\/types\/product"}],"replies":[{"embeddable":true,"href":"https:\/\/fdasrl.it\/ar\/wp-json\/wp\/v2\/comments?post=2326"}],"wp:featuredmedia":[{"embeddable":true,"href":"https:\/\/fdasrl.it\/ar\/wp-json\/wp\/v2\/media\/1160"}],"wp:attachment":[{"href":"https:\/\/fdasrl.it\/ar\/wp-json\/wp\/v2\/media?parent=2326"}],"wp:term":[{"taxonomy":"product_brand","embeddable":true,"href":"https:\/\/fdasrl.it\/ar\/wp-json\/wp\/v2\/product_brand?post=2326"},{"taxonomy":"product_cat","embeddable":true,"href":"https:\/\/fdasrl.it\/ar\/wp-json\/wp\/v2\/product_cat?post=2326"},{"taxonomy":"product_tag","embeddable":true,"href":"https:\/\/fdasrl.it\/ar\/wp-json\/wp\/v2\/product_tag?post=2326"}],"curies":[{"name":"wp","href":"https:\/\/api.w.org\/{rel}","templated":true}]}}