{"id":2457,"date":"2026-03-13T09:19:31","date_gmt":"2026-03-13T08:19:31","guid":{"rendered":"https:\/\/fdasrl.it\/prodotto\/%d8%b5%d9%85%d8%a7%d9%85-%d8%b9%d9%88%d8%a7%d9%85%d8%a9-far16p-%d9%84%d9%84%d9%85%d8%b4%d8%b1%d8%a8-1-2-%d8%a8%d9%88%d8%b5%d8%a9-%d9%85%d8%b9-%d8%b9%d9%88%d8%a7%d9%85%d8%a9-%d8%a8%d9%82%d8%b7%d8%b1-90\/"},"modified":"2026-03-13T09:19:31","modified_gmt":"2026-03-13T08:19:31","slug":"%d8%b5%d9%85%d8%a7%d9%85-%d8%b9%d9%88%d8%a7%d9%85%d8%a9-far16p-%d9%84%d9%84%d9%85%d8%b4%d8%b1%d8%a8-1-2-%d8%a8%d9%88%d8%b5%d8%a9-%d9%85%d8%b9-%d8%b9%d9%88%d8%a7%d9%85%d8%a9-%d8%a8%d9%82%d8%b7%d8%b1-90","status":"publish","type":"product","link":"https:\/\/fdasrl.it\/ar\/prodotto\/%d8%b5%d9%85%d8%a7%d9%85-%d8%b9%d9%88%d8%a7%d9%85%d8%a9-far16p-%d9%84%d9%84%d9%85%d8%b4%d8%b1%d8%a8-1-2-%d8%a8%d9%88%d8%b5%d8%a9-%d9%85%d8%b9-%d8%b9%d9%88%d8%a7%d9%85%d8%a9-%d8%a8%d9%82%d8%b7%d8%b1-90\/","title":{"rendered":"\u0635\u0645\u0627\u0645 \u0639\u0648\u0627\u0645\u0629 FAR16P \u0644\u0644\u0645\u0634\u0631\u0628 1\/2 \u0628\u0648\u0635\u0629 \u0645\u0639 \u0639\u0648\u0627\u0645\u0629 \u0628\u0642\u0637\u0631 90 \u0645\u0645"},"content":{"rendered":"<h2 data-section-id=\"18vje6i\" data-start=\"124\" data-end=\"202\">\u0635\u0645\u0627\u0645 \u0639\u0648\u0627\u0645\u0629 FAR16P \u0644\u0644\u0645\u0634\u0631\u0628 1\/2 \u0628\u0648\u0635\u0629 \u0645\u0639 \u0639\u0648\u0627\u0645\u0629 \u0628\u0642\u0637\u0631 90 \u0645\u0645<\/h2>\n<p data-start=\"204\" data-end=\"536\">\u062a\u0645 \u062a\u0635\u0645\u064a\u0645 <strong data-start=\"207\" data-end=\"280\">\u0635\u0645\u0627\u0645 \u0627\u0644\u0639\u0648\u0627\u0645\u0629 FAR16P \u0628\u0648\u0635\u0644\u0629 1\/2 \u0628\u0648\u0635\u0629 \u0645\u0644\u0648\u0644\u0628\u0629 \u0630\u0643\u0631<\/strong> \u0644\u0644\u062a\u062d\u0643\u0645 \u0627\u0644\u062a\u0644\u0642\u0627\u0626\u064a \u0641\u064a \u0645\u0633\u062a\u0648\u0649 \u0627\u0644\u0645\u0627\u0621 \u0641\u064a \u0645\u0634\u0627\u0631\u0628 \u0627\u0644\u0645\u0648\u0627\u0634\u064a. \u0627\u0644\u0635\u0645\u0627\u0645 \u0645\u0635\u0646\u0648\u0639 \u0645\u0646 <strong data-start=\"407\" data-end=\"427\">\u0627\u0644\u0646\u0627\u064a\u0644\u0648\u0646 \u0627\u0644\u0645\u0642\u0627\u0648\u0645<\/strong>\u060c \u0648\u0647\u064a \u0645\u0627\u062f\u0629 \u0645\u0646\u0627\u0633\u0628\u0629 \u0644\u0644\u0627\u0633\u062a\u062e\u062f\u0627\u0645 \u0641\u064a \u0628\u064a\u0626\u0627\u062a \u0627\u0644\u062d\u0638\u0627\u0626\u0631 \u0628\u0641\u0636\u0644 \u0645\u0642\u0627\u0648\u0645\u062a\u0647\u0627 \u0644\u0644\u062a\u0622\u0643\u0644 \u0648\u0627\u0644\u0627\u0647\u062a\u0631\u0627\u0621. <\/p>\n<p data-start=\"538\" data-end=\"886\">\u0627\u0644\u0646\u0638\u0627\u0645 \u0645\u0632\u0648\u062f \u0628\u0640 <strong data-start=\"561\" data-end=\"631\">\u0639\u0648\u0627\u0645\u0629 \u0645\u0646 \u0627\u0644\u0628\u0648\u0644\u064a \u0628\u0631\u0648\u0628\u064a\u0644\u064a\u0646 \u0628\u0627\u0644\u0644\u0648\u0646 \u0627\u0644\u0628\u0631\u062a\u0642\u0627\u0644\u064a \u0628\u0642\u0637\u0631 90 \u0645\u0645<\/strong> \u0648 <strong data-start=\"634\" data-end=\"652\">\u0642\u0636\u064a\u0628 \u0645\u0646 \u0627\u0644\u0646\u062d\u0627\u0633<\/strong>\u060c \u0645\u0645\u0627 \u064a\u0636\u0645\u0646 \u0627\u0644\u0645\u0648\u062b\u0648\u0642\u064a\u0629 \u0648\u0627\u0644\u0645\u062a\u0627\u0646\u0629 \u0628\u0645\u0631\u0648\u0631 \u0627\u0644\u0648\u0642\u062a. \u062a\u0645 \u062a\u0635\u0645\u064a\u0645 \u0627\u0644\u0639\u0648\u0627\u0645\u0629 \u0644\u0644\u0639\u0645\u0644 <strong data-start=\"742\" data-end=\"768\">\u0641\u064a \u0648\u0636\u0639 \u0639\u0645\u0648\u062f\u064a<\/strong> \u0648\u062a\u0633\u0645\u062d \u0628\u0640 <strong data-start=\"784\" data-end=\"831\">\u062a\u0646\u0638\u064a\u0645 \u0633\u0647\u0644 \u0644\u0645\u0633\u062a\u0648\u0649 \u0627\u0644\u0645\u0627\u0621<\/strong>\u060c \u0645\u0645\u0627 \u064a\u062d\u0627\u0641\u0638 \u0639\u0644\u0649 \u0645\u0644\u0621 \u0627\u0644\u0645\u0634\u0631\u0628 \u0628\u0634\u0643\u0644 \u0645\u0633\u062a\u0645\u0631. <\/p>\n<p data-start=\"888\" data-end=\"1014\">\u064a\u064f\u0633\u062a\u062e\u062f\u0645 \u0647\u0630\u0627 \u0627\u0644\u0635\u0645\u0627\u0645 \u0643\u0640 <strong data-start=\"921\" data-end=\"955\">\u0642\u0637\u0639\u0629 \u063a\u064a\u0627\u0631 \u0644\u0645\u0634\u0627\u0631\u0628 FA-AG<\/strong>\u060c \u0633\u0648\u0627\u0621 \u0641\u064a \u0646\u0633\u062e\u0629 <strong data-start=\"976\" data-end=\"988\">\u0627\u0644\u062d\u062f\u064a\u062f \u0627\u0644\u0632\u0647\u0631<\/strong> \u0623\u0648 <strong data-start=\"993\" data-end=\"1013\">\u0627\u0644\u0628\u0648\u0644\u064a \u0628\u0631\u0648\u0628\u064a\u0644\u064a\u0646<\/strong>.<\/p>\n<hr data-start=\"1016\" data-end=\"1019\">\n<h2 data-section-id=\"og5zk7\" data-start=\"1021\" data-end=\"1051\">\u2699\ufe0f \u0627\u0644\u062e\u0635\u0627\u0626\u0635 \u0627\u0644\u062a\u0642\u0646\u064a\u0629<\/h2>\n<p data-start=\"1053\" data-end=\"1082\"><strong data-start=\"1053\" data-end=\"1073\">\u0643\u0648\u062f \u0627\u0644\u0645\u0646\u062a\u062c:<\/strong> FAR16P<\/p>\n<p data-start=\"1084\" data-end=\"1104\"><strong data-start=\"1084\" data-end=\"1096\">\u0627\u0644\u0635\u0645\u0627\u0645:<\/strong> \u0646\u0627\u064a\u0644\u0648\u0646<\/p>\n<p data-start=\"1106\" data-end=\"1145\"><strong data-start=\"1106\" data-end=\"1118\">\u0627\u0644\u0648\u0635\u0644\u0629:<\/strong> 1\/2 \u0628\u0648\u0635\u0629 \u0645\u0644\u0648\u0644\u0628\u0629 \u0630\u0643\u0631<\/p>\n<p data-start=\"1147\" data-end=\"1190\"><strong data-start=\"1147\" data-end=\"1174\">\u0645\u0627\u062f\u0629 \u0627\u0644\u0639\u0648\u0627\u0645\u0629:<\/strong> \u0628\u0648\u0644\u064a \u0628\u0631\u0648\u0628\u064a\u0644\u064a\u0646<\/p>\n<p data-start=\"1192\" data-end=\"1226\"><strong data-start=\"1192\" data-end=\"1218\">\u0642\u0637\u0631 \u0627\u0644\u0639\u0648\u0627\u0645\u0629:<\/strong> 90 \u0645\u0645<\/p>\n<p data-start=\"1228\" data-end=\"1262\"><strong data-start=\"1228\" data-end=\"1252\">\u0644\u0648\u0646 \u0627\u0644\u0639\u0648\u0627\u0645\u0629:<\/strong> \u0628\u0631\u062a\u0642\u0627\u0644\u064a<\/p>\n<p data-start=\"1264\" data-end=\"1282\"><strong data-start=\"1264\" data-end=\"1273\">\u0627\u0644\u0642\u0636\u064a\u0628:<\/strong> \u0646\u062d\u0627\u0633<\/p>\n<p data-start=\"1284\" data-end=\"1345\"><strong data-start=\"1284\" data-end=\"1301\">\u0648\u0635\u0644\u0629 \u0627\u0644\u0642\u0636\u064a\u0628:<\/strong> \u0633\u062f\u0627\u062f\u0629 \u0646\u062d\u0627\u0633\u064a\u0629 \u0628\u0645\u0644\u0648\u0644\u0628 <strong data-start=\"1334\" data-end=\"1343\">1\/4 \u0628\u0648\u0635\u0629 \u063a\u0627\u0632<\/strong><\/p>\n<p data-start=\"1347\" data-end=\"1383\"><strong data-start=\"1347\" data-end=\"1371\">\u0648\u0636\u0639\u064a\u0629 \u0627\u0644\u0639\u0645\u0644:<\/strong> \u0639\u0645\u0648\u062f\u064a\u0629<\/p>\n<p data-start=\"1385\" data-end=\"1420\"><strong data-start=\"1385\" data-end=\"1415\">\u062a\u0646\u0638\u064a\u0645 \u0645\u0633\u062a\u0648\u0649 \u0627\u0644\u0645\u0627\u0621:<\/strong> \u0646\u0639\u0645<\/p>\n<p data-start=\"1422\" data-end=\"1463\"><strong data-start=\"1422\" data-end=\"1449\">\u0636\u063a\u0637 \u0627\u0644\u062a\u0634\u063a\u064a\u0644:<\/strong> 0.5 \u2013 6 \u0628\u0627\u0631<\/p>\n<p data-start=\"1422\" data-end=\"1463\"><strong data-start=\"1482\" data-end=\"1500\">\u062a\u062f\u0641\u0642 \u0627\u0644\u0645\u0627\u0621:<\/strong> <strong data-start=\"1501\" data-end=\"1512\">5 \u0644\u062a\u0631\/\u062f\u0642\u064a\u0642\u0629<\/strong><\/p>\n<p data-start=\"1465\" data-end=\"1485\"><strong data-start=\"1465\" data-end=\"1483\">\u0627\u0644\u062a\u0648\u0627\u0641\u0642:<\/strong><\/p>\n<ul data-start=\"1486\" data-end=\"1557\">\n<li data-section-id=\"7p62o9\" data-start=\"1486\" data-end=\"1518\">\n<p data-start=\"1488\" data-end=\"1518\">\u0645\u0634\u0631\u0628 <strong data-start=\"1501\" data-end=\"1516\">FA-AG \u062d\u062f\u064a\u062f \u0632\u0647\u0631<\/strong><\/p>\n<\/li>\n<li data-section-id=\"bk0ult\" data-start=\"1519\" data-end=\"1557\">\n<p data-start=\"1521\" data-end=\"1557\">\u0645\u0634\u0631\u0628 <strong data-start=\"1534\" data-end=\"1557\">FA-AG \u0628\u0648\u0644\u064a \u0628\u0631\u0648\u0628\u064a\u0644\u064a\u0646<\/strong><\/p>\n<\/li>\n<li data-section-id=\"bk0ult\" data-start=\"1519\" data-end=\"1557\">\u062c\u0645\u064a\u0639 \u0627\u0644\u0645\u0648\u062f\u064a\u0644\u0627\u062a \u0630\u0627\u062a \u0622\u0644\u064a\u0629 \u0627\u0644\u0645\u0633\u062a\u0648\u0649 \u0627\u0644\u062b\u0627\u0628\u062a<\/li>\n<\/ul>\n<hr data-start=\"1559\" data-end=\"1562\">\n<h2 data-section-id=\"50c332\" data-start=\"1564\" data-end=\"1588\">\u2705 \u0627\u0644\u0645\u0632\u0627\u064a\u0627 \u0627\u0644\u0631\u0626\u064a\u0633\u064a\u0629<\/h2>\n<p data-start=\"1590\" data-end=\"1823\">\u2714 <strong data-start=\"1592\" data-end=\"1623\">\u0635\u0645\u0627\u0645 \u0645\u0646 \u0627\u0644\u0646\u0627\u064a\u0644\u0648\u0646 \u0645\u0642\u0627\u0648\u0645<\/strong> \u0644\u0644\u062a\u0622\u0643\u0644<br data-start=\"1639\" data-end=\"1642\">\u2714 <strong data-start=\"1644\" data-end=\"1667\">\u0639\u0648\u0627\u0645\u0629 \u0628\u0642\u0637\u0631 90 \u0645\u0645<\/strong> \u0645\u0646 \u0627\u0644\u0628\u0648\u0644\u064a \u0628\u0631\u0648\u0628\u064a\u0644\u064a\u0646<br data-start=\"1684\" data-end=\"1687\">\u2714 <strong data-start=\"1689\" data-end=\"1707\">\u0642\u0636\u064a\u0628 \u0645\u0646 \u0627\u0644\u0646\u062d\u0627\u0633<\/strong> \u0644\u0645\u062a\u0627\u0646\u0629 \u0623\u0643\u0628\u0631<br data-start=\"1727\" data-end=\"1730\">\u2714 <strong data-start=\"1732\" data-end=\"1774\">\u062a\u0646\u0638\u064a\u0645 \u0633\u0647\u0644 \u0644\u0645\u0633\u062a\u0648\u0649 \u0627\u0644\u0645\u0627\u0621<\/strong><br data-start=\"1774\" data-end=\"1777\">\u2714 \u0642\u0637\u0639\u0629 \u063a\u064a\u0627\u0631 \u0623\u0635\u0644\u064a\u0629 \u0644\u0640 <strong data-start=\"1802\" data-end=\"1823\">\u0645\u0634\u0627\u0631\u0628 FA-AG<\/strong><\/p>\n<p>\ud83d\udc49 \u0627\u0637\u0644\u0628 \u0633\u0639\u0631 \u0625\u0639\u0627\u062f\u0629 \u0627\u0644\u0628\u064a\u0639:  <a href=\"mailto:info@fdasrl.it\">\u0627\u0646\u0642\u0631 \u0647\u0646\u0627<\/a><\/p>\n<p>\ud83d\udc49 \u0627\u0634\u062a\u0631\u0650 \u0639\u0628\u0631 \u0627\u0644\u0625\u0646\u062a\u0631\u0646\u062a: <a href=\"https:\/\/fda-shop.it\/shop\/articoli-per-allevamento\/abbeveratoi\/galleggiante-per-abbeveratoio-16p\">\u0627\u0646\u0642\u0631 \u0647\u0646\u0627<\/a><\/p>\n","protected":false},"excerpt":{"rendered":"<p>\u0635\u0645\u0627\u0645 \u0639\u0648\u0627\u0645\u0629 FAR16P \u0628\u0648\u0635\u0644\u0629 1\/2 \u0628\u0648\u0635\u0629 \u0630\u0643\u0631\u060c \u062c\u0633\u0645 \u0645\u0646 \u0627\u0644\u0646\u0627\u064a\u0644\u0648\u0646\u060c \u0639\u0648\u0627\u0645\u0629 \u0645\u0646 \u0627\u0644\u0628\u0648\u0644\u064a \u0628\u0631\u0648\u0628\u064a\u0644\u064a\u0646 \u0628\u0642\u0637\u0631 90 \u0645\u0645 \u0648\u0642\u0636\u064a\u0628 \u0645\u0646 \u0627\u0644\u0646\u062d\u0627\u0633. \u0642\u0637\u0639\u0629 \u063a\u064a\u0627\u0631 \u0644\u0645\u0634\u0627\u0631\u0628 FA-AG \u0645\u0646 \u0627\u0644\u062d\u062f\u064a\u062f \u0627\u0644\u0632\u0647\u0631 \u0648\u0627\u0644\u0628\u0648\u0644\u064a \u0628\u0631\u0648\u0628\u064a\u0644\u064a\u0646. <\/p>\n","protected":false},"featured_media":1232,"comment_status":"open","ping_status":"closed","template":"","meta":{"_et_pb_use_builder":"","_et_pb_old_content":"","_et_gb_content_width":""},"product_brand":[],"product_cat":[557,387,567,556,558],"product_tag":[568],"class_list":{"0":"post-2457","1":"product","2":"type-product","3":"status-publish","4":"has-post-thumbnail","6":"product_cat-557","7":"product_cat-387","8":"product_cat-567","9":"product_cat-556","10":"product_cat-558","11":"product_tag-far16p","13":"first","14":"instock","15":"shipping-taxable","16":"product-type-simple"},"yoast_head":"<!-- This site is optimized with the Yoast SEO Premium plugin v27.5 (Yoast SEO v27.5) - https:\/\/yoast.com\/product\/yoast-seo-premium-wordpress\/ -->\n<title>\u0635\u0645\u0627\u0645 \u0639\u0648\u0627\u0645\u0629 FAR16P \u0644\u0644\u0645\u0634\u0631\u0628 1\/2 \u0628\u0648\u0635\u0629 \u0645\u0639 \u0639\u0648\u0627\u0645\u0629<\/title>\n<meta name=\"description\" content=\"\u062a\u062d\u0643\u0645 \u0641\u064a \u0645\u0633\u062a\u0648\u0649 \u0627\u0644\u0645\u0627\u0621 \u0628\u0627\u0633\u062a\u062e\u062f\u0627\u0645 \u0635\u0645\u0627\u0645 \u0627\u0644\u0639\u0648\u0627\u0645\u0629 FAR16P \u0644\u0644\u0645\u0634\u0631\u0628 1\/2 \u0628\u0648\u0635\u0629. \u0645\u0635\u0646\u0648\u0639 \u0645\u0646 \u0627\u0644\u0646\u0627\u064a\u0644\u0648\u0646 \u0627\u0644\u0645\u0642\u0627\u0648\u0645\u060c \u0648\u0647\u0648 \u0645\u062b\u0627\u0644\u064a \u0644\u0644\u062d\u0638\u0627\u0626\u0631.\" \/>\n<meta name=\"robots\" content=\"index, follow, max-snippet:-1, max-image-preview:large, max-video-preview:-1\" \/>\n<link rel=\"canonical\" href=\"https:\/\/fdasrl.it\/ar\/prodotto\/%d8%b5%d9%85%d8%a7%d9%85-%d8%b9%d9%88%d8%a7%d9%85%d8%a9-far16p-%d9%84%d9%84%d9%85%d8%b4%d8%b1%d8%a8-1-2-%d8%a8%d9%88%d8%b5%d8%a9-%d9%85%d8%b9-%d8%b9%d9%88%d8%a7%d9%85%d8%a9-%d8%a8%d9%82%d8%b7%d8%b1-90\/\" \/>\n<meta property=\"og:locale\" content=\"ar_AR\" \/>\n<meta property=\"og:type\" content=\"article\" \/>\n<meta property=\"og:title\" content=\"\u0635\u0645\u0627\u0645 \u0639\u0648\u0627\u0645\u0629 FAR16P \u0644\u0644\u0645\u0634\u0631\u0628 1\/2 \u0628\u0648\u0635\u0629 \u0645\u0639 \u0639\u0648\u0627\u0645\u0629 \u0628\u0642\u0637\u0631 90 \u0645\u0645\" \/>\n<meta property=\"og:description\" content=\"\u062a\u062d\u0643\u0645 \u0641\u064a \u0645\u0633\u062a\u0648\u0649 \u0627\u0644\u0645\u0627\u0621 \u0628\u0627\u0633\u062a\u062e\u062f\u0627\u0645 \u0635\u0645\u0627\u0645 \u0627\u0644\u0639\u0648\u0627\u0645\u0629 FAR16P \u0644\u0644\u0645\u0634\u0631\u0628 1\/2 \u0628\u0648\u0635\u0629. \u0645\u0635\u0646\u0648\u0639 \u0645\u0646 \u0627\u0644\u0646\u0627\u064a\u0644\u0648\u0646 \u0627\u0644\u0645\u0642\u0627\u0648\u0645\u060c \u0648\u0647\u0648 \u0645\u062b\u0627\u0644\u064a \u0644\u0644\u062d\u0638\u0627\u0626\u0631.\" \/>\n<meta property=\"og:url\" content=\"https:\/\/fdasrl.it\/ar\/prodotto\/%d8%b5%d9%85%d8%a7%d9%85-%d8%b9%d9%88%d8%a7%d9%85%d8%a9-far16p-%d9%84%d9%84%d9%85%d8%b4%d8%b1%d8%a8-1-2-%d8%a8%d9%88%d8%b5%d8%a9-%d9%85%d8%b9-%d8%b9%d9%88%d8%a7%d9%85%d8%a9-%d8%a8%d9%82%d8%b7%d8%b1-90\/\" \/>\n<meta property=\"og:site_name\" content=\"FDA srl\" \/>\n<meta property=\"article:publisher\" content=\"https:\/\/www.facebook.com\/share\/1MWhFWg1Tp\/?mibextid=LQQJ4d\" \/>\n<meta property=\"og:image\" content=\"https:\/\/fdasrl.it\/wp-content\/uploads\/2026\/03\/Galleggiante-con-valvola-FAR16P-regolabile.png\" \/>\n\t<meta property=\"og:image:width\" content=\"500\" \/>\n\t<meta property=\"og:image:height\" content=\"500\" \/>\n\t<meta property=\"og:image:type\" content=\"image\/png\" \/>\n<meta name=\"twitter:card\" content=\"summary_large_image\" \/>\n<meta name=\"twitter:label1\" content=\"\u0627\u0644\u0633\u0639\u0631\" \/>\n\t<meta name=\"twitter:data1\" content=\"\" \/>\n\t<meta name=\"twitter:label2\" content=\"\u0627\u0644\u062a\u0648\u0641\u0631\" \/>\n\t<meta name=\"twitter:data2\" content=\"\u0645\u062a\u0648\u0641\u0631 \u0641\u064a \u0627\u0644\u0645\u062e\u0632\u0648\u0646\" \/>\n<meta property=\"product:price:currency\" content=\"EUR\" \/>\n<meta property=\"og:availability\" content=\"instock\" \/>\n<meta property=\"product:availability\" content=\"instock\" \/>\n<meta property=\"product:retailer_item_id\" content=\"FAR16P\" \/>\n<meta property=\"product:condition\" content=\"new\" \/>\n<!-- \/ Yoast SEO Premium plugin. -->","yoast_head_json":{"title":"\u0635\u0645\u0627\u0645 \u0639\u0648\u0627\u0645\u0629 FAR16P \u0644\u0644\u0645\u0634\u0631\u0628 1\/2 \u0628\u0648\u0635\u0629 \u0645\u0639 \u0639\u0648\u0627\u0645\u0629","description":"\u062a\u062d\u0643\u0645 \u0641\u064a \u0645\u0633\u062a\u0648\u0649 \u0627\u0644\u0645\u0627\u0621 \u0628\u0627\u0633\u062a\u062e\u062f\u0627\u0645 \u0635\u0645\u0627\u0645 \u0627\u0644\u0639\u0648\u0627\u0645\u0629 FAR16P \u0644\u0644\u0645\u0634\u0631\u0628 1\/2 \u0628\u0648\u0635\u0629. \u0645\u0635\u0646\u0648\u0639 \u0645\u0646 \u0627\u0644\u0646\u0627\u064a\u0644\u0648\u0646 \u0627\u0644\u0645\u0642\u0627\u0648\u0645\u060c \u0648\u0647\u0648 \u0645\u062b\u0627\u0644\u064a \u0644\u0644\u062d\u0638\u0627\u0626\u0631.","robots":{"index":"index","follow":"follow","max-snippet":"max-snippet:-1","max-image-preview":"max-image-preview:large","max-video-preview":"max-video-preview:-1"},"canonical":"https:\/\/fdasrl.it\/ar\/prodotto\/%d8%b5%d9%85%d8%a7%d9%85-%d8%b9%d9%88%d8%a7%d9%85%d8%a9-far16p-%d9%84%d9%84%d9%85%d8%b4%d8%b1%d8%a8-1-2-%d8%a8%d9%88%d8%b5%d8%a9-%d9%85%d8%b9-%d8%b9%d9%88%d8%a7%d9%85%d8%a9-%d8%a8%d9%82%d8%b7%d8%b1-90\/","og_locale":"ar_AR","og_type":"article","og_title":"\u0635\u0645\u0627\u0645 \u0639\u0648\u0627\u0645\u0629 FAR16P \u0644\u0644\u0645\u0634\u0631\u0628 1\/2 \u0628\u0648\u0635\u0629 \u0645\u0639 \u0639\u0648\u0627\u0645\u0629 \u0628\u0642\u0637\u0631 90 \u0645\u0645","og_description":"\u062a\u062d\u0643\u0645 \u0641\u064a \u0645\u0633\u062a\u0648\u0649 \u0627\u0644\u0645\u0627\u0621 \u0628\u0627\u0633\u062a\u062e\u062f\u0627\u0645 \u0635\u0645\u0627\u0645 \u0627\u0644\u0639\u0648\u0627\u0645\u0629 FAR16P \u0644\u0644\u0645\u0634\u0631\u0628 1\/2 \u0628\u0648\u0635\u0629. \u0645\u0635\u0646\u0648\u0639 \u0645\u0646 \u0627\u0644\u0646\u0627\u064a\u0644\u0648\u0646 \u0627\u0644\u0645\u0642\u0627\u0648\u0645\u060c \u0648\u0647\u0648 \u0645\u062b\u0627\u0644\u064a \u0644\u0644\u062d\u0638\u0627\u0626\u0631.","og_url":"https:\/\/fdasrl.it\/ar\/prodotto\/%d8%b5%d9%85%d8%a7%d9%85-%d8%b9%d9%88%d8%a7%d9%85%d8%a9-far16p-%d9%84%d9%84%d9%85%d8%b4%d8%b1%d8%a8-1-2-%d8%a8%d9%88%d8%b5%d8%a9-%d9%85%d8%b9-%d8%b9%d9%88%d8%a7%d9%85%d8%a9-%d8%a8%d9%82%d8%b7%d8%b1-90\/","og_site_name":"FDA srl","article_publisher":"https:\/\/www.facebook.com\/share\/1MWhFWg1Tp\/?mibextid=LQQJ4d","og_image":[{"width":500,"height":500,"url":"https:\/\/fdasrl.it\/wp-content\/uploads\/2026\/03\/Galleggiante-con-valvola-FAR16P-regolabile.png","type":"image\/png"}],"twitter_card":"summary_large_image","twitter_misc":{"\u0627\u0644\u0633\u0639\u0631":"","\u0627\u0644\u062a\u0648\u0641\u0631":"\u0645\u062a\u0648\u0641\u0631 \u0641\u064a \u0627\u0644\u0645\u062e\u0632\u0648\u0646"},"schema":{"@context":"https:\/\/schema.org","@graph":[{"@type":"WebPage","@id":"https:\/\/fdasrl.it\/ar\/prodotto\/%d8%b5%d9%85%d8%a7%d9%85-%d8%b9%d9%88%d8%a7%d9%85%d8%a9-far16p-%d9%84%d9%84%d9%85%d8%b4%d8%b1%d8%a8-1-2-%d8%a8%d9%88%d8%b5%d8%a9-%d9%85%d8%b9-%d8%b9%d9%88%d8%a7%d9%85%d8%a9-%d8%a8%d9%82%d8%b7%d8%b1-90\/","url":"https:\/\/fdasrl.it\/ar\/prodotto\/%d8%b5%d9%85%d8%a7%d9%85-%d8%b9%d9%88%d8%a7%d9%85%d8%a9-far16p-%d9%84%d9%84%d9%85%d8%b4%d8%b1%d8%a8-1-2-%d8%a8%d9%88%d8%b5%d8%a9-%d9%85%d8%b9-%d8%b9%d9%88%d8%a7%d9%85%d8%a9-%d8%a8%d9%82%d8%b7%d8%b1-90\/","name":"\u0635\u0645\u0627\u0645 \u0639\u0648\u0627\u0645\u0629 FAR16P \u0644\u0644\u0645\u0634\u0631\u0628 1\/2 \u0628\u0648\u0635\u0629 \u0645\u0639 \u0639\u0648\u0627\u0645\u0629","isPartOf":{"@id":"https:\/\/fdasrl.it\/ar\/#website"},"primaryImageOfPage":{"@id":"https:\/\/fdasrl.it\/ar\/prodotto\/%d8%b5%d9%85%d8%a7%d9%85-%d8%b9%d9%88%d8%a7%d9%85%d8%a9-far16p-%d9%84%d9%84%d9%85%d8%b4%d8%b1%d8%a8-1-2-%d8%a8%d9%88%d8%b5%d8%a9-%d9%85%d8%b9-%d8%b9%d9%88%d8%a7%d9%85%d8%a9-%d8%a8%d9%82%d8%b7%d8%b1-90\/#primaryimage"},"image":{"@id":"https:\/\/fdasrl.it\/ar\/prodotto\/%d8%b5%d9%85%d8%a7%d9%85-%d8%b9%d9%88%d8%a7%d9%85%d8%a9-far16p-%d9%84%d9%84%d9%85%d8%b4%d8%b1%d8%a8-1-2-%d8%a8%d9%88%d8%b5%d8%a9-%d9%85%d8%b9-%d8%b9%d9%88%d8%a7%d9%85%d8%a9-%d8%a8%d9%82%d8%b7%d8%b1-90\/#primaryimage"},"thumbnailUrl":"https:\/\/fdasrl.it\/wp-content\/uploads\/2026\/03\/Galleggiante-con-valvola-FAR16P-regolabile.png","datePublished":"2026-03-13T08:19:31+00:00","description":"\u062a\u062d\u0643\u0645 \u0641\u064a \u0645\u0633\u062a\u0648\u0649 \u0627\u0644\u0645\u0627\u0621 \u0628\u0627\u0633\u062a\u062e\u062f\u0627\u0645 \u0635\u0645\u0627\u0645 \u0627\u0644\u0639\u0648\u0627\u0645\u0629 FAR16P \u0644\u0644\u0645\u0634\u0631\u0628 1\/2 \u0628\u0648\u0635\u0629. \u0645\u0635\u0646\u0648\u0639 \u0645\u0646 \u0627\u0644\u0646\u0627\u064a\u0644\u0648\u0646 \u0627\u0644\u0645\u0642\u0627\u0648\u0645\u060c \u0648\u0647\u0648 \u0645\u062b\u0627\u0644\u064a \u0644\u0644\u062d\u0638\u0627\u0626\u0631.","breadcrumb":{"@id":"https:\/\/fdasrl.it\/ar\/prodotto\/%d8%b5%d9%85%d8%a7%d9%85-%d8%b9%d9%88%d8%a7%d9%85%d8%a9-far16p-%d9%84%d9%84%d9%85%d8%b4%d8%b1%d8%a8-1-2-%d8%a8%d9%88%d8%b5%d8%a9-%d9%85%d8%b9-%d8%b9%d9%88%d8%a7%d9%85%d8%a9-%d8%a8%d9%82%d8%b7%d8%b1-90\/#breadcrumb"},"inLanguage":"ar","potentialAction":[{"@type":"ReadAction","target":["https:\/\/fdasrl.it\/ar\/prodotto\/%d8%b5%d9%85%d8%a7%d9%85-%d8%b9%d9%88%d8%a7%d9%85%d8%a9-far16p-%d9%84%d9%84%d9%85%d8%b4%d8%b1%d8%a8-1-2-%d8%a8%d9%88%d8%b5%d8%a9-%d9%85%d8%b9-%d8%b9%d9%88%d8%a7%d9%85%d8%a9-%d8%a8%d9%82%d8%b7%d8%b1-90\/"]}]},{"@type":"ImageObject","inLanguage":"ar","@id":"https:\/\/fdasrl.it\/ar\/prodotto\/%d8%b5%d9%85%d8%a7%d9%85-%d8%b9%d9%88%d8%a7%d9%85%d8%a9-far16p-%d9%84%d9%84%d9%85%d8%b4%d8%b1%d8%a8-1-2-%d8%a8%d9%88%d8%b5%d8%a9-%d9%85%d8%b9-%d8%b9%d9%88%d8%a7%d9%85%d8%a9-%d8%a8%d9%82%d8%b7%d8%b1-90\/#primaryimage","url":"https:\/\/fdasrl.it\/wp-content\/uploads\/2026\/03\/Galleggiante-con-valvola-FAR16P-regolabile.png","contentUrl":"https:\/\/fdasrl.it\/wp-content\/uploads\/2026\/03\/Galleggiante-con-valvola-FAR16P-regolabile.png","width":500,"height":500,"caption":"\u0635\u0645\u0627\u0645 \u0645\u0639 \u0639\u0648\u0627\u0645\u0629 FAR16P \u0644\u0644\u062a\u0646\u0638\u064a\u0645 \u0627\u0644\u062a\u0644\u0642\u0627\u0626\u064a \u0644\u0645\u0633\u062a\u0648\u0649 \u0627\u0644\u0645\u0627\u0621."},{"@type":"BreadcrumbList","@id":"https:\/\/fdasrl.it\/ar\/prodotto\/%d8%b5%d9%85%d8%a7%d9%85-%d8%b9%d9%88%d8%a7%d9%85%d8%a9-far16p-%d9%84%d9%84%d9%85%d8%b4%d8%b1%d8%a8-1-2-%d8%a8%d9%88%d8%b5%d8%a9-%d9%85%d8%b9-%d8%b9%d9%88%d8%a7%d9%85%d8%a9-%d8%a8%d9%82%d8%b7%d8%b1-90\/#breadcrumb","itemListElement":[{"@type":"ListItem","position":1,"name":"Home","item":"https:\/\/fdasrl.it\/ar\/%d8%a7%d9%84%d8%b1%d8%a6%d9%8a%d8%b3%d9%8a%d8%a9\/"},{"@type":"ListItem","position":2,"name":"\u0627\u0644\u0645\u062a\u062c\u0631","item":"https:\/\/fdasrl.it\/ar\/%d8%a7%d9%84%d9%85%d8%aa%d8%ac%d8%b1\/"},{"@type":"ListItem","position":3,"name":"\u0635\u0645\u0627\u0645 \u0639\u0648\u0627\u0645\u0629 FAR16P \u0644\u0644\u0645\u0634\u0631\u0628 1\/2 \u0628\u0648\u0635\u0629 \u0645\u0639 \u0639\u0648\u0627\u0645\u0629 \u0628\u0642\u0637\u0631 90 \u0645\u0645"}]},{"@type":"WebSite","@id":"https:\/\/fdasrl.it\/ar\/#website","url":"https:\/\/fdasrl.it\/ar\/","name":"FDA srl","description":"Equipment for animal husbandry","publisher":{"@id":"https:\/\/fdasrl.it\/ar\/#organization"},"potentialAction":[{"@type":"SearchAction","target":{"@type":"EntryPoint","urlTemplate":"https:\/\/fdasrl.it\/ar\/?s={search_term_string}"},"query-input":{"@type":"PropertyValueSpecification","valueRequired":true,"valueName":"search_term_string"}}],"inLanguage":"ar"},{"@type":"Organization","@id":"https:\/\/fdasrl.it\/ar\/#organization","name":"FDA srl","url":"https:\/\/fdasrl.it\/ar\/","logo":{"@type":"ImageObject","inLanguage":"ar","@id":"https:\/\/fdasrl.it\/ar\/#\/schema\/logo\/image\/","url":"https:\/\/fdasrl.it\/wp-content\/uploads\/2024\/12\/Logo-FDA.png","contentUrl":"https:\/\/fdasrl.it\/wp-content\/uploads\/2024\/12\/Logo-FDA.png","width":316,"height":119,"caption":"FDA srl"},"image":{"@id":"https:\/\/fdasrl.it\/ar\/#\/schema\/logo\/image\/"},"sameAs":["https:\/\/www.facebook.com\/share\/1MWhFWg1Tp\/?mibextid=LQQJ4d","https:\/\/www.instagram.com\/fda_srl\/profilecard\/?igsh=YW5lbzJ6MWg0d21u","https:\/\/www.youtube.com\/@FDASRL_ANIMALCARE"],"description":"FDA SRL \u2013 Equipment for animal husbandry nasce con l\u2019obiettivo di offrire soluzioni affidabili e innovative per l\u2019allevamento moderno. Con anni di esperienza nel settore zootecnico, progettiamo e realizziamo attrezzature destinate al benessere animale e alla gestione efficiente delle stalle: vasche, abbeveratoi, mangiatoie e sistemi di riscaldamento pensati per durare nel tempo e semplificare il lavoro quotidiano degli allevatori. Dalla progettazione alla produzione, ogni nostro prodotto \u00e8 studiato nei minimi dettagli, testato con cura e costruito per rispondere alle esigenze reali del settore. La nostra forza \u00e8 unire artigianalit\u00e0, tecnologia e competenza tecnica per trasformare ogni progetto in una soluzione concreta e funzionale. Oggi FDA SRL \u00e8 un punto di riferimento per privati e rivenditori che cercano qualit\u00e0, affidabilit\u00e0 e innovazione nelle attrezzature per l\u2019allevamento.","email":"info@fdasrl.it","telephone":"+390522826820","legalName":"F.D.A. SRL","foundingDate":"2024-10-13","vatID":"03075840359","taxID":"03075840359","numberOfEmployees":{"@type":"QuantitativeValue","minValue":"1","maxValue":"10"}}]},"product_price_currency":"EUR","og_availability":"instock","product_availability":"instock","product_retailer_item_id":"FAR16P","product_condition":"new"},"_links":{"self":[{"href":"https:\/\/fdasrl.it\/ar\/wp-json\/wp\/v2\/product\/2457","targetHints":{"allow":["GET"]}}],"collection":[{"href":"https:\/\/fdasrl.it\/ar\/wp-json\/wp\/v2\/product"}],"about":[{"href":"https:\/\/fdasrl.it\/ar\/wp-json\/wp\/v2\/types\/product"}],"replies":[{"embeddable":true,"href":"https:\/\/fdasrl.it\/ar\/wp-json\/wp\/v2\/comments?post=2457"}],"wp:featuredmedia":[{"embeddable":true,"href":"https:\/\/fdasrl.it\/ar\/wp-json\/wp\/v2\/media\/1232"}],"wp:attachment":[{"href":"https:\/\/fdasrl.it\/ar\/wp-json\/wp\/v2\/media?parent=2457"}],"wp:term":[{"taxonomy":"product_brand","embeddable":true,"href":"https:\/\/fdasrl.it\/ar\/wp-json\/wp\/v2\/product_brand?post=2457"},{"taxonomy":"product_cat","embeddable":true,"href":"https:\/\/fdasrl.it\/ar\/wp-json\/wp\/v2\/product_cat?post=2457"},{"taxonomy":"product_tag","embeddable":true,"href":"https:\/\/fdasrl.it\/ar\/wp-json\/wp\/v2\/product_tag?post=2457"}],"curies":[{"name":"wp","href":"https:\/\/api.w.org\/{rel}","templated":true}]}}