{"id":2506,"date":"2026-03-09T16:03:54","date_gmt":"2026-03-09T15:03:54","guid":{"rendered":"https:\/\/fdasrl.it\/prodotto\/%d8%b9%d9%88%d8%a7%d9%85%d8%a9-%d9%84%d9%85%d8%b4%d8%b1%d8%a8-%d8%a7%d9%84%d8%ad%d9%8a%d9%88%d8%a7%d9%86%d8%a7%d8%aa-%d9%85%d8%b9-%d8%b5%d9%85%d8%a7%d9%85-%d9%86%d8%ad%d8%a7%d8%b3%d9%8a-3-4-%d8%a8\/"},"modified":"2026-03-09T16:03:54","modified_gmt":"2026-03-09T15:03:54","slug":"%d8%b9%d9%88%d8%a7%d9%85%d8%a9-%d9%84%d9%85%d8%b4%d8%b1%d8%a8-%d8%a7%d9%84%d8%ad%d9%8a%d9%88%d8%a7%d9%86%d8%a7%d8%aa-%d9%85%d8%b9-%d8%b5%d9%85%d8%a7%d9%85-%d9%86%d8%ad%d8%a7%d8%b3%d9%8a-3-4-%d8%a8","status":"publish","type":"product","link":"https:\/\/fdasrl.it\/ar\/prodotto\/%d8%b9%d9%88%d8%a7%d9%85%d8%a9-%d9%84%d9%85%d8%b4%d8%b1%d8%a8-%d8%a7%d9%84%d8%ad%d9%8a%d9%88%d8%a7%d9%86%d8%a7%d8%aa-%d9%85%d8%b9-%d8%b5%d9%85%d8%a7%d9%85-%d9%86%d8%ad%d8%a7%d8%b3%d9%8a-3-4-%d8%a8\/","title":{"rendered":"\u0639\u0648\u0627\u0645\u0629 \u0644\u0645\u0634\u0631\u0628 \u0627\u0644\u062d\u064a\u0648\u0627\u0646\u0627\u062a \u0645\u0639 \u0635\u0645\u0627\u0645 \u0646\u062d\u0627\u0633\u064a 3\/4 \u0628\u0648\u0635\u0629 \u2013 FAR19B"},"content":{"rendered":"<h3 data-section-id=\"8xm6rw\" data-start=\"89\" data-end=\"159\"><strong data-start=\"93\" data-end=\"159\">\u0639\u0648\u0627\u0645\u0629 \u0644\u0645\u0634\u0631\u0628 \u0627\u0644\u062d\u064a\u0648\u0627\u0646\u0627\u062a \u0645\u0639 \u0635\u0645\u0627\u0645 \u0646\u062d\u0627\u0633\u064a 3\/4 \u0628\u0648\u0635\u0629 \u2013 FAR19B<\/strong><\/h3>\n<p data-start=\"161\" data-end=\"506\">\u0639\u0648\u0627\u0645\u0629 <strong data-start=\"174\" data-end=\"203\">\u0645\u0646 \u0627\u0644\u0646\u062d\u0627\u0633 \u0639\u0627\u0644\u064a \u0627\u0644\u062c\u0648\u062f\u0629<\/strong> \u0645\u0635\u0645\u0645\u0629 \u0644\u0644\u062a\u062d\u0643\u0645 \u0627\u0644\u062a\u0644\u0642\u0627\u0626\u064a \u0641\u064a \u0645\u0633\u062a\u0648\u0649 \u0627\u0644\u0645\u0627\u0621 \u0641\u064a \u0645\u0634\u0627\u0631\u0628 \u0627\u0644\u062d\u064a\u0648\u0627\u0646\u0627\u062a \u0648\u0641\u064a <strong data-start=\"289\" data-end=\"326\">\u0623\u062d\u0648\u0627\u0636 \u0645\u062e\u062a\u0644\u0641\u0629 \u0630\u0627\u062a \u0645\u0633\u062a\u0648\u0649 \u062b\u0627\u0628\u062a<\/strong>\u060c \u0628\u0645\u0627 \u0641\u064a \u0630\u0644\u0643 \u0637\u0631\u0627\u0632\u064a <strong data-start=\"346\" data-end=\"367\">FA-VSRP \u0648FA-VSRT<\/strong>.<br data-start=\"368\" data-end=\"371\">\u064a\u0636\u0645\u0646 <strong data-start=\"374\" data-end=\"414\">\u0627\u0644\u0635\u0645\u0627\u0645 \u0627\u0644\u0645\u0632\u0648\u062f \u0628\u0645\u0642\u0639\u062f \u0625\u062d\u0643\u0627\u0645 \u0646\u062d\u0627\u0633\u064a<\/strong> \u0645\u0642\u0627\u0648\u0645\u0629 \u0639\u0627\u0644\u064a\u0629 \u0648\u0645\u0648\u062b\u0648\u0642\u064a\u0629 \u0648\u0639\u0645\u0631\u0627\u064b \u0637\u0648\u064a\u0644\u0627\u064b \u062d\u062a\u0649 \u0641\u064a \u0628\u064a\u0626\u0627\u062a \u062a\u0631\u0628\u064a\u0629 \u0627\u0644\u0645\u0627\u0634\u064a\u0629.<\/p>\n<p data-start=\"508\" data-end=\"681\">\u064a\u062a\u064a\u062d \u0646\u0638\u0627\u0645 \u0627\u0644\u0639\u0648\u0627\u0645\u0629 <strong data-start=\"546\" data-end=\"591\">\u0636\u0628\u0637 \u0645\u0633\u062a\u0648\u0649 \u0627\u0644\u0645\u0627\u0621 \u0628\u0633\u0647\u0648\u0644\u0629<\/strong>\u060c \u0645\u0645\u0627 \u064a\u0636\u0645\u0646 \u0625\u0645\u062f\u0627\u062f\u0627\u064b \u062b\u0627\u0628\u062a\u0627\u064b \u0644\u0644\u062d\u064a\u0648\u0627\u0646\u0627\u062a \u0648\u064a\u0633\u0627\u0647\u0645 \u0641\u064a \u062a\u0642\u0644\u064a\u0644 \u0627\u0644\u0647\u062f\u0631.<\/p>\n<h3 data-section-id=\"xrc42a\" data-start=\"683\" data-end=\"717\"><strong data-start=\"687\" data-end=\"717\">\u0627\u0644\u062e\u0635\u0627\u0626\u0635 \u0627\u0644\u0631\u0626\u064a\u0633\u064a\u0629<\/strong><\/h3>\n<ul data-start=\"719\" data-end=\"922\">\n<li data-section-id=\"1uaetok\" data-start=\"719\" data-end=\"756\">\n<p data-start=\"721\" data-end=\"756\">\u0647\u064a\u0643\u0644 <strong data-start=\"727\" data-end=\"756\">\u0645\u0646 \u0627\u0644\u0646\u062d\u0627\u0633 \u0639\u0627\u0644\u064a \u0627\u0644\u062c\u0648\u062f\u0629<\/strong><\/p>\n<\/li>\n<li data-section-id=\"1l0v1sz\" data-start=\"757\" data-end=\"793\">\n<p data-start=\"759\" data-end=\"793\"><strong data-start=\"759\" data-end=\"793\">\u0648\u0635\u0644\u0629 \u0645\u0644\u0648\u0644\u0628\u0629 \u0630\u0643\u0631 3\/4 \u0628\u0648\u0635\u0629<\/strong><\/p>\n<\/li>\n<li data-section-id=\"ul0k2p\" data-start=\"794\" data-end=\"824\">\n<p data-start=\"796\" data-end=\"824\"><strong data-start=\"796\" data-end=\"824\">\u0645\u0642\u0639\u062f \u0625\u062d\u0643\u0627\u0645 \u0645\u0646 \u0627\u0644\u0646\u062d\u0627\u0633<\/strong><\/p>\n<\/li>\n<li data-section-id=\"1u1s06\" data-start=\"825\" data-end=\"865\">\n<p data-start=\"827\" data-end=\"865\"><strong data-start=\"827\" data-end=\"865\">\u0636\u0628\u0637 \u0645\u0633\u062a\u0648\u0649 \u0627\u0644\u0645\u0627\u0621<\/strong><\/p>\n<\/li>\n<li data-section-id=\"d5dbow\" data-start=\"866\" data-end=\"922\">\n<p data-start=\"868\" data-end=\"922\">\u0645\u0646\u0627\u0633\u0628 \u0644\u0640 <strong data-start=\"879\" data-end=\"922\">\u0645\u0634\u0627\u0631\u0628 \u0648\u0623\u062d\u0648\u0627\u0636 \u0627\u0644\u0645\u064a\u0627\u0647 \u0630\u0627\u062a \u0627\u0644\u0645\u0633\u062a\u0648\u0649 \u0627\u0644\u062b\u0627\u0628\u062a<\/strong><\/p>\n<\/li>\n<li data-section-id=\"d5dbow\" data-start=\"866\" data-end=\"922\">\u062c\u0648\u0627\u0646 50 \u00d7 27 \u00d7 2 \u0645\u0645 \u0645\u062a\u0636\u0645\u0646<\/li>\n<\/ul>\n<h3 data-section-id=\"2pq1zq\" data-start=\"924\" data-end=\"954\"><strong data-start=\"928\" data-end=\"954\">\u0636\u063a\u0637 \u0627\u0644\u062a\u0634\u063a\u064a\u0644<\/strong><\/h3>\n<ul data-start=\"956\" data-end=\"974\">\n<li data-section-id=\"bz2ema\" data-start=\"956\" data-end=\"974\">\n<p data-start=\"958\" data-end=\"974\"><strong data-start=\"958\" data-end=\"974\">0.5 \u2013 10 \u0628\u0627\u0631<\/strong><\/p>\n<\/li>\n<\/ul>\n<h3 data-section-id=\"8whuzw\" data-start=\"976\" data-end=\"997\"><strong data-start=\"980\" data-end=\"997\">\u062a\u062f\u0641\u0642 \u0627\u0644\u0645\u064a\u0627\u0647<\/strong><\/h3>\n<ul data-start=\"999\" data-end=\"1021\">\n<li data-section-id=\"1upjgnj\" data-start=\"999\" data-end=\"1021\">\n<p data-start=\"1001\" data-end=\"1021\"><strong data-start=\"1001\" data-end=\"1021\">91 \u0644\u062a\u0631\/\u062f\u0642\u064a\u0642\u0629 \u0639\u0646\u062f 6 \u0628\u0627\u0631<\/strong><\/p>\n<\/li>\n<\/ul>\n<h3 data-section-id=\"1cf253l\" data-start=\"1023\" data-end=\"1044\"><strong data-start=\"1027\" data-end=\"1044\">\u0627\u0644\u062a\u0631\u0643\u064a\u0628<\/strong><\/h3>\n<p data-start=\"1046\" data-end=\"1177\">\u0644\u0644\u062a\u0631\u0643\u064a\u0628 \u0627\u0644\u0635\u062d\u064a\u062d \u0648\u0627\u0644\u062a\u0634\u063a\u064a\u0644 \u0627\u0644\u0623\u0645\u062b\u0644\u060c \u064a\u062c\u0628 \u062a\u0648\u0641\u064a\u0631 <strong data-start=\"1128\" data-end=\"1176\">\u062e\u0644\u0648\u0635 \u0639\u0644\u0648\u064a \u0623\u062f\u0646\u0649 \u064a\u0628\u0644\u063a 190 \u0645\u0645<\/strong>.<\/p>\n<p>&nbsp;<\/p>\n<p>\ud83d\udc49 \u0627\u0637\u0644\u0628 \u0633\u0639\u0631 \u0625\u0639\u0627\u062f\u0629 \u0627\u0644\u0628\u064a\u0639: <a href=\"mailto:info@fdasrl.it\">\u0627\u0646\u0642\u0631 \u0647\u0646\u0627<\/a><\/p>\n<p>\ud83d\udc49 \u0627\u0634\u062a\u0631\u0650 \u0639\u0628\u0631 \u0627\u0644\u0625\u0646\u062a\u0631\u0646\u062a: <a href=\"https:\/\/fda-shop.it\/shop\/articoli-per-allevamento\/galleggiante-abbeveratoio-in-ottone-3-4\">\u0627\u0646\u0642\u0631 \u0647\u0646\u0627<\/a><\/p>\n","protected":false},"excerpt":{"rendered":"<p><strong data-start=\"0\" data-end=\"86\" data-is-only-node=\"\">\u0639\u0648\u0627\u0645\u0629 \u0644\u0645\u0634\u0631\u0628 FAR19B \u0645\u0639 \u0635\u0645\u0627\u0645 \u0646\u062d\u0627\u0633\u064a \u0648\u0648\u0635\u0644\u0629 3\/4 \u0628\u0648\u0635\u0629 \u0630\u0643\u0631.<\/strong><br data-start=\"86\" data-end=\"89\">\u062a\u0633\u0645\u062d \u0628\u0627\u0644\u0636\u0628\u0637 \u0627\u0644\u062a\u0644\u0642\u0627\u0626\u064a \u0644\u0645\u0633\u062a\u0648\u0649 \u0627\u0644\u0645\u0627\u0621 \u0648\u0647\u064a \u0645\u0646\u0627\u0633\u0628\u0629 \u0644\u0644\u0645\u0634\u0627\u0631\u0628 \u0648\u0627\u0644\u0623\u062d\u0648\u0627\u0636 \u0630\u0627\u062a \u0627\u0644\u0645\u0633\u062a\u0648\u0649 \u0627\u0644\u062b\u0627\u0628\u062a\u060c \u0628\u0645\u0627 \u0641\u064a \u0630\u0644\u0643 \u0637\u0631\u0627\u0632\u064a <strong data-start=\"222\" data-end=\"243\">FA-VSRP \u0648FA-VSRT<\/strong>.<br data-start=\"244\" data-end=\"247\">\u0645\u0639\u062f\u0644 \u062a\u062f\u0641\u0642 \u064a\u0635\u0644 \u0625\u0644\u0649 <strong data-start=\"262\" data-end=\"282\">91 \u0644\u062a\u0631\/\u062f\u0642\u064a\u0642\u0629 \u0639\u0646\u062f 6 \u0628\u0627\u0631<\/strong> \u0645\u0639 \u0636\u063a\u0637 \u062a\u0634\u063a\u064a\u0644 <strong data-start=\"310\" data-end=\"324\">0.5\u201310 \u0628\u0627\u0631<\/strong>.<\/p>\n","protected":false},"featured_media":1204,"comment_status":"open","ping_status":"closed","template":"","meta":{"_et_pb_use_builder":"","_et_pb_old_content":"","_et_gb_content_width":""},"product_brand":[],"product_cat":[557,567,556,558],"product_tag":[577],"class_list":{"0":"post-2506","1":"product","2":"type-product","3":"status-publish","4":"has-post-thumbnail","6":"product_cat-557","7":"product_cat-567","8":"product_cat-556","9":"product_cat-558","10":"product_tag-far19b","12":"first","13":"instock","14":"shipping-taxable","15":"product-type-simple"},"yoast_head":"<!-- This site is optimized with the Yoast SEO Premium plugin v27.5 (Yoast SEO v27.5) - https:\/\/yoast.com\/product\/yoast-seo-premium-wordpress\/ -->\n<title>\u0639\u0648\u0627\u0645\u0629 \u0645\u0639 \u0635\u0645\u0627\u0645 3\/4 \u0646\u062d\u0627\u0633 \u0644\u0645\u0634\u0627\u0631\u0628 \u0627\u0644\u062d\u064a\u0648\u0627\u0646\u0627\u062a<\/title>\n<meta name=\"description\" content=\"\u062d\u0633\u0651\u0646 \u0625\u062f\u0627\u0631\u0629 \u0627\u0644\u0645\u064a\u0627\u0647 \u0628\u0627\u0633\u062a\u062e\u062f\u0627\u0645 \u0627\u0644\u0639\u0648\u0627\u0645\u0629 \u0627\u0644\u0645\u0632\u0648\u062f\u0629 \u0628\u0635\u0645\u0627\u0645 \u0646\u062d\u0627\u0633\u064a 3\/4\u060c \u0627\u0644\u0645\u0635\u0645\u0645\u0629 \u0644\u0623\u062f\u0627\u0621 \u0637\u0648\u064a\u0644 \u0627\u0644\u0623\u0645\u062f. \u0623\u0636\u0641\u0647\u0627 \u0625\u0644\u0649 \u0646\u0638\u0627\u0645\u0643 \u0627\u0644\u064a\u0648\u0645!\" \/>\n<meta name=\"robots\" content=\"index, follow, max-snippet:-1, max-image-preview:large, max-video-preview:-1\" \/>\n<link rel=\"canonical\" href=\"https:\/\/fdasrl.it\/ar\/prodotto\/%d8%b9%d9%88%d8%a7%d9%85%d8%a9-%d9%84%d9%85%d8%b4%d8%b1%d8%a8-%d8%a7%d9%84%d8%ad%d9%8a%d9%88%d8%a7%d9%86%d8%a7%d8%aa-%d9%85%d8%b9-%d8%b5%d9%85%d8%a7%d9%85-%d9%86%d8%ad%d8%a7%d8%b3%d9%8a-3-4-%d8%a8\/\" \/>\n<meta property=\"og:locale\" content=\"ar_AR\" \/>\n<meta property=\"og:type\" content=\"article\" \/>\n<meta property=\"og:title\" content=\"\u0639\u0648\u0627\u0645\u0629 \u0644\u0645\u0634\u0631\u0628 \u0627\u0644\u062d\u064a\u0648\u0627\u0646\u0627\u062a \u0645\u0639 \u0635\u0645\u0627\u0645 \u0646\u062d\u0627\u0633\u064a 3\/4 \u0628\u0648\u0635\u0629 \u2013 FAR19B\" \/>\n<meta property=\"og:description\" content=\"\u062d\u0633\u0651\u0646 \u0625\u062f\u0627\u0631\u0629 \u0627\u0644\u0645\u064a\u0627\u0647 \u0628\u0627\u0633\u062a\u062e\u062f\u0627\u0645 \u0627\u0644\u0639\u0648\u0627\u0645\u0629 \u0627\u0644\u0645\u0632\u0648\u062f\u0629 \u0628\u0635\u0645\u0627\u0645 \u0646\u062d\u0627\u0633\u064a 3\/4\u060c \u0627\u0644\u0645\u0635\u0645\u0645\u0629 \u0644\u0623\u062f\u0627\u0621 \u0637\u0648\u064a\u0644 \u0627\u0644\u0623\u0645\u062f. \u0623\u0636\u0641\u0647\u0627 \u0625\u0644\u0649 \u0646\u0638\u0627\u0645\u0643 \u0627\u0644\u064a\u0648\u0645!\" \/>\n<meta property=\"og:url\" content=\"https:\/\/fdasrl.it\/ar\/prodotto\/%d8%b9%d9%88%d8%a7%d9%85%d8%a9-%d9%84%d9%85%d8%b4%d8%b1%d8%a8-%d8%a7%d9%84%d8%ad%d9%8a%d9%88%d8%a7%d9%86%d8%a7%d8%aa-%d9%85%d8%b9-%d8%b5%d9%85%d8%a7%d9%85-%d9%86%d8%ad%d8%a7%d8%b3%d9%8a-3-4-%d8%a8\/\" \/>\n<meta property=\"og:site_name\" content=\"FDA srl\" \/>\n<meta property=\"article:publisher\" content=\"https:\/\/www.facebook.com\/share\/1MWhFWg1Tp\/?mibextid=LQQJ4d\" \/>\n<meta property=\"og:image\" content=\"https:\/\/fdasrl.it\/wp-content\/uploads\/2026\/03\/valvola-galleggiante-abbeveratoio-3-4-ottone-e1773070482989.webp\" \/>\n\t<meta property=\"og:image:width\" content=\"577\" \/>\n\t<meta property=\"og:image:height\" content=\"433\" \/>\n\t<meta property=\"og:image:type\" content=\"image\/webp\" \/>\n<meta name=\"twitter:card\" content=\"summary_large_image\" \/>\n<meta name=\"twitter:label1\" content=\"\u0627\u0644\u0633\u0639\u0631\" \/>\n\t<meta name=\"twitter:data1\" content=\"\" \/>\n\t<meta name=\"twitter:label2\" content=\"\u0627\u0644\u062a\u0648\u0641\u0631\" \/>\n\t<meta name=\"twitter:data2\" content=\"\u0645\u062a\u0648\u0641\u0631 \u0641\u064a \u0627\u0644\u0645\u062e\u0632\u0648\u0646\" \/>\n<meta property=\"product:price:currency\" content=\"EUR\" \/>\n<meta property=\"og:availability\" content=\"instock\" \/>\n<meta property=\"product:availability\" content=\"instock\" \/>\n<meta property=\"product:retailer_item_id\" content=\"FAR19B\" \/>\n<meta property=\"product:condition\" content=\"new\" \/>\n<!-- \/ Yoast SEO Premium plugin. -->","yoast_head_json":{"title":"\u0639\u0648\u0627\u0645\u0629 \u0645\u0639 \u0635\u0645\u0627\u0645 3\/4 \u0646\u062d\u0627\u0633 \u0644\u0645\u0634\u0627\u0631\u0628 \u0627\u0644\u062d\u064a\u0648\u0627\u0646\u0627\u062a","description":"\u062d\u0633\u0651\u0646 \u0625\u062f\u0627\u0631\u0629 \u0627\u0644\u0645\u064a\u0627\u0647 \u0628\u0627\u0633\u062a\u062e\u062f\u0627\u0645 \u0627\u0644\u0639\u0648\u0627\u0645\u0629 \u0627\u0644\u0645\u0632\u0648\u062f\u0629 \u0628\u0635\u0645\u0627\u0645 \u0646\u062d\u0627\u0633\u064a 3\/4\u060c \u0627\u0644\u0645\u0635\u0645\u0645\u0629 \u0644\u0623\u062f\u0627\u0621 \u0637\u0648\u064a\u0644 \u0627\u0644\u0623\u0645\u062f. \u0623\u0636\u0641\u0647\u0627 \u0625\u0644\u0649 \u0646\u0638\u0627\u0645\u0643 \u0627\u0644\u064a\u0648\u0645!","robots":{"index":"index","follow":"follow","max-snippet":"max-snippet:-1","max-image-preview":"max-image-preview:large","max-video-preview":"max-video-preview:-1"},"canonical":"https:\/\/fdasrl.it\/ar\/prodotto\/%d8%b9%d9%88%d8%a7%d9%85%d8%a9-%d9%84%d9%85%d8%b4%d8%b1%d8%a8-%d8%a7%d9%84%d8%ad%d9%8a%d9%88%d8%a7%d9%86%d8%a7%d8%aa-%d9%85%d8%b9-%d8%b5%d9%85%d8%a7%d9%85-%d9%86%d8%ad%d8%a7%d8%b3%d9%8a-3-4-%d8%a8\/","og_locale":"ar_AR","og_type":"article","og_title":"\u0639\u0648\u0627\u0645\u0629 \u0644\u0645\u0634\u0631\u0628 \u0627\u0644\u062d\u064a\u0648\u0627\u0646\u0627\u062a \u0645\u0639 \u0635\u0645\u0627\u0645 \u0646\u062d\u0627\u0633\u064a 3\/4 \u0628\u0648\u0635\u0629 \u2013 FAR19B","og_description":"\u062d\u0633\u0651\u0646 \u0625\u062f\u0627\u0631\u0629 \u0627\u0644\u0645\u064a\u0627\u0647 \u0628\u0627\u0633\u062a\u062e\u062f\u0627\u0645 \u0627\u0644\u0639\u0648\u0627\u0645\u0629 \u0627\u0644\u0645\u0632\u0648\u062f\u0629 \u0628\u0635\u0645\u0627\u0645 \u0646\u062d\u0627\u0633\u064a 3\/4\u060c \u0627\u0644\u0645\u0635\u0645\u0645\u0629 \u0644\u0623\u062f\u0627\u0621 \u0637\u0648\u064a\u0644 \u0627\u0644\u0623\u0645\u062f. \u0623\u0636\u0641\u0647\u0627 \u0625\u0644\u0649 \u0646\u0638\u0627\u0645\u0643 \u0627\u0644\u064a\u0648\u0645!","og_url":"https:\/\/fdasrl.it\/ar\/prodotto\/%d8%b9%d9%88%d8%a7%d9%85%d8%a9-%d9%84%d9%85%d8%b4%d8%b1%d8%a8-%d8%a7%d9%84%d8%ad%d9%8a%d9%88%d8%a7%d9%86%d8%a7%d8%aa-%d9%85%d8%b9-%d8%b5%d9%85%d8%a7%d9%85-%d9%86%d8%ad%d8%a7%d8%b3%d9%8a-3-4-%d8%a8\/","og_site_name":"FDA srl","article_publisher":"https:\/\/www.facebook.com\/share\/1MWhFWg1Tp\/?mibextid=LQQJ4d","og_image":[{"width":577,"height":433,"url":"https:\/\/fdasrl.it\/wp-content\/uploads\/2026\/03\/valvola-galleggiante-abbeveratoio-3-4-ottone-e1773070482989.webp","type":"image\/webp"}],"twitter_card":"summary_large_image","twitter_misc":{"\u0627\u0644\u0633\u0639\u0631":"","\u0627\u0644\u062a\u0648\u0641\u0631":"\u0645\u062a\u0648\u0641\u0631 \u0641\u064a \u0627\u0644\u0645\u062e\u0632\u0648\u0646"},"schema":{"@context":"https:\/\/schema.org","@graph":[{"@type":"WebPage","@id":"https:\/\/fdasrl.it\/ar\/prodotto\/%d8%b9%d9%88%d8%a7%d9%85%d8%a9-%d9%84%d9%85%d8%b4%d8%b1%d8%a8-%d8%a7%d9%84%d8%ad%d9%8a%d9%88%d8%a7%d9%86%d8%a7%d8%aa-%d9%85%d8%b9-%d8%b5%d9%85%d8%a7%d9%85-%d9%86%d8%ad%d8%a7%d8%b3%d9%8a-3-4-%d8%a8\/","url":"https:\/\/fdasrl.it\/ar\/prodotto\/%d8%b9%d9%88%d8%a7%d9%85%d8%a9-%d9%84%d9%85%d8%b4%d8%b1%d8%a8-%d8%a7%d9%84%d8%ad%d9%8a%d9%88%d8%a7%d9%86%d8%a7%d8%aa-%d9%85%d8%b9-%d8%b5%d9%85%d8%a7%d9%85-%d9%86%d8%ad%d8%a7%d8%b3%d9%8a-3-4-%d8%a8\/","name":"\u0639\u0648\u0627\u0645\u0629 \u0645\u0639 \u0635\u0645\u0627\u0645 3\/4 \u0646\u062d\u0627\u0633 \u0644\u0645\u0634\u0627\u0631\u0628 \u0627\u0644\u062d\u064a\u0648\u0627\u0646\u0627\u062a","isPartOf":{"@id":"https:\/\/fdasrl.it\/ar\/#website"},"primaryImageOfPage":{"@id":"https:\/\/fdasrl.it\/ar\/prodotto\/%d8%b9%d9%88%d8%a7%d9%85%d8%a9-%d9%84%d9%85%d8%b4%d8%b1%d8%a8-%d8%a7%d9%84%d8%ad%d9%8a%d9%88%d8%a7%d9%86%d8%a7%d8%aa-%d9%85%d8%b9-%d8%b5%d9%85%d8%a7%d9%85-%d9%86%d8%ad%d8%a7%d8%b3%d9%8a-3-4-%d8%a8\/#primaryimage"},"image":{"@id":"https:\/\/fdasrl.it\/ar\/prodotto\/%d8%b9%d9%88%d8%a7%d9%85%d8%a9-%d9%84%d9%85%d8%b4%d8%b1%d8%a8-%d8%a7%d9%84%d8%ad%d9%8a%d9%88%d8%a7%d9%86%d8%a7%d8%aa-%d9%85%d8%b9-%d8%b5%d9%85%d8%a7%d9%85-%d9%86%d8%ad%d8%a7%d8%b3%d9%8a-3-4-%d8%a8\/#primaryimage"},"thumbnailUrl":"https:\/\/fdasrl.it\/wp-content\/uploads\/2026\/03\/valvola-galleggiante-abbeveratoio-3-4-ottone-e1773070482989.webp","datePublished":"2026-03-09T15:03:54+00:00","description":"\u062d\u0633\u0651\u0646 \u0625\u062f\u0627\u0631\u0629 \u0627\u0644\u0645\u064a\u0627\u0647 \u0628\u0627\u0633\u062a\u062e\u062f\u0627\u0645 \u0627\u0644\u0639\u0648\u0627\u0645\u0629 \u0627\u0644\u0645\u0632\u0648\u062f\u0629 \u0628\u0635\u0645\u0627\u0645 \u0646\u062d\u0627\u0633\u064a 3\/4\u060c \u0627\u0644\u0645\u0635\u0645\u0645\u0629 \u0644\u0623\u062f\u0627\u0621 \u0637\u0648\u064a\u0644 \u0627\u0644\u0623\u0645\u062f. \u0623\u0636\u0641\u0647\u0627 \u0625\u0644\u0649 \u0646\u0638\u0627\u0645\u0643 \u0627\u0644\u064a\u0648\u0645!","breadcrumb":{"@id":"https:\/\/fdasrl.it\/ar\/prodotto\/%d8%b9%d9%88%d8%a7%d9%85%d8%a9-%d9%84%d9%85%d8%b4%d8%b1%d8%a8-%d8%a7%d9%84%d8%ad%d9%8a%d9%88%d8%a7%d9%86%d8%a7%d8%aa-%d9%85%d8%b9-%d8%b5%d9%85%d8%a7%d9%85-%d9%86%d8%ad%d8%a7%d8%b3%d9%8a-3-4-%d8%a8\/#breadcrumb"},"inLanguage":"ar","potentialAction":[{"@type":"ReadAction","target":["https:\/\/fdasrl.it\/ar\/prodotto\/%d8%b9%d9%88%d8%a7%d9%85%d8%a9-%d9%84%d9%85%d8%b4%d8%b1%d8%a8-%d8%a7%d9%84%d8%ad%d9%8a%d9%88%d8%a7%d9%86%d8%a7%d8%aa-%d9%85%d8%b9-%d8%b5%d9%85%d8%a7%d9%85-%d9%86%d8%ad%d8%a7%d8%b3%d9%8a-3-4-%d8%a8\/"]}]},{"@type":"ImageObject","inLanguage":"ar","@id":"https:\/\/fdasrl.it\/ar\/prodotto\/%d8%b9%d9%88%d8%a7%d9%85%d8%a9-%d9%84%d9%85%d8%b4%d8%b1%d8%a8-%d8%a7%d9%84%d8%ad%d9%8a%d9%88%d8%a7%d9%86%d8%a7%d8%aa-%d9%85%d8%b9-%d8%b5%d9%85%d8%a7%d9%85-%d9%86%d8%ad%d8%a7%d8%b3%d9%8a-3-4-%d8%a8\/#primaryimage","url":"https:\/\/fdasrl.it\/wp-content\/uploads\/2026\/03\/valvola-galleggiante-abbeveratoio-3-4-ottone-e1773070482989.webp","contentUrl":"https:\/\/fdasrl.it\/wp-content\/uploads\/2026\/03\/valvola-galleggiante-abbeveratoio-3-4-ottone-e1773070482989.webp","width":577,"height":433,"caption":"\u0635\u0645\u0627\u0645 \u0639\u0648\u0627\u0645\u0629 \u0646\u062d\u0627\u0633\u064a \u0644\u0644\u0645\u0634\u0627\u0631\u0628 \u0627\u0644\u0623\u0648\u062a\u0648\u0645\u0627\u062a\u064a\u0643\u064a\u0629 \u0645\u0639 \u0648\u0635\u0644\u0629 3\/4 \u0628\u0648\u0635\u0629."},{"@type":"BreadcrumbList","@id":"https:\/\/fdasrl.it\/ar\/prodotto\/%d8%b9%d9%88%d8%a7%d9%85%d8%a9-%d9%84%d9%85%d8%b4%d8%b1%d8%a8-%d8%a7%d9%84%d8%ad%d9%8a%d9%88%d8%a7%d9%86%d8%a7%d8%aa-%d9%85%d8%b9-%d8%b5%d9%85%d8%a7%d9%85-%d9%86%d8%ad%d8%a7%d8%b3%d9%8a-3-4-%d8%a8\/#breadcrumb","itemListElement":[{"@type":"ListItem","position":1,"name":"Home","item":"https:\/\/fdasrl.it\/ar\/%d8%a7%d9%84%d8%b1%d8%a6%d9%8a%d8%b3%d9%8a%d8%a9\/"},{"@type":"ListItem","position":2,"name":"\u0627\u0644\u0645\u062a\u062c\u0631","item":"https:\/\/fdasrl.it\/ar\/%d8%a7%d9%84%d9%85%d8%aa%d8%ac%d8%b1\/"},{"@type":"ListItem","position":3,"name":"\u0639\u0648\u0627\u0645\u0629 \u0644\u0645\u0634\u0631\u0628 \u0627\u0644\u062d\u064a\u0648\u0627\u0646\u0627\u062a \u0645\u0639 \u0635\u0645\u0627\u0645 \u0646\u062d\u0627\u0633\u064a 3\/4 \u0628\u0648\u0635\u0629 \u2013 FAR19B"}]},{"@type":"WebSite","@id":"https:\/\/fdasrl.it\/ar\/#website","url":"https:\/\/fdasrl.it\/ar\/","name":"FDA srl","description":"Equipment for animal husbandry","publisher":{"@id":"https:\/\/fdasrl.it\/ar\/#organization"},"potentialAction":[{"@type":"SearchAction","target":{"@type":"EntryPoint","urlTemplate":"https:\/\/fdasrl.it\/ar\/?s={search_term_string}"},"query-input":{"@type":"PropertyValueSpecification","valueRequired":true,"valueName":"search_term_string"}}],"inLanguage":"ar"},{"@type":"Organization","@id":"https:\/\/fdasrl.it\/ar\/#organization","name":"FDA srl","url":"https:\/\/fdasrl.it\/ar\/","logo":{"@type":"ImageObject","inLanguage":"ar","@id":"https:\/\/fdasrl.it\/ar\/#\/schema\/logo\/image\/","url":"https:\/\/fdasrl.it\/wp-content\/uploads\/2024\/12\/Logo-FDA.png","contentUrl":"https:\/\/fdasrl.it\/wp-content\/uploads\/2024\/12\/Logo-FDA.png","width":316,"height":119,"caption":"FDA srl"},"image":{"@id":"https:\/\/fdasrl.it\/ar\/#\/schema\/logo\/image\/"},"sameAs":["https:\/\/www.facebook.com\/share\/1MWhFWg1Tp\/?mibextid=LQQJ4d","https:\/\/www.instagram.com\/fda_srl\/profilecard\/?igsh=YW5lbzJ6MWg0d21u","https:\/\/www.youtube.com\/@FDASRL_ANIMALCARE"],"description":"FDA SRL \u2013 Equipment for animal husbandry nasce con l\u2019obiettivo di offrire soluzioni affidabili e innovative per l\u2019allevamento moderno. Con anni di esperienza nel settore zootecnico, progettiamo e realizziamo attrezzature destinate al benessere animale e alla gestione efficiente delle stalle: vasche, abbeveratoi, mangiatoie e sistemi di riscaldamento pensati per durare nel tempo e semplificare il lavoro quotidiano degli allevatori. Dalla progettazione alla produzione, ogni nostro prodotto \u00e8 studiato nei minimi dettagli, testato con cura e costruito per rispondere alle esigenze reali del settore. La nostra forza \u00e8 unire artigianalit\u00e0, tecnologia e competenza tecnica per trasformare ogni progetto in una soluzione concreta e funzionale. Oggi FDA SRL \u00e8 un punto di riferimento per privati e rivenditori che cercano qualit\u00e0, affidabilit\u00e0 e innovazione nelle attrezzature per l\u2019allevamento.","email":"info@fdasrl.it","telephone":"+390522826820","legalName":"F.D.A. SRL","foundingDate":"2024-10-13","vatID":"03075840359","taxID":"03075840359","numberOfEmployees":{"@type":"QuantitativeValue","minValue":"1","maxValue":"10"}}]},"product_price_currency":"EUR","og_availability":"instock","product_availability":"instock","product_retailer_item_id":"FAR19B","product_condition":"new"},"_links":{"self":[{"href":"https:\/\/fdasrl.it\/ar\/wp-json\/wp\/v2\/product\/2506","targetHints":{"allow":["GET"]}}],"collection":[{"href":"https:\/\/fdasrl.it\/ar\/wp-json\/wp\/v2\/product"}],"about":[{"href":"https:\/\/fdasrl.it\/ar\/wp-json\/wp\/v2\/types\/product"}],"replies":[{"embeddable":true,"href":"https:\/\/fdasrl.it\/ar\/wp-json\/wp\/v2\/comments?post=2506"}],"wp:featuredmedia":[{"embeddable":true,"href":"https:\/\/fdasrl.it\/ar\/wp-json\/wp\/v2\/media\/1204"}],"wp:attachment":[{"href":"https:\/\/fdasrl.it\/ar\/wp-json\/wp\/v2\/media?parent=2506"}],"wp:term":[{"taxonomy":"product_brand","embeddable":true,"href":"https:\/\/fdasrl.it\/ar\/wp-json\/wp\/v2\/product_brand?post=2506"},{"taxonomy":"product_cat","embeddable":true,"href":"https:\/\/fdasrl.it\/ar\/wp-json\/wp\/v2\/product_cat?post=2506"},{"taxonomy":"product_tag","embeddable":true,"href":"https:\/\/fdasrl.it\/ar\/wp-json\/wp\/v2\/product_tag?post=2506"}],"curies":[{"name":"wp","href":"https:\/\/api.w.org\/{rel}","templated":true}]}}