{"id":2538,"date":"2026-03-10T14:05:36","date_gmt":"2026-03-10T13:05:36","guid":{"rendered":"https:\/\/fdasrl.it\/prodotto\/%d8%b9%d9%88%d8%a7%d9%85%d8%a9-%d9%84%d8%b3%d9%82%d8%a7%d9%8a%d8%a9-%d8%a7%d9%84%d9%85%d9%88%d8%a7%d8%b4%d9%8a-far19pvr-%d9%85%d9%82%d8%a7%d8%b3-3-4-%d8%a8%d9%88%d8%b5%d8%a9-%d9%85%d9%86-abs-%d9%85\/"},"modified":"2026-03-10T14:05:36","modified_gmt":"2026-03-10T13:05:36","slug":"%d8%b9%d9%88%d8%a7%d9%85%d8%a9-%d9%84%d8%b3%d9%82%d8%a7%d9%8a%d8%a9-%d8%a7%d9%84%d9%85%d9%88%d8%a7%d8%b4%d9%8a-far19pvr-%d9%85%d9%82%d8%a7%d8%b3-3-4-%d8%a8%d9%88%d8%b5%d8%a9-%d9%85%d9%86-abs-%d9%85","status":"publish","type":"product","link":"https:\/\/fdasrl.it\/ar\/prodotto\/%d8%b9%d9%88%d8%a7%d9%85%d8%a9-%d9%84%d8%b3%d9%82%d8%a7%d9%8a%d8%a9-%d8%a7%d9%84%d9%85%d9%88%d8%a7%d8%b4%d9%8a-far19pvr-%d9%85%d9%82%d8%a7%d8%b3-3-4-%d8%a8%d9%88%d8%b5%d8%a9-%d9%85%d9%86-abs-%d9%85\/","title":{"rendered":"\u0639\u0648\u0627\u0645\u0629 \u0644\u0633\u0642\u0627\u064a\u0629 \u0627\u0644\u0645\u0648\u0627\u0634\u064a FAR19PVR \u0645\u0642\u0627\u0633 3\/4 \u0628\u0648\u0635\u0629 \u0645\u0646 ABS \u0645\u0639 \u0641\u0644\u062a\u0631 \u0623\u0648\u0644\u064a \u0648\u062a\u0639\u062f\u064a\u0644 \u0627\u0644\u0645\u0633\u062a\u0648\u0649"},"content":{"rendered":"<h2 data-section-id=\"e0jt7x\" data-start=\"95\" data-end=\"184\">\u0639\u0648\u0627\u0645\u0629 \u0644\u0633\u0642\u0627\u064a\u0629 \u0627\u0644\u0645\u0648\u0627\u0634\u064a FAR19PVR \u0645\u0642\u0627\u0633 3\/4 \u0628\u0648\u0635\u0629 \u0645\u0646 ABS \u0645\u0639 \u0641\u0644\u062a\u0631 \u0623\u0648\u0644\u064a \u0648\u062a\u0639\u062f\u064a\u0644 \u0627\u0644\u0645\u0633\u062a\u0648\u0649<\/h2>\n<p data-start=\"186\" data-end=\"405\">\u062a\u0645 \u062a\u0635\u0645\u064a\u0645 <strong data-start=\"189\" data-end=\"286\">\u0639\u0648\u0627\u0645\u0629 \u0633\u0642\u0627\u064a\u0629 \u0627\u0644\u0645\u0648\u0627\u0634\u064a FAR19PVR \u0628\u0647\u064a\u0643\u0644 \u0645\u0646 ABS \u0648\u0648\u0635\u0644\u0629 3\/4 \u0628\u0648\u0635\u0629 \u0628\u0633\u0646 \u062e\u0627\u0631\u062c\u064a<\/strong> \u0644\u0636\u0645\u0627\u0646 \u062a\u062d\u0643\u0645 \u062f\u0642\u064a\u0642 \u0648\u0645\u0648\u062b\u0648\u0642 \u0641\u064a \u0645\u0633\u062a\u0648\u0649 \u0627\u0644\u0645\u0627\u0621 \u0641\u064a \u0633\u0642\u0627\u064a\u0627\u062a \u0627\u0644\u0645\u0632\u0627\u0631\u0639.<\/p>\n<p data-start=\"407\" data-end=\"720\">\u0628\u0641\u0636\u0644 \u0647\u064a\u0643\u0644\u0647\u0627 \u0627\u0644\u0645\u0635\u0646\u0648\u0639 \u0645\u0646 <strong data-start=\"432\" data-end=\"455\">\u0645\u0627\u062f\u0629 ABS \u0639\u0627\u0644\u064a\u0629 \u0627\u0644\u062c\u0648\u062f\u0629<\/strong>\u060c \u062a\u0648\u0641\u0631 \u0647\u0630\u0647 \u0627\u0644\u0639\u0648\u0627\u0645\u0629 \u0645\u0642\u0627\u0648\u0645\u0629 \u0644\u0644\u062a\u0622\u0643\u0644 \u0648\u0639\u0645\u0631\u0627\u064b \u0637\u0648\u064a\u0644\u0627\u064b \u062d\u062a\u0649 \u0641\u064a \u0638\u0631\u0648\u0641 \u0627\u0644\u0627\u0633\u062a\u062e\u062f\u0627\u0645 \u0627\u0644\u0645\u0643\u062b\u0641 \u0641\u064a \u0627\u0644\u062d\u0638\u0627\u0626\u0631. \u0628\u0627\u0644\u0625\u0636\u0627\u0641\u0629 \u0625\u0644\u0649 \u0630\u0644\u0643\u060c \u0641\u0647\u064a <strong data-start=\"591\" data-end=\"614\">\u0645\u0632\u0648\u062f\u0629 \u0628\u0641\u0644\u062a\u0631 \u0623\u0648\u0644\u064a<\/strong>\u060c \u0648\u0647\u0648 \u0645\u0641\u064a\u062f \u0644\u0627\u062d\u062a\u062c\u0627\u0632 \u0623\u064a \u0634\u0648\u0627\u0626\u0628 \u0645\u0648\u062c\u0648\u062f\u0629 \u0641\u064a \u0627\u0644\u0645\u0627\u0621 \u0648\u062a\u062d\u0633\u064a\u0646 \u0623\u062f\u0627\u0621 \u0627\u0644\u0635\u0645\u0627\u0645. <\/p>\n<p data-start=\"722\" data-end=\"893\">\u064a\u0633\u0645\u062d \u0627\u0644\u0646\u0638\u0627\u0645 <strong data-start=\"742\" data-end=\"783\">\u0628\u062a\u0639\u062f\u064a\u0644 \u0645\u0633\u062a\u0648\u0649 \u0627\u0644\u0645\u0627\u0621<\/strong>\u060c \u0645\u0645\u0627 \u064a\u0636\u0645\u0646 \u0645\u0644\u0621 \u0627\u0644\u0633\u0642\u0627\u064a\u0629 \u0628\u0627\u0633\u062a\u0645\u0631\u0627\u0631 \u0648\u062a\u0648\u0627\u0641\u0631 \u0627\u0644\u0645\u064a\u0627\u0647 \u0644\u0644\u062d\u064a\u0648\u0627\u0646\u0627\u062a \u0628\u0634\u0643\u0644 \u062f\u0627\u0626\u0645.<\/p>\n<hr data-start=\"895\" data-end=\"898\">\n<h2 data-section-id=\"og5zk7\" data-start=\"900\" data-end=\"930\">\u2699\ufe0f \u0627\u0644\u0645\u0648\u0627\u0635\u0641\u0627\u062a \u0627\u0644\u0641\u0646\u064a\u0629<\/h2>\n<p data-start=\"932\" data-end=\"1065\"><strong data-start=\"932\" data-end=\"952\">\u0643\u0648\u062f \u0627\u0644\u0645\u0646\u062a\u062c:<\/strong> FAR19PVR<br data-start=\"961\" data-end=\"964\"><strong data-start=\"964\" data-end=\"978\">\u0627\u0644\u0645\u0627\u062f\u0629:<\/strong> \u0647\u064a\u0643\u0644 \u0645\u0646 ABS<br data-start=\"991\" data-end=\"994\"><strong data-start=\"994\" data-end=\"1006\">\u0627\u0644\u0648\u0635\u0644\u0629:<\/strong> 3\/4 \u0628\u0648\u0635\u0629 \u0633\u0646 \u062e\u0627\u0631\u062c\u064a<br data-start=\"1031\" data-end=\"1034\"><strong data-start=\"1034\" data-end=\"1047\">\u0627\u0644\u0627\u0633\u062a\u062e\u062f\u0627\u0645:<\/strong> \u0644\u0633\u0642\u0627\u064a\u0627\u062a \u0627\u0644\u0645\u0648\u0627\u0634\u064a<\/p>\n<p data-start=\"1067\" data-end=\"1093\"><strong data-start=\"1067\" data-end=\"1081\">\u0627\u0644\u0641\u0644\u062a\u0631 \u0627\u0644\u0623\u0648\u0644\u064a:<\/strong> \u0645\u062f\u0645\u062c<\/p>\n<p data-start=\"1095\" data-end=\"1130\"><strong data-start=\"1095\" data-end=\"1125\">\u062a\u0639\u062f\u064a\u0644 \u0645\u0633\u062a\u0648\u0649 \u0627\u0644\u0645\u0627\u0621:<\/strong> \u0646\u0639\u0645<\/p>\n<p data-start=\"1132\" data-end=\"1174\"><strong data-start=\"1132\" data-end=\"1159\">\u0636\u063a\u0637 \u0627\u0644\u062a\u0634\u063a\u064a\u0644:<\/strong> 0.5 \u2013 12 \u0628\u0627\u0631<\/p>\n<p data-start=\"1176\" data-end=\"1214\"><strong data-start=\"1176\" data-end=\"1194\">\u062a\u062f\u0641\u0642 \u0627\u0644\u0645\u0627\u0621:<\/strong> 180 \u0644\u062a\u0631\/\u062f\u0642\u064a\u0642\u0629 \u0639\u0646\u062f 6 \u0628\u0627\u0631<\/p>\n<p data-start=\"1216\" data-end=\"1269\"><strong data-start=\"1216\" data-end=\"1252\">\u0623\u0642\u0644 \u0645\u0633\u0627\u062d\u0629 \u0644\u0644\u062a\u0631\u0643\u064a\u0628:<\/strong> 299 \u0645\u0644\u0645 \u0639\u0644\u0648\u064a<\/p>\n<hr data-start=\"1271\" data-end=\"1274\">\n<h2 data-section-id=\"50c332\" data-start=\"1276\" data-end=\"1300\">\u2705 \u0627\u0644\u0645\u0632\u0627\u064a\u0627 \u0627\u0644\u0631\u0626\u064a\u0633\u064a\u0629<\/h2>\n<ul>\n<li data-section-id=\"19eg2ht\" data-start=\"29\" data-end=\"73\">\n<p data-start=\"32\" data-end=\"73\">\u0647\u064a\u0643\u0644 \u0645\u0646 ABS \u0645\u0642\u0627\u0648\u0645 \u0644\u0644\u062a\u0622\u0643\u0644<\/p>\n<\/li>\n<li data-section-id=\"1s3jga\" data-start=\"74\" data-end=\"122\">\n<p data-start=\"77\" data-end=\"122\">\u0641\u0644\u062a\u0631 \u0623\u0648\u0644\u064a \u0645\u062f\u0645\u062c \u0644\u0627\u062d\u062a\u062c\u0627\u0632 \u0627\u0644\u0634\u0648\u0627\u0626\u0628<\/p>\n<\/li>\n<li data-section-id=\"c242ck\" data-start=\"123\" data-end=\"181\">\n<p data-start=\"126\" data-end=\"181\">\u062a\u0639\u062f\u064a\u0644 \u0628\u0633\u064a\u0637 \u0648\u062f\u0642\u064a\u0642 \u0644\u0645\u0633\u062a\u0648\u0649 \u0627\u0644\u0645\u0627\u0621<\/p>\n<\/li>\n<li data-section-id=\"5ibxc3\" data-start=\"182\" data-end=\"219\">\n<p data-start=\"185\" data-end=\"219\">\u062a\u062f\u0641\u0642 \u0639\u0627\u0644\u064d \u064a\u0635\u0644 \u0625\u0644\u0649 180 \u0644\u062a\u0631\/\u062f\u0642\u064a\u0642\u0629<\/p>\n<\/li>\n<li data-section-id=\"x61yrq\" data-start=\"220\" data-end=\"260\" data-is-last-node=\"\">\n<p data-start=\"223\" data-end=\"260\" data-is-last-node=\"\">\u0645\u062b\u0627\u0644\u064a\u0629 \u0644\u0633\u0642\u0627\u064a\u0627\u062a \u0645\u0632\u0627\u0631\u0639 \u0627\u0644\u062a\u0631\u0628\u064a\u0629<\/p>\n<\/li>\n<\/ul>\n<p>&nbsp;<\/p>\n<p>\ud83d\udc49 \u0627\u0637\u0644\u0628 \u0633\u0639\u0631 \u0625\u0639\u0627\u062f\u0629 \u0627\u0644\u0628\u064a\u0639: <a href=\"mailto:info@fdasrl.it\">\u0627\u0646\u0642\u0631 \u0647\u0646\u0627<\/a><\/p>\n<p>\ud83d\udc49 \u0627\u0634\u062a\u0631\u0650 \u0639\u0628\u0631 \u0627\u0644\u0625\u0646\u062a\u0631\u0646\u062a: <a href=\"https:\/\/fda-shop.it\/shop\/articoli-per-allevamento\/abbeveratoi\/ricambio-per-abbeveratoio-in-abs-da-3-4\">\u0627\u0646\u0642\u0631 \u0647\u0646\u0627<\/a><\/p>\n","protected":false},"excerpt":{"rendered":"<p>\u0639\u0648\u0627\u0645\u0629 FAR19PVR \u0644\u0633\u0642\u0627\u064a\u0629 \u0627\u0644\u0645\u0648\u0627\u0634\u064a \u0628\u0647\u064a\u0643\u0644 \u0645\u0646 ABS \u0648\u0648\u0635\u0644\u0629 3\/4 \u0628\u0648\u0635\u0629 \u0630\u0643\u0631. \u0645\u0632\u0648\u062f\u0629 \u0628\u0641\u0644\u062a\u0631 \u0623\u0648\u0644\u064a \u0648\u062a\u0639\u062f\u064a\u0644 \u0644\u0645\u0633\u062a\u0648\u0649 \u0627\u0644\u0645\u0627\u0621. \u062a\u062f\u0641\u0642 180 \u0644\u062a\u0631\/\u062f\u0642\u064a\u0642\u0629 \u0639\u0646\u062f 6 \u0628\u0627\u0631. \u0636\u063a\u0637 \u062a\u0634\u063a\u064a\u0644 \u0645\u0646 0.5 \u0625\u0644\u0649 12 \u0628\u0627\u0631.   <\/p>\n","protected":false},"featured_media":1220,"comment_status":"open","ping_status":"closed","template":"","meta":{"_et_pb_use_builder":"","_et_pb_old_content":"","_et_gb_content_width":""},"product_brand":[],"product_cat":[557,556,567,558],"product_tag":[583],"class_list":{"0":"post-2538","1":"product","2":"type-product","3":"status-publish","4":"has-post-thumbnail","6":"product_cat-557","7":"product_cat-556","8":"product_cat-567","9":"product_cat-558","10":"product_tag-far19pvr","12":"first","13":"instock","14":"shipping-taxable","15":"product-type-simple"},"yoast_head":"<!-- This site is optimized with the Yoast SEO Premium plugin v27.5 (Yoast SEO v27.5) - https:\/\/yoast.com\/product\/yoast-seo-premium-wordpress\/ -->\n<title>\u0639\u0648\u0627\u0645\u0629 \u0644\u0633\u0642\u0627\u064a\u0629 \u0627\u0644\u0645\u0648\u0627\u0634\u064a \u0645\u0639 \u0643\u0631\u0629 FAR19PVR \u0639\u0627\u0644\u064a\u0629 \u0627\u0644\u062c\u0648\u062f\u0629<\/title>\n<meta name=\"description\" content=\"\u0627\u0643\u062a\u0634\u0641 \u0639\u0648\u0627\u0645\u0629 \u0627\u0644\u0633\u0642\u0627\u064a\u0629 \u0630\u0627\u062a \u0627\u0644\u062a\u062f\u0641\u0642 \u0627\u0644\u0639\u0627\u0644\u064a FAR19PVR\u060c \u0627\u0644\u0645\u0635\u0645\u0645\u0629 \u0644\u0644\u062a\u062d\u0643\u0645 \u0627\u0644\u062f\u0642\u064a\u0642 \u0641\u064a \u0627\u0644\u0645\u064a\u0627\u0647 \u0641\u064a \u0627\u0644\u0633\u0642\u0627\u064a\u0627\u062a. \u0627\u062e\u062a\u0631 \u0627\u0644\u062c\u0648\u062f\u0629 \u0648\u0627\u0644\u0645\u062a\u0627\u0646\u0629!\" \/>\n<meta name=\"robots\" content=\"index, follow, max-snippet:-1, max-image-preview:large, max-video-preview:-1\" \/>\n<link rel=\"canonical\" href=\"https:\/\/fdasrl.it\/ar\/prodotto\/%d8%b9%d9%88%d8%a7%d9%85%d8%a9-%d9%84%d8%b3%d9%82%d8%a7%d9%8a%d8%a9-%d8%a7%d9%84%d9%85%d9%88%d8%a7%d8%b4%d9%8a-far19pvr-%d9%85%d9%82%d8%a7%d8%b3-3-4-%d8%a8%d9%88%d8%b5%d8%a9-%d9%85%d9%86-abs-%d9%85\/\" \/>\n<meta property=\"og:locale\" content=\"ar_AR\" \/>\n<meta property=\"og:type\" content=\"article\" \/>\n<meta property=\"og:title\" content=\"\u0639\u0648\u0627\u0645\u0629 \u0644\u0633\u0642\u0627\u064a\u0629 \u0627\u0644\u0645\u0648\u0627\u0634\u064a FAR19PVR \u0645\u0642\u0627\u0633 3\/4 \u0628\u0648\u0635\u0629 \u0645\u0646 ABS \u0645\u0639 \u0641\u0644\u062a\u0631 \u0623\u0648\u0644\u064a \u0648\u062a\u0639\u062f\u064a\u0644 \u0627\u0644\u0645\u0633\u062a\u0648\u0649\" \/>\n<meta property=\"og:description\" content=\"\u0627\u0643\u062a\u0634\u0641 \u0639\u0648\u0627\u0645\u0629 \u0627\u0644\u0633\u0642\u0627\u064a\u0629 \u0630\u0627\u062a \u0627\u0644\u062a\u062f\u0641\u0642 \u0627\u0644\u0639\u0627\u0644\u064a FAR19PVR\u060c \u0627\u0644\u0645\u0635\u0645\u0645\u0629 \u0644\u0644\u062a\u062d\u0643\u0645 \u0627\u0644\u062f\u0642\u064a\u0642 \u0641\u064a \u0627\u0644\u0645\u064a\u0627\u0647 \u0641\u064a \u0627\u0644\u0633\u0642\u0627\u064a\u0627\u062a. \u0627\u062e\u062a\u0631 \u0627\u0644\u062c\u0648\u062f\u0629 \u0648\u0627\u0644\u0645\u062a\u0627\u0646\u0629!\" \/>\n<meta property=\"og:url\" content=\"https:\/\/fdasrl.it\/ar\/prodotto\/%d8%b9%d9%88%d8%a7%d9%85%d8%a9-%d9%84%d8%b3%d9%82%d8%a7%d9%8a%d8%a9-%d8%a7%d9%84%d9%85%d9%88%d8%a7%d8%b4%d9%8a-far19pvr-%d9%85%d9%82%d8%a7%d8%b3-3-4-%d8%a8%d9%88%d8%b5%d8%a9-%d9%85%d9%86-abs-%d9%85\/\" \/>\n<meta property=\"og:site_name\" content=\"FDA srl\" \/>\n<meta property=\"article:publisher\" content=\"https:\/\/www.facebook.com\/share\/1MWhFWg1Tp\/?mibextid=LQQJ4d\" \/>\n<meta property=\"og:image\" content=\"https:\/\/fdasrl.it\/wp-content\/uploads\/2026\/03\/Galleggiante-per-abbeveratoio-con-sfera-FAR19PVR.png\" \/>\n\t<meta property=\"og:image:width\" content=\"500\" \/>\n\t<meta property=\"og:image:height\" content=\"500\" \/>\n\t<meta property=\"og:image:type\" content=\"image\/png\" \/>\n<meta name=\"twitter:card\" content=\"summary_large_image\" \/>\n<meta name=\"twitter:label1\" content=\"\u0627\u0644\u0633\u0639\u0631\" \/>\n\t<meta name=\"twitter:data1\" content=\"\" \/>\n\t<meta name=\"twitter:label2\" content=\"\u0627\u0644\u062a\u0648\u0641\u0631\" \/>\n\t<meta name=\"twitter:data2\" content=\"\u0645\u062a\u0648\u0641\u0631 \u0641\u064a \u0627\u0644\u0645\u062e\u0632\u0648\u0646\" \/>\n<meta property=\"product:price:currency\" content=\"EUR\" \/>\n<meta property=\"og:availability\" content=\"instock\" \/>\n<meta property=\"product:availability\" content=\"instock\" \/>\n<meta property=\"product:retailer_item_id\" content=\"FAR19PVR\" \/>\n<meta property=\"product:condition\" content=\"new\" \/>\n<!-- \/ Yoast SEO Premium plugin. -->","yoast_head_json":{"title":"\u0639\u0648\u0627\u0645\u0629 \u0644\u0633\u0642\u0627\u064a\u0629 \u0627\u0644\u0645\u0648\u0627\u0634\u064a \u0645\u0639 \u0643\u0631\u0629 FAR19PVR \u0639\u0627\u0644\u064a\u0629 \u0627\u0644\u062c\u0648\u062f\u0629","description":"\u0627\u0643\u062a\u0634\u0641 \u0639\u0648\u0627\u0645\u0629 \u0627\u0644\u0633\u0642\u0627\u064a\u0629 \u0630\u0627\u062a \u0627\u0644\u062a\u062f\u0641\u0642 \u0627\u0644\u0639\u0627\u0644\u064a FAR19PVR\u060c \u0627\u0644\u0645\u0635\u0645\u0645\u0629 \u0644\u0644\u062a\u062d\u0643\u0645 \u0627\u0644\u062f\u0642\u064a\u0642 \u0641\u064a \u0627\u0644\u0645\u064a\u0627\u0647 \u0641\u064a \u0627\u0644\u0633\u0642\u0627\u064a\u0627\u062a. \u0627\u062e\u062a\u0631 \u0627\u0644\u062c\u0648\u062f\u0629 \u0648\u0627\u0644\u0645\u062a\u0627\u0646\u0629!","robots":{"index":"index","follow":"follow","max-snippet":"max-snippet:-1","max-image-preview":"max-image-preview:large","max-video-preview":"max-video-preview:-1"},"canonical":"https:\/\/fdasrl.it\/ar\/prodotto\/%d8%b9%d9%88%d8%a7%d9%85%d8%a9-%d9%84%d8%b3%d9%82%d8%a7%d9%8a%d8%a9-%d8%a7%d9%84%d9%85%d9%88%d8%a7%d8%b4%d9%8a-far19pvr-%d9%85%d9%82%d8%a7%d8%b3-3-4-%d8%a8%d9%88%d8%b5%d8%a9-%d9%85%d9%86-abs-%d9%85\/","og_locale":"ar_AR","og_type":"article","og_title":"\u0639\u0648\u0627\u0645\u0629 \u0644\u0633\u0642\u0627\u064a\u0629 \u0627\u0644\u0645\u0648\u0627\u0634\u064a FAR19PVR \u0645\u0642\u0627\u0633 3\/4 \u0628\u0648\u0635\u0629 \u0645\u0646 ABS \u0645\u0639 \u0641\u0644\u062a\u0631 \u0623\u0648\u0644\u064a \u0648\u062a\u0639\u062f\u064a\u0644 \u0627\u0644\u0645\u0633\u062a\u0648\u0649","og_description":"\u0627\u0643\u062a\u0634\u0641 \u0639\u0648\u0627\u0645\u0629 \u0627\u0644\u0633\u0642\u0627\u064a\u0629 \u0630\u0627\u062a \u0627\u0644\u062a\u062f\u0641\u0642 \u0627\u0644\u0639\u0627\u0644\u064a FAR19PVR\u060c \u0627\u0644\u0645\u0635\u0645\u0645\u0629 \u0644\u0644\u062a\u062d\u0643\u0645 \u0627\u0644\u062f\u0642\u064a\u0642 \u0641\u064a \u0627\u0644\u0645\u064a\u0627\u0647 \u0641\u064a \u0627\u0644\u0633\u0642\u0627\u064a\u0627\u062a. \u0627\u062e\u062a\u0631 \u0627\u0644\u062c\u0648\u062f\u0629 \u0648\u0627\u0644\u0645\u062a\u0627\u0646\u0629!","og_url":"https:\/\/fdasrl.it\/ar\/prodotto\/%d8%b9%d9%88%d8%a7%d9%85%d8%a9-%d9%84%d8%b3%d9%82%d8%a7%d9%8a%d8%a9-%d8%a7%d9%84%d9%85%d9%88%d8%a7%d8%b4%d9%8a-far19pvr-%d9%85%d9%82%d8%a7%d8%b3-3-4-%d8%a8%d9%88%d8%b5%d8%a9-%d9%85%d9%86-abs-%d9%85\/","og_site_name":"FDA srl","article_publisher":"https:\/\/www.facebook.com\/share\/1MWhFWg1Tp\/?mibextid=LQQJ4d","og_image":[{"width":500,"height":500,"url":"https:\/\/fdasrl.it\/wp-content\/uploads\/2026\/03\/Galleggiante-per-abbeveratoio-con-sfera-FAR19PVR.png","type":"image\/png"}],"twitter_card":"summary_large_image","twitter_misc":{"\u0627\u0644\u0633\u0639\u0631":"","\u0627\u0644\u062a\u0648\u0641\u0631":"\u0645\u062a\u0648\u0641\u0631 \u0641\u064a \u0627\u0644\u0645\u062e\u0632\u0648\u0646"},"schema":{"@context":"https:\/\/schema.org","@graph":[{"@type":"WebPage","@id":"https:\/\/fdasrl.it\/ar\/prodotto\/%d8%b9%d9%88%d8%a7%d9%85%d8%a9-%d9%84%d8%b3%d9%82%d8%a7%d9%8a%d8%a9-%d8%a7%d9%84%d9%85%d9%88%d8%a7%d8%b4%d9%8a-far19pvr-%d9%85%d9%82%d8%a7%d8%b3-3-4-%d8%a8%d9%88%d8%b5%d8%a9-%d9%85%d9%86-abs-%d9%85\/","url":"https:\/\/fdasrl.it\/ar\/prodotto\/%d8%b9%d9%88%d8%a7%d9%85%d8%a9-%d9%84%d8%b3%d9%82%d8%a7%d9%8a%d8%a9-%d8%a7%d9%84%d9%85%d9%88%d8%a7%d8%b4%d9%8a-far19pvr-%d9%85%d9%82%d8%a7%d8%b3-3-4-%d8%a8%d9%88%d8%b5%d8%a9-%d9%85%d9%86-abs-%d9%85\/","name":"\u0639\u0648\u0627\u0645\u0629 \u0644\u0633\u0642\u0627\u064a\u0629 \u0627\u0644\u0645\u0648\u0627\u0634\u064a \u0645\u0639 \u0643\u0631\u0629 FAR19PVR \u0639\u0627\u0644\u064a\u0629 \u0627\u0644\u062c\u0648\u062f\u0629","isPartOf":{"@id":"https:\/\/fdasrl.it\/ar\/#website"},"primaryImageOfPage":{"@id":"https:\/\/fdasrl.it\/ar\/prodotto\/%d8%b9%d9%88%d8%a7%d9%85%d8%a9-%d9%84%d8%b3%d9%82%d8%a7%d9%8a%d8%a9-%d8%a7%d9%84%d9%85%d9%88%d8%a7%d8%b4%d9%8a-far19pvr-%d9%85%d9%82%d8%a7%d8%b3-3-4-%d8%a8%d9%88%d8%b5%d8%a9-%d9%85%d9%86-abs-%d9%85\/#primaryimage"},"image":{"@id":"https:\/\/fdasrl.it\/ar\/prodotto\/%d8%b9%d9%88%d8%a7%d9%85%d8%a9-%d9%84%d8%b3%d9%82%d8%a7%d9%8a%d8%a9-%d8%a7%d9%84%d9%85%d9%88%d8%a7%d8%b4%d9%8a-far19pvr-%d9%85%d9%82%d8%a7%d8%b3-3-4-%d8%a8%d9%88%d8%b5%d8%a9-%d9%85%d9%86-abs-%d9%85\/#primaryimage"},"thumbnailUrl":"https:\/\/fdasrl.it\/wp-content\/uploads\/2026\/03\/Galleggiante-per-abbeveratoio-con-sfera-FAR19PVR.png","datePublished":"2026-03-10T13:05:36+00:00","description":"\u0627\u0643\u062a\u0634\u0641 \u0639\u0648\u0627\u0645\u0629 \u0627\u0644\u0633\u0642\u0627\u064a\u0629 \u0630\u0627\u062a \u0627\u0644\u062a\u062f\u0641\u0642 \u0627\u0644\u0639\u0627\u0644\u064a FAR19PVR\u060c \u0627\u0644\u0645\u0635\u0645\u0645\u0629 \u0644\u0644\u062a\u062d\u0643\u0645 \u0627\u0644\u062f\u0642\u064a\u0642 \u0641\u064a \u0627\u0644\u0645\u064a\u0627\u0647 \u0641\u064a \u0627\u0644\u0633\u0642\u0627\u064a\u0627\u062a. \u0627\u062e\u062a\u0631 \u0627\u0644\u062c\u0648\u062f\u0629 \u0648\u0627\u0644\u0645\u062a\u0627\u0646\u0629!","breadcrumb":{"@id":"https:\/\/fdasrl.it\/ar\/prodotto\/%d8%b9%d9%88%d8%a7%d9%85%d8%a9-%d9%84%d8%b3%d9%82%d8%a7%d9%8a%d8%a9-%d8%a7%d9%84%d9%85%d9%88%d8%a7%d8%b4%d9%8a-far19pvr-%d9%85%d9%82%d8%a7%d8%b3-3-4-%d8%a8%d9%88%d8%b5%d8%a9-%d9%85%d9%86-abs-%d9%85\/#breadcrumb"},"inLanguage":"ar","potentialAction":[{"@type":"ReadAction","target":["https:\/\/fdasrl.it\/ar\/prodotto\/%d8%b9%d9%88%d8%a7%d9%85%d8%a9-%d9%84%d8%b3%d9%82%d8%a7%d9%8a%d8%a9-%d8%a7%d9%84%d9%85%d9%88%d8%a7%d8%b4%d9%8a-far19pvr-%d9%85%d9%82%d8%a7%d8%b3-3-4-%d8%a8%d9%88%d8%b5%d8%a9-%d9%85%d9%86-abs-%d9%85\/"]}]},{"@type":"ImageObject","inLanguage":"ar","@id":"https:\/\/fdasrl.it\/ar\/prodotto\/%d8%b9%d9%88%d8%a7%d9%85%d8%a9-%d9%84%d8%b3%d9%82%d8%a7%d9%8a%d8%a9-%d8%a7%d9%84%d9%85%d9%88%d8%a7%d8%b4%d9%8a-far19pvr-%d9%85%d9%82%d8%a7%d8%b3-3-4-%d8%a8%d9%88%d8%b5%d8%a9-%d9%85%d9%86-abs-%d9%85\/#primaryimage","url":"https:\/\/fdasrl.it\/wp-content\/uploads\/2026\/03\/Galleggiante-per-abbeveratoio-con-sfera-FAR19PVR.png","contentUrl":"https:\/\/fdasrl.it\/wp-content\/uploads\/2026\/03\/Galleggiante-per-abbeveratoio-con-sfera-FAR19PVR.png","width":500,"height":500,"caption":"\u0639\u0648\u0627\u0645\u0629 \u0645\u0639 \u0643\u0631\u0629 \u0644\u0644\u062a\u062d\u0643\u0645 \u0627\u0644\u0623\u0648\u062a\u0648\u0645\u0627\u062a\u064a\u0643\u064a \u0641\u064a \u0645\u0633\u062a\u0648\u0649 \u0627\u0644\u0645\u0627\u0621 \u0641\u064a \u0627\u0644\u0633\u0642\u0627\u064a\u0627\u062a."},{"@type":"BreadcrumbList","@id":"https:\/\/fdasrl.it\/ar\/prodotto\/%d8%b9%d9%88%d8%a7%d9%85%d8%a9-%d9%84%d8%b3%d9%82%d8%a7%d9%8a%d8%a9-%d8%a7%d9%84%d9%85%d9%88%d8%a7%d8%b4%d9%8a-far19pvr-%d9%85%d9%82%d8%a7%d8%b3-3-4-%d8%a8%d9%88%d8%b5%d8%a9-%d9%85%d9%86-abs-%d9%85\/#breadcrumb","itemListElement":[{"@type":"ListItem","position":1,"name":"Home","item":"https:\/\/fdasrl.it\/ar\/%d8%a7%d9%84%d8%b1%d8%a6%d9%8a%d8%b3%d9%8a%d8%a9\/"},{"@type":"ListItem","position":2,"name":"\u0627\u0644\u0645\u062a\u062c\u0631","item":"https:\/\/fdasrl.it\/ar\/%d8%a7%d9%84%d9%85%d8%aa%d8%ac%d8%b1\/"},{"@type":"ListItem","position":3,"name":"\u0639\u0648\u0627\u0645\u0629 \u0644\u0633\u0642\u0627\u064a\u0629 \u0627\u0644\u0645\u0648\u0627\u0634\u064a FAR19PVR \u0645\u0642\u0627\u0633 3\/4 \u0628\u0648\u0635\u0629 \u0645\u0646 ABS \u0645\u0639 \u0641\u0644\u062a\u0631 \u0623\u0648\u0644\u064a \u0648\u062a\u0639\u062f\u064a\u0644 \u0627\u0644\u0645\u0633\u062a\u0648\u0649"}]},{"@type":"WebSite","@id":"https:\/\/fdasrl.it\/ar\/#website","url":"https:\/\/fdasrl.it\/ar\/","name":"FDA srl","description":"Equipment for animal husbandry","publisher":{"@id":"https:\/\/fdasrl.it\/ar\/#organization"},"potentialAction":[{"@type":"SearchAction","target":{"@type":"EntryPoint","urlTemplate":"https:\/\/fdasrl.it\/ar\/?s={search_term_string}"},"query-input":{"@type":"PropertyValueSpecification","valueRequired":true,"valueName":"search_term_string"}}],"inLanguage":"ar"},{"@type":"Organization","@id":"https:\/\/fdasrl.it\/ar\/#organization","name":"FDA srl","url":"https:\/\/fdasrl.it\/ar\/","logo":{"@type":"ImageObject","inLanguage":"ar","@id":"https:\/\/fdasrl.it\/ar\/#\/schema\/logo\/image\/","url":"https:\/\/fdasrl.it\/wp-content\/uploads\/2024\/12\/Logo-FDA.png","contentUrl":"https:\/\/fdasrl.it\/wp-content\/uploads\/2024\/12\/Logo-FDA.png","width":316,"height":119,"caption":"FDA srl"},"image":{"@id":"https:\/\/fdasrl.it\/ar\/#\/schema\/logo\/image\/"},"sameAs":["https:\/\/www.facebook.com\/share\/1MWhFWg1Tp\/?mibextid=LQQJ4d","https:\/\/www.instagram.com\/fda_srl\/profilecard\/?igsh=YW5lbzJ6MWg0d21u","https:\/\/www.youtube.com\/@FDASRL_ANIMALCARE"],"description":"FDA SRL \u2013 Equipment for animal husbandry nasce con l\u2019obiettivo di offrire soluzioni affidabili e innovative per l\u2019allevamento moderno. Con anni di esperienza nel settore zootecnico, progettiamo e realizziamo attrezzature destinate al benessere animale e alla gestione efficiente delle stalle: vasche, abbeveratoi, mangiatoie e sistemi di riscaldamento pensati per durare nel tempo e semplificare il lavoro quotidiano degli allevatori. Dalla progettazione alla produzione, ogni nostro prodotto \u00e8 studiato nei minimi dettagli, testato con cura e costruito per rispondere alle esigenze reali del settore. La nostra forza \u00e8 unire artigianalit\u00e0, tecnologia e competenza tecnica per trasformare ogni progetto in una soluzione concreta e funzionale. Oggi FDA SRL \u00e8 un punto di riferimento per privati e rivenditori che cercano qualit\u00e0, affidabilit\u00e0 e innovazione nelle attrezzature per l\u2019allevamento.","email":"info@fdasrl.it","telephone":"+390522826820","legalName":"F.D.A. SRL","foundingDate":"2024-10-13","vatID":"03075840359","taxID":"03075840359","numberOfEmployees":{"@type":"QuantitativeValue","minValue":"1","maxValue":"10"}}]},"product_price_currency":"EUR","og_availability":"instock","product_availability":"instock","product_retailer_item_id":"FAR19PVR","product_condition":"new"},"_links":{"self":[{"href":"https:\/\/fdasrl.it\/ar\/wp-json\/wp\/v2\/product\/2538","targetHints":{"allow":["GET"]}}],"collection":[{"href":"https:\/\/fdasrl.it\/ar\/wp-json\/wp\/v2\/product"}],"about":[{"href":"https:\/\/fdasrl.it\/ar\/wp-json\/wp\/v2\/types\/product"}],"replies":[{"embeddable":true,"href":"https:\/\/fdasrl.it\/ar\/wp-json\/wp\/v2\/comments?post=2538"}],"wp:featuredmedia":[{"embeddable":true,"href":"https:\/\/fdasrl.it\/ar\/wp-json\/wp\/v2\/media\/1220"}],"wp:attachment":[{"href":"https:\/\/fdasrl.it\/ar\/wp-json\/wp\/v2\/media?parent=2538"}],"wp:term":[{"taxonomy":"product_brand","embeddable":true,"href":"https:\/\/fdasrl.it\/ar\/wp-json\/wp\/v2\/product_brand?post=2538"},{"taxonomy":"product_cat","embeddable":true,"href":"https:\/\/fdasrl.it\/ar\/wp-json\/wp\/v2\/product_cat?post=2538"},{"taxonomy":"product_tag","embeddable":true,"href":"https:\/\/fdasrl.it\/ar\/wp-json\/wp\/v2\/product_tag?post=2538"}],"curies":[{"name":"wp","href":"https:\/\/api.w.org\/{rel}","templated":true}]}}