{"id":2568,"date":"2026-03-06T15:54:29","date_gmt":"2026-03-06T14:54:29","guid":{"rendered":"https:\/\/fdasrl.it\/prodotto\/%d8%b5%d9%85%d8%a7%d9%85-%d8%a8%d9%86%d8%af%d9%88%d9%84-far18-%d9%84%d9%84%d9%85%d8%b4%d8%a7%d8%b1%d8%a8\/"},"modified":"2026-03-06T15:54:29","modified_gmt":"2026-03-06T14:54:29","slug":"%d8%b5%d9%85%d8%a7%d9%85-%d8%a8%d9%86%d8%af%d9%88%d9%84-far18-%d9%84%d9%84%d9%85%d8%b4%d8%a7%d8%b1%d8%a8","status":"publish","type":"product","link":"https:\/\/fdasrl.it\/ar\/prodotto\/%d8%b5%d9%85%d8%a7%d9%85-%d8%a8%d9%86%d8%af%d9%88%d9%84-far18-%d9%84%d9%84%d9%85%d8%b4%d8%a7%d8%b1%d8%a8\/","title":{"rendered":"\u0635\u0645\u0627\u0645 \u0628\u0646\u062f\u0648\u0644 FAR18 \u0644\u0644\u0645\u0634\u0627\u0631\u0628"},"content":{"rendered":"<h3 data-section-id=\"631hw6\" data-start=\"122\" data-end=\"169\"><strong data-start=\"126\" data-end=\"169\">\u0635\u0645\u0627\u0645 \u0628\u0646\u062f\u0648\u0644 <\/strong><strong data-start=\"126\" data-end=\"169\">FAR18 <\/strong><strong data-start=\"126\" data-end=\"169\">\u0644\u0644\u0645\u0634\u0627\u0631\u0628<\/strong><\/h3>\n<p data-start=\"171\" data-end=\"451\">\u062a\u0645 \u062a\u0635\u0645\u064a\u0645 <strong data-start=\"174\" data-end=\"201\">\u0635\u0645\u0627\u0645 \u0627\u0644\u0628\u0646\u062f\u0648\u0644 FAR18<\/strong> \u0644\u0623\u0646\u0648\u0627\u0639 \u0645\u062e\u062a\u0644\u0641\u0629 \u0645\u0646 \u0627\u0644\u0645\u0634\u0627\u0631\u0628 \u0648\u0647\u0648 \u0645\u062a\u0648\u0627\u0641\u0642 \u0645\u0639 \u0645\u0634\u0627\u0631\u0628 <strong data-start=\"284\" data-end=\"297\">FDA FA-KB<\/strong> \u0648 <strong data-start=\"300\" data-end=\"312\">FABB0033<\/strong>.<br data-start=\"313\" data-end=\"316\">\u0645\u0635\u0646\u0648\u0639 \u0645\u0646 <strong data-start=\"330\" data-end=\"340\">\u0627\u0644\u0646\u062d\u0627\u0633<\/strong>\u060c \u0645\u0645\u0627 \u064a\u0636\u0645\u0646 \u0645\u0642\u0627\u0648\u0645\u0629 \u0639\u0627\u0644\u064a\u0629 \u0644\u0644\u062a\u0622\u0643\u0644 \u0648\u0639\u0645\u0631\u0627\u064b \u0637\u0648\u064a\u0644\u0627\u064b \u062d\u062a\u0649 \u0641\u064a \u0623\u0635\u0639\u0628 \u0628\u064a\u0626\u0627\u062a \u062a\u0631\u0628\u064a\u0629 \u0627\u0644\u0645\u0627\u0634\u064a\u0629.<\/p>\n<p data-start=\"453\" data-end=\"625\">\u0628\u0641\u0636\u0644 <strong data-start=\"464\" data-end=\"501\">\u0627\u0644\u0648\u0635\u0644\u0629 \u0627\u0644\u0645\u0644\u0648\u0644\u0628\u0629 \u0627\u0644\u0623\u0646\u062b\u0648\u064a\u0629 \u0645\u0642\u0627\u0633 1\/2 \u0628\u0648\u0635\u0629<\/strong>\u060c \u064a\u0636\u0645\u0646 \u0627\u0644\u0635\u0645\u0627\u0645 <strong data-start=\"527\" data-end=\"552\">\u062a\u062f\u0641\u0642\u0627\u064b \u062c\u064a\u062f\u0627\u064b \u0644\u0644\u0645\u064a\u0627\u0647<\/strong> \u0648\u062a\u0634\u063a\u064a\u0644\u0627\u064b \u0645\u0648\u062b\u0648\u0642\u0627\u064b \u062d\u062a\u0649 \u0641\u064a \u0638\u0631\u0648\u0641 \u0627\u0644\u0627\u0633\u062a\u062e\u062f\u0627\u0645 \u0627\u0644\u0645\u0643\u062b\u0641.<\/p>\n<p data-start=\"627\" data-end=\"691\">\u064a\u064f\u0648\u0631\u062f \u0643\u0640 <strong data-start=\"642\" data-end=\"690\">\u0642\u0637\u0639\u0629 \u063a\u064a\u0627\u0631 \u0643\u0627\u0645\u0644\u0629 \u062c\u0627\u0647\u0632\u0629 \u0644\u0644\u062a\u0631\u0643\u064a\u0628<\/strong>.<\/p>\n<h3 data-section-id=\"xrc42a\" data-start=\"693\" data-end=\"727\"><strong data-start=\"697\" data-end=\"727\">\u0627\u0644\u062e\u0635\u0627\u0626\u0635 \u0627\u0644\u0631\u0626\u064a\u0633\u064a\u0629<\/strong><\/h3>\n<ul data-start=\"729\" data-end=\"948\">\n<li data-section-id=\"a06e4o\" data-start=\"729\" data-end=\"777\">\n<p data-start=\"731\" data-end=\"777\">\u0647\u064a\u0643\u0644 \u0645\u0646 <strong data-start=\"740\" data-end=\"777\">\u0627\u0644\u0646\u062d\u0627\u0633 \u0627\u0644\u0645\u0642\u0627\u0648\u0645 \u0644\u0644\u062a\u0622\u0643\u0644<\/strong><\/p>\n<\/li>\n<li data-section-id=\"1jt4ndz\" data-start=\"778\" data-end=\"814\">\n<p data-start=\"780\" data-end=\"814\"><strong data-start=\"780\" data-end=\"814\">\u0648\u0635\u0644\u0629 \u0645\u0644\u0648\u0644\u0628\u0629 \u0623\u0646\u062b\u0648\u064a\u0629 1\/2 \u0628\u0648\u0635\u0629 &#8211; \u0645\u0646 \u0627\u0644\u0623\u0633\u0641\u0644 \u0648\u0645\u0646 \u0627\u0644\u0623\u0639\u0644\u0649<\/strong><\/p>\n<\/li>\n<li data-section-id=\"12kdzhk\" data-start=\"815\" data-end=\"842\">\n<p data-start=\"817\" data-end=\"842\"><strong data-start=\"817\" data-end=\"842\">\u062a\u062f\u0641\u0642 \u0645\u064a\u0627\u0647 \u062c\u064a\u062f<\/strong><\/p>\n<\/li>\n<li data-section-id=\"1cp13de\" data-start=\"843\" data-end=\"897\">\n<p data-start=\"845\" data-end=\"897\">\u0645\u062a\u0648\u0627\u0641\u0642 \u0645\u0639 \u0645\u0634\u0627\u0631\u0628 <strong data-start=\"873\" data-end=\"882\">FA-KB<\/strong> \u0648 <strong data-start=\"885\" data-end=\"897\">FABB0033<\/strong><\/p>\n<\/li>\n<li data-section-id=\"7eg5ja\" data-start=\"898\" data-end=\"948\">\n<p data-start=\"900\" data-end=\"948\"><strong data-start=\"900\" data-end=\"921\">\u0642\u0637\u0639\u0629 \u063a\u064a\u0627\u0631 \u0643\u0627\u0645\u0644\u0629<\/strong> \u062c\u0627\u0647\u0632\u0629 \u0644\u0644\u062a\u0631\u0643\u064a\u0628<\/p>\n<\/li>\n<\/ul>\n<h3 data-section-id=\"2pq1zq\" data-start=\"950\" data-end=\"980\"><strong data-start=\"954\" data-end=\"980\">\u0636\u063a\u0637 \u0627\u0644\u062a\u0634\u063a\u064a\u0644<\/strong><\/h3>\n<ul data-start=\"982\" data-end=\"1018\">\n<li data-section-id=\"hbbj97\" data-start=\"982\" data-end=\"1018\">\n<p data-start=\"984\" data-end=\"1018\"><strong data-start=\"984\" data-end=\"1008\">\u0636\u063a\u0637 \u0627\u0644\u0639\u0645\u0644:<\/strong> 0 \u2013 5 \u0628\u0627\u0631<\/p>\n<\/li>\n<\/ul>\n<h3 data-section-id=\"8whuzw\" data-start=\"1020\" data-end=\"1041\"><strong data-start=\"1024\" data-end=\"1041\">\u062a\u062f\u0641\u0642 \u0627\u0644\u0645\u064a\u0627\u0647<\/strong><\/h3>\n<ul data-start=\"1043\" data-end=\"1064\">\n<li data-section-id=\"yqq2y4\" data-start=\"1043\" data-end=\"1064\">\n<p data-start=\"1045\" data-end=\"1064\"><strong data-start=\"1045\" data-end=\"1064\">\u062d\u062a\u0649 20 \u0644\u062a\u0631\/\u062f\u0642\u064a\u0642\u0629<\/strong><\/p>\n<\/li>\n<\/ul>\n<p data-start=\"1066\" data-end=\"1263\">\u064a\u0636\u0645\u0646 <strong data-start=\"1069\" data-end=\"1096\">\u0635\u0645\u0627\u0645 \u0627\u0644\u0628\u0646\u062f\u0648\u0644 FAR18<\/strong> \u062a\u0648\u0632\u064a\u0639\u0627\u064b \u0641\u0639\u0627\u0644\u0627\u064b \u0644\u0644\u0645\u064a\u0627\u0647 \u0641\u064a \u0627\u0644\u0645\u0634\u0627\u0631\u0628\u060c \u0645\u0645\u0627 \u064a\u0633\u0627\u0647\u0645 \u0641\u064a <strong data-start=\"1178\" data-end=\"1201\">\u062a\u0642\u0644\u064a\u0644 \u0627\u0644\u0647\u062f\u0631<\/strong> \u0648\u064a\u0636\u0645\u0646 \u0644\u0644\u062d\u064a\u0648\u0627\u0646\u0627\u062a <strong data-start=\"1229\" data-end=\"1262\">\u0648\u0635\u0648\u0644\u0627\u064b \u0645\u0633\u062a\u0645\u0631\u0627\u064b \u0625\u0644\u0649 \u0627\u0644\u0645\u0627\u0621<\/strong>.<\/p>\n<p>\ud83d\udc49 \u0627\u0637\u0644\u0628 \u0633\u0639\u0631 \u0625\u0639\u0627\u062f\u0629 \u0627\u0644\u0628\u064a\u0639:  <a href=\"mailto:info@fdasrl.it\">\u0627\u0646\u0642\u0631 \u0647\u0646\u0627<\/a><\/p>\n<p>\ud83d\udc49 \u0627\u0634\u062a\u0631\u0650 \u0639\u0628\u0631 \u0627\u0644\u0625\u0646\u062a\u0631\u0646\u062a: <a href=\"https:\/\/fda-shop.it\/shop\/scuderia-horse-care\/scuderia-e-paddock\/abbeveratoi-per-cavalli\/valvola-per-abbeveratoio-cavalli\">\u0627\u0646\u0642\u0631 \u0647\u0646\u0627<\/a><\/p>\n","protected":false},"excerpt":{"rendered":"<p>\u0625\u0646 <strong data-start=\"26\" data-end=\"53\">\u0635\u0645\u0627\u0645 \u0627\u0644\u0628\u0646\u062f\u0648\u0644 FAR18<\/strong> \u0647\u0648 \u0642\u0637\u0639\u0629 \u063a\u064a\u0627\u0631 \u0643\u0627\u0645\u0644\u0629 \u0645\u062a\u0648\u0627\u0641\u0642\u0629 \u0645\u0639 \u0627\u0644\u0639\u062f\u064a\u062f \u0645\u0646 \u0627\u0644\u0645\u0634\u0627\u0631\u0628 \u0628\u0645\u0627 \u0641\u064a \u0630\u0644\u0643 <strong data-start=\"81\" data-end=\"114\">\u0645\u0634\u0627\u0631\u0628 FDA FA-KB \u0648 FABB0033<\/strong>\u060c \u0648\u0647\u0648 \u0645\u0635\u0646\u0648\u0639 \u0645\u0646 <strong data-start=\"130\" data-end=\"140\">\u0627\u0644\u0646\u062d\u0627\u0633<\/strong> \u0644\u0636\u0645\u0627\u0646 \u0627\u0644\u0642\u0648\u0629 \u0648\u0627\u0644\u0645\u062a\u0627\u0646\u0629 \u0641\u064a \u0628\u064a\u0626\u0627\u062a \u062a\u0631\u0628\u064a\u0629 \u0627\u0644\u0645\u0627\u0634\u064a\u0629. \u0645\u0632\u0648\u062f \u0628\u0640 <strong data-start=\"212\" data-end=\"249\">\u0648\u0635\u0644\u0629 \u0645\u0644\u0648\u0644\u0628\u0629 \u0623\u0646\u062b\u0648\u064a\u0629 \u0645\u0642\u0627\u0633 1\/2 \u0628\u0648\u0635\u0629<\/strong>\u060c \u0648\u064a\u0636\u0645\u0646 <strong data-start=\"260\" data-end=\"287\">\u062a\u062f\u0641\u0642\u0627\u064b \u062c\u064a\u062f\u0627\u064b \u0644\u0644\u0645\u064a\u0627\u0647<\/strong> \u0648\u062a\u0634\u063a\u064a\u0644\u0627\u064b \u0645\u0648\u062b\u0648\u0642\u0627\u064b \u0645\u0639 <strong data-start=\"319\" data-end=\"358\">\u0636\u063a\u0637 \u062a\u0634\u063a\u064a\u0644 \u0645\u0646 0 \u0625\u0644\u0649 5 \u0628\u0627\u0631<\/strong>. \u0645\u062b\u0627\u0644\u064a \u0644\u0636\u0645\u0627\u0646 \u0625\u0645\u062f\u0627\u062f \u0645\u0633\u062a\u0645\u0631 \u0644\u0644\u0645\u064a\u0627\u0647 \u0641\u064a \u0627\u0644\u0645\u0634\u0627\u0631\u0628.  <\/p>\n","protected":false},"featured_media":1201,"comment_status":"open","ping_status":"closed","template":"","meta":{"_et_pb_use_builder":"","_et_pb_old_content":"","_et_gb_content_width":""},"product_brand":[],"product_cat":[556,567,558],"product_tag":[589],"class_list":{"0":"post-2568","1":"product","2":"type-product","3":"status-publish","4":"has-post-thumbnail","6":"product_cat-556","7":"product_cat-567","8":"product_cat-558","9":"product_tag-far18","11":"first","12":"instock","13":"shipping-taxable","14":"product-type-simple"},"yoast_head":"<!-- This site is optimized with the Yoast SEO Premium plugin v27.5 (Yoast SEO v27.5) - https:\/\/yoast.com\/product\/yoast-seo-premium-wordpress\/ -->\n<title>\u0635\u0645\u0627\u0645 \u0628\u0646\u062f\u0648\u0644 FAR18 \u0644\u0644\u0645\u0634\u0627\u0631\u0628 \u0628\u0648\u0635\u0644\u0629 \u0645\u0644\u0648\u0644\u0628\u0629<\/title>\n<meta name=\"description\" content=\"\u0627\u062e\u062a\u0631 \u0635\u0645\u0627\u0645 \u0627\u0644\u0628\u0646\u062f\u0648\u0644 FAR18 \u0644\u0644\u0645\u0634\u0627\u0631\u0628 \u0639\u0627\u0644\u064a\u0629 \u0627\u0644\u062c\u0648\u062f\u0629. \u0645\u0635\u0646\u0648\u0639 \u0645\u0646 \u0627\u0644\u0646\u062d\u0627\u0633\u060c \u0648\u062c\u0627\u0647\u0632 \u0644\u0644\u062a\u0631\u0643\u064a\u0628 \u0648\u0645\u062b\u0627\u0644\u064a \u0644\u0643\u0644 \u0627\u0644\u0627\u062d\u062a\u064a\u0627\u062c\u0627\u062a!\" \/>\n<meta name=\"robots\" content=\"index, follow, max-snippet:-1, max-image-preview:large, max-video-preview:-1\" \/>\n<link rel=\"canonical\" href=\"https:\/\/fdasrl.it\/ar\/prodotto\/%d8%b5%d9%85%d8%a7%d9%85-%d8%a8%d9%86%d8%af%d9%88%d9%84-far18-%d9%84%d9%84%d9%85%d8%b4%d8%a7%d8%b1%d8%a8\/\" \/>\n<meta property=\"og:locale\" content=\"ar_AR\" \/>\n<meta property=\"og:type\" content=\"article\" \/>\n<meta property=\"og:title\" content=\"\u0635\u0645\u0627\u0645 \u0628\u0646\u062f\u0648\u0644 FAR18 \u0644\u0644\u0645\u0634\u0627\u0631\u0628\" \/>\n<meta property=\"og:description\" content=\"\u0627\u062e\u062a\u0631 \u0635\u0645\u0627\u0645 \u0627\u0644\u0628\u0646\u062f\u0648\u0644 FAR18 \u0644\u0644\u0645\u0634\u0627\u0631\u0628 \u0639\u0627\u0644\u064a\u0629 \u0627\u0644\u062c\u0648\u062f\u0629. \u0645\u0635\u0646\u0648\u0639 \u0645\u0646 \u0627\u0644\u0646\u062d\u0627\u0633\u060c \u0648\u062c\u0627\u0647\u0632 \u0644\u0644\u062a\u0631\u0643\u064a\u0628 \u0648\u0645\u062b\u0627\u0644\u064a \u0644\u0643\u0644 \u0627\u0644\u0627\u062d\u062a\u064a\u0627\u062c\u0627\u062a!\" \/>\n<meta property=\"og:url\" content=\"https:\/\/fdasrl.it\/ar\/prodotto\/%d8%b5%d9%85%d8%a7%d9%85-%d8%a8%d9%86%d8%af%d9%88%d9%84-far18-%d9%84%d9%84%d9%85%d8%b4%d8%a7%d8%b1%d8%a8\/\" \/>\n<meta property=\"og:site_name\" content=\"FDA srl\" \/>\n<meta property=\"article:publisher\" content=\"https:\/\/www.facebook.com\/share\/1MWhFWg1Tp\/?mibextid=LQQJ4d\" \/>\n<meta property=\"og:image\" content=\"https:\/\/fdasrl.it\/wp-content\/uploads\/2026\/03\/valvola-pendolo-FAR18-media-portata-1.png\" \/>\n\t<meta property=\"og:image:width\" content=\"822\" \/>\n\t<meta property=\"og:image:height\" content=\"827\" \/>\n\t<meta property=\"og:image:type\" content=\"image\/png\" \/>\n<meta name=\"twitter:card\" content=\"summary_large_image\" \/>\n<meta name=\"twitter:label1\" content=\"\u0627\u0644\u0633\u0639\u0631\" \/>\n\t<meta name=\"twitter:data1\" content=\"\" \/>\n\t<meta name=\"twitter:label2\" content=\"\u0627\u0644\u062a\u0648\u0641\u0631\" \/>\n\t<meta name=\"twitter:data2\" content=\"\u0645\u062a\u0648\u0641\u0631 \u0641\u064a \u0627\u0644\u0645\u062e\u0632\u0648\u0646\" \/>\n<meta property=\"product:price:currency\" content=\"EUR\" \/>\n<meta property=\"og:availability\" content=\"instock\" \/>\n<meta property=\"product:availability\" content=\"instock\" \/>\n<meta property=\"product:retailer_item_id\" content=\"FAR18\" \/>\n<meta property=\"product:condition\" content=\"new\" \/>\n<!-- \/ Yoast SEO Premium plugin. -->","yoast_head_json":{"title":"\u0635\u0645\u0627\u0645 \u0628\u0646\u062f\u0648\u0644 FAR18 \u0644\u0644\u0645\u0634\u0627\u0631\u0628 \u0628\u0648\u0635\u0644\u0629 \u0645\u0644\u0648\u0644\u0628\u0629","description":"\u0627\u062e\u062a\u0631 \u0635\u0645\u0627\u0645 \u0627\u0644\u0628\u0646\u062f\u0648\u0644 FAR18 \u0644\u0644\u0645\u0634\u0627\u0631\u0628 \u0639\u0627\u0644\u064a\u0629 \u0627\u0644\u062c\u0648\u062f\u0629. \u0645\u0635\u0646\u0648\u0639 \u0645\u0646 \u0627\u0644\u0646\u062d\u0627\u0633\u060c \u0648\u062c\u0627\u0647\u0632 \u0644\u0644\u062a\u0631\u0643\u064a\u0628 \u0648\u0645\u062b\u0627\u0644\u064a \u0644\u0643\u0644 \u0627\u0644\u0627\u062d\u062a\u064a\u0627\u062c\u0627\u062a!","robots":{"index":"index","follow":"follow","max-snippet":"max-snippet:-1","max-image-preview":"max-image-preview:large","max-video-preview":"max-video-preview:-1"},"canonical":"https:\/\/fdasrl.it\/ar\/prodotto\/%d8%b5%d9%85%d8%a7%d9%85-%d8%a8%d9%86%d8%af%d9%88%d9%84-far18-%d9%84%d9%84%d9%85%d8%b4%d8%a7%d8%b1%d8%a8\/","og_locale":"ar_AR","og_type":"article","og_title":"\u0635\u0645\u0627\u0645 \u0628\u0646\u062f\u0648\u0644 FAR18 \u0644\u0644\u0645\u0634\u0627\u0631\u0628","og_description":"\u0627\u062e\u062a\u0631 \u0635\u0645\u0627\u0645 \u0627\u0644\u0628\u0646\u062f\u0648\u0644 FAR18 \u0644\u0644\u0645\u0634\u0627\u0631\u0628 \u0639\u0627\u0644\u064a\u0629 \u0627\u0644\u062c\u0648\u062f\u0629. \u0645\u0635\u0646\u0648\u0639 \u0645\u0646 \u0627\u0644\u0646\u062d\u0627\u0633\u060c \u0648\u062c\u0627\u0647\u0632 \u0644\u0644\u062a\u0631\u0643\u064a\u0628 \u0648\u0645\u062b\u0627\u0644\u064a \u0644\u0643\u0644 \u0627\u0644\u0627\u062d\u062a\u064a\u0627\u062c\u0627\u062a!","og_url":"https:\/\/fdasrl.it\/ar\/prodotto\/%d8%b5%d9%85%d8%a7%d9%85-%d8%a8%d9%86%d8%af%d9%88%d9%84-far18-%d9%84%d9%84%d9%85%d8%b4%d8%a7%d8%b1%d8%a8\/","og_site_name":"FDA srl","article_publisher":"https:\/\/www.facebook.com\/share\/1MWhFWg1Tp\/?mibextid=LQQJ4d","og_image":[{"width":822,"height":827,"url":"https:\/\/fdasrl.it\/wp-content\/uploads\/2026\/03\/valvola-pendolo-FAR18-media-portata-1.png","type":"image\/png"}],"twitter_card":"summary_large_image","twitter_misc":{"\u0627\u0644\u0633\u0639\u0631":"","\u0627\u0644\u062a\u0648\u0641\u0631":"\u0645\u062a\u0648\u0641\u0631 \u0641\u064a \u0627\u0644\u0645\u062e\u0632\u0648\u0646"},"schema":{"@context":"https:\/\/schema.org","@graph":[{"@type":"WebPage","@id":"https:\/\/fdasrl.it\/ar\/prodotto\/%d8%b5%d9%85%d8%a7%d9%85-%d8%a8%d9%86%d8%af%d9%88%d9%84-far18-%d9%84%d9%84%d9%85%d8%b4%d8%a7%d8%b1%d8%a8\/","url":"https:\/\/fdasrl.it\/ar\/prodotto\/%d8%b5%d9%85%d8%a7%d9%85-%d8%a8%d9%86%d8%af%d9%88%d9%84-far18-%d9%84%d9%84%d9%85%d8%b4%d8%a7%d8%b1%d8%a8\/","name":"\u0635\u0645\u0627\u0645 \u0628\u0646\u062f\u0648\u0644 FAR18 \u0644\u0644\u0645\u0634\u0627\u0631\u0628 \u0628\u0648\u0635\u0644\u0629 \u0645\u0644\u0648\u0644\u0628\u0629","isPartOf":{"@id":"https:\/\/fdasrl.it\/ar\/#website"},"primaryImageOfPage":{"@id":"https:\/\/fdasrl.it\/ar\/prodotto\/%d8%b5%d9%85%d8%a7%d9%85-%d8%a8%d9%86%d8%af%d9%88%d9%84-far18-%d9%84%d9%84%d9%85%d8%b4%d8%a7%d8%b1%d8%a8\/#primaryimage"},"image":{"@id":"https:\/\/fdasrl.it\/ar\/prodotto\/%d8%b5%d9%85%d8%a7%d9%85-%d8%a8%d9%86%d8%af%d9%88%d9%84-far18-%d9%84%d9%84%d9%85%d8%b4%d8%a7%d8%b1%d8%a8\/#primaryimage"},"thumbnailUrl":"https:\/\/fdasrl.it\/wp-content\/uploads\/2026\/03\/valvola-pendolo-FAR18-media-portata-1.png","datePublished":"2026-03-06T14:54:29+00:00","description":"\u0627\u062e\u062a\u0631 \u0635\u0645\u0627\u0645 \u0627\u0644\u0628\u0646\u062f\u0648\u0644 FAR18 \u0644\u0644\u0645\u0634\u0627\u0631\u0628 \u0639\u0627\u0644\u064a\u0629 \u0627\u0644\u062c\u0648\u062f\u0629. \u0645\u0635\u0646\u0648\u0639 \u0645\u0646 \u0627\u0644\u0646\u062d\u0627\u0633\u060c \u0648\u062c\u0627\u0647\u0632 \u0644\u0644\u062a\u0631\u0643\u064a\u0628 \u0648\u0645\u062b\u0627\u0644\u064a \u0644\u0643\u0644 \u0627\u0644\u0627\u062d\u062a\u064a\u0627\u062c\u0627\u062a!","breadcrumb":{"@id":"https:\/\/fdasrl.it\/ar\/prodotto\/%d8%b5%d9%85%d8%a7%d9%85-%d8%a8%d9%86%d8%af%d9%88%d9%84-far18-%d9%84%d9%84%d9%85%d8%b4%d8%a7%d8%b1%d8%a8\/#breadcrumb"},"inLanguage":"ar","potentialAction":[{"@type":"ReadAction","target":["https:\/\/fdasrl.it\/ar\/prodotto\/%d8%b5%d9%85%d8%a7%d9%85-%d8%a8%d9%86%d8%af%d9%88%d9%84-far18-%d9%84%d9%84%d9%85%d8%b4%d8%a7%d8%b1%d8%a8\/"]}]},{"@type":"ImageObject","inLanguage":"ar","@id":"https:\/\/fdasrl.it\/ar\/prodotto\/%d8%b5%d9%85%d8%a7%d9%85-%d8%a8%d9%86%d8%af%d9%88%d9%84-far18-%d9%84%d9%84%d9%85%d8%b4%d8%a7%d8%b1%d8%a8\/#primaryimage","url":"https:\/\/fdasrl.it\/wp-content\/uploads\/2026\/03\/valvola-pendolo-FAR18-media-portata-1.png","contentUrl":"https:\/\/fdasrl.it\/wp-content\/uploads\/2026\/03\/valvola-pendolo-FAR18-media-portata-1.png","width":822,"height":827,"caption":"\u0635\u0645\u0627\u0645 \u0628\u0646\u062f\u0648\u0644 FAR18 \u0628\u062a\u062f\u0641\u0642 \u0645\u062a\u0648\u0633\u0637 \u0644\u0644\u0645\u0634\u0627\u0631\u0628 \u0627\u0644\u0623\u0648\u062a\u0648\u0645\u0627\u062a\u064a\u0643\u064a\u0629."},{"@type":"BreadcrumbList","@id":"https:\/\/fdasrl.it\/ar\/prodotto\/%d8%b5%d9%85%d8%a7%d9%85-%d8%a8%d9%86%d8%af%d9%88%d9%84-far18-%d9%84%d9%84%d9%85%d8%b4%d8%a7%d8%b1%d8%a8\/#breadcrumb","itemListElement":[{"@type":"ListItem","position":1,"name":"Home","item":"https:\/\/fdasrl.it\/ar\/%d8%a7%d9%84%d8%b1%d8%a6%d9%8a%d8%b3%d9%8a%d8%a9\/"},{"@type":"ListItem","position":2,"name":"\u0627\u0644\u0645\u062a\u062c\u0631","item":"https:\/\/fdasrl.it\/ar\/%d8%a7%d9%84%d9%85%d8%aa%d8%ac%d8%b1\/"},{"@type":"ListItem","position":3,"name":"\u0635\u0645\u0627\u0645 \u0628\u0646\u062f\u0648\u0644 FAR18 \u0644\u0644\u0645\u0634\u0627\u0631\u0628"}]},{"@type":"WebSite","@id":"https:\/\/fdasrl.it\/ar\/#website","url":"https:\/\/fdasrl.it\/ar\/","name":"FDA srl","description":"Equipment for animal husbandry","publisher":{"@id":"https:\/\/fdasrl.it\/ar\/#organization"},"potentialAction":[{"@type":"SearchAction","target":{"@type":"EntryPoint","urlTemplate":"https:\/\/fdasrl.it\/ar\/?s={search_term_string}"},"query-input":{"@type":"PropertyValueSpecification","valueRequired":true,"valueName":"search_term_string"}}],"inLanguage":"ar"},{"@type":"Organization","@id":"https:\/\/fdasrl.it\/ar\/#organization","name":"FDA srl","url":"https:\/\/fdasrl.it\/ar\/","logo":{"@type":"ImageObject","inLanguage":"ar","@id":"https:\/\/fdasrl.it\/ar\/#\/schema\/logo\/image\/","url":"https:\/\/fdasrl.it\/wp-content\/uploads\/2024\/12\/Logo-FDA.png","contentUrl":"https:\/\/fdasrl.it\/wp-content\/uploads\/2024\/12\/Logo-FDA.png","width":316,"height":119,"caption":"FDA srl"},"image":{"@id":"https:\/\/fdasrl.it\/ar\/#\/schema\/logo\/image\/"},"sameAs":["https:\/\/www.facebook.com\/share\/1MWhFWg1Tp\/?mibextid=LQQJ4d","https:\/\/www.instagram.com\/fda_srl\/profilecard\/?igsh=YW5lbzJ6MWg0d21u","https:\/\/www.youtube.com\/@FDASRL_ANIMALCARE"],"description":"FDA SRL \u2013 Equipment for animal husbandry nasce con l\u2019obiettivo di offrire soluzioni affidabili e innovative per l\u2019allevamento moderno. Con anni di esperienza nel settore zootecnico, progettiamo e realizziamo attrezzature destinate al benessere animale e alla gestione efficiente delle stalle: vasche, abbeveratoi, mangiatoie e sistemi di riscaldamento pensati per durare nel tempo e semplificare il lavoro quotidiano degli allevatori. Dalla progettazione alla produzione, ogni nostro prodotto \u00e8 studiato nei minimi dettagli, testato con cura e costruito per rispondere alle esigenze reali del settore. La nostra forza \u00e8 unire artigianalit\u00e0, tecnologia e competenza tecnica per trasformare ogni progetto in una soluzione concreta e funzionale. Oggi FDA SRL \u00e8 un punto di riferimento per privati e rivenditori che cercano qualit\u00e0, affidabilit\u00e0 e innovazione nelle attrezzature per l\u2019allevamento.","email":"info@fdasrl.it","telephone":"+390522826820","legalName":"F.D.A. SRL","foundingDate":"2024-10-13","vatID":"03075840359","taxID":"03075840359","numberOfEmployees":{"@type":"QuantitativeValue","minValue":"1","maxValue":"10"}}]},"product_price_currency":"EUR","og_availability":"instock","product_availability":"instock","product_retailer_item_id":"FAR18","product_condition":"new"},"_links":{"self":[{"href":"https:\/\/fdasrl.it\/ar\/wp-json\/wp\/v2\/product\/2568","targetHints":{"allow":["GET"]}}],"collection":[{"href":"https:\/\/fdasrl.it\/ar\/wp-json\/wp\/v2\/product"}],"about":[{"href":"https:\/\/fdasrl.it\/ar\/wp-json\/wp\/v2\/types\/product"}],"replies":[{"embeddable":true,"href":"https:\/\/fdasrl.it\/ar\/wp-json\/wp\/v2\/comments?post=2568"}],"wp:featuredmedia":[{"embeddable":true,"href":"https:\/\/fdasrl.it\/ar\/wp-json\/wp\/v2\/media\/1201"}],"wp:attachment":[{"href":"https:\/\/fdasrl.it\/ar\/wp-json\/wp\/v2\/media?parent=2568"}],"wp:term":[{"taxonomy":"product_brand","embeddable":true,"href":"https:\/\/fdasrl.it\/ar\/wp-json\/wp\/v2\/product_brand?post=2568"},{"taxonomy":"product_cat","embeddable":true,"href":"https:\/\/fdasrl.it\/ar\/wp-json\/wp\/v2\/product_cat?post=2568"},{"taxonomy":"product_tag","embeddable":true,"href":"https:\/\/fdasrl.it\/ar\/wp-json\/wp\/v2\/product_tag?post=2568"}],"curies":[{"name":"wp","href":"https:\/\/api.w.org\/{rel}","templated":true}]}}