{"id":2716,"date":"2026-03-06T14:03:03","date_gmt":"2026-03-06T13:03:03","guid":{"rendered":"https:\/\/fdasrl.it\/prodotto\/%d8%b9%d9%88%d8%a7%d9%85%d8%a9-%d9%84%d9%85%d8%b4%d8%b1%d8%a8-%d8%a7%d9%84%d9%85%d8%a7%d8%b4%d9%8a%d8%a9-%d9%85%d8%b9-%d9%85%d8%b5%d9%81%d8%a7%d8%a9-%d8%a3%d9%88%d9%84%d9%8a%d8%a9-3-4-far1\/"},"modified":"2026-03-06T14:03:03","modified_gmt":"2026-03-06T13:03:03","slug":"%d8%b9%d9%88%d8%a7%d9%85%d8%a9-%d9%84%d9%85%d8%b4%d8%b1%d8%a8-%d8%a7%d9%84%d9%85%d8%a7%d8%b4%d9%8a%d8%a9-%d9%85%d8%b9-%d9%85%d8%b5%d9%81%d8%a7%d8%a9-%d8%a3%d9%88%d9%84%d9%8a%d8%a9-3-4-far1","status":"publish","type":"product","link":"https:\/\/fdasrl.it\/ar\/prodotto\/%d8%b9%d9%88%d8%a7%d9%85%d8%a9-%d9%84%d9%85%d8%b4%d8%b1%d8%a8-%d8%a7%d9%84%d9%85%d8%a7%d8%b4%d9%8a%d8%a9-%d9%85%d8%b9-%d9%85%d8%b5%d9%81%d8%a7%d8%a9-%d8%a3%d9%88%d9%84%d9%8a%d8%a9-3-4-far1\/","title":{"rendered":"\u0639\u0648\u0627\u0645\u0629 \u0644\u0645\u0634\u0631\u0628 \u0627\u0644\u0645\u0627\u0634\u064a\u0629 \u0645\u0639 \u0645\u0635\u0641\u0627\u0629 \u0623\u0648\u0644\u064a\u0629 3\/4&#8243; \u2013 FAR19"},"content":{"rendered":"<h3 data-section-id=\"1dtpyof\" data-start=\"81\" data-end=\"145\"><strong data-start=\"85\" data-end=\"145\">\u0639\u0648\u0627\u0645\u0629 \u0644\u0645\u0634\u0631\u0628 \u0627\u0644\u0645\u0627\u0634\u064a\u0629 \u0645\u0639 \u0645\u0635\u0641\u0627\u0629 \u0623\u0648\u0644\u064a\u0629 3\/4&#8243; \u2013 FAR19<\/strong><\/h3>\n<p data-start=\"147\" data-end=\"278\">\u0639\u0648\u0627\u0645\u0629 <strong data-start=\"163\" data-end=\"196\">\u0639\u0627\u0644\u064a\u0629 \u0627\u0644\u062c\u0648\u062f\u0629 \u0628\u062c\u0633\u0645 \u0645\u0646 ABS<\/strong>\u060c \u0645\u0635\u0645\u0645\u0629 \u0644\u0644\u062a\u062d\u0643\u0645 \u0627\u0644\u062a\u0644\u0642\u0627\u0626\u064a \u0641\u064a \u0645\u0633\u062a\u0648\u0649 \u0627\u0644\u0645\u0627\u0621 \u0641\u064a \u0627\u0644\u0645\u0634\u0627\u0631\u0628.<\/p>\n<p data-start=\"280\" data-end=\"486\">\u064a\u062d\u0627\u0641\u0638 \u0646\u0638\u0627\u0645 \u0627\u0644\u0639\u0648\u0627\u0645\u0629 \u0639\u0644\u0649 \u062b\u0628\u0627\u062a \u0645\u0633\u062a\u0648\u0649 \u0627\u0644\u0645\u0627\u0621\u060c \u0628\u064a\u0646\u0645\u0627 \u062a\u062d\u0645\u064a <strong data-start=\"357\" data-end=\"380\">\u0627\u0644\u0645\u0635\u0641\u0627\u0629 \u0627\u0644\u0623\u0648\u0644\u064a\u0629 \u0627\u0644\u0645\u062f\u0645\u062c\u0629<\/strong> \u0627\u0644\u0635\u0645\u0627\u0645 \u0645\u0646 \u0627\u0644\u0634\u0648\u0627\u0626\u0628 \u0627\u0644\u0645\u0648\u062c\u0648\u062f\u0629 \u0641\u064a \u0627\u0644\u0645\u0627\u0621\u060c \u0645\u0645\u0627 \u064a\u0636\u0645\u0646 \u0645\u0648\u062b\u0648\u0642\u064a\u0629 \u0623\u0643\u0628\u0631 \u0648\u0645\u062a\u0627\u0646\u0629 \u0637\u0648\u064a\u0644\u0629 \u0627\u0644\u0623\u0645\u062f.<\/p>\n<p data-start=\"488\" data-end=\"546\">\u0645\u062b\u0627\u0644\u064a\u0629 <strong data-start=\"499\" data-end=\"545\">\u0644\u0623\u0646\u0638\u0645\u0629 \u0627\u0644\u0633\u0642\u0627\u064a\u0629 \u0641\u064a \u0627\u0644\u0645\u0632\u0627\u0631\u0639<\/strong>.<\/p>\n<h3 data-section-id=\"w1my6q\" data-start=\"548\" data-end=\"580\"><strong data-start=\"552\" data-end=\"580\">\u0627\u0644\u0645\u0648\u0627\u0635\u0641\u0627\u062a \u0627\u0644\u0641\u0646\u064a\u0629<\/strong><\/h3>\n<ul data-start=\"582\" data-end=\"873\">\n<li data-section-id=\"9k0ln1\" data-start=\"582\" data-end=\"612\">\n<p data-start=\"584\" data-end=\"612\"><strong data-start=\"584\" data-end=\"604\">\u0631\u0645\u0632 \u0627\u0644\u0645\u0646\u062a\u062c:<\/strong> FAR19<\/p>\n<\/li>\n<li data-section-id=\"5wopsd\" data-start=\"613\" data-end=\"641\">\n<p data-start=\"615\" data-end=\"641\"><strong data-start=\"615\" data-end=\"635\">\u0645\u0627\u062f\u0629 \u0627\u0644\u062c\u0633\u0645:<\/strong> ABS<\/p>\n<\/li>\n<li data-section-id=\"13d7o5w\" data-start=\"642\" data-end=\"687\">\n<p data-start=\"644\" data-end=\"687\"><strong data-start=\"644\" data-end=\"656\">\u0627\u0644\u062a\u0648\u0635\u064a\u0644:<\/strong> \u062e\u064a\u0637 \u0630\u0643\u0631 3\/4<strong data-start=\"677\" data-end=\"685\">&#8220;<\/strong><\/p>\n<\/li>\n<li data-section-id=\"qy9hb0\" data-start=\"688\" data-end=\"715\">\n<p data-start=\"690\" data-end=\"715\"><strong data-start=\"690\" data-end=\"713\">\u0645\u0635\u0641\u0627\u0629 \u0623\u0648\u0644\u064a\u0629 \u0645\u062f\u0645\u062c\u0629<\/strong><\/p>\n<\/li>\n<li data-section-id=\"19g44ab\" data-start=\"716\" data-end=\"749\">\n<p data-start=\"718\" data-end=\"749\"><strong data-start=\"718\" data-end=\"747\">\u062a\u0639\u062f\u064a\u0644 \u0645\u0633\u062a\u0648\u0649 \u0627\u0644\u0645\u0627\u0621<\/strong><\/p>\n<\/li>\n<li data-section-id=\"1oov41n\" data-start=\"750\" data-end=\"798\">\n<p data-start=\"752\" data-end=\"798\"><strong data-start=\"752\" data-end=\"783\">\u062d\u0634\u064a\u0629 \u0643\u0628\u064a\u0631\u0629 \u0645\u0631\u0641\u0642\u0629:<\/strong> 40 \u00d7 26,5 \u0645\u0645<\/p>\n<\/li>\n<li data-section-id=\"1obzsug\" data-start=\"799\" data-end=\"843\">\n<p data-start=\"801\" data-end=\"843\"><strong data-start=\"801\" data-end=\"828\">\u0636\u063a\u0637 \u0627\u0644\u062a\u0634\u063a\u064a\u0644:<\/strong> 0,5 \u2013 10 \u0628\u0627\u0631<\/p>\n<\/li>\n<li data-section-id=\"adjn5y\" data-start=\"844\" data-end=\"873\">\n<p data-start=\"846\" data-end=\"873\"><strong data-start=\"846\" data-end=\"859\">\u0627\u0644\u0627\u0633\u062a\u062e\u062f\u0627\u0645:<\/strong> \u0627\u0644\u0645\u0634\u0627\u0631\u0628<\/p>\n<\/li>\n<\/ul>\n<h3 data-section-id=\"8whuzw\" data-start=\"875\" data-end=\"896\"><strong data-start=\"879\" data-end=\"896\">\u062a\u062f\u0641\u0642 \u0627\u0644\u0645\u0627\u0621<\/strong><\/h3>\n<ul data-start=\"898\" data-end=\"970\">\n<li data-section-id=\"8sx5mv\" data-start=\"898\" data-end=\"922\">\n<p data-start=\"900\" data-end=\"922\"><strong data-start=\"900\" data-end=\"920\">36 \u0644\u062a\u0631\/\u062f\u0642\u064a\u0642\u0629 \u0639\u0646\u062f 3 \u0628\u0627\u0631<\/strong><\/p>\n<\/li>\n<li data-section-id=\"2lljdb\" data-start=\"923\" data-end=\"947\">\n<p data-start=\"925\" data-end=\"947\"><strong data-start=\"925\" data-end=\"945\">39 \u0644\u062a\u0631\/\u062f\u0642\u064a\u0642\u0629 \u0639\u0646\u062f 4 \u0628\u0627\u0631<\/strong><\/p>\n<\/li>\n<li data-section-id=\"9jvw6a\" data-start=\"948\" data-end=\"970\">\n<p data-start=\"950\" data-end=\"970\"><strong data-start=\"950\" data-end=\"970\">42 \u0644\u062a\u0631\/\u062f\u0642\u064a\u0642\u0629 \u0639\u0646\u062f 5 \u0628\u0627\u0631<\/strong><\/p>\n<\/li>\n<\/ul>\n<h3 data-section-id=\"1cf253l\" data-start=\"972\" data-end=\"993\"><strong data-start=\"976\" data-end=\"993\">\u0627\u0644\u062a\u0631\u0643\u064a\u0628<\/strong><\/h3>\n<p data-start=\"995\" data-end=\"1114\">\u0644\u0644\u062a\u0631\u0643\u064a\u0628 \u0648\u0627\u0644\u062a\u0634\u063a\u064a\u0644 \u0627\u0644\u0635\u062d\u064a\u062d\u060c \u0645\u0646 \u0627\u0644\u0636\u0631\u0648\u0631\u064a \u062a\u0648\u0641\u064a\u0631 <strong data-start=\"1069\" data-end=\"1113\">\u0645\u0633\u0627\u062d\u0629 \u062d\u0631\u0629 \u0639\u0644\u0648\u064a\u0629 \u0644\u0627 \u062a\u0642\u0644 \u0639\u0646 196 \u0645\u0645<\/strong>.<\/p>\n<p>\ud83d\udc49 \u0627\u0637\u0644\u0628\u0648\u0627 \u0627\u0644\u0633\u0639\u0631 \u0644\u0625\u0639\u0627\u062f\u0629 \u0627\u0644\u0628\u064a\u0639:  <a href=\"mailto:info@fdasrl.it\">\u0627\u0646\u0642\u0631 \u0647\u0646\u0627<\/a><\/p>\n<p>\ud83d\udc49 \u0627\u0634\u062a\u0631\u0650 \u0639\u0628\u0631 \u0627\u0644\u0625\u0646\u062a\u0631\u0646\u062a: <a href=\"https:\/\/fda-shop.it\/shop\/articoli-per-allevamento\/abbeveratoi\/galleggiante-per-abbeveratoio-automatico#\/25-accessori_e_confezioni-singola_unita\">\u0627\u0646\u0642\u0631 \u0647\u0646\u0627<\/a><\/p>\n","protected":false},"excerpt":{"rendered":"<p><strong data-start=\"0\" data-end=\"64\" data-is-only-node=\"\">\u0639\u0648\u0627\u0645\u0629 \u0645\u0639 \u0635\u0645\u0627\u0645 \u0644\u0644\u0645\u0634\u0631\u0628 FAR19 \u0628\u062a\u0648\u0635\u064a\u0644 3\/4&#8243; \u0630\u0643\u0631<\/strong>\u060c \u0645\u0635\u0646\u0648\u0639\u0629 \u0645\u0646 <strong data-start=\"80\" data-end=\"98\">ABS \u0645\u0642\u0627\u0648\u0645<\/strong> \u0648\u0645\u0632\u0648\u062f\u0629 <strong data-start=\"113\" data-end=\"136\">\u0628\u0645\u0635\u0641\u0627\u0629 \u0623\u0648\u0644\u064a\u0629 \u0645\u062f\u0645\u062c\u0629<\/strong> \u0648<strong data-start=\"139\" data-end=\"167\">\u062d\u0634\u064a\u0629 40 \u00d7 26,5 \u0645\u0645<\/strong>.<br data-start=\"168\" data-end=\"171\">\u062a\u062a\u064a\u062d <strong data-start=\"183\" data-end=\"221\">\u062a\u0639\u062f\u064a\u0644 \u0645\u0633\u062a\u0648\u0649 \u0627\u0644\u0645\u0627\u0621<\/strong> \u0648\u062a\u0636\u0645\u0646 \u062a\u062f\u0641\u0642\u0627\u064b \u064a\u0635\u0644 \u0625\u0644\u0649 <strong data-start=\"254\" data-end=\"266\">42 \u0644\u062a\u0631\/\u062f\u0642\u064a\u0642\u0629<\/strong> (\u0639\u0646\u062f 5 \u0628\u0627\u0631).<br data-start=\"277\" data-end=\"280\">\u0645\u0646\u0627\u0633\u0628\u0629 \u0644\u0623\u0646\u0638\u0645\u0629 <strong data-start=\"303\" data-end=\"334\">\u0627\u0644\u0633\u0642\u0627\u064a\u0629 \u0641\u064a \u0627\u0644\u0645\u0632\u0627\u0631\u0639<\/strong>\u060c \u0628\u0636\u063a\u0637 \u062a\u0634\u063a\u064a\u0644 <strong data-start=\"363\" data-end=\"379\">0,5 \u2013 10 \u0628\u0627\u0631<\/strong>.<\/p>\n","protected":false},"featured_media":1191,"comment_status":"open","ping_status":"closed","template":"","meta":{"_et_pb_use_builder":"","_et_pb_old_content":"","_et_gb_content_width":""},"product_brand":[],"product_cat":[557,567,556,558],"product_tag":[621],"class_list":{"0":"post-2716","1":"product","2":"type-product","3":"status-publish","4":"has-post-thumbnail","6":"product_cat-557","7":"product_cat-567","8":"product_cat-556","9":"product_cat-558","10":"product_tag-far19","12":"first","13":"instock","14":"shipping-taxable","15":"product-type-simple"},"yoast_head":"<!-- This site is optimized with the Yoast SEO Premium plugin v27.5 (Yoast SEO v27.5) - https:\/\/yoast.com\/product\/yoast-seo-premium-wordpress\/ -->\n<title>\u0639\u0648\u0627\u0645\u0629 \u0644\u0645\u0634\u0631\u0628 \u0627\u0644\u0645\u0627\u0634\u064a\u0629 3\/4 \u0645\u0639 \u0645\u0635\u0641\u0627\u0629 \u0623\u0648\u0644\u064a\u0629 \u0648\u062a\u0639\u062f\u064a\u0644<\/title>\n<meta name=\"description\" content=\"\u062d\u0627\u0641\u0638\u0648\u0627 \u0639\u0644\u0649 \u0645\u0633\u062a\u0648\u0649 \u0627\u0644\u0645\u0627\u0621 \u062b\u0627\u0628\u062a\u0627\u064b \u0645\u0639 \u0639\u0648\u0627\u0645\u0629 \u0627\u0644\u0645\u0634\u0631\u0628 3\/4 \u0645\u0639 \u0645\u0635\u0641\u0627\u0629 \u0623\u0648\u0644\u064a\u0629. \u0645\u0648\u062b\u0648\u0642\u064a\u0629 \u0648\u062c\u0648\u062f\u0629 \u0644\u0645\u0632\u0631\u0639\u062a\u0643\u0645!\" \/>\n<meta name=\"robots\" content=\"index, follow, max-snippet:-1, max-image-preview:large, max-video-preview:-1\" \/>\n<link rel=\"canonical\" href=\"https:\/\/fdasrl.it\/ar\/prodotto\/%d8%b9%d9%88%d8%a7%d9%85%d8%a9-%d9%84%d9%85%d8%b4%d8%b1%d8%a8-%d8%a7%d9%84%d9%85%d8%a7%d8%b4%d9%8a%d8%a9-%d9%85%d8%b9-%d9%85%d8%b5%d9%81%d8%a7%d8%a9-%d8%a3%d9%88%d9%84%d9%8a%d8%a9-3-4-far1\/\" \/>\n<meta property=\"og:locale\" content=\"ar_AR\" \/>\n<meta property=\"og:type\" content=\"article\" \/>\n<meta property=\"og:title\" content=\"\u0639\u0648\u0627\u0645\u0629 \u0644\u0645\u0634\u0631\u0628 \u0627\u0644\u0645\u0627\u0634\u064a\u0629 \u0645\u0639 \u0645\u0635\u0641\u0627\u0629 \u0623\u0648\u0644\u064a\u0629 3\/4&quot; \u2013 FAR19\" \/>\n<meta property=\"og:description\" content=\"\u062d\u0627\u0641\u0638\u0648\u0627 \u0639\u0644\u0649 \u0645\u0633\u062a\u0648\u0649 \u0627\u0644\u0645\u0627\u0621 \u062b\u0627\u0628\u062a\u0627\u064b \u0645\u0639 \u0639\u0648\u0627\u0645\u0629 \u0627\u0644\u0645\u0634\u0631\u0628 3\/4 \u0645\u0639 \u0645\u0635\u0641\u0627\u0629 \u0623\u0648\u0644\u064a\u0629. \u0645\u0648\u062b\u0648\u0642\u064a\u0629 \u0648\u062c\u0648\u062f\u0629 \u0644\u0645\u0632\u0631\u0639\u062a\u0643\u0645!\" \/>\n<meta property=\"og:url\" content=\"https:\/\/fdasrl.it\/ar\/prodotto\/%d8%b9%d9%88%d8%a7%d9%85%d8%a9-%d9%84%d9%85%d8%b4%d8%b1%d8%a8-%d8%a7%d9%84%d9%85%d8%a7%d8%b4%d9%8a%d8%a9-%d9%85%d8%b9-%d9%85%d8%b5%d9%81%d8%a7%d8%a9-%d8%a3%d9%88%d9%84%d9%8a%d8%a9-3-4-far1\/\" \/>\n<meta property=\"og:site_name\" content=\"FDA srl\" \/>\n<meta property=\"article:publisher\" content=\"https:\/\/www.facebook.com\/share\/1MWhFWg1Tp\/?mibextid=LQQJ4d\" \/>\n<meta property=\"og:image\" content=\"https:\/\/fdasrl.it\/wp-content\/uploads\/2026\/03\/Galleggiante-per-abbeveratoio-con-prefiltro-FAR19.png\" \/>\n\t<meta property=\"og:image:width\" content=\"651\" \/>\n\t<meta property=\"og:image:height\" content=\"383\" \/>\n\t<meta property=\"og:image:type\" content=\"image\/png\" \/>\n<meta name=\"twitter:card\" content=\"summary_large_image\" \/>\n<meta name=\"twitter:label1\" content=\"\u0627\u0644\u0633\u0639\u0631\" \/>\n\t<meta name=\"twitter:data1\" content=\"\" \/>\n\t<meta name=\"twitter:label2\" content=\"\u0627\u0644\u062a\u0648\u0641\u0631\" \/>\n\t<meta name=\"twitter:data2\" content=\"\u0645\u062a\u0648\u0641\u0631 \u0641\u064a \u0627\u0644\u0645\u062e\u0632\u0648\u0646\" \/>\n<meta property=\"product:price:currency\" content=\"EUR\" \/>\n<meta property=\"og:availability\" content=\"instock\" \/>\n<meta property=\"product:availability\" content=\"instock\" \/>\n<meta property=\"product:retailer_item_id\" content=\"FAR19\" \/>\n<meta property=\"product:condition\" content=\"new\" \/>\n<!-- \/ Yoast SEO Premium plugin. -->","yoast_head_json":{"title":"\u0639\u0648\u0627\u0645\u0629 \u0644\u0645\u0634\u0631\u0628 \u0627\u0644\u0645\u0627\u0634\u064a\u0629 3\/4 \u0645\u0639 \u0645\u0635\u0641\u0627\u0629 \u0623\u0648\u0644\u064a\u0629 \u0648\u062a\u0639\u062f\u064a\u0644","description":"\u062d\u0627\u0641\u0638\u0648\u0627 \u0639\u0644\u0649 \u0645\u0633\u062a\u0648\u0649 \u0627\u0644\u0645\u0627\u0621 \u062b\u0627\u0628\u062a\u0627\u064b \u0645\u0639 \u0639\u0648\u0627\u0645\u0629 \u0627\u0644\u0645\u0634\u0631\u0628 3\/4 \u0645\u0639 \u0645\u0635\u0641\u0627\u0629 \u0623\u0648\u0644\u064a\u0629. \u0645\u0648\u062b\u0648\u0642\u064a\u0629 \u0648\u062c\u0648\u062f\u0629 \u0644\u0645\u0632\u0631\u0639\u062a\u0643\u0645!","robots":{"index":"index","follow":"follow","max-snippet":"max-snippet:-1","max-image-preview":"max-image-preview:large","max-video-preview":"max-video-preview:-1"},"canonical":"https:\/\/fdasrl.it\/ar\/prodotto\/%d8%b9%d9%88%d8%a7%d9%85%d8%a9-%d9%84%d9%85%d8%b4%d8%b1%d8%a8-%d8%a7%d9%84%d9%85%d8%a7%d8%b4%d9%8a%d8%a9-%d9%85%d8%b9-%d9%85%d8%b5%d9%81%d8%a7%d8%a9-%d8%a3%d9%88%d9%84%d9%8a%d8%a9-3-4-far1\/","og_locale":"ar_AR","og_type":"article","og_title":"\u0639\u0648\u0627\u0645\u0629 \u0644\u0645\u0634\u0631\u0628 \u0627\u0644\u0645\u0627\u0634\u064a\u0629 \u0645\u0639 \u0645\u0635\u0641\u0627\u0629 \u0623\u0648\u0644\u064a\u0629 3\/4\" \u2013 FAR19","og_description":"\u062d\u0627\u0641\u0638\u0648\u0627 \u0639\u0644\u0649 \u0645\u0633\u062a\u0648\u0649 \u0627\u0644\u0645\u0627\u0621 \u062b\u0627\u0628\u062a\u0627\u064b \u0645\u0639 \u0639\u0648\u0627\u0645\u0629 \u0627\u0644\u0645\u0634\u0631\u0628 3\/4 \u0645\u0639 \u0645\u0635\u0641\u0627\u0629 \u0623\u0648\u0644\u064a\u0629. \u0645\u0648\u062b\u0648\u0642\u064a\u0629 \u0648\u062c\u0648\u062f\u0629 \u0644\u0645\u0632\u0631\u0639\u062a\u0643\u0645!","og_url":"https:\/\/fdasrl.it\/ar\/prodotto\/%d8%b9%d9%88%d8%a7%d9%85%d8%a9-%d9%84%d9%85%d8%b4%d8%b1%d8%a8-%d8%a7%d9%84%d9%85%d8%a7%d8%b4%d9%8a%d8%a9-%d9%85%d8%b9-%d9%85%d8%b5%d9%81%d8%a7%d8%a9-%d8%a3%d9%88%d9%84%d9%8a%d8%a9-3-4-far1\/","og_site_name":"FDA srl","article_publisher":"https:\/\/www.facebook.com\/share\/1MWhFWg1Tp\/?mibextid=LQQJ4d","og_image":[{"width":651,"height":383,"url":"https:\/\/fdasrl.it\/wp-content\/uploads\/2026\/03\/Galleggiante-per-abbeveratoio-con-prefiltro-FAR19.png","type":"image\/png"}],"twitter_card":"summary_large_image","twitter_misc":{"\u0627\u0644\u0633\u0639\u0631":"","\u0627\u0644\u062a\u0648\u0641\u0631":"\u0645\u062a\u0648\u0641\u0631 \u0641\u064a \u0627\u0644\u0645\u062e\u0632\u0648\u0646"},"schema":{"@context":"https:\/\/schema.org","@graph":[{"@type":"WebPage","@id":"https:\/\/fdasrl.it\/ar\/prodotto\/%d8%b9%d9%88%d8%a7%d9%85%d8%a9-%d9%84%d9%85%d8%b4%d8%b1%d8%a8-%d8%a7%d9%84%d9%85%d8%a7%d8%b4%d9%8a%d8%a9-%d9%85%d8%b9-%d9%85%d8%b5%d9%81%d8%a7%d8%a9-%d8%a3%d9%88%d9%84%d9%8a%d8%a9-3-4-far1\/","url":"https:\/\/fdasrl.it\/ar\/prodotto\/%d8%b9%d9%88%d8%a7%d9%85%d8%a9-%d9%84%d9%85%d8%b4%d8%b1%d8%a8-%d8%a7%d9%84%d9%85%d8%a7%d8%b4%d9%8a%d8%a9-%d9%85%d8%b9-%d9%85%d8%b5%d9%81%d8%a7%d8%a9-%d8%a3%d9%88%d9%84%d9%8a%d8%a9-3-4-far1\/","name":"\u0639\u0648\u0627\u0645\u0629 \u0644\u0645\u0634\u0631\u0628 \u0627\u0644\u0645\u0627\u0634\u064a\u0629 3\/4 \u0645\u0639 \u0645\u0635\u0641\u0627\u0629 \u0623\u0648\u0644\u064a\u0629 \u0648\u062a\u0639\u062f\u064a\u0644","isPartOf":{"@id":"https:\/\/fdasrl.it\/ar\/#website"},"primaryImageOfPage":{"@id":"https:\/\/fdasrl.it\/ar\/prodotto\/%d8%b9%d9%88%d8%a7%d9%85%d8%a9-%d9%84%d9%85%d8%b4%d8%b1%d8%a8-%d8%a7%d9%84%d9%85%d8%a7%d8%b4%d9%8a%d8%a9-%d9%85%d8%b9-%d9%85%d8%b5%d9%81%d8%a7%d8%a9-%d8%a3%d9%88%d9%84%d9%8a%d8%a9-3-4-far1\/#primaryimage"},"image":{"@id":"https:\/\/fdasrl.it\/ar\/prodotto\/%d8%b9%d9%88%d8%a7%d9%85%d8%a9-%d9%84%d9%85%d8%b4%d8%b1%d8%a8-%d8%a7%d9%84%d9%85%d8%a7%d8%b4%d9%8a%d8%a9-%d9%85%d8%b9-%d9%85%d8%b5%d9%81%d8%a7%d8%a9-%d8%a3%d9%88%d9%84%d9%8a%d8%a9-3-4-far1\/#primaryimage"},"thumbnailUrl":"https:\/\/fdasrl.it\/wp-content\/uploads\/2026\/03\/Galleggiante-per-abbeveratoio-con-prefiltro-FAR19.png","datePublished":"2026-03-06T13:03:03+00:00","description":"\u062d\u0627\u0641\u0638\u0648\u0627 \u0639\u0644\u0649 \u0645\u0633\u062a\u0648\u0649 \u0627\u0644\u0645\u0627\u0621 \u062b\u0627\u0628\u062a\u0627\u064b \u0645\u0639 \u0639\u0648\u0627\u0645\u0629 \u0627\u0644\u0645\u0634\u0631\u0628 3\/4 \u0645\u0639 \u0645\u0635\u0641\u0627\u0629 \u0623\u0648\u0644\u064a\u0629. \u0645\u0648\u062b\u0648\u0642\u064a\u0629 \u0648\u062c\u0648\u062f\u0629 \u0644\u0645\u0632\u0631\u0639\u062a\u0643\u0645!","breadcrumb":{"@id":"https:\/\/fdasrl.it\/ar\/prodotto\/%d8%b9%d9%88%d8%a7%d9%85%d8%a9-%d9%84%d9%85%d8%b4%d8%b1%d8%a8-%d8%a7%d9%84%d9%85%d8%a7%d8%b4%d9%8a%d8%a9-%d9%85%d8%b9-%d9%85%d8%b5%d9%81%d8%a7%d8%a9-%d8%a3%d9%88%d9%84%d9%8a%d8%a9-3-4-far1\/#breadcrumb"},"inLanguage":"ar","potentialAction":[{"@type":"ReadAction","target":["https:\/\/fdasrl.it\/ar\/prodotto\/%d8%b9%d9%88%d8%a7%d9%85%d8%a9-%d9%84%d9%85%d8%b4%d8%b1%d8%a8-%d8%a7%d9%84%d9%85%d8%a7%d8%b4%d9%8a%d8%a9-%d9%85%d8%b9-%d9%85%d8%b5%d9%81%d8%a7%d8%a9-%d8%a3%d9%88%d9%84%d9%8a%d8%a9-3-4-far1\/"]}]},{"@type":"ImageObject","inLanguage":"ar","@id":"https:\/\/fdasrl.it\/ar\/prodotto\/%d8%b9%d9%88%d8%a7%d9%85%d8%a9-%d9%84%d9%85%d8%b4%d8%b1%d8%a8-%d8%a7%d9%84%d9%85%d8%a7%d8%b4%d9%8a%d8%a9-%d9%85%d8%b9-%d9%85%d8%b5%d9%81%d8%a7%d8%a9-%d8%a3%d9%88%d9%84%d9%8a%d8%a9-3-4-far1\/#primaryimage","url":"https:\/\/fdasrl.it\/wp-content\/uploads\/2026\/03\/Galleggiante-per-abbeveratoio-con-prefiltro-FAR19.png","contentUrl":"https:\/\/fdasrl.it\/wp-content\/uploads\/2026\/03\/Galleggiante-per-abbeveratoio-con-prefiltro-FAR19.png","width":651,"height":383,"caption":"\u0639\u0648\u0627\u0645\u0629 FAR19 \u0644\u0644\u0645\u0634\u0627\u0631\u0628 \u0627\u0644\u062a\u0644\u0642\u0627\u0626\u064a\u0629 \u0645\u0639 \u0645\u0635\u0641\u0627\u0629 \u0623\u0648\u0644\u064a\u0629 \u0645\u062f\u0645\u062c\u0629 \u0648\u062a\u0648\u0635\u064a\u0644 3\/4\"."},{"@type":"BreadcrumbList","@id":"https:\/\/fdasrl.it\/ar\/prodotto\/%d8%b9%d9%88%d8%a7%d9%85%d8%a9-%d9%84%d9%85%d8%b4%d8%b1%d8%a8-%d8%a7%d9%84%d9%85%d8%a7%d8%b4%d9%8a%d8%a9-%d9%85%d8%b9-%d9%85%d8%b5%d9%81%d8%a7%d8%a9-%d8%a3%d9%88%d9%84%d9%8a%d8%a9-3-4-far1\/#breadcrumb","itemListElement":[{"@type":"ListItem","position":1,"name":"Home","item":"https:\/\/fdasrl.it\/ar\/%d8%a7%d9%84%d8%b1%d8%a6%d9%8a%d8%b3%d9%8a%d8%a9\/"},{"@type":"ListItem","position":2,"name":"\u0627\u0644\u0645\u062a\u062c\u0631","item":"https:\/\/fdasrl.it\/ar\/%d8%a7%d9%84%d9%85%d8%aa%d8%ac%d8%b1\/"},{"@type":"ListItem","position":3,"name":"\u0639\u0648\u0627\u0645\u0629 \u0644\u0645\u0634\u0631\u0628 \u0627\u0644\u0645\u0627\u0634\u064a\u0629 \u0645\u0639 \u0645\u0635\u0641\u0627\u0629 \u0623\u0648\u0644\u064a\u0629 3\/4&#8243; \u2013 FAR19"}]},{"@type":"WebSite","@id":"https:\/\/fdasrl.it\/ar\/#website","url":"https:\/\/fdasrl.it\/ar\/","name":"FDA srl","description":"Equipment for animal husbandry","publisher":{"@id":"https:\/\/fdasrl.it\/ar\/#organization"},"potentialAction":[{"@type":"SearchAction","target":{"@type":"EntryPoint","urlTemplate":"https:\/\/fdasrl.it\/ar\/?s={search_term_string}"},"query-input":{"@type":"PropertyValueSpecification","valueRequired":true,"valueName":"search_term_string"}}],"inLanguage":"ar"},{"@type":"Organization","@id":"https:\/\/fdasrl.it\/ar\/#organization","name":"FDA srl","url":"https:\/\/fdasrl.it\/ar\/","logo":{"@type":"ImageObject","inLanguage":"ar","@id":"https:\/\/fdasrl.it\/ar\/#\/schema\/logo\/image\/","url":"https:\/\/fdasrl.it\/wp-content\/uploads\/2024\/12\/Logo-FDA.png","contentUrl":"https:\/\/fdasrl.it\/wp-content\/uploads\/2024\/12\/Logo-FDA.png","width":316,"height":119,"caption":"FDA srl"},"image":{"@id":"https:\/\/fdasrl.it\/ar\/#\/schema\/logo\/image\/"},"sameAs":["https:\/\/www.facebook.com\/share\/1MWhFWg1Tp\/?mibextid=LQQJ4d","https:\/\/www.instagram.com\/fda_srl\/profilecard\/?igsh=YW5lbzJ6MWg0d21u","https:\/\/www.youtube.com\/@FDASRL_ANIMALCARE"],"description":"FDA SRL \u2013 Equipment for animal husbandry nasce con l\u2019obiettivo di offrire soluzioni affidabili e innovative per l\u2019allevamento moderno. Con anni di esperienza nel settore zootecnico, progettiamo e realizziamo attrezzature destinate al benessere animale e alla gestione efficiente delle stalle: vasche, abbeveratoi, mangiatoie e sistemi di riscaldamento pensati per durare nel tempo e semplificare il lavoro quotidiano degli allevatori. Dalla progettazione alla produzione, ogni nostro prodotto \u00e8 studiato nei minimi dettagli, testato con cura e costruito per rispondere alle esigenze reali del settore. La nostra forza \u00e8 unire artigianalit\u00e0, tecnologia e competenza tecnica per trasformare ogni progetto in una soluzione concreta e funzionale. Oggi FDA SRL \u00e8 un punto di riferimento per privati e rivenditori che cercano qualit\u00e0, affidabilit\u00e0 e innovazione nelle attrezzature per l\u2019allevamento.","email":"info@fdasrl.it","telephone":"+390522826820","legalName":"F.D.A. SRL","foundingDate":"2024-10-13","vatID":"03075840359","taxID":"03075840359","numberOfEmployees":{"@type":"QuantitativeValue","minValue":"1","maxValue":"10"}}]},"product_price_currency":"EUR","og_availability":"instock","product_availability":"instock","product_retailer_item_id":"FAR19","product_condition":"new"},"_links":{"self":[{"href":"https:\/\/fdasrl.it\/ar\/wp-json\/wp\/v2\/product\/2716","targetHints":{"allow":["GET"]}}],"collection":[{"href":"https:\/\/fdasrl.it\/ar\/wp-json\/wp\/v2\/product"}],"about":[{"href":"https:\/\/fdasrl.it\/ar\/wp-json\/wp\/v2\/types\/product"}],"replies":[{"embeddable":true,"href":"https:\/\/fdasrl.it\/ar\/wp-json\/wp\/v2\/comments?post=2716"}],"wp:featuredmedia":[{"embeddable":true,"href":"https:\/\/fdasrl.it\/ar\/wp-json\/wp\/v2\/media\/1191"}],"wp:attachment":[{"href":"https:\/\/fdasrl.it\/ar\/wp-json\/wp\/v2\/media?parent=2716"}],"wp:term":[{"taxonomy":"product_brand","embeddable":true,"href":"https:\/\/fdasrl.it\/ar\/wp-json\/wp\/v2\/product_brand?post=2716"},{"taxonomy":"product_cat","embeddable":true,"href":"https:\/\/fdasrl.it\/ar\/wp-json\/wp\/v2\/product_cat?post=2716"},{"taxonomy":"product_tag","embeddable":true,"href":"https:\/\/fdasrl.it\/ar\/wp-json\/wp\/v2\/product_tag?post=2716"}],"curies":[{"name":"wp","href":"https:\/\/api.w.org\/{rel}","templated":true}]}}