{"id":2757,"date":"2025-08-26T16:13:25","date_gmt":"2025-08-26T14:13:25","guid":{"rendered":"https:\/\/fdasrl.it\/prodotto\/%d9%85%d8%b5%d8%a8%d8%a7%d8%ad-%d8%aa%d8%af%d9%81%d8%a6%d8%a9-%d9%84%d9%84%d8%ad%d9%8a%d9%88%d8%a7%d9%86%d8%a7%d8%aa-interheat-par-100w-3g\/"},"modified":"2025-08-26T16:13:25","modified_gmt":"2025-08-26T14:13:25","slug":"%d9%85%d8%b5%d8%a8%d8%a7%d8%ad-%d8%aa%d8%af%d9%81%d8%a6%d8%a9-%d9%84%d9%84%d8%ad%d9%8a%d9%88%d8%a7%d9%86%d8%a7%d8%aa-interheat-par-100w-3g","status":"publish","type":"product","link":"https:\/\/fdasrl.it\/ar\/prodotto\/%d9%85%d8%b5%d8%a8%d8%a7%d8%ad-%d8%aa%d8%af%d9%81%d8%a6%d8%a9-%d9%84%d9%84%d8%ad%d9%8a%d9%88%d8%a7%d9%86%d8%a7%d8%aa-interheat-par-100w-3g\/","title":{"rendered":"\u0645\u0635\u0628\u0627\u062d \u062a\u062f\u0641\u0626\u0629 \u0644\u0644\u062d\u064a\u0648\u0627\u0646\u0627\u062a Interheat PAR 100W 3G"},"content":{"rendered":"<p data-start=\"834\" data-end=\"1243\"><strong data-start=\"837\" data-end=\"881\">\u0645\u0635\u0628\u0627\u062d \u0627\u0644\u062a\u062f\u0641\u0626\u0629 Interheat PAR100W 3G<\/strong> \u0627\u0644\u0645\u0635\u0646\u0648\u0639 \u0645\u0646 \u0627\u0644\u0632\u062c\u0627\u062c \u0627\u0644\u0645\u0636\u063a\u0648\u0637 \u0647\u0648 \u062d\u0644 \u0627\u062d\u062a\u0631\u0627\u0641\u064a \u0648\u0641\u0639\u0651\u0627\u0644 \u0644\u0636\u0645\u0627\u0646 \u0627\u0644\u062f\u0641\u0621 \u0648\u0627\u0644\u0631\u0627\u062d\u0629 \u0644\u0644\u062d\u064a\u0648\u0627\u0646\u0627\u062a \u0627\u0644\u0635\u063a\u064a\u0631\u0629 \u0641\u064a \u0627\u0644\u0645\u0632\u0627\u0631\u0639 \u0648\u0627\u0644\u0628\u064a\u0626\u0627\u062a \u0627\u0644\u0645\u0647\u0646\u064a\u0629. \u0645\u062b\u0627\u0644\u064a <strong data-start=\"1057\" data-end=\"1089\">\u0644\u0644\u062e\u0646\u0627\u0632\u064a\u0631 \u0627\u0644\u0635\u063a\u064a\u0631\u0629 \u0648\u0627\u0644\u0643\u062a\u0627\u0643\u064a\u062a \u0648\u0627\u0644\u062c\u0631\u0627\u0621<\/strong>\u060c \u064a\u0648\u0641\u0631 \u0647\u0630\u0627 \u0627\u0644\u0645\u0635\u0628\u0627\u062d \u0628\u0627\u0644\u0623\u0634\u0639\u0629 \u062a\u062d\u062a \u0627\u0644\u062d\u0645\u0631\u0627\u0621 \u062d\u0631\u0627\u0631\u0629 \u0645\u0648\u062d\u062f\u0629 \u0648\u0645\u0633\u062a\u062f\u0627\u0645\u0629\u060c \u0645\u0645\u0627 \u064a\u0642\u0644\u0644 \u0645\u0646 \u062e\u0637\u0631 \u062a\u0628\u0631\u064a\u062f \u0627\u0644\u062d\u064a\u0648\u0627\u0646\u0627\u062a \u0641\u064a \u0627\u0644\u0645\u0631\u0627\u062d\u0644 \u0627\u0644\u0623\u0648\u0644\u0649 \u0645\u0646 \u0627\u0644\u0646\u0645\u0648. <\/p>\n<p data-start=\"1245\" data-end=\"1578\">\u0628\u0641\u0636\u0644 <strong data-start=\"1259\" data-end=\"1302\">\u0627\u0644\u0639\u0627\u0643\u0633 \u0627\u0644\u0645\u062f\u0645\u062c \u0645\u0646 \u0627\u0644\u0623\u0644\u0648\u0645\u0646\u064a\u0648\u0645 (PAR)<\/strong> \u0648\u0627\u0644\u0647\u064a\u0643\u0644 \u0627\u0644\u0645\u062f\u0645\u062c\u060c \u064a\u062a\u0645 \u062a\u0648\u062c\u064a\u0647 \u0627\u0644\u062d\u0631\u0627\u0631\u0629 \u0646\u062d\u0648 \u0627\u0644\u0623\u0633\u0641\u0644\u060c \u0645\u0645\u0627 \u064a\u062e\u0644\u0642 \u0628\u064a\u0626\u0629 \u0645\u0631\u064a\u062d\u0629 \u0648\u0622\u0645\u0646\u0629. \u0628\u0642\u062f\u0631\u0629 <strong data-start=\"1425\" data-end=\"1448\">100 \u0648\u0627\u0637 \u0641\u0642\u0637<\/strong>\u060c \u064a\u0636\u0645\u0646 \u0646\u0641\u0633 \u0623\u062f\u0627\u0621 \u0627\u0644\u0645\u0635\u0628\u0627\u062d \u0627\u0644\u062a\u0642\u0644\u064a\u062f\u064a \u0628\u0642\u062f\u0631\u0629 150 \u0648\u0627\u0637\u060c \u0645\u0645\u0627 \u064a\u062a\u064a\u062d <strong data-start=\"1539\" data-end=\"1575\">\u062a\u0648\u0641\u064a\u0631\u064b\u0627 \u0641\u064a \u0627\u0644\u0637\u0627\u0642\u0629 \u064a\u0635\u0644 \u0625\u0644\u0649 30%.<\/strong> \u0645\u0635\u0628\u0627\u062d \u0627\u0644\u062a\u062f\u0641\u0626\u0629 Interheat PAR100W 3G \u0647\u0648 \u062e\u064a\u0627\u0631 \u0631\u0627\u0628\u062d. <\/p>\n<h3 data-start=\"1580\" data-end=\"1611\">\u0627\u0644\u0645\u0648\u0627\u0635\u0641\u0627\u062a \u0627\u0644\u0641\u0646\u064a\u0629:<\/h3>\n<ul data-start=\"1612\" data-end=\"1870\">\n<li data-start=\"1612\" data-end=\"1664\">\n<p data-start=\"1614\" data-end=\"1664\">\u0627\u0644\u0646\u0648\u0639: <strong data-start=\"1620\" data-end=\"1662\">\u0645\u0635\u0628\u0627\u062d \u0628\u0627\u0644\u0623\u0634\u0639\u0629 \u062a\u062d\u062a \u0627\u0644\u062d\u0645\u0631\u0627\u0621 \u0645\u0646 \u0627\u0644\u0632\u062c\u0627\u062c \u0627\u0644\u0645\u0636\u063a\u0648\u0637 \u0627\u0644\u062b\u0642\u064a\u0644<\/strong> \u2013 \u0645\u062b\u0627\u0644\u064a \u0644\u0645\u0646 \u064a\u0628\u062d\u062b \u0639\u0646 \u0645\u0635\u0628\u0627\u062d \u062a\u062f\u0641\u0626\u0629 \u0645\u0648\u062b\u0648\u0642<\/p>\n<\/li>\n<li data-start=\"1665\" data-end=\"1685\">\n<p data-start=\"1667\" data-end=\"1685\">\u0627\u0644\u0637\u0631\u0627\u0632: <strong data-start=\"1676\" data-end=\"1683\">PAR<\/strong><\/p>\n<\/li>\n<li data-start=\"1686\" data-end=\"1707\">\n<p data-start=\"1688\" data-end=\"1707\">\u0627\u0644\u0644\u0648\u0646: <strong data-start=\"1696\" data-end=\"1705\">\u0623\u062d\u0645\u0631<\/strong><\/p>\n<\/li>\n<li data-start=\"1708\" data-end=\"1733\">\n<p data-start=\"1710\" data-end=\"1733\">\u0627\u0644\u0642\u062f\u0631\u0629: <strong data-start=\"1719\" data-end=\"1731\">100 \u0648\u0627\u0637<\/strong><\/p>\n<\/li>\n<li data-start=\"1734\" data-end=\"1761\">\n<p data-start=\"1736\" data-end=\"1761\">\u0627\u0644\u062c\u0647\u062f: <strong data-start=\"1746\" data-end=\"1759\">230-240 \u0641\u0648\u0644\u062a<\/strong><\/p>\n<\/li>\n<li data-start=\"1762\" data-end=\"1782\">\n<p data-start=\"1764\" data-end=\"1782\">\u0627\u0644\u0642\u0627\u0639\u062f\u0629: <strong data-start=\"1773\" data-end=\"1780\">E27<\/strong><\/p>\n<\/li>\n<li data-start=\"1783\" data-end=\"1802\">\n<p data-start=\"1785\" data-end=\"1802\"><strong data-start=\"1785\" data-end=\"1800\">\u0642\u0627\u0628\u0644 \u0644\u0644\u062a\u0639\u062a\u064a\u0645<\/strong><\/p>\n<\/li>\n<li data-start=\"1803\" data-end=\"1842\">\n<p data-start=\"1805\" data-end=\"1842\"><strong data-start=\"1805\" data-end=\"1840\">\u0645\u0642\u0627\u0648\u0645 \u0644\u0631\u0630\u0627\u0630 \u0627\u0644\u0645\u0627\u0621<\/strong><\/p>\n<\/li>\n<li data-start=\"1843\" data-end=\"1870\">\n<p data-start=\"1845\" data-end=\"1870\">\u0627\u0644\u0639\u0628\u0648\u0629: <strong data-start=\"1857\" data-end=\"1868\">\u0642\u0637\u0639\u062a\u0627\u0646<\/strong><\/p>\n<\/li>\n<\/ul>\n<p data-start=\"1872\" data-end=\"2050\">\u0627\u062e\u062a\u0631 <strong data-start=\"1882\" data-end=\"1926\">\u0645\u0635\u0628\u0627\u062d \u0627\u0644\u062a\u062f\u0641\u0626\u0629 Interheat PAR100W 3G<\/strong> \u0645\u0646 \u0623\u062c\u0644 <strong data-start=\"1934\" data-end=\"1988\">\u062a\u062f\u0641\u0626\u0629 \u0645\u0648\u062b\u0648\u0642\u0629 \u0648\u0622\u0645\u0646\u0629 \u0648\u0645\u0646\u062e\u0641\u0636\u0629 \u0627\u0644\u0627\u0633\u062a\u0647\u0644\u0627\u0643<\/strong>\u060c \u0645\u0635\u0645\u0645 \u0644\u0644\u0642\u0637\u0627\u0639 \u0627\u0644\u0632\u0631\u0627\u0639\u064a \u0648\u062a\u0631\u0628\u064a\u0629 \u0627\u0644\u062d\u064a\u0648\u0627\u0646\u0627\u062a \u0648\u0627\u0644\u0635\u0646\u0627\u0639\u064a. \u064a\u064f\u0639\u0631\u0641 \u0647\u0630\u0627 \u0627\u0644\u0645\u0635\u0628\u0627\u062d \u0628\u0643\u0641\u0627\u0621\u062a\u0647 \u0641\u064a \u0627\u0633\u062a\u0647\u0644\u0627\u0643 \u0627\u0644\u0637\u0627\u0642\u0629. <\/p>\n<hr data-start=\"1609\" data-end=\"1612\">\n<p data-start=\"1614\" data-end=\"1719\">\ud83d\udce9 <strong data-start=\"1617\" data-end=\"1717\">\u0644\u0644\u0639\u0631\u0648\u0636 \u0627\u0644\u0645\u062e\u0635\u0635\u0629 \u0648\u0627\u0644\u062a\u0633\u0639\u064a\u0631\u0627\u062a \u0627\u0644\u0634\u062e\u0635\u064a\u0629\u060c \u0627\u0643\u062a\u0628 \u0625\u0644\u0649: <a class=\"decorated-link cursor-pointer\" href=\"mailto:info@fdasrl.it\" rel=\"noopener\" data-start=\"1676\" data-end=\"1715\">info@fdasrl.it<\/a><\/strong><\/p>\n<p data-start=\"1614\" data-end=\"1719\"><a href=\"https:\/\/fda-shop.it\/shop\/articoli-per-allevamento\/riflettori-e-infrarossi\/lampada-riscaldante-per-animali-interheat-par-100w#\/295-accessori_e_confezioni-confezione_2_pezzi\">\ud83d\udc49 <\/a><strong data-start=\"2134\" data-end=\"2186\">\u0627\u0634\u062a\u0631\u0650\u0647 \u0627\u0644\u0622\u0646 \u0645\u0646 \u0645\u062a\u062c\u0631\u0646\u0627 \u0627\u0644\u0625\u0644\u0643\u062a\u0631\u0648\u0646\u064a FDA SRL &#8211;<\/strong><a href=\"https:\/\/fda-shop.it\/shop\/articoli-per-allevamento\/riflettori-e-infrarossi\/lampada-riscaldante-per-animali-interheat-par-100w#\/295-accessori_e_confezioni-confezione_2_pezzi\"><strong data-start=\"2134\" data-end=\"2186\"> \u0627\u0646\u0642\u0631 \u0647\u0646\u0627<\/strong><\/a><\/p>\n<p>&nbsp;<\/p>\n<p>&nbsp;<\/p>\n","protected":false},"excerpt":{"rendered":"<p>\u0645\u0635\u0628\u0627\u062d \u062a\u062f\u0641\u0626\u0629 Interheat PAR100W 3G \u0628\u0627\u0644\u0623\u0634\u0639\u0629 \u062a\u062d\u062a \u0627\u0644\u062d\u0645\u0631\u0627\u0621\u060c \u0645\u0635\u0646\u0648\u0639 \u0645\u0646 \u0627\u0644\u0632\u062c\u0627\u062c \u0627\u0644\u0645\u0636\u063a\u0648\u0637 \u0645\u0639 \u0639\u0627\u0643\u0633 \u0645\u062f\u0645\u062c. \u0642\u062f\u0631\u0629 100 \u0648\u0627\u0637\u060c \u0642\u0627\u0639\u062f\u0629 E27\u060c \u0644\u0648\u0646 \u0623\u062d\u0645\u0631. \u064a\u0648\u0641\u0631 \u0646\u0641\u0633 \u0623\u062f\u0627\u0621 \u0627\u0644\u0645\u0635\u0627\u0628\u064a\u062d \u0628\u0642\u062f\u0631\u0629 150 \u0648\u0627\u0637 \u0645\u0639 \u062a\u0648\u0641\u064a\u0631 30% \u0641\u064a \u0627\u0644\u0637\u0627\u0642\u0629. \u0645\u062b\u0627\u0644\u064a \u0644\u0644\u062e\u0646\u0627\u0632\u064a\u0631 \u0627\u0644\u0635\u063a\u064a\u0631\u0629 \u0648\u0627\u0644\u0643\u062a\u0627\u0643\u064a\u062a \u0648\u0627\u0644\u062c\u0631\u0627\u0621 \u0648\u0627\u0644\u062d\u064a\u0648\u0627\u0646\u0627\u062a \u0627\u0644\u0635\u063a\u064a\u0631\u0629.   <\/p>\n","protected":false},"featured_media":907,"comment_status":"open","ping_status":"closed","template":"","meta":{"_et_pb_use_builder":"","_et_pb_old_content":"","_et_gb_content_width":""},"product_brand":[],"product_cat":[638,640,641,639],"product_tag":[642],"class_list":{"0":"post-2757","1":"product","2":"type-product","3":"status-publish","4":"has-post-thumbnail","6":"product_cat-638","7":"product_cat-640","8":"product_cat-641","9":"product_cat-639","10":"product_tag-fda-000061i","12":"first","13":"instock","14":"shipping-taxable","15":"product-type-simple"},"yoast_head":"<!-- This site is optimized with the Yoast SEO Premium plugin v27.5 (Yoast SEO v27.5) - https:\/\/yoast.com\/product\/yoast-seo-premium-wordpress\/ -->\n<title>\u0645\u0635\u0628\u0627\u062d \u062a\u062f\u0641\u0626\u0629 Interheat PAR100W 3G \u0644\u0644\u062e\u0646\u0627\u0632\u064a\u0631 \u0627\u0644\u0635\u063a\u064a\u0631\u0629 \u0648\u0627\u0644\u0643\u062a\u0627\u0643\u064a\u062a<\/title>\n<meta name=\"description\" content=\"\u0648\u0641\u0651\u0631 \u0627\u0644\u062f\u0641\u0621 \u0648\u0627\u0644\u0631\u0627\u062d\u0629 \u0644\u062d\u064a\u0648\u0627\u0646\u0627\u062a\u0643 \u0645\u0639 \u0645\u0635\u0628\u0627\u062d \u0627\u0644\u062a\u062f\u0641\u0626\u0629 Interheat PAR100W 3G. \u0641\u0639\u0651\u0627\u0644 \u0648\u0645\u062f\u0645\u062c\u060c \u0627\u0643\u062a\u0634\u0641\u0647 \u0627\u0644\u0622\u0646!\" \/>\n<meta name=\"robots\" content=\"index, follow, max-snippet:-1, max-image-preview:large, max-video-preview:-1\" \/>\n<link rel=\"canonical\" href=\"https:\/\/fdasrl.it\/ar\/prodotto\/%d9%85%d8%b5%d8%a8%d8%a7%d8%ad-%d8%aa%d8%af%d9%81%d8%a6%d8%a9-%d9%84%d9%84%d8%ad%d9%8a%d9%88%d8%a7%d9%86%d8%a7%d8%aa-interheat-par-100w-3g\/\" \/>\n<meta property=\"og:locale\" content=\"ar_AR\" \/>\n<meta property=\"og:type\" content=\"article\" \/>\n<meta property=\"og:title\" content=\"\u0645\u0635\u0628\u0627\u062d \u062a\u062f\u0641\u0626\u0629 \u0644\u0644\u062d\u064a\u0648\u0627\u0646\u0627\u062a Interheat PAR 100W 3G\" \/>\n<meta property=\"og:description\" content=\"\u0648\u0641\u0651\u0631 \u0627\u0644\u062f\u0641\u0621 \u0648\u0627\u0644\u0631\u0627\u062d\u0629 \u0644\u062d\u064a\u0648\u0627\u0646\u0627\u062a\u0643 \u0645\u0639 \u0645\u0635\u0628\u0627\u062d \u0627\u0644\u062a\u062f\u0641\u0626\u0629 Interheat PAR100W 3G. \u0641\u0639\u0651\u0627\u0644 \u0648\u0645\u062f\u0645\u062c\u060c \u0627\u0643\u062a\u0634\u0641\u0647 \u0627\u0644\u0622\u0646!\" \/>\n<meta property=\"og:url\" content=\"https:\/\/fdasrl.it\/ar\/prodotto\/%d9%85%d8%b5%d8%a8%d8%a7%d8%ad-%d8%aa%d8%af%d9%81%d8%a6%d8%a9-%d9%84%d9%84%d8%ad%d9%8a%d9%88%d8%a7%d9%86%d8%a7%d8%aa-interheat-par-100w-3g\/\" \/>\n<meta property=\"og:site_name\" content=\"FDA srl\" \/>\n<meta property=\"article:publisher\" content=\"https:\/\/www.facebook.com\/share\/1MWhFWg1Tp\/?mibextid=LQQJ4d\" \/>\n<meta property=\"og:image\" content=\"https:\/\/fdasrl.it\/wp-content\/uploads\/2025\/08\/lampada-riscaldante-interheat-par100w-3g-1.webp\" \/>\n\t<meta property=\"og:image:width\" content=\"750\" \/>\n\t<meta property=\"og:image:height\" content=\"750\" \/>\n\t<meta property=\"og:image:type\" content=\"image\/webp\" \/>\n<meta name=\"twitter:card\" content=\"summary_large_image\" \/>\n<meta name=\"twitter:label1\" content=\"\u0627\u0644\u0633\u0639\u0631\" \/>\n\t<meta name=\"twitter:data1\" content=\"\" \/>\n\t<meta name=\"twitter:label2\" content=\"\u0627\u0644\u062a\u0648\u0641\u0631\" \/>\n\t<meta name=\"twitter:data2\" content=\"\u0645\u062a\u0648\u0641\u0631 \u0641\u064a \u0627\u0644\u0645\u062e\u0632\u0648\u0646\" \/>\n<meta property=\"product:price:currency\" content=\"EUR\" \/>\n<meta property=\"og:availability\" content=\"instock\" \/>\n<meta property=\"product:availability\" content=\"instock\" \/>\n<meta property=\"product:retailer_item_id\" content=\"FDA-000061-1\" \/>\n<meta property=\"product:condition\" content=\"new\" \/>\n<!-- \/ Yoast SEO Premium plugin. -->","yoast_head_json":{"title":"\u0645\u0635\u0628\u0627\u062d \u062a\u062f\u0641\u0626\u0629 Interheat PAR100W 3G \u0644\u0644\u062e\u0646\u0627\u0632\u064a\u0631 \u0627\u0644\u0635\u063a\u064a\u0631\u0629 \u0648\u0627\u0644\u0643\u062a\u0627\u0643\u064a\u062a","description":"\u0648\u0641\u0651\u0631 \u0627\u0644\u062f\u0641\u0621 \u0648\u0627\u0644\u0631\u0627\u062d\u0629 \u0644\u062d\u064a\u0648\u0627\u0646\u0627\u062a\u0643 \u0645\u0639 \u0645\u0635\u0628\u0627\u062d \u0627\u0644\u062a\u062f\u0641\u0626\u0629 Interheat PAR100W 3G. \u0641\u0639\u0651\u0627\u0644 \u0648\u0645\u062f\u0645\u062c\u060c \u0627\u0643\u062a\u0634\u0641\u0647 \u0627\u0644\u0622\u0646!","robots":{"index":"index","follow":"follow","max-snippet":"max-snippet:-1","max-image-preview":"max-image-preview:large","max-video-preview":"max-video-preview:-1"},"canonical":"https:\/\/fdasrl.it\/ar\/prodotto\/%d9%85%d8%b5%d8%a8%d8%a7%d8%ad-%d8%aa%d8%af%d9%81%d8%a6%d8%a9-%d9%84%d9%84%d8%ad%d9%8a%d9%88%d8%a7%d9%86%d8%a7%d8%aa-interheat-par-100w-3g\/","og_locale":"ar_AR","og_type":"article","og_title":"\u0645\u0635\u0628\u0627\u062d \u062a\u062f\u0641\u0626\u0629 \u0644\u0644\u062d\u064a\u0648\u0627\u0646\u0627\u062a Interheat PAR 100W 3G","og_description":"\u0648\u0641\u0651\u0631 \u0627\u0644\u062f\u0641\u0621 \u0648\u0627\u0644\u0631\u0627\u062d\u0629 \u0644\u062d\u064a\u0648\u0627\u0646\u0627\u062a\u0643 \u0645\u0639 \u0645\u0635\u0628\u0627\u062d \u0627\u0644\u062a\u062f\u0641\u0626\u0629 Interheat PAR100W 3G. \u0641\u0639\u0651\u0627\u0644 \u0648\u0645\u062f\u0645\u062c\u060c \u0627\u0643\u062a\u0634\u0641\u0647 \u0627\u0644\u0622\u0646!","og_url":"https:\/\/fdasrl.it\/ar\/prodotto\/%d9%85%d8%b5%d8%a8%d8%a7%d8%ad-%d8%aa%d8%af%d9%81%d8%a6%d8%a9-%d9%84%d9%84%d8%ad%d9%8a%d9%88%d8%a7%d9%86%d8%a7%d8%aa-interheat-par-100w-3g\/","og_site_name":"FDA srl","article_publisher":"https:\/\/www.facebook.com\/share\/1MWhFWg1Tp\/?mibextid=LQQJ4d","og_image":[{"width":750,"height":750,"url":"https:\/\/fdasrl.it\/wp-content\/uploads\/2025\/08\/lampada-riscaldante-interheat-par100w-3g-1.webp","type":"image\/webp"}],"twitter_card":"summary_large_image","twitter_misc":{"\u0627\u0644\u0633\u0639\u0631":"","\u0627\u0644\u062a\u0648\u0641\u0631":"\u0645\u062a\u0648\u0641\u0631 \u0641\u064a \u0627\u0644\u0645\u062e\u0632\u0648\u0646"},"schema":{"@context":"https:\/\/schema.org","@graph":[{"@type":"WebPage","@id":"https:\/\/fdasrl.it\/ar\/prodotto\/%d9%85%d8%b5%d8%a8%d8%a7%d8%ad-%d8%aa%d8%af%d9%81%d8%a6%d8%a9-%d9%84%d9%84%d8%ad%d9%8a%d9%88%d8%a7%d9%86%d8%a7%d8%aa-interheat-par-100w-3g\/","url":"https:\/\/fdasrl.it\/ar\/prodotto\/%d9%85%d8%b5%d8%a8%d8%a7%d8%ad-%d8%aa%d8%af%d9%81%d8%a6%d8%a9-%d9%84%d9%84%d8%ad%d9%8a%d9%88%d8%a7%d9%86%d8%a7%d8%aa-interheat-par-100w-3g\/","name":"\u0645\u0635\u0628\u0627\u062d \u062a\u062f\u0641\u0626\u0629 Interheat PAR100W 3G \u0644\u0644\u062e\u0646\u0627\u0632\u064a\u0631 \u0627\u0644\u0635\u063a\u064a\u0631\u0629 \u0648\u0627\u0644\u0643\u062a\u0627\u0643\u064a\u062a","isPartOf":{"@id":"https:\/\/fdasrl.it\/ar\/#website"},"primaryImageOfPage":{"@id":"https:\/\/fdasrl.it\/ar\/prodotto\/%d9%85%d8%b5%d8%a8%d8%a7%d8%ad-%d8%aa%d8%af%d9%81%d8%a6%d8%a9-%d9%84%d9%84%d8%ad%d9%8a%d9%88%d8%a7%d9%86%d8%a7%d8%aa-interheat-par-100w-3g\/#primaryimage"},"image":{"@id":"https:\/\/fdasrl.it\/ar\/prodotto\/%d9%85%d8%b5%d8%a8%d8%a7%d8%ad-%d8%aa%d8%af%d9%81%d8%a6%d8%a9-%d9%84%d9%84%d8%ad%d9%8a%d9%88%d8%a7%d9%86%d8%a7%d8%aa-interheat-par-100w-3g\/#primaryimage"},"thumbnailUrl":"https:\/\/fdasrl.it\/wp-content\/uploads\/2025\/08\/lampada-riscaldante-interheat-par100w-3g-1.webp","datePublished":"2025-08-26T14:13:25+00:00","description":"\u0648\u0641\u0651\u0631 \u0627\u0644\u062f\u0641\u0621 \u0648\u0627\u0644\u0631\u0627\u062d\u0629 \u0644\u062d\u064a\u0648\u0627\u0646\u0627\u062a\u0643 \u0645\u0639 \u0645\u0635\u0628\u0627\u062d \u0627\u0644\u062a\u062f\u0641\u0626\u0629 Interheat PAR100W 3G. \u0641\u0639\u0651\u0627\u0644 \u0648\u0645\u062f\u0645\u062c\u060c \u0627\u0643\u062a\u0634\u0641\u0647 \u0627\u0644\u0622\u0646!","breadcrumb":{"@id":"https:\/\/fdasrl.it\/ar\/prodotto\/%d9%85%d8%b5%d8%a8%d8%a7%d8%ad-%d8%aa%d8%af%d9%81%d8%a6%d8%a9-%d9%84%d9%84%d8%ad%d9%8a%d9%88%d8%a7%d9%86%d8%a7%d8%aa-interheat-par-100w-3g\/#breadcrumb"},"inLanguage":"ar","potentialAction":[{"@type":"ReadAction","target":["https:\/\/fdasrl.it\/ar\/prodotto\/%d9%85%d8%b5%d8%a8%d8%a7%d8%ad-%d8%aa%d8%af%d9%81%d8%a6%d8%a9-%d9%84%d9%84%d8%ad%d9%8a%d9%88%d8%a7%d9%86%d8%a7%d8%aa-interheat-par-100w-3g\/"]}]},{"@type":"ImageObject","inLanguage":"ar","@id":"https:\/\/fdasrl.it\/ar\/prodotto\/%d9%85%d8%b5%d8%a8%d8%a7%d8%ad-%d8%aa%d8%af%d9%81%d8%a6%d8%a9-%d9%84%d9%84%d8%ad%d9%8a%d9%88%d8%a7%d9%86%d8%a7%d8%aa-interheat-par-100w-3g\/#primaryimage","url":"https:\/\/fdasrl.it\/wp-content\/uploads\/2025\/08\/lampada-riscaldante-interheat-par100w-3g-1.webp","contentUrl":"https:\/\/fdasrl.it\/wp-content\/uploads\/2025\/08\/lampada-riscaldante-interheat-par100w-3g-1.webp","width":750,"height":750,"caption":"\u0645\u0635\u0628\u0627\u062d \u062a\u062f\u0641\u0626\u0629 Interheat PAR100W 3G\u060c 100 \u0648\u0627\u0637\u060c \u0644\u0648\u0646 \u0623\u062d\u0645\u0631\u060c \u0645\u0646 \u0627\u0644\u0632\u062c\u0627\u062c \u0627\u0644\u0645\u0636\u063a\u0648\u0637. \u0645\u062b\u0627\u0644\u064a \u0644\u062d\u064a\u0648\u0627\u0646\u0627\u062a \u0627\u0644\u0645\u0632\u0631\u0639\u0629."},{"@type":"BreadcrumbList","@id":"https:\/\/fdasrl.it\/ar\/prodotto\/%d9%85%d8%b5%d8%a8%d8%a7%d8%ad-%d8%aa%d8%af%d9%81%d8%a6%d8%a9-%d9%84%d9%84%d8%ad%d9%8a%d9%88%d8%a7%d9%86%d8%a7%d8%aa-interheat-par-100w-3g\/#breadcrumb","itemListElement":[{"@type":"ListItem","position":1,"name":"Home","item":"https:\/\/fdasrl.it\/ar\/%d8%a7%d9%84%d8%b1%d8%a6%d9%8a%d8%b3%d9%8a%d8%a9\/"},{"@type":"ListItem","position":2,"name":"\u0627\u0644\u0645\u062a\u062c\u0631","item":"https:\/\/fdasrl.it\/ar\/%d8%a7%d9%84%d9%85%d8%aa%d8%ac%d8%b1\/"},{"@type":"ListItem","position":3,"name":"\u0645\u0635\u0628\u0627\u062d \u062a\u062f\u0641\u0626\u0629 \u0644\u0644\u062d\u064a\u0648\u0627\u0646\u0627\u062a Interheat PAR 100W 3G"}]},{"@type":"WebSite","@id":"https:\/\/fdasrl.it\/ar\/#website","url":"https:\/\/fdasrl.it\/ar\/","name":"FDA srl","description":"Equipment for animal husbandry","publisher":{"@id":"https:\/\/fdasrl.it\/ar\/#organization"},"potentialAction":[{"@type":"SearchAction","target":{"@type":"EntryPoint","urlTemplate":"https:\/\/fdasrl.it\/ar\/?s={search_term_string}"},"query-input":{"@type":"PropertyValueSpecification","valueRequired":true,"valueName":"search_term_string"}}],"inLanguage":"ar"},{"@type":"Organization","@id":"https:\/\/fdasrl.it\/ar\/#organization","name":"FDA srl","url":"https:\/\/fdasrl.it\/ar\/","logo":{"@type":"ImageObject","inLanguage":"ar","@id":"https:\/\/fdasrl.it\/ar\/#\/schema\/logo\/image\/","url":"https:\/\/fdasrl.it\/wp-content\/uploads\/2024\/12\/Logo-FDA.png","contentUrl":"https:\/\/fdasrl.it\/wp-content\/uploads\/2024\/12\/Logo-FDA.png","width":316,"height":119,"caption":"FDA srl"},"image":{"@id":"https:\/\/fdasrl.it\/ar\/#\/schema\/logo\/image\/"},"sameAs":["https:\/\/www.facebook.com\/share\/1MWhFWg1Tp\/?mibextid=LQQJ4d","https:\/\/www.instagram.com\/fda_srl\/profilecard\/?igsh=YW5lbzJ6MWg0d21u","https:\/\/www.youtube.com\/@FDASRL_ANIMALCARE"],"description":"FDA SRL \u2013 Equipment for animal husbandry nasce con l\u2019obiettivo di offrire soluzioni affidabili e innovative per l\u2019allevamento moderno. Con anni di esperienza nel settore zootecnico, progettiamo e realizziamo attrezzature destinate al benessere animale e alla gestione efficiente delle stalle: vasche, abbeveratoi, mangiatoie e sistemi di riscaldamento pensati per durare nel tempo e semplificare il lavoro quotidiano degli allevatori. Dalla progettazione alla produzione, ogni nostro prodotto \u00e8 studiato nei minimi dettagli, testato con cura e costruito per rispondere alle esigenze reali del settore. La nostra forza \u00e8 unire artigianalit\u00e0, tecnologia e competenza tecnica per trasformare ogni progetto in una soluzione concreta e funzionale. Oggi FDA SRL \u00e8 un punto di riferimento per privati e rivenditori che cercano qualit\u00e0, affidabilit\u00e0 e innovazione nelle attrezzature per l\u2019allevamento.","email":"info@fdasrl.it","telephone":"+390522826820","legalName":"F.D.A. SRL","foundingDate":"2024-10-13","vatID":"03075840359","taxID":"03075840359","numberOfEmployees":{"@type":"QuantitativeValue","minValue":"1","maxValue":"10"}}]},"product_price_currency":"EUR","og_availability":"instock","product_availability":"instock","product_retailer_item_id":"FDA-000061-1","product_condition":"new"},"_links":{"self":[{"href":"https:\/\/fdasrl.it\/ar\/wp-json\/wp\/v2\/product\/2757","targetHints":{"allow":["GET"]}}],"collection":[{"href":"https:\/\/fdasrl.it\/ar\/wp-json\/wp\/v2\/product"}],"about":[{"href":"https:\/\/fdasrl.it\/ar\/wp-json\/wp\/v2\/types\/product"}],"replies":[{"embeddable":true,"href":"https:\/\/fdasrl.it\/ar\/wp-json\/wp\/v2\/comments?post=2757"}],"wp:featuredmedia":[{"embeddable":true,"href":"https:\/\/fdasrl.it\/ar\/wp-json\/wp\/v2\/media\/907"}],"wp:attachment":[{"href":"https:\/\/fdasrl.it\/ar\/wp-json\/wp\/v2\/media?parent=2757"}],"wp:term":[{"taxonomy":"product_brand","embeddable":true,"href":"https:\/\/fdasrl.it\/ar\/wp-json\/wp\/v2\/product_brand?post=2757"},{"taxonomy":"product_cat","embeddable":true,"href":"https:\/\/fdasrl.it\/ar\/wp-json\/wp\/v2\/product_cat?post=2757"},{"taxonomy":"product_tag","embeddable":true,"href":"https:\/\/fdasrl.it\/ar\/wp-json\/wp\/v2\/product_tag?post=2757"}],"curies":[{"name":"wp","href":"https:\/\/api.w.org\/{rel}","templated":true}]}}