{"id":2790,"date":"2025-01-21T13:31:47","date_gmt":"2025-01-21T12:31:47","guid":{"rendered":"https:\/\/fdasrl.it\/prodotto\/%d9%85%d8%b6%d8%ae%d8%a9-%d9%81%d8%b1%d8%a7%d8%ba-%d8%ac%d8%a7%d9%81%d8%a9-280-%d9%84%d8%aa%d8%b1-%d8%af%d9%82%d9%8a%d9%82%d8%a9-%d8%a8%d9%85%d8%ad%d8%b1%d9%83-%d9%83%d9%87%d8%b1%d8%a8%d8%a7%d8%a6\/"},"modified":"2025-01-21T13:31:47","modified_gmt":"2025-01-21T12:31:47","slug":"%d9%85%d8%b6%d8%ae%d8%a9-%d9%81%d8%b1%d8%a7%d8%ba-%d8%ac%d8%a7%d9%81%d8%a9-280-%d9%84%d8%aa%d8%b1-%d8%af%d9%82%d9%8a%d9%82%d8%a9-%d8%a8%d9%85%d8%ad%d8%b1%d9%83-%d9%83%d9%87%d8%b1%d8%a8%d8%a7%d8%a6","status":"publish","type":"product","link":"https:\/\/fdasrl.it\/ar\/prodotto\/%d9%85%d8%b6%d8%ae%d8%a9-%d9%81%d8%b1%d8%a7%d8%ba-%d8%ac%d8%a7%d9%81%d8%a9-280-%d9%84%d8%aa%d8%b1-%d8%af%d9%82%d9%8a%d9%82%d8%a9-%d8%a8%d9%85%d8%ad%d8%b1%d9%83-%d9%83%d9%87%d8%b1%d8%a8%d8%a7%d8%a6\/","title":{"rendered":"\u0645\u0636\u062e\u0629 \u0641\u0631\u0627\u063a \u062c\u0627\u0641\u0629 280 \u0644\u062a\u0631\/\u062f\u0642\u064a\u0642\u0629 \u0628\u0645\u062d\u0631\u0643 \u0643\u0647\u0631\u0628\u0627\u0626\u064a"},"content":{"rendered":"<h4 data-start=\"170\" data-end=\"241\"><strong data-start=\"170\" data-end=\"241\">\u0645\u0636\u062e\u0629 \u0641\u0631\u0627\u063a \u0637\u0627\u0631\u062f\u0629 \u0645\u0631\u0643\u0632\u064a\u0629 \u0628\u0631\u064a\u0634 \u062c\u0631\u0627\u0641\u064a\u062a \u0645\u0639 \u0645\u062d\u0631\u0643 \u0643\u0647\u0631\u0628\u0627\u0626\u064a \u2013 \u0645\u0639\u062f\u0644 \u0627\u0644\u062a\u062f\u0641\u0642 280 \u0644\u062a\u0631\/\u062f\u0642\u064a\u0642\u0629 &#8211; 1 \u062d\u0635\u0627\u0646<\/strong><\/h4>\n<p class=\"\" data-start=\"243\" data-end=\"505\">\u0645\u0636\u062e\u0629 \u0641\u0631\u0627\u063a \u062c\u0627\u0641\u0629 \u0628\u0631\u064a\u0634 \u062c\u0631\u0627\u0641\u064a\u062a 1 \u062d\u0635\u0627\u0646\u060c \u0645\u062b\u0627\u0644\u064a\u0629 \u0644\u062a\u0637\u0628\u064a\u0642\u0627\u062a \u0627\u0644\u0625\u0646\u062a\u0627\u062c \u0627\u0644\u062d\u064a\u0648\u0627\u0646\u064a \u0627\u0644\u062a\u064a \u062a\u062a\u0637\u0644\u0628 \u0627\u0644\u0645\u0648\u062b\u0648\u0642\u064a\u0629 \u0648\u0639\u062f\u0645 \u0627\u0644\u062d\u0627\u062c\u0629 \u0644\u0644\u062a\u0634\u062d\u064a\u0645.<br data-start=\"383\" data-end=\"386\"><strong data-start=\"386\" data-end=\"440\">\u0645\u0646\u0627\u0633\u0628\u0629 \u0628\u0634\u0643\u0644 \u062e\u0627\u0635 \u0644\u0622\u0644\u0627\u062a \u0627\u0644\u062d\u0644\u0628 \u0627\u0644\u0645\u062a\u0646\u0642\u0644\u0629<\/strong>\u060c \u062a\u0636\u0645\u0646 \u0647\u0630\u0647 \u0627\u0644\u0645\u0636\u062e\u0629 \u0623\u062f\u0627\u0621\u064b \u0639\u0627\u0644\u064a\u0627\u064b \u0648\u0645\u062a\u0627\u0646\u0629 \u0628\u0645\u0631\u0648\u0631 \u0627\u0644\u0648\u0642\u062a.<\/p>\n<p class=\"\" data-start=\"507\" data-end=\"538\"><strong data-start=\"507\" data-end=\"538\">\u0627\u0644\u062e\u0635\u0627\u0626\u0635 \u0627\u0644\u0631\u0626\u064a\u0633\u064a\u0629:<\/strong><\/p>\n<ul data-start=\"540\" data-end=\"996\">\n<li class=\"\" data-start=\"540\" data-end=\"588\">\n<p class=\"\" data-start=\"542\" data-end=\"588\"><strong data-start=\"542\" data-end=\"551\">\u0627\u0644\u0646\u0648\u0639:<\/strong> \u0645\u0636\u062e\u0629 \u0641\u0631\u0627\u063a \u0637\u0627\u0631\u062f\u0629 \u0645\u0631\u0643\u0632\u064a\u0629 \u062c\u0627\u0641\u0629<\/p>\n<\/li>\n<li class=\"\" data-start=\"589\" data-end=\"615\">\n<p class=\"\" data-start=\"591\" data-end=\"615\"><strong data-start=\"591\" data-end=\"603\">\u0645\u0639\u062f\u0644 \u0627\u0644\u062a\u062f\u0641\u0642:<\/strong> 280 \u0644\u062a\u0631\/\u062f\u0642\u064a\u0642\u0629<\/p>\n<\/li>\n<li class=\"\" data-start=\"616\" data-end=\"661\">\n<p class=\"\" data-start=\"618\" data-end=\"661\"><strong data-start=\"618\" data-end=\"630\">\u0627\u0644\u0631\u064a\u0634:<\/strong> \u0645\u0646 \u0627\u0644\u062c\u0631\u0627\u0641\u064a\u062a<\/p>\n<\/li>\n<li class=\"\" data-start=\"662\" data-end=\"778\">\n<p class=\"\" data-start=\"664\" data-end=\"778\"><strong data-start=\"664\" data-end=\"681\">\u0627\u0644\u0627\u0633\u062a\u062e\u062f\u0627\u0645:<\/strong> \u0645\u062b\u0627\u0644\u064a\u0629 \u0644\u0622\u0644\u0627\u062a \u0627\u0644\u062d\u0644\u0628 \u0627\u0644\u0645\u062a\u0646\u0642\u0644\u0629<\/p>\n<\/li>\n<li class=\"\" data-start=\"779\" data-end=\"876\">\n<p class=\"\" data-start=\"781\" data-end=\"805\"><strong data-start=\"781\" data-end=\"803\">\u0627\u0644\u0645\u0644\u062d\u0642\u0627\u062a \u0627\u0644\u0645\u0636\u0645\u0646\u0629:<\/strong><\/p>\n<ul data-start=\"808\" data-end=\"876\">\n<li class=\"\" data-start=\"808\" data-end=\"831\">\n<p class=\"\" data-start=\"810\" data-end=\"831\">\u0643\u0627\u062a\u0645 \u0635\u0648\u062a \u0627\u0644\u0639\u0627\u062f\u0645<\/p>\n<\/li>\n<li class=\"\" data-start=\"834\" data-end=\"876\">\n<p class=\"\" data-start=\"836\" data-end=\"876\">\u0645\u0641\u062a\u0627\u062d \u062a\u0634\u063a\u064a\u0644\/\u0625\u064a\u0642\u0627\u0641<\/p>\n<\/li>\n<\/ul>\n<\/li>\n<li class=\"\" data-start=\"877\" data-end=\"969\">\n<p class=\"\" data-start=\"879\" data-end=\"902\"><strong data-start=\"879\" data-end=\"900\">\u0645\u062d\u0631\u0643 \u0643\u0647\u0631\u0628\u0627\u0626\u064a:<\/strong><\/p>\n<ul data-start=\"905\" data-end=\"969\">\n<li class=\"\" data-start=\"905\" data-end=\"924\">\n<p class=\"\" data-start=\"907\" data-end=\"924\">\u0627\u0644\u0642\u062f\u0631\u0629: 0.75 \u0643\u064a\u0644\u0648\u0648\u0627\u0637<\/p>\n<\/li>\n<li class=\"\" data-start=\"927\" data-end=\"946\">\n<p class=\"\" data-start=\"929\" data-end=\"946\">\u0627\u0644\u062c\u0647\u062f \u0627\u0644\u0643\u0647\u0631\u0628\u0627\u0626\u064a: 220 \u0641\u0648\u0644\u062a<\/p>\n<\/li>\n<li class=\"\" data-start=\"949\" data-end=\"969\">\n<p class=\"\" data-start=\"951\" data-end=\"969\">\u0627\u0644\u062a\u0631\u062f\u062f: 50 \u0647\u0631\u062a\u0632<\/p>\n<\/li>\n<\/ul>\n<\/li>\n<\/ul>\n<p>\u0627\u0634\u062a\u0631\u0647\u0627 \u0645\u0646 <a href=\"https:\/\/fda-shop.it\/shop\/pompa-del-vuoto-a-secco-250-l-min-con-motore-elettrico\" target=\"_blank\" rel=\"noopener\">\u0645\u062a\u062c\u0631\u0646\u0627 \u0627\u0644\u0625\u0644\u0643\u062a\u0631\u0648\u0646\u064a<\/a><\/p>\n","protected":false},"excerpt":{"rendered":"<p><strong data-start=\"70\" data-end=\"300\">\u0645\u0636\u062e\u0629 \u0641\u0631\u0627\u063a \u062c\u0627\u0641\u0629 \u0628\u0631\u064a\u0634 \u062c\u0631\u0627\u0641\u064a\u062a\u060c \u0645\u0639\u062f\u0644 \u062a\u062f\u0641\u0642 280 \u0644\u062a\u0631\/\u062f\u0642\u064a\u0642\u0629\u060c 1 \u062d\u0635\u0627\u0646\u060c \u0645\u062b\u0627\u0644\u064a\u0629 \u0644\u0622\u0644\u0627\u062a \u0627\u0644\u062d\u0644\u0628 \u0627\u0644\u0645\u062a\u0646\u0642\u0644\u0629 \u0648\u062a\u0637\u0628\u064a\u0642\u0627\u062a \u0627\u0644\u0625\u0646\u062a\u0627\u062c \u0627\u0644\u062d\u064a\u0648\u0627\u0646\u064a. \u0645\u0648\u062b\u0648\u0642\u0629\u060c \u0628\u062f\u0648\u0646 \u062a\u0634\u062d\u064a\u0645\u060c \u0643\u0627\u0645\u0644\u0629 \u0645\u0639 \u0643\u0627\u062a\u0645 \u0635\u0648\u062a \u0648\u0645\u0641\u062a\u0627\u062d \u0648\u0645\u062d\u0631\u0643 \u0643\u0647\u0631\u0628\u0627\u0626\u064a \u0628\u0642\u062f\u0631\u0629 0.75 \u0643\u064a\u0644\u0648\u0648\u0627\u0637. <\/strong><\/p>\n","protected":false},"featured_media":487,"comment_status":"open","ping_status":"closed","template":"","meta":{"_et_pb_use_builder":"","_et_pb_old_content":"","_et_gb_content_width":""},"product_brand":[],"product_cat":[386,492],"product_tag":[661],"class_list":{"0":"post-2790","1":"product","2":"type-product","3":"status-publish","4":"has-post-thumbnail","6":"product_cat-386","7":"product_cat-492","8":"product_tag-facm20630","10":"first","11":"instock","12":"shipping-taxable","13":"product-type-simple"},"yoast_head":"<!-- This site is optimized with the Yoast SEO Premium plugin v27.5 (Yoast SEO v27.5) - https:\/\/yoast.com\/product\/yoast-seo-premium-wordpress\/ -->\n<title>\u0645\u0636\u062e\u0629 \u0641\u0631\u0627\u063a \u062c\u0627\u0641\u0629 \u0628\u0631\u064a\u0634 1 \u062d\u0635\u0627\u0646\u060c \u0628\u062f\u0648\u0646 \u062a\u0634\u062d\u064a\u0645 - FDA srl<\/title>\n<meta name=\"description\" content=\"\u0627\u0634\u062a\u0631\u0650 \u0645\u0636\u062e\u0629 \u0627\u0644\u0641\u0631\u0627\u063a \u0627\u0644\u062c\u0627\u0641\u0629 \u0628\u0631\u064a\u0634 1 \u062d\u0635\u0627\u0646\u060c \u0645\u062b\u0627\u0644\u064a\u0629 \u0644\u0644\u0625\u0646\u062a\u0627\u062c \u0627\u0644\u062d\u064a\u0648\u0627\u0646\u064a \u0648\u0628\u0623\u062f\u0627\u0621 \u0639\u0627\u0644\u064d! \u0648\u0641\u0651\u0631 \u0627\u0644\u0648\u0642\u062a \u0648\u062d\u0633\u0651\u0646 \u0646\u0634\u0627\u0637\u0643! \ud83d\udd25\" \/>\n<meta name=\"robots\" content=\"index, follow, max-snippet:-1, max-image-preview:large, max-video-preview:-1\" \/>\n<link rel=\"canonical\" href=\"https:\/\/fdasrl.it\/ar\/prodotto\/%d9%85%d8%b6%d8%ae%d8%a9-%d9%81%d8%b1%d8%a7%d8%ba-%d8%ac%d8%a7%d9%81%d8%a9-280-%d9%84%d8%aa%d8%b1-%d8%af%d9%82%d9%8a%d9%82%d8%a9-%d8%a8%d9%85%d8%ad%d8%b1%d9%83-%d9%83%d9%87%d8%b1%d8%a8%d8%a7%d8%a6\/\" \/>\n<meta property=\"og:locale\" content=\"ar_AR\" \/>\n<meta property=\"og:type\" content=\"article\" \/>\n<meta property=\"og:title\" content=\"\u0645\u0636\u062e\u0629 \u0641\u0631\u0627\u063a \u062c\u0627\u0641\u0629 280 \u0644\u062a\u0631\/\u062f\u0642\u064a\u0642\u0629 \u0628\u0645\u062d\u0631\u0643 \u0643\u0647\u0631\u0628\u0627\u0626\u064a\" \/>\n<meta property=\"og:description\" content=\"\u0627\u0634\u062a\u0631\u0650 \u0645\u0636\u062e\u0629 \u0627\u0644\u0641\u0631\u0627\u063a \u0627\u0644\u062c\u0627\u0641\u0629 \u0628\u0631\u064a\u0634 1 \u062d\u0635\u0627\u0646\u060c \u0645\u062b\u0627\u0644\u064a\u0629 \u0644\u0644\u0625\u0646\u062a\u0627\u062c \u0627\u0644\u062d\u064a\u0648\u0627\u0646\u064a \u0648\u0628\u0623\u062f\u0627\u0621 \u0639\u0627\u0644\u064d! \u0648\u0641\u0651\u0631 \u0627\u0644\u0648\u0642\u062a \u0648\u062d\u0633\u0651\u0646 \u0646\u0634\u0627\u0637\u0643! \ud83d\udd25\" \/>\n<meta property=\"og:url\" content=\"https:\/\/fdasrl.it\/ar\/prodotto\/%d9%85%d8%b6%d8%ae%d8%a9-%d9%81%d8%b1%d8%a7%d8%ba-%d8%ac%d8%a7%d9%81%d8%a9-280-%d9%84%d8%aa%d8%b1-%d8%af%d9%82%d9%8a%d9%82%d8%a9-%d8%a8%d9%85%d8%ad%d8%b1%d9%83-%d9%83%d9%87%d8%b1%d8%a8%d8%a7%d8%a6\/\" \/>\n<meta property=\"og:site_name\" content=\"FDA srl\" \/>\n<meta property=\"article:publisher\" content=\"https:\/\/www.facebook.com\/share\/1MWhFWg1Tp\/?mibextid=LQQJ4d\" \/>\n<meta property=\"og:image\" content=\"https:\/\/fdasrl.it\/wp-content\/uploads\/2025\/01\/motore250.jpg\" \/>\n\t<meta property=\"og:image:width\" content=\"800\" \/>\n\t<meta property=\"og:image:height\" content=\"737\" \/>\n\t<meta property=\"og:image:type\" content=\"image\/jpeg\" \/>\n<meta name=\"twitter:card\" content=\"summary_large_image\" \/>\n<meta name=\"twitter:label1\" content=\"\u0627\u0644\u0633\u0639\u0631\" \/>\n\t<meta name=\"twitter:data1\" content=\"\" \/>\n\t<meta name=\"twitter:label2\" content=\"\u0627\u0644\u062a\u0648\u0641\u0631\" \/>\n\t<meta name=\"twitter:data2\" content=\"\u0645\u062a\u0648\u0641\u0631 \u0641\u064a \u0627\u0644\u0645\u062e\u0632\u0648\u0646\" \/>\n<meta property=\"product:price:currency\" content=\"EUR\" \/>\n<meta property=\"og:availability\" content=\"instock\" \/>\n<meta property=\"product:availability\" content=\"instock\" \/>\n<meta property=\"product:retailer_item_id\" content=\"FACM20630\" \/>\n<meta property=\"product:condition\" content=\"new\" \/>\n<!-- \/ Yoast SEO Premium plugin. -->","yoast_head_json":{"title":"\u0645\u0636\u062e\u0629 \u0641\u0631\u0627\u063a \u062c\u0627\u0641\u0629 \u0628\u0631\u064a\u0634 1 \u062d\u0635\u0627\u0646\u060c \u0628\u062f\u0648\u0646 \u062a\u0634\u062d\u064a\u0645 - FDA srl","description":"\u0627\u0634\u062a\u0631\u0650 \u0645\u0636\u062e\u0629 \u0627\u0644\u0641\u0631\u0627\u063a \u0627\u0644\u062c\u0627\u0641\u0629 \u0628\u0631\u064a\u0634 1 \u062d\u0635\u0627\u0646\u060c \u0645\u062b\u0627\u0644\u064a\u0629 \u0644\u0644\u0625\u0646\u062a\u0627\u062c \u0627\u0644\u062d\u064a\u0648\u0627\u0646\u064a \u0648\u0628\u0623\u062f\u0627\u0621 \u0639\u0627\u0644\u064d! \u0648\u0641\u0651\u0631 \u0627\u0644\u0648\u0642\u062a \u0648\u062d\u0633\u0651\u0646 \u0646\u0634\u0627\u0637\u0643! \ud83d\udd25","robots":{"index":"index","follow":"follow","max-snippet":"max-snippet:-1","max-image-preview":"max-image-preview:large","max-video-preview":"max-video-preview:-1"},"canonical":"https:\/\/fdasrl.it\/ar\/prodotto\/%d9%85%d8%b6%d8%ae%d8%a9-%d9%81%d8%b1%d8%a7%d8%ba-%d8%ac%d8%a7%d9%81%d8%a9-280-%d9%84%d8%aa%d8%b1-%d8%af%d9%82%d9%8a%d9%82%d8%a9-%d8%a8%d9%85%d8%ad%d8%b1%d9%83-%d9%83%d9%87%d8%b1%d8%a8%d8%a7%d8%a6\/","og_locale":"ar_AR","og_type":"article","og_title":"\u0645\u0636\u062e\u0629 \u0641\u0631\u0627\u063a \u062c\u0627\u0641\u0629 280 \u0644\u062a\u0631\/\u062f\u0642\u064a\u0642\u0629 \u0628\u0645\u062d\u0631\u0643 \u0643\u0647\u0631\u0628\u0627\u0626\u064a","og_description":"\u0627\u0634\u062a\u0631\u0650 \u0645\u0636\u062e\u0629 \u0627\u0644\u0641\u0631\u0627\u063a \u0627\u0644\u062c\u0627\u0641\u0629 \u0628\u0631\u064a\u0634 1 \u062d\u0635\u0627\u0646\u060c \u0645\u062b\u0627\u0644\u064a\u0629 \u0644\u0644\u0625\u0646\u062a\u0627\u062c \u0627\u0644\u062d\u064a\u0648\u0627\u0646\u064a \u0648\u0628\u0623\u062f\u0627\u0621 \u0639\u0627\u0644\u064d! \u0648\u0641\u0651\u0631 \u0627\u0644\u0648\u0642\u062a \u0648\u062d\u0633\u0651\u0646 \u0646\u0634\u0627\u0637\u0643! \ud83d\udd25","og_url":"https:\/\/fdasrl.it\/ar\/prodotto\/%d9%85%d8%b6%d8%ae%d8%a9-%d9%81%d8%b1%d8%a7%d8%ba-%d8%ac%d8%a7%d9%81%d8%a9-280-%d9%84%d8%aa%d8%b1-%d8%af%d9%82%d9%8a%d9%82%d8%a9-%d8%a8%d9%85%d8%ad%d8%b1%d9%83-%d9%83%d9%87%d8%b1%d8%a8%d8%a7%d8%a6\/","og_site_name":"FDA srl","article_publisher":"https:\/\/www.facebook.com\/share\/1MWhFWg1Tp\/?mibextid=LQQJ4d","og_image":[{"width":800,"height":737,"url":"https:\/\/fdasrl.it\/wp-content\/uploads\/2025\/01\/motore250.jpg","type":"image\/jpeg"}],"twitter_card":"summary_large_image","twitter_misc":{"\u0627\u0644\u0633\u0639\u0631":"","\u0627\u0644\u062a\u0648\u0641\u0631":"\u0645\u062a\u0648\u0641\u0631 \u0641\u064a \u0627\u0644\u0645\u062e\u0632\u0648\u0646"},"schema":{"@context":"https:\/\/schema.org","@graph":[{"@type":"WebPage","@id":"https:\/\/fdasrl.it\/ar\/prodotto\/%d9%85%d8%b6%d8%ae%d8%a9-%d9%81%d8%b1%d8%a7%d8%ba-%d8%ac%d8%a7%d9%81%d8%a9-280-%d9%84%d8%aa%d8%b1-%d8%af%d9%82%d9%8a%d9%82%d8%a9-%d8%a8%d9%85%d8%ad%d8%b1%d9%83-%d9%83%d9%87%d8%b1%d8%a8%d8%a7%d8%a6\/","url":"https:\/\/fdasrl.it\/ar\/prodotto\/%d9%85%d8%b6%d8%ae%d8%a9-%d9%81%d8%b1%d8%a7%d8%ba-%d8%ac%d8%a7%d9%81%d8%a9-280-%d9%84%d8%aa%d8%b1-%d8%af%d9%82%d9%8a%d9%82%d8%a9-%d8%a8%d9%85%d8%ad%d8%b1%d9%83-%d9%83%d9%87%d8%b1%d8%a8%d8%a7%d8%a6\/","name":"\u0645\u0636\u062e\u0629 \u0641\u0631\u0627\u063a \u062c\u0627\u0641\u0629 \u0628\u0631\u064a\u0634 1 \u062d\u0635\u0627\u0646\u060c \u0628\u062f\u0648\u0646 \u062a\u0634\u062d\u064a\u0645 - FDA srl","isPartOf":{"@id":"https:\/\/fdasrl.it\/ar\/#website"},"primaryImageOfPage":{"@id":"https:\/\/fdasrl.it\/ar\/prodotto\/%d9%85%d8%b6%d8%ae%d8%a9-%d9%81%d8%b1%d8%a7%d8%ba-%d8%ac%d8%a7%d9%81%d8%a9-280-%d9%84%d8%aa%d8%b1-%d8%af%d9%82%d9%8a%d9%82%d8%a9-%d8%a8%d9%85%d8%ad%d8%b1%d9%83-%d9%83%d9%87%d8%b1%d8%a8%d8%a7%d8%a6\/#primaryimage"},"image":{"@id":"https:\/\/fdasrl.it\/ar\/prodotto\/%d9%85%d8%b6%d8%ae%d8%a9-%d9%81%d8%b1%d8%a7%d8%ba-%d8%ac%d8%a7%d9%81%d8%a9-280-%d9%84%d8%aa%d8%b1-%d8%af%d9%82%d9%8a%d9%82%d8%a9-%d8%a8%d9%85%d8%ad%d8%b1%d9%83-%d9%83%d9%87%d8%b1%d8%a8%d8%a7%d8%a6\/#primaryimage"},"thumbnailUrl":"https:\/\/fdasrl.it\/wp-content\/uploads\/2025\/01\/motore250.jpg","datePublished":"2025-01-21T12:31:47+00:00","description":"\u0627\u0634\u062a\u0631\u0650 \u0645\u0636\u062e\u0629 \u0627\u0644\u0641\u0631\u0627\u063a \u0627\u0644\u062c\u0627\u0641\u0629 \u0628\u0631\u064a\u0634 1 \u062d\u0635\u0627\u0646\u060c \u0645\u062b\u0627\u0644\u064a\u0629 \u0644\u0644\u0625\u0646\u062a\u0627\u062c \u0627\u0644\u062d\u064a\u0648\u0627\u0646\u064a \u0648\u0628\u0623\u062f\u0627\u0621 \u0639\u0627\u0644\u064d! \u0648\u0641\u0651\u0631 \u0627\u0644\u0648\u0642\u062a \u0648\u062d\u0633\u0651\u0646 \u0646\u0634\u0627\u0637\u0643! \ud83d\udd25","breadcrumb":{"@id":"https:\/\/fdasrl.it\/ar\/prodotto\/%d9%85%d8%b6%d8%ae%d8%a9-%d9%81%d8%b1%d8%a7%d8%ba-%d8%ac%d8%a7%d9%81%d8%a9-280-%d9%84%d8%aa%d8%b1-%d8%af%d9%82%d9%8a%d9%82%d8%a9-%d8%a8%d9%85%d8%ad%d8%b1%d9%83-%d9%83%d9%87%d8%b1%d8%a8%d8%a7%d8%a6\/#breadcrumb"},"inLanguage":"ar","potentialAction":[{"@type":"ReadAction","target":["https:\/\/fdasrl.it\/ar\/prodotto\/%d9%85%d8%b6%d8%ae%d8%a9-%d9%81%d8%b1%d8%a7%d8%ba-%d8%ac%d8%a7%d9%81%d8%a9-280-%d9%84%d8%aa%d8%b1-%d8%af%d9%82%d9%8a%d9%82%d8%a9-%d8%a8%d9%85%d8%ad%d8%b1%d9%83-%d9%83%d9%87%d8%b1%d8%a8%d8%a7%d8%a6\/"]}]},{"@type":"ImageObject","inLanguage":"ar","@id":"https:\/\/fdasrl.it\/ar\/prodotto\/%d9%85%d8%b6%d8%ae%d8%a9-%d9%81%d8%b1%d8%a7%d8%ba-%d8%ac%d8%a7%d9%81%d8%a9-280-%d9%84%d8%aa%d8%b1-%d8%af%d9%82%d9%8a%d9%82%d8%a9-%d8%a8%d9%85%d8%ad%d8%b1%d9%83-%d9%83%d9%87%d8%b1%d8%a8%d8%a7%d8%a6\/#primaryimage","url":"https:\/\/fdasrl.it\/wp-content\/uploads\/2025\/01\/motore250.jpg","contentUrl":"https:\/\/fdasrl.it\/wp-content\/uploads\/2025\/01\/motore250.jpg","width":800,"height":737},{"@type":"BreadcrumbList","@id":"https:\/\/fdasrl.it\/ar\/prodotto\/%d9%85%d8%b6%d8%ae%d8%a9-%d9%81%d8%b1%d8%a7%d8%ba-%d8%ac%d8%a7%d9%81%d8%a9-280-%d9%84%d8%aa%d8%b1-%d8%af%d9%82%d9%8a%d9%82%d8%a9-%d8%a8%d9%85%d8%ad%d8%b1%d9%83-%d9%83%d9%87%d8%b1%d8%a8%d8%a7%d8%a6\/#breadcrumb","itemListElement":[{"@type":"ListItem","position":1,"name":"Home","item":"https:\/\/fdasrl.it\/ar\/%d8%a7%d9%84%d8%b1%d8%a6%d9%8a%d8%b3%d9%8a%d8%a9\/"},{"@type":"ListItem","position":2,"name":"\u0627\u0644\u0645\u062a\u062c\u0631","item":"https:\/\/fdasrl.it\/ar\/%d8%a7%d9%84%d9%85%d8%aa%d8%ac%d8%b1\/"},{"@type":"ListItem","position":3,"name":"\u0645\u0636\u062e\u0629 \u0641\u0631\u0627\u063a \u062c\u0627\u0641\u0629 280 \u0644\u062a\u0631\/\u062f\u0642\u064a\u0642\u0629 \u0628\u0645\u062d\u0631\u0643 \u0643\u0647\u0631\u0628\u0627\u0626\u064a"}]},{"@type":"WebSite","@id":"https:\/\/fdasrl.it\/ar\/#website","url":"https:\/\/fdasrl.it\/ar\/","name":"FDA srl","description":"Equipment for animal husbandry","publisher":{"@id":"https:\/\/fdasrl.it\/ar\/#organization"},"potentialAction":[{"@type":"SearchAction","target":{"@type":"EntryPoint","urlTemplate":"https:\/\/fdasrl.it\/ar\/?s={search_term_string}"},"query-input":{"@type":"PropertyValueSpecification","valueRequired":true,"valueName":"search_term_string"}}],"inLanguage":"ar"},{"@type":"Organization","@id":"https:\/\/fdasrl.it\/ar\/#organization","name":"FDA srl","url":"https:\/\/fdasrl.it\/ar\/","logo":{"@type":"ImageObject","inLanguage":"ar","@id":"https:\/\/fdasrl.it\/ar\/#\/schema\/logo\/image\/","url":"https:\/\/fdasrl.it\/wp-content\/uploads\/2024\/12\/Logo-FDA.png","contentUrl":"https:\/\/fdasrl.it\/wp-content\/uploads\/2024\/12\/Logo-FDA.png","width":316,"height":119,"caption":"FDA srl"},"image":{"@id":"https:\/\/fdasrl.it\/ar\/#\/schema\/logo\/image\/"},"sameAs":["https:\/\/www.facebook.com\/share\/1MWhFWg1Tp\/?mibextid=LQQJ4d","https:\/\/www.instagram.com\/fda_srl\/profilecard\/?igsh=YW5lbzJ6MWg0d21u","https:\/\/www.youtube.com\/@FDASRL_ANIMALCARE"],"description":"FDA SRL \u2013 Equipment for animal husbandry nasce con l\u2019obiettivo di offrire soluzioni affidabili e innovative per l\u2019allevamento moderno. Con anni di esperienza nel settore zootecnico, progettiamo e realizziamo attrezzature destinate al benessere animale e alla gestione efficiente delle stalle: vasche, abbeveratoi, mangiatoie e sistemi di riscaldamento pensati per durare nel tempo e semplificare il lavoro quotidiano degli allevatori. Dalla progettazione alla produzione, ogni nostro prodotto \u00e8 studiato nei minimi dettagli, testato con cura e costruito per rispondere alle esigenze reali del settore. La nostra forza \u00e8 unire artigianalit\u00e0, tecnologia e competenza tecnica per trasformare ogni progetto in una soluzione concreta e funzionale. Oggi FDA SRL \u00e8 un punto di riferimento per privati e rivenditori che cercano qualit\u00e0, affidabilit\u00e0 e innovazione nelle attrezzature per l\u2019allevamento.","email":"info@fdasrl.it","telephone":"+390522826820","legalName":"F.D.A. SRL","foundingDate":"2024-10-13","vatID":"03075840359","taxID":"03075840359","numberOfEmployees":{"@type":"QuantitativeValue","minValue":"1","maxValue":"10"}}]},"product_price_currency":"EUR","og_availability":"instock","product_availability":"instock","product_retailer_item_id":"FACM20630","product_condition":"new"},"_links":{"self":[{"href":"https:\/\/fdasrl.it\/ar\/wp-json\/wp\/v2\/product\/2790","targetHints":{"allow":["GET"]}}],"collection":[{"href":"https:\/\/fdasrl.it\/ar\/wp-json\/wp\/v2\/product"}],"about":[{"href":"https:\/\/fdasrl.it\/ar\/wp-json\/wp\/v2\/types\/product"}],"replies":[{"embeddable":true,"href":"https:\/\/fdasrl.it\/ar\/wp-json\/wp\/v2\/comments?post=2790"}],"wp:featuredmedia":[{"embeddable":true,"href":"https:\/\/fdasrl.it\/ar\/wp-json\/wp\/v2\/media\/487"}],"wp:attachment":[{"href":"https:\/\/fdasrl.it\/ar\/wp-json\/wp\/v2\/media?parent=2790"}],"wp:term":[{"taxonomy":"product_brand","embeddable":true,"href":"https:\/\/fdasrl.it\/ar\/wp-json\/wp\/v2\/product_brand?post=2790"},{"taxonomy":"product_cat","embeddable":true,"href":"https:\/\/fdasrl.it\/ar\/wp-json\/wp\/v2\/product_cat?post=2790"},{"taxonomy":"product_tag","embeddable":true,"href":"https:\/\/fdasrl.it\/ar\/wp-json\/wp\/v2\/product_tag?post=2790"}],"curies":[{"name":"wp","href":"https:\/\/api.w.org\/{rel}","templated":true}]}}