{"id":3016,"date":"2025-01-21T13:15:41","date_gmt":"2025-01-21T12:15:41","guid":{"rendered":"https:\/\/fdasrl.it\/prodotto\/%d9%88%d8%b9%d8%a7%d8%a1-%d8%ad%d9%84%d8%a8-%d9%88%d9%86%d9%82%d9%84-%d8%a7%d9%84%d8%ad%d9%84%d9%8a%d8%a8-%d9%84%d9%84%d9%85%d8%a7%d8%b9%d8%b2-%d9%88%d8%a7%d9%84%d8%a3%d8%ba%d9%86%d8%a7%d9%85\/"},"modified":"2025-01-21T13:15:41","modified_gmt":"2025-01-21T12:15:41","slug":"%d9%88%d8%b9%d8%a7%d8%a1-%d8%ad%d9%84%d8%a8-%d9%88%d9%86%d9%82%d9%84-%d8%a7%d9%84%d8%ad%d9%84%d9%8a%d8%a8-%d9%84%d9%84%d9%85%d8%a7%d8%b9%d8%b2-%d9%88%d8%a7%d9%84%d8%a3%d8%ba%d9%86%d8%a7%d9%85","status":"publish","type":"product","link":"https:\/\/fdasrl.it\/ar\/prodotto\/%d9%88%d8%b9%d8%a7%d8%a1-%d8%ad%d9%84%d8%a8-%d9%88%d9%86%d9%82%d9%84-%d8%a7%d9%84%d8%ad%d9%84%d9%8a%d8%a8-%d9%84%d9%84%d9%85%d8%a7%d8%b9%d8%b2-%d9%88%d8%a7%d9%84%d8%a3%d8%ba%d9%86%d8%a7%d9%85\/","title":{"rendered":"\u0648\u0639\u0627\u0621 \u062d\u0644\u0628 \u0648\u0646\u0642\u0644 \u0627\u0644\u062d\u0644\u064a\u0628 \u0644\u0644\u0645\u0627\u0639\u0632 \u0648\u0627\u0644\u0623\u063a\u0646\u0627\u0645"},"content":{"rendered":"<h2 data-start=\"113\" data-end=\"198\">\u062f\u0644\u0648 \u0648\u0639\u0627\u0621 \u062d\u0644\u0628 \u0645\u0646 \u0627\u0644\u0641\u0648\u0644\u0627\u0630 \u0627\u0644\u0645\u0642\u0627\u0648\u0645 \u0644\u0644\u0635\u062f\u0623 \u0633\u0639\u0629 30 \u0644\u062a\u0631\u064b\u0627 \u0644\u0644\u0645\u0627\u0639\u0632 \u0648\u0627\u0644\u0623\u063a\u0646\u0627\u0645 \u2013 \u0645\u062c\u0645\u0648\u0639\u0629 \u0645\u0632\u062f\u0648\u062c\u0629<\/h2>\n<p data-start=\"200\" data-end=\"527\">\u064a\u064f\u0639\u062f <strong data-start=\"203\" data-end=\"252\">\u062f\u0644\u0648 \u0627\u0644\u062d\u0644\u0628 \u0627\u0644\u0645\u0635\u0646\u0648\u0639 \u0645\u0646 \u0627\u0644\u0641\u0648\u0644\u0627\u0630 \u0627\u0644\u0645\u0642\u0627\u0648\u0645 \u0644\u0644\u0635\u062f\u0623 \u0633\u0639\u0629 30 \u0644\u062a\u0631\u064b\u0627<\/strong> \u0623\u062f\u0627\u0629 \u0623\u0633\u0627\u0633\u064a\u0629 \u0644\u0644\u062d\u0644\u0628 \u0627\u0644\u0627\u062d\u062a\u0631\u0627\u0641\u064a \u0648\u0627\u0644\u064a\u0648\u0645\u064a <strong data-start=\"327\" data-end=\"345\">\u0644\u0644\u0645\u0627\u0639\u0632 \u0648\u0627\u0644\u0623\u063a\u0646\u0627\u0645<\/strong>.<br data-start=\"346\" data-end=\"349\">\u0635\u064f\u0646\u0639 \u0645\u0646 <strong data-start=\"363\" data-end=\"388\">\u0627\u0644\u0641\u0648\u0644\u0627\u0630 \u0627\u0644\u0645\u0642\u0627\u0648\u0645 \u0644\u0644\u0635\u062f\u0623 AISI 304<\/strong> \u0627\u0644\u0645\u062e\u0635\u0635 \u0644\u0644\u0627\u0633\u062a\u062e\u062f\u0627\u0645 \u0627\u0644\u063a\u0630\u0627\u0626\u064a\u060c \u0645\u0645\u0627 \u064a\u0636\u0645\u0646 \u0645\u0639\u0627\u064a\u064a\u0631 \u0635\u062d\u064a\u0629 \u0639\u0627\u0644\u064a\u0629\u060c \u0648\u0645\u0642\u0627\u0648\u0645\u0629 \u0644\u0644\u062a\u0622\u0643\u0644\u060c \u0648\u0639\u0645\u0631\u064b\u0627 \u0637\u0648\u064a\u0644\u0627\u064b \u062d\u062a\u0649 \u0641\u064a \u0628\u064a\u0626\u0627\u062a \u062a\u0631\u0628\u064a\u0629 \u0627\u0644\u0645\u0627\u0634\u064a\u0629 \u0627\u0644\u0645\u0643\u062b\u0641\u0629.<\/p>\n<p data-start=\"529\" data-end=\"787\">\u0635\u064f\u0645\u0645 \u0647\u0630\u0627 \u0627\u0644\u0645\u0648\u062f\u064a\u0644 \u0644\u064a\u0639\u0645\u0644 \u0645\u0639 <strong data-start=\"576\" data-end=\"598\">\u0645\u062c\u0645\u0648\u0639\u062a\u064a \u062d\u0644\u0628<\/strong>\u060c \u0645\u0645\u0627 \u064a\u0648\u0641\u0631 \u0643\u0641\u0627\u0621\u0629 \u0623\u0643\u0628\u0631 \u0648\u062a\u0648\u0641\u064a\u0631\u064b\u0627 \u0641\u064a \u0627\u0644\u0648\u0642\u062a \u0645\u0642\u0627\u0631\u0646\u0629 \u0628\u0623\u0646\u0638\u0645\u0629 \u0627\u0644\u0645\u062c\u0645\u0648\u0639\u0629 \u0627\u0644\u0648\u0627\u062d\u062f\u0629. \u0627\u0644\u062f\u0644\u0648 \u0645\u0632\u0648\u062f <strong data-start=\"715\" data-end=\"735\">\u0628\u0645\u0642\u0628\u0636 \u0642\u0648\u064a<\/strong> \u064a\u0633\u0647\u0644 \u0639\u0645\u0644\u064a\u0629 \u0627\u0644\u0646\u0642\u0644\u060c \u062d\u062a\u0649 \u0639\u0646\u062f \u0627\u0645\u062a\u0644\u0627\u0626\u0647 \u0628\u0627\u0644\u0643\u0627\u0645\u0644. <\/p>\n<p data-start=\"789\" data-end=\"814\">\u0627\u0644\u0637\u0642\u0645 <strong data-start=\"798\" data-end=\"813\">\u064a\u0634\u062a\u0645\u0644 \u0639\u0644\u0649<\/strong>:<\/p>\n<ul data-start=\"815\" data-end=\"1142\">\n<li data-start=\"815\" data-end=\"862\">\n<p data-start=\"817\" data-end=\"862\">\u063a\u0637\u0627\u0621 \u0645\u0646 \u0627\u0644\u0641\u0648\u0644\u0627\u0630 \u0627\u0644\u0645\u0642\u0627\u0648\u0645 \u0644\u0644\u0635\u062f\u0623 \u0645\u0639 \u0648\u0635\u0644\u0627\u062a \u0633\u0631\u064a\u0639\u0629<\/p>\n<\/li>\n<li data-start=\"863\" data-end=\"932\">\n<p data-start=\"865\" data-end=\"932\">\u0646\u0627\u0628\u0636 \u0647\u0648\u0627\u0626\u064a (\u062a\u0631\u062f\u062f 50\/50 \u0644\u0644\u0623\u063a\u0646\u0627\u0645 \u0623\u0648 60\/40 \u0644\u0644\u0645\u0627\u0639\u0632)<\/p>\n<\/li>\n<li data-start=\"933\" data-end=\"981\">\n<p data-start=\"935\" data-end=\"981\">\u0645\u062c\u0645\u0651\u0639\u0627\u0646 \u0645\u0639 \u0635\u0645\u0627\u0645 \u0641\u062a\u062d \u0648\u0625\u063a\u0644\u0627\u0642<\/p>\n<\/li>\n<li data-start=\"982\" data-end=\"1044\">\n<p data-start=\"984\" data-end=\"1044\">\u0623\u0646\u0627\u0628\u064a\u0628 \u062d\u0644\u0628 \u0645\u0646 \u0645\u0627\u062f\u0629 \u0645\u062a\u064a\u0646\u0629 \u0645\u0639 \u0635\u0645\u0627\u0645\u0627\u062a \u0646\u0635\u0641 \u0623\u0648\u062a\u0648\u0645\u0627\u062a\u064a\u0643\u064a\u0629<\/p>\n<\/li>\n<li data-start=\"1045\" data-end=\"1069\">\n<p data-start=\"1047\" data-end=\"1069\">\u062d\u0644\u0645\u0627\u062a \u0645\u0646 \u0627\u0644\u0633\u064a\u0644\u064a\u0643\u0648\u0646<\/p>\n<\/li>\n<li data-start=\"1070\" data-end=\"1142\">\n<p data-start=\"1072\" data-end=\"1142\">\u062e\u0631\u0627\u0637\u064a\u0645 \u0645\u0646 <strong data-start=\"1085\" data-end=\"1124\">\u0627\u0644\u0643\u0631\u064a\u0633\u062a\u0627\u0644 \u0627\u0644\u063a\u0630\u0627\u0626\u064a \u0641\u0627\u0626\u0642 \u0627\u0644\u0633\u0645\u0627\u0643\u0629<\/strong> \u0644\u0644\u062d\u0644\u064a\u0628 \u0648\u0627\u0644\u062a\u0641\u0631\u064a\u063a<\/p>\n<\/li>\n<\/ul>\n<blockquote data-start=\"1144\" data-end=\"1238\">\n<p data-start=\"1146\" data-end=\"1238\">\u26a0\ufe0f <strong data-start=\"1149\" data-end=\"1163\">\u062a\u0646\u0628\u064a\u0647<\/strong>: \u064a\u062a\u0637\u0644\u0628 \u0627\u0644\u0646\u0638\u0627\u0645 <strong data-start=\"1189\" data-end=\"1216\">\u0645\u0636\u062e\u0629 \u062a\u0641\u0631\u064a\u063a \u062e\u0627\u0631\u062c\u064a\u0629<\/strong>\u060c \u0648\u0647\u064a \u063a\u064a\u0631 \u0645\u062f\u0631\u062c\u0629 \u0641\u064a \u0627\u0644\u0637\u0642\u0645.<\/p>\n<\/blockquote>\n<p data-start=\"1240\" data-end=\"1463\">\u0645\u062b\u0627\u0644\u064a <strong data-start=\"1251\" data-end=\"1274\">\u0644\u0644\u0645\u0632\u0627\u0631\u0639 \u0627\u0644\u0635\u063a\u064a\u0631\u0629<\/strong>\u060c \u0623\u0648 \u0627\u0644\u062d\u0644\u0628 \u0627\u0644\u0645\u062a\u0646\u0642\u0644\u060c \u0623\u0648 <strong data-start=\"1295\" data-end=\"1341\">\u0627\u0644\u0625\u0646\u062a\u0627\u062c \u0627\u0644\u062d\u0631\u0641\u064a \u0644\u0644\u062d\u0644\u064a\u0628 \u0648\u0645\u0634\u062a\u0642\u0627\u062a\u0647<\/strong> (\u0627\u0644\u0623\u062c\u0628\u0627\u0646\u060c \u0627\u0644\u0632\u0628\u0627\u062f\u064a\u060c \u0625\u0644\u062e).<br data-start=\"1367\" data-end=\"1370\">\u0623\u062f\u0627\u0629 \u0645\u0648\u062b\u0648\u0642\u0629\u060c \u0633\u0647\u0644\u0629 \u0627\u0644\u0627\u0633\u062a\u062e\u062f\u0627\u0645\u060c \u0648\u0645\u062a\u0648\u0627\u0641\u0642\u0629 \u0645\u0639 \u0623\u0646\u0638\u0645\u0629 \u0627\u0644\u062d\u0644\u0628 \u0627\u0644\u0645\u062d\u0645\u0648\u0644\u0629 \u0623\u0648 \u0627\u0644\u062b\u0627\u0628\u062a\u0629.<\/p>\n<hr data-start=\"1282\" data-end=\"1285\">\n<p data-start=\"1287\" data-end=\"1336\">\ud83d\uded2 <strong data-start=\"1290\" data-end=\"1336\">\u0627\u0634\u062a\u0631\u0648\u0647 \u0627\u0644\u0622\u0646 \u0645\u0646 <\/strong><a href=\"https:\/\/fda-shop.it\/shop\/mungitura\/secchio-mungitore-in-acciaio-inox-per-capra-o-pecora\" target=\"_blank\" rel=\"noopener\">\u0645\u062a\u062c\u0631\u0646\u0627 \u0627\u0644\u0625\u0644\u0643\u062a\u0631\u0648\u0646\u064a<\/a><\/p>\n","protected":false},"excerpt":{"rendered":"<p>\u062f\u0644\u0648 \u062d\u0644\u0628 \u0645\u0646 \u0627\u0644\u0641\u0648\u0644\u0627\u0630 \u0627\u0644\u0645\u0642\u0627\u0648\u0645 \u0644\u0644\u0635\u062f\u0623 \u0633\u0639\u0629 30 \u0644\u062a\u0631\u064b\u0627 \u0644\u0623\u063a\u0646\u0627\u0645 \u0648\u0645\u0627\u0639\u0632 \u0627\u0644\u062d\u0644\u064a\u0628\u060c \u0643\u0627\u0645\u0644 \u0645\u0639 \u0627\u0644\u0645\u0644\u062d\u0642\u0627\u062a.<\/p>\n","protected":false},"featured_media":476,"comment_status":"open","ping_status":"closed","template":"","meta":{"_et_pb_use_builder":"","_et_pb_old_content":"","_et_gb_content_width":""},"product_brand":[],"product_cat":[492],"product_tag":[746],"class_list":{"0":"post-3016","1":"product","2":"type-product","3":"status-publish","4":"has-post-thumbnail","6":"product_cat-492","7":"product_tag-facm19300","9":"first","10":"instock","11":"shipping-taxable","12":"product-type-simple"},"yoast_head":"<!-- This site is optimized with the Yoast SEO Premium plugin v27.5 (Yoast SEO v27.5) - https:\/\/yoast.com\/product\/yoast-seo-premium-wordpress\/ -->\n<title>\u062f\u0644\u0648 \u062d\u0644\u0628 \u0645\u0646 \u0627\u0644\u0641\u0648\u0644\u0627\u0630 \u0627\u0644\u0645\u0642\u0627\u0648\u0645 \u0644\u0644\u0635\u062f\u0623 \u0644\u0644\u0623\u063a\u0646\u0627\u0645 \u0648\u0627\u0644\u0645\u0627\u0639\u0632 \u0633\u0639\u0629 30 \u0644\u062a\u0631\u064b\u0627 - FDA srl<\/title>\n<meta name=\"description\" content=\"\u0627\u0643\u062a\u0634\u0641\u0648\u0627 \u062f\u0644\u0648 \u0627\u0644\u062d\u0644\u0628 \u0627\u0644\u0645\u0635\u0646\u0648\u0639 \u0645\u0646 \u0627\u0644\u0641\u0648\u0644\u0627\u0630 \u0627\u0644\u0645\u0642\u0627\u0648\u0645 \u0644\u0644\u0635\u062f\u0623 \u0644\u0644\u0623\u063a\u0646\u0627\u0645 \u0648\u0627\u0644\u0645\u0627\u0639\u0632\u060c \u0627\u0644\u0645\u0635\u0645\u0645 \u0644\u0639\u0645\u0644\u064a\u0629 \u062d\u0644\u0628 \u0627\u062d\u062a\u0631\u0627\u0641\u064a\u0629 \u0648\u0635\u062d\u064a\u0629. \u0644\u0627 \u062a\u0641\u0648\u062a\u0648\u0627 \u0627\u0644\u0641\u0631\u0635\u0629\u060c \u0627\u0634\u062a\u0631\u0648\u0647 \u0627\u0644\u0622\u0646!\" \/>\n<meta name=\"robots\" content=\"index, follow, max-snippet:-1, max-image-preview:large, max-video-preview:-1\" \/>\n<link rel=\"canonical\" href=\"https:\/\/fdasrl.it\/ar\/prodotto\/%d9%88%d8%b9%d8%a7%d8%a1-%d8%ad%d9%84%d8%a8-%d9%88%d9%86%d9%82%d9%84-%d8%a7%d9%84%d8%ad%d9%84%d9%8a%d8%a8-%d9%84%d9%84%d9%85%d8%a7%d8%b9%d8%b2-%d9%88%d8%a7%d9%84%d8%a3%d8%ba%d9%86%d8%a7%d9%85\/\" \/>\n<meta property=\"og:locale\" content=\"ar_AR\" \/>\n<meta property=\"og:type\" content=\"article\" \/>\n<meta property=\"og:title\" content=\"\u0648\u0639\u0627\u0621 \u062d\u0644\u0628 \u0648\u0646\u0642\u0644 \u0627\u0644\u062d\u0644\u064a\u0628 \u0644\u0644\u0645\u0627\u0639\u0632 \u0648\u0627\u0644\u0623\u063a\u0646\u0627\u0645\" \/>\n<meta property=\"og:description\" content=\"\u0627\u0643\u062a\u0634\u0641\u0648\u0627 \u062f\u0644\u0648 \u0627\u0644\u062d\u0644\u0628 \u0627\u0644\u0645\u0635\u0646\u0648\u0639 \u0645\u0646 \u0627\u0644\u0641\u0648\u0644\u0627\u0630 \u0627\u0644\u0645\u0642\u0627\u0648\u0645 \u0644\u0644\u0635\u062f\u0623 \u0644\u0644\u0623\u063a\u0646\u0627\u0645 \u0648\u0627\u0644\u0645\u0627\u0639\u0632\u060c \u0627\u0644\u0645\u0635\u0645\u0645 \u0644\u0639\u0645\u0644\u064a\u0629 \u062d\u0644\u0628 \u0627\u062d\u062a\u0631\u0627\u0641\u064a\u0629 \u0648\u0635\u062d\u064a\u0629. \u0644\u0627 \u062a\u0641\u0648\u062a\u0648\u0627 \u0627\u0644\u0641\u0631\u0635\u0629\u060c \u0627\u0634\u062a\u0631\u0648\u0647 \u0627\u0644\u0622\u0646!\" \/>\n<meta property=\"og:url\" content=\"https:\/\/fdasrl.it\/ar\/prodotto\/%d9%88%d8%b9%d8%a7%d8%a1-%d8%ad%d9%84%d8%a8-%d9%88%d9%86%d9%82%d9%84-%d8%a7%d9%84%d8%ad%d9%84%d9%8a%d8%a8-%d9%84%d9%84%d9%85%d8%a7%d8%b9%d8%b2-%d9%88%d8%a7%d9%84%d8%a3%d8%ba%d9%86%d8%a7%d9%85\/\" \/>\n<meta property=\"og:site_name\" content=\"FDA srl\" \/>\n<meta property=\"article:publisher\" content=\"https:\/\/www.facebook.com\/share\/1MWhFWg1Tp\/?mibextid=LQQJ4d\" \/>\n<meta property=\"og:image\" content=\"https:\/\/fdasrl.it\/wp-content\/uploads\/2025\/01\/FACM19300.jpg\" \/>\n\t<meta property=\"og:image:width\" content=\"600\" \/>\n\t<meta property=\"og:image:height\" content=\"800\" \/>\n\t<meta property=\"og:image:type\" content=\"image\/jpeg\" \/>\n<meta name=\"twitter:card\" content=\"summary_large_image\" \/>\n<meta name=\"twitter:label1\" content=\"\u0627\u0644\u0633\u0639\u0631\" \/>\n\t<meta name=\"twitter:data1\" content=\"\" \/>\n\t<meta name=\"twitter:label2\" content=\"\u0627\u0644\u062a\u0648\u0641\u0631\" \/>\n\t<meta name=\"twitter:data2\" content=\"\u0645\u062a\u0648\u0641\u0631 \u0641\u064a \u0627\u0644\u0645\u062e\u0632\u0648\u0646\" \/>\n<meta property=\"product:price:currency\" content=\"EUR\" \/>\n<meta property=\"og:availability\" content=\"instock\" \/>\n<meta property=\"product:availability\" content=\"instock\" \/>\n<meta property=\"product:retailer_item_id\" content=\"FACM19300\" \/>\n<meta property=\"product:condition\" content=\"new\" \/>\n<!-- \/ Yoast SEO Premium plugin. -->","yoast_head_json":{"title":"\u062f\u0644\u0648 \u062d\u0644\u0628 \u0645\u0646 \u0627\u0644\u0641\u0648\u0644\u0627\u0630 \u0627\u0644\u0645\u0642\u0627\u0648\u0645 \u0644\u0644\u0635\u062f\u0623 \u0644\u0644\u0623\u063a\u0646\u0627\u0645 \u0648\u0627\u0644\u0645\u0627\u0639\u0632 \u0633\u0639\u0629 30 \u0644\u062a\u0631\u064b\u0627 - FDA srl","description":"\u0627\u0643\u062a\u0634\u0641\u0648\u0627 \u062f\u0644\u0648 \u0627\u0644\u062d\u0644\u0628 \u0627\u0644\u0645\u0635\u0646\u0648\u0639 \u0645\u0646 \u0627\u0644\u0641\u0648\u0644\u0627\u0630 \u0627\u0644\u0645\u0642\u0627\u0648\u0645 \u0644\u0644\u0635\u062f\u0623 \u0644\u0644\u0623\u063a\u0646\u0627\u0645 \u0648\u0627\u0644\u0645\u0627\u0639\u0632\u060c \u0627\u0644\u0645\u0635\u0645\u0645 \u0644\u0639\u0645\u0644\u064a\u0629 \u062d\u0644\u0628 \u0627\u062d\u062a\u0631\u0627\u0641\u064a\u0629 \u0648\u0635\u062d\u064a\u0629. \u0644\u0627 \u062a\u0641\u0648\u062a\u0648\u0627 \u0627\u0644\u0641\u0631\u0635\u0629\u060c \u0627\u0634\u062a\u0631\u0648\u0647 \u0627\u0644\u0622\u0646!","robots":{"index":"index","follow":"follow","max-snippet":"max-snippet:-1","max-image-preview":"max-image-preview:large","max-video-preview":"max-video-preview:-1"},"canonical":"https:\/\/fdasrl.it\/ar\/prodotto\/%d9%88%d8%b9%d8%a7%d8%a1-%d8%ad%d9%84%d8%a8-%d9%88%d9%86%d9%82%d9%84-%d8%a7%d9%84%d8%ad%d9%84%d9%8a%d8%a8-%d9%84%d9%84%d9%85%d8%a7%d8%b9%d8%b2-%d9%88%d8%a7%d9%84%d8%a3%d8%ba%d9%86%d8%a7%d9%85\/","og_locale":"ar_AR","og_type":"article","og_title":"\u0648\u0639\u0627\u0621 \u062d\u0644\u0628 \u0648\u0646\u0642\u0644 \u0627\u0644\u062d\u0644\u064a\u0628 \u0644\u0644\u0645\u0627\u0639\u0632 \u0648\u0627\u0644\u0623\u063a\u0646\u0627\u0645","og_description":"\u0627\u0643\u062a\u0634\u0641\u0648\u0627 \u062f\u0644\u0648 \u0627\u0644\u062d\u0644\u0628 \u0627\u0644\u0645\u0635\u0646\u0648\u0639 \u0645\u0646 \u0627\u0644\u0641\u0648\u0644\u0627\u0630 \u0627\u0644\u0645\u0642\u0627\u0648\u0645 \u0644\u0644\u0635\u062f\u0623 \u0644\u0644\u0623\u063a\u0646\u0627\u0645 \u0648\u0627\u0644\u0645\u0627\u0639\u0632\u060c \u0627\u0644\u0645\u0635\u0645\u0645 \u0644\u0639\u0645\u0644\u064a\u0629 \u062d\u0644\u0628 \u0627\u062d\u062a\u0631\u0627\u0641\u064a\u0629 \u0648\u0635\u062d\u064a\u0629. \u0644\u0627 \u062a\u0641\u0648\u062a\u0648\u0627 \u0627\u0644\u0641\u0631\u0635\u0629\u060c \u0627\u0634\u062a\u0631\u0648\u0647 \u0627\u0644\u0622\u0646!","og_url":"https:\/\/fdasrl.it\/ar\/prodotto\/%d9%88%d8%b9%d8%a7%d8%a1-%d8%ad%d9%84%d8%a8-%d9%88%d9%86%d9%82%d9%84-%d8%a7%d9%84%d8%ad%d9%84%d9%8a%d8%a8-%d9%84%d9%84%d9%85%d8%a7%d8%b9%d8%b2-%d9%88%d8%a7%d9%84%d8%a3%d8%ba%d9%86%d8%a7%d9%85\/","og_site_name":"FDA srl","article_publisher":"https:\/\/www.facebook.com\/share\/1MWhFWg1Tp\/?mibextid=LQQJ4d","og_image":[{"width":600,"height":800,"url":"https:\/\/fdasrl.it\/wp-content\/uploads\/2025\/01\/FACM19300.jpg","type":"image\/jpeg"}],"twitter_card":"summary_large_image","twitter_misc":{"\u0627\u0644\u0633\u0639\u0631":"","\u0627\u0644\u062a\u0648\u0641\u0631":"\u0645\u062a\u0648\u0641\u0631 \u0641\u064a \u0627\u0644\u0645\u062e\u0632\u0648\u0646"},"schema":{"@context":"https:\/\/schema.org","@graph":[{"@type":"WebPage","@id":"https:\/\/fdasrl.it\/ar\/prodotto\/%d9%88%d8%b9%d8%a7%d8%a1-%d8%ad%d9%84%d8%a8-%d9%88%d9%86%d9%82%d9%84-%d8%a7%d9%84%d8%ad%d9%84%d9%8a%d8%a8-%d9%84%d9%84%d9%85%d8%a7%d8%b9%d8%b2-%d9%88%d8%a7%d9%84%d8%a3%d8%ba%d9%86%d8%a7%d9%85\/","url":"https:\/\/fdasrl.it\/ar\/prodotto\/%d9%88%d8%b9%d8%a7%d8%a1-%d8%ad%d9%84%d8%a8-%d9%88%d9%86%d9%82%d9%84-%d8%a7%d9%84%d8%ad%d9%84%d9%8a%d8%a8-%d9%84%d9%84%d9%85%d8%a7%d8%b9%d8%b2-%d9%88%d8%a7%d9%84%d8%a3%d8%ba%d9%86%d8%a7%d9%85\/","name":"\u062f\u0644\u0648 \u062d\u0644\u0628 \u0645\u0646 \u0627\u0644\u0641\u0648\u0644\u0627\u0630 \u0627\u0644\u0645\u0642\u0627\u0648\u0645 \u0644\u0644\u0635\u062f\u0623 \u0644\u0644\u0623\u063a\u0646\u0627\u0645 \u0648\u0627\u0644\u0645\u0627\u0639\u0632 \u0633\u0639\u0629 30 \u0644\u062a\u0631\u064b\u0627 - FDA srl","isPartOf":{"@id":"https:\/\/fdasrl.it\/ar\/#website"},"primaryImageOfPage":{"@id":"https:\/\/fdasrl.it\/ar\/prodotto\/%d9%88%d8%b9%d8%a7%d8%a1-%d8%ad%d9%84%d8%a8-%d9%88%d9%86%d9%82%d9%84-%d8%a7%d9%84%d8%ad%d9%84%d9%8a%d8%a8-%d9%84%d9%84%d9%85%d8%a7%d8%b9%d8%b2-%d9%88%d8%a7%d9%84%d8%a3%d8%ba%d9%86%d8%a7%d9%85\/#primaryimage"},"image":{"@id":"https:\/\/fdasrl.it\/ar\/prodotto\/%d9%88%d8%b9%d8%a7%d8%a1-%d8%ad%d9%84%d8%a8-%d9%88%d9%86%d9%82%d9%84-%d8%a7%d9%84%d8%ad%d9%84%d9%8a%d8%a8-%d9%84%d9%84%d9%85%d8%a7%d8%b9%d8%b2-%d9%88%d8%a7%d9%84%d8%a3%d8%ba%d9%86%d8%a7%d9%85\/#primaryimage"},"thumbnailUrl":"https:\/\/fdasrl.it\/wp-content\/uploads\/2025\/01\/FACM19300.jpg","datePublished":"2025-01-21T12:15:41+00:00","description":"\u0627\u0643\u062a\u0634\u0641\u0648\u0627 \u062f\u0644\u0648 \u0627\u0644\u062d\u0644\u0628 \u0627\u0644\u0645\u0635\u0646\u0648\u0639 \u0645\u0646 \u0627\u0644\u0641\u0648\u0644\u0627\u0630 \u0627\u0644\u0645\u0642\u0627\u0648\u0645 \u0644\u0644\u0635\u062f\u0623 \u0644\u0644\u0623\u063a\u0646\u0627\u0645 \u0648\u0627\u0644\u0645\u0627\u0639\u0632\u060c \u0627\u0644\u0645\u0635\u0645\u0645 \u0644\u0639\u0645\u0644\u064a\u0629 \u062d\u0644\u0628 \u0627\u062d\u062a\u0631\u0627\u0641\u064a\u0629 \u0648\u0635\u062d\u064a\u0629. \u0644\u0627 \u062a\u0641\u0648\u062a\u0648\u0627 \u0627\u0644\u0641\u0631\u0635\u0629\u060c \u0627\u0634\u062a\u0631\u0648\u0647 \u0627\u0644\u0622\u0646!","breadcrumb":{"@id":"https:\/\/fdasrl.it\/ar\/prodotto\/%d9%88%d8%b9%d8%a7%d8%a1-%d8%ad%d9%84%d8%a8-%d9%88%d9%86%d9%82%d9%84-%d8%a7%d9%84%d8%ad%d9%84%d9%8a%d8%a8-%d9%84%d9%84%d9%85%d8%a7%d8%b9%d8%b2-%d9%88%d8%a7%d9%84%d8%a3%d8%ba%d9%86%d8%a7%d9%85\/#breadcrumb"},"inLanguage":"ar","potentialAction":[{"@type":"ReadAction","target":["https:\/\/fdasrl.it\/ar\/prodotto\/%d9%88%d8%b9%d8%a7%d8%a1-%d8%ad%d9%84%d8%a8-%d9%88%d9%86%d9%82%d9%84-%d8%a7%d9%84%d8%ad%d9%84%d9%8a%d8%a8-%d9%84%d9%84%d9%85%d8%a7%d8%b9%d8%b2-%d9%88%d8%a7%d9%84%d8%a3%d8%ba%d9%86%d8%a7%d9%85\/"]}]},{"@type":"ImageObject","inLanguage":"ar","@id":"https:\/\/fdasrl.it\/ar\/prodotto\/%d9%88%d8%b9%d8%a7%d8%a1-%d8%ad%d9%84%d8%a8-%d9%88%d9%86%d9%82%d9%84-%d8%a7%d9%84%d8%ad%d9%84%d9%8a%d8%a8-%d9%84%d9%84%d9%85%d8%a7%d8%b9%d8%b2-%d9%88%d8%a7%d9%84%d8%a3%d8%ba%d9%86%d8%a7%d9%85\/#primaryimage","url":"https:\/\/fdasrl.it\/wp-content\/uploads\/2025\/01\/FACM19300.jpg","contentUrl":"https:\/\/fdasrl.it\/wp-content\/uploads\/2025\/01\/FACM19300.jpg","width":600,"height":800},{"@type":"BreadcrumbList","@id":"https:\/\/fdasrl.it\/ar\/prodotto\/%d9%88%d8%b9%d8%a7%d8%a1-%d8%ad%d9%84%d8%a8-%d9%88%d9%86%d9%82%d9%84-%d8%a7%d9%84%d8%ad%d9%84%d9%8a%d8%a8-%d9%84%d9%84%d9%85%d8%a7%d8%b9%d8%b2-%d9%88%d8%a7%d9%84%d8%a3%d8%ba%d9%86%d8%a7%d9%85\/#breadcrumb","itemListElement":[{"@type":"ListItem","position":1,"name":"Home","item":"https:\/\/fdasrl.it\/ar\/%d8%a7%d9%84%d8%b1%d8%a6%d9%8a%d8%b3%d9%8a%d8%a9\/"},{"@type":"ListItem","position":2,"name":"\u0627\u0644\u0645\u062a\u062c\u0631","item":"https:\/\/fdasrl.it\/ar\/%d8%a7%d9%84%d9%85%d8%aa%d8%ac%d8%b1\/"},{"@type":"ListItem","position":3,"name":"\u0648\u0639\u0627\u0621 \u062d\u0644\u0628 \u0648\u0646\u0642\u0644 \u0627\u0644\u062d\u0644\u064a\u0628 \u0644\u0644\u0645\u0627\u0639\u0632 \u0648\u0627\u0644\u0623\u063a\u0646\u0627\u0645"}]},{"@type":"WebSite","@id":"https:\/\/fdasrl.it\/ar\/#website","url":"https:\/\/fdasrl.it\/ar\/","name":"FDA srl","description":"Equipment for animal husbandry","publisher":{"@id":"https:\/\/fdasrl.it\/ar\/#organization"},"potentialAction":[{"@type":"SearchAction","target":{"@type":"EntryPoint","urlTemplate":"https:\/\/fdasrl.it\/ar\/?s={search_term_string}"},"query-input":{"@type":"PropertyValueSpecification","valueRequired":true,"valueName":"search_term_string"}}],"inLanguage":"ar"},{"@type":"Organization","@id":"https:\/\/fdasrl.it\/ar\/#organization","name":"FDA srl","url":"https:\/\/fdasrl.it\/ar\/","logo":{"@type":"ImageObject","inLanguage":"ar","@id":"https:\/\/fdasrl.it\/ar\/#\/schema\/logo\/image\/","url":"https:\/\/fdasrl.it\/wp-content\/uploads\/2024\/12\/Logo-FDA.png","contentUrl":"https:\/\/fdasrl.it\/wp-content\/uploads\/2024\/12\/Logo-FDA.png","width":316,"height":119,"caption":"FDA srl"},"image":{"@id":"https:\/\/fdasrl.it\/ar\/#\/schema\/logo\/image\/"},"sameAs":["https:\/\/www.facebook.com\/share\/1MWhFWg1Tp\/?mibextid=LQQJ4d","https:\/\/www.instagram.com\/fda_srl\/profilecard\/?igsh=YW5lbzJ6MWg0d21u","https:\/\/www.youtube.com\/@FDASRL_ANIMALCARE"],"description":"FDA SRL \u2013 Equipment for animal husbandry nasce con l\u2019obiettivo di offrire soluzioni affidabili e innovative per l\u2019allevamento moderno. Con anni di esperienza nel settore zootecnico, progettiamo e realizziamo attrezzature destinate al benessere animale e alla gestione efficiente delle stalle: vasche, abbeveratoi, mangiatoie e sistemi di riscaldamento pensati per durare nel tempo e semplificare il lavoro quotidiano degli allevatori. Dalla progettazione alla produzione, ogni nostro prodotto \u00e8 studiato nei minimi dettagli, testato con cura e costruito per rispondere alle esigenze reali del settore. La nostra forza \u00e8 unire artigianalit\u00e0, tecnologia e competenza tecnica per trasformare ogni progetto in una soluzione concreta e funzionale. Oggi FDA SRL \u00e8 un punto di riferimento per privati e rivenditori che cercano qualit\u00e0, affidabilit\u00e0 e innovazione nelle attrezzature per l\u2019allevamento.","email":"info@fdasrl.it","telephone":"+390522826820","legalName":"F.D.A. SRL","foundingDate":"2024-10-13","vatID":"03075840359","taxID":"03075840359","numberOfEmployees":{"@type":"QuantitativeValue","minValue":"1","maxValue":"10"}}]},"product_price_currency":"EUR","og_availability":"instock","product_availability":"instock","product_retailer_item_id":"FACM19300","product_condition":"new"},"_links":{"self":[{"href":"https:\/\/fdasrl.it\/ar\/wp-json\/wp\/v2\/product\/3016","targetHints":{"allow":["GET"]}}],"collection":[{"href":"https:\/\/fdasrl.it\/ar\/wp-json\/wp\/v2\/product"}],"about":[{"href":"https:\/\/fdasrl.it\/ar\/wp-json\/wp\/v2\/types\/product"}],"replies":[{"embeddable":true,"href":"https:\/\/fdasrl.it\/ar\/wp-json\/wp\/v2\/comments?post=3016"}],"wp:featuredmedia":[{"embeddable":true,"href":"https:\/\/fdasrl.it\/ar\/wp-json\/wp\/v2\/media\/476"}],"wp:attachment":[{"href":"https:\/\/fdasrl.it\/ar\/wp-json\/wp\/v2\/media?parent=3016"}],"wp:term":[{"taxonomy":"product_brand","embeddable":true,"href":"https:\/\/fdasrl.it\/ar\/wp-json\/wp\/v2\/product_brand?post=3016"},{"taxonomy":"product_cat","embeddable":true,"href":"https:\/\/fdasrl.it\/ar\/wp-json\/wp\/v2\/product_cat?post=3016"},{"taxonomy":"product_tag","embeddable":true,"href":"https:\/\/fdasrl.it\/ar\/wp-json\/wp\/v2\/product_tag?post=3016"}],"curies":[{"name":"wp","href":"https:\/\/api.w.org\/{rel}","templated":true}]}}