{"id":3050,"date":"2025-07-25T16:56:01","date_gmt":"2025-07-25T14:56:01","guid":{"rendered":"https:\/\/fdasrl.it\/prodotto\/%d8%ad%d8%a7%d9%85%d9%84-%d8%a3%d8%b1%d8%b6%d9%8a-far-23-%d8%b9%d8%a7%d9%84%d9%85%d9%8a-%d9%84%d8%a3%d8%ad%d9%88%d8%a7%d8%b6-%d8%a7%d9%84%d8%b4%d8%b1%d8%a8\/"},"modified":"2025-07-25T16:56:01","modified_gmt":"2025-07-25T14:56:01","slug":"%d8%ad%d8%a7%d9%85%d9%84-%d8%a3%d8%b1%d8%b6%d9%8a-far-23-%d8%b9%d8%a7%d9%84%d9%85%d9%8a-%d9%84%d8%a3%d8%ad%d9%88%d8%a7%d8%b6-%d8%a7%d9%84%d8%b4%d8%b1%d8%a8","status":"publish","type":"product","link":"https:\/\/fdasrl.it\/ar\/prodotto\/%d8%ad%d8%a7%d9%85%d9%84-%d8%a3%d8%b1%d8%b6%d9%8a-far-23-%d8%b9%d8%a7%d9%84%d9%85%d9%8a-%d9%84%d8%a3%d8%ad%d9%88%d8%a7%d8%b6-%d8%a7%d9%84%d8%b4%d8%b1%d8%a8\/","title":{"rendered":"\u062d\u0627\u0645\u0644 \u0623\u0631\u0636\u064a FAR 23 \u0639\u0627\u0644\u0645\u064a \u0644\u0623\u062d\u0648\u0627\u0636 \u0627\u0644\u0634\u0631\u0628"},"content":{"rendered":"<h3 data-start=\"155\" data-end=\"274\">\u2705 \u062d\u0627\u0645\u0644 FAR 23 \u0623\u0631\u0636\u064a \u0644\u0623\u062d\u0648\u0627\u0636 \u0627\u0644\u0634\u0631\u0628 \u2013 \u0641\u0648\u0644\u0627\u0630 \u0645\u062c\u0644\u0641\u0646 \u0628\u0633\u0645\u0643 3 \u0645\u0645 \u0645\u0639 \u0642\u0637\u0639 \u0628\u0627\u0644\u0644\u064a\u0632\u0631 \u0628\u0627\u0644\u0646\u064a\u062a\u0631\u0648\u062c\u064a\u0646<\/h3>\n<p data-start=\"490\" data-end=\"800\"><strong data-start=\"493\" data-end=\"510\">\u062d\u0627\u0645\u0644 FAR 23<\/strong> \u0645\u0646 <strong data-start=\"514\" data-end=\"525\">FDA SRL<\/strong> \u0647\u0648 \u062f\u0639\u0627\u0645\u0629 \u0623\u0631\u0636\u064a\u0629 \u0627\u062d\u062a\u0631\u0627\u0641\u064a\u0629 \u0645\u0635\u0645\u0645\u0629 <strong data-start=\"580\" data-end=\"629\">\u0644\u0644\u062a\u0631\u0643\u064a\u0628 \u0627\u0644\u062b\u0627\u0628\u062a \u0648\u0627\u0644\u0622\u0645\u0646 \u0644\u0623\u062d\u0648\u0627\u0636 \u0627\u0644\u0634\u0631\u0628<\/strong> \u0641\u064a \u0627\u0644\u0633\u064a\u0627\u0642\u0627\u062a \u0627\u0644\u0632\u0631\u0627\u0639\u064a\u0629 \u0648\u062a\u0631\u0628\u064a\u0629 \u0627\u0644\u0645\u0627\u0634\u064a\u0629 \u0648\u0627\u0644\u0633\u0643\u0646\u064a\u0629 \u0648\u062d\u064a\u0648\u0627\u0646\u0627\u062a \u0627\u0644\u062d\u062f\u0627\u0626\u0642 \u0627\u0644\u0623\u0644\u064a\u0641\u0629. \u0625\u0646\u0647 \u0627\u0644\u062d\u0644 \u0627\u0644\u0645\u062b\u0627\u0644\u064a \u0644\u062a\u0648\u0641\u064a\u0631 \u0646\u0642\u0637\u0629 \u0634\u0631\u0628 \u062d\u062a\u0649 \u0641\u064a \u063a\u064a\u0627\u0628 \u0627\u0644\u062c\u062f\u0631\u0627\u0646 \u0623\u0648 \u0627\u0644\u0647\u064a\u0627\u0643\u0644 \u0627\u0644\u0639\u0645\u0648\u062f\u064a\u0629. <\/p>\n<p data-start=\"802\" data-end=\"1105\">\u0645\u0635\u0646\u0648\u0639 \u0645\u0646 <strong data-start=\"816\" data-end=\"855\">\u0641\u0648\u0644\u0627\u0630 \u0645\u062c\u0644\u0641\u0646 \u0628\u0633\u0645\u0643 3 \u0645\u0645<\/strong>\u060c \u064a\u0636\u0645\u0646 \u0645\u062a\u0627\u0646\u0629 \u0647\u064a\u0643\u0644\u064a\u0629 \u0639\u0627\u0644\u064a\u0629 \u0648\u0639\u0645\u0631\u0627\u064b \u0637\u0648\u064a\u0644\u0627\u064b \u0641\u064a \u0627\u0644\u062e\u0627\u0631\u062c. \u064a\u062a\u0645 \u0627\u0644\u0642\u0637\u0639 \u0628\u062a\u0642\u0646\u064a\u0629 <strong data-start=\"967\" data-end=\"985\">\u0627\u0644\u0644\u064a\u0632\u0631 \u0628\u0627\u0644\u0646\u064a\u062a\u0631\u0648\u062c\u064a\u0646<\/strong>\u060c \u0645\u0645\u0627 \u064a\u0632\u064a\u0644 \u062e\u0637\u0631 \u0627\u0644\u0635\u062f\u0623 \u0639\u0644\u0649 \u0627\u0644\u062d\u0648\u0627\u0641 \u0627\u0644\u0645\u0642\u0637\u0648\u0639\u0629\u060c \u0648\u064a\u062d\u0627\u0641\u0638 \u0639\u0644\u0649 \u0633\u0644\u0627\u0645\u0629 \u0627\u0644\u0645\u0627\u062f\u0629 \u062d\u062a\u0649 \u0641\u064a \u0627\u0644\u0638\u0631\u0648\u0641 \u0627\u0644\u0631\u0637\u0628\u0629. <\/p>\n<p data-start=\"1107\" data-end=\"1186\">\u0627\u0644\u062d\u0627\u0645\u0644 \u0645\u062a\u0648\u0627\u0641\u0642 \u0645\u0639 \u0627\u0644\u0645\u0648\u062f\u064a\u0644\u0627\u062a \u0627\u0644\u0631\u0626\u064a\u0633\u064a\u0629 \u0644\u0623\u062d\u0648\u0627\u0636 \u0627\u0644\u0634\u0631\u0628 \u0627\u0644\u0623\u0648\u062a\u0648\u0645\u0627\u062a\u064a\u0643\u064a\u0629 \u0645\u0646 FDA:<\/p>\n<ul data-start=\"1188\" data-end=\"1268\">\n<li data-start=\"1188\" data-end=\"1219\">\n<p data-start=\"1190\" data-end=\"1219\">\u2705 <strong data-start=\"1192\" data-end=\"1204\">FAAGINOX<\/strong> \u2013 \u0641\u0648\u0644\u0627\u0630 \u0645\u0642\u0627\u0648\u0645 \u0644\u0644\u0635\u062f\u0623<\/p>\n<\/li>\n<li data-start=\"1220\" data-end=\"1268\">\n<p data-start=\"1222\" data-end=\"1268\">\u2705 <strong data-start=\"1224\" data-end=\"1241\">FAAG POLIPROP<\/strong> \u2013 \u0628\u0648\u0644\u064a \u0628\u0631\u0648\u0628\u064a\u0644\u064a\u0646 3 \u0645\u0648\u062f\u064a\u0644\u0627\u062a<\/p>\n<\/li>\n<\/ul>\n<p data-start=\"1270\" data-end=\"1416\">\u0627\u0644\u062a\u0631\u0643\u064a\u0628 \u0628\u0633\u064a\u0637 \u0644\u0644\u063a\u0627\u064a\u0629: \u064a\u0643\u0641\u064a <strong data-start=\"1309\" data-end=\"1347\">\u063a\u0631\u0633\u0647 \u0645\u0628\u0627\u0634\u0631\u0629 \u0641\u064a \u0627\u0644\u0623\u0631\u0636<\/strong> \u0648<strong data-start=\"1350\" data-end=\"1398\">\u062a\u062b\u0628\u064a\u062a \u062d\u0648\u0636 \u0627\u0644\u0634\u0631\u0628 \u0628\u0627\u0644\u0645\u0633\u0627\u0645\u064a\u0631 \u0627\u0644\u0645\u0631\u0641\u0642\u0629<\/strong> \u0641\u064a \u0627\u0644\u0639\u0628\u0648\u0629.<\/p>\n<hr data-start=\"1418\" data-end=\"1421\">\n<h3 data-start=\"1423\" data-end=\"1459\">\u2699\ufe0f <strong data-start=\"1430\" data-end=\"1459\">\u0627\u0644\u0645\u0648\u0627\u0635\u0641\u0627\u062a \u0627\u0644\u0641\u0646\u064a\u0629:<\/strong><\/h3>\n<ul data-start=\"1461\" data-end=\"1905\">\n<li data-start=\"1461\" data-end=\"1491\">\n<p data-start=\"1463\" data-end=\"1491\"><strong data-start=\"1463\" data-end=\"1474\">\u0627\u0644\u0645\u0648\u062f\u064a\u0644<\/strong>: \u062d\u0627\u0645\u0644 FAR 23<\/p>\n<\/li>\n<li data-start=\"1492\" data-end=\"1540\">\n<p data-start=\"1494\" data-end=\"1540\"><strong data-start=\"1494\" data-end=\"1507\">\u0627\u0644\u0645\u0627\u062f\u0629<\/strong>: \u0641\u0648\u0644\u0627\u0630 \u0645\u062c\u0644\u0641\u0646 \u0628\u0633\u0645\u0643 3 \u0645\u0645<\/p>\n<\/li>\n<li data-start=\"1541\" data-end=\"1597\">\n<p data-start=\"1543\" data-end=\"1597\"><strong data-start=\"1543\" data-end=\"1553\">\u0627\u0644\u0642\u0637\u0639<\/strong>: \u0644\u064a\u0632\u0631 \u0628\u0627\u0644\u0646\u064a\u062a\u0631\u0648\u062c\u064a\u0646 (\u0645\u0636\u0627\u062f \u0644\u0644\u0635\u062f\u0623 \u0639\u0644\u0649 \u0627\u0644\u062d\u0648\u0627\u0641)<\/p>\n<\/li>\n<li data-start=\"1598\" data-end=\"1664\">\n<p data-start=\"1600\" data-end=\"1664\"><strong data-start=\"1600\" data-end=\"1613\">\u0627\u0644\u062a\u062b\u0628\u064a\u062a<\/strong>: \u0623\u0631\u0636\u064a \u2013 \u0644\u0644\u063a\u0631\u0633 \u0645\u0628\u0627\u0634\u0631\u0629 \u0641\u064a \u0627\u0644\u0623\u0631\u0636<\/p>\n<\/li>\n<li data-start=\"1665\" data-end=\"1719\">\n<p data-start=\"1667\" data-end=\"1719\"><strong data-start=\"1667\" data-end=\"1681\">\u0627\u0644\u0645\u0633\u0627\u0645\u064a\u0631<\/strong>: \u0645\u0631\u0641\u0642\u0629 \u0644\u062a\u062b\u0628\u064a\u062a \u062d\u0648\u0636 \u0627\u0644\u0634\u0631\u0628<\/p>\n<\/li>\n<li data-start=\"1720\" data-end=\"1796\">\n<p data-start=\"1722\" data-end=\"1796\"><strong data-start=\"1722\" data-end=\"1739\">\u0627\u0644\u062a\u0648\u0627\u0641\u0642<\/strong>: FAAGINOX\u060c FAAG POLIPROP\u060c \u0648\u0623\u062d\u0648\u0627\u0636 \u0627\u0644\u0634\u0631\u0628 \u0627\u0644\u0642\u064a\u0627\u0633\u064a\u0629 \u0627\u0644\u0623\u062e\u0631\u0649<\/p>\n<\/li>\n<li data-start=\"1797\" data-end=\"1862\">\n<p data-start=\"1799\" data-end=\"1862\"><strong data-start=\"1799\" data-end=\"1811\">\u0627\u0644\u0627\u0633\u062a\u062e\u062f\u0627\u0645<\/strong>: \u062d\u0638\u0627\u0626\u0631\u060c \u0623\u0633\u0648\u0627\u0631\u060c \u0625\u0633\u0637\u0628\u0644\u0627\u062a\u060c \u0645\u0632\u0627\u0631\u0639\u060c \u062d\u062f\u0627\u0626\u0642<\/p>\n<\/li>\n<li data-start=\"1863\" data-end=\"1905\">\n<p data-start=\"1865\" data-end=\"1905\"><strong data-start=\"1865\" data-end=\"1880\">\u0645\u0646 \u0625\u0646\u062a\u0627\u062c<\/strong>: FDA SRL \u2013 \u0635\u0646\u0639 \u0641\u064a \u0625\u064a\u0637\u0627\u0644\u064a\u0627<\/p>\n<\/li>\n<\/ul>\n<p>&nbsp;<\/p>\n<p>\u0627\u062a\u0635\u0644 \u0628\u0646\u0627 \u0644\u0644\u062d\u0635\u0648\u0644 \u0639\u0644\u0649 \u0639\u0631\u0636 \u0623\u0633\u0639\u0627\u0631 \u0645\u062e\u0635\u0635 \u0644\u0644\u0645\u0648\u0632\u0639\u064a\u0646: info@fdasrl.it<\/p>\n<p>\u0627\u0634\u062a\u0631\u0647 \u0645\u0646 \u0645\u062a\u062c\u0631\u0646\u0627 \u0627\u0644\u0625\u0644\u0643\u062a\u0631\u0648\u0646\u064a<\/p>\n","protected":false},"excerpt":{"rendered":"<p>\u062d\u0627\u0645\u0644 \u0623\u0631\u0636\u064a FAR 23 \u0645\u0646 \u0627\u0644\u0641\u0648\u0644\u0627\u0630 \u0627\u0644\u0645\u062c\u0644\u0641\u0646 3 \u0645\u0645\u060c \u0645\u0642\u0637\u0648\u0639 \u0628\u0627\u0644\u0646\u064a\u062a\u0631\u0648\u062c\u064a\u0646. \u0644\u0623\u062d\u0648\u0627\u0636 \u0627\u0644\u0634\u0631\u0628 FAAGINOX \u0648 POLIPROP. \u0642\u0648\u064a\u060c \u0645\u0636\u0627\u062f \u0644\u0644\u0635\u062f\u0623\u060c \u0645\u0639 \u0645\u0633\u0627\u0645\u064a\u0631 \u0645\u0631\u0641\u0642\u0629.  <\/p>\n<p>\u062a\u0646\u0632\u064a\u0644 \u0628\u0637\u0627\u0642\u0629 KIT INOX: <a href=\"https:\/\/fdasrl.it\/wp-content\/uploads\/2025\/07\/FAR23-instructions-with-FAAGINOX-final-version_compressed.pdf\">FAR23 instructions with FAAGINOX final version_compressed<\/a><\/p>\n<p>\u062a\u0646\u0632\u064a\u0644 \u0628\u0637\u0627\u0642\u0629 KIT INOX: <a href=\"https:\/\/fdasrl.it\/wp-content\/uploads\/2025\/07\/FAR23-instructions-with-FAAGPOLIPROP-final-version_compressed.pdf\">FAR23 instructions with FAAGPOLIPROP final version_compressed<\/a><\/p>\n","protected":false},"featured_media":898,"comment_status":"open","ping_status":"closed","template":"","meta":{"_et_pb_use_builder":"","_et_pb_old_content":"","_et_gb_content_width":""},"product_brand":[],"product_cat":[398,387,626,640,556,567],"product_tag":[761,760],"class_list":{"0":"post-3050","1":"product","2":"type-product","3":"status-publish","4":"has-post-thumbnail","6":"product_cat-398","7":"product_cat-387","8":"product_cat-626","9":"product_cat-640","10":"product_cat-556","11":"product_cat-567","12":"product_tag-far-23","13":"product_tag-far23","15":"first","16":"instock","17":"shipping-taxable","18":"product-type-simple"},"yoast_head":"<!-- This site is optimized with the Yoast SEO Premium plugin v27.5 (Yoast SEO v27.5) - https:\/\/yoast.com\/product\/yoast-seo-premium-wordpress\/ -->\n<title>\u062d\u0627\u0645\u0644 \u0623\u0631\u0636\u064a \u0645\u062c\u0644\u0641\u0646 \u0644\u0623\u062d\u0648\u0627\u0636 \u0627\u0644\u0634\u0631\u0628: \u0642\u0648\u064a \u0648\u0645\u062a\u064a\u0646<\/title>\n<meta name=\"description\" content=\"\u062a\u0631\u0643\u064a\u0628 \u0633\u0631\u064a\u0639 \u0648\u062a\u0635\u0645\u064a\u0645 \u0645\u0642\u0627\u0648\u0645: \u0627\u0644\u062d\u0627\u0645\u0644 \u0627\u0644\u0623\u0631\u0636\u064a \u0627\u0644\u0645\u062c\u0644\u0641\u0646 \u0644\u0623\u062d\u0648\u0627\u0636 \u0627\u0644\u0634\u0631\u0628 \u0627\u0644\u0639\u0627\u0644\u0645\u064a\u0629 \u0645\u0646 \u0627\u0644\u0641\u0648\u0644\u0627\u0630 \u0627\u0644\u0645\u062c\u0644\u0641\u0646 \u0647\u0648 \u0645\u0627 \u062a\u062d\u062a\u0627\u062c\u0647! \u0627\u0633\u062a\u0641\u062f \u0645\u0646\u0647 \u0627\u0644\u0622\u0646!\" \/>\n<meta name=\"robots\" content=\"index, follow, max-snippet:-1, max-image-preview:large, max-video-preview:-1\" \/>\n<link rel=\"canonical\" href=\"https:\/\/fdasrl.it\/ar\/prodotto\/%d8%ad%d8%a7%d9%85%d9%84-%d8%a3%d8%b1%d8%b6%d9%8a-far-23-%d8%b9%d8%a7%d9%84%d9%85%d9%8a-%d9%84%d8%a3%d8%ad%d9%88%d8%a7%d8%b6-%d8%a7%d9%84%d8%b4%d8%b1%d8%a8\/\" \/>\n<meta property=\"og:locale\" content=\"ar_AR\" \/>\n<meta property=\"og:type\" content=\"article\" \/>\n<meta property=\"og:title\" content=\"\u062d\u0627\u0645\u0644 \u0623\u0631\u0636\u064a FAR 23 \u0639\u0627\u0644\u0645\u064a \u0644\u0623\u062d\u0648\u0627\u0636 \u0627\u0644\u0634\u0631\u0628\" \/>\n<meta property=\"og:description\" content=\"\u062a\u0631\u0643\u064a\u0628 \u0633\u0631\u064a\u0639 \u0648\u062a\u0635\u0645\u064a\u0645 \u0645\u0642\u0627\u0648\u0645: \u0627\u0644\u062d\u0627\u0645\u0644 \u0627\u0644\u0623\u0631\u0636\u064a \u0627\u0644\u0645\u062c\u0644\u0641\u0646 \u0644\u0623\u062d\u0648\u0627\u0636 \u0627\u0644\u0634\u0631\u0628 \u0627\u0644\u0639\u0627\u0644\u0645\u064a\u0629 \u0645\u0646 \u0627\u0644\u0641\u0648\u0644\u0627\u0630 \u0627\u0644\u0645\u062c\u0644\u0641\u0646 \u0647\u0648 \u0645\u0627 \u062a\u062d\u062a\u0627\u062c\u0647! \u0627\u0633\u062a\u0641\u062f \u0645\u0646\u0647 \u0627\u0644\u0622\u0646!\" \/>\n<meta property=\"og:url\" content=\"https:\/\/fdasrl.it\/ar\/prodotto\/%d8%ad%d8%a7%d9%85%d9%84-%d8%a3%d8%b1%d8%b6%d9%8a-far-23-%d8%b9%d8%a7%d9%84%d9%85%d9%8a-%d9%84%d8%a3%d8%ad%d9%88%d8%a7%d8%b6-%d8%a7%d9%84%d8%b4%d8%b1%d8%a8\/\" \/>\n<meta property=\"og:site_name\" content=\"FDA srl\" \/>\n<meta property=\"article:publisher\" content=\"https:\/\/www.facebook.com\/share\/1MWhFWg1Tp\/?mibextid=LQQJ4d\" \/>\n<meta property=\"og:image\" content=\"https:\/\/fdasrl.it\/wp-content\/uploads\/2025\/07\/staffa-terra-abbeveratoi-far23-1.webp\" \/>\n\t<meta property=\"og:image:width\" content=\"1000\" \/>\n\t<meta property=\"og:image:height\" content=\"2000\" \/>\n\t<meta property=\"og:image:type\" content=\"image\/webp\" \/>\n<meta name=\"twitter:card\" content=\"summary_large_image\" \/>\n<meta name=\"twitter:label1\" content=\"\u0627\u0644\u0633\u0639\u0631\" \/>\n\t<meta name=\"twitter:data1\" content=\"\" \/>\n\t<meta name=\"twitter:label2\" content=\"\u0627\u0644\u062a\u0648\u0641\u0631\" \/>\n\t<meta name=\"twitter:data2\" content=\"\u0645\u062a\u0648\u0641\u0631 \u0641\u064a \u0627\u0644\u0645\u062e\u0632\u0648\u0646\" \/>\n<meta property=\"product:price:currency\" content=\"EUR\" \/>\n<meta property=\"og:availability\" content=\"instock\" \/>\n<meta property=\"product:availability\" content=\"instock\" \/>\n<meta property=\"product:retailer_item_id\" content=\"FAR23\" \/>\n<meta property=\"product:condition\" content=\"new\" \/>\n<!-- \/ Yoast SEO Premium plugin. -->","yoast_head_json":{"title":"\u062d\u0627\u0645\u0644 \u0623\u0631\u0636\u064a \u0645\u062c\u0644\u0641\u0646 \u0644\u0623\u062d\u0648\u0627\u0636 \u0627\u0644\u0634\u0631\u0628: \u0642\u0648\u064a \u0648\u0645\u062a\u064a\u0646","description":"\u062a\u0631\u0643\u064a\u0628 \u0633\u0631\u064a\u0639 \u0648\u062a\u0635\u0645\u064a\u0645 \u0645\u0642\u0627\u0648\u0645: \u0627\u0644\u062d\u0627\u0645\u0644 \u0627\u0644\u0623\u0631\u0636\u064a \u0627\u0644\u0645\u062c\u0644\u0641\u0646 \u0644\u0623\u062d\u0648\u0627\u0636 \u0627\u0644\u0634\u0631\u0628 \u0627\u0644\u0639\u0627\u0644\u0645\u064a\u0629 \u0645\u0646 \u0627\u0644\u0641\u0648\u0644\u0627\u0630 \u0627\u0644\u0645\u062c\u0644\u0641\u0646 \u0647\u0648 \u0645\u0627 \u062a\u062d\u062a\u0627\u062c\u0647! \u0627\u0633\u062a\u0641\u062f \u0645\u0646\u0647 \u0627\u0644\u0622\u0646!","robots":{"index":"index","follow":"follow","max-snippet":"max-snippet:-1","max-image-preview":"max-image-preview:large","max-video-preview":"max-video-preview:-1"},"canonical":"https:\/\/fdasrl.it\/ar\/prodotto\/%d8%ad%d8%a7%d9%85%d9%84-%d8%a3%d8%b1%d8%b6%d9%8a-far-23-%d8%b9%d8%a7%d9%84%d9%85%d9%8a-%d9%84%d8%a3%d8%ad%d9%88%d8%a7%d8%b6-%d8%a7%d9%84%d8%b4%d8%b1%d8%a8\/","og_locale":"ar_AR","og_type":"article","og_title":"\u062d\u0627\u0645\u0644 \u0623\u0631\u0636\u064a FAR 23 \u0639\u0627\u0644\u0645\u064a \u0644\u0623\u062d\u0648\u0627\u0636 \u0627\u0644\u0634\u0631\u0628","og_description":"\u062a\u0631\u0643\u064a\u0628 \u0633\u0631\u064a\u0639 \u0648\u062a\u0635\u0645\u064a\u0645 \u0645\u0642\u0627\u0648\u0645: \u0627\u0644\u062d\u0627\u0645\u0644 \u0627\u0644\u0623\u0631\u0636\u064a \u0627\u0644\u0645\u062c\u0644\u0641\u0646 \u0644\u0623\u062d\u0648\u0627\u0636 \u0627\u0644\u0634\u0631\u0628 \u0627\u0644\u0639\u0627\u0644\u0645\u064a\u0629 \u0645\u0646 \u0627\u0644\u0641\u0648\u0644\u0627\u0630 \u0627\u0644\u0645\u062c\u0644\u0641\u0646 \u0647\u0648 \u0645\u0627 \u062a\u062d\u062a\u0627\u062c\u0647! \u0627\u0633\u062a\u0641\u062f \u0645\u0646\u0647 \u0627\u0644\u0622\u0646!","og_url":"https:\/\/fdasrl.it\/ar\/prodotto\/%d8%ad%d8%a7%d9%85%d9%84-%d8%a3%d8%b1%d8%b6%d9%8a-far-23-%d8%b9%d8%a7%d9%84%d9%85%d9%8a-%d9%84%d8%a3%d8%ad%d9%88%d8%a7%d8%b6-%d8%a7%d9%84%d8%b4%d8%b1%d8%a8\/","og_site_name":"FDA srl","article_publisher":"https:\/\/www.facebook.com\/share\/1MWhFWg1Tp\/?mibextid=LQQJ4d","og_image":[{"width":1000,"height":2000,"url":"https:\/\/fdasrl.it\/wp-content\/uploads\/2025\/07\/staffa-terra-abbeveratoi-far23-1.webp","type":"image\/webp"}],"twitter_card":"summary_large_image","twitter_misc":{"\u0627\u0644\u0633\u0639\u0631":"","\u0627\u0644\u062a\u0648\u0641\u0631":"\u0645\u062a\u0648\u0641\u0631 \u0641\u064a \u0627\u0644\u0645\u062e\u0632\u0648\u0646"},"schema":{"@context":"https:\/\/schema.org","@graph":[{"@type":"WebPage","@id":"https:\/\/fdasrl.it\/ar\/prodotto\/%d8%ad%d8%a7%d9%85%d9%84-%d8%a3%d8%b1%d8%b6%d9%8a-far-23-%d8%b9%d8%a7%d9%84%d9%85%d9%8a-%d9%84%d8%a3%d8%ad%d9%88%d8%a7%d8%b6-%d8%a7%d9%84%d8%b4%d8%b1%d8%a8\/","url":"https:\/\/fdasrl.it\/ar\/prodotto\/%d8%ad%d8%a7%d9%85%d9%84-%d8%a3%d8%b1%d8%b6%d9%8a-far-23-%d8%b9%d8%a7%d9%84%d9%85%d9%8a-%d9%84%d8%a3%d8%ad%d9%88%d8%a7%d8%b6-%d8%a7%d9%84%d8%b4%d8%b1%d8%a8\/","name":"\u062d\u0627\u0645\u0644 \u0623\u0631\u0636\u064a \u0645\u062c\u0644\u0641\u0646 \u0644\u0623\u062d\u0648\u0627\u0636 \u0627\u0644\u0634\u0631\u0628: \u0642\u0648\u064a \u0648\u0645\u062a\u064a\u0646","isPartOf":{"@id":"https:\/\/fdasrl.it\/ar\/#website"},"primaryImageOfPage":{"@id":"https:\/\/fdasrl.it\/ar\/prodotto\/%d8%ad%d8%a7%d9%85%d9%84-%d8%a3%d8%b1%d8%b6%d9%8a-far-23-%d8%b9%d8%a7%d9%84%d9%85%d9%8a-%d9%84%d8%a3%d8%ad%d9%88%d8%a7%d8%b6-%d8%a7%d9%84%d8%b4%d8%b1%d8%a8\/#primaryimage"},"image":{"@id":"https:\/\/fdasrl.it\/ar\/prodotto\/%d8%ad%d8%a7%d9%85%d9%84-%d8%a3%d8%b1%d8%b6%d9%8a-far-23-%d8%b9%d8%a7%d9%84%d9%85%d9%8a-%d9%84%d8%a3%d8%ad%d9%88%d8%a7%d8%b6-%d8%a7%d9%84%d8%b4%d8%b1%d8%a8\/#primaryimage"},"thumbnailUrl":"https:\/\/fdasrl.it\/wp-content\/uploads\/2025\/07\/staffa-terra-abbeveratoi-far23-1.webp","datePublished":"2025-07-25T14:56:01+00:00","description":"\u062a\u0631\u0643\u064a\u0628 \u0633\u0631\u064a\u0639 \u0648\u062a\u0635\u0645\u064a\u0645 \u0645\u0642\u0627\u0648\u0645: \u0627\u0644\u062d\u0627\u0645\u0644 \u0627\u0644\u0623\u0631\u0636\u064a \u0627\u0644\u0645\u062c\u0644\u0641\u0646 \u0644\u0623\u062d\u0648\u0627\u0636 \u0627\u0644\u0634\u0631\u0628 \u0627\u0644\u0639\u0627\u0644\u0645\u064a\u0629 \u0645\u0646 \u0627\u0644\u0641\u0648\u0644\u0627\u0630 \u0627\u0644\u0645\u062c\u0644\u0641\u0646 \u0647\u0648 \u0645\u0627 \u062a\u062d\u062a\u0627\u062c\u0647! \u0627\u0633\u062a\u0641\u062f \u0645\u0646\u0647 \u0627\u0644\u0622\u0646!","breadcrumb":{"@id":"https:\/\/fdasrl.it\/ar\/prodotto\/%d8%ad%d8%a7%d9%85%d9%84-%d8%a3%d8%b1%d8%b6%d9%8a-far-23-%d8%b9%d8%a7%d9%84%d9%85%d9%8a-%d9%84%d8%a3%d8%ad%d9%88%d8%a7%d8%b6-%d8%a7%d9%84%d8%b4%d8%b1%d8%a8\/#breadcrumb"},"inLanguage":"ar","potentialAction":[{"@type":"ReadAction","target":["https:\/\/fdasrl.it\/ar\/prodotto\/%d8%ad%d8%a7%d9%85%d9%84-%d8%a3%d8%b1%d8%b6%d9%8a-far-23-%d8%b9%d8%a7%d9%84%d9%85%d9%8a-%d9%84%d8%a3%d8%ad%d9%88%d8%a7%d8%b6-%d8%a7%d9%84%d8%b4%d8%b1%d8%a8\/"]}]},{"@type":"ImageObject","inLanguage":"ar","@id":"https:\/\/fdasrl.it\/ar\/prodotto\/%d8%ad%d8%a7%d9%85%d9%84-%d8%a3%d8%b1%d8%b6%d9%8a-far-23-%d8%b9%d8%a7%d9%84%d9%85%d9%8a-%d9%84%d8%a3%d8%ad%d9%88%d8%a7%d8%b6-%d8%a7%d9%84%d8%b4%d8%b1%d8%a8\/#primaryimage","url":"https:\/\/fdasrl.it\/wp-content\/uploads\/2025\/07\/staffa-terra-abbeveratoi-far23-1.webp","contentUrl":"https:\/\/fdasrl.it\/wp-content\/uploads\/2025\/07\/staffa-terra-abbeveratoi-far23-1.webp","width":1000,"height":2000,"caption":"Staffa da terra in acciaio zincato FAR 23 per abbeveratoi"},{"@type":"BreadcrumbList","@id":"https:\/\/fdasrl.it\/ar\/prodotto\/%d8%ad%d8%a7%d9%85%d9%84-%d8%a3%d8%b1%d8%b6%d9%8a-far-23-%d8%b9%d8%a7%d9%84%d9%85%d9%8a-%d9%84%d8%a3%d8%ad%d9%88%d8%a7%d8%b6-%d8%a7%d9%84%d8%b4%d8%b1%d8%a8\/#breadcrumb","itemListElement":[{"@type":"ListItem","position":1,"name":"Home","item":"https:\/\/fdasrl.it\/ar\/%d8%a7%d9%84%d8%b1%d8%a6%d9%8a%d8%b3%d9%8a%d8%a9\/"},{"@type":"ListItem","position":2,"name":"\u0627\u0644\u0645\u062a\u062c\u0631","item":"https:\/\/fdasrl.it\/ar\/%d8%a7%d9%84%d9%85%d8%aa%d8%ac%d8%b1\/"},{"@type":"ListItem","position":3,"name":"\u062d\u0627\u0645\u0644 \u0623\u0631\u0636\u064a FAR 23 \u0639\u0627\u0644\u0645\u064a \u0644\u0623\u062d\u0648\u0627\u0636 \u0627\u0644\u0634\u0631\u0628"}]},{"@type":"WebSite","@id":"https:\/\/fdasrl.it\/ar\/#website","url":"https:\/\/fdasrl.it\/ar\/","name":"FDA srl","description":"Equipment for animal husbandry","publisher":{"@id":"https:\/\/fdasrl.it\/ar\/#organization"},"potentialAction":[{"@type":"SearchAction","target":{"@type":"EntryPoint","urlTemplate":"https:\/\/fdasrl.it\/ar\/?s={search_term_string}"},"query-input":{"@type":"PropertyValueSpecification","valueRequired":true,"valueName":"search_term_string"}}],"inLanguage":"ar"},{"@type":"Organization","@id":"https:\/\/fdasrl.it\/ar\/#organization","name":"FDA srl","url":"https:\/\/fdasrl.it\/ar\/","logo":{"@type":"ImageObject","inLanguage":"ar","@id":"https:\/\/fdasrl.it\/ar\/#\/schema\/logo\/image\/","url":"https:\/\/fdasrl.it\/wp-content\/uploads\/2024\/12\/Logo-FDA.png","contentUrl":"https:\/\/fdasrl.it\/wp-content\/uploads\/2024\/12\/Logo-FDA.png","width":316,"height":119,"caption":"FDA srl"},"image":{"@id":"https:\/\/fdasrl.it\/ar\/#\/schema\/logo\/image\/"},"sameAs":["https:\/\/www.facebook.com\/share\/1MWhFWg1Tp\/?mibextid=LQQJ4d","https:\/\/www.instagram.com\/fda_srl\/profilecard\/?igsh=YW5lbzJ6MWg0d21u","https:\/\/www.youtube.com\/@FDASRL_ANIMALCARE"],"description":"FDA SRL \u2013 Equipment for animal husbandry nasce con l\u2019obiettivo di offrire soluzioni affidabili e innovative per l\u2019allevamento moderno. Con anni di esperienza nel settore zootecnico, progettiamo e realizziamo attrezzature destinate al benessere animale e alla gestione efficiente delle stalle: vasche, abbeveratoi, mangiatoie e sistemi di riscaldamento pensati per durare nel tempo e semplificare il lavoro quotidiano degli allevatori. Dalla progettazione alla produzione, ogni nostro prodotto \u00e8 studiato nei minimi dettagli, testato con cura e costruito per rispondere alle esigenze reali del settore. La nostra forza \u00e8 unire artigianalit\u00e0, tecnologia e competenza tecnica per trasformare ogni progetto in una soluzione concreta e funzionale. Oggi FDA SRL \u00e8 un punto di riferimento per privati e rivenditori che cercano qualit\u00e0, affidabilit\u00e0 e innovazione nelle attrezzature per l\u2019allevamento.","email":"info@fdasrl.it","telephone":"+390522826820","legalName":"F.D.A. SRL","foundingDate":"2024-10-13","vatID":"03075840359","taxID":"03075840359","numberOfEmployees":{"@type":"QuantitativeValue","minValue":"1","maxValue":"10"}}]},"product_price_currency":"EUR","og_availability":"instock","product_availability":"instock","product_retailer_item_id":"FAR23","product_condition":"new"},"_links":{"self":[{"href":"https:\/\/fdasrl.it\/ar\/wp-json\/wp\/v2\/product\/3050","targetHints":{"allow":["GET"]}}],"collection":[{"href":"https:\/\/fdasrl.it\/ar\/wp-json\/wp\/v2\/product"}],"about":[{"href":"https:\/\/fdasrl.it\/ar\/wp-json\/wp\/v2\/types\/product"}],"replies":[{"embeddable":true,"href":"https:\/\/fdasrl.it\/ar\/wp-json\/wp\/v2\/comments?post=3050"}],"wp:featuredmedia":[{"embeddable":true,"href":"https:\/\/fdasrl.it\/ar\/wp-json\/wp\/v2\/media\/898"}],"wp:attachment":[{"href":"https:\/\/fdasrl.it\/ar\/wp-json\/wp\/v2\/media?parent=3050"}],"wp:term":[{"taxonomy":"product_brand","embeddable":true,"href":"https:\/\/fdasrl.it\/ar\/wp-json\/wp\/v2\/product_brand?post=3050"},{"taxonomy":"product_cat","embeddable":true,"href":"https:\/\/fdasrl.it\/ar\/wp-json\/wp\/v2\/product_cat?post=3050"},{"taxonomy":"product_tag","embeddable":true,"href":"https:\/\/fdasrl.it\/ar\/wp-json\/wp\/v2\/product_tag?post=3050"}],"curies":[{"name":"wp","href":"https:\/\/api.w.org\/{rel}","templated":true}]}}