{"id":3159,"date":"2025-05-23T09:33:28","date_gmt":"2025-05-23T07:33:28","guid":{"rendered":"https:\/\/fdasrl.it\/prodotto\/%d8%af%d8%b9%d8%a7%d9%85%d8%a9-%d8%b2%d8%a7%d9%88%d9%8a%d8%a9-%d8%b9%d8%a7%d9%84%d9%85%d9%8a%d8%a9-%d9%84%d9%85%d8%b4%d8%b1%d8%a8%d9%8a%d8%a7%d8%aa-far22\/"},"modified":"2025-05-23T09:33:28","modified_gmt":"2025-05-23T07:33:28","slug":"%d8%af%d8%b9%d8%a7%d9%85%d8%a9-%d8%b2%d8%a7%d9%88%d9%8a%d8%a9-%d8%b9%d8%a7%d9%84%d9%85%d9%8a%d8%a9-%d9%84%d9%85%d8%b4%d8%b1%d8%a8%d9%8a%d8%a7%d8%aa-far22","status":"publish","type":"product","link":"https:\/\/fdasrl.it\/ar\/prodotto\/%d8%af%d8%b9%d8%a7%d9%85%d8%a9-%d8%b2%d8%a7%d9%88%d9%8a%d8%a9-%d8%b9%d8%a7%d9%84%d9%85%d9%8a%d8%a9-%d9%84%d9%85%d8%b4%d8%b1%d8%a8%d9%8a%d8%a7%d8%aa-far22\/","title":{"rendered":"\u062f\u0639\u0627\u0645\u0629 \u0632\u0627\u0648\u064a\u0629 \u0639\u0627\u0644\u0645\u064a\u0629 \u0644\u0645\u0634\u0631\u0628\u064a\u0627\u062a FAR22"},"content":{"rendered":"<h3 data-start=\"155\" data-end=\"274\">\u2705 <strong data-start=\"161\" data-end=\"274\">\u062f\u0639\u0627\u0645\u0629 \u0632\u0627\u0648\u064a\u0629 \u0644\u0645\u0634\u0631\u0628\u064a\u0629 \u0639\u0627\u0644\u0645\u064a\u0629 FAR22 \u2013 \u0645\u062a\u064a\u0646\u0629\u060c \u0645\u062a\u0648\u0627\u0641\u0642\u0629 \u0648\u0645\u0642\u0637\u0648\u0639\u0629 \u0628\u0627\u0644\u0644\u064a\u0632\u0631 \u0628\u062f\u0648\u0646 \u0623\u0643\u0633\u062f\u0629<\/strong><\/h3>\n<p data-start=\"276\" data-end=\"301\"><strong data-start=\"276\" data-end=\"301\">\u0648\u0635\u0641 \u0627\u0644\u0645\u0646\u062a\u062c:<\/strong><\/p>\n<p data-start=\"303\" data-end=\"613\">\u062a\u0639\u062f <strong data-start=\"306\" data-end=\"342\">\u062f\u0639\u0627\u0645\u0629 \u0627\u0644\u0632\u0627\u0648\u064a\u0629 \u0627\u0644\u0639\u0627\u0644\u0645\u064a\u0629 FAR22<\/strong> \u0627\u0644\u062d\u0644 \u0627\u0644\u0623\u0645\u062b\u0644 \u0644\u062a\u0631\u0643\u064a\u0628 \u0623\u064a \u0646\u0648\u0639 \u0645\u0646 \u0627\u0644\u0645\u0634\u0631\u0628\u064a\u0627\u062a \u0628\u0634\u0643\u0644 \u0622\u0645\u0646 \u0648\u0645\u0633\u062a\u0642\u0631 \u0639\u0644\u0649 \u0632\u0648\u0627\u064a\u0627 \u0627\u0644\u062c\u062f\u0631\u0627\u0646 \u0623\u0648 \u0627\u0644\u062d\u0648\u0627\u0626\u0637 \u0627\u0644\u0642\u0635\u064a\u0631\u0629. \u0645\u0635\u0646\u0648\u0639\u0629 \u0645\u0646 <strong data-start=\"481\" data-end=\"512\">\u0627\u0644\u0641\u0648\u0644\u0627\u0630 \u0627\u0644\u0645\u062c\u0644\u0641\u0646 \u0628\u0633\u0645\u0643 30\/10 \u0645\u0644\u0645<\/strong>\u060c \u0648\u062a\u0648\u0641\u0631 \u0645\u0642\u0627\u0648\u0645\u0629 \u0645\u064a\u0643\u0627\u0646\u064a\u0643\u064a\u0629 \u0639\u0627\u0644\u064a\u0629 \u0648\u0645\u0642\u0627\u0648\u0645\u0629 \u0644\u0644\u062a\u0622\u0643\u0644\u060c \u0645\u0645\u0627 \u064a\u062c\u0639\u0644\u0647\u0627 \u0645\u062b\u0627\u0644\u064a\u0629 \u0644\u0644\u0627\u0633\u062a\u062e\u062f\u0627\u0645 \u0641\u064a \u0628\u064a\u0626\u0627\u062a \u062a\u0631\u0628\u064a\u0629 \u0627\u0644\u0645\u0627\u0634\u064a\u0629. <\/p>\n<p data-start=\"615\" data-end=\"821\">\u062a\u062a\u0645 \u0627\u0644\u0645\u0639\u0627\u0644\u062c\u0629 \u0639\u0646 \u0637\u0631\u064a\u0642 <strong data-start=\"646\" data-end=\"672\">\u0627\u0644\u0642\u0637\u0639 \u0628\u0627\u0644\u0644\u064a\u0632\u0631 \u0628\u0627\u0644\u0646\u064a\u062a\u0631\u0648\u062c\u064a\u0646<\/strong>\u060c \u0648\u0647\u064a \u062a\u0642\u0646\u064a\u0629 \u062a\u0636\u0645\u0646 \u0623\u0642\u0635\u0649 \u062f\u0631\u062c\u0627\u062a \u0627\u0644\u062f\u0642\u0629 \u0648 <strong data-start=\"725\" data-end=\"761\">\u062a\u0645\u0646\u0639 \u0623\u0643\u0633\u062f\u0629 \u0627\u0644\u062d\u0648\u0627\u0641<\/strong>\u060c \u0645\u0645\u0627 \u064a\u062d\u0627\u0641\u0638 \u0639\u0644\u0649 \u062c\u0648\u062f\u0629 \u0627\u0644\u0645\u0646\u062a\u062c \u0648\u0645\u062a\u0627\u0646\u062a\u0647 \u0628\u0645\u0631\u0648\u0631 \u0627\u0644\u0648\u0642\u062a.<\/p>\n<p data-start=\"823\" data-end=\"1093\">\u064a\u0633\u0645\u062d <strong data-start=\"826\" data-end=\"850\">\u0627\u0644\u0634\u0643\u0644 \u0627\u0644\u0632\u0627\u0648\u064a \u0628\u0632\u0627\u0648\u064a\u0629 90 \u062f\u0631\u062c\u0629<\/strong> \u0648 <strong data-start=\"856\" data-end=\"880\">\u0627\u0644\u0641\u062a\u062d\u0629 \u0627\u0644\u062e\u0644\u0641\u064a\u0629 \u0627\u0644\u0646\u0635\u0641\u064a\u0629<\/strong> \u0628\u062a\u0631\u0643\u064a\u0628 \u0633\u0631\u064a\u0639 \u0648\u0645\u0646\u0638\u0645\u060c \u0645\u0645\u0627 \u064a\u0633\u0647\u0644 \u0645\u0631\u0648\u0631 \u0627\u0644\u0623\u0646\u0628\u0648\u0628 \u0648\u064a\u0642\u0644\u0644 \u0645\u0646 \u0627\u0644\u0627\u0646\u062d\u0646\u0627\u0621\u0627\u062a. \u0645\u062b\u0627\u0644\u064a\u0629 \u0644\u0644\u0627\u0635\u0637\u0628\u0644\u0627\u062a\u060c \u0627\u0644\u062d\u0638\u0627\u0626\u0631 \u0648\u0627\u0644\u062d\u0627\u0644\u0627\u062a \u0627\u0644\u062a\u064a \u062a\u062a\u0637\u0644\u0628 \u062a\u0631\u0643\u064a\u0628\u0627\u064b \u0639\u0644\u0649 \u0627\u0644\u0632\u0627\u0648\u064a\u0629\u060c \u062d\u062a\u0649 \u0641\u064a \u0627\u0644\u0645\u0633\u0627\u062d\u0627\u062a \u0627\u0644\u0636\u064a\u0642\u0629. <\/p>\n<p data-start=\"1095\" data-end=\"1124\"><strong data-start=\"1095\" data-end=\"1124\">\u0627\u0644\u0645\u0648\u0627\u0635\u0641\u0627\u062a \u0627\u0644\u062a\u0642\u0646\u064a\u0629:<\/strong><\/p>\n<ul data-start=\"1125\" data-end=\"1406\">\n<li data-start=\"1125\" data-end=\"1153\">\n<p data-start=\"1127\" data-end=\"1153\">\u0627\u0644\u0645\u0627\u062f\u0629: \u0641\u0648\u0644\u0627\u0630 \u0645\u062c\u0644\u0641\u0646<\/p>\n<\/li>\n<li data-start=\"1154\" data-end=\"1174\">\n<p data-start=\"1156\" data-end=\"1174\">\u0627\u0644\u0633\u0645\u0643: 30\/10 \u0645\u0644\u0645<\/p>\n<\/li>\n<li data-start=\"1175\" data-end=\"1219\">\n<p data-start=\"1177\" data-end=\"1219\">\u0627\u0644\u0642\u0637\u0639: \u0644\u064a\u0632\u0631 \u0628\u0627\u0644\u0646\u064a\u062a\u0631\u0648\u062c\u064a\u0646 (\u0645\u0636\u0627\u062f \u0644\u0644\u0623\u0643\u0633\u062f\u0629)<\/p>\n<\/li>\n<li data-start=\"1220\" data-end=\"1243\">\n<p data-start=\"1222\" data-end=\"1243\">\u0627\u0644\u0634\u0643\u0644: \u0632\u0627\u0648\u064a 90 \u062f\u0631\u062c\u0629<\/p>\n<\/li>\n<li data-start=\"1244\" data-end=\"1305\">\n<p data-start=\"1246\" data-end=\"1305\">\u0645\u062e\u0631\u062c \u062e\u0644\u0641\u064a \u0645\u062a\u0648\u0627\u0641\u0642 \u0645\u0639 \u0645\u062f\u062e\u0644 \u0627\u0644\u0645\u0634\u0631\u0628\u064a\u0629<\/p>\n<\/li>\n<li data-start=\"1306\" data-end=\"1353\">\n<p data-start=\"1308\" data-end=\"1353\">\u0645\u0647\u064a\u0623\u0629 \u0644\u0644\u062a\u062b\u0628\u064a\u062a \u0628\u0627\u0644\u0628\u0631\u0627\u063a\u064a \u0648\u0627\u0644\u0645\u0631\u0627\u0633\u064a<\/p>\n<\/li>\n<li data-start=\"1354\" data-end=\"1406\">\n<p data-start=\"1356\" data-end=\"1406\">\u062a\u0648\u0627\u0641\u0642 \u0639\u0627\u0644\u0645\u064a \u0645\u0639 \u062c\u0645\u064a\u0639 \u0627\u0644\u0645\u0634\u0631\u0628\u064a\u0627\u062a<\/p>\n<\/li>\n<\/ul>\n<p data-start=\"1408\" data-end=\"1421\"><strong data-start=\"1408\" data-end=\"1421\">\u0627\u0644\u0645\u0632\u0627\u064a\u0627:<\/strong><\/p>\n<ul data-start=\"1422\" data-end=\"1576\">\n<li data-start=\"1422\" data-end=\"1452\">\n<p data-start=\"1424\" data-end=\"1452\">\u062a\u062b\u0628\u064a\u062a \u0645\u0633\u062a\u0642\u0631 \u0648\u0637\u0648\u064a\u0644 \u0627\u0644\u0623\u0645\u062f<\/p>\n<\/li>\n<li data-start=\"1453\" data-end=\"1492\">\n<p data-start=\"1455\" data-end=\"1492\">\u062a\u0635\u0646\u064a\u0639 \u062f\u0642\u064a\u0642 \u0628\u062f\u0648\u0646 \u0623\u0643\u0633\u062f\u0629<\/p>\n<\/li>\n<li data-start=\"1493\" data-end=\"1540\">\n<p data-start=\"1495\" data-end=\"1540\">\u062a\u0631\u0643\u064a\u0628 \u0628\u0633\u064a\u0637 \u062d\u062a\u0649 \u0641\u064a \u0627\u0644\u0645\u0633\u0627\u062d\u0627\u062a \u0627\u0644\u0635\u063a\u064a\u0631\u0629<\/p>\n<\/li>\n<li data-start=\"1541\" data-end=\"1576\">\n<p data-start=\"1543\" data-end=\"1576\">\u0625\u062f\u0627\u0631\u0629 \u0645\u0646\u0638\u0645\u0629 \u0644\u0644\u0623\u0646\u0627\u0628\u064a\u0628<\/p>\n<\/li>\n<\/ul>\n<p>&nbsp;<\/p>\n<p>\u0627\u062a\u0635\u0644\u0648\u0627 \u0628\u0646\u0627 \u0644\u0644\u062d\u0635\u0648\u0644 \u0639\u0644\u0649 \u0639\u0631\u0636 \u0623\u0633\u0639\u0627\u0631 \u0645\u062e\u0635\u0635 \u0644\u0644\u0645\u0648\u0632\u0639\u064a\u0646: info@fdasrl.it<\/p>\n<p>\u0627\u0634\u062a\u0631\u0648\u0647\u0627 \u0645\u0646 <a href=\"https:\/\/fda-shop.it\/shop\/articoli-per-allevamento\/abbeveratoi\/staffa-angolare-universale-per-abbeveratoi#\/25-accessori_e_confezioni-singola_unita\">\u0645\u062a\u062c\u0631\u0646\u0627 \u0639\u0628\u0631 \u0627\u0644\u0625\u0646\u062a\u0631\u0646\u062a<\/a><\/p>\n","protected":false},"excerpt":{"rendered":"<p>\u062f\u0639\u0627\u0645\u0629 \u0632\u0627\u0648\u064a\u0629 \u0639\u0627\u0644\u0645\u064a\u0629 \u0645\u0646 \u0627\u0644\u0641\u0648\u0644\u0627\u0630 \u0627\u0644\u0645\u062c\u0644\u0641\u0646 \u0644\u0644\u0645\u0634\u0631\u0628\u064a\u0627\u062a. \u0645\u062a\u0648\u0627\u0641\u0642\u0629 \u0645\u0639 \u062c\u0645\u064a\u0639 \u0627\u0644\u0645\u0648\u062f\u064a\u0644\u0627\u062a\u060c \u0645\u0639 \u0645\u062e\u0631\u062c \u062e\u0644\u0641\u064a \u0648\u0642\u0637\u0639 \u0644\u064a\u0632\u0631 \u0645\u0636\u0627\u062f \u0644\u0644\u0623\u0643\u0633\u062f\u0629. \u0633\u0647\u0644\u0629 \u0627\u0644\u062a\u0631\u0643\u064a\u0628 \u062d\u062a\u0649 \u0641\u064a \u0627\u0644\u0645\u0633\u0627\u062d\u0627\u062a \u0627\u0644\u0636\u064a\u0642\u0629.  <\/p>\n<p>\u062a\u062d\u0645\u064a\u0644: <a href=\"https:\/\/fdasrl.it\/wp-content\/uploads\/2025\/05\/Scheda-tecnica-FAR22_compressed-1.pdf\">\u0627\u0644\u0645\u0648\u0627\u0635\u0641\u0627\u062a \u0627\u0644\u062a\u0642\u0646\u064a\u0629 FAR22_compressed (1)<\/a><\/p>\n","protected":false},"featured_media":832,"comment_status":"open","ping_status":"closed","template":"","meta":{"_et_pb_use_builder":"","_et_pb_old_content":"","_et_gb_content_width":""},"product_brand":[],"product_cat":[398,387,626,567,556],"product_tag":[791,790],"class_list":{"0":"post-3159","1":"product","2":"type-product","3":"status-publish","4":"has-post-thumbnail","6":"product_cat-398","7":"product_cat-387","8":"product_cat-626","9":"product_cat-567","10":"product_cat-556","11":"product_tag-far-22","12":"product_tag-far22","14":"first","15":"instock","16":"shipping-taxable","17":"product-type-simple"},"yoast_head":"<!-- This site is optimized with the Yoast SEO Premium plugin v27.5 (Yoast SEO v27.5) - https:\/\/yoast.com\/product\/yoast-seo-premium-wordpress\/ -->\n<title>\u062f\u0639\u0627\u0645\u0629 \u0632\u0627\u0648\u064a\u0629 \u0644\u0645\u0634\u0631\u0628\u064a\u0629 \u0639\u0627\u0644\u0645\u064a\u0629 \u0645\u0646 \u0627\u0644\u0641\u0648\u0644\u0627\u0630 \u0627\u0644\u0645\u062c\u0644\u0641\u0646 - FDA srl<\/title>\n<meta name=\"description\" content=\"\u062a\u0639\u062a\u0628\u0631 \u062f\u0639\u0627\u0645\u0629 \u0627\u0644\u0632\u0627\u0648\u064a\u0629 \u0644\u0644\u0645\u0634\u0631\u0628\u064a\u0629 \u0627\u0644\u0639\u0627\u0644\u0645\u064a\u0629 \u0627\u0644\u0645\u0635\u0646\u0648\u0639\u0629 \u0645\u0646 \u0627\u0644\u0641\u0648\u0644\u0627\u0630 \u0627\u0644\u0645\u062c\u0644\u0641\u0646 \u0645\u062b\u0627\u0644\u064a\u0629 \u0644\u0644\u0632\u0648\u0627\u064a\u0627 \u0627\u0644\u0636\u064a\u0642\u0629 \u0648\u0627\u0644\u062a\u0631\u0643\u064a\u0628\u0627\u062a \u0627\u0644\u0645\u0633\u062a\u0642\u0631\u0629.\" \/>\n<meta name=\"robots\" content=\"index, follow, max-snippet:-1, max-image-preview:large, max-video-preview:-1\" \/>\n<link rel=\"canonical\" href=\"https:\/\/fdasrl.it\/ar\/prodotto\/%d8%af%d8%b9%d8%a7%d9%85%d8%a9-%d8%b2%d8%a7%d9%88%d9%8a%d8%a9-%d8%b9%d8%a7%d9%84%d9%85%d9%8a%d8%a9-%d9%84%d9%85%d8%b4%d8%b1%d8%a8%d9%8a%d8%a7%d8%aa-far22\/\" \/>\n<meta property=\"og:locale\" content=\"ar_AR\" \/>\n<meta property=\"og:type\" content=\"article\" \/>\n<meta property=\"og:title\" content=\"\u062f\u0639\u0627\u0645\u0629 \u0632\u0627\u0648\u064a\u0629 \u0639\u0627\u0644\u0645\u064a\u0629 \u0644\u0645\u0634\u0631\u0628\u064a\u0627\u062a FAR22\" \/>\n<meta property=\"og:description\" content=\"\u062a\u0639\u062a\u0628\u0631 \u062f\u0639\u0627\u0645\u0629 \u0627\u0644\u0632\u0627\u0648\u064a\u0629 \u0644\u0644\u0645\u0634\u0631\u0628\u064a\u0629 \u0627\u0644\u0639\u0627\u0644\u0645\u064a\u0629 \u0627\u0644\u0645\u0635\u0646\u0648\u0639\u0629 \u0645\u0646 \u0627\u0644\u0641\u0648\u0644\u0627\u0630 \u0627\u0644\u0645\u062c\u0644\u0641\u0646 \u0645\u062b\u0627\u0644\u064a\u0629 \u0644\u0644\u0632\u0648\u0627\u064a\u0627 \u0627\u0644\u0636\u064a\u0642\u0629 \u0648\u0627\u0644\u062a\u0631\u0643\u064a\u0628\u0627\u062a \u0627\u0644\u0645\u0633\u062a\u0642\u0631\u0629.\" \/>\n<meta property=\"og:url\" content=\"https:\/\/fdasrl.it\/ar\/prodotto\/%d8%af%d8%b9%d8%a7%d9%85%d8%a9-%d8%b2%d8%a7%d9%88%d9%8a%d8%a9-%d8%b9%d8%a7%d9%84%d9%85%d9%8a%d8%a9-%d9%84%d9%85%d8%b4%d8%b1%d8%a8%d9%8a%d8%a7%d8%aa-far22\/\" \/>\n<meta property=\"og:site_name\" content=\"FDA srl\" \/>\n<meta property=\"article:publisher\" content=\"https:\/\/www.facebook.com\/share\/1MWhFWg1Tp\/?mibextid=LQQJ4d\" \/>\n<meta property=\"og:image\" content=\"https:\/\/fdasrl.it\/wp-content\/uploads\/2025\/05\/Staffa-angolare-abbeveratoi-FAR22-1.png\" \/>\n\t<meta property=\"og:image:width\" content=\"1376\" \/>\n\t<meta property=\"og:image:height\" content=\"1008\" \/>\n\t<meta property=\"og:image:type\" content=\"image\/png\" \/>\n<meta name=\"twitter:card\" content=\"summary_large_image\" \/>\n<meta name=\"twitter:label1\" content=\"\u0627\u0644\u0633\u0639\u0631\" \/>\n\t<meta name=\"twitter:data1\" content=\"\" \/>\n\t<meta name=\"twitter:label2\" content=\"\u0627\u0644\u062a\u0648\u0641\u0631\" \/>\n\t<meta name=\"twitter:data2\" content=\"\u0645\u062a\u0648\u0641\u0631 \u0641\u064a \u0627\u0644\u0645\u062e\u0632\u0648\u0646\" \/>\n<meta property=\"product:price:currency\" content=\"EUR\" \/>\n<meta property=\"og:availability\" content=\"instock\" \/>\n<meta property=\"product:availability\" content=\"instock\" \/>\n<meta property=\"product:retailer_item_id\" content=\"FAR22\" \/>\n<meta property=\"product:condition\" content=\"new\" \/>\n<!-- \/ Yoast SEO Premium plugin. -->","yoast_head_json":{"title":"\u062f\u0639\u0627\u0645\u0629 \u0632\u0627\u0648\u064a\u0629 \u0644\u0645\u0634\u0631\u0628\u064a\u0629 \u0639\u0627\u0644\u0645\u064a\u0629 \u0645\u0646 \u0627\u0644\u0641\u0648\u0644\u0627\u0630 \u0627\u0644\u0645\u062c\u0644\u0641\u0646 - FDA srl","description":"\u062a\u0639\u062a\u0628\u0631 \u062f\u0639\u0627\u0645\u0629 \u0627\u0644\u0632\u0627\u0648\u064a\u0629 \u0644\u0644\u0645\u0634\u0631\u0628\u064a\u0629 \u0627\u0644\u0639\u0627\u0644\u0645\u064a\u0629 \u0627\u0644\u0645\u0635\u0646\u0648\u0639\u0629 \u0645\u0646 \u0627\u0644\u0641\u0648\u0644\u0627\u0630 \u0627\u0644\u0645\u062c\u0644\u0641\u0646 \u0645\u062b\u0627\u0644\u064a\u0629 \u0644\u0644\u0632\u0648\u0627\u064a\u0627 \u0627\u0644\u0636\u064a\u0642\u0629 \u0648\u0627\u0644\u062a\u0631\u0643\u064a\u0628\u0627\u062a \u0627\u0644\u0645\u0633\u062a\u0642\u0631\u0629.","robots":{"index":"index","follow":"follow","max-snippet":"max-snippet:-1","max-image-preview":"max-image-preview:large","max-video-preview":"max-video-preview:-1"},"canonical":"https:\/\/fdasrl.it\/ar\/prodotto\/%d8%af%d8%b9%d8%a7%d9%85%d8%a9-%d8%b2%d8%a7%d9%88%d9%8a%d8%a9-%d8%b9%d8%a7%d9%84%d9%85%d9%8a%d8%a9-%d9%84%d9%85%d8%b4%d8%b1%d8%a8%d9%8a%d8%a7%d8%aa-far22\/","og_locale":"ar_AR","og_type":"article","og_title":"\u062f\u0639\u0627\u0645\u0629 \u0632\u0627\u0648\u064a\u0629 \u0639\u0627\u0644\u0645\u064a\u0629 \u0644\u0645\u0634\u0631\u0628\u064a\u0627\u062a FAR22","og_description":"\u062a\u0639\u062a\u0628\u0631 \u062f\u0639\u0627\u0645\u0629 \u0627\u0644\u0632\u0627\u0648\u064a\u0629 \u0644\u0644\u0645\u0634\u0631\u0628\u064a\u0629 \u0627\u0644\u0639\u0627\u0644\u0645\u064a\u0629 \u0627\u0644\u0645\u0635\u0646\u0648\u0639\u0629 \u0645\u0646 \u0627\u0644\u0641\u0648\u0644\u0627\u0630 \u0627\u0644\u0645\u062c\u0644\u0641\u0646 \u0645\u062b\u0627\u0644\u064a\u0629 \u0644\u0644\u0632\u0648\u0627\u064a\u0627 \u0627\u0644\u0636\u064a\u0642\u0629 \u0648\u0627\u0644\u062a\u0631\u0643\u064a\u0628\u0627\u062a \u0627\u0644\u0645\u0633\u062a\u0642\u0631\u0629.","og_url":"https:\/\/fdasrl.it\/ar\/prodotto\/%d8%af%d8%b9%d8%a7%d9%85%d8%a9-%d8%b2%d8%a7%d9%88%d9%8a%d8%a9-%d8%b9%d8%a7%d9%84%d9%85%d9%8a%d8%a9-%d9%84%d9%85%d8%b4%d8%b1%d8%a8%d9%8a%d8%a7%d8%aa-far22\/","og_site_name":"FDA srl","article_publisher":"https:\/\/www.facebook.com\/share\/1MWhFWg1Tp\/?mibextid=LQQJ4d","og_image":[{"width":1376,"height":1008,"url":"https:\/\/fdasrl.it\/wp-content\/uploads\/2025\/05\/Staffa-angolare-abbeveratoi-FAR22-1.png","type":"image\/png"}],"twitter_card":"summary_large_image","twitter_misc":{"\u0627\u0644\u0633\u0639\u0631":"","\u0627\u0644\u062a\u0648\u0641\u0631":"\u0645\u062a\u0648\u0641\u0631 \u0641\u064a \u0627\u0644\u0645\u062e\u0632\u0648\u0646"},"schema":{"@context":"https:\/\/schema.org","@graph":[{"@type":"WebPage","@id":"https:\/\/fdasrl.it\/ar\/prodotto\/%d8%af%d8%b9%d8%a7%d9%85%d8%a9-%d8%b2%d8%a7%d9%88%d9%8a%d8%a9-%d8%b9%d8%a7%d9%84%d9%85%d9%8a%d8%a9-%d9%84%d9%85%d8%b4%d8%b1%d8%a8%d9%8a%d8%a7%d8%aa-far22\/","url":"https:\/\/fdasrl.it\/ar\/prodotto\/%d8%af%d8%b9%d8%a7%d9%85%d8%a9-%d8%b2%d8%a7%d9%88%d9%8a%d8%a9-%d8%b9%d8%a7%d9%84%d9%85%d9%8a%d8%a9-%d9%84%d9%85%d8%b4%d8%b1%d8%a8%d9%8a%d8%a7%d8%aa-far22\/","name":"\u062f\u0639\u0627\u0645\u0629 \u0632\u0627\u0648\u064a\u0629 \u0644\u0645\u0634\u0631\u0628\u064a\u0629 \u0639\u0627\u0644\u0645\u064a\u0629 \u0645\u0646 \u0627\u0644\u0641\u0648\u0644\u0627\u0630 \u0627\u0644\u0645\u062c\u0644\u0641\u0646 - FDA srl","isPartOf":{"@id":"https:\/\/fdasrl.it\/ar\/#website"},"primaryImageOfPage":{"@id":"https:\/\/fdasrl.it\/ar\/prodotto\/%d8%af%d8%b9%d8%a7%d9%85%d8%a9-%d8%b2%d8%a7%d9%88%d9%8a%d8%a9-%d8%b9%d8%a7%d9%84%d9%85%d9%8a%d8%a9-%d9%84%d9%85%d8%b4%d8%b1%d8%a8%d9%8a%d8%a7%d8%aa-far22\/#primaryimage"},"image":{"@id":"https:\/\/fdasrl.it\/ar\/prodotto\/%d8%af%d8%b9%d8%a7%d9%85%d8%a9-%d8%b2%d8%a7%d9%88%d9%8a%d8%a9-%d8%b9%d8%a7%d9%84%d9%85%d9%8a%d8%a9-%d9%84%d9%85%d8%b4%d8%b1%d8%a8%d9%8a%d8%a7%d8%aa-far22\/#primaryimage"},"thumbnailUrl":"https:\/\/fdasrl.it\/wp-content\/uploads\/2025\/05\/Staffa-angolare-abbeveratoi-FAR22-1.png","datePublished":"2025-05-23T07:33:28+00:00","description":"\u062a\u0639\u062a\u0628\u0631 \u062f\u0639\u0627\u0645\u0629 \u0627\u0644\u0632\u0627\u0648\u064a\u0629 \u0644\u0644\u0645\u0634\u0631\u0628\u064a\u0629 \u0627\u0644\u0639\u0627\u0644\u0645\u064a\u0629 \u0627\u0644\u0645\u0635\u0646\u0648\u0639\u0629 \u0645\u0646 \u0627\u0644\u0641\u0648\u0644\u0627\u0630 \u0627\u0644\u0645\u062c\u0644\u0641\u0646 \u0645\u062b\u0627\u0644\u064a\u0629 \u0644\u0644\u0632\u0648\u0627\u064a\u0627 \u0627\u0644\u0636\u064a\u0642\u0629 \u0648\u0627\u0644\u062a\u0631\u0643\u064a\u0628\u0627\u062a \u0627\u0644\u0645\u0633\u062a\u0642\u0631\u0629.","breadcrumb":{"@id":"https:\/\/fdasrl.it\/ar\/prodotto\/%d8%af%d8%b9%d8%a7%d9%85%d8%a9-%d8%b2%d8%a7%d9%88%d9%8a%d8%a9-%d8%b9%d8%a7%d9%84%d9%85%d9%8a%d8%a9-%d9%84%d9%85%d8%b4%d8%b1%d8%a8%d9%8a%d8%a7%d8%aa-far22\/#breadcrumb"},"inLanguage":"ar","potentialAction":[{"@type":"ReadAction","target":["https:\/\/fdasrl.it\/ar\/prodotto\/%d8%af%d8%b9%d8%a7%d9%85%d8%a9-%d8%b2%d8%a7%d9%88%d9%8a%d8%a9-%d8%b9%d8%a7%d9%84%d9%85%d9%8a%d8%a9-%d9%84%d9%85%d8%b4%d8%b1%d8%a8%d9%8a%d8%a7%d8%aa-far22\/"]}]},{"@type":"ImageObject","inLanguage":"ar","@id":"https:\/\/fdasrl.it\/ar\/prodotto\/%d8%af%d8%b9%d8%a7%d9%85%d8%a9-%d8%b2%d8%a7%d9%88%d9%8a%d8%a9-%d8%b9%d8%a7%d9%84%d9%85%d9%8a%d8%a9-%d9%84%d9%85%d8%b4%d8%b1%d8%a8%d9%8a%d8%a7%d8%aa-far22\/#primaryimage","url":"https:\/\/fdasrl.it\/wp-content\/uploads\/2025\/05\/Staffa-angolare-abbeveratoi-FAR22-1.png","contentUrl":"https:\/\/fdasrl.it\/wp-content\/uploads\/2025\/05\/Staffa-angolare-abbeveratoi-FAR22-1.png","width":1376,"height":1008,"caption":"Staffa angolare per abbeveratoio FAR22"},{"@type":"BreadcrumbList","@id":"https:\/\/fdasrl.it\/ar\/prodotto\/%d8%af%d8%b9%d8%a7%d9%85%d8%a9-%d8%b2%d8%a7%d9%88%d9%8a%d8%a9-%d8%b9%d8%a7%d9%84%d9%85%d9%8a%d8%a9-%d9%84%d9%85%d8%b4%d8%b1%d8%a8%d9%8a%d8%a7%d8%aa-far22\/#breadcrumb","itemListElement":[{"@type":"ListItem","position":1,"name":"Home","item":"https:\/\/fdasrl.it\/ar\/%d8%a7%d9%84%d8%b1%d8%a6%d9%8a%d8%b3%d9%8a%d8%a9\/"},{"@type":"ListItem","position":2,"name":"\u0627\u0644\u0645\u062a\u062c\u0631","item":"https:\/\/fdasrl.it\/ar\/%d8%a7%d9%84%d9%85%d8%aa%d8%ac%d8%b1\/"},{"@type":"ListItem","position":3,"name":"\u062f\u0639\u0627\u0645\u0629 \u0632\u0627\u0648\u064a\u0629 \u0639\u0627\u0644\u0645\u064a\u0629 \u0644\u0645\u0634\u0631\u0628\u064a\u0627\u062a FAR22"}]},{"@type":"WebSite","@id":"https:\/\/fdasrl.it\/ar\/#website","url":"https:\/\/fdasrl.it\/ar\/","name":"FDA srl","description":"Equipment for animal husbandry","publisher":{"@id":"https:\/\/fdasrl.it\/ar\/#organization"},"potentialAction":[{"@type":"SearchAction","target":{"@type":"EntryPoint","urlTemplate":"https:\/\/fdasrl.it\/ar\/?s={search_term_string}"},"query-input":{"@type":"PropertyValueSpecification","valueRequired":true,"valueName":"search_term_string"}}],"inLanguage":"ar"},{"@type":"Organization","@id":"https:\/\/fdasrl.it\/ar\/#organization","name":"FDA srl","url":"https:\/\/fdasrl.it\/ar\/","logo":{"@type":"ImageObject","inLanguage":"ar","@id":"https:\/\/fdasrl.it\/ar\/#\/schema\/logo\/image\/","url":"https:\/\/fdasrl.it\/wp-content\/uploads\/2024\/12\/Logo-FDA.png","contentUrl":"https:\/\/fdasrl.it\/wp-content\/uploads\/2024\/12\/Logo-FDA.png","width":316,"height":119,"caption":"FDA srl"},"image":{"@id":"https:\/\/fdasrl.it\/ar\/#\/schema\/logo\/image\/"},"sameAs":["https:\/\/www.facebook.com\/share\/1MWhFWg1Tp\/?mibextid=LQQJ4d","https:\/\/www.instagram.com\/fda_srl\/profilecard\/?igsh=YW5lbzJ6MWg0d21u","https:\/\/www.youtube.com\/@FDASRL_ANIMALCARE"],"description":"FDA SRL \u2013 Equipment for animal husbandry nasce con l\u2019obiettivo di offrire soluzioni affidabili e innovative per l\u2019allevamento moderno. Con anni di esperienza nel settore zootecnico, progettiamo e realizziamo attrezzature destinate al benessere animale e alla gestione efficiente delle stalle: vasche, abbeveratoi, mangiatoie e sistemi di riscaldamento pensati per durare nel tempo e semplificare il lavoro quotidiano degli allevatori. Dalla progettazione alla produzione, ogni nostro prodotto \u00e8 studiato nei minimi dettagli, testato con cura e costruito per rispondere alle esigenze reali del settore. La nostra forza \u00e8 unire artigianalit\u00e0, tecnologia e competenza tecnica per trasformare ogni progetto in una soluzione concreta e funzionale. Oggi FDA SRL \u00e8 un punto di riferimento per privati e rivenditori che cercano qualit\u00e0, affidabilit\u00e0 e innovazione nelle attrezzature per l\u2019allevamento.","email":"info@fdasrl.it","telephone":"+390522826820","legalName":"F.D.A. SRL","foundingDate":"2024-10-13","vatID":"03075840359","taxID":"03075840359","numberOfEmployees":{"@type":"QuantitativeValue","minValue":"1","maxValue":"10"}}]},"product_price_currency":"EUR","og_availability":"instock","product_availability":"instock","product_retailer_item_id":"FAR22","product_condition":"new"},"_links":{"self":[{"href":"https:\/\/fdasrl.it\/ar\/wp-json\/wp\/v2\/product\/3159","targetHints":{"allow":["GET"]}}],"collection":[{"href":"https:\/\/fdasrl.it\/ar\/wp-json\/wp\/v2\/product"}],"about":[{"href":"https:\/\/fdasrl.it\/ar\/wp-json\/wp\/v2\/types\/product"}],"replies":[{"embeddable":true,"href":"https:\/\/fdasrl.it\/ar\/wp-json\/wp\/v2\/comments?post=3159"}],"wp:featuredmedia":[{"embeddable":true,"href":"https:\/\/fdasrl.it\/ar\/wp-json\/wp\/v2\/media\/832"}],"wp:attachment":[{"href":"https:\/\/fdasrl.it\/ar\/wp-json\/wp\/v2\/media?parent=3159"}],"wp:term":[{"taxonomy":"product_brand","embeddable":true,"href":"https:\/\/fdasrl.it\/ar\/wp-json\/wp\/v2\/product_brand?post=3159"},{"taxonomy":"product_cat","embeddable":true,"href":"https:\/\/fdasrl.it\/ar\/wp-json\/wp\/v2\/product_cat?post=3159"},{"taxonomy":"product_tag","embeddable":true,"href":"https:\/\/fdasrl.it\/ar\/wp-json\/wp\/v2\/product_tag?post=3159"}],"curies":[{"name":"wp","href":"https:\/\/api.w.org\/{rel}","templated":true}]}}