{"id":3299,"date":"2025-01-21T13:24:26","date_gmt":"2025-01-21T12:24:26","guid":{"rendered":"https:\/\/fdasrl.it\/prodotto\/%d9%86%d9%88%d8%a7%d8%a8%d8%b6-%d9%87%d9%88%d8%a7%d8%a6%d9%8a%d8%a9-%d9%84%d8%a2%d9%84%d8%a7%d8%aa-%d8%a7%d9%84%d8%ad%d9%84%d8%a8\/"},"modified":"2025-01-21T13:24:26","modified_gmt":"2025-01-21T12:24:26","slug":"%d9%86%d9%88%d8%a7%d8%a8%d8%b6-%d9%87%d9%88%d8%a7%d8%a6%d9%8a%d8%a9-%d9%84%d8%a2%d9%84%d8%a7%d8%aa-%d8%a7%d9%84%d8%ad%d9%84%d8%a8","status":"publish","type":"product","link":"https:\/\/fdasrl.it\/ar\/prodotto\/%d9%86%d9%88%d8%a7%d8%a8%d8%b6-%d9%87%d9%88%d8%a7%d8%a6%d9%8a%d8%a9-%d9%84%d8%a2%d9%84%d8%a7%d8%aa-%d8%a7%d9%84%d8%ad%d9%84%d8%a8\/","title":{"rendered":"\u0646\u0648\u0627\u0628\u0636 \u0647\u0648\u0627\u0626\u064a\u0629 \u0644\u0622\u0644\u0627\u062a \u0627\u0644\u062d\u0644\u0628"},"content":{"rendered":"<h2 data-start=\"120\" data-end=\"187\">\u0646\u0648\u0627\u0628\u0636 \u0647\u0648\u0627\u0626\u064a\u0629 \u0644\u0622\u0644\u0627\u062a \u0627\u0644\u062d\u0644\u0628 \u2013 \u0644\u0644\u0623\u0628\u0642\u0627\u0631 \u0648\u0627\u0644\u0645\u0627\u0639\u0632 \u0648\u0627\u0644\u0623\u063a\u0646\u0627\u0645<\/h2>\n<p data-start=\"189\" data-end=\"406\"><strong data-start=\"189\" data-end=\"215\">\u0627\u0644\u0646\u0648\u0627\u0628\u0636 \u0627\u0644\u0647\u0648\u0627\u0626\u064a\u0629<\/strong> \u0647\u064a \u0645\u0643\u0648\u0646\u0627\u062a \u0623\u0633\u0627\u0633\u064a\u0629 \u0641\u064a \u0623\u0646\u0638\u0645\u0629 \u0627\u0644\u062d\u0644\u0628\u061b \u0641\u0647\u064a \u062a\u0646\u0638\u0645 \u062a\u062f\u0641\u0642 \u0627\u0644\u0641\u0631\u0627\u063a \u0625\u0644\u0649 \u0627\u0644\u0642\u0645\u064a\u0635 \u0627\u0644\u0645\u0637\u0627\u0637\u064a\u060c \u0645\u0645\u0627 \u064a\u062d\u0627\u0643\u064a \u0625\u064a\u0642\u0627\u0639 \u0631\u0636\u0627\u0639\u0629 \u0627\u0644\u062d\u064a\u0648\u0627\u0646 \u0648\u064a\u0636\u0645\u0646 \u062d\u0644\u0628\u0627\u064b \u0641\u0639\u0627\u0644\u0627\u064b \u0648\u0644\u0637\u064a\u0641\u0627\u064b. <\/p>\n<h3 data-start=\"408\" data-end=\"453\">\u0645\u0627 \u0647\u064a \u0648\u0638\u064a\u0641\u0629 \u0646\u0627\u0628\u0636 \u0622\u0644\u0629 \u0627\u0644\u062d\u0644\u0628\u061f<\/h3>\n<p data-start=\"455\" data-end=\"695\">\u064a\u062a\u062d\u0643\u0645 <strong data-start=\"458\" data-end=\"486\">\u0646\u0627\u0628\u0636 \u0622\u0644\u0629 \u0627\u0644\u062d\u0644\u0628<\/strong> \u0641\u064a \u0627\u0644\u0641\u0631\u0627\u063a \u0628\u0634\u0643\u0644 \u0645\u062a\u0646\u0627\u0648\u0628\u060c \u0645\u0645\u0627 \u064a\u0633\u0645\u062d \u0628\u0641\u062a\u062d \u0648\u0625\u063a\u0644\u0627\u0642 \u0627\u0644\u0642\u0645\u0635\u0627\u0646 \u0627\u0644\u0645\u0637\u0627\u0637\u064a\u0629 \u0644\u0644\u062d\u0644\u0628. \u0647\u0630\u0647 \u0627\u0644\u0639\u0645\u0644\u064a\u0629 \u0627\u0644\u062f\u0648\u0631\u064a\u0629 \u0636\u0631\u0648\u0631\u064a\u0629 \u0644\u0635\u062d\u0629 \u0627\u0644\u062d\u064a\u0648\u0627\u0646 \u0648\u0644\u0625\u0646\u062a\u0627\u062c \u062d\u0644\u064a\u0628 \u0645\u062b\u0627\u0644\u064a. <\/p>\n<h3 data-start=\"697\" data-end=\"728\">\u0627\u0644\u062e\u0635\u0627\u0626\u0635 \u0627\u0644\u0631\u0626\u064a\u0633\u064a\u0629:<\/h3>\n<ul data-start=\"730\" data-end=\"938\">\n<li data-start=\"730\" data-end=\"847\">\n<p data-start=\"732\" data-end=\"847\">\u2705 <strong data-start=\"734\" data-end=\"759\">\u0645\u0639\u062f\u0644 \u0627\u0644\u062a\u0631\u062f\u062f<\/strong>: \u064a\u0634\u064a\u0631 \u0625\u0644\u0649 \u0639\u062f\u062f \u0627\u0644\u0646\u0628\u0636\u0627\u062a \u0641\u064a \u0627\u0644\u062f\u0642\u064a\u0642\u0629. \u064a\u0645\u0643\u0646 \u0636\u0628\u0637\u0647 \u0628\u0648\u0627\u0633\u0637\u0629 \u0628\u0631\u063a\u064a \u062f\u0642\u064a\u0642. <\/p>\n<\/li>\n<li data-start=\"848\" data-end=\"938\">\n<p data-start=\"850\" data-end=\"938\">\u2705 <strong data-start=\"852\" data-end=\"878\">\u0646\u0633\u0628\u0629 \u0627\u0644\u0646\u0628\u0636<\/strong>: \u062a\u062d\u062f\u062f \u0645\u062f\u0629 \u0627\u0644\u0641\u0631\u0627\u063a \u0641\u064a \u0643\u0644 \u062f\u0648\u0631\u0629 \u0646\u0628\u0636.<\/p>\n<\/li>\n<\/ul>\n<hr data-start=\"940\" data-end=\"943\">\n<h3 data-start=\"945\" data-end=\"968\">\u0627\u0644\u0645\u0648\u062f\u064a\u0644\u0627\u062a \u0627\u0644\u0645\u062a\u0627\u062d\u0629<\/h3>\n<h4 data-start=\"970\" data-end=\"1009\">\ud83d\udd39 \u0646\u0627\u0628\u0636 \u0647\u0648\u0627\u0626\u064a \u0644\u0644\u0623\u0628\u0642\u0627\u0631<\/h4>\n<ul data-start=\"1010\" data-end=\"1137\">\n<li data-start=\"1010\" data-end=\"1033\">\n<p data-start=\"1012\" data-end=\"1033\"><strong data-start=\"1012\" data-end=\"1024\">\u0627\u0644\u0646\u0633\u0628\u0629<\/strong>: 60\/40<\/p>\n<\/li>\n<li data-start=\"1034\" data-end=\"1073\">\n<p data-start=\"1036\" data-end=\"1073\"><strong data-start=\"1036\" data-end=\"1049\">\u0627\u0644\u062a\u0631\u062f\u062f<\/strong>: 60 \u0646\u0628\u0636\u0629\/\u062f\u0642\u064a\u0642\u0629<\/p>\n<\/li>\n<li data-start=\"1074\" data-end=\"1137\">\n<p data-start=\"1076\" data-end=\"1137\">\u0645\u062b\u0627\u0644\u064a \u0644\u062d\u0644\u0628 \u0627\u0644\u0623\u0628\u0642\u0627\u0631\u060c \u064a\u0636\u0645\u0646 \u0627\u0644\u0643\u0641\u0627\u0621\u0629 \u0648\u0627\u0644\u0631\u0627\u062d\u0629.<\/p>\n<\/li>\n<\/ul>\n<h4 data-start=\"1139\" data-end=\"1177\">\ud83d\udd39 \u0646\u0627\u0628\u0636 \u0647\u0648\u0627\u0626\u064a \u0644\u0644\u0645\u0627\u0639\u0632<\/h4>\n<ul data-start=\"1178\" data-end=\"1301\">\n<li data-start=\"1178\" data-end=\"1201\">\n<p data-start=\"1180\" data-end=\"1201\"><strong data-start=\"1180\" data-end=\"1192\">\u0627\u0644\u0646\u0633\u0628\u0629<\/strong>: 60\/40<\/p>\n<\/li>\n<li data-start=\"1202\" data-end=\"1241\">\n<p data-start=\"1204\" data-end=\"1241\"><strong data-start=\"1204\" data-end=\"1217\">\u0627\u0644\u062a\u0631\u062f\u062f<\/strong>: 90 \u0646\u0628\u0636\u0629\/\u062f\u0642\u064a\u0642\u0629<\/p>\n<\/li>\n<li data-start=\"1242\" data-end=\"1301\">\n<p data-start=\"1244\" data-end=\"1301\">\u0645\u064f\u062d\u0633\u064e\u0651\u0646 \u0644\u0646\u0638\u0627\u0645 \u0627\u0644\u062d\u0644\u0628 \u0627\u0644\u0644\u0637\u064a\u0641 \u0644\u0645\u0627\u0639\u0632 \u0627\u0644\u062d\u0644\u064a\u0628.<\/p>\n<\/li>\n<\/ul>\n<h4 data-start=\"1303\" data-end=\"1342\">\ud83d\udd39 \u0646\u0627\u0628\u0636 \u0647\u0648\u0627\u0626\u064a \u0644\u0644\u0623\u063a\u0646\u0627\u0645<\/h4>\n<ul data-start=\"1343\" data-end=\"1459\">\n<li data-start=\"1343\" data-end=\"1366\">\n<p data-start=\"1345\" data-end=\"1366\"><strong data-start=\"1345\" data-end=\"1357\">\u0627\u0644\u0646\u0633\u0628\u0629<\/strong>: 50\/50<\/p>\n<\/li>\n<li data-start=\"1367\" data-end=\"1407\">\n<p data-start=\"1369\" data-end=\"1407\"><strong data-start=\"1369\" data-end=\"1382\">\u0627\u0644\u062a\u0631\u062f\u062f<\/strong>: 120 \u0646\u0628\u0636\u0629\/\u062f\u0642\u064a\u0642\u0629<\/p>\n<\/li>\n<li data-start=\"1408\" data-end=\"1459\">\n<p data-start=\"1410\" data-end=\"1459\">\u0645\u0635\u0645\u0645 \u0644\u062d\u0644\u0628 \u0627\u0644\u0623\u063a\u0646\u0627\u0645 \u0639\u0627\u0644\u064a \u0627\u0644\u062a\u0631\u062f\u062f.<\/p>\n<\/li>\n<\/ul>\n<hr data-start=\"1461\" data-end=\"1464\">\n<h3 data-start=\"1466\" data-end=\"1506\">\u0644\u0645\u0627\u0630\u0627 \u062a\u062e\u062a\u0627\u0631 \u0646\u0648\u0627\u0628\u0636\u0646\u0627\u061f<\/h3>\n<ul data-start=\"1508\" data-end=\"1663\">\n<li data-start=\"1508\" data-end=\"1558\">\n<p data-start=\"1510\" data-end=\"1558\">\u2705 \u0645\u062a\u0648\u0627\u0641\u0642\u0629 \u0645\u0639 \u0623\u0646\u0638\u0645\u0629 \u0627\u0644\u062d\u0644\u0628 \u0627\u0644\u0642\u064a\u0627\u0633\u064a\u0629<\/p>\n<\/li>\n<li data-start=\"1559\" data-end=\"1591\">\n<p data-start=\"1561\" data-end=\"1591\">\u2705 \u0636\u0628\u0637 \u0633\u0647\u0644 \u0648\u062f\u0642\u064a\u0642<\/p>\n<\/li>\n<li data-start=\"1592\" data-end=\"1632\">\n<p data-start=\"1594\" data-end=\"1632\">\u2705 \u0645\u0648\u062b\u0648\u0642\u064a\u0629 \u0639\u0627\u0644\u064a\u0629 \u0648\u0645\u062a\u0627\u0646\u0629 \u0637\u0648\u064a\u0644\u0629 \u0627\u0644\u0623\u0645\u062f<\/p>\n<\/li>\n<li data-start=\"1633\" data-end=\"1663\">\n<p data-start=\"1635\" data-end=\"1663\">\u2705 \u062f\u0639\u0645 \u0641\u0646\u064a \u0645\u0636\u0645\u0648\u0646<\/p>\n<\/li>\n<\/ul>\n<p>\u0627\u0634\u062a\u0631\u0650\u0647 \u0645\u0646 <a href=\"https:\/\/fda-shop.it\/shop\/mungitura\/pulsatore-pneumatico#\/148-tipo-mucca\" target=\"_blank\" rel=\"noopener\">\u0645\u062a\u062c\u0631\u0646\u0627 \u0627\u0644\u0625\u0644\u0643\u062a\u0631\u0648\u0646\u064a<\/a><\/p>\n","protected":false},"excerpt":{"rendered":"<p>\u0646\u0648\u0627\u0628\u0636 \u0647\u0648\u0627\u0626\u064a\u0629 \u0644\u0622\u0644\u0627\u062a \u062d\u0644\u0628 \u0627\u0644\u0623\u0628\u0642\u0627\u0631 \u0648\u0627\u0644\u0645\u0627\u0639\u0632 \u0648\u0627\u0644\u0623\u063a\u0646\u0627\u0645. \u062c\u0648\u062f\u0629 \u0639\u0627\u0644\u064a\u0629\u060c \u0642\u0627\u0628\u0644\u0629 \u0644\u0644\u0636\u0628\u0637 \u0648\u0645\u0648\u062b\u0648\u0642\u0629. <\/p>\n","protected":false},"featured_media":482,"comment_status":"open","ping_status":"closed","template":"","meta":{"_et_pb_use_builder":"","_et_pb_old_content":"","_et_gb_content_width":""},"product_brand":[],"product_cat":[492],"product_tag":[823],"class_list":{"0":"post-3299","1":"product","2":"type-product","3":"status-publish","4":"has-post-thumbnail","6":"product_cat-492","7":"product_tag-facm10200","9":"first","10":"instock","11":"shipping-taxable","12":"product-type-simple"},"yoast_head":"<!-- This site is optimized with the Yoast SEO Premium plugin v27.5 (Yoast SEO v27.5) - https:\/\/yoast.com\/product\/yoast-seo-premium-wordpress\/ -->\n<title>\u0646\u0627\u0628\u0636 \u0644\u0622\u0644\u0629 \u0627\u0644\u062d\u0644\u0628 \u0645\u0639 \u0645\u064a\u0632\u0629 \u0636\u0628\u0637 \u0627\u0644\u062a\u0631\u062f\u062f - FDA srl<\/title>\n<meta name=\"description\" content=\"\u064a\u0639\u0645\u0644 \u0646\u0627\u0628\u0636 \u0622\u0644\u0629 \u0627\u0644\u062d\u0644\u0628 \u0639\u0644\u0649 \u062a\u0646\u0638\u064a\u0645 \u062a\u062f\u0641\u0642 \u0627\u0644\u0641\u0631\u0627\u063a \u0644\u0636\u0645\u0627\u0646 \u062d\u0644\u0628 \u0644\u0637\u064a\u0641 \u0648\u0645\u062b\u0627\u0644\u064a. \u0627\u0634\u062a\u0631\u0650 \u0627\u0644\u0622\u0646 \u0648\u0639\u0632\u0632 \u0625\u0646\u062a\u0627\u062c\u0643! \u2705\" \/>\n<meta name=\"robots\" content=\"index, follow, max-snippet:-1, max-image-preview:large, max-video-preview:-1\" \/>\n<link rel=\"canonical\" href=\"https:\/\/fdasrl.it\/ar\/prodotto\/%d9%86%d9%88%d8%a7%d8%a8%d8%b6-%d9%87%d9%88%d8%a7%d8%a6%d9%8a%d8%a9-%d9%84%d8%a2%d9%84%d8%a7%d8%aa-%d8%a7%d9%84%d8%ad%d9%84%d8%a8\/\" \/>\n<meta property=\"og:locale\" content=\"ar_AR\" \/>\n<meta property=\"og:type\" content=\"article\" \/>\n<meta property=\"og:title\" content=\"\u0646\u0648\u0627\u0628\u0636 \u0647\u0648\u0627\u0626\u064a\u0629 \u0644\u0622\u0644\u0627\u062a \u0627\u0644\u062d\u0644\u0628\" \/>\n<meta property=\"og:description\" content=\"\u064a\u0639\u0645\u0644 \u0646\u0627\u0628\u0636 \u0622\u0644\u0629 \u0627\u0644\u062d\u0644\u0628 \u0639\u0644\u0649 \u062a\u0646\u0638\u064a\u0645 \u062a\u062f\u0641\u0642 \u0627\u0644\u0641\u0631\u0627\u063a \u0644\u0636\u0645\u0627\u0646 \u062d\u0644\u0628 \u0644\u0637\u064a\u0641 \u0648\u0645\u062b\u0627\u0644\u064a. \u0627\u0634\u062a\u0631\u0650 \u0627\u0644\u0622\u0646 \u0648\u0639\u0632\u0632 \u0625\u0646\u062a\u0627\u062c\u0643! \u2705\" \/>\n<meta property=\"og:url\" content=\"https:\/\/fdasrl.it\/ar\/prodotto\/%d9%86%d9%88%d8%a7%d8%a8%d8%b6-%d9%87%d9%88%d8%a7%d8%a6%d9%8a%d8%a9-%d9%84%d8%a2%d9%84%d8%a7%d8%aa-%d8%a7%d9%84%d8%ad%d9%84%d8%a8\/\" \/>\n<meta property=\"og:site_name\" content=\"FDA srl\" \/>\n<meta property=\"article:publisher\" content=\"https:\/\/www.facebook.com\/share\/1MWhFWg1Tp\/?mibextid=LQQJ4d\" \/>\n<meta property=\"og:image\" content=\"https:\/\/fdasrl.it\/wp-content\/uploads\/2025\/01\/FACM10000_2.jpg\" \/>\n\t<meta property=\"og:image:width\" content=\"300\" \/>\n\t<meta property=\"og:image:height\" content=\"276\" \/>\n\t<meta property=\"og:image:type\" content=\"image\/jpeg\" \/>\n<meta name=\"twitter:card\" content=\"summary_large_image\" \/>\n<meta name=\"twitter:label1\" content=\"\u0627\u0644\u0633\u0639\u0631\" \/>\n\t<meta name=\"twitter:data1\" content=\"\" \/>\n\t<meta name=\"twitter:label2\" content=\"\u0627\u0644\u062a\u0648\u0641\u0631\" \/>\n\t<meta name=\"twitter:data2\" content=\"\u0645\u062a\u0648\u0641\u0631 \u0641\u064a \u0627\u0644\u0645\u062e\u0632\u0648\u0646\" \/>\n<meta property=\"product:price:currency\" content=\"EUR\" \/>\n<meta property=\"og:availability\" content=\"instock\" \/>\n<meta property=\"product:availability\" content=\"instock\" \/>\n<meta property=\"product:retailer_item_id\" content=\"FACM10000\" \/>\n<meta property=\"product:condition\" content=\"new\" \/>\n<!-- \/ Yoast SEO Premium plugin. -->","yoast_head_json":{"title":"\u0646\u0627\u0628\u0636 \u0644\u0622\u0644\u0629 \u0627\u0644\u062d\u0644\u0628 \u0645\u0639 \u0645\u064a\u0632\u0629 \u0636\u0628\u0637 \u0627\u0644\u062a\u0631\u062f\u062f - FDA srl","description":"\u064a\u0639\u0645\u0644 \u0646\u0627\u0628\u0636 \u0622\u0644\u0629 \u0627\u0644\u062d\u0644\u0628 \u0639\u0644\u0649 \u062a\u0646\u0638\u064a\u0645 \u062a\u062f\u0641\u0642 \u0627\u0644\u0641\u0631\u0627\u063a \u0644\u0636\u0645\u0627\u0646 \u062d\u0644\u0628 \u0644\u0637\u064a\u0641 \u0648\u0645\u062b\u0627\u0644\u064a. \u0627\u0634\u062a\u0631\u0650 \u0627\u0644\u0622\u0646 \u0648\u0639\u0632\u0632 \u0625\u0646\u062a\u0627\u062c\u0643! \u2705","robots":{"index":"index","follow":"follow","max-snippet":"max-snippet:-1","max-image-preview":"max-image-preview:large","max-video-preview":"max-video-preview:-1"},"canonical":"https:\/\/fdasrl.it\/ar\/prodotto\/%d9%86%d9%88%d8%a7%d8%a8%d8%b6-%d9%87%d9%88%d8%a7%d8%a6%d9%8a%d8%a9-%d9%84%d8%a2%d9%84%d8%a7%d8%aa-%d8%a7%d9%84%d8%ad%d9%84%d8%a8\/","og_locale":"ar_AR","og_type":"article","og_title":"\u0646\u0648\u0627\u0628\u0636 \u0647\u0648\u0627\u0626\u064a\u0629 \u0644\u0622\u0644\u0627\u062a \u0627\u0644\u062d\u0644\u0628","og_description":"\u064a\u0639\u0645\u0644 \u0646\u0627\u0628\u0636 \u0622\u0644\u0629 \u0627\u0644\u062d\u0644\u0628 \u0639\u0644\u0649 \u062a\u0646\u0638\u064a\u0645 \u062a\u062f\u0641\u0642 \u0627\u0644\u0641\u0631\u0627\u063a \u0644\u0636\u0645\u0627\u0646 \u062d\u0644\u0628 \u0644\u0637\u064a\u0641 \u0648\u0645\u062b\u0627\u0644\u064a. \u0627\u0634\u062a\u0631\u0650 \u0627\u0644\u0622\u0646 \u0648\u0639\u0632\u0632 \u0625\u0646\u062a\u0627\u062c\u0643! \u2705","og_url":"https:\/\/fdasrl.it\/ar\/prodotto\/%d9%86%d9%88%d8%a7%d8%a8%d8%b6-%d9%87%d9%88%d8%a7%d8%a6%d9%8a%d8%a9-%d9%84%d8%a2%d9%84%d8%a7%d8%aa-%d8%a7%d9%84%d8%ad%d9%84%d8%a8\/","og_site_name":"FDA srl","article_publisher":"https:\/\/www.facebook.com\/share\/1MWhFWg1Tp\/?mibextid=LQQJ4d","og_image":[{"width":300,"height":276,"url":"https:\/\/fdasrl.it\/wp-content\/uploads\/2025\/01\/FACM10000_2.jpg","type":"image\/jpeg"}],"twitter_card":"summary_large_image","twitter_misc":{"\u0627\u0644\u0633\u0639\u0631":"","\u0627\u0644\u062a\u0648\u0641\u0631":"\u0645\u062a\u0648\u0641\u0631 \u0641\u064a \u0627\u0644\u0645\u062e\u0632\u0648\u0646"},"schema":{"@context":"https:\/\/schema.org","@graph":[{"@type":"WebPage","@id":"https:\/\/fdasrl.it\/ar\/prodotto\/%d9%86%d9%88%d8%a7%d8%a8%d8%b6-%d9%87%d9%88%d8%a7%d8%a6%d9%8a%d8%a9-%d9%84%d8%a2%d9%84%d8%a7%d8%aa-%d8%a7%d9%84%d8%ad%d9%84%d8%a8\/","url":"https:\/\/fdasrl.it\/ar\/prodotto\/%d9%86%d9%88%d8%a7%d8%a8%d8%b6-%d9%87%d9%88%d8%a7%d8%a6%d9%8a%d8%a9-%d9%84%d8%a2%d9%84%d8%a7%d8%aa-%d8%a7%d9%84%d8%ad%d9%84%d8%a8\/","name":"\u0646\u0627\u0628\u0636 \u0644\u0622\u0644\u0629 \u0627\u0644\u062d\u0644\u0628 \u0645\u0639 \u0645\u064a\u0632\u0629 \u0636\u0628\u0637 \u0627\u0644\u062a\u0631\u062f\u062f - FDA srl","isPartOf":{"@id":"https:\/\/fdasrl.it\/ar\/#website"},"primaryImageOfPage":{"@id":"https:\/\/fdasrl.it\/ar\/prodotto\/%d9%86%d9%88%d8%a7%d8%a8%d8%b6-%d9%87%d9%88%d8%a7%d8%a6%d9%8a%d8%a9-%d9%84%d8%a2%d9%84%d8%a7%d8%aa-%d8%a7%d9%84%d8%ad%d9%84%d8%a8\/#primaryimage"},"image":{"@id":"https:\/\/fdasrl.it\/ar\/prodotto\/%d9%86%d9%88%d8%a7%d8%a8%d8%b6-%d9%87%d9%88%d8%a7%d8%a6%d9%8a%d8%a9-%d9%84%d8%a2%d9%84%d8%a7%d8%aa-%d8%a7%d9%84%d8%ad%d9%84%d8%a8\/#primaryimage"},"thumbnailUrl":"https:\/\/fdasrl.it\/wp-content\/uploads\/2025\/01\/FACM10000_2.jpg","datePublished":"2025-01-21T12:24:26+00:00","description":"\u064a\u0639\u0645\u0644 \u0646\u0627\u0628\u0636 \u0622\u0644\u0629 \u0627\u0644\u062d\u0644\u0628 \u0639\u0644\u0649 \u062a\u0646\u0638\u064a\u0645 \u062a\u062f\u0641\u0642 \u0627\u0644\u0641\u0631\u0627\u063a \u0644\u0636\u0645\u0627\u0646 \u062d\u0644\u0628 \u0644\u0637\u064a\u0641 \u0648\u0645\u062b\u0627\u0644\u064a. \u0627\u0634\u062a\u0631\u0650 \u0627\u0644\u0622\u0646 \u0648\u0639\u0632\u0632 \u0625\u0646\u062a\u0627\u062c\u0643! \u2705","breadcrumb":{"@id":"https:\/\/fdasrl.it\/ar\/prodotto\/%d9%86%d9%88%d8%a7%d8%a8%d8%b6-%d9%87%d9%88%d8%a7%d8%a6%d9%8a%d8%a9-%d9%84%d8%a2%d9%84%d8%a7%d8%aa-%d8%a7%d9%84%d8%ad%d9%84%d8%a8\/#breadcrumb"},"inLanguage":"ar","potentialAction":[{"@type":"ReadAction","target":["https:\/\/fdasrl.it\/ar\/prodotto\/%d9%86%d9%88%d8%a7%d8%a8%d8%b6-%d9%87%d9%88%d8%a7%d8%a6%d9%8a%d8%a9-%d9%84%d8%a2%d9%84%d8%a7%d8%aa-%d8%a7%d9%84%d8%ad%d9%84%d8%a8\/"]}]},{"@type":"ImageObject","inLanguage":"ar","@id":"https:\/\/fdasrl.it\/ar\/prodotto\/%d9%86%d9%88%d8%a7%d8%a8%d8%b6-%d9%87%d9%88%d8%a7%d8%a6%d9%8a%d8%a9-%d9%84%d8%a2%d9%84%d8%a7%d8%aa-%d8%a7%d9%84%d8%ad%d9%84%d8%a8\/#primaryimage","url":"https:\/\/fdasrl.it\/wp-content\/uploads\/2025\/01\/FACM10000_2.jpg","contentUrl":"https:\/\/fdasrl.it\/wp-content\/uploads\/2025\/01\/FACM10000_2.jpg","width":300,"height":276},{"@type":"BreadcrumbList","@id":"https:\/\/fdasrl.it\/ar\/prodotto\/%d9%86%d9%88%d8%a7%d8%a8%d8%b6-%d9%87%d9%88%d8%a7%d8%a6%d9%8a%d8%a9-%d9%84%d8%a2%d9%84%d8%a7%d8%aa-%d8%a7%d9%84%d8%ad%d9%84%d8%a8\/#breadcrumb","itemListElement":[{"@type":"ListItem","position":1,"name":"Home","item":"https:\/\/fdasrl.it\/ar\/%d8%a7%d9%84%d8%b1%d8%a6%d9%8a%d8%b3%d9%8a%d8%a9\/"},{"@type":"ListItem","position":2,"name":"\u0627\u0644\u0645\u062a\u062c\u0631","item":"https:\/\/fdasrl.it\/ar\/%d8%a7%d9%84%d9%85%d8%aa%d8%ac%d8%b1\/"},{"@type":"ListItem","position":3,"name":"\u0646\u0648\u0627\u0628\u0636 \u0647\u0648\u0627\u0626\u064a\u0629 \u0644\u0622\u0644\u0627\u062a \u0627\u0644\u062d\u0644\u0628"}]},{"@type":"WebSite","@id":"https:\/\/fdasrl.it\/ar\/#website","url":"https:\/\/fdasrl.it\/ar\/","name":"FDA srl","description":"Equipment for animal husbandry","publisher":{"@id":"https:\/\/fdasrl.it\/ar\/#organization"},"potentialAction":[{"@type":"SearchAction","target":{"@type":"EntryPoint","urlTemplate":"https:\/\/fdasrl.it\/ar\/?s={search_term_string}"},"query-input":{"@type":"PropertyValueSpecification","valueRequired":true,"valueName":"search_term_string"}}],"inLanguage":"ar"},{"@type":"Organization","@id":"https:\/\/fdasrl.it\/ar\/#organization","name":"FDA srl","url":"https:\/\/fdasrl.it\/ar\/","logo":{"@type":"ImageObject","inLanguage":"ar","@id":"https:\/\/fdasrl.it\/ar\/#\/schema\/logo\/image\/","url":"https:\/\/fdasrl.it\/wp-content\/uploads\/2024\/12\/Logo-FDA.png","contentUrl":"https:\/\/fdasrl.it\/wp-content\/uploads\/2024\/12\/Logo-FDA.png","width":316,"height":119,"caption":"FDA srl"},"image":{"@id":"https:\/\/fdasrl.it\/ar\/#\/schema\/logo\/image\/"},"sameAs":["https:\/\/www.facebook.com\/share\/1MWhFWg1Tp\/?mibextid=LQQJ4d","https:\/\/www.instagram.com\/fda_srl\/profilecard\/?igsh=YW5lbzJ6MWg0d21u","https:\/\/www.youtube.com\/@FDASRL_ANIMALCARE"],"description":"FDA SRL \u2013 Equipment for animal husbandry nasce con l\u2019obiettivo di offrire soluzioni affidabili e innovative per l\u2019allevamento moderno. Con anni di esperienza nel settore zootecnico, progettiamo e realizziamo attrezzature destinate al benessere animale e alla gestione efficiente delle stalle: vasche, abbeveratoi, mangiatoie e sistemi di riscaldamento pensati per durare nel tempo e semplificare il lavoro quotidiano degli allevatori. Dalla progettazione alla produzione, ogni nostro prodotto \u00e8 studiato nei minimi dettagli, testato con cura e costruito per rispondere alle esigenze reali del settore. La nostra forza \u00e8 unire artigianalit\u00e0, tecnologia e competenza tecnica per trasformare ogni progetto in una soluzione concreta e funzionale. Oggi FDA SRL \u00e8 un punto di riferimento per privati e rivenditori che cercano qualit\u00e0, affidabilit\u00e0 e innovazione nelle attrezzature per l\u2019allevamento.","email":"info@fdasrl.it","telephone":"+390522826820","legalName":"F.D.A. SRL","foundingDate":"2024-10-13","vatID":"03075840359","taxID":"03075840359","numberOfEmployees":{"@type":"QuantitativeValue","minValue":"1","maxValue":"10"}}]},"product_price_currency":"EUR","og_availability":"instock","product_availability":"instock","product_retailer_item_id":"FACM10000","product_condition":"new"},"_links":{"self":[{"href":"https:\/\/fdasrl.it\/ar\/wp-json\/wp\/v2\/product\/3299","targetHints":{"allow":["GET"]}}],"collection":[{"href":"https:\/\/fdasrl.it\/ar\/wp-json\/wp\/v2\/product"}],"about":[{"href":"https:\/\/fdasrl.it\/ar\/wp-json\/wp\/v2\/types\/product"}],"replies":[{"embeddable":true,"href":"https:\/\/fdasrl.it\/ar\/wp-json\/wp\/v2\/comments?post=3299"}],"wp:featuredmedia":[{"embeddable":true,"href":"https:\/\/fdasrl.it\/ar\/wp-json\/wp\/v2\/media\/482"}],"wp:attachment":[{"href":"https:\/\/fdasrl.it\/ar\/wp-json\/wp\/v2\/media?parent=3299"}],"wp:term":[{"taxonomy":"product_brand","embeddable":true,"href":"https:\/\/fdasrl.it\/ar\/wp-json\/wp\/v2\/product_brand?post=3299"},{"taxonomy":"product_cat","embeddable":true,"href":"https:\/\/fdasrl.it\/ar\/wp-json\/wp\/v2\/product_cat?post=3299"},{"taxonomy":"product_tag","embeddable":true,"href":"https:\/\/fdasrl.it\/ar\/wp-json\/wp\/v2\/product_tag?post=3299"}],"curies":[{"name":"wp","href":"https:\/\/api.w.org\/{rel}","templated":true}]}}