{"id":3346,"date":"2025-01-21T13:19:30","date_gmt":"2025-01-21T12:19:30","guid":{"rendered":"https:\/\/fdasrl.it\/prodotto\/%d9%88%d8%b9%d8%a7%d8%a1-%d8%ad%d9%84%d8%a8-%d8%a3%d8%a8%d9%82%d8%a7%d8%b1-%d9%85%d9%86-%d8%a7%d9%84%d9%81%d9%88%d9%84%d8%a7%d8%b0-%d8%a7%d9%84%d9%85%d9%82%d8%a7%d9%88%d9%85-%d9%84%d9%84%d8%b5%d8%af\/"},"modified":"2025-01-21T13:19:30","modified_gmt":"2025-01-21T12:19:30","slug":"%d9%88%d8%b9%d8%a7%d8%a1-%d8%ad%d9%84%d8%a8-%d8%a3%d8%a8%d9%82%d8%a7%d8%b1-%d9%85%d9%86-%d8%a7%d9%84%d9%81%d9%88%d9%84%d8%a7%d8%b0-%d8%a7%d9%84%d9%85%d9%82%d8%a7%d9%88%d9%85-%d9%84%d9%84%d8%b5%d8%af","status":"publish","type":"product","link":"https:\/\/fdasrl.it\/ar\/prodotto\/%d9%88%d8%b9%d8%a7%d8%a1-%d8%ad%d9%84%d8%a8-%d8%a3%d8%a8%d9%82%d8%a7%d8%b1-%d9%85%d9%86-%d8%a7%d9%84%d9%81%d9%88%d9%84%d8%a7%d8%b0-%d8%a7%d9%84%d9%85%d9%82%d8%a7%d9%88%d9%85-%d9%84%d9%84%d8%b5%d8%af\/","title":{"rendered":"\u0648\u0639\u0627\u0621 \u062d\u0644\u0628 \u0623\u0628\u0642\u0627\u0631 \u0645\u0646 \u0627\u0644\u0641\u0648\u0644\u0627\u0630 \u0627\u0644\u0645\u0642\u0627\u0648\u0645 \u0644\u0644\u0635\u062f\u0623"},"content":{"rendered":"<h2 data-start=\"141\" data-end=\"214\">\u062f\u0644\u0648 \u062d\u0644\u0628 \u0645\u0646 \u0627\u0644\u0641\u0648\u0644\u0627\u0630 \u0627\u0644\u0645\u0642\u0627\u0648\u0645 \u0644\u0644\u0635\u062f\u0623 \u0633\u0639\u0629 30 \u0644\u062a\u0631\u064b\u0627 \u0644\u0623\u0628\u0642\u0627\u0631 \u0627\u0644\u062d\u0644\u064a\u0628 \u2013 \u0643\u0627\u0645\u0644<\/h2>\n<p data-start=\"216\" data-end=\"465\"><strong data-start=\"216\" data-end=\"279\">\u062f\u0644\u0648 \u062d\u0644\u0628 \u0627\u062d\u062a\u0631\u0627\u0641\u064a \u0645\u0646 \u0627\u0644\u0641\u0648\u0644\u0627\u0630 \u0627\u0644\u0645\u0642\u0627\u0648\u0645 \u0644\u0644\u0635\u062f\u0623 \u0633\u0639\u0629 30 \u0644\u062a\u0631\u064b\u0627<\/strong>\u060c \u0645\u062b\u0627\u0644\u064a \u0644\u0623\u0628\u0642\u0627\u0631 \u0627\u0644\u062d\u0644\u064a\u0628 \u0645\u0639 <strong data-start=\"312\" data-end=\"334\">\u0645\u062c\u0645\u0648\u0639\u0629 \u062d\u0644\u0628 \u0648\u0627\u062d\u062f\u0629<\/strong>.<br data-start=\"335\" data-end=\"338\">\u0645\u062a\u064a\u0646 \u0648\u0635\u062d\u064a \u0648\u0643\u0627\u0645\u0644 \u0645\u0639 \u062c\u0645\u064a\u0639 \u0627\u0644\u0645\u0644\u062d\u0642\u0627\u062a \u0627\u0644\u0644\u0627\u0632\u0645\u0629 \u0644\u0628\u062f\u0621 \u0627\u0644\u062d\u0644\u0628\u060c \u0628\u0627\u0633\u062a\u062b\u0646\u0627\u0621 \u0645\u0636\u062e\u0629 \u0627\u0644\u0641\u0631\u0627\u063a.<\/p>\n<h3 data-start=\"467\" data-end=\"500\">\u0645\u0645\u064a\u0632\u0627\u062a \u0627\u0644\u0645\u0646\u062a\u062c:<\/h3>\n<ul data-start=\"501\" data-end=\"798\">\n<li data-start=\"501\" data-end=\"527\">\n<p data-start=\"503\" data-end=\"527\">\u2705 \u0627\u0644\u0633\u0639\u0629: <strong data-start=\"515\" data-end=\"527\">30 \u0644\u062a\u0631\u064b\u0627<\/strong><\/p>\n<\/li>\n<li data-start=\"528\" data-end=\"587\">\n<p data-start=\"530\" data-end=\"587\">\u2705 \u0627\u0644\u0645\u0627\u062f\u0629: <strong data-start=\"543\" data-end=\"568\">\u0641\u0648\u0644\u0627\u0630 \u0645\u0642\u0627\u0648\u0645 \u0644\u0644\u0635\u062f\u0623 AISI 304<\/strong> \u0622\u0645\u0646 \u063a\u0630\u0627\u0626\u064a\u064b\u0627<\/p>\n<\/li>\n<li data-start=\"588\" data-end=\"640\">\n<p data-start=\"590\" data-end=\"640\">\u2705 \u0645\u0639 <strong data-start=\"596\" data-end=\"608\">\u0645\u0642\u0628\u0636<\/strong> \u0642\u0648\u064a \u0644\u0633\u0647\u0648\u0644\u0629 \u0627\u0644\u0646\u0642\u0644<\/p>\n<\/li>\n<li data-start=\"641\" data-end=\"798\">\n<p data-start=\"643\" data-end=\"661\">\u2705 <strong data-start=\"645\" data-end=\"660\">\u0643\u0627\u0645\u0644 \u0645\u0639<\/strong>:<\/p>\n<ul data-start=\"664\" data-end=\"798\">\n<li data-start=\"664\" data-end=\"691\">\n<p data-start=\"666\" data-end=\"691\">\u063a\u0637\u0627\u0621 \u0645\u0646 \u0627\u0644\u0641\u0648\u0644\u0627\u0630 \u0627\u0644\u0645\u0642\u0627\u0648\u0645 \u0644\u0644\u0635\u062f\u0623<\/p>\n<\/li>\n<li data-start=\"694\" data-end=\"716\">\n<p data-start=\"696\" data-end=\"716\">\u0646\u0627\u0628\u0636 \u0647\u0648\u0627\u0626\u064a<\/p>\n<\/li>\n<li data-start=\"719\" data-end=\"742\">\n<p data-start=\"721\" data-end=\"742\">\u0645\u062c\u0645\u0639 \u062d\u0644\u064a\u0628 \u0644\u0644\u0623\u0628\u0642\u0627\u0631<\/p>\n<\/li>\n<li data-start=\"745\" data-end=\"771\">\n<p data-start=\"747\" data-end=\"771\">\u0643\u0624\u0648\u0633 \u062d\u0644\u0628 \u0645\u0646 \u0627\u0644\u0641\u0648\u0644\u0627\u0630 \u0627\u0644\u0645\u0642\u0627\u0648\u0645 \u0644\u0644\u0635\u062f\u0623<\/p>\n<\/li>\n<li data-start=\"774\" data-end=\"798\">\n<p data-start=\"776\" data-end=\"798\">\u0623\u0646\u0627\u0628\u064a\u0628 \u0627\u0644\u0641\u0631\u0627\u063a \u0648\u0627\u0644\u062d\u0644\u064a\u0628<\/p>\n<\/li>\n<\/ul>\n<\/li>\n<\/ul>\n<p data-start=\"800\" data-end=\"849\">\ud83d\udcf8 <strong data-start=\"803\" data-end=\"833\">\u0627\u0646\u0638\u0631 \u0635\u0648\u0631\u0629 \u0627\u0644\u0645\u0646\u062a\u062c<\/strong> \u0644\u0644\u062a\u0641\u0627\u0635\u064a\u0644.<\/p>\n<h3 data-start=\"851\" data-end=\"868\">\u26a0\ufe0f \u0647\u0627\u0645<\/h3>\n<blockquote data-start=\"869\" data-end=\"980\">\n<p data-start=\"871\" data-end=\"980\"><strong data-start=\"871\" data-end=\"959\">\u064a\u062a\u0637\u0644\u0628 \u062f\u0644\u0648 \u0627\u0644\u062d\u0644\u0628 \u0645\u0636\u062e\u0629 \u0641\u0631\u0627\u063a \u0623\u0648 \u0648\u062d\u062f\u0629 \u0636\u062e \u0644\u0644\u062a\u0634\u063a\u064a\u0644.<\/strong>  \u063a\u064a\u0631 \u0645\u0634\u0645\u0648\u0644 \u0641\u064a \u0627\u0644\u0645\u062c\u0645\u0648\u0639\u0629.<\/p>\n<\/blockquote>\n<hr data-start=\"982\" data-end=\"985\">\n<h3 data-start=\"987\" data-end=\"1002\">\u0645\u062b\u0627\u0644\u064a \u0644\u0640:<\/h3>\n<ul data-start=\"1003\" data-end=\"1094\">\n<li data-start=\"1003\" data-end=\"1027\">\n<p data-start=\"1005\" data-end=\"1027\">\u0627\u0644\u062d\u0638\u0627\u0626\u0631 \u0627\u0644\u0635\u063a\u064a\u0631\u0629 \u0648\u0627\u0644\u0645\u062a\u0648\u0633\u0637\u0629<\/p>\n<\/li>\n<li data-start=\"1028\" data-end=\"1060\">\n<p data-start=\"1030\" data-end=\"1060\">\u0627\u0644\u062d\u0644\u0628 \u0627\u0644\u0645\u062a\u0646\u0642\u0644 \u0623\u0648 \u0641\u064a \u062d\u0627\u0644\u0627\u062a \u0627\u0644\u0637\u0648\u0627\u0631\u0626<\/p>\n<\/li>\n<li data-start=\"1061\" data-end=\"1094\">\n<p data-start=\"1063\" data-end=\"1094\">\u0645\u0646\u062a\u062c\u064a \u0627\u0644\u062d\u0644\u064a\u0628 \u0627\u0644\u062d\u0631\u0641\u064a\u064a\u0646<\/p>\n<\/li>\n<\/ul>\n<p data-start=\"1096\" data-end=\"1145\">\ud83d\uded2 <strong data-start=\"1099\" data-end=\"1145\">\u0627\u0634\u062a\u0631\u0650\u0647 \u0627\u0644\u0622\u0646 \u0645\u0646 <\/strong><a href=\"https:\/\/fda-shop.it\/shop\/mungitura\/secchio-mungitore-in-acciaio-inox-per-vacca\" target=\"_blank\" rel=\"noopener\">\u0645\u062a\u062c\u0631\u0646\u0627 \u0627\u0644\u0625\u0644\u0643\u062a\u0631\u0648\u0646\u064a.<\/a><\/p>\n","protected":false},"excerpt":{"rendered":"<p>\u062f\u0644\u0648 \u062d\u0644\u0628 \u0633\u062a\u0627\u0646\u0644\u0633 \u0633\u062a\u064a\u0644 \u0633\u0639\u0629 30 \u0644\u062a\u0631\u064b\u0627 \u0644\u0623\u0628\u0642\u0627\u0631 \u0627\u0644\u062d\u0644\u064a\u0628\u060c \u0643\u0627\u0645\u0644 \u0645\u0639 \u0627\u0644\u0645\u0644\u062d\u0642\u0627\u062a.<\/p>\n","protected":false},"featured_media":478,"comment_status":"open","ping_status":"closed","template":"","meta":{"_et_pb_use_builder":"","_et_pb_old_content":"","_et_gb_content_width":""},"product_brand":[],"product_cat":[492],"product_tag":[829],"class_list":{"0":"post-3346","1":"product","2":"type-product","3":"status-publish","4":"has-post-thumbnail","6":"product_cat-492","7":"product_tag-facm19200","9":"first","10":"instock","11":"shipping-taxable","12":"product-type-simple"},"yoast_head":"<!-- This site is optimized with the Yoast SEO Premium plugin v27.5 (Yoast SEO v27.5) - https:\/\/yoast.com\/product\/yoast-seo-premium-wordpress\/ -->\n<title>\u062f\u0644\u0648 \u062d\u0644\u0628 \u0633\u062a\u0627\u0646\u0644\u0633 \u0633\u062a\u064a\u0644 \u0633\u0639\u0629 30 \u0644\u062a\u0631\u064b\u0627 \u0644\u0644\u0623\u0628\u0642\u0627\u0631 \u0645\u0639 \u0627\u0644\u0645\u0644\u062d\u0642\u0627\u062a<\/title>\n<meta name=\"description\" content=\"\u0627\u0643\u062a\u0634\u0641 \u062f\u0644\u0648 \u0627\u0644\u062d\u0644\u0628 \u0645\u0646 \u0627\u0644\u0641\u0648\u0644\u0627\u0630 \u0627\u0644\u0645\u0642\u0627\u0648\u0645 \u0644\u0644\u0635\u062f\u0623 \u0644\u0644\u0623\u0628\u0642\u0627\u0631\u060c \u0643\u0627\u0645\u0644 \u0645\u0639 \u0627\u0644\u0645\u0644\u062d\u0642\u0627\u062a \u0648\u0628\u0633\u0639\u0629 30 \u0644\u062a\u0631\u064b\u0627. \u0627\u0637\u0644\u0628 \u0645\u0646\u062a\u062c\u0643 \u0627\u0644\u0622\u0646! \ud83d\udecd\ufe0f\" \/>\n<meta name=\"robots\" content=\"index, follow, max-snippet:-1, max-image-preview:large, max-video-preview:-1\" \/>\n<link rel=\"canonical\" href=\"https:\/\/fdasrl.it\/ar\/prodotto\/%d9%88%d8%b9%d8%a7%d8%a1-%d8%ad%d9%84%d8%a8-%d8%a3%d8%a8%d9%82%d8%a7%d8%b1-%d9%85%d9%86-%d8%a7%d9%84%d9%81%d9%88%d9%84%d8%a7%d8%b0-%d8%a7%d9%84%d9%85%d9%82%d8%a7%d9%88%d9%85-%d9%84%d9%84%d8%b5%d8%af\/\" \/>\n<meta property=\"og:locale\" content=\"ar_AR\" \/>\n<meta property=\"og:type\" content=\"article\" \/>\n<meta property=\"og:title\" content=\"\u0648\u0639\u0627\u0621 \u062d\u0644\u0628 \u0623\u0628\u0642\u0627\u0631 \u0645\u0646 \u0627\u0644\u0641\u0648\u0644\u0627\u0630 \u0627\u0644\u0645\u0642\u0627\u0648\u0645 \u0644\u0644\u0635\u062f\u0623\" \/>\n<meta property=\"og:description\" content=\"\u0627\u0643\u062a\u0634\u0641 \u062f\u0644\u0648 \u0627\u0644\u062d\u0644\u0628 \u0645\u0646 \u0627\u0644\u0641\u0648\u0644\u0627\u0630 \u0627\u0644\u0645\u0642\u0627\u0648\u0645 \u0644\u0644\u0635\u062f\u0623 \u0644\u0644\u0623\u0628\u0642\u0627\u0631\u060c \u0643\u0627\u0645\u0644 \u0645\u0639 \u0627\u0644\u0645\u0644\u062d\u0642\u0627\u062a \u0648\u0628\u0633\u0639\u0629 30 \u0644\u062a\u0631\u064b\u0627. \u0627\u0637\u0644\u0628 \u0645\u0646\u062a\u062c\u0643 \u0627\u0644\u0622\u0646! \ud83d\udecd\ufe0f\" \/>\n<meta property=\"og:url\" content=\"https:\/\/fdasrl.it\/ar\/prodotto\/%d9%88%d8%b9%d8%a7%d8%a1-%d8%ad%d9%84%d8%a8-%d8%a3%d8%a8%d9%82%d8%a7%d8%b1-%d9%85%d9%86-%d8%a7%d9%84%d9%81%d9%88%d9%84%d8%a7%d8%b0-%d8%a7%d9%84%d9%85%d9%82%d8%a7%d9%88%d9%85-%d9%84%d9%84%d8%b5%d8%af\/\" \/>\n<meta property=\"og:site_name\" content=\"FDA srl\" \/>\n<meta property=\"article:publisher\" content=\"https:\/\/www.facebook.com\/share\/1MWhFWg1Tp\/?mibextid=LQQJ4d\" \/>\n<meta property=\"og:image\" content=\"https:\/\/fdasrl.it\/wp-content\/uploads\/2025\/01\/FACM19200.jpg\" \/>\n\t<meta property=\"og:image:width\" content=\"600\" \/>\n\t<meta property=\"og:image:height\" content=\"800\" \/>\n\t<meta property=\"og:image:type\" content=\"image\/jpeg\" \/>\n<meta name=\"twitter:card\" content=\"summary_large_image\" \/>\n<meta name=\"twitter:label1\" content=\"\u0627\u0644\u0633\u0639\u0631\" \/>\n\t<meta name=\"twitter:data1\" content=\"\" \/>\n\t<meta name=\"twitter:label2\" content=\"\u0627\u0644\u062a\u0648\u0641\u0631\" \/>\n\t<meta name=\"twitter:data2\" content=\"\u0645\u062a\u0648\u0641\u0631 \u0641\u064a \u0627\u0644\u0645\u062e\u0632\u0648\u0646\" \/>\n<meta property=\"product:price:currency\" content=\"EUR\" \/>\n<meta property=\"og:availability\" content=\"instock\" \/>\n<meta property=\"product:availability\" content=\"instock\" \/>\n<meta property=\"product:retailer_item_id\" content=\"FACM19200\" \/>\n<meta property=\"product:condition\" content=\"new\" \/>\n<!-- \/ Yoast SEO Premium plugin. -->","yoast_head_json":{"title":"\u062f\u0644\u0648 \u062d\u0644\u0628 \u0633\u062a\u0627\u0646\u0644\u0633 \u0633\u062a\u064a\u0644 \u0633\u0639\u0629 30 \u0644\u062a\u0631\u064b\u0627 \u0644\u0644\u0623\u0628\u0642\u0627\u0631 \u0645\u0639 \u0627\u0644\u0645\u0644\u062d\u0642\u0627\u062a","description":"\u0627\u0643\u062a\u0634\u0641 \u062f\u0644\u0648 \u0627\u0644\u062d\u0644\u0628 \u0645\u0646 \u0627\u0644\u0641\u0648\u0644\u0627\u0630 \u0627\u0644\u0645\u0642\u0627\u0648\u0645 \u0644\u0644\u0635\u062f\u0623 \u0644\u0644\u0623\u0628\u0642\u0627\u0631\u060c \u0643\u0627\u0645\u0644 \u0645\u0639 \u0627\u0644\u0645\u0644\u062d\u0642\u0627\u062a \u0648\u0628\u0633\u0639\u0629 30 \u0644\u062a\u0631\u064b\u0627. \u0627\u0637\u0644\u0628 \u0645\u0646\u062a\u062c\u0643 \u0627\u0644\u0622\u0646! \ud83d\udecd\ufe0f","robots":{"index":"index","follow":"follow","max-snippet":"max-snippet:-1","max-image-preview":"max-image-preview:large","max-video-preview":"max-video-preview:-1"},"canonical":"https:\/\/fdasrl.it\/ar\/prodotto\/%d9%88%d8%b9%d8%a7%d8%a1-%d8%ad%d9%84%d8%a8-%d8%a3%d8%a8%d9%82%d8%a7%d8%b1-%d9%85%d9%86-%d8%a7%d9%84%d9%81%d9%88%d9%84%d8%a7%d8%b0-%d8%a7%d9%84%d9%85%d9%82%d8%a7%d9%88%d9%85-%d9%84%d9%84%d8%b5%d8%af\/","og_locale":"ar_AR","og_type":"article","og_title":"\u0648\u0639\u0627\u0621 \u062d\u0644\u0628 \u0623\u0628\u0642\u0627\u0631 \u0645\u0646 \u0627\u0644\u0641\u0648\u0644\u0627\u0630 \u0627\u0644\u0645\u0642\u0627\u0648\u0645 \u0644\u0644\u0635\u062f\u0623","og_description":"\u0627\u0643\u062a\u0634\u0641 \u062f\u0644\u0648 \u0627\u0644\u062d\u0644\u0628 \u0645\u0646 \u0627\u0644\u0641\u0648\u0644\u0627\u0630 \u0627\u0644\u0645\u0642\u0627\u0648\u0645 \u0644\u0644\u0635\u062f\u0623 \u0644\u0644\u0623\u0628\u0642\u0627\u0631\u060c \u0643\u0627\u0645\u0644 \u0645\u0639 \u0627\u0644\u0645\u0644\u062d\u0642\u0627\u062a \u0648\u0628\u0633\u0639\u0629 30 \u0644\u062a\u0631\u064b\u0627. \u0627\u0637\u0644\u0628 \u0645\u0646\u062a\u062c\u0643 \u0627\u0644\u0622\u0646! \ud83d\udecd\ufe0f","og_url":"https:\/\/fdasrl.it\/ar\/prodotto\/%d9%88%d8%b9%d8%a7%d8%a1-%d8%ad%d9%84%d8%a8-%d8%a3%d8%a8%d9%82%d8%a7%d8%b1-%d9%85%d9%86-%d8%a7%d9%84%d9%81%d9%88%d9%84%d8%a7%d8%b0-%d8%a7%d9%84%d9%85%d9%82%d8%a7%d9%88%d9%85-%d9%84%d9%84%d8%b5%d8%af\/","og_site_name":"FDA srl","article_publisher":"https:\/\/www.facebook.com\/share\/1MWhFWg1Tp\/?mibextid=LQQJ4d","og_image":[{"width":600,"height":800,"url":"https:\/\/fdasrl.it\/wp-content\/uploads\/2025\/01\/FACM19200.jpg","type":"image\/jpeg"}],"twitter_card":"summary_large_image","twitter_misc":{"\u0627\u0644\u0633\u0639\u0631":"","\u0627\u0644\u062a\u0648\u0641\u0631":"\u0645\u062a\u0648\u0641\u0631 \u0641\u064a \u0627\u0644\u0645\u062e\u0632\u0648\u0646"},"schema":{"@context":"https:\/\/schema.org","@graph":[{"@type":"WebPage","@id":"https:\/\/fdasrl.it\/ar\/prodotto\/%d9%88%d8%b9%d8%a7%d8%a1-%d8%ad%d9%84%d8%a8-%d8%a3%d8%a8%d9%82%d8%a7%d8%b1-%d9%85%d9%86-%d8%a7%d9%84%d9%81%d9%88%d9%84%d8%a7%d8%b0-%d8%a7%d9%84%d9%85%d9%82%d8%a7%d9%88%d9%85-%d9%84%d9%84%d8%b5%d8%af\/","url":"https:\/\/fdasrl.it\/ar\/prodotto\/%d9%88%d8%b9%d8%a7%d8%a1-%d8%ad%d9%84%d8%a8-%d8%a3%d8%a8%d9%82%d8%a7%d8%b1-%d9%85%d9%86-%d8%a7%d9%84%d9%81%d9%88%d9%84%d8%a7%d8%b0-%d8%a7%d9%84%d9%85%d9%82%d8%a7%d9%88%d9%85-%d9%84%d9%84%d8%b5%d8%af\/","name":"\u062f\u0644\u0648 \u062d\u0644\u0628 \u0633\u062a\u0627\u0646\u0644\u0633 \u0633\u062a\u064a\u0644 \u0633\u0639\u0629 30 \u0644\u062a\u0631\u064b\u0627 \u0644\u0644\u0623\u0628\u0642\u0627\u0631 \u0645\u0639 \u0627\u0644\u0645\u0644\u062d\u0642\u0627\u062a","isPartOf":{"@id":"https:\/\/fdasrl.it\/ar\/#website"},"primaryImageOfPage":{"@id":"https:\/\/fdasrl.it\/ar\/prodotto\/%d9%88%d8%b9%d8%a7%d8%a1-%d8%ad%d9%84%d8%a8-%d8%a3%d8%a8%d9%82%d8%a7%d8%b1-%d9%85%d9%86-%d8%a7%d9%84%d9%81%d9%88%d9%84%d8%a7%d8%b0-%d8%a7%d9%84%d9%85%d9%82%d8%a7%d9%88%d9%85-%d9%84%d9%84%d8%b5%d8%af\/#primaryimage"},"image":{"@id":"https:\/\/fdasrl.it\/ar\/prodotto\/%d9%88%d8%b9%d8%a7%d8%a1-%d8%ad%d9%84%d8%a8-%d8%a3%d8%a8%d9%82%d8%a7%d8%b1-%d9%85%d9%86-%d8%a7%d9%84%d9%81%d9%88%d9%84%d8%a7%d8%b0-%d8%a7%d9%84%d9%85%d9%82%d8%a7%d9%88%d9%85-%d9%84%d9%84%d8%b5%d8%af\/#primaryimage"},"thumbnailUrl":"https:\/\/fdasrl.it\/wp-content\/uploads\/2025\/01\/FACM19200.jpg","datePublished":"2025-01-21T12:19:30+00:00","description":"\u0627\u0643\u062a\u0634\u0641 \u062f\u0644\u0648 \u0627\u0644\u062d\u0644\u0628 \u0645\u0646 \u0627\u0644\u0641\u0648\u0644\u0627\u0630 \u0627\u0644\u0645\u0642\u0627\u0648\u0645 \u0644\u0644\u0635\u062f\u0623 \u0644\u0644\u0623\u0628\u0642\u0627\u0631\u060c \u0643\u0627\u0645\u0644 \u0645\u0639 \u0627\u0644\u0645\u0644\u062d\u0642\u0627\u062a \u0648\u0628\u0633\u0639\u0629 30 \u0644\u062a\u0631\u064b\u0627. \u0627\u0637\u0644\u0628 \u0645\u0646\u062a\u062c\u0643 \u0627\u0644\u0622\u0646! \ud83d\udecd\ufe0f","breadcrumb":{"@id":"https:\/\/fdasrl.it\/ar\/prodotto\/%d9%88%d8%b9%d8%a7%d8%a1-%d8%ad%d9%84%d8%a8-%d8%a3%d8%a8%d9%82%d8%a7%d8%b1-%d9%85%d9%86-%d8%a7%d9%84%d9%81%d9%88%d9%84%d8%a7%d8%b0-%d8%a7%d9%84%d9%85%d9%82%d8%a7%d9%88%d9%85-%d9%84%d9%84%d8%b5%d8%af\/#breadcrumb"},"inLanguage":"ar","potentialAction":[{"@type":"ReadAction","target":["https:\/\/fdasrl.it\/ar\/prodotto\/%d9%88%d8%b9%d8%a7%d8%a1-%d8%ad%d9%84%d8%a8-%d8%a3%d8%a8%d9%82%d8%a7%d8%b1-%d9%85%d9%86-%d8%a7%d9%84%d9%81%d9%88%d9%84%d8%a7%d8%b0-%d8%a7%d9%84%d9%85%d9%82%d8%a7%d9%88%d9%85-%d9%84%d9%84%d8%b5%d8%af\/"]}]},{"@type":"ImageObject","inLanguage":"ar","@id":"https:\/\/fdasrl.it\/ar\/prodotto\/%d9%88%d8%b9%d8%a7%d8%a1-%d8%ad%d9%84%d8%a8-%d8%a3%d8%a8%d9%82%d8%a7%d8%b1-%d9%85%d9%86-%d8%a7%d9%84%d9%81%d9%88%d9%84%d8%a7%d8%b0-%d8%a7%d9%84%d9%85%d9%82%d8%a7%d9%88%d9%85-%d9%84%d9%84%d8%b5%d8%af\/#primaryimage","url":"https:\/\/fdasrl.it\/wp-content\/uploads\/2025\/01\/FACM19200.jpg","contentUrl":"https:\/\/fdasrl.it\/wp-content\/uploads\/2025\/01\/FACM19200.jpg","width":600,"height":800},{"@type":"BreadcrumbList","@id":"https:\/\/fdasrl.it\/ar\/prodotto\/%d9%88%d8%b9%d8%a7%d8%a1-%d8%ad%d9%84%d8%a8-%d8%a3%d8%a8%d9%82%d8%a7%d8%b1-%d9%85%d9%86-%d8%a7%d9%84%d9%81%d9%88%d9%84%d8%a7%d8%b0-%d8%a7%d9%84%d9%85%d9%82%d8%a7%d9%88%d9%85-%d9%84%d9%84%d8%b5%d8%af\/#breadcrumb","itemListElement":[{"@type":"ListItem","position":1,"name":"Home","item":"https:\/\/fdasrl.it\/ar\/%d8%a7%d9%84%d8%b1%d8%a6%d9%8a%d8%b3%d9%8a%d8%a9\/"},{"@type":"ListItem","position":2,"name":"\u0627\u0644\u0645\u062a\u062c\u0631","item":"https:\/\/fdasrl.it\/ar\/%d8%a7%d9%84%d9%85%d8%aa%d8%ac%d8%b1\/"},{"@type":"ListItem","position":3,"name":"\u0648\u0639\u0627\u0621 \u062d\u0644\u0628 \u0623\u0628\u0642\u0627\u0631 \u0645\u0646 \u0627\u0644\u0641\u0648\u0644\u0627\u0630 \u0627\u0644\u0645\u0642\u0627\u0648\u0645 \u0644\u0644\u0635\u062f\u0623"}]},{"@type":"WebSite","@id":"https:\/\/fdasrl.it\/ar\/#website","url":"https:\/\/fdasrl.it\/ar\/","name":"FDA srl","description":"Equipment for animal husbandry","publisher":{"@id":"https:\/\/fdasrl.it\/ar\/#organization"},"potentialAction":[{"@type":"SearchAction","target":{"@type":"EntryPoint","urlTemplate":"https:\/\/fdasrl.it\/ar\/?s={search_term_string}"},"query-input":{"@type":"PropertyValueSpecification","valueRequired":true,"valueName":"search_term_string"}}],"inLanguage":"ar"},{"@type":"Organization","@id":"https:\/\/fdasrl.it\/ar\/#organization","name":"FDA srl","url":"https:\/\/fdasrl.it\/ar\/","logo":{"@type":"ImageObject","inLanguage":"ar","@id":"https:\/\/fdasrl.it\/ar\/#\/schema\/logo\/image\/","url":"https:\/\/fdasrl.it\/wp-content\/uploads\/2024\/12\/Logo-FDA.png","contentUrl":"https:\/\/fdasrl.it\/wp-content\/uploads\/2024\/12\/Logo-FDA.png","width":316,"height":119,"caption":"FDA srl"},"image":{"@id":"https:\/\/fdasrl.it\/ar\/#\/schema\/logo\/image\/"},"sameAs":["https:\/\/www.facebook.com\/share\/1MWhFWg1Tp\/?mibextid=LQQJ4d","https:\/\/www.instagram.com\/fda_srl\/profilecard\/?igsh=YW5lbzJ6MWg0d21u","https:\/\/www.youtube.com\/@FDASRL_ANIMALCARE"],"description":"FDA SRL \u2013 Equipment for animal husbandry nasce con l\u2019obiettivo di offrire soluzioni affidabili e innovative per l\u2019allevamento moderno. Con anni di esperienza nel settore zootecnico, progettiamo e realizziamo attrezzature destinate al benessere animale e alla gestione efficiente delle stalle: vasche, abbeveratoi, mangiatoie e sistemi di riscaldamento pensati per durare nel tempo e semplificare il lavoro quotidiano degli allevatori. Dalla progettazione alla produzione, ogni nostro prodotto \u00e8 studiato nei minimi dettagli, testato con cura e costruito per rispondere alle esigenze reali del settore. La nostra forza \u00e8 unire artigianalit\u00e0, tecnologia e competenza tecnica per trasformare ogni progetto in una soluzione concreta e funzionale. Oggi FDA SRL \u00e8 un punto di riferimento per privati e rivenditori che cercano qualit\u00e0, affidabilit\u00e0 e innovazione nelle attrezzature per l\u2019allevamento.","email":"info@fdasrl.it","telephone":"+390522826820","legalName":"F.D.A. SRL","foundingDate":"2024-10-13","vatID":"03075840359","taxID":"03075840359","numberOfEmployees":{"@type":"QuantitativeValue","minValue":"1","maxValue":"10"}}]},"product_price_currency":"EUR","og_availability":"instock","product_availability":"instock","product_retailer_item_id":"FACM19200","product_condition":"new"},"_links":{"self":[{"href":"https:\/\/fdasrl.it\/ar\/wp-json\/wp\/v2\/product\/3346","targetHints":{"allow":["GET"]}}],"collection":[{"href":"https:\/\/fdasrl.it\/ar\/wp-json\/wp\/v2\/product"}],"about":[{"href":"https:\/\/fdasrl.it\/ar\/wp-json\/wp\/v2\/types\/product"}],"replies":[{"embeddable":true,"href":"https:\/\/fdasrl.it\/ar\/wp-json\/wp\/v2\/comments?post=3346"}],"wp:featuredmedia":[{"embeddable":true,"href":"https:\/\/fdasrl.it\/ar\/wp-json\/wp\/v2\/media\/478"}],"wp:attachment":[{"href":"https:\/\/fdasrl.it\/ar\/wp-json\/wp\/v2\/media?parent=3346"}],"wp:term":[{"taxonomy":"product_brand","embeddable":true,"href":"https:\/\/fdasrl.it\/ar\/wp-json\/wp\/v2\/product_brand?post=3346"},{"taxonomy":"product_cat","embeddable":true,"href":"https:\/\/fdasrl.it\/ar\/wp-json\/wp\/v2\/product_cat?post=3346"},{"taxonomy":"product_tag","embeddable":true,"href":"https:\/\/fdasrl.it\/ar\/wp-json\/wp\/v2\/product_tag?post=3346"}],"curies":[{"name":"wp","href":"https:\/\/api.w.org\/{rel}","templated":true}]}}