{"id":3375,"date":"2025-06-25T11:42:12","date_gmt":"2025-06-25T09:42:12","guid":{"rendered":"https:\/\/fdasrl.it\/prodotto\/%d9%85%d9%90%d8%b9%d9%84%d9%81-%d9%85%d8%b3%d8%aa%d8%b7%d9%8a%d9%84-%d9%85%d9%86-%d8%a7%d9%84%d9%81%d9%88%d9%84%d8%a7%d8%b0-%d8%a7%d9%84%d9%85%d8%ac%d9%84%d9%81%d9%86-%d9%84%d9%84%d8%ae%d9%8a%d9%88\/"},"modified":"2025-06-25T11:42:12","modified_gmt":"2025-06-25T09:42:12","slug":"%d9%85%d9%90%d8%b9%d9%84%d9%81-%d9%85%d8%b3%d8%aa%d8%b7%d9%8a%d9%84-%d9%85%d9%86-%d8%a7%d9%84%d9%81%d9%88%d9%84%d8%a7%d8%b0-%d8%a7%d9%84%d9%85%d8%ac%d9%84%d9%81%d9%86-%d9%84%d9%84%d8%ae%d9%8a%d9%88","status":"publish","type":"product","link":"https:\/\/fdasrl.it\/ar\/prodotto\/%d9%85%d9%90%d8%b9%d9%84%d9%81-%d9%85%d8%b3%d8%aa%d8%b7%d9%8a%d9%84-%d9%85%d9%86-%d8%a7%d9%84%d9%81%d9%88%d9%84%d8%a7%d8%b0-%d8%a7%d9%84%d9%85%d8%ac%d9%84%d9%81%d9%86-%d9%84%d9%84%d8%ae%d9%8a%d9%88\/","title":{"rendered":"\u0645\u0650\u0639\u0644\u0641 \u0645\u0633\u062a\u0637\u064a\u0644 \u0645\u0646 \u0627\u0644\u0641\u0648\u0644\u0627\u0630 \u0627\u0644\u0645\u062c\u0644\u0641\u0646 \u0644\u0644\u062e\u064a\u0648\u0644 \u0648\u0627\u0644\u0623\u0628\u0642\u0627\u0631"},"content":{"rendered":"<h3 class=\"ai-optimize-68 ai-optimize-introduction\" data-start=\"341\" data-end=\"448\"><strong data-start=\"341\" data-end=\"448\">\u0645\u0650\u0639\u0644\u0641 \u0645\u0633\u062a\u0637\u064a\u0644 \u0645\u0646 \u0627\u0644\u0641\u0648\u0644\u0627\u0630 \u0627\u0644\u0645\u062c\u0644\u0641\u0646 \u0639\u0644\u0649 \u0627\u0644\u0633\u0627\u062e\u0646 \u2013 35 \u0644\u062a\u0631 \u2013 \u0644\u0644\u062e\u064a\u0648\u0644 \u0648\u0627\u0644\u0623\u0628\u0642\u0627\u0631 \u0648\u062d\u064a\u0648\u0627\u0646\u0627\u062a \u0627\u0644\u062d\u0638\u064a\u0631\u0629<\/strong><\/h3>\n<p class=\"ai-optimize-69 ai-optimize-introduction\" data-start=\"450\" data-end=\"759\">\u0645\u0650\u0639\u0644\u0641 \u0645\u0633\u062a\u0637\u064a\u0644 \u0627\u062d\u062a\u0631\u0627\u0641\u064a\u060c \u0645\u062b\u0627\u0644\u064a \u0644\u062a\u063a\u0630\u064a\u0629 <strong data-start=\"519\" data-end=\"564\">\u0627\u0644\u0623\u0628\u0642\u0627\u0631 \u0648\u0627\u0644\u062e\u064a\u0648\u0644 \u0648\u062d\u064a\u0648\u0627\u0646\u0627\u062a \u0627\u0644\u062d\u0638\u064a\u0631\u0629 \u0623\u0648 \u0627\u0644\u0625\u0633\u0637\u0628\u0644 \u0627\u0644\u0623\u062e\u0631\u0649<\/strong>. \u0645\u0635\u0646\u0648\u0639 \u0645\u0646 <strong data-start=\"591\" data-end=\"618\">\u0627\u0644\u0641\u0648\u0644\u0627\u0630 \u0627\u0644\u0645\u062c\u0644\u0641\u0646 \u0639\u0644\u0649 \u0627\u0644\u0633\u0627\u062e\u0646<\/strong>\u060c \u064a\u0636\u0645\u0646 <strong data-start=\"631\" data-end=\"669\">\u0645\u0642\u0627\u0648\u0645\u0629 \u0639\u0627\u0644\u064a\u0629 \u0644\u0644\u062a\u0622\u0643\u0644<\/strong> \u0648\u0645\u062a\u0627\u0646\u0629 \u0642\u0635\u0648\u0649 \u0648\u0647\u064a\u0643\u0644 \u0622\u0645\u0646 \u064a\u0642\u0644\u0644 \u0645\u0646 \u062e\u0637\u0631 \u0625\u0635\u0627\u0628\u0629 \u0627\u0644\u062d\u064a\u0648\u0627\u0646\u0627\u062a. <\/p>\n<p class=\"ai-optimize-70\" data-start=\"761\" data-end=\"972\">\u0628\u0640<strong data-start=\"769\" data-end=\"793\">\u0633\u0639\u0629 35 \u0644\u062a\u0631\u0627\u064b<\/strong>\u060c \u0647\u0630\u0627 \u0627\u0644\u0645\u0650\u0639\u0644\u0641 \u0645\u062b\u0627\u0644\u064a \u0644\u062a\u0642\u062f\u064a\u0645 \u0627\u0644\u0623\u0639\u0644\u0627\u0641 \u0623\u0648 \u0627\u0644\u0645\u0631\u0627\u0639\u064a. <strong data-start=\"873\" data-end=\"902\">\u0633\u062f\u0627\u062f\u0629 \u062a\u0635\u0631\u064a\u0641 15 \u0645\u0645<\/strong> \u062a\u0633\u0647\u0651\u0644 \u0627\u0644\u062a\u0646\u0638\u064a\u0641 \u0627\u0644\u064a\u0648\u0645\u064a\u060c \u0645\u0639 \u0627\u0644\u062d\u0641\u0627\u0638 \u0639\u0644\u0649 \u0645\u0639\u0627\u064a\u064a\u0631 \u0646\u0638\u0627\u0641\u0629 \u0639\u0627\u0644\u064a\u0629. <\/p>\n<p class=\"ai-optimize-71\" data-start=\"974\" data-end=\"1167\"><strong data-start=\"977\" data-end=\"1020\">\u0627\u0644\u0623\u0628\u0639\u0627\u062f \u0627\u0644\u0645\u062f\u0645\u062c\u0629 (45 \u00d7 34 \u00d7 \u0627\u0631\u062a\u0641\u0627\u0639 24 \u0633\u0645)<\/strong> \u062a\u062c\u0639\u0644\u0647 \u0645\u0646\u0627\u0633\u0628\u0627\u064b \u0644\u0623\u064a \u0646\u0648\u0639 \u0645\u0646 \u0627\u0644\u062d\u0638\u0627\u0626\u0631 \u0623\u0648 \u0627\u0644\u0623\u0633\u0648\u0627\u0631 \u0623\u0648 \u0627\u0644\u0625\u0633\u0637\u0628\u0644\u0627\u062a. \u0627\u0644\u062a\u062b\u0628\u064a\u062a \u0639\u0644\u0649 \u0627\u0644\u062d\u0627\u0626\u0637 \u0628\u0633\u064a\u0637 \u0648\u0633\u0631\u064a\u0639 \u0628\u0641\u0636\u0644 <strong data-start=\"1129\" data-end=\"1154\">3 \u0646\u0642\u0627\u0637 \u062a\u062b\u0628\u064a\u062a<\/strong> \u0645\u064f\u0639\u062f\u0651\u0629 \u0645\u0633\u0628\u0642\u0627\u064b. <\/p>\n<hr data-start=\"1169\" data-end=\"1172\">\n<h3 class=\"ai-optimize-72\" data-start=\"1174\" data-end=\"1209\"><strong data-start=\"1178\" data-end=\"1209\">\u0627\u0644\u062e\u0635\u0627\u0626\u0635 \u0627\u0644\u0631\u0626\u064a\u0633\u064a\u0629:<\/strong><\/h3>\n<ul data-start=\"1211\" data-end=\"1509\">\n<li class=\"ai-optimize-73\" data-start=\"1211\" data-end=\"1294\">\n<p class=\"ai-optimize-74\" data-start=\"1213\" data-end=\"1294\">\u2705 <strong data-start=\"1215\" data-end=\"1239\">\u0645\u0627\u062f\u0629 \u0645\u0642\u0627\u0648\u0645\u0629<\/strong>: \u0641\u0648\u0644\u0627\u0630 \u0645\u062c\u0644\u0641\u0646 \u0639\u0644\u0649 \u0627\u0644\u0633\u0627\u062e\u0646\u060c \u062d\u062a\u0649 \u062f\u0627\u062e\u0644 \u0627\u0644\u0623\u0646\u0627\u0628\u064a\u0628<\/p>\n<\/li>\n<li class=\"ai-optimize-75\" data-start=\"1295\" data-end=\"1323\">\n<p class=\"ai-optimize-76\" data-start=\"1297\" data-end=\"1323\">\u2705 <strong data-start=\"1299\" data-end=\"1311\">\u0627\u0644\u0633\u0639\u0629<\/strong>: 35 \u0644\u062a\u0631<\/p>\n<\/li>\n<li class=\"ai-optimize-77\" data-start=\"1324\" data-end=\"1402\">\n<p class=\"ai-optimize-78\" data-start=\"1326\" data-end=\"1402\">\u2705 <strong data-start=\"1328\" data-end=\"1342\">\u0627\u0644\u0623\u0628\u0639\u0627\u062f<\/strong>: 45 \u0633\u0645 (\u0627\u0644\u0639\u0631\u0636) \u00d7 34 \u0633\u0645 (\u0627\u0644\u0639\u0645\u0642) \u00d7 24 \u0633\u0645 (\u0627\u0644\u0627\u0631\u062a\u0641\u0627\u0639)<\/p>\n<\/li>\n<li class=\"ai-optimize-79\" data-start=\"1403\" data-end=\"1457\">\n<p class=\"ai-optimize-80\" data-start=\"1405\" data-end=\"1457\">\u2705 <strong data-start=\"1407\" data-end=\"1427\">\u0633\u062f\u0627\u062f\u0629 \u062a\u0635\u0631\u064a\u0641<\/strong> 15 \u0645\u0645 \u0644\u0633\u0647\u0648\u0644\u0629 \u0627\u0644\u062a\u0646\u0638\u064a\u0641<\/p>\n<\/li>\n<li class=\"ai-optimize-81\" data-start=\"1458\" data-end=\"1509\">\n<p class=\"ai-optimize-82\" data-start=\"1460\" data-end=\"1509\">\u2705 <strong data-start=\"1462\" data-end=\"1484\">\u0627\u0644\u062a\u0631\u0643\u064a\u0628 \u0639\u0644\u0649 \u0627\u0644\u062d\u0627\u0626\u0637<\/strong> \u0628\u0640 3 \u0628\u0631\u0627\u063a\u064a (\u063a\u064a\u0631 \u0645\u0634\u0645\u0648\u0644\u0629)<\/p>\n<\/li>\n<\/ul>\n","protected":false},"excerpt":{"rendered":"<p class=\"ai-optimize-31\"><strong data-start=\"158\" data-end=\"217\">\u0645\u0650\u0639\u0644\u0641 \u0645\u0633\u062a\u0637\u064a\u0644 \u0645\u0646 \u0627\u0644\u0641\u0648\u0644\u0627\u0630 \u0644\u0644\u062e\u064a\u0648\u0644 \u0648\u0627\u0644\u0623\u0628\u0642\u0627\u0631<\/strong>\u060c \u0628\u0633\u0639\u0629 35 \u0644\u062a\u0631. \u0645\u0642\u0627\u0648\u0645 \u0648\u0622\u0645\u0646 \u0648\u0633\u0647\u0644 \u0627\u0644\u062a\u0631\u0643\u064a\u0628 \u0648\u0627\u0644\u062a\u0646\u0638\u064a\u0641. \u0645\u062b\u0627\u0644\u064a \u0644\u0644\u062d\u0638\u0627\u0626\u0631 \u0648\u0627\u0644\u0625\u0633\u0637\u0628\u0644\u0627\u062a.  <\/p>\n","protected":false},"featured_media":860,"comment_status":"open","ping_status":"closed","template":"","meta":{"_et_pb_use_builder":"","_et_pb_old_content":"","_et_gb_content_width":""},"product_brand":[],"product_cat":[398,626,841],"product_tag":[844,842,843],"class_list":{"0":"post-3375","1":"product","2":"type-product","3":"status-publish","4":"has-post-thumbnail","6":"product_cat-398","7":"product_cat-626","8":"product_cat-841","9":"product_tag-fa-ma-8","10":"product_tag-fa-ma8","11":"product_tag-fama8","13":"first","14":"instock","15":"shipping-taxable","16":"product-type-simple"},"yoast_head":"<!-- This site is optimized with the Yoast SEO Premium plugin v27.5 (Yoast SEO v27.5) - https:\/\/yoast.com\/product\/yoast-seo-premium-wordpress\/ -->\n<title>\u0645\u0650\u0639\u0644\u0641 \u0645\u0633\u062a\u0637\u064a\u0644 \u0645\u0646 \u0627\u0644\u0641\u0648\u0644\u0627\u0630 \u0644\u0644\u062e\u064a\u0648\u0644 \u0648\u0627\u0644\u0623\u0628\u0642\u0627\u0631: \u062c\u0648\u062f\u0629 \u0639\u0627\u0644\u064a\u0629<\/title>\n<meta name=\"description\" content=\"\u0627\u062e\u062a\u0631 \u0627\u0644\u0645\u0650\u0639\u0644\u0641 \u0627\u0644\u0645\u0633\u062a\u0637\u064a\u0644 \u0645\u0646 \u0627\u0644\u0641\u0648\u0644\u0627\u0630 \u0644\u0644\u062e\u064a\u0648\u0644 \u0648\u0627\u0644\u0623\u0628\u0642\u0627\u0631\u060c \u0628\u0633\u0639\u0629 35 \u0644\u062a\u0631\u0627\u064b. \u064a\u0633\u0647\u0651\u0644 \u0627\u0644\u062a\u0646\u0638\u064a\u0641 \u0648\u064a\u0636\u0645\u0646 \u0627\u0644\u0633\u0644\u0627\u0645\u0629 \u0644\u062d\u064a\u0648\u0627\u0646\u0627\u062a\u0643! \u2705\" \/>\n<meta name=\"robots\" content=\"index, follow, max-snippet:-1, max-image-preview:large, max-video-preview:-1\" \/>\n<link rel=\"canonical\" href=\"https:\/\/fdasrl.it\/ar\/prodotto\/%d9%85%d9%90%d8%b9%d9%84%d9%81-%d9%85%d8%b3%d8%aa%d8%b7%d9%8a%d9%84-%d9%85%d9%86-%d8%a7%d9%84%d9%81%d9%88%d9%84%d8%a7%d8%b0-%d8%a7%d9%84%d9%85%d8%ac%d9%84%d9%81%d9%86-%d9%84%d9%84%d8%ae%d9%8a%d9%88\/\" \/>\n<meta property=\"og:locale\" content=\"ar_AR\" \/>\n<meta property=\"og:type\" content=\"article\" \/>\n<meta property=\"og:title\" content=\"\u0645\u0650\u0639\u0644\u0641 \u0645\u0633\u062a\u0637\u064a\u0644 \u0645\u0646 \u0627\u0644\u0641\u0648\u0644\u0627\u0630 \u0627\u0644\u0645\u062c\u0644\u0641\u0646 \u0644\u0644\u062e\u064a\u0648\u0644 \u0648\u0627\u0644\u0623\u0628\u0642\u0627\u0631\" \/>\n<meta property=\"og:description\" content=\"\u0627\u062e\u062a\u0631 \u0627\u0644\u0645\u0650\u0639\u0644\u0641 \u0627\u0644\u0645\u0633\u062a\u0637\u064a\u0644 \u0645\u0646 \u0627\u0644\u0641\u0648\u0644\u0627\u0630 \u0644\u0644\u062e\u064a\u0648\u0644 \u0648\u0627\u0644\u0623\u0628\u0642\u0627\u0631\u060c \u0628\u0633\u0639\u0629 35 \u0644\u062a\u0631\u0627\u064b. \u064a\u0633\u0647\u0651\u0644 \u0627\u0644\u062a\u0646\u0638\u064a\u0641 \u0648\u064a\u0636\u0645\u0646 \u0627\u0644\u0633\u0644\u0627\u0645\u0629 \u0644\u062d\u064a\u0648\u0627\u0646\u0627\u062a\u0643! \u2705\" \/>\n<meta property=\"og:url\" content=\"https:\/\/fdasrl.it\/ar\/prodotto\/%d9%85%d9%90%d8%b9%d9%84%d9%81-%d9%85%d8%b3%d8%aa%d8%b7%d9%8a%d9%84-%d9%85%d9%86-%d8%a7%d9%84%d9%81%d9%88%d9%84%d8%a7%d8%b0-%d8%a7%d9%84%d9%85%d8%ac%d9%84%d9%81%d9%86-%d9%84%d9%84%d8%ae%d9%8a%d9%88\/\" \/>\n<meta property=\"og:site_name\" content=\"FDA srl\" \/>\n<meta property=\"article:publisher\" content=\"https:\/\/www.facebook.com\/share\/1MWhFWg1Tp\/?mibextid=LQQJ4d\" \/>\n<meta property=\"og:image\" content=\"https:\/\/fdasrl.it\/wp-content\/uploads\/2025\/06\/mangiatoia-a-rettangolo-acciaio.jpg\" \/>\n\t<meta property=\"og:image:width\" content=\"1261\" \/>\n\t<meta property=\"og:image:height\" content=\"900\" \/>\n\t<meta property=\"og:image:type\" content=\"image\/jpeg\" \/>\n<meta name=\"twitter:card\" content=\"summary_large_image\" \/>\n<meta name=\"twitter:label1\" content=\"\u0627\u0644\u0633\u0639\u0631\" \/>\n\t<meta name=\"twitter:data1\" content=\"\" \/>\n\t<meta name=\"twitter:label2\" content=\"\u0627\u0644\u062a\u0648\u0641\u0631\" \/>\n\t<meta name=\"twitter:data2\" content=\"\u0645\u062a\u0648\u0641\u0631 \u0641\u064a \u0627\u0644\u0645\u062e\u0632\u0648\u0646\" \/>\n<meta property=\"product:price:currency\" content=\"EUR\" \/>\n<meta property=\"og:availability\" content=\"instock\" \/>\n<meta property=\"product:availability\" content=\"instock\" \/>\n<meta property=\"product:retailer_item_id\" content=\"FAMA6-1\" \/>\n<meta property=\"product:condition\" content=\"new\" \/>\n<!-- \/ Yoast SEO Premium plugin. -->","yoast_head_json":{"title":"\u0645\u0650\u0639\u0644\u0641 \u0645\u0633\u062a\u0637\u064a\u0644 \u0645\u0646 \u0627\u0644\u0641\u0648\u0644\u0627\u0630 \u0644\u0644\u062e\u064a\u0648\u0644 \u0648\u0627\u0644\u0623\u0628\u0642\u0627\u0631: \u062c\u0648\u062f\u0629 \u0639\u0627\u0644\u064a\u0629","description":"\u0627\u062e\u062a\u0631 \u0627\u0644\u0645\u0650\u0639\u0644\u0641 \u0627\u0644\u0645\u0633\u062a\u0637\u064a\u0644 \u0645\u0646 \u0627\u0644\u0641\u0648\u0644\u0627\u0630 \u0644\u0644\u062e\u064a\u0648\u0644 \u0648\u0627\u0644\u0623\u0628\u0642\u0627\u0631\u060c \u0628\u0633\u0639\u0629 35 \u0644\u062a\u0631\u0627\u064b. \u064a\u0633\u0647\u0651\u0644 \u0627\u0644\u062a\u0646\u0638\u064a\u0641 \u0648\u064a\u0636\u0645\u0646 \u0627\u0644\u0633\u0644\u0627\u0645\u0629 \u0644\u062d\u064a\u0648\u0627\u0646\u0627\u062a\u0643! \u2705","robots":{"index":"index","follow":"follow","max-snippet":"max-snippet:-1","max-image-preview":"max-image-preview:large","max-video-preview":"max-video-preview:-1"},"canonical":"https:\/\/fdasrl.it\/ar\/prodotto\/%d9%85%d9%90%d8%b9%d9%84%d9%81-%d9%85%d8%b3%d8%aa%d8%b7%d9%8a%d9%84-%d9%85%d9%86-%d8%a7%d9%84%d9%81%d9%88%d9%84%d8%a7%d8%b0-%d8%a7%d9%84%d9%85%d8%ac%d9%84%d9%81%d9%86-%d9%84%d9%84%d8%ae%d9%8a%d9%88\/","og_locale":"ar_AR","og_type":"article","og_title":"\u0645\u0650\u0639\u0644\u0641 \u0645\u0633\u062a\u0637\u064a\u0644 \u0645\u0646 \u0627\u0644\u0641\u0648\u0644\u0627\u0630 \u0627\u0644\u0645\u062c\u0644\u0641\u0646 \u0644\u0644\u062e\u064a\u0648\u0644 \u0648\u0627\u0644\u0623\u0628\u0642\u0627\u0631","og_description":"\u0627\u062e\u062a\u0631 \u0627\u0644\u0645\u0650\u0639\u0644\u0641 \u0627\u0644\u0645\u0633\u062a\u0637\u064a\u0644 \u0645\u0646 \u0627\u0644\u0641\u0648\u0644\u0627\u0630 \u0644\u0644\u062e\u064a\u0648\u0644 \u0648\u0627\u0644\u0623\u0628\u0642\u0627\u0631\u060c \u0628\u0633\u0639\u0629 35 \u0644\u062a\u0631\u0627\u064b. \u064a\u0633\u0647\u0651\u0644 \u0627\u0644\u062a\u0646\u0638\u064a\u0641 \u0648\u064a\u0636\u0645\u0646 \u0627\u0644\u0633\u0644\u0627\u0645\u0629 \u0644\u062d\u064a\u0648\u0627\u0646\u0627\u062a\u0643! \u2705","og_url":"https:\/\/fdasrl.it\/ar\/prodotto\/%d9%85%d9%90%d8%b9%d9%84%d9%81-%d9%85%d8%b3%d8%aa%d8%b7%d9%8a%d9%84-%d9%85%d9%86-%d8%a7%d9%84%d9%81%d9%88%d9%84%d8%a7%d8%b0-%d8%a7%d9%84%d9%85%d8%ac%d9%84%d9%81%d9%86-%d9%84%d9%84%d8%ae%d9%8a%d9%88\/","og_site_name":"FDA srl","article_publisher":"https:\/\/www.facebook.com\/share\/1MWhFWg1Tp\/?mibextid=LQQJ4d","og_image":[{"width":1261,"height":900,"url":"https:\/\/fdasrl.it\/wp-content\/uploads\/2025\/06\/mangiatoia-a-rettangolo-acciaio.jpg","type":"image\/jpeg"}],"twitter_card":"summary_large_image","twitter_misc":{"\u0627\u0644\u0633\u0639\u0631":"","\u0627\u0644\u062a\u0648\u0641\u0631":"\u0645\u062a\u0648\u0641\u0631 \u0641\u064a \u0627\u0644\u0645\u062e\u0632\u0648\u0646"},"schema":{"@context":"https:\/\/schema.org","@graph":[{"@type":"WebPage","@id":"https:\/\/fdasrl.it\/ar\/prodotto\/%d9%85%d9%90%d8%b9%d9%84%d9%81-%d9%85%d8%b3%d8%aa%d8%b7%d9%8a%d9%84-%d9%85%d9%86-%d8%a7%d9%84%d9%81%d9%88%d9%84%d8%a7%d8%b0-%d8%a7%d9%84%d9%85%d8%ac%d9%84%d9%81%d9%86-%d9%84%d9%84%d8%ae%d9%8a%d9%88\/","url":"https:\/\/fdasrl.it\/ar\/prodotto\/%d9%85%d9%90%d8%b9%d9%84%d9%81-%d9%85%d8%b3%d8%aa%d8%b7%d9%8a%d9%84-%d9%85%d9%86-%d8%a7%d9%84%d9%81%d9%88%d9%84%d8%a7%d8%b0-%d8%a7%d9%84%d9%85%d8%ac%d9%84%d9%81%d9%86-%d9%84%d9%84%d8%ae%d9%8a%d9%88\/","name":"\u0645\u0650\u0639\u0644\u0641 \u0645\u0633\u062a\u0637\u064a\u0644 \u0645\u0646 \u0627\u0644\u0641\u0648\u0644\u0627\u0630 \u0644\u0644\u062e\u064a\u0648\u0644 \u0648\u0627\u0644\u0623\u0628\u0642\u0627\u0631: \u062c\u0648\u062f\u0629 \u0639\u0627\u0644\u064a\u0629","isPartOf":{"@id":"https:\/\/fdasrl.it\/ar\/#website"},"primaryImageOfPage":{"@id":"https:\/\/fdasrl.it\/ar\/prodotto\/%d9%85%d9%90%d8%b9%d9%84%d9%81-%d9%85%d8%b3%d8%aa%d8%b7%d9%8a%d9%84-%d9%85%d9%86-%d8%a7%d9%84%d9%81%d9%88%d9%84%d8%a7%d8%b0-%d8%a7%d9%84%d9%85%d8%ac%d9%84%d9%81%d9%86-%d9%84%d9%84%d8%ae%d9%8a%d9%88\/#primaryimage"},"image":{"@id":"https:\/\/fdasrl.it\/ar\/prodotto\/%d9%85%d9%90%d8%b9%d9%84%d9%81-%d9%85%d8%b3%d8%aa%d8%b7%d9%8a%d9%84-%d9%85%d9%86-%d8%a7%d9%84%d9%81%d9%88%d9%84%d8%a7%d8%b0-%d8%a7%d9%84%d9%85%d8%ac%d9%84%d9%81%d9%86-%d9%84%d9%84%d8%ae%d9%8a%d9%88\/#primaryimage"},"thumbnailUrl":"https:\/\/fdasrl.it\/wp-content\/uploads\/2025\/06\/mangiatoia-a-rettangolo-acciaio.jpg","datePublished":"2025-06-25T09:42:12+00:00","description":"\u0627\u062e\u062a\u0631 \u0627\u0644\u0645\u0650\u0639\u0644\u0641 \u0627\u0644\u0645\u0633\u062a\u0637\u064a\u0644 \u0645\u0646 \u0627\u0644\u0641\u0648\u0644\u0627\u0630 \u0644\u0644\u062e\u064a\u0648\u0644 \u0648\u0627\u0644\u0623\u0628\u0642\u0627\u0631\u060c \u0628\u0633\u0639\u0629 35 \u0644\u062a\u0631\u0627\u064b. \u064a\u0633\u0647\u0651\u0644 \u0627\u0644\u062a\u0646\u0638\u064a\u0641 \u0648\u064a\u0636\u0645\u0646 \u0627\u0644\u0633\u0644\u0627\u0645\u0629 \u0644\u062d\u064a\u0648\u0627\u0646\u0627\u062a\u0643! \u2705","breadcrumb":{"@id":"https:\/\/fdasrl.it\/ar\/prodotto\/%d9%85%d9%90%d8%b9%d9%84%d9%81-%d9%85%d8%b3%d8%aa%d8%b7%d9%8a%d9%84-%d9%85%d9%86-%d8%a7%d9%84%d9%81%d9%88%d9%84%d8%a7%d8%b0-%d8%a7%d9%84%d9%85%d8%ac%d9%84%d9%81%d9%86-%d9%84%d9%84%d8%ae%d9%8a%d9%88\/#breadcrumb"},"inLanguage":"ar","potentialAction":[{"@type":"ReadAction","target":["https:\/\/fdasrl.it\/ar\/prodotto\/%d9%85%d9%90%d8%b9%d9%84%d9%81-%d9%85%d8%b3%d8%aa%d8%b7%d9%8a%d9%84-%d9%85%d9%86-%d8%a7%d9%84%d9%81%d9%88%d9%84%d8%a7%d8%b0-%d8%a7%d9%84%d9%85%d8%ac%d9%84%d9%81%d9%86-%d9%84%d9%84%d8%ae%d9%8a%d9%88\/"]}]},{"@type":"ImageObject","inLanguage":"ar","@id":"https:\/\/fdasrl.it\/ar\/prodotto\/%d9%85%d9%90%d8%b9%d9%84%d9%81-%d9%85%d8%b3%d8%aa%d8%b7%d9%8a%d9%84-%d9%85%d9%86-%d8%a7%d9%84%d9%81%d9%88%d9%84%d8%a7%d8%b0-%d8%a7%d9%84%d9%85%d8%ac%d9%84%d9%81%d9%86-%d9%84%d9%84%d8%ae%d9%8a%d9%88\/#primaryimage","url":"https:\/\/fdasrl.it\/wp-content\/uploads\/2025\/06\/mangiatoia-a-rettangolo-acciaio.jpg","contentUrl":"https:\/\/fdasrl.it\/wp-content\/uploads\/2025\/06\/mangiatoia-a-rettangolo-acciaio.jpg","width":1261,"height":900,"caption":"Mangiatoia rettangolare in acciaio zincato a caldo da 35 litri per cavalli e mucche, resistente e facile da montare"},{"@type":"BreadcrumbList","@id":"https:\/\/fdasrl.it\/ar\/prodotto\/%d9%85%d9%90%d8%b9%d9%84%d9%81-%d9%85%d8%b3%d8%aa%d8%b7%d9%8a%d9%84-%d9%85%d9%86-%d8%a7%d9%84%d9%81%d9%88%d9%84%d8%a7%d8%b0-%d8%a7%d9%84%d9%85%d8%ac%d9%84%d9%81%d9%86-%d9%84%d9%84%d8%ae%d9%8a%d9%88\/#breadcrumb","itemListElement":[{"@type":"ListItem","position":1,"name":"Home","item":"https:\/\/fdasrl.it\/ar\/%d8%a7%d9%84%d8%b1%d8%a6%d9%8a%d8%b3%d9%8a%d8%a9\/"},{"@type":"ListItem","position":2,"name":"\u0627\u0644\u0645\u062a\u062c\u0631","item":"https:\/\/fdasrl.it\/ar\/%d8%a7%d9%84%d9%85%d8%aa%d8%ac%d8%b1\/"},{"@type":"ListItem","position":3,"name":"\u0645\u0650\u0639\u0644\u0641 \u0645\u0633\u062a\u0637\u064a\u0644 \u0645\u0646 \u0627\u0644\u0641\u0648\u0644\u0627\u0630 \u0627\u0644\u0645\u062c\u0644\u0641\u0646 \u0644\u0644\u062e\u064a\u0648\u0644 \u0648\u0627\u0644\u0623\u0628\u0642\u0627\u0631"}]},{"@type":"WebSite","@id":"https:\/\/fdasrl.it\/ar\/#website","url":"https:\/\/fdasrl.it\/ar\/","name":"FDA srl","description":"Equipment for animal husbandry","publisher":{"@id":"https:\/\/fdasrl.it\/ar\/#organization"},"potentialAction":[{"@type":"SearchAction","target":{"@type":"EntryPoint","urlTemplate":"https:\/\/fdasrl.it\/ar\/?s={search_term_string}"},"query-input":{"@type":"PropertyValueSpecification","valueRequired":true,"valueName":"search_term_string"}}],"inLanguage":"ar"},{"@type":"Organization","@id":"https:\/\/fdasrl.it\/ar\/#organization","name":"FDA srl","url":"https:\/\/fdasrl.it\/ar\/","logo":{"@type":"ImageObject","inLanguage":"ar","@id":"https:\/\/fdasrl.it\/ar\/#\/schema\/logo\/image\/","url":"https:\/\/fdasrl.it\/wp-content\/uploads\/2024\/12\/Logo-FDA.png","contentUrl":"https:\/\/fdasrl.it\/wp-content\/uploads\/2024\/12\/Logo-FDA.png","width":316,"height":119,"caption":"FDA srl"},"image":{"@id":"https:\/\/fdasrl.it\/ar\/#\/schema\/logo\/image\/"},"sameAs":["https:\/\/www.facebook.com\/share\/1MWhFWg1Tp\/?mibextid=LQQJ4d","https:\/\/www.instagram.com\/fda_srl\/profilecard\/?igsh=YW5lbzJ6MWg0d21u","https:\/\/www.youtube.com\/@FDASRL_ANIMALCARE"],"description":"FDA SRL \u2013 Equipment for animal husbandry nasce con l\u2019obiettivo di offrire soluzioni affidabili e innovative per l\u2019allevamento moderno. Con anni di esperienza nel settore zootecnico, progettiamo e realizziamo attrezzature destinate al benessere animale e alla gestione efficiente delle stalle: vasche, abbeveratoi, mangiatoie e sistemi di riscaldamento pensati per durare nel tempo e semplificare il lavoro quotidiano degli allevatori. Dalla progettazione alla produzione, ogni nostro prodotto \u00e8 studiato nei minimi dettagli, testato con cura e costruito per rispondere alle esigenze reali del settore. La nostra forza \u00e8 unire artigianalit\u00e0, tecnologia e competenza tecnica per trasformare ogni progetto in una soluzione concreta e funzionale. Oggi FDA SRL \u00e8 un punto di riferimento per privati e rivenditori che cercano qualit\u00e0, affidabilit\u00e0 e innovazione nelle attrezzature per l\u2019allevamento.","email":"info@fdasrl.it","telephone":"+390522826820","legalName":"F.D.A. SRL","foundingDate":"2024-10-13","vatID":"03075840359","taxID":"03075840359","numberOfEmployees":{"@type":"QuantitativeValue","minValue":"1","maxValue":"10"}}]},"product_price_currency":"EUR","og_availability":"instock","product_availability":"instock","product_retailer_item_id":"FAMA6-1","product_condition":"new"},"_links":{"self":[{"href":"https:\/\/fdasrl.it\/ar\/wp-json\/wp\/v2\/product\/3375","targetHints":{"allow":["GET"]}}],"collection":[{"href":"https:\/\/fdasrl.it\/ar\/wp-json\/wp\/v2\/product"}],"about":[{"href":"https:\/\/fdasrl.it\/ar\/wp-json\/wp\/v2\/types\/product"}],"replies":[{"embeddable":true,"href":"https:\/\/fdasrl.it\/ar\/wp-json\/wp\/v2\/comments?post=3375"}],"wp:featuredmedia":[{"embeddable":true,"href":"https:\/\/fdasrl.it\/ar\/wp-json\/wp\/v2\/media\/860"}],"wp:attachment":[{"href":"https:\/\/fdasrl.it\/ar\/wp-json\/wp\/v2\/media?parent=3375"}],"wp:term":[{"taxonomy":"product_brand","embeddable":true,"href":"https:\/\/fdasrl.it\/ar\/wp-json\/wp\/v2\/product_brand?post=3375"},{"taxonomy":"product_cat","embeddable":true,"href":"https:\/\/fdasrl.it\/ar\/wp-json\/wp\/v2\/product_cat?post=3375"},{"taxonomy":"product_tag","embeddable":true,"href":"https:\/\/fdasrl.it\/ar\/wp-json\/wp\/v2\/product_tag?post=3375"}],"curies":[{"name":"wp","href":"https:\/\/api.w.org\/{rel}","templated":true}]}}