{"id":3581,"date":"2025-01-21T10:47:40","date_gmt":"2025-01-21T09:47:40","guid":{"rendered":"https:\/\/fdasrl.it\/prodotto\/%d9%85%d8%b4%d8%b1%d8%a8-%d8%a3%d9%88%d8%aa%d9%88%d9%85%d8%a7%d8%aa%d9%8a%d9%83%d9%8a-%d8%a8%d8%ad%d9%88%d8%b6-%d8%b3%d8%aa%d8%a7%d9%86%d9%84%d8%b3-%d8%b3%d8%aa%d9%8a%d9%84-%d9%84%d9%84%d8%ad%d8%b8\/"},"modified":"2025-01-21T10:47:40","modified_gmt":"2025-01-21T09:47:40","slug":"%d9%85%d8%b4%d8%b1%d8%a8-%d8%a3%d9%88%d8%aa%d9%88%d9%85%d8%a7%d8%aa%d9%8a%d9%83%d9%8a-%d8%a8%d8%ad%d9%88%d8%b6-%d8%b3%d8%aa%d8%a7%d9%86%d9%84%d8%b3-%d8%b3%d8%aa%d9%8a%d9%84-%d9%84%d9%84%d8%ad%d8%b8","status":"publish","type":"product","link":"https:\/\/fdasrl.it\/ar\/prodotto\/%d9%85%d8%b4%d8%b1%d8%a8-%d8%a3%d9%88%d8%aa%d9%88%d9%85%d8%a7%d8%aa%d9%8a%d9%83%d9%8a-%d8%a8%d8%ad%d9%88%d8%b6-%d8%b3%d8%aa%d8%a7%d9%86%d9%84%d8%b3-%d8%b3%d8%aa%d9%8a%d9%84-%d9%84%d9%84%d8%ad%d8%b8\/","title":{"rendered":"\u0645\u0634\u0631\u0628 \u0623\u0648\u062a\u0648\u0645\u0627\u062a\u064a\u0643\u064a \u0628\u062d\u0648\u0636 \u0633\u062a\u0627\u0646\u0644\u0633 \u0633\u062a\u064a\u0644 \u0644\u0644\u062d\u0638\u0627\u0626\u0631"},"content":{"rendered":"<p>\u0627\u0644\u0645\u0634\u0631\u0628 \u0627\u0644\u0623\u0648\u062a\u0648\u0645\u0627\u062a\u064a\u0643\u064a \u0630\u0648 \u0627\u0644\u0645\u0633\u062a\u0648\u0649 \u0627\u0644\u062b\u0627\u0628\u062a \u0628\u062d\u0648\u0636 \u0645\u0646 \u0627\u0644\u0641\u0648\u0644\u0627\u0630 \u0627\u0644\u0645\u0642\u0627\u0648\u0645 \u0644\u0644\u0635\u062f\u0623 AISI 304 \u0633\u064f\u0645\u0643 12\/10 \u0645\u0644\u0645 \u0645\u0635\u0645\u0645 \u0644\u062a\u0648\u0641\u064a\u0631 \u0645\u0627\u0621 \u0646\u0638\u064a\u0641 \u0648\u0646\u0642\u064a \u0628\u0634\u0643\u0644 \u0645\u0633\u062a\u0645\u0631 \u0644\u062d\u064a\u0648\u0627\u0646\u0627\u062a\u0643\u060c \u0645\u0645\u0627 \u064a\u0636\u0645\u0646 \u0627\u0644\u0627\u0645\u062a\u062b\u0627\u0644 \u0644\u0644\u0648\u0627\u0626\u062d \u0631\u0639\u0627\u064a\u0629 \u0627\u0644\u062d\u064a\u0648\u0627\u0646 \u0641\u064a \u0627\u0644\u0645\u0632\u0627\u0631\u0639.<\/p>\n<h4><em>\u0645\u062a\u0648\u0641\u0631 \u0628\u0640 3 \u0623\u0637\u0648\u0627\u0644 \u0645\u062e\u062a\u0644\u0641\u0629: 60 &#8211; 80 &#8211; 120 \u0633\u0645 (\u0623\u0631\u0633\u0644 \u0644\u0646\u0627 \u0637\u0644\u0628\u0643 \u0639\u0628\u0631 \u0627\u0644\u0628\u0631\u064a\u062f \u0627\u0644\u0625\u0644\u0643\u062a\u0631\u0648\u0646\u064a \u0623\u0648 \u0627\u062a\u0635\u0644 \u0628\u0646\u0627 &#8211; <a href=\"https:\/\/fdasrl.it\/ar\/%d8%a7%d8%aa%d8%b5%d9%84-%d8%a8%d9%86%d8%a7\/#et_pb_contact_form_0\">\u0627\u0646\u0638\u0631 \u0635\u0641\u062d\u0629 \u0627\u0644\u0627\u062a\u0635\u0627\u0644 &#8211; \u0627\u0636\u063a\u0637 \u0647\u0646\u0627<\/a>)<\/em><\/h4>\n<p>\u062a\u0634\u0645\u0644 \u0645\u0648\u0627\u0635\u0641\u0627\u062a\u0647 \u0627\u0644\u062a\u0642\u0646\u064a\u0629:<\/p>\n<ul>\n<li>\u0645\u0643\u0627\u0646 \u0644\u0644\u0639\u0648\u0627\u0645\u0629 \u0639\u0644\u0649 \u0627\u0644\u062c\u0627\u0646\u0628 \u0627\u0644\u0623\u064a\u0633\u0631.<\/li>\n<li>\u0633\u0639\u0629 \u0627\u0644\u062d\u0648\u0636 \u0639\u0646\u062f \u0627\u0644\u0645\u0633\u062a\u0648\u0649 \u0627\u0644\u0623\u0642\u0635\u0649 45 \u0644\u062a\u0631.<\/li>\n<li>\u0639\u0648\u0627\u0645\u0629 3\/4&#8243; \u0630\u0627\u062a \u062e\u064a\u0637 \u0630\u0643\u0631\u064a \u062c\u0633\u0645 \u0645\u0646 ABS. \u0636\u063a\u0637 \u062d\u0628\u0633 \u0627\u0644\u0645\u0627\u0621 \u0644\u0644\u0639\u0648\u0627\u0645\u0629 \u0627\u0644\u0645\u0636\u0645\u0646\u0629 \u0641\u064a \u0627\u0644\u062d\u0648\u0636 \u0628\u0633\u0639\u0629 \u0642\u0635\u0648\u0649 \u0645\u0646 0.5 \u0625\u0644\u0649 10 \u0628\u0627\u0631. <\/li>\n<li>\u0645\u0635\u0631\u0641 3\/4 \u0628\u0648\u0635\u0629 \u0645\u0639 \u0635\u0646\u0628\u0648\u0631 \u0644\u0644\u062a\u0641\u0631\u064a\u063a \u0627\u0644\u0633\u0631\u064a\u0639.<\/li>\n<li>\u0627\u0644\u0623\u0628\u0639\u0627\u062f: \u0627\u0644\u0637\u0648\u0644 80 \u0633\u0645 \u00d7 \u0627\u0644\u0639\u0645\u0642 30 \u0633\u0645 \u00d7 \u0627\u0644\u0627\u0631\u062a\u0641\u0627\u0639 20 \u0633\u0645. \u0627\u0644\u0645\u0633\u0627\u062d\u0629 \u0627\u0644\u062e\u0644\u0641\u064a\u0629 100 \u0633\u0645 \u0625\u062c\u0645\u0627\u0644\u064a. \u0645\u0633\u0627\u062d\u0629 \u0627\u0644\u0634\u0631\u0628 60 \u0633\u0645.  <\/li>\n<li>\u0625\u0645\u0643\u0627\u0646\u064a\u0629 \u0627\u0644\u062a\u062b\u0628\u064a\u062a \u0639\u0644\u0649 \u0627\u0644\u062d\u0627\u0626\u0637 \u0628\u0648\u0627\u0633\u0637\u0629 \u0628\u0631\u0627\u063a\u064a \u0642\u0637\u0631 12 \u0645\u0644\u0645 \u0644\u0644\u062a\u062b\u0628\u064a\u062a \u0627\u0644\u062c\u0627\u0646\u0628\u064a.<\/li>\n<li>\u0627\u0644\u0648\u0632\u0646 10.8 \u0643\u062c\u0645<\/li>\n<\/ul>\n<h3><strong>\u062a\u0635\u0631\u064a\u0641 \u0627\u0644\u0645\u0627\u0621 \u0639\u0628\u0631 \u0627\u0644\u0635\u0646\u0628\u0648\u0631 3\/4 \u0628\u0648\u0635\u0629 \u0644\u0644\u062a\u0641\u0631\u064a\u063a \u0627\u0644\u0633\u0631\u064a\u0639 \u0644\u0644\u062d\u0648\u0636.<\/strong><\/h3>\n<h4>\u0641\u064a \u0627\u0644\u062e\u062a\u0627\u0645\u060c \u0627\u0644\u0645\u0634\u0631\u0628 \u0627\u0644\u0623\u0648\u062a\u0648\u0645\u0627\u062a\u064a\u0643\u064a \u0630\u0648 \u0627\u0644\u0645\u0633\u062a\u0648\u0649 \u0627\u0644\u062b\u0627\u0628\u062a \u0645\u0646 \u0627\u0644\u0641\u0648\u0644\u0627\u0630 \u0627\u0644\u0645\u0642\u0627\u0648\u0645 \u0644\u0644\u0635\u062f\u0623 AISI 304 \u0647\u0648 \u062d\u0644 \u0645\u0648\u062b\u0648\u0642 \u0648\u0639\u0645\u0644\u064a \u0644\u0636\u0645\u0627\u0646 \u0625\u0645\u062f\u0627\u062f \u0643\u0627\u0641\u064d \u0628\u0627\u0644\u0645\u0627\u0621 \u0644\u062d\u064a\u0648\u0627\u0646\u0627\u062a\u0643\u060c \u0645\u0645\u0627 \u064a\u0636\u0645\u0646 \u0631\u0641\u0627\u0647\u064a\u062a\u0647\u0627 \u0648\u0627\u0644\u0627\u0645\u062a\u062b\u0627\u0644 \u0644\u0644\u0648\u0627\u0626\u062d \u0627\u0644\u0633\u0627\u0631\u064a\u0629 \u0641\u064a \u0627\u0644\u0642\u0637\u0627\u0639 \u0627\u0644\u0632\u0631\u0627\u0639\u064a.<\/h4>\n<h4><em>\u0645\u062a\u0648\u0641\u0631 \u0628\u0640 3 \u0623\u0637\u0648\u0627\u0644 \u0645\u062e\u062a\u0644\u0641\u0629: 60 &#8211; 80 &#8211; 120 \u0633\u0645 <\/em><em>(\u0623\u0631\u0633\u0644 \u0644\u0646\u0627 \u0637\u0644\u0628\u0643 \u0639\u0628\u0631 \u0627\u0644\u0628\u0631\u064a\u062f \u0627\u0644\u0625\u0644\u0643\u062a\u0631\u0648\u0646\u064a \u0623\u0648 \u0627\u062a\u0635\u0644 \u0628\u0646\u0627 &#8211; <a href=\"https:\/\/fdasrl.it\/ar\/%d8%a7%d8%aa%d8%b5%d9%84-%d8%a8%d9%86%d8%a7\/#et_pb_contact_form_0\">\u0627\u0646\u0638\u0631 \u0635\u0641\u062d\u0629 \u0627\u0644\u0627\u062a\u0635\u0627\u0644 &#8211; \u0627\u0636\u063a\u0637 \u0647\u0646\u0627<\/a>)<\/em><\/h4>\n<p>\u0627\u0634\u062a\u0631\u0647\u0627 \u0645\u0646  <a href=\"https:\/\/fda-shop.it\/shop\/articoli-per-allevamento\/abbeveratoio-vasca-automatico-a-livello-costante\" target=\"_blank\" rel=\"noopener\">\u0645\u062a\u062c\u0631\u0646\u0627 \u0627\u0644\u0625\u0644\u0643\u062a\u0631\u0648\u0646\u064a<\/a><\/p>\n","protected":false},"excerpt":{"rendered":"<p>\u0627\u0644\u0645\u0634\u0631\u0628 \u0627\u0644\u0623\u0648\u062a\u0648\u0645\u0627\u062a\u064a\u0643\u064a \u0630\u0648 \u0627\u0644\u0645\u0633\u062a\u0648\u0649 \u0627\u0644\u062b\u0627\u0628\u062a \u0645\u0646 \u0627\u0644\u0641\u0648\u0644\u0627\u0630 \u0627\u0644\u0645\u0642\u0627\u0648\u0645 \u0644\u0644\u0635\u062f\u0623 AISI 304 \u0633\u064f\u0645\u0643 12\/10 \u0645\u0644\u0645 \u0645\u0635\u0645\u0645 \u0644\u062a\u0648\u0641\u064a\u0631 \u0645\u0627\u0621 \u0646\u0638\u064a\u0641 \u0648\u0646\u0642\u064a \u0628\u0634\u0643\u0644 \u0645\u0633\u062a\u0645\u0631 \u0644\u062d\u064a\u0648\u0627\u0646\u0627\u062a\u0643\u060c \u0645\u0645\u0627 \u064a\u0636\u0645\u0646 \u0627\u0644\u0627\u0645\u062a\u062b\u0627\u0644 \u0644\u0644\u0648\u0627\u0626\u062d \u0631\u0639\u0627\u064a\u0629 \u0627\u0644\u062d\u064a\u0648\u0627\u0646 \u0641\u064a \u0627\u0644\u0645\u0632\u0627\u0631\u0639.<\/p>\n","protected":false},"featured_media":667,"comment_status":"open","ping_status":"closed","template":"","meta":{"_et_pb_use_builder":"","_et_pb_old_content":"","_et_gb_content_width":""},"product_brand":[],"product_cat":[557,398,387,626,567,556],"product_tag":[880],"class_list":{"0":"post-3581","1":"product","2":"type-product","3":"status-publish","4":"has-post-thumbnail","6":"product_cat-557","7":"product_cat-398","8":"product_cat-387","9":"product_cat-626","10":"product_cat-567","11":"product_cat-556","12":"product_tag-fa-vs2","14":"first","15":"instock","16":"shipping-taxable","17":"product-type-simple"},"yoast_head":"<!-- This site is optimized with the Yoast SEO Premium plugin v27.5 (Yoast SEO v27.5) - https:\/\/yoast.com\/product\/yoast-seo-premium-wordpress\/ -->\n<title>\u0645\u0634\u0631\u0628 \u0623\u0648\u062a\u0648\u0645\u0627\u062a\u064a\u0643\u064a \u0628\u062d\u0648\u0636 \u0633\u062a\u0627\u0646\u0644\u0633 \u0633\u062a\u064a\u0644 \u0644\u0644\u062d\u0638\u0627\u0626\u0631 \u0645\u0639 \u0639\u0648\u0627\u0645\u0629<\/title>\n<meta name=\"description\" content=\"\u064a\u0636\u0645\u0646 \u0627\u0644\u0645\u0627\u0621 \u0627\u0644\u0646\u0638\u064a\u0641 \u0648\u0627\u0644\u0646\u0642\u064a \u0644\u062d\u064a\u0648\u0627\u0646\u0627\u062a\u0643 \u0645\u0639 \u0627\u0644\u0645\u0634\u0631\u0628 \u0627\u0644\u0623\u0648\u062a\u0648\u0645\u0627\u062a\u064a\u0643\u064a \u0628\u062d\u0648\u0636 \u0633\u062a\u0627\u0646\u0644\u0633 \u0633\u062a\u064a\u0644 \u0644\u0644\u062d\u0638\u0627\u0626\u0631. \u0627\u0643\u062a\u0634\u0641 \u062c\u0645\u064a\u0639 \u0645\u0648\u0627\u0635\u0641\u0627\u062a\u0647 \u0627\u0644\u062a\u0642\u0646\u064a\u0629!\" \/>\n<meta name=\"robots\" content=\"index, follow, max-snippet:-1, max-image-preview:large, max-video-preview:-1\" \/>\n<link rel=\"canonical\" href=\"https:\/\/fdasrl.it\/ar\/prodotto\/%d9%85%d8%b4%d8%b1%d8%a8-%d8%a3%d9%88%d8%aa%d9%88%d9%85%d8%a7%d8%aa%d9%8a%d9%83%d9%8a-%d8%a8%d8%ad%d9%88%d8%b6-%d8%b3%d8%aa%d8%a7%d9%86%d9%84%d8%b3-%d8%b3%d8%aa%d9%8a%d9%84-%d9%84%d9%84%d8%ad%d8%b8\/\" \/>\n<meta property=\"og:locale\" content=\"ar_AR\" \/>\n<meta property=\"og:type\" content=\"article\" \/>\n<meta property=\"og:title\" content=\"\u0645\u0634\u0631\u0628 \u0623\u0648\u062a\u0648\u0645\u0627\u062a\u064a\u0643\u064a \u0628\u062d\u0648\u0636 \u0633\u062a\u0627\u0646\u0644\u0633 \u0633\u062a\u064a\u0644 \u0644\u0644\u062d\u0638\u0627\u0626\u0631\" \/>\n<meta property=\"og:description\" content=\"\u064a\u0636\u0645\u0646 \u0627\u0644\u0645\u0627\u0621 \u0627\u0644\u0646\u0638\u064a\u0641 \u0648\u0627\u0644\u0646\u0642\u064a \u0644\u062d\u064a\u0648\u0627\u0646\u0627\u062a\u0643 \u0645\u0639 \u0627\u0644\u0645\u0634\u0631\u0628 \u0627\u0644\u0623\u0648\u062a\u0648\u0645\u0627\u062a\u064a\u0643\u064a \u0628\u062d\u0648\u0636 \u0633\u062a\u0627\u0646\u0644\u0633 \u0633\u062a\u064a\u0644 \u0644\u0644\u062d\u0638\u0627\u0626\u0631. \u0627\u0643\u062a\u0634\u0641 \u062c\u0645\u064a\u0639 \u0645\u0648\u0627\u0635\u0641\u0627\u062a\u0647 \u0627\u0644\u062a\u0642\u0646\u064a\u0629!\" \/>\n<meta property=\"og:url\" content=\"https:\/\/fdasrl.it\/ar\/prodotto\/%d9%85%d8%b4%d8%b1%d8%a8-%d8%a3%d9%88%d8%aa%d9%88%d9%85%d8%a7%d8%aa%d9%8a%d9%83%d9%8a-%d8%a8%d8%ad%d9%88%d8%b6-%d8%b3%d8%aa%d8%a7%d9%86%d9%84%d8%b3-%d8%b3%d8%aa%d9%8a%d9%84-%d9%84%d9%84%d8%ad%d8%b8\/\" \/>\n<meta property=\"og:site_name\" content=\"FDA srl\" \/>\n<meta property=\"article:publisher\" content=\"https:\/\/www.facebook.com\/share\/1MWhFWg1Tp\/?mibextid=LQQJ4d\" \/>\n<meta property=\"og:image\" content=\"https:\/\/fdasrl.it\/wp-content\/uploads\/2025\/01\/Abbeveratoio-automatico-vasca-inox-stalla-equini-bovini-caprini-fa-v2.jpeg\" \/>\n\t<meta property=\"og:image:width\" content=\"1000\" \/>\n\t<meta property=\"og:image:height\" content=\"535\" \/>\n\t<meta property=\"og:image:type\" content=\"image\/jpeg\" \/>\n<meta name=\"twitter:card\" content=\"summary_large_image\" \/>\n<meta name=\"twitter:label1\" content=\"\u0627\u0644\u0633\u0639\u0631\" \/>\n\t<meta name=\"twitter:data1\" content=\"\" \/>\n\t<meta name=\"twitter:label2\" content=\"\u0627\u0644\u062a\u0648\u0641\u0631\" \/>\n\t<meta name=\"twitter:data2\" content=\"\u0645\u062a\u0648\u0641\u0631 \u0641\u064a \u0627\u0644\u0645\u062e\u0632\u0648\u0646\" \/>\n<meta property=\"product:price:currency\" content=\"EUR\" \/>\n<meta property=\"og:availability\" content=\"instock\" \/>\n<meta property=\"product:availability\" content=\"instock\" \/>\n<meta property=\"product:retailer_item_id\" content=\"FAVS2\" \/>\n<meta property=\"product:condition\" content=\"new\" \/>\n<!-- \/ Yoast SEO Premium plugin. -->","yoast_head_json":{"title":"\u0645\u0634\u0631\u0628 \u0623\u0648\u062a\u0648\u0645\u0627\u062a\u064a\u0643\u064a \u0628\u062d\u0648\u0636 \u0633\u062a\u0627\u0646\u0644\u0633 \u0633\u062a\u064a\u0644 \u0644\u0644\u062d\u0638\u0627\u0626\u0631 \u0645\u0639 \u0639\u0648\u0627\u0645\u0629","description":"\u064a\u0636\u0645\u0646 \u0627\u0644\u0645\u0627\u0621 \u0627\u0644\u0646\u0638\u064a\u0641 \u0648\u0627\u0644\u0646\u0642\u064a \u0644\u062d\u064a\u0648\u0627\u0646\u0627\u062a\u0643 \u0645\u0639 \u0627\u0644\u0645\u0634\u0631\u0628 \u0627\u0644\u0623\u0648\u062a\u0648\u0645\u0627\u062a\u064a\u0643\u064a \u0628\u062d\u0648\u0636 \u0633\u062a\u0627\u0646\u0644\u0633 \u0633\u062a\u064a\u0644 \u0644\u0644\u062d\u0638\u0627\u0626\u0631. \u0627\u0643\u062a\u0634\u0641 \u062c\u0645\u064a\u0639 \u0645\u0648\u0627\u0635\u0641\u0627\u062a\u0647 \u0627\u0644\u062a\u0642\u0646\u064a\u0629!","robots":{"index":"index","follow":"follow","max-snippet":"max-snippet:-1","max-image-preview":"max-image-preview:large","max-video-preview":"max-video-preview:-1"},"canonical":"https:\/\/fdasrl.it\/ar\/prodotto\/%d9%85%d8%b4%d8%b1%d8%a8-%d8%a3%d9%88%d8%aa%d9%88%d9%85%d8%a7%d8%aa%d9%8a%d9%83%d9%8a-%d8%a8%d8%ad%d9%88%d8%b6-%d8%b3%d8%aa%d8%a7%d9%86%d9%84%d8%b3-%d8%b3%d8%aa%d9%8a%d9%84-%d9%84%d9%84%d8%ad%d8%b8\/","og_locale":"ar_AR","og_type":"article","og_title":"\u0645\u0634\u0631\u0628 \u0623\u0648\u062a\u0648\u0645\u0627\u062a\u064a\u0643\u064a \u0628\u062d\u0648\u0636 \u0633\u062a\u0627\u0646\u0644\u0633 \u0633\u062a\u064a\u0644 \u0644\u0644\u062d\u0638\u0627\u0626\u0631","og_description":"\u064a\u0636\u0645\u0646 \u0627\u0644\u0645\u0627\u0621 \u0627\u0644\u0646\u0638\u064a\u0641 \u0648\u0627\u0644\u0646\u0642\u064a \u0644\u062d\u064a\u0648\u0627\u0646\u0627\u062a\u0643 \u0645\u0639 \u0627\u0644\u0645\u0634\u0631\u0628 \u0627\u0644\u0623\u0648\u062a\u0648\u0645\u0627\u062a\u064a\u0643\u064a \u0628\u062d\u0648\u0636 \u0633\u062a\u0627\u0646\u0644\u0633 \u0633\u062a\u064a\u0644 \u0644\u0644\u062d\u0638\u0627\u0626\u0631. \u0627\u0643\u062a\u0634\u0641 \u062c\u0645\u064a\u0639 \u0645\u0648\u0627\u0635\u0641\u0627\u062a\u0647 \u0627\u0644\u062a\u0642\u0646\u064a\u0629!","og_url":"https:\/\/fdasrl.it\/ar\/prodotto\/%d9%85%d8%b4%d8%b1%d8%a8-%d8%a3%d9%88%d8%aa%d9%88%d9%85%d8%a7%d8%aa%d9%8a%d9%83%d9%8a-%d8%a8%d8%ad%d9%88%d8%b6-%d8%b3%d8%aa%d8%a7%d9%86%d9%84%d8%b3-%d8%b3%d8%aa%d9%8a%d9%84-%d9%84%d9%84%d8%ad%d8%b8\/","og_site_name":"FDA srl","article_publisher":"https:\/\/www.facebook.com\/share\/1MWhFWg1Tp\/?mibextid=LQQJ4d","og_image":[{"width":1000,"height":535,"url":"https:\/\/fdasrl.it\/wp-content\/uploads\/2025\/01\/Abbeveratoio-automatico-vasca-inox-stalla-equini-bovini-caprini-fa-v2.jpeg","type":"image\/jpeg"}],"twitter_card":"summary_large_image","twitter_misc":{"\u0627\u0644\u0633\u0639\u0631":"","\u0627\u0644\u062a\u0648\u0641\u0631":"\u0645\u062a\u0648\u0641\u0631 \u0641\u064a \u0627\u0644\u0645\u062e\u0632\u0648\u0646"},"schema":{"@context":"https:\/\/schema.org","@graph":[{"@type":"WebPage","@id":"https:\/\/fdasrl.it\/ar\/prodotto\/%d9%85%d8%b4%d8%b1%d8%a8-%d8%a3%d9%88%d8%aa%d9%88%d9%85%d8%a7%d8%aa%d9%8a%d9%83%d9%8a-%d8%a8%d8%ad%d9%88%d8%b6-%d8%b3%d8%aa%d8%a7%d9%86%d9%84%d8%b3-%d8%b3%d8%aa%d9%8a%d9%84-%d9%84%d9%84%d8%ad%d8%b8\/","url":"https:\/\/fdasrl.it\/ar\/prodotto\/%d9%85%d8%b4%d8%b1%d8%a8-%d8%a3%d9%88%d8%aa%d9%88%d9%85%d8%a7%d8%aa%d9%8a%d9%83%d9%8a-%d8%a8%d8%ad%d9%88%d8%b6-%d8%b3%d8%aa%d8%a7%d9%86%d9%84%d8%b3-%d8%b3%d8%aa%d9%8a%d9%84-%d9%84%d9%84%d8%ad%d8%b8\/","name":"\u0645\u0634\u0631\u0628 \u0623\u0648\u062a\u0648\u0645\u0627\u062a\u064a\u0643\u064a \u0628\u062d\u0648\u0636 \u0633\u062a\u0627\u0646\u0644\u0633 \u0633\u062a\u064a\u0644 \u0644\u0644\u062d\u0638\u0627\u0626\u0631 \u0645\u0639 \u0639\u0648\u0627\u0645\u0629","isPartOf":{"@id":"https:\/\/fdasrl.it\/ar\/#website"},"primaryImageOfPage":{"@id":"https:\/\/fdasrl.it\/ar\/prodotto\/%d9%85%d8%b4%d8%b1%d8%a8-%d8%a3%d9%88%d8%aa%d9%88%d9%85%d8%a7%d8%aa%d9%8a%d9%83%d9%8a-%d8%a8%d8%ad%d9%88%d8%b6-%d8%b3%d8%aa%d8%a7%d9%86%d9%84%d8%b3-%d8%b3%d8%aa%d9%8a%d9%84-%d9%84%d9%84%d8%ad%d8%b8\/#primaryimage"},"image":{"@id":"https:\/\/fdasrl.it\/ar\/prodotto\/%d9%85%d8%b4%d8%b1%d8%a8-%d8%a3%d9%88%d8%aa%d9%88%d9%85%d8%a7%d8%aa%d9%8a%d9%83%d9%8a-%d8%a8%d8%ad%d9%88%d8%b6-%d8%b3%d8%aa%d8%a7%d9%86%d9%84%d8%b3-%d8%b3%d8%aa%d9%8a%d9%84-%d9%84%d9%84%d8%ad%d8%b8\/#primaryimage"},"thumbnailUrl":"https:\/\/fdasrl.it\/wp-content\/uploads\/2025\/01\/Abbeveratoio-automatico-vasca-inox-stalla-equini-bovini-caprini-fa-v2.jpeg","datePublished":"2025-01-21T09:47:40+00:00","description":"\u064a\u0636\u0645\u0646 \u0627\u0644\u0645\u0627\u0621 \u0627\u0644\u0646\u0638\u064a\u0641 \u0648\u0627\u0644\u0646\u0642\u064a \u0644\u062d\u064a\u0648\u0627\u0646\u0627\u062a\u0643 \u0645\u0639 \u0627\u0644\u0645\u0634\u0631\u0628 \u0627\u0644\u0623\u0648\u062a\u0648\u0645\u0627\u062a\u064a\u0643\u064a \u0628\u062d\u0648\u0636 \u0633\u062a\u0627\u0646\u0644\u0633 \u0633\u062a\u064a\u0644 \u0644\u0644\u062d\u0638\u0627\u0626\u0631. \u0627\u0643\u062a\u0634\u0641 \u062c\u0645\u064a\u0639 \u0645\u0648\u0627\u0635\u0641\u0627\u062a\u0647 \u0627\u0644\u062a\u0642\u0646\u064a\u0629!","breadcrumb":{"@id":"https:\/\/fdasrl.it\/ar\/prodotto\/%d9%85%d8%b4%d8%b1%d8%a8-%d8%a3%d9%88%d8%aa%d9%88%d9%85%d8%a7%d8%aa%d9%8a%d9%83%d9%8a-%d8%a8%d8%ad%d9%88%d8%b6-%d8%b3%d8%aa%d8%a7%d9%86%d9%84%d8%b3-%d8%b3%d8%aa%d9%8a%d9%84-%d9%84%d9%84%d8%ad%d8%b8\/#breadcrumb"},"inLanguage":"ar","potentialAction":[{"@type":"ReadAction","target":["https:\/\/fdasrl.it\/ar\/prodotto\/%d9%85%d8%b4%d8%b1%d8%a8-%d8%a3%d9%88%d8%aa%d9%88%d9%85%d8%a7%d8%aa%d9%8a%d9%83%d9%8a-%d8%a8%d8%ad%d9%88%d8%b6-%d8%b3%d8%aa%d8%a7%d9%86%d9%84%d8%b3-%d8%b3%d8%aa%d9%8a%d9%84-%d9%84%d9%84%d8%ad%d8%b8\/"]}]},{"@type":"ImageObject","inLanguage":"ar","@id":"https:\/\/fdasrl.it\/ar\/prodotto\/%d9%85%d8%b4%d8%b1%d8%a8-%d8%a3%d9%88%d8%aa%d9%88%d9%85%d8%a7%d8%aa%d9%8a%d9%83%d9%8a-%d8%a8%d8%ad%d9%88%d8%b6-%d8%b3%d8%aa%d8%a7%d9%86%d9%84%d8%b3-%d8%b3%d8%aa%d9%8a%d9%84-%d9%84%d9%84%d8%ad%d8%b8\/#primaryimage","url":"https:\/\/fdasrl.it\/wp-content\/uploads\/2025\/01\/Abbeveratoio-automatico-vasca-inox-stalla-equini-bovini-caprini-fa-v2.jpeg","contentUrl":"https:\/\/fdasrl.it\/wp-content\/uploads\/2025\/01\/Abbeveratoio-automatico-vasca-inox-stalla-equini-bovini-caprini-fa-v2.jpeg","width":1000,"height":535,"caption":"Abbeveratoio automatico vasca inox con galleggiante automatico per stalla equini bovini caprini fav2"},{"@type":"BreadcrumbList","@id":"https:\/\/fdasrl.it\/ar\/prodotto\/%d9%85%d8%b4%d8%b1%d8%a8-%d8%a3%d9%88%d8%aa%d9%88%d9%85%d8%a7%d8%aa%d9%8a%d9%83%d9%8a-%d8%a8%d8%ad%d9%88%d8%b6-%d8%b3%d8%aa%d8%a7%d9%86%d9%84%d8%b3-%d8%b3%d8%aa%d9%8a%d9%84-%d9%84%d9%84%d8%ad%d8%b8\/#breadcrumb","itemListElement":[{"@type":"ListItem","position":1,"name":"Home","item":"https:\/\/fdasrl.it\/ar\/%d8%a7%d9%84%d8%b1%d8%a6%d9%8a%d8%b3%d9%8a%d8%a9\/"},{"@type":"ListItem","position":2,"name":"\u0627\u0644\u0645\u062a\u062c\u0631","item":"https:\/\/fdasrl.it\/ar\/%d8%a7%d9%84%d9%85%d8%aa%d8%ac%d8%b1\/"},{"@type":"ListItem","position":3,"name":"\u0645\u0634\u0631\u0628 \u0623\u0648\u062a\u0648\u0645\u0627\u062a\u064a\u0643\u064a \u0628\u062d\u0648\u0636 \u0633\u062a\u0627\u0646\u0644\u0633 \u0633\u062a\u064a\u0644 \u0644\u0644\u062d\u0638\u0627\u0626\u0631"}]},{"@type":"WebSite","@id":"https:\/\/fdasrl.it\/ar\/#website","url":"https:\/\/fdasrl.it\/ar\/","name":"FDA srl","description":"Equipment for animal husbandry","publisher":{"@id":"https:\/\/fdasrl.it\/ar\/#organization"},"potentialAction":[{"@type":"SearchAction","target":{"@type":"EntryPoint","urlTemplate":"https:\/\/fdasrl.it\/ar\/?s={search_term_string}"},"query-input":{"@type":"PropertyValueSpecification","valueRequired":true,"valueName":"search_term_string"}}],"inLanguage":"ar"},{"@type":"Organization","@id":"https:\/\/fdasrl.it\/ar\/#organization","name":"FDA srl","url":"https:\/\/fdasrl.it\/ar\/","logo":{"@type":"ImageObject","inLanguage":"ar","@id":"https:\/\/fdasrl.it\/ar\/#\/schema\/logo\/image\/","url":"https:\/\/fdasrl.it\/wp-content\/uploads\/2024\/12\/Logo-FDA.png","contentUrl":"https:\/\/fdasrl.it\/wp-content\/uploads\/2024\/12\/Logo-FDA.png","width":316,"height":119,"caption":"FDA srl"},"image":{"@id":"https:\/\/fdasrl.it\/ar\/#\/schema\/logo\/image\/"},"sameAs":["https:\/\/www.facebook.com\/share\/1MWhFWg1Tp\/?mibextid=LQQJ4d","https:\/\/www.instagram.com\/fda_srl\/profilecard\/?igsh=YW5lbzJ6MWg0d21u","https:\/\/www.youtube.com\/@FDASRL_ANIMALCARE"],"description":"FDA SRL \u2013 Equipment for animal husbandry nasce con l\u2019obiettivo di offrire soluzioni affidabili e innovative per l\u2019allevamento moderno. Con anni di esperienza nel settore zootecnico, progettiamo e realizziamo attrezzature destinate al benessere animale e alla gestione efficiente delle stalle: vasche, abbeveratoi, mangiatoie e sistemi di riscaldamento pensati per durare nel tempo e semplificare il lavoro quotidiano degli allevatori. Dalla progettazione alla produzione, ogni nostro prodotto \u00e8 studiato nei minimi dettagli, testato con cura e costruito per rispondere alle esigenze reali del settore. La nostra forza \u00e8 unire artigianalit\u00e0, tecnologia e competenza tecnica per trasformare ogni progetto in una soluzione concreta e funzionale. Oggi FDA SRL \u00e8 un punto di riferimento per privati e rivenditori che cercano qualit\u00e0, affidabilit\u00e0 e innovazione nelle attrezzature per l\u2019allevamento.","email":"info@fdasrl.it","telephone":"+390522826820","legalName":"F.D.A. SRL","foundingDate":"2024-10-13","vatID":"03075840359","taxID":"03075840359","numberOfEmployees":{"@type":"QuantitativeValue","minValue":"1","maxValue":"10"}}]},"product_price_currency":"EUR","og_availability":"instock","product_availability":"instock","product_retailer_item_id":"FAVS2","product_condition":"new"},"_links":{"self":[{"href":"https:\/\/fdasrl.it\/ar\/wp-json\/wp\/v2\/product\/3581","targetHints":{"allow":["GET"]}}],"collection":[{"href":"https:\/\/fdasrl.it\/ar\/wp-json\/wp\/v2\/product"}],"about":[{"href":"https:\/\/fdasrl.it\/ar\/wp-json\/wp\/v2\/types\/product"}],"replies":[{"embeddable":true,"href":"https:\/\/fdasrl.it\/ar\/wp-json\/wp\/v2\/comments?post=3581"}],"wp:featuredmedia":[{"embeddable":true,"href":"https:\/\/fdasrl.it\/ar\/wp-json\/wp\/v2\/media\/667"}],"wp:attachment":[{"href":"https:\/\/fdasrl.it\/ar\/wp-json\/wp\/v2\/media?parent=3581"}],"wp:term":[{"taxonomy":"product_brand","embeddable":true,"href":"https:\/\/fdasrl.it\/ar\/wp-json\/wp\/v2\/product_brand?post=3581"},{"taxonomy":"product_cat","embeddable":true,"href":"https:\/\/fdasrl.it\/ar\/wp-json\/wp\/v2\/product_cat?post=3581"},{"taxonomy":"product_tag","embeddable":true,"href":"https:\/\/fdasrl.it\/ar\/wp-json\/wp\/v2\/product_tag?post=3581"}],"curies":[{"name":"wp","href":"https:\/\/api.w.org\/{rel}","templated":true}]}}