{"id":3632,"date":"2025-01-21T11:52:45","date_gmt":"2025-01-21T10:52:45","guid":{"rendered":"https:\/\/fdasrl.it\/prodotto\/%d9%85%d8%b9%d9%84%d9%81-%d9%85%d8%aa%d9%86%d9%82%d9%84-%d9%84%d9%84%d8%ad%d8%b8%d8%a7%d8%a6%d8%b1-%d9%88%d8%a7%d9%84%d8%a7%d8%b3%d8%b7%d8%a8%d9%84%d8%a7%d8%aa\/"},"modified":"2025-01-21T11:52:45","modified_gmt":"2025-01-21T10:52:45","slug":"%d9%85%d8%b9%d9%84%d9%81-%d9%85%d8%aa%d9%86%d9%82%d9%84-%d9%84%d9%84%d8%ad%d8%b8%d8%a7%d8%a6%d8%b1-%d9%88%d8%a7%d9%84%d8%a7%d8%b3%d8%b7%d8%a8%d9%84%d8%a7%d8%aa","status":"publish","type":"product","link":"https:\/\/fdasrl.it\/ar\/prodotto\/%d9%85%d8%b9%d9%84%d9%81-%d9%85%d8%aa%d9%86%d9%82%d9%84-%d9%84%d9%84%d8%ad%d8%b8%d8%a7%d8%a6%d8%b1-%d9%88%d8%a7%d9%84%d8%a7%d8%b3%d8%b7%d8%a8%d9%84%d8%a7%d8%aa\/","title":{"rendered":"\u0645\u0639\u0644\u0641 \u0645\u062a\u0646\u0642\u0644 \u0644\u0644\u062d\u0638\u0627\u0626\u0631 \u0648\u0627\u0644\u0627\u0633\u0637\u0628\u0644\u0627\u062a"},"content":{"rendered":"<p>\u0645\u0639\u0644\u0641 \u0645\u062a\u0646\u0642\u0644 \u0644\u0644\u062d\u0638\u0627\u0626\u0631 \u0648\u0627\u0644\u0627\u0633\u0637\u0628\u0644\u0627\u062a FA-MA1:<\/p>\n<div align=\"justify\">&#8211; \u0645\u0635\u0646\u0648\u0639 \u0645\u0646 \u0627\u0644\u0628\u0648\u0644\u064a \u0625\u064a\u062b\u064a\u0644\u064a\u0646 \u0627\u0644\u0645\u0642\u0627\u0648\u0645 \u0644\u0644\u062e\u062f\u0634<\/div>\n<div align=\"justify\">&#8211; \u0627\u0644\u0633\u0639\u0629 12 \u0623\u0648 16 \u0644\u062a\u0631\u064b\u0627<\/div>\n<div align=\"justify\">&#8211; \u0645\u0632\u0648\u062f \u0628\u062e\u0637\u0627\u0641\u0627\u062a \u0645\u0639\u062f\u0646\u064a\u0629 \u0645\u063a\u0644\u0641\u0629 \u0628\u0627\u0644\u0628\u0644\u0627\u0633\u062a\u064a\u0643<\/div>\n<div align=\"justify\">&#8211; \u062f\u0639\u0627\u0645\u0627\u062a \u062e\u0644\u0641\u064a\u0629 \u0644\u0644\u062a\u0639\u0644\u064a\u0642<\/div>\n<div align=\"justify\">&#8211; \u0623\u0644\u0648\u0627\u0646 \u0645\u062a\u0639\u062f\u062f\u0629<\/div>\n<div align=\"justify\"><\/div>\n","protected":false},"excerpt":{"rendered":"<p>\u0645\u0639\u0644\u0641 \u0645\u062a\u0646\u0642\u0644 \u0644\u0644\u062d\u0638\u0627\u0626\u0631 \u0648\u0627\u0644\u0627\u0633\u0637\u0628\u0644\u0627\u062a FA-MA1: &#8211; \u0645\u0635\u0646\u0648\u0639 \u0645\u0646 \u0627\u0644\u0628\u0648\u0644\u064a \u0625\u064a\u062b\u064a\u0644\u064a\u0646 \u0627\u0644\u0645\u0642\u0627\u0648\u0645 \u0644\u0644\u062e\u062f\u0634 &#8211; \u0627\u0644\u0633\u0639\u0629 12 \u0623\u0648 16 \u0644\u062a\u0631\u064b\u0627 &#8211; \u0645\u0632\u0648\u062f \u0628\u062e\u0637\u0627\u0641\u0627\u062a \u0645\u0639\u062f\u0646\u064a\u0629 \u0645\u063a\u0644\u0641\u0629 \u0628\u0627\u0644\u0628\u0644\u0627\u0633\u062a\u064a\u0643 &#8211; \u062f\u0639\u0627\u0645\u0627\u062a \u062e\u0644\u0641\u064a\u0629 \u0644\u0644\u062a\u0639\u0644\u064a\u0642 &#8211; \u0623\u0644\u0648\u0627\u0646 \u0645\u062a\u0639\u062f\u062f\u0629<\/p>\n","protected":false},"featured_media":648,"comment_status":"open","ping_status":"closed","template":"","meta":{"_et_pb_use_builder":"","_et_pb_old_content":"","_et_gb_content_width":""},"product_brand":[],"product_cat":[626,841],"product_tag":[886],"class_list":{"0":"post-3632","1":"product","2":"type-product","3":"status-publish","4":"has-post-thumbnail","6":"product_cat-626","7":"product_cat-841","8":"product_tag-fa-ma1","10":"first","11":"instock","12":"shipping-taxable","13":"product-type-simple"},"yoast_head":"<!-- This site is optimized with the Yoast SEO Premium plugin v27.5 (Yoast SEO v27.5) - https:\/\/yoast.com\/product\/yoast-seo-premium-wordpress\/ -->\n<title>\u0645\u0639\u0644\u0641 \u0645\u062a\u0646\u0642\u0644 \u0644\u0644\u062d\u0638\u0627\u0626\u0631 \u0648\u0627\u0644\u0627\u0633\u0637\u0628\u0644\u0627\u062a - FDA srl<\/title>\n<meta name=\"description\" content=\"\u0645\u0639\u0644\u0641 \u0645\u062a\u0646\u0642\u0644 \u0644\u0644\u062d\u0638\u0627\u0626\u0631 \u0648\u0627\u0644\u0627\u0633\u0637\u0628\u0644\u0627\u062a FA-MA1: - \u0645\u0635\u0646\u0648\u0639 \u0645\u0646 \u0627\u0644\u0628\u0648\u0644\u064a \u0625\u064a\u062b\u064a\u0644\u064a\u0646 \u0627\u0644\u0645\u0642\u0627\u0648\u0645 \u0644\u0644\u062e\u062f\u0634 - \u0627\u0644\u0633\u0639\u0629 12 \u0623\u0648 16 \u0644\u062a\u0631\u064b\u0627 - \u0645\u0632\u0648\u062f \u0628\u062e\u0637\u0627\u0641\u0627\u062a \u0645\u0639\u062f\u0646\u064a\u0629 \u0645\u063a\u0644\u0641\u0629 \u0628\u0627\u0644\u0628\u0644\u0627\u0633\u062a\u064a\u0643 - \u062f\u0639\u0627\u0645\u0627\u062a \u062e\u0644\u0641\u064a\u0629\" \/>\n<meta name=\"robots\" content=\"index, follow, max-snippet:-1, max-image-preview:large, max-video-preview:-1\" \/>\n<link rel=\"canonical\" href=\"https:\/\/fdasrl.it\/ar\/prodotto\/%d9%85%d8%b9%d9%84%d9%81-%d9%85%d8%aa%d9%86%d9%82%d9%84-%d9%84%d9%84%d8%ad%d8%b8%d8%a7%d8%a6%d8%b1-%d9%88%d8%a7%d9%84%d8%a7%d8%b3%d8%b7%d8%a8%d9%84%d8%a7%d8%aa\/\" \/>\n<meta property=\"og:locale\" content=\"ar_AR\" \/>\n<meta property=\"og:type\" content=\"article\" \/>\n<meta property=\"og:title\" content=\"\u0645\u0639\u0644\u0641 \u0645\u062a\u0646\u0642\u0644 \u0644\u0644\u062d\u0638\u0627\u0626\u0631 \u0648\u0627\u0644\u0627\u0633\u0637\u0628\u0644\u0627\u062a\" \/>\n<meta property=\"og:description\" content=\"\u0645\u0639\u0644\u0641 \u0645\u062a\u0646\u0642\u0644 \u0644\u0644\u062d\u0638\u0627\u0626\u0631 \u0648\u0627\u0644\u0627\u0633\u0637\u0628\u0644\u0627\u062a FA-MA1: - \u0645\u0635\u0646\u0648\u0639 \u0645\u0646 \u0627\u0644\u0628\u0648\u0644\u064a \u0625\u064a\u062b\u064a\u0644\u064a\u0646 \u0627\u0644\u0645\u0642\u0627\u0648\u0645 \u0644\u0644\u062e\u062f\u0634 - \u0627\u0644\u0633\u0639\u0629 12 \u0623\u0648 16 \u0644\u062a\u0631\u064b\u0627 - \u0645\u0632\u0648\u062f \u0628\u062e\u0637\u0627\u0641\u0627\u062a \u0645\u0639\u062f\u0646\u064a\u0629 \u0645\u063a\u0644\u0641\u0629 \u0628\u0627\u0644\u0628\u0644\u0627\u0633\u062a\u064a\u0643 - \u062f\u0639\u0627\u0645\u0627\u062a \u062e\u0644\u0641\u064a\u0629\" \/>\n<meta property=\"og:url\" content=\"https:\/\/fdasrl.it\/ar\/prodotto\/%d9%85%d8%b9%d9%84%d9%81-%d9%85%d8%aa%d9%86%d9%82%d9%84-%d9%84%d9%84%d8%ad%d8%b8%d8%a7%d8%a6%d8%b1-%d9%88%d8%a7%d9%84%d8%a7%d8%b3%d8%b7%d8%a8%d9%84%d8%a7%d8%aa\/\" \/>\n<meta property=\"og:site_name\" content=\"FDA srl\" \/>\n<meta property=\"article:publisher\" content=\"https:\/\/www.facebook.com\/share\/1MWhFWg1Tp\/?mibextid=LQQJ4d\" \/>\n<meta property=\"og:image\" content=\"https:\/\/fdasrl.it\/wp-content\/uploads\/2025\/01\/mangiatoia-portatile-per-stalla-scuderia-FA-MA1.jpg\" \/>\n\t<meta property=\"og:image:width\" content=\"1222\" \/>\n\t<meta property=\"og:image:height\" content=\"1000\" \/>\n\t<meta property=\"og:image:type\" content=\"image\/jpeg\" \/>\n<meta name=\"twitter:card\" content=\"summary_large_image\" \/>\n<meta name=\"twitter:label1\" content=\"\u0627\u0644\u0633\u0639\u0631\" \/>\n\t<meta name=\"twitter:data1\" content=\"\" \/>\n\t<meta name=\"twitter:label2\" content=\"\u0627\u0644\u062a\u0648\u0641\u0631\" \/>\n\t<meta name=\"twitter:data2\" content=\"\u0645\u062a\u0648\u0641\u0631 \u0641\u064a \u0627\u0644\u0645\u062e\u0632\u0648\u0646\" \/>\n<meta property=\"product:price:currency\" content=\"EUR\" \/>\n<meta property=\"og:availability\" content=\"instock\" \/>\n<meta property=\"product:availability\" content=\"instock\" \/>\n<meta property=\"product:condition\" content=\"new\" \/>\n<!-- \/ Yoast SEO Premium plugin. -->","yoast_head_json":{"title":"\u0645\u0639\u0644\u0641 \u0645\u062a\u0646\u0642\u0644 \u0644\u0644\u062d\u0638\u0627\u0626\u0631 \u0648\u0627\u0644\u0627\u0633\u0637\u0628\u0644\u0627\u062a - FDA srl","description":"\u0645\u0639\u0644\u0641 \u0645\u062a\u0646\u0642\u0644 \u0644\u0644\u062d\u0638\u0627\u0626\u0631 \u0648\u0627\u0644\u0627\u0633\u0637\u0628\u0644\u0627\u062a FA-MA1: - \u0645\u0635\u0646\u0648\u0639 \u0645\u0646 \u0627\u0644\u0628\u0648\u0644\u064a \u0625\u064a\u062b\u064a\u0644\u064a\u0646 \u0627\u0644\u0645\u0642\u0627\u0648\u0645 \u0644\u0644\u062e\u062f\u0634 - \u0627\u0644\u0633\u0639\u0629 12 \u0623\u0648 16 \u0644\u062a\u0631\u064b\u0627 - \u0645\u0632\u0648\u062f \u0628\u062e\u0637\u0627\u0641\u0627\u062a \u0645\u0639\u062f\u0646\u064a\u0629 \u0645\u063a\u0644\u0641\u0629 \u0628\u0627\u0644\u0628\u0644\u0627\u0633\u062a\u064a\u0643 - \u062f\u0639\u0627\u0645\u0627\u062a \u062e\u0644\u0641\u064a\u0629","robots":{"index":"index","follow":"follow","max-snippet":"max-snippet:-1","max-image-preview":"max-image-preview:large","max-video-preview":"max-video-preview:-1"},"canonical":"https:\/\/fdasrl.it\/ar\/prodotto\/%d9%85%d8%b9%d9%84%d9%81-%d9%85%d8%aa%d9%86%d9%82%d9%84-%d9%84%d9%84%d8%ad%d8%b8%d8%a7%d8%a6%d8%b1-%d9%88%d8%a7%d9%84%d8%a7%d8%b3%d8%b7%d8%a8%d9%84%d8%a7%d8%aa\/","og_locale":"ar_AR","og_type":"article","og_title":"\u0645\u0639\u0644\u0641 \u0645\u062a\u0646\u0642\u0644 \u0644\u0644\u062d\u0638\u0627\u0626\u0631 \u0648\u0627\u0644\u0627\u0633\u0637\u0628\u0644\u0627\u062a","og_description":"\u0645\u0639\u0644\u0641 \u0645\u062a\u0646\u0642\u0644 \u0644\u0644\u062d\u0638\u0627\u0626\u0631 \u0648\u0627\u0644\u0627\u0633\u0637\u0628\u0644\u0627\u062a FA-MA1: - \u0645\u0635\u0646\u0648\u0639 \u0645\u0646 \u0627\u0644\u0628\u0648\u0644\u064a \u0625\u064a\u062b\u064a\u0644\u064a\u0646 \u0627\u0644\u0645\u0642\u0627\u0648\u0645 \u0644\u0644\u062e\u062f\u0634 - \u0627\u0644\u0633\u0639\u0629 12 \u0623\u0648 16 \u0644\u062a\u0631\u064b\u0627 - \u0645\u0632\u0648\u062f \u0628\u062e\u0637\u0627\u0641\u0627\u062a \u0645\u0639\u062f\u0646\u064a\u0629 \u0645\u063a\u0644\u0641\u0629 \u0628\u0627\u0644\u0628\u0644\u0627\u0633\u062a\u064a\u0643 - \u062f\u0639\u0627\u0645\u0627\u062a \u062e\u0644\u0641\u064a\u0629","og_url":"https:\/\/fdasrl.it\/ar\/prodotto\/%d9%85%d8%b9%d9%84%d9%81-%d9%85%d8%aa%d9%86%d9%82%d9%84-%d9%84%d9%84%d8%ad%d8%b8%d8%a7%d8%a6%d8%b1-%d9%88%d8%a7%d9%84%d8%a7%d8%b3%d8%b7%d8%a8%d9%84%d8%a7%d8%aa\/","og_site_name":"FDA srl","article_publisher":"https:\/\/www.facebook.com\/share\/1MWhFWg1Tp\/?mibextid=LQQJ4d","og_image":[{"width":1222,"height":1000,"url":"https:\/\/fdasrl.it\/wp-content\/uploads\/2025\/01\/mangiatoia-portatile-per-stalla-scuderia-FA-MA1.jpg","type":"image\/jpeg"}],"twitter_card":"summary_large_image","twitter_misc":{"\u0627\u0644\u0633\u0639\u0631":"","\u0627\u0644\u062a\u0648\u0641\u0631":"\u0645\u062a\u0648\u0641\u0631 \u0641\u064a \u0627\u0644\u0645\u062e\u0632\u0648\u0646"},"schema":{"@context":"https:\/\/schema.org","@graph":[{"@type":"WebPage","@id":"https:\/\/fdasrl.it\/ar\/prodotto\/%d9%85%d8%b9%d9%84%d9%81-%d9%85%d8%aa%d9%86%d9%82%d9%84-%d9%84%d9%84%d8%ad%d8%b8%d8%a7%d8%a6%d8%b1-%d9%88%d8%a7%d9%84%d8%a7%d8%b3%d8%b7%d8%a8%d9%84%d8%a7%d8%aa\/","url":"https:\/\/fdasrl.it\/ar\/prodotto\/%d9%85%d8%b9%d9%84%d9%81-%d9%85%d8%aa%d9%86%d9%82%d9%84-%d9%84%d9%84%d8%ad%d8%b8%d8%a7%d8%a6%d8%b1-%d9%88%d8%a7%d9%84%d8%a7%d8%b3%d8%b7%d8%a8%d9%84%d8%a7%d8%aa\/","name":"\u0645\u0639\u0644\u0641 \u0645\u062a\u0646\u0642\u0644 \u0644\u0644\u062d\u0638\u0627\u0626\u0631 \u0648\u0627\u0644\u0627\u0633\u0637\u0628\u0644\u0627\u062a - FDA srl","isPartOf":{"@id":"https:\/\/fdasrl.it\/ar\/#website"},"primaryImageOfPage":{"@id":"https:\/\/fdasrl.it\/ar\/prodotto\/%d9%85%d8%b9%d9%84%d9%81-%d9%85%d8%aa%d9%86%d9%82%d9%84-%d9%84%d9%84%d8%ad%d8%b8%d8%a7%d8%a6%d8%b1-%d9%88%d8%a7%d9%84%d8%a7%d8%b3%d8%b7%d8%a8%d9%84%d8%a7%d8%aa\/#primaryimage"},"image":{"@id":"https:\/\/fdasrl.it\/ar\/prodotto\/%d9%85%d8%b9%d9%84%d9%81-%d9%85%d8%aa%d9%86%d9%82%d9%84-%d9%84%d9%84%d8%ad%d8%b8%d8%a7%d8%a6%d8%b1-%d9%88%d8%a7%d9%84%d8%a7%d8%b3%d8%b7%d8%a8%d9%84%d8%a7%d8%aa\/#primaryimage"},"thumbnailUrl":"https:\/\/fdasrl.it\/wp-content\/uploads\/2025\/01\/mangiatoia-portatile-per-stalla-scuderia-FA-MA1.jpg","datePublished":"2025-01-21T10:52:45+00:00","description":"\u0645\u0639\u0644\u0641 \u0645\u062a\u0646\u0642\u0644 \u0644\u0644\u062d\u0638\u0627\u0626\u0631 \u0648\u0627\u0644\u0627\u0633\u0637\u0628\u0644\u0627\u062a FA-MA1: - \u0645\u0635\u0646\u0648\u0639 \u0645\u0646 \u0627\u0644\u0628\u0648\u0644\u064a \u0625\u064a\u062b\u064a\u0644\u064a\u0646 \u0627\u0644\u0645\u0642\u0627\u0648\u0645 \u0644\u0644\u062e\u062f\u0634 - \u0627\u0644\u0633\u0639\u0629 12 \u0623\u0648 16 \u0644\u062a\u0631\u064b\u0627 - \u0645\u0632\u0648\u062f \u0628\u062e\u0637\u0627\u0641\u0627\u062a \u0645\u0639\u062f\u0646\u064a\u0629 \u0645\u063a\u0644\u0641\u0629 \u0628\u0627\u0644\u0628\u0644\u0627\u0633\u062a\u064a\u0643 - \u062f\u0639\u0627\u0645\u0627\u062a \u062e\u0644\u0641\u064a\u0629","breadcrumb":{"@id":"https:\/\/fdasrl.it\/ar\/prodotto\/%d9%85%d8%b9%d9%84%d9%81-%d9%85%d8%aa%d9%86%d9%82%d9%84-%d9%84%d9%84%d8%ad%d8%b8%d8%a7%d8%a6%d8%b1-%d9%88%d8%a7%d9%84%d8%a7%d8%b3%d8%b7%d8%a8%d9%84%d8%a7%d8%aa\/#breadcrumb"},"inLanguage":"ar","potentialAction":[{"@type":"ReadAction","target":["https:\/\/fdasrl.it\/ar\/prodotto\/%d9%85%d8%b9%d9%84%d9%81-%d9%85%d8%aa%d9%86%d9%82%d9%84-%d9%84%d9%84%d8%ad%d8%b8%d8%a7%d8%a6%d8%b1-%d9%88%d8%a7%d9%84%d8%a7%d8%b3%d8%b7%d8%a8%d9%84%d8%a7%d8%aa\/"]}]},{"@type":"ImageObject","inLanguage":"ar","@id":"https:\/\/fdasrl.it\/ar\/prodotto\/%d9%85%d8%b9%d9%84%d9%81-%d9%85%d8%aa%d9%86%d9%82%d9%84-%d9%84%d9%84%d8%ad%d8%b8%d8%a7%d8%a6%d8%b1-%d9%88%d8%a7%d9%84%d8%a7%d8%b3%d8%b7%d8%a8%d9%84%d8%a7%d8%aa\/#primaryimage","url":"https:\/\/fdasrl.it\/wp-content\/uploads\/2025\/01\/mangiatoia-portatile-per-stalla-scuderia-FA-MA1.jpg","contentUrl":"https:\/\/fdasrl.it\/wp-content\/uploads\/2025\/01\/mangiatoia-portatile-per-stalla-scuderia-FA-MA1.jpg","width":1222,"height":1000},{"@type":"BreadcrumbList","@id":"https:\/\/fdasrl.it\/ar\/prodotto\/%d9%85%d8%b9%d9%84%d9%81-%d9%85%d8%aa%d9%86%d9%82%d9%84-%d9%84%d9%84%d8%ad%d8%b8%d8%a7%d8%a6%d8%b1-%d9%88%d8%a7%d9%84%d8%a7%d8%b3%d8%b7%d8%a8%d9%84%d8%a7%d8%aa\/#breadcrumb","itemListElement":[{"@type":"ListItem","position":1,"name":"Home","item":"https:\/\/fdasrl.it\/ar\/%d8%a7%d9%84%d8%b1%d8%a6%d9%8a%d8%b3%d9%8a%d8%a9\/"},{"@type":"ListItem","position":2,"name":"\u0627\u0644\u0645\u062a\u062c\u0631","item":"https:\/\/fdasrl.it\/ar\/%d8%a7%d9%84%d9%85%d8%aa%d8%ac%d8%b1\/"},{"@type":"ListItem","position":3,"name":"\u0645\u0639\u0644\u0641 \u0645\u062a\u0646\u0642\u0644 \u0644\u0644\u062d\u0638\u0627\u0626\u0631 \u0648\u0627\u0644\u0627\u0633\u0637\u0628\u0644\u0627\u062a"}]},{"@type":"WebSite","@id":"https:\/\/fdasrl.it\/ar\/#website","url":"https:\/\/fdasrl.it\/ar\/","name":"FDA srl","description":"Equipment for animal husbandry","publisher":{"@id":"https:\/\/fdasrl.it\/ar\/#organization"},"potentialAction":[{"@type":"SearchAction","target":{"@type":"EntryPoint","urlTemplate":"https:\/\/fdasrl.it\/ar\/?s={search_term_string}"},"query-input":{"@type":"PropertyValueSpecification","valueRequired":true,"valueName":"search_term_string"}}],"inLanguage":"ar"},{"@type":"Organization","@id":"https:\/\/fdasrl.it\/ar\/#organization","name":"FDA srl","url":"https:\/\/fdasrl.it\/ar\/","logo":{"@type":"ImageObject","inLanguage":"ar","@id":"https:\/\/fdasrl.it\/ar\/#\/schema\/logo\/image\/","url":"https:\/\/fdasrl.it\/wp-content\/uploads\/2024\/12\/Logo-FDA.png","contentUrl":"https:\/\/fdasrl.it\/wp-content\/uploads\/2024\/12\/Logo-FDA.png","width":316,"height":119,"caption":"FDA srl"},"image":{"@id":"https:\/\/fdasrl.it\/ar\/#\/schema\/logo\/image\/"},"sameAs":["https:\/\/www.facebook.com\/share\/1MWhFWg1Tp\/?mibextid=LQQJ4d","https:\/\/www.instagram.com\/fda_srl\/profilecard\/?igsh=YW5lbzJ6MWg0d21u","https:\/\/www.youtube.com\/@FDASRL_ANIMALCARE"],"description":"FDA SRL \u2013 Equipment for animal husbandry nasce con l\u2019obiettivo di offrire soluzioni affidabili e innovative per l\u2019allevamento moderno. Con anni di esperienza nel settore zootecnico, progettiamo e realizziamo attrezzature destinate al benessere animale e alla gestione efficiente delle stalle: vasche, abbeveratoi, mangiatoie e sistemi di riscaldamento pensati per durare nel tempo e semplificare il lavoro quotidiano degli allevatori. Dalla progettazione alla produzione, ogni nostro prodotto \u00e8 studiato nei minimi dettagli, testato con cura e costruito per rispondere alle esigenze reali del settore. La nostra forza \u00e8 unire artigianalit\u00e0, tecnologia e competenza tecnica per trasformare ogni progetto in una soluzione concreta e funzionale. Oggi FDA SRL \u00e8 un punto di riferimento per privati e rivenditori che cercano qualit\u00e0, affidabilit\u00e0 e innovazione nelle attrezzature per l\u2019allevamento.","email":"info@fdasrl.it","telephone":"+390522826820","legalName":"F.D.A. SRL","foundingDate":"2024-10-13","vatID":"03075840359","taxID":"03075840359","numberOfEmployees":{"@type":"QuantitativeValue","minValue":"1","maxValue":"10"}}]},"product_price_currency":"EUR","og_availability":"instock","product_availability":"instock","product_condition":"new"},"_links":{"self":[{"href":"https:\/\/fdasrl.it\/ar\/wp-json\/wp\/v2\/product\/3632","targetHints":{"allow":["GET"]}}],"collection":[{"href":"https:\/\/fdasrl.it\/ar\/wp-json\/wp\/v2\/product"}],"about":[{"href":"https:\/\/fdasrl.it\/ar\/wp-json\/wp\/v2\/types\/product"}],"replies":[{"embeddable":true,"href":"https:\/\/fdasrl.it\/ar\/wp-json\/wp\/v2\/comments?post=3632"}],"wp:featuredmedia":[{"embeddable":true,"href":"https:\/\/fdasrl.it\/ar\/wp-json\/wp\/v2\/media\/648"}],"wp:attachment":[{"href":"https:\/\/fdasrl.it\/ar\/wp-json\/wp\/v2\/media?parent=3632"}],"wp:term":[{"taxonomy":"product_brand","embeddable":true,"href":"https:\/\/fdasrl.it\/ar\/wp-json\/wp\/v2\/product_brand?post=3632"},{"taxonomy":"product_cat","embeddable":true,"href":"https:\/\/fdasrl.it\/ar\/wp-json\/wp\/v2\/product_cat?post=3632"},{"taxonomy":"product_tag","embeddable":true,"href":"https:\/\/fdasrl.it\/ar\/wp-json\/wp\/v2\/product_tag?post=3632"}],"curies":[{"name":"wp","href":"https:\/\/api.w.org\/{rel}","templated":true}]}}