{"id":3796,"date":"2025-01-21T11:45:09","date_gmt":"2025-01-21T10:45:09","guid":{"rendered":"https:\/\/fdasrl.it\/prodotto\/%d8%ad%d9%88%d8%b6-%d8%aa%d8%ba%d8%b7%d9%8a%d8%b3-%d8%a7%d9%84%d9%85%d8%a7%d8%b4%d9%8a%d8%a9-%d9%84%d9%84%d8%b9%d9%86%d8%a7%d9%8a%d8%a9-%d8%a8%d8%a7%d9%84%d8%a3%d8%b8%d9%84%d8%a7%d9%81\/"},"modified":"2025-01-21T11:45:09","modified_gmt":"2025-01-21T10:45:09","slug":"%d8%ad%d9%88%d8%b6-%d8%aa%d8%ba%d8%b7%d9%8a%d8%b3-%d8%a7%d9%84%d9%85%d8%a7%d8%b4%d9%8a%d8%a9-%d9%84%d9%84%d8%b9%d9%86%d8%a7%d9%8a%d8%a9-%d8%a8%d8%a7%d9%84%d8%a3%d8%b8%d9%84%d8%a7%d9%81","status":"publish","type":"product","link":"https:\/\/fdasrl.it\/ar\/prodotto\/%d8%ad%d9%88%d8%b6-%d8%aa%d8%ba%d8%b7%d9%8a%d8%b3-%d8%a7%d9%84%d9%85%d8%a7%d8%b4%d9%8a%d8%a9-%d9%84%d9%84%d8%b9%d9%86%d8%a7%d9%8a%d8%a9-%d8%a8%d8%a7%d9%84%d8%a3%d8%b8%d9%84%d8%a7%d9%81\/","title":{"rendered":"\u062d\u0648\u0636 \u062a\u063a\u0637\u064a\u0633 \u0627\u0644\u0645\u0627\u0634\u064a\u0629 \u0644\u0644\u0639\u0646\u0627\u064a\u0629 \u0628\u0627\u0644\u0623\u0638\u0644\u0627\u0641"},"content":{"rendered":"<h3 data-start=\"203\" data-end=\"285\"><strong data-start=\"207\" data-end=\"285\">\u062d\u0648\u0636 \u062a\u063a\u0637\u064a\u0633 \u0627\u0644\u0645\u0627\u0634\u064a\u0629 \u2013 200 \u0644\u062a\u0631 \u2013 \u0639\u0646\u0627\u064a\u0629 \u0627\u062d\u062a\u0631\u0627\u0641\u064a\u0629 \u0628\u0627\u0644\u0623\u0638\u0644\u0627\u0641<\/strong><\/h3>\n<p data-start=\"287\" data-end=\"642\">\u064a\u064f\u0639\u062f <strong data-start=\"290\" data-end=\"320\">\u062d\u0648\u0636 \u062a\u063a\u0637\u064a\u0633 \u0627\u0644\u0645\u0627\u0634\u064a\u0629<\/strong> \u0623\u062f\u0627\u0629 \u0644\u0627 \u063a\u0646\u0649 \u0639\u0646\u0647\u0627 <strong data-start=\"359\" data-end=\"426\">\u0644\u0644\u0639\u0646\u0627\u064a\u0629 \u0628\u0623\u0638\u0644\u0627\u0641 \u0627\u0644\u0623\u0628\u0642\u0627\u0631 \u0648\u0627\u0644\u0648\u0642\u0627\u064a\u0629 \u0645\u0646 \u0625\u0635\u0627\u0628\u0627\u062a\u0647\u0627<\/strong>. \u0635\u064f\u0645\u0645 \u0647\u0630\u0627 \u0627\u0644\u062d\u0648\u0636 \u0644\u0636\u0645\u0627\u0646 \u0639\u0644\u0627\u062c \u0641\u0639\u0627\u0644 \u0648\u0622\u0645\u0646 \u0648\u0637\u0648\u064a\u0644 \u0627\u0644\u0623\u0645\u062f\u060c \u062d\u064a\u062b \u064a\u062a\u064a\u062d \u063a\u0633\u0644 \u0648\u062a\u0637\u0647\u064a\u0631 \u0627\u0644\u0623\u0638\u0644\u0627\u0641 \u0628\u0637\u0631\u064a\u0642\u0629 \u0639\u0645\u0644\u064a\u0629 \u0648\u0635\u062d\u064a\u0629 \u0645\u0628\u0627\u0634\u0631\u0629 \u0639\u0646\u062f \u0645\u0645\u0631 \u0627\u0644\u062d\u064a\u0648\u0627\u0646\u0627\u062a. <\/p>\n<p data-start=\"644\" data-end=\"770\">\u0628\u0641\u0636\u0644 \u0625\u0645\u0643\u0627\u0646\u064a\u0629 \u062a\u0648\u0635\u064a\u0644 <strong data-start=\"681\" data-end=\"707\">\u062d\u0648\u0636\u064a\u0646 \u0645\u062a\u062a\u0627\u0644\u064a\u064a\u0646<\/strong>\u060c \u064a\u0645\u0643\u0646 \u0625\u0646\u0634\u0627\u0621 \u0646\u0638\u0627\u0645 \u0643\u0627\u0645\u0644 \u0645\u0632\u062f\u0648\u062c \u0627\u0644\u0645\u0641\u0639\u0648\u0644:<\/p>\n<ul data-start=\"771\" data-end=\"999\">\n<li data-start=\"771\" data-end=\"868\">\n<p data-start=\"773\" data-end=\"868\">\u064a\u064f\u0633\u062a\u062e\u062f\u0645 <strong data-start=\"776\" data-end=\"791\">\u0627\u0644\u062d\u0648\u0636 \u0627\u0644\u0623\u0648\u0644<\/strong> \u0644\u0644\u063a\u0633\u0644\u060c \u0644\u0625\u0632\u0627\u0644\u0629 \u0627\u0644\u0633\u0645\u0627\u062f \u0648\u0627\u0644\u0623\u0648\u0633\u0627\u062e \u0639\u0646 \u0627\u0644\u0623\u0638\u0644\u0627\u0641.<\/p>\n<\/li>\n<li data-start=\"869\" data-end=\"999\">\n<p data-start=\"871\" data-end=\"999\">\u064a\u062d\u062a\u0648\u064a <strong data-start=\"874\" data-end=\"891\">\u0627\u0644\u062d\u0648\u0636 \u0627\u0644\u062b\u0627\u0646\u064a<\/strong> \u0639\u0644\u0649 <strong data-start=\"905\" data-end=\"932\">\u0645\u062d\u0644\u0648\u0644 \u0645\u0637\u0647\u0631<\/strong> \u064a\u0639\u0645\u0644 \u0628\u0639\u0645\u0642\u060c \u0645\u0645\u0627 \u064a\u0639\u0632\u0632 \u0641\u0639\u0627\u0644\u064a\u0629 \u0627\u0644\u0639\u0644\u0627\u062c.<\/p>\n<\/li>\n<\/ul>\n<p data-start=\"1001\" data-end=\"1371\">\u0632\u064f\u0648\u062f \u0642\u0627\u0639 \u0627\u0644\u062d\u0648\u0636 <strong data-start=\"1038\" data-end=\"1083\">\u0628\u0633\u0637\u062d \u0645\u0627\u0646\u0639 \u0644\u0644\u0627\u0646\u0632\u0644\u0627\u0642 \u0639\u0627\u0644\u064a \u0627\u0644\u0645\u0642\u0627\u0648\u0645\u0629<\/strong>\u060c \u0645\u0645\u0627 \u064a\u0636\u0645\u0646 \u0623\u0645\u0627\u0646\u0627\u064b \u0648\u0627\u0633\u062a\u0642\u0631\u0627\u0631\u0627\u064b \u0623\u0643\u0628\u0631 \u0623\u062b\u0646\u0627\u0621 \u0639\u0628\u0648\u0631 \u0627\u0644\u0645\u0627\u0634\u064a\u0629. \u064a\u0633\u0645\u062d \u0634\u0643\u0644 \u0627\u0644\u062d\u0648\u0636 \u0648\u062a\u0635\u0645\u064a\u0645\u0647 <strong data-start=\"1219\" data-end=\"1271\">\u0628\u062a\u0648\u0633\u064a\u0639 \u0641\u062a\u062d\u0629 \u0627\u0644\u0638\u0644\u0641 \u0642\u0644\u064a\u0644\u0627\u064b<\/strong>\u060c \u0645\u0645\u0627 \u064a\u0633\u0627\u0639\u062f \u0639\u0644\u0649 <strong data-start=\"1291\" data-end=\"1331\">\u0627\u0644\u062a\u063a\u0644\u063a\u0644 \u0627\u0644\u0643\u0627\u0645\u0644 \u0644\u0644\u0645\u0637\u0647\u0631<\/strong> \u0641\u064a \u0643\u0644 \u062c\u0632\u0621 \u0645\u0646 \u0623\u062c\u0632\u0627\u0621 \u0627\u0644\u0638\u0644\u0641. <\/p>\n<p data-start=\"1373\" data-end=\"1664\">\u062a\u0628\u0644\u063a \u0623\u0628\u0639\u0627\u062f \u0643\u0644 \u062d\u0648\u0636 <strong data-start=\"1406\" data-end=\"1428\">203 \u00d7 80 \u00d7 18.5 \u0633\u0645<\/strong> \u0628\u0633\u0639\u0629 <strong data-start=\"1449\" data-end=\"1462\">200 \u0644\u062a\u0631<\/strong>\u060c \u0648\u0639\u0646\u062f \u062f\u0645\u062c \u062d\u0648\u0636\u064a\u0646 \u0646\u062d\u0635\u0644 \u0639\u0644\u0649 \u0645\u0645\u0631 \u0628\u0637\u0648\u0644 <strong data-start=\"1510\" data-end=\"1525\">4 \u0623\u0645\u062a\u0627\u0631 \u0643\u0627\u0645\u0644\u0629<\/strong>\u060c \u0648\u0647\u0648 \u0645\u0627 \u064a\u0643\u0641\u064a \u0644\u0636\u0645\u0627\u0646 \u0633\u064a\u0631 \u0627\u0644\u062d\u064a\u0648\u0627\u0646\u0627\u062a \u0628\u0628\u0637\u0621\u060c \u0645\u0645\u0627 \u064a\u0633\u0645\u062d \u0644\u0644\u0645\u0637\u0647\u0631 \u0628\u0627\u0644\u0639\u0645\u0644 \u0644\u0641\u062a\u0631\u0629 \u0623\u0637\u0648\u0644 \u0648\u0628\u0641\u0639\u0627\u0644\u064a\u0629 \u0623\u0643\u0628\u0631.<\/p>\n<h3 data-start=\"1666\" data-end=\"1701\"><strong data-start=\"1670\" data-end=\"1701\">\u0627\u0644\u062e\u0635\u0627\u0626\u0635 \u0627\u0644\u0631\u0626\u064a\u0633\u064a\u0629:<\/strong><\/h3>\n<ul data-start=\"1702\" data-end=\"2141\">\n<li data-start=\"1702\" data-end=\"1727\">\n<p data-start=\"1704\" data-end=\"1727\">\u0627\u0644\u0633\u0639\u0629: <strong data-start=\"1714\" data-end=\"1727\">200 \u0644\u062a\u0631<\/strong><\/p>\n<\/li>\n<li data-start=\"1728\" data-end=\"1764\">\n<p data-start=\"1730\" data-end=\"1764\">\u0627\u0644\u0623\u0628\u0639\u0627\u062f: <strong data-start=\"1742\" data-end=\"1764\">203 \u00d7 80 \u00d7 18.5 \u0633\u0645<\/strong><\/p>\n<\/li>\n<li data-start=\"1765\" data-end=\"1855\">\n<p data-start=\"1767\" data-end=\"1855\">\u0645\u0635\u0646\u0648\u0639 \u0645\u0646 <strong data-start=\"1781\" data-end=\"1808\">\u0627\u0644\u0628\u0648\u0644\u064a \u0625\u064a\u062b\u064a\u0644\u064a\u0646 \u0639\u0627\u0644\u064a \u0627\u0644\u0645\u0642\u0627\u0648\u0645\u0629 \u0644\u0644\u0635\u062f\u0645\u0627\u062a<\/strong> \u0641\u0627\u0626\u0642 \u0627\u0644\u0645\u0642\u0627\u0648\u0645\u0629 \u0644\u0644\u062a\u0622\u0643\u0644 \u0648\u0627\u0644\u0639\u0648\u0627\u0645\u0644 \u0627\u0644\u0643\u064a\u0645\u064a\u0627\u0626\u064a\u0629<\/p>\n<\/li>\n<li data-start=\"1856\" data-end=\"1895\">\n<p data-start=\"1858\" data-end=\"1895\"><strong data-start=\"1858\" data-end=\"1876\">\u0645\u0642\u064a\u0627\u0633 \u0645\u062f\u0631\u062c<\/strong> \u0645\u0637\u0628\u0648\u0639 \u0639\u0644\u0649 \u0627\u0644\u062d\u0627\u0641\u0629<\/p>\n<\/li>\n<li data-start=\"1896\" data-end=\"1941\">\n<p data-start=\"1898\" data-end=\"1941\"><strong data-start=\"1898\" data-end=\"1918\">\u0633\u062f\u0627\u062f\u0629 \u062a\u0635\u0631\u064a\u0641<\/strong> \u0644\u062a\u0641\u0631\u064a\u063a \u0633\u0631\u064a\u0639<\/p>\n<\/li>\n<li data-start=\"1942\" data-end=\"1996\">\n<p data-start=\"1944\" data-end=\"1996\"><strong data-start=\"1944\" data-end=\"1970\">\u0633\u0637\u062d \u0645\u0627\u0646\u0639 \u0644\u0644\u0627\u0646\u0632\u0644\u0627\u0642<\/strong> \u0644\u0644\u0623\u0645\u0627\u0646 \u0648\u0627\u0644\u0627\u0633\u062a\u0642\u0631\u0627\u0631<\/p>\n<\/li>\n<li data-start=\"1997\" data-end=\"2065\">\n<p data-start=\"1999\" data-end=\"2065\"><strong data-start=\"1999\" data-end=\"2022\">\u0646\u0642\u0627\u0637 \u062a\u062b\u0628\u064a\u062a<\/strong> \u0645\u062c\u0647\u0632\u0629 \u0644\u0644\u062a\u0648\u0635\u064a\u0644 \u0628\u064a\u0646 \u0627\u0644\u0623\u062d\u0648\u0627\u0636<\/p>\n<\/li>\n<li data-start=\"2066\" data-end=\"2141\">\n<p data-start=\"2068\" data-end=\"2141\">\u0645\u062a\u0648\u0627\u0641\u0642 \u0645\u0639 \u062c\u0645\u064a\u0639 \u0623\u0646\u0648\u0627\u0639 <strong data-start=\"2100\" data-end=\"2141\">\u0627\u0644\u0645\u0646\u0638\u0641\u0627\u062a \u0648\u0627\u0644\u0645\u0637\u0647\u0631\u0627\u062a \u0627\u0644\u0628\u064a\u0637\u0631\u064a\u0629<\/strong><\/p>\n<\/li>\n<\/ul>\n<p data-start=\"2143\" data-end=\"2351\">\u064a\u064f\u0639\u062f <strong data-start=\"2150\" data-end=\"2205\">\u0648\u0639\u0627\u0621 \u063a\u0633\u0644 \u0623\u0638\u0644\u0627\u0641 \u0627\u0644\u0623\u0628\u0642\u0627\u0631<\/strong> \u0647\u0630\u0627 \u0645\u062b\u0627\u0644\u064a\u0627\u064b \u0644\u0644\u0645\u0631\u0628\u064a\u0646 \u0648\u0627\u0644\u0645\u0632\u0627\u0631\u0639 \u0627\u0644\u062a\u064a \u062a\u0631\u063a\u0628 \u0641\u064a \u0636\u0645\u0627\u0646 <strong data-start=\"2274\" data-end=\"2324\">\u0627\u0644\u0631\u0641\u0627\u0647\u064a\u0629 \u0648\u0627\u0644\u0648\u0642\u0627\u064a\u0629 \u0645\u0646 \u0625\u0635\u0627\u0628\u0627\u062a \u0627\u0644\u0642\u0648\u0627\u0626\u0645<\/strong> \u0628\u0637\u0631\u064a\u0642\u0629 \u0633\u0647\u0644\u0629 \u0648\u0622\u0645\u0646\u0629.<\/p>\n<p>\u0627\u0634\u062a\u0631\u0648\u0647 \u0645\u0646  <a href=\"https:\/\/fda-shop.it\/shop\/articoli-per-allevamento\/attrezzatura-di-stalla\/vasca-pediluvio-lavaggio-zoccolo-e-unghioni\" target=\"_blank\" rel=\"noopener\">\u0645\u062a\u062c\u0631\u0646\u0627 \u0627\u0644\u0625\u0644\u0643\u062a\u0631\u0648\u0646\u064a<\/a><\/p>\n<p>&nbsp;<\/p>\n","protected":false},"excerpt":{"rendered":"<p>\u062d\u0648\u0636 \u062a\u063a\u0637\u064a\u0633 \u0627\u0644\u0645\u0627\u0634\u064a\u0629 \u0633\u0639\u0629 200 \u0644\u062a\u0631\u060c \u0645\u062b\u0627\u0644\u064a \u0644\u0644\u0639\u0646\u0627\u064a\u0629 \u0628\u0627\u0644\u0623\u0638\u0644\u0627\u0641 \u0648\u062a\u0637\u0647\u064a\u0631\u0647\u0627. \u0642\u0627\u0639 \u0645\u0627\u0646\u0639 \u0644\u0644\u0627\u0646\u0632\u0644\u0627\u0642\u060c \u0642\u0627\u0628\u0644 \u0644\u0644\u062a\u0648\u0635\u064a\u0644\u060c \u0648\u0645\u0642\u0627\u0648\u0645 \u0644\u0644\u0645\u0648\u0627\u062f \u0627\u0644\u0643\u064a\u0645\u064a\u0627\u0626\u064a\u0629. <\/p>\n","protected":false},"featured_media":414,"comment_status":"open","ping_status":"closed","template":"","meta":{"_et_pb_use_builder":"","_et_pb_old_content":"","_et_gb_content_width":""},"product_brand":[],"product_cat":[398,692,693],"product_tag":[916],"class_list":{"0":"post-3796","1":"product","2":"type-product","3":"status-publish","4":"has-post-thumbnail","6":"product_cat-398","7":"product_cat-692","8":"product_cat-693","9":"product_tag-fa-cp","11":"first","12":"instock","13":"shipping-taxable","14":"product-type-simple"},"yoast_head":"<!-- This site is optimized with the Yoast SEO Premium plugin v27.5 (Yoast SEO v27.5) - https:\/\/yoast.com\/product\/yoast-seo-premium-wordpress\/ -->\n<title>\u062d\u0648\u0636 \u062a\u063a\u0637\u064a\u0633 \u0627\u0644\u0645\u0627\u0634\u064a\u0629 \u0644\u0644\u0639\u0646\u0627\u064a\u0629 \u0628\u0627\u0644\u0623\u0638\u0644\u0627\u0641 - FDA srl<\/title>\n<meta name=\"description\" content=\"\u062d\u0648\u0636 \u062a\u063a\u0637\u064a\u0633 \u0627\u0644\u0645\u0627\u0634\u064a\u0629 \u0633\u0639\u0629 200 \u0644\u062a\u0631\u060c \u0645\u062b\u0627\u0644\u064a \u0644\u0644\u0639\u0646\u0627\u064a\u0629 \u0628\u0627\u0644\u0623\u0638\u0644\u0627\u0641 \u0648\u062a\u0637\u0647\u064a\u0631\u0647\u0627. \u0642\u0627\u0639 \u0645\u0627\u0646\u0639 \u0644\u0644\u0627\u0646\u0632\u0644\u0627\u0642\u060c \u0642\u0627\u0628\u0644 \u0644\u0644\u062a\u0648\u0635\u064a\u0644\u060c \u0648\u0645\u0642\u0627\u0648\u0645 \u0644\u0644\u0645\u0648\u0627\u062f \u0627\u0644\u0643\u064a\u0645\u064a\u0627\u0626\u064a\u0629.\" \/>\n<meta name=\"robots\" content=\"index, follow, max-snippet:-1, max-image-preview:large, max-video-preview:-1\" \/>\n<link rel=\"canonical\" href=\"https:\/\/fdasrl.it\/ar\/prodotto\/%d8%ad%d9%88%d8%b6-%d8%aa%d8%ba%d8%b7%d9%8a%d8%b3-%d8%a7%d9%84%d9%85%d8%a7%d8%b4%d9%8a%d8%a9-%d9%84%d9%84%d8%b9%d9%86%d8%a7%d9%8a%d8%a9-%d8%a8%d8%a7%d9%84%d8%a3%d8%b8%d9%84%d8%a7%d9%81\/\" \/>\n<meta property=\"og:locale\" content=\"ar_AR\" \/>\n<meta property=\"og:type\" content=\"article\" \/>\n<meta property=\"og:title\" content=\"\u062d\u0648\u0636 \u062a\u063a\u0637\u064a\u0633 \u0627\u0644\u0645\u0627\u0634\u064a\u0629 \u0644\u0644\u0639\u0646\u0627\u064a\u0629 \u0628\u0627\u0644\u0623\u0638\u0644\u0627\u0641\" \/>\n<meta property=\"og:description\" content=\"\u062d\u0648\u0636 \u062a\u063a\u0637\u064a\u0633 \u0627\u0644\u0645\u0627\u0634\u064a\u0629 \u0633\u0639\u0629 200 \u0644\u062a\u0631\u060c \u0645\u062b\u0627\u0644\u064a \u0644\u0644\u0639\u0646\u0627\u064a\u0629 \u0628\u0627\u0644\u0623\u0638\u0644\u0627\u0641 \u0648\u062a\u0637\u0647\u064a\u0631\u0647\u0627. \u0642\u0627\u0639 \u0645\u0627\u0646\u0639 \u0644\u0644\u0627\u0646\u0632\u0644\u0627\u0642\u060c \u0642\u0627\u0628\u0644 \u0644\u0644\u062a\u0648\u0635\u064a\u0644\u060c \u0648\u0645\u0642\u0627\u0648\u0645 \u0644\u0644\u0645\u0648\u0627\u062f \u0627\u0644\u0643\u064a\u0645\u064a\u0627\u0626\u064a\u0629.\" \/>\n<meta property=\"og:url\" content=\"https:\/\/fdasrl.it\/ar\/prodotto\/%d8%ad%d9%88%d8%b6-%d8%aa%d8%ba%d8%b7%d9%8a%d8%b3-%d8%a7%d9%84%d9%85%d8%a7%d8%b4%d9%8a%d8%a9-%d9%84%d9%84%d8%b9%d9%86%d8%a7%d9%8a%d8%a9-%d8%a8%d8%a7%d9%84%d8%a3%d8%b8%d9%84%d8%a7%d9%81\/\" \/>\n<meta property=\"og:site_name\" content=\"FDA srl\" \/>\n<meta property=\"article:publisher\" content=\"https:\/\/www.facebook.com\/share\/1MWhFWg1Tp\/?mibextid=LQQJ4d\" \/>\n<meta property=\"og:image\" content=\"https:\/\/fdasrl.it\/wp-content\/uploads\/2025\/01\/FA-CP_1.jpg\" \/>\n\t<meta property=\"og:image:width\" content=\"480\" \/>\n\t<meta property=\"og:image:height\" content=\"480\" \/>\n\t<meta property=\"og:image:type\" content=\"image\/jpeg\" \/>\n<meta name=\"twitter:card\" content=\"summary_large_image\" \/>\n<meta name=\"twitter:label1\" content=\"\u0627\u0644\u0633\u0639\u0631\" \/>\n\t<meta name=\"twitter:data1\" content=\"\" \/>\n\t<meta name=\"twitter:label2\" content=\"\u0627\u0644\u062a\u0648\u0641\u0631\" \/>\n\t<meta name=\"twitter:data2\" content=\"\u0645\u062a\u0648\u0641\u0631 \u0641\u064a \u0627\u0644\u0645\u062e\u0632\u0648\u0646\" \/>\n<meta property=\"product:price:currency\" content=\"EUR\" \/>\n<meta property=\"og:availability\" content=\"instock\" \/>\n<meta property=\"product:availability\" content=\"instock\" \/>\n<meta property=\"product:retailer_item_id\" content=\"FA-CP\" \/>\n<meta property=\"product:condition\" content=\"new\" \/>\n<!-- \/ Yoast SEO Premium plugin. -->","yoast_head_json":{"title":"\u062d\u0648\u0636 \u062a\u063a\u0637\u064a\u0633 \u0627\u0644\u0645\u0627\u0634\u064a\u0629 \u0644\u0644\u0639\u0646\u0627\u064a\u0629 \u0628\u0627\u0644\u0623\u0638\u0644\u0627\u0641 - FDA srl","description":"\u062d\u0648\u0636 \u062a\u063a\u0637\u064a\u0633 \u0627\u0644\u0645\u0627\u0634\u064a\u0629 \u0633\u0639\u0629 200 \u0644\u062a\u0631\u060c \u0645\u062b\u0627\u0644\u064a \u0644\u0644\u0639\u0646\u0627\u064a\u0629 \u0628\u0627\u0644\u0623\u0638\u0644\u0627\u0641 \u0648\u062a\u0637\u0647\u064a\u0631\u0647\u0627. \u0642\u0627\u0639 \u0645\u0627\u0646\u0639 \u0644\u0644\u0627\u0646\u0632\u0644\u0627\u0642\u060c \u0642\u0627\u0628\u0644 \u0644\u0644\u062a\u0648\u0635\u064a\u0644\u060c \u0648\u0645\u0642\u0627\u0648\u0645 \u0644\u0644\u0645\u0648\u0627\u062f \u0627\u0644\u0643\u064a\u0645\u064a\u0627\u0626\u064a\u0629.","robots":{"index":"index","follow":"follow","max-snippet":"max-snippet:-1","max-image-preview":"max-image-preview:large","max-video-preview":"max-video-preview:-1"},"canonical":"https:\/\/fdasrl.it\/ar\/prodotto\/%d8%ad%d9%88%d8%b6-%d8%aa%d8%ba%d8%b7%d9%8a%d8%b3-%d8%a7%d9%84%d9%85%d8%a7%d8%b4%d9%8a%d8%a9-%d9%84%d9%84%d8%b9%d9%86%d8%a7%d9%8a%d8%a9-%d8%a8%d8%a7%d9%84%d8%a3%d8%b8%d9%84%d8%a7%d9%81\/","og_locale":"ar_AR","og_type":"article","og_title":"\u062d\u0648\u0636 \u062a\u063a\u0637\u064a\u0633 \u0627\u0644\u0645\u0627\u0634\u064a\u0629 \u0644\u0644\u0639\u0646\u0627\u064a\u0629 \u0628\u0627\u0644\u0623\u0638\u0644\u0627\u0641","og_description":"\u062d\u0648\u0636 \u062a\u063a\u0637\u064a\u0633 \u0627\u0644\u0645\u0627\u0634\u064a\u0629 \u0633\u0639\u0629 200 \u0644\u062a\u0631\u060c \u0645\u062b\u0627\u0644\u064a \u0644\u0644\u0639\u0646\u0627\u064a\u0629 \u0628\u0627\u0644\u0623\u0638\u0644\u0627\u0641 \u0648\u062a\u0637\u0647\u064a\u0631\u0647\u0627. \u0642\u0627\u0639 \u0645\u0627\u0646\u0639 \u0644\u0644\u0627\u0646\u0632\u0644\u0627\u0642\u060c \u0642\u0627\u0628\u0644 \u0644\u0644\u062a\u0648\u0635\u064a\u0644\u060c \u0648\u0645\u0642\u0627\u0648\u0645 \u0644\u0644\u0645\u0648\u0627\u062f \u0627\u0644\u0643\u064a\u0645\u064a\u0627\u0626\u064a\u0629.","og_url":"https:\/\/fdasrl.it\/ar\/prodotto\/%d8%ad%d9%88%d8%b6-%d8%aa%d8%ba%d8%b7%d9%8a%d8%b3-%d8%a7%d9%84%d9%85%d8%a7%d8%b4%d9%8a%d8%a9-%d9%84%d9%84%d8%b9%d9%86%d8%a7%d9%8a%d8%a9-%d8%a8%d8%a7%d9%84%d8%a3%d8%b8%d9%84%d8%a7%d9%81\/","og_site_name":"FDA srl","article_publisher":"https:\/\/www.facebook.com\/share\/1MWhFWg1Tp\/?mibextid=LQQJ4d","og_image":[{"width":480,"height":480,"url":"https:\/\/fdasrl.it\/wp-content\/uploads\/2025\/01\/FA-CP_1.jpg","type":"image\/jpeg"}],"twitter_card":"summary_large_image","twitter_misc":{"\u0627\u0644\u0633\u0639\u0631":"","\u0627\u0644\u062a\u0648\u0641\u0631":"\u0645\u062a\u0648\u0641\u0631 \u0641\u064a \u0627\u0644\u0645\u062e\u0632\u0648\u0646"},"schema":{"@context":"https:\/\/schema.org","@graph":[{"@type":"WebPage","@id":"https:\/\/fdasrl.it\/ar\/prodotto\/%d8%ad%d9%88%d8%b6-%d8%aa%d8%ba%d8%b7%d9%8a%d8%b3-%d8%a7%d9%84%d9%85%d8%a7%d8%b4%d9%8a%d8%a9-%d9%84%d9%84%d8%b9%d9%86%d8%a7%d9%8a%d8%a9-%d8%a8%d8%a7%d9%84%d8%a3%d8%b8%d9%84%d8%a7%d9%81\/","url":"https:\/\/fdasrl.it\/ar\/prodotto\/%d8%ad%d9%88%d8%b6-%d8%aa%d8%ba%d8%b7%d9%8a%d8%b3-%d8%a7%d9%84%d9%85%d8%a7%d8%b4%d9%8a%d8%a9-%d9%84%d9%84%d8%b9%d9%86%d8%a7%d9%8a%d8%a9-%d8%a8%d8%a7%d9%84%d8%a3%d8%b8%d9%84%d8%a7%d9%81\/","name":"\u062d\u0648\u0636 \u062a\u063a\u0637\u064a\u0633 \u0627\u0644\u0645\u0627\u0634\u064a\u0629 \u0644\u0644\u0639\u0646\u0627\u064a\u0629 \u0628\u0627\u0644\u0623\u0638\u0644\u0627\u0641 - FDA srl","isPartOf":{"@id":"https:\/\/fdasrl.it\/ar\/#website"},"primaryImageOfPage":{"@id":"https:\/\/fdasrl.it\/ar\/prodotto\/%d8%ad%d9%88%d8%b6-%d8%aa%d8%ba%d8%b7%d9%8a%d8%b3-%d8%a7%d9%84%d9%85%d8%a7%d8%b4%d9%8a%d8%a9-%d9%84%d9%84%d8%b9%d9%86%d8%a7%d9%8a%d8%a9-%d8%a8%d8%a7%d9%84%d8%a3%d8%b8%d9%84%d8%a7%d9%81\/#primaryimage"},"image":{"@id":"https:\/\/fdasrl.it\/ar\/prodotto\/%d8%ad%d9%88%d8%b6-%d8%aa%d8%ba%d8%b7%d9%8a%d8%b3-%d8%a7%d9%84%d9%85%d8%a7%d8%b4%d9%8a%d8%a9-%d9%84%d9%84%d8%b9%d9%86%d8%a7%d9%8a%d8%a9-%d8%a8%d8%a7%d9%84%d8%a3%d8%b8%d9%84%d8%a7%d9%81\/#primaryimage"},"thumbnailUrl":"https:\/\/fdasrl.it\/wp-content\/uploads\/2025\/01\/FA-CP_1.jpg","datePublished":"2025-01-21T10:45:09+00:00","description":"\u062d\u0648\u0636 \u062a\u063a\u0637\u064a\u0633 \u0627\u0644\u0645\u0627\u0634\u064a\u0629 \u0633\u0639\u0629 200 \u0644\u062a\u0631\u060c \u0645\u062b\u0627\u0644\u064a \u0644\u0644\u0639\u0646\u0627\u064a\u0629 \u0628\u0627\u0644\u0623\u0638\u0644\u0627\u0641 \u0648\u062a\u0637\u0647\u064a\u0631\u0647\u0627. \u0642\u0627\u0639 \u0645\u0627\u0646\u0639 \u0644\u0644\u0627\u0646\u0632\u0644\u0627\u0642\u060c \u0642\u0627\u0628\u0644 \u0644\u0644\u062a\u0648\u0635\u064a\u0644\u060c \u0648\u0645\u0642\u0627\u0648\u0645 \u0644\u0644\u0645\u0648\u0627\u062f \u0627\u0644\u0643\u064a\u0645\u064a\u0627\u0626\u064a\u0629.","breadcrumb":{"@id":"https:\/\/fdasrl.it\/ar\/prodotto\/%d8%ad%d9%88%d8%b6-%d8%aa%d8%ba%d8%b7%d9%8a%d8%b3-%d8%a7%d9%84%d9%85%d8%a7%d8%b4%d9%8a%d8%a9-%d9%84%d9%84%d8%b9%d9%86%d8%a7%d9%8a%d8%a9-%d8%a8%d8%a7%d9%84%d8%a3%d8%b8%d9%84%d8%a7%d9%81\/#breadcrumb"},"inLanguage":"ar","potentialAction":[{"@type":"ReadAction","target":["https:\/\/fdasrl.it\/ar\/prodotto\/%d8%ad%d9%88%d8%b6-%d8%aa%d8%ba%d8%b7%d9%8a%d8%b3-%d8%a7%d9%84%d9%85%d8%a7%d8%b4%d9%8a%d8%a9-%d9%84%d9%84%d8%b9%d9%86%d8%a7%d9%8a%d8%a9-%d8%a8%d8%a7%d9%84%d8%a3%d8%b8%d9%84%d8%a7%d9%81\/"]}]},{"@type":"ImageObject","inLanguage":"ar","@id":"https:\/\/fdasrl.it\/ar\/prodotto\/%d8%ad%d9%88%d8%b6-%d8%aa%d8%ba%d8%b7%d9%8a%d8%b3-%d8%a7%d9%84%d9%85%d8%a7%d8%b4%d9%8a%d8%a9-%d9%84%d9%84%d8%b9%d9%86%d8%a7%d9%8a%d8%a9-%d8%a8%d8%a7%d9%84%d8%a3%d8%b8%d9%84%d8%a7%d9%81\/#primaryimage","url":"https:\/\/fdasrl.it\/wp-content\/uploads\/2025\/01\/FA-CP_1.jpg","contentUrl":"https:\/\/fdasrl.it\/wp-content\/uploads\/2025\/01\/FA-CP_1.jpg","width":480,"height":480,"caption":"\u062d\u0648\u0636-\u062a\u063a\u0637\u064a\u0633-\u0627\u0644\u0645\u0627\u0634\u064a\u0629-\u0644\u0644\u0639\u0646\u0627\u064a\u0629-\u0628\u0627\u0644\u0623\u0638\u0644\u0627\u0641-fa-cp"},{"@type":"BreadcrumbList","@id":"https:\/\/fdasrl.it\/ar\/prodotto\/%d8%ad%d9%88%d8%b6-%d8%aa%d8%ba%d8%b7%d9%8a%d8%b3-%d8%a7%d9%84%d9%85%d8%a7%d8%b4%d9%8a%d8%a9-%d9%84%d9%84%d8%b9%d9%86%d8%a7%d9%8a%d8%a9-%d8%a8%d8%a7%d9%84%d8%a3%d8%b8%d9%84%d8%a7%d9%81\/#breadcrumb","itemListElement":[{"@type":"ListItem","position":1,"name":"Home","item":"https:\/\/fdasrl.it\/ar\/%d8%a7%d9%84%d8%b1%d8%a6%d9%8a%d8%b3%d9%8a%d8%a9\/"},{"@type":"ListItem","position":2,"name":"\u0627\u0644\u0645\u062a\u062c\u0631","item":"https:\/\/fdasrl.it\/ar\/%d8%a7%d9%84%d9%85%d8%aa%d8%ac%d8%b1\/"},{"@type":"ListItem","position":3,"name":"\u062d\u0648\u0636 \u062a\u063a\u0637\u064a\u0633 \u0627\u0644\u0645\u0627\u0634\u064a\u0629 \u0644\u0644\u0639\u0646\u0627\u064a\u0629 \u0628\u0627\u0644\u0623\u0638\u0644\u0627\u0641"}]},{"@type":"WebSite","@id":"https:\/\/fdasrl.it\/ar\/#website","url":"https:\/\/fdasrl.it\/ar\/","name":"FDA srl","description":"Equipment for animal husbandry","publisher":{"@id":"https:\/\/fdasrl.it\/ar\/#organization"},"potentialAction":[{"@type":"SearchAction","target":{"@type":"EntryPoint","urlTemplate":"https:\/\/fdasrl.it\/ar\/?s={search_term_string}"},"query-input":{"@type":"PropertyValueSpecification","valueRequired":true,"valueName":"search_term_string"}}],"inLanguage":"ar"},{"@type":"Organization","@id":"https:\/\/fdasrl.it\/ar\/#organization","name":"FDA srl","url":"https:\/\/fdasrl.it\/ar\/","logo":{"@type":"ImageObject","inLanguage":"ar","@id":"https:\/\/fdasrl.it\/ar\/#\/schema\/logo\/image\/","url":"https:\/\/fdasrl.it\/wp-content\/uploads\/2024\/12\/Logo-FDA.png","contentUrl":"https:\/\/fdasrl.it\/wp-content\/uploads\/2024\/12\/Logo-FDA.png","width":316,"height":119,"caption":"FDA srl"},"image":{"@id":"https:\/\/fdasrl.it\/ar\/#\/schema\/logo\/image\/"},"sameAs":["https:\/\/www.facebook.com\/share\/1MWhFWg1Tp\/?mibextid=LQQJ4d","https:\/\/www.instagram.com\/fda_srl\/profilecard\/?igsh=YW5lbzJ6MWg0d21u","https:\/\/www.youtube.com\/@FDASRL_ANIMALCARE"],"description":"FDA SRL \u2013 Equipment for animal husbandry nasce con l\u2019obiettivo di offrire soluzioni affidabili e innovative per l\u2019allevamento moderno. Con anni di esperienza nel settore zootecnico, progettiamo e realizziamo attrezzature destinate al benessere animale e alla gestione efficiente delle stalle: vasche, abbeveratoi, mangiatoie e sistemi di riscaldamento pensati per durare nel tempo e semplificare il lavoro quotidiano degli allevatori. Dalla progettazione alla produzione, ogni nostro prodotto \u00e8 studiato nei minimi dettagli, testato con cura e costruito per rispondere alle esigenze reali del settore. La nostra forza \u00e8 unire artigianalit\u00e0, tecnologia e competenza tecnica per trasformare ogni progetto in una soluzione concreta e funzionale. Oggi FDA SRL \u00e8 un punto di riferimento per privati e rivenditori che cercano qualit\u00e0, affidabilit\u00e0 e innovazione nelle attrezzature per l\u2019allevamento.","email":"info@fdasrl.it","telephone":"+390522826820","legalName":"F.D.A. SRL","foundingDate":"2024-10-13","vatID":"03075840359","taxID":"03075840359","numberOfEmployees":{"@type":"QuantitativeValue","minValue":"1","maxValue":"10"}}]},"product_price_currency":"EUR","og_availability":"instock","product_availability":"instock","product_retailer_item_id":"FA-CP","product_condition":"new"},"_links":{"self":[{"href":"https:\/\/fdasrl.it\/ar\/wp-json\/wp\/v2\/product\/3796","targetHints":{"allow":["GET"]}}],"collection":[{"href":"https:\/\/fdasrl.it\/ar\/wp-json\/wp\/v2\/product"}],"about":[{"href":"https:\/\/fdasrl.it\/ar\/wp-json\/wp\/v2\/types\/product"}],"replies":[{"embeddable":true,"href":"https:\/\/fdasrl.it\/ar\/wp-json\/wp\/v2\/comments?post=3796"}],"wp:featuredmedia":[{"embeddable":true,"href":"https:\/\/fdasrl.it\/ar\/wp-json\/wp\/v2\/media\/414"}],"wp:attachment":[{"href":"https:\/\/fdasrl.it\/ar\/wp-json\/wp\/v2\/media?parent=3796"}],"wp:term":[{"taxonomy":"product_brand","embeddable":true,"href":"https:\/\/fdasrl.it\/ar\/wp-json\/wp\/v2\/product_brand?post=3796"},{"taxonomy":"product_cat","embeddable":true,"href":"https:\/\/fdasrl.it\/ar\/wp-json\/wp\/v2\/product_cat?post=3796"},{"taxonomy":"product_tag","embeddable":true,"href":"https:\/\/fdasrl.it\/ar\/wp-json\/wp\/v2\/product_tag?post=3796"}],"curies":[{"name":"wp","href":"https:\/\/api.w.org\/{rel}","templated":true}]}}