{"id":3841,"date":"2025-01-21T10:30:25","date_gmt":"2025-01-21T09:30:25","guid":{"rendered":"https:\/\/fdasrl.it\/prodotto\/%d8%ad%d9%88%d8%b6-%d8%b3%d9%82%d8%a7%d9%8a%d8%a9-%d8%ad%d8%b1%d8%a7%d8%b1%d9%8a-%d9%85%d8%b6%d8%a7%d8%af-%d9%84%d9%84%d8%aa%d8%ac%d9%85%d8%af-%d8%a8%d9%83%d8%b1%d8%aa%d9%8a%d9%86-fa-at-2\/"},"modified":"2025-01-21T10:30:25","modified_gmt":"2025-01-21T09:30:25","slug":"%d8%ad%d9%88%d8%b6-%d8%b3%d9%82%d8%a7%d9%8a%d8%a9-%d8%ad%d8%b1%d8%a7%d8%b1%d9%8a-%d9%85%d8%b6%d8%a7%d8%af-%d9%84%d9%84%d8%aa%d8%ac%d9%85%d8%af-%d8%a8%d9%83%d8%b1%d8%aa%d9%8a%d9%86-fa-at-2","status":"publish","type":"product","link":"https:\/\/fdasrl.it\/ar\/prodotto\/%d8%ad%d9%88%d8%b6-%d8%b3%d9%82%d8%a7%d9%8a%d8%a9-%d8%ad%d8%b1%d8%a7%d8%b1%d9%8a-%d9%85%d8%b6%d8%a7%d8%af-%d9%84%d9%84%d8%aa%d8%ac%d9%85%d8%af-%d8%a8%d9%83%d8%b1%d8%aa%d9%8a%d9%86-fa-at-2\/","title":{"rendered":"\u062d\u0648\u0636 \u0633\u0642\u0627\u064a\u0629 \u062d\u0631\u0627\u0631\u064a \u0645\u0636\u0627\u062f \u0644\u0644\u062a\u062c\u0645\u062f \u0628\u0643\u0631\u062a\u064a\u0646 FA-AT 2"},"content":{"rendered":"<h2 data-start=\"227\" data-end=\"307\">\u2744\ufe0f <strong data-start=\"233\" data-end=\"307\">\u062d\u0648\u0636 \u0627\u0644\u0633\u0642\u0627\u064a\u0629 \u0627\u0644\u062d\u0631\u0627\u0631\u064a \u0627\u0644\u0645\u0636\u0627\u062f \u0644\u0644\u062a\u062c\u0645\u062f \u0628\u0643\u0631\u062a\u064a\u0646 FA-AT 2 \u0644\u0644\u0623\u0628\u0642\u0627\u0631 \u0648\u0627\u0644\u062e\u064a\u0648\u0644<\/strong><\/h2>\n<p data-start=\"309\" data-end=\"516\">\u062a\u0645 \u062a\u0635\u0645\u064a\u0645 <strong data-start=\"311\" data-end=\"352\">\u062d\u0648\u0636 \u0627\u0644\u0633\u0642\u0627\u064a\u0629 \u0627\u0644\u062d\u0631\u0627\u0631\u064a \u0627\u0644\u0645\u0636\u0627\u062f \u0644\u0644\u062a\u062c\u0645\u062f FA-AT 2<\/strong> \u0644\u0636\u0645\u0627\u0646 <strong data-start=\"380\" data-end=\"414\">\u062a\u0648\u0641\u0631 \u0627\u0644\u0645\u064a\u0627\u0647 \u0639\u0644\u0649 \u0645\u062f\u0627\u0631 \u0627\u0644\u0639\u0627\u0645<\/strong>\u060c \u062d\u062a\u0649 \u0641\u064a \u0627\u0644\u0638\u0631\u0648\u0641 \u0627\u0644\u0645\u0646\u0627\u062e\u064a\u0629 \u0627\u0644\u0642\u0627\u0633\u064a\u0629 \u062d\u062a\u0649 <strong data-start=\"462\" data-end=\"472\">\u201330 \u062f\u0631\u062c\u0629 \u0645\u0626\u0648\u064a\u0629<\/strong>\u060c \u062f\u0648\u0646 \u0627\u0633\u062a\u062e\u062f\u0627\u0645 \u0645\u0642\u0627\u0648\u0645\u0627\u062a \u0643\u0647\u0631\u0628\u0627\u0626\u064a\u0629.<\/p>\n<p data-start=\"518\" data-end=\"769\">\u0645\u0635\u0646\u0648\u0639 \u0628\u0640<strong data-start=\"532\" data-end=\"549\">\u062c\u062f\u0627\u0631 \u0645\u0632\u062f\u0648\u062c<\/strong> \u0648<strong data-start=\"552\" data-end=\"608\">\u0639\u0632\u0644 \u0645\u0646 \u0631\u063a\u0648\u0629 \u0627\u0644\u0628\u0648\u0644\u064a \u064a\u0648\u0631\u064a\u062b\u0627\u0646 \u0639\u0627\u0644\u064a\u0629 \u0627\u0644\u0643\u062b\u0627\u0641\u0629<\/strong>\u060c \u064a\u062d\u0627\u0641\u0638 \u0639\u0644\u0649 \u062f\u0631\u062c\u0629 \u062d\u0631\u0627\u0631\u0629 \u0627\u0644\u0645\u064a\u0627\u0647 \u0628\u064a\u0646 <strong data-start=\"649\" data-end=\"672\">3 \u06485 \u062f\u0631\u062c\u0627\u062a \u0645\u0626\u0648\u064a\u0629 \u0641\u064a \u0627\u0644\u0634\u062a\u0627\u0621<\/strong> \u0648\u0628\u064a\u0646 <strong data-start=\"679\" data-end=\"703\">10 \u064812 \u062f\u0631\u062c\u0629 \u0645\u0626\u0648\u064a\u0629 \u0641\u064a \u0627\u0644\u0635\u064a\u0641<\/strong>\u060c \u0645\u0645\u0627 \u064a\u0636\u0645\u0646 <strong data-start=\"717\" data-end=\"768\">\u0627\u0644\u0646\u0638\u0627\u0641\u0629 \u0648\u0627\u0644\u062d\u0645\u0627\u064a\u0629 \u0645\u0646 \u0627\u0644\u062a\u062c\u0645\u062f \u0648\u0631\u0641\u0627\u0647\u064a\u0629 \u0627\u0644\u062d\u064a\u0648\u0627\u0646\u0627\u062a<\/strong>.<\/p>\n<hr data-start=\"771\" data-end=\"774\">\n<h3 data-start=\"776\" data-end=\"822\">\ud83d\udc04 <strong data-start=\"783\" data-end=\"822\">\u0627\u0644\u0645\u0648\u0627\u0635\u0641\u0627\u062a \u0627\u0644\u0641\u0646\u064a\u0629 \u0627\u0644\u0631\u0626\u064a\u0633\u064a\u0629<\/strong><\/h3>\n<ul data-start=\"824\" data-end=\"1407\">\n<li data-start=\"824\" data-end=\"846\">\n<p data-start=\"826\" data-end=\"846\"><strong data-start=\"826\" data-end=\"837\">\u0627\u0644\u0637\u0631\u0627\u0632<\/strong>: FA-AT 2<\/p>\n<\/li>\n<li data-start=\"847\" data-end=\"872\">\n<p data-start=\"849\" data-end=\"872\"><strong data-start=\"849\" data-end=\"861\">\u0627\u0644\u0633\u0639\u0629<\/strong>: 100 \u0644\u062a\u0631<\/p>\n<\/li>\n<li data-start=\"873\" data-end=\"904\">\n<p data-start=\"875\" data-end=\"904\"><strong data-start=\"875\" data-end=\"894\">\u062a\u062f\u0641\u0642 \u0627\u0644\u0635\u0645\u0627\u0645<\/strong>: 35 \u0644\u062a\u0631\/\u062f\u0642\u064a\u0642\u0629<\/p>\n<\/li>\n<li data-start=\"905\" data-end=\"959\">\n<p data-start=\"907\" data-end=\"959\"><strong data-start=\"907\" data-end=\"930\">\u0625\u0645\u062f\u0627\u062f \u0627\u0644\u0645\u064a\u0627\u0647<\/strong>: \u062a\u0648\u0635\u064a\u0644 \u0645\u0646 \u0627\u0644\u0623\u0633\u0641\u0644 1\/2&#8243;<\/p>\n<\/li>\n<li data-start=\"960\" data-end=\"1007\">\n<p data-start=\"962\" data-end=\"1007\"><strong data-start=\"962\" data-end=\"984\">\u0639\u0632\u0644 \u062d\u0631\u0627\u0631\u064a<\/strong> \u0645\u0646 \u0627\u0644\u0628\u0648\u0644\u064a \u064a\u0648\u0631\u064a\u062b\u0627\u0646 \u0627\u0644\u0645\u0645\u062f\u062f<\/p>\n<\/li>\n<li data-start=\"1008\" data-end=\"1054\">\n<p data-start=\"1010\" data-end=\"1054\"><strong data-start=\"1010\" data-end=\"1035\">\u0643\u0631\u0629 \u0645\u0632\u062f\u0648\u062c\u0629 \u0645\u0636\u0627\u062f\u0629 \u0644\u0644\u062a\u062c\u0645\u062f<\/strong> \u0628\u0645\u0633\u062a\u0648\u0649 \u062b\u0627\u0628\u062a<\/p>\n<\/li>\n<li data-start=\"1055\" data-end=\"1109\">\n<p data-start=\"1057\" data-end=\"1109\"><strong data-start=\"1057\" data-end=\"1071\">\u0645\u0646\u0627\u0633\u0628 \u0644\u0640<\/strong>: \u062d\u062a\u0649 30 \u062d\u064a\u0648\u0627\u0646 (\u0623\u0628\u0642\u0627\u0631 \u0648\u062e\u064a\u0648\u0644)<\/p>\n<\/li>\n<li data-start=\"1110\" data-end=\"1148\">\n<p data-start=\"1112\" data-end=\"1148\"><strong data-start=\"1112\" data-end=\"1126\">\u0627\u0644\u0623\u0628\u0639\u0627\u062f<\/strong>: 108,5 \u00d7 70 \u00d7 52,5 \u0633\u0645<\/p>\n<\/li>\n<li data-start=\"1149\" data-end=\"1200\">\n<p data-start=\"1151\" data-end=\"1200\"><strong data-start=\"1151\" data-end=\"1176\">\u064a\u0642\u0627\u0648\u0645 \u062d\u062a\u0649 \u201330 \u062f\u0631\u062c\u0629 \u0645\u0626\u0648\u064a\u0629<\/strong> \u062f\u0648\u0646 \u0637\u0627\u0642\u0629 \u0643\u0647\u0631\u0628\u0627\u0626\u064a\u0629<\/p>\n<\/li>\n<li data-start=\"1201\" data-end=\"1240\">\n<p data-start=\"1203\" data-end=\"1240\"><strong data-start=\"1203\" data-end=\"1221\">\u062a\u0635\u0631\u064a\u0641 \u0633\u0631\u064a\u0639<\/strong> \u0628\u0633\u062f\u0627\u062f\u0629 \u00d8 100 \u0645\u0645<\/p>\n<\/li>\n<li data-start=\"1241\" data-end=\"1407\">\n<p data-start=\"1243\" data-end=\"1265\"><strong data-start=\"1243\" data-end=\"1264\">\u0627\u0644\u0645\u0644\u062d\u0642\u0627\u062a \u0627\u0644\u0645\u0631\u0641\u0642\u0629<\/strong>:<\/p>\n<ul data-start=\"1268\" data-end=\"1407\">\n<li data-start=\"1268\" data-end=\"1298\">\n<p data-start=\"1270\" data-end=\"1298\">\u0642\u0636\u0628\u0627\u0646 \u062a\u062b\u0628\u064a\u062a \u0623\u0631\u0636\u064a\u0629<\/p>\n<\/li>\n<li data-start=\"1301\" data-end=\"1356\">\n<p data-start=\"1303\" data-end=\"1356\">\u062d\u0634\u0648\u0627\u062a \u0627\u062d\u062a\u064a\u0627\u0637\u064a\u0629 \u0644\u0635\u0645\u0627\u0645 \u0627\u0644\u0639\u0648\u0627\u0645\u0629<\/p>\n<\/li>\n<li data-start=\"1359\" data-end=\"1407\">\n<p data-start=\"1361\" data-end=\"1407\">\u0635\u0645\u0627\u0645 \u062a\u0635\u0631\u064a\u0641 \u0645\u0639 \u0623\u0646\u0628\u0648\u0628 \u0645\u0631\u0646 \u0645\u0639\u0632\u0648\u0644<\/p>\n<\/li>\n<\/ul>\n<\/li>\n<\/ul>\n<hr data-start=\"1409\" data-end=\"1412\">\n<h3 data-start=\"1414\" data-end=\"1459\">\ud83d\udca7 <strong data-start=\"1421\" data-end=\"1459\">\u0645\u0632\u0627\u064a\u0627 \u062d\u0648\u0636 \u0627\u0644\u0633\u0642\u0627\u064a\u0629 FA-AT 2<\/strong><\/h3>\n<ul data-start=\"1461\" data-end=\"1737\">\n<li data-start=\"1461\" data-end=\"1505\">\n<p data-start=\"1463\" data-end=\"1505\">\u0644\u0627 \u062d\u0627\u062c\u0629 \u0644\u0625\u0645\u062f\u0627\u062f \u0643\u0647\u0631\u0628\u0627\u0626\u064a<\/p>\n<\/li>\n<li data-start=\"1506\" data-end=\"1543\">\n<p data-start=\"1508\" data-end=\"1543\">\u062d\u0645\u0627\u064a\u0629 \u0642\u0635\u0648\u0649 \u0633\u0644\u0628\u064a\u0629 \u0645\u0636\u0627\u062f\u0629 \u0644\u0644\u062a\u062c\u0645\u062f<\/p>\n<\/li>\n<li data-start=\"1544\" data-end=\"1606\">\n<p data-start=\"1546\" data-end=\"1606\">\u0645\u064a\u0627\u0647 \u0645\u062a\u0648\u0641\u0631\u0629 \u062f\u0627\u0626\u0645\u0627\u064b \u0648\u0646\u0638\u064a\u0641\u0629 \u0648\u0628\u062f\u0631\u062c\u0629 \u062d\u0631\u0627\u0631\u0629 \u0645\u0636\u0628\u0648\u0637\u0629<\/p>\n<\/li>\n<li data-start=\"1607\" data-end=\"1641\">\n<p data-start=\"1609\" data-end=\"1641\">\u062a\u0631\u0643\u064a\u0628 \u0628\u0633\u064a\u0637 \u0648\u0645\u062a\u064a\u0646<\/p>\n<\/li>\n<li data-start=\"1642\" data-end=\"1691\">\n<p data-start=\"1644\" data-end=\"1691\">\u064a\u0642\u0644\u0644 \u0627\u0644\u0623\u0648\u0633\u0627\u062e \u0648\u064a\u062d\u0633\u0646 \u0646\u0638\u0627\u0641\u0629 \u0627\u0644\u0645\u064a\u0627\u0647<\/p>\n<\/li>\n<li data-start=\"1692\" data-end=\"1737\">\n<p data-start=\"1694\" data-end=\"1737\">\u0645\u062b\u0627\u0644\u064a \u0644\u0644\u062d\u0638\u0627\u0626\u0631 \u0648\u0627\u0644\u0645\u0631\u0627\u0628\u0639 \u0648\u0627\u0644\u062d\u0638\u0627\u0626\u0631 \u0627\u0644\u062e\u0627\u0631\u062c\u064a\u0629<\/p>\n<\/li>\n<\/ul>\n<p>\u0627\u0634\u062a\u0631\u0650\u0647 \u0645\u0646 <a href=\"https:\/\/fda-shop.it\/shop\/articoli-per-allevamento\/abbeveratoi\/abbeveratoio-termico-antigelo-fa-at-2\" target=\"_blank\" rel=\"noopener\">\u0645\u062a\u062c\u0631\u0646\u0627 \u0627\u0644\u0625\u0644\u0643\u062a\u0631\u0648\u0646\u064a<\/a><\/p>\n","protected":false},"excerpt":{"rendered":"<p>\u062d\u0648\u0636 \u0633\u0642\u0627\u064a\u0629 \u062d\u0631\u0627\u0631\u064a \u0645\u0636\u0627\u062f \u0644\u0644\u062a\u062c\u0645\u062f \u0628\u0643\u0631\u062a\u064a\u0646 \u0628\u0633\u0639\u0629 100 \u0644\u062a\u0631 \u0644\u0644\u0623\u0628\u0642\u0627\u0631 \u0648\u0627\u0644\u062e\u064a\u0648\u0644. \u0628\u062f\u0648\u0646 \u0643\u0647\u0631\u0628\u0627\u0621\u060c \u064a\u0642\u0627\u0648\u0645 \u062d\u062a\u0649 -30 \u062f\u0631\u062c\u0629 \u0645\u0626\u0648\u064a\u0629. \u0645\u062b\u0627\u0644\u064a \u0644\u0644\u062d\u0638\u0627\u0626\u0631 \u0648\u0627\u0644\u062d\u0638\u0627\u0626\u0631 \u0627\u0644\u062e\u0627\u0631\u062c\u064a\u0629.  <\/p>\n","protected":false},"featured_media":358,"comment_status":"open","ping_status":"closed","template":"","meta":{"_et_pb_use_builder":"","_et_pb_old_content":"","_et_gb_content_width":""},"product_brand":[],"product_cat":[926,398,626,567],"product_tag":[927],"class_list":{"0":"post-3841","1":"product","2":"type-product","3":"status-publish","4":"has-post-thumbnail","6":"product_cat-926","7":"product_cat-398","8":"product_cat-626","9":"product_cat-567","10":"product_tag-fa-at2","12":"first","13":"instock","14":"shipping-taxable","15":"product-type-simple"},"yoast_head":"<!-- This site is optimized with the Yoast SEO Premium plugin v27.5 (Yoast SEO v27.5) - https:\/\/yoast.com\/product\/yoast-seo-premium-wordpress\/ -->\n<title>\u062d\u0648\u0636 \u0633\u0642\u0627\u064a\u0629 \u062d\u0631\u0627\u0631\u064a \u0645\u0636\u0627\u062f \u0644\u0644\u062a\u062c\u0645\u062f \u0644\u0644\u0623\u0628\u0642\u0627\u0631 \u0648\u0627\u0644\u062e\u064a\u0648\u0644 - \u0627\u0644\u0634\u062a\u0627\u0621 - FDA srl<\/title>\n<meta name=\"description\" content=\"\u062d\u0627\u0641\u0638 \u0639\u0644\u0649 \u062a\u0631\u0637\u064a\u0628 \u062d\u064a\u0648\u0627\u0646\u0627\u062a\u0643 \u0645\u0639 \u062d\u0648\u0636 \u0627\u0644\u0633\u0642\u0627\u064a\u0629 \u0627\u0644\u062d\u0631\u0627\u0631\u064a \u0627\u0644\u0645\u0636\u0627\u062f \u0644\u0644\u062a\u062c\u0645\u062f \u0644\u0644\u0623\u0628\u0642\u0627\u0631 \u0648\u0627\u0644\u062e\u064a\u0648\u0644. \u0627\u0633\u062a\u062b\u0645\u0627\u0631 \u0645\u0645\u062a\u0627\u0632 \u0644\u0631\u0641\u0627\u0647\u064a\u062a\u0647\u0627! \u2744\ufe0f\" \/>\n<meta name=\"robots\" content=\"index, follow, max-snippet:-1, max-image-preview:large, max-video-preview:-1\" \/>\n<link rel=\"canonical\" href=\"https:\/\/fdasrl.it\/ar\/prodotto\/%d8%ad%d9%88%d8%b6-%d8%b3%d9%82%d8%a7%d9%8a%d8%a9-%d8%ad%d8%b1%d8%a7%d8%b1%d9%8a-%d9%85%d8%b6%d8%a7%d8%af-%d9%84%d9%84%d8%aa%d8%ac%d9%85%d8%af-%d8%a8%d9%83%d8%b1%d8%aa%d9%8a%d9%86-fa-at-2\/\" \/>\n<meta property=\"og:locale\" content=\"ar_AR\" \/>\n<meta property=\"og:type\" content=\"article\" \/>\n<meta property=\"og:title\" content=\"\u062d\u0648\u0636 \u0633\u0642\u0627\u064a\u0629 \u062d\u0631\u0627\u0631\u064a \u0645\u0636\u0627\u062f \u0644\u0644\u062a\u062c\u0645\u062f \u0628\u0643\u0631\u062a\u064a\u0646 FA-AT 2\" \/>\n<meta property=\"og:description\" content=\"\u062d\u0627\u0641\u0638 \u0639\u0644\u0649 \u062a\u0631\u0637\u064a\u0628 \u062d\u064a\u0648\u0627\u0646\u0627\u062a\u0643 \u0645\u0639 \u062d\u0648\u0636 \u0627\u0644\u0633\u0642\u0627\u064a\u0629 \u0627\u0644\u062d\u0631\u0627\u0631\u064a \u0627\u0644\u0645\u0636\u0627\u062f \u0644\u0644\u062a\u062c\u0645\u062f \u0644\u0644\u0623\u0628\u0642\u0627\u0631 \u0648\u0627\u0644\u062e\u064a\u0648\u0644. \u0627\u0633\u062a\u062b\u0645\u0627\u0631 \u0645\u0645\u062a\u0627\u0632 \u0644\u0631\u0641\u0627\u0647\u064a\u062a\u0647\u0627! \u2744\ufe0f\" \/>\n<meta property=\"og:url\" content=\"https:\/\/fdasrl.it\/ar\/prodotto\/%d8%ad%d9%88%d8%b6-%d8%b3%d9%82%d8%a7%d9%8a%d8%a9-%d8%ad%d8%b1%d8%a7%d8%b1%d9%8a-%d9%85%d8%b6%d8%a7%d8%af-%d9%84%d9%84%d8%aa%d8%ac%d9%85%d8%af-%d8%a8%d9%83%d8%b1%d8%aa%d9%8a%d9%86-fa-at-2\/\" \/>\n<meta property=\"og:site_name\" content=\"FDA srl\" \/>\n<meta property=\"article:publisher\" content=\"https:\/\/www.facebook.com\/share\/1MWhFWg1Tp\/?mibextid=LQQJ4d\" \/>\n<meta property=\"og:image\" content=\"https:\/\/fdasrl.it\/wp-content\/uploads\/2025\/01\/FA-AT-2.jpg\" \/>\n\t<meta property=\"og:image:width\" content=\"730\" \/>\n\t<meta property=\"og:image:height\" content=\"531\" \/>\n\t<meta property=\"og:image:type\" content=\"image\/jpeg\" \/>\n<meta name=\"twitter:card\" content=\"summary_large_image\" \/>\n<meta name=\"twitter:label1\" content=\"\u0627\u0644\u0633\u0639\u0631\" \/>\n\t<meta name=\"twitter:data1\" content=\"\" \/>\n\t<meta name=\"twitter:label2\" content=\"\u0627\u0644\u062a\u0648\u0641\u0631\" \/>\n\t<meta name=\"twitter:data2\" content=\"\u0645\u062a\u0648\u0641\u0631 \u0641\u064a \u0627\u0644\u0645\u062e\u0632\u0648\u0646\" \/>\n<meta property=\"product:price:currency\" content=\"EUR\" \/>\n<meta property=\"og:availability\" content=\"instock\" \/>\n<meta property=\"product:availability\" content=\"instock\" \/>\n<meta property=\"product:retailer_item_id\" content=\"FAAT2\" \/>\n<meta property=\"product:condition\" content=\"new\" \/>\n<!-- \/ Yoast SEO Premium plugin. -->","yoast_head_json":{"title":"\u062d\u0648\u0636 \u0633\u0642\u0627\u064a\u0629 \u062d\u0631\u0627\u0631\u064a \u0645\u0636\u0627\u062f \u0644\u0644\u062a\u062c\u0645\u062f \u0644\u0644\u0623\u0628\u0642\u0627\u0631 \u0648\u0627\u0644\u062e\u064a\u0648\u0644 - \u0627\u0644\u0634\u062a\u0627\u0621 - FDA srl","description":"\u062d\u0627\u0641\u0638 \u0639\u0644\u0649 \u062a\u0631\u0637\u064a\u0628 \u062d\u064a\u0648\u0627\u0646\u0627\u062a\u0643 \u0645\u0639 \u062d\u0648\u0636 \u0627\u0644\u0633\u0642\u0627\u064a\u0629 \u0627\u0644\u062d\u0631\u0627\u0631\u064a \u0627\u0644\u0645\u0636\u0627\u062f \u0644\u0644\u062a\u062c\u0645\u062f \u0644\u0644\u0623\u0628\u0642\u0627\u0631 \u0648\u0627\u0644\u062e\u064a\u0648\u0644. \u0627\u0633\u062a\u062b\u0645\u0627\u0631 \u0645\u0645\u062a\u0627\u0632 \u0644\u0631\u0641\u0627\u0647\u064a\u062a\u0647\u0627! \u2744\ufe0f","robots":{"index":"index","follow":"follow","max-snippet":"max-snippet:-1","max-image-preview":"max-image-preview:large","max-video-preview":"max-video-preview:-1"},"canonical":"https:\/\/fdasrl.it\/ar\/prodotto\/%d8%ad%d9%88%d8%b6-%d8%b3%d9%82%d8%a7%d9%8a%d8%a9-%d8%ad%d8%b1%d8%a7%d8%b1%d9%8a-%d9%85%d8%b6%d8%a7%d8%af-%d9%84%d9%84%d8%aa%d8%ac%d9%85%d8%af-%d8%a8%d9%83%d8%b1%d8%aa%d9%8a%d9%86-fa-at-2\/","og_locale":"ar_AR","og_type":"article","og_title":"\u062d\u0648\u0636 \u0633\u0642\u0627\u064a\u0629 \u062d\u0631\u0627\u0631\u064a \u0645\u0636\u0627\u062f \u0644\u0644\u062a\u062c\u0645\u062f \u0628\u0643\u0631\u062a\u064a\u0646 FA-AT 2","og_description":"\u062d\u0627\u0641\u0638 \u0639\u0644\u0649 \u062a\u0631\u0637\u064a\u0628 \u062d\u064a\u0648\u0627\u0646\u0627\u062a\u0643 \u0645\u0639 \u062d\u0648\u0636 \u0627\u0644\u0633\u0642\u0627\u064a\u0629 \u0627\u0644\u062d\u0631\u0627\u0631\u064a \u0627\u0644\u0645\u0636\u0627\u062f \u0644\u0644\u062a\u062c\u0645\u062f \u0644\u0644\u0623\u0628\u0642\u0627\u0631 \u0648\u0627\u0644\u062e\u064a\u0648\u0644. \u0627\u0633\u062a\u062b\u0645\u0627\u0631 \u0645\u0645\u062a\u0627\u0632 \u0644\u0631\u0641\u0627\u0647\u064a\u062a\u0647\u0627! \u2744\ufe0f","og_url":"https:\/\/fdasrl.it\/ar\/prodotto\/%d8%ad%d9%88%d8%b6-%d8%b3%d9%82%d8%a7%d9%8a%d8%a9-%d8%ad%d8%b1%d8%a7%d8%b1%d9%8a-%d9%85%d8%b6%d8%a7%d8%af-%d9%84%d9%84%d8%aa%d8%ac%d9%85%d8%af-%d8%a8%d9%83%d8%b1%d8%aa%d9%8a%d9%86-fa-at-2\/","og_site_name":"FDA srl","article_publisher":"https:\/\/www.facebook.com\/share\/1MWhFWg1Tp\/?mibextid=LQQJ4d","og_image":[{"width":730,"height":531,"url":"https:\/\/fdasrl.it\/wp-content\/uploads\/2025\/01\/FA-AT-2.jpg","type":"image\/jpeg"}],"twitter_card":"summary_large_image","twitter_misc":{"\u0627\u0644\u0633\u0639\u0631":"","\u0627\u0644\u062a\u0648\u0641\u0631":"\u0645\u062a\u0648\u0641\u0631 \u0641\u064a \u0627\u0644\u0645\u062e\u0632\u0648\u0646"},"schema":{"@context":"https:\/\/schema.org","@graph":[{"@type":"WebPage","@id":"https:\/\/fdasrl.it\/ar\/prodotto\/%d8%ad%d9%88%d8%b6-%d8%b3%d9%82%d8%a7%d9%8a%d8%a9-%d8%ad%d8%b1%d8%a7%d8%b1%d9%8a-%d9%85%d8%b6%d8%a7%d8%af-%d9%84%d9%84%d8%aa%d8%ac%d9%85%d8%af-%d8%a8%d9%83%d8%b1%d8%aa%d9%8a%d9%86-fa-at-2\/","url":"https:\/\/fdasrl.it\/ar\/prodotto\/%d8%ad%d9%88%d8%b6-%d8%b3%d9%82%d8%a7%d9%8a%d8%a9-%d8%ad%d8%b1%d8%a7%d8%b1%d9%8a-%d9%85%d8%b6%d8%a7%d8%af-%d9%84%d9%84%d8%aa%d8%ac%d9%85%d8%af-%d8%a8%d9%83%d8%b1%d8%aa%d9%8a%d9%86-fa-at-2\/","name":"\u062d\u0648\u0636 \u0633\u0642\u0627\u064a\u0629 \u062d\u0631\u0627\u0631\u064a \u0645\u0636\u0627\u062f \u0644\u0644\u062a\u062c\u0645\u062f \u0644\u0644\u0623\u0628\u0642\u0627\u0631 \u0648\u0627\u0644\u062e\u064a\u0648\u0644 - \u0627\u0644\u0634\u062a\u0627\u0621 - FDA srl","isPartOf":{"@id":"https:\/\/fdasrl.it\/ar\/#website"},"primaryImageOfPage":{"@id":"https:\/\/fdasrl.it\/ar\/prodotto\/%d8%ad%d9%88%d8%b6-%d8%b3%d9%82%d8%a7%d9%8a%d8%a9-%d8%ad%d8%b1%d8%a7%d8%b1%d9%8a-%d9%85%d8%b6%d8%a7%d8%af-%d9%84%d9%84%d8%aa%d8%ac%d9%85%d8%af-%d8%a8%d9%83%d8%b1%d8%aa%d9%8a%d9%86-fa-at-2\/#primaryimage"},"image":{"@id":"https:\/\/fdasrl.it\/ar\/prodotto\/%d8%ad%d9%88%d8%b6-%d8%b3%d9%82%d8%a7%d9%8a%d8%a9-%d8%ad%d8%b1%d8%a7%d8%b1%d9%8a-%d9%85%d8%b6%d8%a7%d8%af-%d9%84%d9%84%d8%aa%d8%ac%d9%85%d8%af-%d8%a8%d9%83%d8%b1%d8%aa%d9%8a%d9%86-fa-at-2\/#primaryimage"},"thumbnailUrl":"https:\/\/fdasrl.it\/wp-content\/uploads\/2025\/01\/FA-AT-2.jpg","datePublished":"2025-01-21T09:30:25+00:00","description":"\u062d\u0627\u0641\u0638 \u0639\u0644\u0649 \u062a\u0631\u0637\u064a\u0628 \u062d\u064a\u0648\u0627\u0646\u0627\u062a\u0643 \u0645\u0639 \u062d\u0648\u0636 \u0627\u0644\u0633\u0642\u0627\u064a\u0629 \u0627\u0644\u062d\u0631\u0627\u0631\u064a \u0627\u0644\u0645\u0636\u0627\u062f \u0644\u0644\u062a\u062c\u0645\u062f \u0644\u0644\u0623\u0628\u0642\u0627\u0631 \u0648\u0627\u0644\u062e\u064a\u0648\u0644. \u0627\u0633\u062a\u062b\u0645\u0627\u0631 \u0645\u0645\u062a\u0627\u0632 \u0644\u0631\u0641\u0627\u0647\u064a\u062a\u0647\u0627! \u2744\ufe0f","breadcrumb":{"@id":"https:\/\/fdasrl.it\/ar\/prodotto\/%d8%ad%d9%88%d8%b6-%d8%b3%d9%82%d8%a7%d9%8a%d8%a9-%d8%ad%d8%b1%d8%a7%d8%b1%d9%8a-%d9%85%d8%b6%d8%a7%d8%af-%d9%84%d9%84%d8%aa%d8%ac%d9%85%d8%af-%d8%a8%d9%83%d8%b1%d8%aa%d9%8a%d9%86-fa-at-2\/#breadcrumb"},"inLanguage":"ar","potentialAction":[{"@type":"ReadAction","target":["https:\/\/fdasrl.it\/ar\/prodotto\/%d8%ad%d9%88%d8%b6-%d8%b3%d9%82%d8%a7%d9%8a%d8%a9-%d8%ad%d8%b1%d8%a7%d8%b1%d9%8a-%d9%85%d8%b6%d8%a7%d8%af-%d9%84%d9%84%d8%aa%d8%ac%d9%85%d8%af-%d8%a8%d9%83%d8%b1%d8%aa%d9%8a%d9%86-fa-at-2\/"]}]},{"@type":"ImageObject","inLanguage":"ar","@id":"https:\/\/fdasrl.it\/ar\/prodotto\/%d8%ad%d9%88%d8%b6-%d8%b3%d9%82%d8%a7%d9%8a%d8%a9-%d8%ad%d8%b1%d8%a7%d8%b1%d9%8a-%d9%85%d8%b6%d8%a7%d8%af-%d9%84%d9%84%d8%aa%d8%ac%d9%85%d8%af-%d8%a8%d9%83%d8%b1%d8%aa%d9%8a%d9%86-fa-at-2\/#primaryimage","url":"https:\/\/fdasrl.it\/wp-content\/uploads\/2025\/01\/FA-AT-2.jpg","contentUrl":"https:\/\/fdasrl.it\/wp-content\/uploads\/2025\/01\/FA-AT-2.jpg","width":730,"height":531,"caption":"\u062d\u0648\u0636 \u0633\u0642\u0627\u064a\u0629 \u062d\u0631\u0627\u0631\u064a \u0645\u0636\u0627\u062f \u0644\u0644\u062a\u062c\u0645\u062f \u0628\u0643\u0631\u062a\u064a\u0646 FA-AT 2 \u0644\u0644\u0623\u0628\u0642\u0627\u0631 \u0648\u0627\u0644\u062e\u064a\u0648\u0644"},{"@type":"BreadcrumbList","@id":"https:\/\/fdasrl.it\/ar\/prodotto\/%d8%ad%d9%88%d8%b6-%d8%b3%d9%82%d8%a7%d9%8a%d8%a9-%d8%ad%d8%b1%d8%a7%d8%b1%d9%8a-%d9%85%d8%b6%d8%a7%d8%af-%d9%84%d9%84%d8%aa%d8%ac%d9%85%d8%af-%d8%a8%d9%83%d8%b1%d8%aa%d9%8a%d9%86-fa-at-2\/#breadcrumb","itemListElement":[{"@type":"ListItem","position":1,"name":"Home","item":"https:\/\/fdasrl.it\/ar\/%d8%a7%d9%84%d8%b1%d8%a6%d9%8a%d8%b3%d9%8a%d8%a9\/"},{"@type":"ListItem","position":2,"name":"\u0627\u0644\u0645\u062a\u062c\u0631","item":"https:\/\/fdasrl.it\/ar\/%d8%a7%d9%84%d9%85%d8%aa%d8%ac%d8%b1\/"},{"@type":"ListItem","position":3,"name":"\u062d\u0648\u0636 \u0633\u0642\u0627\u064a\u0629 \u062d\u0631\u0627\u0631\u064a \u0645\u0636\u0627\u062f \u0644\u0644\u062a\u062c\u0645\u062f \u0628\u0643\u0631\u062a\u064a\u0646 FA-AT 2"}]},{"@type":"WebSite","@id":"https:\/\/fdasrl.it\/ar\/#website","url":"https:\/\/fdasrl.it\/ar\/","name":"FDA srl","description":"Equipment for animal husbandry","publisher":{"@id":"https:\/\/fdasrl.it\/ar\/#organization"},"potentialAction":[{"@type":"SearchAction","target":{"@type":"EntryPoint","urlTemplate":"https:\/\/fdasrl.it\/ar\/?s={search_term_string}"},"query-input":{"@type":"PropertyValueSpecification","valueRequired":true,"valueName":"search_term_string"}}],"inLanguage":"ar"},{"@type":"Organization","@id":"https:\/\/fdasrl.it\/ar\/#organization","name":"FDA srl","url":"https:\/\/fdasrl.it\/ar\/","logo":{"@type":"ImageObject","inLanguage":"ar","@id":"https:\/\/fdasrl.it\/ar\/#\/schema\/logo\/image\/","url":"https:\/\/fdasrl.it\/wp-content\/uploads\/2024\/12\/Logo-FDA.png","contentUrl":"https:\/\/fdasrl.it\/wp-content\/uploads\/2024\/12\/Logo-FDA.png","width":316,"height":119,"caption":"FDA srl"},"image":{"@id":"https:\/\/fdasrl.it\/ar\/#\/schema\/logo\/image\/"},"sameAs":["https:\/\/www.facebook.com\/share\/1MWhFWg1Tp\/?mibextid=LQQJ4d","https:\/\/www.instagram.com\/fda_srl\/profilecard\/?igsh=YW5lbzJ6MWg0d21u","https:\/\/www.youtube.com\/@FDASRL_ANIMALCARE"],"description":"FDA SRL \u2013 Equipment for animal husbandry nasce con l\u2019obiettivo di offrire soluzioni affidabili e innovative per l\u2019allevamento moderno. Con anni di esperienza nel settore zootecnico, progettiamo e realizziamo attrezzature destinate al benessere animale e alla gestione efficiente delle stalle: vasche, abbeveratoi, mangiatoie e sistemi di riscaldamento pensati per durare nel tempo e semplificare il lavoro quotidiano degli allevatori. Dalla progettazione alla produzione, ogni nostro prodotto \u00e8 studiato nei minimi dettagli, testato con cura e costruito per rispondere alle esigenze reali del settore. La nostra forza \u00e8 unire artigianalit\u00e0, tecnologia e competenza tecnica per trasformare ogni progetto in una soluzione concreta e funzionale. Oggi FDA SRL \u00e8 un punto di riferimento per privati e rivenditori che cercano qualit\u00e0, affidabilit\u00e0 e innovazione nelle attrezzature per l\u2019allevamento.","email":"info@fdasrl.it","telephone":"+390522826820","legalName":"F.D.A. SRL","foundingDate":"2024-10-13","vatID":"03075840359","taxID":"03075840359","numberOfEmployees":{"@type":"QuantitativeValue","minValue":"1","maxValue":"10"}}]},"product_price_currency":"EUR","og_availability":"instock","product_availability":"instock","product_retailer_item_id":"FAAT2","product_condition":"new"},"_links":{"self":[{"href":"https:\/\/fdasrl.it\/ar\/wp-json\/wp\/v2\/product\/3841","targetHints":{"allow":["GET"]}}],"collection":[{"href":"https:\/\/fdasrl.it\/ar\/wp-json\/wp\/v2\/product"}],"about":[{"href":"https:\/\/fdasrl.it\/ar\/wp-json\/wp\/v2\/types\/product"}],"replies":[{"embeddable":true,"href":"https:\/\/fdasrl.it\/ar\/wp-json\/wp\/v2\/comments?post=3841"}],"wp:featuredmedia":[{"embeddable":true,"href":"https:\/\/fdasrl.it\/ar\/wp-json\/wp\/v2\/media\/358"}],"wp:attachment":[{"href":"https:\/\/fdasrl.it\/ar\/wp-json\/wp\/v2\/media?parent=3841"}],"wp:term":[{"taxonomy":"product_brand","embeddable":true,"href":"https:\/\/fdasrl.it\/ar\/wp-json\/wp\/v2\/product_brand?post=3841"},{"taxonomy":"product_cat","embeddable":true,"href":"https:\/\/fdasrl.it\/ar\/wp-json\/wp\/v2\/product_cat?post=3841"},{"taxonomy":"product_tag","embeddable":true,"href":"https:\/\/fdasrl.it\/ar\/wp-json\/wp\/v2\/product_tag?post=3841"}],"curies":[{"name":"wp","href":"https:\/\/api.w.org\/{rel}","templated":true}]}}