{"id":3883,"date":"2025-01-21T10:38:03","date_gmt":"2025-01-21T09:38:03","guid":{"rendered":"https:\/\/fdasrl.it\/prodotto\/%d9%85%d8%b6%d8%ae%d8%a9-%d8%af%d9%88%d8%b1%d8%a7%d9%86-%d9%85%d8%b6%d8%a7%d8%af%d8%a9-%d9%84%d9%84%d8%aa%d8%ac%d9%85%d8%af\/"},"modified":"2025-01-21T10:38:03","modified_gmt":"2025-01-21T09:38:03","slug":"%d9%85%d8%b6%d8%ae%d8%a9-%d8%af%d9%88%d8%b1%d8%a7%d9%86-%d9%85%d8%b6%d8%a7%d8%af%d8%a9-%d9%84%d9%84%d8%aa%d8%ac%d9%85%d8%af","status":"publish","type":"product","link":"https:\/\/fdasrl.it\/ar\/prodotto\/%d9%85%d8%b6%d8%ae%d8%a9-%d8%af%d9%88%d8%b1%d8%a7%d9%86-%d9%85%d8%b6%d8%a7%d8%af%d8%a9-%d9%84%d9%84%d8%aa%d8%ac%d9%85%d8%af\/","title":{"rendered":"\u0645\u0636\u062e\u0629 \u062f\u0648\u0631\u0627\u0646 \u0645\u0636\u0627\u062f\u0629 \u0644\u0644\u062a\u062c\u0645\u062f"},"content":{"rendered":"<h2 data-start=\"262\" data-end=\"361\">\ud83d\udca7 <strong data-start=\"268\" data-end=\"361\">AquaLine \u2013 \u0645\u0636\u062e\u0629 \u062f\u0648\u0631\u0627\u0646 \u0645\u0636\u0627\u062f\u0629 \u0644\u0644\u062a\u062c\u0645\u062f \u0645\u0639 \u062a\u0633\u062e\u064a\u0646 \u0645\u062a\u0643\u0627\u0645\u0644 \u0644\u0623\u0646\u0638\u0645\u0629 \u0627\u0644\u0634\u0631\u0628<\/strong><\/h2>\n<p data-start=\"363\" data-end=\"737\"><strong data-start=\"363\" data-end=\"375\">AquaLine<\/strong> \u0647\u064a <strong data-start=\"381\" data-end=\"498\">\u0627\u0644\u062d\u0644 \u0627\u0644\u0627\u062d\u062a\u0631\u0627\u0641\u064a \u0644\u0625\u0639\u0627\u062f\u0629 \u062a\u062f\u0648\u064a\u0631 \u0648\u062a\u0633\u062e\u064a\u0646 \u0627\u0644\u0645\u064a\u0627\u0647 \u0641\u064a \u0623\u0646\u0638\u0645\u0629 \u0627\u0644\u0634\u0631\u0628 \u0644\u0644\u062d\u064a\u0648\u0627\u0646\u0627\u062a<\/strong>\u060c \u0645\u062b\u0627\u0644\u064a\u0629 \u0644\u0644\u0623\u0646\u0627\u0628\u064a\u0628 \u0627\u0644\u062d\u0644\u0642\u064a\u0629 \u062d\u062a\u0649 <strong data-start=\"538\" data-end=\"551\">250 \u0645\u062a\u0631<\/strong> (\u0645\u0639 \u0623\u0646\u0628\u0648\u0628 3\/4&#8243;). \u062a\u0648\u0641\u0631 \u0627\u0644\u062d\u0631\u0643\u0629 \u0627\u0644\u0645\u0633\u062a\u0645\u0631\u0629 \u0644\u0644\u0645\u064a\u0627\u0647 \u0648\u0627\u0644\u062a\u0633\u062e\u064a\u0646 \u0628\u0645\u0642\u0627\u0648\u0645\u0629 \u0634\u0641\u0631\u0629 <strong data-start=\"666\" data-end=\"702\">\u062d\u0645\u0627\u064a\u0629 \u0622\u0645\u0646\u0629 \u0636\u062f \u0627\u0644\u062a\u062c\u0645\u062f<\/strong> \u062d\u062a\u0649 \u0641\u064a \u0623\u0642\u0633\u0649 \u0627\u0644\u0638\u0631\u0648\u0641. <\/p>\n<hr data-start=\"865\" data-end=\"868\">\n<h3 data-start=\"870\" data-end=\"905\">\u2699\ufe0f <strong data-start=\"877\" data-end=\"905\">\u0627\u0644\u0645\u0648\u0627\u0635\u0641\u0627\u062a \u0627\u0644\u0641\u0646\u064a\u0629<\/strong><\/h3>\n<ul data-start=\"907\" data-end=\"1502\">\n<li data-start=\"907\" data-end=\"964\">\n<p data-start=\"909\" data-end=\"964\"><strong data-start=\"909\" data-end=\"937\">\u062a\u0634\u063a\u064a\u0644 \u0639\u0644\u0649 \u0645\u062f\u0627\u0631 \u0627\u0644\u0641\u0635\u0648\u0644 \u0627\u0644\u0623\u0631\u0628\u0639\u0629<\/strong>: \u0645\u0639 \u0623\u0648 \u0628\u062f\u0648\u0646 \u062a\u0633\u062e\u064a\u0646<\/p>\n<\/li>\n<li data-start=\"965\" data-end=\"1011\">\n<p data-start=\"967\" data-end=\"1011\"><strong data-start=\"967\" data-end=\"1011\">\u062a\u0646\u0638\u064a\u0645 \u062a\u0644\u0642\u0627\u0626\u064a \u0644\u062f\u0631\u062c\u0629 \u0627\u0644\u062d\u0631\u0627\u0631\u0629<\/strong><\/p>\n<\/li>\n<li data-start=\"1012\" data-end=\"1091\">\n<p data-start=\"1014\" data-end=\"1091\"><strong data-start=\"1014\" data-end=\"1042\">\u062c\u0647\u0627\u0632 \u0623\u0645\u0627\u0646<\/strong> \u0636\u062f \u0627\u0644\u0633\u062e\u0648\u0646\u0629 \u0627\u0644\u0632\u0627\u0626\u062f\u0629 \u0645\u0639 \u0625\u064a\u0642\u0627\u0641 \u062a\u0644\u0642\u0627\u0626\u064a<\/p>\n<\/li>\n<li data-start=\"1092\" data-end=\"1141\">\n<p data-start=\"1094\" data-end=\"1141\"><strong data-start=\"1094\" data-end=\"1115\">\u0645\u0635\u0627\u0628\u064a\u062d LED \u0645\u0646\u0641\u0635\u0644\u0629<\/strong> \u0644\u0644\u0645\u0636\u062e\u0629 \u0648\u0627\u0644\u062a\u0633\u062e\u064a\u0646<\/p>\n<\/li>\n<li data-start=\"1142\" data-end=\"1175\">\n<p data-start=\"1144\" data-end=\"1175\"><strong data-start=\"1144\" data-end=\"1175\">\u0635\u0645\u0627\u0645 \u062a\u0646\u0641\u064a\u0633 \u0645\u062a\u0643\u0627\u0645\u0644<\/strong><\/p>\n<\/li>\n<li data-start=\"1176\" data-end=\"1249\">\n<p data-start=\"1178\" data-end=\"1249\"><strong data-start=\"1178\" data-end=\"1202\">\u0625\u0644\u0643\u062a\u0631\u0648\u0646\u064a\u0627\u062a \u0645\u062d\u0645\u064a\u0629<\/strong> \u0641\u064a \u0639\u0644\u0628\u0629 \u0628\u0648\u0644\u064a\u0645\u0627\u064a\u062f \u0645\u0639\u0632\u0648\u0644\u0629 \u0645\u0636\u0627\u062f\u0629 \u0644\u0644\u062a\u0643\u062b\u0641<\/p>\n<\/li>\n<li data-start=\"1250\" data-end=\"1314\">\n<p data-start=\"1252\" data-end=\"1314\"><strong data-start=\"1252\" data-end=\"1278\">\u062a\u0631\u0643\u064a\u0628 \u0628\u0633\u064a\u0637<\/strong> \u0639\u0644\u0649 \u0627\u0644\u062d\u0627\u0626\u0637 (\u0637\u0642\u0645 \u0627\u0644\u062a\u062b\u0628\u064a\u062a \u0645\u064f\u0631\u0641\u0642)<\/p>\n<\/li>\n<li data-start=\"1315\" data-end=\"1364\">\n<p data-start=\"1317\" data-end=\"1364\"><strong data-start=\"1317\" data-end=\"1336\">\u062a\u0635\u0645\u064a\u0645 \u0645\u062f\u0645\u062c<\/strong>\u060c \u0645\u062b\u0627\u0644\u064a \u0644\u0644\u0645\u0633\u0627\u062d\u0627\u062a \u0627\u0644\u0636\u064a\u0642\u0629<\/p>\n<\/li>\n<li data-start=\"1365\" data-end=\"1416\">\n<p data-start=\"1367\" data-end=\"1416\"><strong data-start=\"1367\" data-end=\"1389\">\u0635\u064a\u0627\u0646\u0629 \u0645\u0646\u062e\u0641\u0636\u0629<\/strong>\u060c \u0645\u0648\u0627\u062f \u0639\u0627\u0644\u064a\u0629 \u0627\u0644\u062c\u0648\u062f\u0629<\/p>\n<\/li>\n<li data-start=\"1417\" data-end=\"1443\">\n<p data-start=\"1419\" data-end=\"1443\"><strong data-start=\"1419\" data-end=\"1436\">\u0627\u0644\u062a\u063a\u0630\u064a\u0629 \u0627\u0644\u0643\u0647\u0631\u0628\u0627\u0626\u064a\u0629<\/strong>: 230 \u0641\u0648\u0644\u062a<\/p>\n<\/li>\n<li data-start=\"1444\" data-end=\"1479\">\n<p data-start=\"1446\" data-end=\"1479\"><strong data-start=\"1446\" data-end=\"1463\">\u062a\u0648\u0635\u064a\u0644 \u0627\u0644\u0645\u064a\u0627\u0647<\/strong>: 3\/4&#8243; \u0645\u0646 \u0627\u0644\u0623\u0633\u0641\u0644<\/p>\n<\/li>\n<li data-start=\"1480\" data-end=\"1502\">\n<p data-start=\"1482\" data-end=\"1502\"><strong data-start=\"1482\" data-end=\"1494\">\u0627\u0644\u0636\u0645\u0627\u0646<\/strong>: \u0633\u0646\u062a\u0627\u0646<\/p>\n<\/li>\n<\/ul>\n<hr data-start=\"1959\" data-end=\"1962\">\n<h3 data-start=\"1964\" data-end=\"2031\">\ud83d\udc04 <strong data-start=\"1971\" data-end=\"2031\">\u0645\u062b\u0627\u0644\u064a\u0629 \u0644\u0623\u0646\u0638\u0645\u0629 \u0627\u0644\u0634\u0631\u0628 \u0641\u064a \u0645\u0632\u0627\u0631\u0639:<\/strong><\/h3>\n<ul data-start=\"2032\" data-end=\"2098\">\n<li data-start=\"2032\" data-end=\"2040\">\n<p data-start=\"2034\" data-end=\"2040\">\u0627\u0644\u0623\u0628\u0642\u0627\u0631<\/p>\n<\/li>\n<li data-start=\"2041\" data-end=\"2048\">\n<p data-start=\"2043\" data-end=\"2048\">\u062e\u0646\u0627\u0632\u064a\u0631<\/p>\n<\/li>\n<li data-start=\"2049\" data-end=\"2058\">\n<p data-start=\"2051\" data-end=\"2058\">\u0627\u0644\u062e\u064a\u0648\u0644<\/p>\n<\/li>\n<li data-start=\"2059\" data-end=\"2071\">\n<p data-start=\"2061\" data-end=\"2071\">\u0627\u0644\u0623\u063a\u0646\u0627\u0645 \u0648\u0627\u0644\u0645\u0627\u0639\u0632<\/p>\n<\/li>\n<li data-start=\"2072\" data-end=\"2098\">\n<p data-start=\"2074\" data-end=\"2098\">\u062d\u064a\u0648\u0627\u0646\u0627\u062a \u0625\u0646\u062a\u0627\u062c\u064a\u0629 \u0623\u062e\u0631\u0649<\/p>\n<\/li>\n<\/ul>\n<p>\u0627\u0634\u062a\u0631\u0647\u0627 \u0645\u0646 <a href=\"https:\/\/fda-shop.it\/shop\/articoli-per-allevamento\/pompa-di-ricircolo-acqua-antigelo-marca-aqualine\" target=\"_blank\" rel=\"noopener\">\u0645\u062a\u062c\u0631\u0646\u0627 \u0627\u0644\u0625\u0644\u0643\u062a\u0631\u0648\u0646\u064a<\/a><\/p>\n","protected":false},"excerpt":{"rendered":"<p>\u0645\u0636\u062e\u0629 \u062f\u0648\u0631\u0627\u0646 \u0645\u0639 \u062a\u0633\u062e\u064a\u0646 \u0645\u062a\u0643\u0627\u0645\u0644 \u0644\u0623\u0646\u0638\u0645\u0629 \u0627\u0644\u0634\u0631\u0628 \u062d\u062a\u0649 250 \u0645. \u062d\u0645\u0627\u064a\u0629 \u0645\u0636\u0627\u062f\u0629 \u0644\u0644\u062a\u062c\u0645\u062f \u0648\u062a\u0631\u0643\u064a\u0628 \u0628\u0633\u064a\u0637. <\/p>\n","protected":false},"featured_media":366,"comment_status":"open","ping_status":"closed","template":"","meta":{"_et_pb_use_builder":"","_et_pb_old_content":"","_et_gb_content_width":""},"product_brand":[],"product_cat":[926,398],"product_tag":[934],"class_list":{"0":"post-3883","1":"product","2":"type-product","3":"status-publish","4":"has-post-thumbnail","6":"product_cat-926","7":"product_cat-398","8":"product_tag-neg-fabb0019","10":"first","11":"instock","12":"shipping-taxable","13":"product-type-simple"},"yoast_head":"<!-- This site is optimized with the Yoast SEO Premium plugin v27.5 (Yoast SEO v27.5) - https:\/\/yoast.com\/product\/yoast-seo-premium-wordpress\/ -->\n<title>\u0645\u0636\u062e\u0629 \u062f\u0648\u0631\u0627\u0646 \u0645\u0636\u0627\u062f\u0629 \u0644\u0644\u062a\u062c\u0645\u062f \u0628\u062a\u0631\u0643\u064a\u0628 \u0628\u0633\u064a\u0637 - FDA srl<\/title>\n<meta name=\"description\" content=\"\u0627\u0643\u062a\u0634\u0641 \u0645\u0636\u062e\u0629 \u0627\u0644\u062f\u0648\u0631\u0627\u0646 \u0627\u0644\u0645\u0636\u0627\u062f\u0629 \u0644\u0644\u062a\u062c\u0645\u062f AquaLine\u060c \u0627\u0644\u0645\u062b\u0627\u0644\u064a\u0629 \u0644\u062a\u0633\u062e\u064a\u0646 \u0627\u0644\u0645\u064a\u0627\u0647 \u0641\u064a \u0623\u062d\u0648\u0627\u0636 \u0627\u0644\u0634\u0631\u0628. \u0627\u0637\u0644\u0628 \u062d\u0644\u0643 \u0627\u0644\u0627\u062d\u062a\u0631\u0627\u0641\u064a \u0627\u0644\u064a\u0648\u0645!\" \/>\n<meta name=\"robots\" content=\"index, follow, max-snippet:-1, max-image-preview:large, max-video-preview:-1\" \/>\n<link rel=\"canonical\" href=\"https:\/\/fdasrl.it\/ar\/prodotto\/%d9%85%d8%b6%d8%ae%d8%a9-%d8%af%d9%88%d8%b1%d8%a7%d9%86-%d9%85%d8%b6%d8%a7%d8%af%d8%a9-%d9%84%d9%84%d8%aa%d8%ac%d9%85%d8%af\/\" \/>\n<meta property=\"og:locale\" content=\"ar_AR\" \/>\n<meta property=\"og:type\" content=\"article\" \/>\n<meta property=\"og:title\" content=\"\u0645\u0636\u062e\u0629 \u062f\u0648\u0631\u0627\u0646 \u0645\u0636\u0627\u062f\u0629 \u0644\u0644\u062a\u062c\u0645\u062f\" \/>\n<meta property=\"og:description\" content=\"\u0627\u0643\u062a\u0634\u0641 \u0645\u0636\u062e\u0629 \u0627\u0644\u062f\u0648\u0631\u0627\u0646 \u0627\u0644\u0645\u0636\u0627\u062f\u0629 \u0644\u0644\u062a\u062c\u0645\u062f AquaLine\u060c \u0627\u0644\u0645\u062b\u0627\u0644\u064a\u0629 \u0644\u062a\u0633\u062e\u064a\u0646 \u0627\u0644\u0645\u064a\u0627\u0647 \u0641\u064a \u0623\u062d\u0648\u0627\u0636 \u0627\u0644\u0634\u0631\u0628. \u0627\u0637\u0644\u0628 \u062d\u0644\u0643 \u0627\u0644\u0627\u062d\u062a\u0631\u0627\u0641\u064a \u0627\u0644\u064a\u0648\u0645!\" \/>\n<meta property=\"og:url\" content=\"https:\/\/fdasrl.it\/ar\/prodotto\/%d9%85%d8%b6%d8%ae%d8%a9-%d8%af%d9%88%d8%b1%d8%a7%d9%86-%d9%85%d8%b6%d8%a7%d8%af%d8%a9-%d9%84%d9%84%d8%aa%d8%ac%d9%85%d8%af\/\" \/>\n<meta property=\"og:site_name\" content=\"FDA srl\" \/>\n<meta property=\"article:publisher\" content=\"https:\/\/www.facebook.com\/share\/1MWhFWg1Tp\/?mibextid=LQQJ4d\" \/>\n<meta property=\"og:image\" content=\"https:\/\/fdasrl.it\/wp-content\/uploads\/2025\/01\/22331_3.jpg\" \/>\n\t<meta property=\"og:image:width\" content=\"500\" \/>\n\t<meta property=\"og:image:height\" content=\"500\" \/>\n\t<meta property=\"og:image:type\" content=\"image\/jpeg\" \/>\n<meta name=\"twitter:card\" content=\"summary_large_image\" \/>\n<meta name=\"twitter:label1\" content=\"\u0627\u0644\u0633\u0639\u0631\" \/>\n\t<meta name=\"twitter:data1\" content=\"\" \/>\n\t<meta name=\"twitter:label2\" content=\"\u0627\u0644\u062a\u0648\u0641\u0631\" \/>\n\t<meta name=\"twitter:data2\" content=\"\u0645\u062a\u0648\u0641\u0631 \u0641\u064a \u0627\u0644\u0645\u062e\u0632\u0648\u0646\" \/>\n<meta property=\"product:price:currency\" content=\"EUR\" \/>\n<meta property=\"og:availability\" content=\"instock\" \/>\n<meta property=\"product:availability\" content=\"instock\" \/>\n<meta property=\"product:retailer_item_id\" content=\"NEG-FABB0019\" \/>\n<meta property=\"product:condition\" content=\"new\" \/>\n<!-- \/ Yoast SEO Premium plugin. -->","yoast_head_json":{"title":"\u0645\u0636\u062e\u0629 \u062f\u0648\u0631\u0627\u0646 \u0645\u0636\u0627\u062f\u0629 \u0644\u0644\u062a\u062c\u0645\u062f \u0628\u062a\u0631\u0643\u064a\u0628 \u0628\u0633\u064a\u0637 - FDA srl","description":"\u0627\u0643\u062a\u0634\u0641 \u0645\u0636\u062e\u0629 \u0627\u0644\u062f\u0648\u0631\u0627\u0646 \u0627\u0644\u0645\u0636\u0627\u062f\u0629 \u0644\u0644\u062a\u062c\u0645\u062f AquaLine\u060c \u0627\u0644\u0645\u062b\u0627\u0644\u064a\u0629 \u0644\u062a\u0633\u062e\u064a\u0646 \u0627\u0644\u0645\u064a\u0627\u0647 \u0641\u064a \u0623\u062d\u0648\u0627\u0636 \u0627\u0644\u0634\u0631\u0628. \u0627\u0637\u0644\u0628 \u062d\u0644\u0643 \u0627\u0644\u0627\u062d\u062a\u0631\u0627\u0641\u064a \u0627\u0644\u064a\u0648\u0645!","robots":{"index":"index","follow":"follow","max-snippet":"max-snippet:-1","max-image-preview":"max-image-preview:large","max-video-preview":"max-video-preview:-1"},"canonical":"https:\/\/fdasrl.it\/ar\/prodotto\/%d9%85%d8%b6%d8%ae%d8%a9-%d8%af%d9%88%d8%b1%d8%a7%d9%86-%d9%85%d8%b6%d8%a7%d8%af%d8%a9-%d9%84%d9%84%d8%aa%d8%ac%d9%85%d8%af\/","og_locale":"ar_AR","og_type":"article","og_title":"\u0645\u0636\u062e\u0629 \u062f\u0648\u0631\u0627\u0646 \u0645\u0636\u0627\u062f\u0629 \u0644\u0644\u062a\u062c\u0645\u062f","og_description":"\u0627\u0643\u062a\u0634\u0641 \u0645\u0636\u062e\u0629 \u0627\u0644\u062f\u0648\u0631\u0627\u0646 \u0627\u0644\u0645\u0636\u0627\u062f\u0629 \u0644\u0644\u062a\u062c\u0645\u062f AquaLine\u060c \u0627\u0644\u0645\u062b\u0627\u0644\u064a\u0629 \u0644\u062a\u0633\u062e\u064a\u0646 \u0627\u0644\u0645\u064a\u0627\u0647 \u0641\u064a \u0623\u062d\u0648\u0627\u0636 \u0627\u0644\u0634\u0631\u0628. \u0627\u0637\u0644\u0628 \u062d\u0644\u0643 \u0627\u0644\u0627\u062d\u062a\u0631\u0627\u0641\u064a \u0627\u0644\u064a\u0648\u0645!","og_url":"https:\/\/fdasrl.it\/ar\/prodotto\/%d9%85%d8%b6%d8%ae%d8%a9-%d8%af%d9%88%d8%b1%d8%a7%d9%86-%d9%85%d8%b6%d8%a7%d8%af%d8%a9-%d9%84%d9%84%d8%aa%d8%ac%d9%85%d8%af\/","og_site_name":"FDA srl","article_publisher":"https:\/\/www.facebook.com\/share\/1MWhFWg1Tp\/?mibextid=LQQJ4d","og_image":[{"width":500,"height":500,"url":"https:\/\/fdasrl.it\/wp-content\/uploads\/2025\/01\/22331_3.jpg","type":"image\/jpeg"}],"twitter_card":"summary_large_image","twitter_misc":{"\u0627\u0644\u0633\u0639\u0631":"","\u0627\u0644\u062a\u0648\u0641\u0631":"\u0645\u062a\u0648\u0641\u0631 \u0641\u064a \u0627\u0644\u0645\u062e\u0632\u0648\u0646"},"schema":{"@context":"https:\/\/schema.org","@graph":[{"@type":"WebPage","@id":"https:\/\/fdasrl.it\/ar\/prodotto\/%d9%85%d8%b6%d8%ae%d8%a9-%d8%af%d9%88%d8%b1%d8%a7%d9%86-%d9%85%d8%b6%d8%a7%d8%af%d8%a9-%d9%84%d9%84%d8%aa%d8%ac%d9%85%d8%af\/","url":"https:\/\/fdasrl.it\/ar\/prodotto\/%d9%85%d8%b6%d8%ae%d8%a9-%d8%af%d9%88%d8%b1%d8%a7%d9%86-%d9%85%d8%b6%d8%a7%d8%af%d8%a9-%d9%84%d9%84%d8%aa%d8%ac%d9%85%d8%af\/","name":"\u0645\u0636\u062e\u0629 \u062f\u0648\u0631\u0627\u0646 \u0645\u0636\u0627\u062f\u0629 \u0644\u0644\u062a\u062c\u0645\u062f \u0628\u062a\u0631\u0643\u064a\u0628 \u0628\u0633\u064a\u0637 - FDA srl","isPartOf":{"@id":"https:\/\/fdasrl.it\/ar\/#website"},"primaryImageOfPage":{"@id":"https:\/\/fdasrl.it\/ar\/prodotto\/%d9%85%d8%b6%d8%ae%d8%a9-%d8%af%d9%88%d8%b1%d8%a7%d9%86-%d9%85%d8%b6%d8%a7%d8%af%d8%a9-%d9%84%d9%84%d8%aa%d8%ac%d9%85%d8%af\/#primaryimage"},"image":{"@id":"https:\/\/fdasrl.it\/ar\/prodotto\/%d9%85%d8%b6%d8%ae%d8%a9-%d8%af%d9%88%d8%b1%d8%a7%d9%86-%d9%85%d8%b6%d8%a7%d8%af%d8%a9-%d9%84%d9%84%d8%aa%d8%ac%d9%85%d8%af\/#primaryimage"},"thumbnailUrl":"https:\/\/fdasrl.it\/wp-content\/uploads\/2025\/01\/22331_3.jpg","datePublished":"2025-01-21T09:38:03+00:00","description":"\u0627\u0643\u062a\u0634\u0641 \u0645\u0636\u062e\u0629 \u0627\u0644\u062f\u0648\u0631\u0627\u0646 \u0627\u0644\u0645\u0636\u0627\u062f\u0629 \u0644\u0644\u062a\u062c\u0645\u062f AquaLine\u060c \u0627\u0644\u0645\u062b\u0627\u0644\u064a\u0629 \u0644\u062a\u0633\u062e\u064a\u0646 \u0627\u0644\u0645\u064a\u0627\u0647 \u0641\u064a \u0623\u062d\u0648\u0627\u0636 \u0627\u0644\u0634\u0631\u0628. \u0627\u0637\u0644\u0628 \u062d\u0644\u0643 \u0627\u0644\u0627\u062d\u062a\u0631\u0627\u0641\u064a \u0627\u0644\u064a\u0648\u0645!","breadcrumb":{"@id":"https:\/\/fdasrl.it\/ar\/prodotto\/%d9%85%d8%b6%d8%ae%d8%a9-%d8%af%d9%88%d8%b1%d8%a7%d9%86-%d9%85%d8%b6%d8%a7%d8%af%d8%a9-%d9%84%d9%84%d8%aa%d8%ac%d9%85%d8%af\/#breadcrumb"},"inLanguage":"ar","potentialAction":[{"@type":"ReadAction","target":["https:\/\/fdasrl.it\/ar\/prodotto\/%d9%85%d8%b6%d8%ae%d8%a9-%d8%af%d9%88%d8%b1%d8%a7%d9%86-%d9%85%d8%b6%d8%a7%d8%af%d8%a9-%d9%84%d9%84%d8%aa%d8%ac%d9%85%d8%af\/"]}]},{"@type":"ImageObject","inLanguage":"ar","@id":"https:\/\/fdasrl.it\/ar\/prodotto\/%d9%85%d8%b6%d8%ae%d8%a9-%d8%af%d9%88%d8%b1%d8%a7%d9%86-%d9%85%d8%b6%d8%a7%d8%af%d8%a9-%d9%84%d9%84%d8%aa%d8%ac%d9%85%d8%af\/#primaryimage","url":"https:\/\/fdasrl.it\/wp-content\/uploads\/2025\/01\/22331_3.jpg","contentUrl":"https:\/\/fdasrl.it\/wp-content\/uploads\/2025\/01\/22331_3.jpg","width":500,"height":500},{"@type":"BreadcrumbList","@id":"https:\/\/fdasrl.it\/ar\/prodotto\/%d9%85%d8%b6%d8%ae%d8%a9-%d8%af%d9%88%d8%b1%d8%a7%d9%86-%d9%85%d8%b6%d8%a7%d8%af%d8%a9-%d9%84%d9%84%d8%aa%d8%ac%d9%85%d8%af\/#breadcrumb","itemListElement":[{"@type":"ListItem","position":1,"name":"Home","item":"https:\/\/fdasrl.it\/ar\/%d8%a7%d9%84%d8%b1%d8%a6%d9%8a%d8%b3%d9%8a%d8%a9\/"},{"@type":"ListItem","position":2,"name":"\u0627\u0644\u0645\u062a\u062c\u0631","item":"https:\/\/fdasrl.it\/ar\/%d8%a7%d9%84%d9%85%d8%aa%d8%ac%d8%b1\/"},{"@type":"ListItem","position":3,"name":"\u0645\u0636\u062e\u0629 \u062f\u0648\u0631\u0627\u0646 \u0645\u0636\u0627\u062f\u0629 \u0644\u0644\u062a\u062c\u0645\u062f"}]},{"@type":"WebSite","@id":"https:\/\/fdasrl.it\/ar\/#website","url":"https:\/\/fdasrl.it\/ar\/","name":"FDA srl","description":"Equipment for animal husbandry","publisher":{"@id":"https:\/\/fdasrl.it\/ar\/#organization"},"potentialAction":[{"@type":"SearchAction","target":{"@type":"EntryPoint","urlTemplate":"https:\/\/fdasrl.it\/ar\/?s={search_term_string}"},"query-input":{"@type":"PropertyValueSpecification","valueRequired":true,"valueName":"search_term_string"}}],"inLanguage":"ar"},{"@type":"Organization","@id":"https:\/\/fdasrl.it\/ar\/#organization","name":"FDA srl","url":"https:\/\/fdasrl.it\/ar\/","logo":{"@type":"ImageObject","inLanguage":"ar","@id":"https:\/\/fdasrl.it\/ar\/#\/schema\/logo\/image\/","url":"https:\/\/fdasrl.it\/wp-content\/uploads\/2024\/12\/Logo-FDA.png","contentUrl":"https:\/\/fdasrl.it\/wp-content\/uploads\/2024\/12\/Logo-FDA.png","width":316,"height":119,"caption":"FDA srl"},"image":{"@id":"https:\/\/fdasrl.it\/ar\/#\/schema\/logo\/image\/"},"sameAs":["https:\/\/www.facebook.com\/share\/1MWhFWg1Tp\/?mibextid=LQQJ4d","https:\/\/www.instagram.com\/fda_srl\/profilecard\/?igsh=YW5lbzJ6MWg0d21u","https:\/\/www.youtube.com\/@FDASRL_ANIMALCARE"],"description":"FDA SRL \u2013 Equipment for animal husbandry nasce con l\u2019obiettivo di offrire soluzioni affidabili e innovative per l\u2019allevamento moderno. Con anni di esperienza nel settore zootecnico, progettiamo e realizziamo attrezzature destinate al benessere animale e alla gestione efficiente delle stalle: vasche, abbeveratoi, mangiatoie e sistemi di riscaldamento pensati per durare nel tempo e semplificare il lavoro quotidiano degli allevatori. Dalla progettazione alla produzione, ogni nostro prodotto \u00e8 studiato nei minimi dettagli, testato con cura e costruito per rispondere alle esigenze reali del settore. La nostra forza \u00e8 unire artigianalit\u00e0, tecnologia e competenza tecnica per trasformare ogni progetto in una soluzione concreta e funzionale. Oggi FDA SRL \u00e8 un punto di riferimento per privati e rivenditori che cercano qualit\u00e0, affidabilit\u00e0 e innovazione nelle attrezzature per l\u2019allevamento.","email":"info@fdasrl.it","telephone":"+390522826820","legalName":"F.D.A. SRL","foundingDate":"2024-10-13","vatID":"03075840359","taxID":"03075840359","numberOfEmployees":{"@type":"QuantitativeValue","minValue":"1","maxValue":"10"}}]},"product_price_currency":"EUR","og_availability":"instock","product_availability":"instock","product_retailer_item_id":"NEG-FABB0019","product_condition":"new"},"_links":{"self":[{"href":"https:\/\/fdasrl.it\/ar\/wp-json\/wp\/v2\/product\/3883","targetHints":{"allow":["GET"]}}],"collection":[{"href":"https:\/\/fdasrl.it\/ar\/wp-json\/wp\/v2\/product"}],"about":[{"href":"https:\/\/fdasrl.it\/ar\/wp-json\/wp\/v2\/types\/product"}],"replies":[{"embeddable":true,"href":"https:\/\/fdasrl.it\/ar\/wp-json\/wp\/v2\/comments?post=3883"}],"wp:featuredmedia":[{"embeddable":true,"href":"https:\/\/fdasrl.it\/ar\/wp-json\/wp\/v2\/media\/366"}],"wp:attachment":[{"href":"https:\/\/fdasrl.it\/ar\/wp-json\/wp\/v2\/media?parent=3883"}],"wp:term":[{"taxonomy":"product_brand","embeddable":true,"href":"https:\/\/fdasrl.it\/ar\/wp-json\/wp\/v2\/product_brand?post=3883"},{"taxonomy":"product_cat","embeddable":true,"href":"https:\/\/fdasrl.it\/ar\/wp-json\/wp\/v2\/product_cat?post=3883"},{"taxonomy":"product_tag","embeddable":true,"href":"https:\/\/fdasrl.it\/ar\/wp-json\/wp\/v2\/product_tag?post=3883"}],"curies":[{"name":"wp","href":"https:\/\/api.w.org\/{rel}","templated":true}]}}