{"id":3901,"date":"2025-01-21T10:56:42","date_gmt":"2025-01-21T09:56:42","guid":{"rendered":"https:\/\/fdasrl.it\/prodotto\/%d9%85%d8%b4%d8%b1%d8%a8-%d9%85%d8%a7%d8%a6%d9%84-%d8%a8%d8%ad%d9%88%d8%b6-%d9%85%d9%86-%d8%a7%d9%84%d9%81%d9%88%d9%84%d8%a7%d8%b0-%d8%a7%d9%84%d9%85%d9%82%d8%a7%d9%88%d9%85-%d9%84%d9%84%d8%b5%d8%af\/"},"modified":"2025-01-21T10:56:42","modified_gmt":"2025-01-21T09:56:42","slug":"%d9%85%d8%b4%d8%b1%d8%a8-%d9%85%d8%a7%d8%a6%d9%84-%d8%a8%d8%ad%d9%88%d8%b6-%d9%85%d9%86-%d8%a7%d9%84%d9%81%d9%88%d9%84%d8%a7%d8%b0-%d8%a7%d9%84%d9%85%d9%82%d8%a7%d9%88%d9%85-%d9%84%d9%84%d8%b5%d8%af","status":"publish","type":"product","link":"https:\/\/fdasrl.it\/ar\/prodotto\/%d9%85%d8%b4%d8%b1%d8%a8-%d9%85%d8%a7%d8%a6%d9%84-%d8%a8%d8%ad%d9%88%d8%b6-%d9%85%d9%86-%d8%a7%d9%84%d9%81%d9%88%d9%84%d8%a7%d8%b0-%d8%a7%d9%84%d9%85%d9%82%d8%a7%d9%88%d9%85-%d9%84%d9%84%d8%b5%d8%af\/","title":{"rendered":"\u0645\u0634\u0631\u0628 \u0645\u0627\u0626\u0644 \u0628\u062d\u0648\u0636 \u0645\u0646 \u0627\u0644\u0641\u0648\u0644\u0627\u0630 \u0627\u0644\u0645\u0642\u0627\u0648\u0645 \u0644\u0644\u0635\u062f\u0623 FA-V5"},"content":{"rendered":"<h3 data-start=\"119\" data-end=\"189\">\u0645\u0634\u0631\u0628 \u0623\u0648\u062a\u0648\u0645\u0627\u062a\u064a\u0643\u064a \u0628\u0645\u0633\u062a\u0648\u0649 \u062b\u0627\u0628\u062a \u0637\u0631\u0627\u0632 \u0645\u0627\u0626\u0644 FA-V5<\/h3>\n<p data-start=\"191\" data-end=\"400\">\u0627\u0644\u0645\u0634\u0631\u0628 \u0627\u0644\u0623\u0648\u062a\u0648\u0645\u0627\u062a\u064a\u0643\u064a <strong data-start=\"217\" data-end=\"226\">FA-V5<\/strong>\u060c \u0645\u062b\u0627\u0644\u064a <strong data-start=\"239\" data-end=\"259\">\u0644\u0644\u0623\u0628\u0642\u0627\u0631 \u0648\u0627\u0644\u062e\u064a\u0648\u0644<\/strong>\u060c \u0645\u0635\u0646\u0648\u0639 \u0628\u0627\u0644\u0643\u0627\u0645\u0644 \u0645\u0646 <strong data-start=\"289\" data-end=\"314\">\u0627\u0644\u0641\u0648\u0644\u0627\u0630 \u0627\u0644\u0645\u0642\u0627\u0648\u0645 \u0644\u0644\u0635\u062f\u0623 AISI 304<\/strong> \u0628\u0633\u064f\u0645\u0643 <strong data-start=\"328\" data-end=\"340\">15\/10 \u0645\u0645<\/strong>\u060c \u0636\u0645\u0627\u0646 \u0644\u0644\u0645\u062a\u0627\u0646\u0629 \u0648\u0627\u0644\u0646\u0638\u0627\u0641\u0629 \u0648\u0627\u0644\u0639\u0645\u0631 \u0627\u0644\u0637\u0648\u064a\u0644.<\/p>\n<p data-start=\"402\" data-end=\"637\">\u064a\u0636\u0645\u0646 <strong data-start=\"405\" data-end=\"424\">\u0627\u0644\u062d\u0648\u0636 \u0627\u0644\u0645\u0627\u0626\u0644<\/strong> <strong data-start=\"437\" data-end=\"464\">\u062a\u062f\u0641\u0642\u0627\u064b \u0645\u0633\u062a\u0645\u0631\u0627\u064b \u0644\u0644\u0645\u064a\u0627\u0647<\/strong>\u060c \u0628\u064a\u0646\u0645\u0627 \u062a\u0648\u0641\u0631 <strong data-start=\"475\" data-end=\"507\">\u0627\u0644\u062d\u0648\u0627\u0641 \u0627\u0644\u0645\u0633\u062a\u062f\u064a\u0631\u0629 \u0627\u0644\u0645\u0636\u0627\u062f\u0629 \u0644\u0644\u0642\u0637\u0639<\/strong> \u0623\u0642\u0635\u0649 \u062f\u0631\u062c\u0627\u062a \u0627\u0644\u0623\u0645\u0627\u0646 \u0644\u0644\u062d\u064a\u0648\u0627\u0646\u0627\u062a. <strong data-start=\"562\" data-end=\"582\">\u0627\u0644\u062a\u062b\u0628\u064a\u062a \u0639\u0644\u0649 \u0627\u0644\u062d\u0627\u0626\u0637<\/strong> \u0628\u0633\u064a\u0637 \u0648\u0633\u0631\u064a\u0639 \u0628\u0641\u0636\u0644 <strong data-start=\"615\" data-end=\"636\">\u0627\u0644\u0623\u0644\u0648\u0627\u062d \u0627\u0644\u0645\u062f\u0645\u062c\u0629<\/strong>. <\/p>\n<p data-start=\"639\" data-end=\"674\">\u2705 <strong data-start=\"641\" data-end=\"672\">\u0627\u0644\u0645\u064a\u0632\u0627\u062a \u0627\u0644\u0631\u0626\u064a\u0633\u064a\u0629:<\/strong><\/p>\n<ul data-start=\"675\" data-end=\"1084\">\n<li data-start=\"675\" data-end=\"722\">\n<p data-start=\"677\" data-end=\"722\">\u0645\u0642\u0635\u0648\u0631\u0629 \u0645\u0631\u0643\u0632\u064a\u0629 <strong data-start=\"704\" data-end=\"720\">\u0644\u0644\u0639\u0648\u0627\u0645\u0629<\/strong><\/p>\n<\/li>\n<li data-start=\"723\" data-end=\"755\">\n<p data-start=\"725\" data-end=\"755\"><strong data-start=\"725\" data-end=\"744\">\u0633\u0639\u0629 \u0627\u0644\u062d\u0648\u0636:<\/strong> 80 \u0644\u062a\u0631<\/p>\n<\/li>\n<li data-start=\"756\" data-end=\"795\">\n<p data-start=\"758\" data-end=\"795\"><strong data-start=\"758\" data-end=\"785\">\u0645\u062f\u062e\u0644 \u0645\u064a\u0627\u0647 \u062b\u0646\u0627\u0626\u064a \u0627\u0644\u0627\u062a\u062c\u0627\u0647<\/strong> 3\/4&#8243;<\/p>\n<\/li>\n<li data-start=\"796\" data-end=\"893\">\n<p data-start=\"798\" data-end=\"893\"><strong data-start=\"798\" data-end=\"822\">\u0636\u063a\u0637 \u0627\u0644\u062a\u062d\u0645\u0644:<\/strong> \u062d\u062a\u0649 10 \u0628\u0627\u0631 \u0645\u0639 \u0639\u0648\u0627\u0645\u062a\u064a\u0646 \u0645\u0631\u0641\u0642\u062a\u064a\u0646 \u0644\u0644\u0645\u0644\u0621 \u0627\u0644\u0633\u0631\u064a\u0639<\/p>\n<\/li>\n<li data-start=\"894\" data-end=\"938\">\n<p data-start=\"896\" data-end=\"938\"><strong data-start=\"896\" data-end=\"907\">\u0645\u0635\u0631\u0641<\/strong> 2&#8243; \u0644\u0633\u0647\u0648\u0644\u0629 \u0627\u0644\u062a\u0646\u0638\u064a\u0641<\/p>\n<\/li>\n<li data-start=\"939\" data-end=\"981\">\n<p data-start=\"941\" data-end=\"981\"><strong data-start=\"941\" data-end=\"956\">\u0627\u0644\u0623\u0628\u0639\u0627\u062f:<\/strong> \u0627\u0644\u0637\u0648\u0644 100 \u00d7 \u0627\u0644\u0639\u0645\u0642 40 \u00d7 \u0627\u0644\u0627\u0631\u062a\u0641\u0627\u0639 60 \u0633\u0645<\/p>\n<\/li>\n<li data-start=\"982\" data-end=\"1048\">\n<p data-start=\"984\" data-end=\"1048\">\u0625\u0645\u0643\u0627\u0646\u064a\u0629 <strong data-start=\"999\" data-end=\"1021\">\u0627\u0644\u062a\u062b\u0628\u064a\u062a \u0639\u0644\u0649 \u0627\u0644\u062d\u0627\u0626\u0637<\/strong> \u0628\u0648\u0627\u0633\u0637\u0629 \u0645\u0633\u0627\u0645\u064a\u0631 \u00d8 12 \u0645\u0645<\/p>\n<\/li>\n<li data-start=\"1049\" data-end=\"1084\">\n<p data-start=\"1051\" data-end=\"1084\"><strong data-start=\"1051\" data-end=\"1075\">\u0627\u0644\u0645\u0633\u0627\u062d\u0629 \u0627\u0644\u062e\u0644\u0641\u064a\u0629:<\/strong> 120 \u0633\u0645<\/p>\n<\/li>\n<li data-start=\"1049\" data-end=\"1084\">\u0645\u0632\u0648\u062f \u0628\u0635\u0645\u0627\u0645 \u0639\u0648\u0627\u0645\u0629 3\/4&#8243;<\/li>\n<\/ul>\n<p data-start=\"1086\" data-end=\"1218\">\u0645\u0646\u062a\u062c <strong data-start=\"1095\" data-end=\"1117\">100% \u0635\u0646\u0627\u0639\u0629 \u0625\u064a\u0637\u0627\u0644\u064a\u0629<\/strong>\u060c \u0645\u0635\u0645\u0645 \u0644\u0645\u0642\u0627\u0648\u0645\u0629 \u0627\u0644\u0638\u0631\u0648\u0641 \u0627\u0644\u0623\u0643\u062b\u0631 \u062a\u0637\u0644\u0628\u0627\u064b \u0648\u0636\u0645\u0627\u0646 \u0627\u0644\u0643\u0641\u0627\u0621\u0629 \u0648\u0627\u0644\u0645\u062a\u0627\u0646\u0629 \u0645\u0639 \u0645\u0631\u0648\u0631 \u0627\u0644\u0648\u0642\u062a.<\/p>\n<p data-start=\"1220\" data-end=\"1272\">\ud83d\udc49 \u0627\u0637\u0644\u0628 \u0633\u0639\u0631 \u0625\u0639\u0627\u062f\u0629 \u0627\u0644\u0628\u064a\u0639: <a href=\"mailto:info@fdasrl.it\">\u0627\u0646\u0642\u0631 \u0647\u0646\u0627<\/a><\/p>\n<p>\ud83d\udc49 \u0627\u0634\u062a\u0631\u0650\u0647 \u0645\u0646  <a href=\"https:\/\/fda-shop.it\/shop\/articoli-per-allevamento\/abbeveratoi\/abbeveratoio-vasca-automatico-bovini\" target=\"_blank\" rel=\"noopener\">\u0645\u062a\u062c\u0631\u0646\u0627 \u0627\u0644\u0625\u0644\u0643\u062a\u0631\u0648\u0646\u064a<\/a><\/p>\n","protected":false},"excerpt":{"rendered":"<p>\u0645\u0634\u0631\u0628 \u0623\u0648\u062a\u0648\u0645\u0627\u062a\u064a\u0643\u064a \u0628\u0645\u0633\u062a\u0648\u0649 \u062b\u0627\u0628\u062a \u0645\u0646 <strong data-start=\"142\" data-end=\"180\">\u0627\u0644\u0641\u0648\u0644\u0627\u0630 \u0627\u0644\u0645\u0642\u0627\u0648\u0645 \u0644\u0644\u0635\u062f\u0623 AISI 304 \u0633\u064f\u0645\u0643 15\/10 \u0645\u0645<\/strong>\u060c \u0645\u062b\u0627\u0644\u064a <strong data-start=\"193\" data-end=\"213\">\u0644\u0644\u0623\u0628\u0642\u0627\u0631 \u0648\u0627\u0644\u062e\u064a\u0648\u0644<\/strong>. \u0645\u0632\u0648\u062f <strong data-start=\"225\" data-end=\"254\">\u0628\u0635\u0645\u0627\u0645 \u0639\u0648\u0627\u0645\u0629 3\/4&#8243;<\/strong>\u060c \u062d\u0648\u0636 \u0645\u0627\u0626\u0644 \u0628\u0633\u0639\u0629 <strong data-start=\"275\" data-end=\"287\">80 \u0644\u062a\u0631<\/strong>\u060c \u0645\u0635\u0631\u0641 2&#8243; \u0648\u062a\u062b\u0628\u064a\u062a \u0639\u0644\u0649 \u0627\u0644\u062d\u0627\u0626\u0637. <strong data-start=\"325\" data-end=\"342\">\u0635\u0646\u0627\u0639\u0629 \u0625\u064a\u0637\u0627\u0644\u064a\u0629<\/strong>\u060c \u0645\u062a\u064a\u0646 \u0648\u0622\u0645\u0646. <\/p>\n","protected":false},"featured_media":660,"comment_status":"open","ping_status":"closed","template":"","meta":{"_et_pb_use_builder":"","_et_pb_old_content":"","_et_gb_content_width":""},"product_brand":[],"product_cat":[557,398,626,567,556],"product_tag":[937],"class_list":{"0":"post-3901","1":"product","2":"type-product","3":"status-publish","4":"has-post-thumbnail","6":"product_cat-557","7":"product_cat-398","8":"product_cat-626","9":"product_cat-567","10":"product_cat-556","11":"product_tag-fa-v5","13":"first","14":"instock","15":"shipping-taxable","16":"product-type-simple"},"yoast_head":"<!-- This site is optimized with the Yoast SEO Premium plugin v27.5 (Yoast SEO v27.5) - https:\/\/yoast.com\/product\/yoast-seo-premium-wordpress\/ -->\n<title>\u0645\u0634\u0631\u0628 \u0623\u0648\u062a\u0648\u0645\u0627\u062a\u064a\u0643\u064a \u0637\u0631\u0627\u0632 \u0645\u0627\u0626\u0644 FA-V5 \u0644\u0644\u0645\u0632\u0627\u0631\u0639 - FDA srl<\/title>\n<meta name=\"description\" content=\"\u0627\u0643\u062a\u0634\u0641 \u0627\u0644\u0645\u0634\u0631\u0628 \u0627\u0644\u0623\u0648\u062a\u0648\u0645\u0627\u062a\u064a\u0643\u064a \u0627\u0644\u0637\u0631\u0627\u0632 \u0627\u0644\u0645\u0627\u0626\u0644 FA-V5\u060c \u0645\u062b\u0627\u0644\u064a \u0644\u0644\u0623\u0628\u0642\u0627\u0631 \u0648\u0627\u0644\u062e\u064a\u0648\u0644! \u0645\u062a\u064a\u0646 \u0648\u0633\u0647\u0644 \u0627\u0644\u062a\u0631\u0643\u064a\u0628\u060c \u064a\u0636\u0645\u0646 \u0627\u0644\u0623\u0645\u0627\u0646 \ud83d\udca7\" \/>\n<meta name=\"robots\" content=\"index, follow, max-snippet:-1, max-image-preview:large, max-video-preview:-1\" \/>\n<link rel=\"canonical\" href=\"https:\/\/fdasrl.it\/ar\/prodotto\/%d9%85%d8%b4%d8%b1%d8%a8-%d9%85%d8%a7%d8%a6%d9%84-%d8%a8%d8%ad%d9%88%d8%b6-%d9%85%d9%86-%d8%a7%d9%84%d9%81%d9%88%d9%84%d8%a7%d8%b0-%d8%a7%d9%84%d9%85%d9%82%d8%a7%d9%88%d9%85-%d9%84%d9%84%d8%b5%d8%af\/\" \/>\n<meta property=\"og:locale\" content=\"ar_AR\" \/>\n<meta property=\"og:type\" content=\"article\" \/>\n<meta property=\"og:title\" content=\"\u0645\u0634\u0631\u0628 \u0645\u0627\u0626\u0644 \u0628\u062d\u0648\u0636 \u0645\u0646 \u0627\u0644\u0641\u0648\u0644\u0627\u0630 \u0627\u0644\u0645\u0642\u0627\u0648\u0645 \u0644\u0644\u0635\u062f\u0623 FA-V5\" \/>\n<meta property=\"og:description\" content=\"\u0627\u0643\u062a\u0634\u0641 \u0627\u0644\u0645\u0634\u0631\u0628 \u0627\u0644\u0623\u0648\u062a\u0648\u0645\u0627\u062a\u064a\u0643\u064a \u0627\u0644\u0637\u0631\u0627\u0632 \u0627\u0644\u0645\u0627\u0626\u0644 FA-V5\u060c \u0645\u062b\u0627\u0644\u064a \u0644\u0644\u0623\u0628\u0642\u0627\u0631 \u0648\u0627\u0644\u062e\u064a\u0648\u0644! \u0645\u062a\u064a\u0646 \u0648\u0633\u0647\u0644 \u0627\u0644\u062a\u0631\u0643\u064a\u0628\u060c \u064a\u0636\u0645\u0646 \u0627\u0644\u0623\u0645\u0627\u0646 \ud83d\udca7\" \/>\n<meta property=\"og:url\" content=\"https:\/\/fdasrl.it\/ar\/prodotto\/%d9%85%d8%b4%d8%b1%d8%a8-%d9%85%d8%a7%d8%a6%d9%84-%d8%a8%d8%ad%d9%88%d8%b6-%d9%85%d9%86-%d8%a7%d9%84%d9%81%d9%88%d9%84%d8%a7%d8%b0-%d8%a7%d9%84%d9%85%d9%82%d8%a7%d9%88%d9%85-%d9%84%d9%84%d8%b5%d8%af\/\" \/>\n<meta property=\"og:site_name\" content=\"FDA srl\" \/>\n<meta property=\"article:publisher\" content=\"https:\/\/www.facebook.com\/share\/1MWhFWg1Tp\/?mibextid=LQQJ4d\" \/>\n<meta property=\"og:image\" content=\"https:\/\/fdasrl.it\/wp-content\/uploads\/2025\/01\/Abbeveratoio-inclinato-inox-vasca-cavalli-mucche-favs5.jpeg\" \/>\n\t<meta property=\"og:image:width\" content=\"1000\" \/>\n\t<meta property=\"og:image:height\" content=\"571\" \/>\n\t<meta property=\"og:image:type\" content=\"image\/jpeg\" \/>\n<meta name=\"twitter:card\" content=\"summary_large_image\" \/>\n<meta name=\"twitter:label1\" content=\"\u0627\u0644\u0633\u0639\u0631\" \/>\n\t<meta name=\"twitter:data1\" content=\"\" \/>\n\t<meta name=\"twitter:label2\" content=\"\u0627\u0644\u062a\u0648\u0641\u0631\" \/>\n\t<meta name=\"twitter:data2\" content=\"\u0645\u062a\u0648\u0641\u0631 \u0641\u064a \u0627\u0644\u0645\u062e\u0632\u0648\u0646\" \/>\n<meta property=\"product:price:currency\" content=\"EUR\" \/>\n<meta property=\"og:availability\" content=\"instock\" \/>\n<meta property=\"product:availability\" content=\"instock\" \/>\n<meta property=\"product:retailer_item_id\" content=\"FA-V5\" \/>\n<meta property=\"product:condition\" content=\"new\" \/>\n<!-- \/ Yoast SEO Premium plugin. -->","yoast_head_json":{"title":"\u0645\u0634\u0631\u0628 \u0623\u0648\u062a\u0648\u0645\u0627\u062a\u064a\u0643\u064a \u0637\u0631\u0627\u0632 \u0645\u0627\u0626\u0644 FA-V5 \u0644\u0644\u0645\u0632\u0627\u0631\u0639 - FDA srl","description":"\u0627\u0643\u062a\u0634\u0641 \u0627\u0644\u0645\u0634\u0631\u0628 \u0627\u0644\u0623\u0648\u062a\u0648\u0645\u0627\u062a\u064a\u0643\u064a \u0627\u0644\u0637\u0631\u0627\u0632 \u0627\u0644\u0645\u0627\u0626\u0644 FA-V5\u060c \u0645\u062b\u0627\u0644\u064a \u0644\u0644\u0623\u0628\u0642\u0627\u0631 \u0648\u0627\u0644\u062e\u064a\u0648\u0644! \u0645\u062a\u064a\u0646 \u0648\u0633\u0647\u0644 \u0627\u0644\u062a\u0631\u0643\u064a\u0628\u060c \u064a\u0636\u0645\u0646 \u0627\u0644\u0623\u0645\u0627\u0646 \ud83d\udca7","robots":{"index":"index","follow":"follow","max-snippet":"max-snippet:-1","max-image-preview":"max-image-preview:large","max-video-preview":"max-video-preview:-1"},"canonical":"https:\/\/fdasrl.it\/ar\/prodotto\/%d9%85%d8%b4%d8%b1%d8%a8-%d9%85%d8%a7%d8%a6%d9%84-%d8%a8%d8%ad%d9%88%d8%b6-%d9%85%d9%86-%d8%a7%d9%84%d9%81%d9%88%d9%84%d8%a7%d8%b0-%d8%a7%d9%84%d9%85%d9%82%d8%a7%d9%88%d9%85-%d9%84%d9%84%d8%b5%d8%af\/","og_locale":"ar_AR","og_type":"article","og_title":"\u0645\u0634\u0631\u0628 \u0645\u0627\u0626\u0644 \u0628\u062d\u0648\u0636 \u0645\u0646 \u0627\u0644\u0641\u0648\u0644\u0627\u0630 \u0627\u0644\u0645\u0642\u0627\u0648\u0645 \u0644\u0644\u0635\u062f\u0623 FA-V5","og_description":"\u0627\u0643\u062a\u0634\u0641 \u0627\u0644\u0645\u0634\u0631\u0628 \u0627\u0644\u0623\u0648\u062a\u0648\u0645\u0627\u062a\u064a\u0643\u064a \u0627\u0644\u0637\u0631\u0627\u0632 \u0627\u0644\u0645\u0627\u0626\u0644 FA-V5\u060c \u0645\u062b\u0627\u0644\u064a \u0644\u0644\u0623\u0628\u0642\u0627\u0631 \u0648\u0627\u0644\u062e\u064a\u0648\u0644! \u0645\u062a\u064a\u0646 \u0648\u0633\u0647\u0644 \u0627\u0644\u062a\u0631\u0643\u064a\u0628\u060c \u064a\u0636\u0645\u0646 \u0627\u0644\u0623\u0645\u0627\u0646 \ud83d\udca7","og_url":"https:\/\/fdasrl.it\/ar\/prodotto\/%d9%85%d8%b4%d8%b1%d8%a8-%d9%85%d8%a7%d8%a6%d9%84-%d8%a8%d8%ad%d9%88%d8%b6-%d9%85%d9%86-%d8%a7%d9%84%d9%81%d9%88%d9%84%d8%a7%d8%b0-%d8%a7%d9%84%d9%85%d9%82%d8%a7%d9%88%d9%85-%d9%84%d9%84%d8%b5%d8%af\/","og_site_name":"FDA srl","article_publisher":"https:\/\/www.facebook.com\/share\/1MWhFWg1Tp\/?mibextid=LQQJ4d","og_image":[{"width":1000,"height":571,"url":"https:\/\/fdasrl.it\/wp-content\/uploads\/2025\/01\/Abbeveratoio-inclinato-inox-vasca-cavalli-mucche-favs5.jpeg","type":"image\/jpeg"}],"twitter_card":"summary_large_image","twitter_misc":{"\u0627\u0644\u0633\u0639\u0631":"","\u0627\u0644\u062a\u0648\u0641\u0631":"\u0645\u062a\u0648\u0641\u0631 \u0641\u064a \u0627\u0644\u0645\u062e\u0632\u0648\u0646"},"schema":{"@context":"https:\/\/schema.org","@graph":[{"@type":"WebPage","@id":"https:\/\/fdasrl.it\/ar\/prodotto\/%d9%85%d8%b4%d8%b1%d8%a8-%d9%85%d8%a7%d8%a6%d9%84-%d8%a8%d8%ad%d9%88%d8%b6-%d9%85%d9%86-%d8%a7%d9%84%d9%81%d9%88%d9%84%d8%a7%d8%b0-%d8%a7%d9%84%d9%85%d9%82%d8%a7%d9%88%d9%85-%d9%84%d9%84%d8%b5%d8%af\/","url":"https:\/\/fdasrl.it\/ar\/prodotto\/%d9%85%d8%b4%d8%b1%d8%a8-%d9%85%d8%a7%d8%a6%d9%84-%d8%a8%d8%ad%d9%88%d8%b6-%d9%85%d9%86-%d8%a7%d9%84%d9%81%d9%88%d9%84%d8%a7%d8%b0-%d8%a7%d9%84%d9%85%d9%82%d8%a7%d9%88%d9%85-%d9%84%d9%84%d8%b5%d8%af\/","name":"\u0645\u0634\u0631\u0628 \u0623\u0648\u062a\u0648\u0645\u0627\u062a\u064a\u0643\u064a \u0637\u0631\u0627\u0632 \u0645\u0627\u0626\u0644 FA-V5 \u0644\u0644\u0645\u0632\u0627\u0631\u0639 - FDA srl","isPartOf":{"@id":"https:\/\/fdasrl.it\/ar\/#website"},"primaryImageOfPage":{"@id":"https:\/\/fdasrl.it\/ar\/prodotto\/%d9%85%d8%b4%d8%b1%d8%a8-%d9%85%d8%a7%d8%a6%d9%84-%d8%a8%d8%ad%d9%88%d8%b6-%d9%85%d9%86-%d8%a7%d9%84%d9%81%d9%88%d9%84%d8%a7%d8%b0-%d8%a7%d9%84%d9%85%d9%82%d8%a7%d9%88%d9%85-%d9%84%d9%84%d8%b5%d8%af\/#primaryimage"},"image":{"@id":"https:\/\/fdasrl.it\/ar\/prodotto\/%d9%85%d8%b4%d8%b1%d8%a8-%d9%85%d8%a7%d8%a6%d9%84-%d8%a8%d8%ad%d9%88%d8%b6-%d9%85%d9%86-%d8%a7%d9%84%d9%81%d9%88%d9%84%d8%a7%d8%b0-%d8%a7%d9%84%d9%85%d9%82%d8%a7%d9%88%d9%85-%d9%84%d9%84%d8%b5%d8%af\/#primaryimage"},"thumbnailUrl":"https:\/\/fdasrl.it\/wp-content\/uploads\/2025\/01\/Abbeveratoio-inclinato-inox-vasca-cavalli-mucche-favs5.jpeg","datePublished":"2025-01-21T09:56:42+00:00","description":"\u0627\u0643\u062a\u0634\u0641 \u0627\u0644\u0645\u0634\u0631\u0628 \u0627\u0644\u0623\u0648\u062a\u0648\u0645\u0627\u062a\u064a\u0643\u064a \u0627\u0644\u0637\u0631\u0627\u0632 \u0627\u0644\u0645\u0627\u0626\u0644 FA-V5\u060c \u0645\u062b\u0627\u0644\u064a \u0644\u0644\u0623\u0628\u0642\u0627\u0631 \u0648\u0627\u0644\u062e\u064a\u0648\u0644! \u0645\u062a\u064a\u0646 \u0648\u0633\u0647\u0644 \u0627\u0644\u062a\u0631\u0643\u064a\u0628\u060c \u064a\u0636\u0645\u0646 \u0627\u0644\u0623\u0645\u0627\u0646 \ud83d\udca7","breadcrumb":{"@id":"https:\/\/fdasrl.it\/ar\/prodotto\/%d9%85%d8%b4%d8%b1%d8%a8-%d9%85%d8%a7%d8%a6%d9%84-%d8%a8%d8%ad%d9%88%d8%b6-%d9%85%d9%86-%d8%a7%d9%84%d9%81%d9%88%d9%84%d8%a7%d8%b0-%d8%a7%d9%84%d9%85%d9%82%d8%a7%d9%88%d9%85-%d9%84%d9%84%d8%b5%d8%af\/#breadcrumb"},"inLanguage":"ar","potentialAction":[{"@type":"ReadAction","target":["https:\/\/fdasrl.it\/ar\/prodotto\/%d9%85%d8%b4%d8%b1%d8%a8-%d9%85%d8%a7%d8%a6%d9%84-%d8%a8%d8%ad%d9%88%d8%b6-%d9%85%d9%86-%d8%a7%d9%84%d9%81%d9%88%d9%84%d8%a7%d8%b0-%d8%a7%d9%84%d9%85%d9%82%d8%a7%d9%88%d9%85-%d9%84%d9%84%d8%b5%d8%af\/"]}]},{"@type":"ImageObject","inLanguage":"ar","@id":"https:\/\/fdasrl.it\/ar\/prodotto\/%d9%85%d8%b4%d8%b1%d8%a8-%d9%85%d8%a7%d8%a6%d9%84-%d8%a8%d8%ad%d9%88%d8%b6-%d9%85%d9%86-%d8%a7%d9%84%d9%81%d9%88%d9%84%d8%a7%d8%b0-%d8%a7%d9%84%d9%85%d9%82%d8%a7%d9%88%d9%85-%d9%84%d9%84%d8%b5%d8%af\/#primaryimage","url":"https:\/\/fdasrl.it\/wp-content\/uploads\/2025\/01\/Abbeveratoio-inclinato-inox-vasca-cavalli-mucche-favs5.jpeg","contentUrl":"https:\/\/fdasrl.it\/wp-content\/uploads\/2025\/01\/Abbeveratoio-inclinato-inox-vasca-cavalli-mucche-favs5.jpeg","width":1000,"height":571,"caption":"\u0645\u0634\u0631\u0628-\u0645\u0627\u0626\u0644-\u0641\u0648\u0644\u0627\u0630-\u0645\u0642\u0627\u0648\u0645-\u0644\u0644\u0635\u062f\u0623-\u062d\u0648\u0636-\u062e\u064a\u0648\u0644-\u0623\u0628\u0642\u0627\u0631-favs5"},{"@type":"BreadcrumbList","@id":"https:\/\/fdasrl.it\/ar\/prodotto\/%d9%85%d8%b4%d8%b1%d8%a8-%d9%85%d8%a7%d8%a6%d9%84-%d8%a8%d8%ad%d9%88%d8%b6-%d9%85%d9%86-%d8%a7%d9%84%d9%81%d9%88%d9%84%d8%a7%d8%b0-%d8%a7%d9%84%d9%85%d9%82%d8%a7%d9%88%d9%85-%d9%84%d9%84%d8%b5%d8%af\/#breadcrumb","itemListElement":[{"@type":"ListItem","position":1,"name":"Home","item":"https:\/\/fdasrl.it\/ar\/%d8%a7%d9%84%d8%b1%d8%a6%d9%8a%d8%b3%d9%8a%d8%a9\/"},{"@type":"ListItem","position":2,"name":"\u0627\u0644\u0645\u062a\u062c\u0631","item":"https:\/\/fdasrl.it\/ar\/%d8%a7%d9%84%d9%85%d8%aa%d8%ac%d8%b1\/"},{"@type":"ListItem","position":3,"name":"\u0645\u0634\u0631\u0628 \u0645\u0627\u0626\u0644 \u0628\u062d\u0648\u0636 \u0645\u0646 \u0627\u0644\u0641\u0648\u0644\u0627\u0630 \u0627\u0644\u0645\u0642\u0627\u0648\u0645 \u0644\u0644\u0635\u062f\u0623 FA-V5"}]},{"@type":"WebSite","@id":"https:\/\/fdasrl.it\/ar\/#website","url":"https:\/\/fdasrl.it\/ar\/","name":"FDA srl","description":"Equipment for animal husbandry","publisher":{"@id":"https:\/\/fdasrl.it\/ar\/#organization"},"potentialAction":[{"@type":"SearchAction","target":{"@type":"EntryPoint","urlTemplate":"https:\/\/fdasrl.it\/ar\/?s={search_term_string}"},"query-input":{"@type":"PropertyValueSpecification","valueRequired":true,"valueName":"search_term_string"}}],"inLanguage":"ar"},{"@type":"Organization","@id":"https:\/\/fdasrl.it\/ar\/#organization","name":"FDA srl","url":"https:\/\/fdasrl.it\/ar\/","logo":{"@type":"ImageObject","inLanguage":"ar","@id":"https:\/\/fdasrl.it\/ar\/#\/schema\/logo\/image\/","url":"https:\/\/fdasrl.it\/wp-content\/uploads\/2024\/12\/Logo-FDA.png","contentUrl":"https:\/\/fdasrl.it\/wp-content\/uploads\/2024\/12\/Logo-FDA.png","width":316,"height":119,"caption":"FDA srl"},"image":{"@id":"https:\/\/fdasrl.it\/ar\/#\/schema\/logo\/image\/"},"sameAs":["https:\/\/www.facebook.com\/share\/1MWhFWg1Tp\/?mibextid=LQQJ4d","https:\/\/www.instagram.com\/fda_srl\/profilecard\/?igsh=YW5lbzJ6MWg0d21u","https:\/\/www.youtube.com\/@FDASRL_ANIMALCARE"],"description":"FDA SRL \u2013 Equipment for animal husbandry nasce con l\u2019obiettivo di offrire soluzioni affidabili e innovative per l\u2019allevamento moderno. Con anni di esperienza nel settore zootecnico, progettiamo e realizziamo attrezzature destinate al benessere animale e alla gestione efficiente delle stalle: vasche, abbeveratoi, mangiatoie e sistemi di riscaldamento pensati per durare nel tempo e semplificare il lavoro quotidiano degli allevatori. Dalla progettazione alla produzione, ogni nostro prodotto \u00e8 studiato nei minimi dettagli, testato con cura e costruito per rispondere alle esigenze reali del settore. La nostra forza \u00e8 unire artigianalit\u00e0, tecnologia e competenza tecnica per trasformare ogni progetto in una soluzione concreta e funzionale. Oggi FDA SRL \u00e8 un punto di riferimento per privati e rivenditori che cercano qualit\u00e0, affidabilit\u00e0 e innovazione nelle attrezzature per l\u2019allevamento.","email":"info@fdasrl.it","telephone":"+390522826820","legalName":"F.D.A. SRL","foundingDate":"2024-10-13","vatID":"03075840359","taxID":"03075840359","numberOfEmployees":{"@type":"QuantitativeValue","minValue":"1","maxValue":"10"}}]},"product_price_currency":"EUR","og_availability":"instock","product_availability":"instock","product_retailer_item_id":"FA-V5","product_condition":"new"},"_links":{"self":[{"href":"https:\/\/fdasrl.it\/ar\/wp-json\/wp\/v2\/product\/3901","targetHints":{"allow":["GET"]}}],"collection":[{"href":"https:\/\/fdasrl.it\/ar\/wp-json\/wp\/v2\/product"}],"about":[{"href":"https:\/\/fdasrl.it\/ar\/wp-json\/wp\/v2\/types\/product"}],"replies":[{"embeddable":true,"href":"https:\/\/fdasrl.it\/ar\/wp-json\/wp\/v2\/comments?post=3901"}],"wp:featuredmedia":[{"embeddable":true,"href":"https:\/\/fdasrl.it\/ar\/wp-json\/wp\/v2\/media\/660"}],"wp:attachment":[{"href":"https:\/\/fdasrl.it\/ar\/wp-json\/wp\/v2\/media?parent=3901"}],"wp:term":[{"taxonomy":"product_brand","embeddable":true,"href":"https:\/\/fdasrl.it\/ar\/wp-json\/wp\/v2\/product_brand?post=3901"},{"taxonomy":"product_cat","embeddable":true,"href":"https:\/\/fdasrl.it\/ar\/wp-json\/wp\/v2\/product_cat?post=3901"},{"taxonomy":"product_tag","embeddable":true,"href":"https:\/\/fdasrl.it\/ar\/wp-json\/wp\/v2\/product_tag?post=3901"}],"curies":[{"name":"wp","href":"https:\/\/api.w.org\/{rel}","templated":true}]}}