{"id":3906,"date":"2025-01-21T10:51:18","date_gmt":"2025-01-21T09:51:18","guid":{"rendered":"https:\/\/fdasrl.it\/prodotto\/%d9%85%d8%b4%d8%b1%d8%a8-%d8%a3%d9%88%d8%aa%d9%88%d9%85%d8%a7%d8%aa%d9%8a%d9%83%d9%8a-%d9%85%d8%a7%d8%a6%d9%84-%d8%a8%d8%ad%d9%88%d8%b6-%d9%85%d9%86-%d8%a7%d9%84%d9%81%d9%88%d9%84%d8%a7%d8%b0-%d8%a7\/"},"modified":"2025-01-21T10:51:18","modified_gmt":"2025-01-21T09:51:18","slug":"%d9%85%d8%b4%d8%b1%d8%a8-%d8%a3%d9%88%d8%aa%d9%88%d9%85%d8%a7%d8%aa%d9%8a%d9%83%d9%8a-%d9%85%d8%a7%d8%a6%d9%84-%d8%a8%d8%ad%d9%88%d8%b6-%d9%85%d9%86-%d8%a7%d9%84%d9%81%d9%88%d9%84%d8%a7%d8%b0-%d8%a7","status":"publish","type":"product","link":"https:\/\/fdasrl.it\/ar\/prodotto\/%d9%85%d8%b4%d8%b1%d8%a8-%d8%a3%d9%88%d8%aa%d9%88%d9%85%d8%a7%d8%aa%d9%8a%d9%83%d9%8a-%d9%85%d8%a7%d8%a6%d9%84-%d8%a8%d8%ad%d9%88%d8%b6-%d9%85%d9%86-%d8%a7%d9%84%d9%81%d9%88%d9%84%d8%a7%d8%b0-%d8%a7\/","title":{"rendered":"\u0645\u0634\u0631\u0628 \u0623\u0648\u062a\u0648\u0645\u0627\u062a\u064a\u0643\u064a \u0645\u0627\u0626\u0644 \u0628\u062d\u0648\u0636 \u0645\u0646 \u0627\u0644\u0641\u0648\u0644\u0627\u0630 \u0627\u0644\u0645\u0642\u0627\u0648\u0645 \u0644\u0644\u0635\u062f\u0623"},"content":{"rendered":"<h3 data-start=\"109\" data-end=\"179\">\u0645\u0634\u0631\u0628 \u0623\u0648\u062a\u0648\u0645\u0627\u062a\u064a\u0643\u064a \u0628\u0645\u0633\u062a\u0648\u0649 \u062b\u0627\u0628\u062a \u0637\u0631\u0627\u0632 \u0645\u0627\u0626\u0644 FA-V4<\/h3>\n<p data-start=\"181\" data-end=\"405\">\u0627\u0644\u0645\u0634\u0631\u0628 \u0627\u0644\u0623\u0648\u062a\u0648\u0645\u0627\u062a\u064a\u0643\u064a <strong data-start=\"207\" data-end=\"216\">FA-V4<\/strong>\u060c \u0645\u062b\u0627\u0644\u064a <strong data-start=\"229\" data-end=\"264\">\u0644\u0644\u0623\u0628\u0642\u0627\u0631 \u0648\u0627\u0644\u062e\u064a\u0648\u0644 \u0648\u0627\u0644\u0645\u0627\u0639\u0632 \u0648\u0627\u0644\u0623\u063a\u0646\u0627\u0645<\/strong>\u060c \u0645\u0635\u0646\u0648\u0639 \u0628\u0627\u0644\u0643\u0627\u0645\u0644 \u0645\u0646 <strong data-start=\"294\" data-end=\"319\">\u0627\u0644\u0641\u0648\u0644\u0627\u0630 \u0627\u0644\u0645\u0642\u0627\u0648\u0645 \u0644\u0644\u0635\u062f\u0623 AISI 304<\/strong> \u0628\u0633\u064f\u0645\u0643 <strong data-start=\"333\" data-end=\"345\">15\/10 \u0645\u0645<\/strong>\u060c \u0636\u0645\u0627\u0646 \u0644\u0644\u0645\u062a\u0627\u0646\u0629 \u0648\u0627\u0644\u0646\u0638\u0627\u0641\u0629 \u0648\u0627\u0644\u0639\u0645\u0631 \u0627\u0644\u0637\u0648\u064a\u0644.<\/p>\n<p data-start=\"407\" data-end=\"642\"><strong data-start=\"410\" data-end=\"429\">\u0627\u0644\u062d\u0648\u0636 \u0627\u0644\u0645\u0627\u0626\u0644<\/strong> \u064a\u0636\u0645\u0646 <strong data-start=\"442\" data-end=\"469\">\u062a\u062f\u0641\u0642\u0627\u064b \u0645\u0633\u062a\u0645\u0631\u0627\u064b \u0644\u0644\u0645\u0627\u0621<\/strong>\u060c \u0628\u064a\u0646\u0645\u0627 <strong data-start=\"480\" data-end=\"512\">\u0627\u0644\u062d\u0648\u0627\u0641 \u0627\u0644\u0645\u0633\u062a\u062f\u064a\u0631\u0629 \u0627\u0644\u0645\u0636\u0627\u062f\u0629 \u0644\u0644\u0642\u0637\u0639<\/strong> \u062a\u0636\u0645\u0646 \u0623\u0642\u0635\u0649 \u062f\u0631\u062c\u0627\u062a \u0627\u0644\u0623\u0645\u0627\u0646 \u0644\u0644\u062d\u064a\u0648\u0627\u0646\u0627\u062a. <strong data-start=\"567\" data-end=\"587\">\u0627\u0644\u062a\u062b\u0628\u064a\u062a \u0639\u0644\u0649 \u0627\u0644\u062d\u0627\u0626\u0637<\/strong> \u0628\u0633\u064a\u0637 \u0648\u0633\u0631\u064a\u0639 \u0628\u0641\u0636\u0644 <strong data-start=\"620\" data-end=\"641\">\u0627\u0644\u0623\u0644\u0648\u0627\u062d \u0627\u0644\u0645\u062f\u0645\u062c\u0629<\/strong>. <\/p>\n<p data-start=\"644\" data-end=\"679\">\u2705 <strong data-start=\"646\" data-end=\"677\">\u0627\u0644\u0645\u064a\u0632\u0627\u062a \u0627\u0644\u0631\u0626\u064a\u0633\u064a\u0629:<\/strong><\/p>\n<ul data-start=\"680\" data-end=\"1130\">\n<li data-start=\"680\" data-end=\"712\">\n<p data-start=\"682\" data-end=\"712\"><strong data-start=\"682\" data-end=\"701\">\u0633\u0639\u0629 \u0627\u0644\u062d\u0648\u0636:<\/strong> 45 \u0644\u062a\u0631<\/p>\n<\/li>\n<li data-start=\"713\" data-end=\"778\">\n<p data-start=\"715\" data-end=\"778\">\u0645\u0643\u0627\u0646 \u0644\u062a\u0631\u0643\u064a\u0628 <strong data-start=\"733\" data-end=\"749\">\u0627\u0644\u0639\u0648\u0627\u0645\u0629<\/strong> \u0639\u0644\u0649 \u0627\u0644\u062c\u0627\u0646\u0628 \u0627\u0644\u0623\u064a\u0633\u0631 \u0623\u0648 \u0627\u0644\u0623\u064a\u0645\u0646<\/p>\n<\/li>\n<li data-start=\"779\" data-end=\"872\">\n<p data-start=\"781\" data-end=\"872\"><strong data-start=\"781\" data-end=\"810\">\u0635\u0645\u0627\u0645 \u0639\u0648\u0627\u0645\u0629 3\/4&#8243;<\/strong> \u0645\u064f\u0636\u0645\u064e\u0651\u0646 \u0644\u0644\u062d\u0641\u0627\u0638 \u0639\u0644\u0649 \u0645\u0633\u062a\u0648\u0649 \u0627\u0644\u0645\u0627\u0621 \u062a\u0644\u0642\u0627\u0626\u064a\u0627\u064b<\/p>\n<\/li>\n<li data-start=\"873\" data-end=\"900\">\n<p data-start=\"875\" data-end=\"900\"><strong data-start=\"875\" data-end=\"893\">\u0645\u062f\u062e\u0644 \u0627\u0644\u0645\u0627\u0621:<\/strong> 3\/4&#8243;<\/p>\n<\/li>\n<li data-start=\"901\" data-end=\"943\">\n<p data-start=\"903\" data-end=\"943\"><strong data-start=\"903\" data-end=\"927\">\u0636\u063a\u0637 \u0627\u0644\u062a\u062d\u0645\u0644:<\/strong> \u062d\u062a\u0649 10 \u0628\u0627\u0631<\/p>\n<\/li>\n<li data-start=\"944\" data-end=\"985\">\n<p data-start=\"946\" data-end=\"985\"><strong data-start=\"946\" data-end=\"958\">\u0627\u0644\u0645\u0635\u0631\u0641:<\/strong> 2&#8243; \u0644\u0633\u0647\u0648\u0644\u0629 \u0627\u0644\u062a\u0646\u0638\u064a\u0641<\/p>\n<\/li>\n<li data-start=\"986\" data-end=\"1027\">\n<p data-start=\"988\" data-end=\"1027\"><strong data-start=\"988\" data-end=\"1003\">\u0627\u0644\u0623\u0628\u0639\u0627\u062f:<\/strong> \u0627\u0644\u0637\u0648\u0644 80 \u00d7 \u0627\u0644\u0639\u0645\u0642 30 \u00d7 \u0627\u0644\u0627\u0631\u062a\u0641\u0627\u0639 40 \u0633\u0645<\/p>\n<\/li>\n<li data-start=\"1028\" data-end=\"1094\">\n<p data-start=\"1030\" data-end=\"1094\">\u0625\u0645\u0643\u0627\u0646\u064a\u0629 <strong data-start=\"1045\" data-end=\"1067\">\u0627\u0644\u062a\u062b\u0628\u064a\u062a \u0639\u0644\u0649 \u0627\u0644\u062d\u0627\u0626\u0637<\/strong> \u0628\u0648\u0627\u0633\u0637\u0629 \u0645\u0633\u0627\u0645\u064a\u0631 \u00d8 12 \u0645\u0645<\/p>\n<\/li>\n<li data-start=\"1095\" data-end=\"1130\">\n<p data-start=\"1097\" data-end=\"1130\"><strong data-start=\"1097\" data-end=\"1121\">\u0627\u0644\u0645\u0633\u0627\u062d\u0629 \u0627\u0644\u062e\u0644\u0641\u064a\u0629:<\/strong> 100 \u0633\u0645<\/p>\n<\/li>\n<\/ul>\n<p data-start=\"1132\" data-end=\"1264\">\u0645\u0646\u062a\u062c <strong data-start=\"1141\" data-end=\"1163\">100% \u0635\u0646\u0627\u0639\u0629 \u0625\u064a\u0637\u0627\u0644\u064a\u0629<\/strong>\u060c \u0645\u0635\u0645\u0645 \u0644\u0645\u0642\u0627\u0648\u0645\u0629 \u0627\u0644\u0638\u0631\u0648\u0641 \u0627\u0644\u0623\u0643\u062b\u0631 \u0635\u0639\u0648\u0628\u0629 \u0648\u0636\u0645\u0627\u0646 \u0627\u0644\u0643\u0641\u0627\u0621\u0629 \u0648\u0627\u0644\u0645\u062a\u0627\u0646\u0629 \u0645\u0639 \u0645\u0631\u0648\u0631 \u0627\u0644\u0648\u0642\u062a.<\/p>\n<p data-start=\"1266\" data-end=\"1427\"><br data-start=\"1318\" data-end=\"1321\"><strong data-start=\"1321\" data-end=\"1337\">\ud83d\udc49 \u0627\u0644\u0645\u0648\u0632\u0639\u0648\u0646:<\/strong> \u0644\u0634\u0631\u0648\u0637 \u0625\u0639\u0627\u062f\u0629 \u0627\u0644\u0628\u064a\u0639 \u0642\u062f\u0650\u0651\u0645 \u0637\u0644\u0628\u0627\u064b \u0639\u0628\u0631 \u0627\u0644\u0628\u0631\u064a\u062f \u0627\u0644\u0625\u0644\u0643\u062a\u0631\u0648\u0646\u064a: <a href=\"mailto:info@fdasrl.it\">\u0627\u0636\u063a\u0637 \u0647\u0646\u0627.<\/a><\/p>\n<p data-start=\"1266\" data-end=\"1427\">\ud83d\udc49 \u0627\u0634\u062a\u0631\u0650\u0647 \u0645\u0646 <a href=\"https:\/\/fda-shop.it\/shop\/articoli-per-allevamento\/abbeveratoi\/abbeveratoio-automatico-bovini\" target=\"_blank\" rel=\"noopener\">\u0645\u062a\u062c\u0631\u0646\u0627 \u0627\u0644\u0625\u0644\u0643\u062a\u0631\u0648\u0646\u064a<\/a><\/p>\n","protected":false},"excerpt":{"rendered":"<p>\u0645\u0634\u0631\u0628 \u0623\u0648\u062a\u0648\u0645\u0627\u062a\u064a\u0643\u064a \u0628\u0645\u0633\u062a\u0648\u0649 \u062b\u0627\u0628\u062a \u0645\u0646 <strong data-start=\"1504\" data-end=\"1542\">\u0627\u0644\u0641\u0648\u0644\u0627\u0630 \u0627\u0644\u0645\u0642\u0627\u0648\u0645 \u0644\u0644\u0635\u062f\u0623 AISI 304 \u0633\u064f\u0645\u0643 15\/10 \u0645\u0645<\/strong>\u060c \u0645\u0639 \u062d\u0648\u0636 \u0645\u0627\u0626\u0644 \u0628\u0633\u0639\u0629 <strong data-start=\"1567\" data-end=\"1579\">45 \u0644\u062a\u0631<\/strong>\u060c <strong data-start=\"1581\" data-end=\"1610\">\u0635\u0645\u0627\u0645 \u0639\u0648\u0627\u0645\u0629 3\/4&#8243;<\/strong> \u0645\u064f\u0636\u0645\u064e\u0651\u0646 \u0648\u0645\u0635\u0631\u0641 2&#8243;. \u0645\u062b\u0627\u0644\u064a <strong data-start=\"1647\" data-end=\"1682\">\u0644\u0644\u0623\u0628\u0642\u0627\u0631 \u0648\u0627\u0644\u062e\u064a\u0648\u0644 \u0648\u0627\u0644\u0645\u0627\u0639\u0632 \u0648\u0627\u0644\u0623\u063a\u0646\u0627\u0645<\/strong>. <\/p>\n","protected":false},"featured_media":378,"comment_status":"open","ping_status":"closed","template":"","meta":{"_et_pb_use_builder":"","_et_pb_old_content":"","_et_gb_content_width":""},"product_brand":[],"product_cat":[557,398,387,626,567],"product_tag":[938],"class_list":{"0":"post-3906","1":"product","2":"type-product","3":"status-publish","4":"has-post-thumbnail","6":"product_cat-557","7":"product_cat-398","8":"product_cat-387","9":"product_cat-626","10":"product_cat-567","11":"product_tag-fa-v4","13":"first","14":"instock","15":"shipping-taxable","16":"product-type-simple"},"yoast_head":"<!-- This site is optimized with the Yoast SEO Premium plugin v27.5 (Yoast SEO v27.5) - https:\/\/yoast.com\/product\/yoast-seo-premium-wordpress\/ -->\n<title>\u0645\u0634\u0631\u0628 \u0645\u0627\u0626\u0644 \u0628\u062d\u0648\u0636 \u0645\u0646 \u0627\u0644\u0641\u0648\u0644\u0627\u0630 \u0627\u0644\u0645\u0642\u0627\u0648\u0645 \u0644\u0644\u0635\u062f\u0623 FA-V4 \u0644\u0644\u0623\u0628\u0642\u0627\u0631 \u0648\u0627\u0644\u062e\u064a\u0648\u0644 - FDA srl<\/title>\n<meta name=\"description\" content=\"\u0627\u0644\u0623\u0645\u0627\u0646 \u0648\u0627\u0644\u0643\u0641\u0627\u0621\u0629 \u0645\u0639 \u0627\u0644\u0645\u0634\u0631\u0628 \u0627\u0644\u0645\u0627\u0626\u0644 \u0628\u062d\u0648\u0636 \u0645\u0646 \u0627\u0644\u0641\u0648\u0644\u0627\u0630 \u0627\u0644\u0645\u0642\u0627\u0648\u0645 \u0644\u0644\u0635\u062f\u0623 FA-V4! \u0645\u062b\u0627\u0644\u064a \u0644\u0644\u0645\u0627\u0639\u0632 \u0648\u0627\u0644\u0623\u0628\u0642\u0627\u0631 \u0648\u0627\u0644\u0623\u063a\u0646\u0627\u0645\u060c \u0627\u062c\u0639\u0644 \u0627\u0644\u062a\u0631\u0628\u064a\u0629 \u0623\u0643\u062b\u0631 \u0633\u0647\u0648\u0644\u0629. \ud83d\udc04\" \/>\n<meta name=\"robots\" content=\"index, follow, max-snippet:-1, max-image-preview:large, max-video-preview:-1\" \/>\n<link rel=\"canonical\" href=\"https:\/\/fdasrl.it\/ar\/prodotto\/%d9%85%d8%b4%d8%b1%d8%a8-%d8%a3%d9%88%d8%aa%d9%88%d9%85%d8%a7%d8%aa%d9%8a%d9%83%d9%8a-%d9%85%d8%a7%d8%a6%d9%84-%d8%a8%d8%ad%d9%88%d8%b6-%d9%85%d9%86-%d8%a7%d9%84%d9%81%d9%88%d9%84%d8%a7%d8%b0-%d8%a7\/\" \/>\n<meta property=\"og:locale\" content=\"ar_AR\" \/>\n<meta property=\"og:type\" content=\"article\" \/>\n<meta property=\"og:title\" content=\"\u0645\u0634\u0631\u0628 \u0623\u0648\u062a\u0648\u0645\u0627\u062a\u064a\u0643\u064a \u0645\u0627\u0626\u0644 \u0628\u062d\u0648\u0636 \u0645\u0646 \u0627\u0644\u0641\u0648\u0644\u0627\u0630 \u0627\u0644\u0645\u0642\u0627\u0648\u0645 \u0644\u0644\u0635\u062f\u0623\" \/>\n<meta property=\"og:description\" content=\"\u0627\u0644\u0623\u0645\u0627\u0646 \u0648\u0627\u0644\u0643\u0641\u0627\u0621\u0629 \u0645\u0639 \u0627\u0644\u0645\u0634\u0631\u0628 \u0627\u0644\u0645\u0627\u0626\u0644 \u0628\u062d\u0648\u0636 \u0645\u0646 \u0627\u0644\u0641\u0648\u0644\u0627\u0630 \u0627\u0644\u0645\u0642\u0627\u0648\u0645 \u0644\u0644\u0635\u062f\u0623 FA-V4! \u0645\u062b\u0627\u0644\u064a \u0644\u0644\u0645\u0627\u0639\u0632 \u0648\u0627\u0644\u0623\u0628\u0642\u0627\u0631 \u0648\u0627\u0644\u0623\u063a\u0646\u0627\u0645\u060c \u0627\u062c\u0639\u0644 \u0627\u0644\u062a\u0631\u0628\u064a\u0629 \u0623\u0643\u062b\u0631 \u0633\u0647\u0648\u0644\u0629. \ud83d\udc04\" \/>\n<meta property=\"og:url\" content=\"https:\/\/fdasrl.it\/ar\/prodotto\/%d9%85%d8%b4%d8%b1%d8%a8-%d8%a3%d9%88%d8%aa%d9%88%d9%85%d8%a7%d8%aa%d9%8a%d9%83%d9%8a-%d9%85%d8%a7%d8%a6%d9%84-%d8%a8%d8%ad%d9%88%d8%b6-%d9%85%d9%86-%d8%a7%d9%84%d9%81%d9%88%d9%84%d8%a7%d8%b0-%d8%a7\/\" \/>\n<meta property=\"og:site_name\" content=\"FDA srl\" \/>\n<meta property=\"article:publisher\" content=\"https:\/\/www.facebook.com\/share\/1MWhFWg1Tp\/?mibextid=LQQJ4d\" \/>\n<meta property=\"og:image\" content=\"https:\/\/fdasrl.it\/wp-content\/uploads\/2025\/01\/FA-VS4_2.jpg\" \/>\n\t<meta property=\"og:image:width\" content=\"800\" \/>\n\t<meta property=\"og:image:height\" content=\"600\" \/>\n\t<meta property=\"og:image:type\" content=\"image\/jpeg\" \/>\n<meta name=\"twitter:card\" content=\"summary_large_image\" \/>\n<meta name=\"twitter:label1\" content=\"\u0627\u0644\u0633\u0639\u0631\" \/>\n\t<meta name=\"twitter:data1\" content=\"\" \/>\n\t<meta name=\"twitter:label2\" content=\"\u0627\u0644\u062a\u0648\u0641\u0631\" \/>\n\t<meta name=\"twitter:data2\" content=\"\u0645\u062a\u0648\u0641\u0631 \u0641\u064a \u0627\u0644\u0645\u062e\u0632\u0648\u0646\" \/>\n<meta property=\"product:price:currency\" content=\"EUR\" \/>\n<meta property=\"og:availability\" content=\"instock\" \/>\n<meta property=\"product:availability\" content=\"instock\" \/>\n<meta property=\"product:retailer_item_id\" content=\"FA-V4\" \/>\n<meta property=\"product:condition\" content=\"new\" \/>\n<!-- \/ Yoast SEO Premium plugin. -->","yoast_head_json":{"title":"\u0645\u0634\u0631\u0628 \u0645\u0627\u0626\u0644 \u0628\u062d\u0648\u0636 \u0645\u0646 \u0627\u0644\u0641\u0648\u0644\u0627\u0630 \u0627\u0644\u0645\u0642\u0627\u0648\u0645 \u0644\u0644\u0635\u062f\u0623 FA-V4 \u0644\u0644\u0623\u0628\u0642\u0627\u0631 \u0648\u0627\u0644\u062e\u064a\u0648\u0644 - FDA srl","description":"\u0627\u0644\u0623\u0645\u0627\u0646 \u0648\u0627\u0644\u0643\u0641\u0627\u0621\u0629 \u0645\u0639 \u0627\u0644\u0645\u0634\u0631\u0628 \u0627\u0644\u0645\u0627\u0626\u0644 \u0628\u062d\u0648\u0636 \u0645\u0646 \u0627\u0644\u0641\u0648\u0644\u0627\u0630 \u0627\u0644\u0645\u0642\u0627\u0648\u0645 \u0644\u0644\u0635\u062f\u0623 FA-V4! \u0645\u062b\u0627\u0644\u064a \u0644\u0644\u0645\u0627\u0639\u0632 \u0648\u0627\u0644\u0623\u0628\u0642\u0627\u0631 \u0648\u0627\u0644\u0623\u063a\u0646\u0627\u0645\u060c \u0627\u062c\u0639\u0644 \u0627\u0644\u062a\u0631\u0628\u064a\u0629 \u0623\u0643\u062b\u0631 \u0633\u0647\u0648\u0644\u0629. \ud83d\udc04","robots":{"index":"index","follow":"follow","max-snippet":"max-snippet:-1","max-image-preview":"max-image-preview:large","max-video-preview":"max-video-preview:-1"},"canonical":"https:\/\/fdasrl.it\/ar\/prodotto\/%d9%85%d8%b4%d8%b1%d8%a8-%d8%a3%d9%88%d8%aa%d9%88%d9%85%d8%a7%d8%aa%d9%8a%d9%83%d9%8a-%d9%85%d8%a7%d8%a6%d9%84-%d8%a8%d8%ad%d9%88%d8%b6-%d9%85%d9%86-%d8%a7%d9%84%d9%81%d9%88%d9%84%d8%a7%d8%b0-%d8%a7\/","og_locale":"ar_AR","og_type":"article","og_title":"\u0645\u0634\u0631\u0628 \u0623\u0648\u062a\u0648\u0645\u0627\u062a\u064a\u0643\u064a \u0645\u0627\u0626\u0644 \u0628\u062d\u0648\u0636 \u0645\u0646 \u0627\u0644\u0641\u0648\u0644\u0627\u0630 \u0627\u0644\u0645\u0642\u0627\u0648\u0645 \u0644\u0644\u0635\u062f\u0623","og_description":"\u0627\u0644\u0623\u0645\u0627\u0646 \u0648\u0627\u0644\u0643\u0641\u0627\u0621\u0629 \u0645\u0639 \u0627\u0644\u0645\u0634\u0631\u0628 \u0627\u0644\u0645\u0627\u0626\u0644 \u0628\u062d\u0648\u0636 \u0645\u0646 \u0627\u0644\u0641\u0648\u0644\u0627\u0630 \u0627\u0644\u0645\u0642\u0627\u0648\u0645 \u0644\u0644\u0635\u062f\u0623 FA-V4! \u0645\u062b\u0627\u0644\u064a \u0644\u0644\u0645\u0627\u0639\u0632 \u0648\u0627\u0644\u0623\u0628\u0642\u0627\u0631 \u0648\u0627\u0644\u0623\u063a\u0646\u0627\u0645\u060c \u0627\u062c\u0639\u0644 \u0627\u0644\u062a\u0631\u0628\u064a\u0629 \u0623\u0643\u062b\u0631 \u0633\u0647\u0648\u0644\u0629. \ud83d\udc04","og_url":"https:\/\/fdasrl.it\/ar\/prodotto\/%d9%85%d8%b4%d8%b1%d8%a8-%d8%a3%d9%88%d8%aa%d9%88%d9%85%d8%a7%d8%aa%d9%8a%d9%83%d9%8a-%d9%85%d8%a7%d8%a6%d9%84-%d8%a8%d8%ad%d9%88%d8%b6-%d9%85%d9%86-%d8%a7%d9%84%d9%81%d9%88%d9%84%d8%a7%d8%b0-%d8%a7\/","og_site_name":"FDA srl","article_publisher":"https:\/\/www.facebook.com\/share\/1MWhFWg1Tp\/?mibextid=LQQJ4d","og_image":[{"width":800,"height":600,"url":"https:\/\/fdasrl.it\/wp-content\/uploads\/2025\/01\/FA-VS4_2.jpg","type":"image\/jpeg"}],"twitter_card":"summary_large_image","twitter_misc":{"\u0627\u0644\u0633\u0639\u0631":"","\u0627\u0644\u062a\u0648\u0641\u0631":"\u0645\u062a\u0648\u0641\u0631 \u0641\u064a \u0627\u0644\u0645\u062e\u0632\u0648\u0646"},"schema":{"@context":"https:\/\/schema.org","@graph":[{"@type":"WebPage","@id":"https:\/\/fdasrl.it\/ar\/prodotto\/%d9%85%d8%b4%d8%b1%d8%a8-%d8%a3%d9%88%d8%aa%d9%88%d9%85%d8%a7%d8%aa%d9%8a%d9%83%d9%8a-%d9%85%d8%a7%d8%a6%d9%84-%d8%a8%d8%ad%d9%88%d8%b6-%d9%85%d9%86-%d8%a7%d9%84%d9%81%d9%88%d9%84%d8%a7%d8%b0-%d8%a7\/","url":"https:\/\/fdasrl.it\/ar\/prodotto\/%d9%85%d8%b4%d8%b1%d8%a8-%d8%a3%d9%88%d8%aa%d9%88%d9%85%d8%a7%d8%aa%d9%8a%d9%83%d9%8a-%d9%85%d8%a7%d8%a6%d9%84-%d8%a8%d8%ad%d9%88%d8%b6-%d9%85%d9%86-%d8%a7%d9%84%d9%81%d9%88%d9%84%d8%a7%d8%b0-%d8%a7\/","name":"\u0645\u0634\u0631\u0628 \u0645\u0627\u0626\u0644 \u0628\u062d\u0648\u0636 \u0645\u0646 \u0627\u0644\u0641\u0648\u0644\u0627\u0630 \u0627\u0644\u0645\u0642\u0627\u0648\u0645 \u0644\u0644\u0635\u062f\u0623 FA-V4 \u0644\u0644\u0623\u0628\u0642\u0627\u0631 \u0648\u0627\u0644\u062e\u064a\u0648\u0644 - FDA srl","isPartOf":{"@id":"https:\/\/fdasrl.it\/ar\/#website"},"primaryImageOfPage":{"@id":"https:\/\/fdasrl.it\/ar\/prodotto\/%d9%85%d8%b4%d8%b1%d8%a8-%d8%a3%d9%88%d8%aa%d9%88%d9%85%d8%a7%d8%aa%d9%8a%d9%83%d9%8a-%d9%85%d8%a7%d8%a6%d9%84-%d8%a8%d8%ad%d9%88%d8%b6-%d9%85%d9%86-%d8%a7%d9%84%d9%81%d9%88%d9%84%d8%a7%d8%b0-%d8%a7\/#primaryimage"},"image":{"@id":"https:\/\/fdasrl.it\/ar\/prodotto\/%d9%85%d8%b4%d8%b1%d8%a8-%d8%a3%d9%88%d8%aa%d9%88%d9%85%d8%a7%d8%aa%d9%8a%d9%83%d9%8a-%d9%85%d8%a7%d8%a6%d9%84-%d8%a8%d8%ad%d9%88%d8%b6-%d9%85%d9%86-%d8%a7%d9%84%d9%81%d9%88%d9%84%d8%a7%d8%b0-%d8%a7\/#primaryimage"},"thumbnailUrl":"https:\/\/fdasrl.it\/wp-content\/uploads\/2025\/01\/FA-VS4_2.jpg","datePublished":"2025-01-21T09:51:18+00:00","description":"\u0627\u0644\u0623\u0645\u0627\u0646 \u0648\u0627\u0644\u0643\u0641\u0627\u0621\u0629 \u0645\u0639 \u0627\u0644\u0645\u0634\u0631\u0628 \u0627\u0644\u0645\u0627\u0626\u0644 \u0628\u062d\u0648\u0636 \u0645\u0646 \u0627\u0644\u0641\u0648\u0644\u0627\u0630 \u0627\u0644\u0645\u0642\u0627\u0648\u0645 \u0644\u0644\u0635\u062f\u0623 FA-V4! \u0645\u062b\u0627\u0644\u064a \u0644\u0644\u0645\u0627\u0639\u0632 \u0648\u0627\u0644\u0623\u0628\u0642\u0627\u0631 \u0648\u0627\u0644\u0623\u063a\u0646\u0627\u0645\u060c \u0627\u062c\u0639\u0644 \u0627\u0644\u062a\u0631\u0628\u064a\u0629 \u0623\u0643\u062b\u0631 \u0633\u0647\u0648\u0644\u0629. \ud83d\udc04","breadcrumb":{"@id":"https:\/\/fdasrl.it\/ar\/prodotto\/%d9%85%d8%b4%d8%b1%d8%a8-%d8%a3%d9%88%d8%aa%d9%88%d9%85%d8%a7%d8%aa%d9%8a%d9%83%d9%8a-%d9%85%d8%a7%d8%a6%d9%84-%d8%a8%d8%ad%d9%88%d8%b6-%d9%85%d9%86-%d8%a7%d9%84%d9%81%d9%88%d9%84%d8%a7%d8%b0-%d8%a7\/#breadcrumb"},"inLanguage":"ar","potentialAction":[{"@type":"ReadAction","target":["https:\/\/fdasrl.it\/ar\/prodotto\/%d9%85%d8%b4%d8%b1%d8%a8-%d8%a3%d9%88%d8%aa%d9%88%d9%85%d8%a7%d8%aa%d9%8a%d9%83%d9%8a-%d9%85%d8%a7%d8%a6%d9%84-%d8%a8%d8%ad%d9%88%d8%b6-%d9%85%d9%86-%d8%a7%d9%84%d9%81%d9%88%d9%84%d8%a7%d8%b0-%d8%a7\/"]}]},{"@type":"ImageObject","inLanguage":"ar","@id":"https:\/\/fdasrl.it\/ar\/prodotto\/%d9%85%d8%b4%d8%b1%d8%a8-%d8%a3%d9%88%d8%aa%d9%88%d9%85%d8%a7%d8%aa%d9%8a%d9%83%d9%8a-%d9%85%d8%a7%d8%a6%d9%84-%d8%a8%d8%ad%d9%88%d8%b6-%d9%85%d9%86-%d8%a7%d9%84%d9%81%d9%88%d9%84%d8%a7%d8%b0-%d8%a7\/#primaryimage","url":"https:\/\/fdasrl.it\/wp-content\/uploads\/2025\/01\/FA-VS4_2.jpg","contentUrl":"https:\/\/fdasrl.it\/wp-content\/uploads\/2025\/01\/FA-VS4_2.jpg","width":800,"height":600},{"@type":"BreadcrumbList","@id":"https:\/\/fdasrl.it\/ar\/prodotto\/%d9%85%d8%b4%d8%b1%d8%a8-%d8%a3%d9%88%d8%aa%d9%88%d9%85%d8%a7%d8%aa%d9%8a%d9%83%d9%8a-%d9%85%d8%a7%d8%a6%d9%84-%d8%a8%d8%ad%d9%88%d8%b6-%d9%85%d9%86-%d8%a7%d9%84%d9%81%d9%88%d9%84%d8%a7%d8%b0-%d8%a7\/#breadcrumb","itemListElement":[{"@type":"ListItem","position":1,"name":"Home","item":"https:\/\/fdasrl.it\/ar\/%d8%a7%d9%84%d8%b1%d8%a6%d9%8a%d8%b3%d9%8a%d8%a9\/"},{"@type":"ListItem","position":2,"name":"\u0627\u0644\u0645\u062a\u062c\u0631","item":"https:\/\/fdasrl.it\/ar\/%d8%a7%d9%84%d9%85%d8%aa%d8%ac%d8%b1\/"},{"@type":"ListItem","position":3,"name":"\u0645\u0634\u0631\u0628 \u0623\u0648\u062a\u0648\u0645\u0627\u062a\u064a\u0643\u064a \u0645\u0627\u0626\u0644 \u0628\u062d\u0648\u0636 \u0645\u0646 \u0627\u0644\u0641\u0648\u0644\u0627\u0630 \u0627\u0644\u0645\u0642\u0627\u0648\u0645 \u0644\u0644\u0635\u062f\u0623"}]},{"@type":"WebSite","@id":"https:\/\/fdasrl.it\/ar\/#website","url":"https:\/\/fdasrl.it\/ar\/","name":"FDA srl","description":"Equipment for animal husbandry","publisher":{"@id":"https:\/\/fdasrl.it\/ar\/#organization"},"potentialAction":[{"@type":"SearchAction","target":{"@type":"EntryPoint","urlTemplate":"https:\/\/fdasrl.it\/ar\/?s={search_term_string}"},"query-input":{"@type":"PropertyValueSpecification","valueRequired":true,"valueName":"search_term_string"}}],"inLanguage":"ar"},{"@type":"Organization","@id":"https:\/\/fdasrl.it\/ar\/#organization","name":"FDA srl","url":"https:\/\/fdasrl.it\/ar\/","logo":{"@type":"ImageObject","inLanguage":"ar","@id":"https:\/\/fdasrl.it\/ar\/#\/schema\/logo\/image\/","url":"https:\/\/fdasrl.it\/wp-content\/uploads\/2024\/12\/Logo-FDA.png","contentUrl":"https:\/\/fdasrl.it\/wp-content\/uploads\/2024\/12\/Logo-FDA.png","width":316,"height":119,"caption":"FDA srl"},"image":{"@id":"https:\/\/fdasrl.it\/ar\/#\/schema\/logo\/image\/"},"sameAs":["https:\/\/www.facebook.com\/share\/1MWhFWg1Tp\/?mibextid=LQQJ4d","https:\/\/www.instagram.com\/fda_srl\/profilecard\/?igsh=YW5lbzJ6MWg0d21u","https:\/\/www.youtube.com\/@FDASRL_ANIMALCARE"],"description":"FDA SRL \u2013 Equipment for animal husbandry nasce con l\u2019obiettivo di offrire soluzioni affidabili e innovative per l\u2019allevamento moderno. Con anni di esperienza nel settore zootecnico, progettiamo e realizziamo attrezzature destinate al benessere animale e alla gestione efficiente delle stalle: vasche, abbeveratoi, mangiatoie e sistemi di riscaldamento pensati per durare nel tempo e semplificare il lavoro quotidiano degli allevatori. Dalla progettazione alla produzione, ogni nostro prodotto \u00e8 studiato nei minimi dettagli, testato con cura e costruito per rispondere alle esigenze reali del settore. La nostra forza \u00e8 unire artigianalit\u00e0, tecnologia e competenza tecnica per trasformare ogni progetto in una soluzione concreta e funzionale. Oggi FDA SRL \u00e8 un punto di riferimento per privati e rivenditori che cercano qualit\u00e0, affidabilit\u00e0 e innovazione nelle attrezzature per l\u2019allevamento.","email":"info@fdasrl.it","telephone":"+390522826820","legalName":"F.D.A. SRL","foundingDate":"2024-10-13","vatID":"03075840359","taxID":"03075840359","numberOfEmployees":{"@type":"QuantitativeValue","minValue":"1","maxValue":"10"}}]},"product_price_currency":"EUR","og_availability":"instock","product_availability":"instock","product_retailer_item_id":"FA-V4","product_condition":"new"},"_links":{"self":[{"href":"https:\/\/fdasrl.it\/ar\/wp-json\/wp\/v2\/product\/3906","targetHints":{"allow":["GET"]}}],"collection":[{"href":"https:\/\/fdasrl.it\/ar\/wp-json\/wp\/v2\/product"}],"about":[{"href":"https:\/\/fdasrl.it\/ar\/wp-json\/wp\/v2\/types\/product"}],"replies":[{"embeddable":true,"href":"https:\/\/fdasrl.it\/ar\/wp-json\/wp\/v2\/comments?post=3906"}],"wp:featuredmedia":[{"embeddable":true,"href":"https:\/\/fdasrl.it\/ar\/wp-json\/wp\/v2\/media\/378"}],"wp:attachment":[{"href":"https:\/\/fdasrl.it\/ar\/wp-json\/wp\/v2\/media?parent=3906"}],"wp:term":[{"taxonomy":"product_brand","embeddable":true,"href":"https:\/\/fdasrl.it\/ar\/wp-json\/wp\/v2\/product_brand?post=3906"},{"taxonomy":"product_cat","embeddable":true,"href":"https:\/\/fdasrl.it\/ar\/wp-json\/wp\/v2\/product_cat?post=3906"},{"taxonomy":"product_tag","embeddable":true,"href":"https:\/\/fdasrl.it\/ar\/wp-json\/wp\/v2\/product_tag?post=3906"}],"curies":[{"name":"wp","href":"https:\/\/api.w.org\/{rel}","templated":true}]}}