{"id":4044,"date":"2025-01-21T10:25:05","date_gmt":"2025-01-21T09:25:05","guid":{"rendered":"https:\/\/fdasrl.it\/prodotto\/%d9%85%d8%b4%d8%b1%d8%a8-%d8%ad%d8%b1%d8%a7%d8%b1%d9%8a-%d9%85%d8%b6%d8%a7%d8%af-%d9%84%d9%84%d8%aa%d8%ac%d9%85%d8%af-%d8%a8%d9%83%d8%b1%d8%a9-%d9%88%d8%a7%d8%ad%d8%af%d8%a9-fa-at-1\/"},"modified":"2025-01-21T10:25:05","modified_gmt":"2025-01-21T09:25:05","slug":"%d9%85%d8%b4%d8%b1%d8%a8-%d8%ad%d8%b1%d8%a7%d8%b1%d9%8a-%d9%85%d8%b6%d8%a7%d8%af-%d9%84%d9%84%d8%aa%d8%ac%d9%85%d8%af-%d8%a8%d9%83%d8%b1%d8%a9-%d9%88%d8%a7%d8%ad%d8%af%d8%a9-fa-at-1","status":"publish","type":"product","link":"https:\/\/fdasrl.it\/ar\/prodotto\/%d9%85%d8%b4%d8%b1%d8%a8-%d8%ad%d8%b1%d8%a7%d8%b1%d9%8a-%d9%85%d8%b6%d8%a7%d8%af-%d9%84%d9%84%d8%aa%d8%ac%d9%85%d8%af-%d8%a8%d9%83%d8%b1%d8%a9-%d9%88%d8%a7%d8%ad%d8%af%d8%a9-fa-at-1\/","title":{"rendered":"\u0645\u0634\u0631\u0628 \u062d\u0631\u0627\u0631\u064a \u0645\u0636\u0627\u062f \u0644\u0644\u062a\u062c\u0645\u062f \u0628\u0643\u0631\u0629 \u0648\u0627\u062d\u062f\u0629 FA-AT 1"},"content":{"rendered":"<h2 data-start=\"170\" data-end=\"250\">\u2744\ufe0f <strong data-start=\"176\" data-end=\"250\">\u0645\u0634\u0631\u0628 \u062d\u0631\u0627\u0631\u064a \u0645\u0636\u0627\u062f \u0644\u0644\u062a\u062c\u0645\u062f \u0628\u0643\u0631\u0629 \u0648\u0627\u062d\u062f\u0629 FA-AT 1 \u0644\u0644\u0623\u0628\u0642\u0627\u0631 \u0648\u0627\u0644\u062e\u064a\u0648\u0644<\/strong><\/h2>\n<p data-start=\"252\" data-end=\"655\">\u062a\u0645 \u062a\u0635\u0645\u064a\u0645 <strong data-start=\"254\" data-end=\"295\">\u0627\u0644\u0645\u0634\u0631\u0628 \u0627\u0644\u062d\u0631\u0627\u0631\u064a \u0627\u0644\u0645\u0636\u0627\u062f \u0644\u0644\u062a\u062c\u0645\u062f FA-AT 1<\/strong> \u0644\u062a\u0648\u0641\u064a\u0631 <strong data-start=\"321\" data-end=\"366\">\u0645\u064a\u0627\u0647 \u0645\u062a\u0627\u062d\u0629 \u062f\u0627\u0626\u0645\u064b\u0627 \u062d\u062a\u0649 \u0641\u064a \u0641\u0635\u0644 \u0627\u0644\u0634\u062a\u0627\u0621<\/strong>\u060c \u062f\u0648\u0646 \u0627\u0633\u062a\u062e\u062f\u0627\u0645 \u0627\u0644\u0643\u0647\u0631\u0628\u0627\u0621. \u0648\u0628\u0641\u0636\u0644 <strong data-start=\"407\" data-end=\"463\">\u0627\u0644\u0639\u0632\u0644 \u0628\u0631\u063a\u0648\u0629 \u0627\u0644\u0628\u0648\u0644\u064a \u064a\u0648\u0631\u064a\u062b\u0627\u0646 \u0639\u0627\u0644\u064a\u0629 \u0627\u0644\u0643\u062b\u0627\u0641\u0629<\/strong> \u0648<strong data-start=\"471\" data-end=\"500\">\u0627\u0644\u0647\u064a\u0643\u0644 \u0630\u0648 \u0627\u0644\u062c\u062f\u0627\u0631 \u0627\u0644\u0645\u0632\u062f\u0648\u062c<\/strong>\u060c \u0641\u0625\u0646\u0647 \u064a\u062d\u0627\u0641\u0638 \u0639\u0644\u0649 \u062f\u0631\u062c\u0629 \u062d\u0631\u0627\u0631\u0629 \u0645\u064a\u0627\u0647 \u0645\u0633\u062a\u0642\u0631\u0629 \u0628\u064a\u0646 <strong data-start=\"550\" data-end=\"573\">3 \u06485 \u062f\u0631\u062c\u0627\u062a \u0645\u0626\u0648\u064a\u0629 \u0641\u064a \u0627\u0644\u0634\u062a\u0627\u0621<\/strong> \u0648\u0628\u064a\u0646 <strong data-start=\"580\" data-end=\"604\">10 \u064812 \u062f\u0631\u062c\u0629 \u0645\u0626\u0648\u064a\u0629 \u0641\u064a \u0627\u0644\u0635\u064a\u0641<\/strong>\u060c \u0645\u0645\u0627 \u064a\u0636\u0645\u0646 <strong data-start=\"617\" data-end=\"654\">\u062d\u0645\u0627\u064a\u0629 \u0645\u0646 \u0627\u0644\u062a\u062c\u0645\u062f \u062d\u062a\u0649 -30 \u062f\u0631\u062c\u0629 \u0645\u0626\u0648\u064a\u0629<\/strong>. <\/p>\n<hr data-start=\"657\" data-end=\"660\">\n<h3 data-start=\"662\" data-end=\"697\">\ud83d\udc04 <strong data-start=\"669\" data-end=\"697\">\u0627\u0644\u0645\u0648\u0627\u0635\u0641\u0627\u062a \u0627\u0644\u0641\u0646\u064a\u0629<\/strong><\/h3>\n<ul data-start=\"699\" data-end=\"1229\">\n<li data-start=\"699\" data-end=\"723\">\n<p data-start=\"701\" data-end=\"723\"><strong data-start=\"701\" data-end=\"712\">\u0627\u0644\u0645\u0648\u062f\u064a\u0644<\/strong>: FA-AT 1<\/p>\n<\/li>\n<li data-start=\"724\" data-end=\"750\">\n<p data-start=\"726\" data-end=\"750\"><strong data-start=\"726\" data-end=\"738\">\u0627\u0644\u0633\u0639\u0629<\/strong>: 40 \u0644\u062a\u0631\u064b\u0627<\/p>\n<\/li>\n<li data-start=\"751\" data-end=\"784\">\n<p data-start=\"753\" data-end=\"784\"><strong data-start=\"753\" data-end=\"772\">\u062a\u062f\u0641\u0642 \u0627\u0644\u0635\u0645\u0627\u0645<\/strong>: 35 \u0644\u062a\u0631\/\u062f\u0642\u064a\u0642\u0629<\/p>\n<\/li>\n<li data-start=\"785\" data-end=\"841\">\n<p data-start=\"787\" data-end=\"841\"><strong data-start=\"787\" data-end=\"810\">\u0625\u0645\u062f\u0627\u062f \u0627\u0644\u0645\u064a\u0627\u0647<\/strong>: \u062a\u0648\u0635\u064a\u0644 \u0633\u0641\u0644\u064a 1\/2 \u0628\u0648\u0635\u0629<\/p>\n<\/li>\n<li data-start=\"842\" data-end=\"895\">\n<p data-start=\"844\" data-end=\"895\"><strong data-start=\"844\" data-end=\"874\">\u0646\u0638\u0627\u0645 \u0645\u0633\u062a\u0648\u0649 \u062b\u0627\u0628\u062a<\/strong> \u0628\u0643\u0631\u0629 \u0645\u0636\u0627\u062f\u0629 \u0644\u0644\u062a\u062c\u0645\u062f<\/p>\n<\/li>\n<li data-start=\"896\" data-end=\"951\">\n<p data-start=\"898\" data-end=\"951\"><strong data-start=\"898\" data-end=\"911\">\u0627\u0644\u0645\u0627\u062f\u0629<\/strong>: \u062c\u062f\u0627\u0631 \u0645\u0632\u062f\u0648\u062c \u0645\u0639\u0632\u0648\u0644 \u0628\u0627\u0644\u0628\u0648\u0644\u064a \u064a\u0648\u0631\u064a\u062b\u0627\u0646<\/p>\n<\/li>\n<li data-start=\"952\" data-end=\"1008\">\n<p data-start=\"954\" data-end=\"1008\"><strong data-start=\"954\" data-end=\"968\">\u0645\u0646\u0627\u0633\u0628 \u0644\u0640<\/strong>: \u062d\u062a\u0649 15 \u062d\u064a\u0648\u0627\u0646\u064b\u0627 (\u0627\u0644\u0623\u0628\u0642\u0627\u0631 \u0648\u0627\u0644\u062e\u064a\u0648\u0644)<\/p>\n<\/li>\n<li data-start=\"1009\" data-end=\"1046\">\n<p data-start=\"1011\" data-end=\"1046\"><strong data-start=\"1011\" data-end=\"1025\">\u0627\u0644\u0623\u0628\u0639\u0627\u062f<\/strong>: 60 \u00d7 70 \u00d7 52,5 \u0633\u0645<\/p>\n<\/li>\n<li data-start=\"1047\" data-end=\"1085\">\n<p data-start=\"1049\" data-end=\"1085\"><strong data-start=\"1049\" data-end=\"1067\">\u062a\u0641\u0631\u064a\u063a \u0633\u0631\u064a\u0639<\/strong>: \u0633\u062f\u0627\u062f\u0629 \u0628\u0642\u0637\u0631 100 \u0645\u0645<\/p>\n<\/li>\n<li data-start=\"1086\" data-end=\"1229\">\n<p data-start=\"1088\" data-end=\"1110\"><strong data-start=\"1088\" data-end=\"1109\">\u0627\u0644\u0645\u0644\u062d\u0642\u0627\u062a \u0627\u0644\u0645\u0634\u0645\u0648\u0644\u0629<\/strong>:<\/p>\n<ul data-start=\"1113\" data-end=\"1229\">\n<li data-start=\"1113\" data-end=\"1146\">\n<p data-start=\"1115\" data-end=\"1146\">\u0642\u0636\u0628\u0627\u0646 \u062a\u062b\u0628\u064a\u062a \u0623\u0631\u0636\u064a\u0629<\/p>\n<\/li>\n<li data-start=\"1149\" data-end=\"1176\">\n<p data-start=\"1151\" data-end=\"1176\">\u062d\u0644\u0642\u0627\u062a \u0625\u062d\u0643\u0627\u0645 \u0627\u062d\u062a\u064a\u0627\u0637\u064a\u0629<\/p>\n<\/li>\n<li data-start=\"1179\" data-end=\"1229\">\n<p data-start=\"1181\" data-end=\"1229\">\u0635\u0645\u0627\u0645 \u062a\u0641\u0631\u064a\u063a \u0645\u0639 \u062e\u0631\u0637\u0648\u0645 \u0645\u0631\u0646 \u0645\u0639\u0632\u0648\u0644<\/p>\n<\/li>\n<\/ul>\n<\/li>\n<\/ul>\n<hr data-start=\"1231\" data-end=\"1234\">\n<h3 data-start=\"1236\" data-end=\"1280\">\u2705 <strong data-start=\"1242\" data-end=\"1280\">\u0645\u0645\u064a\u0632\u0627\u062a \u0645\u0634\u0631\u0628 FA-AT 1<\/strong><\/h3>\n<ul data-start=\"1282\" data-end=\"1557\">\n<li data-start=\"1282\" data-end=\"1336\">\n<p data-start=\"1284\" data-end=\"1336\"><strong data-start=\"1284\" data-end=\"1309\">\u062a\u0634\u063a\u064a\u0644 \u0633\u0644\u0628\u064a<\/strong>: \u0628\u062f\u0648\u0646 \u0637\u0627\u0642\u0629 \u0643\u0647\u0631\u0628\u0627\u0626\u064a\u0629<\/p>\n<\/li>\n<li data-start=\"1337\" data-end=\"1408\">\n<p data-start=\"1339\" data-end=\"1408\"><strong data-start=\"1339\" data-end=\"1357\">\u0623\u0642\u0635\u0649 \u062f\u0631\u062c\u0627\u062a \u0627\u0644\u0646\u0638\u0627\u0641\u0629<\/strong>: \u064a\u0642\u0644\u0644 \u0645\u0646 \u0627\u0644\u0623\u0648\u0633\u0627\u062e \u0648\u062a\u0644\u0648\u062b \u0627\u0644\u0645\u064a\u0627\u0647<\/p>\n<\/li>\n<li data-start=\"1409\" data-end=\"1451\">\n<p data-start=\"1411\" data-end=\"1451\"><strong data-start=\"1411\" data-end=\"1449\">\u062d\u0645\u0627\u064a\u0629 \u0641\u0639\u0627\u0644\u0629 \u0636\u062f \u0627\u0644\u0635\u0642\u064a\u0639<\/strong><\/p>\n<\/li>\n<li data-start=\"1452\" data-end=\"1491\">\n<p data-start=\"1454\" data-end=\"1491\"><strong data-start=\"1454\" data-end=\"1489\">\u062a\u0631\u0643\u064a\u0628 \u0628\u0633\u064a\u0637 \u0648\u0622\u0645\u0646<\/strong><\/p>\n<\/li>\n<li data-start=\"1492\" data-end=\"1557\">\n<p data-start=\"1494\" data-end=\"1557\"><strong data-start=\"1494\" data-end=\"1557\">\u0645\u062b\u0627\u0644\u064a \u0644\u0644\u0645\u0631\u0627\u0639\u064a\u060c \u0648\u0627\u0644\u0623\u0633\u0648\u0627\u0631 \u0627\u0644\u062e\u0627\u0631\u062c\u064a\u0629\u060c \u0648\u0627\u0644\u062d\u0638\u0627\u0626\u0631 \u063a\u064a\u0631 \u0627\u0644\u0645\u062f\u0641\u0623\u0629<\/strong><\/p>\n<\/li>\n<\/ul>\n<p>\u0627\u0634\u062a\u0631\u0650\u0647 \u0645\u0646 <a href=\"https:\/\/fda-shop.it\/shop\/articoli-per-allevamento\/abbeveratoio-termico-antigelo-fa-at-1\" target=\"_blank\" rel=\"noopener\">\u0645\u062a\u062c\u0631\u0646\u0627 \u0627\u0644\u0625\u0644\u0643\u062a\u0631\u0648\u0646\u064a<\/a><\/p>\n","protected":false},"excerpt":{"rendered":"<p>\u0645\u0634\u0631\u0628 \u062d\u0631\u0627\u0631\u064a \u0645\u0636\u0627\u062f \u0644\u0644\u062a\u062c\u0645\u062f \u0628\u0643\u0631\u0629 \u0648\u0627\u062d\u062f\u0629 FA-AT 1 \u0633\u0639\u0629 40 \u0644\u062a\u0631\u064b\u0627. \u0644\u0644\u0623\u0628\u0642\u0627\u0631 \u0648\u0627\u0644\u062e\u064a\u0648\u0644\u060c \u0628\u062f\u0648\u0646 \u0643\u0647\u0631\u0628\u0627\u0621\u060c \u0641\u0639\u0627\u0644 \u062d\u062a\u0649 -30 \u062f\u0631\u062c\u0629 \u0645\u0626\u0648\u064a\u0629. \u0623\u0642\u0635\u0649 \u062f\u0631\u062c\u0627\u062a \u0627\u0644\u0646\u0638\u0627\u0641\u0629 \u0648\u0627\u0644\u0639\u0632\u0644.  <\/p>\n","protected":false},"featured_media":359,"comment_status":"open","ping_status":"closed","template":"","meta":{"_et_pb_use_builder":"","_et_pb_old_content":"","_et_gb_content_width":""},"product_brand":[],"product_cat":[926,398,626,567],"product_tag":[964],"class_list":{"0":"post-4044","1":"product","2":"type-product","3":"status-publish","4":"has-post-thumbnail","6":"product_cat-926","7":"product_cat-398","8":"product_cat-626","9":"product_cat-567","10":"product_tag-fa-at-1","12":"first","13":"instock","14":"shipping-taxable","15":"product-type-simple"},"yoast_head":"<!-- This site is optimized with the Yoast SEO Premium plugin v27.5 (Yoast SEO v27.5) - https:\/\/yoast.com\/product\/yoast-seo-premium-wordpress\/ -->\n<title>\u0645\u0634\u0631\u0628 \u0645\u0636\u0627\u062f \u0644\u0644\u062a\u062c\u0645\u062f \u0644\u0644\u062d\u0638\u0627\u0626\u0631 \u0648\u0627\u0644\u0645\u0631\u0627\u0639\u064a \u0644\u0644\u0634\u062a\u0627\u0621 \u0627\u0644\u0642\u0627\u0631\u0633 - FDA srl<\/title>\n<meta name=\"description\" content=\"\u0645\u0639 \u0627\u0644\u0645\u0634\u0631\u0628 \u0627\u0644\u0645\u0636\u0627\u062f \u0644\u0644\u062a\u062c\u0645\u062f \u0644\u0644\u062d\u0638\u0627\u0626\u0631 \u0648\u0627\u0644\u0645\u0631\u0627\u0639\u064a\u060c \u0644\u0646 \u062a\u0636\u0637\u0631 \u0644\u0644\u0642\u0644\u0642 \u0628\u0634\u0623\u0646 \u0627\u0644\u0635\u0642\u064a\u0639 \u0628\u0639\u062f \u0627\u0644\u0622\u0646. \u0627\u0643\u062a\u0634\u0641 \u0631\u0627\u062d\u0629 \u0645\u0646\u062a\u062c \u064a\u0639\u0645\u0644 \u0628\u062f\u0648\u0646 \u0627\u0633\u062a\u0647\u0644\u0627\u0643 \u0637\u0627\u0642\u0629!\" \/>\n<meta name=\"robots\" content=\"index, follow, max-snippet:-1, max-image-preview:large, max-video-preview:-1\" \/>\n<link rel=\"canonical\" href=\"https:\/\/fdasrl.it\/ar\/prodotto\/%d9%85%d8%b4%d8%b1%d8%a8-%d8%ad%d8%b1%d8%a7%d8%b1%d9%8a-%d9%85%d8%b6%d8%a7%d8%af-%d9%84%d9%84%d8%aa%d8%ac%d9%85%d8%af-%d8%a8%d9%83%d8%b1%d8%a9-%d9%88%d8%a7%d8%ad%d8%af%d8%a9-fa-at-1\/\" \/>\n<meta property=\"og:locale\" content=\"ar_AR\" \/>\n<meta property=\"og:type\" content=\"article\" \/>\n<meta property=\"og:title\" content=\"\u0645\u0634\u0631\u0628 \u062d\u0631\u0627\u0631\u064a \u0645\u0636\u0627\u062f \u0644\u0644\u062a\u062c\u0645\u062f \u0628\u0643\u0631\u0629 \u0648\u0627\u062d\u062f\u0629 FA-AT 1\" \/>\n<meta property=\"og:description\" content=\"\u0645\u0639 \u0627\u0644\u0645\u0634\u0631\u0628 \u0627\u0644\u0645\u0636\u0627\u062f \u0644\u0644\u062a\u062c\u0645\u062f \u0644\u0644\u062d\u0638\u0627\u0626\u0631 \u0648\u0627\u0644\u0645\u0631\u0627\u0639\u064a\u060c \u0644\u0646 \u062a\u0636\u0637\u0631 \u0644\u0644\u0642\u0644\u0642 \u0628\u0634\u0623\u0646 \u0627\u0644\u0635\u0642\u064a\u0639 \u0628\u0639\u062f \u0627\u0644\u0622\u0646. \u0627\u0643\u062a\u0634\u0641 \u0631\u0627\u062d\u0629 \u0645\u0646\u062a\u062c \u064a\u0639\u0645\u0644 \u0628\u062f\u0648\u0646 \u0627\u0633\u062a\u0647\u0644\u0627\u0643 \u0637\u0627\u0642\u0629!\" \/>\n<meta property=\"og:url\" content=\"https:\/\/fdasrl.it\/ar\/prodotto\/%d9%85%d8%b4%d8%b1%d8%a8-%d8%ad%d8%b1%d8%a7%d8%b1%d9%8a-%d9%85%d8%b6%d8%a7%d8%af-%d9%84%d9%84%d8%aa%d8%ac%d9%85%d8%af-%d8%a8%d9%83%d8%b1%d8%a9-%d9%88%d8%a7%d8%ad%d8%af%d8%a9-fa-at-1\/\" \/>\n<meta property=\"og:site_name\" content=\"FDA srl\" \/>\n<meta property=\"article:publisher\" content=\"https:\/\/www.facebook.com\/share\/1MWhFWg1Tp\/?mibextid=LQQJ4d\" \/>\n<meta property=\"og:image\" content=\"https:\/\/fdasrl.it\/wp-content\/uploads\/2025\/01\/FA-AT-1.jpg\" \/>\n\t<meta property=\"og:image:width\" content=\"705\" \/>\n\t<meta property=\"og:image:height\" content=\"640\" \/>\n\t<meta property=\"og:image:type\" content=\"image\/jpeg\" \/>\n<meta name=\"twitter:card\" content=\"summary_large_image\" \/>\n<meta name=\"twitter:label1\" content=\"\u0627\u0644\u0633\u0639\u0631\" \/>\n\t<meta name=\"twitter:data1\" content=\"\" \/>\n\t<meta name=\"twitter:label2\" content=\"\u0627\u0644\u062a\u0648\u0641\u0631\" \/>\n\t<meta name=\"twitter:data2\" content=\"\u0645\u062a\u0648\u0641\u0631 \u0641\u064a \u0627\u0644\u0645\u062e\u0632\u0648\u0646\" \/>\n<meta property=\"product:price:currency\" content=\"EUR\" \/>\n<meta property=\"og:availability\" content=\"instock\" \/>\n<meta property=\"product:availability\" content=\"instock\" \/>\n<meta property=\"product:retailer_item_id\" content=\"FA-AT1\" \/>\n<meta property=\"product:condition\" content=\"new\" \/>\n<!-- \/ Yoast SEO Premium plugin. -->","yoast_head_json":{"title":"\u0645\u0634\u0631\u0628 \u0645\u0636\u0627\u062f \u0644\u0644\u062a\u062c\u0645\u062f \u0644\u0644\u062d\u0638\u0627\u0626\u0631 \u0648\u0627\u0644\u0645\u0631\u0627\u0639\u064a \u0644\u0644\u0634\u062a\u0627\u0621 \u0627\u0644\u0642\u0627\u0631\u0633 - FDA srl","description":"\u0645\u0639 \u0627\u0644\u0645\u0634\u0631\u0628 \u0627\u0644\u0645\u0636\u0627\u062f \u0644\u0644\u062a\u062c\u0645\u062f \u0644\u0644\u062d\u0638\u0627\u0626\u0631 \u0648\u0627\u0644\u0645\u0631\u0627\u0639\u064a\u060c \u0644\u0646 \u062a\u0636\u0637\u0631 \u0644\u0644\u0642\u0644\u0642 \u0628\u0634\u0623\u0646 \u0627\u0644\u0635\u0642\u064a\u0639 \u0628\u0639\u062f \u0627\u0644\u0622\u0646. \u0627\u0643\u062a\u0634\u0641 \u0631\u0627\u062d\u0629 \u0645\u0646\u062a\u062c \u064a\u0639\u0645\u0644 \u0628\u062f\u0648\u0646 \u0627\u0633\u062a\u0647\u0644\u0627\u0643 \u0637\u0627\u0642\u0629!","robots":{"index":"index","follow":"follow","max-snippet":"max-snippet:-1","max-image-preview":"max-image-preview:large","max-video-preview":"max-video-preview:-1"},"canonical":"https:\/\/fdasrl.it\/ar\/prodotto\/%d9%85%d8%b4%d8%b1%d8%a8-%d8%ad%d8%b1%d8%a7%d8%b1%d9%8a-%d9%85%d8%b6%d8%a7%d8%af-%d9%84%d9%84%d8%aa%d8%ac%d9%85%d8%af-%d8%a8%d9%83%d8%b1%d8%a9-%d9%88%d8%a7%d8%ad%d8%af%d8%a9-fa-at-1\/","og_locale":"ar_AR","og_type":"article","og_title":"\u0645\u0634\u0631\u0628 \u062d\u0631\u0627\u0631\u064a \u0645\u0636\u0627\u062f \u0644\u0644\u062a\u062c\u0645\u062f \u0628\u0643\u0631\u0629 \u0648\u0627\u062d\u062f\u0629 FA-AT 1","og_description":"\u0645\u0639 \u0627\u0644\u0645\u0634\u0631\u0628 \u0627\u0644\u0645\u0636\u0627\u062f \u0644\u0644\u062a\u062c\u0645\u062f \u0644\u0644\u062d\u0638\u0627\u0626\u0631 \u0648\u0627\u0644\u0645\u0631\u0627\u0639\u064a\u060c \u0644\u0646 \u062a\u0636\u0637\u0631 \u0644\u0644\u0642\u0644\u0642 \u0628\u0634\u0623\u0646 \u0627\u0644\u0635\u0642\u064a\u0639 \u0628\u0639\u062f \u0627\u0644\u0622\u0646. \u0627\u0643\u062a\u0634\u0641 \u0631\u0627\u062d\u0629 \u0645\u0646\u062a\u062c \u064a\u0639\u0645\u0644 \u0628\u062f\u0648\u0646 \u0627\u0633\u062a\u0647\u0644\u0627\u0643 \u0637\u0627\u0642\u0629!","og_url":"https:\/\/fdasrl.it\/ar\/prodotto\/%d9%85%d8%b4%d8%b1%d8%a8-%d8%ad%d8%b1%d8%a7%d8%b1%d9%8a-%d9%85%d8%b6%d8%a7%d8%af-%d9%84%d9%84%d8%aa%d8%ac%d9%85%d8%af-%d8%a8%d9%83%d8%b1%d8%a9-%d9%88%d8%a7%d8%ad%d8%af%d8%a9-fa-at-1\/","og_site_name":"FDA srl","article_publisher":"https:\/\/www.facebook.com\/share\/1MWhFWg1Tp\/?mibextid=LQQJ4d","og_image":[{"width":705,"height":640,"url":"https:\/\/fdasrl.it\/wp-content\/uploads\/2025\/01\/FA-AT-1.jpg","type":"image\/jpeg"}],"twitter_card":"summary_large_image","twitter_misc":{"\u0627\u0644\u0633\u0639\u0631":"","\u0627\u0644\u062a\u0648\u0641\u0631":"\u0645\u062a\u0648\u0641\u0631 \u0641\u064a \u0627\u0644\u0645\u062e\u0632\u0648\u0646"},"schema":{"@context":"https:\/\/schema.org","@graph":[{"@type":"WebPage","@id":"https:\/\/fdasrl.it\/ar\/prodotto\/%d9%85%d8%b4%d8%b1%d8%a8-%d8%ad%d8%b1%d8%a7%d8%b1%d9%8a-%d9%85%d8%b6%d8%a7%d8%af-%d9%84%d9%84%d8%aa%d8%ac%d9%85%d8%af-%d8%a8%d9%83%d8%b1%d8%a9-%d9%88%d8%a7%d8%ad%d8%af%d8%a9-fa-at-1\/","url":"https:\/\/fdasrl.it\/ar\/prodotto\/%d9%85%d8%b4%d8%b1%d8%a8-%d8%ad%d8%b1%d8%a7%d8%b1%d9%8a-%d9%85%d8%b6%d8%a7%d8%af-%d9%84%d9%84%d8%aa%d8%ac%d9%85%d8%af-%d8%a8%d9%83%d8%b1%d8%a9-%d9%88%d8%a7%d8%ad%d8%af%d8%a9-fa-at-1\/","name":"\u0645\u0634\u0631\u0628 \u0645\u0636\u0627\u062f \u0644\u0644\u062a\u062c\u0645\u062f \u0644\u0644\u062d\u0638\u0627\u0626\u0631 \u0648\u0627\u0644\u0645\u0631\u0627\u0639\u064a \u0644\u0644\u0634\u062a\u0627\u0621 \u0627\u0644\u0642\u0627\u0631\u0633 - FDA srl","isPartOf":{"@id":"https:\/\/fdasrl.it\/ar\/#website"},"primaryImageOfPage":{"@id":"https:\/\/fdasrl.it\/ar\/prodotto\/%d9%85%d8%b4%d8%b1%d8%a8-%d8%ad%d8%b1%d8%a7%d8%b1%d9%8a-%d9%85%d8%b6%d8%a7%d8%af-%d9%84%d9%84%d8%aa%d8%ac%d9%85%d8%af-%d8%a8%d9%83%d8%b1%d8%a9-%d9%88%d8%a7%d8%ad%d8%af%d8%a9-fa-at-1\/#primaryimage"},"image":{"@id":"https:\/\/fdasrl.it\/ar\/prodotto\/%d9%85%d8%b4%d8%b1%d8%a8-%d8%ad%d8%b1%d8%a7%d8%b1%d9%8a-%d9%85%d8%b6%d8%a7%d8%af-%d9%84%d9%84%d8%aa%d8%ac%d9%85%d8%af-%d8%a8%d9%83%d8%b1%d8%a9-%d9%88%d8%a7%d8%ad%d8%af%d8%a9-fa-at-1\/#primaryimage"},"thumbnailUrl":"https:\/\/fdasrl.it\/wp-content\/uploads\/2025\/01\/FA-AT-1.jpg","datePublished":"2025-01-21T09:25:05+00:00","description":"\u0645\u0639 \u0627\u0644\u0645\u0634\u0631\u0628 \u0627\u0644\u0645\u0636\u0627\u062f \u0644\u0644\u062a\u062c\u0645\u062f \u0644\u0644\u062d\u0638\u0627\u0626\u0631 \u0648\u0627\u0644\u0645\u0631\u0627\u0639\u064a\u060c \u0644\u0646 \u062a\u0636\u0637\u0631 \u0644\u0644\u0642\u0644\u0642 \u0628\u0634\u0623\u0646 \u0627\u0644\u0635\u0642\u064a\u0639 \u0628\u0639\u062f \u0627\u0644\u0622\u0646. \u0627\u0643\u062a\u0634\u0641 \u0631\u0627\u062d\u0629 \u0645\u0646\u062a\u062c \u064a\u0639\u0645\u0644 \u0628\u062f\u0648\u0646 \u0627\u0633\u062a\u0647\u0644\u0627\u0643 \u0637\u0627\u0642\u0629!","breadcrumb":{"@id":"https:\/\/fdasrl.it\/ar\/prodotto\/%d9%85%d8%b4%d8%b1%d8%a8-%d8%ad%d8%b1%d8%a7%d8%b1%d9%8a-%d9%85%d8%b6%d8%a7%d8%af-%d9%84%d9%84%d8%aa%d8%ac%d9%85%d8%af-%d8%a8%d9%83%d8%b1%d8%a9-%d9%88%d8%a7%d8%ad%d8%af%d8%a9-fa-at-1\/#breadcrumb"},"inLanguage":"ar","potentialAction":[{"@type":"ReadAction","target":["https:\/\/fdasrl.it\/ar\/prodotto\/%d9%85%d8%b4%d8%b1%d8%a8-%d8%ad%d8%b1%d8%a7%d8%b1%d9%8a-%d9%85%d8%b6%d8%a7%d8%af-%d9%84%d9%84%d8%aa%d8%ac%d9%85%d8%af-%d8%a8%d9%83%d8%b1%d8%a9-%d9%88%d8%a7%d8%ad%d8%af%d8%a9-fa-at-1\/"]}]},{"@type":"ImageObject","inLanguage":"ar","@id":"https:\/\/fdasrl.it\/ar\/prodotto\/%d9%85%d8%b4%d8%b1%d8%a8-%d8%ad%d8%b1%d8%a7%d8%b1%d9%8a-%d9%85%d8%b6%d8%a7%d8%af-%d9%84%d9%84%d8%aa%d8%ac%d9%85%d8%af-%d8%a8%d9%83%d8%b1%d8%a9-%d9%88%d8%a7%d8%ad%d8%af%d8%a9-fa-at-1\/#primaryimage","url":"https:\/\/fdasrl.it\/wp-content\/uploads\/2025\/01\/FA-AT-1.jpg","contentUrl":"https:\/\/fdasrl.it\/wp-content\/uploads\/2025\/01\/FA-AT-1.jpg","width":705,"height":640,"caption":"\u0645\u0634\u0631\u0628 \u062d\u0631\u0627\u0631\u064a \u0645\u0636\u0627\u062f \u0644\u0644\u062a\u062c\u0645\u062f \u0628\u0643\u0631\u0629 \u0648\u0627\u062d\u062f\u0629 FA-AT 1 \u0644\u0644\u0623\u0628\u0642\u0627\u0631 \u0648\u0627\u0644\u062e\u064a\u0648\u0644"},{"@type":"BreadcrumbList","@id":"https:\/\/fdasrl.it\/ar\/prodotto\/%d9%85%d8%b4%d8%b1%d8%a8-%d8%ad%d8%b1%d8%a7%d8%b1%d9%8a-%d9%85%d8%b6%d8%a7%d8%af-%d9%84%d9%84%d8%aa%d8%ac%d9%85%d8%af-%d8%a8%d9%83%d8%b1%d8%a9-%d9%88%d8%a7%d8%ad%d8%af%d8%a9-fa-at-1\/#breadcrumb","itemListElement":[{"@type":"ListItem","position":1,"name":"Home","item":"https:\/\/fdasrl.it\/ar\/%d8%a7%d9%84%d8%b1%d8%a6%d9%8a%d8%b3%d9%8a%d8%a9\/"},{"@type":"ListItem","position":2,"name":"\u0627\u0644\u0645\u062a\u062c\u0631","item":"https:\/\/fdasrl.it\/ar\/%d8%a7%d9%84%d9%85%d8%aa%d8%ac%d8%b1\/"},{"@type":"ListItem","position":3,"name":"\u0645\u0634\u0631\u0628 \u062d\u0631\u0627\u0631\u064a \u0645\u0636\u0627\u062f \u0644\u0644\u062a\u062c\u0645\u062f \u0628\u0643\u0631\u0629 \u0648\u0627\u062d\u062f\u0629 FA-AT 1"}]},{"@type":"WebSite","@id":"https:\/\/fdasrl.it\/ar\/#website","url":"https:\/\/fdasrl.it\/ar\/","name":"FDA srl","description":"Equipment for animal husbandry","publisher":{"@id":"https:\/\/fdasrl.it\/ar\/#organization"},"potentialAction":[{"@type":"SearchAction","target":{"@type":"EntryPoint","urlTemplate":"https:\/\/fdasrl.it\/ar\/?s={search_term_string}"},"query-input":{"@type":"PropertyValueSpecification","valueRequired":true,"valueName":"search_term_string"}}],"inLanguage":"ar"},{"@type":"Organization","@id":"https:\/\/fdasrl.it\/ar\/#organization","name":"FDA srl","url":"https:\/\/fdasrl.it\/ar\/","logo":{"@type":"ImageObject","inLanguage":"ar","@id":"https:\/\/fdasrl.it\/ar\/#\/schema\/logo\/image\/","url":"https:\/\/fdasrl.it\/wp-content\/uploads\/2024\/12\/Logo-FDA.png","contentUrl":"https:\/\/fdasrl.it\/wp-content\/uploads\/2024\/12\/Logo-FDA.png","width":316,"height":119,"caption":"FDA srl"},"image":{"@id":"https:\/\/fdasrl.it\/ar\/#\/schema\/logo\/image\/"},"sameAs":["https:\/\/www.facebook.com\/share\/1MWhFWg1Tp\/?mibextid=LQQJ4d","https:\/\/www.instagram.com\/fda_srl\/profilecard\/?igsh=YW5lbzJ6MWg0d21u","https:\/\/www.youtube.com\/@FDASRL_ANIMALCARE"],"description":"FDA SRL \u2013 Equipment for animal husbandry nasce con l\u2019obiettivo di offrire soluzioni affidabili e innovative per l\u2019allevamento moderno. Con anni di esperienza nel settore zootecnico, progettiamo e realizziamo attrezzature destinate al benessere animale e alla gestione efficiente delle stalle: vasche, abbeveratoi, mangiatoie e sistemi di riscaldamento pensati per durare nel tempo e semplificare il lavoro quotidiano degli allevatori. Dalla progettazione alla produzione, ogni nostro prodotto \u00e8 studiato nei minimi dettagli, testato con cura e costruito per rispondere alle esigenze reali del settore. La nostra forza \u00e8 unire artigianalit\u00e0, tecnologia e competenza tecnica per trasformare ogni progetto in una soluzione concreta e funzionale. Oggi FDA SRL \u00e8 un punto di riferimento per privati e rivenditori che cercano qualit\u00e0, affidabilit\u00e0 e innovazione nelle attrezzature per l\u2019allevamento.","email":"info@fdasrl.it","telephone":"+390522826820","legalName":"F.D.A. SRL","foundingDate":"2024-10-13","vatID":"03075840359","taxID":"03075840359","numberOfEmployees":{"@type":"QuantitativeValue","minValue":"1","maxValue":"10"}}]},"product_price_currency":"EUR","og_availability":"instock","product_availability":"instock","product_retailer_item_id":"FA-AT1","product_condition":"new"},"_links":{"self":[{"href":"https:\/\/fdasrl.it\/ar\/wp-json\/wp\/v2\/product\/4044","targetHints":{"allow":["GET"]}}],"collection":[{"href":"https:\/\/fdasrl.it\/ar\/wp-json\/wp\/v2\/product"}],"about":[{"href":"https:\/\/fdasrl.it\/ar\/wp-json\/wp\/v2\/types\/product"}],"replies":[{"embeddable":true,"href":"https:\/\/fdasrl.it\/ar\/wp-json\/wp\/v2\/comments?post=4044"}],"wp:featuredmedia":[{"embeddable":true,"href":"https:\/\/fdasrl.it\/ar\/wp-json\/wp\/v2\/media\/359"}],"wp:attachment":[{"href":"https:\/\/fdasrl.it\/ar\/wp-json\/wp\/v2\/media?parent=4044"}],"wp:term":[{"taxonomy":"product_brand","embeddable":true,"href":"https:\/\/fdasrl.it\/ar\/wp-json\/wp\/v2\/product_brand?post=4044"},{"taxonomy":"product_cat","embeddable":true,"href":"https:\/\/fdasrl.it\/ar\/wp-json\/wp\/v2\/product_cat?post=4044"},{"taxonomy":"product_tag","embeddable":true,"href":"https:\/\/fdasrl.it\/ar\/wp-json\/wp\/v2\/product_tag?post=4044"}],"curies":[{"name":"wp","href":"https:\/\/api.w.org\/{rel}","templated":true}]}}