{"id":4113,"date":"2025-01-21T09:57:19","date_gmt":"2025-01-21T08:57:19","guid":{"rendered":"https:\/\/fdasrl.it\/prodotto\/%d9%85%d8%b4%d8%b1%d8%a8-%d9%85%d9%86-%d8%ad%d8%af%d9%8a%d8%af-%d8%a7%d9%84%d8%b2%d9%87%d8%b1-%d8%a8%d9%85%d8%b3%d8%aa%d9%88%d9%89-%d8%aa%d9%84%d9%82%d8%a7%d8%a6%d9%8a-%d9%84%d9%84%d8%a3%d8%a8%d9%82\/"},"modified":"2025-01-21T09:57:19","modified_gmt":"2025-01-21T08:57:19","slug":"%d9%85%d8%b4%d8%b1%d8%a8-%d9%85%d9%86-%d8%ad%d8%af%d9%8a%d8%af-%d8%a7%d9%84%d8%b2%d9%87%d8%b1-%d8%a8%d9%85%d8%b3%d8%aa%d9%88%d9%89-%d8%aa%d9%84%d9%82%d8%a7%d8%a6%d9%8a-%d9%84%d9%84%d8%a3%d8%a8%d9%82","status":"publish","type":"product","link":"https:\/\/fdasrl.it\/ar\/prodotto\/%d9%85%d8%b4%d8%b1%d8%a8-%d9%85%d9%86-%d8%ad%d8%af%d9%8a%d8%af-%d8%a7%d9%84%d8%b2%d9%87%d8%b1-%d8%a8%d9%85%d8%b3%d8%aa%d9%88%d9%89-%d8%aa%d9%84%d9%82%d8%a7%d8%a6%d9%8a-%d9%84%d9%84%d8%a3%d8%a8%d9%82\/","title":{"rendered":"\u0645\u0634\u0631\u0628 \u0645\u0646 \u062d\u062f\u064a\u062f \u0627\u0644\u0632\u0647\u0631 \u0628\u0645\u0633\u062a\u0648\u0649 \u062a\u0644\u0642\u0627\u0626\u064a \u0644\u0644\u0623\u0628\u0642\u0627\u0631 \u0648\u0627\u0644\u062e\u064a\u0648\u0644"},"content":{"rendered":"<h3 data-start=\"396\" data-end=\"488\">\u0645\u0634\u0631\u0628 \u0645\u0646 \u062d\u062f\u064a\u062f \u0627\u0644\u0632\u0647\u0631 \u0628\u0645\u0633\u062a\u0648\u0649 \u062b\u0627\u0628\u062a \u062a\u0644\u0642\u0627\u0626\u064a \u0633\u0639\u0629 4.5 \u0644\u062a\u0631 \u0644\u0644\u0623\u0628\u0642\u0627\u0631 \u0648\u0627\u0644\u062e\u064a\u0648\u0644 \u2013 \u0637\u0631\u0627\u0632 FDA<\/h3>\n<h4 data-start=\"490\" data-end=\"780\">\u064a\u064f\u0639\u062f \u0645\u0634\u0631\u0628 FDA \u0627\u0644\u062a\u0644\u0642\u0627\u0626\u064a \u0627\u0644\u062d\u0644 \u0627\u0644\u0623\u0645\u062b\u0644 \u0644\u0636\u0645\u0627\u0646 \u0625\u0645\u062f\u0627\u062f \u0645\u0633\u062a\u0645\u0631 \u0648\u0622\u0645\u0646 \u0644\u0644\u0645\u064a\u0627\u0647 \u0644\u0644\u0623\u0628\u0642\u0627\u0631 \u0648\u0627\u0644\u062e\u064a\u0648\u0644.<\/h4>\n<p data-start=\"490\" data-end=\"780\">\u0635\u064f\u0646\u0639 \u0645\u0646 <strong data-start=\"639\" data-end=\"700\">\u062d\u062f\u064a\u062f \u0627\u0644\u0632\u0647\u0631 \u0627\u0644\u0645\u0637\u0644\u064a \u0628\u0627\u0644\u0645\u064a\u0646\u0627 \u0648\u0627\u0644\u0645\u0639\u0627\u0644\u062c \u0628\u0627\u0644\u0637\u0644\u0627\u0621 \u0627\u0644\u0643\u0647\u0631\u0628\u0627\u0626\u064a (\u0643\u0627\u062a\u0627\u0641\u0648\u0631\u064a\u0633\u064a\u0633)<\/strong>\u060c \u0648\u0647\u0648 \u0645\u0635\u0645\u0645 \u0644\u064a\u062f\u0648\u0645 \u0637\u0648\u064a\u0644\u0627\u064b \u062d\u062a\u0649 \u0641\u064a \u0627\u0644\u0628\u064a\u0626\u0627\u062a \u0627\u0644\u062d\u064a\u0648\u0627\u0646\u064a\u0629 \u0627\u0644\u0642\u0627\u0633\u064a\u0629.<\/p>\n<p data-start=\"782\" data-end=\"1116\">\u0645\u0632\u0648\u062f \u0628\u0640 <strong data-start=\"792\" data-end=\"843\">\u0635\u0645\u0627\u0645 \u0639\u0648\u0627\u0645\u0629 FAR 16P \u0628\u0643\u0631\u0629 \u0642\u0627\u0628\u0644\u0629 \u0644\u0644\u062a\u0639\u062f\u064a\u0644<\/strong>\u060c \u064a\u062d\u0627\u0641\u0638 \u062a\u0644\u0642\u0627\u0626\u064a\u0627\u064b \u0639\u0644\u0649 \u0645\u0633\u062a\u0648\u0649 \u062b\u0627\u0628\u062a \u0644\u0644\u0645\u064a\u0627\u0647\u060c \u0645\u0645\u0627 \u064a\u0642\u0644\u0644 \u0627\u0644\u0647\u062f\u0631 \u0648\u0627\u0644\u062a\u062f\u062e\u0644 \u0627\u0644\u064a\u062f\u0648\u064a. \u062a\u0648\u0641\u0631 <strong data-start=\"945\" data-end=\"979\">\u0627\u0644\u062d\u0645\u0627\u064a\u0629 \u0627\u0644\u0645\u0635\u0646\u0648\u0639\u0629 \u0645\u0646 \u0627\u0644\u0641\u0648\u0644\u0627\u0630 \u0627\u0644\u0645\u0642\u0627\u0648\u0645 \u0644\u0644\u0635\u062f\u0623 304<\/strong> \u0645\u062a\u0627\u0646\u0629 \u0648\u0646\u0638\u0627\u0641\u0629 \u0625\u0636\u0627\u0641\u064a\u0629\u060c \u0628\u064a\u0646\u0645\u0627 \u062a\u062a\u064a\u062d <strong data-start=\"1030\" data-end=\"1060\">\u0633\u062f\u0627\u062f\u0629 \u0627\u0644\u062a\u0635\u0631\u064a\u0641 \u0627\u0644\u0645\u062f\u0645\u062c\u0629<\/strong> \u062a\u0646\u0638\u064a\u0641\u0627\u064b \u0633\u0631\u064a\u0639\u0627\u064b \u0648\u0633\u0647\u0644\u0627\u064b \u0644\u0644\u062d\u0648\u0636. <\/p>\n<p data-start=\"1118\" data-end=\"1253\">\u0628\u0641\u0636\u0644 <strong data-start=\"1128\" data-end=\"1157\">\u0627\u0644\u062a\u0635\u0645\u064a\u0645 \u0627\u0644\u0645\u062f\u0645\u062c \u0648\u0627\u0644\u0645\u062a\u064a\u0646<\/strong>\u060c \u064a\u0645\u0643\u0646 \u062a\u0631\u0643\u064a\u0628 \u0627\u0644\u0645\u0634\u0631\u0628 \u0639\u0644\u0649 <strong data-start=\"1198\" data-end=\"1222\">\u0627\u0644\u062c\u062f\u0627\u0631 \u0623\u0648 \u0639\u0644\u0649 \u0639\u0645\u0648\u062f<\/strong>\u060c \u0645\u0639 \u0645\u062f\u062e\u0644 \u0645\u064a\u0627\u0647 \u0645\u0646 \u0627\u0644\u0623\u0633\u0641\u0644.<\/p>\n<hr data-start=\"1255\" data-end=\"1258\">\n<h3 data-start=\"1260\" data-end=\"1292\">\u2699\ufe0f \u0627\u0644\u0645\u0648\u0627\u0635\u0641\u0627\u062a \u0627\u0644\u0641\u0646\u064a\u0629:<\/h3>\n<ul data-start=\"1294\" data-end=\"1681\">\n<li data-start=\"1294\" data-end=\"1321\">\n<p data-start=\"1296\" data-end=\"1321\"><strong data-start=\"1296\" data-end=\"1308\">\u0627\u0644\u0633\u0639\u0629<\/strong>: 4.5 \u0644\u062a\u0631<\/p>\n<\/li>\n<li data-start=\"1322\" data-end=\"1378\">\n<p data-start=\"1324\" data-end=\"1378\"><strong data-start=\"1324\" data-end=\"1337\">\u0627\u0644\u0645\u0627\u062f\u0629<\/strong>: \u062d\u062f\u064a\u062f \u0632\u0647\u0631 \u0645\u0637\u0644\u064a \u0628\u0627\u0644\u0645\u064a\u0646\u0627\u060c \u0641\u0648\u0644\u0627\u0630 \u0645\u0642\u0627\u0648\u0645 \u0644\u0644\u0635\u062f\u0623 AISI 304<\/p>\n<\/li>\n<li data-start=\"1379\" data-end=\"1433\">\n<p data-start=\"1381\" data-end=\"1433\"><strong data-start=\"1381\" data-end=\"1392\">\u0627\u0644\u0635\u0645\u0627\u0645<\/strong>: FAR 16P \u0628\u0645\u0633\u062a\u0648\u0649 \u062b\u0627\u0628\u062a \u0642\u0627\u0628\u0644 \u0644\u0644\u062a\u0639\u062f\u064a\u0644<\/p>\n<\/li>\n<li data-start=\"1434\" data-end=\"1452\">\n<p data-start=\"1436\" data-end=\"1452\"><strong data-start=\"1436\" data-end=\"1444\">\u0627\u0644\u0648\u0632\u0646<\/strong>: 7 \u0643\u062c\u0645<\/p>\n<\/li>\n<li data-start=\"1453\" data-end=\"1494\">\n<p data-start=\"1455\" data-end=\"1494\"><strong data-start=\"1455\" data-end=\"1485\">\u0627\u0644\u0642\u0637\u0631 \u0627\u0644\u062f\u0627\u062e\u0644\u064a \u0644\u0644\u062d\u0648\u0636<\/strong>: 21 \u0633\u0645<\/p>\n<\/li>\n<li data-start=\"1495\" data-end=\"1546\">\n<p data-start=\"1497\" data-end=\"1546\"><strong data-start=\"1497\" data-end=\"1514\">\u0627\u0644\u062a\u0631\u0643\u064a\u0628<\/strong>: \u0639\u0644\u0649 \u0627\u0644\u062c\u062f\u0627\u0631 \u0623\u0648 \u0639\u0644\u0649 \u0623\u0646\u0628\u0648\u0628 \u0639\u0645\u0648\u062f\u064a<\/p>\n<\/li>\n<li data-start=\"1547\" data-end=\"1622\">\n<p data-start=\"1549\" data-end=\"1622\"><strong data-start=\"1549\" data-end=\"1564\">\u0627\u0644\u0645\u0639\u0627\u0644\u062c\u0629<\/strong>: \u0637\u0644\u0627\u0621 \u0628\u0627\u0644\u062a\u062d\u0644\u064a\u0644 \u0627\u0644\u0643\u0647\u0631\u0628\u0627\u0626\u064a (\u0643\u0627\u062a\u0627\u0641\u0648\u0631\u064a\u0633\u064a\u0633)\u060c \u0645\u0642\u0627\u0648\u0645 \u0644\u0644\u062a\u0622\u0643\u0644<\/p>\n<\/li>\n<li data-start=\"1623\" data-end=\"1681\">\n<p data-start=\"1625\" data-end=\"1681\"><strong data-start=\"1625\" data-end=\"1641\">\u0627\u0644\u0635\u064a\u0627\u0646\u0629<\/strong>: \u062a\u0635\u0631\u064a\u0641 \u0633\u0641\u0644\u064a \u0644\u062a\u0646\u0638\u064a\u0641 \u0633\u0631\u064a\u0639<\/p>\n<\/li>\n<\/ul>\n<p>&nbsp;<\/p>\n<p>\ud83d\udc49 \u0627\u0637\u0644\u0628 \u0633\u0639\u0631 \u0625\u0639\u0627\u062f\u0629 \u0627\u0644\u0628\u064a\u0639: <a href=\"mailto:info@fdasrl.it\">\u0627\u0646\u0642\u0631 \u0647\u0646\u0627<\/a><\/p>\n<p>\ud83d\udc49 \u0627\u0634\u062a\u0631\u0650\u0647 \u0645\u0646 <a href=\"https:\/\/fda-shop.it\/shop\/articoli-per-allevamento\/abbeveratoi\/abbeveratoio-automatico-a-livello-costante-in-ghisa-45-l#\/299-tipo_di_fissaggio_-a_muro\" target=\"_blank\" rel=\"noopener\">\u0645\u062a\u062c\u0631\u0646\u0627 \u0639\u0628\u0631 \u0627\u0644\u0625\u0646\u062a\u0631\u0646\u062a<\/a><\/p>\n","protected":false},"excerpt":{"rendered":"<p>\u0645\u0634\u0631\u0628 \u0645\u0646 \u062d\u062f\u064a\u062f \u0627\u0644\u0632\u0647\u0631 \u0627\u0644\u0645\u0637\u0644\u064a \u0628\u0627\u0644\u0645\u064a\u0646\u0627 \u0633\u0639\u0629 4.5 \u0644\u062a\u0631 \u0628\u0645\u0633\u062a\u0648\u0649 \u062b\u0627\u0628\u062a\u060c \u0635\u0645\u0627\u0645 FAR 16P \u0648\u062d\u0645\u0627\u064a\u0629 \u0645\u0646 \u0627\u0644\u0641\u0648\u0644\u0627\u0630 \u0627\u0644\u0645\u0642\u0627\u0648\u0645 \u0644\u0644\u0635\u062f\u0623. \u0645\u062b\u0627\u0644\u064a \u0644\u0644\u0623\u0628\u0642\u0627\u0631 \u0648\u0627\u0644\u062e\u064a\u0648\u0644. <\/p>\n","protected":false},"featured_media":884,"comment_status":"open","ping_status":"closed","template":"","meta":{"_et_pb_use_builder":"","_et_pb_old_content":"","_et_gb_content_width":""},"product_brand":[],"product_cat":[398,626,556,567],"product_tag":[978,979],"class_list":{"0":"post-4113","1":"product","2":"type-product","3":"status-publish","4":"has-post-thumbnail","6":"product_cat-398","7":"product_cat-626","8":"product_cat-556","9":"product_cat-567","10":"product_tag-fa-ag-ghisa","11":"product_tag-faag-ghisa","13":"first","14":"instock","15":"shipping-taxable","16":"product-type-simple"},"yoast_head":"<!-- This site is optimized with the Yoast SEO Premium plugin v27.5 (Yoast SEO v27.5) - https:\/\/yoast.com\/product\/yoast-seo-premium-wordpress\/ -->\n<title>\u0645\u0634\u0631\u0628 \u0645\u0646 \u062d\u062f\u064a\u062f \u0627\u0644\u0632\u0647\u0631 \u0628\u0645\u0633\u062a\u0648\u0649 \u062a\u0644\u0642\u0627\u0626\u064a \u0644\u0644\u0623\u0628\u0642\u0627\u0631 \u0648\u0627\u0644\u062e\u064a\u0648\u0644 - FDA srl<\/title>\n<meta name=\"description\" content=\"\u0627\u062e\u062a\u0631 \u0645\u0634\u0631\u0628 \u062d\u062f\u064a\u062f \u0627\u0644\u0632\u0647\u0631 \u0628\u0645\u0633\u062a\u0648\u0649 \u062a\u0644\u0642\u0627\u0626\u064a \u0644\u0644\u0623\u0628\u0642\u0627\u0631 \u0648\u0627\u0644\u062e\u064a\u0648\u0644 \u0644\u0625\u062f\u0627\u0631\u0629 \u0645\u064a\u0627\u0647 \u0628\u062f\u0648\u0646 \u0647\u062f\u0631. \u0627\u0643\u062a\u0634\u0641 \u0627\u0644\u0645\u0632\u064a\u062f \u0627\u0644\u0622\u0646!\" \/>\n<meta name=\"robots\" content=\"index, follow, max-snippet:-1, max-image-preview:large, max-video-preview:-1\" \/>\n<link rel=\"canonical\" href=\"https:\/\/fdasrl.it\/ar\/prodotto\/%d9%85%d8%b4%d8%b1%d8%a8-%d9%85%d9%86-%d8%ad%d8%af%d9%8a%d8%af-%d8%a7%d9%84%d8%b2%d9%87%d8%b1-%d8%a8%d9%85%d8%b3%d8%aa%d9%88%d9%89-%d8%aa%d9%84%d9%82%d8%a7%d8%a6%d9%8a-%d9%84%d9%84%d8%a3%d8%a8%d9%82\/\" \/>\n<meta property=\"og:locale\" content=\"ar_AR\" \/>\n<meta property=\"og:type\" content=\"article\" \/>\n<meta property=\"og:title\" content=\"\u0645\u0634\u0631\u0628 \u0645\u0646 \u062d\u062f\u064a\u062f \u0627\u0644\u0632\u0647\u0631 \u0628\u0645\u0633\u062a\u0648\u0649 \u062a\u0644\u0642\u0627\u0626\u064a \u0644\u0644\u0623\u0628\u0642\u0627\u0631 \u0648\u0627\u0644\u062e\u064a\u0648\u0644\" \/>\n<meta property=\"og:description\" content=\"\u0627\u062e\u062a\u0631 \u0645\u0634\u0631\u0628 \u062d\u062f\u064a\u062f \u0627\u0644\u0632\u0647\u0631 \u0628\u0645\u0633\u062a\u0648\u0649 \u062a\u0644\u0642\u0627\u0626\u064a \u0644\u0644\u0623\u0628\u0642\u0627\u0631 \u0648\u0627\u0644\u062e\u064a\u0648\u0644 \u0644\u0625\u062f\u0627\u0631\u0629 \u0645\u064a\u0627\u0647 \u0628\u062f\u0648\u0646 \u0647\u062f\u0631. \u0627\u0643\u062a\u0634\u0641 \u0627\u0644\u0645\u0632\u064a\u062f \u0627\u0644\u0622\u0646!\" \/>\n<meta property=\"og:url\" content=\"https:\/\/fdasrl.it\/ar\/prodotto\/%d9%85%d8%b4%d8%b1%d8%a8-%d9%85%d9%86-%d8%ad%d8%af%d9%8a%d8%af-%d8%a7%d9%84%d8%b2%d9%87%d8%b1-%d8%a8%d9%85%d8%b3%d8%aa%d9%88%d9%89-%d8%aa%d9%84%d9%82%d8%a7%d8%a6%d9%8a-%d9%84%d9%84%d8%a3%d8%a8%d9%82\/\" \/>\n<meta property=\"og:site_name\" content=\"FDA srl\" \/>\n<meta property=\"article:publisher\" content=\"https:\/\/www.facebook.com\/share\/1MWhFWg1Tp\/?mibextid=LQQJ4d\" \/>\n<meta property=\"og:image\" content=\"https:\/\/fdasrl.it\/wp-content\/uploads\/2025\/01\/vaschetta-abbeveratoio-ghisa-fda-1.webp\" \/>\n\t<meta property=\"og:image:width\" content=\"1684\" \/>\n\t<meta property=\"og:image:height\" content=\"1190\" \/>\n\t<meta property=\"og:image:type\" content=\"image\/webp\" \/>\n<meta name=\"twitter:card\" content=\"summary_large_image\" \/>\n<meta name=\"twitter:label1\" content=\"\u0627\u0644\u0633\u0639\u0631\" \/>\n\t<meta name=\"twitter:data1\" content=\"\" \/>\n\t<meta name=\"twitter:label2\" content=\"\u0627\u0644\u062a\u0648\u0641\u0631\" \/>\n\t<meta name=\"twitter:data2\" content=\"\u0645\u062a\u0648\u0641\u0631 \u0641\u064a \u0627\u0644\u0645\u062e\u0632\u0648\u0646\" \/>\n<meta property=\"product:price:currency\" content=\"EUR\" \/>\n<meta property=\"og:availability\" content=\"instock\" \/>\n<meta property=\"product:availability\" content=\"instock\" \/>\n<meta property=\"product:retailer_item_id\" content=\"FAAG-GHISA\" \/>\n<meta property=\"product:condition\" content=\"new\" \/>\n<!-- \/ Yoast SEO Premium plugin. -->","yoast_head_json":{"title":"\u0645\u0634\u0631\u0628 \u0645\u0646 \u062d\u062f\u064a\u062f \u0627\u0644\u0632\u0647\u0631 \u0628\u0645\u0633\u062a\u0648\u0649 \u062a\u0644\u0642\u0627\u0626\u064a \u0644\u0644\u0623\u0628\u0642\u0627\u0631 \u0648\u0627\u0644\u062e\u064a\u0648\u0644 - FDA srl","description":"\u0627\u062e\u062a\u0631 \u0645\u0634\u0631\u0628 \u062d\u062f\u064a\u062f \u0627\u0644\u0632\u0647\u0631 \u0628\u0645\u0633\u062a\u0648\u0649 \u062a\u0644\u0642\u0627\u0626\u064a \u0644\u0644\u0623\u0628\u0642\u0627\u0631 \u0648\u0627\u0644\u062e\u064a\u0648\u0644 \u0644\u0625\u062f\u0627\u0631\u0629 \u0645\u064a\u0627\u0647 \u0628\u062f\u0648\u0646 \u0647\u062f\u0631. \u0627\u0643\u062a\u0634\u0641 \u0627\u0644\u0645\u0632\u064a\u062f \u0627\u0644\u0622\u0646!","robots":{"index":"index","follow":"follow","max-snippet":"max-snippet:-1","max-image-preview":"max-image-preview:large","max-video-preview":"max-video-preview:-1"},"canonical":"https:\/\/fdasrl.it\/ar\/prodotto\/%d9%85%d8%b4%d8%b1%d8%a8-%d9%85%d9%86-%d8%ad%d8%af%d9%8a%d8%af-%d8%a7%d9%84%d8%b2%d9%87%d8%b1-%d8%a8%d9%85%d8%b3%d8%aa%d9%88%d9%89-%d8%aa%d9%84%d9%82%d8%a7%d8%a6%d9%8a-%d9%84%d9%84%d8%a3%d8%a8%d9%82\/","og_locale":"ar_AR","og_type":"article","og_title":"\u0645\u0634\u0631\u0628 \u0645\u0646 \u062d\u062f\u064a\u062f \u0627\u0644\u0632\u0647\u0631 \u0628\u0645\u0633\u062a\u0648\u0649 \u062a\u0644\u0642\u0627\u0626\u064a \u0644\u0644\u0623\u0628\u0642\u0627\u0631 \u0648\u0627\u0644\u062e\u064a\u0648\u0644","og_description":"\u0627\u062e\u062a\u0631 \u0645\u0634\u0631\u0628 \u062d\u062f\u064a\u062f \u0627\u0644\u0632\u0647\u0631 \u0628\u0645\u0633\u062a\u0648\u0649 \u062a\u0644\u0642\u0627\u0626\u064a \u0644\u0644\u0623\u0628\u0642\u0627\u0631 \u0648\u0627\u0644\u062e\u064a\u0648\u0644 \u0644\u0625\u062f\u0627\u0631\u0629 \u0645\u064a\u0627\u0647 \u0628\u062f\u0648\u0646 \u0647\u062f\u0631. \u0627\u0643\u062a\u0634\u0641 \u0627\u0644\u0645\u0632\u064a\u062f \u0627\u0644\u0622\u0646!","og_url":"https:\/\/fdasrl.it\/ar\/prodotto\/%d9%85%d8%b4%d8%b1%d8%a8-%d9%85%d9%86-%d8%ad%d8%af%d9%8a%d8%af-%d8%a7%d9%84%d8%b2%d9%87%d8%b1-%d8%a8%d9%85%d8%b3%d8%aa%d9%88%d9%89-%d8%aa%d9%84%d9%82%d8%a7%d8%a6%d9%8a-%d9%84%d9%84%d8%a3%d8%a8%d9%82\/","og_site_name":"FDA srl","article_publisher":"https:\/\/www.facebook.com\/share\/1MWhFWg1Tp\/?mibextid=LQQJ4d","og_image":[{"width":1684,"height":1190,"url":"https:\/\/fdasrl.it\/wp-content\/uploads\/2025\/01\/vaschetta-abbeveratoio-ghisa-fda-1.webp","type":"image\/webp"}],"twitter_card":"summary_large_image","twitter_misc":{"\u0627\u0644\u0633\u0639\u0631":"","\u0627\u0644\u062a\u0648\u0641\u0631":"\u0645\u062a\u0648\u0641\u0631 \u0641\u064a \u0627\u0644\u0645\u062e\u0632\u0648\u0646"},"schema":{"@context":"https:\/\/schema.org","@graph":[{"@type":"WebPage","@id":"https:\/\/fdasrl.it\/ar\/prodotto\/%d9%85%d8%b4%d8%b1%d8%a8-%d9%85%d9%86-%d8%ad%d8%af%d9%8a%d8%af-%d8%a7%d9%84%d8%b2%d9%87%d8%b1-%d8%a8%d9%85%d8%b3%d8%aa%d9%88%d9%89-%d8%aa%d9%84%d9%82%d8%a7%d8%a6%d9%8a-%d9%84%d9%84%d8%a3%d8%a8%d9%82\/","url":"https:\/\/fdasrl.it\/ar\/prodotto\/%d9%85%d8%b4%d8%b1%d8%a8-%d9%85%d9%86-%d8%ad%d8%af%d9%8a%d8%af-%d8%a7%d9%84%d8%b2%d9%87%d8%b1-%d8%a8%d9%85%d8%b3%d8%aa%d9%88%d9%89-%d8%aa%d9%84%d9%82%d8%a7%d8%a6%d9%8a-%d9%84%d9%84%d8%a3%d8%a8%d9%82\/","name":"\u0645\u0634\u0631\u0628 \u0645\u0646 \u062d\u062f\u064a\u062f \u0627\u0644\u0632\u0647\u0631 \u0628\u0645\u0633\u062a\u0648\u0649 \u062a\u0644\u0642\u0627\u0626\u064a \u0644\u0644\u0623\u0628\u0642\u0627\u0631 \u0648\u0627\u0644\u062e\u064a\u0648\u0644 - FDA srl","isPartOf":{"@id":"https:\/\/fdasrl.it\/ar\/#website"},"primaryImageOfPage":{"@id":"https:\/\/fdasrl.it\/ar\/prodotto\/%d9%85%d8%b4%d8%b1%d8%a8-%d9%85%d9%86-%d8%ad%d8%af%d9%8a%d8%af-%d8%a7%d9%84%d8%b2%d9%87%d8%b1-%d8%a8%d9%85%d8%b3%d8%aa%d9%88%d9%89-%d8%aa%d9%84%d9%82%d8%a7%d8%a6%d9%8a-%d9%84%d9%84%d8%a3%d8%a8%d9%82\/#primaryimage"},"image":{"@id":"https:\/\/fdasrl.it\/ar\/prodotto\/%d9%85%d8%b4%d8%b1%d8%a8-%d9%85%d9%86-%d8%ad%d8%af%d9%8a%d8%af-%d8%a7%d9%84%d8%b2%d9%87%d8%b1-%d8%a8%d9%85%d8%b3%d8%aa%d9%88%d9%89-%d8%aa%d9%84%d9%82%d8%a7%d8%a6%d9%8a-%d9%84%d9%84%d8%a3%d8%a8%d9%82\/#primaryimage"},"thumbnailUrl":"https:\/\/fdasrl.it\/wp-content\/uploads\/2025\/01\/vaschetta-abbeveratoio-ghisa-fda-1.webp","datePublished":"2025-01-21T08:57:19+00:00","description":"\u0627\u062e\u062a\u0631 \u0645\u0634\u0631\u0628 \u062d\u062f\u064a\u062f \u0627\u0644\u0632\u0647\u0631 \u0628\u0645\u0633\u062a\u0648\u0649 \u062a\u0644\u0642\u0627\u0626\u064a \u0644\u0644\u0623\u0628\u0642\u0627\u0631 \u0648\u0627\u0644\u062e\u064a\u0648\u0644 \u0644\u0625\u062f\u0627\u0631\u0629 \u0645\u064a\u0627\u0647 \u0628\u062f\u0648\u0646 \u0647\u062f\u0631. \u0627\u0643\u062a\u0634\u0641 \u0627\u0644\u0645\u0632\u064a\u062f \u0627\u0644\u0622\u0646!","breadcrumb":{"@id":"https:\/\/fdasrl.it\/ar\/prodotto\/%d9%85%d8%b4%d8%b1%d8%a8-%d9%85%d9%86-%d8%ad%d8%af%d9%8a%d8%af-%d8%a7%d9%84%d8%b2%d9%87%d8%b1-%d8%a8%d9%85%d8%b3%d8%aa%d9%88%d9%89-%d8%aa%d9%84%d9%82%d8%a7%d8%a6%d9%8a-%d9%84%d9%84%d8%a3%d8%a8%d9%82\/#breadcrumb"},"inLanguage":"ar","potentialAction":[{"@type":"ReadAction","target":["https:\/\/fdasrl.it\/ar\/prodotto\/%d9%85%d8%b4%d8%b1%d8%a8-%d9%85%d9%86-%d8%ad%d8%af%d9%8a%d8%af-%d8%a7%d9%84%d8%b2%d9%87%d8%b1-%d8%a8%d9%85%d8%b3%d8%aa%d9%88%d9%89-%d8%aa%d9%84%d9%82%d8%a7%d8%a6%d9%8a-%d9%84%d9%84%d8%a3%d8%a8%d9%82\/"]}]},{"@type":"ImageObject","inLanguage":"ar","@id":"https:\/\/fdasrl.it\/ar\/prodotto\/%d9%85%d8%b4%d8%b1%d8%a8-%d9%85%d9%86-%d8%ad%d8%af%d9%8a%d8%af-%d8%a7%d9%84%d8%b2%d9%87%d8%b1-%d8%a8%d9%85%d8%b3%d8%aa%d9%88%d9%89-%d8%aa%d9%84%d9%82%d8%a7%d8%a6%d9%8a-%d9%84%d9%84%d8%a3%d8%a8%d9%82\/#primaryimage","url":"https:\/\/fdasrl.it\/wp-content\/uploads\/2025\/01\/vaschetta-abbeveratoio-ghisa-fda-1.webp","contentUrl":"https:\/\/fdasrl.it\/wp-content\/uploads\/2025\/01\/vaschetta-abbeveratoio-ghisa-fda-1.webp","width":1684,"height":1190,"caption":"Vaschetta abbeveratoio in ghisa smaltata verde a livello costante - vista 1"},{"@type":"BreadcrumbList","@id":"https:\/\/fdasrl.it\/ar\/prodotto\/%d9%85%d8%b4%d8%b1%d8%a8-%d9%85%d9%86-%d8%ad%d8%af%d9%8a%d8%af-%d8%a7%d9%84%d8%b2%d9%87%d8%b1-%d8%a8%d9%85%d8%b3%d8%aa%d9%88%d9%89-%d8%aa%d9%84%d9%82%d8%a7%d8%a6%d9%8a-%d9%84%d9%84%d8%a3%d8%a8%d9%82\/#breadcrumb","itemListElement":[{"@type":"ListItem","position":1,"name":"Home","item":"https:\/\/fdasrl.it\/ar\/%d8%a7%d9%84%d8%b1%d8%a6%d9%8a%d8%b3%d9%8a%d8%a9\/"},{"@type":"ListItem","position":2,"name":"\u0627\u0644\u0645\u062a\u062c\u0631","item":"https:\/\/fdasrl.it\/ar\/%d8%a7%d9%84%d9%85%d8%aa%d8%ac%d8%b1\/"},{"@type":"ListItem","position":3,"name":"\u0645\u0634\u0631\u0628 \u0645\u0646 \u062d\u062f\u064a\u062f \u0627\u0644\u0632\u0647\u0631 \u0628\u0645\u0633\u062a\u0648\u0649 \u062a\u0644\u0642\u0627\u0626\u064a \u0644\u0644\u0623\u0628\u0642\u0627\u0631 \u0648\u0627\u0644\u062e\u064a\u0648\u0644"}]},{"@type":"WebSite","@id":"https:\/\/fdasrl.it\/ar\/#website","url":"https:\/\/fdasrl.it\/ar\/","name":"FDA srl","description":"Equipment for animal husbandry","publisher":{"@id":"https:\/\/fdasrl.it\/ar\/#organization"},"potentialAction":[{"@type":"SearchAction","target":{"@type":"EntryPoint","urlTemplate":"https:\/\/fdasrl.it\/ar\/?s={search_term_string}"},"query-input":{"@type":"PropertyValueSpecification","valueRequired":true,"valueName":"search_term_string"}}],"inLanguage":"ar"},{"@type":"Organization","@id":"https:\/\/fdasrl.it\/ar\/#organization","name":"FDA srl","url":"https:\/\/fdasrl.it\/ar\/","logo":{"@type":"ImageObject","inLanguage":"ar","@id":"https:\/\/fdasrl.it\/ar\/#\/schema\/logo\/image\/","url":"https:\/\/fdasrl.it\/wp-content\/uploads\/2024\/12\/Logo-FDA.png","contentUrl":"https:\/\/fdasrl.it\/wp-content\/uploads\/2024\/12\/Logo-FDA.png","width":316,"height":119,"caption":"FDA srl"},"image":{"@id":"https:\/\/fdasrl.it\/ar\/#\/schema\/logo\/image\/"},"sameAs":["https:\/\/www.facebook.com\/share\/1MWhFWg1Tp\/?mibextid=LQQJ4d","https:\/\/www.instagram.com\/fda_srl\/profilecard\/?igsh=YW5lbzJ6MWg0d21u","https:\/\/www.youtube.com\/@FDASRL_ANIMALCARE"],"description":"FDA SRL \u2013 Equipment for animal husbandry nasce con l\u2019obiettivo di offrire soluzioni affidabili e innovative per l\u2019allevamento moderno. Con anni di esperienza nel settore zootecnico, progettiamo e realizziamo attrezzature destinate al benessere animale e alla gestione efficiente delle stalle: vasche, abbeveratoi, mangiatoie e sistemi di riscaldamento pensati per durare nel tempo e semplificare il lavoro quotidiano degli allevatori. Dalla progettazione alla produzione, ogni nostro prodotto \u00e8 studiato nei minimi dettagli, testato con cura e costruito per rispondere alle esigenze reali del settore. La nostra forza \u00e8 unire artigianalit\u00e0, tecnologia e competenza tecnica per trasformare ogni progetto in una soluzione concreta e funzionale. Oggi FDA SRL \u00e8 un punto di riferimento per privati e rivenditori che cercano qualit\u00e0, affidabilit\u00e0 e innovazione nelle attrezzature per l\u2019allevamento.","email":"info@fdasrl.it","telephone":"+390522826820","legalName":"F.D.A. SRL","foundingDate":"2024-10-13","vatID":"03075840359","taxID":"03075840359","numberOfEmployees":{"@type":"QuantitativeValue","minValue":"1","maxValue":"10"}}]},"product_price_currency":"EUR","og_availability":"instock","product_availability":"instock","product_retailer_item_id":"FAAG-GHISA","product_condition":"new"},"_links":{"self":[{"href":"https:\/\/fdasrl.it\/ar\/wp-json\/wp\/v2\/product\/4113","targetHints":{"allow":["GET"]}}],"collection":[{"href":"https:\/\/fdasrl.it\/ar\/wp-json\/wp\/v2\/product"}],"about":[{"href":"https:\/\/fdasrl.it\/ar\/wp-json\/wp\/v2\/types\/product"}],"replies":[{"embeddable":true,"href":"https:\/\/fdasrl.it\/ar\/wp-json\/wp\/v2\/comments?post=4113"}],"wp:featuredmedia":[{"embeddable":true,"href":"https:\/\/fdasrl.it\/ar\/wp-json\/wp\/v2\/media\/884"}],"wp:attachment":[{"href":"https:\/\/fdasrl.it\/ar\/wp-json\/wp\/v2\/media?parent=4113"}],"wp:term":[{"taxonomy":"product_brand","embeddable":true,"href":"https:\/\/fdasrl.it\/ar\/wp-json\/wp\/v2\/product_brand?post=4113"},{"taxonomy":"product_cat","embeddable":true,"href":"https:\/\/fdasrl.it\/ar\/wp-json\/wp\/v2\/product_cat?post=4113"},{"taxonomy":"product_tag","embeddable":true,"href":"https:\/\/fdasrl.it\/ar\/wp-json\/wp\/v2\/product_tag?post=4113"}],"curies":[{"name":"wp","href":"https:\/\/api.w.org\/{rel}","templated":true}]}}