{"id":4137,"date":"2025-01-21T10:01:26","date_gmt":"2025-01-21T09:01:26","guid":{"rendered":"https:\/\/fdasrl.it\/prodotto\/%d9%85%d8%b4%d8%b1%d8%a8-%d9%85%d9%86-%d8%a7%d9%84%d8%ad%d8%af%d9%8a%d8%af-%d8%a7%d9%84%d8%b2%d9%87%d8%b1-%d9%85%d8%b9-%d8%a8%d9%86%d8%af%d9%88%d9%84-%d9%85%d8%b9%d8%b2%d8%b2-%d9%84%d9%84%d8%a3%d8%a8\/"},"modified":"2025-01-21T10:01:26","modified_gmt":"2025-01-21T09:01:26","slug":"%d9%85%d8%b4%d8%b1%d8%a8-%d9%85%d9%86-%d8%a7%d9%84%d8%ad%d8%af%d9%8a%d8%af-%d8%a7%d9%84%d8%b2%d9%87%d8%b1-%d9%85%d8%b9-%d8%a8%d9%86%d8%af%d9%88%d9%84-%d9%85%d8%b9%d8%b2%d8%b2-%d9%84%d9%84%d8%a3%d8%a8","status":"publish","type":"product","link":"https:\/\/fdasrl.it\/ar\/prodotto\/%d9%85%d8%b4%d8%b1%d8%a8-%d9%85%d9%86-%d8%a7%d9%84%d8%ad%d8%af%d9%8a%d8%af-%d8%a7%d9%84%d8%b2%d9%87%d8%b1-%d9%85%d8%b9-%d8%a8%d9%86%d8%af%d9%88%d9%84-%d9%85%d8%b9%d8%b2%d8%b2-%d9%84%d9%84%d8%a3%d8%a8\/","title":{"rendered":"\u0645\u0634\u0631\u0628 \u0645\u0646 \u0627\u0644\u062d\u062f\u064a\u062f \u0627\u0644\u0632\u0647\u0631 \u0645\u0639 \u0628\u0646\u062f\u0648\u0644 \u0645\u0639\u0632\u0632 \u0644\u0644\u0623\u0628\u0642\u0627\u0631 \u0648\u0627\u0644\u062e\u064a\u0648\u0644"},"content":{"rendered":"<h2 data-start=\"274\" data-end=\"389\">\ud83d\udc04 <strong data-start=\"280\" data-end=\"389\">\u0645\u0634\u0631\u0628 \u0645\u0646 \u0627\u0644\u062d\u062f\u064a\u062f \u0627\u0644\u0632\u0647\u0631 \u0628\u0645\u0639\u0627\u0644\u062c\u0629 \u0627\u0644\u0643\u0627\u062b\u0648\u0641\u0648\u0631\u064a\u0633\u064a\u0633 FA-BE \u0645\u0639 \u0628\u0646\u062f\u0648\u0644 \u0645\u0639\u0632\u0632 FDA \u0644\u0644\u0623\u0628\u0642\u0627\u0631 \u0648\u0627\u0644\u062e\u064a\u0648\u0644<\/strong><\/h2>\n<p data-start=\"391\" data-end=\"813\"><strong data-start=\"393\" data-end=\"442\">\u0645\u0634\u0631\u0628 FA-BE \u0645\u0639 \u0628\u0646\u062f\u0648\u0644 \u0645\u0639\u0632\u0632 FDA<\/strong> \u0645\u0635\u0646\u0648\u0639 \u0645\u0646 <strong data-start=\"459\" data-end=\"492\">\u0627\u0644\u062d\u062f\u064a\u062f \u0627\u0644\u0632\u0647\u0631 \u0627\u0644\u0645\u0639\u0627\u0644\u062c \u0628\u0627\u0644\u0643\u0627\u062b\u0648\u0641\u0648\u0631\u064a\u0633\u064a\u0633<\/strong>\u060c \u0648\u0647\u064a \u062d\u0645\u0627\u064a\u0629 \u0645\u062a\u0642\u062f\u0645\u0629 \u0636\u062f \u0627\u0644\u062a\u0622\u0643\u0644 \u062a\u0636\u0645\u0646 <strong data-start=\"554\" data-end=\"601\">\u0627\u0644\u0645\u0642\u0627\u0648\u0645\u0629 \u0645\u0639 \u0645\u0631\u0648\u0631 \u0627\u0644\u0648\u0642\u062a \u0648\u0627\u0644\u0646\u0638\u0627\u0641\u0629 \u0648\u0627\u0644\u0645\u0648\u062b\u0648\u0642\u064a\u0629<\/strong>. \u0645\u0635\u0645\u0645 <strong data-start=\"615\" data-end=\"656\">\u0644\u0644\u0623\u0628\u0642\u0627\u0631 \u0648\u0627\u0644\u062e\u064a\u0648\u0644 \u0641\u064a \u0627\u0644\u062d\u0638\u0627\u0626\u0631 \u0627\u0644\u062b\u0627\u0628\u062a\u0629<\/strong>\u060c \u0648\u0645\u0632\u0648\u062f <strong data-start=\"674\" data-end=\"721\">\u0628\u0635\u0645\u0627\u0645 \u0646\u062d\u0627\u0633\u064a \u0639\u0627\u0644\u064a \u0627\u0644\u062a\u062f\u0641\u0642 (FAR17)<\/strong> \u0648<strong data-start=\"727\" data-end=\"749\">\u0628\u0646\u062f\u0648\u0644 \u0645\u0639\u0632\u0632<\/strong>\u060c \u0645\u0635\u0645\u0645 \u0644\u0645\u0642\u0627\u0648\u0645\u0629 \u0627\u0644\u0627\u0633\u062a\u062e\u062f\u0627\u0645 \u0627\u0644\u0645\u0643\u062b\u0641 \u0645\u0646 \u0642\u0628\u0644 \u0627\u0644\u062d\u064a\u0648\u0627\u0646\u0627\u062a. <\/p>\n<hr data-start=\"815\" data-end=\"818\">\n<h3 data-start=\"820\" data-end=\"855\">\u2699\ufe0f <strong data-start=\"827\" data-end=\"855\">\u0627\u0644\u0645\u0648\u0627\u0635\u0641\u0627\u062a \u0627\u0644\u0641\u0646\u064a\u0629<\/strong><\/h3>\n<ul data-start=\"857\" data-end=\"1296\">\n<li data-start=\"857\" data-end=\"879\">\n<p data-start=\"859\" data-end=\"879\"><strong data-start=\"859\" data-end=\"870\">\u0627\u0644\u0637\u0631\u0627\u0632<\/strong>: FA-BE<\/p>\n<\/li>\n<li data-start=\"880\" data-end=\"949\">\n<p data-start=\"882\" data-end=\"949\"><strong data-start=\"882\" data-end=\"895\">\u0627\u0644\u0645\u0627\u062f\u0629<\/strong>: \u062d\u062f\u064a\u062f \u0632\u0647\u0631 \u0628\u0645\u0639\u0627\u0644\u062c\u0629 \u0645\u0636\u0627\u062f\u0629 \u0644\u0644\u062a\u0622\u0643\u0644 \u0628\u0627\u0644\u0643\u0627\u062b\u0648\u0641\u0648\u0631\u064a\u0633\u064a\u0633<\/p>\n<\/li>\n<li data-start=\"950\" data-end=\"998\">\n<p data-start=\"952\" data-end=\"998\"><strong data-start=\"952\" data-end=\"963\">\u0627\u0644\u0635\u0645\u0627\u0645<\/strong>: FAR17 \u0645\u0646 \u0627\u0644\u0646\u062d\u0627\u0633 \u0639\u0627\u0644\u064a \u0627\u0644\u0633\u0639\u0629<\/p>\n<\/li>\n<li data-start=\"999\" data-end=\"1047\">\n<p data-start=\"1001\" data-end=\"1047\"><strong data-start=\"1001\" data-end=\"1021\">\u0646\u0648\u0639 \u0627\u0644\u062a\u0641\u0639\u064a\u0644<\/strong>: \u0628\u0646\u062f\u0648\u0644 \u0645\u0639\u0632\u0632 FDA<\/p>\n<\/li>\n<li data-start=\"1048\" data-end=\"1089\">\n<p data-start=\"1050\" data-end=\"1089\"><strong data-start=\"1050\" data-end=\"1076\">\u0636\u063a\u0637 \u0627\u0644\u062a\u0634\u063a\u064a\u0644<\/strong>: 0 \u2013 5 \u0636\u063a\u0637 \u062c\u0648\u064a<\/p>\n<\/li>\n<li data-start=\"1090\" data-end=\"1127\">\n<p data-start=\"1092\" data-end=\"1127\"><strong data-start=\"1092\" data-end=\"1114\">\u0633\u0639\u0629 \u0627\u0644\u062d\u0648\u0636<\/strong>: 2,5 \u0644\u062a\u0631<\/p>\n<\/li>\n<li data-start=\"1128\" data-end=\"1169\">\n<p data-start=\"1130\" data-end=\"1169\"><strong data-start=\"1130\" data-end=\"1160\">\u0627\u0644\u0642\u0637\u0631 \u0627\u0644\u062f\u0627\u062e\u0644\u064a \u0644\u0644\u062d\u0648\u0636<\/strong>: 21 \u0633\u0645<\/p>\n<\/li>\n<li data-start=\"1170\" data-end=\"1247\">\n<p data-start=\"1172\" data-end=\"1247\"><strong data-start=\"1172\" data-end=\"1195\">\u0627\u0644\u062a\u0648\u0635\u064a\u0644 \u0627\u0644\u0645\u0627\u0626\u064a<\/strong>: \u0648\u0635\u0644\u0629 1\/2&#8243;\u060c \u0645\u062f\u062e\u0644 <strong data-start=\"1220\" data-end=\"1245\">\u0645\u0646 \u0627\u0644\u0623\u0639\u0644\u0649 \u0623\u0648 \u0645\u0646 \u0627\u0644\u0623\u0633\u0641\u0644<\/strong><\/p>\n<\/li>\n<li data-start=\"1248\" data-end=\"1275\">\n<p data-start=\"1250\" data-end=\"1275\"><strong data-start=\"1250\" data-end=\"1263\">\u0627\u0644\u062a\u062b\u0628\u064a\u062a<\/strong>: \u0639\u0644\u0649 \u0627\u0644\u062d\u0627\u0626\u0637<\/p>\n<\/li>\n<li data-start=\"1276\" data-end=\"1296\">\n<p data-start=\"1278\" data-end=\"1296\"><strong data-start=\"1278\" data-end=\"1286\">\u0627\u0644\u0648\u0632\u0646<\/strong>: 6,5 \u0643\u062c\u0645<\/p>\n<\/li>\n<\/ul>\n<hr data-start=\"1298\" data-end=\"1301\">\n<h3 data-start=\"1303\" data-end=\"1332\">\u2705 <strong data-start=\"1309\" data-end=\"1332\">\u0627\u0644\u0645\u0632\u0627\u064a\u0627 \u0627\u0644\u0631\u0626\u064a\u0633\u064a\u0629<\/strong><\/h3>\n<ul data-start=\"1334\" data-end=\"1690\">\n<li data-start=\"1334\" data-end=\"1401\">\n<p data-start=\"1336\" data-end=\"1401\"><strong data-start=\"1336\" data-end=\"1365\">\u0645\u0639\u0627\u0644\u062c\u0629 \u0628\u0627\u0644\u0643\u0627\u062b\u0648\u0641\u0648\u0631\u064a\u0633\u064a\u0633<\/strong>: \u0623\u0642\u0635\u0649 \u062d\u0645\u0627\u064a\u0629 \u0645\u0646 \u0627\u0644\u0635\u062f\u0623<\/p>\n<\/li>\n<li data-start=\"1402\" data-end=\"1472\">\n<p data-start=\"1404\" data-end=\"1472\"><strong data-start=\"1404\" data-end=\"1430\">\u0628\u0646\u062f\u0648\u0644 \u0645\u0639\u0632\u0632 FDA<\/strong>: \u0645\u062a\u0627\u0646\u0629 \u0623\u0643\u0628\u0631 \u0648\u0645\u0642\u0627\u0648\u0645\u0629 \u0644\u0644\u0635\u062f\u0645\u0627\u062a<\/p>\n<\/li>\n<li data-start=\"1473\" data-end=\"1524\">\n<p data-start=\"1475\" data-end=\"1524\"><strong data-start=\"1475\" data-end=\"1496\">\u0635\u0645\u0627\u0645 \u0646\u062d\u0627\u0633\u064a<\/strong> \u0628\u062a\u062f\u0641\u0642 \u0645\u0627\u0626\u064a \u0639\u0627\u0644\u064d<\/p>\n<\/li>\n<li data-start=\"1525\" data-end=\"1577\">\n<p data-start=\"1527\" data-end=\"1577\"><strong data-start=\"1527\" data-end=\"1547\">\u0647\u064a\u0643\u0644 \u0645\u062a\u064a\u0646<\/strong> \u0644\u0644\u0627\u0633\u062a\u062e\u062f\u0627\u0645 \u0627\u0644\u0645\u0643\u062b\u0641 \u0641\u064a \u0627\u0644\u062d\u0638\u064a\u0631\u0629<\/p>\n<\/li>\n<li data-start=\"1578\" data-end=\"1636\">\n<p data-start=\"1580\" data-end=\"1636\"><strong data-start=\"1580\" data-end=\"1604\">\u062a\u0631\u0643\u064a\u0628 \u0633\u0647\u0644<\/strong> \u0645\u0639 \u0645\u062f\u062e\u0644 \u0645\u064a\u0627\u0647 \u0645\u0631\u0646<\/p>\n<\/li>\n<li data-start=\"1637\" data-end=\"1690\">\n<p data-start=\"1639\" data-end=\"1690\"><strong data-start=\"1639\" data-end=\"1690\">\u0645\u0646\u0627\u0633\u0628 \u0644\u0644\u0623\u0628\u0642\u0627\u0631 \u0648\u0627\u0644\u062e\u064a\u0648\u0644 \u0641\u064a \u0627\u0644\u062d\u0638\u0627\u0626\u0631 \u0627\u0644\u062b\u0627\u0628\u062a\u0629<\/strong><\/p>\n<\/li>\n<\/ul>\n<p>&nbsp;<\/p>\n<p>\ud83d\udc49 \u0627\u0637\u0644\u0628 \u0633\u0639\u0631 \u0625\u0639\u0627\u062f\u0629 \u0627\u0644\u0628\u064a\u0639: <a href=\"mailto:info@fdasrl.it\">\u0627\u0646\u0642\u0631 \u0647\u0646\u0627<\/a><\/p>\n<p>\ud83d\udc49 \u0627\u0634\u062a\u0631\u0650\u0647 \u0645\u0646 <a href=\"https:\/\/fda-shop.it\/shop\/articoli-per-allevamento\/abbeveratoi\/abbeveratoio-in-ghisa-per-bovini\" target=\"_blank\" rel=\"noopener\">\u0645\u062a\u062c\u0631\u0646\u0627 \u0627\u0644\u0625\u0644\u0643\u062a\u0631\u0648\u0646\u064a<\/a><\/p>\n","protected":false},"excerpt":{"rendered":"<p>\u0645\u0634\u0631\u0628 FA-BE \u0645\u0646 \u0627\u0644\u062d\u062f\u064a\u062f \u0627\u0644\u0632\u0647\u0631 \u0628\u0627\u0644\u0643\u0627\u062b\u0648\u0641\u0648\u0631\u064a\u0633\u064a\u0633 \u0648\u0628\u0646\u062f\u0648\u0644 \u0645\u0639\u0632\u0632 FDA. \u0635\u0645\u0627\u0645 FAR17 \u0639\u0627\u0644\u064a \u0627\u0644\u062a\u062f\u0641\u0642\u060c 2,5 \u0644\u062a\u0631\u060c \u0648\u0635\u0644\u0629 1\/2&#8243;. \u0644\u0644\u0623\u0628\u0642\u0627\u0631 \u0648\u0627\u0644\u062e\u064a\u0648\u0644 \u0641\u064a \u0627\u0644\u062d\u0638\u0627\u0626\u0631 \u0627\u0644\u062b\u0627\u0628\u062a\u0629.  <\/p>\n","protected":false},"featured_media":878,"comment_status":"open","ping_status":"closed","template":"","meta":{"_et_pb_use_builder":"","_et_pb_old_content":"","_et_gb_content_width":""},"product_brand":[],"product_cat":[398,626,567,556],"product_tag":[982],"class_list":{"0":"post-4137","1":"product","2":"type-product","3":"status-publish","4":"has-post-thumbnail","6":"product_cat-398","7":"product_cat-626","8":"product_cat-567","9":"product_cat-556","10":"product_tag-fa-be","12":"first","13":"instock","14":"shipping-taxable","15":"product-type-simple"},"yoast_head":"<!-- This site is optimized with the Yoast SEO Premium plugin v27.5 (Yoast SEO v27.5) - https:\/\/yoast.com\/product\/yoast-seo-premium-wordpress\/ -->\n<title>\u0645\u0634\u0631\u0628 \u0645\u0646 \u0627\u0644\u062d\u062f\u064a\u062f \u0627\u0644\u0632\u0647\u0631 \u0645\u0639 \u0628\u0646\u062f\u0648\u0644 \u0645\u0639\u0632\u0632: \u0645\u062a\u0627\u0646\u0629 \u0645\u0636\u0645\u0648\u0646\u0629 - FDA srl<\/title>\n<meta name=\"description\" content=\"\u0645\u0634\u0631\u0628\u0646\u0627 \u0645\u0646 \u0627\u0644\u062d\u062f\u064a\u062f \u0627\u0644\u0632\u0647\u0631 \u0645\u0639 \u0628\u0646\u062f\u0648\u0644 \u0645\u0639\u0632\u0632 \u0647\u0648 \u0627\u0644\u062d\u0644 \u0627\u0644\u0645\u062b\u0627\u0644\u064a \u0644\u0644\u0623\u0628\u0642\u0627\u0631 \u0648\u0627\u0644\u062e\u064a\u0648\u0644. \u0627\u062e\u062a\u0631 \u0627\u0644\u0645\u0642\u0627\u0648\u0645\u0629 \u0648\u0627\u0644\u0645\u0648\u062b\u0648\u0642\u064a\u0629 \u0644\u062d\u064a\u0648\u0627\u0646\u0627\u062a\u0643! \ud83d\udca7\" \/>\n<meta name=\"robots\" content=\"index, follow, max-snippet:-1, max-image-preview:large, max-video-preview:-1\" \/>\n<link rel=\"canonical\" href=\"https:\/\/fdasrl.it\/ar\/prodotto\/%d9%85%d8%b4%d8%b1%d8%a8-%d9%85%d9%86-%d8%a7%d9%84%d8%ad%d8%af%d9%8a%d8%af-%d8%a7%d9%84%d8%b2%d9%87%d8%b1-%d9%85%d8%b9-%d8%a8%d9%86%d8%af%d9%88%d9%84-%d9%85%d8%b9%d8%b2%d8%b2-%d9%84%d9%84%d8%a3%d8%a8\/\" \/>\n<meta property=\"og:locale\" content=\"ar_AR\" \/>\n<meta property=\"og:type\" content=\"article\" \/>\n<meta property=\"og:title\" content=\"\u0645\u0634\u0631\u0628 \u0645\u0646 \u0627\u0644\u062d\u062f\u064a\u062f \u0627\u0644\u0632\u0647\u0631 \u0645\u0639 \u0628\u0646\u062f\u0648\u0644 \u0645\u0639\u0632\u0632 \u0644\u0644\u0623\u0628\u0642\u0627\u0631 \u0648\u0627\u0644\u062e\u064a\u0648\u0644\" \/>\n<meta property=\"og:description\" content=\"\u0645\u0634\u0631\u0628\u0646\u0627 \u0645\u0646 \u0627\u0644\u062d\u062f\u064a\u062f \u0627\u0644\u0632\u0647\u0631 \u0645\u0639 \u0628\u0646\u062f\u0648\u0644 \u0645\u0639\u0632\u0632 \u0647\u0648 \u0627\u0644\u062d\u0644 \u0627\u0644\u0645\u062b\u0627\u0644\u064a \u0644\u0644\u0623\u0628\u0642\u0627\u0631 \u0648\u0627\u0644\u062e\u064a\u0648\u0644. \u0627\u062e\u062a\u0631 \u0627\u0644\u0645\u0642\u0627\u0648\u0645\u0629 \u0648\u0627\u0644\u0645\u0648\u062b\u0648\u0642\u064a\u0629 \u0644\u062d\u064a\u0648\u0627\u0646\u0627\u062a\u0643! \ud83d\udca7\" \/>\n<meta property=\"og:url\" content=\"https:\/\/fdasrl.it\/ar\/prodotto\/%d9%85%d8%b4%d8%b1%d8%a8-%d9%85%d9%86-%d8%a7%d9%84%d8%ad%d8%af%d9%8a%d8%af-%d8%a7%d9%84%d8%b2%d9%87%d8%b1-%d9%85%d8%b9-%d8%a8%d9%86%d8%af%d9%88%d9%84-%d9%85%d8%b9%d8%b2%d8%b2-%d9%84%d9%84%d8%a3%d8%a8\/\" \/>\n<meta property=\"og:site_name\" content=\"FDA srl\" \/>\n<meta property=\"article:publisher\" content=\"https:\/\/www.facebook.com\/share\/1MWhFWg1Tp\/?mibextid=LQQJ4d\" \/>\n<meta property=\"og:image\" content=\"https:\/\/fdasrl.it\/wp-content\/uploads\/2025\/01\/abbeveratoio-fa-be-ghisa-cataforesi-pendolo-fda.webp\" \/>\n\t<meta property=\"og:image:width\" content=\"2047\" \/>\n\t<meta property=\"og:image:height\" content=\"1710\" \/>\n\t<meta property=\"og:image:type\" content=\"image\/webp\" \/>\n<meta name=\"twitter:card\" content=\"summary_large_image\" \/>\n<meta name=\"twitter:label1\" content=\"\u0627\u0644\u0633\u0639\u0631\" \/>\n\t<meta name=\"twitter:data1\" content=\"\" \/>\n\t<meta name=\"twitter:label2\" content=\"\u0627\u0644\u062a\u0648\u0641\u0631\" \/>\n\t<meta name=\"twitter:data2\" content=\"\u0645\u062a\u0648\u0641\u0631 \u0641\u064a \u0627\u0644\u0645\u062e\u0632\u0648\u0646\" \/>\n<meta property=\"product:price:currency\" content=\"EUR\" \/>\n<meta property=\"og:availability\" content=\"instock\" \/>\n<meta property=\"product:availability\" content=\"instock\" \/>\n<meta property=\"product:retailer_item_id\" content=\"FA-BE\" \/>\n<meta property=\"product:condition\" content=\"new\" \/>\n<!-- \/ Yoast SEO Premium plugin. -->","yoast_head_json":{"title":"\u0645\u0634\u0631\u0628 \u0645\u0646 \u0627\u0644\u062d\u062f\u064a\u062f \u0627\u0644\u0632\u0647\u0631 \u0645\u0639 \u0628\u0646\u062f\u0648\u0644 \u0645\u0639\u0632\u0632: \u0645\u062a\u0627\u0646\u0629 \u0645\u0636\u0645\u0648\u0646\u0629 - FDA srl","description":"\u0645\u0634\u0631\u0628\u0646\u0627 \u0645\u0646 \u0627\u0644\u062d\u062f\u064a\u062f \u0627\u0644\u0632\u0647\u0631 \u0645\u0639 \u0628\u0646\u062f\u0648\u0644 \u0645\u0639\u0632\u0632 \u0647\u0648 \u0627\u0644\u062d\u0644 \u0627\u0644\u0645\u062b\u0627\u0644\u064a \u0644\u0644\u0623\u0628\u0642\u0627\u0631 \u0648\u0627\u0644\u062e\u064a\u0648\u0644. \u0627\u062e\u062a\u0631 \u0627\u0644\u0645\u0642\u0627\u0648\u0645\u0629 \u0648\u0627\u0644\u0645\u0648\u062b\u0648\u0642\u064a\u0629 \u0644\u062d\u064a\u0648\u0627\u0646\u0627\u062a\u0643! \ud83d\udca7","robots":{"index":"index","follow":"follow","max-snippet":"max-snippet:-1","max-image-preview":"max-image-preview:large","max-video-preview":"max-video-preview:-1"},"canonical":"https:\/\/fdasrl.it\/ar\/prodotto\/%d9%85%d8%b4%d8%b1%d8%a8-%d9%85%d9%86-%d8%a7%d9%84%d8%ad%d8%af%d9%8a%d8%af-%d8%a7%d9%84%d8%b2%d9%87%d8%b1-%d9%85%d8%b9-%d8%a8%d9%86%d8%af%d9%88%d9%84-%d9%85%d8%b9%d8%b2%d8%b2-%d9%84%d9%84%d8%a3%d8%a8\/","og_locale":"ar_AR","og_type":"article","og_title":"\u0645\u0634\u0631\u0628 \u0645\u0646 \u0627\u0644\u062d\u062f\u064a\u062f \u0627\u0644\u0632\u0647\u0631 \u0645\u0639 \u0628\u0646\u062f\u0648\u0644 \u0645\u0639\u0632\u0632 \u0644\u0644\u0623\u0628\u0642\u0627\u0631 \u0648\u0627\u0644\u062e\u064a\u0648\u0644","og_description":"\u0645\u0634\u0631\u0628\u0646\u0627 \u0645\u0646 \u0627\u0644\u062d\u062f\u064a\u062f \u0627\u0644\u0632\u0647\u0631 \u0645\u0639 \u0628\u0646\u062f\u0648\u0644 \u0645\u0639\u0632\u0632 \u0647\u0648 \u0627\u0644\u062d\u0644 \u0627\u0644\u0645\u062b\u0627\u0644\u064a \u0644\u0644\u0623\u0628\u0642\u0627\u0631 \u0648\u0627\u0644\u062e\u064a\u0648\u0644. \u0627\u062e\u062a\u0631 \u0627\u0644\u0645\u0642\u0627\u0648\u0645\u0629 \u0648\u0627\u0644\u0645\u0648\u062b\u0648\u0642\u064a\u0629 \u0644\u062d\u064a\u0648\u0627\u0646\u0627\u062a\u0643! \ud83d\udca7","og_url":"https:\/\/fdasrl.it\/ar\/prodotto\/%d9%85%d8%b4%d8%b1%d8%a8-%d9%85%d9%86-%d8%a7%d9%84%d8%ad%d8%af%d9%8a%d8%af-%d8%a7%d9%84%d8%b2%d9%87%d8%b1-%d9%85%d8%b9-%d8%a8%d9%86%d8%af%d9%88%d9%84-%d9%85%d8%b9%d8%b2%d8%b2-%d9%84%d9%84%d8%a3%d8%a8\/","og_site_name":"FDA srl","article_publisher":"https:\/\/www.facebook.com\/share\/1MWhFWg1Tp\/?mibextid=LQQJ4d","og_image":[{"width":2047,"height":1710,"url":"https:\/\/fdasrl.it\/wp-content\/uploads\/2025\/01\/abbeveratoio-fa-be-ghisa-cataforesi-pendolo-fda.webp","type":"image\/webp"}],"twitter_card":"summary_large_image","twitter_misc":{"\u0627\u0644\u0633\u0639\u0631":"","\u0627\u0644\u062a\u0648\u0641\u0631":"\u0645\u062a\u0648\u0641\u0631 \u0641\u064a \u0627\u0644\u0645\u062e\u0632\u0648\u0646"},"schema":{"@context":"https:\/\/schema.org","@graph":[{"@type":"WebPage","@id":"https:\/\/fdasrl.it\/ar\/prodotto\/%d9%85%d8%b4%d8%b1%d8%a8-%d9%85%d9%86-%d8%a7%d9%84%d8%ad%d8%af%d9%8a%d8%af-%d8%a7%d9%84%d8%b2%d9%87%d8%b1-%d9%85%d8%b9-%d8%a8%d9%86%d8%af%d9%88%d9%84-%d9%85%d8%b9%d8%b2%d8%b2-%d9%84%d9%84%d8%a3%d8%a8\/","url":"https:\/\/fdasrl.it\/ar\/prodotto\/%d9%85%d8%b4%d8%b1%d8%a8-%d9%85%d9%86-%d8%a7%d9%84%d8%ad%d8%af%d9%8a%d8%af-%d8%a7%d9%84%d8%b2%d9%87%d8%b1-%d9%85%d8%b9-%d8%a8%d9%86%d8%af%d9%88%d9%84-%d9%85%d8%b9%d8%b2%d8%b2-%d9%84%d9%84%d8%a3%d8%a8\/","name":"\u0645\u0634\u0631\u0628 \u0645\u0646 \u0627\u0644\u062d\u062f\u064a\u062f \u0627\u0644\u0632\u0647\u0631 \u0645\u0639 \u0628\u0646\u062f\u0648\u0644 \u0645\u0639\u0632\u0632: \u0645\u062a\u0627\u0646\u0629 \u0645\u0636\u0645\u0648\u0646\u0629 - FDA srl","isPartOf":{"@id":"https:\/\/fdasrl.it\/ar\/#website"},"primaryImageOfPage":{"@id":"https:\/\/fdasrl.it\/ar\/prodotto\/%d9%85%d8%b4%d8%b1%d8%a8-%d9%85%d9%86-%d8%a7%d9%84%d8%ad%d8%af%d9%8a%d8%af-%d8%a7%d9%84%d8%b2%d9%87%d8%b1-%d9%85%d8%b9-%d8%a8%d9%86%d8%af%d9%88%d9%84-%d9%85%d8%b9%d8%b2%d8%b2-%d9%84%d9%84%d8%a3%d8%a8\/#primaryimage"},"image":{"@id":"https:\/\/fdasrl.it\/ar\/prodotto\/%d9%85%d8%b4%d8%b1%d8%a8-%d9%85%d9%86-%d8%a7%d9%84%d8%ad%d8%af%d9%8a%d8%af-%d8%a7%d9%84%d8%b2%d9%87%d8%b1-%d9%85%d8%b9-%d8%a8%d9%86%d8%af%d9%88%d9%84-%d9%85%d8%b9%d8%b2%d8%b2-%d9%84%d9%84%d8%a3%d8%a8\/#primaryimage"},"thumbnailUrl":"https:\/\/fdasrl.it\/wp-content\/uploads\/2025\/01\/abbeveratoio-fa-be-ghisa-cataforesi-pendolo-fda.webp","datePublished":"2025-01-21T09:01:26+00:00","description":"\u0645\u0634\u0631\u0628\u0646\u0627 \u0645\u0646 \u0627\u0644\u062d\u062f\u064a\u062f \u0627\u0644\u0632\u0647\u0631 \u0645\u0639 \u0628\u0646\u062f\u0648\u0644 \u0645\u0639\u0632\u0632 \u0647\u0648 \u0627\u0644\u062d\u0644 \u0627\u0644\u0645\u062b\u0627\u0644\u064a \u0644\u0644\u0623\u0628\u0642\u0627\u0631 \u0648\u0627\u0644\u062e\u064a\u0648\u0644. \u0627\u062e\u062a\u0631 \u0627\u0644\u0645\u0642\u0627\u0648\u0645\u0629 \u0648\u0627\u0644\u0645\u0648\u062b\u0648\u0642\u064a\u0629 \u0644\u062d\u064a\u0648\u0627\u0646\u0627\u062a\u0643! \ud83d\udca7","breadcrumb":{"@id":"https:\/\/fdasrl.it\/ar\/prodotto\/%d9%85%d8%b4%d8%b1%d8%a8-%d9%85%d9%86-%d8%a7%d9%84%d8%ad%d8%af%d9%8a%d8%af-%d8%a7%d9%84%d8%b2%d9%87%d8%b1-%d9%85%d8%b9-%d8%a8%d9%86%d8%af%d9%88%d9%84-%d9%85%d8%b9%d8%b2%d8%b2-%d9%84%d9%84%d8%a3%d8%a8\/#breadcrumb"},"inLanguage":"ar","potentialAction":[{"@type":"ReadAction","target":["https:\/\/fdasrl.it\/ar\/prodotto\/%d9%85%d8%b4%d8%b1%d8%a8-%d9%85%d9%86-%d8%a7%d9%84%d8%ad%d8%af%d9%8a%d8%af-%d8%a7%d9%84%d8%b2%d9%87%d8%b1-%d9%85%d8%b9-%d8%a8%d9%86%d8%af%d9%88%d9%84-%d9%85%d8%b9%d8%b2%d8%b2-%d9%84%d9%84%d8%a3%d8%a8\/"]}]},{"@type":"ImageObject","inLanguage":"ar","@id":"https:\/\/fdasrl.it\/ar\/prodotto\/%d9%85%d8%b4%d8%b1%d8%a8-%d9%85%d9%86-%d8%a7%d9%84%d8%ad%d8%af%d9%8a%d8%af-%d8%a7%d9%84%d8%b2%d9%87%d8%b1-%d9%85%d8%b9-%d8%a8%d9%86%d8%af%d9%88%d9%84-%d9%85%d8%b9%d8%b2%d8%b2-%d9%84%d9%84%d8%a3%d8%a8\/#primaryimage","url":"https:\/\/fdasrl.it\/wp-content\/uploads\/2025\/01\/abbeveratoio-fa-be-ghisa-cataforesi-pendolo-fda.webp","contentUrl":"https:\/\/fdasrl.it\/wp-content\/uploads\/2025\/01\/abbeveratoio-fa-be-ghisa-cataforesi-pendolo-fda.webp","width":2047,"height":1710,"caption":"Abbeveratoio in ghisa smaltata FA-BE con valvola in ottone e pendolo rinforzato per bovini ed equini"},{"@type":"BreadcrumbList","@id":"https:\/\/fdasrl.it\/ar\/prodotto\/%d9%85%d8%b4%d8%b1%d8%a8-%d9%85%d9%86-%d8%a7%d9%84%d8%ad%d8%af%d9%8a%d8%af-%d8%a7%d9%84%d8%b2%d9%87%d8%b1-%d9%85%d8%b9-%d8%a8%d9%86%d8%af%d9%88%d9%84-%d9%85%d8%b9%d8%b2%d8%b2-%d9%84%d9%84%d8%a3%d8%a8\/#breadcrumb","itemListElement":[{"@type":"ListItem","position":1,"name":"Home","item":"https:\/\/fdasrl.it\/ar\/%d8%a7%d9%84%d8%b1%d8%a6%d9%8a%d8%b3%d9%8a%d8%a9\/"},{"@type":"ListItem","position":2,"name":"\u0627\u0644\u0645\u062a\u062c\u0631","item":"https:\/\/fdasrl.it\/ar\/%d8%a7%d9%84%d9%85%d8%aa%d8%ac%d8%b1\/"},{"@type":"ListItem","position":3,"name":"\u0645\u0634\u0631\u0628 \u0645\u0646 \u0627\u0644\u062d\u062f\u064a\u062f \u0627\u0644\u0632\u0647\u0631 \u0645\u0639 \u0628\u0646\u062f\u0648\u0644 \u0645\u0639\u0632\u0632 \u0644\u0644\u0623\u0628\u0642\u0627\u0631 \u0648\u0627\u0644\u062e\u064a\u0648\u0644"}]},{"@type":"WebSite","@id":"https:\/\/fdasrl.it\/ar\/#website","url":"https:\/\/fdasrl.it\/ar\/","name":"FDA srl","description":"Equipment for animal husbandry","publisher":{"@id":"https:\/\/fdasrl.it\/ar\/#organization"},"potentialAction":[{"@type":"SearchAction","target":{"@type":"EntryPoint","urlTemplate":"https:\/\/fdasrl.it\/ar\/?s={search_term_string}"},"query-input":{"@type":"PropertyValueSpecification","valueRequired":true,"valueName":"search_term_string"}}],"inLanguage":"ar"},{"@type":"Organization","@id":"https:\/\/fdasrl.it\/ar\/#organization","name":"FDA srl","url":"https:\/\/fdasrl.it\/ar\/","logo":{"@type":"ImageObject","inLanguage":"ar","@id":"https:\/\/fdasrl.it\/ar\/#\/schema\/logo\/image\/","url":"https:\/\/fdasrl.it\/wp-content\/uploads\/2024\/12\/Logo-FDA.png","contentUrl":"https:\/\/fdasrl.it\/wp-content\/uploads\/2024\/12\/Logo-FDA.png","width":316,"height":119,"caption":"FDA srl"},"image":{"@id":"https:\/\/fdasrl.it\/ar\/#\/schema\/logo\/image\/"},"sameAs":["https:\/\/www.facebook.com\/share\/1MWhFWg1Tp\/?mibextid=LQQJ4d","https:\/\/www.instagram.com\/fda_srl\/profilecard\/?igsh=YW5lbzJ6MWg0d21u","https:\/\/www.youtube.com\/@FDASRL_ANIMALCARE"],"description":"FDA SRL \u2013 Equipment for animal husbandry nasce con l\u2019obiettivo di offrire soluzioni affidabili e innovative per l\u2019allevamento moderno. Con anni di esperienza nel settore zootecnico, progettiamo e realizziamo attrezzature destinate al benessere animale e alla gestione efficiente delle stalle: vasche, abbeveratoi, mangiatoie e sistemi di riscaldamento pensati per durare nel tempo e semplificare il lavoro quotidiano degli allevatori. Dalla progettazione alla produzione, ogni nostro prodotto \u00e8 studiato nei minimi dettagli, testato con cura e costruito per rispondere alle esigenze reali del settore. La nostra forza \u00e8 unire artigianalit\u00e0, tecnologia e competenza tecnica per trasformare ogni progetto in una soluzione concreta e funzionale. Oggi FDA SRL \u00e8 un punto di riferimento per privati e rivenditori che cercano qualit\u00e0, affidabilit\u00e0 e innovazione nelle attrezzature per l\u2019allevamento.","email":"info@fdasrl.it","telephone":"+390522826820","legalName":"F.D.A. SRL","foundingDate":"2024-10-13","vatID":"03075840359","taxID":"03075840359","numberOfEmployees":{"@type":"QuantitativeValue","minValue":"1","maxValue":"10"}}]},"product_price_currency":"EUR","og_availability":"instock","product_availability":"instock","product_retailer_item_id":"FA-BE","product_condition":"new"},"_links":{"self":[{"href":"https:\/\/fdasrl.it\/ar\/wp-json\/wp\/v2\/product\/4137","targetHints":{"allow":["GET"]}}],"collection":[{"href":"https:\/\/fdasrl.it\/ar\/wp-json\/wp\/v2\/product"}],"about":[{"href":"https:\/\/fdasrl.it\/ar\/wp-json\/wp\/v2\/types\/product"}],"replies":[{"embeddable":true,"href":"https:\/\/fdasrl.it\/ar\/wp-json\/wp\/v2\/comments?post=4137"}],"wp:featuredmedia":[{"embeddable":true,"href":"https:\/\/fdasrl.it\/ar\/wp-json\/wp\/v2\/media\/878"}],"wp:attachment":[{"href":"https:\/\/fdasrl.it\/ar\/wp-json\/wp\/v2\/media?parent=4137"}],"wp:term":[{"taxonomy":"product_brand","embeddable":true,"href":"https:\/\/fdasrl.it\/ar\/wp-json\/wp\/v2\/product_brand?post=4137"},{"taxonomy":"product_cat","embeddable":true,"href":"https:\/\/fdasrl.it\/ar\/wp-json\/wp\/v2\/product_cat?post=4137"},{"taxonomy":"product_tag","embeddable":true,"href":"https:\/\/fdasrl.it\/ar\/wp-json\/wp\/v2\/product_tag?post=4137"}],"curies":[{"name":"wp","href":"https:\/\/api.w.org\/{rel}","templated":true}]}}