{"id":4221,"date":"2025-01-21T11:23:26","date_gmt":"2025-01-21T10:23:26","guid":{"rendered":"https:\/\/fdasrl.it\/prodotto\/%d9%85%d8%b3%d9%82%d9%89-%d8%a3%d9%88%d8%aa%d9%88%d9%85%d8%a7%d8%aa%d9%8a%d9%83%d9%8a-%d8%a8%d8%ad%d9%88%d8%b6-%d9%82%d8%a7%d8%a8%d9%84-%d9%84%d9%84%d8%a5%d9%85%d8%a7%d9%84%d8%a9-%d9%85%d8%b9-%d8%aa\/"},"modified":"2025-01-21T11:23:26","modified_gmt":"2025-01-21T10:23:26","slug":"%d9%85%d8%b3%d9%82%d9%89-%d8%a3%d9%88%d8%aa%d9%88%d9%85%d8%a7%d8%aa%d9%8a%d9%83%d9%8a-%d8%a8%d8%ad%d9%88%d8%b6-%d9%82%d8%a7%d8%a8%d9%84-%d9%84%d9%84%d8%a5%d9%85%d8%a7%d9%84%d8%a9-%d9%85%d8%b9-%d8%aa","status":"publish","type":"product","link":"https:\/\/fdasrl.it\/ar\/prodotto\/%d9%85%d8%b3%d9%82%d9%89-%d8%a3%d9%88%d8%aa%d9%88%d9%85%d8%a7%d8%aa%d9%8a%d9%83%d9%8a-%d8%a8%d8%ad%d9%88%d8%b6-%d9%82%d8%a7%d8%a8%d9%84-%d9%84%d9%84%d8%a5%d9%85%d8%a7%d9%84%d8%a9-%d9%85%d8%b9-%d8%aa\/","title":{"rendered":"\u0645\u0633\u0642\u0649 \u0623\u0648\u062a\u0648\u0645\u0627\u062a\u064a\u0643\u064a \u0628\u062d\u0648\u0636 \u0642\u0627\u0628\u0644 \u0644\u0644\u0625\u0645\u0627\u0644\u0629 \u0645\u0639 \u062a\u062b\u0628\u064a\u062a \u062c\u062f\u0627\u0631\u064a"},"content":{"rendered":"<h2 data-start=\"245\" data-end=\"352\">\ud83d\udeb0 <strong data-start=\"251\" data-end=\"352\">\u0645\u0633\u0642\u0649 \u0623\u0648\u062a\u0648\u0645\u0627\u062a\u064a\u0643\u064a \u0628\u062d\u0648\u0636 \u0642\u0627\u0628\u0644 \u0644\u0644\u0625\u0645\u0627\u0644\u0629 FA VSRT \u0645\u0646 \u0627\u0644\u0641\u0648\u0644\u0627\u0630 \u0627\u0644\u0645\u0642\u0627\u0648\u0645 \u0644\u0644\u0635\u062f\u0623 \u2013 \u0645\u062b\u0627\u0644\u064a \u0644\u0644\u0623\u0628\u0642\u0627\u0631 \u0648\u0627\u0644\u062e\u064a\u0648\u0644<\/strong><\/h2>\n<p data-start=\"354\" data-end=\"686\">\u0645\u0633\u0642\u0649 \u0623\u0648\u062a\u0648\u0645\u0627\u062a\u064a\u0643\u064a \u0628\u0645\u0633\u062a\u0648\u0649 \u062b\u0627\u0628\u062a\u060c \u0645\u0635\u0645\u0645 \u0644\u0644\u062a\u0631\u0628\u064a\u0629 \u0627\u0644\u0627\u062d\u062a\u0631\u0627\u0641\u064a\u0629 <strong data-start=\"444\" data-end=\"464\">\u0644\u0644\u0623\u0628\u0642\u0627\u0631 \u0648\u0627\u0644\u062e\u064a\u0648\u0644<\/strong>\u060c \u0645\u0639 <strong data-start=\"470\" data-end=\"516\">\u062d\u0648\u0636 \u0642\u0627\u0628\u0644 \u0644\u0644\u0625\u0645\u0627\u0644\u0629 \u0645\u0646 \u0627\u0644\u0641\u0648\u0644\u0627\u0630 \u0627\u0644\u0645\u0642\u0627\u0648\u0645 \u0644\u0644\u0635\u062f\u0623 AISI 304<\/strong>.<br data-start=\"517\" data-end=\"520\">\u064a\u062a\u064a\u062d \u0646\u0638\u0627\u0645 \u0627\u0644\u0639\u0648\u0627\u0645\u0629 <strong data-start=\"558\" data-end=\"593\">\u0645\u0644\u0621 \u0623\u0648\u062a\u0648\u0645\u0627\u062a\u064a\u0643\u064a \u062b\u0627\u0628\u062a<\/strong>\u060c \u0628\u064a\u0646\u0645\u0627 \u064a\u0636\u0645\u0646 <strong data-start=\"605\" data-end=\"637\">\u0627\u0644\u0647\u064a\u0643\u0644 \u0645\u0646 \u0627\u0644\u0641\u0648\u0644\u0627\u0630 \u0627\u0644\u0645\u062c\u0644\u0641\u0646<\/strong> \u0627\u0644\u0645\u062a\u0627\u0646\u0629 \u0648\u0627\u0644\u0627\u0633\u062a\u0642\u0631\u0627\u0631 \u0648\u0627\u0644\u0639\u0645\u0631 \u0627\u0644\u0637\u0648\u064a\u0644.<\/p>\n<p data-start=\"688\" data-end=\"884\">\u0645\u062a\u0648\u0641\u0631 \u0641\u064a <strong data-start=\"703\" data-end=\"737\">\u062b\u0644\u0627\u062b\u0629 \u0625\u0635\u062f\u0627\u0631\u0627\u062a (1 \u0645\u060c 1.5 \u0645\u060c 2 \u0645)<\/strong> \u0644\u0644\u062a\u0643\u064a\u0641 \u0645\u0639 \u0643\u0644 \u0646\u0648\u0639 \u0645\u0646 \u0623\u0646\u0648\u0627\u0639 \u0627\u0644\u062a\u0631\u0628\u064a\u0629.<br data-start=\"779\" data-end=\"782\">\u064a\u062a\u064a\u062d \u0627\u0644\u062d\u0648\u0636 \u0627\u0644\u0642\u0627\u0628\u0644 \u0644\u0644\u0625\u0645\u0627\u0644\u0629 <strong data-start=\"816\" data-end=\"843\">\u062a\u0646\u0638\u064a\u0641\u0627\u064b \u0633\u0631\u064a\u0639\u0627\u064b \u0648\u0622\u0645\u0646\u0627\u064b<\/strong>\u060c \u0645\u0645\u0627 \u064a\u0642\u0644\u0644 \u0645\u0646 \u062e\u0637\u0631 \u0627\u0644\u062a\u0644\u0648\u062b.<\/p>\n<hr data-start=\"886\" data-end=\"889\">\n<h3 data-start=\"891\" data-end=\"953\">\ud83d\udee0\ufe0f <strong data-start=\"899\" data-end=\"953\">\u0627\u0644\u0645\u0648\u0627\u0635\u0641\u0627\u062a \u0627\u0644\u0641\u0646\u064a\u0629 \u0627\u0644\u0645\u0634\u062a\u0631\u0643\u0629 \u0644\u062c\u0645\u064a\u0639 \u0627\u0644\u0637\u0631\u0632:<\/strong><\/h3>\n<ul data-start=\"954\" data-end=\"1410\">\n<li data-start=\"954\" data-end=\"992\">\n<p data-start=\"956\" data-end=\"992\"><strong data-start=\"956\" data-end=\"990\">\u062d\u0648\u0636 \u0645\u0646 \u0627\u0644\u0641\u0648\u0644\u0627\u0630 \u0627\u0644\u0645\u0642\u0627\u0648\u0645 \u0644\u0644\u0635\u062f\u0623 AISI 304<\/strong><\/p>\n<\/li>\n<li data-start=\"993\" data-end=\"1088\">\n<p data-start=\"995\" data-end=\"1088\"><strong data-start=\"995\" data-end=\"1022\">\u0647\u064a\u0643\u0644 \u062d\u0645\u0627\u064a\u0629<\/strong> \u0645\u0646 \u0627\u0644\u0623\u0646\u0627\u0628\u064a\u0628 \u0627\u0644\u0645\u062c\u0644\u0641\u0646\u0629 \u0639\u0644\u0649 \u0627\u0644\u0633\u0627\u062e\u0646 \u0645\u0639 \u0623\u0642\u062f\u0627\u0645 \u0644\u0644\u062a\u062b\u0628\u064a\u062a \u0639\u0644\u0649 \u0627\u0644\u0623\u0631\u0636\u064a\u0629<\/p>\n<\/li>\n<li data-start=\"1089\" data-end=\"1187\">\n<p data-start=\"1091\" data-end=\"1187\"><strong data-start=\"1091\" data-end=\"1114\">\u0639\u0648\u0627\u0645\u0629 \u00d8 3\/4&#8243;<\/strong> \u0645\u0639 \u0635\u0645\u0627\u0645 \u0645\u0646 ABS\u060c \u0645\u0631\u0634\u062d \u0645\u0633\u0628\u0642\u060c \u062c\u0633\u0645 \u0643\u0631\u0648\u064a \u0645\u0646 PE \u0648\u062a\u0639\u062f\u064a\u0644 \u0627\u0644\u0627\u0631\u062a\u0641\u0627\u0639<\/p>\n<\/li>\n<li data-start=\"1188\" data-end=\"1227\">\n<p data-start=\"1190\" data-end=\"1227\"><strong data-start=\"1190\" data-end=\"1207\">\u062a\u062f\u0641\u0642 \u0627\u0644\u0645\u064a\u0627\u0647<\/strong>: 50 \u0644\u062a\u0631\/\u062f\u0642\u064a\u0642\u0629 \u0639\u0646\u062f 6 \u0628\u0627\u0631<\/p>\n<\/li>\n<li data-start=\"1228\" data-end=\"1275\">\n<p data-start=\"1230\" data-end=\"1275\"><strong data-start=\"1230\" data-end=\"1256\">\u0636\u063a\u0637 \u0627\u0644\u062a\u0634\u063a\u064a\u0644<\/strong>: \u0645\u0646 0.5 \u0625\u0644\u0649 12 \u0628\u0627\u0631<\/p>\n<\/li>\n<li data-start=\"1276\" data-end=\"1359\">\n<p data-start=\"1278\" data-end=\"1359\"><strong data-start=\"1278\" data-end=\"1309\">\u0646\u0638\u0627\u0645 \u0645\u0633\u062a\u0648\u0649 \u062b\u0627\u0628\u062a<\/strong> \u0645\u0639 \u062d\u0648\u0636 \u0642\u0627\u0628\u0644 \u0644\u0644\u0625\u0645\u0627\u0644\u0629 \u0644\u062a\u0633\u0647\u064a\u0644 \u0627\u0644\u062a\u0646\u0638\u064a\u0641<\/p>\n<\/li>\n<\/ul>\n<hr data-start=\"1412\" data-end=\"1415\">\n<h3 data-start=\"1417\" data-end=\"1448\">\ud83d\udccf <strong data-start=\"1424\" data-end=\"1448\">\u0627\u0644\u0637\u0631\u0632 \u0627\u0644\u0645\u062a\u0648\u0641\u0631\u0629:<\/strong><\/h3>\n<h4 data-start=\"1450\" data-end=\"1491\">\ud83d\udd39 <strong data-start=\"1458\" data-end=\"1491\">FA VSRT 1 \u2013 \u0628\u0637\u0648\u0644 1 \u0645\u062a\u0631<\/strong><\/h4>\n<ul data-start=\"1492\" data-end=\"1659\">\n<li data-start=\"1492\" data-end=\"1519\">\n<p data-start=\"1494\" data-end=\"1519\">\u0627\u0644\u062d\u0648\u0636: 100 \u00d7 32 \u00d7 23 \u0633\u0645<\/p>\n<\/li>\n<li data-start=\"1520\" data-end=\"1553\">\n<p data-start=\"1522\" data-end=\"1553\">\u0645\u0633\u0627\u062d\u0629 \u0627\u0644\u0634\u0631\u0628: 88 \u0633\u0645<\/p>\n<\/li>\n<li data-start=\"1554\" data-end=\"1596\">\n<p data-start=\"1556\" data-end=\"1596\">\u0623\u0628\u0639\u0627\u062f \u0627\u0644\u0647\u064a\u0643\u0644: 140 \u00d7 60 \u00d7 81 \u0633\u0645<\/p>\n<\/li>\n<li data-start=\"1597\" data-end=\"1659\">\n<p data-start=\"1599\" data-end=\"1659\"><strong data-start=\"1599\" data-end=\"1607\">\u0627\u0644\u0648\u0632\u0646<\/strong>: 70 \u0643\u062c\u0645<br data-start=\"1614\" data-end=\"1617\">\ud83d\udc49 [<a href=\"https:\/\/fda-shop.it\/shop\/articoli-per-allevamento\/abbeveratoi\/abbeveratoio-automatico-un-metro-ribaltabile\"><strong data-start=\"1621\" data-end=\"1658\">\u0627\u0634\u062a\u0631\u0650\u0647 \u0645\u0646 \u0645\u062a\u062c\u0631\u0646\u0627 \u0627\u0644\u0625\u0644\u0643\u062a\u0631\u0648\u0646\u064a<\/strong><\/a>]<\/p>\n<\/li>\n<\/ul>\n<h4 data-start=\"1661\" data-end=\"1706\">\ud83d\udd39 <strong data-start=\"1669\" data-end=\"1706\">FA VSRT 1.5 \u2013 \u0628\u0637\u0648\u0644 1.5 \u0645\u062a\u0631<\/strong><\/h4>\n<ul data-start=\"1707\" data-end=\"1875\">\n<li data-start=\"1707\" data-end=\"1734\">\n<p data-start=\"1709\" data-end=\"1734\">\u0627\u0644\u062d\u0648\u0636: 150 \u00d7 32 \u00d7 23 \u0633\u0645<\/p>\n<\/li>\n<li data-start=\"1735\" data-end=\"1769\">\n<p data-start=\"1737\" data-end=\"1769\">\u0645\u0633\u0627\u062d\u0629 \u0627\u0644\u0634\u0631\u0628: 138 \u0633\u0645<\/p>\n<\/li>\n<li data-start=\"1770\" data-end=\"1812\">\n<p data-start=\"1772\" data-end=\"1812\">\u0623\u0628\u0639\u0627\u062f \u0627\u0644\u0647\u064a\u0643\u0644: 190 \u00d7 60 \u00d7 81 \u0633\u0645<\/p>\n<\/li>\n<li data-start=\"1813\" data-end=\"1875\">\n<p data-start=\"1815\" data-end=\"1875\"><strong data-start=\"1815\" data-end=\"1823\">\u0627\u0644\u0648\u0632\u0646<\/strong>: 80 \u0643\u062c\u0645<br data-start=\"1830\" data-end=\"1833\">\ud83d\udc49 [<a href=\"https:\/\/fda-shop.it\/shop\/articoli-per-allevamento\/abbeveratoio-automatico-ribaltabile-un-metro-mezzo\"><strong data-start=\"1837\" data-end=\"1874\">\u0627\u0634\u062a\u0631\u0650\u0647 \u0645\u0646 \u0645\u062a\u062c\u0631\u0646\u0627 \u0627\u0644\u0625\u0644\u0643\u062a\u0631\u0648\u0646\u064a<\/strong><\/a>]<\/p>\n<\/li>\n<\/ul>\n<h4 data-start=\"1877\" data-end=\"1918\">\ud83d\udd39 <strong data-start=\"1885\" data-end=\"1918\">FA VSRT 2 \u2013 \u0628\u0637\u0648\u0644 2 \u0645\u062a\u0631<\/strong><\/h4>\n<ul data-start=\"1919\" data-end=\"2087\">\n<li data-start=\"1919\" data-end=\"1946\">\n<p data-start=\"1921\" data-end=\"1946\">\u0627\u0644\u062d\u0648\u0636: 200 \u00d7 32 \u00d7 23 \u0633\u0645<\/p>\n<\/li>\n<li data-start=\"1947\" data-end=\"1981\">\n<p data-start=\"1949\" data-end=\"1981\">\u0645\u0633\u0627\u062d\u0629 \u0627\u0644\u0634\u0631\u0628: 188 \u0633\u0645<\/p>\n<\/li>\n<li data-start=\"1982\" data-end=\"2024\">\n<p data-start=\"1984\" data-end=\"2024\">\u0623\u0628\u0639\u0627\u062f \u0627\u0644\u0647\u064a\u0643\u0644: 240 \u00d7 60 \u00d7 81 \u0633\u0645<\/p>\n<\/li>\n<li data-start=\"2025\" data-end=\"2087\">\n<p data-start=\"2027\" data-end=\"2087\"><strong data-start=\"2027\" data-end=\"2035\">\u0627\u0644\u0648\u0632\u0646<\/strong>: 92 \u0643\u062c\u0645<br data-start=\"2042\" data-end=\"2045\">\ud83d\udc49 [<a href=\"https:\/\/fda-shop.it\/shop\/articoli-per-allevamento\/abbeveratoi\/abbeveratoio-automatico-due-metri-ribaltabile\"><strong data-start=\"2049\" data-end=\"2086\">\u0627\u0634\u062a\u0631\u0650\u0647 \u0645\u0646 \u0645\u062a\u062c\u0631\u0646\u0627 \u0627\u0644\u0625\u0644\u0643\u062a\u0631\u0648\u0646\u064a<\/strong><\/a>]<\/p>\n<\/li>\n<\/ul>\n","protected":false},"excerpt":{"rendered":"<p>\u0645\u0633\u0642\u0649 \u0623\u0648\u062a\u0648\u0645\u0627\u062a\u064a\u0643\u064a \u0628\u0645\u0633\u062a\u0648\u0649 \u062b\u0627\u0628\u062a \u0645\u0639 \u062d\u0648\u0636 \u0642\u0627\u0628\u0644 \u0644\u0644\u0625\u0645\u0627\u0644\u0629 \u0645\u0646 \u0627\u0644\u0641\u0648\u0644\u0627\u0630 \u0627\u0644\u0645\u0642\u0627\u0648\u0645 \u0644\u0644\u0635\u062f\u0623 AISI 304\u060c \u0645\u062b\u0627\u0644\u064a \u0644\u0644\u0623\u0628\u0642\u0627\u0631 \u0648\u0627\u0644\u062e\u064a\u0648\u0644.<\/p>\n","protected":false},"featured_media":399,"comment_status":"open","ping_status":"closed","template":"","meta":{"_et_pb_use_builder":"","_et_pb_old_content":"","_et_gb_content_width":""},"product_brand":[],"product_cat":[557,398,626,556,567],"product_tag":[1002,1003,1005,1004],"class_list":{"0":"post-4221","1":"product","2":"type-product","3":"status-publish","4":"has-post-thumbnail","6":"product_cat-557","7":"product_cat-398","8":"product_cat-626","9":"product_cat-556","10":"product_cat-567","11":"product_tag-fa-vsrt1","12":"product_tag-favsrt1","13":"product_tag-favsrt1-5","14":"product_tag-favsrt2","16":"first","17":"instock","18":"shipping-taxable","19":"product-type-simple"},"yoast_head":"<!-- This site is optimized with the Yoast SEO Premium plugin v27.5 (Yoast SEO v27.5) - https:\/\/yoast.com\/product\/yoast-seo-premium-wordpress\/ -->\n<title>\u0645\u0633\u0642\u0649 \u0623\u0648\u062a\u0648\u0645\u0627\u062a\u064a\u0643\u064a \u0628\u0645\u0633\u062a\u0648\u0649 \u062b\u0627\u0628\u062a \u0645\u0639 \u062d\u0648\u0636 \u0642\u0627\u0628\u0644 \u0644\u0644\u0625\u0645\u0627\u0644\u0629 - FDA srl<\/title>\n<meta name=\"description\" content=\"\u062d\u0633\u0651\u0646 \u062a\u0631\u0628\u064a\u0629 \u0627\u0644\u0645\u0627\u0634\u064a\u0629 \u0645\u0639 \u0645\u0633\u0642\u0627\u0646\u0627 \u0627\u0644\u0623\u0648\u062a\u0648\u0645\u0627\u062a\u064a\u0643\u064a \u0628\u0645\u0633\u062a\u0648\u0649 \u062b\u0627\u0628\u062a. \u0627\u0644\u062d\u0648\u0636 \u0645\u0646 \u0627\u0644\u0641\u0648\u0644\u0627\u0630 \u0627\u0644\u0645\u0642\u0627\u0648\u0645 \u0644\u0644\u0635\u062f\u0623 \u0645\u0635\u0645\u0645 \u0644\u064a\u062f\u0648\u0645 \u0637\u0648\u064a\u0644\u0627\u064b! \ud83d\udca7\" \/>\n<meta name=\"robots\" content=\"index, follow, max-snippet:-1, max-image-preview:large, max-video-preview:-1\" \/>\n<link rel=\"canonical\" href=\"https:\/\/fdasrl.it\/ar\/prodotto\/%d9%85%d8%b3%d9%82%d9%89-%d8%a3%d9%88%d8%aa%d9%88%d9%85%d8%a7%d8%aa%d9%8a%d9%83%d9%8a-%d8%a8%d8%ad%d9%88%d8%b6-%d9%82%d8%a7%d8%a8%d9%84-%d9%84%d9%84%d8%a5%d9%85%d8%a7%d9%84%d8%a9-%d9%85%d8%b9-%d8%aa\/\" \/>\n<meta property=\"og:locale\" content=\"ar_AR\" \/>\n<meta property=\"og:type\" content=\"article\" \/>\n<meta property=\"og:title\" content=\"\u0645\u0633\u0642\u0649 \u0623\u0648\u062a\u0648\u0645\u0627\u062a\u064a\u0643\u064a \u0628\u062d\u0648\u0636 \u0642\u0627\u0628\u0644 \u0644\u0644\u0625\u0645\u0627\u0644\u0629 \u0645\u0639 \u062a\u062b\u0628\u064a\u062a \u062c\u062f\u0627\u0631\u064a\" \/>\n<meta property=\"og:description\" content=\"\u062d\u0633\u0651\u0646 \u062a\u0631\u0628\u064a\u0629 \u0627\u0644\u0645\u0627\u0634\u064a\u0629 \u0645\u0639 \u0645\u0633\u0642\u0627\u0646\u0627 \u0627\u0644\u0623\u0648\u062a\u0648\u0645\u0627\u062a\u064a\u0643\u064a \u0628\u0645\u0633\u062a\u0648\u0649 \u062b\u0627\u0628\u062a. \u0627\u0644\u062d\u0648\u0636 \u0645\u0646 \u0627\u0644\u0641\u0648\u0644\u0627\u0630 \u0627\u0644\u0645\u0642\u0627\u0648\u0645 \u0644\u0644\u0635\u062f\u0623 \u0645\u0635\u0645\u0645 \u0644\u064a\u062f\u0648\u0645 \u0637\u0648\u064a\u0644\u0627\u064b! \ud83d\udca7\" \/>\n<meta property=\"og:url\" content=\"https:\/\/fdasrl.it\/ar\/prodotto\/%d9%85%d8%b3%d9%82%d9%89-%d8%a3%d9%88%d8%aa%d9%88%d9%85%d8%a7%d8%aa%d9%8a%d9%83%d9%8a-%d8%a8%d8%ad%d9%88%d8%b6-%d9%82%d8%a7%d8%a8%d9%84-%d9%84%d9%84%d8%a5%d9%85%d8%a7%d9%84%d8%a9-%d9%85%d8%b9-%d8%aa\/\" \/>\n<meta property=\"og:site_name\" content=\"FDA srl\" \/>\n<meta property=\"article:publisher\" content=\"https:\/\/www.facebook.com\/share\/1MWhFWg1Tp\/?mibextid=LQQJ4d\" \/>\n<meta property=\"og:image\" content=\"https:\/\/fdasrl.it\/wp-content\/uploads\/2025\/01\/FA-VSRT1_1.jpg\" \/>\n\t<meta property=\"og:image:width\" content=\"621\" \/>\n\t<meta property=\"og:image:height\" content=\"640\" \/>\n\t<meta property=\"og:image:type\" content=\"image\/jpeg\" \/>\n<meta name=\"twitter:card\" content=\"summary_large_image\" \/>\n<meta name=\"twitter:label1\" content=\"\u0627\u0644\u0633\u0639\u0631\" \/>\n\t<meta name=\"twitter:data1\" content=\"\" \/>\n\t<meta name=\"twitter:label2\" content=\"\u0627\u0644\u062a\u0648\u0641\u0631\" \/>\n\t<meta name=\"twitter:data2\" content=\"\u0645\u062a\u0648\u0641\u0631 \u0641\u064a \u0627\u0644\u0645\u062e\u0632\u0648\u0646\" \/>\n<meta property=\"product:price:currency\" content=\"EUR\" \/>\n<meta property=\"og:availability\" content=\"instock\" \/>\n<meta property=\"product:availability\" content=\"instock\" \/>\n<meta property=\"product:retailer_item_id\" content=\"FAVSRT\" \/>\n<meta property=\"product:condition\" content=\"new\" \/>\n<!-- \/ Yoast SEO Premium plugin. -->","yoast_head_json":{"title":"\u0645\u0633\u0642\u0649 \u0623\u0648\u062a\u0648\u0645\u0627\u062a\u064a\u0643\u064a \u0628\u0645\u0633\u062a\u0648\u0649 \u062b\u0627\u0628\u062a \u0645\u0639 \u062d\u0648\u0636 \u0642\u0627\u0628\u0644 \u0644\u0644\u0625\u0645\u0627\u0644\u0629 - FDA srl","description":"\u062d\u0633\u0651\u0646 \u062a\u0631\u0628\u064a\u0629 \u0627\u0644\u0645\u0627\u0634\u064a\u0629 \u0645\u0639 \u0645\u0633\u0642\u0627\u0646\u0627 \u0627\u0644\u0623\u0648\u062a\u0648\u0645\u0627\u062a\u064a\u0643\u064a \u0628\u0645\u0633\u062a\u0648\u0649 \u062b\u0627\u0628\u062a. \u0627\u0644\u062d\u0648\u0636 \u0645\u0646 \u0627\u0644\u0641\u0648\u0644\u0627\u0630 \u0627\u0644\u0645\u0642\u0627\u0648\u0645 \u0644\u0644\u0635\u062f\u0623 \u0645\u0635\u0645\u0645 \u0644\u064a\u062f\u0648\u0645 \u0637\u0648\u064a\u0644\u0627\u064b! \ud83d\udca7","robots":{"index":"index","follow":"follow","max-snippet":"max-snippet:-1","max-image-preview":"max-image-preview:large","max-video-preview":"max-video-preview:-1"},"canonical":"https:\/\/fdasrl.it\/ar\/prodotto\/%d9%85%d8%b3%d9%82%d9%89-%d8%a3%d9%88%d8%aa%d9%88%d9%85%d8%a7%d8%aa%d9%8a%d9%83%d9%8a-%d8%a8%d8%ad%d9%88%d8%b6-%d9%82%d8%a7%d8%a8%d9%84-%d9%84%d9%84%d8%a5%d9%85%d8%a7%d9%84%d8%a9-%d9%85%d8%b9-%d8%aa\/","og_locale":"ar_AR","og_type":"article","og_title":"\u0645\u0633\u0642\u0649 \u0623\u0648\u062a\u0648\u0645\u0627\u062a\u064a\u0643\u064a \u0628\u062d\u0648\u0636 \u0642\u0627\u0628\u0644 \u0644\u0644\u0625\u0645\u0627\u0644\u0629 \u0645\u0639 \u062a\u062b\u0628\u064a\u062a \u062c\u062f\u0627\u0631\u064a","og_description":"\u062d\u0633\u0651\u0646 \u062a\u0631\u0628\u064a\u0629 \u0627\u0644\u0645\u0627\u0634\u064a\u0629 \u0645\u0639 \u0645\u0633\u0642\u0627\u0646\u0627 \u0627\u0644\u0623\u0648\u062a\u0648\u0645\u0627\u062a\u064a\u0643\u064a \u0628\u0645\u0633\u062a\u0648\u0649 \u062b\u0627\u0628\u062a. \u0627\u0644\u062d\u0648\u0636 \u0645\u0646 \u0627\u0644\u0641\u0648\u0644\u0627\u0630 \u0627\u0644\u0645\u0642\u0627\u0648\u0645 \u0644\u0644\u0635\u062f\u0623 \u0645\u0635\u0645\u0645 \u0644\u064a\u062f\u0648\u0645 \u0637\u0648\u064a\u0644\u0627\u064b! \ud83d\udca7","og_url":"https:\/\/fdasrl.it\/ar\/prodotto\/%d9%85%d8%b3%d9%82%d9%89-%d8%a3%d9%88%d8%aa%d9%88%d9%85%d8%a7%d8%aa%d9%8a%d9%83%d9%8a-%d8%a8%d8%ad%d9%88%d8%b6-%d9%82%d8%a7%d8%a8%d9%84-%d9%84%d9%84%d8%a5%d9%85%d8%a7%d9%84%d8%a9-%d9%85%d8%b9-%d8%aa\/","og_site_name":"FDA srl","article_publisher":"https:\/\/www.facebook.com\/share\/1MWhFWg1Tp\/?mibextid=LQQJ4d","og_image":[{"width":621,"height":640,"url":"https:\/\/fdasrl.it\/wp-content\/uploads\/2025\/01\/FA-VSRT1_1.jpg","type":"image\/jpeg"}],"twitter_card":"summary_large_image","twitter_misc":{"\u0627\u0644\u0633\u0639\u0631":"","\u0627\u0644\u062a\u0648\u0641\u0631":"\u0645\u062a\u0648\u0641\u0631 \u0641\u064a \u0627\u0644\u0645\u062e\u0632\u0648\u0646"},"schema":{"@context":"https:\/\/schema.org","@graph":[{"@type":"WebPage","@id":"https:\/\/fdasrl.it\/ar\/prodotto\/%d9%85%d8%b3%d9%82%d9%89-%d8%a3%d9%88%d8%aa%d9%88%d9%85%d8%a7%d8%aa%d9%8a%d9%83%d9%8a-%d8%a8%d8%ad%d9%88%d8%b6-%d9%82%d8%a7%d8%a8%d9%84-%d9%84%d9%84%d8%a5%d9%85%d8%a7%d9%84%d8%a9-%d9%85%d8%b9-%d8%aa\/","url":"https:\/\/fdasrl.it\/ar\/prodotto\/%d9%85%d8%b3%d9%82%d9%89-%d8%a3%d9%88%d8%aa%d9%88%d9%85%d8%a7%d8%aa%d9%8a%d9%83%d9%8a-%d8%a8%d8%ad%d9%88%d8%b6-%d9%82%d8%a7%d8%a8%d9%84-%d9%84%d9%84%d8%a5%d9%85%d8%a7%d9%84%d8%a9-%d9%85%d8%b9-%d8%aa\/","name":"\u0645\u0633\u0642\u0649 \u0623\u0648\u062a\u0648\u0645\u0627\u062a\u064a\u0643\u064a \u0628\u0645\u0633\u062a\u0648\u0649 \u062b\u0627\u0628\u062a \u0645\u0639 \u062d\u0648\u0636 \u0642\u0627\u0628\u0644 \u0644\u0644\u0625\u0645\u0627\u0644\u0629 - FDA srl","isPartOf":{"@id":"https:\/\/fdasrl.it\/ar\/#website"},"primaryImageOfPage":{"@id":"https:\/\/fdasrl.it\/ar\/prodotto\/%d9%85%d8%b3%d9%82%d9%89-%d8%a3%d9%88%d8%aa%d9%88%d9%85%d8%a7%d8%aa%d9%8a%d9%83%d9%8a-%d8%a8%d8%ad%d9%88%d8%b6-%d9%82%d8%a7%d8%a8%d9%84-%d9%84%d9%84%d8%a5%d9%85%d8%a7%d9%84%d8%a9-%d9%85%d8%b9-%d8%aa\/#primaryimage"},"image":{"@id":"https:\/\/fdasrl.it\/ar\/prodotto\/%d9%85%d8%b3%d9%82%d9%89-%d8%a3%d9%88%d8%aa%d9%88%d9%85%d8%a7%d8%aa%d9%8a%d9%83%d9%8a-%d8%a8%d8%ad%d9%88%d8%b6-%d9%82%d8%a7%d8%a8%d9%84-%d9%84%d9%84%d8%a5%d9%85%d8%a7%d9%84%d8%a9-%d9%85%d8%b9-%d8%aa\/#primaryimage"},"thumbnailUrl":"https:\/\/fdasrl.it\/wp-content\/uploads\/2025\/01\/FA-VSRT1_1.jpg","datePublished":"2025-01-21T10:23:26+00:00","description":"\u062d\u0633\u0651\u0646 \u062a\u0631\u0628\u064a\u0629 \u0627\u0644\u0645\u0627\u0634\u064a\u0629 \u0645\u0639 \u0645\u0633\u0642\u0627\u0646\u0627 \u0627\u0644\u0623\u0648\u062a\u0648\u0645\u0627\u062a\u064a\u0643\u064a \u0628\u0645\u0633\u062a\u0648\u0649 \u062b\u0627\u0628\u062a. \u0627\u0644\u062d\u0648\u0636 \u0645\u0646 \u0627\u0644\u0641\u0648\u0644\u0627\u0630 \u0627\u0644\u0645\u0642\u0627\u0648\u0645 \u0644\u0644\u0635\u062f\u0623 \u0645\u0635\u0645\u0645 \u0644\u064a\u062f\u0648\u0645 \u0637\u0648\u064a\u0644\u0627\u064b! \ud83d\udca7","breadcrumb":{"@id":"https:\/\/fdasrl.it\/ar\/prodotto\/%d9%85%d8%b3%d9%82%d9%89-%d8%a3%d9%88%d8%aa%d9%88%d9%85%d8%a7%d8%aa%d9%8a%d9%83%d9%8a-%d8%a8%d8%ad%d9%88%d8%b6-%d9%82%d8%a7%d8%a8%d9%84-%d9%84%d9%84%d8%a5%d9%85%d8%a7%d9%84%d8%a9-%d9%85%d8%b9-%d8%aa\/#breadcrumb"},"inLanguage":"ar","potentialAction":[{"@type":"ReadAction","target":["https:\/\/fdasrl.it\/ar\/prodotto\/%d9%85%d8%b3%d9%82%d9%89-%d8%a3%d9%88%d8%aa%d9%88%d9%85%d8%a7%d8%aa%d9%8a%d9%83%d9%8a-%d8%a8%d8%ad%d9%88%d8%b6-%d9%82%d8%a7%d8%a8%d9%84-%d9%84%d9%84%d8%a5%d9%85%d8%a7%d9%84%d8%a9-%d9%85%d8%b9-%d8%aa\/"]}]},{"@type":"ImageObject","inLanguage":"ar","@id":"https:\/\/fdasrl.it\/ar\/prodotto\/%d9%85%d8%b3%d9%82%d9%89-%d8%a3%d9%88%d8%aa%d9%88%d9%85%d8%a7%d8%aa%d9%8a%d9%83%d9%8a-%d8%a8%d8%ad%d9%88%d8%b6-%d9%82%d8%a7%d8%a8%d9%84-%d9%84%d9%84%d8%a5%d9%85%d8%a7%d9%84%d8%a9-%d9%85%d8%b9-%d8%aa\/#primaryimage","url":"https:\/\/fdasrl.it\/wp-content\/uploads\/2025\/01\/FA-VSRT1_1.jpg","contentUrl":"https:\/\/fdasrl.it\/wp-content\/uploads\/2025\/01\/FA-VSRT1_1.jpg","width":621,"height":640,"caption":"Abbeveratoio automatico con vasca ribaltabile in acciaio inox per bovini e cavalli FA VSRT"},{"@type":"BreadcrumbList","@id":"https:\/\/fdasrl.it\/ar\/prodotto\/%d9%85%d8%b3%d9%82%d9%89-%d8%a3%d9%88%d8%aa%d9%88%d9%85%d8%a7%d8%aa%d9%8a%d9%83%d9%8a-%d8%a8%d8%ad%d9%88%d8%b6-%d9%82%d8%a7%d8%a8%d9%84-%d9%84%d9%84%d8%a5%d9%85%d8%a7%d9%84%d8%a9-%d9%85%d8%b9-%d8%aa\/#breadcrumb","itemListElement":[{"@type":"ListItem","position":1,"name":"Home","item":"https:\/\/fdasrl.it\/ar\/%d8%a7%d9%84%d8%b1%d8%a6%d9%8a%d8%b3%d9%8a%d8%a9\/"},{"@type":"ListItem","position":2,"name":"\u0627\u0644\u0645\u062a\u062c\u0631","item":"https:\/\/fdasrl.it\/ar\/%d8%a7%d9%84%d9%85%d8%aa%d8%ac%d8%b1\/"},{"@type":"ListItem","position":3,"name":"\u0645\u0633\u0642\u0649 \u0623\u0648\u062a\u0648\u0645\u0627\u062a\u064a\u0643\u064a \u0628\u062d\u0648\u0636 \u0642\u0627\u0628\u0644 \u0644\u0644\u0625\u0645\u0627\u0644\u0629 \u0645\u0639 \u062a\u062b\u0628\u064a\u062a \u062c\u062f\u0627\u0631\u064a"}]},{"@type":"WebSite","@id":"https:\/\/fdasrl.it\/ar\/#website","url":"https:\/\/fdasrl.it\/ar\/","name":"FDA srl","description":"Equipment for animal husbandry","publisher":{"@id":"https:\/\/fdasrl.it\/ar\/#organization"},"potentialAction":[{"@type":"SearchAction","target":{"@type":"EntryPoint","urlTemplate":"https:\/\/fdasrl.it\/ar\/?s={search_term_string}"},"query-input":{"@type":"PropertyValueSpecification","valueRequired":true,"valueName":"search_term_string"}}],"inLanguage":"ar"},{"@type":"Organization","@id":"https:\/\/fdasrl.it\/ar\/#organization","name":"FDA srl","url":"https:\/\/fdasrl.it\/ar\/","logo":{"@type":"ImageObject","inLanguage":"ar","@id":"https:\/\/fdasrl.it\/ar\/#\/schema\/logo\/image\/","url":"https:\/\/fdasrl.it\/wp-content\/uploads\/2024\/12\/Logo-FDA.png","contentUrl":"https:\/\/fdasrl.it\/wp-content\/uploads\/2024\/12\/Logo-FDA.png","width":316,"height":119,"caption":"FDA srl"},"image":{"@id":"https:\/\/fdasrl.it\/ar\/#\/schema\/logo\/image\/"},"sameAs":["https:\/\/www.facebook.com\/share\/1MWhFWg1Tp\/?mibextid=LQQJ4d","https:\/\/www.instagram.com\/fda_srl\/profilecard\/?igsh=YW5lbzJ6MWg0d21u","https:\/\/www.youtube.com\/@FDASRL_ANIMALCARE"],"description":"FDA SRL \u2013 Equipment for animal husbandry nasce con l\u2019obiettivo di offrire soluzioni affidabili e innovative per l\u2019allevamento moderno. Con anni di esperienza nel settore zootecnico, progettiamo e realizziamo attrezzature destinate al benessere animale e alla gestione efficiente delle stalle: vasche, abbeveratoi, mangiatoie e sistemi di riscaldamento pensati per durare nel tempo e semplificare il lavoro quotidiano degli allevatori. Dalla progettazione alla produzione, ogni nostro prodotto \u00e8 studiato nei minimi dettagli, testato con cura e costruito per rispondere alle esigenze reali del settore. La nostra forza \u00e8 unire artigianalit\u00e0, tecnologia e competenza tecnica per trasformare ogni progetto in una soluzione concreta e funzionale. Oggi FDA SRL \u00e8 un punto di riferimento per privati e rivenditori che cercano qualit\u00e0, affidabilit\u00e0 e innovazione nelle attrezzature per l\u2019allevamento.","email":"info@fdasrl.it","telephone":"+390522826820","legalName":"F.D.A. SRL","foundingDate":"2024-10-13","vatID":"03075840359","taxID":"03075840359","numberOfEmployees":{"@type":"QuantitativeValue","minValue":"1","maxValue":"10"}}]},"product_price_currency":"EUR","og_availability":"instock","product_availability":"instock","product_retailer_item_id":"FAVSRT","product_condition":"new"},"_links":{"self":[{"href":"https:\/\/fdasrl.it\/ar\/wp-json\/wp\/v2\/product\/4221","targetHints":{"allow":["GET"]}}],"collection":[{"href":"https:\/\/fdasrl.it\/ar\/wp-json\/wp\/v2\/product"}],"about":[{"href":"https:\/\/fdasrl.it\/ar\/wp-json\/wp\/v2\/types\/product"}],"replies":[{"embeddable":true,"href":"https:\/\/fdasrl.it\/ar\/wp-json\/wp\/v2\/comments?post=4221"}],"wp:featuredmedia":[{"embeddable":true,"href":"https:\/\/fdasrl.it\/ar\/wp-json\/wp\/v2\/media\/399"}],"wp:attachment":[{"href":"https:\/\/fdasrl.it\/ar\/wp-json\/wp\/v2\/media?parent=4221"}],"wp:term":[{"taxonomy":"product_brand","embeddable":true,"href":"https:\/\/fdasrl.it\/ar\/wp-json\/wp\/v2\/product_brand?post=4221"},{"taxonomy":"product_cat","embeddable":true,"href":"https:\/\/fdasrl.it\/ar\/wp-json\/wp\/v2\/product_cat?post=4221"},{"taxonomy":"product_tag","embeddable":true,"href":"https:\/\/fdasrl.it\/ar\/wp-json\/wp\/v2\/product_tag?post=4221"}],"curies":[{"name":"wp","href":"https:\/\/api.w.org\/{rel}","templated":true}]}}