{"id":4341,"date":"2025-01-20T11:30:55","date_gmt":"2025-01-20T10:30:55","guid":{"rendered":"https:\/\/fdasrl.it\/prodotto\/%d8%b9%d8%a7%d9%83%d8%b3-%d9%84%d9%85%d8%b5%d8%a8%d8%a7%d8%ad-%d8%a7%d9%84%d8%aa%d8%af%d9%81%d8%a6%d8%a9-%d8%a8%d8%a7%d9%84%d8%a3%d8%b4%d8%b9%d8%a9-%d8%aa%d8%ad%d8%aa-%d8%a7%d9%84%d8%ad%d9%85%d8%b1\/"},"modified":"2025-01-20T11:30:55","modified_gmt":"2025-01-20T10:30:55","slug":"%d8%b9%d8%a7%d9%83%d8%b3-%d9%84%d9%85%d8%b5%d8%a8%d8%a7%d8%ad-%d8%a7%d9%84%d8%aa%d8%af%d9%81%d8%a6%d8%a9-%d8%a8%d8%a7%d9%84%d8%a3%d8%b4%d8%b9%d8%a9-%d8%aa%d8%ad%d8%aa-%d8%a7%d9%84%d8%ad%d9%85%d8%b1","status":"publish","type":"product","link":"https:\/\/fdasrl.it\/ar\/prodotto\/%d8%b9%d8%a7%d9%83%d8%b3-%d9%84%d9%85%d8%b5%d8%a8%d8%a7%d8%ad-%d8%a7%d9%84%d8%aa%d8%af%d9%81%d8%a6%d8%a9-%d8%a8%d8%a7%d9%84%d8%a3%d8%b4%d8%b9%d8%a9-%d8%aa%d8%ad%d8%aa-%d8%a7%d9%84%d8%ad%d9%85%d8%b1\/","title":{"rendered":"\u0639\u0627\u0643\u0633 \u0644\u0645\u0635\u0628\u0627\u062d \u0627\u0644\u062a\u062f\u0641\u0626\u0629 \u0628\u0627\u0644\u0623\u0634\u0639\u0629 \u062a\u062d\u062a \u0627\u0644\u062d\u0645\u0631\u0627\u0621 \u0644\u0644\u062d\u064a\u0648\u0627\u0646\u0627\u062a \u0628\u0642\u0637\u0631 270 \u0645\u0645"},"content":{"rendered":"<div align=\"left\">\n<p data-start=\"289\" data-end=\"641\">\u062a\u0645 \u062a\u0635\u0645\u064a\u0645 <strong data-start=\"292\" data-end=\"365\">\u0639\u0627\u0643\u0633 \u0645\u0635\u0628\u0627\u062d \u0627\u0644\u062a\u062f\u0641\u0626\u0629 \u0628\u0627\u0644\u0623\u0634\u0639\u0629 \u062a\u062d\u062a \u0627\u0644\u062d\u0645\u0631\u0627\u0621 \u0627\u0644\u0645\u0635\u0646\u0648\u0639 \u0645\u0646 \u0627\u0644\u0623\u0644\u0645\u0646\u064a\u0648\u0645 \u0628\u0642\u0637\u0631 270 \u0645\u0645<\/strong> \u0644\u0636\u0645\u0627\u0646 \u0627\u0644\u062d\u0631\u0627\u0631\u0629 \u0648\u0627\u0644\u0631\u0641\u0627\u0647\u064a\u0629 \u0644\u0644\u062d\u064a\u0648\u0627\u0646\u0627\u062a \u0641\u064a \u0645\u0631\u0627\u062d\u0644 \u062d\u064a\u0627\u062a\u0647\u0627 \u0627\u0644\u0623\u0648\u0644\u0649. \u064a\u062a\u0645\u064a\u0632 \u0628\u0627\u0644\u0645\u062a\u0627\u0646\u0629 \u0648\u0627\u0644\u0639\u0645\u0644\u064a\u0629\u060c \u0648\u0647\u0648 \u0645\u062b\u0627\u0644\u064a <strong data-start=\"484\" data-end=\"549\">\u0644\u0644\u0635\u064a\u0635\u0627\u0646\u060c \u0648\u0627\u0644\u062f\u062c\u0627\u062c\u060c \u0648\u0627\u0644\u062e\u0646\u0627\u0632\u064a\u0631 \u0627\u0644\u0635\u063a\u064a\u0631\u0629\u060c \u0648\u0627\u0644\u0623\u0631\u0627\u0646\u0628\u060c \u0648\u0627\u0644\u062d\u064a\u0648\u0627\u0646\u0627\u062a \u0627\u0644\u0623\u0644\u064a\u0641\u0629 \u0627\u0644\u0635\u063a\u064a\u0631\u0629<\/strong>\u060c \u0645\u0645\u0627 \u064a\u0642\u0644\u0644 \u0645\u0646 \u0627\u0644\u0645\u062e\u0627\u0637\u0631 \u0627\u0644\u0645\u0631\u062a\u0628\u0637\u0629 \u0628\u0627\u0644\u0628\u0631\u062f \u0648\u064a\u0639\u0632\u0632 \u0627\u0644\u0646\u0645\u0648 \u0641\u064a \u0628\u064a\u0626\u0629 \u0645\u0631\u064a\u062d\u0629. <\/p>\n<h3 data-start=\"643\" data-end=\"659\">\u0627\u0644\u0645\u0639\u062f\u0627\u062a:<\/h3>\n<ul>\n<li><b>\u0639\u0627\u0643\u0633 \u0623\u0644\u0645\u0646\u064a\u0648\u0645 \u0628\u0642\u0637\u0631 270 \u0645\u0645<\/b><\/li>\n<\/ul>\n<ul data-start=\"660\" data-end=\"930\">\n<li data-start=\"660\" data-end=\"717\">\n<p data-start=\"662\" data-end=\"717\"><strong data-start=\"662\" data-end=\"679\">\u0643\u0627\u0628\u0644 \u0628\u0637\u0648\u0644 2.5 \u0645<\/strong> \u0644\u062a\u0631\u0643\u064a\u0628 \u0628\u0633\u064a\u0637 \u0648\u0622\u0645\u0646<\/p>\n<\/li>\n<li data-start=\"718\" data-end=\"762\">\n<p data-start=\"720\" data-end=\"762\"><strong data-start=\"720\" data-end=\"760\">\u0642\u0627\u0628\u0633 \u0634\u0648\u0643\u0648 (Schuko) \u0628\u0642\u0648\u0629 16 \u0623\u0645\u0628\u064a\u0631\u060c 250 \u0641\u0648\u0644\u062a \u0645\u0636\u0627\u062f \u0644\u0644\u0631\u0630\u0627\u0630<\/strong><\/p>\n<\/li>\n<li data-start=\"763\" data-end=\"830\">\n<p data-start=\"765\" data-end=\"830\"><strong data-start=\"765\" data-end=\"808\">\u062d\u0627\u0645\u0644 \u0645\u0635\u0628\u0627\u062d \u0645\u0646 \u0627\u0644\u0628\u0648\u0631\u0633\u0644\u064a\u0646 \u0627\u0644\u062b\u0642\u064a\u0644 \u0628\u0642\u0637\u0631 54<\/strong> \u0645\u0639 \u062d\u0644\u0642\u0629 \u0644\u0648\u0644\u0628\u064a\u0629<\/p>\n<\/li>\n<li data-start=\"831\" data-end=\"885\">\n<p data-start=\"833\" data-end=\"885\"><strong data-start=\"833\" data-end=\"868\">\u0633\u0644\u0633\u0644\u0629 \u062a\u0639\u0644\u064a\u0642 \u0628\u0637\u0648\u0644 2 \u0645<\/strong> (\u0639\u0646\u062f \u0627\u0644\u0637\u0644\u0628)<\/p>\n<\/li>\n<li data-start=\"886\" data-end=\"930\">\n<p data-start=\"888\" data-end=\"930\"><strong data-start=\"888\" data-end=\"913\">\u0634\u0628\u0643\u0629 \u062d\u0645\u0627\u064a\u0629<\/strong> (\u0639\u0646\u062f \u0627\u0644\u0637\u0644\u0628)<\/p>\n<\/li>\n<\/ul>\n<h3 data-start=\"932\" data-end=\"963\">\u0627\u0644\u0645\u0648\u0627\u0635\u0641\u0627\u062a \u0627\u0644\u062a\u0642\u0646\u064a\u0629:<\/h3>\n<ul data-start=\"964\" data-end=\"1101\">\n<li data-start=\"964\" data-end=\"1000\">\n<p data-start=\"966\" data-end=\"1000\">\u0645\u0635\u062f\u0631 \u0627\u0644\u0637\u0627\u0642\u0629: <strong data-start=\"981\" data-end=\"998\">230 \u0641\u0648\u0644\u062a \u2013 50 \u0647\u0631\u062a\u0632<\/strong><\/p>\n<\/li>\n<li data-start=\"1001\" data-end=\"1031\">\n<p data-start=\"1003\" data-end=\"1031\">\u0627\u0644\u0642\u062f\u0631\u0629 \u0627\u0644\u0642\u0635\u0648\u0649: <strong data-start=\"1020\" data-end=\"1029\">250 \u0648\u0627\u0637<\/strong><\/p>\n<\/li>\n<li data-start=\"1032\" data-end=\"1101\">\n<p data-start=\"1034\" data-end=\"1101\">\u0645\u062a\u0648\u0641\u0631 \u0623\u064a\u0636\u0627\u064b \u0645\u0639 <strong data-start=\"1056\" data-end=\"1082\">\u0642\u0627\u0628\u0633 CEE IP 44 \u0645\u062a\u0646\u0642\u0644<\/strong> \u0648\u0643\u0627\u0628\u0644 \u0628\u0637\u0648\u0644 2.80 \u0645<\/p>\n<\/li>\n<\/ul>\n<p data-start=\"1103\" data-end=\"1349\">\u0628\u0641\u0636\u0644 \u0647\u064a\u0643\u0644\u0647 \u0627\u0644\u0645\u0635\u0646\u0648\u0639 \u0645\u0646 \u0627\u0644\u0623\u0644\u0645\u0646\u064a\u0648\u0645 \u0648\u062d\u0627\u0645\u0644 \u0627\u0644\u0645\u0635\u0628\u0627\u062d \u0627\u0644\u0645\u0635\u0646\u0648\u0639 \u0645\u0646 \u0627\u0644\u0628\u0648\u0631\u0633\u0644\u064a\u0646\u060c \u064a\u0636\u0645\u0646 \u0647\u0630\u0627 \u0627\u0644\u0639\u0627\u0643\u0633 <strong data-start=\"1200\" data-end=\"1244\">\u0627\u0644\u0645\u0642\u0627\u0648\u0645\u0629 \u0648\u0627\u0644\u0623\u0645\u0627\u0646 \u0648\u0627\u0644\u0645\u062a\u0627\u0646\u0629 \u0628\u0645\u0631\u0648\u0631 \u0627\u0644\u0648\u0642\u062a<\/strong>\u060c \u0645\u0645\u0627 \u064a\u062c\u0639\u0644\u0647 \u0627\u0644\u062e\u064a\u0627\u0631 \u0627\u0644\u0623\u0645\u062b\u0644 \u0644\u0643\u0644 \u0645\u0646 <strong data-start=\"1282\" data-end=\"1311\">\u0627\u0644\u0645\u0632\u0627\u0631\u0639 \u0627\u0644\u0645\u0647\u0646\u064a\u0629<\/strong> \u0648\u0627\u0644\u0628\u064a\u0626\u0627\u062a \u0627\u0644\u0645\u0646\u0632\u0644\u064a\u0629 \u0627\u0644\u0635\u063a\u064a\u0631\u0629.<\/p>\n<p data-start=\"1499\" data-end=\"1634\"><strong data-start=\"1499\" data-end=\"1573\">\ud83d\udc49 \u0627\u0637\u0644\u0628 \u0639\u0631\u0636 \u0633\u0639\u0631 \u0644\u0644\u0643\u0645\u064a\u0627\u062a \u0639\u0628\u0631 <a class=\"decorated-link cursor-pointer\" href=\"mailto:info@fdasrl.it\" rel=\"noopener\" data-start=\"1531\" data-end=\"1570\">info@fdasrl.it<\/a>.<\/strong><\/p>\n<\/div>\n<div align=\"left\">\ud83d\udc49 \u0627\u0634\u062a\u0631\u0650\u0647 \u0645\u0646 <a href=\"https:\/\/fda-shop.it\/shop\/articoli-per-allevamento\/riflettori-e-infrarossi\/riflettore-in-alluminio-fda-00033-dm-cm-27#\/32-accessori_e_confezioni-spina_schuko_senza_griglia\" target=\"_blank\" rel=\"noopener\">\u0645\u062a\u062c\u0631\u0646\u0627 \u0627\u0644\u0625\u0644\u0643\u062a\u0631\u0648\u0646\u064a<\/a><\/div>\n","protected":false},"excerpt":{"rendered":"<p>\u0639\u0627\u0643\u0633 \u062a\u062f\u0641\u0626\u0629 \u0628\u0642\u0637\u0631 270 \u0645\u0645 \u0645\u0646 \u0627\u0644\u0623\u0644\u0645\u0646\u064a\u0648\u0645 \u0645\u0639 \u062d\u0627\u0645\u0644 \u0645\u0635\u0628\u0627\u062d \u0645\u0646 \u0627\u0644\u0628\u0648\u0631\u0633\u0644\u064a\u0646. \u0645\u062b\u0627\u0644\u064a \u0644\u0644\u0635\u064a\u0635\u0627\u0646\u060c \u0648\u0627\u0644\u062f\u062c\u0627\u062c\u060c \u0648\u0627\u0644\u062e\u0646\u0627\u0632\u064a\u0631 \u0627\u0644\u0635\u063a\u064a\u0631\u0629\u060c \u0648\u0627\u0644\u062d\u064a\u0648\u0627\u0646\u0627\u062a \u0627\u0644\u0635\u063a\u064a\u0631\u0629. <\/p>\n","protected":false},"featured_media":905,"comment_status":"open","ping_status":"closed","template":"","meta":{"_et_pb_use_builder":"","_et_pb_old_content":"","_et_gb_content_width":""},"product_brand":[],"product_cat":[638,640,641],"product_tag":[1023],"class_list":{"0":"post-4341","1":"product","2":"type-product","3":"status-publish","4":"has-post-thumbnail","6":"product_cat-638","7":"product_cat-640","8":"product_cat-641","9":"product_tag-fda-000033","11":"first","12":"instock","13":"shipping-taxable","14":"product-type-simple"},"yoast_head":"<!-- This site is optimized with the Yoast SEO Premium plugin v27.5 (Yoast SEO v27.5) - https:\/\/yoast.com\/product\/yoast-seo-premium-wordpress\/ -->\n<title>\u0639\u0627\u0643\u0633 \u0644\u0645\u0635\u0628\u0627\u062d \u0627\u0644\u0623\u0634\u0639\u0629 \u062a\u062d\u062a \u0627\u0644\u062d\u0645\u0631\u0627\u0621 \u0644\u0644\u062d\u064a\u0648\u0627\u0646\u0627\u062a \u0628\u0642\u0637\u0631 270 \u0645\u0645: \u0631\u0627\u062d\u0629<\/title>\n<meta name=\"description\" content=\"\u0627\u062e\u062a\u0631 \u0639\u0627\u0643\u0633 \u0645\u0635\u0628\u0627\u062d \u0627\u0644\u0623\u0634\u0639\u0629 \u062a\u062d\u062a \u0627\u0644\u062d\u0645\u0631\u0627\u0621 \u0644\u0644\u062d\u064a\u0648\u0627\u0646\u0627\u062a \u0628\u0642\u0637\u0631 270 \u0645\u0645 \u0644\u0628\u064a\u0626\u0629 \u0622\u0645\u0646\u0629 \u0648\u0645\u0631\u064a\u062d\u0629. \u0645\u062b\u0627\u0644\u064a \u0644\u0644\u062f\u062c\u0627\u062c \u0648\u0627\u0644\u062e\u0646\u0627\u0632\u064a\u0631 \u0627\u0644\u0635\u063a\u064a\u0631\u0629. \ud83c\udf1f\" \/>\n<meta name=\"robots\" content=\"index, follow, max-snippet:-1, max-image-preview:large, max-video-preview:-1\" \/>\n<link rel=\"canonical\" href=\"https:\/\/fdasrl.it\/ar\/prodotto\/%d8%b9%d8%a7%d9%83%d8%b3-%d9%84%d9%85%d8%b5%d8%a8%d8%a7%d8%ad-%d8%a7%d9%84%d8%aa%d8%af%d9%81%d8%a6%d8%a9-%d8%a8%d8%a7%d9%84%d8%a3%d8%b4%d8%b9%d8%a9-%d8%aa%d8%ad%d8%aa-%d8%a7%d9%84%d8%ad%d9%85%d8%b1\/\" \/>\n<meta property=\"og:locale\" content=\"ar_AR\" \/>\n<meta property=\"og:type\" content=\"article\" \/>\n<meta property=\"og:title\" content=\"\u0639\u0627\u0643\u0633 \u0644\u0645\u0635\u0628\u0627\u062d \u0627\u0644\u062a\u062f\u0641\u0626\u0629 \u0628\u0627\u0644\u0623\u0634\u0639\u0629 \u062a\u062d\u062a \u0627\u0644\u062d\u0645\u0631\u0627\u0621 \u0644\u0644\u062d\u064a\u0648\u0627\u0646\u0627\u062a \u0628\u0642\u0637\u0631 270 \u0645\u0645\" \/>\n<meta property=\"og:description\" content=\"\u0627\u062e\u062a\u0631 \u0639\u0627\u0643\u0633 \u0645\u0635\u0628\u0627\u062d \u0627\u0644\u0623\u0634\u0639\u0629 \u062a\u062d\u062a \u0627\u0644\u062d\u0645\u0631\u0627\u0621 \u0644\u0644\u062d\u064a\u0648\u0627\u0646\u0627\u062a \u0628\u0642\u0637\u0631 270 \u0645\u0645 \u0644\u0628\u064a\u0626\u0629 \u0622\u0645\u0646\u0629 \u0648\u0645\u0631\u064a\u062d\u0629. \u0645\u062b\u0627\u0644\u064a \u0644\u0644\u062f\u062c\u0627\u062c \u0648\u0627\u0644\u062e\u0646\u0627\u0632\u064a\u0631 \u0627\u0644\u0635\u063a\u064a\u0631\u0629. \ud83c\udf1f\" \/>\n<meta property=\"og:url\" content=\"https:\/\/fdasrl.it\/ar\/prodotto\/%d8%b9%d8%a7%d9%83%d8%b3-%d9%84%d9%85%d8%b5%d8%a8%d8%a7%d8%ad-%d8%a7%d9%84%d8%aa%d8%af%d9%81%d8%a6%d8%a9-%d8%a8%d8%a7%d9%84%d8%a3%d8%b4%d8%b9%d8%a9-%d8%aa%d8%ad%d8%aa-%d8%a7%d9%84%d8%ad%d9%85%d8%b1\/\" \/>\n<meta property=\"og:site_name\" content=\"FDA srl\" \/>\n<meta property=\"article:publisher\" content=\"https:\/\/www.facebook.com\/share\/1MWhFWg1Tp\/?mibextid=LQQJ4d\" \/>\n<meta property=\"og:image\" content=\"https:\/\/fdasrl.it\/wp-content\/uploads\/2025\/01\/riflettore-riscaldante-animali-270mm-fda.webp\" \/>\n\t<meta property=\"og:image:width\" content=\"1017\" \/>\n\t<meta property=\"og:image:height\" content=\"768\" \/>\n\t<meta property=\"og:image:type\" content=\"image\/webp\" \/>\n<meta name=\"twitter:card\" content=\"summary_large_image\" \/>\n<meta name=\"twitter:label1\" content=\"\u0627\u0644\u0633\u0639\u0631\" \/>\n\t<meta name=\"twitter:data1\" content=\"\" \/>\n\t<meta name=\"twitter:label2\" content=\"\u0627\u0644\u062a\u0648\u0641\u0631\" \/>\n\t<meta name=\"twitter:data2\" content=\"\u0645\u062a\u0648\u0641\u0631 \u0641\u064a \u0627\u0644\u0645\u062e\u0632\u0648\u0646\" \/>\n<meta property=\"product:price:currency\" content=\"EUR\" \/>\n<meta property=\"og:availability\" content=\"instock\" \/>\n<meta property=\"product:availability\" content=\"instock\" \/>\n<meta property=\"product:retailer_item_id\" content=\"FDA-000033\" \/>\n<meta property=\"product:condition\" content=\"new\" \/>\n<!-- \/ Yoast SEO Premium plugin. -->","yoast_head_json":{"title":"\u0639\u0627\u0643\u0633 \u0644\u0645\u0635\u0628\u0627\u062d \u0627\u0644\u0623\u0634\u0639\u0629 \u062a\u062d\u062a \u0627\u0644\u062d\u0645\u0631\u0627\u0621 \u0644\u0644\u062d\u064a\u0648\u0627\u0646\u0627\u062a \u0628\u0642\u0637\u0631 270 \u0645\u0645: \u0631\u0627\u062d\u0629","description":"\u0627\u062e\u062a\u0631 \u0639\u0627\u0643\u0633 \u0645\u0635\u0628\u0627\u062d \u0627\u0644\u0623\u0634\u0639\u0629 \u062a\u062d\u062a \u0627\u0644\u062d\u0645\u0631\u0627\u0621 \u0644\u0644\u062d\u064a\u0648\u0627\u0646\u0627\u062a \u0628\u0642\u0637\u0631 270 \u0645\u0645 \u0644\u0628\u064a\u0626\u0629 \u0622\u0645\u0646\u0629 \u0648\u0645\u0631\u064a\u062d\u0629. \u0645\u062b\u0627\u0644\u064a \u0644\u0644\u062f\u062c\u0627\u062c \u0648\u0627\u0644\u062e\u0646\u0627\u0632\u064a\u0631 \u0627\u0644\u0635\u063a\u064a\u0631\u0629. \ud83c\udf1f","robots":{"index":"index","follow":"follow","max-snippet":"max-snippet:-1","max-image-preview":"max-image-preview:large","max-video-preview":"max-video-preview:-1"},"canonical":"https:\/\/fdasrl.it\/ar\/prodotto\/%d8%b9%d8%a7%d9%83%d8%b3-%d9%84%d9%85%d8%b5%d8%a8%d8%a7%d8%ad-%d8%a7%d9%84%d8%aa%d8%af%d9%81%d8%a6%d8%a9-%d8%a8%d8%a7%d9%84%d8%a3%d8%b4%d8%b9%d8%a9-%d8%aa%d8%ad%d8%aa-%d8%a7%d9%84%d8%ad%d9%85%d8%b1\/","og_locale":"ar_AR","og_type":"article","og_title":"\u0639\u0627\u0643\u0633 \u0644\u0645\u0635\u0628\u0627\u062d \u0627\u0644\u062a\u062f\u0641\u0626\u0629 \u0628\u0627\u0644\u0623\u0634\u0639\u0629 \u062a\u062d\u062a \u0627\u0644\u062d\u0645\u0631\u0627\u0621 \u0644\u0644\u062d\u064a\u0648\u0627\u0646\u0627\u062a \u0628\u0642\u0637\u0631 270 \u0645\u0645","og_description":"\u0627\u062e\u062a\u0631 \u0639\u0627\u0643\u0633 \u0645\u0635\u0628\u0627\u062d \u0627\u0644\u0623\u0634\u0639\u0629 \u062a\u062d\u062a \u0627\u0644\u062d\u0645\u0631\u0627\u0621 \u0644\u0644\u062d\u064a\u0648\u0627\u0646\u0627\u062a \u0628\u0642\u0637\u0631 270 \u0645\u0645 \u0644\u0628\u064a\u0626\u0629 \u0622\u0645\u0646\u0629 \u0648\u0645\u0631\u064a\u062d\u0629. \u0645\u062b\u0627\u0644\u064a \u0644\u0644\u062f\u062c\u0627\u062c \u0648\u0627\u0644\u062e\u0646\u0627\u0632\u064a\u0631 \u0627\u0644\u0635\u063a\u064a\u0631\u0629. \ud83c\udf1f","og_url":"https:\/\/fdasrl.it\/ar\/prodotto\/%d8%b9%d8%a7%d9%83%d8%b3-%d9%84%d9%85%d8%b5%d8%a8%d8%a7%d8%ad-%d8%a7%d9%84%d8%aa%d8%af%d9%81%d8%a6%d8%a9-%d8%a8%d8%a7%d9%84%d8%a3%d8%b4%d8%b9%d8%a9-%d8%aa%d8%ad%d8%aa-%d8%a7%d9%84%d8%ad%d9%85%d8%b1\/","og_site_name":"FDA srl","article_publisher":"https:\/\/www.facebook.com\/share\/1MWhFWg1Tp\/?mibextid=LQQJ4d","og_image":[{"width":1017,"height":768,"url":"https:\/\/fdasrl.it\/wp-content\/uploads\/2025\/01\/riflettore-riscaldante-animali-270mm-fda.webp","type":"image\/webp"}],"twitter_card":"summary_large_image","twitter_misc":{"\u0627\u0644\u0633\u0639\u0631":"","\u0627\u0644\u062a\u0648\u0641\u0631":"\u0645\u062a\u0648\u0641\u0631 \u0641\u064a \u0627\u0644\u0645\u062e\u0632\u0648\u0646"},"schema":{"@context":"https:\/\/schema.org","@graph":[{"@type":"WebPage","@id":"https:\/\/fdasrl.it\/ar\/prodotto\/%d8%b9%d8%a7%d9%83%d8%b3-%d9%84%d9%85%d8%b5%d8%a8%d8%a7%d8%ad-%d8%a7%d9%84%d8%aa%d8%af%d9%81%d8%a6%d8%a9-%d8%a8%d8%a7%d9%84%d8%a3%d8%b4%d8%b9%d8%a9-%d8%aa%d8%ad%d8%aa-%d8%a7%d9%84%d8%ad%d9%85%d8%b1\/","url":"https:\/\/fdasrl.it\/ar\/prodotto\/%d8%b9%d8%a7%d9%83%d8%b3-%d9%84%d9%85%d8%b5%d8%a8%d8%a7%d8%ad-%d8%a7%d9%84%d8%aa%d8%af%d9%81%d8%a6%d8%a9-%d8%a8%d8%a7%d9%84%d8%a3%d8%b4%d8%b9%d8%a9-%d8%aa%d8%ad%d8%aa-%d8%a7%d9%84%d8%ad%d9%85%d8%b1\/","name":"\u0639\u0627\u0643\u0633 \u0644\u0645\u0635\u0628\u0627\u062d \u0627\u0644\u0623\u0634\u0639\u0629 \u062a\u062d\u062a \u0627\u0644\u062d\u0645\u0631\u0627\u0621 \u0644\u0644\u062d\u064a\u0648\u0627\u0646\u0627\u062a \u0628\u0642\u0637\u0631 270 \u0645\u0645: \u0631\u0627\u062d\u0629","isPartOf":{"@id":"https:\/\/fdasrl.it\/ar\/#website"},"primaryImageOfPage":{"@id":"https:\/\/fdasrl.it\/ar\/prodotto\/%d8%b9%d8%a7%d9%83%d8%b3-%d9%84%d9%85%d8%b5%d8%a8%d8%a7%d8%ad-%d8%a7%d9%84%d8%aa%d8%af%d9%81%d8%a6%d8%a9-%d8%a8%d8%a7%d9%84%d8%a3%d8%b4%d8%b9%d8%a9-%d8%aa%d8%ad%d8%aa-%d8%a7%d9%84%d8%ad%d9%85%d8%b1\/#primaryimage"},"image":{"@id":"https:\/\/fdasrl.it\/ar\/prodotto\/%d8%b9%d8%a7%d9%83%d8%b3-%d9%84%d9%85%d8%b5%d8%a8%d8%a7%d8%ad-%d8%a7%d9%84%d8%aa%d8%af%d9%81%d8%a6%d8%a9-%d8%a8%d8%a7%d9%84%d8%a3%d8%b4%d8%b9%d8%a9-%d8%aa%d8%ad%d8%aa-%d8%a7%d9%84%d8%ad%d9%85%d8%b1\/#primaryimage"},"thumbnailUrl":"https:\/\/fdasrl.it\/wp-content\/uploads\/2025\/01\/riflettore-riscaldante-animali-270mm-fda.webp","datePublished":"2025-01-20T10:30:55+00:00","description":"\u0627\u062e\u062a\u0631 \u0639\u0627\u0643\u0633 \u0645\u0635\u0628\u0627\u062d \u0627\u0644\u0623\u0634\u0639\u0629 \u062a\u062d\u062a \u0627\u0644\u062d\u0645\u0631\u0627\u0621 \u0644\u0644\u062d\u064a\u0648\u0627\u0646\u0627\u062a \u0628\u0642\u0637\u0631 270 \u0645\u0645 \u0644\u0628\u064a\u0626\u0629 \u0622\u0645\u0646\u0629 \u0648\u0645\u0631\u064a\u062d\u0629. \u0645\u062b\u0627\u0644\u064a \u0644\u0644\u062f\u062c\u0627\u062c \u0648\u0627\u0644\u062e\u0646\u0627\u0632\u064a\u0631 \u0627\u0644\u0635\u063a\u064a\u0631\u0629. \ud83c\udf1f","breadcrumb":{"@id":"https:\/\/fdasrl.it\/ar\/prodotto\/%d8%b9%d8%a7%d9%83%d8%b3-%d9%84%d9%85%d8%b5%d8%a8%d8%a7%d8%ad-%d8%a7%d9%84%d8%aa%d8%af%d9%81%d8%a6%d8%a9-%d8%a8%d8%a7%d9%84%d8%a3%d8%b4%d8%b9%d8%a9-%d8%aa%d8%ad%d8%aa-%d8%a7%d9%84%d8%ad%d9%85%d8%b1\/#breadcrumb"},"inLanguage":"ar","potentialAction":[{"@type":"ReadAction","target":["https:\/\/fdasrl.it\/ar\/prodotto\/%d8%b9%d8%a7%d9%83%d8%b3-%d9%84%d9%85%d8%b5%d8%a8%d8%a7%d8%ad-%d8%a7%d9%84%d8%aa%d8%af%d9%81%d8%a6%d8%a9-%d8%a8%d8%a7%d9%84%d8%a3%d8%b4%d8%b9%d8%a9-%d8%aa%d8%ad%d8%aa-%d8%a7%d9%84%d8%ad%d9%85%d8%b1\/"]}]},{"@type":"ImageObject","inLanguage":"ar","@id":"https:\/\/fdasrl.it\/ar\/prodotto\/%d8%b9%d8%a7%d9%83%d8%b3-%d9%84%d9%85%d8%b5%d8%a8%d8%a7%d8%ad-%d8%a7%d9%84%d8%aa%d8%af%d9%81%d8%a6%d8%a9-%d8%a8%d8%a7%d9%84%d8%a3%d8%b4%d8%b9%d8%a9-%d8%aa%d8%ad%d8%aa-%d8%a7%d9%84%d8%ad%d9%85%d8%b1\/#primaryimage","url":"https:\/\/fdasrl.it\/wp-content\/uploads\/2025\/01\/riflettore-riscaldante-animali-270mm-fda.webp","contentUrl":"https:\/\/fdasrl.it\/wp-content\/uploads\/2025\/01\/riflettore-riscaldante-animali-270mm-fda.webp","width":1017,"height":768,"caption":"\u0639\u0627\u0643\u0633 \u062a\u062f\u0641\u0626\u0629 \u0645\u0646 \u0627\u0644\u0623\u0644\u0645\u0646\u064a\u0648\u0645 \u0628\u0642\u0637\u0631 270 \u0645\u0645 \u0645\u0639 \u0642\u0627\u0628\u0633 \u0634\u0648\u0643\u0648 \u0648\u0643\u0627\u0628\u0644 2.5 \u0645\u060c \u0644\u0644\u062f\u062c\u0627\u062c \u0648\u0627\u0644\u0635\u064a\u0635\u0627\u0646 \u0648\u0627\u0644\u062e\u0646\u0627\u0632\u064a\u0631 \u0627\u0644\u0635\u063a\u064a\u0631\u0629 \u0648\u0627\u0644\u062d\u064a\u0648\u0627\u0646\u0627\u062a \u0627\u0644\u0635\u063a\u064a\u0631\u0629."},{"@type":"BreadcrumbList","@id":"https:\/\/fdasrl.it\/ar\/prodotto\/%d8%b9%d8%a7%d9%83%d8%b3-%d9%84%d9%85%d8%b5%d8%a8%d8%a7%d8%ad-%d8%a7%d9%84%d8%aa%d8%af%d9%81%d8%a6%d8%a9-%d8%a8%d8%a7%d9%84%d8%a3%d8%b4%d8%b9%d8%a9-%d8%aa%d8%ad%d8%aa-%d8%a7%d9%84%d8%ad%d9%85%d8%b1\/#breadcrumb","itemListElement":[{"@type":"ListItem","position":1,"name":"Home","item":"https:\/\/fdasrl.it\/ar\/%d8%a7%d9%84%d8%b1%d8%a6%d9%8a%d8%b3%d9%8a%d8%a9\/"},{"@type":"ListItem","position":2,"name":"\u0627\u0644\u0645\u062a\u062c\u0631","item":"https:\/\/fdasrl.it\/ar\/%d8%a7%d9%84%d9%85%d8%aa%d8%ac%d8%b1\/"},{"@type":"ListItem","position":3,"name":"\u0639\u0627\u0643\u0633 \u0644\u0645\u0635\u0628\u0627\u062d \u0627\u0644\u062a\u062f\u0641\u0626\u0629 \u0628\u0627\u0644\u0623\u0634\u0639\u0629 \u062a\u062d\u062a \u0627\u0644\u062d\u0645\u0631\u0627\u0621 \u0644\u0644\u062d\u064a\u0648\u0627\u0646\u0627\u062a \u0628\u0642\u0637\u0631 270 \u0645\u0645"}]},{"@type":"WebSite","@id":"https:\/\/fdasrl.it\/ar\/#website","url":"https:\/\/fdasrl.it\/ar\/","name":"FDA srl","description":"Equipment for animal husbandry","publisher":{"@id":"https:\/\/fdasrl.it\/ar\/#organization"},"potentialAction":[{"@type":"SearchAction","target":{"@type":"EntryPoint","urlTemplate":"https:\/\/fdasrl.it\/ar\/?s={search_term_string}"},"query-input":{"@type":"PropertyValueSpecification","valueRequired":true,"valueName":"search_term_string"}}],"inLanguage":"ar"},{"@type":"Organization","@id":"https:\/\/fdasrl.it\/ar\/#organization","name":"FDA srl","url":"https:\/\/fdasrl.it\/ar\/","logo":{"@type":"ImageObject","inLanguage":"ar","@id":"https:\/\/fdasrl.it\/ar\/#\/schema\/logo\/image\/","url":"https:\/\/fdasrl.it\/wp-content\/uploads\/2024\/12\/Logo-FDA.png","contentUrl":"https:\/\/fdasrl.it\/wp-content\/uploads\/2024\/12\/Logo-FDA.png","width":316,"height":119,"caption":"FDA srl"},"image":{"@id":"https:\/\/fdasrl.it\/ar\/#\/schema\/logo\/image\/"},"sameAs":["https:\/\/www.facebook.com\/share\/1MWhFWg1Tp\/?mibextid=LQQJ4d","https:\/\/www.instagram.com\/fda_srl\/profilecard\/?igsh=YW5lbzJ6MWg0d21u","https:\/\/www.youtube.com\/@FDASRL_ANIMALCARE"],"description":"FDA SRL \u2013 Equipment for animal husbandry nasce con l\u2019obiettivo di offrire soluzioni affidabili e innovative per l\u2019allevamento moderno. Con anni di esperienza nel settore zootecnico, progettiamo e realizziamo attrezzature destinate al benessere animale e alla gestione efficiente delle stalle: vasche, abbeveratoi, mangiatoie e sistemi di riscaldamento pensati per durare nel tempo e semplificare il lavoro quotidiano degli allevatori. Dalla progettazione alla produzione, ogni nostro prodotto \u00e8 studiato nei minimi dettagli, testato con cura e costruito per rispondere alle esigenze reali del settore. La nostra forza \u00e8 unire artigianalit\u00e0, tecnologia e competenza tecnica per trasformare ogni progetto in una soluzione concreta e funzionale. Oggi FDA SRL \u00e8 un punto di riferimento per privati e rivenditori che cercano qualit\u00e0, affidabilit\u00e0 e innovazione nelle attrezzature per l\u2019allevamento.","email":"info@fdasrl.it","telephone":"+390522826820","legalName":"F.D.A. SRL","foundingDate":"2024-10-13","vatID":"03075840359","taxID":"03075840359","numberOfEmployees":{"@type":"QuantitativeValue","minValue":"1","maxValue":"10"}}]},"product_price_currency":"EUR","og_availability":"instock","product_availability":"instock","product_retailer_item_id":"FDA-000033","product_condition":"new"},"_links":{"self":[{"href":"https:\/\/fdasrl.it\/ar\/wp-json\/wp\/v2\/product\/4341","targetHints":{"allow":["GET"]}}],"collection":[{"href":"https:\/\/fdasrl.it\/ar\/wp-json\/wp\/v2\/product"}],"about":[{"href":"https:\/\/fdasrl.it\/ar\/wp-json\/wp\/v2\/types\/product"}],"replies":[{"embeddable":true,"href":"https:\/\/fdasrl.it\/ar\/wp-json\/wp\/v2\/comments?post=4341"}],"wp:featuredmedia":[{"embeddable":true,"href":"https:\/\/fdasrl.it\/ar\/wp-json\/wp\/v2\/media\/905"}],"wp:attachment":[{"href":"https:\/\/fdasrl.it\/ar\/wp-json\/wp\/v2\/media?parent=4341"}],"wp:term":[{"taxonomy":"product_brand","embeddable":true,"href":"https:\/\/fdasrl.it\/ar\/wp-json\/wp\/v2\/product_brand?post=4341"},{"taxonomy":"product_cat","embeddable":true,"href":"https:\/\/fdasrl.it\/ar\/wp-json\/wp\/v2\/product_cat?post=4341"},{"taxonomy":"product_tag","embeddable":true,"href":"https:\/\/fdasrl.it\/ar\/wp-json\/wp\/v2\/product_tag?post=4341"}],"curies":[{"name":"wp","href":"https:\/\/api.w.org\/{rel}","templated":true}]}}