{"id":4367,"date":"2025-01-20T11:26:01","date_gmt":"2025-01-20T10:26:01","guid":{"rendered":"https:\/\/fdasrl.it\/prodotto\/%d8%b9%d8%a7%d9%83%d8%b3-%d8%ad%d8%b1%d8%a7%d8%b1%d9%8a-%d9%85%d9%86-%d8%a7%d9%84%d8%a8%d9%88%d9%84%d9%8a-%d9%83%d8%b1%d8%a8%d9%88%d9%86%d9%8a%d8%aa-%d9%82%d8%b7%d8%b1-270-%d9%85%d9%85-%d9%85%d9%86-fd\/"},"modified":"2025-01-20T11:26:01","modified_gmt":"2025-01-20T10:26:01","slug":"%d8%b9%d8%a7%d9%83%d8%b3-%d8%ad%d8%b1%d8%a7%d8%b1%d9%8a-%d9%85%d9%86-%d8%a7%d9%84%d8%a8%d9%88%d9%84%d9%8a-%d9%83%d8%b1%d8%a8%d9%88%d9%86%d9%8a%d8%aa-%d9%82%d8%b7%d8%b1-270-%d9%85%d9%85-%d9%85%d9%86-fd","status":"publish","type":"product","link":"https:\/\/fdasrl.it\/ar\/prodotto\/%d8%b9%d8%a7%d9%83%d8%b3-%d8%ad%d8%b1%d8%a7%d8%b1%d9%8a-%d9%85%d9%86-%d8%a7%d9%84%d8%a8%d9%88%d9%84%d9%8a-%d9%83%d8%b1%d8%a8%d9%88%d9%86%d9%8a%d8%aa-%d9%82%d8%b7%d8%b1-270-%d9%85%d9%85-%d9%85%d9%86-fd\/","title":{"rendered":"\u0639\u0627\u0643\u0633 \u062d\u0631\u0627\u0631\u064a \u0645\u0646 \u0627\u0644\u0628\u0648\u0644\u064a \u0643\u0631\u0628\u0648\u0646\u064a\u062a \u0642\u0637\u0631 270 \u0645\u0645 \u0645\u0646 FDA"},"content":{"rendered":"<div align=\"left\">\n<p data-start=\"917\" data-end=\"1238\">\u064a\u064f\u0639\u062f <strong data-start=\"920\" data-end=\"972\">\u0627\u0644\u0639\u0627\u0643\u0633 \u0627\u0644\u062d\u0631\u0627\u0631\u064a \u0645\u0646 \u0627\u0644\u0628\u0648\u0644\u064a \u0643\u0631\u0628\u0648\u0646\u064a\u062a \u0628\u0642\u0637\u0631 270 \u0645\u0645<\/strong> \u0645\u0646 FDA \u062d\u0644\u0627\u064b \u0642\u0648\u064a\u064b\u0627 \u0648\u0622\u0645\u0646\u064b\u0627 \u0648\u063a\u064a\u0631 \u0642\u0627\u0628\u0644 \u0644\u0644\u0643\u0633\u0631 \u0644\u0636\u0645\u0627\u0646 \u0627\u0644\u062f\u0641\u0621 \u0648\u0627\u0644\u062d\u0645\u0627\u064a\u0629 \u0644\u0644\u062d\u064a\u0648\u0627\u0646\u0627\u062a \u0641\u064a \u0645\u0631\u0627\u062d\u0644 \u062d\u064a\u0627\u062a\u0647\u0627 \u0627\u0644\u0623\u0648\u0644\u0649. \u0628\u0641\u0636\u0644 \u0645\u0627\u062f\u062a\u0647 <strong data-start=\"1113\" data-end=\"1137\">\u0627\u0644\u0645\u0642\u0627\u0648\u0645\u0629 \u0644\u0644\u062d\u0631\u0627\u0631\u0629<\/strong> \u0648\u0647\u064a\u0643\u0644\u0647 \u0627\u0644\u0634\u0641\u0627\u0641\u060c \u0641\u0625\u0646\u0647 \u0645\u062b\u0627\u0644\u064a \u0644\u0644\u0645\u0632\u0627\u0631\u0639 \u0648\u0627\u0644\u0628\u064a\u0626\u0627\u062a \u0627\u0644\u062a\u064a \u062a\u0643\u0648\u0646 \u0641\u064a\u0647\u0627 \u0627\u0644\u0633\u0644\u0627\u0645\u0629 \u0623\u0648\u0644\u0648\u064a\u0629. <\/p>\n<h3 data-start=\"1240\" data-end=\"1274\">\u0647\u0630\u0627 \u0627\u0644\u0639\u0627\u0643\u0633 \u0645\u062c\u0647\u0632 \u0628\u0640:<\/h3>\n<ul data-start=\"1275\" data-end=\"1548\">\n<li data-start=\"1275\" data-end=\"1335\">\n<p data-start=\"1277\" data-end=\"1335\"><strong data-start=\"1277\" data-end=\"1294\">\u0643\u0627\u0628\u0644 \u0628\u0637\u0648\u0644 2.5 \u0645<\/strong> \u0644\u062a\u0631\u0643\u064a\u0628 \u0628\u0633\u064a\u0637 \u0648\u0622\u0645\u0646<\/p>\n<\/li>\n<li data-start=\"1336\" data-end=\"1380\">\n<p data-start=\"1338\" data-end=\"1380\"><strong data-start=\"1338\" data-end=\"1378\">\u0642\u0627\u0628\u0633 \u0634\u0648\u0643\u0648 (Schuko) \u0628\u0642\u0648\u0629 16 \u0623\u0645\u0628\u064a\u0631\u060c 250 \u0641\u0648\u0644\u062a \u0645\u0636\u0627\u062f \u0644\u0644\u0631\u0630\u0627\u0630<\/strong><\/p>\n<\/li>\n<li data-start=\"1381\" data-end=\"1448\">\n<p data-start=\"1383\" data-end=\"1448\"><strong data-start=\"1383\" data-end=\"1426\">\u062d\u0627\u0645\u0644 \u0645\u0635\u0628\u0627\u062d \u0645\u0646 \u0627\u0644\u0628\u0648\u0631\u0633\u0644\u064a\u0646 \u0627\u0644\u062b\u0642\u064a\u0644 \u0642\u0637\u0631 54<\/strong> \u0645\u0639 \u062d\u0644\u0642\u0629 \u0644\u0648\u0644\u0628\u064a\u0629<\/p>\n<\/li>\n<li data-start=\"1449\" data-end=\"1503\">\n<p data-start=\"1451\" data-end=\"1503\"><strong data-start=\"1451\" data-end=\"1486\">\u0633\u0644\u0633\u0644\u0629 \u062a\u0639\u0644\u064a\u0642 \u0628\u0637\u0648\u0644 2 \u0645<\/strong> (\u0639\u0646\u062f \u0627\u0644\u0637\u0644\u0628)<\/p>\n<\/li>\n<li data-start=\"1504\" data-end=\"1548\">\n<p data-start=\"1506\" data-end=\"1548\"><strong data-start=\"1506\" data-end=\"1531\">\u0634\u0628\u0643\u0629 \u062d\u0645\u0627\u064a\u0629<\/strong> (\u0639\u0646\u062f \u0627\u0644\u0637\u0644\u0628)<\/p>\n<\/li>\n<\/ul>\n<h3 data-start=\"1550\" data-end=\"1581\">\u0627\u0644\u0645\u0648\u0627\u0635\u0641\u0627\u062a \u0627\u0644\u062a\u0642\u0646\u064a\u0629:<\/h3>\n<ul data-start=\"1582\" data-end=\"1777\">\n<li data-start=\"1582\" data-end=\"1639\">\n<p data-start=\"1584\" data-end=\"1639\">\u0627\u0644\u0645\u0627\u062f\u0629: <strong data-start=\"1595\" data-end=\"1637\">\u0628\u0648\u0644\u064a \u0643\u0631\u0628\u0648\u0646\u064a\u062a \u0634\u0641\u0627\u0641 \u063a\u064a\u0631 \u0642\u0627\u0628\u0644 \u0644\u0644\u0643\u0633\u0631<\/strong><\/p>\n<\/li>\n<li data-start=\"1640\" data-end=\"1676\">\n<p data-start=\"1642\" data-end=\"1676\">\u0645\u0635\u062f\u0631 \u0627\u0644\u0637\u0627\u0642\u0629: <strong data-start=\"1657\" data-end=\"1674\">230 \u0641\u0648\u0644\u062a \u2013 50 \u0647\u0631\u062a\u0632<\/strong><\/p>\n<\/li>\n<li data-start=\"1677\" data-end=\"1707\">\n<p data-start=\"1679\" data-end=\"1707\">\u0623\u0642\u0635\u0649 \u0642\u062f\u0631\u0629: <strong data-start=\"1696\" data-end=\"1705\">250 \u0648\u0627\u0637<\/strong><\/p>\n<\/li>\n<li data-start=\"1708\" data-end=\"1777\">\n<p data-start=\"1710\" data-end=\"1777\">\u0645\u062a\u0648\u0641\u0631 \u0623\u064a\u0636\u064b\u0627 \u0645\u0639 <strong data-start=\"1732\" data-end=\"1758\">\u0642\u0627\u0628\u0633 CEE IP 44 \u0645\u062a\u0646\u0642\u0644<\/strong> \u0648\u0643\u0627\u0628\u0644 \u0628\u0637\u0648\u0644 2.80 \u0645<\/p>\n<\/li>\n<\/ul>\n<p data-start=\"1779\" data-end=\"1990\">\u0628\u0641\u0636\u0644 \u0645\u062a\u0627\u0646\u062a\u0647 \u0648\u0633\u0644\u0627\u0645\u062a\u0647\u060c \u064a\u064f\u0639\u062f \u0647\u0630\u0627 \u0627\u0644\u0639\u0627\u0643\u0633 \u0645\u062b\u0627\u0644\u064a\u064b\u0627 \u0644\u0640 <strong data-start=\"1855\" data-end=\"1927\">\u062a\u062f\u0641\u0626\u0629 \u0627\u0644\u0635\u064a\u0635\u0627\u0646 \u0648\u0627\u0644\u062f\u062c\u0627\u062c \u0648\u0627\u0644\u062e\u0646\u0627\u0632\u064a\u0631 \u0627\u0644\u0635\u063a\u064a\u0631\u0629 \u0648\u0627\u0644\u0623\u0631\u0627\u0646\u0628 \u0648\u0627\u0644\u062d\u064a\u0648\u0627\u0646\u0627\u062a \u0627\u0644\u0635\u063a\u064a\u0631\u0629<\/strong>\u060c \u0633\u0648\u0627\u0621 \u0641\u064a \u0627\u0644\u0645\u0632\u0627\u0631\u0639 \u0627\u0644\u0645\u0647\u0646\u064a\u0629 \u0623\u0648 \u0641\u064a \u0627\u0644\u0633\u064a\u0627\u0642\u0627\u062a \u0627\u0644\u0645\u0646\u0632\u0644\u064a\u0629.<\/p>\n<p data-start=\"1992\" data-end=\"2128\">\ud83d\udc49 <strong data-start=\"1995\" data-end=\"2068\">\u0627\u0637\u0644\u0628 \u0639\u0631\u0636 \u0633\u0639\u0631 \u0644\u0644\u0643\u0645\u064a\u0627\u062a \u0639\u0628\u0631 <a href=\"mailto:info@fdasrl.it\">info@fdasrl.it<\/a><\/strong><br data-start=\"2068\" data-end=\"2071\">\ud83d\udc49 \u0627\u0634\u062a\u0631\u0650\u0647 \u0645\u0646 <a href=\"https:\/\/fda-shop.it\/shop\/articoli-per-allevamento\/riflettori-e-infrarossi\/riflettore-in-policarbonato-fda-00034-dm-cm-27#\/32-accessori_e_confezioni-spina_schuko_senza_griglia\" target=\"_blank\" rel=\"noopener\">\u0645\u062a\u062c\u0631\u0646\u0627 \u0639\u0628\u0631 \u0627\u0644\u0625\u0646\u062a\u0631\u0646\u062a<\/a><\/p>\n<\/div>\n","protected":false},"excerpt":{"rendered":"<p>\u0639\u0627\u0643\u0633 \u062d\u0631\u0627\u0631\u064a \u0642\u0637\u0631 270 \u0645\u0645 \u0645\u0646 FDA \u0645\u0635\u0646\u0648\u0639 \u0645\u0646 \u0627\u0644\u0628\u0648\u0644\u064a \u0643\u0631\u0628\u0648\u0646\u064a\u062a \u063a\u064a\u0631 \u0627\u0644\u0642\u0627\u0628\u0644 \u0644\u0644\u0643\u0633\u0631 \u0648\u0627\u0644\u0645\u0642\u0627\u0648\u0645 \u0644\u0644\u062d\u0631\u0627\u0631\u0629. \u0643\u0627\u0645\u0644 \u0645\u0639 \u0627\u0644\u0643\u0627\u0628\u0644 \u0648\u0642\u0627\u0628\u0633 \u0634\u0648\u0643\u0648. <\/p>\n","protected":false},"featured_media":914,"comment_status":"open","ping_status":"closed","template":"","meta":{"_et_pb_use_builder":"","_et_pb_old_content":"","_et_gb_content_width":""},"product_brand":[],"product_cat":[638,640,641,1030],"product_tag":[1031],"class_list":{"0":"post-4367","1":"product","2":"type-product","3":"status-publish","4":"has-post-thumbnail","6":"product_cat-638","7":"product_cat-640","8":"product_cat-641","9":"product_cat-1030","10":"product_tag-fda-000034","12":"first","13":"instock","14":"shipping-taxable","15":"product-type-simple"},"yoast_head":"<!-- This site is optimized with the Yoast SEO Premium plugin v27.5 (Yoast SEO v27.6) - https:\/\/yoast.com\/product\/yoast-seo-premium-wordpress\/ -->\n<title>\u0639\u0627\u0643\u0633 \u062d\u0631\u0627\u0631\u064a \u0645\u0646 \u0627\u0644\u0628\u0648\u0644\u064a \u0643\u0631\u0628\u0648\u0646\u064a\u062a \u0642\u0637\u0631 270 \u0645\u0645 \u0645\u062a\u0627\u0646\u0629 - FDA srl<\/title>\n<meta name=\"description\" content=\"\u0627\u0643\u062a\u0634\u0641 \u0627\u0644\u0639\u0627\u0643\u0633 \u0627\u0644\u062d\u0631\u0627\u0631\u064a \u0645\u0646 \u0627\u0644\u0628\u0648\u0644\u064a \u0643\u0631\u0628\u0648\u0646\u064a\u062a \u0628\u0642\u0637\u0631 270 \u0645\u0645\u060c \u0648\u0647\u0648 \u062d\u0644 \u0622\u0645\u0646 \u0648\u063a\u064a\u0631 \u0642\u0627\u0628\u0644 \u0644\u0644\u0643\u0633\u0631 \u0644\u0631\u0641\u0627\u0647\u064a\u0629 \u0627\u0644\u062d\u064a\u0648\u0627\u0646\u0627\u062a. \u0627\u0643\u062a\u0634\u0641 \u0627\u0644\u0645\u0632\u064a\u062f!\" \/>\n<meta name=\"robots\" content=\"index, follow, max-snippet:-1, max-image-preview:large, max-video-preview:-1\" \/>\n<link rel=\"canonical\" href=\"https:\/\/fdasrl.it\/ar\/prodotto\/%d8%b9%d8%a7%d9%83%d8%b3-%d8%ad%d8%b1%d8%a7%d8%b1%d9%8a-%d9%85%d9%86-%d8%a7%d9%84%d8%a8%d9%88%d9%84%d9%8a-%d9%83%d8%b1%d8%a8%d9%88%d9%86%d9%8a%d8%aa-%d9%82%d8%b7%d8%b1-270-%d9%85%d9%85-%d9%85%d9%86-fd\/\" \/>\n<meta property=\"og:locale\" content=\"ar_AR\" \/>\n<meta property=\"og:type\" content=\"article\" \/>\n<meta property=\"og:title\" content=\"\u0639\u0627\u0643\u0633 \u062d\u0631\u0627\u0631\u064a \u0645\u0646 \u0627\u0644\u0628\u0648\u0644\u064a \u0643\u0631\u0628\u0648\u0646\u064a\u062a \u0642\u0637\u0631 270 \u0645\u0645 \u0645\u0646 FDA\" \/>\n<meta property=\"og:description\" content=\"\u0627\u0643\u062a\u0634\u0641 \u0627\u0644\u0639\u0627\u0643\u0633 \u0627\u0644\u062d\u0631\u0627\u0631\u064a \u0645\u0646 \u0627\u0644\u0628\u0648\u0644\u064a \u0643\u0631\u0628\u0648\u0646\u064a\u062a \u0628\u0642\u0637\u0631 270 \u0645\u0645\u060c \u0648\u0647\u0648 \u062d\u0644 \u0622\u0645\u0646 \u0648\u063a\u064a\u0631 \u0642\u0627\u0628\u0644 \u0644\u0644\u0643\u0633\u0631 \u0644\u0631\u0641\u0627\u0647\u064a\u0629 \u0627\u0644\u062d\u064a\u0648\u0627\u0646\u0627\u062a. \u0627\u0643\u062a\u0634\u0641 \u0627\u0644\u0645\u0632\u064a\u062f!\" \/>\n<meta property=\"og:url\" content=\"https:\/\/fdasrl.it\/ar\/prodotto\/%d8%b9%d8%a7%d9%83%d8%b3-%d8%ad%d8%b1%d8%a7%d8%b1%d9%8a-%d9%85%d9%86-%d8%a7%d9%84%d8%a8%d9%88%d9%84%d9%8a-%d9%83%d8%b1%d8%a8%d9%88%d9%86%d9%8a%d8%aa-%d9%82%d8%b7%d8%b1-270-%d9%85%d9%85-%d9%85%d9%86-fd\/\" \/>\n<meta property=\"og:site_name\" content=\"FDA srl\" \/>\n<meta property=\"article:publisher\" content=\"https:\/\/www.facebook.com\/share\/1MWhFWg1Tp\/?mibextid=LQQJ4d\" \/>\n<meta property=\"og:image\" content=\"https:\/\/fdasrl.it\/wp-content\/uploads\/2025\/01\/riflettore-riscaldante-policarbonato-270mm-fda.webp\" \/>\n\t<meta property=\"og:image:width\" content=\"1200\" \/>\n\t<meta property=\"og:image:height\" content=\"904\" \/>\n\t<meta property=\"og:image:type\" content=\"image\/webp\" \/>\n<meta name=\"twitter:card\" content=\"summary_large_image\" \/>\n<meta name=\"twitter:label1\" content=\"\u0627\u0644\u0633\u0639\u0631\" \/>\n\t<meta name=\"twitter:data1\" content=\"\" \/>\n\t<meta name=\"twitter:label2\" content=\"\u0627\u0644\u062a\u0648\u0641\u0631\" \/>\n\t<meta name=\"twitter:data2\" content=\"\u0645\u062a\u0648\u0641\u0631 \u0641\u064a \u0627\u0644\u0645\u062e\u0632\u0648\u0646\" \/>\n<meta property=\"product:price:currency\" content=\"EUR\" \/>\n<meta property=\"og:availability\" content=\"instock\" \/>\n<meta property=\"product:availability\" content=\"instock\" \/>\n<meta property=\"product:retailer_item_id\" content=\"FDA-000034\" \/>\n<meta property=\"product:condition\" content=\"new\" \/>\n<!-- \/ Yoast SEO Premium plugin. -->","yoast_head_json":{"title":"\u0639\u0627\u0643\u0633 \u062d\u0631\u0627\u0631\u064a \u0645\u0646 \u0627\u0644\u0628\u0648\u0644\u064a \u0643\u0631\u0628\u0648\u0646\u064a\u062a \u0642\u0637\u0631 270 \u0645\u0645 \u0645\u062a\u0627\u0646\u0629 - FDA srl","description":"\u0627\u0643\u062a\u0634\u0641 \u0627\u0644\u0639\u0627\u0643\u0633 \u0627\u0644\u062d\u0631\u0627\u0631\u064a \u0645\u0646 \u0627\u0644\u0628\u0648\u0644\u064a \u0643\u0631\u0628\u0648\u0646\u064a\u062a \u0628\u0642\u0637\u0631 270 \u0645\u0645\u060c \u0648\u0647\u0648 \u062d\u0644 \u0622\u0645\u0646 \u0648\u063a\u064a\u0631 \u0642\u0627\u0628\u0644 \u0644\u0644\u0643\u0633\u0631 \u0644\u0631\u0641\u0627\u0647\u064a\u0629 \u0627\u0644\u062d\u064a\u0648\u0627\u0646\u0627\u062a. \u0627\u0643\u062a\u0634\u0641 \u0627\u0644\u0645\u0632\u064a\u062f!","robots":{"index":"index","follow":"follow","max-snippet":"max-snippet:-1","max-image-preview":"max-image-preview:large","max-video-preview":"max-video-preview:-1"},"canonical":"https:\/\/fdasrl.it\/ar\/prodotto\/%d8%b9%d8%a7%d9%83%d8%b3-%d8%ad%d8%b1%d8%a7%d8%b1%d9%8a-%d9%85%d9%86-%d8%a7%d9%84%d8%a8%d9%88%d9%84%d9%8a-%d9%83%d8%b1%d8%a8%d9%88%d9%86%d9%8a%d8%aa-%d9%82%d8%b7%d8%b1-270-%d9%85%d9%85-%d9%85%d9%86-fd\/","og_locale":"ar_AR","og_type":"article","og_title":"\u0639\u0627\u0643\u0633 \u062d\u0631\u0627\u0631\u064a \u0645\u0646 \u0627\u0644\u0628\u0648\u0644\u064a \u0643\u0631\u0628\u0648\u0646\u064a\u062a \u0642\u0637\u0631 270 \u0645\u0645 \u0645\u0646 FDA","og_description":"\u0627\u0643\u062a\u0634\u0641 \u0627\u0644\u0639\u0627\u0643\u0633 \u0627\u0644\u062d\u0631\u0627\u0631\u064a \u0645\u0646 \u0627\u0644\u0628\u0648\u0644\u064a \u0643\u0631\u0628\u0648\u0646\u064a\u062a \u0628\u0642\u0637\u0631 270 \u0645\u0645\u060c \u0648\u0647\u0648 \u062d\u0644 \u0622\u0645\u0646 \u0648\u063a\u064a\u0631 \u0642\u0627\u0628\u0644 \u0644\u0644\u0643\u0633\u0631 \u0644\u0631\u0641\u0627\u0647\u064a\u0629 \u0627\u0644\u062d\u064a\u0648\u0627\u0646\u0627\u062a. \u0627\u0643\u062a\u0634\u0641 \u0627\u0644\u0645\u0632\u064a\u062f!","og_url":"https:\/\/fdasrl.it\/ar\/prodotto\/%d8%b9%d8%a7%d9%83%d8%b3-%d8%ad%d8%b1%d8%a7%d8%b1%d9%8a-%d9%85%d9%86-%d8%a7%d9%84%d8%a8%d9%88%d9%84%d9%8a-%d9%83%d8%b1%d8%a8%d9%88%d9%86%d9%8a%d8%aa-%d9%82%d8%b7%d8%b1-270-%d9%85%d9%85-%d9%85%d9%86-fd\/","og_site_name":"FDA srl","article_publisher":"https:\/\/www.facebook.com\/share\/1MWhFWg1Tp\/?mibextid=LQQJ4d","og_image":[{"width":1200,"height":904,"url":"https:\/\/fdasrl.it\/wp-content\/uploads\/2025\/01\/riflettore-riscaldante-policarbonato-270mm-fda.webp","type":"image\/webp"}],"twitter_card":"summary_large_image","twitter_misc":{"\u0627\u0644\u0633\u0639\u0631":"","\u0627\u0644\u062a\u0648\u0641\u0631":"\u0645\u062a\u0648\u0641\u0631 \u0641\u064a \u0627\u0644\u0645\u062e\u0632\u0648\u0646"},"schema":{"@context":"https:\/\/schema.org","@graph":[{"@type":"WebPage","@id":"https:\/\/fdasrl.it\/ar\/prodotto\/%d8%b9%d8%a7%d9%83%d8%b3-%d8%ad%d8%b1%d8%a7%d8%b1%d9%8a-%d9%85%d9%86-%d8%a7%d9%84%d8%a8%d9%88%d9%84%d9%8a-%d9%83%d8%b1%d8%a8%d9%88%d9%86%d9%8a%d8%aa-%d9%82%d8%b7%d8%b1-270-%d9%85%d9%85-%d9%85%d9%86-fd\/","url":"https:\/\/fdasrl.it\/ar\/prodotto\/%d8%b9%d8%a7%d9%83%d8%b3-%d8%ad%d8%b1%d8%a7%d8%b1%d9%8a-%d9%85%d9%86-%d8%a7%d9%84%d8%a8%d9%88%d9%84%d9%8a-%d9%83%d8%b1%d8%a8%d9%88%d9%86%d9%8a%d8%aa-%d9%82%d8%b7%d8%b1-270-%d9%85%d9%85-%d9%85%d9%86-fd\/","name":"\u0639\u0627\u0643\u0633 \u062d\u0631\u0627\u0631\u064a \u0645\u0646 \u0627\u0644\u0628\u0648\u0644\u064a \u0643\u0631\u0628\u0648\u0646\u064a\u062a \u0642\u0637\u0631 270 \u0645\u0645 \u0645\u062a\u0627\u0646\u0629 - FDA srl","isPartOf":{"@id":"https:\/\/fdasrl.it\/ar\/#website"},"primaryImageOfPage":{"@id":"https:\/\/fdasrl.it\/ar\/prodotto\/%d8%b9%d8%a7%d9%83%d8%b3-%d8%ad%d8%b1%d8%a7%d8%b1%d9%8a-%d9%85%d9%86-%d8%a7%d9%84%d8%a8%d9%88%d9%84%d9%8a-%d9%83%d8%b1%d8%a8%d9%88%d9%86%d9%8a%d8%aa-%d9%82%d8%b7%d8%b1-270-%d9%85%d9%85-%d9%85%d9%86-fd\/#primaryimage"},"image":{"@id":"https:\/\/fdasrl.it\/ar\/prodotto\/%d8%b9%d8%a7%d9%83%d8%b3-%d8%ad%d8%b1%d8%a7%d8%b1%d9%8a-%d9%85%d9%86-%d8%a7%d9%84%d8%a8%d9%88%d9%84%d9%8a-%d9%83%d8%b1%d8%a8%d9%88%d9%86%d9%8a%d8%aa-%d9%82%d8%b7%d8%b1-270-%d9%85%d9%85-%d9%85%d9%86-fd\/#primaryimage"},"thumbnailUrl":"https:\/\/fdasrl.it\/wp-content\/uploads\/2025\/01\/riflettore-riscaldante-policarbonato-270mm-fda.webp","datePublished":"2025-01-20T10:26:01+00:00","description":"\u0627\u0643\u062a\u0634\u0641 \u0627\u0644\u0639\u0627\u0643\u0633 \u0627\u0644\u062d\u0631\u0627\u0631\u064a \u0645\u0646 \u0627\u0644\u0628\u0648\u0644\u064a \u0643\u0631\u0628\u0648\u0646\u064a\u062a \u0628\u0642\u0637\u0631 270 \u0645\u0645\u060c \u0648\u0647\u0648 \u062d\u0644 \u0622\u0645\u0646 \u0648\u063a\u064a\u0631 \u0642\u0627\u0628\u0644 \u0644\u0644\u0643\u0633\u0631 \u0644\u0631\u0641\u0627\u0647\u064a\u0629 \u0627\u0644\u062d\u064a\u0648\u0627\u0646\u0627\u062a. \u0627\u0643\u062a\u0634\u0641 \u0627\u0644\u0645\u0632\u064a\u062f!","breadcrumb":{"@id":"https:\/\/fdasrl.it\/ar\/prodotto\/%d8%b9%d8%a7%d9%83%d8%b3-%d8%ad%d8%b1%d8%a7%d8%b1%d9%8a-%d9%85%d9%86-%d8%a7%d9%84%d8%a8%d9%88%d9%84%d9%8a-%d9%83%d8%b1%d8%a8%d9%88%d9%86%d9%8a%d8%aa-%d9%82%d8%b7%d8%b1-270-%d9%85%d9%85-%d9%85%d9%86-fd\/#breadcrumb"},"inLanguage":"ar","potentialAction":[{"@type":"ReadAction","target":["https:\/\/fdasrl.it\/ar\/prodotto\/%d8%b9%d8%a7%d9%83%d8%b3-%d8%ad%d8%b1%d8%a7%d8%b1%d9%8a-%d9%85%d9%86-%d8%a7%d9%84%d8%a8%d9%88%d9%84%d9%8a-%d9%83%d8%b1%d8%a8%d9%88%d9%86%d9%8a%d8%aa-%d9%82%d8%b7%d8%b1-270-%d9%85%d9%85-%d9%85%d9%86-fd\/"]}]},{"@type":"ImageObject","inLanguage":"ar","@id":"https:\/\/fdasrl.it\/ar\/prodotto\/%d8%b9%d8%a7%d9%83%d8%b3-%d8%ad%d8%b1%d8%a7%d8%b1%d9%8a-%d9%85%d9%86-%d8%a7%d9%84%d8%a8%d9%88%d9%84%d9%8a-%d9%83%d8%b1%d8%a8%d9%88%d9%86%d9%8a%d8%aa-%d9%82%d8%b7%d8%b1-270-%d9%85%d9%85-%d9%85%d9%86-fd\/#primaryimage","url":"https:\/\/fdasrl.it\/wp-content\/uploads\/2025\/01\/riflettore-riscaldante-policarbonato-270mm-fda.webp","contentUrl":"https:\/\/fdasrl.it\/wp-content\/uploads\/2025\/01\/riflettore-riscaldante-policarbonato-270mm-fda.webp","width":1200,"height":904,"caption":"\u0639\u0627\u0643\u0633 \u0642\u0637\u0631 270 \u0645\u0645 \u0645\u0646 \u0627\u0644\u0628\u0648\u0644\u064a \u0643\u0631\u0628\u0648\u0646\u064a\u062a \u0627\u0644\u0634\u0641\u0627\u0641 \u063a\u064a\u0631 \u0627\u0644\u0642\u0627\u0628\u0644 \u0644\u0644\u0643\u0633\u0631\u060c \u0645\u0642\u0627\u0648\u0645 \u0644\u0644\u062d\u0631\u0627\u0631\u0629 \u0648\u0643\u0627\u0645\u0644 \u0645\u0639 \u0627\u0644\u0643\u0627\u0628\u0644 \u0648\u0642\u0627\u0628\u0633 \u0634\u0648\u0643\u0648."},{"@type":"BreadcrumbList","@id":"https:\/\/fdasrl.it\/ar\/prodotto\/%d8%b9%d8%a7%d9%83%d8%b3-%d8%ad%d8%b1%d8%a7%d8%b1%d9%8a-%d9%85%d9%86-%d8%a7%d9%84%d8%a8%d9%88%d9%84%d9%8a-%d9%83%d8%b1%d8%a8%d9%88%d9%86%d9%8a%d8%aa-%d9%82%d8%b7%d8%b1-270-%d9%85%d9%85-%d9%85%d9%86-fd\/#breadcrumb","itemListElement":[{"@type":"ListItem","position":1,"name":"Home","item":"https:\/\/fdasrl.it\/ar\/%d8%a7%d9%84%d8%b1%d8%a6%d9%8a%d8%b3%d9%8a%d8%a9\/"},{"@type":"ListItem","position":2,"name":"\u0627\u0644\u0645\u062a\u062c\u0631","item":"https:\/\/fdasrl.it\/ar\/%d8%a7%d9%84%d9%85%d8%aa%d8%ac%d8%b1\/"},{"@type":"ListItem","position":3,"name":"\u0639\u0627\u0643\u0633 \u062d\u0631\u0627\u0631\u064a \u0645\u0646 \u0627\u0644\u0628\u0648\u0644\u064a \u0643\u0631\u0628\u0648\u0646\u064a\u062a \u0642\u0637\u0631 270 \u0645\u0645 \u0645\u0646 FDA"}]},{"@type":"WebSite","@id":"https:\/\/fdasrl.it\/ar\/#website","url":"https:\/\/fdasrl.it\/ar\/","name":"FDA srl","description":"Equipment for animal husbandry","publisher":{"@id":"https:\/\/fdasrl.it\/ar\/#organization"},"potentialAction":[{"@type":"SearchAction","target":{"@type":"EntryPoint","urlTemplate":"https:\/\/fdasrl.it\/ar\/?s={search_term_string}"},"query-input":{"@type":"PropertyValueSpecification","valueRequired":true,"valueName":"search_term_string"}}],"inLanguage":"ar"},{"@type":"Organization","@id":"https:\/\/fdasrl.it\/ar\/#organization","name":"FDA srl","url":"https:\/\/fdasrl.it\/ar\/","logo":{"@type":"ImageObject","inLanguage":"ar","@id":"https:\/\/fdasrl.it\/ar\/#\/schema\/logo\/image\/","url":"https:\/\/fdasrl.it\/wp-content\/uploads\/2024\/12\/Logo-FDA.png","contentUrl":"https:\/\/fdasrl.it\/wp-content\/uploads\/2024\/12\/Logo-FDA.png","width":316,"height":119,"caption":"FDA srl"},"image":{"@id":"https:\/\/fdasrl.it\/ar\/#\/schema\/logo\/image\/"},"sameAs":["https:\/\/www.facebook.com\/share\/1MWhFWg1Tp\/?mibextid=LQQJ4d","https:\/\/www.instagram.com\/fda_srl\/profilecard\/?igsh=YW5lbzJ6MWg0d21u","https:\/\/www.youtube.com\/@FDASRL_ANIMALCARE"],"description":"FDA SRL \u2013 Equipment for animal husbandry nasce con l\u2019obiettivo di offrire soluzioni affidabili e innovative per l\u2019allevamento moderno. Con anni di esperienza nel settore zootecnico, progettiamo e realizziamo attrezzature destinate al benessere animale e alla gestione efficiente delle stalle: vasche, abbeveratoi, mangiatoie e sistemi di riscaldamento pensati per durare nel tempo e semplificare il lavoro quotidiano degli allevatori. Dalla progettazione alla produzione, ogni nostro prodotto \u00e8 studiato nei minimi dettagli, testato con cura e costruito per rispondere alle esigenze reali del settore. La nostra forza \u00e8 unire artigianalit\u00e0, tecnologia e competenza tecnica per trasformare ogni progetto in una soluzione concreta e funzionale. Oggi FDA SRL \u00e8 un punto di riferimento per privati e rivenditori che cercano qualit\u00e0, affidabilit\u00e0 e innovazione nelle attrezzature per l\u2019allevamento.","email":"info@fdasrl.it","telephone":"+390522826820","legalName":"F.D.A. SRL","foundingDate":"2024-10-13","vatID":"03075840359","taxID":"03075840359","numberOfEmployees":{"@type":"QuantitativeValue","minValue":"1","maxValue":"10"}}]},"product_price_currency":"EUR","og_availability":"instock","product_availability":"instock","product_retailer_item_id":"FDA-000034","product_condition":"new"},"_links":{"self":[{"href":"https:\/\/fdasrl.it\/ar\/wp-json\/wp\/v2\/product\/4367","targetHints":{"allow":["GET"]}}],"collection":[{"href":"https:\/\/fdasrl.it\/ar\/wp-json\/wp\/v2\/product"}],"about":[{"href":"https:\/\/fdasrl.it\/ar\/wp-json\/wp\/v2\/types\/product"}],"replies":[{"embeddable":true,"href":"https:\/\/fdasrl.it\/ar\/wp-json\/wp\/v2\/comments?post=4367"}],"wp:featuredmedia":[{"embeddable":true,"href":"https:\/\/fdasrl.it\/ar\/wp-json\/wp\/v2\/media\/914"}],"wp:attachment":[{"href":"https:\/\/fdasrl.it\/ar\/wp-json\/wp\/v2\/media?parent=4367"}],"wp:term":[{"taxonomy":"product_brand","embeddable":true,"href":"https:\/\/fdasrl.it\/ar\/wp-json\/wp\/v2\/product_brand?post=4367"},{"taxonomy":"product_cat","embeddable":true,"href":"https:\/\/fdasrl.it\/ar\/wp-json\/wp\/v2\/product_cat?post=4367"},{"taxonomy":"product_tag","embeddable":true,"href":"https:\/\/fdasrl.it\/ar\/wp-json\/wp\/v2\/product_tag?post=4367"}],"curies":[{"name":"wp","href":"https:\/\/api.w.org\/{rel}","templated":true}]}}