{"id":4467,"date":"2025-01-20T11:44:10","date_gmt":"2025-01-20T10:44:10","guid":{"rendered":"https:\/\/fdasrl.it\/prodotto\/%d8%b9%d8%a7%d9%83%d8%b3-%d8%ad%d8%b1%d8%a7%d8%b1%d9%8a-%d9%85%d9%86-%d8%a7%d9%84%d8%a3%d9%84%d9%85%d9%86%d9%8a%d9%88%d9%85-%d8%a8%d9%82%d8%b7%d8%b1-%d9%a2%d9%a1%d9%a0-%d9%85%d9%85\/"},"modified":"2025-01-20T11:44:10","modified_gmt":"2025-01-20T10:44:10","slug":"%d8%b9%d8%a7%d9%83%d8%b3-%d8%ad%d8%b1%d8%a7%d8%b1%d9%8a-%d9%85%d9%86-%d8%a7%d9%84%d8%a3%d9%84%d9%85%d9%86%d9%8a%d9%88%d9%85-%d8%a8%d9%82%d8%b7%d8%b1-%d9%a2%d9%a1%d9%a0-%d9%85%d9%85","status":"publish","type":"product","link":"https:\/\/fdasrl.it\/ar\/prodotto\/%d8%b9%d8%a7%d9%83%d8%b3-%d8%ad%d8%b1%d8%a7%d8%b1%d9%8a-%d9%85%d9%86-%d8%a7%d9%84%d8%a3%d9%84%d9%85%d9%86%d9%8a%d9%88%d9%85-%d8%a8%d9%82%d8%b7%d8%b1-%d9%a2%d9%a1%d9%a0-%d9%85%d9%85\/","title":{"rendered":"\u0639\u0627\u0643\u0633 \u062d\u0631\u0627\u0631\u064a \u0645\u0646 \u0627\u0644\u0623\u0644\u0645\u0646\u064a\u0648\u0645 \u0628\u0642\u0637\u0631 \u0662\u0661\u0660 \u0645\u0645"},"content":{"rendered":"<div align=\"left\">\n<h3 data-start=\"61\" data-end=\"117\"><strong data-start=\"61\" data-end=\"117\">\u0639\u0627\u0643\u0633 \u0644\u0645\u0635\u0628\u0627\u062d \u0627\u0644\u062a\u062f\u0641\u0626\u0629 \u0645\u0646 \u0627\u0644\u0623\u0644\u0645\u0646\u064a\u0648\u0645 \u0644\u0644\u062d\u064a\u0648\u0627\u0646\u0627\u062a &#8211; \u0642\u0637\u0631 \u0662\u0661\u0660 \u0645\u0645 &#8211; FDA 000030<\/strong><\/h3>\n<p data-start=\"119\" data-end=\"469\">\u0639\u0627\u0643\u0633 \u062d\u0631\u0627\u0631\u064a \u0627\u062d\u062a\u0631\u0627\u0641\u064a\u060c \u0645\u0635\u0646\u0648\u0639 \u0645\u0646 \u0623\u0644\u0645\u0646\u064a\u0648\u0645 \u0639\u0627\u0644\u064a \u0627\u0644\u062c\u0648\u062f\u0629 \u0628\u0642\u0637\u0631 \u0662\u0661\u0660 \u0645\u0645. \u0645\u0635\u0645\u0645 \u0644\u0636\u0645\u0627\u0646 \u062a\u0648\u0632\u064a\u0639 \u0641\u0639\u0627\u0644 \u0648\u0645\u0646\u062a\u0638\u0645 \u0644\u0644\u062d\u0631\u0627\u0631\u0629.<\/p>\n<p data-start=\"119\" data-end=\"469\">\u0645\u062b\u0627\u0644\u064a \u0644\u0644\u0627\u0633\u062a\u062e\u062f\u0627\u0645 \u0641\u064a \u0627\u0644\u0628\u064a\u0626\u0627\u062a \u0627\u0644\u0635\u0646\u0627\u0639\u064a\u0629 \u0648\u0627\u0644\u0632\u0631\u0627\u0639\u064a\u0629 \u0648\u062a\u0631\u0628\u064a\u0629 \u0627\u0644\u0645\u0627\u0634\u064a\u0629\u060c \u0623\u0648 \u0641\u064a \u0627\u0644\u0645\u0633\u0627\u062d\u0627\u062a \u0627\u0644\u062a\u064a \u062a\u062a\u0637\u0644\u0628 \u062a\u0648\u0641\u064a\u0631 \u0645\u0635\u062f\u0631 \u062d\u0631\u0627\u0631\u0629 \u0645\u0648\u0636\u0639\u064a \u0628\u0634\u0643\u0644 \u0622\u0645\u0646 \u0648\u0641\u0639\u0627\u0644.<\/p>\n<h4 data-start=\"471\" data-end=\"512\"><strong data-start=\"471\" data-end=\"512\">\u0627\u0644\u0645\u0648\u0627\u0635\u0641\u0627\u062a \u0627\u0644\u0641\u0646\u064a\u0629 \u0648\u0627\u0644\u062a\u062c\u0647\u064a\u0632\u0627\u062a:<\/strong><\/h4>\n<ul data-start=\"514\" data-end=\"1910\">\n<li data-start=\"514\" data-end=\"684\">\n<p data-start=\"516\" data-end=\"684\"><strong data-start=\"516\" data-end=\"541\">\u0643\u0627\u0628\u0644 \u0627\u0644\u0637\u0627\u0642\u0629<\/strong>: \u062a\u062a\u0636\u0645\u0646 \u0627\u0644\u0639\u0628\u0648\u0629 \u0643\u0627\u0628\u0644\u0627\u064b \u0628\u0637\u0648\u0644 \u0662\u066b\u0665 \u0645\u062a\u0631 \u064a\u062a\u064a\u062d \u062a\u0648\u0635\u064a\u0644\u0627\u064b \u0645\u0631\u064a\u062d\u0627\u064b \u0628\u0627\u0644\u0634\u0628\u0643\u0629 \u0627\u0644\u0643\u0647\u0631\u0628\u0627\u0626\u064a\u0629 \u062d\u062a\u0649 \u0639\u0646\u062f \u0627\u0644\u0628\u0639\u062f \u0639\u0646 \u0627\u0644\u0645\u0642\u0628\u0633.<\/p>\n<\/li>\n<li data-start=\"688\" data-end=\"849\">\n<p data-start=\"690\" data-end=\"849\"><strong data-start=\"690\" data-end=\"706\">\u0642\u0627\u0628\u0633 \u0634\u0648\u0643\u0648<\/strong>: \u0645\u0632\u0648\u062f \u0628\u0642\u0627\u0628\u0633 \u0634\u0648\u0643\u0648 \u0661\u0666 \u0623\u0645\u0628\u064a\u0631\u060c \u0662\u0665\u0660 \u0641\u0648\u0644\u062a \u0645\u0639 \u062d\u0645\u0627\u064a\u0629 \u0645\u0646 \u0627\u0644\u0631\u0630\u0627\u0630\u060c \u0644\u0627\u0633\u062a\u062e\u062f\u0627\u0645 \u0622\u0645\u0646 \u062d\u062a\u0649 \u0641\u064a \u0627\u0644\u0628\u064a\u0626\u0627\u062a \u0627\u0644\u062a\u064a \u0628\u0647\u0627 \u0631\u0637\u0648\u0628\u0629 \u0623\u0648 \u063a\u0628\u0627\u0631.<\/p>\n<\/li>\n<li data-start=\"851\" data-end=\"1076\">\n<p data-start=\"853\" data-end=\"1076\"><strong data-start=\"853\" data-end=\"879\">\u0646\u0638\u0627\u0645 \u0627\u0644\u062a\u0639\u0644\u064a\u0642<\/strong>: \u064a\u0623\u062a\u064a \u0627\u0644\u0639\u0627\u0643\u0633 \u0645\u0632\u0648\u062f\u0627\u064b \u0628\u0633\u0644\u0633\u0644\u0629 \u0645\u0639\u062f\u0646\u064a\u0629 \u0645\u062a\u064a\u0646\u0629 \u0628\u0637\u0648\u0644 \u0662 \u0645\u062a\u0631 \u0644\u0644\u062a\u0631\u0643\u064a\u0628 \u0627\u0644\u0645\u0639\u0644\u0642\u060c \u0645\u0645\u0627 \u064a\u0633\u0645\u062d \u0628\u0648\u0636\u0639\u0647 \u0628\u0633\u0647\u0648\u0644\u0629 \u0641\u0648\u0642 \u0627\u0644\u0645\u0646\u0637\u0642\u0629 \u0627\u0644\u0645\u0631\u0627\u062f \u062a\u062f\u0641\u0626\u062a\u0647\u0627. <\/p>\n<\/li>\n<li data-start=\"1078\" data-end=\"1261\">\n<p data-start=\"1080\" data-end=\"1261\"><strong data-start=\"1080\" data-end=\"1105\">\u0634\u0628\u0643\u0629 \u062d\u0645\u0627\u064a\u0629<\/strong>: \u0627\u0644\u062c\u0632\u0621 \u0627\u0644\u0623\u0645\u0627\u0645\u064a \u0645\u062d\u0645\u064a \u0628\u0634\u0628\u0643\u0629 \u0645\u0639\u062f\u0646\u064a\u0629 \u062a\u0636\u0645\u0646 \u0623\u0642\u0635\u0649 \u062f\u0631\u062c\u0627\u062a \u0627\u0644\u0623\u0645\u0627\u0646 \u0636\u062f \u0627\u0644\u062a\u0644\u0627\u0645\u0633 \u0627\u0644\u0645\u0628\u0627\u0634\u0631 \u0645\u0639 \u0645\u0635\u062f\u0631 \u0627\u0644\u062d\u0631\u0627\u0631\u0629 \u0623\u0648 \u0627\u0644\u0645\u0635\u0628\u0627\u062d.<\/p>\n<\/li>\n<li data-start=\"1263\" data-end=\"1472\">\n<p data-start=\"1265\" data-end=\"1472\"><strong data-start=\"1265\" data-end=\"1295\">\u062d\u0627\u0645\u0644 \u0645\u0635\u0628\u0627\u062d \u0645\u0646 \u0627\u0644\u0628\u0648\u0631\u0633\u0644\u064a\u0646<\/strong>: \u064a\u062d\u062a\u0648\u064a \u0639\u0644\u0649 \u062d\u0627\u0645\u0644 \u0645\u0635\u0628\u0627\u062d \u0642\u0648\u064a \u0645\u0646 \u0627\u0644\u0628\u0648\u0631\u0633\u0644\u064a\u0646 \u0627\u0644\u062b\u0642\u064a\u0644\u060c \u0628\u0642\u0637\u0631 \u0665\u0664 \u0645\u0645 \u0648\u062d\u0644\u0642\u0629 \u0645\u0644\u0648\u0644\u0628\u0629. \u0645\u0635\u0645\u0645 \u0644\u062a\u062d\u0645\u0644 \u062f\u0631\u062c\u0627\u062a \u0627\u0644\u062d\u0631\u0627\u0631\u0629 \u0627\u0644\u0639\u0627\u0644\u064a\u0629 \u0648\u0636\u0645\u0627\u0646 \u0639\u0645\u0631 \u062e\u062f\u0645\u0629 \u0637\u0648\u064a\u0644. <\/p>\n<\/li>\n<li data-start=\"1474\" data-end=\"1572\">\n<p data-start=\"1476\" data-end=\"1572\"><strong data-start=\"1476\" data-end=\"1493\">\u0645\u0632\u0648\u062f \u0627\u0644\u0637\u0627\u0642\u0629<\/strong>: \u064a\u0639\u0645\u0644 \u0627\u0644\u062c\u0647\u0627\u0632 \u0628\u0645\u0635\u062f\u0631 \u0643\u0647\u0631\u0628\u0627\u0621 \u0642\u064a\u0627\u0633\u064a \u0662\u0663\u0660 \u0641\u0648\u0644\u062a \u0648\u0665\u0660 \u0647\u0631\u062a\u0632.<\/p>\n<\/li>\n<li data-start=\"1574\" data-end=\"1679\">\n<p data-start=\"1576\" data-end=\"1679\"><strong data-start=\"1576\" data-end=\"1606\">\u0623\u0642\u0635\u0649 \u0642\u062f\u0631\u0629 \u0645\u062f\u0639\u0648\u0645\u0629<\/strong>: \u062a\u0635\u0644 \u0625\u0644\u0649 \u0662\u0665\u0660 \u0648\u0627\u0637\u060c \u0645\u062a\u0648\u0627\u0641\u0642 \u0645\u0639 \u0623\u0646\u0648\u0627\u0639 \u0645\u062e\u062a\u0644\u0641\u0629 \u0645\u0646 \u0645\u0635\u0627\u0628\u064a\u062d \u0627\u0644\u062a\u062f\u0641\u0626\u0629.<\/p>\n<\/li>\n<li data-start=\"1681\" data-end=\"1910\">\n<p data-start=\"1683\" data-end=\"1910\"><strong data-start=\"1683\" data-end=\"1719\">\u062e\u064a\u0627\u0631 \u062a\u0648\u0631\u064a\u062f \u0628\u062f\u064a\u0644<\/strong>: \u0639\u0646\u062f \u0627\u0644\u0637\u0644\u0628\u060c \u064a\u0645\u0643\u0646 \u062a\u0632\u0648\u064a\u062f \u0627\u0644\u0639\u0627\u0643\u0633 \u0628\u0642\u0627\u0628\u0633 CEE IP 44 \u0645\u062a\u0646\u0642\u0644 \u0648\u0643\u0627\u0628\u0644 \u0628\u0637\u0648\u0644 \u0662\u066b\u0668\u0660 \u0645\u062a\u0631. \u0645\u062b\u0627\u0644\u064a \u0644\u0644\u0628\u064a\u0626\u0627\u062a \u0627\u0644\u062a\u064a \u062a\u062a\u0637\u0644\u0628 \u062d\u0645\u0627\u064a\u0629 \u0623\u0643\u0628\u0631 \u0645\u0646 \u0627\u0644\u0639\u0648\u0627\u0645\u0644 \u0627\u0644\u062e\u0627\u0631\u062c\u064a\u0629. <\/p>\n<\/li>\n<\/ul>\n<\/div>\n<div align=\"left\"><\/div>\n<div align=\"left\">\ud83d\udc49 \u0627\u0637\u0644\u0628 \u0633\u0639\u0631 \u0625\u0639\u0627\u062f\u0629 \u0627\u0644\u0628\u064a\u0639: <a href=\"mailto:info@fdasrl.it\">\u0627\u0646\u0642\u0631 \u0647\u0646\u0627<\/a><\/div>\n<div align=\"left\">\ud83d\udc49 \u0627\u0634\u062a\u0631\u0650\u0647 \u0645\u0646 <a href=\"https:\/\/fda-shop.it\/shop\/articoli-per-allevamento\/riflettori-e-infrarossi\/riflettore-in-alluminio-fda000030-dm-cm-21-completo#\/34-accessori_e_confezioni-spina_schuko_con_griglia\" target=\"_blank\" rel=\"noopener\">\u0645\u062a\u062c\u0631\u0646\u0627 \u0627\u0644\u0625\u0644\u0643\u062a\u0631\u0648\u0646\u064a<\/a><\/div>\n","protected":false},"excerpt":{"rendered":"<p>\u0639\u0627\u0643\u0633 \u062d\u0631\u0627\u0631\u064a \u0627\u062d\u062a\u0631\u0627\u0641\u064a\u060c \u0645\u0635\u0646\u0648\u0639 \u0645\u0646 \u0623\u0644\u0645\u0646\u064a\u0648\u0645 \u0639\u0627\u0644\u064a \u0627\u0644\u062c\u0648\u062f\u0629 \u0628\u0642\u0637\u0631 \u0662\u0661\u0660 \u0645\u0645\u060c \u0645\u0635\u0645\u0645 \u0644\u0636\u0645\u0627\u0646 \u062a\u0648\u0632\u064a\u0639 \u0641\u0639\u0627\u0644 \u0648\u0645\u0646\u062a\u0638\u0645 \u0644\u0644\u062d\u0631\u0627\u0631\u0629.<\/p>\n","protected":false},"featured_media":319,"comment_status":"open","ping_status":"closed","template":"","meta":{"_et_pb_use_builder":"","_et_pb_old_content":"","_et_gb_content_width":""},"product_brand":[],"product_cat":[398,626,640,641],"product_tag":[1058,1059],"class_list":{"0":"post-4467","1":"product","2":"type-product","3":"status-publish","4":"has-post-thumbnail","6":"product_cat-398","7":"product_cat-626","8":"product_cat-640","9":"product_cat-641","10":"product_tag-fda-000030","11":"product_tag-fda000030","13":"first","14":"instock","15":"shipping-taxable","16":"product-type-simple"},"yoast_head":"<!-- This site is optimized with the Yoast SEO Premium plugin v27.5 (Yoast SEO v27.6) - https:\/\/yoast.com\/product\/yoast-seo-premium-wordpress\/ -->\n<title>\u0645\u0635\u0628\u0627\u062d \u062a\u062f\u0641\u0626\u0629 \u0644\u0644\u062d\u064a\u0648\u0627\u0646\u0627\u062a \u0645\u0646 \u0627\u0644\u0623\u0644\u0645\u0646\u064a\u0648\u0645: \u0631\u0627\u062d\u0629 \u0648\u0623\u0645\u0627\u0646 FDA srl<\/title>\n<meta name=\"description\" content=\"\u0627\u0643\u062a\u0634\u0641\u0648\u0627 \u0645\u0635\u0628\u0627\u062d \u0627\u0644\u062a\u062f\u0641\u0626\u0629 \u0644\u0644\u062d\u064a\u0648\u0627\u0646\u0627\u062a \u0627\u0644\u062e\u0627\u0635 \u0628\u0646\u0627\u060c \u0627\u0644\u0645\u0635\u0646\u0648\u0639 \u0645\u0646 \u0623\u0644\u0645\u0646\u064a\u0648\u0645 \u0639\u0627\u0644\u064a \u0627\u0644\u062c\u0648\u062f\u0629 \u0644\u062a\u0648\u0632\u064a\u0639 \u062d\u0631\u0627\u0631\u064a \u0645\u0646\u062a\u0638\u0645. \u0627\u0643\u062a\u0634\u0641\u0648\u0647 \u0627\u0644\u0622\u0646! \ud83c\udf1f\" \/>\n<meta name=\"robots\" content=\"index, follow, max-snippet:-1, max-image-preview:large, max-video-preview:-1\" \/>\n<link rel=\"canonical\" href=\"https:\/\/fdasrl.it\/ar\/prodotto\/%d8%b9%d8%a7%d9%83%d8%b3-%d8%ad%d8%b1%d8%a7%d8%b1%d9%8a-%d9%85%d9%86-%d8%a7%d9%84%d8%a3%d9%84%d9%85%d9%86%d9%8a%d9%88%d9%85-%d8%a8%d9%82%d8%b7%d8%b1-%d9%a2%d9%a1%d9%a0-%d9%85%d9%85\/\" \/>\n<meta property=\"og:locale\" content=\"ar_AR\" \/>\n<meta property=\"og:type\" content=\"article\" \/>\n<meta property=\"og:title\" content=\"\u0639\u0627\u0643\u0633 \u062d\u0631\u0627\u0631\u064a \u0645\u0646 \u0627\u0644\u0623\u0644\u0645\u0646\u064a\u0648\u0645 \u0628\u0642\u0637\u0631 \u0662\u0661\u0660 \u0645\u0645\" \/>\n<meta property=\"og:description\" content=\"\u0627\u0643\u062a\u0634\u0641\u0648\u0627 \u0645\u0635\u0628\u0627\u062d \u0627\u0644\u062a\u062f\u0641\u0626\u0629 \u0644\u0644\u062d\u064a\u0648\u0627\u0646\u0627\u062a \u0627\u0644\u062e\u0627\u0635 \u0628\u0646\u0627\u060c \u0627\u0644\u0645\u0635\u0646\u0648\u0639 \u0645\u0646 \u0623\u0644\u0645\u0646\u064a\u0648\u0645 \u0639\u0627\u0644\u064a \u0627\u0644\u062c\u0648\u062f\u0629 \u0644\u062a\u0648\u0632\u064a\u0639 \u062d\u0631\u0627\u0631\u064a \u0645\u0646\u062a\u0638\u0645. \u0627\u0643\u062a\u0634\u0641\u0648\u0647 \u0627\u0644\u0622\u0646! \ud83c\udf1f\" \/>\n<meta property=\"og:url\" content=\"https:\/\/fdasrl.it\/ar\/prodotto\/%d8%b9%d8%a7%d9%83%d8%b3-%d8%ad%d8%b1%d8%a7%d8%b1%d9%8a-%d9%85%d9%86-%d8%a7%d9%84%d8%a3%d9%84%d9%85%d9%86%d9%8a%d9%88%d9%85-%d8%a8%d9%82%d8%b7%d8%b1-%d9%a2%d9%a1%d9%a0-%d9%85%d9%85\/\" \/>\n<meta property=\"og:site_name\" content=\"FDA srl\" \/>\n<meta property=\"article:publisher\" content=\"https:\/\/www.facebook.com\/share\/1MWhFWg1Tp\/?mibextid=LQQJ4d\" \/>\n<meta property=\"og:image\" content=\"https:\/\/fdasrl.it\/wp-content\/uploads\/2025\/01\/FDA-000030.jpg\" \/>\n\t<meta property=\"og:image:width\" content=\"800\" \/>\n\t<meta property=\"og:image:height\" content=\"607\" \/>\n\t<meta property=\"og:image:type\" content=\"image\/jpeg\" \/>\n<meta name=\"twitter:card\" content=\"summary_large_image\" \/>\n<meta name=\"twitter:label1\" content=\"\u0627\u0644\u0633\u0639\u0631\" \/>\n\t<meta name=\"twitter:data1\" content=\"\" \/>\n\t<meta name=\"twitter:label2\" content=\"\u0627\u0644\u062a\u0648\u0641\u0631\" \/>\n\t<meta name=\"twitter:data2\" content=\"\u0645\u062a\u0648\u0641\u0631 \u0641\u064a \u0627\u0644\u0645\u062e\u0632\u0648\u0646\" \/>\n<meta property=\"product:price:currency\" content=\"EUR\" \/>\n<meta property=\"og:availability\" content=\"instock\" \/>\n<meta property=\"product:availability\" content=\"instock\" \/>\n<meta property=\"product:retailer_item_id\" content=\"FDA-000030\" \/>\n<meta property=\"product:condition\" content=\"new\" \/>\n<!-- \/ Yoast SEO Premium plugin. -->","yoast_head_json":{"title":"\u0645\u0635\u0628\u0627\u062d \u062a\u062f\u0641\u0626\u0629 \u0644\u0644\u062d\u064a\u0648\u0627\u0646\u0627\u062a \u0645\u0646 \u0627\u0644\u0623\u0644\u0645\u0646\u064a\u0648\u0645: \u0631\u0627\u062d\u0629 \u0648\u0623\u0645\u0627\u0646 FDA srl","description":"\u0627\u0643\u062a\u0634\u0641\u0648\u0627 \u0645\u0635\u0628\u0627\u062d \u0627\u0644\u062a\u062f\u0641\u0626\u0629 \u0644\u0644\u062d\u064a\u0648\u0627\u0646\u0627\u062a \u0627\u0644\u062e\u0627\u0635 \u0628\u0646\u0627\u060c \u0627\u0644\u0645\u0635\u0646\u0648\u0639 \u0645\u0646 \u0623\u0644\u0645\u0646\u064a\u0648\u0645 \u0639\u0627\u0644\u064a \u0627\u0644\u062c\u0648\u062f\u0629 \u0644\u062a\u0648\u0632\u064a\u0639 \u062d\u0631\u0627\u0631\u064a \u0645\u0646\u062a\u0638\u0645. \u0627\u0643\u062a\u0634\u0641\u0648\u0647 \u0627\u0644\u0622\u0646! \ud83c\udf1f","robots":{"index":"index","follow":"follow","max-snippet":"max-snippet:-1","max-image-preview":"max-image-preview:large","max-video-preview":"max-video-preview:-1"},"canonical":"https:\/\/fdasrl.it\/ar\/prodotto\/%d8%b9%d8%a7%d9%83%d8%b3-%d8%ad%d8%b1%d8%a7%d8%b1%d9%8a-%d9%85%d9%86-%d8%a7%d9%84%d8%a3%d9%84%d9%85%d9%86%d9%8a%d9%88%d9%85-%d8%a8%d9%82%d8%b7%d8%b1-%d9%a2%d9%a1%d9%a0-%d9%85%d9%85\/","og_locale":"ar_AR","og_type":"article","og_title":"\u0639\u0627\u0643\u0633 \u062d\u0631\u0627\u0631\u064a \u0645\u0646 \u0627\u0644\u0623\u0644\u0645\u0646\u064a\u0648\u0645 \u0628\u0642\u0637\u0631 \u0662\u0661\u0660 \u0645\u0645","og_description":"\u0627\u0643\u062a\u0634\u0641\u0648\u0627 \u0645\u0635\u0628\u0627\u062d \u0627\u0644\u062a\u062f\u0641\u0626\u0629 \u0644\u0644\u062d\u064a\u0648\u0627\u0646\u0627\u062a \u0627\u0644\u062e\u0627\u0635 \u0628\u0646\u0627\u060c \u0627\u0644\u0645\u0635\u0646\u0648\u0639 \u0645\u0646 \u0623\u0644\u0645\u0646\u064a\u0648\u0645 \u0639\u0627\u0644\u064a \u0627\u0644\u062c\u0648\u062f\u0629 \u0644\u062a\u0648\u0632\u064a\u0639 \u062d\u0631\u0627\u0631\u064a \u0645\u0646\u062a\u0638\u0645. \u0627\u0643\u062a\u0634\u0641\u0648\u0647 \u0627\u0644\u0622\u0646! \ud83c\udf1f","og_url":"https:\/\/fdasrl.it\/ar\/prodotto\/%d8%b9%d8%a7%d9%83%d8%b3-%d8%ad%d8%b1%d8%a7%d8%b1%d9%8a-%d9%85%d9%86-%d8%a7%d9%84%d8%a3%d9%84%d9%85%d9%86%d9%8a%d9%88%d9%85-%d8%a8%d9%82%d8%b7%d8%b1-%d9%a2%d9%a1%d9%a0-%d9%85%d9%85\/","og_site_name":"FDA srl","article_publisher":"https:\/\/www.facebook.com\/share\/1MWhFWg1Tp\/?mibextid=LQQJ4d","og_image":[{"width":800,"height":607,"url":"https:\/\/fdasrl.it\/wp-content\/uploads\/2025\/01\/FDA-000030.jpg","type":"image\/jpeg"}],"twitter_card":"summary_large_image","twitter_misc":{"\u0627\u0644\u0633\u0639\u0631":"","\u0627\u0644\u062a\u0648\u0641\u0631":"\u0645\u062a\u0648\u0641\u0631 \u0641\u064a \u0627\u0644\u0645\u062e\u0632\u0648\u0646"},"schema":{"@context":"https:\/\/schema.org","@graph":[{"@type":"WebPage","@id":"https:\/\/fdasrl.it\/ar\/prodotto\/%d8%b9%d8%a7%d9%83%d8%b3-%d8%ad%d8%b1%d8%a7%d8%b1%d9%8a-%d9%85%d9%86-%d8%a7%d9%84%d8%a3%d9%84%d9%85%d9%86%d9%8a%d9%88%d9%85-%d8%a8%d9%82%d8%b7%d8%b1-%d9%a2%d9%a1%d9%a0-%d9%85%d9%85\/","url":"https:\/\/fdasrl.it\/ar\/prodotto\/%d8%b9%d8%a7%d9%83%d8%b3-%d8%ad%d8%b1%d8%a7%d8%b1%d9%8a-%d9%85%d9%86-%d8%a7%d9%84%d8%a3%d9%84%d9%85%d9%86%d9%8a%d9%88%d9%85-%d8%a8%d9%82%d8%b7%d8%b1-%d9%a2%d9%a1%d9%a0-%d9%85%d9%85\/","name":"\u0645\u0635\u0628\u0627\u062d \u062a\u062f\u0641\u0626\u0629 \u0644\u0644\u062d\u064a\u0648\u0627\u0646\u0627\u062a \u0645\u0646 \u0627\u0644\u0623\u0644\u0645\u0646\u064a\u0648\u0645: \u0631\u0627\u062d\u0629 \u0648\u0623\u0645\u0627\u0646 FDA srl","isPartOf":{"@id":"https:\/\/fdasrl.it\/ar\/#website"},"primaryImageOfPage":{"@id":"https:\/\/fdasrl.it\/ar\/prodotto\/%d8%b9%d8%a7%d9%83%d8%b3-%d8%ad%d8%b1%d8%a7%d8%b1%d9%8a-%d9%85%d9%86-%d8%a7%d9%84%d8%a3%d9%84%d9%85%d9%86%d9%8a%d9%88%d9%85-%d8%a8%d9%82%d8%b7%d8%b1-%d9%a2%d9%a1%d9%a0-%d9%85%d9%85\/#primaryimage"},"image":{"@id":"https:\/\/fdasrl.it\/ar\/prodotto\/%d8%b9%d8%a7%d9%83%d8%b3-%d8%ad%d8%b1%d8%a7%d8%b1%d9%8a-%d9%85%d9%86-%d8%a7%d9%84%d8%a3%d9%84%d9%85%d9%86%d9%8a%d9%88%d9%85-%d8%a8%d9%82%d8%b7%d8%b1-%d9%a2%d9%a1%d9%a0-%d9%85%d9%85\/#primaryimage"},"thumbnailUrl":"https:\/\/fdasrl.it\/wp-content\/uploads\/2025\/01\/FDA-000030.jpg","datePublished":"2025-01-20T10:44:10+00:00","description":"\u0627\u0643\u062a\u0634\u0641\u0648\u0627 \u0645\u0635\u0628\u0627\u062d \u0627\u0644\u062a\u062f\u0641\u0626\u0629 \u0644\u0644\u062d\u064a\u0648\u0627\u0646\u0627\u062a \u0627\u0644\u062e\u0627\u0635 \u0628\u0646\u0627\u060c \u0627\u0644\u0645\u0635\u0646\u0648\u0639 \u0645\u0646 \u0623\u0644\u0645\u0646\u064a\u0648\u0645 \u0639\u0627\u0644\u064a \u0627\u0644\u062c\u0648\u062f\u0629 \u0644\u062a\u0648\u0632\u064a\u0639 \u062d\u0631\u0627\u0631\u064a \u0645\u0646\u062a\u0638\u0645. \u0627\u0643\u062a\u0634\u0641\u0648\u0647 \u0627\u0644\u0622\u0646! \ud83c\udf1f","breadcrumb":{"@id":"https:\/\/fdasrl.it\/ar\/prodotto\/%d8%b9%d8%a7%d9%83%d8%b3-%d8%ad%d8%b1%d8%a7%d8%b1%d9%8a-%d9%85%d9%86-%d8%a7%d9%84%d8%a3%d9%84%d9%85%d9%86%d9%8a%d9%88%d9%85-%d8%a8%d9%82%d8%b7%d8%b1-%d9%a2%d9%a1%d9%a0-%d9%85%d9%85\/#breadcrumb"},"inLanguage":"ar","potentialAction":[{"@type":"ReadAction","target":["https:\/\/fdasrl.it\/ar\/prodotto\/%d8%b9%d8%a7%d9%83%d8%b3-%d8%ad%d8%b1%d8%a7%d8%b1%d9%8a-%d9%85%d9%86-%d8%a7%d9%84%d8%a3%d9%84%d9%85%d9%86%d9%8a%d9%88%d9%85-%d8%a8%d9%82%d8%b7%d8%b1-%d9%a2%d9%a1%d9%a0-%d9%85%d9%85\/"]}]},{"@type":"ImageObject","inLanguage":"ar","@id":"https:\/\/fdasrl.it\/ar\/prodotto\/%d8%b9%d8%a7%d9%83%d8%b3-%d8%ad%d8%b1%d8%a7%d8%b1%d9%8a-%d9%85%d9%86-%d8%a7%d9%84%d8%a3%d9%84%d9%85%d9%86%d9%8a%d9%88%d9%85-%d8%a8%d9%82%d8%b7%d8%b1-%d9%a2%d9%a1%d9%a0-%d9%85%d9%85\/#primaryimage","url":"https:\/\/fdasrl.it\/wp-content\/uploads\/2025\/01\/FDA-000030.jpg","contentUrl":"https:\/\/fdasrl.it\/wp-content\/uploads\/2025\/01\/FDA-000030.jpg","width":800,"height":607,"caption":"Lampada riscaldante pr animali in alluminio"},{"@type":"BreadcrumbList","@id":"https:\/\/fdasrl.it\/ar\/prodotto\/%d8%b9%d8%a7%d9%83%d8%b3-%d8%ad%d8%b1%d8%a7%d8%b1%d9%8a-%d9%85%d9%86-%d8%a7%d9%84%d8%a3%d9%84%d9%85%d9%86%d9%8a%d9%88%d9%85-%d8%a8%d9%82%d8%b7%d8%b1-%d9%a2%d9%a1%d9%a0-%d9%85%d9%85\/#breadcrumb","itemListElement":[{"@type":"ListItem","position":1,"name":"Home","item":"https:\/\/fdasrl.it\/ar\/%d8%a7%d9%84%d8%b1%d8%a6%d9%8a%d8%b3%d9%8a%d8%a9\/"},{"@type":"ListItem","position":2,"name":"\u0627\u0644\u0645\u062a\u062c\u0631","item":"https:\/\/fdasrl.it\/ar\/%d8%a7%d9%84%d9%85%d8%aa%d8%ac%d8%b1\/"},{"@type":"ListItem","position":3,"name":"\u0639\u0627\u0643\u0633 \u062d\u0631\u0627\u0631\u064a \u0645\u0646 \u0627\u0644\u0623\u0644\u0645\u0646\u064a\u0648\u0645 \u0628\u0642\u0637\u0631 \u0662\u0661\u0660 \u0645\u0645"}]},{"@type":"WebSite","@id":"https:\/\/fdasrl.it\/ar\/#website","url":"https:\/\/fdasrl.it\/ar\/","name":"FDA srl","description":"Equipment for animal husbandry","publisher":{"@id":"https:\/\/fdasrl.it\/ar\/#organization"},"potentialAction":[{"@type":"SearchAction","target":{"@type":"EntryPoint","urlTemplate":"https:\/\/fdasrl.it\/ar\/?s={search_term_string}"},"query-input":{"@type":"PropertyValueSpecification","valueRequired":true,"valueName":"search_term_string"}}],"inLanguage":"ar"},{"@type":"Organization","@id":"https:\/\/fdasrl.it\/ar\/#organization","name":"FDA srl","url":"https:\/\/fdasrl.it\/ar\/","logo":{"@type":"ImageObject","inLanguage":"ar","@id":"https:\/\/fdasrl.it\/ar\/#\/schema\/logo\/image\/","url":"https:\/\/fdasrl.it\/wp-content\/uploads\/2024\/12\/Logo-FDA.png","contentUrl":"https:\/\/fdasrl.it\/wp-content\/uploads\/2024\/12\/Logo-FDA.png","width":316,"height":119,"caption":"FDA srl"},"image":{"@id":"https:\/\/fdasrl.it\/ar\/#\/schema\/logo\/image\/"},"sameAs":["https:\/\/www.facebook.com\/share\/1MWhFWg1Tp\/?mibextid=LQQJ4d","https:\/\/www.instagram.com\/fda_srl\/profilecard\/?igsh=YW5lbzJ6MWg0d21u","https:\/\/www.youtube.com\/@FDASRL_ANIMALCARE"],"description":"FDA SRL \u2013 Equipment for animal husbandry nasce con l\u2019obiettivo di offrire soluzioni affidabili e innovative per l\u2019allevamento moderno. Con anni di esperienza nel settore zootecnico, progettiamo e realizziamo attrezzature destinate al benessere animale e alla gestione efficiente delle stalle: vasche, abbeveratoi, mangiatoie e sistemi di riscaldamento pensati per durare nel tempo e semplificare il lavoro quotidiano degli allevatori. Dalla progettazione alla produzione, ogni nostro prodotto \u00e8 studiato nei minimi dettagli, testato con cura e costruito per rispondere alle esigenze reali del settore. La nostra forza \u00e8 unire artigianalit\u00e0, tecnologia e competenza tecnica per trasformare ogni progetto in una soluzione concreta e funzionale. Oggi FDA SRL \u00e8 un punto di riferimento per privati e rivenditori che cercano qualit\u00e0, affidabilit\u00e0 e innovazione nelle attrezzature per l\u2019allevamento.","email":"info@fdasrl.it","telephone":"+390522826820","legalName":"F.D.A. SRL","foundingDate":"2024-10-13","vatID":"03075840359","taxID":"03075840359","numberOfEmployees":{"@type":"QuantitativeValue","minValue":"1","maxValue":"10"}}]},"product_price_currency":"EUR","og_availability":"instock","product_availability":"instock","product_retailer_item_id":"FDA-000030","product_condition":"new"},"_links":{"self":[{"href":"https:\/\/fdasrl.it\/ar\/wp-json\/wp\/v2\/product\/4467","targetHints":{"allow":["GET"]}}],"collection":[{"href":"https:\/\/fdasrl.it\/ar\/wp-json\/wp\/v2\/product"}],"about":[{"href":"https:\/\/fdasrl.it\/ar\/wp-json\/wp\/v2\/types\/product"}],"replies":[{"embeddable":true,"href":"https:\/\/fdasrl.it\/ar\/wp-json\/wp\/v2\/comments?post=4467"}],"wp:featuredmedia":[{"embeddable":true,"href":"https:\/\/fdasrl.it\/ar\/wp-json\/wp\/v2\/media\/319"}],"wp:attachment":[{"href":"https:\/\/fdasrl.it\/ar\/wp-json\/wp\/v2\/media?parent=4467"}],"wp:term":[{"taxonomy":"product_brand","embeddable":true,"href":"https:\/\/fdasrl.it\/ar\/wp-json\/wp\/v2\/product_brand?post=4467"},{"taxonomy":"product_cat","embeddable":true,"href":"https:\/\/fdasrl.it\/ar\/wp-json\/wp\/v2\/product_cat?post=4467"},{"taxonomy":"product_tag","embeddable":true,"href":"https:\/\/fdasrl.it\/ar\/wp-json\/wp\/v2\/product_tag?post=4467"}],"curies":[{"name":"wp","href":"https:\/\/api.w.org\/{rel}","templated":true}]}}