{"id":4511,"date":"2025-01-20T11:48:52","date_gmt":"2025-01-20T10:48:52","guid":{"rendered":"https:\/\/fdasrl.it\/prodotto\/%d8%b9%d8%a7%d9%83%d8%b3-%d8%aa%d8%af%d9%81%d8%a6%d8%a9-%d9%85%d9%86-%d8%a7%d9%84%d8%a3%d9%84%d9%88%d9%85%d9%86%d9%8a%d9%88%d9%85-fda-000030sw\/"},"modified":"2025-01-20T11:48:52","modified_gmt":"2025-01-20T10:48:52","slug":"%d8%b9%d8%a7%d9%83%d8%b3-%d8%aa%d8%af%d9%81%d8%a6%d8%a9-%d9%85%d9%86-%d8%a7%d9%84%d8%a3%d9%84%d9%88%d9%85%d9%86%d9%8a%d9%88%d9%85-fda-000030sw","status":"publish","type":"product","link":"https:\/\/fdasrl.it\/ar\/prodotto\/%d8%b9%d8%a7%d9%83%d8%b3-%d8%aa%d8%af%d9%81%d8%a6%d8%a9-%d9%85%d9%86-%d8%a7%d9%84%d8%a3%d9%84%d9%88%d9%85%d9%86%d9%8a%d9%88%d9%85-fda-000030sw\/","title":{"rendered":"\u0639\u0627\u0643\u0633 \u062a\u062f\u0641\u0626\u0629 \u0645\u0646 \u0627\u0644\u0623\u0644\u0648\u0645\u0646\u064a\u0648\u0645 FDA-000030SW"},"content":{"rendered":"<h3 align=\"left\">\u0639\u0627\u0643\u0633 \u062a\u062f\u0641\u0626\u0629 \u062d\u064a\u0648\u0627\u0646\u064a\u0629 \u0645\u0648\u0641\u0631 \u0644\u0644\u0637\u0627\u0642\u0629 FDA-000030SW<\/h3>\n<div align=\"left\">\u0639\u0627\u0643\u0633 \u062a\u062f\u0641\u0626\u0629 \u0645\u0646 \u0627\u0644\u0623\u0644\u0648\u0645\u0646\u064a\u0648\u0645 \u0642\u0637\u0631 210 \u0645\u0644\u0645 \u0644\u0644\u0628\u064a\u0626\u0627\u062a \u0627\u0644\u062d\u064a\u0648\u0627\u0646\u064a\u0629.<\/div>\n<div align=\"left\">\u0647\u0630\u0627 \u0627\u0644\u0639\u0627\u0643\u0633 \u0645\u0648\u0641\u0631 \u0644\u0644\u0637\u0627\u0642\u0629 \u0648\u0645\u0632\u0648\u062f \u0628\u0645\u0641\u062a\u0627\u062d \u0628\u062b\u0644\u0627\u062b\u0629 \u0623\u0648\u0636\u0627\u0639:<\/div>\n<div align=\"left\">\n<ul>\n<li>1 \u062a\u0634\u063a\u064a\u0644<\/li>\n<li>0 \u0625\u064a\u0642\u0627\u0641<\/li>\n<li>2 \u0645\u062e\u0641\u0636 \u062d\u062a\u0649 \u0646\u0635\u0641 \u0627\u0644\u0642\u062f\u0631\u0629 (\u0645\u062b\u0627\u0644: \u0645\u0635\u0628\u0627\u062d 150 \u0648\u0627\u0637 = 75 \u0648\u0627\u0637 \u0641\u064a \u0627\u0644\u0648\u0636\u0639 2)<\/li>\n<\/ul>\n<p>\u0627\u0644\u0645\u0648\u0627\u0635\u0641\u0627\u062a \u0627\u0644\u0641\u0646\u064a\u0629 \u0627\u0644\u0623\u062e\u0631\u0649<\/p>\n<\/div>\n<ul>\n<li>  \u0643\u0627\u0628\u0644 \u0643\u0647\u0631\u0628\u0627\u0626\u064a \u0628\u0637\u0648\u0644 2,5 \u0645<\/li>\n<li>  \u0642\u0627\u0628\u0633 Schuko 16 \u0623\u0645\u0628\u064a\u0631\u060c 250 \u0641\u0648\u0644\u062a \u0645\u0642\u0627\u0648\u0645 \u0644\u0644\u0631\u0630\u0627\u0630<\/li>\n<li>  \u0633\u0644\u0633\u0644\u0629 \u062a\u0639\u0644\u064a\u0642 \u0628\u0637\u0648\u0644 2 \u0645<\/li>\n<li>  \u0634\u0628\u0643\u0629 \u062d\u0645\u0627\u064a\u0629<\/li>\n<li>  \u062d\u0627\u0645\u0644 \u0645\u0635\u0628\u0627\u062d \u0645\u0646 \u0627\u0644\u0628\u0648\u0631\u0633\u0644\u064a\u0646 \u0627\u0644\u062b\u0642\u064a\u0644 \u0642\u0637\u0631 54 \u0645\u0639 \u062d\u0644\u0642\u0629 \u0645\u0644\u0648\u0644\u0628\u0629<\/li>\n<li>  \u0627\u0644\u062a\u063a\u0630\u064a\u0629 \u0627\u0644\u0643\u0647\u0631\u0628\u0627\u0626\u064a\u0629: 230 \u0641\u0648\u0644\u062a \u2013 50 \u0647\u0631\u062a\u0632<\/li>\n<li>  \u0627\u0644\u0642\u062f\u0631\u0629 \u0627\u0644\u0642\u0635\u0648\u0649: 250 \u0648\u0627\u0637<\/li>\n<\/ul>\n<p>\ud83d\udc49 \u0627\u0637\u0644\u0628 \u0633\u0639\u0631 \u0625\u0639\u0627\u062f\u0629 \u0627\u0644\u0628\u064a\u0639: <a href=\"mailto:info@fdasrl.it\">\u0627\u0646\u0642\u0631 \u0647\u0646\u0627<\/a><\/p>\n<p>\u0627\u0634\u062a\u0631\u0650\u0647 \u0645\u0646 <a href=\"https:\/\/fda-shop.it\/shop\/articoli-per-allevamento\/riflettore-fda000030sw-in-allumino-a-risparmio-energetico#\/34-accessori_e_confezioni-spina_schuko_con_griglia\" target=\"_blank\" rel=\"noopener\">\u0645\u062a\u062c\u0631\u0646\u0627 \u0627\u0644\u0625\u0644\u0643\u062a\u0631\u0648\u0646\u064a<\/a><\/p>\n<p>\u0639\u0627\u0643\u0633\u0627\u062a \u0627\u0644\u062a\u062f\u0641\u0626\u0629 FDA \u0645\u0635\u0645\u0645\u0629 \u0644\u0636\u0645\u0627\u0646 \u062d\u0631\u0627\u0631\u0629 \u0645\u062b\u0627\u0644\u064a\u0629 \u0648\u0645\u0648\u062d\u062f\u0629\u060c \u0645\u0645\u0627 \u064a\u0642\u0644\u0644 \u0645\u0646 \u0647\u062f\u0631 \u0627\u0644\u0637\u0627\u0642\u0629. \u0645\u0635\u0646\u0648\u0639\u0629 \u0645\u0646 \u0645\u0648\u0627\u062f \u0639\u0627\u0644\u064a\u0629 \u0627\u0644\u062c\u0648\u062f\u0629 \u0648\u0645\u0642\u0627\u0648\u0645\u0629 \u062d\u062a\u0649 \u0644\u0623\u0633\u0648\u0623 \u0627\u0644\u0638\u0631\u0648\u0641.<br \/>\n\u0645\u062b\u0627\u0644\u064a\u0629 \u0644\u0644\u062d\u0638\u0627\u0626\u0631 \u0648\u0627\u0644\u0645\u0632\u0627\u0631\u0639 \u0648\u0623\u064a \u0646\u0648\u0639 \u0622\u062e\u0631 \u0645\u0646 \u0627\u0644\u0628\u064a\u0626\u0627\u062a \u062d\u064a\u062b \u062a\u0631\u064a\u062f \u062a\u0637\u0628\u064a\u0642 \u062d\u0644 \u0641\u0639\u0651\u0627\u0644 \u0648\u0645\u062a\u064a\u0646 \u0644\u0631\u0641\u0627\u0647\u064a\u0629 \u0627\u0644\u062d\u064a\u0648\u0627\u0646\u0627\u062a. \u0627\u0644\u062a\u0635\u0645\u064a\u0645 \u0627\u0644\u0630\u0643\u064a \u064a\u0636\u0645\u0646 \u062a\u0631\u0643\u064a\u0628\u064b\u0627 \u0633\u0647\u0644\u0627\u064b \u0648\u0627\u0633\u062a\u062e\u062f\u0627\u0645\u064b\u0627 \u0622\u0645\u0646\u064b\u0627 \u0641\u064a \u0643\u0644 \u0628\u064a\u0626\u0629 \u0644\u062a\u0631\u0628\u064a\u0629 \u0627\u0644\u062d\u064a\u0648\u0627\u0646\u0627\u062a.  <\/p>\n","protected":false},"excerpt":{"rendered":"<p>\u0639\u0648\u0627\u0643\u0633 \u0627\u0644\u062a\u062f\u0641\u0626\u0629 \u0645\u0646 FDA \u0645\u0635\u0645\u0645\u0629 \u0644\u0636\u0645\u0627\u0646 \u062d\u0631\u0627\u0631\u0629 \u0645\u062b\u0627\u0644\u064a\u0629 \u0648\u0645\u062a\u062c\u0627\u0646\u0633\u0629\u060c \u0645\u0639 \u062a\u0642\u0644\u064a\u0644 \u0627\u0644\u0647\u062f\u0631 \u0641\u064a \u0627\u0644\u0637\u0627\u0642\u0629. \u0645\u0635\u0646\u0648\u0639\u0629 \u0645\u0646 \u0645\u0648\u0627\u062f \u0639\u0627\u0644\u064a\u0629 \u0627\u0644\u062c\u0648\u062f\u0629 \u0648\u0645\u0642\u0627\u0648\u0645\u0629 \u062d\u062a\u0649 \u0644\u0623\u0633\u0648\u0623 \u0627\u0644\u0638\u0631\u0648\u0641.<br \/>\n\u0645\u062b\u0627\u0644\u064a\u0629 \u0644\u0644\u062d\u0638\u0627\u0626\u0631 \u0648\u0627\u0644\u0645\u0632\u0627\u0631\u0639 \u0648\u0623\u064a \u0646\u0648\u0639 \u0622\u062e\u0631 \u0645\u0646 \u0627\u0644\u0628\u064a\u0626\u0627\u062a \u062d\u064a\u062b \u062a\u0631\u064a\u062f \u062a\u0637\u0628\u064a\u0642 \u062d\u0644 \u0641\u0639\u0627\u0644 \u0648\u0645\u062a\u064a\u0646 \u0644\u0631\u0641\u0627\u0647\u064a\u0629 \u0627\u0644\u062d\u064a\u0648\u0627\u0646\u0627\u062a. <\/p>\n","protected":false},"featured_media":320,"comment_status":"open","ping_status":"closed","template":"","meta":{"_et_pb_use_builder":"","_et_pb_old_content":"","_et_gb_content_width":""},"product_brand":[],"product_cat":[638,640,641],"product_tag":[1073],"class_list":{"0":"post-4511","1":"product","2":"type-product","3":"status-publish","4":"has-post-thumbnail","6":"product_cat-638","7":"product_cat-640","8":"product_cat-641","9":"product_tag-fda-000030sw","11":"first","12":"instock","13":"shipping-taxable","14":"product-type-simple"},"yoast_head":"<!-- This site is optimized with the Yoast SEO Premium plugin v27.5 (Yoast SEO v27.5) - https:\/\/yoast.com\/product\/yoast-seo-premium-wordpress\/ -->\n<title>\u0639\u0627\u0643\u0633 \u062a\u062f\u0641\u0626\u0629 \u062d\u064a\u0648\u0627\u0646\u064a\u0629 \u0645\u0648\u0641\u0631 \u0644\u0644\u0637\u0627\u0642\u0629 \u0645\u0646 FDA<\/title>\n<meta name=\"description\" content=\"\u0627\u0643\u062a\u0634\u0641 \u0639\u0627\u0643\u0633 \u0627\u0644\u062a\u062f\u0641\u0626\u0629 \u0627\u0644\u062d\u064a\u0648\u0627\u0646\u064a\u0629 \u0627\u0644\u0645\u0648\u0641\u0631 \u0644\u0644\u0637\u0627\u0642\u0629. \u0628\u062b\u0644\u0627\u062b\u0629 \u0623\u0648\u0636\u0627\u0639 \u0648\u0645\u0648\u0627\u062f \u0645\u0642\u0627\u0648\u0645\u0629\u060c \u0625\u0646\u0647 \u0627\u0644\u062d\u0644 \u0627\u0644\u0645\u062b\u0627\u0644\u064a!\" \/>\n<meta name=\"robots\" content=\"index, follow, max-snippet:-1, max-image-preview:large, max-video-preview:-1\" \/>\n<link rel=\"canonical\" href=\"https:\/\/fdasrl.it\/ar\/prodotto\/%d8%b9%d8%a7%d9%83%d8%b3-%d8%aa%d8%af%d9%81%d8%a6%d8%a9-%d9%85%d9%86-%d8%a7%d9%84%d8%a3%d9%84%d9%88%d9%85%d9%86%d9%8a%d9%88%d9%85-fda-000030sw\/\" \/>\n<meta property=\"og:locale\" content=\"ar_AR\" \/>\n<meta property=\"og:type\" content=\"article\" \/>\n<meta property=\"og:title\" content=\"\u0639\u0627\u0643\u0633 \u062a\u062f\u0641\u0626\u0629 \u0645\u0646 \u0627\u0644\u0623\u0644\u0648\u0645\u0646\u064a\u0648\u0645 FDA-000030SW\" \/>\n<meta property=\"og:description\" content=\"\u0627\u0643\u062a\u0634\u0641 \u0639\u0627\u0643\u0633 \u0627\u0644\u062a\u062f\u0641\u0626\u0629 \u0627\u0644\u062d\u064a\u0648\u0627\u0646\u064a\u0629 \u0627\u0644\u0645\u0648\u0641\u0631 \u0644\u0644\u0637\u0627\u0642\u0629. \u0628\u062b\u0644\u0627\u062b\u0629 \u0623\u0648\u0636\u0627\u0639 \u0648\u0645\u0648\u0627\u062f \u0645\u0642\u0627\u0648\u0645\u0629\u060c \u0625\u0646\u0647 \u0627\u0644\u062d\u0644 \u0627\u0644\u0645\u062b\u0627\u0644\u064a!\" \/>\n<meta property=\"og:url\" content=\"https:\/\/fdasrl.it\/ar\/prodotto\/%d8%b9%d8%a7%d9%83%d8%b3-%d8%aa%d8%af%d9%81%d8%a6%d8%a9-%d9%85%d9%86-%d8%a7%d9%84%d8%a3%d9%84%d9%88%d9%85%d9%86%d9%8a%d9%88%d9%85-fda-000030sw\/\" \/>\n<meta property=\"og:site_name\" content=\"FDA srl\" \/>\n<meta property=\"article:publisher\" content=\"https:\/\/www.facebook.com\/share\/1MWhFWg1Tp\/?mibextid=LQQJ4d\" \/>\n<meta property=\"og:image\" content=\"https:\/\/fdasrl.it\/wp-content\/uploads\/2025\/01\/FDA-000030SW_1.jpg\" \/>\n\t<meta property=\"og:image:width\" content=\"500\" \/>\n\t<meta property=\"og:image:height\" content=\"562\" \/>\n\t<meta property=\"og:image:type\" content=\"image\/jpeg\" \/>\n<meta name=\"twitter:card\" content=\"summary_large_image\" \/>\n<meta name=\"twitter:label1\" content=\"\u0627\u0644\u0633\u0639\u0631\" \/>\n\t<meta name=\"twitter:data1\" content=\"\" \/>\n\t<meta name=\"twitter:label2\" content=\"\u0627\u0644\u062a\u0648\u0641\u0631\" \/>\n\t<meta name=\"twitter:data2\" content=\"\u0645\u062a\u0648\u0641\u0631 \u0641\u064a \u0627\u0644\u0645\u062e\u0632\u0648\u0646\" \/>\n<meta property=\"product:price:currency\" content=\"EUR\" \/>\n<meta property=\"og:availability\" content=\"instock\" \/>\n<meta property=\"product:availability\" content=\"instock\" \/>\n<meta property=\"product:retailer_item_id\" content=\"FDA-000030SW\" \/>\n<meta property=\"product:condition\" content=\"new\" \/>\n<!-- \/ Yoast SEO Premium plugin. -->","yoast_head_json":{"title":"\u0639\u0627\u0643\u0633 \u062a\u062f\u0641\u0626\u0629 \u062d\u064a\u0648\u0627\u0646\u064a\u0629 \u0645\u0648\u0641\u0631 \u0644\u0644\u0637\u0627\u0642\u0629 \u0645\u0646 FDA","description":"\u0627\u0643\u062a\u0634\u0641 \u0639\u0627\u0643\u0633 \u0627\u0644\u062a\u062f\u0641\u0626\u0629 \u0627\u0644\u062d\u064a\u0648\u0627\u0646\u064a\u0629 \u0627\u0644\u0645\u0648\u0641\u0631 \u0644\u0644\u0637\u0627\u0642\u0629. \u0628\u062b\u0644\u0627\u062b\u0629 \u0623\u0648\u0636\u0627\u0639 \u0648\u0645\u0648\u0627\u062f \u0645\u0642\u0627\u0648\u0645\u0629\u060c \u0625\u0646\u0647 \u0627\u0644\u062d\u0644 \u0627\u0644\u0645\u062b\u0627\u0644\u064a!","robots":{"index":"index","follow":"follow","max-snippet":"max-snippet:-1","max-image-preview":"max-image-preview:large","max-video-preview":"max-video-preview:-1"},"canonical":"https:\/\/fdasrl.it\/ar\/prodotto\/%d8%b9%d8%a7%d9%83%d8%b3-%d8%aa%d8%af%d9%81%d8%a6%d8%a9-%d9%85%d9%86-%d8%a7%d9%84%d8%a3%d9%84%d9%88%d9%85%d9%86%d9%8a%d9%88%d9%85-fda-000030sw\/","og_locale":"ar_AR","og_type":"article","og_title":"\u0639\u0627\u0643\u0633 \u062a\u062f\u0641\u0626\u0629 \u0645\u0646 \u0627\u0644\u0623\u0644\u0648\u0645\u0646\u064a\u0648\u0645 FDA-000030SW","og_description":"\u0627\u0643\u062a\u0634\u0641 \u0639\u0627\u0643\u0633 \u0627\u0644\u062a\u062f\u0641\u0626\u0629 \u0627\u0644\u062d\u064a\u0648\u0627\u0646\u064a\u0629 \u0627\u0644\u0645\u0648\u0641\u0631 \u0644\u0644\u0637\u0627\u0642\u0629. \u0628\u062b\u0644\u0627\u062b\u0629 \u0623\u0648\u0636\u0627\u0639 \u0648\u0645\u0648\u0627\u062f \u0645\u0642\u0627\u0648\u0645\u0629\u060c \u0625\u0646\u0647 \u0627\u0644\u062d\u0644 \u0627\u0644\u0645\u062b\u0627\u0644\u064a!","og_url":"https:\/\/fdasrl.it\/ar\/prodotto\/%d8%b9%d8%a7%d9%83%d8%b3-%d8%aa%d8%af%d9%81%d8%a6%d8%a9-%d9%85%d9%86-%d8%a7%d9%84%d8%a3%d9%84%d9%88%d9%85%d9%86%d9%8a%d9%88%d9%85-fda-000030sw\/","og_site_name":"FDA srl","article_publisher":"https:\/\/www.facebook.com\/share\/1MWhFWg1Tp\/?mibextid=LQQJ4d","og_image":[{"width":500,"height":562,"url":"https:\/\/fdasrl.it\/wp-content\/uploads\/2025\/01\/FDA-000030SW_1.jpg","type":"image\/jpeg"}],"twitter_card":"summary_large_image","twitter_misc":{"\u0627\u0644\u0633\u0639\u0631":"","\u0627\u0644\u062a\u0648\u0641\u0631":"\u0645\u062a\u0648\u0641\u0631 \u0641\u064a \u0627\u0644\u0645\u062e\u0632\u0648\u0646"},"schema":{"@context":"https:\/\/schema.org","@graph":[{"@type":"WebPage","@id":"https:\/\/fdasrl.it\/ar\/prodotto\/%d8%b9%d8%a7%d9%83%d8%b3-%d8%aa%d8%af%d9%81%d8%a6%d8%a9-%d9%85%d9%86-%d8%a7%d9%84%d8%a3%d9%84%d9%88%d9%85%d9%86%d9%8a%d9%88%d9%85-fda-000030sw\/","url":"https:\/\/fdasrl.it\/ar\/prodotto\/%d8%b9%d8%a7%d9%83%d8%b3-%d8%aa%d8%af%d9%81%d8%a6%d8%a9-%d9%85%d9%86-%d8%a7%d9%84%d8%a3%d9%84%d9%88%d9%85%d9%86%d9%8a%d9%88%d9%85-fda-000030sw\/","name":"\u0639\u0627\u0643\u0633 \u062a\u062f\u0641\u0626\u0629 \u062d\u064a\u0648\u0627\u0646\u064a\u0629 \u0645\u0648\u0641\u0631 \u0644\u0644\u0637\u0627\u0642\u0629 \u0645\u0646 FDA","isPartOf":{"@id":"https:\/\/fdasrl.it\/ar\/#website"},"primaryImageOfPage":{"@id":"https:\/\/fdasrl.it\/ar\/prodotto\/%d8%b9%d8%a7%d9%83%d8%b3-%d8%aa%d8%af%d9%81%d8%a6%d8%a9-%d9%85%d9%86-%d8%a7%d9%84%d8%a3%d9%84%d9%88%d9%85%d9%86%d9%8a%d9%88%d9%85-fda-000030sw\/#primaryimage"},"image":{"@id":"https:\/\/fdasrl.it\/ar\/prodotto\/%d8%b9%d8%a7%d9%83%d8%b3-%d8%aa%d8%af%d9%81%d8%a6%d8%a9-%d9%85%d9%86-%d8%a7%d9%84%d8%a3%d9%84%d9%88%d9%85%d9%86%d9%8a%d9%88%d9%85-fda-000030sw\/#primaryimage"},"thumbnailUrl":"https:\/\/fdasrl.it\/wp-content\/uploads\/2025\/01\/FDA-000030SW_1.jpg","datePublished":"2025-01-20T10:48:52+00:00","description":"\u0627\u0643\u062a\u0634\u0641 \u0639\u0627\u0643\u0633 \u0627\u0644\u062a\u062f\u0641\u0626\u0629 \u0627\u0644\u062d\u064a\u0648\u0627\u0646\u064a\u0629 \u0627\u0644\u0645\u0648\u0641\u0631 \u0644\u0644\u0637\u0627\u0642\u0629. \u0628\u062b\u0644\u0627\u062b\u0629 \u0623\u0648\u0636\u0627\u0639 \u0648\u0645\u0648\u0627\u062f \u0645\u0642\u0627\u0648\u0645\u0629\u060c \u0625\u0646\u0647 \u0627\u0644\u062d\u0644 \u0627\u0644\u0645\u062b\u0627\u0644\u064a!","breadcrumb":{"@id":"https:\/\/fdasrl.it\/ar\/prodotto\/%d8%b9%d8%a7%d9%83%d8%b3-%d8%aa%d8%af%d9%81%d8%a6%d8%a9-%d9%85%d9%86-%d8%a7%d9%84%d8%a3%d9%84%d9%88%d9%85%d9%86%d9%8a%d9%88%d9%85-fda-000030sw\/#breadcrumb"},"inLanguage":"ar","potentialAction":[{"@type":"ReadAction","target":["https:\/\/fdasrl.it\/ar\/prodotto\/%d8%b9%d8%a7%d9%83%d8%b3-%d8%aa%d8%af%d9%81%d8%a6%d8%a9-%d9%85%d9%86-%d8%a7%d9%84%d8%a3%d9%84%d9%88%d9%85%d9%86%d9%8a%d9%88%d9%85-fda-000030sw\/"]}]},{"@type":"ImageObject","inLanguage":"ar","@id":"https:\/\/fdasrl.it\/ar\/prodotto\/%d8%b9%d8%a7%d9%83%d8%b3-%d8%aa%d8%af%d9%81%d8%a6%d8%a9-%d9%85%d9%86-%d8%a7%d9%84%d8%a3%d9%84%d9%88%d9%85%d9%86%d9%8a%d9%88%d9%85-fda-000030sw\/#primaryimage","url":"https:\/\/fdasrl.it\/wp-content\/uploads\/2025\/01\/FDA-000030SW_1.jpg","contentUrl":"https:\/\/fdasrl.it\/wp-content\/uploads\/2025\/01\/FDA-000030SW_1.jpg","width":500,"height":562},{"@type":"BreadcrumbList","@id":"https:\/\/fdasrl.it\/ar\/prodotto\/%d8%b9%d8%a7%d9%83%d8%b3-%d8%aa%d8%af%d9%81%d8%a6%d8%a9-%d9%85%d9%86-%d8%a7%d9%84%d8%a3%d9%84%d9%88%d9%85%d9%86%d9%8a%d9%88%d9%85-fda-000030sw\/#breadcrumb","itemListElement":[{"@type":"ListItem","position":1,"name":"Home","item":"https:\/\/fdasrl.it\/ar\/%d8%a7%d9%84%d8%b1%d8%a6%d9%8a%d8%b3%d9%8a%d8%a9\/"},{"@type":"ListItem","position":2,"name":"\u0627\u0644\u0645\u062a\u062c\u0631","item":"https:\/\/fdasrl.it\/ar\/%d8%a7%d9%84%d9%85%d8%aa%d8%ac%d8%b1\/"},{"@type":"ListItem","position":3,"name":"\u0639\u0627\u0643\u0633 \u062a\u062f\u0641\u0626\u0629 \u0645\u0646 \u0627\u0644\u0623\u0644\u0648\u0645\u0646\u064a\u0648\u0645 FDA-000030SW"}]},{"@type":"WebSite","@id":"https:\/\/fdasrl.it\/ar\/#website","url":"https:\/\/fdasrl.it\/ar\/","name":"FDA srl","description":"Equipment for animal husbandry","publisher":{"@id":"https:\/\/fdasrl.it\/ar\/#organization"},"potentialAction":[{"@type":"SearchAction","target":{"@type":"EntryPoint","urlTemplate":"https:\/\/fdasrl.it\/ar\/?s={search_term_string}"},"query-input":{"@type":"PropertyValueSpecification","valueRequired":true,"valueName":"search_term_string"}}],"inLanguage":"ar"},{"@type":"Organization","@id":"https:\/\/fdasrl.it\/ar\/#organization","name":"FDA srl","url":"https:\/\/fdasrl.it\/ar\/","logo":{"@type":"ImageObject","inLanguage":"ar","@id":"https:\/\/fdasrl.it\/ar\/#\/schema\/logo\/image\/","url":"https:\/\/fdasrl.it\/wp-content\/uploads\/2024\/12\/Logo-FDA.png","contentUrl":"https:\/\/fdasrl.it\/wp-content\/uploads\/2024\/12\/Logo-FDA.png","width":316,"height":119,"caption":"FDA srl"},"image":{"@id":"https:\/\/fdasrl.it\/ar\/#\/schema\/logo\/image\/"},"sameAs":["https:\/\/www.facebook.com\/share\/1MWhFWg1Tp\/?mibextid=LQQJ4d","https:\/\/www.instagram.com\/fda_srl\/profilecard\/?igsh=YW5lbzJ6MWg0d21u","https:\/\/www.youtube.com\/@FDASRL_ANIMALCARE"],"description":"FDA SRL \u2013 Equipment for animal husbandry nasce con l\u2019obiettivo di offrire soluzioni affidabili e innovative per l\u2019allevamento moderno. Con anni di esperienza nel settore zootecnico, progettiamo e realizziamo attrezzature destinate al benessere animale e alla gestione efficiente delle stalle: vasche, abbeveratoi, mangiatoie e sistemi di riscaldamento pensati per durare nel tempo e semplificare il lavoro quotidiano degli allevatori. Dalla progettazione alla produzione, ogni nostro prodotto \u00e8 studiato nei minimi dettagli, testato con cura e costruito per rispondere alle esigenze reali del settore. La nostra forza \u00e8 unire artigianalit\u00e0, tecnologia e competenza tecnica per trasformare ogni progetto in una soluzione concreta e funzionale. Oggi FDA SRL \u00e8 un punto di riferimento per privati e rivenditori che cercano qualit\u00e0, affidabilit\u00e0 e innovazione nelle attrezzature per l\u2019allevamento.","email":"info@fdasrl.it","telephone":"+390522826820","legalName":"F.D.A. SRL","foundingDate":"2024-10-13","vatID":"03075840359","taxID":"03075840359","numberOfEmployees":{"@type":"QuantitativeValue","minValue":"1","maxValue":"10"}}]},"product_price_currency":"EUR","og_availability":"instock","product_availability":"instock","product_retailer_item_id":"FDA-000030SW","product_condition":"new"},"_links":{"self":[{"href":"https:\/\/fdasrl.it\/ar\/wp-json\/wp\/v2\/product\/4511","targetHints":{"allow":["GET"]}}],"collection":[{"href":"https:\/\/fdasrl.it\/ar\/wp-json\/wp\/v2\/product"}],"about":[{"href":"https:\/\/fdasrl.it\/ar\/wp-json\/wp\/v2\/types\/product"}],"replies":[{"embeddable":true,"href":"https:\/\/fdasrl.it\/ar\/wp-json\/wp\/v2\/comments?post=4511"}],"wp:featuredmedia":[{"embeddable":true,"href":"https:\/\/fdasrl.it\/ar\/wp-json\/wp\/v2\/media\/320"}],"wp:attachment":[{"href":"https:\/\/fdasrl.it\/ar\/wp-json\/wp\/v2\/media?parent=4511"}],"wp:term":[{"taxonomy":"product_brand","embeddable":true,"href":"https:\/\/fdasrl.it\/ar\/wp-json\/wp\/v2\/product_brand?post=4511"},{"taxonomy":"product_cat","embeddable":true,"href":"https:\/\/fdasrl.it\/ar\/wp-json\/wp\/v2\/product_cat?post=4511"},{"taxonomy":"product_tag","embeddable":true,"href":"https:\/\/fdasrl.it\/ar\/wp-json\/wp\/v2\/product_tag?post=4511"}],"curies":[{"name":"wp","href":"https:\/\/api.w.org\/{rel}","templated":true}]}}