{"id":4534,"date":"2025-01-20T11:18:23","date_gmt":"2025-01-20T10:18:23","guid":{"rendered":"https:\/\/fdasrl.it\/prodotto\/%d8%ad%d8%a7%d9%85%d9%84-%d9%85%d8%b9%d8%b2%d8%b2-%d9%85%d9%86-%d8%a7%d9%84%d9%81%d9%88%d9%84%d8%a7%d8%b0-%d8%a7%d9%84%d9%85%d9%82%d8%a7%d9%88%d9%85-%d9%84%d9%84%d8%b5%d8%af%d8%a3-%d9%84%d9%85%d8%b4\/"},"modified":"2025-01-20T11:18:23","modified_gmt":"2025-01-20T10:18:23","slug":"%d8%ad%d8%a7%d9%85%d9%84-%d9%85%d8%b9%d8%b2%d8%b2-%d9%85%d9%86-%d8%a7%d9%84%d9%81%d9%88%d9%84%d8%a7%d8%b0-%d8%a7%d9%84%d9%85%d9%82%d8%a7%d9%88%d9%85-%d9%84%d9%84%d8%b5%d8%af%d8%a3-%d9%84%d9%85%d8%b4","status":"publish","type":"product","link":"https:\/\/fdasrl.it\/ar\/prodotto\/%d8%ad%d8%a7%d9%85%d9%84-%d9%85%d8%b9%d8%b2%d8%b2-%d9%85%d9%86-%d8%a7%d9%84%d9%81%d9%88%d9%84%d8%a7%d8%b0-%d8%a7%d9%84%d9%85%d9%82%d8%a7%d9%88%d9%85-%d9%84%d9%84%d8%b5%d8%af%d8%a3-%d9%84%d9%85%d8%b4\/","title":{"rendered":"\u062d\u0627\u0645\u0644 \u0645\u0639\u0632\u0632 \u0645\u0646 \u0627\u0644\u0641\u0648\u0644\u0627\u0630 \u0627\u0644\u0645\u0642\u0627\u0648\u0645 \u0644\u0644\u0635\u062f\u0623 \u0644\u0645\u0634\u0627\u0631\u0628 \u0627\u0644\u062d\u0644\u0645\u0627\u062a"},"content":{"rendered":"<h1 data-start=\"263\" data-end=\"620\">\u062d\u0627\u0645\u0644 \u0645\u0639\u0632\u0632 \u0645\u0646 \u0627\u0644\u0641\u0648\u0644\u0627\u0630 \u0627\u0644\u0645\u0642\u0627\u0648\u0645 \u0644\u0644\u0635\u062f\u0623\u060c \u0637\u0631\u0627\u0632 \u062b\u0642\u064a\u0644 \u0644\u0645\u0634\u0627\u0631\u0628 \u0627\u0644\u062d\u0644\u0645\u0627\u062a<\/h1>\n<p data-start=\"263\" data-end=\"620\">\u064a\u064f\u0639\u062f <strong data-start=\"266\" data-end=\"337\">\u0627\u0644\u062d\u0627\u0645\u0644 \u0627\u0644\u0645\u0639\u0632\u0632 \u0627\u0644\u062b\u0627\u0628\u062a \u0627\u0644\u0645\u0632\u0648\u062f \u0628\u0644\u0648\u062d\u0629 \u062c\u062f\u0627\u0631\u064a\u0629 \u0644\u0645\u0634\u0627\u0631\u0628 \u0627\u0644\u062e\u0646\u0627\u0632\u064a\u0631 \u0627\u0644\u0623\u0648\u062a\u0648\u0645\u0627\u062a\u064a\u0643\u064a\u0629<\/strong> \u062d\u0644\u0627\u064b \u0639\u0645\u0644\u064a\u0627\u064b \u0648\u0645\u0642\u0627\u0648\u0645\u0627\u064b. \u0635\u064f\u0645\u0645 \u0644\u0636\u0645\u0627\u0646 \u0627\u0644\u0627\u0633\u062a\u0642\u0631\u0627\u0631 \u0648\u0637\u0648\u0644 \u0627\u0644\u0639\u0645\u0631 \u0641\u064a \u0623\u0646\u0638\u0645\u0629 \u0627\u0644\u0634\u0631\u0628. \u0645\u0635\u0646\u0648\u0639 \u0628\u0627\u0644\u0643\u0627\u0645\u0644 \u0645\u0646 <strong data-start=\"482\" data-end=\"514\">\u0627\u0644\u0641\u0648\u0644\u0627\u0630 \u0627\u0644\u0645\u0642\u0627\u0648\u0645 \u0644\u0644\u0635\u062f\u0623 \u0639\u0627\u0644\u064a \u0627\u0644\u062c\u0648\u062f\u0629<\/strong>\u060c \u0648\u064a\u0648\u0641\u0631 \u0645\u0642\u0627\u0648\u0645\u0629 \u0639\u0627\u0644\u064a\u0629 \u0644\u0644\u062a\u0622\u0643\u0644 \u0648\u0627\u0644\u0625\u062c\u0647\u0627\u062f\u0627\u062a \u0627\u0644\u0645\u0639\u062a\u0627\u062f\u0629 \u0641\u064a \u0645\u0632\u0627\u0631\u0639 \u0627\u0644\u062a\u0631\u0628\u064a\u0629 \u0627\u0644\u0645\u0643\u062b\u0641\u0629.  <\/p>\n<p data-start=\"622\" data-end=\"1034\">\u0628\u0641\u0636\u0644 <strong data-start=\"634\" data-end=\"663\">\u0627\u0644\u0644\u0648\u062d\u0629 \u0627\u0644\u062c\u062f\u0627\u0631\u064a\u0629 \u0627\u0644\u0645\u0639\u0632\u0632\u0629<\/strong>\u060c \u064a\u0636\u0645\u0646 \u0627\u0644\u062d\u0627\u0645\u0644 \u062a\u062b\u0628\u064a\u062a\u0627\u064b \u0642\u0648\u064a\u0627\u064b \u0648\u0622\u0645\u0646\u0627\u064b. \u0643\u0645\u0627 \u064a\u0642\u0644\u0644 \u0645\u0646 \u062e\u0637\u0631 \u0627\u0644\u062a\u062d\u0631\u0643 \u0623\u0648 \u0627\u0644\u062a\u0644\u0641 \u062d\u062a\u0649 \u0645\u0639 \u0627\u0644\u0627\u0633\u062a\u062e\u062f\u0627\u0645 \u0627\u0644\u0645\u062a\u0643\u0631\u0631 \u0645\u0646 \u0642\u0628\u0644 \u0627\u0644\u062d\u064a\u0648\u0627\u0646\u0627\u062a. \u062a\u0623\u062a\u064a <strong data-start=\"825\" data-end=\"850\">\u0648\u0635\u0644\u0629 \u0627\u0644\u0645\u064a\u0627\u0647 1\/2 \u0628\u0648\u0635\u0629<\/strong> \u0645\u0627\u0626\u0644\u0629 \u0628\u0632\u0627\u0648\u064a\u0629 <strong data-start=\"865\" data-end=\"872\">25 \u062f\u0631\u062c\u0629<\/strong>. \u062a\u0639\u0632\u0632 \u0647\u0630\u0647 \u0627\u0644\u0645\u064a\u0632\u0629 \u0627\u0644\u062a\u062f\u0641\u0642 \u0627\u0644\u0635\u062d\u064a\u062d \u0644\u0644\u0645\u064a\u0627\u0647 \u0648\u062a\u062d\u0633\u0646 \u0628\u064a\u0626\u0629 \u0627\u0644\u0639\u0645\u0644 \u0644\u0644\u062e\u0646\u0627\u0632\u064a\u0631\u060c \u0645\u0645\u0627 \u064a\u0636\u0645\u0646 \u0648\u0635\u0648\u0644\u0627\u064b \u0633\u0647\u0644\u0627\u064b \u0648\u0637\u0628\u064a\u0639\u064a\u0627\u064b \u0644\u0644\u0645\u0634\u0631\u0628.   <\/p>\n<p data-start=\"1036\" data-end=\"1385\">\u064a\u062a\u0648\u0627\u0641\u0642 \u0647\u0630\u0627 \u0627\u0644\u062d\u0627\u0645\u0644 \u0645\u0639 \u0627\u0644\u0645\u0648\u062f\u064a\u0644\u0627\u062a \u0627\u0644\u0631\u0626\u064a\u0633\u064a\u0629 \u0645\u0646 <strong data-start=\"1094\" data-end=\"1130\">\u0645\u0634\u0627\u0631\u0628 \u0627\u0644\u062e\u0646\u0627\u0632\u064a\u0631 \u0627\u0644\u0623\u0648\u062a\u0648\u0645\u0627\u062a\u064a\u0643\u064a\u0629<\/strong>. \u0648\u0647\u0630\u0627 \u064a\u062c\u0639\u0644\u0647 \u062e\u064a\u0627\u0631\u0627\u064b \u0645\u062a\u0639\u062f\u062f \u0627\u0644\u0627\u0633\u062a\u062e\u062f\u0627\u0645\u0627\u062a \u0633\u0648\u0627\u0621 \u0644\u0644\u062a\u0631\u0643\u064a\u0628\u0627\u062a \u0627\u0644\u062c\u062f\u064a\u062f\u0629 \u0623\u0648 \u0644\u0627\u0633\u062a\u0628\u062f\u0627\u0644 \u0648\u062a\u062d\u062f\u064a\u062b \u0627\u0644\u0623\u0646\u0638\u0645\u0629 \u0627\u0644\u062d\u0627\u0644\u064a\u0629. \u0643\u0645\u0627 \u064a\u0633\u0647\u0644 \u0647\u064a\u0643\u0644\u0647 \u0627\u0644\u0645\u0635\u0646\u0648\u0639 \u0645\u0646 \u0627\u0644\u0641\u0648\u0644\u0627\u0630 \u0627\u0644\u0645\u0642\u0627\u0648\u0645 \u0644\u0644\u0635\u062f\u0623 \u0639\u0645\u0644\u064a\u0629 \u0627\u0644\u062a\u0646\u0638\u064a\u0641 \u0648\u0627\u0644\u0635\u064a\u0627\u0646\u0629\u060c \u0645\u0645\u0627 \u064a\u0636\u0645\u0646 \u0645\u0633\u062a\u0648\u0649 \u0646\u0638\u0627\u0641\u0629 \u0645\u062b\u0627\u0644\u064a\u0627\u064b \u062f\u0627\u0626\u0645\u0627\u064b.  <\/p>\n<h3 data-start=\"1387\" data-end=\"1415\">\u2705 \u0627\u0644\u0645\u0632\u0627\u064a\u0627 \u0627\u0644\u0631\u0626\u064a\u0633\u064a\u0629:<\/h3>\n<ul data-start=\"1416\" data-end=\"1697\">\n<li data-start=\"1416\" data-end=\"1459\">\n<p data-start=\"1418\" data-end=\"1459\">\u0647\u064a\u0643\u0644 \u0645\u062a\u064a\u0646 \u0645\u0646 <strong data-start=\"1441\" data-end=\"1457\">\u0627\u0644\u0641\u0648\u0644\u0627\u0630 \u0627\u0644\u0645\u0642\u0627\u0648\u0645 \u0644\u0644\u0635\u062f\u0623<\/strong><\/p>\n<\/li>\n<li data-start=\"1460\" data-end=\"1516\">\n<p data-start=\"1462\" data-end=\"1516\"><strong data-start=\"1462\" data-end=\"1480\">\u0644\u0648\u062d\u0629 \u062c\u062f\u0627\u0631\u064a\u0629<\/strong> \u0644\u062a\u062b\u0628\u064a\u062a \u0645\u0633\u062a\u0642\u0631 \u0648\u0622\u0645\u0646<\/p>\n<\/li>\n<li data-start=\"1517\" data-end=\"1591\">\n<p data-start=\"1519\" data-end=\"1591\"><strong data-start=\"1519\" data-end=\"1557\">\u0648\u0635\u0644\u0629 \u0645\u064a\u0627\u0647 1\/2 \u0628\u0648\u0635\u0629 \u0645\u0627\u0626\u0644\u0629 \u0628\u0632\u0627\u0648\u064a\u0629 25 \u062f\u0631\u062c\u0629<\/strong> \u0644\u062a\u0631\u0643\u064a\u0628 \u0645\u0631\u064a\u062d<\/p>\n<\/li>\n<li data-start=\"1592\" data-end=\"1655\">\n<p data-start=\"1594\" data-end=\"1655\">\u0627\u0644\u062a\u0648\u0627\u0641\u0642 \u0645\u0639 \u0645\u0648\u062f\u064a\u0644\u0627\u062a \u0645\u062a\u0646\u0648\u0639\u0629 \u0645\u0646 \u0627\u0644\u0645\u0634\u0627\u0631\u0628 \u0627\u0644\u0623\u0648\u062a\u0648\u0645\u0627\u062a\u064a\u0643\u064a\u0629<\/p>\n<\/li>\n<li data-start=\"1656\" data-end=\"1697\">\n<p data-start=\"1658\" data-end=\"1697\">\u0633\u0647\u0644 \u0627\u0644\u062a\u0631\u0643\u064a\u0628 \u0648\u0627\u0644\u062a\u0646\u0638\u064a\u0641 \u0648\u0627\u0644\u0635\u064a\u0627\u0646\u0629<\/p>\n<\/li>\n<\/ul>\n<p data-start=\"1699\" data-end=\"1872\">\u064a\u0645\u062b\u0644 \u0627\u0644\u062d\u0627\u0645\u0644 \u0627\u0644\u062b\u0627\u0628\u062a \u0627\u0644\u0645\u0632\u0648\u062f \u0628\u0644\u0648\u062d\u0629 \u062c\u062f\u0627\u0631\u064a\u0629 \u062e\u064a\u0627\u0631\u0627\u064b \u0645\u0648\u062b\u0648\u0642\u0627\u064b \u0644\u0645\u0646 \u064a\u0628\u062d\u062b \u0639\u0646 \u0645\u0644\u062d\u0642 \u0645\u062a\u064a\u0646 \u0648\u0639\u0645\u0644\u064a <strong data-start=\"1835\" data-end=\"1869\">\u0644\u0646\u0638\u0627\u0645 \u0634\u0631\u0628 \u0627\u0644\u062e\u0646\u0627\u0632\u064a\u0631<\/strong> \u0627\u0644\u062e\u0627\u0635 \u0628\u0647.<\/p>\n","protected":false},"excerpt":{"rendered":"<p>\u0635\u064f\u0645\u0645 \u0627\u0644\u062d\u0627\u0645\u0644 \u0627\u0644\u062b\u0627\u0628\u062a \u0627\u0644\u0645\u0632\u0648\u062f <strong data-start=\"919\" data-end=\"953\">\u0628\u0644\u0648\u062d\u0629 \u062c\u062f\u0627\u0631\u064a\u0629 \u0645\u0646 \u0627\u0644\u0641\u0648\u0644\u0627\u0630 \u0627\u0644\u0645\u0642\u0627\u0648\u0645 \u0644\u0644\u0635\u062f\u0623 \u0627\u0644\u0645\u0639\u0632\u0632\u060c \u0627\u0644\u0637\u0631\u0627\u0632 &#8220;\u0627\u0644\u062b\u0642\u064a\u0644&#8221;<\/strong> \u0644\u062a\u0631\u0643\u064a\u0628 <strong data-start=\"989\" data-end=\"1025\">\u0645\u0634\u0627\u0631\u0628 \u0627\u0644\u062e\u0646\u0627\u0632\u064a\u0631 \u0627\u0644\u0623\u0648\u062a\u0648\u0645\u0627\u062a\u064a\u0643\u064a\u0629<\/strong>. \u0645\u0632\u0648\u062f <strong data-start=\"1037\" data-end=\"1062\">\u0628\u0648\u0635\u0644\u0629 \u0645\u064a\u0627\u0647 1\/2 \u0628\u0648\u0635\u0629<\/strong> <strong data-start=\"1067\" data-end=\"1084\">\u0628\u0632\u0627\u0648\u064a\u0629 25 \u062f\u0631\u062c\u0629<\/strong>\u060c \u0645\u0645\u0627 \u064a\u0636\u0645\u0646 \u0627\u0644\u0635\u0644\u0627\u0628\u0629 \u0648\u0645\u0642\u0627\u0648\u0645\u0629 \u0627\u0644\u062a\u0622\u0643\u0644 \u0648\u0633\u0647\u0648\u0644\u0629 \u0627\u0644\u062a\u0631\u0643\u064a\u0628. \u0645\u062b\u0627\u0644\u064a \u0644\u0645\u0632\u0627\u0631\u0639 \u0627\u0644\u062e\u0646\u0627\u0632\u064a\u0631 \u0627\u0644\u062a\u064a \u062a\u062a\u0637\u0644\u0628 \u062d\u0644\u0648\u0644\u0627\u064b \u0645\u0648\u062b\u0648\u0642\u0629 \u0648\u0637\u0648\u064a\u0644\u0629 \u0627\u0644\u0623\u0645\u062f.  <\/p>\n","protected":false},"featured_media":299,"comment_status":"open","ping_status":"closed","template":"","meta":{"_et_pb_use_builder":"","_et_pb_old_content":"","_et_gb_content_width":""},"product_brand":[],"product_cat":[638,833,1081],"product_tag":[1082],"class_list":{"0":"post-4534","1":"product","2":"type-product","3":"status-publish","4":"has-post-thumbnail","6":"product_cat-638","7":"product_cat-833","8":"product_cat-1081","9":"product_tag-fda-000008","11":"first","12":"instock","13":"shipping-taxable","14":"product-type-simple"},"yoast_head":"<!-- This site is optimized with the Yoast SEO Premium plugin v27.5 (Yoast SEO v27.5) - https:\/\/yoast.com\/product\/yoast-seo-premium-wordpress\/ -->\n<title>\u062d\u0627\u0645\u0644 \u0645\u0639\u0632\u0632 \u0644\u0645\u0634\u0627\u0631\u0628 \u0627\u0644\u062e\u0646\u0627\u0632\u064a\u0631 \u0627\u0644\u0623\u0648\u062a\u0648\u0645\u0627\u062a\u064a\u0643\u064a\u0629 \u2013 \u062c\u0648\u062f\u0629 \u0639\u0627\u0644\u064a\u0629<\/title>\n<meta name=\"description\" content=\"\u0627\u0643\u062a\u0634\u0641\u0648\u0627 \u062d\u0627\u0645\u0644\u0646\u0627 \u0627\u0644\u0645\u0639\u0632\u0632 \u0644\u0645\u0634\u0627\u0631\u0628 \u0627\u0644\u062e\u0646\u0627\u0632\u064a\u0631 \u0627\u0644\u0623\u0648\u062a\u0648\u0645\u0627\u062a\u064a\u0643\u064a\u0629\u060c \u0627\u0644\u0645\u0635\u0646\u0648\u0639 \u0645\u0646 \u0627\u0644\u0641\u0648\u0644\u0627\u0630 \u0627\u0644\u0645\u0642\u0627\u0648\u0645 \u0644\u0644\u0635\u062f\u0623 \u0639\u0627\u0644\u064a \u0627\u0644\u062c\u0648\u062f\u0629. \u064a\u0636\u0645\u0646 \u0627\u0644\u0627\u0633\u062a\u0642\u0631\u0627\u0631 \u0648\u0627\u0644\u0645\u062a\u0627\u0646\u0629!\" \/>\n<meta name=\"robots\" content=\"index, follow, max-snippet:-1, max-image-preview:large, max-video-preview:-1\" \/>\n<link rel=\"canonical\" href=\"https:\/\/fdasrl.it\/ar\/prodotto\/%d8%ad%d8%a7%d9%85%d9%84-%d9%85%d8%b9%d8%b2%d8%b2-%d9%85%d9%86-%d8%a7%d9%84%d9%81%d9%88%d9%84%d8%a7%d8%b0-%d8%a7%d9%84%d9%85%d9%82%d8%a7%d9%88%d9%85-%d9%84%d9%84%d8%b5%d8%af%d8%a3-%d9%84%d9%85%d8%b4\/\" \/>\n<meta property=\"og:locale\" content=\"ar_AR\" \/>\n<meta property=\"og:type\" content=\"article\" \/>\n<meta property=\"og:title\" content=\"\u062d\u0627\u0645\u0644 \u0645\u0639\u0632\u0632 \u0645\u0646 \u0627\u0644\u0641\u0648\u0644\u0627\u0630 \u0627\u0644\u0645\u0642\u0627\u0648\u0645 \u0644\u0644\u0635\u062f\u0623 \u0644\u0645\u0634\u0627\u0631\u0628 \u0627\u0644\u062d\u0644\u0645\u0627\u062a\" \/>\n<meta property=\"og:description\" content=\"\u0627\u0643\u062a\u0634\u0641\u0648\u0627 \u062d\u0627\u0645\u0644\u0646\u0627 \u0627\u0644\u0645\u0639\u0632\u0632 \u0644\u0645\u0634\u0627\u0631\u0628 \u0627\u0644\u062e\u0646\u0627\u0632\u064a\u0631 \u0627\u0644\u0623\u0648\u062a\u0648\u0645\u0627\u062a\u064a\u0643\u064a\u0629\u060c \u0627\u0644\u0645\u0635\u0646\u0648\u0639 \u0645\u0646 \u0627\u0644\u0641\u0648\u0644\u0627\u0630 \u0627\u0644\u0645\u0642\u0627\u0648\u0645 \u0644\u0644\u0635\u062f\u0623 \u0639\u0627\u0644\u064a \u0627\u0644\u062c\u0648\u062f\u0629. \u064a\u0636\u0645\u0646 \u0627\u0644\u0627\u0633\u062a\u0642\u0631\u0627\u0631 \u0648\u0627\u0644\u0645\u062a\u0627\u0646\u0629!\" \/>\n<meta property=\"og:url\" content=\"https:\/\/fdasrl.it\/ar\/prodotto\/%d8%ad%d8%a7%d9%85%d9%84-%d9%85%d8%b9%d8%b2%d8%b2-%d9%85%d9%86-%d8%a7%d9%84%d9%81%d9%88%d9%84%d8%a7%d8%b0-%d8%a7%d9%84%d9%85%d9%82%d8%a7%d9%88%d9%85-%d9%84%d9%84%d8%b5%d8%af%d8%a3-%d9%84%d9%85%d8%b4\/\" \/>\n<meta property=\"og:site_name\" content=\"FDA srl\" \/>\n<meta property=\"article:publisher\" content=\"https:\/\/www.facebook.com\/share\/1MWhFWg1Tp\/?mibextid=LQQJ4d\" \/>\n<meta property=\"og:image\" content=\"https:\/\/fdasrl.it\/wp-content\/uploads\/2025\/01\/FDA-00008-25_1.jpg\" \/>\n\t<meta property=\"og:image:width\" content=\"800\" \/>\n\t<meta property=\"og:image:height\" content=\"640\" \/>\n\t<meta property=\"og:image:type\" content=\"image\/jpeg\" \/>\n<meta name=\"twitter:card\" content=\"summary_large_image\" \/>\n<meta name=\"twitter:label1\" content=\"\u0627\u0644\u0633\u0639\u0631\" \/>\n\t<meta name=\"twitter:data1\" content=\"\" \/>\n\t<meta name=\"twitter:label2\" content=\"\u0627\u0644\u062a\u0648\u0641\u0631\" \/>\n\t<meta name=\"twitter:data2\" content=\"\u0645\u062a\u0648\u0641\u0631 \u0641\u064a \u0627\u0644\u0645\u062e\u0632\u0648\u0646\" \/>\n<meta property=\"product:price:currency\" content=\"EUR\" \/>\n<meta property=\"og:availability\" content=\"instock\" \/>\n<meta property=\"product:availability\" content=\"instock\" \/>\n<meta property=\"product:retailer_item_id\" content=\"FDA-000008\" \/>\n<meta property=\"product:condition\" content=\"new\" \/>\n<!-- \/ Yoast SEO Premium plugin. -->","yoast_head_json":{"title":"\u062d\u0627\u0645\u0644 \u0645\u0639\u0632\u0632 \u0644\u0645\u0634\u0627\u0631\u0628 \u0627\u0644\u062e\u0646\u0627\u0632\u064a\u0631 \u0627\u0644\u0623\u0648\u062a\u0648\u0645\u0627\u062a\u064a\u0643\u064a\u0629 \u2013 \u062c\u0648\u062f\u0629 \u0639\u0627\u0644\u064a\u0629","description":"\u0627\u0643\u062a\u0634\u0641\u0648\u0627 \u062d\u0627\u0645\u0644\u0646\u0627 \u0627\u0644\u0645\u0639\u0632\u0632 \u0644\u0645\u0634\u0627\u0631\u0628 \u0627\u0644\u062e\u0646\u0627\u0632\u064a\u0631 \u0627\u0644\u0623\u0648\u062a\u0648\u0645\u0627\u062a\u064a\u0643\u064a\u0629\u060c \u0627\u0644\u0645\u0635\u0646\u0648\u0639 \u0645\u0646 \u0627\u0644\u0641\u0648\u0644\u0627\u0630 \u0627\u0644\u0645\u0642\u0627\u0648\u0645 \u0644\u0644\u0635\u062f\u0623 \u0639\u0627\u0644\u064a \u0627\u0644\u062c\u0648\u062f\u0629. \u064a\u0636\u0645\u0646 \u0627\u0644\u0627\u0633\u062a\u0642\u0631\u0627\u0631 \u0648\u0627\u0644\u0645\u062a\u0627\u0646\u0629!","robots":{"index":"index","follow":"follow","max-snippet":"max-snippet:-1","max-image-preview":"max-image-preview:large","max-video-preview":"max-video-preview:-1"},"canonical":"https:\/\/fdasrl.it\/ar\/prodotto\/%d8%ad%d8%a7%d9%85%d9%84-%d9%85%d8%b9%d8%b2%d8%b2-%d9%85%d9%86-%d8%a7%d9%84%d9%81%d9%88%d9%84%d8%a7%d8%b0-%d8%a7%d9%84%d9%85%d9%82%d8%a7%d9%88%d9%85-%d9%84%d9%84%d8%b5%d8%af%d8%a3-%d9%84%d9%85%d8%b4\/","og_locale":"ar_AR","og_type":"article","og_title":"\u062d\u0627\u0645\u0644 \u0645\u0639\u0632\u0632 \u0645\u0646 \u0627\u0644\u0641\u0648\u0644\u0627\u0630 \u0627\u0644\u0645\u0642\u0627\u0648\u0645 \u0644\u0644\u0635\u062f\u0623 \u0644\u0645\u0634\u0627\u0631\u0628 \u0627\u0644\u062d\u0644\u0645\u0627\u062a","og_description":"\u0627\u0643\u062a\u0634\u0641\u0648\u0627 \u062d\u0627\u0645\u0644\u0646\u0627 \u0627\u0644\u0645\u0639\u0632\u0632 \u0644\u0645\u0634\u0627\u0631\u0628 \u0627\u0644\u062e\u0646\u0627\u0632\u064a\u0631 \u0627\u0644\u0623\u0648\u062a\u0648\u0645\u0627\u062a\u064a\u0643\u064a\u0629\u060c \u0627\u0644\u0645\u0635\u0646\u0648\u0639 \u0645\u0646 \u0627\u0644\u0641\u0648\u0644\u0627\u0630 \u0627\u0644\u0645\u0642\u0627\u0648\u0645 \u0644\u0644\u0635\u062f\u0623 \u0639\u0627\u0644\u064a \u0627\u0644\u062c\u0648\u062f\u0629. \u064a\u0636\u0645\u0646 \u0627\u0644\u0627\u0633\u062a\u0642\u0631\u0627\u0631 \u0648\u0627\u0644\u0645\u062a\u0627\u0646\u0629!","og_url":"https:\/\/fdasrl.it\/ar\/prodotto\/%d8%ad%d8%a7%d9%85%d9%84-%d9%85%d8%b9%d8%b2%d8%b2-%d9%85%d9%86-%d8%a7%d9%84%d9%81%d9%88%d9%84%d8%a7%d8%b0-%d8%a7%d9%84%d9%85%d9%82%d8%a7%d9%88%d9%85-%d9%84%d9%84%d8%b5%d8%af%d8%a3-%d9%84%d9%85%d8%b4\/","og_site_name":"FDA srl","article_publisher":"https:\/\/www.facebook.com\/share\/1MWhFWg1Tp\/?mibextid=LQQJ4d","og_image":[{"width":800,"height":640,"url":"https:\/\/fdasrl.it\/wp-content\/uploads\/2025\/01\/FDA-00008-25_1.jpg","type":"image\/jpeg"}],"twitter_card":"summary_large_image","twitter_misc":{"\u0627\u0644\u0633\u0639\u0631":"","\u0627\u0644\u062a\u0648\u0641\u0631":"\u0645\u062a\u0648\u0641\u0631 \u0641\u064a \u0627\u0644\u0645\u062e\u0632\u0648\u0646"},"schema":{"@context":"https:\/\/schema.org","@graph":[{"@type":"WebPage","@id":"https:\/\/fdasrl.it\/ar\/prodotto\/%d8%ad%d8%a7%d9%85%d9%84-%d9%85%d8%b9%d8%b2%d8%b2-%d9%85%d9%86-%d8%a7%d9%84%d9%81%d9%88%d9%84%d8%a7%d8%b0-%d8%a7%d9%84%d9%85%d9%82%d8%a7%d9%88%d9%85-%d9%84%d9%84%d8%b5%d8%af%d8%a3-%d9%84%d9%85%d8%b4\/","url":"https:\/\/fdasrl.it\/ar\/prodotto\/%d8%ad%d8%a7%d9%85%d9%84-%d9%85%d8%b9%d8%b2%d8%b2-%d9%85%d9%86-%d8%a7%d9%84%d9%81%d9%88%d9%84%d8%a7%d8%b0-%d8%a7%d9%84%d9%85%d9%82%d8%a7%d9%88%d9%85-%d9%84%d9%84%d8%b5%d8%af%d8%a3-%d9%84%d9%85%d8%b4\/","name":"\u062d\u0627\u0645\u0644 \u0645\u0639\u0632\u0632 \u0644\u0645\u0634\u0627\u0631\u0628 \u0627\u0644\u062e\u0646\u0627\u0632\u064a\u0631 \u0627\u0644\u0623\u0648\u062a\u0648\u0645\u0627\u062a\u064a\u0643\u064a\u0629 \u2013 \u062c\u0648\u062f\u0629 \u0639\u0627\u0644\u064a\u0629","isPartOf":{"@id":"https:\/\/fdasrl.it\/ar\/#website"},"primaryImageOfPage":{"@id":"https:\/\/fdasrl.it\/ar\/prodotto\/%d8%ad%d8%a7%d9%85%d9%84-%d9%85%d8%b9%d8%b2%d8%b2-%d9%85%d9%86-%d8%a7%d9%84%d9%81%d9%88%d9%84%d8%a7%d8%b0-%d8%a7%d9%84%d9%85%d9%82%d8%a7%d9%88%d9%85-%d9%84%d9%84%d8%b5%d8%af%d8%a3-%d9%84%d9%85%d8%b4\/#primaryimage"},"image":{"@id":"https:\/\/fdasrl.it\/ar\/prodotto\/%d8%ad%d8%a7%d9%85%d9%84-%d9%85%d8%b9%d8%b2%d8%b2-%d9%85%d9%86-%d8%a7%d9%84%d9%81%d9%88%d9%84%d8%a7%d8%b0-%d8%a7%d9%84%d9%85%d9%82%d8%a7%d9%88%d9%85-%d9%84%d9%84%d8%b5%d8%af%d8%a3-%d9%84%d9%85%d8%b4\/#primaryimage"},"thumbnailUrl":"https:\/\/fdasrl.it\/wp-content\/uploads\/2025\/01\/FDA-00008-25_1.jpg","datePublished":"2025-01-20T10:18:23+00:00","description":"\u0627\u0643\u062a\u0634\u0641\u0648\u0627 \u062d\u0627\u0645\u0644\u0646\u0627 \u0627\u0644\u0645\u0639\u0632\u0632 \u0644\u0645\u0634\u0627\u0631\u0628 \u0627\u0644\u062e\u0646\u0627\u0632\u064a\u0631 \u0627\u0644\u0623\u0648\u062a\u0648\u0645\u0627\u062a\u064a\u0643\u064a\u0629\u060c \u0627\u0644\u0645\u0635\u0646\u0648\u0639 \u0645\u0646 \u0627\u0644\u0641\u0648\u0644\u0627\u0630 \u0627\u0644\u0645\u0642\u0627\u0648\u0645 \u0644\u0644\u0635\u062f\u0623 \u0639\u0627\u0644\u064a \u0627\u0644\u062c\u0648\u062f\u0629. \u064a\u0636\u0645\u0646 \u0627\u0644\u0627\u0633\u062a\u0642\u0631\u0627\u0631 \u0648\u0627\u0644\u0645\u062a\u0627\u0646\u0629!","breadcrumb":{"@id":"https:\/\/fdasrl.it\/ar\/prodotto\/%d8%ad%d8%a7%d9%85%d9%84-%d9%85%d8%b9%d8%b2%d8%b2-%d9%85%d9%86-%d8%a7%d9%84%d9%81%d9%88%d9%84%d8%a7%d8%b0-%d8%a7%d9%84%d9%85%d9%82%d8%a7%d9%88%d9%85-%d9%84%d9%84%d8%b5%d8%af%d8%a3-%d9%84%d9%85%d8%b4\/#breadcrumb"},"inLanguage":"ar","potentialAction":[{"@type":"ReadAction","target":["https:\/\/fdasrl.it\/ar\/prodotto\/%d8%ad%d8%a7%d9%85%d9%84-%d9%85%d8%b9%d8%b2%d8%b2-%d9%85%d9%86-%d8%a7%d9%84%d9%81%d9%88%d9%84%d8%a7%d8%b0-%d8%a7%d9%84%d9%85%d9%82%d8%a7%d9%88%d9%85-%d9%84%d9%84%d8%b5%d8%af%d8%a3-%d9%84%d9%85%d8%b4\/"]}]},{"@type":"ImageObject","inLanguage":"ar","@id":"https:\/\/fdasrl.it\/ar\/prodotto\/%d8%ad%d8%a7%d9%85%d9%84-%d9%85%d8%b9%d8%b2%d8%b2-%d9%85%d9%86-%d8%a7%d9%84%d9%81%d9%88%d9%84%d8%a7%d8%b0-%d8%a7%d9%84%d9%85%d9%82%d8%a7%d9%88%d9%85-%d9%84%d9%84%d8%b5%d8%af%d8%a3-%d9%84%d9%85%d8%b4\/#primaryimage","url":"https:\/\/fdasrl.it\/wp-content\/uploads\/2025\/01\/FDA-00008-25_1.jpg","contentUrl":"https:\/\/fdasrl.it\/wp-content\/uploads\/2025\/01\/FDA-00008-25_1.jpg","width":800,"height":640,"caption":"\u062d\u0627\u0645\u0644 \u0633\u062a\u0627\u0646\u0644\u0633 \u0644\u0645\u0634\u0627\u0631\u0628 \u0627\u0644\u062e\u0646\u0627\u0632\u064a\u0631"},{"@type":"BreadcrumbList","@id":"https:\/\/fdasrl.it\/ar\/prodotto\/%d8%ad%d8%a7%d9%85%d9%84-%d9%85%d8%b9%d8%b2%d8%b2-%d9%85%d9%86-%d8%a7%d9%84%d9%81%d9%88%d9%84%d8%a7%d8%b0-%d8%a7%d9%84%d9%85%d9%82%d8%a7%d9%88%d9%85-%d9%84%d9%84%d8%b5%d8%af%d8%a3-%d9%84%d9%85%d8%b4\/#breadcrumb","itemListElement":[{"@type":"ListItem","position":1,"name":"Home","item":"https:\/\/fdasrl.it\/ar\/%d8%a7%d9%84%d8%b1%d8%a6%d9%8a%d8%b3%d9%8a%d8%a9\/"},{"@type":"ListItem","position":2,"name":"\u0627\u0644\u0645\u062a\u062c\u0631","item":"https:\/\/fdasrl.it\/ar\/%d8%a7%d9%84%d9%85%d8%aa%d8%ac%d8%b1\/"},{"@type":"ListItem","position":3,"name":"\u062d\u0627\u0645\u0644 \u0645\u0639\u0632\u0632 \u0645\u0646 \u0627\u0644\u0641\u0648\u0644\u0627\u0630 \u0627\u0644\u0645\u0642\u0627\u0648\u0645 \u0644\u0644\u0635\u062f\u0623 \u0644\u0645\u0634\u0627\u0631\u0628 \u0627\u0644\u062d\u0644\u0645\u0627\u062a"}]},{"@type":"WebSite","@id":"https:\/\/fdasrl.it\/ar\/#website","url":"https:\/\/fdasrl.it\/ar\/","name":"FDA srl","description":"Equipment for animal husbandry","publisher":{"@id":"https:\/\/fdasrl.it\/ar\/#organization"},"potentialAction":[{"@type":"SearchAction","target":{"@type":"EntryPoint","urlTemplate":"https:\/\/fdasrl.it\/ar\/?s={search_term_string}"},"query-input":{"@type":"PropertyValueSpecification","valueRequired":true,"valueName":"search_term_string"}}],"inLanguage":"ar"},{"@type":"Organization","@id":"https:\/\/fdasrl.it\/ar\/#organization","name":"FDA srl","url":"https:\/\/fdasrl.it\/ar\/","logo":{"@type":"ImageObject","inLanguage":"ar","@id":"https:\/\/fdasrl.it\/ar\/#\/schema\/logo\/image\/","url":"https:\/\/fdasrl.it\/wp-content\/uploads\/2024\/12\/Logo-FDA.png","contentUrl":"https:\/\/fdasrl.it\/wp-content\/uploads\/2024\/12\/Logo-FDA.png","width":316,"height":119,"caption":"FDA srl"},"image":{"@id":"https:\/\/fdasrl.it\/ar\/#\/schema\/logo\/image\/"},"sameAs":["https:\/\/www.facebook.com\/share\/1MWhFWg1Tp\/?mibextid=LQQJ4d","https:\/\/www.instagram.com\/fda_srl\/profilecard\/?igsh=YW5lbzJ6MWg0d21u","https:\/\/www.youtube.com\/@FDASRL_ANIMALCARE"],"description":"FDA SRL \u2013 Equipment for animal husbandry nasce con l\u2019obiettivo di offrire soluzioni affidabili e innovative per l\u2019allevamento moderno. Con anni di esperienza nel settore zootecnico, progettiamo e realizziamo attrezzature destinate al benessere animale e alla gestione efficiente delle stalle: vasche, abbeveratoi, mangiatoie e sistemi di riscaldamento pensati per durare nel tempo e semplificare il lavoro quotidiano degli allevatori. Dalla progettazione alla produzione, ogni nostro prodotto \u00e8 studiato nei minimi dettagli, testato con cura e costruito per rispondere alle esigenze reali del settore. La nostra forza \u00e8 unire artigianalit\u00e0, tecnologia e competenza tecnica per trasformare ogni progetto in una soluzione concreta e funzionale. Oggi FDA SRL \u00e8 un punto di riferimento per privati e rivenditori che cercano qualit\u00e0, affidabilit\u00e0 e innovazione nelle attrezzature per l\u2019allevamento.","email":"info@fdasrl.it","telephone":"+390522826820","legalName":"F.D.A. SRL","foundingDate":"2024-10-13","vatID":"03075840359","taxID":"03075840359","numberOfEmployees":{"@type":"QuantitativeValue","minValue":"1","maxValue":"10"}}]},"product_price_currency":"EUR","og_availability":"instock","product_availability":"instock","product_retailer_item_id":"FDA-000008","product_condition":"new"},"_links":{"self":[{"href":"https:\/\/fdasrl.it\/ar\/wp-json\/wp\/v2\/product\/4534","targetHints":{"allow":["GET"]}}],"collection":[{"href":"https:\/\/fdasrl.it\/ar\/wp-json\/wp\/v2\/product"}],"about":[{"href":"https:\/\/fdasrl.it\/ar\/wp-json\/wp\/v2\/types\/product"}],"replies":[{"embeddable":true,"href":"https:\/\/fdasrl.it\/ar\/wp-json\/wp\/v2\/comments?post=4534"}],"wp:featuredmedia":[{"embeddable":true,"href":"https:\/\/fdasrl.it\/ar\/wp-json\/wp\/v2\/media\/299"}],"wp:attachment":[{"href":"https:\/\/fdasrl.it\/ar\/wp-json\/wp\/v2\/media?parent=4534"}],"wp:term":[{"taxonomy":"product_brand","embeddable":true,"href":"https:\/\/fdasrl.it\/ar\/wp-json\/wp\/v2\/product_brand?post=4534"},{"taxonomy":"product_cat","embeddable":true,"href":"https:\/\/fdasrl.it\/ar\/wp-json\/wp\/v2\/product_cat?post=4534"},{"taxonomy":"product_tag","embeddable":true,"href":"https:\/\/fdasrl.it\/ar\/wp-json\/wp\/v2\/product_tag?post=4534"}],"curies":[{"name":"wp","href":"https:\/\/api.w.org\/{rel}","templated":true}]}}