{"id":4555,"date":"2025-01-20T11:13:54","date_gmt":"2025-01-20T10:13:54","guid":{"rendered":"https:\/\/fdasrl.it\/prodotto\/%d8%ad%d8%a7%d9%85%d9%84-%d8%b3%d8%aa%d8%a7%d9%86%d9%84%d8%b3-%d8%b3%d8%aa%d9%8a%d9%84-%d9%84%d8%b3%d9%82%d8%a7%d9%8a%d8%a7%d8%aa-%d8%a7%d9%84%d8%ad%d9%84%d9%85%d8%a7%d8%aa\/"},"modified":"2025-01-20T11:13:54","modified_gmt":"2025-01-20T10:13:54","slug":"%d8%ad%d8%a7%d9%85%d9%84-%d8%b3%d8%aa%d8%a7%d9%86%d9%84%d8%b3-%d8%b3%d8%aa%d9%8a%d9%84-%d9%84%d8%b3%d9%82%d8%a7%d9%8a%d8%a7%d8%aa-%d8%a7%d9%84%d8%ad%d9%84%d9%85%d8%a7%d8%aa","status":"publish","type":"product","link":"https:\/\/fdasrl.it\/ar\/prodotto\/%d8%ad%d8%a7%d9%85%d9%84-%d8%b3%d8%aa%d8%a7%d9%86%d9%84%d8%b3-%d8%b3%d8%aa%d9%8a%d9%84-%d9%84%d8%b3%d9%82%d8%a7%d9%8a%d8%a7%d8%aa-%d8%a7%d9%84%d8%ad%d9%84%d9%85%d8%a7%d8%aa\/","title":{"rendered":"\u062d\u0627\u0645\u0644 \u0633\u062a\u0627\u0646\u0644\u0633 \u0633\u062a\u064a\u0644 \u0644\u0633\u0642\u0627\u064a\u0627\u062a \u0627\u0644\u062d\u0644\u0645\u0627\u062a"},"content":{"rendered":"<div>\n<p data-start=\"799\" data-end=\"1112\">\u062a\u0645 \u062a\u0635\u0645\u064a\u0645 <strong data-start=\"802\" data-end=\"855\">\u0627\u0644\u062d\u0627\u0645\u0644 \u0627\u0644\u062b\u0627\u0628\u062a \u0645\u0646 \u0627\u0644\u0633\u062a\u0627\u0646\u0644\u0633 \u0633\u062a\u064a\u0644 \u0645\u0646 FDA \u0627\u0644\u0645\u0632\u0648\u062f \u0628\u0644\u0648\u062d\u0629 \u062c\u062f\u0627\u0631\u064a\u0629<\/strong> \u0644\u062a\u0631\u0643\u064a\u0628 <strong data-start=\"892\" data-end=\"928\">\u0633\u0642\u0627\u064a\u0627\u062a \u0627\u0644\u062e\u0646\u0627\u0632\u064a\u0631 \u0627\u0644\u0623\u0648\u062a\u0648\u0645\u0627\u062a\u064a\u0643\u064a\u0629<\/strong>.<br data-start=\"929\" data-end=\"932\">\u0645\u0635\u0646\u0648\u0639 \u0628\u0627\u0644\u0643\u0627\u0645\u0644 \u0645\u0646 <strong data-start=\"958\" data-end=\"990\">\u0633\u062a\u0627\u0646\u0644\u0633 \u0633\u062a\u064a\u0644 \u0639\u0627\u0644\u064a \u0627\u0644\u062c\u0648\u062f\u0629<\/strong>\u060c \u0645\u0645\u0627 \u064a\u0636\u0645\u0646 \u0623\u0642\u0635\u0649 \u0645\u0642\u0627\u0648\u0645\u0629 \u0644\u0644\u062a\u0622\u0643\u0644 \u0648\u0627\u0644\u0646\u0638\u0627\u0641\u0629 \u0648\u0627\u0644\u0645\u062a\u0627\u0646\u0629 \u0627\u0644\u0637\u0648\u064a\u0644\u0629 \u062d\u062a\u0649 \u0641\u064a \u0638\u0631\u0648\u0641 \u0627\u0644\u062a\u0631\u0628\u064a\u0629 \u0627\u0644\u0645\u0643\u062b\u0641\u0629.<\/p>\n<p data-start=\"1114\" data-end=\"1414\">\u0648\u0635\u0644\u0629 \u0627\u0644\u0645\u064a\u0627\u0647 \u0628\u0645\u0642\u0627\u0633 <strong data-start=\"1135\" data-end=\"1143\">1\/2 \u0628\u0648\u0635\u0629<\/strong> \u0648\u0627\u0644\u062d\u0627\u0645\u0644 \u0645\u062a\u0648\u0641\u0631 <strong data-start=\"1175\" data-end=\"1215\">\u0628\u0632\u0648\u0627\u064a\u0627 \u0645\u064a\u0644 \u0645\u062e\u062a\u0644\u0641\u0629 (45\u00b0\u060c 60\u00b0\u060c 90\u00b0)<\/strong> \u0644\u0644\u062a\u0643\u064a\u0641 \u0645\u0639 \u0627\u062d\u062a\u064a\u0627\u062c\u0627\u062a \u0627\u0644\u0645\u0646\u0634\u0623\u0629.<br data-start=\"1258\" data-end=\"1261\">\u062a\u0636\u0645\u0646 \u0627\u0644\u0644\u0648\u062d\u0629 \u0627\u0644\u062c\u062f\u0627\u0631\u064a\u0629 <strong data-start=\"1292\" data-end=\"1326\">\u062a\u0631\u0643\u064a\u0628\u0627\u064b \u0645\u0633\u062a\u0642\u0631\u0627\u064b \u0648\u0622\u0645\u0646\u0627\u064b<\/strong>\u060c \u0645\u0645\u0627 \u064a\u062c\u0639\u0644 \u0647\u0630\u0627 \u0627\u0644\u0645\u0644\u062d\u0642 \u0636\u0631\u0648\u0631\u064a\u0627\u064b \u0644\u0646\u0638\u0627\u0645 \u0633\u0642\u0627\u064a\u0629 \u0641\u0639\u0627\u0644.<\/p>\n<p data-start=\"1416\" data-end=\"1449\"><strong data-start=\"1416\" data-end=\"1447\">\u0627\u0644\u062e\u0635\u0627\u0626\u0635 \u0627\u0644\u0631\u0626\u064a\u0633\u064a\u0629:<\/strong><\/p>\n<ul data-start=\"1450\" data-end=\"1690\">\n<li data-start=\"1450\" data-end=\"1508\">\n<p data-start=\"1452\" data-end=\"1508\">\u0627\u0644\u0645\u0627\u062f\u0629: <strong data-start=\"1463\" data-end=\"1484\">\u0633\u062a\u0627\u0646\u0644\u0633 \u0633\u062a\u064a\u0644 AISI<\/strong> \u0645\u0642\u0627\u0648\u0645 \u0648\u0635\u062d\u064a<\/p>\n<\/li>\n<li data-start=\"1509\" data-end=\"1536\">\n<p data-start=\"1511\" data-end=\"1536\">\u0648\u0635\u0644\u0629 \u0627\u0644\u0645\u064a\u0627\u0647: <strong data-start=\"1526\" data-end=\"1534\">1\/2 \u0628\u0648\u0635\u0629<\/strong><\/p>\n<\/li>\n<li data-start=\"1537\" data-end=\"1570\">\n<p data-start=\"1539\" data-end=\"1570\">\u0627\u0644\u062a\u0631\u0643\u064a\u0628: <strong data-start=\"1550\" data-end=\"1568\">\u0644\u0648\u062d\u0629 \u062c\u062f\u0627\u0631\u064a\u0629<\/strong><\/p>\n<\/li>\n<li data-start=\"1571\" data-end=\"1620\">\n<p data-start=\"1573\" data-end=\"1620\">\u0632\u0648\u0627\u064a\u0627 \u0627\u0644\u0645\u064a\u0644 \u0627\u0644\u0645\u062a\u0648\u0641\u0631\u0629: <strong data-start=\"1599\" data-end=\"1618\">45\u00b0 \u2013 60\u00b0 \u2013 90\u00b0<\/strong><\/p>\n<\/li>\n<li data-start=\"1621\" data-end=\"1652\">\n<p data-start=\"1623\" data-end=\"1652\">\u0627\u0644\u0635\u0646\u0641: <strong data-start=\"1633\" data-end=\"1650\">FDA 000008\/SS<\/strong><\/p>\n<\/li>\n<li data-start=\"1653\" data-end=\"1690\">\n<p data-start=\"1655\" data-end=\"1690\">\u0645\u062b\u0627\u0644\u064a \u0644\u0640: <strong data-start=\"1667\" data-end=\"1688\">\u0645\u0632\u0627\u0631\u0639 \u0627\u0644\u062e\u0646\u0627\u0632\u064a\u0631 \u0648\u0627\u0644\u0639\u062c\u0648\u0644<\/strong><\/p>\n<\/li>\n<\/ul>\n<\/div>\n<p>\u0644\u0645\u0632\u064a\u062f \u0645\u0646 \u0627\u0644\u0645\u0639\u0644\u0648\u0645\u0627\u062a \u0648\u0637\u0644\u0628\u0627\u062a \u0639\u0631\u0648\u0636 \u0627\u0644\u0623\u0633\u0639\u0627\u0631 \u0627\u062a\u0635\u0644\u0648\u0627 \u0628\u0646\u0627: <a href=\"https:\/\/fdasrl.it\/ar\/%d8%a7%d8%aa%d8%b5%d9%84-%d8%a8%d9%86%d8%a7\/\">\u0627\u0636\u063a\u0637 \u0647\u0646\u0627<\/a><\/p>\n","protected":false},"excerpt":{"rendered":"<p>\u062d\u0627\u0645\u0644 \u062b\u0627\u0628\u062a \u0645\u0646 \u0627\u0644\u0633\u062a\u0627\u0646\u0644\u0633 \u0633\u062a\u064a\u0644 \u0628\u0644\u0648\u062d\u0629 \u062c\u062f\u0627\u0631\u064a\u0629 \u0644\u0633\u0642\u0627\u064a\u0629 \u0627\u0644\u062e\u0646\u0627\u0632\u064a\u0631 \u0648\u0627\u0644\u0639\u062c\u0648\u0644 \u0627\u0644\u0623\u0648\u062a\u0648\u0645\u0627\u062a\u064a\u0643\u064a\u0629. \u0648\u0635\u0644\u0629 \u0645\u064a\u0627\u0647 1\/2 \u0628\u0648\u0635\u0629\u060c \u0645\u062a\u0648\u0641\u0631 \u0628\u0632\u0627\u0648\u064a\u0629 \u0645\u064a\u0644 45\u00b0 \u2013 60\u00b0 \u2013 90\u00b0. <\/p>\n","protected":false},"featured_media":294,"comment_status":"open","ping_status":"closed","template":"","meta":{"_et_pb_use_builder":"off","_et_pb_old_content":"<div>\u062d\u0627\u0645\u0644 \u062b\u0627\u0628\u062a \u0628\u0644\u0648\u062d\u0629 \u062c\u062f\u0627\u0631\u064a\u0629 \u0644\u0633\u0642\u0627\u064a\u0629 \u0627\u0644\u062e\u0646\u0627\u0632\u064a\u0631 \u0627\u0644\u0623\u0648\u062a\u0648\u0645\u0627\u062a\u064a\u0643\u064a\u0629\u060c \u0648\u0635\u0644\u0629 \u0645\u064a\u0627\u0647 1\/2 \u0628\u0648\u0635\u0629 \u0645\u0646 \u0627\u0644\u0633\u062a\u0627\u0646\u0644\u0633 \u0633\u062a\u064a\u0644<\/div>\n<div><\/div>\n<div>Art FDA 000008\/SS 45\u00b0\/60\u00b0\/90\u00b0<\/div>","_et_gb_content_width":""},"product_brand":[],"product_cat":[833,1081],"product_tag":[1087,1082],"class_list":{"0":"post-4555","1":"product","2":"type-product","3":"status-publish","4":"has-post-thumbnail","6":"product_cat-833","7":"product_cat-1081","8":"product_tag-fda-000008-ss","9":"product_tag-fda-000008","11":"first","12":"instock","13":"shipping-taxable","14":"product-type-simple"},"yoast_head":"<!-- This site is optimized with the Yoast SEO Premium plugin v27.5 (Yoast SEO v27.5) - https:\/\/yoast.com\/product\/yoast-seo-premium-wordpress\/ -->\n<title>\u062d\u0627\u0645\u0644 \u0633\u062a\u0627\u0646\u0644\u0633 \u0633\u062a\u064a\u0644 \u0644\u0633\u0642\u0627\u064a\u0627\u062a \u0627\u0644\u062d\u0644\u0645\u0627\u062a: \u062c\u0648\u062f\u0629 \u0639\u0627\u0644\u064a\u0629 - FDA srl<\/title>\n<meta name=\"description\" content=\"\u0623\u0642\u0635\u0649 \u062f\u0631\u062c\u0627\u062a \u0627\u0644\u0645\u0642\u0627\u0648\u0645\u0629 \u0648\u0627\u0644\u0646\u0638\u0627\u0641\u0629 \u0645\u0639 \u062d\u0627\u0645\u0644 \u0627\u0644\u0633\u062a\u0627\u0646\u0644\u0633 \u0633\u062a\u064a\u0644 \u0644\u0633\u0642\u0627\u064a\u0627\u062a \u0627\u0644\u062d\u0644\u0645\u0627\u062a. \u0645\u062a\u0648\u0641\u0631 \u0628\u0632\u0648\u0627\u064a\u0627 \u0645\u064a\u0644 \u0645\u062e\u062a\u0644\u0641\u0629\u060c \u0645\u062b\u0627\u0644\u064a \u0644\u0643\u0644 \u0645\u0646\u0634\u0623\u0629! \ud83d\udc16\" \/>\n<meta name=\"robots\" content=\"index, follow, max-snippet:-1, max-image-preview:large, max-video-preview:-1\" \/>\n<link rel=\"canonical\" href=\"https:\/\/fdasrl.it\/ar\/prodotto\/%d8%ad%d8%a7%d9%85%d9%84-%d8%b3%d8%aa%d8%a7%d9%86%d9%84%d8%b3-%d8%b3%d8%aa%d9%8a%d9%84-%d9%84%d8%b3%d9%82%d8%a7%d9%8a%d8%a7%d8%aa-%d8%a7%d9%84%d8%ad%d9%84%d9%85%d8%a7%d8%aa\/\" \/>\n<meta property=\"og:locale\" content=\"ar_AR\" \/>\n<meta property=\"og:type\" content=\"article\" \/>\n<meta property=\"og:title\" content=\"\u062d\u0627\u0645\u0644 \u0633\u062a\u0627\u0646\u0644\u0633 \u0633\u062a\u064a\u0644 \u0644\u0633\u0642\u0627\u064a\u0627\u062a \u0627\u0644\u062d\u0644\u0645\u0627\u062a\" \/>\n<meta property=\"og:description\" content=\"\u0623\u0642\u0635\u0649 \u062f\u0631\u062c\u0627\u062a \u0627\u0644\u0645\u0642\u0627\u0648\u0645\u0629 \u0648\u0627\u0644\u0646\u0638\u0627\u0641\u0629 \u0645\u0639 \u062d\u0627\u0645\u0644 \u0627\u0644\u0633\u062a\u0627\u0646\u0644\u0633 \u0633\u062a\u064a\u0644 \u0644\u0633\u0642\u0627\u064a\u0627\u062a \u0627\u0644\u062d\u0644\u0645\u0627\u062a. \u0645\u062a\u0648\u0641\u0631 \u0628\u0632\u0648\u0627\u064a\u0627 \u0645\u064a\u0644 \u0645\u062e\u062a\u0644\u0641\u0629\u060c \u0645\u062b\u0627\u0644\u064a \u0644\u0643\u0644 \u0645\u0646\u0634\u0623\u0629! \ud83d\udc16\" \/>\n<meta property=\"og:url\" content=\"https:\/\/fdasrl.it\/ar\/prodotto\/%d8%ad%d8%a7%d9%85%d9%84-%d8%b3%d8%aa%d8%a7%d9%86%d9%84%d8%b3-%d8%b3%d8%aa%d9%8a%d9%84-%d9%84%d8%b3%d9%82%d8%a7%d9%8a%d8%a7%d8%aa-%d8%a7%d9%84%d8%ad%d9%84%d9%85%d8%a7%d8%aa\/\" \/>\n<meta property=\"og:site_name\" content=\"FDA srl\" \/>\n<meta property=\"article:publisher\" content=\"https:\/\/www.facebook.com\/share\/1MWhFWg1Tp\/?mibextid=LQQJ4d\" \/>\n<meta property=\"og:image\" content=\"https:\/\/fdasrl.it\/wp-content\/uploads\/2025\/01\/FDA-00008-SS45.jpg\" \/>\n\t<meta property=\"og:image:width\" content=\"800\" \/>\n\t<meta property=\"og:image:height\" content=\"640\" \/>\n\t<meta property=\"og:image:type\" content=\"image\/jpeg\" \/>\n<meta name=\"twitter:card\" content=\"summary_large_image\" \/>\n<meta name=\"twitter:label1\" content=\"\u0627\u0644\u0633\u0639\u0631\" \/>\n\t<meta name=\"twitter:data1\" content=\"\" \/>\n\t<meta name=\"twitter:label2\" content=\"\u0627\u0644\u062a\u0648\u0641\u0631\" \/>\n\t<meta name=\"twitter:data2\" content=\"\u0645\u062a\u0648\u0641\u0631 \u0641\u064a \u0627\u0644\u0645\u062e\u0632\u0648\u0646\" \/>\n<meta property=\"product:price:currency\" content=\"EUR\" \/>\n<meta property=\"og:availability\" content=\"instock\" \/>\n<meta property=\"product:availability\" content=\"instock\" \/>\n<meta property=\"product:retailer_item_id\" content=\"FDA-000008\/SS\" \/>\n<meta property=\"product:condition\" content=\"new\" \/>\n<!-- \/ Yoast SEO Premium plugin. -->","yoast_head_json":{"title":"\u062d\u0627\u0645\u0644 \u0633\u062a\u0627\u0646\u0644\u0633 \u0633\u062a\u064a\u0644 \u0644\u0633\u0642\u0627\u064a\u0627\u062a \u0627\u0644\u062d\u0644\u0645\u0627\u062a: \u062c\u0648\u062f\u0629 \u0639\u0627\u0644\u064a\u0629 - FDA srl","description":"\u0623\u0642\u0635\u0649 \u062f\u0631\u062c\u0627\u062a \u0627\u0644\u0645\u0642\u0627\u0648\u0645\u0629 \u0648\u0627\u0644\u0646\u0638\u0627\u0641\u0629 \u0645\u0639 \u062d\u0627\u0645\u0644 \u0627\u0644\u0633\u062a\u0627\u0646\u0644\u0633 \u0633\u062a\u064a\u0644 \u0644\u0633\u0642\u0627\u064a\u0627\u062a \u0627\u0644\u062d\u0644\u0645\u0627\u062a. \u0645\u062a\u0648\u0641\u0631 \u0628\u0632\u0648\u0627\u064a\u0627 \u0645\u064a\u0644 \u0645\u062e\u062a\u0644\u0641\u0629\u060c \u0645\u062b\u0627\u0644\u064a \u0644\u0643\u0644 \u0645\u0646\u0634\u0623\u0629! \ud83d\udc16","robots":{"index":"index","follow":"follow","max-snippet":"max-snippet:-1","max-image-preview":"max-image-preview:large","max-video-preview":"max-video-preview:-1"},"canonical":"https:\/\/fdasrl.it\/ar\/prodotto\/%d8%ad%d8%a7%d9%85%d9%84-%d8%b3%d8%aa%d8%a7%d9%86%d9%84%d8%b3-%d8%b3%d8%aa%d9%8a%d9%84-%d9%84%d8%b3%d9%82%d8%a7%d9%8a%d8%a7%d8%aa-%d8%a7%d9%84%d8%ad%d9%84%d9%85%d8%a7%d8%aa\/","og_locale":"ar_AR","og_type":"article","og_title":"\u062d\u0627\u0645\u0644 \u0633\u062a\u0627\u0646\u0644\u0633 \u0633\u062a\u064a\u0644 \u0644\u0633\u0642\u0627\u064a\u0627\u062a \u0627\u0644\u062d\u0644\u0645\u0627\u062a","og_description":"\u0623\u0642\u0635\u0649 \u062f\u0631\u062c\u0627\u062a \u0627\u0644\u0645\u0642\u0627\u0648\u0645\u0629 \u0648\u0627\u0644\u0646\u0638\u0627\u0641\u0629 \u0645\u0639 \u062d\u0627\u0645\u0644 \u0627\u0644\u0633\u062a\u0627\u0646\u0644\u0633 \u0633\u062a\u064a\u0644 \u0644\u0633\u0642\u0627\u064a\u0627\u062a \u0627\u0644\u062d\u0644\u0645\u0627\u062a. \u0645\u062a\u0648\u0641\u0631 \u0628\u0632\u0648\u0627\u064a\u0627 \u0645\u064a\u0644 \u0645\u062e\u062a\u0644\u0641\u0629\u060c \u0645\u062b\u0627\u0644\u064a \u0644\u0643\u0644 \u0645\u0646\u0634\u0623\u0629! \ud83d\udc16","og_url":"https:\/\/fdasrl.it\/ar\/prodotto\/%d8%ad%d8%a7%d9%85%d9%84-%d8%b3%d8%aa%d8%a7%d9%86%d9%84%d8%b3-%d8%b3%d8%aa%d9%8a%d9%84-%d9%84%d8%b3%d9%82%d8%a7%d9%8a%d8%a7%d8%aa-%d8%a7%d9%84%d8%ad%d9%84%d9%85%d8%a7%d8%aa\/","og_site_name":"FDA srl","article_publisher":"https:\/\/www.facebook.com\/share\/1MWhFWg1Tp\/?mibextid=LQQJ4d","og_image":[{"width":800,"height":640,"url":"https:\/\/fdasrl.it\/wp-content\/uploads\/2025\/01\/FDA-00008-SS45.jpg","type":"image\/jpeg"}],"twitter_card":"summary_large_image","twitter_misc":{"\u0627\u0644\u0633\u0639\u0631":"","\u0627\u0644\u062a\u0648\u0641\u0631":"\u0645\u062a\u0648\u0641\u0631 \u0641\u064a \u0627\u0644\u0645\u062e\u0632\u0648\u0646"},"schema":{"@context":"https:\/\/schema.org","@graph":[{"@type":"WebPage","@id":"https:\/\/fdasrl.it\/ar\/prodotto\/%d8%ad%d8%a7%d9%85%d9%84-%d8%b3%d8%aa%d8%a7%d9%86%d9%84%d8%b3-%d8%b3%d8%aa%d9%8a%d9%84-%d9%84%d8%b3%d9%82%d8%a7%d9%8a%d8%a7%d8%aa-%d8%a7%d9%84%d8%ad%d9%84%d9%85%d8%a7%d8%aa\/","url":"https:\/\/fdasrl.it\/ar\/prodotto\/%d8%ad%d8%a7%d9%85%d9%84-%d8%b3%d8%aa%d8%a7%d9%86%d9%84%d8%b3-%d8%b3%d8%aa%d9%8a%d9%84-%d9%84%d8%b3%d9%82%d8%a7%d9%8a%d8%a7%d8%aa-%d8%a7%d9%84%d8%ad%d9%84%d9%85%d8%a7%d8%aa\/","name":"\u062d\u0627\u0645\u0644 \u0633\u062a\u0627\u0646\u0644\u0633 \u0633\u062a\u064a\u0644 \u0644\u0633\u0642\u0627\u064a\u0627\u062a \u0627\u0644\u062d\u0644\u0645\u0627\u062a: \u062c\u0648\u062f\u0629 \u0639\u0627\u0644\u064a\u0629 - FDA srl","isPartOf":{"@id":"https:\/\/fdasrl.it\/ar\/#website"},"primaryImageOfPage":{"@id":"https:\/\/fdasrl.it\/ar\/prodotto\/%d8%ad%d8%a7%d9%85%d9%84-%d8%b3%d8%aa%d8%a7%d9%86%d9%84%d8%b3-%d8%b3%d8%aa%d9%8a%d9%84-%d9%84%d8%b3%d9%82%d8%a7%d9%8a%d8%a7%d8%aa-%d8%a7%d9%84%d8%ad%d9%84%d9%85%d8%a7%d8%aa\/#primaryimage"},"image":{"@id":"https:\/\/fdasrl.it\/ar\/prodotto\/%d8%ad%d8%a7%d9%85%d9%84-%d8%b3%d8%aa%d8%a7%d9%86%d9%84%d8%b3-%d8%b3%d8%aa%d9%8a%d9%84-%d9%84%d8%b3%d9%82%d8%a7%d9%8a%d8%a7%d8%aa-%d8%a7%d9%84%d8%ad%d9%84%d9%85%d8%a7%d8%aa\/#primaryimage"},"thumbnailUrl":"https:\/\/fdasrl.it\/wp-content\/uploads\/2025\/01\/FDA-00008-SS45.jpg","datePublished":"2025-01-20T10:13:54+00:00","description":"\u0623\u0642\u0635\u0649 \u062f\u0631\u062c\u0627\u062a \u0627\u0644\u0645\u0642\u0627\u0648\u0645\u0629 \u0648\u0627\u0644\u0646\u0638\u0627\u0641\u0629 \u0645\u0639 \u062d\u0627\u0645\u0644 \u0627\u0644\u0633\u062a\u0627\u0646\u0644\u0633 \u0633\u062a\u064a\u0644 \u0644\u0633\u0642\u0627\u064a\u0627\u062a \u0627\u0644\u062d\u0644\u0645\u0627\u062a. \u0645\u062a\u0648\u0641\u0631 \u0628\u0632\u0648\u0627\u064a\u0627 \u0645\u064a\u0644 \u0645\u062e\u062a\u0644\u0641\u0629\u060c \u0645\u062b\u0627\u0644\u064a \u0644\u0643\u0644 \u0645\u0646\u0634\u0623\u0629! \ud83d\udc16","breadcrumb":{"@id":"https:\/\/fdasrl.it\/ar\/prodotto\/%d8%ad%d8%a7%d9%85%d9%84-%d8%b3%d8%aa%d8%a7%d9%86%d9%84%d8%b3-%d8%b3%d8%aa%d9%8a%d9%84-%d9%84%d8%b3%d9%82%d8%a7%d9%8a%d8%a7%d8%aa-%d8%a7%d9%84%d8%ad%d9%84%d9%85%d8%a7%d8%aa\/#breadcrumb"},"inLanguage":"ar","potentialAction":[{"@type":"ReadAction","target":["https:\/\/fdasrl.it\/ar\/prodotto\/%d8%ad%d8%a7%d9%85%d9%84-%d8%b3%d8%aa%d8%a7%d9%86%d9%84%d8%b3-%d8%b3%d8%aa%d9%8a%d9%84-%d9%84%d8%b3%d9%82%d8%a7%d9%8a%d8%a7%d8%aa-%d8%a7%d9%84%d8%ad%d9%84%d9%85%d8%a7%d8%aa\/"]}]},{"@type":"ImageObject","inLanguage":"ar","@id":"https:\/\/fdasrl.it\/ar\/prodotto\/%d8%ad%d8%a7%d9%85%d9%84-%d8%b3%d8%aa%d8%a7%d9%86%d9%84%d8%b3-%d8%b3%d8%aa%d9%8a%d9%84-%d9%84%d8%b3%d9%82%d8%a7%d9%8a%d8%a7%d8%aa-%d8%a7%d9%84%d8%ad%d9%84%d9%85%d8%a7%d8%aa\/#primaryimage","url":"https:\/\/fdasrl.it\/wp-content\/uploads\/2025\/01\/FDA-00008-SS45.jpg","contentUrl":"https:\/\/fdasrl.it\/wp-content\/uploads\/2025\/01\/FDA-00008-SS45.jpg","width":800,"height":640,"caption":"Supporto fisso in acciaio inox con piastra a muro per abbeveratoio automatico suini, attacco acqua 1\/2 pollice"},{"@type":"BreadcrumbList","@id":"https:\/\/fdasrl.it\/ar\/prodotto\/%d8%ad%d8%a7%d9%85%d9%84-%d8%b3%d8%aa%d8%a7%d9%86%d9%84%d8%b3-%d8%b3%d8%aa%d9%8a%d9%84-%d9%84%d8%b3%d9%82%d8%a7%d9%8a%d8%a7%d8%aa-%d8%a7%d9%84%d8%ad%d9%84%d9%85%d8%a7%d8%aa\/#breadcrumb","itemListElement":[{"@type":"ListItem","position":1,"name":"Home","item":"https:\/\/fdasrl.it\/ar\/%d8%a7%d9%84%d8%b1%d8%a6%d9%8a%d8%b3%d9%8a%d8%a9\/"},{"@type":"ListItem","position":2,"name":"\u0627\u0644\u0645\u062a\u062c\u0631","item":"https:\/\/fdasrl.it\/ar\/%d8%a7%d9%84%d9%85%d8%aa%d8%ac%d8%b1\/"},{"@type":"ListItem","position":3,"name":"\u062d\u0627\u0645\u0644 \u0633\u062a\u0627\u0646\u0644\u0633 \u0633\u062a\u064a\u0644 \u0644\u0633\u0642\u0627\u064a\u0627\u062a \u0627\u0644\u062d\u0644\u0645\u0627\u062a"}]},{"@type":"WebSite","@id":"https:\/\/fdasrl.it\/ar\/#website","url":"https:\/\/fdasrl.it\/ar\/","name":"FDA srl","description":"Equipment for animal husbandry","publisher":{"@id":"https:\/\/fdasrl.it\/ar\/#organization"},"potentialAction":[{"@type":"SearchAction","target":{"@type":"EntryPoint","urlTemplate":"https:\/\/fdasrl.it\/ar\/?s={search_term_string}"},"query-input":{"@type":"PropertyValueSpecification","valueRequired":true,"valueName":"search_term_string"}}],"inLanguage":"ar"},{"@type":"Organization","@id":"https:\/\/fdasrl.it\/ar\/#organization","name":"FDA srl","url":"https:\/\/fdasrl.it\/ar\/","logo":{"@type":"ImageObject","inLanguage":"ar","@id":"https:\/\/fdasrl.it\/ar\/#\/schema\/logo\/image\/","url":"https:\/\/fdasrl.it\/wp-content\/uploads\/2024\/12\/Logo-FDA.png","contentUrl":"https:\/\/fdasrl.it\/wp-content\/uploads\/2024\/12\/Logo-FDA.png","width":316,"height":119,"caption":"FDA srl"},"image":{"@id":"https:\/\/fdasrl.it\/ar\/#\/schema\/logo\/image\/"},"sameAs":["https:\/\/www.facebook.com\/share\/1MWhFWg1Tp\/?mibextid=LQQJ4d","https:\/\/www.instagram.com\/fda_srl\/profilecard\/?igsh=YW5lbzJ6MWg0d21u","https:\/\/www.youtube.com\/@FDASRL_ANIMALCARE"],"description":"FDA SRL \u2013 Equipment for animal husbandry nasce con l\u2019obiettivo di offrire soluzioni affidabili e innovative per l\u2019allevamento moderno. Con anni di esperienza nel settore zootecnico, progettiamo e realizziamo attrezzature destinate al benessere animale e alla gestione efficiente delle stalle: vasche, abbeveratoi, mangiatoie e sistemi di riscaldamento pensati per durare nel tempo e semplificare il lavoro quotidiano degli allevatori. Dalla progettazione alla produzione, ogni nostro prodotto \u00e8 studiato nei minimi dettagli, testato con cura e costruito per rispondere alle esigenze reali del settore. La nostra forza \u00e8 unire artigianalit\u00e0, tecnologia e competenza tecnica per trasformare ogni progetto in una soluzione concreta e funzionale. Oggi FDA SRL \u00e8 un punto di riferimento per privati e rivenditori che cercano qualit\u00e0, affidabilit\u00e0 e innovazione nelle attrezzature per l\u2019allevamento.","email":"info@fdasrl.it","telephone":"+390522826820","legalName":"F.D.A. SRL","foundingDate":"2024-10-13","vatID":"03075840359","taxID":"03075840359","numberOfEmployees":{"@type":"QuantitativeValue","minValue":"1","maxValue":"10"}}]},"product_price_currency":"EUR","og_availability":"instock","product_availability":"instock","product_retailer_item_id":"FDA-000008\/SS","product_condition":"new"},"_links":{"self":[{"href":"https:\/\/fdasrl.it\/ar\/wp-json\/wp\/v2\/product\/4555","targetHints":{"allow":["GET"]}}],"collection":[{"href":"https:\/\/fdasrl.it\/ar\/wp-json\/wp\/v2\/product"}],"about":[{"href":"https:\/\/fdasrl.it\/ar\/wp-json\/wp\/v2\/types\/product"}],"replies":[{"embeddable":true,"href":"https:\/\/fdasrl.it\/ar\/wp-json\/wp\/v2\/comments?post=4555"}],"wp:featuredmedia":[{"embeddable":true,"href":"https:\/\/fdasrl.it\/ar\/wp-json\/wp\/v2\/media\/294"}],"wp:attachment":[{"href":"https:\/\/fdasrl.it\/ar\/wp-json\/wp\/v2\/media?parent=4555"}],"wp:term":[{"taxonomy":"product_brand","embeddable":true,"href":"https:\/\/fdasrl.it\/ar\/wp-json\/wp\/v2\/product_brand?post=4555"},{"taxonomy":"product_cat","embeddable":true,"href":"https:\/\/fdasrl.it\/ar\/wp-json\/wp\/v2\/product_cat?post=4555"},{"taxonomy":"product_tag","embeddable":true,"href":"https:\/\/fdasrl.it\/ar\/wp-json\/wp\/v2\/product_tag?post=4555"}],"curies":[{"name":"wp","href":"https:\/\/api.w.org\/{rel}","templated":true}]}}