{"id":4664,"date":"2025-01-20T13:04:05","date_gmt":"2025-01-20T12:04:05","guid":{"rendered":"https:\/\/fdasrl.it\/prodotto\/%d9%85%d8%b4%d8%b1%d8%a8-fa-2-%d9%85%d9%86-%d8%ad%d8%af%d9%8a%d8%af-%d8%a7%d9%84%d8%b2%d9%87%d8%b1-%d8%a8%d8%a8%d8%af%d8%a7%d9%84-%d9%84%d9%84%d8%a3%d8%a8%d9%82%d8%a7%d8%b1-%d9%88%d8%a7%d9%84%d8%ae\/"},"modified":"2025-01-20T13:04:05","modified_gmt":"2025-01-20T12:04:05","slug":"%d9%85%d8%b4%d8%b1%d8%a8-fa-2-%d9%85%d9%86-%d8%ad%d8%af%d9%8a%d8%af-%d8%a7%d9%84%d8%b2%d9%87%d8%b1-%d8%a8%d8%a8%d8%af%d8%a7%d9%84-%d9%84%d9%84%d8%a3%d8%a8%d9%82%d8%a7%d8%b1-%d9%88%d8%a7%d9%84%d8%ae","status":"publish","type":"product","link":"https:\/\/fdasrl.it\/ar\/prodotto\/%d9%85%d8%b4%d8%b1%d8%a8-fa-2-%d9%85%d9%86-%d8%ad%d8%af%d9%8a%d8%af-%d8%a7%d9%84%d8%b2%d9%87%d8%b1-%d8%a8%d8%a8%d8%af%d8%a7%d9%84-%d9%84%d9%84%d8%a3%d8%a8%d9%82%d8%a7%d8%b1-%d9%88%d8%a7%d9%84%d8%ae\/","title":{"rendered":"\u0645\u0634\u0631\u0628 FA-2 \u0645\u0646 \u062d\u062f\u064a\u062f \u0627\u0644\u0632\u0647\u0631 \u0628\u0628\u062f\u0627\u0644 \u0644\u0644\u0623\u0628\u0642\u0627\u0631 \u0648\u0627\u0644\u062e\u064a\u0648\u0644"},"content":{"rendered":"<p>\u0645\u0634\u0631\u0628 FA-2 \u0645\u0646 \u062d\u062f\u064a\u062f \u0627\u0644\u0632\u0647\u0631 \u0627\u0644\u0645\u0637\u0644\u064a \u0628\u0627\u0644\u0645\u064a\u0646\u0627 \u0628\u062c\u0648\u062f\u0629 \u0645\u0645\u062a\u0627\u0632\u0629\u060c \u0628\u0628\u062f\u0627\u0644 \u0644\u0644\u0623\u0628\u0642\u0627\u0631 \u0648\u0627\u0644\u062e\u064a\u0648\u0644 \u0641\u064a \u0627\u0644\u0645\u0631\u0627\u0628\u0637 \u0627\u0644\u062b\u0627\u0628\u062a\u0629\u060c \u0633\u0647\u0644 \u0627\u0644\u0635\u064a\u0627\u0646\u0629.<br \/>\n\u064a\u0639\u0645\u0644 \u0628\u0636\u063a\u0637 \u0627\u0644\u0628\u062f\u0627\u0644.<br \/>\n\u0636\u063a\u0637 \u0627\u0644\u062a\u0634\u063a\u064a\u0644 \u0645\u0646 0 \u0625\u0644\u0649 5 \u0636\u063a\u0637 \u062c\u0648\u064a.<br \/>\n\u062a\u0631\u0643\u064a\u0628 \u062c\u062f\u0627\u0631\u064a \u0645\u0639 \u0645\u062f\u062e\u0644 \u0645\u064a\u0627\u0647 \u0633\u0641\u0644\u064a 1\/2\u201d \u0623\u0648 \u0639\u0628\u0631 \u0623\u0646\u0627\u0628\u064a\u0628 \u0623\u0641\u0642\u064a\u0629.<\/p>\n<p><strong>\u0627\u0644\u0645\u0648\u0627\u0635\u0641\u0627\u062a \u0627\u0644\u062a\u0642\u0646\u064a\u0629:<\/strong><\/p>\n<p>&#8211; \u0633\u0639\u0629 \u0627\u0644\u062d\u0648\u0636 2 \u0644\u062a\u0631.<br \/>\n&#8211; \u0627\u0644\u0648\u0632\u0646 4.9 \u0643\u062c\u0645.<br \/>\n&#8211; \u0627\u0644\u0642\u0637\u0631 \u0627\u0644\u062f\u0627\u062e\u0644\u064a \u0644\u0644\u062d\u0648\u0636 19 \u0633\u0645.<\/p>\n<p><strong>\u0645\u0646 \u062e\u0644\u0627\u0644 \u0627\u0644\u0645\u0634\u0627\u0628\u0643 \u0627\u0644\u0627\u062e\u062a\u064a\u0627\u0631\u064a\u0629 \u0627\u0644\u0645\u0646\u0627\u0633\u0628\u0629\u060c \u064a\u0645\u0643\u0646 \u0627\u0644\u0642\u064a\u0627\u0645 \u0628\u0640:<\/strong><\/p>\n<ul>\n<li>FAR1 \u062a\u0631\u0643\u064a\u0628 \u0639\u0644\u0649 \u0627\u0644\u0623\u0646\u0627\u0628\u064a\u0628\u060c \u062a\u062b\u0628\u064a\u062a \u0639\u0644\u0649 \u0627\u0644\u0642\u0627\u0626\u0645.<\/li>\n<li>FAR3+FAR7 \u0645\u0623\u062e\u0630 \u0645\u064a\u0627\u0647 \u0623\u0641\u0642\u064a\u060c \u0648\u0635\u0644\u0629 \u0645\u064a\u0627\u0647 \u0623\u0641\u0642\u064a\u0629<\/li>\n<\/ul>\n<p><b>\u0627\u0644\u0645\u0644\u062d\u0642\u0627\u062a \u0648\u0642\u0637\u0639 \u0627\u0644\u063a\u064a\u0627\u0631:<\/b><\/p>\n<ul>\n<li>\u0637\u0642\u0645 \u0635\u0645\u0627\u0645 \u0645\u0634\u0631\u0628 \u0627\u0644\u0623\u0628\u0642\u0627\u0631 \u0645\u0646 \u062d\u062f\u064a\u062f \u0627\u0644\u0632\u0647\u0631 (FA2)\u060c \u062c\u0633\u0645 \u0627\u0644\u0635\u0645\u0627\u0645\u060c \u0632\u0646\u0628\u0631\u0643 \u0648\u0645\u0646\u0638\u0645\u061b<\/li>\n<li>\u0645\u0634\u0628\u0643 \u0645\u062c\u0644\u0641\u0646 \u0644\u0644\u062a\u062b\u0628\u064a\u062a \u0639\u0644\u0649 \u0627\u0644\u0642\u0627\u0626\u0645 \u0628\u0642\u0637\u0631 1&#8243;1\/4 \u06481&#8243;1\/2\u061b<\/li>\n<li>\u062c\u0633\u0645 \u0635\u0645\u0627\u0645 \u0628\u0644\u0627\u0633\u062a\u064a\u0643\u064a \u0648\u062c\u0644\u0628\u0629 \u0646\u062d\u0627\u0633\u064a\u0629 \u0645\u0639 \u0633\u062f\u0627\u062f\u0629 \u0645\u0637\u0627\u0637\u064a\u0629\u061b<\/li>\n<li>\u0632\u0646\u0628\u0631\u0643 \u0641\u0648\u0644\u0627\u0630\u064a \u0644\u0635\u0645\u0627\u0645 \u0628\u0644\u0627\u0633\u062a\u064a\u0643\u064a\u061b<\/li>\n<li>\u0645\u0646\u0638\u0645 \u0628\u0635\u0627\u0645\u0648\u0644\u0629 \u0646\u062d\u0627\u0633\u064a\u0629.<\/li>\n<li>\u062f\u0639\u0627\u0645\u0629 \u062a\u062b\u0628\u064a\u062a \u0632\u0627\u0648\u064a\u0629 FAR22<\/li>\n<\/ul>\n<p>\ud83d\udc49 \u0627\u0637\u0644\u0628 \u0633\u0639\u0631 \u0625\u0639\u0627\u062f\u0629 \u0627\u0644\u0628\u064a\u0639: <a href=\"mailto:info@fdasrl.it\">\u0627\u0646\u0642\u0631 \u0647\u0646\u0627<\/a><\/p>\n<p>\u0627\u0634\u062a\u0631\u0650\u0647 \u0645\u0646 <a href=\"https:\/\/fda-shop.it\/shop\/articoli-per-allevamento\/abbeveratoi\/abbeveratoio-in-ghisa-smaltata-a-paletta-per-bovini-e-cavalli\" target=\"_blank\" rel=\"noopener\">\u0645\u062a\u062c\u0631\u0646\u0627 \u0627\u0644\u0625\u0644\u0643\u062a\u0631\u0648\u0646\u064a<\/a><\/p>\n","protected":false},"excerpt":{"rendered":"<p>\u0645\u0634\u0631\u0628 \u0645\u0646 \u062d\u062f\u064a\u062f \u0627\u0644\u0632\u0647\u0631 \u0627\u0644\u0645\u0637\u0644\u064a \u0628\u0627\u0644\u0645\u064a\u0646\u0627 \u0628\u062c\u0648\u062f\u0629 \u0645\u0645\u062a\u0627\u0632\u0629\u060c \u0628\u0628\u062f\u0627\u0644 \u0644\u0644\u0623\u0628\u0642\u0627\u0631 \u0648\u0627\u0644\u062e\u064a\u0648\u0644 \u0641\u064a \u0627\u0644\u0645\u0631\u0627\u0628\u0637 \u0627\u0644\u062b\u0627\u0628\u062a\u0629\u060c \u0633\u0647\u0644 \u0627\u0644\u0635\u064a\u0627\u0646\u0629.<br \/>\n\u064a\u0639\u0645\u0644 \u0628\u0636\u063a\u0637 \u0627\u0644\u0628\u062f\u0627\u0644.<\/p>\n","protected":false},"featured_media":740,"comment_status":"open","ping_status":"closed","template":"","meta":{"_et_pb_use_builder":"off","_et_pb_old_content":"\u0645\u0634\u0631\u0628 \u0645\u0646 \u062d\u062f\u064a\u062f \u0627\u0644\u0632\u0647\u0631 \u0627\u0644\u0645\u0637\u0644\u064a \u0628\u0627\u0644\u0645\u064a\u0646\u0627 \u0628\u062c\u0648\u062f\u0629 \u0645\u0645\u062a\u0627\u0632\u0629\u060c \u0628\u0628\u062f\u0627\u0644 \u0644\u0644\u0623\u0628\u0642\u0627\u0631 \u0648\u0627\u0644\u062e\u064a\u0648\u0644 \u0641\u064a \u0627\u0644\u0645\u0631\u0627\u0628\u0637 \u0627\u0644\u062b\u0627\u0628\u062a\u0629\u060c \u0633\u0647\u0644 \u0627\u0644\u0635\u064a\u0627\u0646\u0629.\n\u064a\u0639\u0645\u0644 \u0628\u0636\u063a\u0637 \u0627\u0644\u0628\u062f\u0627\u0644.\n\u0636\u063a\u0637 \u0627\u0644\u062a\u0634\u063a\u064a\u0644 \u0645\u0646 0 \u0625\u0644\u0649 5 \u0636\u063a\u0637 \u062c\u0648\u064a.\n\u062a\u0631\u0643\u064a\u0628 \u062c\u062f\u0627\u0631\u064a \u0645\u0639 \u0645\u062f\u062e\u0644 \u0645\u064a\u0627\u0647 \u0633\u0641\u0644\u064a 1\/2\u201d \u0623\u0648 \u0639\u0628\u0631 \u0623\u0646\u0627\u0628\u064a\u0628 \u0623\u0641\u0642\u064a\u0629.\n\n\u0627\u0644\u0645\u0648\u0627\u0635\u0641\u0627\u062a \u0627\u0644\u062a\u0642\u0646\u064a\u0629:\n\n- \u0633\u0639\u0629 \u0627\u0644\u062d\u0648\u0636 2 \u0644\u062a\u0631.\n- \u0627\u0644\u0648\u0632\u0646 4.9 \u0643\u062c\u0645.\n- \u0627\u0644\u0642\u0637\u0631 \u0627\u0644\u062f\u0627\u062e\u0644\u064a \u0644\u0644\u062d\u0648\u0636 19 \u0633\u0645.\n\n\u0645\u0646 \u062e\u0644\u0627\u0644 \u0627\u0644\u0645\u0634\u0627\u0628\u0643 \u0627\u0644\u0627\u062e\u062a\u064a\u0627\u0631\u064a\u0629 \u0627\u0644\u0645\u0646\u0627\u0633\u0628\u0629\u060c \u064a\u0645\u0643\u0646 \u0627\u0644\u0642\u064a\u0627\u0645 \u0628\u0640:\n<ul>\n \t<li>FAR1 \u062a\u0631\u0643\u064a\u0628 \u0639\u0644\u0649 \u0627\u0644\u0623\u0646\u0627\u0628\u064a\u0628\u060c \u062a\u062b\u0628\u064a\u062a \u0639\u0644\u0649 \u0627\u0644\u0642\u0627\u0626\u0645.<\/li>\n \t<li>FAR3+FAR7 \u0645\u0623\u062e\u0630 \u0645\u064a\u0627\u0647 \u0623\u0641\u0642\u064a\u060c \u0648\u0635\u0644\u0629 \u0645\u064a\u0627\u0647 \u0623\u0641\u0642\u064a\u0629<\/li>\n<\/ul>\n<b>\u0627\u0644\u0645\u0644\u062d\u0642\u0627\u062a \u0648\u0642\u0637\u0639 \u0627\u0644\u063a\u064a\u0627\u0631:<\/b>\n<ul>\n \t<li>\u0637\u0642\u0645 \u0635\u0645\u0627\u0645 \u0645\u0634\u0631\u0628 \u0627\u0644\u0623\u0628\u0642\u0627\u0631 \u0645\u0646 \u062d\u062f\u064a\u062f \u0627\u0644\u0632\u0647\u0631 (FA2)\u060c \u062c\u0633\u0645 \u0627\u0644\u0635\u0645\u0627\u0645\u060c \u0632\u0646\u0628\u0631\u0643 \u0648\u0645\u0646\u0638\u0645\u061b<\/li>\n \t<li>\u0645\u0634\u0628\u0643 \u0645\u062c\u0644\u0641\u0646 \u0644\u0644\u062a\u062b\u0628\u064a\u062a \u0639\u0644\u0649 \u0627\u0644\u0642\u0627\u0626\u0645 \u0628\u0642\u0637\u0631 1\"1\/4 \u06481\"1\/2\u061b<\/li>\n \t<li>\u062c\u0633\u0645 \u0635\u0645\u0627\u0645 \u0628\u0644\u0627\u0633\u062a\u064a\u0643\u064a \u0648\u062c\u0644\u0628\u0629 \u0646\u062d\u0627\u0633\u064a\u0629 \u0645\u0639 \u0633\u062f\u0627\u062f\u0629 \u0645\u0637\u0627\u0637\u064a\u0629\u061b<\/li>\n \t<li>\u0632\u0646\u0628\u0631\u0643 \u0641\u0648\u0644\u0627\u0630\u064a \u0644\u0635\u0645\u0627\u0645 \u0628\u0644\u0627\u0633\u062a\u064a\u0643\u064a\u061b<\/li>\n \t<li>\u0645\u0646\u0638\u0645 \u0628\u0635\u0627\u0645\u0648\u0644\u0629 \u0646\u062d\u0627\u0633\u064a\u0629.<\/li>\n<\/ul>\n\u0627\u0634\u062a\u0631\u0650\u0647 \u0645\u0646 <a href=\"https:\/\/fda-shop.it\/shop\/articoli-per-allevamento\/abbeveratoi\/abbeveratoio-in-ghisa-smaltata-a-paletta-per-bovini-e-cavalli\" target=\"_blank\" rel=\"noopener\">\u0645\u062a\u062c\u0631\u0646\u0627 \u0627\u0644\u0625\u0644\u0643\u062a\u0631\u0648\u0646\u064a<\/a>","_et_gb_content_width":""},"product_brand":[],"product_cat":[398,626,556,567],"product_tag":[1111,1110,1112],"class_list":{"0":"post-4664","1":"product","2":"type-product","3":"status-publish","4":"has-post-thumbnail","6":"product_cat-398","7":"product_cat-626","8":"product_cat-556","9":"product_cat-567","10":"product_tag-fa-2n","11":"product_tag-fa2","12":"product_tag-fa2n","14":"first","15":"instock","16":"shipping-taxable","17":"product-type-simple"},"yoast_head":"<!-- This site is optimized with the Yoast SEO Premium plugin v27.5 (Yoast SEO v27.5) - https:\/\/yoast.com\/product\/yoast-seo-premium-wordpress\/ -->\n<title>\u0645\u0634\u0631\u0628 FA-2 \u0645\u0646 \u062d\u062f\u064a\u062f \u0627\u0644\u0632\u0647\u0631 \u0644\u0644\u0623\u0628\u0642\u0627\u0631 \u0648\u0627\u0644\u062e\u064a\u0648\u0644 \u064a\u0639\u0645\u0644 \u0628\u0627\u0644\u0636\u063a\u0637 FDA srl<\/title>\n<meta name=\"description\" content=\"\u0627\u062c\u0639\u0644 \u0631\u064a \u0627\u0644\u062d\u064a\u0648\u0627\u0646\u0627\u062a \u0628\u0633\u064a\u0637\u0627\u064b \u0648\u0639\u0645\u0644\u064a\u0627\u064b! \u0627\u062e\u062a\u0631 \u0645\u0634\u0631\u0628 FA-2 \u0645\u0646 \u062d\u062f\u064a\u062f \u0627\u0644\u0632\u0647\u0631 \u0644\u0644\u0623\u0628\u0642\u0627\u0631 \u0648\u0627\u0644\u062e\u064a\u0648\u0644\u060c \u0645\u062b\u0627\u0644\u064a \u0644\u0644\u0645\u0631\u0627\u0628\u0637 \u0627\u0644\u062b\u0627\u0628\u062a\u0629. \ud83d\udca7\" \/>\n<meta name=\"robots\" content=\"index, follow, max-snippet:-1, max-image-preview:large, max-video-preview:-1\" \/>\n<link rel=\"canonical\" href=\"https:\/\/fdasrl.it\/ar\/prodotto\/%d9%85%d8%b4%d8%b1%d8%a8-fa-2-%d9%85%d9%86-%d8%ad%d8%af%d9%8a%d8%af-%d8%a7%d9%84%d8%b2%d9%87%d8%b1-%d8%a8%d8%a8%d8%af%d8%a7%d9%84-%d9%84%d9%84%d8%a3%d8%a8%d9%82%d8%a7%d8%b1-%d9%88%d8%a7%d9%84%d8%ae\/\" \/>\n<meta property=\"og:locale\" content=\"ar_AR\" \/>\n<meta property=\"og:type\" content=\"article\" \/>\n<meta property=\"og:title\" content=\"\u0645\u0634\u0631\u0628 FA-2 \u0645\u0646 \u062d\u062f\u064a\u062f \u0627\u0644\u0632\u0647\u0631 \u0628\u0628\u062f\u0627\u0644 \u0644\u0644\u0623\u0628\u0642\u0627\u0631 \u0648\u0627\u0644\u062e\u064a\u0648\u0644\" \/>\n<meta property=\"og:description\" content=\"\u0627\u062c\u0639\u0644 \u0631\u064a \u0627\u0644\u062d\u064a\u0648\u0627\u0646\u0627\u062a \u0628\u0633\u064a\u0637\u0627\u064b \u0648\u0639\u0645\u0644\u064a\u0627\u064b! \u0627\u062e\u062a\u0631 \u0645\u0634\u0631\u0628 FA-2 \u0645\u0646 \u062d\u062f\u064a\u062f \u0627\u0644\u0632\u0647\u0631 \u0644\u0644\u0623\u0628\u0642\u0627\u0631 \u0648\u0627\u0644\u062e\u064a\u0648\u0644\u060c \u0645\u062b\u0627\u0644\u064a \u0644\u0644\u0645\u0631\u0627\u0628\u0637 \u0627\u0644\u062b\u0627\u0628\u062a\u0629. \ud83d\udca7\" \/>\n<meta property=\"og:url\" content=\"https:\/\/fdasrl.it\/ar\/prodotto\/%d9%85%d8%b4%d8%b1%d8%a8-fa-2-%d9%85%d9%86-%d8%ad%d8%af%d9%8a%d8%af-%d8%a7%d9%84%d8%b2%d9%87%d8%b1-%d8%a8%d8%a8%d8%af%d8%a7%d9%84-%d9%84%d9%84%d8%a3%d8%a8%d9%82%d8%a7%d8%b1-%d9%88%d8%a7%d9%84%d8%ae\/\" \/>\n<meta property=\"og:site_name\" content=\"FDA srl\" \/>\n<meta property=\"article:publisher\" content=\"https:\/\/www.facebook.com\/share\/1MWhFWg1Tp\/?mibextid=LQQJ4d\" \/>\n<meta property=\"og:image\" content=\"https:\/\/fdasrl.it\/wp-content\/uploads\/2025\/04\/Abbeveratoio-FDA-FA2-ghisa-smaltata.png\" \/>\n\t<meta property=\"og:image:width\" content=\"1684\" \/>\n\t<meta property=\"og:image:height\" content=\"1190\" \/>\n\t<meta property=\"og:image:type\" content=\"image\/png\" \/>\n<meta name=\"twitter:card\" content=\"summary_large_image\" \/>\n<meta name=\"twitter:label1\" content=\"\u0627\u0644\u0633\u0639\u0631\" \/>\n\t<meta name=\"twitter:data1\" content=\"\" \/>\n\t<meta name=\"twitter:label2\" content=\"\u0627\u0644\u062a\u0648\u0641\u0631\" \/>\n\t<meta name=\"twitter:data2\" content=\"\u0645\u062a\u0648\u0641\u0631 \u0641\u064a \u0627\u0644\u0645\u062e\u0632\u0648\u0646\" \/>\n<meta property=\"product:price:currency\" content=\"EUR\" \/>\n<meta property=\"og:availability\" content=\"instock\" \/>\n<meta property=\"product:availability\" content=\"instock\" \/>\n<meta property=\"product:retailer_item_id\" content=\"FA2N\" \/>\n<meta property=\"product:condition\" content=\"new\" \/>\n<!-- \/ Yoast SEO Premium plugin. -->","yoast_head_json":{"title":"\u0645\u0634\u0631\u0628 FA-2 \u0645\u0646 \u062d\u062f\u064a\u062f \u0627\u0644\u0632\u0647\u0631 \u0644\u0644\u0623\u0628\u0642\u0627\u0631 \u0648\u0627\u0644\u062e\u064a\u0648\u0644 \u064a\u0639\u0645\u0644 \u0628\u0627\u0644\u0636\u063a\u0637 FDA srl","description":"\u0627\u062c\u0639\u0644 \u0631\u064a \u0627\u0644\u062d\u064a\u0648\u0627\u0646\u0627\u062a \u0628\u0633\u064a\u0637\u0627\u064b \u0648\u0639\u0645\u0644\u064a\u0627\u064b! \u0627\u062e\u062a\u0631 \u0645\u0634\u0631\u0628 FA-2 \u0645\u0646 \u062d\u062f\u064a\u062f \u0627\u0644\u0632\u0647\u0631 \u0644\u0644\u0623\u0628\u0642\u0627\u0631 \u0648\u0627\u0644\u062e\u064a\u0648\u0644\u060c \u0645\u062b\u0627\u0644\u064a \u0644\u0644\u0645\u0631\u0627\u0628\u0637 \u0627\u0644\u062b\u0627\u0628\u062a\u0629. \ud83d\udca7","robots":{"index":"index","follow":"follow","max-snippet":"max-snippet:-1","max-image-preview":"max-image-preview:large","max-video-preview":"max-video-preview:-1"},"canonical":"https:\/\/fdasrl.it\/ar\/prodotto\/%d9%85%d8%b4%d8%b1%d8%a8-fa-2-%d9%85%d9%86-%d8%ad%d8%af%d9%8a%d8%af-%d8%a7%d9%84%d8%b2%d9%87%d8%b1-%d8%a8%d8%a8%d8%af%d8%a7%d9%84-%d9%84%d9%84%d8%a3%d8%a8%d9%82%d8%a7%d8%b1-%d9%88%d8%a7%d9%84%d8%ae\/","og_locale":"ar_AR","og_type":"article","og_title":"\u0645\u0634\u0631\u0628 FA-2 \u0645\u0646 \u062d\u062f\u064a\u062f \u0627\u0644\u0632\u0647\u0631 \u0628\u0628\u062f\u0627\u0644 \u0644\u0644\u0623\u0628\u0642\u0627\u0631 \u0648\u0627\u0644\u062e\u064a\u0648\u0644","og_description":"\u0627\u062c\u0639\u0644 \u0631\u064a \u0627\u0644\u062d\u064a\u0648\u0627\u0646\u0627\u062a \u0628\u0633\u064a\u0637\u0627\u064b \u0648\u0639\u0645\u0644\u064a\u0627\u064b! \u0627\u062e\u062a\u0631 \u0645\u0634\u0631\u0628 FA-2 \u0645\u0646 \u062d\u062f\u064a\u062f \u0627\u0644\u0632\u0647\u0631 \u0644\u0644\u0623\u0628\u0642\u0627\u0631 \u0648\u0627\u0644\u062e\u064a\u0648\u0644\u060c \u0645\u062b\u0627\u0644\u064a \u0644\u0644\u0645\u0631\u0627\u0628\u0637 \u0627\u0644\u062b\u0627\u0628\u062a\u0629. \ud83d\udca7","og_url":"https:\/\/fdasrl.it\/ar\/prodotto\/%d9%85%d8%b4%d8%b1%d8%a8-fa-2-%d9%85%d9%86-%d8%ad%d8%af%d9%8a%d8%af-%d8%a7%d9%84%d8%b2%d9%87%d8%b1-%d8%a8%d8%a8%d8%af%d8%a7%d9%84-%d9%84%d9%84%d8%a3%d8%a8%d9%82%d8%a7%d8%b1-%d9%88%d8%a7%d9%84%d8%ae\/","og_site_name":"FDA srl","article_publisher":"https:\/\/www.facebook.com\/share\/1MWhFWg1Tp\/?mibextid=LQQJ4d","og_image":[{"width":1684,"height":1190,"url":"https:\/\/fdasrl.it\/wp-content\/uploads\/2025\/04\/Abbeveratoio-FDA-FA2-ghisa-smaltata.png","type":"image\/png"}],"twitter_card":"summary_large_image","twitter_misc":{"\u0627\u0644\u0633\u0639\u0631":"","\u0627\u0644\u062a\u0648\u0641\u0631":"\u0645\u062a\u0648\u0641\u0631 \u0641\u064a \u0627\u0644\u0645\u062e\u0632\u0648\u0646"},"schema":{"@context":"https:\/\/schema.org","@graph":[{"@type":"WebPage","@id":"https:\/\/fdasrl.it\/ar\/prodotto\/%d9%85%d8%b4%d8%b1%d8%a8-fa-2-%d9%85%d9%86-%d8%ad%d8%af%d9%8a%d8%af-%d8%a7%d9%84%d8%b2%d9%87%d8%b1-%d8%a8%d8%a8%d8%af%d8%a7%d9%84-%d9%84%d9%84%d8%a3%d8%a8%d9%82%d8%a7%d8%b1-%d9%88%d8%a7%d9%84%d8%ae\/","url":"https:\/\/fdasrl.it\/ar\/prodotto\/%d9%85%d8%b4%d8%b1%d8%a8-fa-2-%d9%85%d9%86-%d8%ad%d8%af%d9%8a%d8%af-%d8%a7%d9%84%d8%b2%d9%87%d8%b1-%d8%a8%d8%a8%d8%af%d8%a7%d9%84-%d9%84%d9%84%d8%a3%d8%a8%d9%82%d8%a7%d8%b1-%d9%88%d8%a7%d9%84%d8%ae\/","name":"\u0645\u0634\u0631\u0628 FA-2 \u0645\u0646 \u062d\u062f\u064a\u062f \u0627\u0644\u0632\u0647\u0631 \u0644\u0644\u0623\u0628\u0642\u0627\u0631 \u0648\u0627\u0644\u062e\u064a\u0648\u0644 \u064a\u0639\u0645\u0644 \u0628\u0627\u0644\u0636\u063a\u0637 FDA srl","isPartOf":{"@id":"https:\/\/fdasrl.it\/ar\/#website"},"primaryImageOfPage":{"@id":"https:\/\/fdasrl.it\/ar\/prodotto\/%d9%85%d8%b4%d8%b1%d8%a8-fa-2-%d9%85%d9%86-%d8%ad%d8%af%d9%8a%d8%af-%d8%a7%d9%84%d8%b2%d9%87%d8%b1-%d8%a8%d8%a8%d8%af%d8%a7%d9%84-%d9%84%d9%84%d8%a3%d8%a8%d9%82%d8%a7%d8%b1-%d9%88%d8%a7%d9%84%d8%ae\/#primaryimage"},"image":{"@id":"https:\/\/fdasrl.it\/ar\/prodotto\/%d9%85%d8%b4%d8%b1%d8%a8-fa-2-%d9%85%d9%86-%d8%ad%d8%af%d9%8a%d8%af-%d8%a7%d9%84%d8%b2%d9%87%d8%b1-%d8%a8%d8%a8%d8%af%d8%a7%d9%84-%d9%84%d9%84%d8%a3%d8%a8%d9%82%d8%a7%d8%b1-%d9%88%d8%a7%d9%84%d8%ae\/#primaryimage"},"thumbnailUrl":"https:\/\/fdasrl.it\/wp-content\/uploads\/2025\/04\/Abbeveratoio-FDA-FA2-ghisa-smaltata.png","datePublished":"2025-01-20T12:04:05+00:00","description":"\u0627\u062c\u0639\u0644 \u0631\u064a \u0627\u0644\u062d\u064a\u0648\u0627\u0646\u0627\u062a \u0628\u0633\u064a\u0637\u0627\u064b \u0648\u0639\u0645\u0644\u064a\u0627\u064b! \u0627\u062e\u062a\u0631 \u0645\u0634\u0631\u0628 FA-2 \u0645\u0646 \u062d\u062f\u064a\u062f \u0627\u0644\u0632\u0647\u0631 \u0644\u0644\u0623\u0628\u0642\u0627\u0631 \u0648\u0627\u0644\u062e\u064a\u0648\u0644\u060c \u0645\u062b\u0627\u0644\u064a \u0644\u0644\u0645\u0631\u0627\u0628\u0637 \u0627\u0644\u062b\u0627\u0628\u062a\u0629. \ud83d\udca7","breadcrumb":{"@id":"https:\/\/fdasrl.it\/ar\/prodotto\/%d9%85%d8%b4%d8%b1%d8%a8-fa-2-%d9%85%d9%86-%d8%ad%d8%af%d9%8a%d8%af-%d8%a7%d9%84%d8%b2%d9%87%d8%b1-%d8%a8%d8%a8%d8%af%d8%a7%d9%84-%d9%84%d9%84%d8%a3%d8%a8%d9%82%d8%a7%d8%b1-%d9%88%d8%a7%d9%84%d8%ae\/#breadcrumb"},"inLanguage":"ar","potentialAction":[{"@type":"ReadAction","target":["https:\/\/fdasrl.it\/ar\/prodotto\/%d9%85%d8%b4%d8%b1%d8%a8-fa-2-%d9%85%d9%86-%d8%ad%d8%af%d9%8a%d8%af-%d8%a7%d9%84%d8%b2%d9%87%d8%b1-%d8%a8%d8%a8%d8%af%d8%a7%d9%84-%d9%84%d9%84%d8%a3%d8%a8%d9%82%d8%a7%d8%b1-%d9%88%d8%a7%d9%84%d8%ae\/"]}]},{"@type":"ImageObject","inLanguage":"ar","@id":"https:\/\/fdasrl.it\/ar\/prodotto\/%d9%85%d8%b4%d8%b1%d8%a8-fa-2-%d9%85%d9%86-%d8%ad%d8%af%d9%8a%d8%af-%d8%a7%d9%84%d8%b2%d9%87%d8%b1-%d8%a8%d8%a8%d8%af%d8%a7%d9%84-%d9%84%d9%84%d8%a3%d8%a8%d9%82%d8%a7%d8%b1-%d9%88%d8%a7%d9%84%d8%ae\/#primaryimage","url":"https:\/\/fdasrl.it\/wp-content\/uploads\/2025\/04\/Abbeveratoio-FDA-FA2-ghisa-smaltata.png","contentUrl":"https:\/\/fdasrl.it\/wp-content\/uploads\/2025\/04\/Abbeveratoio-FDA-FA2-ghisa-smaltata.png","width":1684,"height":1190,"caption":"\u0645\u0634\u0631\u0628 FA2 \u062d\u062f\u064a\u062f \u0632\u0647\u0631 \u0645\u0637\u0644\u064a \u0628\u0627\u0644\u0645\u064a\u0646\u0627 \u0628\u0628\u062f\u0627\u0644"},{"@type":"BreadcrumbList","@id":"https:\/\/fdasrl.it\/ar\/prodotto\/%d9%85%d8%b4%d8%b1%d8%a8-fa-2-%d9%85%d9%86-%d8%ad%d8%af%d9%8a%d8%af-%d8%a7%d9%84%d8%b2%d9%87%d8%b1-%d8%a8%d8%a8%d8%af%d8%a7%d9%84-%d9%84%d9%84%d8%a3%d8%a8%d9%82%d8%a7%d8%b1-%d9%88%d8%a7%d9%84%d8%ae\/#breadcrumb","itemListElement":[{"@type":"ListItem","position":1,"name":"Home","item":"https:\/\/fdasrl.it\/ar\/%d8%a7%d9%84%d8%b1%d8%a6%d9%8a%d8%b3%d9%8a%d8%a9\/"},{"@type":"ListItem","position":2,"name":"\u0627\u0644\u0645\u062a\u062c\u0631","item":"https:\/\/fdasrl.it\/ar\/%d8%a7%d9%84%d9%85%d8%aa%d8%ac%d8%b1\/"},{"@type":"ListItem","position":3,"name":"\u0645\u0634\u0631\u0628 FA-2 \u0645\u0646 \u062d\u062f\u064a\u062f \u0627\u0644\u0632\u0647\u0631 \u0628\u0628\u062f\u0627\u0644 \u0644\u0644\u0623\u0628\u0642\u0627\u0631 \u0648\u0627\u0644\u062e\u064a\u0648\u0644"}]},{"@type":"WebSite","@id":"https:\/\/fdasrl.it\/ar\/#website","url":"https:\/\/fdasrl.it\/ar\/","name":"FDA srl","description":"Equipment for animal husbandry","publisher":{"@id":"https:\/\/fdasrl.it\/ar\/#organization"},"potentialAction":[{"@type":"SearchAction","target":{"@type":"EntryPoint","urlTemplate":"https:\/\/fdasrl.it\/ar\/?s={search_term_string}"},"query-input":{"@type":"PropertyValueSpecification","valueRequired":true,"valueName":"search_term_string"}}],"inLanguage":"ar"},{"@type":"Organization","@id":"https:\/\/fdasrl.it\/ar\/#organization","name":"FDA srl","url":"https:\/\/fdasrl.it\/ar\/","logo":{"@type":"ImageObject","inLanguage":"ar","@id":"https:\/\/fdasrl.it\/ar\/#\/schema\/logo\/image\/","url":"https:\/\/fdasrl.it\/wp-content\/uploads\/2024\/12\/Logo-FDA.png","contentUrl":"https:\/\/fdasrl.it\/wp-content\/uploads\/2024\/12\/Logo-FDA.png","width":316,"height":119,"caption":"FDA srl"},"image":{"@id":"https:\/\/fdasrl.it\/ar\/#\/schema\/logo\/image\/"},"sameAs":["https:\/\/www.facebook.com\/share\/1MWhFWg1Tp\/?mibextid=LQQJ4d","https:\/\/www.instagram.com\/fda_srl\/profilecard\/?igsh=YW5lbzJ6MWg0d21u","https:\/\/www.youtube.com\/@FDASRL_ANIMALCARE"],"description":"FDA SRL \u2013 Equipment for animal husbandry nasce con l\u2019obiettivo di offrire soluzioni affidabili e innovative per l\u2019allevamento moderno. Con anni di esperienza nel settore zootecnico, progettiamo e realizziamo attrezzature destinate al benessere animale e alla gestione efficiente delle stalle: vasche, abbeveratoi, mangiatoie e sistemi di riscaldamento pensati per durare nel tempo e semplificare il lavoro quotidiano degli allevatori. Dalla progettazione alla produzione, ogni nostro prodotto \u00e8 studiato nei minimi dettagli, testato con cura e costruito per rispondere alle esigenze reali del settore. La nostra forza \u00e8 unire artigianalit\u00e0, tecnologia e competenza tecnica per trasformare ogni progetto in una soluzione concreta e funzionale. Oggi FDA SRL \u00e8 un punto di riferimento per privati e rivenditori che cercano qualit\u00e0, affidabilit\u00e0 e innovazione nelle attrezzature per l\u2019allevamento.","email":"info@fdasrl.it","telephone":"+390522826820","legalName":"F.D.A. SRL","foundingDate":"2024-10-13","vatID":"03075840359","taxID":"03075840359","numberOfEmployees":{"@type":"QuantitativeValue","minValue":"1","maxValue":"10"}}]},"product_price_currency":"EUR","og_availability":"instock","product_availability":"instock","product_retailer_item_id":"FA2N","product_condition":"new"},"_links":{"self":[{"href":"https:\/\/fdasrl.it\/ar\/wp-json\/wp\/v2\/product\/4664","targetHints":{"allow":["GET"]}}],"collection":[{"href":"https:\/\/fdasrl.it\/ar\/wp-json\/wp\/v2\/product"}],"about":[{"href":"https:\/\/fdasrl.it\/ar\/wp-json\/wp\/v2\/types\/product"}],"replies":[{"embeddable":true,"href":"https:\/\/fdasrl.it\/ar\/wp-json\/wp\/v2\/comments?post=4664"}],"wp:featuredmedia":[{"embeddable":true,"href":"https:\/\/fdasrl.it\/ar\/wp-json\/wp\/v2\/media\/740"}],"wp:attachment":[{"href":"https:\/\/fdasrl.it\/ar\/wp-json\/wp\/v2\/media?parent=4664"}],"wp:term":[{"taxonomy":"product_brand","embeddable":true,"href":"https:\/\/fdasrl.it\/ar\/wp-json\/wp\/v2\/product_brand?post=4664"},{"taxonomy":"product_cat","embeddable":true,"href":"https:\/\/fdasrl.it\/ar\/wp-json\/wp\/v2\/product_cat?post=4664"},{"taxonomy":"product_tag","embeddable":true,"href":"https:\/\/fdasrl.it\/ar\/wp-json\/wp\/v2\/product_tag?post=4664"}],"curies":[{"name":"wp","href":"https:\/\/api.w.org\/{rel}","templated":true}]}}