{"id":4749,"date":"2025-01-20T12:08:11","date_gmt":"2025-01-20T11:08:11","guid":{"rendered":"https:\/\/fdasrl.it\/prodotto\/%d9%85%d8%b5%d8%a8%d8%a7%d8%ad-%d8%a7%d9%84%d8%a3%d8%b4%d8%b9%d8%a9-%d8%aa%d8%ad%d8%aa-%d8%a7%d9%84%d8%ad%d9%85%d8%b1%d8%a7%d8%a1-%d9%81%d9%8a%d9%84%d9%8a%d8%a8%d8%b3-%d9%85%d9%88%d8%af%d9%8a%d9%84\/"},"modified":"2025-01-20T12:08:11","modified_gmt":"2025-01-20T11:08:11","slug":"%d9%85%d8%b5%d8%a8%d8%a7%d8%ad-%d8%a7%d9%84%d8%a3%d8%b4%d8%b9%d8%a9-%d8%aa%d8%ad%d8%aa-%d8%a7%d9%84%d8%ad%d9%85%d8%b1%d8%a7%d8%a1-%d9%81%d9%8a%d9%84%d9%8a%d8%a8%d8%b3-%d9%85%d9%88%d8%af%d9%8a%d9%84","status":"publish","type":"product","link":"https:\/\/fdasrl.it\/ar\/prodotto\/%d9%85%d8%b5%d8%a8%d8%a7%d8%ad-%d8%a7%d9%84%d8%a3%d8%b4%d8%b9%d8%a9-%d8%aa%d8%ad%d8%aa-%d8%a7%d9%84%d8%ad%d9%85%d8%b1%d8%a7%d8%a1-%d9%81%d9%8a%d9%84%d9%8a%d8%a8%d8%b3-%d9%85%d9%88%d8%af%d9%8a%d9%84\/","title":{"rendered":"\u0645\u0635\u0628\u0627\u062d \u0627\u0644\u0623\u0634\u0639\u0629 \u062a\u062d\u062a \u0627\u0644\u062d\u0645\u0631\u0627\u0621 \u0641\u064a\u0644\u064a\u0628\u0633 \u0645\u0648\u062f\u064a\u0644 \u062e\u0641\u064a\u0641 150 \u0648\u0627\u0637 250 \u0648\u0627\u0637"},"content":{"rendered":"<h1 data-start=\"381\" data-end=\"445\">\u0645\u0635\u0628\u0627\u062d \u0641\u064a\u0644\u064a\u0628\u0633 \u0628\u0627\u0644\u0623\u0634\u0639\u0629 \u062a\u062d\u062a \u0627\u0644\u062d\u0645\u0631\u0627\u0621 \u0627\u0644\u0623\u062d\u0645\u0631 \u0644\u062a\u062f\u0641\u0626\u0629 \u0627\u0644\u062d\u064a\u0648\u0627\u0646\u0627\u062a<\/h1>\n<p data-start=\"446\" data-end=\"503\"><strong data-start=\"446\" data-end=\"503\">\u0627\u0644\u0645\u0648\u062f\u064a\u0644: PHILIPS BR125 IR 150\/250W E27 230-250V \u0623\u062d\u0645\u0631<\/strong><\/p>\n<p data-start=\"505\" data-end=\"771\"><strong data-start=\"508\" data-end=\"546\">\u0645\u0635\u0628\u0627\u062d \u0641\u064a\u0644\u064a\u0628\u0633 \u0628\u0627\u0644\u0623\u0634\u0639\u0629 \u062a\u062d\u062a \u0627\u0644\u062d\u0645\u0631\u0627\u0621 \u0627\u0644\u0623\u062d\u0645\u0631<\/strong> \u0647\u0648 \u0627\u0644\u062d\u0644 \u0627\u0644\u0645\u062b\u0627\u0644\u064a <strong data-start=\"576\" data-end=\"619\">\u0644\u062a\u062f\u0641\u0626\u0629 \u062d\u064a\u0648\u0627\u0646\u0627\u062a \u0627\u0644\u0645\u0632\u0631\u0639\u0629<\/strong> \u0648\u0644\u0644\u0627\u0633\u062a\u062e\u062f\u0627\u0645\u0627\u062a \u0627\u0644\u0628\u064a\u0637\u0631\u064a\u0629.<br data-start=\"641\" data-end=\"644\">\u0645\u0635\u0646\u0648\u0639 \u0645\u0646 <strong data-start=\"658\" data-end=\"684\">\u0632\u062c\u0627\u062c \u0645\u0636\u063a\u0648\u0637 \u062e\u0641\u064a\u0641<\/strong>\u060c \u064a\u0636\u0645\u0646 <strong data-start=\"697\" data-end=\"733\">\u062a\u0648\u0641\u064a\u0631\u0627\u064b \u0641\u064a \u0627\u0644\u0637\u0627\u0642\u0629 \u064a\u0635\u0644 \u0625\u0644\u0649 30%<\/strong> \u0648\u0645\u062a\u0648\u0633\u0637 \u0639\u0645\u0631 \u0627\u0641\u062a\u0631\u0627\u0636\u064a <strong data-start=\"756\" data-end=\"768\">5000 \u0633\u0627\u0639\u0629<\/strong>.<\/p>\n<p data-start=\"773\" data-end=\"802\">\u0645\u062a\u0648\u0641\u0631 \u0641\u064a \u0627\u0644\u0625\u0635\u062f\u0627\u0631\u0627\u062a:<\/p>\n<ul data-start=\"803\" data-end=\"978\">\n<li data-start=\"803\" data-end=\"890\">\n<p data-start=\"805\" data-end=\"890\"><strong data-start=\"805\" data-end=\"833\">150 \u0648\u0627\u0637 (\u0643\u0648\u062f 000062)<\/strong> \u2013 \u062e\u0641\u064a\u0641<\/p>\n<\/li>\n<li data-start=\"891\" data-end=\"978\">\n<p data-start=\"893\" data-end=\"978\"><strong data-start=\"893\" data-end=\"921\">250 \u0648\u0627\u0637 (\u0643\u0648\u062f 000063)<\/strong> \u2013 \u062e\u0641\u064a\u0641<\/p>\n<\/li>\n<\/ul>\n<h3 data-start=\"980\" data-end=\"1008\">\u0627\u0644\u0645\u0648\u0627\u0635\u0641\u0627\u062a \u0627\u0644\u0641\u0646\u064a\u0629<\/h3>\n<ul data-start=\"1009\" data-end=\"1333\">\n<li data-start=\"1009\" data-end=\"1066\">\n<p data-start=\"1011\" data-end=\"1066\">\u0627\u0644\u0642\u062f\u0631\u0629: 150 \u0648\u0627\u0637 \u0623\u0648 250 \u0648\u0627\u0637 (\u0642\u062f\u0631\u0627\u062a \u0623\u062e\u0631\u0649 \u0645\u062a\u0648\u0641\u0631\u0629)<\/p>\n<\/li>\n<li data-start=\"1067\" data-end=\"1087\">\n<p data-start=\"1069\" data-end=\"1087\">\u0627\u0644\u0642\u0627\u0639\u062f\u0629: <strong data-start=\"1078\" data-end=\"1085\">E27<\/strong><\/p>\n<\/li>\n<li data-start=\"1088\" data-end=\"1110\">\n<p data-start=\"1090\" data-end=\"1110\">\u0627\u0644\u062c\u0647\u062f: 230\u2013250 \u0641\u0648\u0644\u062a<\/p>\n<\/li>\n<li data-start=\"1111\" data-end=\"1128\">\n<p data-start=\"1113\" data-end=\"1128\">\u0627\u0644\u0644\u0648\u0646: \u0623\u062d\u0645\u0631<\/p>\n<\/li>\n<li data-start=\"1129\" data-end=\"1165\">\n<p data-start=\"1131\" data-end=\"1165\">\u062a\u0648\u0641\u064a\u0631 \u0641\u064a \u0627\u0644\u0637\u0627\u0642\u0629 \u064a\u0635\u0644 \u0625\u0644\u0649 30%<\/p>\n<\/li>\n<li data-start=\"1166\" data-end=\"1205\">\n<p data-start=\"1168\" data-end=\"1205\"><strong data-start=\"1168\" data-end=\"1203\">\u0645\u0642\u0627\u0648\u0645 \u0644\u0631\u0630\u0627\u0630 \u0627\u0644\u0645\u0627\u0621<\/strong><\/p>\n<\/li>\n<li data-start=\"1206\" data-end=\"1267\">\n<p data-start=\"1208\" data-end=\"1267\">\u062a\u062f\u0641\u0626\u0629 \u0641\u0648\u0631\u064a\u0629 \u0648\u0645\u0631\u0643\u0632\u0629 \u0639\u0644\u0649 \u062c\u0644\u062f \u0627\u0644\u062d\u064a\u0648\u0627\u0646<\/p>\n<\/li>\n<li data-start=\"1268\" data-end=\"1333\">\n<p data-start=\"1270\" data-end=\"1333\">\u064a\u0639\u0632\u0632 \u0627\u0644\u062f\u0648\u0631\u0629 \u0627\u0644\u062f\u0645\u0648\u064a\u0629 \u0641\u064a \u0627\u0644\u0623\u0646\u0633\u062c\u0629 \u0648\u0627\u0644\u0639\u0636\u0644\u0627\u062a<\/p>\n<\/li>\n<\/ul>\n<h3 data-start=\"1335\" data-end=\"1358\">\u0627\u0644\u0645\u0632\u0627\u064a\u0627 \u0627\u0644\u0631\u0626\u064a\u0633\u064a\u0629<\/h3>\n<ul data-start=\"1359\" data-end=\"1579\">\n<li data-start=\"1359\" data-end=\"1436\">\n<p data-start=\"1361\" data-end=\"1436\"><strong data-start=\"1361\" data-end=\"1376\">\u0627\u0644\u0627\u0642\u062a\u0635\u0627\u062f\u064a\u0629<\/strong>: \u0639\u0645\u0631 \u0637\u0648\u064a\u0644 (5000 \u0633\u0627\u0639\u0629) \u0648\u0646\u0642\u0644 \u0645\u0645\u062a\u0627\u0632 \u0644\u0644\u062d\u0631\u0627\u0631\u0629<\/p>\n<\/li>\n<li data-start=\"1437\" data-end=\"1496\">\n<p data-start=\"1439\" data-end=\"1496\"><strong data-start=\"1439\" data-end=\"1453\">\u0627\u0644\u0643\u0641\u0627\u0621\u0629<\/strong>: \u062d\u0631\u0627\u0631\u0629 \u0645\u0628\u0627\u0634\u0631\u0629 \u0648\u0645\u0646\u062a\u0638\u0645\u0629 \u0639\u0644\u0649 \u0627\u0644\u062d\u064a\u0648\u0627\u0646\u0627\u062a<\/p>\n<\/li>\n<li data-start=\"1497\" data-end=\"1579\">\n<p data-start=\"1499\" data-end=\"1579\"><strong data-start=\"1499\" data-end=\"1514\">\u0627\u0644\u062a\u0646\u0648\u0639<\/strong>: \u0645\u062a\u0648\u0627\u0641\u0642 \u0645\u0639 \u062c\u0645\u064a\u0639 \u062d\u0648\u0627\u0645\u0644 \u0627\u0644\u0645\u0635\u0627\u0628\u064a\u062d \u0627\u0644\u0645\u0648\u062c\u0648\u062f\u0629 \u0639\u0644\u0649 \u0645\u0648\u0642\u0639\u0646\u0627<\/p>\n<\/li>\n<\/ul>\n<h3 data-start=\"1581\" data-end=\"1605\">\u0627\u0644\u0627\u0633\u062a\u062e\u062f\u0627\u0645\u0627\u062a \u0627\u0644\u0645\u0648\u0635\u0649 \u0628\u0647\u0627<\/h3>\n<ul data-start=\"1606\" data-end=\"1730\">\n<li data-start=\"1606\" data-end=\"1641\">\n<p data-start=\"1608\" data-end=\"1641\"><strong data-start=\"1608\" data-end=\"1639\">\u062a\u0631\u0628\u064a\u0629 \u0627\u0644\u062f\u062c\u0627\u062c \u0648\u0627\u0644\u0643\u062a\u0627\u0643\u064a\u062a<\/strong><\/p>\n<\/li>\n<li data-start=\"1642\" data-end=\"1667\">\n<p data-start=\"1644\" data-end=\"1667\"><strong data-start=\"1644\" data-end=\"1665\">\u062a\u0631\u0628\u064a\u0629 \u0627\u0644\u062e\u0646\u0627\u0632\u064a\u0631<\/strong><\/p>\n<\/li>\n<li data-start=\"1668\" data-end=\"1695\">\n<p data-start=\"1670\" data-end=\"1695\"><strong data-start=\"1670\" data-end=\"1693\">\u0627\u0644\u0639\u0644\u0627\u062c\u0627\u062a \u0627\u0644\u0628\u064a\u0637\u0631\u064a\u0629<\/strong><\/p>\n<\/li>\n<li data-start=\"1696\" data-end=\"1730\">\n<p data-start=\"1698\" data-end=\"1730\"><strong data-start=\"1698\" data-end=\"1728\">\u062a\u062c\u0641\u064a\u0641 \u0627\u0644\u0639\u0644\u0641 \u0648\u0627\u0644\u0637\u0639\u0627\u0645<\/strong><\/p>\n<\/li>\n<\/ul>\n<p data-start=\"1732\" data-end=\"1837\">\ud83d\udce9 <strong data-start=\"1735\" data-end=\"1835\">\u0644\u0644\u0639\u0631\u0648\u0636 \u0627\u0644\u0645\u062e\u0635\u0635\u0629 \u0648\u0627\u0644\u062a\u0633\u0639\u064a\u0631\u0627\u062a \u0627\u0644\u0634\u062e\u0635\u064a\u0629\u060c \u0627\u0643\u062a\u0628 \u0625\u0644\u0649: <a class=\"decorated-link cursor-pointer\" href=\"mailto:info@fdasrl.it\" rel=\"noopener\" data-start=\"1794\" data-end=\"1833\">info@fdasrl.it<\/a><\/strong><\/p>\n<p><strong>000062<\/strong> &#8211; \u0645\u0635\u0628\u0627\u062d \u0627\u0644\u0623\u0634\u0639\u0629 \u062a\u062d\u062a \u0627\u0644\u062d\u0645\u0631\u0627\u0621 150 \u0648\u0627\u0637 &#8211; \u062e\u0641\u064a\u0641<\/p>\n<p>\u0627\u0634\u062a\u0631\u0647\u0627 \u0645\u0646 <a href=\"https:\/\/fda-shop.it\/shop\/articoli-per-allevamento\/soluzioni-per-il-riscaldamento\/lampada-philips-150-w-a-raggi-infrarossi-scalda-animali#\/25-accessori_e_confezioni-singola_unita\" target=\"_blank\" rel=\"noopener\">\u0645\u062a\u062c\u0631\u0646\u0627 \u0627\u0644\u0625\u0644\u0643\u062a\u0631\u0648\u0646\u064a<\/a><\/p>\n<p><strong>000063<\/strong> &#8211; \u0645\u0635\u0628\u0627\u062d \u0627\u0644\u0623\u0634\u0639\u0629 \u062a\u062d\u062a \u0627\u0644\u062d\u0645\u0631\u0627\u0621 250 \u0648\u0627\u0637 &#8211; \u062e\u0641\u064a\u0641<\/p>\n<p>\u0627\u0634\u062a\u0631\u0647\u0627 \u0645\u0646 <a href=\"https:\/\/fda-shop.it\/shop\/articoli-per-allevamento\/soluzioni-per-il-riscaldamento\/lampada-philips-250-w-a-raggi-infrarossi#\/25-accessori_e_confezioni-singola_unita\" target=\"_blank\" rel=\"noopener\">\u0645\u062a\u062c\u0631\u0646\u0627 \u0627\u0644\u0625\u0644\u0643\u062a\u0631\u0648\u0646\u064a<\/a><\/p>\n","protected":false},"excerpt":{"rendered":"<p>\u0645\u0635\u0628\u0627\u062d \u0641\u064a\u0644\u064a\u0628\u0633 \u0628\u0627\u0644\u0623\u0634\u0639\u0629 \u062a\u062d\u062a \u0627\u0644\u062d\u0645\u0631\u0627\u0621 \u0627\u0644\u0623\u062d\u0645\u0631 \u0644\u062a\u062f\u0641\u0626\u0629 \u0627\u0644\u062d\u064a\u0648\u0627\u0646\u0627\u062a\u060c \u0645\u062a\u0648\u0641\u0631 \u0628\u0642\u062f\u0631\u0629 150 \u0648\u0627\u0637 \u0648250 \u0648\u0627\u0637. \u0645\u0635\u0646\u0648\u0639 \u0645\u0646 \u0632\u062c\u0627\u062c \u062e\u0641\u064a\u0641\u060c \u0645\u0642\u0627\u0648\u0645 \u0644\u0644\u0631\u0630\u0627\u0630\u060c \u064a\u0636\u0645\u0646 \u062a\u0648\u0641\u064a\u0631\u0627\u064b \u0641\u064a \u0627\u0644\u0637\u0627\u0642\u0629 \u064a\u0635\u0644 \u0625\u0644\u0649 30% \u0648\u0639\u0645\u0631\u0627\u064b \u0637\u0648\u064a\u0644\u0627\u064b (5000 \u0633\u0627\u0639\u0629). \u0645\u062b\u0627\u0644\u064a \u0644\u062a\u0631\u0628\u064a\u0629 \u0627\u0644\u062f\u062c\u0627\u062c \u0648\u0627\u0644\u062e\u0646\u0627\u0632\u064a\u0631 \u0648\u0627\u0644\u0639\u0644\u0627\u062c\u0627\u062a \u0627\u0644\u0628\u064a\u0637\u0631\u064a\u0629.  <\/p>\n","protected":false},"featured_media":333,"comment_status":"open","ping_status":"closed","template":"","meta":{"_et_pb_use_builder":"","_et_pb_old_content":"","_et_gb_content_width":""},"product_brand":[],"product_cat":[640,641,639],"product_tag":[1125,1126],"class_list":{"0":"post-4749","1":"product","2":"type-product","3":"status-publish","4":"has-post-thumbnail","6":"product_cat-640","7":"product_cat-641","8":"product_cat-639","9":"product_tag-1125","10":"product_tag-1126","12":"first","13":"instock","14":"shipping-taxable","15":"product-type-simple"},"yoast_head":"<!-- This site is optimized with the Yoast SEO Premium plugin v27.5 (Yoast SEO v27.5) - https:\/\/yoast.com\/product\/yoast-seo-premium-wordpress\/ -->\n<title>\u0645\u0635\u0628\u0627\u062d \u0627\u0644\u062a\u062f\u0641\u0626\u0629 \u0641\u064a\u0644\u064a\u0628\u0633 \u0644\u0644\u062d\u064a\u0648\u0627\u0646\u0627\u062a: 150 \u0648\u0627\u0637-250 \u0648\u0627\u0637 - FDA srl<\/title>\n<meta name=\"description\" content=\"\u0645\u0635\u0628\u0627\u062d \u0627\u0644\u062a\u062f\u0641\u0626\u0629 \u0641\u064a\u0644\u064a\u0628\u0633 \u0644\u0644\u062d\u064a\u0648\u0627\u0646\u0627\u062a \u0647\u0648 \u0627\u0644\u062e\u064a\u0627\u0631 \u0627\u0644\u0645\u062b\u0627\u0644\u064a \u0644\u0644\u0637\u0628 \u0627\u0644\u0628\u064a\u0637\u0631\u064a \u0648\u0627\u0644\u062a\u0631\u0628\u064a\u0629. \u0648\u0641\u0651\u0631 \u0627\u0644\u0637\u0627\u0642\u0629 \u0648\u0627\u0636\u0645\u0646 \u0627\u0644\u0631\u0627\u062d\u0629 \u0644\u062d\u064a\u0648\u0627\u0646\u0627\u062a\u0643!\ud83c\udf21\ufe0f\" \/>\n<meta name=\"robots\" content=\"index, follow, max-snippet:-1, max-image-preview:large, max-video-preview:-1\" \/>\n<link rel=\"canonical\" href=\"https:\/\/fdasrl.it\/ar\/prodotto\/%d9%85%d8%b5%d8%a8%d8%a7%d8%ad-%d8%a7%d9%84%d8%a3%d8%b4%d8%b9%d8%a9-%d8%aa%d8%ad%d8%aa-%d8%a7%d9%84%d8%ad%d9%85%d8%b1%d8%a7%d8%a1-%d9%81%d9%8a%d9%84%d9%8a%d8%a8%d8%b3-%d9%85%d9%88%d8%af%d9%8a%d9%84\/\" \/>\n<meta property=\"og:locale\" content=\"ar_AR\" \/>\n<meta property=\"og:type\" content=\"article\" \/>\n<meta property=\"og:title\" content=\"\u0645\u0635\u0628\u0627\u062d \u0627\u0644\u0623\u0634\u0639\u0629 \u062a\u062d\u062a \u0627\u0644\u062d\u0645\u0631\u0627\u0621 \u0641\u064a\u0644\u064a\u0628\u0633 \u0645\u0648\u062f\u064a\u0644 \u062e\u0641\u064a\u0641 150 \u0648\u0627\u0637 250 \u0648\u0627\u0637\" \/>\n<meta property=\"og:description\" content=\"\u0645\u0635\u0628\u0627\u062d \u0627\u0644\u062a\u062f\u0641\u0626\u0629 \u0641\u064a\u0644\u064a\u0628\u0633 \u0644\u0644\u062d\u064a\u0648\u0627\u0646\u0627\u062a \u0647\u0648 \u0627\u0644\u062e\u064a\u0627\u0631 \u0627\u0644\u0645\u062b\u0627\u0644\u064a \u0644\u0644\u0637\u0628 \u0627\u0644\u0628\u064a\u0637\u0631\u064a \u0648\u0627\u0644\u062a\u0631\u0628\u064a\u0629. \u0648\u0641\u0651\u0631 \u0627\u0644\u0637\u0627\u0642\u0629 \u0648\u0627\u0636\u0645\u0646 \u0627\u0644\u0631\u0627\u062d\u0629 \u0644\u062d\u064a\u0648\u0627\u0646\u0627\u062a\u0643!\ud83c\udf21\ufe0f\" \/>\n<meta property=\"og:url\" content=\"https:\/\/fdasrl.it\/ar\/prodotto\/%d9%85%d8%b5%d8%a8%d8%a7%d8%ad-%d8%a7%d9%84%d8%a3%d8%b4%d8%b9%d8%a9-%d8%aa%d8%ad%d8%aa-%d8%a7%d9%84%d8%ad%d9%85%d8%b1%d8%a7%d8%a1-%d9%81%d9%8a%d9%84%d9%8a%d8%a8%d8%b3-%d9%85%d9%88%d8%af%d9%8a%d9%84\/\" \/>\n<meta property=\"og:site_name\" content=\"FDA srl\" \/>\n<meta property=\"article:publisher\" content=\"https:\/\/www.facebook.com\/share\/1MWhFWg1Tp\/?mibextid=LQQJ4d\" \/>\n<meta property=\"og:image\" content=\"https:\/\/fdasrl.it\/wp-content\/uploads\/2025\/01\/PHILIPS150_1.jpg\" \/>\n\t<meta property=\"og:image:width\" content=\"480\" \/>\n\t<meta property=\"og:image:height\" content=\"312\" \/>\n\t<meta property=\"og:image:type\" content=\"image\/jpeg\" \/>\n<meta name=\"twitter:card\" content=\"summary_large_image\" \/>\n<meta name=\"twitter:label1\" content=\"\u0627\u0644\u0633\u0639\u0631\" \/>\n\t<meta name=\"twitter:data1\" content=\"\" \/>\n\t<meta name=\"twitter:label2\" content=\"\u0627\u0644\u062a\u0648\u0641\u0631\" \/>\n\t<meta name=\"twitter:data2\" content=\"\u0645\u062a\u0648\u0641\u0631 \u0641\u064a \u0627\u0644\u0645\u062e\u0632\u0648\u0646\" \/>\n<meta property=\"product:price:currency\" content=\"EUR\" \/>\n<meta property=\"og:availability\" content=\"instock\" \/>\n<meta property=\"product:availability\" content=\"instock\" \/>\n<meta property=\"product:retailer_item_id\" content=\"FDA-000062\" \/>\n<meta property=\"product:condition\" content=\"new\" \/>\n<!-- \/ Yoast SEO Premium plugin. -->","yoast_head_json":{"title":"\u0645\u0635\u0628\u0627\u062d \u0627\u0644\u062a\u062f\u0641\u0626\u0629 \u0641\u064a\u0644\u064a\u0628\u0633 \u0644\u0644\u062d\u064a\u0648\u0627\u0646\u0627\u062a: 150 \u0648\u0627\u0637-250 \u0648\u0627\u0637 - FDA srl","description":"\u0645\u0635\u0628\u0627\u062d \u0627\u0644\u062a\u062f\u0641\u0626\u0629 \u0641\u064a\u0644\u064a\u0628\u0633 \u0644\u0644\u062d\u064a\u0648\u0627\u0646\u0627\u062a \u0647\u0648 \u0627\u0644\u062e\u064a\u0627\u0631 \u0627\u0644\u0645\u062b\u0627\u0644\u064a \u0644\u0644\u0637\u0628 \u0627\u0644\u0628\u064a\u0637\u0631\u064a \u0648\u0627\u0644\u062a\u0631\u0628\u064a\u0629. \u0648\u0641\u0651\u0631 \u0627\u0644\u0637\u0627\u0642\u0629 \u0648\u0627\u0636\u0645\u0646 \u0627\u0644\u0631\u0627\u062d\u0629 \u0644\u062d\u064a\u0648\u0627\u0646\u0627\u062a\u0643!\ud83c\udf21\ufe0f","robots":{"index":"index","follow":"follow","max-snippet":"max-snippet:-1","max-image-preview":"max-image-preview:large","max-video-preview":"max-video-preview:-1"},"canonical":"https:\/\/fdasrl.it\/ar\/prodotto\/%d9%85%d8%b5%d8%a8%d8%a7%d8%ad-%d8%a7%d9%84%d8%a3%d8%b4%d8%b9%d8%a9-%d8%aa%d8%ad%d8%aa-%d8%a7%d9%84%d8%ad%d9%85%d8%b1%d8%a7%d8%a1-%d9%81%d9%8a%d9%84%d9%8a%d8%a8%d8%b3-%d9%85%d9%88%d8%af%d9%8a%d9%84\/","og_locale":"ar_AR","og_type":"article","og_title":"\u0645\u0635\u0628\u0627\u062d \u0627\u0644\u0623\u0634\u0639\u0629 \u062a\u062d\u062a \u0627\u0644\u062d\u0645\u0631\u0627\u0621 \u0641\u064a\u0644\u064a\u0628\u0633 \u0645\u0648\u062f\u064a\u0644 \u062e\u0641\u064a\u0641 150 \u0648\u0627\u0637 250 \u0648\u0627\u0637","og_description":"\u0645\u0635\u0628\u0627\u062d \u0627\u0644\u062a\u062f\u0641\u0626\u0629 \u0641\u064a\u0644\u064a\u0628\u0633 \u0644\u0644\u062d\u064a\u0648\u0627\u0646\u0627\u062a \u0647\u0648 \u0627\u0644\u062e\u064a\u0627\u0631 \u0627\u0644\u0645\u062b\u0627\u0644\u064a \u0644\u0644\u0637\u0628 \u0627\u0644\u0628\u064a\u0637\u0631\u064a \u0648\u0627\u0644\u062a\u0631\u0628\u064a\u0629. \u0648\u0641\u0651\u0631 \u0627\u0644\u0637\u0627\u0642\u0629 \u0648\u0627\u0636\u0645\u0646 \u0627\u0644\u0631\u0627\u062d\u0629 \u0644\u062d\u064a\u0648\u0627\u0646\u0627\u062a\u0643!\ud83c\udf21\ufe0f","og_url":"https:\/\/fdasrl.it\/ar\/prodotto\/%d9%85%d8%b5%d8%a8%d8%a7%d8%ad-%d8%a7%d9%84%d8%a3%d8%b4%d8%b9%d8%a9-%d8%aa%d8%ad%d8%aa-%d8%a7%d9%84%d8%ad%d9%85%d8%b1%d8%a7%d8%a1-%d9%81%d9%8a%d9%84%d9%8a%d8%a8%d8%b3-%d9%85%d9%88%d8%af%d9%8a%d9%84\/","og_site_name":"FDA srl","article_publisher":"https:\/\/www.facebook.com\/share\/1MWhFWg1Tp\/?mibextid=LQQJ4d","og_image":[{"width":480,"height":312,"url":"https:\/\/fdasrl.it\/wp-content\/uploads\/2025\/01\/PHILIPS150_1.jpg","type":"image\/jpeg"}],"twitter_card":"summary_large_image","twitter_misc":{"\u0627\u0644\u0633\u0639\u0631":"","\u0627\u0644\u062a\u0648\u0641\u0631":"\u0645\u062a\u0648\u0641\u0631 \u0641\u064a \u0627\u0644\u0645\u062e\u0632\u0648\u0646"},"schema":{"@context":"https:\/\/schema.org","@graph":[{"@type":"WebPage","@id":"https:\/\/fdasrl.it\/ar\/prodotto\/%d9%85%d8%b5%d8%a8%d8%a7%d8%ad-%d8%a7%d9%84%d8%a3%d8%b4%d8%b9%d8%a9-%d8%aa%d8%ad%d8%aa-%d8%a7%d9%84%d8%ad%d9%85%d8%b1%d8%a7%d8%a1-%d9%81%d9%8a%d9%84%d9%8a%d8%a8%d8%b3-%d9%85%d9%88%d8%af%d9%8a%d9%84\/","url":"https:\/\/fdasrl.it\/ar\/prodotto\/%d9%85%d8%b5%d8%a8%d8%a7%d8%ad-%d8%a7%d9%84%d8%a3%d8%b4%d8%b9%d8%a9-%d8%aa%d8%ad%d8%aa-%d8%a7%d9%84%d8%ad%d9%85%d8%b1%d8%a7%d8%a1-%d9%81%d9%8a%d9%84%d9%8a%d8%a8%d8%b3-%d9%85%d9%88%d8%af%d9%8a%d9%84\/","name":"\u0645\u0635\u0628\u0627\u062d \u0627\u0644\u062a\u062f\u0641\u0626\u0629 \u0641\u064a\u0644\u064a\u0628\u0633 \u0644\u0644\u062d\u064a\u0648\u0627\u0646\u0627\u062a: 150 \u0648\u0627\u0637-250 \u0648\u0627\u0637 - FDA srl","isPartOf":{"@id":"https:\/\/fdasrl.it\/ar\/#website"},"primaryImageOfPage":{"@id":"https:\/\/fdasrl.it\/ar\/prodotto\/%d9%85%d8%b5%d8%a8%d8%a7%d8%ad-%d8%a7%d9%84%d8%a3%d8%b4%d8%b9%d8%a9-%d8%aa%d8%ad%d8%aa-%d8%a7%d9%84%d8%ad%d9%85%d8%b1%d8%a7%d8%a1-%d9%81%d9%8a%d9%84%d9%8a%d8%a8%d8%b3-%d9%85%d9%88%d8%af%d9%8a%d9%84\/#primaryimage"},"image":{"@id":"https:\/\/fdasrl.it\/ar\/prodotto\/%d9%85%d8%b5%d8%a8%d8%a7%d8%ad-%d8%a7%d9%84%d8%a3%d8%b4%d8%b9%d8%a9-%d8%aa%d8%ad%d8%aa-%d8%a7%d9%84%d8%ad%d9%85%d8%b1%d8%a7%d8%a1-%d9%81%d9%8a%d9%84%d9%8a%d8%a8%d8%b3-%d9%85%d9%88%d8%af%d9%8a%d9%84\/#primaryimage"},"thumbnailUrl":"https:\/\/fdasrl.it\/wp-content\/uploads\/2025\/01\/PHILIPS150_1.jpg","datePublished":"2025-01-20T11:08:11+00:00","description":"\u0645\u0635\u0628\u0627\u062d \u0627\u0644\u062a\u062f\u0641\u0626\u0629 \u0641\u064a\u0644\u064a\u0628\u0633 \u0644\u0644\u062d\u064a\u0648\u0627\u0646\u0627\u062a \u0647\u0648 \u0627\u0644\u062e\u064a\u0627\u0631 \u0627\u0644\u0645\u062b\u0627\u0644\u064a \u0644\u0644\u0637\u0628 \u0627\u0644\u0628\u064a\u0637\u0631\u064a \u0648\u0627\u0644\u062a\u0631\u0628\u064a\u0629. \u0648\u0641\u0651\u0631 \u0627\u0644\u0637\u0627\u0642\u0629 \u0648\u0627\u0636\u0645\u0646 \u0627\u0644\u0631\u0627\u062d\u0629 \u0644\u062d\u064a\u0648\u0627\u0646\u0627\u062a\u0643!\ud83c\udf21\ufe0f","breadcrumb":{"@id":"https:\/\/fdasrl.it\/ar\/prodotto\/%d9%85%d8%b5%d8%a8%d8%a7%d8%ad-%d8%a7%d9%84%d8%a3%d8%b4%d8%b9%d8%a9-%d8%aa%d8%ad%d8%aa-%d8%a7%d9%84%d8%ad%d9%85%d8%b1%d8%a7%d8%a1-%d9%81%d9%8a%d9%84%d9%8a%d8%a8%d8%b3-%d9%85%d9%88%d8%af%d9%8a%d9%84\/#breadcrumb"},"inLanguage":"ar","potentialAction":[{"@type":"ReadAction","target":["https:\/\/fdasrl.it\/ar\/prodotto\/%d9%85%d8%b5%d8%a8%d8%a7%d8%ad-%d8%a7%d9%84%d8%a3%d8%b4%d8%b9%d8%a9-%d8%aa%d8%ad%d8%aa-%d8%a7%d9%84%d8%ad%d9%85%d8%b1%d8%a7%d8%a1-%d9%81%d9%8a%d9%84%d9%8a%d8%a8%d8%b3-%d9%85%d9%88%d8%af%d9%8a%d9%84\/"]}]},{"@type":"ImageObject","inLanguage":"ar","@id":"https:\/\/fdasrl.it\/ar\/prodotto\/%d9%85%d8%b5%d8%a8%d8%a7%d8%ad-%d8%a7%d9%84%d8%a3%d8%b4%d8%b9%d8%a9-%d8%aa%d8%ad%d8%aa-%d8%a7%d9%84%d8%ad%d9%85%d8%b1%d8%a7%d8%a1-%d9%81%d9%8a%d9%84%d9%8a%d8%a8%d8%b3-%d9%85%d9%88%d8%af%d9%8a%d9%84\/#primaryimage","url":"https:\/\/fdasrl.it\/wp-content\/uploads\/2025\/01\/PHILIPS150_1.jpg","contentUrl":"https:\/\/fdasrl.it\/wp-content\/uploads\/2025\/01\/PHILIPS150_1.jpg","width":480,"height":312,"caption":"\u0645\u0635\u0628\u0627\u062d \u0627\u0644\u0623\u0634\u0639\u0629 \u062a\u062d\u062a \u0627\u0644\u062d\u0645\u0631\u0627\u0621 \u0641\u064a\u0644\u064a\u0628\u0633\u060c \u0645\u062b\u0627\u0644\u064a \u0644\u062a\u062f\u0641\u0626\u0629 \u062d\u064a\u0648\u0627\u0646\u0627\u062a \u0627\u0644\u0645\u0632\u0631\u0639\u0629 \u0648\u0627\u0644\u0627\u0633\u062a\u062e\u062f\u0627\u0645 \u0627\u0644\u0628\u064a\u0637\u0631\u064a."},{"@type":"BreadcrumbList","@id":"https:\/\/fdasrl.it\/ar\/prodotto\/%d9%85%d8%b5%d8%a8%d8%a7%d8%ad-%d8%a7%d9%84%d8%a3%d8%b4%d8%b9%d8%a9-%d8%aa%d8%ad%d8%aa-%d8%a7%d9%84%d8%ad%d9%85%d8%b1%d8%a7%d8%a1-%d9%81%d9%8a%d9%84%d9%8a%d8%a8%d8%b3-%d9%85%d9%88%d8%af%d9%8a%d9%84\/#breadcrumb","itemListElement":[{"@type":"ListItem","position":1,"name":"Home","item":"https:\/\/fdasrl.it\/ar\/%d8%a7%d9%84%d8%b1%d8%a6%d9%8a%d8%b3%d9%8a%d8%a9\/"},{"@type":"ListItem","position":2,"name":"\u0627\u0644\u0645\u062a\u062c\u0631","item":"https:\/\/fdasrl.it\/ar\/%d8%a7%d9%84%d9%85%d8%aa%d8%ac%d8%b1\/"},{"@type":"ListItem","position":3,"name":"\u0645\u0635\u0628\u0627\u062d \u0627\u0644\u0623\u0634\u0639\u0629 \u062a\u062d\u062a \u0627\u0644\u062d\u0645\u0631\u0627\u0621 \u0641\u064a\u0644\u064a\u0628\u0633 \u0645\u0648\u062f\u064a\u0644 \u062e\u0641\u064a\u0641 150 \u0648\u0627\u0637 250 \u0648\u0627\u0637"}]},{"@type":"WebSite","@id":"https:\/\/fdasrl.it\/ar\/#website","url":"https:\/\/fdasrl.it\/ar\/","name":"FDA srl","description":"Equipment for animal husbandry","publisher":{"@id":"https:\/\/fdasrl.it\/ar\/#organization"},"potentialAction":[{"@type":"SearchAction","target":{"@type":"EntryPoint","urlTemplate":"https:\/\/fdasrl.it\/ar\/?s={search_term_string}"},"query-input":{"@type":"PropertyValueSpecification","valueRequired":true,"valueName":"search_term_string"}}],"inLanguage":"ar"},{"@type":"Organization","@id":"https:\/\/fdasrl.it\/ar\/#organization","name":"FDA srl","url":"https:\/\/fdasrl.it\/ar\/","logo":{"@type":"ImageObject","inLanguage":"ar","@id":"https:\/\/fdasrl.it\/ar\/#\/schema\/logo\/image\/","url":"https:\/\/fdasrl.it\/wp-content\/uploads\/2024\/12\/Logo-FDA.png","contentUrl":"https:\/\/fdasrl.it\/wp-content\/uploads\/2024\/12\/Logo-FDA.png","width":316,"height":119,"caption":"FDA srl"},"image":{"@id":"https:\/\/fdasrl.it\/ar\/#\/schema\/logo\/image\/"},"sameAs":["https:\/\/www.facebook.com\/share\/1MWhFWg1Tp\/?mibextid=LQQJ4d","https:\/\/www.instagram.com\/fda_srl\/profilecard\/?igsh=YW5lbzJ6MWg0d21u","https:\/\/www.youtube.com\/@FDASRL_ANIMALCARE"],"description":"FDA SRL \u2013 Equipment for animal husbandry nasce con l\u2019obiettivo di offrire soluzioni affidabili e innovative per l\u2019allevamento moderno. Con anni di esperienza nel settore zootecnico, progettiamo e realizziamo attrezzature destinate al benessere animale e alla gestione efficiente delle stalle: vasche, abbeveratoi, mangiatoie e sistemi di riscaldamento pensati per durare nel tempo e semplificare il lavoro quotidiano degli allevatori. Dalla progettazione alla produzione, ogni nostro prodotto \u00e8 studiato nei minimi dettagli, testato con cura e costruito per rispondere alle esigenze reali del settore. La nostra forza \u00e8 unire artigianalit\u00e0, tecnologia e competenza tecnica per trasformare ogni progetto in una soluzione concreta e funzionale. Oggi FDA SRL \u00e8 un punto di riferimento per privati e rivenditori che cercano qualit\u00e0, affidabilit\u00e0 e innovazione nelle attrezzature per l\u2019allevamento.","email":"info@fdasrl.it","telephone":"+390522826820","legalName":"F.D.A. SRL","foundingDate":"2024-10-13","vatID":"03075840359","taxID":"03075840359","numberOfEmployees":{"@type":"QuantitativeValue","minValue":"1","maxValue":"10"}}]},"product_price_currency":"EUR","og_availability":"instock","product_availability":"instock","product_retailer_item_id":"FDA-000062","product_condition":"new"},"_links":{"self":[{"href":"https:\/\/fdasrl.it\/ar\/wp-json\/wp\/v2\/product\/4749","targetHints":{"allow":["GET"]}}],"collection":[{"href":"https:\/\/fdasrl.it\/ar\/wp-json\/wp\/v2\/product"}],"about":[{"href":"https:\/\/fdasrl.it\/ar\/wp-json\/wp\/v2\/types\/product"}],"replies":[{"embeddable":true,"href":"https:\/\/fdasrl.it\/ar\/wp-json\/wp\/v2\/comments?post=4749"}],"wp:featuredmedia":[{"embeddable":true,"href":"https:\/\/fdasrl.it\/ar\/wp-json\/wp\/v2\/media\/333"}],"wp:attachment":[{"href":"https:\/\/fdasrl.it\/ar\/wp-json\/wp\/v2\/media?parent=4749"}],"wp:term":[{"taxonomy":"product_brand","embeddable":true,"href":"https:\/\/fdasrl.it\/ar\/wp-json\/wp\/v2\/product_brand?post=4749"},{"taxonomy":"product_cat","embeddable":true,"href":"https:\/\/fdasrl.it\/ar\/wp-json\/wp\/v2\/product_cat?post=4749"},{"taxonomy":"product_tag","embeddable":true,"href":"https:\/\/fdasrl.it\/ar\/wp-json\/wp\/v2\/product_tag?post=4749"}],"curies":[{"name":"wp","href":"https:\/\/api.w.org\/{rel}","templated":true}]}}