{"id":4857,"date":"2025-01-18T19:32:09","date_gmt":"2025-01-18T18:32:09","guid":{"rendered":"https:\/\/fdasrl.it\/prodotto\/art-fda-t00120-%d9%85%d8%b4%d8%b1%d8%a8-%d8%ad%d9%88%d8%b6%d9%8a-%d9%86%d9%88%d8%b9-%d9%85%d8%aa%d9%88%d8%b3%d8%b7\/"},"modified":"2025-01-18T19:32:09","modified_gmt":"2025-01-18T18:32:09","slug":"art-fda-t00120-%d9%85%d8%b4%d8%b1%d8%a8-%d8%ad%d9%88%d8%b6%d9%8a-%d9%86%d9%88%d8%b9-%d9%85%d8%aa%d9%88%d8%b3%d8%b7","status":"publish","type":"product","link":"https:\/\/fdasrl.it\/ar\/prodotto\/art-fda-t00120-%d9%85%d8%b4%d8%b1%d8%a8-%d8%ad%d9%88%d8%b6%d9%8a-%d9%86%d9%88%d8%b9-%d9%85%d8%aa%d9%88%d8%b3%d8%b7\/","title":{"rendered":"Art. FDA-T00120 &#8211; \u0645\u0634\u0631\u0628 \u062d\u0648\u0636\u064a \u0646\u0648\u0639 \u0645\u062a\u0648\u0633\u0637"},"content":{"rendered":"<div><span style=\"color: #333333; font-size: 22px;\">\u062d\u0648\u0636 \u0645\u062a\u0648\u0633\u0637 \u0645\u0636\u0627\u062f \u0644\u0644\u0647\u062f\u0631 \u0645\u0639 \u0645\u0634\u0631\u0628 \u0644\u0644\u062e\u0646\u0627\u0632\u064a\u0631 \u0645\u0646 25 \u0625\u0644\u0649 100 \u0643\u062c\u0645<\/span><\/div>\n<div>\n<div>\n<p data-start=\"163\" data-end=\"336\">\u062a\u0645 \u062a\u0635\u0646\u064a\u0639 \u0627\u0644\u062d\u0648\u0636 \u0627\u0644\u0645\u0636\u0627\u062f \u0644\u0644\u0647\u062f\u0631 \u0644\u0644\u062e\u0646\u0627\u0632\u064a\u0631 \u0628\u0627\u0644\u0643\u0627\u0645\u0644 \u0645\u0646 <strong data-start=\"225\" data-end=\"250\">\u0627\u0644\u0641\u0648\u0644\u0627\u0630 \u0627\u0644\u0645\u0642\u0627\u0648\u0645 \u0644\u0644\u0635\u062f\u0623 AISI 304<\/strong> \u0628\u0633\u0645\u0627\u0643\u0629 <strong data-start=\"264\" data-end=\"276\">10\/10 \u0645\u0645<\/strong>\u060c \u0645\u0645\u0627 \u064a\u0636\u0645\u0646 \u0627\u0644\u0646\u0638\u0627\u0641\u0629 \u0648\u0627\u0644\u0645\u0642\u0627\u0648\u0645\u0629 \u0648\u0627\u0644\u0645\u062a\u0627\u0646\u0629 \u0627\u0644\u0637\u0648\u064a\u0644\u0629.<\/p>\n<p data-start=\"338\" data-end=\"535\">\u0645\u0632\u0648\u062f \u0628\u0640 <strong data-start=\"348\" data-end=\"374\">\u0645\u0634\u0631\u0628 \u0645\u062f\u0645\u062c<\/strong>\u060c \u0648\u0645\u0635\u0645\u0645 \u0644\u062a\u0642\u0644\u064a\u0644 \u0647\u062f\u0631 \u0627\u0644\u0645\u064a\u0627\u0647 \u0625\u0644\u0649 \u0627\u0644\u062d\u062f \u0627\u0644\u0623\u062f\u0646\u0649 \u0648\u0636\u0645\u0627\u0646 \u0633\u0647\u0648\u0644\u0629 \u0648\u0635\u0648\u0644 \u0627\u0644\u062d\u064a\u0648\u0627\u0646\u0627\u062a \u0625\u0644\u064a\u0647\u060c \u0645\u0645\u0627 \u064a\u062d\u0633\u0646 \u0631\u0641\u0627\u0647\u064a\u0629 \u0627\u0644\u062d\u064a\u0648\u0627\u0646 \u0648\u0643\u0641\u0627\u0621\u0629 \u0627\u0644\u062a\u0631\u0628\u064a\u0629.<\/p>\n<p data-start=\"537\" data-end=\"572\">\u2705 <strong data-start=\"539\" data-end=\"570\">\u0627\u0644\u0645\u064a\u0632\u0627\u062a \u0627\u0644\u0631\u0626\u064a\u0633\u064a\u0629:<\/strong><\/p>\n<ul data-start=\"573\" data-end=\"746\">\n<li data-start=\"573\" data-end=\"616\">\n<p data-start=\"575\" data-end=\"616\">\u0645\u0646\u0627\u0633\u0628 \u0644\u0640 <strong data-start=\"586\" data-end=\"614\">\u0627\u0644\u062e\u0646\u0627\u0632\u064a\u0631 \u0645\u0646 25 \u0643\u062c\u0645 \u0625\u0644\u0649 100 \u0643\u062c\u0645<\/strong><\/p>\n<\/li>\n<li data-start=\"617\" data-end=\"673\">\n<p data-start=\"619\" data-end=\"673\">\u0645\u0635\u0646\u0648\u0639 \u0645\u0646 <strong data-start=\"633\" data-end=\"671\">\u0627\u0644\u0641\u0648\u0644\u0627\u0630 \u0627\u0644\u0645\u0642\u0627\u0648\u0645 \u0644\u0644\u0635\u062f\u0623 AISI 304 \u0633\u0645\u0643 10\/10 \u0645\u0645<\/strong><\/p>\n<\/li>\n<li data-start=\"674\" data-end=\"704\">\n<p data-start=\"676\" data-end=\"704\"><strong data-start=\"676\" data-end=\"702\">\u0645\u0634\u0631\u0628 \u0645\u062f\u0645\u062c \u0643\u0648\u062f <a href=\"https:\/\/fdasrl.it\/prodotto\/art-fda-000006-abbeveratoio-1-2-per-vaschetta-inox\/\">FDA-000006 (\u0627\u0646\u062a\u0642\u0644 \u0625\u0644\u0649 \u0627\u0644\u0645\u0646\u062a\u062c)<\/a><\/strong><\/p>\n<\/li>\n<li data-start=\"705\" data-end=\"746\">\n<p data-start=\"707\" data-end=\"746\"><strong data-start=\"707\" data-end=\"722\">\u0627\u0644\u0623\u0628\u0639\u0627\u062f:<\/strong> \u0627\u0644\u0639\u0631\u0636 19 \u00d7 \u0627\u0644\u0627\u0631\u062a\u0641\u0627\u0639 27 \u00d7 \u0627\u0644\u0639\u0645\u0642 11 \u0633\u0645<\/p>\n<\/li>\n<li><strong data-start=\"1420\" data-end=\"1438\">\u0648\u0635\u0644\u0629 \u0627\u0644\u0645\u064a\u0627\u0647:<\/strong> 1\/2 \u0628\u0648\u0635\u0629<\/li>\n<\/ul>\n<p data-start=\"748\" data-end=\"825\">\u0645\u0642\u0627\u0648\u0645\u060c \u0635\u062d\u064a \u0648\u0633\u0647\u0644 \u0627\u0644\u062a\u0631\u0643\u064a\u0628.<\/p>\n<p data-start=\"827\" data-end=\"988\"><br data-start=\"879\" data-end=\"882\"><strong data-start=\"882\" data-end=\"898\">\ud83d\udc49 \u0627\u0644\u0645\u0648\u0632\u0639\u0648\u0646:<\/strong> \u0644\u0634\u0631\u0648\u0637 \u0625\u0639\u0627\u062f\u0629 \u0627\u0644\u0628\u064a\u0639 \u064a\u0631\u062c\u0649 \u062a\u0642\u062f\u064a\u0645 \u0637\u0644\u0628 \u0639\u0628\u0631 \u0627\u0644\u0628\u0631\u064a\u062f \u0627\u0644\u0625\u0644\u0643\u062a\u0631\u0648\u0646\u064a: <a href=\"mailto:info@fdasrl.it\">\u0627\u0646\u0642\u0631 \u0647\u0646\u0627.<\/a><\/p>\n<\/div>\n<div>\ud83d\udc49 \u0627\u0634\u062a\u0631\u0650\u0647 \u0645\u0646 <a href=\"https:\/\/fda-shop.it\/shop\/articoli-per-allevamento\/abbeveratoi\/abbeveratoio-suini-medio-anti-spreco#\/25-accessori_e_confezioni-singola_unita\" target=\"_blank\" rel=\"noopener\">\u0645\u062a\u062c\u0631\u0646\u0627 \u0627\u0644\u0625\u0644\u0643\u062a\u0631\u0648\u0646\u064a<\/a><\/div>\n<\/div>\n","protected":false},"excerpt":{"rendered":"<p>\u062d\u0648\u0636 \u0645\u0636\u0627\u062f \u0644\u0644\u0647\u062f\u0631 \u0645\u0646 <strong data-start=\"1043\" data-end=\"1081\">\u0627\u0644\u0641\u0648\u0644\u0627\u0630 \u0627\u0644\u0645\u0642\u0627\u0648\u0645 \u0644\u0644\u0635\u062f\u0623 AISI 304 \u0633\u0645\u0627\u0643\u0629 10\/10 \u0645\u0645<\/strong> \u0645\u0639 <strong data-start=\"1086\" data-end=\"1112\">\u0645\u0634\u0631\u0628 \u0645\u062f\u0645\u062c<\/strong>\u060c \u0645\u0646\u0627\u0633\u0628 \u0644\u0640 <strong data-start=\"1125\" data-end=\"1150\">\u0627\u0644\u062e\u0646\u0627\u0632\u064a\u0631 \u0645\u0646 25 \u0625\u0644\u0649 100 \u0643\u062c\u0645<\/strong>. \u0627\u0644\u0623\u0628\u0639\u0627\u062f: <strong data-start=\"1164\" data-end=\"1183\">19 \u00d7 27 \u00d7 11 \u0633\u0645<\/strong>. <\/p>\n","protected":false},"featured_media":286,"comment_status":"open","ping_status":"closed","template":"","meta":{"_et_pb_use_builder":"","_et_pb_old_content":"","_et_gb_content_width":""},"product_brand":[],"product_cat":[638,833,834],"product_tag":[1148],"class_list":{"0":"post-4857","1":"product","2":"type-product","3":"status-publish","4":"has-post-thumbnail","6":"product_cat-638","7":"product_cat-833","8":"product_cat-834","9":"product_tag-fda-t00120","11":"first","12":"instock","13":"shipping-taxable","14":"product-type-simple"},"yoast_head":"<!-- This site is optimized with the Yoast SEO Premium plugin v27.5 (Yoast SEO v27.5) - https:\/\/yoast.com\/product\/yoast-seo-premium-wordpress\/ -->\n<title>\u062d\u0648\u0636 \u0645\u062a\u0648\u0633\u0637 \u0645\u0636\u0627\u062f \u0644\u0644\u0647\u062f\u0631 \u0645\u0639 \u0645\u0634\u0631\u0628 \u0644\u0644\u062e\u0646\u0627\u0632\u064a\u0631 - FDA srl<\/title>\n<meta name=\"description\" content=\"\u0627\u0633\u062a\u062b\u0645\u0631 \u0641\u064a \u0627\u0644\u062d\u0648\u0636 \u0627\u0644\u0645\u062a\u0648\u0633\u0637 \u0627\u0644\u0645\u0636\u0627\u062f \u0644\u0644\u0647\u062f\u0631 \u0645\u0639 \u0645\u0634\u0631\u0628 \u0644\u0644\u062e\u0646\u0627\u0632\u064a\u0631\u060c \u0627\u0644\u0645\u0635\u0645\u0645 \u0644\u062a\u0642\u0644\u064a\u0644 \u0647\u062f\u0631 \u0627\u0644\u0645\u064a\u0627\u0647. \u0627\u0631\u062a\u0642\u0650 \u0628\u0643\u0641\u0627\u0621\u0629 \u0645\u0632\u0631\u0639\u062a\u0643!\" \/>\n<meta name=\"robots\" content=\"index, follow, max-snippet:-1, max-image-preview:large, max-video-preview:-1\" \/>\n<link rel=\"canonical\" href=\"https:\/\/fdasrl.it\/ar\/prodotto\/art-fda-t00120-%d9%85%d8%b4%d8%b1%d8%a8-%d8%ad%d9%88%d8%b6%d9%8a-%d9%86%d9%88%d8%b9-%d9%85%d8%aa%d9%88%d8%b3%d8%b7\/\" \/>\n<meta property=\"og:locale\" content=\"ar_AR\" \/>\n<meta property=\"og:type\" content=\"article\" \/>\n<meta property=\"og:title\" content=\"Art. FDA-T00120 - \u0645\u0634\u0631\u0628 \u062d\u0648\u0636\u064a \u0646\u0648\u0639 \u0645\u062a\u0648\u0633\u0637\" \/>\n<meta property=\"og:description\" content=\"\u0627\u0633\u062a\u062b\u0645\u0631 \u0641\u064a \u0627\u0644\u062d\u0648\u0636 \u0627\u0644\u0645\u062a\u0648\u0633\u0637 \u0627\u0644\u0645\u0636\u0627\u062f \u0644\u0644\u0647\u062f\u0631 \u0645\u0639 \u0645\u0634\u0631\u0628 \u0644\u0644\u062e\u0646\u0627\u0632\u064a\u0631\u060c \u0627\u0644\u0645\u0635\u0645\u0645 \u0644\u062a\u0642\u0644\u064a\u0644 \u0647\u062f\u0631 \u0627\u0644\u0645\u064a\u0627\u0647. \u0627\u0631\u062a\u0642\u0650 \u0628\u0643\u0641\u0627\u0621\u0629 \u0645\u0632\u0631\u0639\u062a\u0643!\" \/>\n<meta property=\"og:url\" content=\"https:\/\/fdasrl.it\/ar\/prodotto\/art-fda-t00120-%d9%85%d8%b4%d8%b1%d8%a8-%d8%ad%d9%88%d8%b6%d9%8a-%d9%86%d9%88%d8%b9-%d9%85%d8%aa%d9%88%d8%b3%d8%b7\/\" \/>\n<meta property=\"og:site_name\" content=\"FDA srl\" \/>\n<meta property=\"article:publisher\" content=\"https:\/\/www.facebook.com\/share\/1MWhFWg1Tp\/?mibextid=LQQJ4d\" \/>\n<meta property=\"og:image\" content=\"https:\/\/fdasrl.it\/wp-content\/uploads\/2025\/01\/FDA-T00120.jpg\" \/>\n\t<meta property=\"og:image:width\" content=\"622\" \/>\n\t<meta property=\"og:image:height\" content=\"800\" \/>\n\t<meta property=\"og:image:type\" content=\"image\/jpeg\" \/>\n<meta name=\"twitter:card\" content=\"summary_large_image\" \/>\n<meta name=\"twitter:label1\" content=\"\u0627\u0644\u0633\u0639\u0631\" \/>\n\t<meta name=\"twitter:data1\" content=\"\" \/>\n\t<meta name=\"twitter:label2\" content=\"\u0627\u0644\u062a\u0648\u0641\u0631\" \/>\n\t<meta name=\"twitter:data2\" content=\"\u0645\u062a\u0648\u0641\u0631 \u0641\u064a \u0627\u0644\u0645\u062e\u0632\u0648\u0646\" \/>\n<meta property=\"product:price:currency\" content=\"EUR\" \/>\n<meta property=\"og:availability\" content=\"instock\" \/>\n<meta property=\"product:availability\" content=\"instock\" \/>\n<meta property=\"product:retailer_item_id\" content=\"FDA-T00120\" \/>\n<meta property=\"product:condition\" content=\"new\" \/>\n<!-- \/ Yoast SEO Premium plugin. -->","yoast_head_json":{"title":"\u062d\u0648\u0636 \u0645\u062a\u0648\u0633\u0637 \u0645\u0636\u0627\u062f \u0644\u0644\u0647\u062f\u0631 \u0645\u0639 \u0645\u0634\u0631\u0628 \u0644\u0644\u062e\u0646\u0627\u0632\u064a\u0631 - FDA srl","description":"\u0627\u0633\u062a\u062b\u0645\u0631 \u0641\u064a \u0627\u0644\u062d\u0648\u0636 \u0627\u0644\u0645\u062a\u0648\u0633\u0637 \u0627\u0644\u0645\u0636\u0627\u062f \u0644\u0644\u0647\u062f\u0631 \u0645\u0639 \u0645\u0634\u0631\u0628 \u0644\u0644\u062e\u0646\u0627\u0632\u064a\u0631\u060c \u0627\u0644\u0645\u0635\u0645\u0645 \u0644\u062a\u0642\u0644\u064a\u0644 \u0647\u062f\u0631 \u0627\u0644\u0645\u064a\u0627\u0647. \u0627\u0631\u062a\u0642\u0650 \u0628\u0643\u0641\u0627\u0621\u0629 \u0645\u0632\u0631\u0639\u062a\u0643!","robots":{"index":"index","follow":"follow","max-snippet":"max-snippet:-1","max-image-preview":"max-image-preview:large","max-video-preview":"max-video-preview:-1"},"canonical":"https:\/\/fdasrl.it\/ar\/prodotto\/art-fda-t00120-%d9%85%d8%b4%d8%b1%d8%a8-%d8%ad%d9%88%d8%b6%d9%8a-%d9%86%d9%88%d8%b9-%d9%85%d8%aa%d9%88%d8%b3%d8%b7\/","og_locale":"ar_AR","og_type":"article","og_title":"Art. FDA-T00120 - \u0645\u0634\u0631\u0628 \u062d\u0648\u0636\u064a \u0646\u0648\u0639 \u0645\u062a\u0648\u0633\u0637","og_description":"\u0627\u0633\u062a\u062b\u0645\u0631 \u0641\u064a \u0627\u0644\u062d\u0648\u0636 \u0627\u0644\u0645\u062a\u0648\u0633\u0637 \u0627\u0644\u0645\u0636\u0627\u062f \u0644\u0644\u0647\u062f\u0631 \u0645\u0639 \u0645\u0634\u0631\u0628 \u0644\u0644\u062e\u0646\u0627\u0632\u064a\u0631\u060c \u0627\u0644\u0645\u0635\u0645\u0645 \u0644\u062a\u0642\u0644\u064a\u0644 \u0647\u062f\u0631 \u0627\u0644\u0645\u064a\u0627\u0647. \u0627\u0631\u062a\u0642\u0650 \u0628\u0643\u0641\u0627\u0621\u0629 \u0645\u0632\u0631\u0639\u062a\u0643!","og_url":"https:\/\/fdasrl.it\/ar\/prodotto\/art-fda-t00120-%d9%85%d8%b4%d8%b1%d8%a8-%d8%ad%d9%88%d8%b6%d9%8a-%d9%86%d9%88%d8%b9-%d9%85%d8%aa%d9%88%d8%b3%d8%b7\/","og_site_name":"FDA srl","article_publisher":"https:\/\/www.facebook.com\/share\/1MWhFWg1Tp\/?mibextid=LQQJ4d","og_image":[{"width":622,"height":800,"url":"https:\/\/fdasrl.it\/wp-content\/uploads\/2025\/01\/FDA-T00120.jpg","type":"image\/jpeg"}],"twitter_card":"summary_large_image","twitter_misc":{"\u0627\u0644\u0633\u0639\u0631":"","\u0627\u0644\u062a\u0648\u0641\u0631":"\u0645\u062a\u0648\u0641\u0631 \u0641\u064a \u0627\u0644\u0645\u062e\u0632\u0648\u0646"},"schema":{"@context":"https:\/\/schema.org","@graph":[{"@type":"WebPage","@id":"https:\/\/fdasrl.it\/ar\/prodotto\/art-fda-t00120-%d9%85%d8%b4%d8%b1%d8%a8-%d8%ad%d9%88%d8%b6%d9%8a-%d9%86%d9%88%d8%b9-%d9%85%d8%aa%d9%88%d8%b3%d8%b7\/","url":"https:\/\/fdasrl.it\/ar\/prodotto\/art-fda-t00120-%d9%85%d8%b4%d8%b1%d8%a8-%d8%ad%d9%88%d8%b6%d9%8a-%d9%86%d9%88%d8%b9-%d9%85%d8%aa%d9%88%d8%b3%d8%b7\/","name":"\u062d\u0648\u0636 \u0645\u062a\u0648\u0633\u0637 \u0645\u0636\u0627\u062f \u0644\u0644\u0647\u062f\u0631 \u0645\u0639 \u0645\u0634\u0631\u0628 \u0644\u0644\u062e\u0646\u0627\u0632\u064a\u0631 - FDA srl","isPartOf":{"@id":"https:\/\/fdasrl.it\/ar\/#website"},"primaryImageOfPage":{"@id":"https:\/\/fdasrl.it\/ar\/prodotto\/art-fda-t00120-%d9%85%d8%b4%d8%b1%d8%a8-%d8%ad%d9%88%d8%b6%d9%8a-%d9%86%d9%88%d8%b9-%d9%85%d8%aa%d9%88%d8%b3%d8%b7\/#primaryimage"},"image":{"@id":"https:\/\/fdasrl.it\/ar\/prodotto\/art-fda-t00120-%d9%85%d8%b4%d8%b1%d8%a8-%d8%ad%d9%88%d8%b6%d9%8a-%d9%86%d9%88%d8%b9-%d9%85%d8%aa%d9%88%d8%b3%d8%b7\/#primaryimage"},"thumbnailUrl":"https:\/\/fdasrl.it\/wp-content\/uploads\/2025\/01\/FDA-T00120.jpg","datePublished":"2025-01-18T18:32:09+00:00","description":"\u0627\u0633\u062a\u062b\u0645\u0631 \u0641\u064a \u0627\u0644\u062d\u0648\u0636 \u0627\u0644\u0645\u062a\u0648\u0633\u0637 \u0627\u0644\u0645\u0636\u0627\u062f \u0644\u0644\u0647\u062f\u0631 \u0645\u0639 \u0645\u0634\u0631\u0628 \u0644\u0644\u062e\u0646\u0627\u0632\u064a\u0631\u060c \u0627\u0644\u0645\u0635\u0645\u0645 \u0644\u062a\u0642\u0644\u064a\u0644 \u0647\u062f\u0631 \u0627\u0644\u0645\u064a\u0627\u0647. \u0627\u0631\u062a\u0642\u0650 \u0628\u0643\u0641\u0627\u0621\u0629 \u0645\u0632\u0631\u0639\u062a\u0643!","breadcrumb":{"@id":"https:\/\/fdasrl.it\/ar\/prodotto\/art-fda-t00120-%d9%85%d8%b4%d8%b1%d8%a8-%d8%ad%d9%88%d8%b6%d9%8a-%d9%86%d9%88%d8%b9-%d9%85%d8%aa%d9%88%d8%b3%d8%b7\/#breadcrumb"},"inLanguage":"ar","potentialAction":[{"@type":"ReadAction","target":["https:\/\/fdasrl.it\/ar\/prodotto\/art-fda-t00120-%d9%85%d8%b4%d8%b1%d8%a8-%d8%ad%d9%88%d8%b6%d9%8a-%d9%86%d9%88%d8%b9-%d9%85%d8%aa%d9%88%d8%b3%d8%b7\/"]}]},{"@type":"ImageObject","inLanguage":"ar","@id":"https:\/\/fdasrl.it\/ar\/prodotto\/art-fda-t00120-%d9%85%d8%b4%d8%b1%d8%a8-%d8%ad%d9%88%d8%b6%d9%8a-%d9%86%d9%88%d8%b9-%d9%85%d8%aa%d9%88%d8%b3%d8%b7\/#primaryimage","url":"https:\/\/fdasrl.it\/wp-content\/uploads\/2025\/01\/FDA-T00120.jpg","contentUrl":"https:\/\/fdasrl.it\/wp-content\/uploads\/2025\/01\/FDA-T00120.jpg","width":622,"height":800},{"@type":"BreadcrumbList","@id":"https:\/\/fdasrl.it\/ar\/prodotto\/art-fda-t00120-%d9%85%d8%b4%d8%b1%d8%a8-%d8%ad%d9%88%d8%b6%d9%8a-%d9%86%d9%88%d8%b9-%d9%85%d8%aa%d9%88%d8%b3%d8%b7\/#breadcrumb","itemListElement":[{"@type":"ListItem","position":1,"name":"Home","item":"https:\/\/fdasrl.it\/ar\/%d8%a7%d9%84%d8%b1%d8%a6%d9%8a%d8%b3%d9%8a%d8%a9\/"},{"@type":"ListItem","position":2,"name":"\u0627\u0644\u0645\u062a\u062c\u0631","item":"https:\/\/fdasrl.it\/ar\/%d8%a7%d9%84%d9%85%d8%aa%d8%ac%d8%b1\/"},{"@type":"ListItem","position":3,"name":"Art. FDA-T00120 &#8211; \u0645\u0634\u0631\u0628 \u062d\u0648\u0636\u064a \u0646\u0648\u0639 \u0645\u062a\u0648\u0633\u0637"}]},{"@type":"WebSite","@id":"https:\/\/fdasrl.it\/ar\/#website","url":"https:\/\/fdasrl.it\/ar\/","name":"FDA srl","description":"Equipment for animal husbandry","publisher":{"@id":"https:\/\/fdasrl.it\/ar\/#organization"},"potentialAction":[{"@type":"SearchAction","target":{"@type":"EntryPoint","urlTemplate":"https:\/\/fdasrl.it\/ar\/?s={search_term_string}"},"query-input":{"@type":"PropertyValueSpecification","valueRequired":true,"valueName":"search_term_string"}}],"inLanguage":"ar"},{"@type":"Organization","@id":"https:\/\/fdasrl.it\/ar\/#organization","name":"FDA srl","url":"https:\/\/fdasrl.it\/ar\/","logo":{"@type":"ImageObject","inLanguage":"ar","@id":"https:\/\/fdasrl.it\/ar\/#\/schema\/logo\/image\/","url":"https:\/\/fdasrl.it\/wp-content\/uploads\/2024\/12\/Logo-FDA.png","contentUrl":"https:\/\/fdasrl.it\/wp-content\/uploads\/2024\/12\/Logo-FDA.png","width":316,"height":119,"caption":"FDA srl"},"image":{"@id":"https:\/\/fdasrl.it\/ar\/#\/schema\/logo\/image\/"},"sameAs":["https:\/\/www.facebook.com\/share\/1MWhFWg1Tp\/?mibextid=LQQJ4d","https:\/\/www.instagram.com\/fda_srl\/profilecard\/?igsh=YW5lbzJ6MWg0d21u","https:\/\/www.youtube.com\/@FDASRL_ANIMALCARE"],"description":"FDA SRL \u2013 Equipment for animal husbandry nasce con l\u2019obiettivo di offrire soluzioni affidabili e innovative per l\u2019allevamento moderno. Con anni di esperienza nel settore zootecnico, progettiamo e realizziamo attrezzature destinate al benessere animale e alla gestione efficiente delle stalle: vasche, abbeveratoi, mangiatoie e sistemi di riscaldamento pensati per durare nel tempo e semplificare il lavoro quotidiano degli allevatori. Dalla progettazione alla produzione, ogni nostro prodotto \u00e8 studiato nei minimi dettagli, testato con cura e costruito per rispondere alle esigenze reali del settore. La nostra forza \u00e8 unire artigianalit\u00e0, tecnologia e competenza tecnica per trasformare ogni progetto in una soluzione concreta e funzionale. Oggi FDA SRL \u00e8 un punto di riferimento per privati e rivenditori che cercano qualit\u00e0, affidabilit\u00e0 e innovazione nelle attrezzature per l\u2019allevamento.","email":"info@fdasrl.it","telephone":"+390522826820","legalName":"F.D.A. SRL","foundingDate":"2024-10-13","vatID":"03075840359","taxID":"03075840359","numberOfEmployees":{"@type":"QuantitativeValue","minValue":"1","maxValue":"10"}}]},"product_price_currency":"EUR","og_availability":"instock","product_availability":"instock","product_retailer_item_id":"FDA-T00120","product_condition":"new"},"_links":{"self":[{"href":"https:\/\/fdasrl.it\/ar\/wp-json\/wp\/v2\/product\/4857","targetHints":{"allow":["GET"]}}],"collection":[{"href":"https:\/\/fdasrl.it\/ar\/wp-json\/wp\/v2\/product"}],"about":[{"href":"https:\/\/fdasrl.it\/ar\/wp-json\/wp\/v2\/types\/product"}],"replies":[{"embeddable":true,"href":"https:\/\/fdasrl.it\/ar\/wp-json\/wp\/v2\/comments?post=4857"}],"wp:featuredmedia":[{"embeddable":true,"href":"https:\/\/fdasrl.it\/ar\/wp-json\/wp\/v2\/media\/286"}],"wp:attachment":[{"href":"https:\/\/fdasrl.it\/ar\/wp-json\/wp\/v2\/media?parent=4857"}],"wp:term":[{"taxonomy":"product_brand","embeddable":true,"href":"https:\/\/fdasrl.it\/ar\/wp-json\/wp\/v2\/product_brand?post=4857"},{"taxonomy":"product_cat","embeddable":true,"href":"https:\/\/fdasrl.it\/ar\/wp-json\/wp\/v2\/product_cat?post=4857"},{"taxonomy":"product_tag","embeddable":true,"href":"https:\/\/fdasrl.it\/ar\/wp-json\/wp\/v2\/product_tag?post=4857"}],"curies":[{"name":"wp","href":"https:\/\/api.w.org\/{rel}","templated":true}]}}