{"id":4859,"date":"2025-01-20T12:00:49","date_gmt":"2025-01-20T11:00:49","guid":{"rendered":"https:\/\/fdasrl.it\/prodotto\/%d9%85%d8%b5%d8%a8%d8%a7%d8%ad-%d9%81%d9%8a%d9%84%d9%8a%d8%a8%d8%b3-%d8%a8%d8%a7%d9%84%d8%a3%d8%b4%d8%b9%d8%a9-%d8%aa%d8%ad%d8%aa-%d8%a7%d9%84%d8%ad%d9%85%d8%b1%d8%a7%d8%a1-%d9%85%d9%82%d9%88%d9%89-10\/"},"modified":"2025-01-20T12:00:49","modified_gmt":"2025-01-20T11:00:49","slug":"%d9%85%d8%b5%d8%a8%d8%a7%d8%ad-%d9%81%d9%8a%d9%84%d9%8a%d8%a8%d8%b3-%d8%a8%d8%a7%d9%84%d8%a3%d8%b4%d8%b9%d8%a9-%d8%aa%d8%ad%d8%aa-%d8%a7%d9%84%d8%ad%d9%85%d8%b1%d8%a7%d8%a1-%d9%85%d9%82%d9%88%d9%89-10","status":"publish","type":"product","link":"https:\/\/fdasrl.it\/ar\/prodotto\/%d9%85%d8%b5%d8%a8%d8%a7%d8%ad-%d9%81%d9%8a%d9%84%d9%8a%d8%a8%d8%b3-%d8%a8%d8%a7%d9%84%d8%a3%d8%b4%d8%b9%d8%a9-%d8%aa%d8%ad%d8%aa-%d8%a7%d9%84%d8%ad%d9%85%d8%b1%d8%a7%d8%a1-%d9%85%d9%82%d9%88%d9%89-10\/","title":{"rendered":"\u0645\u0635\u0628\u0627\u062d \u0641\u064a\u0644\u064a\u0628\u0633 \u0628\u0627\u0644\u0623\u0634\u0639\u0629 \u062a\u062d\u062a \u0627\u0644\u062d\u0645\u0631\u0627\u0621 \u0645\u0642\u0648\u0649 100 \u0648\u0627\u0637 175 \u0648\u0627\u0637"},"content":{"rendered":"<h1 data-start=\"325\" data-end=\"603\">\u0645\u0635\u0628\u0627\u062d \u062a\u062f\u0641\u0626\u0629 \u0645\u0642\u0648\u0649 \u0628\u0627\u0644\u0623\u0634\u0639\u0629 \u062a\u062d\u062a \u0627\u0644\u062d\u0645\u0631\u0627\u0621 \u0645\u0646 \u0641\u064a\u0644\u064a\u0628\u0633 \u0644\u0644\u062d\u064a\u0648\u0627\u0646\u0627\u062a<\/h1>\n<p data-start=\"325\" data-end=\"603\">\u0635\u064f\u0645\u0645 <strong data-start=\"328\" data-end=\"383\">\u0645\u0635\u0628\u0627\u062d \u0641\u064a\u0644\u064a\u0628\u0633 \u0628\u0627\u0644\u0623\u0634\u0639\u0629 \u062a\u062d\u062a \u0627\u0644\u062d\u0645\u0631\u0627\u0621 PAR38 \u0627\u0644\u0623\u062d\u0645\u0631 \u0627\u0644\u0645\u0642\u0648\u0649<\/strong> \u0644\u063a\u0631\u0636 <strong data-start=\"404\" data-end=\"443\">\u0627\u0644\u062a\u062f\u0641\u0626\u0629 \u0627\u0644\u0645\u0628\u0627\u0634\u0631\u0629 \u0644\u0644\u062d\u064a\u0648\u0627\u0646\u0627\u062a<\/strong> \u0648\u0644\u0644\u062a\u0637\u0628\u064a\u0642\u0627\u062a \u0627\u0644\u0628\u064a\u0637\u0631\u064a\u0629.<br data-start=\"475\" data-end=\"478\">\u064a\u0636\u0645\u0646 \u0627\u0644\u0645\u0635\u0628\u0627\u062d \u0627\u0644\u0645\u0635\u0646\u0648\u0639 \u0645\u0646 <strong data-start=\"492\" data-end=\"518\">\u0627\u0644\u0632\u062c\u0627\u062c \u0627\u0644\u0645\u0636\u063a\u0648\u0637 \u0627\u0644\u0633\u0645\u064a\u0643<\/strong> <strong data-start=\"529\" data-end=\"565\">\u062a\u0648\u0641\u064a\u0631\u064b\u0627 \u0641\u064a \u0627\u0644\u0637\u0627\u0642\u0629 \u064a\u0635\u0644 \u0625\u0644\u0649 30%<\/strong> \u0648\u0639\u0645\u0631\u064b\u0627 \u0627\u0641\u062a\u0631\u0627\u0636\u064a\u064b\u0627 \u0645\u062a\u0648\u0633\u0637\u064b\u0627 \u064a\u0628\u0644\u063a <strong data-start=\"588\" data-end=\"600\">5000 \u0633\u0627\u0639\u0629<\/strong>.<\/p>\n<p data-start=\"605\" data-end=\"635\">\u0645\u062a\u0648\u0641\u0631 \u0641\u064a \u0625\u0635\u062f\u0627\u0631\u064a\u0646:<\/p>\n<ul data-start=\"636\" data-end=\"811\">\n<li data-start=\"636\" data-end=\"723\">\n<p data-start=\"638\" data-end=\"723\"><strong data-start=\"638\" data-end=\"666\">100 \u0648\u0627\u0637 (\u0643\u0648\u062f 000061)<\/strong> \u2013 \u0633\u0645\u064a\u0643<\/p>\n<\/li>\n<li data-start=\"724\" data-end=\"811\">\n<p data-start=\"726\" data-end=\"811\"><strong data-start=\"726\" data-end=\"754\">175 \u0648\u0627\u0637 (\u0643\u0648\u062f 000064)<\/strong> \u2013 \u0633\u0645\u064a\u0643<\/p>\n<\/li>\n<\/ul>\n<hr data-start=\"813\" data-end=\"816\">\n<h2 data-start=\"818\" data-end=\"845\">\u0627\u0644\u0645\u0648\u0627\u0635\u0641\u0627\u062a \u0627\u0644\u0641\u0646\u064a\u0629<\/h2>\n<ul data-start=\"846\" data-end=\"1105\">\n<li data-start=\"846\" data-end=\"886\">\n<p data-start=\"848\" data-end=\"886\">\u0627\u0644\u0642\u062f\u0631\u0627\u062a \u0627\u0644\u0645\u062a\u0627\u062d\u0629: <strong data-start=\"869\" data-end=\"884\">100 \u0648\u0627\u0637 \u0648175 \u0648\u0627\u0637<\/strong><\/p>\n<\/li>\n<li data-start=\"887\" data-end=\"939\">\n<p data-start=\"889\" data-end=\"939\">\u0645\u0648\u062f\u064a\u0644 \u0645\u0642\u0648\u0649 \u0645\u0646 <strong data-start=\"911\" data-end=\"937\">\u0627\u0644\u0632\u062c\u0627\u062c \u0627\u0644\u0645\u0636\u063a\u0648\u0637 \u0627\u0644\u0633\u0645\u064a\u0643<\/strong><\/p>\n<\/li>\n<li data-start=\"940\" data-end=\"960\">\n<p data-start=\"942\" data-end=\"960\">\u0627\u0644\u0642\u0627\u0639\u062f\u0629: <strong data-start=\"951\" data-end=\"958\">E27<\/strong><\/p>\n<\/li>\n<li data-start=\"961\" data-end=\"983\">\n<p data-start=\"963\" data-end=\"983\">\u0627\u0644\u062c\u0647\u062f \u0627\u0644\u0643\u0647\u0631\u0628\u0627\u0626\u064a: 230\u2013250 \u0641\u0648\u0644\u062a<\/p>\n<\/li>\n<li data-start=\"984\" data-end=\"1001\">\n<p data-start=\"986\" data-end=\"1001\">\u0627\u0644\u0644\u0648\u0646: \u0623\u062d\u0645\u0631<\/p>\n<\/li>\n<li data-start=\"1002\" data-end=\"1037\">\n<p data-start=\"1004\" data-end=\"1037\">\u0645\u0642\u0627\u0648\u0645 \u0644\u0631\u0630\u0627\u0630 \u0627\u0644\u0645\u0627\u0621<\/p>\n<\/li>\n<li data-start=\"1038\" data-end=\"1074\">\n<p data-start=\"1040\" data-end=\"1074\">\u062a\u0648\u0641\u064a\u0631 \u0641\u064a \u0627\u0644\u0637\u0627\u0642\u0629 \u064a\u0635\u0644 \u0625\u0644\u0649 30%<\/p>\n<\/li>\n<li data-start=\"1075\" data-end=\"1105\">\n<p data-start=\"1077\" data-end=\"1105\"><strong data-start=\"1077\" data-end=\"1103\">\u0645\u062a\u0648\u0633\u0637 \u0627\u0644\u0639\u0645\u0631 \u0627\u0644\u0627\u0641\u062a\u0631\u0627\u0636\u064a: 5000 \u0633\u0627\u0639\u0629<\/strong><\/p>\n<\/li>\n<\/ul>\n<hr data-start=\"1107\" data-end=\"1110\">\n<h2 data-start=\"1112\" data-end=\"1134\">\u0627\u0644\u0645\u0632\u0627\u064a\u0627 \u0627\u0644\u0631\u0626\u064a\u0633\u064a\u0629<\/h2>\n<ul data-start=\"1135\" data-end=\"1437\">\n<li data-start=\"1135\" data-end=\"1184\">\n<p data-start=\"1137\" data-end=\"1184\"><strong data-start=\"1137\" data-end=\"1152\">\u0627\u0642\u062a\u0635\u0627\u062f\u064a<\/strong>: \u0639\u0645\u0631 \u0637\u0648\u064a\u0644 \u0648\u0627\u0633\u062a\u0647\u0644\u0627\u0643 \u0645\u0646\u062e\u0641\u0636<\/p>\n<\/li>\n<li data-start=\"1185\" data-end=\"1262\">\n<p data-start=\"1187\" data-end=\"1262\"><strong data-start=\"1187\" data-end=\"1216\">\u062d\u0631\u0627\u0631\u0629 \u0645\u0648\u062c\u0647\u0629 \u0648\u0641\u0648\u0631\u064a\u0629<\/strong>: \u062a\u0623\u062b\u064a\u0631 \u0645\u0628\u0627\u0634\u0631 \u0639\u0644\u0649 \u0627\u0644\u062c\u0644\u062f \u0648\u0627\u0644\u0623\u0646\u0633\u062c\u0629 \u0648\u0627\u0644\u0639\u0636\u0644\u0627\u062a<\/p>\n<\/li>\n<li data-start=\"1263\" data-end=\"1345\">\n<p data-start=\"1265\" data-end=\"1345\"><strong data-start=\"1265\" data-end=\"1280\">\u062a\u0639\u062f\u062f \u0627\u0644\u0627\u0633\u062a\u062e\u062f\u0627\u0645\u0627\u062a<\/strong>: \u0645\u062a\u0648\u0627\u0641\u0642 \u0645\u0639 \u062c\u0645\u064a\u0639 \u062d\u0648\u0627\u0645\u0644 \u0627\u0644\u0645\u0635\u0627\u0628\u064a\u062d \u0627\u0644\u0645\u062a\u0648\u0641\u0631\u0629 \u0639\u0644\u0649 \u0645\u0648\u0642\u0639\u0646\u0627<\/p>\n<\/li>\n<li data-start=\"1346\" data-end=\"1437\">\n<p data-start=\"1348\" data-end=\"1437\"><strong data-start=\"1348\" data-end=\"1364\">\u0645\u0648\u062b\u0648\u0642\u064a\u0629 \u0639\u0627\u0644\u064a\u0629<\/strong>: \u0645\u0648\u062f\u064a\u0644 \u0645\u0642\u0648\u0649 \u0645\u0646 \u0627\u0644\u0632\u062c\u0627\u062c \u0627\u0644\u0633\u0645\u064a\u0643\u060c \u0645\u062b\u0627\u0644\u064a \u0644\u0644\u0645\u0632\u0627\u0631\u0639 \u0627\u0644\u0643\u0628\u064a\u0631\u0629<\/p>\n<\/li>\n<\/ul>\n<hr data-start=\"1439\" data-end=\"1442\">\n<h2 data-start=\"1444\" data-end=\"1467\">\u0627\u0644\u0627\u0633\u062a\u062e\u062f\u0627\u0645\u0627\u062a \u0627\u0644\u0645\u0648\u0635\u0649 \u0628\u0647\u0627<\/h2>\n<ul data-start=\"1468\" data-end=\"1607\">\n<li data-start=\"1468\" data-end=\"1506\">\n<p data-start=\"1470\" data-end=\"1506\"><strong data-start=\"1470\" data-end=\"1501\">\u062a\u0631\u0628\u064a\u0629 \u0627\u0644\u062f\u0648\u0627\u062c\u0646 \u0648\u0627\u0644\u0643\u062a\u0627\u0643\u064a\u062a<\/strong> \ud83d\udc25<\/p>\n<\/li>\n<li data-start=\"1507\" data-end=\"1535\">\n<p data-start=\"1509\" data-end=\"1535\"><strong data-start=\"1509\" data-end=\"1530\">\u062a\u0631\u0628\u064a\u0629 \u0627\u0644\u062e\u0646\u0627\u0632\u064a\u0631<\/strong> \ud83d\udc16<\/p>\n<\/li>\n<li data-start=\"1536\" data-end=\"1566\">\n<p data-start=\"1538\" data-end=\"1566\"><strong data-start=\"1538\" data-end=\"1561\">\u0627\u0644\u0639\u0644\u0627\u062c\u0627\u062a \u0627\u0644\u0628\u064a\u0637\u0631\u064a\u0629<\/strong> \ud83d\udc3e<\/p>\n<\/li>\n<li data-start=\"1567\" data-end=\"1607\">\n<p data-start=\"1569\" data-end=\"1607\"><strong data-start=\"1569\" data-end=\"1602\">\u062a\u062c\u0641\u064a\u0641 \u0627\u0644\u0623\u0639\u0644\u0627\u0641 \u0648\u0627\u0644\u0623\u063a\u0630\u064a\u0629<\/strong> \ud83c\udf3e<\/p>\n<\/li>\n<\/ul>\n<hr data-start=\"1609\" data-end=\"1612\">\n<p data-start=\"1614\" data-end=\"1719\">\ud83d\udce9 <strong data-start=\"1617\" data-end=\"1717\">\u0644\u0644\u0639\u0631\u0648\u0636 \u0627\u0644\u0645\u062e\u0635\u0635\u0629 \u0648\u0627\u0644\u062a\u0633\u0639\u064a\u0631\u0627\u062a \u0627\u0644\u0634\u062e\u0635\u064a\u0629\u060c \u0627\u0643\u062a\u0628 \u0625\u0644\u0649: <a class=\"decorated-link cursor-pointer\" href=\"mailto:info@fdasrl.it\" rel=\"noopener\" data-start=\"1676\" data-end=\"1715\">info@fdasrl.it<\/a><\/strong><\/p>\n<p><strong>000061<\/strong> &#8211; \u0645\u0635\u0628\u0627\u062d \u0628\u0627\u0644\u0623\u0634\u0639\u0629 \u062a\u062d\u062a \u0627\u0644\u062d\u0645\u0631\u0627\u0621 IR 100 R &#8211; \u0633\u0645\u064a\u0643<\/p>\n<p>\u0627\u0634\u062a\u0631\u0647\u0627 \u0645\u0646 <a href=\"https:\/\/fda-shop.it\/shop\/articoli-per-allevamento\/lampada-philips-100-w-a-raggi-infrarossi#\/25-accessori_e_confezioni-singola_unita\" target=\"_blank\" rel=\"noopener\">\u0645\u062a\u062c\u0631\u0646\u0627 \u0627\u0644\u0625\u0644\u0643\u062a\u0631\u0648\u0646\u064a<\/a><\/p>\n<p><strong>000064<\/strong> &#8211; \u0645\u0635\u0628\u0627\u062d \u0628\u0627\u0644\u0623\u0634\u0639\u0629 \u062a\u062d\u062a \u0627\u0644\u062d\u0645\u0631\u0627\u0621 IR 175 R &#8211; \u0633\u0645\u064a\u0643<\/p>\n<p>\u0627\u0634\u062a\u0631\u0647\u0627 \u0645\u0646 <a href=\"https:\/\/fda-shop.it\/shop\/articoli-per-allevamento\/soluzioni-per-il-riscaldamento\/lampada-philips-175-w-a-raggi-infrarossi-per-animali#\/25-accessori_e_confezioni-singola_unita\" target=\"_blank\" rel=\"noopener\">\u0645\u062a\u062c\u0631\u0646\u0627 \u0627\u0644\u0625\u0644\u0643\u062a\u0631\u0648\u0646\u064a<\/a><\/p>\n<p>&nbsp;<\/p>\n<p>&nbsp;<\/p>\n","protected":false},"excerpt":{"rendered":"<p>\u0645\u0635\u0628\u0627\u062d \u062a\u062f\u0641\u0626\u0629 \u0641\u064a\u0644\u064a\u0628\u0633 \u0628\u0627\u0644\u0623\u0634\u0639\u0629 \u062a\u062d\u062a \u0627\u0644\u062d\u0645\u0631\u0627\u0621 \u0623\u062d\u0645\u0631 \u0645\u0642\u0648\u0649 \u0645\u0646 \u0627\u0644\u0632\u062c\u0627\u062c \u0627\u0644\u0633\u0645\u064a\u0643\u060c \u0645\u062a\u0648\u0641\u0631 \u0628\u0642\u062f\u0631\u0629 100 \u0648\u0627\u0637 \u0648175 \u0648\u0627\u0637. \u0645\u062b\u0627\u0644\u064a \u0644\u062a\u062f\u0641\u0626\u0629 \u0627\u0644\u062d\u064a\u0648\u0627\u0646\u0627\u062a \u0648\u0627\u0644\u0645\u0632\u0627\u0631\u0639 \u0648\u0627\u0644\u0627\u0633\u062a\u062e\u062f\u0627\u0645 \u0627\u0644\u0628\u064a\u0637\u0631\u064a. \u0644\u0644\u0639\u0631\u0648\u0636\u060c \u0631\u0627\u0633\u0644\u0646\u0627 \u0639\u0644\u0649 <a class=\"decorated-link cursor-pointer\" rel=\"noopener\" data-start=\"285\" data-end=\"299\">info@fdasrl.it<\/a>.  <\/p>\n","protected":false},"featured_media":902,"comment_status":"open","ping_status":"closed","template":"","meta":{"_et_pb_use_builder":"","_et_pb_old_content":"","_et_gb_content_width":""},"product_brand":[],"product_cat":[638,640,641,639],"product_tag":[1149,1150],"class_list":{"0":"post-4859","1":"product","2":"type-product","3":"status-publish","4":"has-post-thumbnail","6":"product_cat-638","7":"product_cat-640","8":"product_cat-641","9":"product_cat-639","10":"product_tag-1149","11":"product_tag-1150","13":"first","14":"instock","15":"shipping-taxable","16":"product-type-simple"},"yoast_head":"<!-- This site is optimized with the Yoast SEO Premium plugin v27.5 (Yoast SEO v27.5) - https:\/\/yoast.com\/product\/yoast-seo-premium-wordpress\/ -->\n<title>\u0645\u0635\u0628\u0627\u062d \u062a\u062f\u0641\u0626\u0629 \u0645\u0642\u0648\u0649 \u0628\u0627\u0644\u0623\u0634\u0639\u0629 \u062a\u062d\u062a \u0627\u0644\u062d\u0645\u0631\u0627\u0621 \u0645\u0646 \u0641\u064a\u0644\u064a\u0628\u0633 \u0644\u0644\u062d\u064a\u0648\u0627\u0646\u0627\u062a<\/title>\n<meta name=\"description\" content=\"\u0627\u0643\u062a\u0634\u0641 \u0645\u0635\u0628\u0627\u062d \u062a\u062f\u0641\u0626\u0629 \u0641\u064a\u0644\u064a\u0628\u0633 \u0628\u0627\u0644\u0623\u0634\u0639\u0629 \u062a\u062d\u062a \u0627\u0644\u062d\u0645\u0631\u0627\u0621 \u0644\u0644\u062d\u064a\u0648\u0627\u0646\u0627\u062a\u060c \u0627\u0644\u0645\u062b\u0627\u0644\u064a \u0644\u0644\u062a\u062f\u0641\u0626\u0629 \u0627\u0644\u0645\u0628\u0627\u0634\u0631\u0629. \u0648\u0641\u0651\u0631 \u0627\u0644\u0637\u0627\u0642\u0629 \u0648\u0627\u0643\u062a\u0634\u0641 \u0627\u0644\u062c\u0648\u062f\u0629! \ud83c\udf1f\" \/>\n<meta name=\"robots\" content=\"index, follow, max-snippet:-1, max-image-preview:large, max-video-preview:-1\" \/>\n<link rel=\"canonical\" href=\"https:\/\/fdasrl.it\/ar\/prodotto\/%d9%85%d8%b5%d8%a8%d8%a7%d8%ad-%d9%81%d9%8a%d9%84%d9%8a%d8%a8%d8%b3-%d8%a8%d8%a7%d9%84%d8%a3%d8%b4%d8%b9%d8%a9-%d8%aa%d8%ad%d8%aa-%d8%a7%d9%84%d8%ad%d9%85%d8%b1%d8%a7%d8%a1-%d9%85%d9%82%d9%88%d9%89-10\/\" \/>\n<meta property=\"og:locale\" content=\"ar_AR\" \/>\n<meta property=\"og:type\" content=\"article\" \/>\n<meta property=\"og:title\" content=\"\u0645\u0635\u0628\u0627\u062d \u0641\u064a\u0644\u064a\u0628\u0633 \u0628\u0627\u0644\u0623\u0634\u0639\u0629 \u062a\u062d\u062a \u0627\u0644\u062d\u0645\u0631\u0627\u0621 \u0645\u0642\u0648\u0649 100 \u0648\u0627\u0637 175 \u0648\u0627\u0637\" \/>\n<meta property=\"og:description\" content=\"\u0627\u0643\u062a\u0634\u0641 \u0645\u0635\u0628\u0627\u062d \u062a\u062f\u0641\u0626\u0629 \u0641\u064a\u0644\u064a\u0628\u0633 \u0628\u0627\u0644\u0623\u0634\u0639\u0629 \u062a\u062d\u062a \u0627\u0644\u062d\u0645\u0631\u0627\u0621 \u0644\u0644\u062d\u064a\u0648\u0627\u0646\u0627\u062a\u060c \u0627\u0644\u0645\u062b\u0627\u0644\u064a \u0644\u0644\u062a\u062f\u0641\u0626\u0629 \u0627\u0644\u0645\u0628\u0627\u0634\u0631\u0629. \u0648\u0641\u0651\u0631 \u0627\u0644\u0637\u0627\u0642\u0629 \u0648\u0627\u0643\u062a\u0634\u0641 \u0627\u0644\u062c\u0648\u062f\u0629! \ud83c\udf1f\" \/>\n<meta property=\"og:url\" content=\"https:\/\/fdasrl.it\/ar\/prodotto\/%d9%85%d8%b5%d8%a8%d8%a7%d8%ad-%d9%81%d9%8a%d9%84%d9%8a%d8%a8%d8%b3-%d8%a8%d8%a7%d9%84%d8%a3%d8%b4%d8%b9%d8%a9-%d8%aa%d8%ad%d8%aa-%d8%a7%d9%84%d8%ad%d9%85%d8%b1%d8%a7%d8%a1-%d9%85%d9%82%d9%88%d9%89-10\/\" \/>\n<meta property=\"og:site_name\" content=\"FDA srl\" \/>\n<meta property=\"article:publisher\" content=\"https:\/\/www.facebook.com\/share\/1MWhFWg1Tp\/?mibextid=LQQJ4d\" \/>\n<meta property=\"og:image\" content=\"https:\/\/fdasrl.it\/wp-content\/uploads\/2025\/01\/Lampada-riscaldante-100W-175W-per-animali.jpg\" \/>\n\t<meta property=\"og:image:width\" content=\"440\" \/>\n\t<meta property=\"og:image:height\" content=\"440\" \/>\n\t<meta property=\"og:image:type\" content=\"image\/jpeg\" \/>\n<meta name=\"twitter:card\" content=\"summary_large_image\" \/>\n<meta name=\"twitter:label1\" content=\"\u0627\u0644\u0633\u0639\u0631\" \/>\n\t<meta name=\"twitter:data1\" content=\"\" \/>\n\t<meta name=\"twitter:label2\" content=\"\u0627\u0644\u062a\u0648\u0641\u0631\" \/>\n\t<meta name=\"twitter:data2\" content=\"\u0645\u062a\u0648\u0641\u0631 \u0641\u064a \u0627\u0644\u0645\u062e\u0632\u0648\u0646\" \/>\n<meta property=\"product:price:currency\" content=\"EUR\" \/>\n<meta property=\"og:availability\" content=\"instock\" \/>\n<meta property=\"product:availability\" content=\"instock\" \/>\n<meta property=\"product:retailer_item_id\" content=\"FDA-000061\" \/>\n<meta property=\"product:condition\" content=\"new\" \/>\n<!-- \/ Yoast SEO Premium plugin. -->","yoast_head_json":{"title":"\u0645\u0635\u0628\u0627\u062d \u062a\u062f\u0641\u0626\u0629 \u0645\u0642\u0648\u0649 \u0628\u0627\u0644\u0623\u0634\u0639\u0629 \u062a\u062d\u062a \u0627\u0644\u062d\u0645\u0631\u0627\u0621 \u0645\u0646 \u0641\u064a\u0644\u064a\u0628\u0633 \u0644\u0644\u062d\u064a\u0648\u0627\u0646\u0627\u062a","description":"\u0627\u0643\u062a\u0634\u0641 \u0645\u0635\u0628\u0627\u062d \u062a\u062f\u0641\u0626\u0629 \u0641\u064a\u0644\u064a\u0628\u0633 \u0628\u0627\u0644\u0623\u0634\u0639\u0629 \u062a\u062d\u062a \u0627\u0644\u062d\u0645\u0631\u0627\u0621 \u0644\u0644\u062d\u064a\u0648\u0627\u0646\u0627\u062a\u060c \u0627\u0644\u0645\u062b\u0627\u0644\u064a \u0644\u0644\u062a\u062f\u0641\u0626\u0629 \u0627\u0644\u0645\u0628\u0627\u0634\u0631\u0629. \u0648\u0641\u0651\u0631 \u0627\u0644\u0637\u0627\u0642\u0629 \u0648\u0627\u0643\u062a\u0634\u0641 \u0627\u0644\u062c\u0648\u062f\u0629! \ud83c\udf1f","robots":{"index":"index","follow":"follow","max-snippet":"max-snippet:-1","max-image-preview":"max-image-preview:large","max-video-preview":"max-video-preview:-1"},"canonical":"https:\/\/fdasrl.it\/ar\/prodotto\/%d9%85%d8%b5%d8%a8%d8%a7%d8%ad-%d9%81%d9%8a%d9%84%d9%8a%d8%a8%d8%b3-%d8%a8%d8%a7%d9%84%d8%a3%d8%b4%d8%b9%d8%a9-%d8%aa%d8%ad%d8%aa-%d8%a7%d9%84%d8%ad%d9%85%d8%b1%d8%a7%d8%a1-%d9%85%d9%82%d9%88%d9%89-10\/","og_locale":"ar_AR","og_type":"article","og_title":"\u0645\u0635\u0628\u0627\u062d \u0641\u064a\u0644\u064a\u0628\u0633 \u0628\u0627\u0644\u0623\u0634\u0639\u0629 \u062a\u062d\u062a \u0627\u0644\u062d\u0645\u0631\u0627\u0621 \u0645\u0642\u0648\u0649 100 \u0648\u0627\u0637 175 \u0648\u0627\u0637","og_description":"\u0627\u0643\u062a\u0634\u0641 \u0645\u0635\u0628\u0627\u062d \u062a\u062f\u0641\u0626\u0629 \u0641\u064a\u0644\u064a\u0628\u0633 \u0628\u0627\u0644\u0623\u0634\u0639\u0629 \u062a\u062d\u062a \u0627\u0644\u062d\u0645\u0631\u0627\u0621 \u0644\u0644\u062d\u064a\u0648\u0627\u0646\u0627\u062a\u060c \u0627\u0644\u0645\u062b\u0627\u0644\u064a \u0644\u0644\u062a\u062f\u0641\u0626\u0629 \u0627\u0644\u0645\u0628\u0627\u0634\u0631\u0629. \u0648\u0641\u0651\u0631 \u0627\u0644\u0637\u0627\u0642\u0629 \u0648\u0627\u0643\u062a\u0634\u0641 \u0627\u0644\u062c\u0648\u062f\u0629! \ud83c\udf1f","og_url":"https:\/\/fdasrl.it\/ar\/prodotto\/%d9%85%d8%b5%d8%a8%d8%a7%d8%ad-%d9%81%d9%8a%d9%84%d9%8a%d8%a8%d8%b3-%d8%a8%d8%a7%d9%84%d8%a3%d8%b4%d8%b9%d8%a9-%d8%aa%d8%ad%d8%aa-%d8%a7%d9%84%d8%ad%d9%85%d8%b1%d8%a7%d8%a1-%d9%85%d9%82%d9%88%d9%89-10\/","og_site_name":"FDA srl","article_publisher":"https:\/\/www.facebook.com\/share\/1MWhFWg1Tp\/?mibextid=LQQJ4d","og_image":[{"width":440,"height":440,"url":"https:\/\/fdasrl.it\/wp-content\/uploads\/2025\/01\/Lampada-riscaldante-100W-175W-per-animali.jpg","type":"image\/jpeg"}],"twitter_card":"summary_large_image","twitter_misc":{"\u0627\u0644\u0633\u0639\u0631":"","\u0627\u0644\u062a\u0648\u0641\u0631":"\u0645\u062a\u0648\u0641\u0631 \u0641\u064a \u0627\u0644\u0645\u062e\u0632\u0648\u0646"},"schema":{"@context":"https:\/\/schema.org","@graph":[{"@type":"WebPage","@id":"https:\/\/fdasrl.it\/ar\/prodotto\/%d9%85%d8%b5%d8%a8%d8%a7%d8%ad-%d9%81%d9%8a%d9%84%d9%8a%d8%a8%d8%b3-%d8%a8%d8%a7%d9%84%d8%a3%d8%b4%d8%b9%d8%a9-%d8%aa%d8%ad%d8%aa-%d8%a7%d9%84%d8%ad%d9%85%d8%b1%d8%a7%d8%a1-%d9%85%d9%82%d9%88%d9%89-10\/","url":"https:\/\/fdasrl.it\/ar\/prodotto\/%d9%85%d8%b5%d8%a8%d8%a7%d8%ad-%d9%81%d9%8a%d9%84%d9%8a%d8%a8%d8%b3-%d8%a8%d8%a7%d9%84%d8%a3%d8%b4%d8%b9%d8%a9-%d8%aa%d8%ad%d8%aa-%d8%a7%d9%84%d8%ad%d9%85%d8%b1%d8%a7%d8%a1-%d9%85%d9%82%d9%88%d9%89-10\/","name":"\u0645\u0635\u0628\u0627\u062d \u062a\u062f\u0641\u0626\u0629 \u0645\u0642\u0648\u0649 \u0628\u0627\u0644\u0623\u0634\u0639\u0629 \u062a\u062d\u062a \u0627\u0644\u062d\u0645\u0631\u0627\u0621 \u0645\u0646 \u0641\u064a\u0644\u064a\u0628\u0633 \u0644\u0644\u062d\u064a\u0648\u0627\u0646\u0627\u062a","isPartOf":{"@id":"https:\/\/fdasrl.it\/ar\/#website"},"primaryImageOfPage":{"@id":"https:\/\/fdasrl.it\/ar\/prodotto\/%d9%85%d8%b5%d8%a8%d8%a7%d8%ad-%d9%81%d9%8a%d9%84%d9%8a%d8%a8%d8%b3-%d8%a8%d8%a7%d9%84%d8%a3%d8%b4%d8%b9%d8%a9-%d8%aa%d8%ad%d8%aa-%d8%a7%d9%84%d8%ad%d9%85%d8%b1%d8%a7%d8%a1-%d9%85%d9%82%d9%88%d9%89-10\/#primaryimage"},"image":{"@id":"https:\/\/fdasrl.it\/ar\/prodotto\/%d9%85%d8%b5%d8%a8%d8%a7%d8%ad-%d9%81%d9%8a%d9%84%d9%8a%d8%a8%d8%b3-%d8%a8%d8%a7%d9%84%d8%a3%d8%b4%d8%b9%d8%a9-%d8%aa%d8%ad%d8%aa-%d8%a7%d9%84%d8%ad%d9%85%d8%b1%d8%a7%d8%a1-%d9%85%d9%82%d9%88%d9%89-10\/#primaryimage"},"thumbnailUrl":"https:\/\/fdasrl.it\/wp-content\/uploads\/2025\/01\/Lampada-riscaldante-100W-175W-per-animali.jpg","datePublished":"2025-01-20T11:00:49+00:00","description":"\u0627\u0643\u062a\u0634\u0641 \u0645\u0635\u0628\u0627\u062d \u062a\u062f\u0641\u0626\u0629 \u0641\u064a\u0644\u064a\u0628\u0633 \u0628\u0627\u0644\u0623\u0634\u0639\u0629 \u062a\u062d\u062a \u0627\u0644\u062d\u0645\u0631\u0627\u0621 \u0644\u0644\u062d\u064a\u0648\u0627\u0646\u0627\u062a\u060c \u0627\u0644\u0645\u062b\u0627\u0644\u064a \u0644\u0644\u062a\u062f\u0641\u0626\u0629 \u0627\u0644\u0645\u0628\u0627\u0634\u0631\u0629. \u0648\u0641\u0651\u0631 \u0627\u0644\u0637\u0627\u0642\u0629 \u0648\u0627\u0643\u062a\u0634\u0641 \u0627\u0644\u062c\u0648\u062f\u0629! \ud83c\udf1f","breadcrumb":{"@id":"https:\/\/fdasrl.it\/ar\/prodotto\/%d9%85%d8%b5%d8%a8%d8%a7%d8%ad-%d9%81%d9%8a%d9%84%d9%8a%d8%a8%d8%b3-%d8%a8%d8%a7%d9%84%d8%a3%d8%b4%d8%b9%d8%a9-%d8%aa%d8%ad%d8%aa-%d8%a7%d9%84%d8%ad%d9%85%d8%b1%d8%a7%d8%a1-%d9%85%d9%82%d9%88%d9%89-10\/#breadcrumb"},"inLanguage":"ar","potentialAction":[{"@type":"ReadAction","target":["https:\/\/fdasrl.it\/ar\/prodotto\/%d9%85%d8%b5%d8%a8%d8%a7%d8%ad-%d9%81%d9%8a%d9%84%d9%8a%d8%a8%d8%b3-%d8%a8%d8%a7%d9%84%d8%a3%d8%b4%d8%b9%d8%a9-%d8%aa%d8%ad%d8%aa-%d8%a7%d9%84%d8%ad%d9%85%d8%b1%d8%a7%d8%a1-%d9%85%d9%82%d9%88%d9%89-10\/"]}]},{"@type":"ImageObject","inLanguage":"ar","@id":"https:\/\/fdasrl.it\/ar\/prodotto\/%d9%85%d8%b5%d8%a8%d8%a7%d8%ad-%d9%81%d9%8a%d9%84%d9%8a%d8%a8%d8%b3-%d8%a8%d8%a7%d9%84%d8%a3%d8%b4%d8%b9%d8%a9-%d8%aa%d8%ad%d8%aa-%d8%a7%d9%84%d8%ad%d9%85%d8%b1%d8%a7%d8%a1-%d9%85%d9%82%d9%88%d9%89-10\/#primaryimage","url":"https:\/\/fdasrl.it\/wp-content\/uploads\/2025\/01\/Lampada-riscaldante-100W-175W-per-animali.jpg","contentUrl":"https:\/\/fdasrl.it\/wp-content\/uploads\/2025\/01\/Lampada-riscaldante-100W-175W-per-animali.jpg","width":440,"height":440,"caption":"\u0645\u0635\u0628\u0627\u062d \u062a\u062f\u0641\u0626\u0629 \u0641\u064a\u0644\u064a\u0628\u0633 \u0628\u0627\u0644\u0623\u0634\u0639\u0629 \u062a\u062d\u062a \u0627\u0644\u062d\u0645\u0631\u0627\u0621 \u0623\u062d\u0645\u0631 \u0645\u0646 \u0627\u0644\u0632\u062c\u0627\u062c \u0627\u0644\u0633\u0645\u064a\u0643\u060c \u0645\u0648\u062f\u064a\u0644 \u0645\u0642\u0648\u0649."},{"@type":"BreadcrumbList","@id":"https:\/\/fdasrl.it\/ar\/prodotto\/%d9%85%d8%b5%d8%a8%d8%a7%d8%ad-%d9%81%d9%8a%d9%84%d9%8a%d8%a8%d8%b3-%d8%a8%d8%a7%d9%84%d8%a3%d8%b4%d8%b9%d8%a9-%d8%aa%d8%ad%d8%aa-%d8%a7%d9%84%d8%ad%d9%85%d8%b1%d8%a7%d8%a1-%d9%85%d9%82%d9%88%d9%89-10\/#breadcrumb","itemListElement":[{"@type":"ListItem","position":1,"name":"Home","item":"https:\/\/fdasrl.it\/ar\/%d8%a7%d9%84%d8%b1%d8%a6%d9%8a%d8%b3%d9%8a%d8%a9\/"},{"@type":"ListItem","position":2,"name":"\u0627\u0644\u0645\u062a\u062c\u0631","item":"https:\/\/fdasrl.it\/ar\/%d8%a7%d9%84%d9%85%d8%aa%d8%ac%d8%b1\/"},{"@type":"ListItem","position":3,"name":"\u0645\u0635\u0628\u0627\u062d \u0641\u064a\u0644\u064a\u0628\u0633 \u0628\u0627\u0644\u0623\u0634\u0639\u0629 \u062a\u062d\u062a \u0627\u0644\u062d\u0645\u0631\u0627\u0621 \u0645\u0642\u0648\u0649 100 \u0648\u0627\u0637 175 \u0648\u0627\u0637"}]},{"@type":"WebSite","@id":"https:\/\/fdasrl.it\/ar\/#website","url":"https:\/\/fdasrl.it\/ar\/","name":"FDA srl","description":"Equipment for animal husbandry","publisher":{"@id":"https:\/\/fdasrl.it\/ar\/#organization"},"potentialAction":[{"@type":"SearchAction","target":{"@type":"EntryPoint","urlTemplate":"https:\/\/fdasrl.it\/ar\/?s={search_term_string}"},"query-input":{"@type":"PropertyValueSpecification","valueRequired":true,"valueName":"search_term_string"}}],"inLanguage":"ar"},{"@type":"Organization","@id":"https:\/\/fdasrl.it\/ar\/#organization","name":"FDA srl","url":"https:\/\/fdasrl.it\/ar\/","logo":{"@type":"ImageObject","inLanguage":"ar","@id":"https:\/\/fdasrl.it\/ar\/#\/schema\/logo\/image\/","url":"https:\/\/fdasrl.it\/wp-content\/uploads\/2024\/12\/Logo-FDA.png","contentUrl":"https:\/\/fdasrl.it\/wp-content\/uploads\/2024\/12\/Logo-FDA.png","width":316,"height":119,"caption":"FDA srl"},"image":{"@id":"https:\/\/fdasrl.it\/ar\/#\/schema\/logo\/image\/"},"sameAs":["https:\/\/www.facebook.com\/share\/1MWhFWg1Tp\/?mibextid=LQQJ4d","https:\/\/www.instagram.com\/fda_srl\/profilecard\/?igsh=YW5lbzJ6MWg0d21u","https:\/\/www.youtube.com\/@FDASRL_ANIMALCARE"],"description":"FDA SRL \u2013 Equipment for animal husbandry nasce con l\u2019obiettivo di offrire soluzioni affidabili e innovative per l\u2019allevamento moderno. Con anni di esperienza nel settore zootecnico, progettiamo e realizziamo attrezzature destinate al benessere animale e alla gestione efficiente delle stalle: vasche, abbeveratoi, mangiatoie e sistemi di riscaldamento pensati per durare nel tempo e semplificare il lavoro quotidiano degli allevatori. Dalla progettazione alla produzione, ogni nostro prodotto \u00e8 studiato nei minimi dettagli, testato con cura e costruito per rispondere alle esigenze reali del settore. La nostra forza \u00e8 unire artigianalit\u00e0, tecnologia e competenza tecnica per trasformare ogni progetto in una soluzione concreta e funzionale. Oggi FDA SRL \u00e8 un punto di riferimento per privati e rivenditori che cercano qualit\u00e0, affidabilit\u00e0 e innovazione nelle attrezzature per l\u2019allevamento.","email":"info@fdasrl.it","telephone":"+390522826820","legalName":"F.D.A. SRL","foundingDate":"2024-10-13","vatID":"03075840359","taxID":"03075840359","numberOfEmployees":{"@type":"QuantitativeValue","minValue":"1","maxValue":"10"}}]},"product_price_currency":"EUR","og_availability":"instock","product_availability":"instock","product_retailer_item_id":"FDA-000061","product_condition":"new"},"_links":{"self":[{"href":"https:\/\/fdasrl.it\/ar\/wp-json\/wp\/v2\/product\/4859","targetHints":{"allow":["GET"]}}],"collection":[{"href":"https:\/\/fdasrl.it\/ar\/wp-json\/wp\/v2\/product"}],"about":[{"href":"https:\/\/fdasrl.it\/ar\/wp-json\/wp\/v2\/types\/product"}],"replies":[{"embeddable":true,"href":"https:\/\/fdasrl.it\/ar\/wp-json\/wp\/v2\/comments?post=4859"}],"wp:featuredmedia":[{"embeddable":true,"href":"https:\/\/fdasrl.it\/ar\/wp-json\/wp\/v2\/media\/902"}],"wp:attachment":[{"href":"https:\/\/fdasrl.it\/ar\/wp-json\/wp\/v2\/media?parent=4859"}],"wp:term":[{"taxonomy":"product_brand","embeddable":true,"href":"https:\/\/fdasrl.it\/ar\/wp-json\/wp\/v2\/product_brand?post=4859"},{"taxonomy":"product_cat","embeddable":true,"href":"https:\/\/fdasrl.it\/ar\/wp-json\/wp\/v2\/product_cat?post=4859"},{"taxonomy":"product_tag","embeddable":true,"href":"https:\/\/fdasrl.it\/ar\/wp-json\/wp\/v2\/product_tag?post=4859"}],"curies":[{"name":"wp","href":"https:\/\/api.w.org\/{rel}","templated":true}]}}