{"id":5697,"date":"2025-01-15T11:51:58","date_gmt":"2025-01-15T10:51:58","guid":{"rendered":"https:\/\/fdasrl.it\/prodotto\/%d8%b5%d9%86%d9%81-fda-000027c-%d9%85%d8%b4%d8%b1%d8%a8-1-2-%d8%a8%d9%88%d8%b5%d8%a9-%d9%85%d8%b1%d8%b7%d8%a8-%d8%a8%d9%81%d8%aa%d8%ad%d8%a9\/"},"modified":"2025-01-15T11:51:58","modified_gmt":"2025-01-15T10:51:58","slug":"%d8%b5%d9%86%d9%81-fda-000027c-%d9%85%d8%b4%d8%b1%d8%a8-1-2-%d8%a8%d9%88%d8%b5%d8%a9-%d9%85%d8%b1%d8%b7%d8%a8-%d8%a8%d9%81%d8%aa%d8%ad%d8%a9","status":"publish","type":"product","link":"https:\/\/fdasrl.it\/ar\/prodotto\/%d8%b5%d9%86%d9%81-fda-000027c-%d9%85%d8%b4%d8%b1%d8%a8-1-2-%d8%a8%d9%88%d8%b5%d8%a9-%d9%85%d8%b1%d8%b7%d8%a8-%d8%a8%d9%81%d8%aa%d8%ad%d8%a9\/","title":{"rendered":"\u0635\u0646\u0641 FDA-000027C &#8211; \u0645\u0634\u0631\u0628 1\/2 \u0628\u0648\u0635\u0629 \u0645\u0631\u0637\u0628 \u0628\u0641\u062a\u062d\u0629"},"content":{"rendered":"<p>\u0648\u0635\u0644\u0629 \u0633\u0646 1\/2 \u0628\u0648\u0635\u0629 \u0645\u0631\u0637\u0628 \u0628\u0641\u062a\u062d\u0629<br \/>\n\u0645\u062b\u0627\u0644: 22 &#8211; \u0628\u0641\u062a\u062d\u0629 &#8211; \u0645\u0633\u0645\u0627\u0631 \u0642\u0637\u0631 17\u00d710<\/p>\n<p>\u0645\u0631\u0637\u0628 \u0645\u0646 \u0627\u0644\u0646\u062d\u0627\u0633<\/p>\n","protected":false},"excerpt":{"rendered":"<p style=\"font-size: 16px;\">\n\u26a0\ufe0f <strong>\u062a\u0645 \u0627\u0633\u062a\u0628\u062f\u0627\u0644 \u0647\u0630\u0627 \u0627\u0644\u0645\u0646\u062a\u062c \u0628\u0625\u0635\u062f\u0627\u0631 \u062c\u062f\u064a\u062f \u0648\u0645\u062d\u062f\u062b.<\/strong><\/p>\n<p><a style=\"display: inline-block; padding: 8px 14px; background: #d10000; color: #fff; text-decoration: none; font-weight: bold; border-radius: 6px; font-size: 16px;\" href=\"https:\/\/fdasrl.it\/prodotto\/art-fda-000010ic-abbeveratoio-1-2-umidificatore\/\"><br \/>\n\u27a1\ufe0f \u0627\u0646\u062a\u0642\u0644 \u0625\u0644\u0649 \u0627\u0644\u0645\u0634\u0631\u0628 \u0627\u0644\u062c\u062f\u064a\u062f<br \/>\n<\/a><\/p>\n","protected":false},"featured_media":226,"comment_status":"open","ping_status":"closed","template":"","meta":{"_et_pb_use_builder":"","_et_pb_old_content":"","_et_gb_content_width":""},"product_brand":[],"product_cat":[638,833,1204,1203],"product_tag":[1307],"class_list":{"0":"post-5697","1":"product","2":"type-product","3":"status-publish","4":"has-post-thumbnail","6":"product_cat-638","7":"product_cat-833","8":"product_cat-1204","9":"product_cat-1203","10":"product_tag-fda-000027c","12":"first","13":"outofstock","14":"shipping-taxable","15":"product-type-simple"},"yoast_head":"<!-- This site is optimized with the Yoast SEO Premium plugin v27.5 (Yoast SEO v27.5) - https:\/\/yoast.com\/product\/yoast-seo-premium-wordpress\/ -->\n<title>\u0645\u0634\u0631\u0628 1\/2 \u0628\u0648\u0635\u0629 \u0645\u0631\u0637\u0628 \u0628\u0641\u062a\u062d\u0629 \u0645\u0646 \u0627\u0644\u0646\u062d\u0627\u0633 - FDA srl<\/title>\n<meta name=\"description\" content=\"\u064a\u0648\u0641\u0631 \u0627\u0644\u0645\u0634\u0631\u0628 1\/2 \u0628\u0648\u0635\u0629 \u0627\u0644\u0645\u0631\u0637\u0628 \u0628\u0641\u062a\u062d\u0629 \u062e\u062f\u0645\u0629 \u062a\u0631\u0637\u064a\u0628 \u0645\u0645\u062a\u0627\u0632\u0629. \u0627\u0643\u062a\u0634\u0641 \u0627\u0644\u062a\u0635\u0645\u064a\u0645 \u0627\u0644\u062c\u062f\u064a\u062f \u0648\u0623\u0645\u0627\u0643\u0646 \u0627\u0644\u0634\u0631\u0627\u0621!\" \/>\n<meta name=\"robots\" content=\"index, follow, max-snippet:-1, max-image-preview:large, max-video-preview:-1\" \/>\n<link rel=\"canonical\" href=\"https:\/\/fdasrl.it\/ar\/prodotto\/%d8%b5%d9%86%d9%81-fda-000027c-%d9%85%d8%b4%d8%b1%d8%a8-1-2-%d8%a8%d9%88%d8%b5%d8%a9-%d9%85%d8%b1%d8%b7%d8%a8-%d8%a8%d9%81%d8%aa%d8%ad%d8%a9\/\" \/>\n<meta property=\"og:locale\" content=\"ar_AR\" \/>\n<meta property=\"og:type\" content=\"article\" \/>\n<meta property=\"og:title\" content=\"\u0635\u0646\u0641 FDA-000027C - \u0645\u0634\u0631\u0628 1\/2 \u0628\u0648\u0635\u0629 \u0645\u0631\u0637\u0628 \u0628\u0641\u062a\u062d\u0629\" \/>\n<meta property=\"og:description\" content=\"\u064a\u0648\u0641\u0631 \u0627\u0644\u0645\u0634\u0631\u0628 1\/2 \u0628\u0648\u0635\u0629 \u0627\u0644\u0645\u0631\u0637\u0628 \u0628\u0641\u062a\u062d\u0629 \u062e\u062f\u0645\u0629 \u062a\u0631\u0637\u064a\u0628 \u0645\u0645\u062a\u0627\u0632\u0629. \u0627\u0643\u062a\u0634\u0641 \u0627\u0644\u062a\u0635\u0645\u064a\u0645 \u0627\u0644\u062c\u062f\u064a\u062f \u0648\u0623\u0645\u0627\u0643\u0646 \u0627\u0644\u0634\u0631\u0627\u0621!\" \/>\n<meta property=\"og:url\" content=\"https:\/\/fdasrl.it\/ar\/prodotto\/%d8%b5%d9%86%d9%81-fda-000027c-%d9%85%d8%b4%d8%b1%d8%a8-1-2-%d8%a8%d9%88%d8%b5%d8%a9-%d9%85%d8%b1%d8%b7%d8%a8-%d8%a8%d9%81%d8%aa%d8%ad%d8%a9\/\" \/>\n<meta property=\"og:site_name\" content=\"FDA srl\" \/>\n<meta property=\"article:publisher\" content=\"https:\/\/www.facebook.com\/share\/1MWhFWg1Tp\/?mibextid=LQQJ4d\" \/>\n<meta property=\"og:image\" content=\"https:\/\/fdasrl.it\/wp-content\/uploads\/2025\/01\/FDA-000027C_1.jpg\" \/>\n\t<meta property=\"og:image:width\" content=\"300\" \/>\n\t<meta property=\"og:image:height\" content=\"300\" \/>\n\t<meta property=\"og:image:type\" content=\"image\/jpeg\" \/>\n<meta name=\"twitter:card\" content=\"summary_large_image\" \/>\n<meta name=\"twitter:label1\" content=\"\u0627\u0644\u0633\u0639\u0631\" \/>\n\t<meta name=\"twitter:data1\" content=\"\" \/>\n\t<meta name=\"twitter:label2\" content=\"\u0627\u0644\u062a\u0648\u0641\u0631\" \/>\n\t<meta name=\"twitter:data2\" content=\"\u0646\u0641\u0630 \u0627\u0644\u0645\u062e\u0632\u0648\u0646\" \/>\n<meta property=\"product:price:currency\" content=\"EUR\" \/>\n<meta property=\"og:availability\" content=\"out of stock\" \/>\n<meta property=\"product:availability\" content=\"out of stock\" \/>\n<meta property=\"product:retailer_item_id\" content=\"FDA-000027C\" \/>\n<meta property=\"product:condition\" content=\"new\" \/>\n<!-- \/ Yoast SEO Premium plugin. -->","yoast_head_json":{"title":"\u0645\u0634\u0631\u0628 1\/2 \u0628\u0648\u0635\u0629 \u0645\u0631\u0637\u0628 \u0628\u0641\u062a\u062d\u0629 \u0645\u0646 \u0627\u0644\u0646\u062d\u0627\u0633 - FDA srl","description":"\u064a\u0648\u0641\u0631 \u0627\u0644\u0645\u0634\u0631\u0628 1\/2 \u0628\u0648\u0635\u0629 \u0627\u0644\u0645\u0631\u0637\u0628 \u0628\u0641\u062a\u062d\u0629 \u062e\u062f\u0645\u0629 \u062a\u0631\u0637\u064a\u0628 \u0645\u0645\u062a\u0627\u0632\u0629. \u0627\u0643\u062a\u0634\u0641 \u0627\u0644\u062a\u0635\u0645\u064a\u0645 \u0627\u0644\u062c\u062f\u064a\u062f \u0648\u0623\u0645\u0627\u0643\u0646 \u0627\u0644\u0634\u0631\u0627\u0621!","robots":{"index":"index","follow":"follow","max-snippet":"max-snippet:-1","max-image-preview":"max-image-preview:large","max-video-preview":"max-video-preview:-1"},"canonical":"https:\/\/fdasrl.it\/ar\/prodotto\/%d8%b5%d9%86%d9%81-fda-000027c-%d9%85%d8%b4%d8%b1%d8%a8-1-2-%d8%a8%d9%88%d8%b5%d8%a9-%d9%85%d8%b1%d8%b7%d8%a8-%d8%a8%d9%81%d8%aa%d8%ad%d8%a9\/","og_locale":"ar_AR","og_type":"article","og_title":"\u0635\u0646\u0641 FDA-000027C - \u0645\u0634\u0631\u0628 1\/2 \u0628\u0648\u0635\u0629 \u0645\u0631\u0637\u0628 \u0628\u0641\u062a\u062d\u0629","og_description":"\u064a\u0648\u0641\u0631 \u0627\u0644\u0645\u0634\u0631\u0628 1\/2 \u0628\u0648\u0635\u0629 \u0627\u0644\u0645\u0631\u0637\u0628 \u0628\u0641\u062a\u062d\u0629 \u062e\u062f\u0645\u0629 \u062a\u0631\u0637\u064a\u0628 \u0645\u0645\u062a\u0627\u0632\u0629. \u0627\u0643\u062a\u0634\u0641 \u0627\u0644\u062a\u0635\u0645\u064a\u0645 \u0627\u0644\u062c\u062f\u064a\u062f \u0648\u0623\u0645\u0627\u0643\u0646 \u0627\u0644\u0634\u0631\u0627\u0621!","og_url":"https:\/\/fdasrl.it\/ar\/prodotto\/%d8%b5%d9%86%d9%81-fda-000027c-%d9%85%d8%b4%d8%b1%d8%a8-1-2-%d8%a8%d9%88%d8%b5%d8%a9-%d9%85%d8%b1%d8%b7%d8%a8-%d8%a8%d9%81%d8%aa%d8%ad%d8%a9\/","og_site_name":"FDA srl","article_publisher":"https:\/\/www.facebook.com\/share\/1MWhFWg1Tp\/?mibextid=LQQJ4d","og_image":[{"width":300,"height":300,"url":"https:\/\/fdasrl.it\/wp-content\/uploads\/2025\/01\/FDA-000027C_1.jpg","type":"image\/jpeg"}],"twitter_card":"summary_large_image","twitter_misc":{"\u0627\u0644\u0633\u0639\u0631":"","\u0627\u0644\u062a\u0648\u0641\u0631":"\u0646\u0641\u0630 \u0627\u0644\u0645\u062e\u0632\u0648\u0646"},"schema":{"@context":"https:\/\/schema.org","@graph":[{"@type":"WebPage","@id":"https:\/\/fdasrl.it\/ar\/prodotto\/%d8%b5%d9%86%d9%81-fda-000027c-%d9%85%d8%b4%d8%b1%d8%a8-1-2-%d8%a8%d9%88%d8%b5%d8%a9-%d9%85%d8%b1%d8%b7%d8%a8-%d8%a8%d9%81%d8%aa%d8%ad%d8%a9\/","url":"https:\/\/fdasrl.it\/ar\/prodotto\/%d8%b5%d9%86%d9%81-fda-000027c-%d9%85%d8%b4%d8%b1%d8%a8-1-2-%d8%a8%d9%88%d8%b5%d8%a9-%d9%85%d8%b1%d8%b7%d8%a8-%d8%a8%d9%81%d8%aa%d8%ad%d8%a9\/","name":"\u0645\u0634\u0631\u0628 1\/2 \u0628\u0648\u0635\u0629 \u0645\u0631\u0637\u0628 \u0628\u0641\u062a\u062d\u0629 \u0645\u0646 \u0627\u0644\u0646\u062d\u0627\u0633 - FDA srl","isPartOf":{"@id":"https:\/\/fdasrl.it\/ar\/#website"},"primaryImageOfPage":{"@id":"https:\/\/fdasrl.it\/ar\/prodotto\/%d8%b5%d9%86%d9%81-fda-000027c-%d9%85%d8%b4%d8%b1%d8%a8-1-2-%d8%a8%d9%88%d8%b5%d8%a9-%d9%85%d8%b1%d8%b7%d8%a8-%d8%a8%d9%81%d8%aa%d8%ad%d8%a9\/#primaryimage"},"image":{"@id":"https:\/\/fdasrl.it\/ar\/prodotto\/%d8%b5%d9%86%d9%81-fda-000027c-%d9%85%d8%b4%d8%b1%d8%a8-1-2-%d8%a8%d9%88%d8%b5%d8%a9-%d9%85%d8%b1%d8%b7%d8%a8-%d8%a8%d9%81%d8%aa%d8%ad%d8%a9\/#primaryimage"},"thumbnailUrl":"https:\/\/fdasrl.it\/wp-content\/uploads\/2025\/01\/FDA-000027C_1.jpg","datePublished":"2025-01-15T10:51:58+00:00","description":"\u064a\u0648\u0641\u0631 \u0627\u0644\u0645\u0634\u0631\u0628 1\/2 \u0628\u0648\u0635\u0629 \u0627\u0644\u0645\u0631\u0637\u0628 \u0628\u0641\u062a\u062d\u0629 \u062e\u062f\u0645\u0629 \u062a\u0631\u0637\u064a\u0628 \u0645\u0645\u062a\u0627\u0632\u0629. \u0627\u0643\u062a\u0634\u0641 \u0627\u0644\u062a\u0635\u0645\u064a\u0645 \u0627\u0644\u062c\u062f\u064a\u062f \u0648\u0623\u0645\u0627\u0643\u0646 \u0627\u0644\u0634\u0631\u0627\u0621!","breadcrumb":{"@id":"https:\/\/fdasrl.it\/ar\/prodotto\/%d8%b5%d9%86%d9%81-fda-000027c-%d9%85%d8%b4%d8%b1%d8%a8-1-2-%d8%a8%d9%88%d8%b5%d8%a9-%d9%85%d8%b1%d8%b7%d8%a8-%d8%a8%d9%81%d8%aa%d8%ad%d8%a9\/#breadcrumb"},"inLanguage":"ar","potentialAction":[{"@type":"ReadAction","target":["https:\/\/fdasrl.it\/ar\/prodotto\/%d8%b5%d9%86%d9%81-fda-000027c-%d9%85%d8%b4%d8%b1%d8%a8-1-2-%d8%a8%d9%88%d8%b5%d8%a9-%d9%85%d8%b1%d8%b7%d8%a8-%d8%a8%d9%81%d8%aa%d8%ad%d8%a9\/"]}]},{"@type":"ImageObject","inLanguage":"ar","@id":"https:\/\/fdasrl.it\/ar\/prodotto\/%d8%b5%d9%86%d9%81-fda-000027c-%d9%85%d8%b4%d8%b1%d8%a8-1-2-%d8%a8%d9%88%d8%b5%d8%a9-%d9%85%d8%b1%d8%b7%d8%a8-%d8%a8%d9%81%d8%aa%d8%ad%d8%a9\/#primaryimage","url":"https:\/\/fdasrl.it\/wp-content\/uploads\/2025\/01\/FDA-000027C_1.jpg","contentUrl":"https:\/\/fdasrl.it\/wp-content\/uploads\/2025\/01\/FDA-000027C_1.jpg","width":300,"height":300},{"@type":"BreadcrumbList","@id":"https:\/\/fdasrl.it\/ar\/prodotto\/%d8%b5%d9%86%d9%81-fda-000027c-%d9%85%d8%b4%d8%b1%d8%a8-1-2-%d8%a8%d9%88%d8%b5%d8%a9-%d9%85%d8%b1%d8%b7%d8%a8-%d8%a8%d9%81%d8%aa%d8%ad%d8%a9\/#breadcrumb","itemListElement":[{"@type":"ListItem","position":1,"name":"Home","item":"https:\/\/fdasrl.it\/ar\/%d8%a7%d9%84%d8%b1%d8%a6%d9%8a%d8%b3%d9%8a%d8%a9\/"},{"@type":"ListItem","position":2,"name":"\u0627\u0644\u0645\u062a\u062c\u0631","item":"https:\/\/fdasrl.it\/ar\/%d8%a7%d9%84%d9%85%d8%aa%d8%ac%d8%b1\/"},{"@type":"ListItem","position":3,"name":"\u0635\u0646\u0641 FDA-000027C &#8211; \u0645\u0634\u0631\u0628 1\/2 \u0628\u0648\u0635\u0629 \u0645\u0631\u0637\u0628 \u0628\u0641\u062a\u062d\u0629"}]},{"@type":"WebSite","@id":"https:\/\/fdasrl.it\/ar\/#website","url":"https:\/\/fdasrl.it\/ar\/","name":"FDA srl","description":"Equipment for animal husbandry","publisher":{"@id":"https:\/\/fdasrl.it\/ar\/#organization"},"potentialAction":[{"@type":"SearchAction","target":{"@type":"EntryPoint","urlTemplate":"https:\/\/fdasrl.it\/ar\/?s={search_term_string}"},"query-input":{"@type":"PropertyValueSpecification","valueRequired":true,"valueName":"search_term_string"}}],"inLanguage":"ar"},{"@type":"Organization","@id":"https:\/\/fdasrl.it\/ar\/#organization","name":"FDA srl","url":"https:\/\/fdasrl.it\/ar\/","logo":{"@type":"ImageObject","inLanguage":"ar","@id":"https:\/\/fdasrl.it\/ar\/#\/schema\/logo\/image\/","url":"https:\/\/fdasrl.it\/wp-content\/uploads\/2024\/12\/Logo-FDA.png","contentUrl":"https:\/\/fdasrl.it\/wp-content\/uploads\/2024\/12\/Logo-FDA.png","width":316,"height":119,"caption":"FDA srl"},"image":{"@id":"https:\/\/fdasrl.it\/ar\/#\/schema\/logo\/image\/"},"sameAs":["https:\/\/www.facebook.com\/share\/1MWhFWg1Tp\/?mibextid=LQQJ4d","https:\/\/www.instagram.com\/fda_srl\/profilecard\/?igsh=YW5lbzJ6MWg0d21u","https:\/\/www.youtube.com\/@FDASRL_ANIMALCARE"],"description":"FDA SRL \u2013 Equipment for animal husbandry nasce con l\u2019obiettivo di offrire soluzioni affidabili e innovative per l\u2019allevamento moderno. Con anni di esperienza nel settore zootecnico, progettiamo e realizziamo attrezzature destinate al benessere animale e alla gestione efficiente delle stalle: vasche, abbeveratoi, mangiatoie e sistemi di riscaldamento pensati per durare nel tempo e semplificare il lavoro quotidiano degli allevatori. Dalla progettazione alla produzione, ogni nostro prodotto \u00e8 studiato nei minimi dettagli, testato con cura e costruito per rispondere alle esigenze reali del settore. La nostra forza \u00e8 unire artigianalit\u00e0, tecnologia e competenza tecnica per trasformare ogni progetto in una soluzione concreta e funzionale. Oggi FDA SRL \u00e8 un punto di riferimento per privati e rivenditori che cercano qualit\u00e0, affidabilit\u00e0 e innovazione nelle attrezzature per l\u2019allevamento.","email":"info@fdasrl.it","telephone":"+390522826820","legalName":"F.D.A. SRL","foundingDate":"2024-10-13","vatID":"03075840359","taxID":"03075840359","numberOfEmployees":{"@type":"QuantitativeValue","minValue":"1","maxValue":"10"}}]},"product_price_currency":"EUR","og_availability":"out of stock","product_availability":"out of stock","product_retailer_item_id":"FDA-000027C","product_condition":"new"},"_links":{"self":[{"href":"https:\/\/fdasrl.it\/ar\/wp-json\/wp\/v2\/product\/5697","targetHints":{"allow":["GET"]}}],"collection":[{"href":"https:\/\/fdasrl.it\/ar\/wp-json\/wp\/v2\/product"}],"about":[{"href":"https:\/\/fdasrl.it\/ar\/wp-json\/wp\/v2\/types\/product"}],"replies":[{"embeddable":true,"href":"https:\/\/fdasrl.it\/ar\/wp-json\/wp\/v2\/comments?post=5697"}],"wp:featuredmedia":[{"embeddable":true,"href":"https:\/\/fdasrl.it\/ar\/wp-json\/wp\/v2\/media\/226"}],"wp:attachment":[{"href":"https:\/\/fdasrl.it\/ar\/wp-json\/wp\/v2\/media?parent=5697"}],"wp:term":[{"taxonomy":"product_brand","embeddable":true,"href":"https:\/\/fdasrl.it\/ar\/wp-json\/wp\/v2\/product_brand?post=5697"},{"taxonomy":"product_cat","embeddable":true,"href":"https:\/\/fdasrl.it\/ar\/wp-json\/wp\/v2\/product_cat?post=5697"},{"taxonomy":"product_tag","embeddable":true,"href":"https:\/\/fdasrl.it\/ar\/wp-json\/wp\/v2\/product_tag?post=5697"}],"curies":[{"name":"wp","href":"https:\/\/api.w.org\/{rel}","templated":true}]}}