{"id":1594,"date":"2024-12-10T16:40:04","date_gmt":"2024-12-10T15:40:04","guid":{"rendered":"https:\/\/fdasrl.it\/datenschutzerklaerung\/"},"modified":"2026-05-06T10:54:48","modified_gmt":"2026-05-06T08:54:48","slug":"datenschutzerklaerung","status":"publish","type":"page","link":"https:\/\/fdasrl.it\/de\/datenschutzerklaerung\/","title":{"rendered":"Datenschutzerkl\u00e4rung"},"content":{"rendered":"\n<h2 class=\"wp-block-heading\"><strong>Informationsdokument gem\u00e4\u00df und f\u00fcr die Zwecke von Artikel 13 des Gesetzesdekrets<\/strong><strong> <\/strong><strong>30. Juni 2003 Nr. 196, \u201eKodex zum Schutz personenbezogener Daten\u201c<\/strong><\/h2>\n\n<p><strong>Gem\u00e4\u00df Art. 13 des Gesetzesdekrets vom 30. Juni 2003 Nr. 196 informieren wir Sie dar\u00fcber, dass FDA Shop garantiert, dass die Verarbeitung Ihrer personenbezogenen Daten unter Wahrung der Grundrechte und Grundfreiheiten sowie der W\u00fcrde der betroffenen Person erfolgt, mit besonderem Bezug auf die Vertraulichkeit, die pers\u00f6nliche Identit\u00e4t und das Recht auf Schutz personenbezogener Daten.<\/strong><\/p>\n\n<h3 class=\"wp-block-heading\"><strong>Zwecke der Verarbeitung personenbezogener Daten<\/strong><\/h3>\n\n<p>Alle bereitgestellten Daten werden ausschlie\u00dflich f\u00fcr Aufgaben verarbeitet, die mit der Verwaltung der wirtschaftlichen T\u00e4tigkeit des Unternehmens zusammenh\u00e4ngen oder daf\u00fcr dienlich sind, insbesondere:<\/p>\n\n<ul class=\"wp-block-list\">\n<li>Aufnahme in die Stammdaten der IT-Datenbanken des Unternehmens;<\/li>\n\n\n\n<li>Ausstellung von Transportdokumenten, Rechnungen, Gutschriften;<\/li>\n\n\n\n<li>ordnungsgem\u00e4\u00dfe F\u00fchrung der Buchhaltung und der MwSt.-Register; <\/li>\n\n\n\n<li>Verwaltung von Einz\u00fcgen und Zahlungen;<\/li>\n\n\n\n<li>zur Erf\u00fcllung der Verpflichtungen aus zivil- und steuerrechtlichen Vorschriften, Verordnungen und Gemeinschaftsrecht.<\/li>\n<\/ul>\n\n<p><strong>Umfang der \u00dcbermittlung und Verbreitung von Daten<\/strong><\/p>\n\n<p>Ihre personenbezogenen Daten werden nicht verbreitet. Sie werden innerhalb der FDA srl von unseren Mitarbeitern und Angestellten gespeichert und verarbeitet. Um die Erf\u00fcllung administrativer und steuerlicher Verpflichtungen zu erm\u00f6glichen, k\u00f6nnen sie \u00fcbermittelt werden an:   <\/p>\n\n<ul class=\"wp-block-list\">\n<li>Post\u00e4mter, Speditionen;<\/li>\n\n\n\n<li>professionelle Beratungsb\u00fcros f\u00fcr Verwaltung, Steuern oder Recht;<\/li>\n\n\n\n<li>Bankinstitute f\u00fcr Einz\u00fcge und Zahlungen;<\/li>\n\n\n\n<li>\u00f6ffentliche Stellen, Handelskammern usw.<\/li>\n<\/ul>\n\n<p><strong>Art der Verarbeitung<\/strong><\/p>\n\n<p>Die Verarbeitung personenbezogener Daten erfolgt durch FDA srl mittels IT-Systemen oder auf Papier durch speziell beauftragtes Personal, um maximale Sicherheit und Vertraulichkeit gem\u00e4\u00df den Bestimmungen des Gesetzesdekrets Nr. 196\/2003 zu gew\u00e4hrleisten. <\/p>\n\n<p><strong>Art der Datenbereitstellung<\/strong><\/p>\n\n<p><strong>Die Bereitstellung Ihrer personenbezogenen Daten ist als freiwillig zu betrachten. Das Fehlen dieser Daten f\u00fchrt jedoch dazu, dass FDA srl die angeforderten Dienstleistungen nicht erbringen kann, da die f\u00fcr die Erf\u00fcllung der buchhalterischen und steuerlichen Verpflichtungen erforderlichen Daten nicht zur Verf\u00fcgung stehen.<\/strong><\/p>\n\n<p><strong>Recht auf Zugang zu personenbezogenen Daten und andere Rechte (Art. 7 \u2013 Gesetzesdekret Nr. 196\/2003)<\/strong><\/p>\n\n<p>1. Die betroffene Person hat das Recht, eine Best\u00e4tigung \u00fcber das Bestehen oder Nichtbestehen von sie betreffenden personenbezogenen Daten zu erhalten, auch wenn diese noch nicht registriert sind, sowie deren Mitteilung in verst\u00e4ndlicher Form.<\/p>\n\n<p>2. Die betroffene Person hat das Recht auf Auskunft \u00fcber:<\/p>\n\n<ul class=\"wp-block-list\">\n<li>a) die Herkunft der personenbezogenen Daten;<\/li>\n\n\n\n<li>b) die Zwecke und Methoden der Verarbeitung;<\/li>\n\n\n\n<li>c) die angewandte Logik im Falle einer Verarbeitung mit Hilfe elektronischer Instrumente;<\/li>\n\n\n\n<li>d) die Identifikationsdaten des Inhabers, der Verantwortlichen und des gem\u00e4\u00df Artikel 5 Absatz 2 des Gesetzesdekrets Nr. 196\/2003 benannten Vertreters; <\/li>\n\n\n\n<li>e) die Personen oder Kategorien von Personen, denen die personenbezogenen Daten mitgeteilt werden k\u00f6nnen oder die als benannte Vertreter im Staatsgebiet, als Verantwortliche oder Beauftragte davon Kenntnis erlangen k\u00f6nnen.<\/li>\n<\/ul>\n\n<p>3. Die betroffene Person hat das Recht auf:<\/p>\n\n<ul class=\"wp-block-list\">\n<li>a) die Aktualisierung, die Berichtigung oder, sofern ein Interesse besteht, die Erg\u00e4nzung der Daten;<\/li>\n\n\n\n<li>b) die L\u00f6schung, die Anonymisierung oder die Sperrung von Daten, die unter Versto\u00df gegen das Gesetz verarbeitet wurden, einschlie\u00dflich derer, deren Aufbewahrung f\u00fcr die Zwecke, f\u00fcr die die Daten erhoben oder sp\u00e4ter verarbeitet wurden, nicht erforderlich ist;<\/li>\n\n\n\n<li>c) die Best\u00e4tigung, dass die unter den Buchstaben a) und b) genannten Vorg\u00e4nge denjenigen zur Kenntnis gebracht wurden, auch was ihren Inhalt betrifft, denen die Daten mitgeteilt oder verbreitet wurden, sofern sich dies nicht als unm\u00f6glich erweist oder einen Aufwand an Mitteln erfordert, der in keinem Verh\u00e4ltnis zum gesch\u00fctzten Recht steht.  <\/li>\n<\/ul>\n\n<p>  4. Die betroffene Person hat das Recht, sich ganz oder teilweise zu widersetzen:<\/p>\n\n<ul class=\"wp-block-list\">\n<li>a) aus legitimen Gr\u00fcnden der Verarbeitung der sie betreffenden personenbezogenen Daten, auch wenn diese dem Zweck der Erhebung entsprechen;<\/li>\n\n\n\n<li>b) der Verarbeitung der sie betreffenden personenbezogenen Daten zum Zwecke des Versands von Werbematerial oder des Direktverkaufs oder zur Durchf\u00fchrung von Marktforschungen oder kommerzieller Kommunikation.<\/li>\n<\/ul>\n\n<p>Der Inhaber der personenbezogenen Daten ist FDA srl mit Sitz in Via Sandro Pertini Nr. 3, Gualtieri (R.E.)<\/p>\n\n<h3 class=\"wp-block-heading\"><strong>Benutzerrechte<\/strong><strong> <\/strong><\/h3>\n\n<p>Gem\u00e4\u00df der europ\u00e4ischen Verordnung 679\/2016 (DSGVO) und der nationalen Gesetzgebung kann der Nutzer nach den Modalit\u00e4ten und innerhalb der Grenzen der geltenden Gesetzgebung folgende Rechte aus\u00fcben: <\/p>\n\n<p>&#8211; die Best\u00e4tigung \u00fcber das Bestehen der ihn betreffenden personenbezogenen Daten verlangen (Auskunftsrecht);<br\/>&#8211; deren Herkunft erfahren;<br\/>&#8211; eine verst\u00e4ndliche Mitteilung dar\u00fcber erhalten;<br\/>&#8211; Informationen \u00fcber die Logik, die Methoden und die Zwecke der Verarbeitung erhalten;<br\/>&#8211; die Aktualisierung, Berichtigung, Erg\u00e4nzung, L\u00f6schung, Anonymisierung oder Sperrung von Daten verlangen, die unter Versto\u00df gegen das Gesetz verarbeitet wurden, einschlie\u00dflich derer, die f\u00fcr die Erreichung der Zwecke, f\u00fcr die sie erhoben wurden, nicht mehr erforderlich sind;<br\/>&#8211; in F\u00e4llen einer auf Einwilligung beruhenden Verarbeitung, gegen Erstattung der Kosten des eventuellen Datentr\u00e4gers, die dem Inhaber bereitgestellten Daten in einer strukturierten, maschinenlesbaren Form und in einem g\u00e4ngigen elektronischen Format erhalten;<br\/>&#8211; das Recht, eine Beschwerde bei der Aufsichtsbeh\u00f6rde einzureichen (Garante Privacy \u2013 <a href=\"https:\/\/www.garanteprivacy.it\/web\/guest\/home\/docweb\/-\/docweb-display\/docweb\/4535524\">Link zur Seite der Aufsichtsbeh\u00f6rde<\/a>);<br\/>&#8211; sowie ganz allgemein alle Rechte aus\u00fcben, die ihm durch die geltenden gesetzlichen Bestimmungen zuerkannt werden.<\/p>\n\n<p>Informationsdokument gem\u00e4\u00df der Verordnung (EU) 2016\/679 zum Schutz personenbezogener Daten<\/p>\n\n<p>Dies ist eine Information, die auch gem\u00e4\u00df Art. 13 der Verordnung (EU) 2016\/679 f\u00fcr diejenigen bereitgestellt wird, die sich mit der Website von FDA srl unter der Adresse https:\/\/fdasrl.it verbinden. <\/p>\n\n<p>Die Information wird nur f\u00fcr die oben genannte Website bereitgestellt und nicht f\u00fcr andere Websites, die der Nutzer eventuell \u00fcber entsprechende Links konsultiert.<\/p>\n\n<p>Verantwortlicher f\u00fcr die Verarbeitung<\/p>\n\n<p>Gem\u00e4\u00df Art. 13 der Verordnung (EU) 2016\/679 informieren wir Sie dar\u00fcber, dass der \u201eVerantwortliche\u201c der Verarbeitung FDA srl ist, mit Sitz in Via Sandro Pertini, 3, 42044 Gualtieri (RE) Italien, info@fdasrl.it <\/p>\n\n<p>FDA srl garantiert, dass die Verarbeitung Ihrer personenbezogenen Daten unter Wahrung der Grundrechte und Grundfreiheiten sowie der W\u00fcrde der betroffenen Person erfolgt, mit besonderem Bezug auf die Vertraulichkeit, die pers\u00f6nliche Identit\u00e4t und das Recht auf Schutz personenbezogener Daten.<\/p>\n\n<p>Zwecke der Verarbeitung personenbezogener Daten<\/p>\n\n<p>Alle bereitgestellten Daten werden ausschlie\u00dflich f\u00fcr Aufgaben verarbeitet, die mit der Verwaltung der wirtschaftlichen T\u00e4tigkeit des Unternehmens zusammenh\u00e4ngen oder daf\u00fcr dienlich sind, insbesondere:<\/p>\n\n<ul class=\"wp-block-list\">\n<li>  Aufnahme in die Stammdaten der IT-Datenbanken des Unternehmens;<\/li>\n\n\n\n<li>  Beantwortung von Anfragen von Nutzern\/Besuchern\/K\u00e4ufern;<\/li>\n\n\n\n<li>  Verwaltung von Angeboten\/Bestellungen;<\/li>\n\n\n\n<li>  Ausstellung von Transportdokumenten, Rechnungen, Gutschriften;<\/li>\n\n\n\n<li>  Verwaltung von Einz\u00fcgen und Zahlungen;<\/li>\n\n\n\n<li>  zur Erf\u00fcllung der Verpflichtungen aus zivil- und steuerrechtlichen Vorschriften, Verordnungen und Gemeinschaftsrecht.<\/li>\n<\/ul>\n\n<p>Rechtsgrundlage der Verarbeitung<\/p>\n\n<p>Die durchgef\u00fchrte Verarbeitung ist rechtm\u00e4\u00dfig auf der Grundlage von:<\/p>\n\n<ul class=\"wp-block-list\">\n<li>  Einwilligung der betroffenen Person (Art. 6 Abs. 1 Buchst. a));<\/li>\n<\/ul>\n\n<p>beziehungsweise (je nach Anwendbarkeit):<\/p>\n\n<ul class=\"wp-block-list\">\n<li>  Verarbeitung, die f\u00fcr die Erf\u00fcllung eines Vertrags, dessen Vertragspartei die betroffene Person ist, oder zur Durchf\u00fchrung vorvertraglicher Ma\u00dfnahmen (Angebote) erforderlich ist, die auf Anfrage der betroffenen Person erfolgen (Art. 6 Abs. 1 Buchst. b));<\/li>\n\n\n\n<li>  Verarbeitung, die zur Wahrung der berechtigten Interessen des Verantwortlichen erforderlich ist (Art. 6 Abs. 1 Buchst. f)), wie die M\u00f6glichkeit, auf Anfragen von Nutzern\/Besuchern\/K\u00e4ufern zu antworten.<\/li>\n<\/ul>\n\n<p>Umfang der \u00dcbermittlung und Verbreitung von Daten<\/p>\n\n<p>Unbeschadet der nachfolgenden Ausf\u00fchrungen zur Verwendung von Cookies wird klargestellt, dass Ihre personenbezogenen Daten nicht verbreitet werden. Sie werden innerhalb der FDA srl von unseren Mitarbeitern und Angestellten gespeichert und verarbeitet. <\/p>\n\n<p>Um die Erf\u00fcllung administrativer und steuerlicher Verpflichtungen sowie die Durchf\u00fchrung wirtschaftlicher und administrativer T\u00e4tigkeiten zu erm\u00f6glichen, k\u00f6nnen sie an Unternehmen, externe Berater und \u00f6ffentliche Stellen \u00fcbermittelt werden:<\/p>\n\n<ul class=\"wp-block-list\">\n<li>  an Post\u00e4mter, Speditionen;<\/li>\n\n\n\n<li>  professionelle Beratungsb\u00fcros f\u00fcr Verwaltung, Steuern oder Recht;<\/li>\n\n\n\n<li>  Unternehmen f\u00fcr die Verwaltung von Informationssystemen, einschlie\u00dflich des Hosting-Dienstes f\u00fcr die Website-Domain und E-Mail;<\/li>\n\n\n\n<li>  Bankinstitute f\u00fcr Einz\u00fcge und Zahlungen;<\/li>\n\n\n\n<li>  \u00f6ffentliche Stellen, Handelskammern usw.<\/li>\n<\/ul>\n\n<p>Art der Verarbeitung<\/p>\n\n<p>Die Verarbeitung personenbezogener Daten erfolgt durch FDA srl mittels IT-Systemen oder auf Papier durch speziell beauftragtes und geschultes Personal, um maximale Sicherheit und Vertraulichkeit gem\u00e4\u00df den Bestimmungen der Verordnung (EU) 2016\/679 zu gew\u00e4hrleisten.<\/p>\n\n<p>Die Daten werden so lange aufbewahrt, wie sie aktuell sind, in jedem Fall jedoch f\u00fcr maximal 10 Jahre.<\/p>\n\n<p>Art der Datenbereitstellung<\/p>\n\n<p>Die Bereitstellung Ihrer personenbezogenen Daten ist als freiwillig zu betrachten. Die Nichtbereitstellung der Daten kann jedoch dazu f\u00fchren, dass die vom Nutzer\/Besucher\/K\u00e4ufer angeforderten Leistungen nicht erbracht werden k\u00f6nnen bzw. die Durchf\u00fchrung der oben genannten T\u00e4tigkeiten durch FDA srl verhindert wird. <\/p>\n\n<p>Die Erhebung einiger personenbezogener Daten ist zudem obligatorisch, da gesetzliche und steuerliche Verpflichtungen erf\u00fcllt werden m\u00fcssen. Die Verweigerung der Bereitstellung dieser Daten f\u00fchrt dazu, dass keine Gesch\u00e4ftsbeziehungen mit unserem Unternehmen aufgenommen werden k\u00f6nnen.<\/p>\n\n<p>Rechte der betroffenen Person (Art. 13 der Verordnung (EU) 2016\/679)<\/p>\n\n<p>1) Die betroffene Person hat das Recht, von dem Verantwortlichen Auskunft \u00fcber die sie betreffenden personenbezogenen Daten sowie die Berichtigung oder L\u00f6schung dieser Daten oder die Einschr\u00e4nkung der Verarbeitung zu verlangen oder Widerspruch gegen die Verarbeitung einzulegen, sowie das Recht auf Daten\u00fcbertragbarkeit;<\/p>\n\n<p>2) Wenn Sie in die Verarbeitung Ihrer personenbezogenen Daten f\u00fcr einen oder mehrere bestimmte Zwecke eingewilligt haben, haben Sie das Recht, Ihre Einwilligung jederzeit zu widerrufen, ohne dass die Rechtm\u00e4\u00dfigkeit der aufgrund der Einwilligung bis zum Widerruf erfolgten Verarbeitung ber\u00fchrt wird;<\/p>\n\n<p>3) Die betroffene Person hat das Recht, eine Beschwerde bei einer Aufsichtsbeh\u00f6rde einzureichen (der Garante per la protezione dei dati personali, Garante Privacy, ist die italienische nationale Aufsichtsbeh\u00f6rde f\u00fcr den Schutz personenbezogener Daten, eine unabh\u00e4ngige Verwaltungsbeh\u00f6rde, die durch das Datenschutzgesetz (Gesetz vom 31. Dezember 1996, Nr. 675) in Umsetzung der Gemeinschaftsrichtlinie 95\/46\/EG errichtet wurde).<\/p>\n\n<p><strong>Cookies<\/strong><\/p>\n\n<p>Was sind Cookies<\/p>\n\n<p>Auch als \u201eBiscotti\u201c bezeichnet, sind dies kleine Textdateien, die auf den Ger\u00e4ten der Nutzer platziert werden, die unsere Website besuchen. Wenn ein Nutzer also auf die Website https:\/\/fdasrl.it zugreift, werden Cookies im Verzeichnis des Webbrowsers des Nutzers gespeichert. <\/p>\n\n<p>Wof\u00fcr werden sie verwendet?<\/p>\n\n<p>Haupts\u00e4chlich, um dem Nutzer einen besseren Service zu bieten und ihm ein positives Surferlebnis zu erm\u00f6glichen. Beispielsweise dienen Cookies dazu: <\/p>\n\n<ul class=\"wp-block-list\">\n<li>  den Benutzernamen und die eigenen Pr\u00e4ferenzen zu speichern;<\/li>\n\n\n\n<li>  Registrierungsformulare bereits vorausgef\u00fcllt vorzufinden;<\/li>\n\n\n\n<li>  die von den Nutzern in Anspruch genommenen Dienste zu messen;<\/li>\n\n\n\n<li>  Werbebotschaften anzuzeigen, die den Interessen des Nutzers entsprechen.<\/li>\n<\/ul>\n\n<p>Welche Arten von Cookies verwendet FDA srl:<\/p>\n\n<ul class=\"wp-block-list\">\n<li>  technische Cookies, die f\u00fcr das ordnungsgem\u00e4\u00dfe Funktionieren einiger Website-Funktionen erforderlich sind, wie zum Beispiel f\u00fcr die Speicherung des Warenkorbs oder um Daten in aggregierter Form f\u00fcr statistische Zwecke zu sammeln;<\/li>\n\n\n\n<li>  Profiling-Cookies von Drittanbietern: werden verwendet, um Werbebotschaften bereitzustellen, die den Pr\u00e4ferenzen des Nutzers entsprechen, die basierend auf dem Surfverhalten und den besuchten Produkten registriert wurden. In unserem Fall verwenden wir Remarketing-Cookies von Google und Facebook. <\/li>\n<\/ul>\n\n<p>Deaktivierung von Cookies<\/p>\n\n<p>Cookies sind an den verwendeten Browser gebunden und K\u00d6NNEN DIREKT \u00dcBER DEN BROWSER DEAKTIVIERT WERDEN, wodurch die Einwilligung zur Verwendung von Cookies verweigert\/widerrufen wird. Bitte beachten Sie, dass die Deaktivierung von Cookies die ordnungsgem\u00e4\u00dfe Nutzung einiger Funktionen der Website selbst verhindern kann. <\/p>\n\n<p>Anweisungen zur Deaktivierung von Cookies finden Sie auf den folgenden Webseiten:<\/p>\n\n<p>Mozilla Firefox &#8211; Windows Internet Explorer &#8211; Google Chrome &#8211; Opera &#8211; Apple Safari<\/p>\n\n<p>Anfragen sind an den Verantwortlichen der Verarbeitung zu richten. <\/p>\n\n<p>Falls die Daten auf der Grundlage berechtigter Interessen verarbeitet werden, sind die Rechte der von der Verarbeitung betroffenen Personen dennoch garantiert (au\u00dfer dem Recht auf Daten\u00fcbertragbarkeit, das in den Vorschriften nicht vorgesehen ist), insbesondere das Recht auf Widerspruch gegen die Verarbeitung, das durch Senden einer Anfrage an den Verantwortlichen ausge\u00fcbt werden kann.<\/p>\n","protected":false},"excerpt":{"rendered":"<p>Informationsdokument gem\u00e4\u00df und f\u00fcr die Zwecke von Artikel 13 des Gesetzesdekrets 30. Juni 2003 Nr. 196, \u201eKodex zum Schutz personenbezogener Daten\u201c Gem\u00e4\u00df Art. 13 des Gesetzesdekrets vom 30. Juni 2003 Nr. 196 informieren wir Sie dar\u00fcber, dass FDA Shop garantiert, dass die Verarbeitung Ihrer personenbezogenen Daten unter Wahrung der Grundrechte und Grundfreiheiten sowie der W\u00fcrde [&hellip;]<\/p>\n","protected":false},"author":1,"featured_media":0,"parent":0,"menu_order":0,"comment_status":"closed","ping_status":"open","template":"","meta":{"_et_pb_use_builder":"","_et_pb_old_content":"","_et_gb_content_width":"","footnotes":""},"class_list":["post-1594","page","type-page","status-publish","hentry"],"yoast_head":"<!-- This site is optimized with the Yoast SEO Premium plugin v27.5 (Yoast SEO v27.6) - https:\/\/yoast.com\/product\/yoast-seo-premium-wordpress\/ -->\n<title>Datenschutzerkl\u00e4rung - FDA srl<\/title>\n<meta name=\"robots\" content=\"index, follow, max-snippet:-1, max-image-preview:large, max-video-preview:-1\" \/>\n<link rel=\"canonical\" href=\"https:\/\/fdasrl.it\/de\/datenschutzerklaerung\/\" \/>\n<meta property=\"og:locale\" content=\"de_DE\" \/>\n<meta property=\"og:type\" content=\"article\" \/>\n<meta property=\"og:title\" content=\"Datenschutzerkl\u00e4rung\" \/>\n<meta property=\"og:description\" content=\"Informationsdokument gem\u00e4\u00df und f\u00fcr die Zwecke von Artikel 13 des Gesetzesdekrets 30. Juni 2003 Nr. 196, \u201eKodex zum Schutz personenbezogener Daten\u201c Gem\u00e4\u00df Art. 13 des Gesetzesdekrets vom 30. Juni 2003 Nr. 196 informieren wir Sie dar\u00fcber, dass FDA Shop garantiert, dass die Verarbeitung Ihrer personenbezogenen Daten unter Wahrung der Grundrechte und Grundfreiheiten sowie der W\u00fcrde [&hellip;]\" \/>\n<meta property=\"og:url\" content=\"https:\/\/fdasrl.it\/de\/datenschutzerklaerung\/\" \/>\n<meta property=\"og:site_name\" content=\"FDA srl\" \/>\n<meta property=\"article:publisher\" content=\"https:\/\/www.facebook.com\/share\/1MWhFWg1Tp\/?mibextid=LQQJ4d\" \/>\n<meta property=\"article:modified_time\" content=\"2026-05-06T08:54:48+00:00\" \/>\n<meta name=\"twitter:card\" content=\"summary_large_image\" \/>\n<meta name=\"twitter:label1\" content=\"Gesch\u00e4tzte Lesezeit\" \/>\n\t<meta name=\"twitter:data1\" content=\"9\u00a0Minuten\" \/>\n<!-- \/ Yoast SEO Premium plugin. -->","yoast_head_json":{"title":"Datenschutzerkl\u00e4rung - FDA srl","robots":{"index":"index","follow":"follow","max-snippet":"max-snippet:-1","max-image-preview":"max-image-preview:large","max-video-preview":"max-video-preview:-1"},"canonical":"https:\/\/fdasrl.it\/de\/datenschutzerklaerung\/","og_locale":"de_DE","og_type":"article","og_title":"Datenschutzerkl\u00e4rung","og_description":"Informationsdokument gem\u00e4\u00df und f\u00fcr die Zwecke von Artikel 13 des Gesetzesdekrets 30. Juni 2003 Nr. 196, \u201eKodex zum Schutz personenbezogener Daten\u201c Gem\u00e4\u00df Art. 13 des Gesetzesdekrets vom 30. Juni 2003 Nr. 196 informieren wir Sie dar\u00fcber, dass FDA Shop garantiert, dass die Verarbeitung Ihrer personenbezogenen Daten unter Wahrung der Grundrechte und Grundfreiheiten sowie der W\u00fcrde [&hellip;]","og_url":"https:\/\/fdasrl.it\/de\/datenschutzerklaerung\/","og_site_name":"FDA srl","article_publisher":"https:\/\/www.facebook.com\/share\/1MWhFWg1Tp\/?mibextid=LQQJ4d","article_modified_time":"2026-05-06T08:54:48+00:00","twitter_card":"summary_large_image","twitter_misc":{"Gesch\u00e4tzte Lesezeit":"9\u00a0Minuten"},"schema":{"@context":"https:\/\/schema.org","@graph":[{"@type":"WebPage","@id":"https:\/\/fdasrl.it\/de\/datenschutzerklaerung\/","url":"https:\/\/fdasrl.it\/de\/datenschutzerklaerung\/","name":"Datenschutzerkl\u00e4rung - FDA srl","isPartOf":{"@id":"https:\/\/fdasrl.it\/de\/#website"},"datePublished":"2024-12-10T15:40:04+00:00","dateModified":"2026-05-06T08:54:48+00:00","breadcrumb":{"@id":"https:\/\/fdasrl.it\/de\/datenschutzerklaerung\/#breadcrumb"},"inLanguage":"de","potentialAction":[{"@type":"ReadAction","target":["https:\/\/fdasrl.it\/de\/datenschutzerklaerung\/"]}]},{"@type":"BreadcrumbList","@id":"https:\/\/fdasrl.it\/de\/datenschutzerklaerung\/#breadcrumb","itemListElement":[{"@type":"ListItem","position":1,"name":"Home","item":"https:\/\/fdasrl.it\/de\/startseite\/"},{"@type":"ListItem","position":2,"name":"Datenschutzerkl\u00e4rung"}]},{"@type":"WebSite","@id":"https:\/\/fdasrl.it\/de\/#website","url":"https:\/\/fdasrl.it\/de\/","name":"FDA srl","description":"Equipment for animal husbandry","publisher":{"@id":"https:\/\/fdasrl.it\/de\/#organization"},"potentialAction":[{"@type":"SearchAction","target":{"@type":"EntryPoint","urlTemplate":"https:\/\/fdasrl.it\/de\/?s={search_term_string}"},"query-input":{"@type":"PropertyValueSpecification","valueRequired":true,"valueName":"search_term_string"}}],"inLanguage":"de"},{"@type":"Organization","@id":"https:\/\/fdasrl.it\/de\/#organization","name":"FDA srl","url":"https:\/\/fdasrl.it\/de\/","logo":{"@type":"ImageObject","inLanguage":"de","@id":"https:\/\/fdasrl.it\/de\/#\/schema\/logo\/image\/","url":"https:\/\/fdasrl.it\/wp-content\/uploads\/2024\/12\/Logo-FDA.png","contentUrl":"https:\/\/fdasrl.it\/wp-content\/uploads\/2024\/12\/Logo-FDA.png","width":316,"height":119,"caption":"FDA srl"},"image":{"@id":"https:\/\/fdasrl.it\/de\/#\/schema\/logo\/image\/"},"sameAs":["https:\/\/www.facebook.com\/share\/1MWhFWg1Tp\/?mibextid=LQQJ4d","https:\/\/www.instagram.com\/fda_srl\/profilecard\/?igsh=YW5lbzJ6MWg0d21u","https:\/\/www.youtube.com\/@FDASRL_ANIMALCARE"],"description":"FDA SRL \u2013 Equipment for animal husbandry nasce con l\u2019obiettivo di offrire soluzioni affidabili e innovative per l\u2019allevamento moderno. Con anni di esperienza nel settore zootecnico, progettiamo e realizziamo attrezzature destinate al benessere animale e alla gestione efficiente delle stalle: vasche, abbeveratoi, mangiatoie e sistemi di riscaldamento pensati per durare nel tempo e semplificare il lavoro quotidiano degli allevatori. Dalla progettazione alla produzione, ogni nostro prodotto \u00e8 studiato nei minimi dettagli, testato con cura e costruito per rispondere alle esigenze reali del settore. La nostra forza \u00e8 unire artigianalit\u00e0, tecnologia e competenza tecnica per trasformare ogni progetto in una soluzione concreta e funzionale. Oggi FDA SRL \u00e8 un punto di riferimento per privati e rivenditori che cercano qualit\u00e0, affidabilit\u00e0 e innovazione nelle attrezzature per l\u2019allevamento.","email":"info@fdasrl.it","telephone":"+390522826820","legalName":"F.D.A. SRL","foundingDate":"2024-10-13","vatID":"03075840359","taxID":"03075840359","numberOfEmployees":{"@type":"QuantitativeValue","minValue":"1","maxValue":"10"}}]}},"_links":{"self":[{"href":"https:\/\/fdasrl.it\/de\/wp-json\/wp\/v2\/pages\/1594","targetHints":{"allow":["GET"]}}],"collection":[{"href":"https:\/\/fdasrl.it\/de\/wp-json\/wp\/v2\/pages"}],"about":[{"href":"https:\/\/fdasrl.it\/de\/wp-json\/wp\/v2\/types\/page"}],"author":[{"embeddable":true,"href":"https:\/\/fdasrl.it\/de\/wp-json\/wp\/v2\/users\/1"}],"replies":[{"embeddable":true,"href":"https:\/\/fdasrl.it\/de\/wp-json\/wp\/v2\/comments?post=1594"}],"version-history":[{"count":1,"href":"https:\/\/fdasrl.it\/de\/wp-json\/wp\/v2\/pages\/1594\/revisions"}],"predecessor-version":[{"id":1595,"href":"https:\/\/fdasrl.it\/de\/wp-json\/wp\/v2\/pages\/1594\/revisions\/1595"}],"wp:attachment":[{"href":"https:\/\/fdasrl.it\/de\/wp-json\/wp\/v2\/media?parent=1594"}],"curies":[{"name":"wp","href":"https:\/\/api.w.org\/{rel}","templated":true}]}}