{"id":1742,"date":"2026-03-03T17:31:13","date_gmt":"2026-03-03T16:31:13","guid":{"rendered":"https:\/\/fdasrl.it\/prodotto\/fahrbare-melkmaschine-fa1775-mit-oelgeschmierter-pumpe-fuer-milchkuehe\/"},"modified":"2026-03-03T17:31:13","modified_gmt":"2026-03-03T16:31:13","slug":"fahrbare-melkmaschine-fa1775-mit-oelgeschmierter-pumpe-fuer-milchkuehe","status":"publish","type":"product","link":"https:\/\/fdasrl.it\/de\/prodotto\/fahrbare-melkmaschine-fa1775-mit-oelgeschmierter-pumpe-fuer-milchkuehe\/","title":{"rendered":"Fahrbare Melkmaschine FA1775 mit \u00f6lgeschmierter Pumpe f\u00fcr Milchk\u00fche"},"content":{"rendered":"<div>\n<h1 data-start=\"265\" data-end=\"340\">Fahrbare Melkmaschine FA1775 mit \u00f6lgeschmierter Pumpe f\u00fcr Milchk\u00fche<\/h1>\n<p data-start=\"342\" data-end=\"504\">Die <strong data-start=\"345\" data-end=\"402\">fahrbare Melkmaschine FA1775 mit \u00f6lgeschmierter Pumpe<\/strong> ist konzipiert, um eine <strong data-start=\"444\" data-end=\"503\">effiziente, zuverl\u00e4ssige und hygienische Melkung von Milchk\u00fchen<\/strong> zu gew\u00e4hrleisten.<\/p>\n<p data-start=\"506\" data-end=\"708\">Dank der <strong data-start=\"518\" data-end=\"550\">mobilen Fahrgestellkonstruktion<\/strong> ist sie die ideale L\u00f6sung f\u00fcr landwirtschaftliche Betriebe, die ein <strong data-start=\"641\" data-end=\"707\">praktisches, robustes und einfach zu bedienendes Melksystem direkt im Stall<\/strong> ben\u00f6tigen.<\/p>\n<p data-start=\"710\" data-end=\"840\">Die Melkmaschine erm\u00f6glicht eine einfache Melkung bei gleichzeitiger Aufrechterhaltung <strong data-start=\"788\" data-end=\"839\">konstanter Leistung und maximaler Milchhygiene<\/strong>.<\/p>\n<hr data-start=\"842\" data-end=\"845\">\n<h2 data-start=\"847\" data-end=\"906\">\u00d6lgeschmierte Vakuumpumpe: Stabilit\u00e4t und lange Lebensdauer<\/h2>\n<p data-start=\"908\" data-end=\"1050\">Die Melkmaschine FA1775 ist mit einer <strong data-start=\"941\" data-end=\"988\">\u00f6lgeschmierten Vakuumpumpe mit 250 L\/min<\/strong> ausgestattet, die f\u00fcr hohe Leistung und lange Lebensdauer konzipiert ist.<\/p>\n<p data-start=\"1052\" data-end=\"1072\">Hauptvorteile:<\/p>\n<ul data-start=\"1074\" data-end=\"1215\">\n<li data-start=\"1074\" data-end=\"1110\">\n<p data-start=\"1076\" data-end=\"1110\">stabiler und kontinuierlicher Betrieb<\/p>\n<\/li>\n<li data-start=\"1111\" data-end=\"1152\">\n<p data-start=\"1113\" data-end=\"1152\">geringerer Verschlei\u00df der mechanischen Komponenten<\/p>\n<\/li>\n<li data-start=\"1153\" data-end=\"1188\">\n<p data-start=\"1155\" data-end=\"1188\">h\u00f6here Betriebszuverl\u00e4ssigkeit<\/p>\n<\/li>\n<li data-start=\"1189\" data-end=\"1215\">\n<p data-start=\"1191\" data-end=\"1215\">lange Lebensdauer<\/p>\n<\/li>\n<\/ul>\n<p data-start=\"1217\" data-end=\"1283\">Das System wird von einem <strong data-start=\"1244\" data-end=\"1282\">Elektromotor mit 0,55 kW \u2013 220V<\/strong> angetrieben.<\/p>\n<p data-start=\"1285\" data-end=\"1414\">Die Konstruktion mit <strong data-start=\"1302\" data-end=\"1324\">getrennten Wannen<\/strong> verbessert die Widerstandsf\u00e4higkeit und gew\u00e4hrleistet eine h\u00f6here Arbeitskontinuit\u00e4t w\u00e4hrend des Melkens.<\/p>\n<p data-start=\"1416\" data-end=\"1447\">Das Vakuumsystem umfasst:<\/p>\n<ul data-start=\"1449\" data-end=\"1614\">\n<li data-start=\"1449\" data-end=\"1486\">\n<p data-start=\"1451\" data-end=\"1486\">Vakuumbeh\u00e4lter mit <strong data-start=\"1474\" data-end=\"1486\">18 Litern<\/strong><\/p>\n<\/li>\n<li data-start=\"1487\" data-end=\"1533\">\n<p data-start=\"1489\" data-end=\"1533\"><strong data-start=\"1489\" data-end=\"1533\">Unterdruckregelventil<\/strong><\/p>\n<\/li>\n<li data-start=\"1534\" data-end=\"1614\">\n<p data-start=\"1536\" data-end=\"1614\"><strong data-start=\"1536\" data-end=\"1560\">integriertes Vakuummeter<\/strong> zur Druckkontrolle w\u00e4hrend des Melkens<\/p>\n<\/li>\n<\/ul>\n<hr data-start=\"1616\" data-end=\"1619\">\n<h2 data-start=\"1621\" data-end=\"1660\">Melkeinheit f\u00fcr Milchk\u00fche<\/h2>\n<p data-start=\"1662\" data-end=\"1742\">Die Melkmaschine ist mit einer <strong data-start=\"1688\" data-end=\"1728\">kompletten Melkeinheit f\u00fcr Rinder<\/strong> ausgestattet, bestehend aus:<\/p>\n<ul data-start=\"1744\" data-end=\"1918\">\n<li data-start=\"1744\" data-end=\"1770\">\n<p data-start=\"1746\" data-end=\"1770\"><strong data-start=\"1746\" data-end=\"1770\">Sammler mit 250 cc<\/strong><\/p>\n<\/li>\n<li data-start=\"1771\" data-end=\"1811\">\n<p data-start=\"1773\" data-end=\"1811\"><strong data-start=\"1773\" data-end=\"1811\">Zitzengummis aus Edelstahl mit 155 mm<\/strong><\/p>\n<\/li>\n<li data-start=\"1812\" data-end=\"1833\">\n<p data-start=\"1814\" data-end=\"1833\">Bohrung von <strong data-start=\"1822\" data-end=\"1833\">16,5 mm<\/strong><\/p>\n<\/li>\n<li data-start=\"1834\" data-end=\"1881\">\n<p data-start=\"1836\" data-end=\"1881\"><strong data-start=\"1836\" data-end=\"1881\">Melkbecher kompatibel mit DeLaval-Typ<\/strong><\/p>\n<\/li>\n<li data-start=\"1882\" data-end=\"1918\">\n<p data-start=\"1884\" data-end=\"1918\"><strong data-start=\"1884\" data-end=\"1918\">pneumatischer Pulsator mit 60 bpm*<\/strong><\/p>\n<\/li>\n<\/ul>\n<p data-start=\"1920\" data-end=\"2026\">Dieses System gew\u00e4hrleistet eine <strong data-start=\"1960\" data-end=\"1986\">schonende und effiziente<\/strong> Melkung unter Ber\u00fccksichtigung des Tierwohls.<\/p>\n<hr data-start=\"2028\" data-end=\"2031\">\n<h2 data-start=\"1743\" data-end=\"1766\">* Optionen verf\u00fcgbar<\/h2>\n<ul data-start=\"1768\" data-end=\"1923\">\n<li data-start=\"1768\" data-end=\"1833\">\n<p data-start=\"1770\" data-end=\"1833\"><strong data-start=\"1770\" data-end=\"1833\">Elektronischer Pulsator mit interner Platine 24VDC + Steuereinheit<\/strong><\/p>\n<\/li>\n<\/ul>\n<p>&nbsp;<\/p>\n<h2 data-start=\"2033\" data-end=\"2062\">Ausstattung der Melkmaschine<\/h2>\n<p data-start=\"2064\" data-end=\"2110\">Die fahrbare Melkmaschine FA1775 wird geliefert mit:<\/p>\n<ul data-start=\"2112\" data-end=\"2232\">\n<li data-start=\"2112\" data-end=\"2159\">\n<p data-start=\"2114\" data-end=\"2159\"><strong data-start=\"2114\" data-end=\"2159\">Milcheimer aus Edelstahl mit 30 Litern<\/strong><\/p>\n<\/li>\n<li data-start=\"2160\" data-end=\"2193\">\n<p data-start=\"2162\" data-end=\"2193\"><strong data-start=\"2162\" data-end=\"2193\">Vakuumhahn 1\/2&#8243;<\/strong><\/p>\n<\/li>\n<li data-start=\"2194\" data-end=\"2232\">\n<p data-start=\"2196\" data-end=\"2232\"><strong data-start=\"2196\" data-end=\"2232\">Melkleitungen mit 2,5 Metern<\/strong><\/p>\n<\/li>\n<\/ul>\n<p data-start=\"2234\" data-end=\"2341\">Alle Teile, die mit der Milch in Kontakt kommen, sind aus <strong data-start=\"2292\" data-end=\"2308\">Edelstahl<\/strong> gefertigt, dem idealen Material zur Gew\u00e4hrleistung von:<\/p>\n<ul data-start=\"2343\" data-end=\"2413\">\n<li data-start=\"2343\" data-end=\"2359\">\n<p data-start=\"2345\" data-end=\"2359\">hoher Hygiene<\/p>\n<\/li>\n<li data-start=\"2360\" data-end=\"2388\">\n<p data-start=\"2362\" data-end=\"2388\">Korrosionsbest\u00e4ndigkeit<\/p>\n<\/li>\n<li data-start=\"2389\" data-end=\"2413\">\n<p data-start=\"2391\" data-end=\"2413\">langer Lebensdauer<\/p>\n<\/li>\n<\/ul>\n<hr data-start=\"2415\" data-end=\"2418\">\n<h2 data-start=\"2420\" data-end=\"2458\">Vereinfachte Reinigung und Wartung<\/h2>\n<p data-start=\"2460\" data-end=\"2535\">Zur Erleichterung der t\u00e4glichen Wartung wird die Melkmaschine geliefert mit:<\/p>\n<ul data-start=\"2537\" data-end=\"2609\">\n<li data-start=\"2537\" data-end=\"2572\">\n<p data-start=\"2539\" data-end=\"2572\"><strong data-start=\"2539\" data-end=\"2572\">Reinigungsb\u00fcrsten-Set<\/strong><\/p>\n<\/li>\n<li data-start=\"2573\" data-end=\"2609\">\n<p data-start=\"2575\" data-end=\"2609\"><strong data-start=\"2575\" data-end=\"2609\">alkalischem Reinigungsmittel mit 1 Liter<\/strong><\/p>\n<\/li>\n<\/ul>\n<p data-start=\"2611\" data-end=\"2714\">Dies erm\u00f6glicht eine <strong data-start=\"2631\" data-end=\"2668\">schnelle Reinigung des Milchkreislaufs<\/strong> und gew\u00e4hrleistet stets hohe Hygienestandards.<\/p>\n<hr data-start=\"2716\" data-end=\"2719\">\n<h2 data-start=\"2721\" data-end=\"2750\">Hauptmerkmale<\/h2>\n<ul data-start=\"2752\" data-end=\"2983\">\n<li data-start=\"2752\" data-end=\"2787\">\n<p data-start=\"2754\" data-end=\"2787\"><strong data-start=\"2765\" data-end=\"2787\">mobile<\/strong> Melkmaschine auf Fahrgestell<\/p>\n<\/li>\n<li data-start=\"2788\" data-end=\"2824\">\n<p data-start=\"2790\" data-end=\"2824\"><strong data-start=\"2790\" data-end=\"2824\">\u00f6lgeschmierte Vakuumpumpe<\/strong><\/p>\n<\/li>\n<li data-start=\"2825\" data-end=\"2854\">\n<p data-start=\"2827\" data-end=\"2854\"><strong data-start=\"2827\" data-end=\"2854\">Pumpenleistung 250 L\/min<\/strong><\/p>\n<\/li>\n<li data-start=\"2855\" data-end=\"2892\">\n<p data-start=\"2857\" data-end=\"2892\"><strong data-start=\"2857\" data-end=\"2892\">Elektromotor 0,55 kW \u2013 220V<\/strong><\/p>\n<\/li>\n<li data-start=\"2893\" data-end=\"2925\">\n<p data-start=\"2895\" data-end=\"2925\"><strong data-start=\"2895\" data-end=\"2925\">Edelstahl-Milcheimer mit 30 L<\/strong><\/p>\n<\/li>\n<li data-start=\"2926\" data-end=\"2959\">\n<p data-start=\"2928\" data-end=\"2959\"><strong data-start=\"2928\" data-end=\"2959\">pneumatischer Pulsator 60 bpm<\/strong><\/p>\n<\/li>\n<li data-start=\"2960\" data-end=\"2983\">\n<p data-start=\"2962\" data-end=\"2983\"><strong data-start=\"2962\" data-end=\"2983\">CE-Zertifizierung<\/strong><\/p>\n<\/li>\n<\/ul>\n<hr data-start=\"2985\" data-end=\"2988\">\n<p data-start=\"2990\" data-end=\"3172\">\u2705 <strong data-start=\"2992\" data-end=\"3172\">Die fahrbare Melkmaschine FA1775 mit \u00f6lgeschmierter Pumpe ist die ideale Wahl f\u00fcr Landwirte, die ein mobiles, robustes und zuverl\u00e4ssiges Melksystem f\u00fcr Milchk\u00fche suchen.<\/strong><\/p>\n<p data-start=\"2990\" data-end=\"3172\">H\u00e4ndler und Vertriebspartner: Fordern Sie Informationen an <a href=\"https:\/\/fdasrl.it\/de\/kontakt\/\">(HIER KLICKEN)<\/a><\/p>\n<\/div>\n<div>Kaufen Sie sie in unserem <a href=\"https:\/\/fda-shop.it\/shop\/mungitura\/mungitrici-carrellate\/mungitrice-bovini\/mungitrice-carrellate-fa1775-per-bovini-a-un-gruppo-di-mungitura-con-motore-a-olio\" target=\"_blank\" rel=\"noopener\">Online-Shop<\/a><\/div>\n","protected":false},"excerpt":{"rendered":"<p>Fahrbare Melkmaschine FA1775 mit \u00f6lgeschmierter Vakuumpumpe mit 250 L\/min, konzipiert f\u00fcr die effiziente Melkung von Milchk\u00fchen. Mobile Fahrgestellkonstruktion, Edelstahl-Milcheimer mit 30 L und komplette Melkeinheit mit pneumatischem Pulsator. Robustes, zuverl\u00e4ssiges und CE-zertifiziertes System, ideal f\u00fcr den direkten Einsatz im Stall.  <\/p>\n","protected":false},"featured_media":1116,"comment_status":"open","ping_status":"closed","template":"","meta":{"_et_pb_use_builder":"","_et_pb_old_content":"","_et_gb_content_width":""},"product_brand":[],"product_cat":[410,409],"product_tag":[411],"class_list":{"0":"post-1742","1":"product","2":"type-product","3":"status-publish","4":"has-post-thumbnail","6":"product_cat-fahrbare-melkmaschinen","7":"product_cat-rinder","8":"product_tag-fa1775","10":"first","11":"instock","12":"shipping-taxable","13":"product-type-simple"},"yoast_head":"<!-- This site is optimized with the Yoast SEO Premium plugin v27.5 (Yoast SEO v27.5) - https:\/\/yoast.com\/product\/yoast-seo-premium-wordpress\/ -->\n<title>Fahrbare Melkmaschine f\u00fcr Rinder mit \u00f6lgeschmierter Pumpe \u2013 Einfach zu bedienen<\/title>\n<meta name=\"description\" content=\"Holen Sie das Maximum aus der fahrbaren Melkmaschine f\u00fcr K\u00fche mit einer Melkeinheit! Hervorragende Leistung und reduzierter Wartungsaufwand, verpassen Sie diese Gelegenheit nicht! \ud83c\udf3e\" \/>\n<meta name=\"robots\" content=\"index, follow, max-snippet:-1, max-image-preview:large, max-video-preview:-1\" \/>\n<link rel=\"canonical\" href=\"https:\/\/fdasrl.it\/de\/prodotto\/fahrbare-melkmaschine-fa1775-mit-oelgeschmierter-pumpe-fuer-milchkuehe\/\" \/>\n<meta property=\"og:locale\" content=\"de_DE\" \/>\n<meta property=\"og:type\" content=\"article\" \/>\n<meta property=\"og:title\" content=\"Fahrbare Melkmaschine FA1775 mit \u00f6lgeschmierter Pumpe f\u00fcr Milchk\u00fche\" \/>\n<meta property=\"og:description\" content=\"Holen Sie das Maximum aus der fahrbaren Melkmaschine f\u00fcr K\u00fche mit einer Melkeinheit! Hervorragende Leistung und reduzierter Wartungsaufwand, verpassen Sie diese Gelegenheit nicht! \ud83c\udf3e\" \/>\n<meta property=\"og:url\" content=\"https:\/\/fdasrl.it\/de\/prodotto\/fahrbare-melkmaschine-fa1775-mit-oelgeschmierter-pumpe-fuer-milchkuehe\/\" \/>\n<meta property=\"og:site_name\" content=\"FDA srl\" \/>\n<meta property=\"article:publisher\" content=\"https:\/\/www.facebook.com\/share\/1MWhFWg1Tp\/?mibextid=LQQJ4d\" \/>\n<meta property=\"og:image\" content=\"https:\/\/fdasrl.it\/wp-content\/uploads\/2026\/03\/mungitrice-olio-fda-bovini-1-gruppo-3-4.jpg\" \/>\n\t<meta property=\"og:image:width\" content=\"922\" \/>\n\t<meta property=\"og:image:height\" content=\"800\" \/>\n\t<meta property=\"og:image:type\" content=\"image\/jpeg\" \/>\n<meta name=\"twitter:card\" content=\"summary_large_image\" \/>\n<meta name=\"twitter:label1\" content=\"Preis\" \/>\n\t<meta name=\"twitter:data1\" content=\"\" \/>\n\t<meta name=\"twitter:label2\" content=\"Verf\u00fcgbarkeit\" \/>\n\t<meta name=\"twitter:data2\" content=\"Auf Lager\" \/>\n<meta property=\"product:price:currency\" content=\"EUR\" \/>\n<meta property=\"og:availability\" content=\"instock\" \/>\n<meta property=\"product:availability\" content=\"instock\" \/>\n<meta property=\"product:retailer_item_id\" content=\"FA1775\" \/>\n<meta property=\"product:condition\" content=\"new\" \/>\n<!-- \/ Yoast SEO Premium plugin. -->","yoast_head_json":{"title":"Fahrbare Melkmaschine f\u00fcr Rinder mit \u00f6lgeschmierter Pumpe \u2013 Einfach zu bedienen","description":"Holen Sie das Maximum aus der fahrbaren Melkmaschine f\u00fcr K\u00fche mit einer Melkeinheit! Hervorragende Leistung und reduzierter Wartungsaufwand, verpassen Sie diese Gelegenheit nicht! \ud83c\udf3e","robots":{"index":"index","follow":"follow","max-snippet":"max-snippet:-1","max-image-preview":"max-image-preview:large","max-video-preview":"max-video-preview:-1"},"canonical":"https:\/\/fdasrl.it\/de\/prodotto\/fahrbare-melkmaschine-fa1775-mit-oelgeschmierter-pumpe-fuer-milchkuehe\/","og_locale":"de_DE","og_type":"article","og_title":"Fahrbare Melkmaschine FA1775 mit \u00f6lgeschmierter Pumpe f\u00fcr Milchk\u00fche","og_description":"Holen Sie das Maximum aus der fahrbaren Melkmaschine f\u00fcr K\u00fche mit einer Melkeinheit! Hervorragende Leistung und reduzierter Wartungsaufwand, verpassen Sie diese Gelegenheit nicht! \ud83c\udf3e","og_url":"https:\/\/fdasrl.it\/de\/prodotto\/fahrbare-melkmaschine-fa1775-mit-oelgeschmierter-pumpe-fuer-milchkuehe\/","og_site_name":"FDA srl","article_publisher":"https:\/\/www.facebook.com\/share\/1MWhFWg1Tp\/?mibextid=LQQJ4d","og_image":[{"width":922,"height":800,"url":"https:\/\/fdasrl.it\/wp-content\/uploads\/2026\/03\/mungitrice-olio-fda-bovini-1-gruppo-3-4.jpg","type":"image\/jpeg"}],"twitter_card":"summary_large_image","twitter_misc":{"Preis":"","Verf\u00fcgbarkeit":"Auf Lager"},"schema":{"@context":"https:\/\/schema.org","@graph":[{"@type":"WebPage","@id":"https:\/\/fdasrl.it\/de\/prodotto\/fahrbare-melkmaschine-fa1775-mit-oelgeschmierter-pumpe-fuer-milchkuehe\/","url":"https:\/\/fdasrl.it\/de\/prodotto\/fahrbare-melkmaschine-fa1775-mit-oelgeschmierter-pumpe-fuer-milchkuehe\/","name":"Fahrbare Melkmaschine f\u00fcr Rinder mit \u00f6lgeschmierter Pumpe \u2013 Einfach zu bedienen","isPartOf":{"@id":"https:\/\/fdasrl.it\/de\/#website"},"primaryImageOfPage":{"@id":"https:\/\/fdasrl.it\/de\/prodotto\/fahrbare-melkmaschine-fa1775-mit-oelgeschmierter-pumpe-fuer-milchkuehe\/#primaryimage"},"image":{"@id":"https:\/\/fdasrl.it\/de\/prodotto\/fahrbare-melkmaschine-fa1775-mit-oelgeschmierter-pumpe-fuer-milchkuehe\/#primaryimage"},"thumbnailUrl":"https:\/\/fdasrl.it\/wp-content\/uploads\/2026\/03\/mungitrice-olio-fda-bovini-1-gruppo-3-4.jpg","datePublished":"2026-03-03T16:31:13+00:00","description":"Holen Sie das Maximum aus der fahrbaren Melkmaschine f\u00fcr K\u00fche mit einer Melkeinheit! Hervorragende Leistung und reduzierter Wartungsaufwand, verpassen Sie diese Gelegenheit nicht! \ud83c\udf3e","breadcrumb":{"@id":"https:\/\/fdasrl.it\/de\/prodotto\/fahrbare-melkmaschine-fa1775-mit-oelgeschmierter-pumpe-fuer-milchkuehe\/#breadcrumb"},"inLanguage":"de","potentialAction":[{"@type":"ReadAction","target":["https:\/\/fdasrl.it\/de\/prodotto\/fahrbare-melkmaschine-fa1775-mit-oelgeschmierter-pumpe-fuer-milchkuehe\/"]}]},{"@type":"ImageObject","inLanguage":"de","@id":"https:\/\/fdasrl.it\/de\/prodotto\/fahrbare-melkmaschine-fa1775-mit-oelgeschmierter-pumpe-fuer-milchkuehe\/#primaryimage","url":"https:\/\/fdasrl.it\/wp-content\/uploads\/2026\/03\/mungitrice-olio-fda-bovini-1-gruppo-3-4.jpg","contentUrl":"https:\/\/fdasrl.it\/wp-content\/uploads\/2026\/03\/mungitrice-olio-fda-bovini-1-gruppo-3-4.jpg","width":922,"height":800,"caption":"Fahrbare Melkmaschine FA1775 f\u00fcr Rinder mit Edelstahlbeh\u00e4lter, \u00f6lgeschmierter Vakuumpumpe und Melkeinheit."},{"@type":"BreadcrumbList","@id":"https:\/\/fdasrl.it\/de\/prodotto\/fahrbare-melkmaschine-fa1775-mit-oelgeschmierter-pumpe-fuer-milchkuehe\/#breadcrumb","itemListElement":[{"@type":"ListItem","position":1,"name":"Home","item":"https:\/\/fdasrl.it\/de\/startseite\/"},{"@type":"ListItem","position":2,"name":"Shop","item":"https:\/\/fdasrl.it\/de\/shop\/"},{"@type":"ListItem","position":3,"name":"Fahrbare Melkmaschine FA1775 mit \u00f6lgeschmierter Pumpe f\u00fcr Milchk\u00fche"}]},{"@type":"WebSite","@id":"https:\/\/fdasrl.it\/de\/#website","url":"https:\/\/fdasrl.it\/de\/","name":"FDA srl","description":"Equipment for animal husbandry","publisher":{"@id":"https:\/\/fdasrl.it\/de\/#organization"},"potentialAction":[{"@type":"SearchAction","target":{"@type":"EntryPoint","urlTemplate":"https:\/\/fdasrl.it\/de\/?s={search_term_string}"},"query-input":{"@type":"PropertyValueSpecification","valueRequired":true,"valueName":"search_term_string"}}],"inLanguage":"de"},{"@type":"Organization","@id":"https:\/\/fdasrl.it\/de\/#organization","name":"FDA srl","url":"https:\/\/fdasrl.it\/de\/","logo":{"@type":"ImageObject","inLanguage":"de","@id":"https:\/\/fdasrl.it\/de\/#\/schema\/logo\/image\/","url":"https:\/\/fdasrl.it\/wp-content\/uploads\/2024\/12\/Logo-FDA.png","contentUrl":"https:\/\/fdasrl.it\/wp-content\/uploads\/2024\/12\/Logo-FDA.png","width":316,"height":119,"caption":"FDA srl"},"image":{"@id":"https:\/\/fdasrl.it\/de\/#\/schema\/logo\/image\/"},"sameAs":["https:\/\/www.facebook.com\/share\/1MWhFWg1Tp\/?mibextid=LQQJ4d","https:\/\/www.instagram.com\/fda_srl\/profilecard\/?igsh=YW5lbzJ6MWg0d21u","https:\/\/www.youtube.com\/@FDASRL_ANIMALCARE"],"description":"FDA SRL \u2013 Equipment for animal husbandry nasce con l\u2019obiettivo di offrire soluzioni affidabili e innovative per l\u2019allevamento moderno. Con anni di esperienza nel settore zootecnico, progettiamo e realizziamo attrezzature destinate al benessere animale e alla gestione efficiente delle stalle: vasche, abbeveratoi, mangiatoie e sistemi di riscaldamento pensati per durare nel tempo e semplificare il lavoro quotidiano degli allevatori. Dalla progettazione alla produzione, ogni nostro prodotto \u00e8 studiato nei minimi dettagli, testato con cura e costruito per rispondere alle esigenze reali del settore. La nostra forza \u00e8 unire artigianalit\u00e0, tecnologia e competenza tecnica per trasformare ogni progetto in una soluzione concreta e funzionale. Oggi FDA SRL \u00e8 un punto di riferimento per privati e rivenditori che cercano qualit\u00e0, affidabilit\u00e0 e innovazione nelle attrezzature per l\u2019allevamento.","email":"info@fdasrl.it","telephone":"+390522826820","legalName":"F.D.A. SRL","foundingDate":"2024-10-13","vatID":"03075840359","taxID":"03075840359","numberOfEmployees":{"@type":"QuantitativeValue","minValue":"1","maxValue":"10"}}]},"product_price_currency":"EUR","og_availability":"instock","product_availability":"instock","product_retailer_item_id":"FA1775","product_condition":"new"},"_links":{"self":[{"href":"https:\/\/fdasrl.it\/de\/wp-json\/wp\/v2\/product\/1742","targetHints":{"allow":["GET"]}}],"collection":[{"href":"https:\/\/fdasrl.it\/de\/wp-json\/wp\/v2\/product"}],"about":[{"href":"https:\/\/fdasrl.it\/de\/wp-json\/wp\/v2\/types\/product"}],"replies":[{"embeddable":true,"href":"https:\/\/fdasrl.it\/de\/wp-json\/wp\/v2\/comments?post=1742"}],"wp:featuredmedia":[{"embeddable":true,"href":"https:\/\/fdasrl.it\/de\/wp-json\/wp\/v2\/media\/1116"}],"wp:attachment":[{"href":"https:\/\/fdasrl.it\/de\/wp-json\/wp\/v2\/media?parent=1742"}],"wp:term":[{"taxonomy":"product_brand","embeddable":true,"href":"https:\/\/fdasrl.it\/de\/wp-json\/wp\/v2\/product_brand?post=1742"},{"taxonomy":"product_cat","embeddable":true,"href":"https:\/\/fdasrl.it\/de\/wp-json\/wp\/v2\/product_cat?post=1742"},{"taxonomy":"product_tag","embeddable":true,"href":"https:\/\/fdasrl.it\/de\/wp-json\/wp\/v2\/product_tag?post=1742"}],"curies":[{"name":"wp","href":"https:\/\/api.w.org\/{rel}","templated":true}]}}