{"id":1762,"date":"2026-03-04T09:25:32","date_gmt":"2026-03-04T08:25:32","guid":{"rendered":"https:\/\/fdasrl.it\/prodotto\/fahrbare-melkmaschine-fa06433-fuer-ziegen-und-schafe-4-melkzeuge-mit-oelbadpumpe\/"},"modified":"2026-03-04T09:25:32","modified_gmt":"2026-03-04T08:25:32","slug":"fahrbare-melkmaschine-fa06433-fuer-ziegen-und-schafe-4-melkzeuge-mit-oelbadpumpe","status":"publish","type":"product","link":"https:\/\/fdasrl.it\/de\/prodotto\/fahrbare-melkmaschine-fa06433-fuer-ziegen-und-schafe-4-melkzeuge-mit-oelbadpumpe\/","title":{"rendered":"Fahrbare Melkmaschine FA06433 f\u00fcr Ziegen und Schafe, 4 Melkzeuge, mit \u00d6lbadpumpe"},"content":{"rendered":"<div>\n<h3 data-start=\"306\" data-end=\"418\">\ud83d\udc10\ud83d\udc11 Fahrbare Melkmaschine FA06433 f\u00fcr Ziegen und Schafe, 4 Melkzeuge, mit \u00d6lbadpumpe<\/h3>\n<p data-start=\"286\" data-end=\"451\">Die <strong data-start=\"289\" data-end=\"341\">fahrbare Melkmaschine FA06433 f\u00fcr Ziegen und Schafe<\/strong> ist f\u00fcr ein <strong data-start=\"383\" data-end=\"450\">schnelles, effizientes und hygienisches Melken in Schaf- und Ziegenbetrieben<\/strong> konzipiert.<\/p>\n<p data-start=\"453\" data-end=\"686\">Dank der <strong data-start=\"465\" data-end=\"497\">mobilen Fahrgestellstruktur<\/strong> und dem System mit <strong data-start=\"515\" data-end=\"549\">\u00d6lbad-Vakuumpumpe<\/strong> erm\u00f6glicht sie das Melken von <strong data-start=\"571\" data-end=\"616\">bis zu vier Tieren gleichzeitig<\/strong>, was die Produktivit\u00e4t steigert und die Arbeitszeit im Stall verk\u00fcrzt.<\/p>\n<p data-start=\"688\" data-end=\"849\">Das System ist auf <strong data-start=\"724\" data-end=\"777\">Zuverl\u00e4ssigkeit, Benutzerfreundlichkeit und Langlebigkeit<\/strong> ausgelegt, mit robusten Komponenten und Materialien, die f\u00fcr den Kontakt mit Milch geeignet sind.<\/p>\n<hr data-start=\"851\" data-end=\"854\">\n<h2 data-start=\"856\" data-end=\"885\">Hauptmerkmale<\/h2>\n<ul data-start=\"887\" data-end=\"1552\">\n<li data-start=\"887\" data-end=\"999\">\n<p data-start=\"889\" data-end=\"999\"><strong data-start=\"889\" data-end=\"974\">280 l\/min \u00d6lbad-Vakuumpumpe mit Elektromotor 220 VAC \u2013 0,75 kW<\/strong> mit separaten Kammern**<\/p>\n<\/li>\n<li data-start=\"1000\" data-end=\"1046\">\n<p data-start=\"1002\" data-end=\"1046\"><strong data-start=\"1002\" data-end=\"1044\">4 Melkzeuge f\u00fcr Ziegen\/Schafe<\/strong><\/p>\n<\/li>\n<li data-start=\"1047\" data-end=\"1108\">\n<p data-start=\"1049\" data-end=\"1108\"><strong data-start=\"1049\" data-end=\"1106\">2 pneumatische Pulsatoren f\u00fcr Ziegen\/Schafe (90\u2013120 bpm)*<\/strong><\/p>\n<\/li>\n<li data-start=\"1109\" data-end=\"1160\">\n<p data-start=\"1111\" data-end=\"1160\"><strong data-start=\"1111\" data-end=\"1158\">Hochresistente Polycarbonat-Becher<\/strong><\/p>\n<\/li>\n<li data-start=\"1161\" data-end=\"1223\">\n<p data-start=\"1163\" data-end=\"1223\"><strong data-start=\"1163\" data-end=\"1221\">4 lebensmittelechte Sammelst\u00fccke f\u00fcr Ziegen\/Schafe Mod. 13300<\/strong><\/p>\n<\/li>\n<li data-start=\"1224\" data-end=\"1267\">\n<p data-start=\"1226\" data-end=\"1267\"><strong data-start=\"1226\" data-end=\"1265\">Silikon-Zitzengummis zum Melken<\/strong><\/p>\n<\/li>\n<li data-start=\"1268\" data-end=\"1334\">\n<p data-start=\"1270\" data-end=\"1334\"><strong data-start=\"1270\" data-end=\"1332\">18-Liter-Vakuumtank mit Regulierventil<\/strong><\/p>\n<\/li>\n<li data-start=\"1335\" data-end=\"1385\">\n<p data-start=\"1337\" data-end=\"1385\"><strong data-start=\"1337\" data-end=\"1383\">Vakuummeter zur Unterdruckkontrolle<\/strong><\/p>\n<\/li>\n<li data-start=\"1386\" data-end=\"1421\">\n<p data-start=\"1388\" data-end=\"1421\"><strong data-start=\"1388\" data-end=\"1419\">1\/2&#8243;-Vakuumhahn<\/strong><\/p>\n<\/li>\n<li data-start=\"1422\" data-end=\"1471\">\n<p data-start=\"1424\" data-end=\"1471\"><strong data-start=\"1424\" data-end=\"1469\">40-Liter-Milcheimer aus Edelstahl<\/strong><\/p>\n<\/li>\n<li data-start=\"1472\" data-end=\"1528\">\n<p data-start=\"1474\" data-end=\"1528\"><strong data-start=\"1474\" data-end=\"1526\">2,5 m Melkschl\u00e4uche pro Melkzeug<\/strong><\/p>\n<\/li>\n<li data-start=\"1529\" data-end=\"1552\">\n<p data-start=\"1531\" data-end=\"1552\"><strong data-start=\"1531\" data-end=\"1552\">CE-Zertifizierung<\/strong><\/p>\n<\/li>\n<\/ul>\n<hr data-start=\"1554\" data-end=\"1557\">\n<h2 data-start=\"1559\" data-end=\"1579\">Lieferumfang<\/h2>\n<p data-start=\"1581\" data-end=\"1683\">Zur Erleichterung der Wartung und Gew\u00e4hrleistung hoher Hygienestandards wird die Melkmaschine geliefert mit:<\/p>\n<ul data-start=\"1685\" data-end=\"1757\">\n<li data-start=\"1685\" data-end=\"1720\">\n<p data-start=\"1687\" data-end=\"1720\"><strong data-start=\"1687\" data-end=\"1720\">Reinigungsb\u00fcrsten-Set<\/strong><\/p>\n<\/li>\n<li data-start=\"1721\" data-end=\"1757\">\n<p data-start=\"1723\" data-end=\"1757\"><strong data-start=\"1723\" data-end=\"1757\">1 Liter alkalisches Reinigungsmittel<\/strong><\/p>\n<\/li>\n<\/ul>\n<p data-start=\"1759\" data-end=\"1913\">Die milchf\u00fchrenden Teile bestehen aus <strong data-start=\"1812\" data-end=\"1851\">lebensmittelechten Materialien<\/strong>, um <strong data-start=\"1868\" data-end=\"1912\">Hygiene, Sicherheit und Langlebigkeit<\/strong> zu gew\u00e4hrleisten.<\/p>\n<hr data-start=\"1915\" data-end=\"1918\">\n<h2 data-start=\"1920\" data-end=\"1943\">Verf\u00fcgbares Zubeh\u00f6r<\/h2>\n<p data-start=\"1945\" data-end=\"2011\">* <strong data-start=\"1948\" data-end=\"2011\">Elektronischer Pulsator mit interner 24-VDC-Platine + Steuerger\u00e4t<\/strong><\/p>\n<p data-start=\"2013\" data-end=\"2100\">** <strong data-start=\"2018\" data-end=\"2100\">400 l\/min \u00d6lbad-Vakuumpumpe mit Elektromotor 220 VAC \u2013 1,10 kW<\/strong><\/p>\n<hr data-start=\"2102\" data-end=\"2105\">\n<p data-start=\"2107\" data-end=\"2325\">\u2705 <strong data-start=\"2109\" data-end=\"2325\">Die fahrbare Melkmaschine FA06433 ist die ideale L\u00f6sung f\u00fcr Schaf- und Ziegenbetriebe, die ein mobiles, zuverl\u00e4ssiges Melksystem f\u00fcr das gleichzeitige Melken mehrerer Tiere ben\u00f6tigen.<\/strong><\/p>\n<hr data-start=\"1949\" data-end=\"1952\">\n<h4 data-start=\"1954\" data-end=\"1993\"><\/h4>\n<h4 data-start=\"1954\" data-end=\"1993\">H\u00e4ndler und Distributoren: Informationen anfordern <a href=\"https:\/\/fdasrl.it\/de\/kontakt\/\">(HIER KLICKEN)<\/a><\/h4>\n<h4 data-start=\"1954\" data-end=\"1993\">\ud83d\uded2 Online kaufen &#8211; <strong data-start=\"1961\" data-end=\"1993\">In zwei Versionen erh\u00e4ltlich:<\/strong><\/h4>\n<ul data-start=\"1994\" data-end=\"2080\">\n<li data-start=\"1994\" data-end=\"2037\">\n<p data-start=\"1996\" data-end=\"2037\">\u2705 [<strong data-start=\"1999\" data-end=\"2021\">Version f\u00fcr Ziegen<\/strong> \u2013 <a href=\"https:\/\/fda-shop.it\/shop\/mungitura\/mungitrici-carrellate\/mungitrice-carrellata-4-gruppi-per-capre-e-pecore-con-pompa-a-bagno-olio-280-400-lmin#\/302-tipo_motore_olio-motore_standard_280_litri_pecore\">hier klicken<\/a>]<\/p>\n<\/li>\n<li data-start=\"2038\" data-end=\"2080\">\n<p data-start=\"2040\" data-end=\"2080\">\u2705 [<strong data-start=\"2043\" data-end=\"2066\">Version f\u00fcr Schafe<\/strong> \u2013 <a href=\"https:\/\/fda-shop.it\/shop\/mungitura\/mungitrici-carrellate\/mungitrice-carrellata-4-gruppi-per-capre-e-pecore-con-pompa-a-bagno-olio-280-400-lmin#\/302-tipo_motore_olio-motore_standard_280_litri_pecore\">hier klicken<\/a>]<\/p>\n<\/li>\n<\/ul>\n<\/div>\n","protected":false},"excerpt":{"rendered":"<p>Fahrbare Melkmaschine FA06433 f\u00fcr Ziegen und Schafe mit 4 Melkzeugen und 280 l\/min \u00d6lbad-Vakuumpumpe (optional 400 l\/min). Ausgestattet mit 40-l-Edelstahl-Milcheimer, Polycarbonat-Bechern und Silikon-Zitzengummis. Mobiles, zuverl\u00e4ssiges und CE-zertifiziertes System, ideal f\u00fcr das gleichzeitige Melken mehrerer Tiere.  <\/p>\n","protected":false},"featured_media":1133,"comment_status":"open","ping_status":"closed","template":"","meta":{"_et_pb_use_builder":"","_et_pb_old_content":"","_et_gb_content_width":""},"product_brand":[],"product_cat":[410,414],"product_tag":[415],"class_list":{"0":"post-1762","1":"product","2":"type-product","3":"status-publish","4":"has-post-thumbnail","6":"product_cat-fahrbare-melkmaschinen","7":"product_cat-schafe-und-ziegen","8":"product_tag-fa06433","10":"first","11":"instock","12":"shipping-taxable","13":"product-type-simple"},"yoast_head":"<!-- This site is optimized with the Yoast SEO Premium plugin v27.5 (Yoast SEO v27.5) - https:\/\/yoast.com\/product\/yoast-seo-premium-wordpress\/ -->\n<title>Fahrbare Melkmaschine Ziegen Schafe 4 Melkzeuge \u00d6lbadpumpe<\/title>\n<meta name=\"description\" content=\"Entdecken Sie die fahrbare Melkmaschine f\u00fcr Ziegen und Schafe, ideal f\u00fcr schnelles und hygienisches Melken. Steigern Sie Ihre Produktivit\u00e4t im Stall!\" \/>\n<meta name=\"robots\" content=\"index, follow, max-snippet:-1, max-image-preview:large, max-video-preview:-1\" \/>\n<link rel=\"canonical\" href=\"https:\/\/fdasrl.it\/de\/prodotto\/fahrbare-melkmaschine-fa06433-fuer-ziegen-und-schafe-4-melkzeuge-mit-oelbadpumpe\/\" \/>\n<meta property=\"og:locale\" content=\"de_DE\" \/>\n<meta property=\"og:type\" content=\"article\" \/>\n<meta property=\"og:title\" content=\"Fahrbare Melkmaschine FA06433 f\u00fcr Ziegen und Schafe, 4 Melkzeuge, mit \u00d6lbadpumpe\" \/>\n<meta property=\"og:description\" content=\"Entdecken Sie die fahrbare Melkmaschine f\u00fcr Ziegen und Schafe, ideal f\u00fcr schnelles und hygienisches Melken. Steigern Sie Ihre Produktivit\u00e4t im Stall!\" \/>\n<meta property=\"og:url\" content=\"https:\/\/fdasrl.it\/de\/prodotto\/fahrbare-melkmaschine-fa06433-fuer-ziegen-und-schafe-4-melkzeuge-mit-oelbadpumpe\/\" \/>\n<meta property=\"og:site_name\" content=\"FDA srl\" \/>\n<meta property=\"article:publisher\" content=\"https:\/\/www.facebook.com\/share\/1MWhFWg1Tp\/?mibextid=LQQJ4d\" \/>\n<meta property=\"og:image\" content=\"https:\/\/fdasrl.it\/wp-content\/uploads\/2026\/03\/mungitrice-carrellata-4-gruppi-per-capre-e-pecore-con-pompa-a-olio-280-lmin-3.jpg\" \/>\n\t<meta property=\"og:image:width\" content=\"1327\" \/>\n\t<meta property=\"og:image:height\" content=\"1365\" \/>\n\t<meta property=\"og:image:type\" content=\"image\/jpeg\" \/>\n<meta name=\"twitter:card\" content=\"summary_large_image\" \/>\n<meta name=\"twitter:label1\" content=\"Preis\" \/>\n\t<meta name=\"twitter:data1\" content=\"\" \/>\n\t<meta name=\"twitter:label2\" content=\"Verf\u00fcgbarkeit\" \/>\n\t<meta name=\"twitter:data2\" content=\"Auf Lager\" \/>\n<meta property=\"product:price:currency\" content=\"EUR\" \/>\n<meta property=\"og:availability\" content=\"instock\" \/>\n<meta property=\"product:availability\" content=\"instock\" \/>\n<meta property=\"product:retailer_item_id\" content=\"FA06433\" \/>\n<meta property=\"product:condition\" content=\"new\" \/>\n<!-- \/ Yoast SEO Premium plugin. -->","yoast_head_json":{"title":"Fahrbare Melkmaschine Ziegen Schafe 4 Melkzeuge \u00d6lbadpumpe","description":"Entdecken Sie die fahrbare Melkmaschine f\u00fcr Ziegen und Schafe, ideal f\u00fcr schnelles und hygienisches Melken. Steigern Sie Ihre Produktivit\u00e4t im Stall!","robots":{"index":"index","follow":"follow","max-snippet":"max-snippet:-1","max-image-preview":"max-image-preview:large","max-video-preview":"max-video-preview:-1"},"canonical":"https:\/\/fdasrl.it\/de\/prodotto\/fahrbare-melkmaschine-fa06433-fuer-ziegen-und-schafe-4-melkzeuge-mit-oelbadpumpe\/","og_locale":"de_DE","og_type":"article","og_title":"Fahrbare Melkmaschine FA06433 f\u00fcr Ziegen und Schafe, 4 Melkzeuge, mit \u00d6lbadpumpe","og_description":"Entdecken Sie die fahrbare Melkmaschine f\u00fcr Ziegen und Schafe, ideal f\u00fcr schnelles und hygienisches Melken. Steigern Sie Ihre Produktivit\u00e4t im Stall!","og_url":"https:\/\/fdasrl.it\/de\/prodotto\/fahrbare-melkmaschine-fa06433-fuer-ziegen-und-schafe-4-melkzeuge-mit-oelbadpumpe\/","og_site_name":"FDA srl","article_publisher":"https:\/\/www.facebook.com\/share\/1MWhFWg1Tp\/?mibextid=LQQJ4d","og_image":[{"width":1327,"height":1365,"url":"https:\/\/fdasrl.it\/wp-content\/uploads\/2026\/03\/mungitrice-carrellata-4-gruppi-per-capre-e-pecore-con-pompa-a-olio-280-lmin-3.jpg","type":"image\/jpeg"}],"twitter_card":"summary_large_image","twitter_misc":{"Preis":"","Verf\u00fcgbarkeit":"Auf Lager"},"schema":{"@context":"https:\/\/schema.org","@graph":[{"@type":"WebPage","@id":"https:\/\/fdasrl.it\/de\/prodotto\/fahrbare-melkmaschine-fa06433-fuer-ziegen-und-schafe-4-melkzeuge-mit-oelbadpumpe\/","url":"https:\/\/fdasrl.it\/de\/prodotto\/fahrbare-melkmaschine-fa06433-fuer-ziegen-und-schafe-4-melkzeuge-mit-oelbadpumpe\/","name":"Fahrbare Melkmaschine Ziegen Schafe 4 Melkzeuge \u00d6lbadpumpe","isPartOf":{"@id":"https:\/\/fdasrl.it\/de\/#website"},"primaryImageOfPage":{"@id":"https:\/\/fdasrl.it\/de\/prodotto\/fahrbare-melkmaschine-fa06433-fuer-ziegen-und-schafe-4-melkzeuge-mit-oelbadpumpe\/#primaryimage"},"image":{"@id":"https:\/\/fdasrl.it\/de\/prodotto\/fahrbare-melkmaschine-fa06433-fuer-ziegen-und-schafe-4-melkzeuge-mit-oelbadpumpe\/#primaryimage"},"thumbnailUrl":"https:\/\/fdasrl.it\/wp-content\/uploads\/2026\/03\/mungitrice-carrellata-4-gruppi-per-capre-e-pecore-con-pompa-a-olio-280-lmin-3.jpg","datePublished":"2026-03-04T08:25:32+00:00","description":"Entdecken Sie die fahrbare Melkmaschine f\u00fcr Ziegen und Schafe, ideal f\u00fcr schnelles und hygienisches Melken. Steigern Sie Ihre Produktivit\u00e4t im Stall!","breadcrumb":{"@id":"https:\/\/fdasrl.it\/de\/prodotto\/fahrbare-melkmaschine-fa06433-fuer-ziegen-und-schafe-4-melkzeuge-mit-oelbadpumpe\/#breadcrumb"},"inLanguage":"de","potentialAction":[{"@type":"ReadAction","target":["https:\/\/fdasrl.it\/de\/prodotto\/fahrbare-melkmaschine-fa06433-fuer-ziegen-und-schafe-4-melkzeuge-mit-oelbadpumpe\/"]}]},{"@type":"ImageObject","inLanguage":"de","@id":"https:\/\/fdasrl.it\/de\/prodotto\/fahrbare-melkmaschine-fa06433-fuer-ziegen-und-schafe-4-melkzeuge-mit-oelbadpumpe\/#primaryimage","url":"https:\/\/fdasrl.it\/wp-content\/uploads\/2026\/03\/mungitrice-carrellata-4-gruppi-per-capre-e-pecore-con-pompa-a-olio-280-lmin-3.jpg","contentUrl":"https:\/\/fdasrl.it\/wp-content\/uploads\/2026\/03\/mungitrice-carrellata-4-gruppi-per-capre-e-pecore-con-pompa-a-olio-280-lmin-3.jpg","width":1327,"height":1365,"caption":"Professionelle Melkmaschine f\u00fcr Ziegen und Schafe mit vier Melkzeugen und Edelstahl-Milcheimer."},{"@type":"BreadcrumbList","@id":"https:\/\/fdasrl.it\/de\/prodotto\/fahrbare-melkmaschine-fa06433-fuer-ziegen-und-schafe-4-melkzeuge-mit-oelbadpumpe\/#breadcrumb","itemListElement":[{"@type":"ListItem","position":1,"name":"Home","item":"https:\/\/fdasrl.it\/de\/startseite\/"},{"@type":"ListItem","position":2,"name":"Shop","item":"https:\/\/fdasrl.it\/de\/shop\/"},{"@type":"ListItem","position":3,"name":"Fahrbare Melkmaschine FA06433 f\u00fcr Ziegen und Schafe, 4 Melkzeuge, mit \u00d6lbadpumpe"}]},{"@type":"WebSite","@id":"https:\/\/fdasrl.it\/de\/#website","url":"https:\/\/fdasrl.it\/de\/","name":"FDA srl","description":"Equipment for animal husbandry","publisher":{"@id":"https:\/\/fdasrl.it\/de\/#organization"},"potentialAction":[{"@type":"SearchAction","target":{"@type":"EntryPoint","urlTemplate":"https:\/\/fdasrl.it\/de\/?s={search_term_string}"},"query-input":{"@type":"PropertyValueSpecification","valueRequired":true,"valueName":"search_term_string"}}],"inLanguage":"de"},{"@type":"Organization","@id":"https:\/\/fdasrl.it\/de\/#organization","name":"FDA srl","url":"https:\/\/fdasrl.it\/de\/","logo":{"@type":"ImageObject","inLanguage":"de","@id":"https:\/\/fdasrl.it\/de\/#\/schema\/logo\/image\/","url":"https:\/\/fdasrl.it\/wp-content\/uploads\/2024\/12\/Logo-FDA.png","contentUrl":"https:\/\/fdasrl.it\/wp-content\/uploads\/2024\/12\/Logo-FDA.png","width":316,"height":119,"caption":"FDA srl"},"image":{"@id":"https:\/\/fdasrl.it\/de\/#\/schema\/logo\/image\/"},"sameAs":["https:\/\/www.facebook.com\/share\/1MWhFWg1Tp\/?mibextid=LQQJ4d","https:\/\/www.instagram.com\/fda_srl\/profilecard\/?igsh=YW5lbzJ6MWg0d21u","https:\/\/www.youtube.com\/@FDASRL_ANIMALCARE"],"description":"FDA SRL \u2013 Equipment for animal husbandry nasce con l\u2019obiettivo di offrire soluzioni affidabili e innovative per l\u2019allevamento moderno. Con anni di esperienza nel settore zootecnico, progettiamo e realizziamo attrezzature destinate al benessere animale e alla gestione efficiente delle stalle: vasche, abbeveratoi, mangiatoie e sistemi di riscaldamento pensati per durare nel tempo e semplificare il lavoro quotidiano degli allevatori. Dalla progettazione alla produzione, ogni nostro prodotto \u00e8 studiato nei minimi dettagli, testato con cura e costruito per rispondere alle esigenze reali del settore. La nostra forza \u00e8 unire artigianalit\u00e0, tecnologia e competenza tecnica per trasformare ogni progetto in una soluzione concreta e funzionale. Oggi FDA SRL \u00e8 un punto di riferimento per privati e rivenditori che cercano qualit\u00e0, affidabilit\u00e0 e innovazione nelle attrezzature per l\u2019allevamento.","email":"info@fdasrl.it","telephone":"+390522826820","legalName":"F.D.A. SRL","foundingDate":"2024-10-13","vatID":"03075840359","taxID":"03075840359","numberOfEmployees":{"@type":"QuantitativeValue","minValue":"1","maxValue":"10"}}]},"product_price_currency":"EUR","og_availability":"instock","product_availability":"instock","product_retailer_item_id":"FA06433","product_condition":"new"},"_links":{"self":[{"href":"https:\/\/fdasrl.it\/de\/wp-json\/wp\/v2\/product\/1762","targetHints":{"allow":["GET"]}}],"collection":[{"href":"https:\/\/fdasrl.it\/de\/wp-json\/wp\/v2\/product"}],"about":[{"href":"https:\/\/fdasrl.it\/de\/wp-json\/wp\/v2\/types\/product"}],"replies":[{"embeddable":true,"href":"https:\/\/fdasrl.it\/de\/wp-json\/wp\/v2\/comments?post=1762"}],"wp:featuredmedia":[{"embeddable":true,"href":"https:\/\/fdasrl.it\/de\/wp-json\/wp\/v2\/media\/1133"}],"wp:attachment":[{"href":"https:\/\/fdasrl.it\/de\/wp-json\/wp\/v2\/media?parent=1762"}],"wp:term":[{"taxonomy":"product_brand","embeddable":true,"href":"https:\/\/fdasrl.it\/de\/wp-json\/wp\/v2\/product_brand?post=1762"},{"taxonomy":"product_cat","embeddable":true,"href":"https:\/\/fdasrl.it\/de\/wp-json\/wp\/v2\/product_cat?post=1762"},{"taxonomy":"product_tag","embeddable":true,"href":"https:\/\/fdasrl.it\/de\/wp-json\/wp\/v2\/product_tag?post=1762"}],"curies":[{"name":"wp","href":"https:\/\/api.w.org\/{rel}","templated":true}]}}