{"id":1819,"date":"2026-03-04T08:42:29","date_gmt":"2026-03-04T07:42:29","guid":{"rendered":"https:\/\/fdasrl.it\/prodotto\/fahrbare-melkmaschine-fa1625-mit-zwei-melkzeugen-fuer-rinder-mit-oelbadvakuumpumpe\/"},"modified":"2026-03-04T08:42:29","modified_gmt":"2026-03-04T07:42:29","slug":"fahrbare-melkmaschine-fa1625-mit-zwei-melkzeugen-fuer-rinder-mit-oelbadvakuumpumpe","status":"publish","type":"product","link":"https:\/\/fdasrl.it\/de\/prodotto\/fahrbare-melkmaschine-fa1625-mit-zwei-melkzeugen-fuer-rinder-mit-oelbadvakuumpumpe\/","title":{"rendered":"Fahrbare Melkmaschine FA1625 mit zwei Melkzeugen f\u00fcr Rinder mit \u00d6lbadvakuumpumpe"},"content":{"rendered":"<div>\n<h1 data-start=\"130\" data-end=\"209\">Fahrbare Melkmaschine FA1625 mit zwei Melkzeugen f\u00fcr Rinder mit \u00d6lbadvakuumpumpe<\/h1>\n<p data-start=\"211\" data-end=\"372\">Die <strong data-start=\"214\" data-end=\"272\">fahrbare Melkmaschine FA1625 mit zwei Melkzeugen<\/strong> ist konzipiert, um ein <strong data-start=\"314\" data-end=\"371\">effizientes, zuverl\u00e4ssiges und hygienisches Melken von Milchrindern<\/strong> zu gew\u00e4hrleisten.<\/p>\n<p data-start=\"374\" data-end=\"634\">Dank der <strong data-start=\"386\" data-end=\"418\">mobilen Fahrgestellkonstruktion<\/strong> und des Systems mit <strong data-start=\"436\" data-end=\"470\">\u00d6lbadvakuumpumpe<\/strong> stellt sie eine ideale L\u00f6sung f\u00fcr landwirtschaftliche Betriebe dar, die eine <strong data-start=\"573\" data-end=\"633\">robuste, praktische und f\u00fcr den direkten Einsatz im Stall geeignete<\/strong> Melkanlage ben\u00f6tigen.<\/p>\n<p data-start=\"636\" data-end=\"787\">Das System mit <strong data-start=\"649\" data-end=\"673\">zwei Melkzeugen<\/strong> erm\u00f6glicht das <strong data-start=\"694\" data-end=\"727\">gleichzeitige Melken von zwei K\u00fchen<\/strong>, verbessert die Produktivit\u00e4t und reduziert die Arbeitszeit.<\/p>\n<hr data-start=\"789\" data-end=\"792\">\n<h2 data-start=\"794\" data-end=\"823\">Hauptmerkmale<\/h2>\n<ul data-start=\"825\" data-end=\"1092\">\n<li data-start=\"825\" data-end=\"874\">\n<p data-start=\"827\" data-end=\"874\"><strong data-start=\"827\" data-end=\"874\">\u00d6lbadvakuumpumpe 280 L\/min*<\/strong><\/p>\n<\/li>\n<li data-start=\"875\" data-end=\"912\">\n<p data-start=\"877\" data-end=\"912\"><strong data-start=\"877\" data-end=\"912\">Elektromotor 220 V \u2013 0,75 kW<\/strong><\/p>\n<\/li>\n<li data-start=\"913\" data-end=\"947\">\n<p data-start=\"915\" data-end=\"947\">Pumpe mit <strong data-start=\"925\" data-end=\"947\">getrennten Wannen<\/strong><\/p>\n<\/li>\n<li data-start=\"948\" data-end=\"985\">\n<p data-start=\"950\" data-end=\"985\"><strong data-start=\"950\" data-end=\"985\">Vakuumbeh\u00e4lter 18 Liter<\/strong><\/p>\n<\/li>\n<li data-start=\"986\" data-end=\"1034\">\n<p data-start=\"988\" data-end=\"1034\"><strong data-start=\"988\" data-end=\"1002\">Vakuummeter<\/strong> zur Unterdruckkontrolle<\/p>\n<\/li>\n<li data-start=\"1035\" data-end=\"1068\">\n<p data-start=\"1037\" data-end=\"1068\"><strong data-start=\"1037\" data-end=\"1068\">Vakuumhahn 1\/2&#8243;<\/strong><\/p>\n<\/li>\n<li data-start=\"1069\" data-end=\"1092\">\n<p data-start=\"1071\" data-end=\"1092\"><strong data-start=\"1071\" data-end=\"1092\">CE-Zertifizierung<\/strong><\/p>\n<\/li>\n<\/ul>\n<hr data-start=\"1094\" data-end=\"1097\">\n<h2 data-start=\"1099\" data-end=\"1138\">Melkzeuge f\u00fcr Milchrinder<\/h2>\n<p data-start=\"1140\" data-end=\"1211\">Die Melkmaschine ist mit <strong data-start=\"1166\" data-end=\"1197\">2 kompletten Melkzeugen<\/strong> ausgestattet, bestehend aus:<\/p>\n<ul data-start=\"1213\" data-end=\"1391\">\n<li data-start=\"1213\" data-end=\"1241\">\n<p data-start=\"1215\" data-end=\"1241\"><strong data-start=\"1215\" data-end=\"1241\">2 Sammelst\u00fccke 250 cc<\/strong><\/p>\n<\/li>\n<li data-start=\"1242\" data-end=\"1280\">\n<p data-start=\"1244\" data-end=\"1280\"><strong data-start=\"1244\" data-end=\"1280\">2 pneumatische Pulsatoren 60 bpm*<\/strong><\/p>\n<\/li>\n<li data-start=\"1281\" data-end=\"1321\">\n<p data-start=\"1283\" data-end=\"1321\"><strong data-start=\"1283\" data-end=\"1321\">Zitzengummis aus Edelstahl 155 mm<\/strong><\/p>\n<\/li>\n<li data-start=\"1322\" data-end=\"1343\">\n<p data-start=\"1324\" data-end=\"1343\"><strong data-start=\"1324\" data-end=\"1343\">Bohrung 16,5 mm<\/strong><\/p>\n<\/li>\n<li data-start=\"1344\" data-end=\"1391\">\n<p data-start=\"1346\" data-end=\"1391\"><strong data-start=\"1346\" data-end=\"1391\">Melkgummis kompatibel Typ DeLaval<\/strong><\/p>\n<\/li>\n<\/ul>\n<hr data-start=\"1393\" data-end=\"1396\">\n<h2 data-start=\"1398\" data-end=\"1418\">Enthaltene Ausstattung<\/h2>\n<ul data-start=\"1420\" data-end=\"1596\">\n<li data-start=\"1420\" data-end=\"1468\">\n<p data-start=\"1422\" data-end=\"1468\"><strong data-start=\"1422\" data-end=\"1468\">2 Milcheimer aus Edelstahl 30 Liter<\/strong><\/p>\n<\/li>\n<li data-start=\"1469\" data-end=\"1523\">\n<p data-start=\"1471\" data-end=\"1523\"><strong data-start=\"1471\" data-end=\"1523\">Melkleitungen 2,5 Meter f\u00fcr jedes Melkzeug<\/strong><\/p>\n<\/li>\n<li data-start=\"1524\" data-end=\"1559\">\n<p data-start=\"1526\" data-end=\"1559\"><strong data-start=\"1526\" data-end=\"1559\">Reinigungsb\u00fcrsten-Set<\/strong><\/p>\n<\/li>\n<li data-start=\"1560\" data-end=\"1596\">\n<p data-start=\"1562\" data-end=\"1596\"><strong data-start=\"1562\" data-end=\"1596\">Alkalisches Reinigungsmittel 1 Liter<\/strong><\/p>\n<\/li>\n<\/ul>\n<p data-start=\"1598\" data-end=\"1736\">Alle milchf\u00fchrenden Teile sind aus <strong data-start=\"1656\" data-end=\"1672\">Edelstahl<\/strong> gefertigt, um <strong data-start=\"1688\" data-end=\"1735\">maximale Hygiene und Korrosionsbest\u00e4ndigkeit<\/strong> zu gew\u00e4hrleisten.<\/p>\n<hr data-start=\"1738\" data-end=\"1741\">\n<h2 data-start=\"1743\" data-end=\"1766\">* Verf\u00fcgbare Optionen<\/h2>\n<ul data-start=\"1768\" data-end=\"1923\">\n<li data-start=\"1768\" data-end=\"1833\">\n<p data-start=\"1770\" data-end=\"1833\"><strong data-start=\"1770\" data-end=\"1833\">Elektronischer Pulsator mit interner Platine 24 VDC + Steuereinheit<\/strong><\/p>\n<\/li>\n<li data-start=\"1834\" data-end=\"1923\">\n<p data-start=\"1836\" data-end=\"1883\"><strong data-start=\"1836\" data-end=\"1883\">\u00d6lbadvakuumpumpe 400 L\/min<\/strong><\/p>\n<ul data-start=\"1886\" data-end=\"1923\">\n<li data-start=\"1886\" data-end=\"1923\">\n<p data-start=\"1888\" data-end=\"1923\">Elektromotor <strong data-start=\"1905\" data-end=\"1923\">220 V \u2013 1,10 kW<\/strong><\/p>\n<\/li>\n<\/ul>\n<\/li>\n<\/ul>\n<hr data-start=\"1925\" data-end=\"1928\">\n<h2 data-start=\"1930\" data-end=\"1965\">Vorteile der Melkmaschine FA1625<\/h2>\n<ul data-start=\"1967\" data-end=\"2168\">\n<li data-start=\"1967\" data-end=\"2007\">\n<p data-start=\"1969\" data-end=\"2007\"><strong data-start=\"1979\" data-end=\"2007\">gleichzeitiges Melken von zwei Rindern<\/strong><\/p>\n<\/li>\n<li data-start=\"2008\" data-end=\"2043\">\n<p data-start=\"2010\" data-end=\"2043\"><strong data-start=\"2020\" data-end=\"2043\">mobile und robuste<\/strong> Konstruktion<\/p>\n<\/li>\n<li data-start=\"2044\" data-end=\"2091\">\n<p data-start=\"2046\" data-end=\"2091\"><strong data-start=\"2046\" data-end=\"2091\">hochzuverl\u00e4ssige \u00d6lbadvakuumpumpe<\/strong><\/p>\n<\/li>\n<li data-start=\"2092\" data-end=\"2115\">\n<p data-start=\"2094\" data-end=\"2115\">einfache Wartung<\/p>\n<\/li>\n<li data-start=\"2116\" data-end=\"2168\">\n<p data-start=\"2118\" data-end=\"2168\">System konzipiert f\u00fcr <strong data-start=\"2141\" data-end=\"2168\">intensiven Einsatz im Stall<\/strong><\/p>\n<\/li>\n<\/ul>\n<\/div>\n<div><\/div>\n<div>\n<p data-start=\"2990\" data-end=\"3172\">H\u00e4ndler und Vertriebspartner: Fordern Sie Informationen an <a href=\"https:\/\/fdasrl.it\/de\/kontakt\/\">(HIER KLICKEN)<\/a><\/p>\n<\/div>\n<div>Kaufen Sie sie in unserem <a href=\"https:\/\/fda-shop.it\/shop\/mungitura\/mungitrici-carrellate\/mungitrice-bovini\/mungitrice-carrellata-fa1625-a-2-gruppi-con-pompa-del-vuoto-a-bagno-dolio-per-bovini#\/307-tipo_motore_olio-motore_standard_280_litri_bovini\" target=\"_blank\" rel=\"noopener\">Online-Shop<\/a><\/div>\n<p>&nbsp;<\/p>\n","protected":false},"excerpt":{"rendered":"<p>Fahrbare Melkmaschine FA1625 mit zwei Melkzeugen f\u00fcr Milchrinder mit \u00d6lbadvakuumpumpe 280 oder 400 L\/min. Ausgestattet mit zwei kompletten Melkzeugen, zwei Edelstahl-Milcheimern 30 L und mobiler Fahrgestellkonstruktion. Zuverl\u00e4ssiges und CE-zertifiziertes System, ideal zum gleichzeitigen Melken von zwei K\u00fchen im Stall.  <\/p>\n","protected":false},"featured_media":1124,"comment_status":"open","ping_status":"closed","template":"","meta":{"_et_pb_use_builder":"","_et_pb_old_content":"","_et_gb_content_width":""},"product_brand":[],"product_cat":[410,409],"product_tag":[423],"class_list":{"0":"post-1819","1":"product","2":"type-product","3":"status-publish","4":"has-post-thumbnail","6":"product_cat-fahrbare-melkmaschinen","7":"product_cat-rinder","8":"product_tag-fa1625","10":"first","11":"instock","12":"shipping-taxable","13":"product-type-simple"},"yoast_head":"<!-- This site is optimized with the Yoast SEO Premium plugin v27.5 (Yoast SEO v27.5) - https:\/\/yoast.com\/product\/yoast-seo-premium-wordpress\/ -->\n<title>Fahrbare Melkmaschine Rinder 2 Melkzeuge \u00d6lbadvakuumpumpe - FDA srl<\/title>\n<meta name=\"description\" content=\"Vereinfachen Sie Ihr Melken mit der fahrbaren Melkmaschine Rinder 2 Melkzeuge \u00d6lbadvakuumpumpe. Ideal f\u00fcr den direkten Einsatz im Stall und robust! \ud83d\udc4c\" \/>\n<meta name=\"robots\" content=\"index, follow, max-snippet:-1, max-image-preview:large, max-video-preview:-1\" \/>\n<link rel=\"canonical\" href=\"https:\/\/fdasrl.it\/de\/prodotto\/fahrbare-melkmaschine-fa1625-mit-zwei-melkzeugen-fuer-rinder-mit-oelbadvakuumpumpe\/\" \/>\n<meta property=\"og:locale\" content=\"de_DE\" \/>\n<meta property=\"og:type\" content=\"article\" \/>\n<meta property=\"og:title\" content=\"Fahrbare Melkmaschine FA1625 mit zwei Melkzeugen f\u00fcr Rinder mit \u00d6lbadvakuumpumpe\" \/>\n<meta property=\"og:description\" content=\"Vereinfachen Sie Ihr Melken mit der fahrbaren Melkmaschine Rinder 2 Melkzeuge \u00d6lbadvakuumpumpe. Ideal f\u00fcr den direkten Einsatz im Stall und robust! \ud83d\udc4c\" \/>\n<meta property=\"og:url\" content=\"https:\/\/fdasrl.it\/de\/prodotto\/fahrbare-melkmaschine-fa1625-mit-zwei-melkzeugen-fuer-rinder-mit-oelbadvakuumpumpe\/\" \/>\n<meta property=\"og:site_name\" content=\"FDA srl\" \/>\n<meta property=\"article:publisher\" content=\"https:\/\/www.facebook.com\/share\/1MWhFWg1Tp\/?mibextid=LQQJ4d\" \/>\n<meta property=\"og:image\" content=\"https:\/\/fdasrl.it\/wp-content\/uploads\/2026\/03\/mungitrice-olio-fda-bovini-2-gruppi.webp\" \/>\n\t<meta property=\"og:image:width\" content=\"2048\" \/>\n\t<meta property=\"og:image:height\" content=\"1982\" \/>\n\t<meta property=\"og:image:type\" content=\"image\/webp\" \/>\n<meta name=\"twitter:card\" content=\"summary_large_image\" \/>\n<meta name=\"twitter:label1\" content=\"Preis\" \/>\n\t<meta name=\"twitter:data1\" content=\"\" \/>\n\t<meta name=\"twitter:label2\" content=\"Verf\u00fcgbarkeit\" \/>\n\t<meta name=\"twitter:data2\" content=\"Auf Lager\" \/>\n<meta property=\"product:price:currency\" content=\"EUR\" \/>\n<meta property=\"og:availability\" content=\"instock\" \/>\n<meta property=\"product:availability\" content=\"instock\" \/>\n<meta property=\"product:retailer_item_id\" content=\"FA1625\" \/>\n<meta property=\"product:condition\" content=\"new\" \/>\n<!-- \/ Yoast SEO Premium plugin. -->","yoast_head_json":{"title":"Fahrbare Melkmaschine Rinder 2 Melkzeuge \u00d6lbadvakuumpumpe - FDA srl","description":"Vereinfachen Sie Ihr Melken mit der fahrbaren Melkmaschine Rinder 2 Melkzeuge \u00d6lbadvakuumpumpe. Ideal f\u00fcr den direkten Einsatz im Stall und robust! \ud83d\udc4c","robots":{"index":"index","follow":"follow","max-snippet":"max-snippet:-1","max-image-preview":"max-image-preview:large","max-video-preview":"max-video-preview:-1"},"canonical":"https:\/\/fdasrl.it\/de\/prodotto\/fahrbare-melkmaschine-fa1625-mit-zwei-melkzeugen-fuer-rinder-mit-oelbadvakuumpumpe\/","og_locale":"de_DE","og_type":"article","og_title":"Fahrbare Melkmaschine FA1625 mit zwei Melkzeugen f\u00fcr Rinder mit \u00d6lbadvakuumpumpe","og_description":"Vereinfachen Sie Ihr Melken mit der fahrbaren Melkmaschine Rinder 2 Melkzeuge \u00d6lbadvakuumpumpe. Ideal f\u00fcr den direkten Einsatz im Stall und robust! \ud83d\udc4c","og_url":"https:\/\/fdasrl.it\/de\/prodotto\/fahrbare-melkmaschine-fa1625-mit-zwei-melkzeugen-fuer-rinder-mit-oelbadvakuumpumpe\/","og_site_name":"FDA srl","article_publisher":"https:\/\/www.facebook.com\/share\/1MWhFWg1Tp\/?mibextid=LQQJ4d","og_image":[{"width":2048,"height":1982,"url":"https:\/\/fdasrl.it\/wp-content\/uploads\/2026\/03\/mungitrice-olio-fda-bovini-2-gruppi.webp","type":"image\/webp"}],"twitter_card":"summary_large_image","twitter_misc":{"Preis":"","Verf\u00fcgbarkeit":"Auf Lager"},"schema":{"@context":"https:\/\/schema.org","@graph":[{"@type":"WebPage","@id":"https:\/\/fdasrl.it\/de\/prodotto\/fahrbare-melkmaschine-fa1625-mit-zwei-melkzeugen-fuer-rinder-mit-oelbadvakuumpumpe\/","url":"https:\/\/fdasrl.it\/de\/prodotto\/fahrbare-melkmaschine-fa1625-mit-zwei-melkzeugen-fuer-rinder-mit-oelbadvakuumpumpe\/","name":"Fahrbare Melkmaschine Rinder 2 Melkzeuge \u00d6lbadvakuumpumpe - FDA srl","isPartOf":{"@id":"https:\/\/fdasrl.it\/de\/#website"},"primaryImageOfPage":{"@id":"https:\/\/fdasrl.it\/de\/prodotto\/fahrbare-melkmaschine-fa1625-mit-zwei-melkzeugen-fuer-rinder-mit-oelbadvakuumpumpe\/#primaryimage"},"image":{"@id":"https:\/\/fdasrl.it\/de\/prodotto\/fahrbare-melkmaschine-fa1625-mit-zwei-melkzeugen-fuer-rinder-mit-oelbadvakuumpumpe\/#primaryimage"},"thumbnailUrl":"https:\/\/fdasrl.it\/wp-content\/uploads\/2026\/03\/mungitrice-olio-fda-bovini-2-gruppi.webp","datePublished":"2026-03-04T07:42:29+00:00","description":"Vereinfachen Sie Ihr Melken mit der fahrbaren Melkmaschine Rinder 2 Melkzeuge \u00d6lbadvakuumpumpe. Ideal f\u00fcr den direkten Einsatz im Stall und robust! \ud83d\udc4c","breadcrumb":{"@id":"https:\/\/fdasrl.it\/de\/prodotto\/fahrbare-melkmaschine-fa1625-mit-zwei-melkzeugen-fuer-rinder-mit-oelbadvakuumpumpe\/#breadcrumb"},"inLanguage":"de","potentialAction":[{"@type":"ReadAction","target":["https:\/\/fdasrl.it\/de\/prodotto\/fahrbare-melkmaschine-fa1625-mit-zwei-melkzeugen-fuer-rinder-mit-oelbadvakuumpumpe\/"]}]},{"@type":"ImageObject","inLanguage":"de","@id":"https:\/\/fdasrl.it\/de\/prodotto\/fahrbare-melkmaschine-fa1625-mit-zwei-melkzeugen-fuer-rinder-mit-oelbadvakuumpumpe\/#primaryimage","url":"https:\/\/fdasrl.it\/wp-content\/uploads\/2026\/03\/mungitrice-olio-fda-bovini-2-gruppi.webp","contentUrl":"https:\/\/fdasrl.it\/wp-content\/uploads\/2026\/03\/mungitrice-olio-fda-bovini-2-gruppi.webp","width":2048,"height":1982,"caption":"Fahrbare Melkmaschine f\u00fcr Rinder mit doppeltem Melkzeug und Edelstahleimern."},{"@type":"BreadcrumbList","@id":"https:\/\/fdasrl.it\/de\/prodotto\/fahrbare-melkmaschine-fa1625-mit-zwei-melkzeugen-fuer-rinder-mit-oelbadvakuumpumpe\/#breadcrumb","itemListElement":[{"@type":"ListItem","position":1,"name":"Home","item":"https:\/\/fdasrl.it\/de\/startseite\/"},{"@type":"ListItem","position":2,"name":"Shop","item":"https:\/\/fdasrl.it\/de\/shop\/"},{"@type":"ListItem","position":3,"name":"Fahrbare Melkmaschine FA1625 mit zwei Melkzeugen f\u00fcr Rinder mit \u00d6lbadvakuumpumpe"}]},{"@type":"WebSite","@id":"https:\/\/fdasrl.it\/de\/#website","url":"https:\/\/fdasrl.it\/de\/","name":"FDA srl","description":"Equipment for animal husbandry","publisher":{"@id":"https:\/\/fdasrl.it\/de\/#organization"},"potentialAction":[{"@type":"SearchAction","target":{"@type":"EntryPoint","urlTemplate":"https:\/\/fdasrl.it\/de\/?s={search_term_string}"},"query-input":{"@type":"PropertyValueSpecification","valueRequired":true,"valueName":"search_term_string"}}],"inLanguage":"de"},{"@type":"Organization","@id":"https:\/\/fdasrl.it\/de\/#organization","name":"FDA srl","url":"https:\/\/fdasrl.it\/de\/","logo":{"@type":"ImageObject","inLanguage":"de","@id":"https:\/\/fdasrl.it\/de\/#\/schema\/logo\/image\/","url":"https:\/\/fdasrl.it\/wp-content\/uploads\/2024\/12\/Logo-FDA.png","contentUrl":"https:\/\/fdasrl.it\/wp-content\/uploads\/2024\/12\/Logo-FDA.png","width":316,"height":119,"caption":"FDA srl"},"image":{"@id":"https:\/\/fdasrl.it\/de\/#\/schema\/logo\/image\/"},"sameAs":["https:\/\/www.facebook.com\/share\/1MWhFWg1Tp\/?mibextid=LQQJ4d","https:\/\/www.instagram.com\/fda_srl\/profilecard\/?igsh=YW5lbzJ6MWg0d21u","https:\/\/www.youtube.com\/@FDASRL_ANIMALCARE"],"description":"FDA SRL \u2013 Equipment for animal husbandry nasce con l\u2019obiettivo di offrire soluzioni affidabili e innovative per l\u2019allevamento moderno. Con anni di esperienza nel settore zootecnico, progettiamo e realizziamo attrezzature destinate al benessere animale e alla gestione efficiente delle stalle: vasche, abbeveratoi, mangiatoie e sistemi di riscaldamento pensati per durare nel tempo e semplificare il lavoro quotidiano degli allevatori. Dalla progettazione alla produzione, ogni nostro prodotto \u00e8 studiato nei minimi dettagli, testato con cura e costruito per rispondere alle esigenze reali del settore. La nostra forza \u00e8 unire artigianalit\u00e0, tecnologia e competenza tecnica per trasformare ogni progetto in una soluzione concreta e funzionale. Oggi FDA SRL \u00e8 un punto di riferimento per privati e rivenditori che cercano qualit\u00e0, affidabilit\u00e0 e innovazione nelle attrezzature per l\u2019allevamento.","email":"info@fdasrl.it","telephone":"+390522826820","legalName":"F.D.A. SRL","foundingDate":"2024-10-13","vatID":"03075840359","taxID":"03075840359","numberOfEmployees":{"@type":"QuantitativeValue","minValue":"1","maxValue":"10"}}]},"product_price_currency":"EUR","og_availability":"instock","product_availability":"instock","product_retailer_item_id":"FA1625","product_condition":"new"},"_links":{"self":[{"href":"https:\/\/fdasrl.it\/de\/wp-json\/wp\/v2\/product\/1819","targetHints":{"allow":["GET"]}}],"collection":[{"href":"https:\/\/fdasrl.it\/de\/wp-json\/wp\/v2\/product"}],"about":[{"href":"https:\/\/fdasrl.it\/de\/wp-json\/wp\/v2\/types\/product"}],"replies":[{"embeddable":true,"href":"https:\/\/fdasrl.it\/de\/wp-json\/wp\/v2\/comments?post=1819"}],"wp:featuredmedia":[{"embeddable":true,"href":"https:\/\/fdasrl.it\/de\/wp-json\/wp\/v2\/media\/1124"}],"wp:attachment":[{"href":"https:\/\/fdasrl.it\/de\/wp-json\/wp\/v2\/media?parent=1819"}],"wp:term":[{"taxonomy":"product_brand","embeddable":true,"href":"https:\/\/fdasrl.it\/de\/wp-json\/wp\/v2\/product_brand?post=1819"},{"taxonomy":"product_cat","embeddable":true,"href":"https:\/\/fdasrl.it\/de\/wp-json\/wp\/v2\/product_cat?post=1819"},{"taxonomy":"product_tag","embeddable":true,"href":"https:\/\/fdasrl.it\/de\/wp-json\/wp\/v2\/product_tag?post=1819"}],"curies":[{"name":"wp","href":"https:\/\/api.w.org\/{rel}","templated":true}]}}