{"id":1848,"date":"2025-01-21T12:42:10","date_gmt":"2025-01-21T11:42:10","guid":{"rendered":"https:\/\/fdasrl.it\/prodotto\/fahrbare-melkmaschine-fuer-kuehe-2-melkzeuge\/"},"modified":"2025-01-21T12:42:10","modified_gmt":"2025-01-21T11:42:10","slug":"fahrbare-melkmaschine-fuer-kuehe-2-melkzeuge","status":"publish","type":"product","link":"https:\/\/fdasrl.it\/de\/prodotto\/fahrbare-melkmaschine-fuer-kuehe-2-melkzeuge\/","title":{"rendered":"FAHRBARE MELKMASCHINE F\u00dcR K\u00dcHE 2 MELKZEUGE"},"content":{"rendered":"<div>\n<h3 data-start=\"228\" data-end=\"331\"><strong data-start=\"228\" data-end=\"331\">Fahrbare Melkmaschine f\u00fcr K\u00fche mit 2 Melkzeugen, Trockenlaufpumpe und 2 Edelstahlbeh\u00e4ltern \u00e0 30 Liter<\/strong><\/h3>\n<h4 data-start=\"333\" data-end=\"609\">Diese professionelle fahrbare Melkmaschine ist die ideale L\u00f6sung f\u00fcr mittelgro\u00dfe Betriebe, die Effizienz, Zuverl\u00e4ssigkeit und Benutzerfreundlichkeit suchen. Dank ihrer robusten Konstruktion und hochwertigen Komponenten garantiert sie ein schonendes, schnelles und hygienisches Melken. <\/h4>\n<p class=\"\" data-start=\"611\" data-end=\"645\">\ud83d\udd27 <strong data-start=\"614\" data-end=\"645\">Hauptmerkmale:<\/strong><\/p>\n<ul data-start=\"647\" data-end=\"1450\">\n<li class=\"\" data-start=\"647\" data-end=\"806\">\n<p class=\"\" data-start=\"649\" data-end=\"806\"><strong data-start=\"649\" data-end=\"702\">Trockenlauf-Vakuumpumpe mit 280 oder 400 Liter\/Minute<\/strong>, ideal f\u00fcr einen konstanten und zuverl\u00e4ssigen Betrieb ohne \u00d6lwartung.<\/p>\n<\/li>\n<li class=\"\" data-start=\"807\" data-end=\"933\">\n<p class=\"\" data-start=\"809\" data-end=\"933\"><strong data-start=\"809\" data-end=\"851\">Zwei Edelstahlbeh\u00e4lter \u00e0 30 Liter<\/strong>, robust, leicht zu reinigen und konform mit den Hygienestandards f\u00fcr das Melken.<\/p>\n<\/li>\n<li class=\"\" data-start=\"934\" data-end=\"1059\">\n<p class=\"\" data-start=\"936\" data-end=\"1059\"><strong data-start=\"936\" data-end=\"969\">Einphasenmotor 220V \/ 0,55kW<\/strong>, kompatibel f\u00fcr den privaten oder betrieblichen Einsatz bei gleichzeitig hoher Leistung.<\/p>\n<\/li>\n<li class=\"\" data-start=\"1060\" data-end=\"1177\">\n<p class=\"\" data-start=\"1062\" data-end=\"1177\"><strong data-start=\"1062\" data-end=\"1083\">Schl\u00e4uche \u00e0 2,5 Meter<\/strong> f\u00fcr jedes Melkzeug, konzipiert f\u00fcr gro\u00dfe Bewegungsfreiheit w\u00e4hrend der Nutzung.<\/p>\n<\/li>\n<li class=\"\" data-start=\"1178\" data-end=\"1257\">\n<p class=\"\" data-start=\"1180\" data-end=\"1257\"><strong data-start=\"1180\" data-end=\"1203\">Vakuumbeh\u00e4lter<\/strong> integriert f\u00fcr optimale Druckstabilit\u00e4t.<\/p>\n<\/li>\n<li class=\"\" data-start=\"1258\" data-end=\"1346\">\n<p class=\"\" data-start=\"1260\" data-end=\"1346\"><strong data-start=\"1260\" data-end=\"1281\">CE-Zertifizierung<\/strong>, Garantie f\u00fcr Qualit\u00e4t und Sicherheit gem\u00e4\u00df europ\u00e4ischen Standards.<\/p>\n<\/li>\n<li class=\"\" data-start=\"1347\" data-end=\"1450\">\n<p class=\"\" data-start=\"1349\" data-end=\"1450\"><strong data-start=\"1349\" data-end=\"1382\">Reinigungsb\u00fcrsten-Set<\/strong> inklusive, um die Anlage stets perfekt hygienisch zu halten.<\/p>\n<\/li>\n<\/ul>\n<p class=\"\" data-start=\"1452\" data-end=\"1477\">\ud83d\udd29 <strong data-start=\"1455\" data-end=\"1477\">Enthaltenes Zubeh\u00f6r:<\/strong><\/p>\n<ul data-start=\"1479\" data-end=\"1884\">\n<li class=\"\" data-start=\"1479\" data-end=\"1532\">\n<p class=\"\" data-start=\"1481\" data-end=\"1532\">Edelstahlzitzenbecher (L.155 mm, Bohrung \u00d8 16,5 mm)<\/p>\n<\/li>\n<li class=\"\" data-start=\"1533\" data-end=\"1585\">\n<p class=\"\" data-start=\"1535\" data-end=\"1585\">Sammelst\u00fcck 250 cc speziell f\u00fcr Milchk\u00fche<\/p>\n<\/li>\n<li class=\"\" data-start=\"1586\" data-end=\"1648\">\n<p class=\"\" data-start=\"1588\" data-end=\"1648\">Pneumatischer Pulsator f\u00fcr effizientes und schonendes Melken<\/p>\n<\/li>\n<li class=\"\" data-start=\"1649\" data-end=\"1688\">\n<p class=\"\" data-start=\"1651\" data-end=\"1688\">Hochbelastbare Graphitlamellen<\/p>\n<\/li>\n<li class=\"\" data-start=\"1689\" data-end=\"1767\">\n<p class=\"\" data-start=\"1691\" data-end=\"1767\">Vakuummeter und Regulierventil f\u00fcr pr\u00e4zise Druckkontrolle<\/p>\n<\/li>\n<li class=\"\" data-start=\"1768\" data-end=\"1797\">\n<p class=\"\" data-start=\"1770\" data-end=\"1797\">Vakuumhahn 1\/2&#8243;<\/p>\n<\/li>\n<li class=\"\" data-start=\"1798\" data-end=\"1836\">\n<p class=\"\" data-start=\"1800\" data-end=\"1836\">Melkgummi kompatibel mit DeLaval<\/p>\n<\/li>\n<li class=\"\" data-start=\"1837\" data-end=\"1884\">\n<p class=\"\" data-start=\"1839\" data-end=\"1884\">Komplettes Melkzeug f\u00fcr Milchk\u00fche<\/p>\n<\/li>\n<\/ul>\n<p class=\"\" data-start=\"1886\" data-end=\"1984\">\ud83d\udcbc Ideal f\u00fcr kleine und mittlere Landwirte, die eine professionelle und zuverl\u00e4ssige Ausr\u00fcstung w\u00fcnschen.<\/p>\n<\/div>\n<div><\/div>\n<div>Kaufen Sie sie in unserem <a href=\"https:\/\/fda-shop.it\/shop\/mungitura\/mungitrici-carrellate\/mungitrice-bovini\/mungitrice-bovini-a-due-gruppi-e-bidoni#\/261-tipo-motore_standard_280_litri\" target=\"_blank\" rel=\"noopener\">Online-Shop<\/a><\/div>\n","protected":false},"excerpt":{"rendered":"<p>Fahrbare Melkmaschine f\u00fcr K\u00fche mit 2 Melkzeugen, Trockenlaufpumpe mit 280 oder 400 L\/min, 2 Edelstahlbeh\u00e4ltern \u00e0 30L, Motor 220V. Komplett mit Zubeh\u00f6r und CE-zertifiziert. Ideal f\u00fcr kleine und mittlere Betriebe.  <\/p>\n","protected":false},"featured_media":454,"comment_status":"open","ping_status":"closed","template":"","meta":{"_et_pb_use_builder":"","_et_pb_old_content":"","_et_gb_content_width":""},"product_brand":[],"product_cat":[410],"product_tag":[426],"class_list":{"0":"post-1848","1":"product","2":"type-product","3":"status-publish","4":"has-post-thumbnail","6":"product_cat-fahrbare-melkmaschinen","7":"product_tag-m1600","9":"first","10":"instock","11":"shipping-taxable","12":"product-type-simple"},"yoast_head":"<!-- This site is optimized with the Yoast SEO Premium plugin v27.5 (Yoast SEO v27.5) - https:\/\/yoast.com\/product\/yoast-seo-premium-wordpress\/ -->\n<title>FAHRBARE MELKMASCHINE F\u00dcR K\u00dcHE 2 MELKZEUGE - FDA srl<\/title>\n<meta name=\"description\" content=\"Die Melkmaschine f\u00fcr K\u00fche bietet einen konstanten Betrieb ohne \u00d6lwartung. Jetzt kaufen und die Effizienz Ihres Betriebs steigern! \ud83d\udd27\" \/>\n<meta name=\"robots\" content=\"index, follow, max-snippet:-1, max-image-preview:large, max-video-preview:-1\" \/>\n<link rel=\"canonical\" href=\"https:\/\/fdasrl.it\/de\/prodotto\/fahrbare-melkmaschine-fuer-kuehe-2-melkzeuge\/\" \/>\n<meta property=\"og:locale\" content=\"de_DE\" \/>\n<meta property=\"og:type\" content=\"article\" \/>\n<meta property=\"og:title\" content=\"FAHRBARE MELKMASCHINE F\u00dcR K\u00dcHE 2 MELKZEUGE\" \/>\n<meta property=\"og:description\" content=\"Die Melkmaschine f\u00fcr K\u00fche bietet einen konstanten Betrieb ohne \u00d6lwartung. Jetzt kaufen und die Effizienz Ihres Betriebs steigern! \ud83d\udd27\" \/>\n<meta property=\"og:url\" content=\"https:\/\/fdasrl.it\/de\/prodotto\/fahrbare-melkmaschine-fuer-kuehe-2-melkzeuge\/\" \/>\n<meta property=\"og:site_name\" content=\"FDA srl\" \/>\n<meta property=\"article:publisher\" content=\"https:\/\/www.facebook.com\/share\/1MWhFWg1Tp\/?mibextid=LQQJ4d\" \/>\n<meta property=\"og:image\" content=\"https:\/\/fdasrl.it\/wp-content\/uploads\/2025\/01\/M1600_1.jpg\" \/>\n\t<meta property=\"og:image:width\" content=\"800\" \/>\n\t<meta property=\"og:image:height\" content=\"737\" \/>\n\t<meta property=\"og:image:type\" content=\"image\/jpeg\" \/>\n<meta name=\"twitter:card\" content=\"summary_large_image\" \/>\n<meta name=\"twitter:label1\" content=\"Preis\" \/>\n\t<meta name=\"twitter:data1\" content=\"\" \/>\n\t<meta name=\"twitter:label2\" content=\"Verf\u00fcgbarkeit\" \/>\n\t<meta name=\"twitter:data2\" content=\"Auf Lager\" \/>\n<meta property=\"product:price:currency\" content=\"EUR\" \/>\n<meta property=\"og:availability\" content=\"instock\" \/>\n<meta property=\"product:availability\" content=\"instock\" \/>\n<meta property=\"product:retailer_item_id\" content=\"M1600\" \/>\n<meta property=\"product:condition\" content=\"new\" \/>\n<!-- \/ Yoast SEO Premium plugin. -->","yoast_head_json":{"title":"FAHRBARE MELKMASCHINE F\u00dcR K\u00dcHE 2 MELKZEUGE - FDA srl","description":"Die Melkmaschine f\u00fcr K\u00fche bietet einen konstanten Betrieb ohne \u00d6lwartung. Jetzt kaufen und die Effizienz Ihres Betriebs steigern! \ud83d\udd27","robots":{"index":"index","follow":"follow","max-snippet":"max-snippet:-1","max-image-preview":"max-image-preview:large","max-video-preview":"max-video-preview:-1"},"canonical":"https:\/\/fdasrl.it\/de\/prodotto\/fahrbare-melkmaschine-fuer-kuehe-2-melkzeuge\/","og_locale":"de_DE","og_type":"article","og_title":"FAHRBARE MELKMASCHINE F\u00dcR K\u00dcHE 2 MELKZEUGE","og_description":"Die Melkmaschine f\u00fcr K\u00fche bietet einen konstanten Betrieb ohne \u00d6lwartung. Jetzt kaufen und die Effizienz Ihres Betriebs steigern! \ud83d\udd27","og_url":"https:\/\/fdasrl.it\/de\/prodotto\/fahrbare-melkmaschine-fuer-kuehe-2-melkzeuge\/","og_site_name":"FDA srl","article_publisher":"https:\/\/www.facebook.com\/share\/1MWhFWg1Tp\/?mibextid=LQQJ4d","og_image":[{"width":800,"height":737,"url":"https:\/\/fdasrl.it\/wp-content\/uploads\/2025\/01\/M1600_1.jpg","type":"image\/jpeg"}],"twitter_card":"summary_large_image","twitter_misc":{"Preis":"","Verf\u00fcgbarkeit":"Auf Lager"},"schema":{"@context":"https:\/\/schema.org","@graph":[{"@type":"WebPage","@id":"https:\/\/fdasrl.it\/de\/prodotto\/fahrbare-melkmaschine-fuer-kuehe-2-melkzeuge\/","url":"https:\/\/fdasrl.it\/de\/prodotto\/fahrbare-melkmaschine-fuer-kuehe-2-melkzeuge\/","name":"FAHRBARE MELKMASCHINE F\u00dcR K\u00dcHE 2 MELKZEUGE - FDA srl","isPartOf":{"@id":"https:\/\/fdasrl.it\/de\/#website"},"primaryImageOfPage":{"@id":"https:\/\/fdasrl.it\/de\/prodotto\/fahrbare-melkmaschine-fuer-kuehe-2-melkzeuge\/#primaryimage"},"image":{"@id":"https:\/\/fdasrl.it\/de\/prodotto\/fahrbare-melkmaschine-fuer-kuehe-2-melkzeuge\/#primaryimage"},"thumbnailUrl":"https:\/\/fdasrl.it\/wp-content\/uploads\/2025\/01\/M1600_1.jpg","datePublished":"2025-01-21T11:42:10+00:00","description":"Die Melkmaschine f\u00fcr K\u00fche bietet einen konstanten Betrieb ohne \u00d6lwartung. Jetzt kaufen und die Effizienz Ihres Betriebs steigern! \ud83d\udd27","breadcrumb":{"@id":"https:\/\/fdasrl.it\/de\/prodotto\/fahrbare-melkmaschine-fuer-kuehe-2-melkzeuge\/#breadcrumb"},"inLanguage":"de","potentialAction":[{"@type":"ReadAction","target":["https:\/\/fdasrl.it\/de\/prodotto\/fahrbare-melkmaschine-fuer-kuehe-2-melkzeuge\/"]}]},{"@type":"ImageObject","inLanguage":"de","@id":"https:\/\/fdasrl.it\/de\/prodotto\/fahrbare-melkmaschine-fuer-kuehe-2-melkzeuge\/#primaryimage","url":"https:\/\/fdasrl.it\/wp-content\/uploads\/2025\/01\/M1600_1.jpg","contentUrl":"https:\/\/fdasrl.it\/wp-content\/uploads\/2025\/01\/M1600_1.jpg","width":800,"height":737,"caption":"FAHRBARE MELKMASCHINE F\u00dcR KUH MIT 2 MELKZEUGEN"},{"@type":"BreadcrumbList","@id":"https:\/\/fdasrl.it\/de\/prodotto\/fahrbare-melkmaschine-fuer-kuehe-2-melkzeuge\/#breadcrumb","itemListElement":[{"@type":"ListItem","position":1,"name":"Home","item":"https:\/\/fdasrl.it\/de\/startseite\/"},{"@type":"ListItem","position":2,"name":"Shop","item":"https:\/\/fdasrl.it\/de\/shop\/"},{"@type":"ListItem","position":3,"name":"FAHRBARE MELKMASCHINE F\u00dcR K\u00dcHE 2 MELKZEUGE"}]},{"@type":"WebSite","@id":"https:\/\/fdasrl.it\/de\/#website","url":"https:\/\/fdasrl.it\/de\/","name":"FDA srl","description":"Equipment for animal husbandry","publisher":{"@id":"https:\/\/fdasrl.it\/de\/#organization"},"potentialAction":[{"@type":"SearchAction","target":{"@type":"EntryPoint","urlTemplate":"https:\/\/fdasrl.it\/de\/?s={search_term_string}"},"query-input":{"@type":"PropertyValueSpecification","valueRequired":true,"valueName":"search_term_string"}}],"inLanguage":"de"},{"@type":"Organization","@id":"https:\/\/fdasrl.it\/de\/#organization","name":"FDA srl","url":"https:\/\/fdasrl.it\/de\/","logo":{"@type":"ImageObject","inLanguage":"de","@id":"https:\/\/fdasrl.it\/de\/#\/schema\/logo\/image\/","url":"https:\/\/fdasrl.it\/wp-content\/uploads\/2024\/12\/Logo-FDA.png","contentUrl":"https:\/\/fdasrl.it\/wp-content\/uploads\/2024\/12\/Logo-FDA.png","width":316,"height":119,"caption":"FDA srl"},"image":{"@id":"https:\/\/fdasrl.it\/de\/#\/schema\/logo\/image\/"},"sameAs":["https:\/\/www.facebook.com\/share\/1MWhFWg1Tp\/?mibextid=LQQJ4d","https:\/\/www.instagram.com\/fda_srl\/profilecard\/?igsh=YW5lbzJ6MWg0d21u","https:\/\/www.youtube.com\/@FDASRL_ANIMALCARE"],"description":"FDA SRL \u2013 Equipment for animal husbandry nasce con l\u2019obiettivo di offrire soluzioni affidabili e innovative per l\u2019allevamento moderno. Con anni di esperienza nel settore zootecnico, progettiamo e realizziamo attrezzature destinate al benessere animale e alla gestione efficiente delle stalle: vasche, abbeveratoi, mangiatoie e sistemi di riscaldamento pensati per durare nel tempo e semplificare il lavoro quotidiano degli allevatori. Dalla progettazione alla produzione, ogni nostro prodotto \u00e8 studiato nei minimi dettagli, testato con cura e costruito per rispondere alle esigenze reali del settore. La nostra forza \u00e8 unire artigianalit\u00e0, tecnologia e competenza tecnica per trasformare ogni progetto in una soluzione concreta e funzionale. Oggi FDA SRL \u00e8 un punto di riferimento per privati e rivenditori che cercano qualit\u00e0, affidabilit\u00e0 e innovazione nelle attrezzature per l\u2019allevamento.","email":"info@fdasrl.it","telephone":"+390522826820","legalName":"F.D.A. SRL","foundingDate":"2024-10-13","vatID":"03075840359","taxID":"03075840359","numberOfEmployees":{"@type":"QuantitativeValue","minValue":"1","maxValue":"10"}}]},"product_price_currency":"EUR","og_availability":"instock","product_availability":"instock","product_retailer_item_id":"M1600","product_condition":"new"},"_links":{"self":[{"href":"https:\/\/fdasrl.it\/de\/wp-json\/wp\/v2\/product\/1848","targetHints":{"allow":["GET"]}}],"collection":[{"href":"https:\/\/fdasrl.it\/de\/wp-json\/wp\/v2\/product"}],"about":[{"href":"https:\/\/fdasrl.it\/de\/wp-json\/wp\/v2\/types\/product"}],"replies":[{"embeddable":true,"href":"https:\/\/fdasrl.it\/de\/wp-json\/wp\/v2\/comments?post=1848"}],"wp:featuredmedia":[{"embeddable":true,"href":"https:\/\/fdasrl.it\/de\/wp-json\/wp\/v2\/media\/454"}],"wp:attachment":[{"href":"https:\/\/fdasrl.it\/de\/wp-json\/wp\/v2\/media?parent=1848"}],"wp:term":[{"taxonomy":"product_brand","embeddable":true,"href":"https:\/\/fdasrl.it\/de\/wp-json\/wp\/v2\/product_brand?post=1848"},{"taxonomy":"product_cat","embeddable":true,"href":"https:\/\/fdasrl.it\/de\/wp-json\/wp\/v2\/product_cat?post=1848"},{"taxonomy":"product_tag","embeddable":true,"href":"https:\/\/fdasrl.it\/de\/wp-json\/wp\/v2\/product_tag?post=1848"}],"curies":[{"name":"wp","href":"https:\/\/api.w.org\/{rel}","templated":true}]}}