{"id":1872,"date":"2025-01-21T12:48:09","date_gmt":"2025-01-21T11:48:09","guid":{"rendered":"https:\/\/fdasrl.it\/prodotto\/melkmaschine-fuer-ziegen-schafe-4-gruppen-zwei-behaelter\/"},"modified":"2025-01-21T12:48:09","modified_gmt":"2025-01-21T11:48:09","slug":"melkmaschine-fuer-ziegen-schafe-4-gruppen-zwei-behaelter","status":"publish","type":"product","link":"https:\/\/fdasrl.it\/de\/prodotto\/melkmaschine-fuer-ziegen-schafe-4-gruppen-zwei-behaelter\/","title":{"rendered":"MELKMASCHINE F\u00dcR ZIEGEN\/SCHAFE 4 GRUPPEN ZWEI BEH\u00c4LTER"},"content":{"rendered":"<h3>PROFESSIONELLE MOBILE MELKMASCHINE FDA F\u00dcR ZIEGEN UND SCHAFE MIT 4 GRUPPEN MIT TROCKENLAUFPUMPE UND 2 EDELSTAHLBEH\u00c4LTERN \u00c0 30 LITER.<\/h3>\n<p class=\"\" data-start=\"138\" data-end=\"515\">Die Melkmaschine <strong data-start=\"152\" data-end=\"166\">FDA M6700P<\/strong> f\u00fcr Ziegen und Schafe ist mit <strong data-start=\"198\" data-end=\"220\">4 Melkgruppen<\/strong> ausgestattet, perfekt um gleichzeitig mehrere Tiere zu bearbeiten und <strong data-start=\"279\" data-end=\"316\">somit Zeit und Ressourcen zu optimieren<\/strong>. Zudem ist sie auf einer <strong data-start=\"344\" data-end=\"364\">mobilen Struktur<\/strong> montiert, die es erm\u00f6glicht, sie einfach zwischen verschiedenen Punkten des Betriebs zu bewegen, <strong data-start=\"438\" data-end=\"475\">wodurch sie besonders geeignet ist<\/strong> sowohl f\u00fcr den Einsatz im Stall als auch auf der Weide. <\/p>\n<p class=\"\" data-start=\"138\" data-end=\"515\">Das gesamte System funktioniert n\u00e4mlich mit <strong data-start=\"557\" data-end=\"588\">einer Trockenlauf-Vakuumpumpe<\/strong>, erh\u00e4ltlich in zwei Konfigurationen (280 oder 400 Liter\/min), <strong data-start=\"647\" data-end=\"682\">um sich einfach anzupassen<\/strong> an unterschiedliche Produktionsanforderungen. <strong data-start=\"717\" data-end=\"732\">Zus\u00e4tzlich<\/strong> garantiert der einphasige Elektromotor mit 0,55 kW \u2013 220V <strong data-start=\"792\" data-end=\"813\">geringen Verbrauch<\/strong> und <strong data-start=\"816\" data-end=\"848\">maximale Betriebseffizienz<\/strong>.<\/p>\n<h5 data-start=\"138\" data-end=\"515\">WICHTIGSTE TECHNISCHE MERKMALE:<\/h5>\n<div>\n<ul>\n<li class=\"\" data-start=\"901\" data-end=\"955\">\n<p class=\"\" data-start=\"903\" data-end=\"955\"><strong data-start=\"903\" data-end=\"930\">Trockenlauf-Vakuumpumpe<\/strong> mit 280 oder 400 Liter\/min<\/p>\n<\/li>\n<li class=\"\" data-start=\"956\" data-end=\"1010\">\n<p class=\"\" data-start=\"958\" data-end=\"1010\"><strong data-start=\"958\" data-end=\"979\">Melkschl\u00e4uche<\/strong> mit 2,5 m L\u00e4nge f\u00fcr jede Gruppe<\/p>\n<\/li>\n<li class=\"\" data-start=\"1011\" data-end=\"1048\">\n<p class=\"\" data-start=\"1013\" data-end=\"1048\">Integrierter <strong data-start=\"1013\" data-end=\"1036\">Vakuumbeh\u00e4lter<\/strong><\/p>\n<\/li>\n<li class=\"\" data-start=\"1049\" data-end=\"1104\">\n<p class=\"\" data-start=\"1051\" data-end=\"1104\"><strong data-start=\"1051\" data-end=\"1081\">Zwei Edelstahlbeh\u00e4lter<\/strong> \u00e0 30 Liter<\/p>\n<\/li>\n<li class=\"\" data-start=\"1105\" data-end=\"1147\">\n<p class=\"\" data-start=\"1107\" data-end=\"1147\"><strong data-start=\"1107\" data-end=\"1126\">Einphasiger Motor<\/strong> 220 Volt \/ 0,55 kW<\/p>\n<\/li>\n<li class=\"\" data-start=\"1148\" data-end=\"1210\">\n<p class=\"\" data-start=\"1150\" data-end=\"1210\"><strong data-start=\"1150\" data-end=\"1171\">CE-Zertifizierung<\/strong>, konform mit Sicherheitsstandards<\/p>\n<\/li>\n<li class=\"\" data-start=\"1211\" data-end=\"1276\">\n<p class=\"\" data-start=\"1213\" data-end=\"1276\"><strong data-start=\"1213\" data-end=\"1239\">Reinigungsb\u00fcrsten-Set enthalten<\/strong>, f\u00fcr eine schnelle und gr\u00fcndliche Reinigung<\/p>\n<\/li>\n<\/ul>\n<div>\n<h3>Zubeh\u00f6r:<\/h3>\n<div>&#8211; Melkgruppe f\u00fcr Schafe oder Ziegen;<\/div>\n<div>&#8211; Halbautomatisches Ventil f\u00fcr Melkgruppe;<\/div>\n<div>&#8211; Sammelst\u00fcck f\u00fcr Ziegen oder Schafe;<\/div>\n<div>&#8211; Pneumatischer Pulsator;<\/div>\n<div>&#8211; Graphitlamellen;<\/div>\n<div>&#8211; Vakuummeter;<\/div>\n<div>&#8211; Trockenlauf-Vakuumpumpe 280 l\/min mit Elektromotor<\/div>\n<div>oder<\/div>\n<div>&#8211; Trockenlauf-Vakuumpumpe 400 l\/min mit Elektromotor;<\/div>\n<div>&#8211; Vakuumhahn 1\/2&#8243;;<\/div>\n<div>&#8211; Silikonh\u00fclle f\u00fcr Schaf oder Ziege;<\/div>\n<div>&#8211; Zitzengummi;<\/div>\n<div>&#8211; Vakuumregulierventil.<\/div>\n<\/div>\n<\/div>\n<div><\/div>\n<div>Kaufen Sie die Version f\u00fcr Ziegen in unserem <a href=\"https:\/\/fda-shop.it\/shop\/mungitura\/mungitrici-carrellate\/mungitrice-capra\/mungitrice-capre-due-bidoni-latte-e-gruppi-mungitura#\/261-tipo-motore_standard_280_litri\" target=\"_blank\" rel=\"noopener\">Online-Shop<\/a><\/div>\n<div>Kaufen Sie die Version f\u00fcr Ziegen in unserem <a href=\"https:\/\/fda-shop.it\/shop\/mungitura\/mungitrici-carrellate\/mungitrice-pecore\/mungitrice-pecore-due-bidoni-e-gruppi-mungitura#\/261-tipo-motore_standard_280_litri\" target=\"_blank\" rel=\"noopener\">Online-Shop<\/a><\/div>\n","protected":false},"excerpt":{"rendered":"<p>Professionelle Melkmaschine mit 4 Gruppen f\u00fcr Ziegen oder Schafe, ideal f\u00fcr mobile Betriebe oder St\u00e4lle. Ausgestattet mit Trockenlauf-Vakuumpumpe (280 oder 400 l\/min), 2 Edelstahlbeh\u00e4ltern \u00e0 30 Liter und einphasigem Elektromotor mit 0,55 kW. Einfach zu bewegen und perfekt f\u00fcr ein effizientes, schnelles und hygienisches Melken.  <\/p>\n","protected":false},"featured_media":465,"comment_status":"open","ping_status":"closed","template":"","meta":{"_et_pb_use_builder":"","_et_pb_old_content":"","_et_gb_content_width":""},"product_brand":[],"product_cat":[410,414],"product_tag":[429],"class_list":{"0":"post-1872","1":"product","2":"type-product","3":"status-publish","4":"has-post-thumbnail","6":"product_cat-fahrbare-melkmaschinen","7":"product_cat-schafe-und-ziegen","8":"product_tag-m6700p","10":"first","11":"instock","12":"shipping-taxable","13":"product-type-simple"},"yoast_head":"<!-- This site is optimized with the Yoast SEO Premium plugin v27.5 (Yoast SEO v27.5) - https:\/\/yoast.com\/product\/yoast-seo-premium-wordpress\/ -->\n<title>professionelle mobile Melkmaschine f\u00fcr Ziegen und Schafe: leistungsstarker Motor<\/title>\n<meta name=\"description\" content=\"Vereinfachen Sie das Melken mit der professionellen mobilen Melkmaschine f\u00fcr Ziegen und Schafe. Enth\u00e4lt alles Notwendige f\u00fcr ein effektives Melken! \ud83d\udcaa\" \/>\n<meta name=\"robots\" content=\"index, follow, max-snippet:-1, max-image-preview:large, max-video-preview:-1\" \/>\n<link rel=\"canonical\" href=\"https:\/\/fdasrl.it\/de\/prodotto\/melkmaschine-fuer-ziegen-schafe-4-gruppen-zwei-behaelter\/\" \/>\n<meta property=\"og:locale\" content=\"de_DE\" \/>\n<meta property=\"og:type\" content=\"article\" \/>\n<meta property=\"og:title\" content=\"MELKMASCHINE F\u00dcR ZIEGEN\/SCHAFE 4 GRUPPEN ZWEI BEH\u00c4LTER\" \/>\n<meta property=\"og:description\" content=\"Vereinfachen Sie das Melken mit der professionellen mobilen Melkmaschine f\u00fcr Ziegen und Schafe. Enth\u00e4lt alles Notwendige f\u00fcr ein effektives Melken! \ud83d\udcaa\" \/>\n<meta property=\"og:url\" content=\"https:\/\/fdasrl.it\/de\/prodotto\/melkmaschine-fuer-ziegen-schafe-4-gruppen-zwei-behaelter\/\" \/>\n<meta property=\"og:site_name\" content=\"FDA srl\" \/>\n<meta property=\"article:publisher\" content=\"https:\/\/www.facebook.com\/share\/1MWhFWg1Tp\/?mibextid=LQQJ4d\" \/>\n<meta property=\"og:image\" content=\"https:\/\/fdasrl.it\/wp-content\/uploads\/2025\/01\/M6700P_1.jpg\" \/>\n\t<meta property=\"og:image:width\" content=\"800\" \/>\n\t<meta property=\"og:image:height\" content=\"737\" \/>\n\t<meta property=\"og:image:type\" content=\"image\/jpeg\" \/>\n<meta name=\"twitter:card\" content=\"summary_large_image\" \/>\n<meta name=\"twitter:label1\" content=\"Preis\" \/>\n\t<meta name=\"twitter:data1\" content=\"\" \/>\n\t<meta name=\"twitter:label2\" content=\"Verf\u00fcgbarkeit\" \/>\n\t<meta name=\"twitter:data2\" content=\"Auf Lager\" \/>\n<meta property=\"product:price:currency\" content=\"EUR\" \/>\n<meta property=\"og:availability\" content=\"instock\" \/>\n<meta property=\"product:availability\" content=\"instock\" \/>\n<meta property=\"product:retailer_item_id\" content=\"M6700P\" \/>\n<meta property=\"product:condition\" content=\"new\" \/>\n<!-- \/ Yoast SEO Premium plugin. -->","yoast_head_json":{"title":"professionelle mobile Melkmaschine f\u00fcr Ziegen und Schafe: leistungsstarker Motor","description":"Vereinfachen Sie das Melken mit der professionellen mobilen Melkmaschine f\u00fcr Ziegen und Schafe. Enth\u00e4lt alles Notwendige f\u00fcr ein effektives Melken! \ud83d\udcaa","robots":{"index":"index","follow":"follow","max-snippet":"max-snippet:-1","max-image-preview":"max-image-preview:large","max-video-preview":"max-video-preview:-1"},"canonical":"https:\/\/fdasrl.it\/de\/prodotto\/melkmaschine-fuer-ziegen-schafe-4-gruppen-zwei-behaelter\/","og_locale":"de_DE","og_type":"article","og_title":"MELKMASCHINE F\u00dcR ZIEGEN\/SCHAFE 4 GRUPPEN ZWEI BEH\u00c4LTER","og_description":"Vereinfachen Sie das Melken mit der professionellen mobilen Melkmaschine f\u00fcr Ziegen und Schafe. Enth\u00e4lt alles Notwendige f\u00fcr ein effektives Melken! \ud83d\udcaa","og_url":"https:\/\/fdasrl.it\/de\/prodotto\/melkmaschine-fuer-ziegen-schafe-4-gruppen-zwei-behaelter\/","og_site_name":"FDA srl","article_publisher":"https:\/\/www.facebook.com\/share\/1MWhFWg1Tp\/?mibextid=LQQJ4d","og_image":[{"width":800,"height":737,"url":"https:\/\/fdasrl.it\/wp-content\/uploads\/2025\/01\/M6700P_1.jpg","type":"image\/jpeg"}],"twitter_card":"summary_large_image","twitter_misc":{"Preis":"","Verf\u00fcgbarkeit":"Auf Lager"},"schema":{"@context":"https:\/\/schema.org","@graph":[{"@type":"WebPage","@id":"https:\/\/fdasrl.it\/de\/prodotto\/melkmaschine-fuer-ziegen-schafe-4-gruppen-zwei-behaelter\/","url":"https:\/\/fdasrl.it\/de\/prodotto\/melkmaschine-fuer-ziegen-schafe-4-gruppen-zwei-behaelter\/","name":"professionelle mobile Melkmaschine f\u00fcr Ziegen und Schafe: leistungsstarker Motor","isPartOf":{"@id":"https:\/\/fdasrl.it\/de\/#website"},"primaryImageOfPage":{"@id":"https:\/\/fdasrl.it\/de\/prodotto\/melkmaschine-fuer-ziegen-schafe-4-gruppen-zwei-behaelter\/#primaryimage"},"image":{"@id":"https:\/\/fdasrl.it\/de\/prodotto\/melkmaschine-fuer-ziegen-schafe-4-gruppen-zwei-behaelter\/#primaryimage"},"thumbnailUrl":"https:\/\/fdasrl.it\/wp-content\/uploads\/2025\/01\/M6700P_1.jpg","datePublished":"2025-01-21T11:48:09+00:00","description":"Vereinfachen Sie das Melken mit der professionellen mobilen Melkmaschine f\u00fcr Ziegen und Schafe. Enth\u00e4lt alles Notwendige f\u00fcr ein effektives Melken! \ud83d\udcaa","breadcrumb":{"@id":"https:\/\/fdasrl.it\/de\/prodotto\/melkmaschine-fuer-ziegen-schafe-4-gruppen-zwei-behaelter\/#breadcrumb"},"inLanguage":"de","potentialAction":[{"@type":"ReadAction","target":["https:\/\/fdasrl.it\/de\/prodotto\/melkmaschine-fuer-ziegen-schafe-4-gruppen-zwei-behaelter\/"]}]},{"@type":"ImageObject","inLanguage":"de","@id":"https:\/\/fdasrl.it\/de\/prodotto\/melkmaschine-fuer-ziegen-schafe-4-gruppen-zwei-behaelter\/#primaryimage","url":"https:\/\/fdasrl.it\/wp-content\/uploads\/2025\/01\/M6700P_1.jpg","contentUrl":"https:\/\/fdasrl.it\/wp-content\/uploads\/2025\/01\/M6700P_1.jpg","width":800,"height":737,"caption":"MELKMASCHINE F\u00dcR ZIEGEN\/SCHAFE MIT 4 GRUPPEN FDA SRL"},{"@type":"BreadcrumbList","@id":"https:\/\/fdasrl.it\/de\/prodotto\/melkmaschine-fuer-ziegen-schafe-4-gruppen-zwei-behaelter\/#breadcrumb","itemListElement":[{"@type":"ListItem","position":1,"name":"Home","item":"https:\/\/fdasrl.it\/de\/startseite\/"},{"@type":"ListItem","position":2,"name":"Shop","item":"https:\/\/fdasrl.it\/de\/shop\/"},{"@type":"ListItem","position":3,"name":"MELKMASCHINE F\u00dcR ZIEGEN\/SCHAFE 4 GRUPPEN ZWEI BEH\u00c4LTER"}]},{"@type":"WebSite","@id":"https:\/\/fdasrl.it\/de\/#website","url":"https:\/\/fdasrl.it\/de\/","name":"FDA srl","description":"Equipment for animal husbandry","publisher":{"@id":"https:\/\/fdasrl.it\/de\/#organization"},"potentialAction":[{"@type":"SearchAction","target":{"@type":"EntryPoint","urlTemplate":"https:\/\/fdasrl.it\/de\/?s={search_term_string}"},"query-input":{"@type":"PropertyValueSpecification","valueRequired":true,"valueName":"search_term_string"}}],"inLanguage":"de"},{"@type":"Organization","@id":"https:\/\/fdasrl.it\/de\/#organization","name":"FDA srl","url":"https:\/\/fdasrl.it\/de\/","logo":{"@type":"ImageObject","inLanguage":"de","@id":"https:\/\/fdasrl.it\/de\/#\/schema\/logo\/image\/","url":"https:\/\/fdasrl.it\/wp-content\/uploads\/2024\/12\/Logo-FDA.png","contentUrl":"https:\/\/fdasrl.it\/wp-content\/uploads\/2024\/12\/Logo-FDA.png","width":316,"height":119,"caption":"FDA srl"},"image":{"@id":"https:\/\/fdasrl.it\/de\/#\/schema\/logo\/image\/"},"sameAs":["https:\/\/www.facebook.com\/share\/1MWhFWg1Tp\/?mibextid=LQQJ4d","https:\/\/www.instagram.com\/fda_srl\/profilecard\/?igsh=YW5lbzJ6MWg0d21u","https:\/\/www.youtube.com\/@FDASRL_ANIMALCARE"],"description":"FDA SRL \u2013 Equipment for animal husbandry nasce con l\u2019obiettivo di offrire soluzioni affidabili e innovative per l\u2019allevamento moderno. Con anni di esperienza nel settore zootecnico, progettiamo e realizziamo attrezzature destinate al benessere animale e alla gestione efficiente delle stalle: vasche, abbeveratoi, mangiatoie e sistemi di riscaldamento pensati per durare nel tempo e semplificare il lavoro quotidiano degli allevatori. Dalla progettazione alla produzione, ogni nostro prodotto \u00e8 studiato nei minimi dettagli, testato con cura e costruito per rispondere alle esigenze reali del settore. La nostra forza \u00e8 unire artigianalit\u00e0, tecnologia e competenza tecnica per trasformare ogni progetto in una soluzione concreta e funzionale. Oggi FDA SRL \u00e8 un punto di riferimento per privati e rivenditori che cercano qualit\u00e0, affidabilit\u00e0 e innovazione nelle attrezzature per l\u2019allevamento.","email":"info@fdasrl.it","telephone":"+390522826820","legalName":"F.D.A. SRL","foundingDate":"2024-10-13","vatID":"03075840359","taxID":"03075840359","numberOfEmployees":{"@type":"QuantitativeValue","minValue":"1","maxValue":"10"}}]},"product_price_currency":"EUR","og_availability":"instock","product_availability":"instock","product_retailer_item_id":"M6700P","product_condition":"new"},"_links":{"self":[{"href":"https:\/\/fdasrl.it\/de\/wp-json\/wp\/v2\/product\/1872","targetHints":{"allow":["GET"]}}],"collection":[{"href":"https:\/\/fdasrl.it\/de\/wp-json\/wp\/v2\/product"}],"about":[{"href":"https:\/\/fdasrl.it\/de\/wp-json\/wp\/v2\/types\/product"}],"replies":[{"embeddable":true,"href":"https:\/\/fdasrl.it\/de\/wp-json\/wp\/v2\/comments?post=1872"}],"wp:featuredmedia":[{"embeddable":true,"href":"https:\/\/fdasrl.it\/de\/wp-json\/wp\/v2\/media\/465"}],"wp:attachment":[{"href":"https:\/\/fdasrl.it\/de\/wp-json\/wp\/v2\/media?parent=1872"}],"wp:term":[{"taxonomy":"product_brand","embeddable":true,"href":"https:\/\/fdasrl.it\/de\/wp-json\/wp\/v2\/product_brand?post=1872"},{"taxonomy":"product_cat","embeddable":true,"href":"https:\/\/fdasrl.it\/de\/wp-json\/wp\/v2\/product_cat?post=1872"},{"taxonomy":"product_tag","embeddable":true,"href":"https:\/\/fdasrl.it\/de\/wp-json\/wp\/v2\/product_tag?post=1872"}],"curies":[{"name":"wp","href":"https:\/\/api.w.org\/{rel}","templated":true}]}}