{"id":1898,"date":"2026-03-04T10:14:16","date_gmt":"2026-03-04T09:14:16","guid":{"rendered":"https:\/\/fdasrl.it\/prodotto\/fahrbare-melkmaschine-fa07149-fuer-ziegen-und-schafe-mit-2-melkzeugen-und-oelgeschmierter-vakuumpumpe\/"},"modified":"2026-03-04T10:14:16","modified_gmt":"2026-03-04T09:14:16","slug":"fahrbare-melkmaschine-fa07149-fuer-ziegen-und-schafe-mit-2-melkzeugen-und-oelgeschmierter-vakuumpumpe","status":"publish","type":"product","link":"https:\/\/fdasrl.it\/de\/prodotto\/fahrbare-melkmaschine-fa07149-fuer-ziegen-und-schafe-mit-2-melkzeugen-und-oelgeschmierter-vakuumpumpe\/","title":{"rendered":"Fahrbare Melkmaschine FA07149 f\u00fcr Ziegen und Schafe mit 2 Melkzeugen und \u00f6lgeschmierter Vakuumpumpe"},"content":{"rendered":"<div>\n<h3 data-start=\"306\" data-end=\"418\">Fahrbare Melkmaschine FA07149 f\u00fcr Ziegen und Schafe mit 2 Melkzeugen und \u00f6lgeschmierter Vakuumpumpe<\/h3>\n<p data-start=\"277\" data-end=\"443\">Die <strong data-start=\"280\" data-end=\"332\">fahrbare Melkmaschine FA07149 f\u00fcr Ziegen und Schafe<\/strong> ist konzipiert, um eine <strong data-start=\"374\" data-end=\"442\">effiziente, praktische und hygienische Melkung in Schaf- und Ziegenhaltungen<\/strong> zu gew\u00e4hrleisten.<\/p>\n<p data-start=\"445\" data-end=\"750\">Dank der <strong data-start=\"457\" data-end=\"489\">mobilen Fahrgestellkonstruktion<\/strong> und der <strong data-start=\"497\" data-end=\"531\">\u00f6lgeschmierten Vakuumpumpe<\/strong> bietet sie zuverl\u00e4ssige Leistung und lange Lebensdauer. Das System mit <strong data-start=\"601\" data-end=\"625\">zwei Melkzeugen<\/strong> erm\u00f6glicht das <strong data-start=\"646\" data-end=\"680\">gleichzeitige Melken von zwei Tieren<\/strong>, wodurch die Produktivit\u00e4t verbessert und die Arbeitszeit im Stall reduziert wird. <\/p>\n<hr data-start=\"752\" data-end=\"755\">\n<h2 data-start=\"757\" data-end=\"786\">Hauptmerkmale<\/h2>\n<ul data-start=\"788\" data-end=\"1453\">\n<li data-start=\"788\" data-end=\"902\">\n<p data-start=\"790\" data-end=\"902\"><strong data-start=\"790\" data-end=\"837\">\u00d6lgeschmierte Vakuumpumpe 250 L\/min<\/strong> mit Elektromotor <strong data-start=\"859\" data-end=\"879\">220VAC \u2013 0,55 kW<\/strong> mit getrennten Wannen<\/p>\n<\/li>\n<li data-start=\"903\" data-end=\"949\">\n<p data-start=\"905\" data-end=\"949\"><strong data-start=\"905\" data-end=\"947\">2 Melkzeuge f\u00fcr Ziege\/Schaf<\/strong><\/p>\n<\/li>\n<li data-start=\"950\" data-end=\"1006\">\n<p data-start=\"952\" data-end=\"1006\"><strong data-start=\"952\" data-end=\"1004\">Pneumatischer Pulsator Ziege\/Schaf (90\u2013120 bpm)*<\/strong><\/p>\n<\/li>\n<li data-start=\"1007\" data-end=\"1058\">\n<p data-start=\"1009\" data-end=\"1058\"><strong data-start=\"1009\" data-end=\"1056\">Hochresistente Polycarbonat-Becher<\/strong><\/p>\n<\/li>\n<li data-start=\"1059\" data-end=\"1121\">\n<p data-start=\"1061\" data-end=\"1121\"><strong data-start=\"1061\" data-end=\"1119\">2 Milchsammelst\u00fccke f\u00fcr Ziege\/Schaf Mod. 13300<\/strong><\/p>\n<\/li>\n<li data-start=\"1122\" data-end=\"1165\">\n<p data-start=\"1124\" data-end=\"1165\"><strong data-start=\"1124\" data-end=\"1163\">Silikon-Zitzengummis zum Melken<\/strong><\/p>\n<\/li>\n<li data-start=\"1166\" data-end=\"1232\">\n<p data-start=\"1168\" data-end=\"1232\"><strong data-start=\"1168\" data-end=\"1230\">18-Liter-Vakuumtank mit Regulierventil<\/strong><\/p>\n<\/li>\n<li data-start=\"1233\" data-end=\"1286\">\n<p data-start=\"1235\" data-end=\"1286\"><strong data-start=\"1235\" data-end=\"1284\">Vakuummeter zur Kontrolle des Unterdrucks<\/strong><\/p>\n<\/li>\n<li data-start=\"1287\" data-end=\"1322\">\n<p data-start=\"1289\" data-end=\"1322\"><strong data-start=\"1289\" data-end=\"1320\">Vakuumhahn 1\/2&#8243;<\/strong><\/p>\n<\/li>\n<li data-start=\"1323\" data-end=\"1372\">\n<p data-start=\"1325\" data-end=\"1372\"><strong data-start=\"1325\" data-end=\"1370\">Milcheimer aus Edelstahl 30 Liter<\/strong><\/p>\n<\/li>\n<li data-start=\"1373\" data-end=\"1429\">\n<p data-start=\"1375\" data-end=\"1429\"><strong data-start=\"1375\" data-end=\"1427\">2,5 m Melkschl\u00e4uche pro Melkzeug<\/strong><\/p>\n<\/li>\n<li data-start=\"1430\" data-end=\"1453\">\n<p data-start=\"1432\" data-end=\"1453\"><strong data-start=\"1432\" data-end=\"1453\">CE-Zertifizierung<\/strong><\/p>\n<\/li>\n<\/ul>\n<hr data-start=\"1455\" data-end=\"1458\">\n<h2 data-start=\"1460\" data-end=\"1480\">Enthaltene Ausstattung<\/h2>\n<p data-start=\"1482\" data-end=\"1583\">Um eine korrekte Wartung und Hygiene des Milchkreislaufs zu gew\u00e4hrleisten, wird die Melkmaschine geliefert mit:<\/p>\n<ul data-start=\"1585\" data-end=\"1657\">\n<li data-start=\"1585\" data-end=\"1620\">\n<p data-start=\"1587\" data-end=\"1620\"><strong data-start=\"1587\" data-end=\"1620\">Reinigungsb\u00fcrsten-Set<\/strong><\/p>\n<\/li>\n<li data-start=\"1621\" data-end=\"1657\">\n<p data-start=\"1623\" data-end=\"1657\"><strong data-start=\"1623\" data-end=\"1657\">1 Liter alkalisches Reinigungsmittel<\/strong><\/p>\n<\/li>\n<\/ul>\n<hr data-start=\"1659\" data-end=\"1662\">\n<h2 data-start=\"1664\" data-end=\"1687\">Verf\u00fcgbares Zubeh\u00f6r<\/h2>\n<p data-start=\"1689\" data-end=\"1755\">* <strong data-start=\"1692\" data-end=\"1755\">Elektronischer Pulsator mit interner 24-VDC-Platine + Steuerger\u00e4t<\/strong><\/p>\n<h4 data-start=\"1954\" data-end=\"1993\">H\u00e4ndler und Vertriebspartner: Fordern Sie Informationen an <a href=\"https:\/\/fdasrl.it\/de\/kontakt\/\">(HIER KLICKEN)<\/a><\/h4>\n<h4 data-start=\"1954\" data-end=\"1993\">\ud83d\uded2 Online kaufen <a href=\"https:\/\/fda-shop.it\/shop\/ovini-caprini\/ovini-caprini-mungitrici\/mungitrice-per-pecora-e-capra-due-gruppi-a-bagno-dolio#\/150-tipo-pecora\">(HIER KLICKEN)<\/a><\/h4>\n<\/div>\n","protected":false},"excerpt":{"rendered":"<p>Fahrbare Melkmaschine FA07149 f\u00fcr Ziegen und Schafe mit 2 Melkzeugen und \u00f6lgeschmierter Vakuumpumpe 250 L\/min. Ausgestattet mit Edelstahl-Milcheimer 30 L, Polycarbonat-Zitzengummis und Silikonschl\u00e4uchen. Mobiles, zuverl\u00e4ssiges und CE-zertifiziertes System, ideal f\u00fcr das gleichzeitige Melken von zwei Tieren.  <\/p>\n","protected":false},"featured_media":1140,"comment_status":"open","ping_status":"closed","template":"","meta":{"_et_pb_use_builder":"","_et_pb_old_content":"","_et_gb_content_width":""},"product_brand":[],"product_cat":[410,414],"product_tag":[433],"class_list":{"0":"post-1898","1":"product","2":"type-product","3":"status-publish","4":"has-post-thumbnail","6":"product_cat-fahrbare-melkmaschinen","7":"product_cat-schafe-und-ziegen","8":"product_tag-433","10":"first","11":"instock","12":"shipping-taxable","13":"product-type-simple"},"yoast_head":"<!-- This site is optimized with the Yoast SEO Premium plugin v27.5 (Yoast SEO v27.5) - https:\/\/yoast.com\/product\/yoast-seo-premium-wordpress\/ -->\n<title>Fahrbare Melkmaschine Ziegen Schafe 2 Melkzeuge \u00f6lgeschmierte Pumpe<\/title>\n<meta name=\"description\" content=\"Entdecken Sie die Melkmaschine Ziegen Schafe 2 Melkzeuge \u00d6l, ideal f\u00fcr praktische und hygienische Haltungen. Steigern Sie Ihre Produktivit\u00e4t mit dieser Maschine!\" \/>\n<meta name=\"robots\" content=\"index, follow, max-snippet:-1, max-image-preview:large, max-video-preview:-1\" \/>\n<link rel=\"canonical\" href=\"https:\/\/fdasrl.it\/de\/prodotto\/fahrbare-melkmaschine-fa07149-fuer-ziegen-und-schafe-mit-2-melkzeugen-und-oelgeschmierter-vakuumpumpe\/\" \/>\n<meta property=\"og:locale\" content=\"de_DE\" \/>\n<meta property=\"og:type\" content=\"article\" \/>\n<meta property=\"og:title\" content=\"Fahrbare Melkmaschine FA07149 f\u00fcr Ziegen und Schafe mit 2 Melkzeugen und \u00f6lgeschmierter Vakuumpumpe\" \/>\n<meta property=\"og:description\" content=\"Entdecken Sie die Melkmaschine Ziegen Schafe 2 Melkzeuge \u00d6l, ideal f\u00fcr praktische und hygienische Haltungen. Steigern Sie Ihre Produktivit\u00e4t mit dieser Maschine!\" \/>\n<meta property=\"og:url\" content=\"https:\/\/fdasrl.it\/de\/prodotto\/fahrbare-melkmaschine-fa07149-fuer-ziegen-und-schafe-mit-2-melkzeugen-und-oelgeschmierter-vakuumpumpe\/\" \/>\n<meta property=\"og:site_name\" content=\"FDA srl\" \/>\n<meta property=\"article:publisher\" content=\"https:\/\/www.facebook.com\/share\/1MWhFWg1Tp\/?mibextid=LQQJ4d\" \/>\n<meta property=\"og:image\" content=\"https:\/\/fdasrl.it\/wp-content\/uploads\/2026\/03\/mungitrice-per-pecora-e-capra-due-gruppi-a-bagno-dolio.jpg\" \/>\n\t<meta property=\"og:image:width\" content=\"1100\" \/>\n\t<meta property=\"og:image:height\" content=\"919\" \/>\n\t<meta property=\"og:image:type\" content=\"image\/jpeg\" \/>\n<meta name=\"twitter:card\" content=\"summary_large_image\" \/>\n<meta name=\"twitter:label1\" content=\"Preis\" \/>\n\t<meta name=\"twitter:data1\" content=\"\" \/>\n\t<meta name=\"twitter:label2\" content=\"Verf\u00fcgbarkeit\" \/>\n\t<meta name=\"twitter:data2\" content=\"Auf Lager\" \/>\n<meta property=\"product:price:currency\" content=\"EUR\" \/>\n<meta property=\"og:availability\" content=\"instock\" \/>\n<meta property=\"product:availability\" content=\"instock\" \/>\n<meta property=\"product:retailer_item_id\" content=\"07149\" \/>\n<meta property=\"product:condition\" content=\"new\" \/>\n<!-- \/ Yoast SEO Premium plugin. -->","yoast_head_json":{"title":"Fahrbare Melkmaschine Ziegen Schafe 2 Melkzeuge \u00f6lgeschmierte Pumpe","description":"Entdecken Sie die Melkmaschine Ziegen Schafe 2 Melkzeuge \u00d6l, ideal f\u00fcr praktische und hygienische Haltungen. Steigern Sie Ihre Produktivit\u00e4t mit dieser Maschine!","robots":{"index":"index","follow":"follow","max-snippet":"max-snippet:-1","max-image-preview":"max-image-preview:large","max-video-preview":"max-video-preview:-1"},"canonical":"https:\/\/fdasrl.it\/de\/prodotto\/fahrbare-melkmaschine-fa07149-fuer-ziegen-und-schafe-mit-2-melkzeugen-und-oelgeschmierter-vakuumpumpe\/","og_locale":"de_DE","og_type":"article","og_title":"Fahrbare Melkmaschine FA07149 f\u00fcr Ziegen und Schafe mit 2 Melkzeugen und \u00f6lgeschmierter Vakuumpumpe","og_description":"Entdecken Sie die Melkmaschine Ziegen Schafe 2 Melkzeuge \u00d6l, ideal f\u00fcr praktische und hygienische Haltungen. Steigern Sie Ihre Produktivit\u00e4t mit dieser Maschine!","og_url":"https:\/\/fdasrl.it\/de\/prodotto\/fahrbare-melkmaschine-fa07149-fuer-ziegen-und-schafe-mit-2-melkzeugen-und-oelgeschmierter-vakuumpumpe\/","og_site_name":"FDA srl","article_publisher":"https:\/\/www.facebook.com\/share\/1MWhFWg1Tp\/?mibextid=LQQJ4d","og_image":[{"width":1100,"height":919,"url":"https:\/\/fdasrl.it\/wp-content\/uploads\/2026\/03\/mungitrice-per-pecora-e-capra-due-gruppi-a-bagno-dolio.jpg","type":"image\/jpeg"}],"twitter_card":"summary_large_image","twitter_misc":{"Preis":"","Verf\u00fcgbarkeit":"Auf Lager"},"schema":{"@context":"https:\/\/schema.org","@graph":[{"@type":"WebPage","@id":"https:\/\/fdasrl.it\/de\/prodotto\/fahrbare-melkmaschine-fa07149-fuer-ziegen-und-schafe-mit-2-melkzeugen-und-oelgeschmierter-vakuumpumpe\/","url":"https:\/\/fdasrl.it\/de\/prodotto\/fahrbare-melkmaschine-fa07149-fuer-ziegen-und-schafe-mit-2-melkzeugen-und-oelgeschmierter-vakuumpumpe\/","name":"Fahrbare Melkmaschine Ziegen Schafe 2 Melkzeuge \u00f6lgeschmierte Pumpe","isPartOf":{"@id":"https:\/\/fdasrl.it\/de\/#website"},"primaryImageOfPage":{"@id":"https:\/\/fdasrl.it\/de\/prodotto\/fahrbare-melkmaschine-fa07149-fuer-ziegen-und-schafe-mit-2-melkzeugen-und-oelgeschmierter-vakuumpumpe\/#primaryimage"},"image":{"@id":"https:\/\/fdasrl.it\/de\/prodotto\/fahrbare-melkmaschine-fa07149-fuer-ziegen-und-schafe-mit-2-melkzeugen-und-oelgeschmierter-vakuumpumpe\/#primaryimage"},"thumbnailUrl":"https:\/\/fdasrl.it\/wp-content\/uploads\/2026\/03\/mungitrice-per-pecora-e-capra-due-gruppi-a-bagno-dolio.jpg","datePublished":"2026-03-04T09:14:16+00:00","description":"Entdecken Sie die Melkmaschine Ziegen Schafe 2 Melkzeuge \u00d6l, ideal f\u00fcr praktische und hygienische Haltungen. Steigern Sie Ihre Produktivit\u00e4t mit dieser Maschine!","breadcrumb":{"@id":"https:\/\/fdasrl.it\/de\/prodotto\/fahrbare-melkmaschine-fa07149-fuer-ziegen-und-schafe-mit-2-melkzeugen-und-oelgeschmierter-vakuumpumpe\/#breadcrumb"},"inLanguage":"de","potentialAction":[{"@type":"ReadAction","target":["https:\/\/fdasrl.it\/de\/prodotto\/fahrbare-melkmaschine-fa07149-fuer-ziegen-und-schafe-mit-2-melkzeugen-und-oelgeschmierter-vakuumpumpe\/"]}]},{"@type":"ImageObject","inLanguage":"de","@id":"https:\/\/fdasrl.it\/de\/prodotto\/fahrbare-melkmaschine-fa07149-fuer-ziegen-und-schafe-mit-2-melkzeugen-und-oelgeschmierter-vakuumpumpe\/#primaryimage","url":"https:\/\/fdasrl.it\/wp-content\/uploads\/2026\/03\/mungitrice-per-pecora-e-capra-due-gruppi-a-bagno-dolio.jpg","contentUrl":"https:\/\/fdasrl.it\/wp-content\/uploads\/2026\/03\/mungitrice-per-pecora-e-capra-due-gruppi-a-bagno-dolio.jpg","width":1100,"height":919,"caption":"Fahrbare Melkmaschine f\u00fcr Ziegen und Schafe mit zwei Melkzeugen und Milcheimer aus Edelstahl."},{"@type":"BreadcrumbList","@id":"https:\/\/fdasrl.it\/de\/prodotto\/fahrbare-melkmaschine-fa07149-fuer-ziegen-und-schafe-mit-2-melkzeugen-und-oelgeschmierter-vakuumpumpe\/#breadcrumb","itemListElement":[{"@type":"ListItem","position":1,"name":"Home","item":"https:\/\/fdasrl.it\/de\/startseite\/"},{"@type":"ListItem","position":2,"name":"Shop","item":"https:\/\/fdasrl.it\/de\/shop\/"},{"@type":"ListItem","position":3,"name":"Fahrbare Melkmaschine FA07149 f\u00fcr Ziegen und Schafe mit 2 Melkzeugen und \u00f6lgeschmierter Vakuumpumpe"}]},{"@type":"WebSite","@id":"https:\/\/fdasrl.it\/de\/#website","url":"https:\/\/fdasrl.it\/de\/","name":"FDA srl","description":"Equipment for animal husbandry","publisher":{"@id":"https:\/\/fdasrl.it\/de\/#organization"},"potentialAction":[{"@type":"SearchAction","target":{"@type":"EntryPoint","urlTemplate":"https:\/\/fdasrl.it\/de\/?s={search_term_string}"},"query-input":{"@type":"PropertyValueSpecification","valueRequired":true,"valueName":"search_term_string"}}],"inLanguage":"de"},{"@type":"Organization","@id":"https:\/\/fdasrl.it\/de\/#organization","name":"FDA srl","url":"https:\/\/fdasrl.it\/de\/","logo":{"@type":"ImageObject","inLanguage":"de","@id":"https:\/\/fdasrl.it\/de\/#\/schema\/logo\/image\/","url":"https:\/\/fdasrl.it\/wp-content\/uploads\/2024\/12\/Logo-FDA.png","contentUrl":"https:\/\/fdasrl.it\/wp-content\/uploads\/2024\/12\/Logo-FDA.png","width":316,"height":119,"caption":"FDA srl"},"image":{"@id":"https:\/\/fdasrl.it\/de\/#\/schema\/logo\/image\/"},"sameAs":["https:\/\/www.facebook.com\/share\/1MWhFWg1Tp\/?mibextid=LQQJ4d","https:\/\/www.instagram.com\/fda_srl\/profilecard\/?igsh=YW5lbzJ6MWg0d21u","https:\/\/www.youtube.com\/@FDASRL_ANIMALCARE"],"description":"FDA SRL \u2013 Equipment for animal husbandry nasce con l\u2019obiettivo di offrire soluzioni affidabili e innovative per l\u2019allevamento moderno. Con anni di esperienza nel settore zootecnico, progettiamo e realizziamo attrezzature destinate al benessere animale e alla gestione efficiente delle stalle: vasche, abbeveratoi, mangiatoie e sistemi di riscaldamento pensati per durare nel tempo e semplificare il lavoro quotidiano degli allevatori. Dalla progettazione alla produzione, ogni nostro prodotto \u00e8 studiato nei minimi dettagli, testato con cura e costruito per rispondere alle esigenze reali del settore. La nostra forza \u00e8 unire artigianalit\u00e0, tecnologia e competenza tecnica per trasformare ogni progetto in una soluzione concreta e funzionale. Oggi FDA SRL \u00e8 un punto di riferimento per privati e rivenditori che cercano qualit\u00e0, affidabilit\u00e0 e innovazione nelle attrezzature per l\u2019allevamento.","email":"info@fdasrl.it","telephone":"+390522826820","legalName":"F.D.A. SRL","foundingDate":"2024-10-13","vatID":"03075840359","taxID":"03075840359","numberOfEmployees":{"@type":"QuantitativeValue","minValue":"1","maxValue":"10"}}]},"product_price_currency":"EUR","og_availability":"instock","product_availability":"instock","product_retailer_item_id":"07149","product_condition":"new"},"_links":{"self":[{"href":"https:\/\/fdasrl.it\/de\/wp-json\/wp\/v2\/product\/1898","targetHints":{"allow":["GET"]}}],"collection":[{"href":"https:\/\/fdasrl.it\/de\/wp-json\/wp\/v2\/product"}],"about":[{"href":"https:\/\/fdasrl.it\/de\/wp-json\/wp\/v2\/types\/product"}],"replies":[{"embeddable":true,"href":"https:\/\/fdasrl.it\/de\/wp-json\/wp\/v2\/comments?post=1898"}],"wp:featuredmedia":[{"embeddable":true,"href":"https:\/\/fdasrl.it\/de\/wp-json\/wp\/v2\/media\/1140"}],"wp:attachment":[{"href":"https:\/\/fdasrl.it\/de\/wp-json\/wp\/v2\/media?parent=1898"}],"wp:term":[{"taxonomy":"product_brand","embeddable":true,"href":"https:\/\/fdasrl.it\/de\/wp-json\/wp\/v2\/product_brand?post=1898"},{"taxonomy":"product_cat","embeddable":true,"href":"https:\/\/fdasrl.it\/de\/wp-json\/wp\/v2\/product_cat?post=1898"},{"taxonomy":"product_tag","embeddable":true,"href":"https:\/\/fdasrl.it\/de\/wp-json\/wp\/v2\/product_tag?post=1898"}],"curies":[{"name":"wp","href":"https:\/\/api.w.org\/{rel}","templated":true}]}}