{"id":2033,"date":"2025-01-21T12:37:00","date_gmt":"2025-01-21T11:37:00","guid":{"rendered":"https:\/\/fdasrl.it\/prodotto\/melkmaschine-fuer-kuehe-1-gruppe-edelstahl-eimer\/"},"modified":"2025-01-21T12:37:00","modified_gmt":"2025-01-21T11:37:00","slug":"melkmaschine-fuer-kuehe-1-gruppe-edelstahl-eimer","status":"publish","type":"product","link":"https:\/\/fdasrl.it\/de\/prodotto\/melkmaschine-fuer-kuehe-1-gruppe-edelstahl-eimer\/","title":{"rendered":"MELKMASCHINE F\u00dcR K\u00dcHE 1 GRUPPE EDELSTAHL-EIMER"},"content":{"rendered":"<div>\n<h3 data-start=\"135\" data-end=\"226\"><strong data-start=\"135\" data-end=\"226\">FAHRBARE MELKMASCHINE F\u00dcR K\u00dcHE MIT 1 GRUPPE, TROCKENPUMPE UND 30-LITER-EDELSTAHL-EIMER. <\/strong><\/h3>\n<h4 data-start=\"228\" data-end=\"477\">Diese professionelle Ein-Gruppen-Melkmaschine wurde entwickelt, um Effizienz, Hygiene und Langlebigkeit zu gew\u00e4hrleisten. Sie ist ideal f\u00fcr kleine und mittlere Betriebe und erm\u00f6glicht ein schnelles und sicheres Melken unter voller Ber\u00fccksichtigung der Tiergesundheit. <\/h4>\n<h5 data-start=\"479\" data-end=\"510\"><strong data-start=\"479\" data-end=\"510\">Hauptmerkmale:<\/strong><\/h5>\n<ul data-start=\"512\" data-end=\"1454\">\n<li class=\"\" data-start=\"512\" data-end=\"670\">\n<p class=\"\" data-start=\"514\" data-end=\"670\"><strong data-start=\"514\" data-end=\"561\">Trockenvakuumpumpe 250 l\/min<\/strong>: Ger\u00e4uscharm, zuverl\u00e4ssig und \u00f6lfrei; minimiert den Wartungsaufwand und garantiert eine konstante Leistung.<\/p>\n<\/li>\n<li class=\"\" data-start=\"671\" data-end=\"814\">\n<p class=\"\" data-start=\"673\" data-end=\"814\"><strong data-start=\"673\" data-end=\"696\">Schlauchl\u00e4nge<\/strong>: Jedes Melkgeschirr ist mit 2,5 m langen Schl\u00e4uchen ausgestattet, um eine angemessene Bewegungsfreiheit w\u00e4hrend des Vorgangs zu gew\u00e4hrleisten.<\/p>\n<\/li>\n<li class=\"\" data-start=\"815\" data-end=\"961\">\n<p class=\"\" data-start=\"817\" data-end=\"961\"><strong data-start=\"817\" data-end=\"866\">Inspizierbarer 18-Liter-Vakuumtank<\/strong>: Erleichtert die Kontrolle und Wartung und stellt den korrekten Betrieb der Anlage sicher.<\/p>\n<\/li>\n<li class=\"\" data-start=\"962\" data-end=\"1093\">\n<p class=\"\" data-start=\"964\" data-end=\"1093\"><strong data-start=\"964\" data-end=\"1003\">30-Liter-Edelstahl-Eimer<\/strong>: Widerstandsf\u00e4hig, leicht zu reinigen und ideal, um maximale Hygiene der gesammelten Milch zu garantieren.<\/p>\n<\/li>\n<li class=\"\" data-start=\"1094\" data-end=\"1210\">\n<p class=\"\" data-start=\"1096\" data-end=\"1210\"><strong data-start=\"1096\" data-end=\"1134\">Einphasenmotor 220 Volt \/ 0,55 kW<\/strong>: Leistungsstark und geeignet f\u00fcr den Einsatz in landwirtschaftlichen Betrieben mit Haushaltsstromanschluss.<\/p>\n<\/li>\n<li class=\"\" data-start=\"1211\" data-end=\"1310\">\n<p class=\"\" data-start=\"1213\" data-end=\"1310\"><strong data-start=\"1213\" data-end=\"1234\">CE-Zertifizierung<\/strong>: Entspricht den europ\u00e4ischen Vorschriften f\u00fcr Sicherheit, Qualit\u00e4t und Hygiene.<\/p>\n<\/li>\n<li class=\"\" data-start=\"1311\" data-end=\"1454\">\n<p class=\"\" data-start=\"1313\" data-end=\"1454\"><strong data-start=\"1313\" data-end=\"1339\">Reinigungsb\u00fcrsten-Set enthalten<\/strong>: Praktisches Zubeh\u00f6r f\u00fcr die t\u00e4gliche Reinigung der Komponenten, unerl\u00e4sslich f\u00fcr die Aufrechterhaltung hoher Hygienestandards.<\/p>\n<\/li>\n<\/ul>\n<h5 data-start=\"1456\" data-end=\"1494\"><strong data-start=\"1456\" data-end=\"1494\">Im Lieferumfang enthaltenes Zubeh\u00f6r:<\/strong><\/h5>\n<ul data-start=\"1496\" data-end=\"2067\">\n<li class=\"\" data-start=\"1496\" data-end=\"1557\">\n<p class=\"\" data-start=\"1498\" data-end=\"1557\">Edelstahl-Melkbecherh\u00fclse L\u00e4nge 155 mm, Bohrung 16,5 mm;<\/p>\n<\/li>\n<li class=\"\" data-start=\"1558\" data-end=\"1612\">\n<p class=\"\" data-start=\"1560\" data-end=\"1612\">Sammelst\u00fcck 250 ccm, speziell f\u00fcr Milchk\u00fche;<\/p>\n<\/li>\n<li class=\"\" data-start=\"1613\" data-end=\"1675\">\n<p class=\"\" data-start=\"1615\" data-end=\"1675\">Pneumatischer Pulsator f\u00fcr regelm\u00e4\u00dfiges und effektives Melken;<\/p>\n<\/li>\n<li class=\"\" data-start=\"1676\" data-end=\"1720\">\n<p class=\"\" data-start=\"1678\" data-end=\"1720\">Graphitschieber f\u00fcr die Vakuumpumpe;<\/p>\n<\/li>\n<li class=\"\" data-start=\"1721\" data-end=\"1779\">\n<p class=\"\" data-start=\"1723\" data-end=\"1779\">Vakuummeter zur st\u00e4ndigen \u00dcberwachung des Drucks;<\/p>\n<\/li>\n<li class=\"\" data-start=\"1780\" data-end=\"1850\">\n<p class=\"\" data-start=\"1782\" data-end=\"1850\">Trockenvakuumpumpe 250 l\/min mit integriertem Elektromotor;<\/p>\n<\/li>\n<li class=\"\" data-start=\"1851\" data-end=\"1899\">\n<p class=\"\" data-start=\"1853\" data-end=\"1899\">Komplettes Melkgeschirr f\u00fcr Milchk\u00fche;<\/p>\n<\/li>\n<li class=\"\" data-start=\"1900\" data-end=\"1967\">\n<p class=\"\" data-start=\"1902\" data-end=\"1967\">Vakuumhahn 1\/2&#8243; f\u00fcr eine einfache Durchflusssteuerung;<\/p>\n<\/li>\n<li class=\"\" data-start=\"1968\" data-end=\"2019\">\n<p class=\"\" data-start=\"1970\" data-end=\"2019\">Zitzengummi, kompatibel mit DeLaval-Systemen;<\/p>\n<\/li>\n<li class=\"\" data-start=\"2020\" data-end=\"2067\">\n<p class=\"\" data-start=\"2022\" data-end=\"2067\">Vakuumregulierventil zur pr\u00e4zisen Einstellung.<\/p>\n<\/li>\n<\/ul>\n<p class=\"\" data-start=\"2069\" data-end=\"2212\">Dank der hochwertigen Materialien und der einfachen Handhabung stellt diese Melkmaschine eine zuverl\u00e4ssige L\u00f6sung f\u00fcr den modernen Landwirt dar.<\/p>\n<\/div>\n<div>Kaufen Sie sie in unserem <a href=\"https:\/\/fda-shop.it\/shop\/mungitura\/mungitrici-carrellate\/mungitrice-bovini\/mungitrice-bovini-a-un-gruppo-mungitura\" target=\"_blank\" rel=\"noopener\">Online-Shop<\/a><\/div>\n","protected":false},"excerpt":{"rendered":"<p>Melkmaschine f\u00fcr K\u00fche mit 1 Gruppe, Trockenpumpe und 30-Liter-Edelstahleimer. Komplett mit Zubeh\u00f6r, 220V-Motor, Vakuumtank und CE-Zertifizierung. Ideal f\u00fcr kleine und mittlere Betriebe.  <\/p>\n","protected":false},"featured_media":444,"comment_status":"open","ping_status":"closed","template":"","meta":{"_et_pb_use_builder":"","_et_pb_old_content":"","_et_gb_content_width":""},"product_brand":[],"product_cat":[410],"product_tag":[455],"class_list":{"0":"post-2033","1":"product","2":"type-product","3":"status-publish","4":"has-post-thumbnail","6":"product_cat-fahrbare-melkmaschinen","7":"product_tag-m1750","9":"first","10":"instock","11":"shipping-taxable","12":"product-type-simple"},"yoast_head":"<!-- This site is optimized with the Yoast SEO Premium plugin v27.5 (Yoast SEO v27.5) - https:\/\/yoast.com\/product\/yoast-seo-premium-wordpress\/ -->\n<title>Fahrbare Melkmaschine f\u00fcr K\u00fche, einmalk\u00f6pfig, mit leistungsstarkem Motor<\/title>\n<meta name=\"description\" content=\"Holen Sie das Maximum aus der fahrbaren Melkmaschine f\u00fcr K\u00fche mit einer Melkeinheit! Hervorragende Leistung und reduzierter Wartungsaufwand, verpassen Sie diese Gelegenheit nicht! \ud83c\udf3e\" \/>\n<meta name=\"robots\" content=\"index, follow, max-snippet:-1, max-image-preview:large, max-video-preview:-1\" \/>\n<link rel=\"canonical\" href=\"https:\/\/fdasrl.it\/de\/prodotto\/melkmaschine-fuer-kuehe-1-gruppe-edelstahl-eimer\/\" \/>\n<meta property=\"og:locale\" content=\"de_DE\" \/>\n<meta property=\"og:type\" content=\"article\" \/>\n<meta property=\"og:title\" content=\"MELKMASCHINE F\u00dcR K\u00dcHE 1 GRUPPE EDELSTAHL-EIMER\" \/>\n<meta property=\"og:description\" content=\"Holen Sie das Maximum aus der fahrbaren Melkmaschine f\u00fcr K\u00fche mit einer Melkeinheit! Hervorragende Leistung und reduzierter Wartungsaufwand, verpassen Sie diese Gelegenheit nicht! \ud83c\udf3e\" \/>\n<meta property=\"og:url\" content=\"https:\/\/fdasrl.it\/de\/prodotto\/melkmaschine-fuer-kuehe-1-gruppe-edelstahl-eimer\/\" \/>\n<meta property=\"og:site_name\" content=\"FDA srl\" \/>\n<meta property=\"article:publisher\" content=\"https:\/\/www.facebook.com\/share\/1MWhFWg1Tp\/?mibextid=LQQJ4d\" \/>\n<meta property=\"og:image\" content=\"https:\/\/fdasrl.it\/wp-content\/uploads\/2025\/01\/M1750_1.jpg\" \/>\n\t<meta property=\"og:image:width\" content=\"800\" \/>\n\t<meta property=\"og:image:height\" content=\"737\" \/>\n\t<meta property=\"og:image:type\" content=\"image\/jpeg\" \/>\n<meta name=\"twitter:card\" content=\"summary_large_image\" \/>\n<meta name=\"twitter:label1\" content=\"Preis\" \/>\n\t<meta name=\"twitter:data1\" content=\"\" \/>\n\t<meta name=\"twitter:label2\" content=\"Verf\u00fcgbarkeit\" \/>\n\t<meta name=\"twitter:data2\" content=\"Auf Lager\" \/>\n<meta property=\"product:price:currency\" content=\"EUR\" \/>\n<meta property=\"og:availability\" content=\"instock\" \/>\n<meta property=\"product:availability\" content=\"instock\" \/>\n<meta property=\"product:retailer_item_id\" content=\"M1750\" \/>\n<meta property=\"product:condition\" content=\"new\" \/>\n<!-- \/ Yoast SEO Premium plugin. -->","yoast_head_json":{"title":"Fahrbare Melkmaschine f\u00fcr K\u00fche, einmalk\u00f6pfig, mit leistungsstarkem Motor","description":"Holen Sie das Maximum aus der fahrbaren Melkmaschine f\u00fcr K\u00fche mit einer Melkeinheit! Hervorragende Leistung und reduzierter Wartungsaufwand, verpassen Sie diese Gelegenheit nicht! \ud83c\udf3e","robots":{"index":"index","follow":"follow","max-snippet":"max-snippet:-1","max-image-preview":"max-image-preview:large","max-video-preview":"max-video-preview:-1"},"canonical":"https:\/\/fdasrl.it\/de\/prodotto\/melkmaschine-fuer-kuehe-1-gruppe-edelstahl-eimer\/","og_locale":"de_DE","og_type":"article","og_title":"MELKMASCHINE F\u00dcR K\u00dcHE 1 GRUPPE EDELSTAHL-EIMER","og_description":"Holen Sie das Maximum aus der fahrbaren Melkmaschine f\u00fcr K\u00fche mit einer Melkeinheit! Hervorragende Leistung und reduzierter Wartungsaufwand, verpassen Sie diese Gelegenheit nicht! \ud83c\udf3e","og_url":"https:\/\/fdasrl.it\/de\/prodotto\/melkmaschine-fuer-kuehe-1-gruppe-edelstahl-eimer\/","og_site_name":"FDA srl","article_publisher":"https:\/\/www.facebook.com\/share\/1MWhFWg1Tp\/?mibextid=LQQJ4d","og_image":[{"width":800,"height":737,"url":"https:\/\/fdasrl.it\/wp-content\/uploads\/2025\/01\/M1750_1.jpg","type":"image\/jpeg"}],"twitter_card":"summary_large_image","twitter_misc":{"Preis":"","Verf\u00fcgbarkeit":"Auf Lager"},"schema":{"@context":"https:\/\/schema.org","@graph":[{"@type":"WebPage","@id":"https:\/\/fdasrl.it\/de\/prodotto\/melkmaschine-fuer-kuehe-1-gruppe-edelstahl-eimer\/","url":"https:\/\/fdasrl.it\/de\/prodotto\/melkmaschine-fuer-kuehe-1-gruppe-edelstahl-eimer\/","name":"Fahrbare Melkmaschine f\u00fcr K\u00fche, einmalk\u00f6pfig, mit leistungsstarkem Motor","isPartOf":{"@id":"https:\/\/fdasrl.it\/de\/#website"},"primaryImageOfPage":{"@id":"https:\/\/fdasrl.it\/de\/prodotto\/melkmaschine-fuer-kuehe-1-gruppe-edelstahl-eimer\/#primaryimage"},"image":{"@id":"https:\/\/fdasrl.it\/de\/prodotto\/melkmaschine-fuer-kuehe-1-gruppe-edelstahl-eimer\/#primaryimage"},"thumbnailUrl":"https:\/\/fdasrl.it\/wp-content\/uploads\/2025\/01\/M1750_1.jpg","datePublished":"2025-01-21T11:37:00+00:00","description":"Holen Sie das Maximum aus der fahrbaren Melkmaschine f\u00fcr K\u00fche mit einer Melkeinheit! Hervorragende Leistung und reduzierter Wartungsaufwand, verpassen Sie diese Gelegenheit nicht! \ud83c\udf3e","breadcrumb":{"@id":"https:\/\/fdasrl.it\/de\/prodotto\/melkmaschine-fuer-kuehe-1-gruppe-edelstahl-eimer\/#breadcrumb"},"inLanguage":"de","potentialAction":[{"@type":"ReadAction","target":["https:\/\/fdasrl.it\/de\/prodotto\/melkmaschine-fuer-kuehe-1-gruppe-edelstahl-eimer\/"]}]},{"@type":"ImageObject","inLanguage":"de","@id":"https:\/\/fdasrl.it\/de\/prodotto\/melkmaschine-fuer-kuehe-1-gruppe-edelstahl-eimer\/#primaryimage","url":"https:\/\/fdasrl.it\/wp-content\/uploads\/2025\/01\/M1750_1.jpg","contentUrl":"https:\/\/fdasrl.it\/wp-content\/uploads\/2025\/01\/M1750_1.jpg","width":800,"height":737,"caption":"MELKMASCHINE F\u00dcR K\u00dcHE 1 GRUPPE FDA SRL"},{"@type":"BreadcrumbList","@id":"https:\/\/fdasrl.it\/de\/prodotto\/melkmaschine-fuer-kuehe-1-gruppe-edelstahl-eimer\/#breadcrumb","itemListElement":[{"@type":"ListItem","position":1,"name":"Home","item":"https:\/\/fdasrl.it\/de\/startseite\/"},{"@type":"ListItem","position":2,"name":"Shop","item":"https:\/\/fdasrl.it\/de\/shop\/"},{"@type":"ListItem","position":3,"name":"MELKMASCHINE F\u00dcR K\u00dcHE 1 GRUPPE EDELSTAHL-EIMER"}]},{"@type":"WebSite","@id":"https:\/\/fdasrl.it\/de\/#website","url":"https:\/\/fdasrl.it\/de\/","name":"FDA srl","description":"Equipment for animal husbandry","publisher":{"@id":"https:\/\/fdasrl.it\/de\/#organization"},"potentialAction":[{"@type":"SearchAction","target":{"@type":"EntryPoint","urlTemplate":"https:\/\/fdasrl.it\/de\/?s={search_term_string}"},"query-input":{"@type":"PropertyValueSpecification","valueRequired":true,"valueName":"search_term_string"}}],"inLanguage":"de"},{"@type":"Organization","@id":"https:\/\/fdasrl.it\/de\/#organization","name":"FDA srl","url":"https:\/\/fdasrl.it\/de\/","logo":{"@type":"ImageObject","inLanguage":"de","@id":"https:\/\/fdasrl.it\/de\/#\/schema\/logo\/image\/","url":"https:\/\/fdasrl.it\/wp-content\/uploads\/2024\/12\/Logo-FDA.png","contentUrl":"https:\/\/fdasrl.it\/wp-content\/uploads\/2024\/12\/Logo-FDA.png","width":316,"height":119,"caption":"FDA srl"},"image":{"@id":"https:\/\/fdasrl.it\/de\/#\/schema\/logo\/image\/"},"sameAs":["https:\/\/www.facebook.com\/share\/1MWhFWg1Tp\/?mibextid=LQQJ4d","https:\/\/www.instagram.com\/fda_srl\/profilecard\/?igsh=YW5lbzJ6MWg0d21u","https:\/\/www.youtube.com\/@FDASRL_ANIMALCARE"],"description":"FDA SRL \u2013 Equipment for animal husbandry nasce con l\u2019obiettivo di offrire soluzioni affidabili e innovative per l\u2019allevamento moderno. Con anni di esperienza nel settore zootecnico, progettiamo e realizziamo attrezzature destinate al benessere animale e alla gestione efficiente delle stalle: vasche, abbeveratoi, mangiatoie e sistemi di riscaldamento pensati per durare nel tempo e semplificare il lavoro quotidiano degli allevatori. Dalla progettazione alla produzione, ogni nostro prodotto \u00e8 studiato nei minimi dettagli, testato con cura e costruito per rispondere alle esigenze reali del settore. La nostra forza \u00e8 unire artigianalit\u00e0, tecnologia e competenza tecnica per trasformare ogni progetto in una soluzione concreta e funzionale. Oggi FDA SRL \u00e8 un punto di riferimento per privati e rivenditori che cercano qualit\u00e0, affidabilit\u00e0 e innovazione nelle attrezzature per l\u2019allevamento.","email":"info@fdasrl.it","telephone":"+390522826820","legalName":"F.D.A. SRL","foundingDate":"2024-10-13","vatID":"03075840359","taxID":"03075840359","numberOfEmployees":{"@type":"QuantitativeValue","minValue":"1","maxValue":"10"}}]},"product_price_currency":"EUR","og_availability":"instock","product_availability":"instock","product_retailer_item_id":"M1750","product_condition":"new"},"_links":{"self":[{"href":"https:\/\/fdasrl.it\/de\/wp-json\/wp\/v2\/product\/2033","targetHints":{"allow":["GET"]}}],"collection":[{"href":"https:\/\/fdasrl.it\/de\/wp-json\/wp\/v2\/product"}],"about":[{"href":"https:\/\/fdasrl.it\/de\/wp-json\/wp\/v2\/types\/product"}],"replies":[{"embeddable":true,"href":"https:\/\/fdasrl.it\/de\/wp-json\/wp\/v2\/comments?post=2033"}],"wp:featuredmedia":[{"embeddable":true,"href":"https:\/\/fdasrl.it\/de\/wp-json\/wp\/v2\/media\/444"}],"wp:attachment":[{"href":"https:\/\/fdasrl.it\/de\/wp-json\/wp\/v2\/media?parent=2033"}],"wp:term":[{"taxonomy":"product_brand","embeddable":true,"href":"https:\/\/fdasrl.it\/de\/wp-json\/wp\/v2\/product_brand?post=2033"},{"taxonomy":"product_cat","embeddable":true,"href":"https:\/\/fdasrl.it\/de\/wp-json\/wp\/v2\/product_cat?post=2033"},{"taxonomy":"product_tag","embeddable":true,"href":"https:\/\/fdasrl.it\/de\/wp-json\/wp\/v2\/product_tag?post=2033"}],"curies":[{"name":"wp","href":"https:\/\/api.w.org\/{rel}","templated":true}]}}