{"id":2045,"date":"2025-01-21T12:28:40","date_gmt":"2025-01-21T11:28:40","guid":{"rendered":"https:\/\/fdasrl.it\/prodotto\/elektrische-melkmaschine-fuer-ziegen-schafe-mit-2-gruppen\/"},"modified":"2025-01-21T12:28:40","modified_gmt":"2025-01-21T11:28:40","slug":"elektrische-melkmaschine-fuer-ziegen-schafe-mit-2-gruppen","status":"publish","type":"product","link":"https:\/\/fdasrl.it\/de\/prodotto\/elektrische-melkmaschine-fuer-ziegen-schafe-mit-2-gruppen\/","title":{"rendered":"ELEKTRISCHE MELKMASCHINE F\u00dcR ZIEGEN\/SCHAFE MIT 2 GRUPPEN"},"content":{"rendered":"<div>\n<h3 data-start=\"165\" data-end=\"276\">\ud83d\udc10\ud83d\udc11 <strong data-start=\"174\" data-end=\"276\">Elektrische Melkmaschine f\u00fcr Ziegen oder Schafe mit 2 Gruppen \u2013 Trockenpumpe 250 l\/min, 30-l-Edelstahleimer<\/strong><\/h3>\n<p data-start=\"278\" data-end=\"668\">Professionelle L\u00f6sung f\u00fcr das Melken von <strong data-start=\"322\" data-end=\"331\">Ziegen<\/strong> oder <strong data-start=\"334\" data-end=\"344\">Schafen<\/strong>, entwickelt f\u00fcr Effizienz, Hygiene und Zuverl\u00e4ssigkeit.<br data-start=\"405\" data-end=\"408\">Diese <strong data-start=\"415\" data-end=\"450\">elektrische Melkmaschine mit 2 Gruppen<\/strong> ist mit einer <strong data-start=\"467\" data-end=\"514\">Trockenvakuumpumpe mit 250 l\/min<\/strong>, einem <strong data-start=\"516\" data-end=\"565\">inspizierbaren 18-Liter-Vakuumtank<\/strong> und einem <strong data-start=\"568\" data-end=\"607\">30-Liter-Edelstahleimer<\/strong> ausgestattet, ideal f\u00fcr den t\u00e4glichen Einsatz in kleinen und mittleren Betrieben.<\/p>\n<p data-start=\"670\" data-end=\"895\">Dank der kompakten Bauweise und der hochwertigen Komponenten ist sie leicht zu bewegen, einfach zu bedienen und CE-konform. Das mitgelieferte Zubeh\u00f6r macht sie zu einer sofort einsatzbereiten Maschine. <\/p>\n<hr data-start=\"897\" data-end=\"900\">\n<h3 data-start=\"902\" data-end=\"949\">\u2699\ufe0f <strong data-start=\"909\" data-end=\"949\">Wichtigste technische Merkmale:<\/strong><\/h3>\n<ul data-start=\"950\" data-end=\"1441\">\n<li data-start=\"950\" data-end=\"1038\">\n<p data-start=\"952\" data-end=\"1038\"><strong data-start=\"952\" data-end=\"979\">Trockenvakuumpumpe<\/strong> mit 250 l\/min mit <strong data-start=\"997\" data-end=\"1036\">selbstschmierenden Graphitlamellen<\/strong><\/p>\n<\/li>\n<li data-start=\"1039\" data-end=\"1092\">\n<p data-start=\"1041\" data-end=\"1092\"><strong data-start=\"1041\" data-end=\"1064\">Vakuumtank<\/strong> (inspizierbar), 18 Liter<\/p>\n<\/li>\n<li data-start=\"1093\" data-end=\"1144\">\n<p data-start=\"1095\" data-end=\"1144\"><strong data-start=\"1095\" data-end=\"1124\">Einphasen-Elektromotor<\/strong> mit 220 V \/ 0,55 kW<\/p>\n<\/li>\n<li data-start=\"1145\" data-end=\"1202\">\n<p data-start=\"1147\" data-end=\"1202\"><strong data-start=\"1147\" data-end=\"1168\">Melkeimer<\/strong> aus <strong data-start=\"1172\" data-end=\"1200\">Edelstahl, 30 Liter<\/strong><\/p>\n<\/li>\n<li data-start=\"1203\" data-end=\"1270\">\n<p data-start=\"1205\" data-end=\"1270\"><strong data-start=\"1205\" data-end=\"1228\">Schlauchl\u00e4nge<\/strong> pro Melkzeug: 2,5 Meter<\/p>\n<\/li>\n<li data-start=\"1271\" data-end=\"1331\">\n<p data-start=\"1273\" data-end=\"1331\"><strong data-start=\"1273\" data-end=\"1295\">Kompakte Bauweise<\/strong>, robust und wartungsfreundlich<\/p>\n<\/li>\n<li data-start=\"1332\" data-end=\"1397\">\n<p data-start=\"1334\" data-end=\"1397\"><strong data-start=\"1334\" data-end=\"1352\">CE-zertifiziert<\/strong> f\u00fcr den professionellen Einsatz in der Tierhaltung<\/p>\n<\/li>\n<li data-start=\"1398\" data-end=\"1441\">\n<p data-start=\"1400\" data-end=\"1441\"><strong data-start=\"1400\" data-end=\"1418\">Reinigungsb\u00fcrsten-Set<\/strong> enthalten<\/p>\n<\/li>\n<\/ul>\n<hr data-start=\"1443\" data-end=\"1446\">\n<h3 data-start=\"1448\" data-end=\"1485\">\ud83e\uddf0 <strong data-start=\"1455\" data-end=\"1485\">Im Kit enthaltenes Zubeh\u00f6r:<\/strong><\/h3>\n<ul data-start=\"1486\" data-end=\"1865\">\n<li data-start=\"1486\" data-end=\"1547\">\n<p data-start=\"1488\" data-end=\"1547\">2 komplette Melkzeuge f\u00fcr Ziegen oder Schafe (nach Wahl)<\/p>\n<\/li>\n<li data-start=\"1548\" data-end=\"1591\">\n<p data-start=\"1550\" data-end=\"1591\">Spezifische Sammelst\u00fccke f\u00fcr Ziege oder Schaf<\/p>\n<\/li>\n<li data-start=\"1592\" data-end=\"1635\">\n<p data-start=\"1594\" data-end=\"1635\">Hochpr\u00e4zise pneumatische Pulsatoren<\/p>\n<\/li>\n<li data-start=\"1636\" data-end=\"1683\">\n<p data-start=\"1638\" data-end=\"1683\">Halbautomatische Ventile f\u00fcr jedes Melkzeug<\/p>\n<\/li>\n<li data-start=\"1684\" data-end=\"1747\">\n<p data-start=\"1686\" data-end=\"1747\">Integriertes Vakuummeter zur Kontrolle des Vakuumlevels<\/p>\n<\/li>\n<li data-start=\"1748\" data-end=\"1784\">\n<p data-start=\"1750\" data-end=\"1784\">Vakuumregulierventil<\/p>\n<\/li>\n<li data-start=\"1785\" data-end=\"1829\">\n<p data-start=\"1787\" data-end=\"1829\">Silikon-Zitzengummis und Becher im Lieferumfang enthalten<\/p>\n<\/li>\n<li data-start=\"1830\" data-end=\"1865\">\n<p data-start=\"1832\" data-end=\"1865\">1\/2&#8243;-Hahn zur Vakuumsteuerung<\/p>\n<\/li>\n<\/ul>\n<hr data-start=\"1867\" data-end=\"1870\">\n<h3 data-start=\"1872\" data-end=\"1894\">\ud83c\udfaf <strong data-start=\"1879\" data-end=\"1894\">Ideal f\u00fcr:<\/strong><\/h3>\n<ul data-start=\"1895\" data-end=\"2104\">\n<li data-start=\"1895\" data-end=\"1979\">\n<p data-start=\"1897\" data-end=\"1979\">Ziegen- oder Schafz\u00fcchter, die ein professionelles System mit 2 Pl\u00e4tzen suchen<\/p>\n<\/li>\n<li data-start=\"1980\" data-end=\"2034\">\n<p data-start=\"1982\" data-end=\"2034\">T\u00e4gliches Melken in kleinen und mittleren Betrieben<\/p>\n<\/li>\n<li data-start=\"2035\" data-end=\"2104\">\n<p data-start=\"2037\" data-end=\"2104\">Alle, die ein <strong data-start=\"2061\" data-end=\"2102\">vollst\u00e4ndiges, effizientes und gebrauchsfertiges<\/strong> System w\u00fcnschen<\/p>\n<\/li>\n<\/ul>\n<hr data-start=\"2106\" data-end=\"2109\">\n<h3 data-start=\"2111\" data-end=\"2145\">\ud83d\uded2 <strong data-start=\"2118\" data-end=\"2145\">Jetzt online kaufen:<\/strong><\/h3>\n<ul data-start=\"2146\" data-end=\"2234\">\n<li data-start=\"2146\" data-end=\"2189\">\n<p data-start=\"2148\" data-end=\"2189\">\u2705 [<strong data-start=\"2151\" data-end=\"2173\">Version f\u00fcr Ziegen<\/strong> \u2013 <a href=\"https:\/\/fda-shop.it\/shop\/mungitura\/mungitrici-carrellate\/mungitrice-capra\/mungitrice-capre-due-gruppi-mungitura\">hier klicken<\/a>]<\/p>\n<\/li>\n<li data-start=\"2190\" data-end=\"2234\">\n<p data-start=\"2192\" data-end=\"2234\">\u2705 [<strong data-start=\"2195\" data-end=\"2218\">Version f\u00fcr Schafe<\/strong> \u2013 <a href=\"https:\/\/fda-shop.it\/shop\/mungitura\/mungitrici-carrellate\/mungitrice-pecore\/mungitrice-pecore-due-gruppi-mungitura\">hier klicken<\/a>]<\/p>\n<\/li>\n<\/ul>\n<\/div>\n<div>\n<div>\n<div><\/div>\n<\/div>\n<\/div>\n","protected":false},"excerpt":{"rendered":"<p>Elektrische Melkmaschine mit 2 Gruppen f\u00fcr Ziegen oder Schafe, mit Trockenpumpe 250 l\/min, 30-l-Edelstahleimer und inklusive Zubeh\u00f6r. Ideal f\u00fcr professionelles Melken. <\/p>\n","protected":false},"featured_media":433,"comment_status":"open","ping_status":"closed","template":"","meta":{"_et_pb_use_builder":"","_et_pb_old_content":"","_et_gb_content_width":""},"product_brand":[],"product_cat":[410,414],"product_tag":[458,459,457],"class_list":{"0":"post-2045","1":"product","2":"type-product","3":"status-publish","4":"has-post-thumbnail","6":"product_cat-fahrbare-melkmaschinen","7":"product_cat-schafe-und-ziegen","8":"product_tag-fa-m71","9":"product_tag-m7100c","10":"product_tag-m7100p","12":"first","13":"instock","14":"shipping-taxable","15":"product-type-simple"},"yoast_head":"<!-- This site is optimized with the Yoast SEO Premium plugin v27.5 (Yoast SEO v27.5) - https:\/\/yoast.com\/product\/yoast-seo-premium-wordpress\/ -->\n<title>Elektrische Melkmaschine 2 Gruppen Ziegen Schafe gebrauchsfertig - FDA srl<\/title>\n<meta name=\"description\" content=\"Erleichtern Sie das Melken von Ziegen und Schafen mit der elektrischen Melkmaschine mit 2 Gruppen! Effizienz und Hygiene zu Ihren Diensten.\" \/>\n<meta name=\"robots\" content=\"index, follow, max-snippet:-1, max-image-preview:large, max-video-preview:-1\" \/>\n<link rel=\"canonical\" href=\"https:\/\/fdasrl.it\/de\/prodotto\/elektrische-melkmaschine-fuer-ziegen-schafe-mit-2-gruppen\/\" \/>\n<meta property=\"og:locale\" content=\"de_DE\" \/>\n<meta property=\"og:type\" content=\"article\" \/>\n<meta property=\"og:title\" content=\"ELEKTRISCHE MELKMASCHINE F\u00dcR ZIEGEN\/SCHAFE MIT 2 GRUPPEN\" \/>\n<meta property=\"og:description\" content=\"Erleichtern Sie das Melken von Ziegen und Schafen mit der elektrischen Melkmaschine mit 2 Gruppen! Effizienz und Hygiene zu Ihren Diensten.\" \/>\n<meta property=\"og:url\" content=\"https:\/\/fdasrl.it\/de\/prodotto\/elektrische-melkmaschine-fuer-ziegen-schafe-mit-2-gruppen\/\" \/>\n<meta property=\"og:site_name\" content=\"FDA srl\" \/>\n<meta property=\"article:publisher\" content=\"https:\/\/www.facebook.com\/share\/1MWhFWg1Tp\/?mibextid=LQQJ4d\" \/>\n<meta property=\"og:image\" content=\"https:\/\/fdasrl.it\/wp-content\/uploads\/2025\/01\/M7100P_1.jpg\" \/>\n\t<meta property=\"og:image:width\" content=\"800\" \/>\n\t<meta property=\"og:image:height\" content=\"737\" \/>\n\t<meta property=\"og:image:type\" content=\"image\/jpeg\" \/>\n<meta name=\"twitter:card\" content=\"summary_large_image\" \/>\n<meta name=\"twitter:label1\" content=\"Preis\" \/>\n\t<meta name=\"twitter:data1\" content=\"\" \/>\n\t<meta name=\"twitter:label2\" content=\"Verf\u00fcgbarkeit\" \/>\n\t<meta name=\"twitter:data2\" content=\"Auf Lager\" \/>\n<meta property=\"product:price:currency\" content=\"EUR\" \/>\n<meta property=\"og:availability\" content=\"instock\" \/>\n<meta property=\"product:availability\" content=\"instock\" \/>\n<meta property=\"product:retailer_item_id\" content=\"FA-M71\" \/>\n<meta property=\"product:condition\" content=\"new\" \/>\n<!-- \/ Yoast SEO Premium plugin. -->","yoast_head_json":{"title":"Elektrische Melkmaschine 2 Gruppen Ziegen Schafe gebrauchsfertig - FDA srl","description":"Erleichtern Sie das Melken von Ziegen und Schafen mit der elektrischen Melkmaschine mit 2 Gruppen! Effizienz und Hygiene zu Ihren Diensten.","robots":{"index":"index","follow":"follow","max-snippet":"max-snippet:-1","max-image-preview":"max-image-preview:large","max-video-preview":"max-video-preview:-1"},"canonical":"https:\/\/fdasrl.it\/de\/prodotto\/elektrische-melkmaschine-fuer-ziegen-schafe-mit-2-gruppen\/","og_locale":"de_DE","og_type":"article","og_title":"ELEKTRISCHE MELKMASCHINE F\u00dcR ZIEGEN\/SCHAFE MIT 2 GRUPPEN","og_description":"Erleichtern Sie das Melken von Ziegen und Schafen mit der elektrischen Melkmaschine mit 2 Gruppen! Effizienz und Hygiene zu Ihren Diensten.","og_url":"https:\/\/fdasrl.it\/de\/prodotto\/elektrische-melkmaschine-fuer-ziegen-schafe-mit-2-gruppen\/","og_site_name":"FDA srl","article_publisher":"https:\/\/www.facebook.com\/share\/1MWhFWg1Tp\/?mibextid=LQQJ4d","og_image":[{"width":800,"height":737,"url":"https:\/\/fdasrl.it\/wp-content\/uploads\/2025\/01\/M7100P_1.jpg","type":"image\/jpeg"}],"twitter_card":"summary_large_image","twitter_misc":{"Preis":"","Verf\u00fcgbarkeit":"Auf Lager"},"schema":{"@context":"https:\/\/schema.org","@graph":[{"@type":"WebPage","@id":"https:\/\/fdasrl.it\/de\/prodotto\/elektrische-melkmaschine-fuer-ziegen-schafe-mit-2-gruppen\/","url":"https:\/\/fdasrl.it\/de\/prodotto\/elektrische-melkmaschine-fuer-ziegen-schafe-mit-2-gruppen\/","name":"Elektrische Melkmaschine 2 Gruppen Ziegen Schafe gebrauchsfertig - FDA srl","isPartOf":{"@id":"https:\/\/fdasrl.it\/de\/#website"},"primaryImageOfPage":{"@id":"https:\/\/fdasrl.it\/de\/prodotto\/elektrische-melkmaschine-fuer-ziegen-schafe-mit-2-gruppen\/#primaryimage"},"image":{"@id":"https:\/\/fdasrl.it\/de\/prodotto\/elektrische-melkmaschine-fuer-ziegen-schafe-mit-2-gruppen\/#primaryimage"},"thumbnailUrl":"https:\/\/fdasrl.it\/wp-content\/uploads\/2025\/01\/M7100P_1.jpg","datePublished":"2025-01-21T11:28:40+00:00","description":"Erleichtern Sie das Melken von Ziegen und Schafen mit der elektrischen Melkmaschine mit 2 Gruppen! Effizienz und Hygiene zu Ihren Diensten.","breadcrumb":{"@id":"https:\/\/fdasrl.it\/de\/prodotto\/elektrische-melkmaschine-fuer-ziegen-schafe-mit-2-gruppen\/#breadcrumb"},"inLanguage":"de","potentialAction":[{"@type":"ReadAction","target":["https:\/\/fdasrl.it\/de\/prodotto\/elektrische-melkmaschine-fuer-ziegen-schafe-mit-2-gruppen\/"]}]},{"@type":"ImageObject","inLanguage":"de","@id":"https:\/\/fdasrl.it\/de\/prodotto\/elektrische-melkmaschine-fuer-ziegen-schafe-mit-2-gruppen\/#primaryimage","url":"https:\/\/fdasrl.it\/wp-content\/uploads\/2025\/01\/M7100P_1.jpg","contentUrl":"https:\/\/fdasrl.it\/wp-content\/uploads\/2025\/01\/M7100P_1.jpg","width":800,"height":737,"caption":"ELEKTRISCHE MELKMASCHINE F\u00dcR ZIEGEN\/SCHAFE MIT 2 GRUPPEN"},{"@type":"BreadcrumbList","@id":"https:\/\/fdasrl.it\/de\/prodotto\/elektrische-melkmaschine-fuer-ziegen-schafe-mit-2-gruppen\/#breadcrumb","itemListElement":[{"@type":"ListItem","position":1,"name":"Home","item":"https:\/\/fdasrl.it\/de\/startseite\/"},{"@type":"ListItem","position":2,"name":"Shop","item":"https:\/\/fdasrl.it\/de\/shop\/"},{"@type":"ListItem","position":3,"name":"ELEKTRISCHE MELKMASCHINE F\u00dcR ZIEGEN\/SCHAFE MIT 2 GRUPPEN"}]},{"@type":"WebSite","@id":"https:\/\/fdasrl.it\/de\/#website","url":"https:\/\/fdasrl.it\/de\/","name":"FDA srl","description":"Equipment for animal husbandry","publisher":{"@id":"https:\/\/fdasrl.it\/de\/#organization"},"potentialAction":[{"@type":"SearchAction","target":{"@type":"EntryPoint","urlTemplate":"https:\/\/fdasrl.it\/de\/?s={search_term_string}"},"query-input":{"@type":"PropertyValueSpecification","valueRequired":true,"valueName":"search_term_string"}}],"inLanguage":"de"},{"@type":"Organization","@id":"https:\/\/fdasrl.it\/de\/#organization","name":"FDA srl","url":"https:\/\/fdasrl.it\/de\/","logo":{"@type":"ImageObject","inLanguage":"de","@id":"https:\/\/fdasrl.it\/de\/#\/schema\/logo\/image\/","url":"https:\/\/fdasrl.it\/wp-content\/uploads\/2024\/12\/Logo-FDA.png","contentUrl":"https:\/\/fdasrl.it\/wp-content\/uploads\/2024\/12\/Logo-FDA.png","width":316,"height":119,"caption":"FDA srl"},"image":{"@id":"https:\/\/fdasrl.it\/de\/#\/schema\/logo\/image\/"},"sameAs":["https:\/\/www.facebook.com\/share\/1MWhFWg1Tp\/?mibextid=LQQJ4d","https:\/\/www.instagram.com\/fda_srl\/profilecard\/?igsh=YW5lbzJ6MWg0d21u","https:\/\/www.youtube.com\/@FDASRL_ANIMALCARE"],"description":"FDA SRL \u2013 Equipment for animal husbandry nasce con l\u2019obiettivo di offrire soluzioni affidabili e innovative per l\u2019allevamento moderno. Con anni di esperienza nel settore zootecnico, progettiamo e realizziamo attrezzature destinate al benessere animale e alla gestione efficiente delle stalle: vasche, abbeveratoi, mangiatoie e sistemi di riscaldamento pensati per durare nel tempo e semplificare il lavoro quotidiano degli allevatori. Dalla progettazione alla produzione, ogni nostro prodotto \u00e8 studiato nei minimi dettagli, testato con cura e costruito per rispondere alle esigenze reali del settore. La nostra forza \u00e8 unire artigianalit\u00e0, tecnologia e competenza tecnica per trasformare ogni progetto in una soluzione concreta e funzionale. Oggi FDA SRL \u00e8 un punto di riferimento per privati e rivenditori che cercano qualit\u00e0, affidabilit\u00e0 e innovazione nelle attrezzature per l\u2019allevamento.","email":"info@fdasrl.it","telephone":"+390522826820","legalName":"F.D.A. SRL","foundingDate":"2024-10-13","vatID":"03075840359","taxID":"03075840359","numberOfEmployees":{"@type":"QuantitativeValue","minValue":"1","maxValue":"10"}}]},"product_price_currency":"EUR","og_availability":"instock","product_availability":"instock","product_retailer_item_id":"FA-M71","product_condition":"new"},"_links":{"self":[{"href":"https:\/\/fdasrl.it\/de\/wp-json\/wp\/v2\/product\/2045","targetHints":{"allow":["GET"]}}],"collection":[{"href":"https:\/\/fdasrl.it\/de\/wp-json\/wp\/v2\/product"}],"about":[{"href":"https:\/\/fdasrl.it\/de\/wp-json\/wp\/v2\/types\/product"}],"replies":[{"embeddable":true,"href":"https:\/\/fdasrl.it\/de\/wp-json\/wp\/v2\/comments?post=2045"}],"wp:featuredmedia":[{"embeddable":true,"href":"https:\/\/fdasrl.it\/de\/wp-json\/wp\/v2\/media\/433"}],"wp:attachment":[{"href":"https:\/\/fdasrl.it\/de\/wp-json\/wp\/v2\/media?parent=2045"}],"wp:term":[{"taxonomy":"product_brand","embeddable":true,"href":"https:\/\/fdasrl.it\/de\/wp-json\/wp\/v2\/product_brand?post=2045"},{"taxonomy":"product_cat","embeddable":true,"href":"https:\/\/fdasrl.it\/de\/wp-json\/wp\/v2\/product_cat?post=2045"},{"taxonomy":"product_tag","embeddable":true,"href":"https:\/\/fdasrl.it\/de\/wp-json\/wp\/v2\/product_tag?post=2045"}],"curies":[{"name":"wp","href":"https:\/\/api.w.org\/{rel}","templated":true}]}}