{"id":2149,"date":"2026-03-04T10:43:57","date_gmt":"2026-03-04T09:43:57","guid":{"rendered":"https:\/\/fdasrl.it\/prodotto\/fahrbare-melkmaschine-fa27032-fuer-ziegen-und-schafe-mit-8-melkzeugen-und-oelbadvakuumpumpe\/"},"modified":"2026-03-04T10:43:57","modified_gmt":"2026-03-04T09:43:57","slug":"fahrbare-melkmaschine-fa27032-fuer-ziegen-und-schafe-mit-8-melkzeugen-und-oelbadvakuumpumpe","status":"publish","type":"product","link":"https:\/\/fdasrl.it\/de\/prodotto\/fahrbare-melkmaschine-fa27032-fuer-ziegen-und-schafe-mit-8-melkzeugen-und-oelbadvakuumpumpe\/","title":{"rendered":"Fahrbare Melkmaschine FA27032 f\u00fcr Ziegen und Schafe mit 8 Melkzeugen und \u00d6lbadvakuumpumpe"},"content":{"rendered":"<h1 data-start=\"176\" data-end=\"262\">Fahrbare Melkmaschine FA27032 f\u00fcr Ziegen und Schafe mit 8 Melkzeugen und \u00d6lbadvakuumpumpe<\/h1>\n<p data-start=\"264\" data-end=\"429\">Die <strong data-start=\"267\" data-end=\"319\">fahrbare Melkmaschine FA27032 f\u00fcr Ziegen und Schafe<\/strong> ist konzipiert, um ein <strong data-start=\"361\" data-end=\"428\">schnelles, effizientes und hygienisches Melken in Schaf- und Ziegenbetrieben<\/strong> zu gew\u00e4hrleisten.<\/p>\n<p data-start=\"431\" data-end=\"669\">Dank der <strong data-start=\"443\" data-end=\"475\">mobilen Fahrgestellkonstruktion<\/strong> und der <strong data-start=\"483\" data-end=\"517\">\u00d6lbadvakuumpumpe<\/strong> erm\u00f6glicht diese Melkmaschine das Melken von <strong data-start=\"557\" data-end=\"599\">bis zu acht Tieren gleichzeitig<\/strong>, wodurch die Produktivit\u00e4t verbessert und die Arbeitszeit im Stall reduziert wird.<\/p>\n<p data-start=\"671\" data-end=\"832\">Das System ist konzipiert, um <strong data-start=\"707\" data-end=\"760\">konstante Leistung, Zuverl\u00e4ssigkeit und Langlebigkeit<\/strong> zu bieten, mit widerstandsf\u00e4higen Komponenten und f\u00fcr den Kontakt mit Milch geeigneten Materialien.<\/p>\n<hr data-start=\"834\" data-end=\"837\">\n<h2 data-start=\"839\" data-end=\"868\">Hauptmerkmale<\/h2>\n<ul data-start=\"870\" data-end=\"1545\">\n<li data-start=\"870\" data-end=\"983\">\n<p data-start=\"872\" data-end=\"983\"><strong data-start=\"872\" data-end=\"919\">\u00d6lbadvakuumpumpe 400 L\/min<\/strong> mit Elektromotor <strong data-start=\"941\" data-end=\"960\">220 VAC \u2013 1,5 kW<\/strong> mit getrennten Wannen<\/p>\n<\/li>\n<li data-start=\"984\" data-end=\"1030\">\n<p data-start=\"986\" data-end=\"1030\"><strong data-start=\"986\" data-end=\"1028\">8 Melkzeuge f\u00fcr Ziege\/Schaf<\/strong><\/p>\n<\/li>\n<li data-start=\"1031\" data-end=\"1092\">\n<p data-start=\"1033\" data-end=\"1092\"><strong data-start=\"1033\" data-end=\"1090\">4 pneumatische Pulsatoren Ziege\/Schaf (90\u2013120 bpm)*<\/strong><\/p>\n<\/li>\n<li data-start=\"1093\" data-end=\"1144\">\n<p data-start=\"1095\" data-end=\"1144\"><strong data-start=\"1095\" data-end=\"1142\">Hochresistente Polycarbonat-Becher<\/strong><\/p>\n<\/li>\n<li data-start=\"1145\" data-end=\"1207\">\n<p data-start=\"1147\" data-end=\"1207\"><strong data-start=\"1147\" data-end=\"1205\">8 Milchsammelst\u00fccke f\u00fcr Ziege\/Schaf Mod. 13300<\/strong><\/p>\n<\/li>\n<li data-start=\"1208\" data-end=\"1251\">\n<p data-start=\"1210\" data-end=\"1251\"><strong data-start=\"1210\" data-end=\"1249\">Silikon-Zitzengummis zum Melken<\/strong><\/p>\n<\/li>\n<li data-start=\"1252\" data-end=\"1318\">\n<p data-start=\"1254\" data-end=\"1318\"><strong data-start=\"1254\" data-end=\"1316\">18-Liter-Vakuumtank mit Regulierventil<\/strong><\/p>\n<\/li>\n<li data-start=\"1319\" data-end=\"1369\">\n<p data-start=\"1321\" data-end=\"1369\"><strong data-start=\"1321\" data-end=\"1367\">Vakuummeter zur Unterdruckkontrolle<\/strong><\/p>\n<\/li>\n<li data-start=\"1370\" data-end=\"1410\">\n<p data-start=\"1372\" data-end=\"1410\"><strong data-start=\"1372\" data-end=\"1408\">2 Vakuumh\u00e4hne 1\/2&#8243;<\/strong><\/p>\n<\/li>\n<li data-start=\"1411\" data-end=\"1464\">\n<p data-start=\"1413\" data-end=\"1464\"><strong data-start=\"1413\" data-end=\"1462\">2 Milcheimer aus Edelstahl 40 Liter<\/strong><\/p>\n<\/li>\n<li data-start=\"1465\" data-end=\"1521\">\n<p data-start=\"1467\" data-end=\"1521\"><strong data-start=\"1467\" data-end=\"1519\">2,5 m Melkschl\u00e4uche pro Melkzeug<\/strong><\/p>\n<\/li>\n<li data-start=\"1522\" data-end=\"1545\">\n<p data-start=\"1524\" data-end=\"1545\"><strong data-start=\"1524\" data-end=\"1545\">CE-Zertifizierung<\/strong><\/p>\n<\/li>\n<\/ul>\n<hr data-start=\"1547\" data-end=\"1550\">\n<h2 data-start=\"1552\" data-end=\"1572\">Enthaltene Ausstattung<\/h2>\n<p data-start=\"1574\" data-end=\"1676\">Zur Erleichterung der Wartung und Gew\u00e4hrleistung hoher Hygienestandards wird die Melkmaschine geliefert mit:<\/p>\n<ul data-start=\"1678\" data-end=\"1750\">\n<li data-start=\"1678\" data-end=\"1713\">\n<p data-start=\"1680\" data-end=\"1713\"><strong data-start=\"1680\" data-end=\"1713\">Reinigungsb\u00fcrsten-Set<\/strong><\/p>\n<\/li>\n<li data-start=\"1714\" data-end=\"1750\">\n<p data-start=\"1716\" data-end=\"1750\"><strong data-start=\"1716\" data-end=\"1750\">1 Liter alkalisches Reinigungsmittel<\/strong><\/p>\n<\/li>\n<\/ul>\n<p data-start=\"1752\" data-end=\"1897\">Die mit Milch in Kontakt kommenden Teile sind aus <strong data-start=\"1805\" data-end=\"1844\">lebensmittelechten Materialien<\/strong> gefertigt, um <strong data-start=\"1860\" data-end=\"1896\">Hygiene, Sicherheit und Langlebigkeit<\/strong> zu gew\u00e4hrleisten.<\/p>\n<hr data-start=\"1899\" data-end=\"1902\">\n<h2 data-start=\"1904\" data-end=\"1927\">Verf\u00fcgbares Zubeh\u00f6r<\/h2>\n<p data-start=\"1929\" data-end=\"1995\">* <strong data-start=\"1932\" data-end=\"1995\">Elektronischer Pulsator mit interner 24-VDC-Platine + Steuerger\u00e4t<\/strong><\/p>\n<h4 data-start=\"1954\" data-end=\"1993\">H\u00e4ndler und Vertriebspartner: Fordern Sie Informationen an <a href=\"https:\/\/fdasrl.it\/de\/kontakt\/\">(HIER KLICKEN)<\/a><\/h4>\n<h4 data-start=\"1954\" data-end=\"1993\">\ud83d\uded2 Online kaufen <a href=\"https:\/\/fda-shop.it\/shop\/mungitura\/mungitrici-carrellate\/mungitrice-pecore\/mungitrice-carrellate-fa27032-per-caprapecora-a-otto-gruppi-di-mungitura-con-pompa-a-bagno-olio\">(HIER KLICKEN)<\/a><\/h4>\n","protected":false},"excerpt":{"rendered":"<p>Fahrbare Melkmaschine FA27032 f\u00fcr Ziegen und Schafe mit 8 Melkzeugen und \u00d6lbadvakuumpumpe 400 L\/min. Ausgestattet mit zwei Edelstahl-Milcheimern 40 L, Polycarbonat-Zitzengummis und Silikonschl\u00e4uchen. Mobiles, zuverl\u00e4ssiges und CE-zertifiziertes System, ideal f\u00fcr das gleichzeitige Melken mehrerer Tiere.  <\/p>\n","protected":false},"featured_media":1148,"comment_status":"closed","ping_status":"closed","template":"","meta":{"_et_pb_use_builder":"","_et_pb_old_content":"","_et_gb_content_width":""},"product_brand":[],"product_cat":[410,414],"product_tag":[478],"class_list":{"0":"post-2149","1":"product","2":"type-product","3":"status-publish","4":"has-post-thumbnail","6":"product_cat-fahrbare-melkmaschinen","7":"product_cat-schafe-und-ziegen","8":"product_tag-fa27032","10":"first","11":"instock","12":"shipping-taxable","13":"product-type-simple"},"yoast_head":"<!-- This site is optimized with the Yoast SEO Premium plugin v27.5 (Yoast SEO v27.5) - https:\/\/yoast.com\/product\/yoast-seo-premium-wordpress\/ -->\n<title>Fahrbare Melkmaschine Ziegen Schafe 8 Melkzeuge \u00d6lbadvakuumpumpe<\/title>\n<meta name=\"description\" content=\"Entdecken Sie die Melkmaschine Ziegen Schafe 8 Melkzeuge \u00d6l, ideal f\u00fcr schnelles und effizientes Melken. Steigern Sie jetzt Ihre Produktivit\u00e4t im Stall!\" \/>\n<meta name=\"robots\" content=\"index, follow, max-snippet:-1, max-image-preview:large, max-video-preview:-1\" \/>\n<link rel=\"canonical\" href=\"https:\/\/fdasrl.it\/de\/prodotto\/fahrbare-melkmaschine-fa27032-fuer-ziegen-und-schafe-mit-8-melkzeugen-und-oelbadvakuumpumpe\/\" \/>\n<meta property=\"og:locale\" content=\"de_DE\" \/>\n<meta property=\"og:type\" content=\"article\" \/>\n<meta property=\"og:title\" content=\"Fahrbare Melkmaschine FA27032 f\u00fcr Ziegen und Schafe mit 8 Melkzeugen und \u00d6lbadvakuumpumpe\" \/>\n<meta property=\"og:description\" content=\"Entdecken Sie die Melkmaschine Ziegen Schafe 8 Melkzeuge \u00d6l, ideal f\u00fcr schnelles und effizientes Melken. Steigern Sie jetzt Ihre Produktivit\u00e4t im Stall!\" \/>\n<meta property=\"og:url\" content=\"https:\/\/fdasrl.it\/de\/prodotto\/fahrbare-melkmaschine-fa27032-fuer-ziegen-und-schafe-mit-8-melkzeugen-und-oelbadvakuumpumpe\/\" \/>\n<meta property=\"og:site_name\" content=\"FDA srl\" \/>\n<meta property=\"article:publisher\" content=\"https:\/\/www.facebook.com\/share\/1MWhFWg1Tp\/?mibextid=LQQJ4d\" \/>\n<meta property=\"og:image\" content=\"https:\/\/fdasrl.it\/wp-content\/uploads\/2026\/03\/mungitrice-per-pecora-e-capra-otto-gruppi-a-bagno-olio-vista-sinistra.webp\" \/>\n\t<meta property=\"og:image:width\" content=\"2048\" \/>\n\t<meta property=\"og:image:height\" content=\"2048\" \/>\n\t<meta property=\"og:image:type\" content=\"image\/webp\" \/>\n<meta name=\"twitter:card\" content=\"summary_large_image\" \/>\n<meta name=\"twitter:label1\" content=\"Preis\" \/>\n\t<meta name=\"twitter:data1\" content=\"\" \/>\n\t<meta name=\"twitter:label2\" content=\"Verf\u00fcgbarkeit\" \/>\n\t<meta name=\"twitter:data2\" content=\"Auf Lager\" \/>\n<meta property=\"product:price:currency\" content=\"EUR\" \/>\n<meta property=\"og:availability\" content=\"instock\" \/>\n<meta property=\"product:availability\" content=\"instock\" \/>\n<meta property=\"product:retailer_item_id\" content=\"FA27032\" \/>\n<meta property=\"product:condition\" content=\"new\" \/>\n<!-- \/ Yoast SEO Premium plugin. -->","yoast_head_json":{"title":"Fahrbare Melkmaschine Ziegen Schafe 8 Melkzeuge \u00d6lbadvakuumpumpe","description":"Entdecken Sie die Melkmaschine Ziegen Schafe 8 Melkzeuge \u00d6l, ideal f\u00fcr schnelles und effizientes Melken. Steigern Sie jetzt Ihre Produktivit\u00e4t im Stall!","robots":{"index":"index","follow":"follow","max-snippet":"max-snippet:-1","max-image-preview":"max-image-preview:large","max-video-preview":"max-video-preview:-1"},"canonical":"https:\/\/fdasrl.it\/de\/prodotto\/fahrbare-melkmaschine-fa27032-fuer-ziegen-und-schafe-mit-8-melkzeugen-und-oelbadvakuumpumpe\/","og_locale":"de_DE","og_type":"article","og_title":"Fahrbare Melkmaschine FA27032 f\u00fcr Ziegen und Schafe mit 8 Melkzeugen und \u00d6lbadvakuumpumpe","og_description":"Entdecken Sie die Melkmaschine Ziegen Schafe 8 Melkzeuge \u00d6l, ideal f\u00fcr schnelles und effizientes Melken. Steigern Sie jetzt Ihre Produktivit\u00e4t im Stall!","og_url":"https:\/\/fdasrl.it\/de\/prodotto\/fahrbare-melkmaschine-fa27032-fuer-ziegen-und-schafe-mit-8-melkzeugen-und-oelbadvakuumpumpe\/","og_site_name":"FDA srl","article_publisher":"https:\/\/www.facebook.com\/share\/1MWhFWg1Tp\/?mibextid=LQQJ4d","og_image":[{"width":2048,"height":2048,"url":"https:\/\/fdasrl.it\/wp-content\/uploads\/2026\/03\/mungitrice-per-pecora-e-capra-otto-gruppi-a-bagno-olio-vista-sinistra.webp","type":"image\/webp"}],"twitter_card":"summary_large_image","twitter_misc":{"Preis":"","Verf\u00fcgbarkeit":"Auf Lager"},"schema":{"@context":"https:\/\/schema.org","@graph":[{"@type":"WebPage","@id":"https:\/\/fdasrl.it\/de\/prodotto\/fahrbare-melkmaschine-fa27032-fuer-ziegen-und-schafe-mit-8-melkzeugen-und-oelbadvakuumpumpe\/","url":"https:\/\/fdasrl.it\/de\/prodotto\/fahrbare-melkmaschine-fa27032-fuer-ziegen-und-schafe-mit-8-melkzeugen-und-oelbadvakuumpumpe\/","name":"Fahrbare Melkmaschine Ziegen Schafe 8 Melkzeuge \u00d6lbadvakuumpumpe","isPartOf":{"@id":"https:\/\/fdasrl.it\/de\/#website"},"primaryImageOfPage":{"@id":"https:\/\/fdasrl.it\/de\/prodotto\/fahrbare-melkmaschine-fa27032-fuer-ziegen-und-schafe-mit-8-melkzeugen-und-oelbadvakuumpumpe\/#primaryimage"},"image":{"@id":"https:\/\/fdasrl.it\/de\/prodotto\/fahrbare-melkmaschine-fa27032-fuer-ziegen-und-schafe-mit-8-melkzeugen-und-oelbadvakuumpumpe\/#primaryimage"},"thumbnailUrl":"https:\/\/fdasrl.it\/wp-content\/uploads\/2026\/03\/mungitrice-per-pecora-e-capra-otto-gruppi-a-bagno-olio-vista-sinistra.webp","datePublished":"2026-03-04T09:43:57+00:00","description":"Entdecken Sie die Melkmaschine Ziegen Schafe 8 Melkzeuge \u00d6l, ideal f\u00fcr schnelles und effizientes Melken. Steigern Sie jetzt Ihre Produktivit\u00e4t im Stall!","breadcrumb":{"@id":"https:\/\/fdasrl.it\/de\/prodotto\/fahrbare-melkmaschine-fa27032-fuer-ziegen-und-schafe-mit-8-melkzeugen-und-oelbadvakuumpumpe\/#breadcrumb"},"inLanguage":"de","potentialAction":[{"@type":"ReadAction","target":["https:\/\/fdasrl.it\/de\/prodotto\/fahrbare-melkmaschine-fa27032-fuer-ziegen-und-schafe-mit-8-melkzeugen-und-oelbadvakuumpumpe\/"]}]},{"@type":"ImageObject","inLanguage":"de","@id":"https:\/\/fdasrl.it\/de\/prodotto\/fahrbare-melkmaschine-fa27032-fuer-ziegen-und-schafe-mit-8-melkzeugen-und-oelbadvakuumpumpe\/#primaryimage","url":"https:\/\/fdasrl.it\/wp-content\/uploads\/2026\/03\/mungitrice-per-pecora-e-capra-otto-gruppi-a-bagno-olio-vista-sinistra.webp","contentUrl":"https:\/\/fdasrl.it\/wp-content\/uploads\/2026\/03\/mungitrice-per-pecora-e-capra-otto-gruppi-a-bagno-olio-vista-sinistra.webp","width":2048,"height":2048,"caption":"Seitenansicht der Melkmaschine mit acht Melkzeugen f\u00fcr Ziegen und Schafe."},{"@type":"BreadcrumbList","@id":"https:\/\/fdasrl.it\/de\/prodotto\/fahrbare-melkmaschine-fa27032-fuer-ziegen-und-schafe-mit-8-melkzeugen-und-oelbadvakuumpumpe\/#breadcrumb","itemListElement":[{"@type":"ListItem","position":1,"name":"Home","item":"https:\/\/fdasrl.it\/de\/startseite\/"},{"@type":"ListItem","position":2,"name":"Shop","item":"https:\/\/fdasrl.it\/de\/shop\/"},{"@type":"ListItem","position":3,"name":"Fahrbare Melkmaschine FA27032 f\u00fcr Ziegen und Schafe mit 8 Melkzeugen und \u00d6lbadvakuumpumpe"}]},{"@type":"WebSite","@id":"https:\/\/fdasrl.it\/de\/#website","url":"https:\/\/fdasrl.it\/de\/","name":"FDA srl","description":"Equipment for animal husbandry","publisher":{"@id":"https:\/\/fdasrl.it\/de\/#organization"},"potentialAction":[{"@type":"SearchAction","target":{"@type":"EntryPoint","urlTemplate":"https:\/\/fdasrl.it\/de\/?s={search_term_string}"},"query-input":{"@type":"PropertyValueSpecification","valueRequired":true,"valueName":"search_term_string"}}],"inLanguage":"de"},{"@type":"Organization","@id":"https:\/\/fdasrl.it\/de\/#organization","name":"FDA srl","url":"https:\/\/fdasrl.it\/de\/","logo":{"@type":"ImageObject","inLanguage":"de","@id":"https:\/\/fdasrl.it\/de\/#\/schema\/logo\/image\/","url":"https:\/\/fdasrl.it\/wp-content\/uploads\/2024\/12\/Logo-FDA.png","contentUrl":"https:\/\/fdasrl.it\/wp-content\/uploads\/2024\/12\/Logo-FDA.png","width":316,"height":119,"caption":"FDA srl"},"image":{"@id":"https:\/\/fdasrl.it\/de\/#\/schema\/logo\/image\/"},"sameAs":["https:\/\/www.facebook.com\/share\/1MWhFWg1Tp\/?mibextid=LQQJ4d","https:\/\/www.instagram.com\/fda_srl\/profilecard\/?igsh=YW5lbzJ6MWg0d21u","https:\/\/www.youtube.com\/@FDASRL_ANIMALCARE"],"description":"FDA SRL \u2013 Equipment for animal husbandry nasce con l\u2019obiettivo di offrire soluzioni affidabili e innovative per l\u2019allevamento moderno. Con anni di esperienza nel settore zootecnico, progettiamo e realizziamo attrezzature destinate al benessere animale e alla gestione efficiente delle stalle: vasche, abbeveratoi, mangiatoie e sistemi di riscaldamento pensati per durare nel tempo e semplificare il lavoro quotidiano degli allevatori. Dalla progettazione alla produzione, ogni nostro prodotto \u00e8 studiato nei minimi dettagli, testato con cura e costruito per rispondere alle esigenze reali del settore. La nostra forza \u00e8 unire artigianalit\u00e0, tecnologia e competenza tecnica per trasformare ogni progetto in una soluzione concreta e funzionale. Oggi FDA SRL \u00e8 un punto di riferimento per privati e rivenditori che cercano qualit\u00e0, affidabilit\u00e0 e innovazione nelle attrezzature per l\u2019allevamento.","email":"info@fdasrl.it","telephone":"+390522826820","legalName":"F.D.A. SRL","foundingDate":"2024-10-13","vatID":"03075840359","taxID":"03075840359","numberOfEmployees":{"@type":"QuantitativeValue","minValue":"1","maxValue":"10"}}]},"product_price_currency":"EUR","og_availability":"instock","product_availability":"instock","product_retailer_item_id":"FA27032","product_condition":"new"},"_links":{"self":[{"href":"https:\/\/fdasrl.it\/de\/wp-json\/wp\/v2\/product\/2149","targetHints":{"allow":["GET"]}}],"collection":[{"href":"https:\/\/fdasrl.it\/de\/wp-json\/wp\/v2\/product"}],"about":[{"href":"https:\/\/fdasrl.it\/de\/wp-json\/wp\/v2\/types\/product"}],"replies":[{"embeddable":true,"href":"https:\/\/fdasrl.it\/de\/wp-json\/wp\/v2\/comments?post=2149"}],"wp:featuredmedia":[{"embeddable":true,"href":"https:\/\/fdasrl.it\/de\/wp-json\/wp\/v2\/media\/1148"}],"wp:attachment":[{"href":"https:\/\/fdasrl.it\/de\/wp-json\/wp\/v2\/media?parent=2149"}],"wp:term":[{"taxonomy":"product_brand","embeddable":true,"href":"https:\/\/fdasrl.it\/de\/wp-json\/wp\/v2\/product_brand?post=2149"},{"taxonomy":"product_cat","embeddable":true,"href":"https:\/\/fdasrl.it\/de\/wp-json\/wp\/v2\/product_cat?post=2149"},{"taxonomy":"product_tag","embeddable":true,"href":"https:\/\/fdasrl.it\/de\/wp-json\/wp\/v2\/product_tag?post=2149"}],"curies":[{"name":"wp","href":"https:\/\/api.w.org\/{rel}","templated":true}]}}